{"id":411,"date":"2019-05-14T16:27:50","date_gmt":"2019-05-14T16:27:50","guid":{"rendered":"https:\/\/thingstodoinamsterdam.com\/?page_id=411"},"modified":"2019-11-26T00:14:46","modified_gmt":"2019-11-25T23:14:46","slug":"coffee-shops-a-amsterdam","status":"publish","type":"page","link":"https:\/\/thingstodoinamsterdam.com\/fr\/coffee-shops-a-amsterdam\/","title":{"rendered":"Coffee shops \u00e0 Amsterdam"},"content":{"rendered":"<div class=\"wpb-content-wrapper\"><p>[vc_row][vc_column][vc_column_text]Bien que de nombreux habitants souhaitent une vision plus sophistiqu\u00e9e de la ville, Amsterdam est tr\u00e8s\u00a0connue pour ses id\u00e9es lib\u00e9rales sur la drogue et la prostitution.<\/p><div id=\"ez-toc-container\" class=\"ez-toc-v2_0_82_2 counter-hierarchy ez-toc-counter ez-toc-custom ez-toc-container-direction\">\n<div class=\"ez-toc-title-container\">\n<span class=\"ez-toc-title-toggle\"><a href=\"#\" class=\"ez-toc-pull-right ez-toc-btn ez-toc-btn-xs ez-toc-btn-default ez-toc-toggle\" aria-label=\"Toggle Table of Content\"><span class=\"ez-toc-js-icon-con\"><span class=\"\"><span class=\"eztoc-hide\" style=\"display:none;\">Toggle<\/span><span class=\"ez-toc-icon-toggle-span\"><svg style=\"fill: #999;color:#999\" xmlns=\"http:\/\/www.w3.org\/2000\/svg\" class=\"list-377408\" width=\"20px\" height=\"20px\" viewBox=\"0 0 24 24\" fill=\"none\"><path d=\"M6 6H4v2h2V6zm14 0H8v2h12V6zM4 11h2v2H4v-2zm16 0H8v2h12v-2zM4 16h2v2H4v-2zm16 0H8v2h12v-2z\" fill=\"currentColor\"><\/path><\/svg><svg style=\"fill: #999;color:#999\" class=\"arrow-unsorted-368013\" xmlns=\"http:\/\/www.w3.org\/2000\/svg\" width=\"10px\" height=\"10px\" viewBox=\"0 0 24 24\" version=\"1.2\" baseProfile=\"tiny\"><path d=\"M18.2 9.3l-6.2-6.3-6.2 6.3c-.2.2-.3.4-.3.7s.1.5.3.7c.2.2.4.3.7.3h11c.3 0 .5-.1.7-.3.2-.2.3-.5.3-.7s-.1-.5-.3-.7zM5.8 14.7l6.2 6.3 6.2-6.3c.2-.2.3-.5.3-.7s-.1-.5-.3-.7c-.2-.2-.4-.3-.7-.3h-11c-.3 0-.5.1-.7.3-.2.2-.3.5-.3.7s.1.5.3.7z\"\/><\/svg><\/span><\/span><\/span><\/a><\/span><\/div>\n<nav><ul class='ez-toc-list ez-toc-list-level-1 ' ><li class='ez-toc-page-1 ez-toc-heading-level-2'><a class=\"ez-toc-link ez-toc-heading-1\" href=\"https:\/\/thingstodoinamsterdam.com\/fr\/coffee-shops-a-amsterdam\/#produits-vendus-dans-les-coffee-shops-a-amsterdam\" >Produits vendus dans les coffee shops \u00e0 Amsterdam<\/a><\/li><li class='ez-toc-page-1 ez-toc-heading-level-2'><a class=\"ez-toc-link ez-toc-heading-2\" href=\"https:\/\/thingstodoinamsterdam.com\/fr\/coffee-shops-a-amsterdam\/#est-ce-legal-pour-un-etranger-dacheter-de-la-weed-dans-un-coffee-shop-a-amsterdam\" >Est-ce l\u00e9gal pour un \u00e9tranger d&#8217;acheter de la weed dans un coffee shop \u00e0 Amsterdam ?<\/a><\/li><\/ul><\/nav><\/div>\n\n<p>La plupart des coffee shops d\u2019Amsterdam ne sont pas r\u00e9put\u00e9s pour vendre du caf\u00e9 mais plut\u00f4t pour vendre un excellent cannabis. Oui, \u00e0 Amsterdam l&#8217;achat et la consommation de marijuana sont tol\u00e9r\u00e9s.<\/p>\n<p><strong>Attention<\/strong> : sachez que la marijuana vendue dans les caf\u00e9s est beaucoup plus puissante (au moins deux fois plus forte) que partout ailleurs dans le monde. Nous vous recommandons d&#8217;\u00eatre vigilant ! Si vous souhaitez essayer, nous vous conseillons de commencer par de la weed et du hashisch l\u00e9gers.<br \/>\nBien s\u00fbr, demandez conseil au vendeur pour savoir quoi acheter !<\/p>\n<p>Dans beaucoup de pays, on observe que la r\u00e9glementation sur l&#8217;usage du cannabis s&#8217;assouplit. \u00c0 Amsterdam les coffee shops sont officiellement tol\u00e9r\u00e9s depuis les ann\u00e9es 1970 et la vente de marijuana est autoris\u00e9e pour les personnes \u00e2g\u00e9es de 18 ans au moins (21 ans dans certains coffee shops), avec une carte d&#8217;identit\u00e9 valide.<\/p>\n<p><strong><span style=\"text-decoration: underline;\">Qu&#8217;est-ce qui est autoris\u00e9 \u00e0 Amsterdam<\/span> ?<\/strong><\/p>\n<ul>\n<li><strong>La possession de marijuana (weed\/hash), mais elle\u00a0ne doit pas d\u00e9passer 5 grammes.<\/strong><\/li>\n<li><strong>Acheter et fumer de la marijuana dans les coffee shops.\u00a0<\/strong><\/li>\n<li><strong>Fumer de la marijuana dans la rue et les lieux publics tant que cela ne cr\u00e9ait aucune nuisance.<\/strong>\u00a0Veuillez garder en t\u00eate que m\u00eame si cette activit\u00e9 est l\u00e9gale, elle n&#8217;est pas appr\u00e9ci\u00e9e de tous. Si vous souhaitez fumer, faites-le dans un endroit appropri\u00e9 et veillez \u00e0 ce que cela ne g\u00eane personne.<\/li>\n<\/ul>\n<p><span style=\"text-decoration: underline;\"><strong>Qu&#8217;est-ce qui n&#8217;est pas autoris\u00e9 \u00e0 Amsterdam<\/strong><\/span><strong> ?<\/strong><span style=\"text-decoration: underline;\"><strong><a href=\"https:\/\/thingstodoinamsterdam.com\/wp-content\/uploads\/2019\/07\/no-marijuana-sign.jpg\" rel=\"attachment wp-att-444\"><img decoding=\"async\" class=\"size-full wp-image-444 alignright\" src=\"https:\/\/thingstodoinamsterdam.com\/wp-content\/uploads\/2019\/07\/no-marijuana-sign.jpg\" alt=\"no marijuana sign\" width=\"223\" height=\"263\" \/><\/a><\/strong><\/span><\/p>\n<ul>\n<li><strong>Fumer de la marijuana dans les aires de jeux pour enfants et les \u00e9coles<\/strong>.<\/li>\n<li><strong>Fumer de la marijuana dans certains lieux; il y a des panneaux de signalisation qui indiquent les lieux interdits \u00e0 la consommation de marijuana.<\/strong><\/li>\n<li><b>Conduire sous l&#8217;emprise de stup\u00e9fiants (v\u00e9lo inclus)<\/b><\/li>\n<li><strong>Acheter de la drogue dans la rue. <\/strong>C&#8217;est ill\u00e9gal et dangereux. Vous ne savez jamais vraiment ce que vous achetez. En 2015 de nombreux touristes ont \u00e9t\u00e9 hospitalis\u00e9s pour avoir achet\u00e9 de l&#8217;h\u00e9ro\u00efne blanche, alors qu&#8217;ils pensaient acheter de la coca\u00efne. Et malheureusement certains d&#8217;entre eux ont perdu la vie.<\/li>\n<li><strong>\u00catre en possession de drogues dures.<\/strong><\/li>\n<\/ul>\n<p>&nbsp;<\/p>\n<p>[\/vc_column_text][button title=&#8221;Visite \u00e0 pied \u00e0 la d\u00e9couverte du cannabis&#8221; link=&#8221;https:\/\/thingstodoinamsterdam.com\/ticketlinkfr-coffeeshoptour-gyg-std&#8221; nofollow=&#8221;true&#8221; el_id=&#8221;1574723050107-56167e49-2acb&#8221;][vc_column_text]<\/p>\n<h2><span class=\"ez-toc-section\" id=\"produits-vendus-dans-les-coffee-shops-a-amsterdam\"><\/span>Produits vendus dans les coffee shops \u00e0 Amsterdam<span class=\"ez-toc-section-end\"><\/span><\/h2>\n<p>Comme la plupart des magasins, les coffee shops ont tendance \u00e0 \u00eatre un peu plus chers dans le centre-ville. \u00c0 Amsterdam ils vendent g\u00e9n\u00e9ralement plusieurs types de marijuana et sous diff\u00e9rentes formes.<\/p>\n<p>Les coffee shops ont un menu avec les diff\u00e9rents types de marijuana, celle-ci est cultiv\u00e9e \u00e0 partir de diff\u00e9rentes plantes. Une plante peut \u00eatre beaucoup plus puissante que l&#8217;autre. En g\u00e9n\u00e9ral, plus la marijuana co\u00fbte cher, plus les effets sont puissants.<\/p>\n<p>Les diff\u00e9rentes formes :<\/p>\n<ul>\n<li>Weed<\/li>\n<li>Hash<\/li>\n<li>Joints pr\u00e9-roul\u00e9s<\/li>\n<li>Space cake \/ hash brownies<\/li>\n<\/ul>\n<h3>Weed &amp;\u00a0Hash<\/h3>\n<p>Vendus dans de nombreuses vari\u00e9t\u00e9s : variation du go\u00fbt et de la puissance.<\/p>\n<p>Habituellement vendus au gramme ou pr\u00e9d\u00e9coup\u00e9 dans des sachets en plastique pour un prix fixe. En g\u00e9n\u00e9ral, les prix vont de 7\u20ac \u00e0 15\u20ac par gramme. Occasionnellement le prix peut monter jusqu&#8217;\u00e0 50\u20ac par gramme pour une marijuana de tr\u00e8s haute qualit\u00e9 et est r\u00e9serv\u00e9e aux consommateurs exp\u00e9riment\u00e9s. Nous vous recommandons de commencer avec de la marijuana l\u00e9g\u00e8re.<\/p>\n<p>Si vous savez comment rouler un joint, nous vous conseillons d&#8217;acheter la marijuana dans les sachets en plastique. C&#8217;est moins cher qu&#8217;un joint pr\u00e9-roul\u00e9, et vous d\u00e9cidez de la quantit\u00e9 de marijuana, tabac&#8230; vous mettez dedans !<\/p>\n<h3>Joints pr\u00e9-roul\u00e9s<\/h3>\n<p>Si vous n&#8217;avez aucune id\u00e9e de comment rouler un joint et que vous n&#8217;avez personne avec vous qui sait le faire, vous pouvez toujours acheter un joint pr\u00e9-roul\u00e9. Nous vous recommandons de demander ce qu&#8217;il y a dans le joint, de quelle plante il s&#8217;agit, si elle est m\u00e9lang\u00e9e avec du tabac&#8230;<\/p>\n<p>Prenez votre temps pour fumer, ne vous pr\u00e9cipitez pas ! Commencez \u00e0 fumer et attendez un peu que les effets arrivent. Si vous vous sentez bien apr\u00e8s 10 15 minutes, continuez \u00e0 fumer si vous aimez \u00e7a.<\/p>\n<p>Un joint pr\u00e9-roul\u00e9 co\u00fbte entre 3 et 7\u20ac en g\u00e9n\u00e9ral.<\/p>\n<h3>Space cake \/ hash brownies<\/h3>\n<p>En fumant de la marijuana, les effets sont assez rapides, \u00e0 l&#8217;inverse si vous mangez des produits \u00e0 base de marijuana, les effets peuvent mettre un peu de temps avant d&#8217;\u00eatre remarqu\u00e9s. C&#8217;est donc important d&#8217;\u00eatre tr\u00e8s prudent ! C&#8217;est tr\u00e8s difficile de trouver la bonne dose, car les premiers effets peuvent mettre jusqu&#8217;\u00e0 90 minutes avant d&#8217;appara\u00eetre.<\/p>\n<p>Beaucoup de personnes commettent l&#8217;erreur et prennent plus que ce qu&#8217;il faut car ils pensent que cela ne fonctionne pas. Une fois que les effets se font sentir, ils peuvent \u00eatre accablants.<\/p>\n<h2><span class=\"ez-toc-section\" id=\"est-ce-legal-pour-un-etranger-dacheter-de-la-weed-dans-un-coffee-shop-a-amsterdam\"><\/span>Est-ce l\u00e9gal pour un \u00e9tranger d&#8217;acheter de la weed dans un coffee shop \u00e0 Amsterdam ?<span class=\"ez-toc-section-end\"><\/span><\/h2>\n<p>Si fumer de la marijuana est sur votre liste des <a href=\"https:\/\/thingstodoinamsterdam.com\/fr\/\">choses \u00e0 faire \u00e0 Amsterdam<\/a>, pas d&#8217;inqui\u00e9tude ! Vous pourrez le faire ! \u00c0 Amsterdam, les touristes ont toujours \u00e9t\u00e9 autoris\u00e9s \u00e0 acheter et consommer de la marijuana dans les coffee shops, et \u00e7a le sera probablement toujours !<\/p>\n<p>Fondamentalement, cela fait partie de la culture n\u00e9erlandaise et c&#8217;est l&#8217;une des raisons pour laquelle les gens visitent la ville.[\/vc_column_text][\/vc_column][\/vc_row]<\/p>\n<\/div>","protected":false},"excerpt":{"rendered":"<p>[vc_row][vc_column][vc_column_text]Bien que de nombreux habitants souhaitent une vision plus sophistiqu\u00e9e de la ville, Amsterdam est tr\u00e8s\u00a0connue pour ses id\u00e9es lib\u00e9rales sur la drogue et la\u2026<\/p>\n","protected":false},"author":1,"featured_media":1283,"parent":0,"menu_order":0,"comment_status":"closed","ping_status":"closed","template":"","meta":{"footnotes":""},"class_list":["post-411","page","type-page","status-publish","has-post-thumbnail","hentry"],"yoast_head":"<!-- This site is optimized with the Yoast SEO plugin v27.3 - https:\/\/yoast.com\/product\/yoast-seo-wordpress\/ -->\n<title>Coffee shops \u00e0 Amsterdam - ThingstodoinAmsterdam.com<\/title>\n<meta name=\"robots\" content=\"index, follow, max-snippet:-1, max-image-preview:large, max-video-preview:-1\" \/>\n<link rel=\"canonical\" href=\"https:\/\/thingstodoinamsterdam.com\/fr\/coffee-shops-a-amsterdam\/\" \/>\n<meta property=\"og:locale\" content=\"fr_FR\" \/>\n<meta property=\"og:type\" content=\"article\" \/>\n<meta property=\"og:title\" content=\"Coffee shops \u00e0 Amsterdam - ThingstodoinAmsterdam.com\" \/>\n<meta property=\"og:description\" content=\"[vc_row][vc_column][vc_column_text]Bien que de nombreux habitants souhaitent une vision plus sophistiqu\u00e9e de la ville, Amsterdam est tr\u00e8s\u00a0connue pour ses id\u00e9es lib\u00e9rales sur la drogue et la\u2026\" \/>\n<meta property=\"og:url\" content=\"https:\/\/thingstodoinamsterdam.com\/fr\/coffee-shops-a-amsterdam\/\" \/>\n<meta property=\"og:site_name\" content=\"ThingstodoinAmsterdam.com\" \/>\n<meta property=\"article:publisher\" content=\"https:\/\/www.facebook.com\/thingstodoinamsterdamcom\" \/>\n<meta property=\"article:modified_time\" content=\"2019-11-25T23:14:46+00:00\" \/>\n<meta property=\"og:image\" content=\"https:\/\/thingstodoinamsterdam.com\/wp-content\/uploads\/2019\/07\/coffeeshop-amsterdam-bulldog.jpg\" \/>\n\t<meta property=\"og:image:width\" content=\"300\" \/>\n\t<meta property=\"og:image:height\" content=\"300\" \/>\n\t<meta property=\"og:image:type\" content=\"image\/jpeg\" \/>\n<meta name=\"twitter:card\" content=\"summary_large_image\" \/>\n<meta name=\"twitter:label1\" content=\"Est. reading time\" \/>\n\t<meta name=\"twitter:data1\" content=\"5 minutes\" \/>\n<script type=\"application\/ld+json\" class=\"yoast-schema-graph\">{\"@context\":\"https:\\\/\\\/schema.org\",\"@graph\":[{\"@type\":\"WebPage\",\"@id\":\"https:\\\/\\\/thingstodoinamsterdam.com\\\/fr\\\/coffee-shops-a-amsterdam\\\/\",\"url\":\"https:\\\/\\\/thingstodoinamsterdam.com\\\/fr\\\/coffee-shops-a-amsterdam\\\/\",\"name\":\"Coffee shops \u00e0 Amsterdam - ThingstodoinAmsterdam.com\",\"isPartOf\":{\"@id\":\"https:\\\/\\\/thingstodoinamsterdam.com\\\/fr\\\/#website\"},\"primaryImageOfPage\":{\"@id\":\"https:\\\/\\\/thingstodoinamsterdam.com\\\/fr\\\/coffee-shops-a-amsterdam\\\/#primaryimage\"},\"image\":{\"@id\":\"https:\\\/\\\/thingstodoinamsterdam.com\\\/fr\\\/coffee-shops-a-amsterdam\\\/#primaryimage\"},\"thumbnailUrl\":\"https:\\\/\\\/thingstodoinamsterdam.com\\\/wp-content\\\/uploads\\\/2019\\\/07\\\/coffeeshop-amsterdam-bulldog.jpg\",\"datePublished\":\"2019-05-14T16:27:50+00:00\",\"dateModified\":\"2019-11-25T23:14:46+00:00\",\"breadcrumb\":{\"@id\":\"https:\\\/\\\/thingstodoinamsterdam.com\\\/fr\\\/coffee-shops-a-amsterdam\\\/#breadcrumb\"},\"inLanguage\":\"fr\",\"potentialAction\":[{\"@type\":\"ReadAction\",\"target\":[\"https:\\\/\\\/thingstodoinamsterdam.com\\\/fr\\\/coffee-shops-a-amsterdam\\\/\"]}]},{\"@type\":\"ImageObject\",\"inLanguage\":\"fr\",\"@id\":\"https:\\\/\\\/thingstodoinamsterdam.com\\\/fr\\\/coffee-shops-a-amsterdam\\\/#primaryimage\",\"url\":\"https:\\\/\\\/thingstodoinamsterdam.com\\\/wp-content\\\/uploads\\\/2019\\\/07\\\/coffeeshop-amsterdam-bulldog.jpg\",\"contentUrl\":\"https:\\\/\\\/thingstodoinamsterdam.com\\\/wp-content\\\/uploads\\\/2019\\\/07\\\/coffeeshop-amsterdam-bulldog.jpg\",\"width\":300,\"height\":300},{\"@type\":\"BreadcrumbList\",\"@id\":\"https:\\\/\\\/thingstodoinamsterdam.com\\\/fr\\\/coffee-shops-a-amsterdam\\\/#breadcrumb\",\"itemListElement\":[{\"@type\":\"ListItem\",\"position\":1,\"name\":\"Visiter Amsterdam\",\"item\":\"https:\\\/\\\/thingstodoinamsterdam.com\\\/fr\\\/\"},{\"@type\":\"ListItem\",\"position\":2,\"name\":\"Coffee shops \u00e0 Amsterdam\"}]},{\"@type\":\"WebSite\",\"@id\":\"https:\\\/\\\/thingstodoinamsterdam.com\\\/fr\\\/#website\",\"url\":\"https:\\\/\\\/thingstodoinamsterdam.com\\\/fr\\\/\",\"name\":\"ThingstodoinAmsterdam.com\",\"description\":\"Amsterdam&#039;s highlights and hidden secrets\",\"publisher\":{\"@id\":\"https:\\\/\\\/thingstodoinamsterdam.com\\\/fr\\\/#organization\"},\"potentialAction\":[{\"@type\":\"SearchAction\",\"target\":{\"@type\":\"EntryPoint\",\"urlTemplate\":\"https:\\\/\\\/thingstodoinamsterdam.com\\\/fr\\\/?s={search_term_string}\"},\"query-input\":{\"@type\":\"PropertyValueSpecification\",\"valueRequired\":true,\"valueName\":\"search_term_string\"}}],\"inLanguage\":\"fr\"},{\"@type\":\"Organization\",\"@id\":\"https:\\\/\\\/thingstodoinamsterdam.com\\\/fr\\\/#organization\",\"name\":\"Visiter Amsterdam\",\"url\":\"https:\\\/\\\/thingstodoinamsterdam.com\\\/fr\\\/\",\"logo\":{\"@type\":\"ImageObject\",\"inLanguage\":\"fr\",\"@id\":\"https:\\\/\\\/thingstodoinamsterdam.com\\\/fr\\\/#\\\/schema\\\/logo\\\/image\\\/\",\"url\":\"https:\\\/\\\/thingstodoinamsterdam.com\\\/wp-content\\\/uploads\\\/2025\\\/02\\\/ThingsToDoInAmsterdam-Favicon-logo.png\",\"contentUrl\":\"https:\\\/\\\/thingstodoinamsterdam.com\\\/wp-content\\\/uploads\\\/2025\\\/02\\\/ThingsToDoInAmsterdam-Favicon-logo.png\",\"width\":512,\"height\":512,\"caption\":\"Visiter Amsterdam\"},\"image\":{\"@id\":\"https:\\\/\\\/thingstodoinamsterdam.com\\\/fr\\\/#\\\/schema\\\/logo\\\/image\\\/\"},\"sameAs\":[\"https:\\\/\\\/www.facebook.com\\\/thingstodoinamsterdamcom\"]}]}<\/script>\n<!-- \/ Yoast SEO plugin. -->","yoast_head_json":{"title":"Coffee shops \u00e0 Amsterdam - ThingstodoinAmsterdam.com","robots":{"index":"index","follow":"follow","max-snippet":"max-snippet:-1","max-image-preview":"max-image-preview:large","max-video-preview":"max-video-preview:-1"},"canonical":"https:\/\/thingstodoinamsterdam.com\/fr\/coffee-shops-a-amsterdam\/","og_locale":"fr_FR","og_type":"article","og_title":"Coffee shops \u00e0 Amsterdam - ThingstodoinAmsterdam.com","og_description":"[vc_row][vc_column][vc_column_text]Bien que de nombreux habitants souhaitent une vision plus sophistiqu\u00e9e de la ville, Amsterdam est tr\u00e8s\u00a0connue pour ses id\u00e9es lib\u00e9rales sur la drogue et la\u2026","og_url":"https:\/\/thingstodoinamsterdam.com\/fr\/coffee-shops-a-amsterdam\/","og_site_name":"ThingstodoinAmsterdam.com","article_publisher":"https:\/\/www.facebook.com\/thingstodoinamsterdamcom","article_modified_time":"2019-11-25T23:14:46+00:00","og_image":[{"width":300,"height":300,"url":"https:\/\/thingstodoinamsterdam.com\/wp-content\/uploads\/2019\/07\/coffeeshop-amsterdam-bulldog.jpg","type":"image\/jpeg"}],"twitter_card":"summary_large_image","twitter_misc":{"Est. reading time":"5 minutes"},"schema":{"@context":"https:\/\/schema.org","@graph":[{"@type":"WebPage","@id":"https:\/\/thingstodoinamsterdam.com\/fr\/coffee-shops-a-amsterdam\/","url":"https:\/\/thingstodoinamsterdam.com\/fr\/coffee-shops-a-amsterdam\/","name":"Coffee shops \u00e0 Amsterdam - ThingstodoinAmsterdam.com","isPartOf":{"@id":"https:\/\/thingstodoinamsterdam.com\/fr\/#website"},"primaryImageOfPage":{"@id":"https:\/\/thingstodoinamsterdam.com\/fr\/coffee-shops-a-amsterdam\/#primaryimage"},"image":{"@id":"https:\/\/thingstodoinamsterdam.com\/fr\/coffee-shops-a-amsterdam\/#primaryimage"},"thumbnailUrl":"https:\/\/thingstodoinamsterdam.com\/wp-content\/uploads\/2019\/07\/coffeeshop-amsterdam-bulldog.jpg","datePublished":"2019-05-14T16:27:50+00:00","dateModified":"2019-11-25T23:14:46+00:00","breadcrumb":{"@id":"https:\/\/thingstodoinamsterdam.com\/fr\/coffee-shops-a-amsterdam\/#breadcrumb"},"inLanguage":"fr","potentialAction":[{"@type":"ReadAction","target":["https:\/\/thingstodoinamsterdam.com\/fr\/coffee-shops-a-amsterdam\/"]}]},{"@type":"ImageObject","inLanguage":"fr","@id":"https:\/\/thingstodoinamsterdam.com\/fr\/coffee-shops-a-amsterdam\/#primaryimage","url":"https:\/\/thingstodoinamsterdam.com\/wp-content\/uploads\/2019\/07\/coffeeshop-amsterdam-bulldog.jpg","contentUrl":"https:\/\/thingstodoinamsterdam.com\/wp-content\/uploads\/2019\/07\/coffeeshop-amsterdam-bulldog.jpg","width":300,"height":300},{"@type":"BreadcrumbList","@id":"https:\/\/thingstodoinamsterdam.com\/fr\/coffee-shops-a-amsterdam\/#breadcrumb","itemListElement":[{"@type":"ListItem","position":1,"name":"Visiter Amsterdam","item":"https:\/\/thingstodoinamsterdam.com\/fr\/"},{"@type":"ListItem","position":2,"name":"Coffee shops \u00e0 Amsterdam"}]},{"@type":"WebSite","@id":"https:\/\/thingstodoinamsterdam.com\/fr\/#website","url":"https:\/\/thingstodoinamsterdam.com\/fr\/","name":"ThingstodoinAmsterdam.com","description":"Amsterdam&#039;s highlights and hidden secrets","publisher":{"@id":"https:\/\/thingstodoinamsterdam.com\/fr\/#organization"},"potentialAction":[{"@type":"SearchAction","target":{"@type":"EntryPoint","urlTemplate":"https:\/\/thingstodoinamsterdam.com\/fr\/?s={search_term_string}"},"query-input":{"@type":"PropertyValueSpecification","valueRequired":true,"valueName":"search_term_string"}}],"inLanguage":"fr"},{"@type":"Organization","@id":"https:\/\/thingstodoinamsterdam.com\/fr\/#organization","name":"Visiter Amsterdam","url":"https:\/\/thingstodoinamsterdam.com\/fr\/","logo":{"@type":"ImageObject","inLanguage":"fr","@id":"https:\/\/thingstodoinamsterdam.com\/fr\/#\/schema\/logo\/image\/","url":"https:\/\/thingstodoinamsterdam.com\/wp-content\/uploads\/2025\/02\/ThingsToDoInAmsterdam-Favicon-logo.png","contentUrl":"https:\/\/thingstodoinamsterdam.com\/wp-content\/uploads\/2025\/02\/ThingsToDoInAmsterdam-Favicon-logo.png","width":512,"height":512,"caption":"Visiter Amsterdam"},"image":{"@id":"https:\/\/thingstodoinamsterdam.com\/fr\/#\/schema\/logo\/image\/"},"sameAs":["https:\/\/www.facebook.com\/thingstodoinamsterdamcom"]}]}},"_links":{"self":[{"href":"https:\/\/thingstodoinamsterdam.com\/fr\/wp-json\/wp\/v2\/pages\/411","targetHints":{"allow":["GET"]}}],"collection":[{"href":"https:\/\/thingstodoinamsterdam.com\/fr\/wp-json\/wp\/v2\/pages"}],"about":[{"href":"https:\/\/thingstodoinamsterdam.com\/fr\/wp-json\/wp\/v2\/types\/page"}],"author":[{"embeddable":true,"href":"https:\/\/thingstodoinamsterdam.com\/fr\/wp-json\/wp\/v2\/users\/1"}],"replies":[{"embeddable":true,"href":"https:\/\/thingstodoinamsterdam.com\/fr\/wp-json\/wp\/v2\/comments?post=411"}],"version-history":[{"count":2,"href":"https:\/\/thingstodoinamsterdam.com\/fr\/wp-json\/wp\/v2\/pages\/411\/revisions"}],"predecessor-version":[{"id":4246,"href":"https:\/\/thingstodoinamsterdam.com\/fr\/wp-json\/wp\/v2\/pages\/411\/revisions\/4246"}],"wp:featuredmedia":[{"embeddable":true,"href":"https:\/\/thingstodoinamsterdam.com\/fr\/wp-json\/wp\/v2\/media\/1283"}],"wp:attachment":[{"href":"https:\/\/thingstodoinamsterdam.com\/fr\/wp-json\/wp\/v2\/media?parent=411"}],"curies":[{"name":"wp","href":"https:\/\/api.w.org\/{rel}","templated":true}]}}