{"id":416,"date":"2019-05-16T09:27:40","date_gmt":"2019-05-16T09:27:40","guid":{"rendered":"https:\/\/thingstodoinamsterdam.com\/?page_id=416"},"modified":"2025-05-30T15:18:47","modified_gmt":"2025-05-30T13:18:47","slug":"la-maison-danne-frank","status":"publish","type":"page","link":"https:\/\/thingstodoinamsterdam.com\/fr\/musees-amsterdam\/la-maison-danne-frank\/","title":{"rendered":"La Maison d&#8217;Anne Frank"},"content":{"rendered":"<div class=\"wpb-content-wrapper\"><p>[vc_row][vc_column][vc_column_text]Le mus\u00e9e d&#8217;Anne Frank retrace la vie des r\u00e9fugi\u00e9s Juifs, forc\u00e9 de se cacher durant les horreurs de la Seconde Guerre Mondiale.<\/p><div id=\"ez-toc-container\" class=\"ez-toc-v2_0_82_2 counter-hierarchy ez-toc-counter ez-toc-custom ez-toc-container-direction\">\n<div class=\"ez-toc-title-container\">\n<span class=\"ez-toc-title-toggle\"><a href=\"#\" class=\"ez-toc-pull-right ez-toc-btn ez-toc-btn-xs ez-toc-btn-default ez-toc-toggle\" aria-label=\"Toggle Table of Content\"><span class=\"ez-toc-js-icon-con\"><span class=\"\"><span class=\"eztoc-hide\" style=\"display:none;\">Toggle<\/span><span class=\"ez-toc-icon-toggle-span\"><svg style=\"fill: #999;color:#999\" xmlns=\"http:\/\/www.w3.org\/2000\/svg\" class=\"list-377408\" width=\"20px\" height=\"20px\" viewBox=\"0 0 24 24\" fill=\"none\"><path d=\"M6 6H4v2h2V6zm14 0H8v2h12V6zM4 11h2v2H4v-2zm16 0H8v2h12v-2zM4 16h2v2H4v-2zm16 0H8v2h12v-2z\" fill=\"currentColor\"><\/path><\/svg><svg style=\"fill: #999;color:#999\" class=\"arrow-unsorted-368013\" xmlns=\"http:\/\/www.w3.org\/2000\/svg\" width=\"10px\" height=\"10px\" viewBox=\"0 0 24 24\" version=\"1.2\" baseProfile=\"tiny\"><path d=\"M18.2 9.3l-6.2-6.3-6.2 6.3c-.2.2-.3.4-.3.7s.1.5.3.7c.2.2.4.3.7.3h11c.3 0 .5-.1.7-.3.2-.2.3-.5.3-.7s-.1-.5-.3-.7zM5.8 14.7l6.2 6.3 6.2-6.3c.2-.2.3-.5.3-.7s-.1-.5-.3-.7c-.2-.2-.4-.3-.7-.3h-11c-.3 0-.5.1-.7.3-.2.2-.3.5-.3.7s.1.5.3.7z\"\/><\/svg><\/span><\/span><\/span><\/a><\/span><\/div>\n<nav><ul class='ez-toc-list ez-toc-list-level-1 ' ><li class='ez-toc-page-1 ez-toc-heading-level-2'><a class=\"ez-toc-link ez-toc-heading-1\" href=\"https:\/\/thingstodoinamsterdam.com\/fr\/musees-amsterdam\/la-maison-danne-frank\/#heures-douverture\" >Heures d&#8217;ouverture<\/a><\/li><li class='ez-toc-page-1 ez-toc-heading-level-2'><a class=\"ez-toc-link ez-toc-heading-2\" href=\"https:\/\/thingstodoinamsterdam.com\/fr\/musees-amsterdam\/la-maison-danne-frank\/#tarifs-et-billets\" >Tarifs et billets<\/a><\/li><\/ul><\/nav><\/div>\n\n<p>Tout au long de l&#8217;occupation\u00a0allemande les habitants du Quartier Juif d&#8217;Amsterdam ont \u00e9t\u00e9 d\u00e9port\u00e9s dans des camps de concentration. Alors que beaucoup de N\u00e9erlandais ont assist\u00e9 \u00e0 ces sc\u00e8nes, par peur des cons\u00e9quences, peu d&#8217;entre eux ont pris la d\u00e9fense du sort des Juifs et leur ont propos\u00e9 de se cacher.<\/p>\n<p>L&#8217;histoire d&#8217;Anne Frank retrace la vie d&#8217;une jeune fille Juive qui a grandi cach\u00e9 durant\u00a0la Seconde Guerre Mondiale, dans l&#8217;Annexe. L&#8217;Annexe \u00e9tant aujourd&#8217;hui appel\u00e9e la Maison d&#8217;Anne Frank, c&#8217;est\u00a0l\u00e0 o\u00f9 Anne Frank a \u00e9crit son journal, mondialement connu. Si vous\u00a0avez lu le Journal d&#8217;Anne Frank, ce\u00a0livre prendra\u00a0vie lors\u00a0de votre visite au mus\u00e9e.<\/p>\n<p>Regardez la vid\u00e9o ci-dessous pour avoir un aper\u00e7u de ce qui vous attend.[\/vc_column_text][button title=&#8221;Achetez d\u00e8s maintenant des billets pour la visite \u00e0 pied et l&#8217;entr\u00e9e \u00e0 la Maison d&#8217;Anne Frank sur Getyourguide.com&#8221; link=&#8221;https:\/\/thingstodoinamsterdam.com\/ticketlink-annefrankhouseandwalking-gyg-combi&#8221; icon=&#8221;&#8221; button_align=&#8221;center&#8221; target=&#8221;true&#8221; nofollow=&#8221;true&#8221; el_id=&#8221;1565686624677-ad12e2cd-3778&#8243;][button title=&#8221;R\u00e9server visite \u00e0 pied sur les traces d\u2019Anne Frank&#8221; link=&#8221;https:\/\/thingstodoinamsterdam.com\/ticketlinkfr-annefranktour-gyg-std&#8221; button_align=&#8221;center&#8221; target=&#8221;true&#8221; nofollow=&#8221;true&#8221; el_id=&#8221;1570089271958-532f5ebd-8630&#8243;][vc_video link=&#8221;https:\/\/youtu.be\/7o8jSbCanv0&#8243; align=&#8221;center&#8221;][vc_column_text]<\/p>\n<h2><span class=\"ez-toc-section\" id=\"heures-douverture\"><\/span>Heures d&#8217;ouverture<span class=\"ez-toc-section-end\"><\/span><\/h2>\n<p>La Maison d&#8217;Anne Frank est ouverte tous les jours de la semaine, toutefois les heures d&#8217;ouverture\u00a0diff\u00e8rent durant l&#8217;ann\u00e9e.<\/p>\n<table style=\"width: 100%;\">\n<tbody>\n<tr>\n<td>\u00a01 novembre &#8211; 1 avril<\/td>\n<td>\u00a009:00 &#8211; 19:00 \u00a0|| les samedis 22:00<\/td>\n<\/tr>\n<tr>\n<td>\u00a01 avril &#8211; 1 novembre<\/td>\n<td>\u00a009:00 &#8211; 21:00 \u00a0||<\/td>\n<\/tr>\n<\/tbody>\n<\/table>\n<p>[\/vc_column_text][button title=&#8221;R\u00e9server visite \u00e0 pied sur les traces d\u2019Anne Frank&#8221; link=&#8221;https:\/\/thingstodoinamsterdam.com\/ticketlinkfr-annefranktour-gyg-std&#8221; button_align=&#8221;center&#8221; target=&#8221;true&#8221; nofollow=&#8221;true&#8221; el_id=&#8221;1570089317680-8f466836-5a83&#8243;][button title=&#8221;Achetez d\u00e8s maintenant des billets pour la visite \u00e0 pied et l&#8217;entr\u00e9e \u00e0 la Maison d&#8217;Anne Frank sur Getyourguide.com&#8221; link=&#8221;https:\/\/thingstodoinamsterdam.com\/ticketlink-annefrankhouseandwalking-gyg-combi&#8221; icon=&#8221;&#8221; button_align=&#8221;center&#8221; target=&#8221;true&#8221; nofollow=&#8221;true&#8221; el_id=&#8221;1709886241617-8d7bf48f-818f&#8221;][vc_column_text]<\/p>\n<h2><span class=\"ez-toc-section\" id=\"tarifs-et-billets\"><\/span>Tarifs et billets<span class=\"ez-toc-section-end\"><\/span><\/h2>\n<p>En raison du succ\u00e8s de la Maison d&#8217;Anne Frank, le mus\u00e9e accueille\u00a0\u00e9norm\u00e9ment de visiteurs\u00a0chaque ann\u00e9e.<\/p>\n<p style=\"text-align: center;\"><strong>Le nombre de visiteurs est donc limit\u00e9 !!<\/strong><\/p>\n<p style=\"text-align: center;\"><strong>Sur le site officiel du mus\u00e9e de La Maison d&#8217;Anne Frank, 80% des billets sont lib\u00e9r\u00e9s exactement deux mois \u00e0 l&#8217;avance \u00e0 12 heures. Les 20% restants sont publi\u00e9s le jour m\u00eame \u00e0 9 heures.<\/strong><\/p>\n<p>Dans le cas o\u00f9 il n&#8217;y aurait aucune disponibilit\u00e9 lors de votre s\u00e9jour \u00e0 Amsterdam mais que vous souhaitez tout de m\u00eame en apprendre plus sur la ville d&#8217;Amsterdam durant la Seconde Guerre Mondiale, rendez-vous au <a href=\"https:\/\/thingstodoinamsterdam.com\/fr\/musees-amsterdam\/musee-resistance-amsterdam\/\">Mus\u00e9e de la R\u00e9sistance<\/a> et\/ou au <a href=\"https:\/\/thingstodoinamsterdam.com\/fr\/musees-amsterdam\/synagogue-portugaise\/\">Quartier Juif<\/a> .<\/p>\n<p>Tarifs<\/p>\n<table>\n<tbody>\n<tr>\n<td>Adultes<\/td>\n<td>16,00\u20ac<\/td>\n<\/tr>\n<tr>\n<td>Enfants\u00a0\u00e2g\u00e9s entre 10 et 17 ans<\/td>\n<td>7,00\u20ac<\/td>\n<\/tr>\n<tr>\n<td>Enfants de moins de 9 ans<\/td>\n<td>1,00\u20ac<\/td>\n<\/tr>\n<\/tbody>\n<\/table>\n<p>[\/vc_column_text][vc_column_text]La Maison d&#8217;Anne Frank est situ\u00e9e pr\u00e8s du Westerkerk sur le Prinsengracht, \u00e0 environ 10 minutes \u00e0 pied de Dam Square.<\/p>\n<p><strong>Adresse<\/strong><br \/>\nAnne Frank Museum<br \/>\nPrinsengracht 263-267<br \/>\n1016 GV Amsterdam<br \/>\n+31 (0)20 5567100<br \/>\n<a href=\"https:\/\/www.annefrank.org\/en\/\">https:\/\/www.annefrank.org\/en\/<\/a>[\/vc_column_text][g_map heading=&#8221;Anne Frank House Amsterdam sur Google Map&#8221; el_id=&#8221;1565687067726-a93ef7b3-dfe5&#8243;]<iframe style=\"border: 0;\" src=\"https:\/\/www.google.com\/maps\/embed?pb=!1m18!1m12!1m3!1d2435.7351938010897!2d4.881787815628408!3d52.375221454701254!2m3!1f0!2f0!3f0!3m2!1i1024!2i768!4f13.1!3m3!1m2!1s0x47c609c5213e1149%3A0xd49a5d653e635b0a!2sAnne+Frank+House!5e0!3m2!1sen!2snl!4v1460898785302\" width=\"600\" height=\"450\" frameborder=\"0\" allowfullscreen=\"allowfullscreen\"><\/iframe>[\/g_map][vc_column_text]<\/p>\n<h3>Transports publics<\/h3>\n<p>L&#8217;arr\u00eat le plus proche de la Maison d&#8217;Anne Frank est Westermarkt. Il y a de nombreux\u00a0trams et bus qui peuvent vous y amener.<\/p>\n<p>&nbsp;<\/p>\n<p><strong>Amsterdam Centraal Station<\/strong><\/p>\n<ul>\n<li>Tram 13, en direction de Geuzeveld, arr\u00eat \u00e0 Westermarkt<\/li>\n<li>Tram 14, en direction de Flevopark, arr\u00eat \u00e0 Westermarkt<\/li>\n<li>Tram 17, en direction de Osdorp Dijkgraafplein, arr\u00eat \u00e0 Westermarkt<\/li>\n<li>Bus 170, en direction de Uithoorn, arr\u00eat \u00e0 Westermarkt<\/li>\n<li>Bus 172, en direction de Kudelstaart, arr\u00eat \u00e0 Westermarkt<\/li>\n<li>Bus 174, en direction de Wilnis, arr\u00eat \u00e0 Westermarkt<\/li>\n<\/ul>\n<p><strong>Train station Amsterdam Sloterdijk<\/strong><br \/>\nRendez-vous \u00e0 Amsterdam Centraal Station et suivez les instructions ci-dessus.<\/p>\n<p><strong>Train station Amsterdam Amstel<\/strong><br \/>\nRendez-vous \u00e0 Amsterdam Centraal Station et suivez les instructions ci-dessus.<\/p>\n<p><strong>Train station Amsterdam Zuid WTC<\/strong><br \/>\nRendez-vous \u00e0 Amsterdam Centraal Station et suivez les instructions ci-dessus.<\/p>\n<p>&nbsp;<\/p>\n<p>Pour vous renseigner sur les temps de trajet actuels, vous pouvez utiliser le widget ci-dessous en fonction de votre position actuelle. Cette application vous aidera lorsque vous ne savez pas quel bus ou tram vous pouvez emprunter depuis votre position.<\/p>\n<p><a href=\"http:\/\/9292.nl\/en\/?to=amsterdam_anne-frank-huis\"><img decoding=\"async\" class=\"alignnone size-medium wp-image-3080\" src=\"https:\/\/thingstodoinamsterdam.com\/wp-content\/uploads\/2019\/07\/Button-Plan-mijn-OV-reis-EN-300x54.png\" alt=\"\" width=\"300\" height=\"54\" \/><\/a>[\/vc_column_text][vc_column_text css=&#8221;&#8221;]<\/p>\n<h3>Plus de choses \u00e0 faire<\/h3>\n<p><a href=\"https:\/\/thingstodoinamsterdam.com\/fr\/artis-zoo-amsterdam\/\">Artis Zoo<\/a><br \/>\n<a href=\"https:\/\/thingstodoinamsterdam.com\/fr\/musees-amsterdam\/amsterdam-dungeon\/\">Amsterdam Dungeon<\/a><br \/>\n<a href=\"https:\/\/thingstodoinamsterdam.com\/fr\/musees-amsterdam\/body-worlds-amsterdam\/\">BODY WORLDS Amsterdam<\/a><br \/>\n<a href=\"https:\/\/thingstodoinamsterdam.com\/fr\/croisiere-sur-les-canaux-amsterdam\/\">Croisi\u00e8re sur les canaux d&#8217;Amsterdam<\/a><br \/>\n<a href=\"https:\/\/thingstodoinamsterdam.com\/fr\/musees-amsterdam\/heineken-experience-amsterdam\/\">Heineken Experience<\/a><br \/>\n<a href=\"https:\/\/thingstodoinamsterdam.com\/fr\/ice-bar-amsterdam\/\">Ice Bar Amsterdam<\/a><br \/>\n<a href=\"https:\/\/thingstodoinamsterdam.com\/fr\/informations-pratiques\/la-carte-i-amsterdam-city-card\/\">I Amsterdam City Card<\/a><br \/>\n<a href=\"https:\/\/thingstodoinamsterdam.com\/fr\/this-is-holland-experience-en-5d\/\">THIS IS HOLLAND<\/a><br \/>\n<a href=\"https:\/\/thingstodoinamsterdam.com\/fr\/musees-amsterdam\/moco-museum\/\">Moco Museum<\/a><br \/>\n<a href=\"https:\/\/thingstodoinamsterdam.com\/fr\/madurodam-le-village-miniature\/\">Madurodam<\/a><br \/>\n<a href=\"https:\/\/thingstodoinamsterdam.com\/fr\/musees-amsterdam\/le-rijksmuseum\/\">Rijksmuseum<\/a><br \/>\n<a href=\"https:\/\/thingstodoinamsterdam.com\/fr\/musees-amsterdam\/le-musee-stedelijk\/\">Stedelijk Museum<\/a><br \/>\n<a href=\"https:\/\/thingstodoinamsterdam.com\/fr\/musees-amsterdam\/le-musee-des-tropiques\/\">Le mus\u00e9e des Tropiques<\/a>[\/vc_column_text][\/vc_column][\/vc_row][vc_row][vc_column][reviews heading=&#8221;Avis sur la Maison d&#8217;Anne Frank&#8221; description=&#8221;Nous sommes toujours int\u00e9ress\u00e9s en ce qui concerne les exp\u00e9riences de nos visiteurs. Dites-nous ce que vous en avez pens\u00e9 et aidez les autres voyageurs !&#8221; el_id=&#8221;1565687134071-ebc9b88c-168e&#8221;][\/reviews][vc_column_text]<\/p>\n<div class=\"vc_row wpb_row vc_row-fluid\">\n<div class=\"wpb_column vc_column_container vc_col-sm-12\">\n<div class=\"vc_column-inner\">\n<div class=\"wpb_wrapper\">\n<div class=\"wpb_text_column wpb_content_element \">\n<div class=\"wpb_wrapper\">\n<div class=\"vc_row wpb_row vc_row-fluid\">\n<div class=\"wpb_column vc_column_container vc_col-sm-12\">\n<div class=\"vc_column-inner\">\n<div class=\"wpb_wrapper\">\n<div class=\"wpb_text_column wpb_content_element \">\n<div class=\"wpb_wrapper\">\n<p><strong>Jetez un oeil \u00e0 l\u2019un des mus\u00e9es ci-dessous ou revenez \u00e0 la page g\u00e9n\u00e9rale concernant <a href=\"https:\/\/thingstodoinamsterdam.com\/fr\/musees-amsterdam\/\">les mus\u00e9es d\u2019Amsterdam<\/a>.<\/strong><\/p>\n<\/div>\n<\/div>\n<\/div>\n<\/div>\n<\/div>\n<\/div>\n<\/div>\n<\/div>\n<\/div>\n<\/div>\n<\/div>\n<\/div>\n<p>[\/vc_column_text][\/vc_column][\/vc_row][vc_row][vc_column][promo_block style_var=&#8221;style2&#8243; el_id=&#8221;1565687174741-587a3e03-43fc&#8221;][promo link=&#8221;url:https%3A%2F%2Fthingstodoinamsterdam.com%2Ffr%2Fmusees-amsterdam%2Fle-rijksmuseum%2F|title:Rijksmuseum||&#8221; text=&#8221;Venez d\u00e9couvrir le Night Watch de Rembrandt.&#8221; img=&#8221;1090&#8243;][promo link=&#8221;url:https%3A%2F%2Fthingstodoinamsterdam.com%2Ffr%2Fmusees-amsterdam%2Fle-musee-stedelijk%2F|title:Stedelijk%20Museum||&#8221; text=&#8221;Le lieu o\u00f9 l\u2019art moderne et contemporain prend vie.&#8221; img=&#8221;1675&#8243;][promo link=&#8221;url:https%3A%2F%2Fthingstodoinamsterdam.com%2Ffr%2Fmusees-amsterdam%2Fle-musee-van-gogh%2F|title:Van%20Gogh%20Museum||&#8221; text=&#8221;Venez observer la plus grande collection d\u2019oeuvres d\u2019art de Vincent Van Gogh.&#8221; img=&#8221;592&#8243;][\/promo_block][\/vc_column][\/vc_row]<\/p>\n<\/div>","protected":false},"excerpt":{"rendered":"<p>[vc_row][vc_column][vc_column_text]Le mus\u00e9e d&#8217;Anne Frank retrace la vie des r\u00e9fugi\u00e9s Juifs, forc\u00e9 de se cacher durant les horreurs de la Seconde Guerre Mondiale. Tout au long\u2026<\/p>\n","protected":false},"author":20,"featured_media":2090,"parent":417,"menu_order":0,"comment_status":"closed","ping_status":"closed","template":"","meta":{"footnotes":""},"class_list":["post-416","page","type-page","status-publish","has-post-thumbnail","hentry"],"yoast_head":"<!-- This site is optimized with the Yoast SEO plugin v27.3 - https:\/\/yoast.com\/product\/yoast-seo-wordpress\/ -->\n<title>La Maison d&#039;Anne Frank - r\u00e9servation en ligne - informations - avis<\/title>\n<meta name=\"description\" content=\"Venez en apprendre plus sur l&#039;histoire d&#039;Anne Frank et visitez l&#039;Annexe, le lieu o\u00f9 elle a v\u00e9cu et \u00e9crit son journal pendant la Seconde Guerre Mondiale.\" \/>\n<meta name=\"robots\" content=\"index, follow, max-snippet:-1, max-image-preview:large, max-video-preview:-1\" \/>\n<link rel=\"canonical\" href=\"https:\/\/thingstodoinamsterdam.com\/fr\/musees-amsterdam\/la-maison-danne-frank\/\" \/>\n<meta property=\"og:locale\" content=\"fr_FR\" \/>\n<meta property=\"og:type\" content=\"article\" \/>\n<meta property=\"og:title\" content=\"La Maison d&#039;Anne Frank - r\u00e9servation en ligne - informations - avis\" \/>\n<meta property=\"og:description\" content=\"Venez en apprendre plus sur l&#039;histoire d&#039;Anne Frank et visitez l&#039;Annexe, le lieu o\u00f9 elle a v\u00e9cu et \u00e9crit son journal pendant la Seconde Guerre Mondiale.\" \/>\n<meta property=\"og:url\" content=\"https:\/\/thingstodoinamsterdam.com\/fr\/musees-amsterdam\/la-maison-danne-frank\/\" \/>\n<meta property=\"og:site_name\" content=\"ThingstodoinAmsterdam.com\" \/>\n<meta property=\"article:publisher\" content=\"https:\/\/www.facebook.com\/thingstodoinamsterdamcom\" \/>\n<meta property=\"article:modified_time\" content=\"2025-05-30T13:18:47+00:00\" \/>\n<meta property=\"og:image\" content=\"https:\/\/thingstodoinamsterdam.com\/wp-content\/uploads\/2019\/08\/anne-frank.jpg\" \/>\n\t<meta property=\"og:image:width\" content=\"240\" \/>\n\t<meta property=\"og:image:height\" content=\"237\" \/>\n\t<meta property=\"og:image:type\" content=\"image\/jpeg\" \/>\n<meta name=\"twitter:card\" content=\"summary_large_image\" \/>\n<meta name=\"twitter:label1\" content=\"Est. reading time\" \/>\n\t<meta name=\"twitter:data1\" content=\"5 minutes\" \/>\n<script type=\"application\/ld+json\" class=\"yoast-schema-graph\">{\"@context\":\"https:\\\/\\\/schema.org\",\"@graph\":[{\"@type\":\"WebPage\",\"@id\":\"https:\\\/\\\/thingstodoinamsterdam.com\\\/fr\\\/musees-amsterdam\\\/la-maison-danne-frank\\\/\",\"url\":\"https:\\\/\\\/thingstodoinamsterdam.com\\\/fr\\\/musees-amsterdam\\\/la-maison-danne-frank\\\/\",\"name\":\"La Maison d'Anne Frank - r\u00e9servation en ligne - informations - avis\",\"isPartOf\":{\"@id\":\"https:\\\/\\\/thingstodoinamsterdam.com\\\/fr\\\/#website\"},\"primaryImageOfPage\":{\"@id\":\"https:\\\/\\\/thingstodoinamsterdam.com\\\/fr\\\/musees-amsterdam\\\/la-maison-danne-frank\\\/#primaryimage\"},\"image\":{\"@id\":\"https:\\\/\\\/thingstodoinamsterdam.com\\\/fr\\\/musees-amsterdam\\\/la-maison-danne-frank\\\/#primaryimage\"},\"thumbnailUrl\":\"https:\\\/\\\/thingstodoinamsterdam.com\\\/wp-content\\\/uploads\\\/2019\\\/08\\\/anne-frank.jpg\",\"datePublished\":\"2019-05-16T09:27:40+00:00\",\"dateModified\":\"2025-05-30T13:18:47+00:00\",\"description\":\"Venez en apprendre plus sur l'histoire d'Anne Frank et visitez l'Annexe, le lieu o\u00f9 elle a v\u00e9cu et \u00e9crit son journal pendant la Seconde Guerre Mondiale.\",\"breadcrumb\":{\"@id\":\"https:\\\/\\\/thingstodoinamsterdam.com\\\/fr\\\/musees-amsterdam\\\/la-maison-danne-frank\\\/#breadcrumb\"},\"inLanguage\":\"fr\",\"potentialAction\":[{\"@type\":\"ReadAction\",\"target\":[\"https:\\\/\\\/thingstodoinamsterdam.com\\\/fr\\\/musees-amsterdam\\\/la-maison-danne-frank\\\/\"]}]},{\"@type\":\"ImageObject\",\"inLanguage\":\"fr\",\"@id\":\"https:\\\/\\\/thingstodoinamsterdam.com\\\/fr\\\/musees-amsterdam\\\/la-maison-danne-frank\\\/#primaryimage\",\"url\":\"https:\\\/\\\/thingstodoinamsterdam.com\\\/wp-content\\\/uploads\\\/2019\\\/08\\\/anne-frank.jpg\",\"contentUrl\":\"https:\\\/\\\/thingstodoinamsterdam.com\\\/wp-content\\\/uploads\\\/2019\\\/08\\\/anne-frank.jpg\",\"width\":240,\"height\":237},{\"@type\":\"BreadcrumbList\",\"@id\":\"https:\\\/\\\/thingstodoinamsterdam.com\\\/fr\\\/musees-amsterdam\\\/la-maison-danne-frank\\\/#breadcrumb\",\"itemListElement\":[{\"@type\":\"ListItem\",\"position\":1,\"name\":\"Visiter Amsterdam\",\"item\":\"https:\\\/\\\/thingstodoinamsterdam.com\\\/fr\\\/\"},{\"@type\":\"ListItem\",\"position\":2,\"name\":\"Mus\u00e9es \u00e0 Amsterdam\",\"item\":\"https:\\\/\\\/thingstodoinamsterdam.com\\\/fr\\\/musees-amsterdam\\\/\"},{\"@type\":\"ListItem\",\"position\":3,\"name\":\"La Maison d&#8217;Anne Frank\"}]},{\"@type\":\"WebSite\",\"@id\":\"https:\\\/\\\/thingstodoinamsterdam.com\\\/fr\\\/#website\",\"url\":\"https:\\\/\\\/thingstodoinamsterdam.com\\\/fr\\\/\",\"name\":\"ThingstodoinAmsterdam.com\",\"description\":\"Amsterdam&#039;s highlights and hidden secrets\",\"publisher\":{\"@id\":\"https:\\\/\\\/thingstodoinamsterdam.com\\\/fr\\\/#organization\"},\"potentialAction\":[{\"@type\":\"SearchAction\",\"target\":{\"@type\":\"EntryPoint\",\"urlTemplate\":\"https:\\\/\\\/thingstodoinamsterdam.com\\\/fr\\\/?s={search_term_string}\"},\"query-input\":{\"@type\":\"PropertyValueSpecification\",\"valueRequired\":true,\"valueName\":\"search_term_string\"}}],\"inLanguage\":\"fr\"},{\"@type\":\"Organization\",\"@id\":\"https:\\\/\\\/thingstodoinamsterdam.com\\\/fr\\\/#organization\",\"name\":\"Visiter Amsterdam\",\"url\":\"https:\\\/\\\/thingstodoinamsterdam.com\\\/fr\\\/\",\"logo\":{\"@type\":\"ImageObject\",\"inLanguage\":\"fr\",\"@id\":\"https:\\\/\\\/thingstodoinamsterdam.com\\\/fr\\\/#\\\/schema\\\/logo\\\/image\\\/\",\"url\":\"https:\\\/\\\/thingstodoinamsterdam.com\\\/wp-content\\\/uploads\\\/2025\\\/02\\\/ThingsToDoInAmsterdam-Favicon-logo.png\",\"contentUrl\":\"https:\\\/\\\/thingstodoinamsterdam.com\\\/wp-content\\\/uploads\\\/2025\\\/02\\\/ThingsToDoInAmsterdam-Favicon-logo.png\",\"width\":512,\"height\":512,\"caption\":\"Visiter Amsterdam\"},\"image\":{\"@id\":\"https:\\\/\\\/thingstodoinamsterdam.com\\\/fr\\\/#\\\/schema\\\/logo\\\/image\\\/\"},\"sameAs\":[\"https:\\\/\\\/www.facebook.com\\\/thingstodoinamsterdamcom\"]}]}<\/script>\n<!-- \/ Yoast SEO plugin. -->","yoast_head_json":{"title":"La Maison d'Anne Frank - r\u00e9servation en ligne - informations - avis","description":"Venez en apprendre plus sur l'histoire d'Anne Frank et visitez l'Annexe, le lieu o\u00f9 elle a v\u00e9cu et \u00e9crit son journal pendant la Seconde Guerre Mondiale.","robots":{"index":"index","follow":"follow","max-snippet":"max-snippet:-1","max-image-preview":"max-image-preview:large","max-video-preview":"max-video-preview:-1"},"canonical":"https:\/\/thingstodoinamsterdam.com\/fr\/musees-amsterdam\/la-maison-danne-frank\/","og_locale":"fr_FR","og_type":"article","og_title":"La Maison d'Anne Frank - r\u00e9servation en ligne - informations - avis","og_description":"Venez en apprendre plus sur l'histoire d'Anne Frank et visitez l'Annexe, le lieu o\u00f9 elle a v\u00e9cu et \u00e9crit son journal pendant la Seconde Guerre Mondiale.","og_url":"https:\/\/thingstodoinamsterdam.com\/fr\/musees-amsterdam\/la-maison-danne-frank\/","og_site_name":"ThingstodoinAmsterdam.com","article_publisher":"https:\/\/www.facebook.com\/thingstodoinamsterdamcom","article_modified_time":"2025-05-30T13:18:47+00:00","og_image":[{"width":240,"height":237,"url":"https:\/\/thingstodoinamsterdam.com\/wp-content\/uploads\/2019\/08\/anne-frank.jpg","type":"image\/jpeg"}],"twitter_card":"summary_large_image","twitter_misc":{"Est. reading time":"5 minutes"},"schema":{"@context":"https:\/\/schema.org","@graph":[{"@type":"WebPage","@id":"https:\/\/thingstodoinamsterdam.com\/fr\/musees-amsterdam\/la-maison-danne-frank\/","url":"https:\/\/thingstodoinamsterdam.com\/fr\/musees-amsterdam\/la-maison-danne-frank\/","name":"La Maison d'Anne Frank - r\u00e9servation en ligne - informations - avis","isPartOf":{"@id":"https:\/\/thingstodoinamsterdam.com\/fr\/#website"},"primaryImageOfPage":{"@id":"https:\/\/thingstodoinamsterdam.com\/fr\/musees-amsterdam\/la-maison-danne-frank\/#primaryimage"},"image":{"@id":"https:\/\/thingstodoinamsterdam.com\/fr\/musees-amsterdam\/la-maison-danne-frank\/#primaryimage"},"thumbnailUrl":"https:\/\/thingstodoinamsterdam.com\/wp-content\/uploads\/2019\/08\/anne-frank.jpg","datePublished":"2019-05-16T09:27:40+00:00","dateModified":"2025-05-30T13:18:47+00:00","description":"Venez en apprendre plus sur l'histoire d'Anne Frank et visitez l'Annexe, le lieu o\u00f9 elle a v\u00e9cu et \u00e9crit son journal pendant la Seconde Guerre Mondiale.","breadcrumb":{"@id":"https:\/\/thingstodoinamsterdam.com\/fr\/musees-amsterdam\/la-maison-danne-frank\/#breadcrumb"},"inLanguage":"fr","potentialAction":[{"@type":"ReadAction","target":["https:\/\/thingstodoinamsterdam.com\/fr\/musees-amsterdam\/la-maison-danne-frank\/"]}]},{"@type":"ImageObject","inLanguage":"fr","@id":"https:\/\/thingstodoinamsterdam.com\/fr\/musees-amsterdam\/la-maison-danne-frank\/#primaryimage","url":"https:\/\/thingstodoinamsterdam.com\/wp-content\/uploads\/2019\/08\/anne-frank.jpg","contentUrl":"https:\/\/thingstodoinamsterdam.com\/wp-content\/uploads\/2019\/08\/anne-frank.jpg","width":240,"height":237},{"@type":"BreadcrumbList","@id":"https:\/\/thingstodoinamsterdam.com\/fr\/musees-amsterdam\/la-maison-danne-frank\/#breadcrumb","itemListElement":[{"@type":"ListItem","position":1,"name":"Visiter Amsterdam","item":"https:\/\/thingstodoinamsterdam.com\/fr\/"},{"@type":"ListItem","position":2,"name":"Mus\u00e9es \u00e0 Amsterdam","item":"https:\/\/thingstodoinamsterdam.com\/fr\/musees-amsterdam\/"},{"@type":"ListItem","position":3,"name":"La Maison d&#8217;Anne Frank"}]},{"@type":"WebSite","@id":"https:\/\/thingstodoinamsterdam.com\/fr\/#website","url":"https:\/\/thingstodoinamsterdam.com\/fr\/","name":"ThingstodoinAmsterdam.com","description":"Amsterdam&#039;s highlights and hidden secrets","publisher":{"@id":"https:\/\/thingstodoinamsterdam.com\/fr\/#organization"},"potentialAction":[{"@type":"SearchAction","target":{"@type":"EntryPoint","urlTemplate":"https:\/\/thingstodoinamsterdam.com\/fr\/?s={search_term_string}"},"query-input":{"@type":"PropertyValueSpecification","valueRequired":true,"valueName":"search_term_string"}}],"inLanguage":"fr"},{"@type":"Organization","@id":"https:\/\/thingstodoinamsterdam.com\/fr\/#organization","name":"Visiter Amsterdam","url":"https:\/\/thingstodoinamsterdam.com\/fr\/","logo":{"@type":"ImageObject","inLanguage":"fr","@id":"https:\/\/thingstodoinamsterdam.com\/fr\/#\/schema\/logo\/image\/","url":"https:\/\/thingstodoinamsterdam.com\/wp-content\/uploads\/2025\/02\/ThingsToDoInAmsterdam-Favicon-logo.png","contentUrl":"https:\/\/thingstodoinamsterdam.com\/wp-content\/uploads\/2025\/02\/ThingsToDoInAmsterdam-Favicon-logo.png","width":512,"height":512,"caption":"Visiter Amsterdam"},"image":{"@id":"https:\/\/thingstodoinamsterdam.com\/fr\/#\/schema\/logo\/image\/"},"sameAs":["https:\/\/www.facebook.com\/thingstodoinamsterdamcom"]}]}},"_links":{"self":[{"href":"https:\/\/thingstodoinamsterdam.com\/fr\/wp-json\/wp\/v2\/pages\/416","targetHints":{"allow":["GET"]}}],"collection":[{"href":"https:\/\/thingstodoinamsterdam.com\/fr\/wp-json\/wp\/v2\/pages"}],"about":[{"href":"https:\/\/thingstodoinamsterdam.com\/fr\/wp-json\/wp\/v2\/types\/page"}],"author":[{"embeddable":true,"href":"https:\/\/thingstodoinamsterdam.com\/fr\/wp-json\/wp\/v2\/users\/20"}],"replies":[{"embeddable":true,"href":"https:\/\/thingstodoinamsterdam.com\/fr\/wp-json\/wp\/v2\/comments?post=416"}],"version-history":[{"count":7,"href":"https:\/\/thingstodoinamsterdam.com\/fr\/wp-json\/wp\/v2\/pages\/416\/revisions"}],"predecessor-version":[{"id":2027410,"href":"https:\/\/thingstodoinamsterdam.com\/fr\/wp-json\/wp\/v2\/pages\/416\/revisions\/2027410"}],"up":[{"embeddable":true,"href":"https:\/\/thingstodoinamsterdam.com\/fr\/wp-json\/wp\/v2\/pages\/417"}],"wp:featuredmedia":[{"embeddable":true,"href":"https:\/\/thingstodoinamsterdam.com\/fr\/wp-json\/wp\/v2\/media\/2090"}],"wp:attachment":[{"href":"https:\/\/thingstodoinamsterdam.com\/fr\/wp-json\/wp\/v2\/media?parent=416"}],"curies":[{"name":"wp","href":"https:\/\/api.w.org\/{rel}","templated":true}]}}