{"id":422,"date":"2019-06-07T10:45:35","date_gmt":"2019-06-07T10:45:35","guid":{"rendered":"https:\/\/thingstodoinamsterdam.com\/?page_id=422"},"modified":"2025-08-29T16:41:09","modified_gmt":"2025-08-29T14:41:09","slug":"micropia-amsterdam","status":"publish","type":"page","link":"https:\/\/thingstodoinamsterdam.com\/fr\/musees-amsterdam\/micropia-amsterdam\/","title":{"rendered":"Micropia Amsterdam"},"content":{"rendered":"<div class=\"wpb-content-wrapper\"><p>[vc_row][vc_column][vc_column_text css=&#8221;&#8221;]C&#8217;est en 2014 que\u00a0Micropia, un mus\u00e9e sp\u00e9cialis\u00e9 dans les microbes, a ouvert ses portes. Il est situ\u00e9 \u00e0 Amsterdam East (Oos) et il fait partie du <a href=\"https:\/\/thingstodoinamsterdam.com\/fr\/artis-zoo-amsterdam\/\">zoo Artis Amsterdam Royal.<\/a><\/p>\n<p>Les expositions ont pour but de vous faire d\u00e9couvrir ce que l&#8217;on ne voit pas \u00e0 l&#8217;oeil nu. En effet,\u00a0vous\u00a0observerez des millions de micro-organismes, que l&#8217;on peut\u00a0trouver\u00a0n&#8217;importe o\u00f9. Ces microbes\u00a0sont l&#8217;essence m\u00eame de notre\u00a0vie.<\/p>\n<p>Au sein du mus\u00e9e vous pourrez voir des plantes, des animaux\u00a0et d&#8217;autres objets de la vie quotidienne.<\/p>\n<p>Le microscope moderne est en soi une invention essentiellement n\u00e9erlandaise. Antonie van Leeuwenhoek a am\u00e9lior\u00e9 la conception et le grossissement, tout en ouvrant la voie \u00e0 ce que nous appelons aujourd&#8217;hui la microbiologie.<\/p>\n<p>En parcourant le mus\u00e9e, vous apprendrez de nouvelles choses sur la science. Dans le laboratoire, les techniciens de laboratoire peuvent enseigner aux invit\u00e9s de tous \u00e2ges les microbes, la science et la biologie, ainsi que les antibiotiques.<\/p>\n<p>Apr\u00e8s votre visite \u00e0 Micropia, n&#8217;oubliez pas de visiter <a href=\"https:\/\/thingstodoinamsterdam.com\/fr\/artis-zoo-amsterdam\/\">l&#8217;Artis zoo d&#8217;Amsterdam<\/a>.[\/vc_column_text][button title=&#8221;Achetez vos billets sur Tours&amp;Tickets pour Micropia&#8221; link=&#8221;https:\/\/tc.tradetracker.net\/?c=25043&amp;m=12&amp;a=282233&amp;u=\/fr\/amsterdam\/musees\/musee-artis-micropia\/&#8221; icon=&#8221;&#8221; button_align=&#8221;center&#8221; target=&#8221;true&#8221; nofollow=&#8221;true&#8221; el_id=&#8221;1565695732963-b80cde31-e060&#8243;][vc_column_text]<\/p>\n<p style=\"text-align: center;\">&#8211; Achetez vos billets sur <a href=\"https:\/\/thingstodoinamsterdam.com\/fr\/a-propos\/tours-tickets\/\">Tours&amp;Tickets<\/a> avec\u00a0notre\u00a0code promo<strong>\u00a0<mark>&#8216;THINGSTODO10&#8217;<\/mark><\/strong> et obtenez\u00a010% de r\u00e9duction &#8211;<\/p>\n<p>[\/vc_column_text][vc_video link=&#8221;https:\/\/youtu.be\/mc8rZQRQycE?t=8&#8243; align=&#8221;center&#8221; css=&#8221;.vc_custom_1559896844124{margin-right: 25px !important;margin-left: 25px !important;}&#8221; title=&#8221;Vid\u00e9o Micropia&#8221;][vc_column_text]<\/p>\n<h3>Horaires d&#8217;ouverture<\/h3>\n<p>Micropia est ouvert tous les jours de l&#8217;ann\u00e9e.<\/p>\n<table style=\"width: 100%;\">\n<tbody>\n<tr>\n<td>Du lundi au mercredi (et le dimanche)<\/td>\n<td>\u00a09:00 &#8211; 18:00<\/td>\n<\/tr>\n<tr>\n<td>Du jeudi au samedi<\/td>\n<td>\u00a09:00 &#8211; 20:00<\/td>\n<\/tr>\n<\/tbody>\n<\/table>\n<p>[\/vc_column_text][vc_column_text]<\/p>\n<h2>Tarifs, billets et r\u00e9ductions<\/h2>\n<p>Vous pouvez acheter vos billets \u00e0 l&#8217;entr\u00e9e du mus\u00e9e, toutefois si vous achetez vos billets en ligne, vous b\u00e9n\u00e9ficierez d&#8217;une r\u00e9duction !<\/p>\n<h3>Tarifs<\/h3>\n<table style=\"width: 100%;\">\n<tbody>\n<tr>\n<td><b>Cat\u00e9gories<\/b><\/td>\n<td><strong>Micropia<\/strong><\/td>\n<td><strong>Artis Royal Zoo &amp; Micropia<br \/>\n<\/strong><\/td>\n<\/tr>\n<tr>\n<td>Adultes (10+)<\/td>\n<td>16\u20ac<\/td>\n<td>30,50\u20ac<\/td>\n<\/tr>\n<tr>\n<td>Jeunes (3-9 ans)<\/td>\n<td>14\u20ac<\/td>\n<td>26,50\u20ac<\/td>\n<\/tr>\n<tr>\n<td>Enfants* (0-2 ans)<\/td>\n<td>gratuit*<\/td>\n<td>gratuit*<\/td>\n<\/tr>\n<tr>\n<td>*L&#8217;\u00e2ge minimum recommand\u00e9 pour visiter Micropia est de 8 ans<\/td>\n<td><\/td>\n<td><\/td>\n<\/tr>\n<\/tbody>\n<\/table>\n<p>[\/vc_column_text][button title=&#8221;Achetez vos billets sur Tours&amp;Tickets pour Micropia&#8221; link=&#8221;https:\/\/tc.tradetracker.net\/?c=25043&amp;m=12&amp;a=282233&amp;u=\/fr\/amsterdam\/musees\/musee-artis-micropia\/&#8221; icon=&#8221;&#8221; button_align=&#8221;center&#8221; target=&#8221;true&#8221; nofollow=&#8221;true&#8221; el_id=&#8221;1565695909826-f79dfa7e-2811&#8243;][vc_column_text]<\/p>\n<p style=\"text-align: center;\">&#8211; Achetez vos billets sur <a href=\"https:\/\/thingstodoinamsterdam.com\/fr\/a-propos\/tours-tickets\/\">Tours&amp;Tickets<\/a> avec\u00a0notre\u00a0code promo<strong>\u00a0<mark>&#8216;THINGSTODO10&#8217;<\/mark><\/strong> et obtenez\u00a010% de r\u00e9duction &#8211;<\/p>\n<p>[\/vc_column_text][vc_column_text]<\/p>\n<h3>ARTIS Zoo Amsterdam &amp; Micropia billets combin\u00e9s<\/h3>\n<p>Micropia est situ\u00e9 dans le zoo Artis. Toutefois il est ind\u00e9pendant, si vous souhaitez visiter les deux vous pouvez acheter des billets combin\u00e9s (Artis Zoo Amsterdam + Micropia) et obtenir des r\u00e9ductions ![\/vc_column_text][button title=&#8221;Achetez vos billets combin\u00e9s pour Artis zoo Amsterdam et Micropia avec Tours&amp;Tickets&#8221; link=&#8221;https:\/\/thingstodoinamsterdam.com\/ticketlinkfr-artis-micropia-tours-combi&#8221; button_align=&#8221;center&#8221; target=&#8221;true&#8221; nofollow=&#8221;true&#8221; el_id=&#8221;1565695952935-9c031ea8-9449&#8243;][vc_column_text]Micropia est situ\u00e9 \u00e0 c\u00f4t\u00e9 d&#8217;Artis Zoo Amsterdam<br \/>\n<a href=\"https:\/\/thingstodoinamsterdam.com\/wp-content\/uploads\/2019\/08\/micropes-at-micropia.jpg\"><img decoding=\"async\" class=\"alignright wp-image-6339 size-medium\" src=\"https:\/\/thingstodoinamsterdam.com\/wp-content\/uploads\/2019\/08\/micropes-at-micropia-300x169-1.jpg\" alt=\"micropes at micropia\" width=\"300\" height=\"169\" \/><\/a><\/p>\n<p><strong>Adresse<br \/>\n<\/strong>Artisplein<br \/>\nPlantage Kerklaan 38-40<br \/>\nAmsterdam<br \/>\nTel: +31 20 52\u00a033\u00a0671<\/p>\n<div class=\"mceTemp\"><\/div>\n<p>[\/vc_column_text][g_map el_id=&#8221;1565696184130-2fe2de33-5cef&#8221;]<iframe style=\"border: 0;\" src=\"https:\/\/www.google.com\/maps\/embed?pb=!1m18!1m12!1m3!1d2436.193670874274!2d4.910381951239059!3d52.36690817968628!2m3!1f0!2f0!3f0!3m2!1i1024!2i768!4f13.1!3m3!1m2!1s0x47c609a26c702645%3A0x85e9e582ae50dc6c!2sMicropia!5e0!3m2!1sen!2sus!4v1543461814115\" width=\"600\" height=\"450\" frameborder=\"0\" allowfullscreen=\"allowfullscreen\"><\/iframe>[\/g_map][vc_column_text]<\/p>\n<h3>Foire Aux Questions \u00e0 propos de Micropia<\/h3>\n<ol>\n<li style=\"list-style-type: none;\">\n<ol>\n<li><strong>Le mus\u00e9e est-il accessible en fauteuil roulant ?<\/strong><br \/>\nOui, le mus\u00e9e est enti\u00e8rement accessible en fauteuil roulant.<\/li>\n<li><strong>Puis-je me restaurer \u00e0 Micropia ?<br \/>\n<\/strong>Oui, vous\u00a0pouvez vous restaurer au restaurant de Plantage.<\/li>\n<li><strong>Puis-je utiliser ma carte <a href=\"https:\/\/thingstodoinamsterdam.com\/fr\/informations-pratiques\/la-carte-i-amsterdam-city-card\/\">I amsterdam City Card<\/a> pour acc\u00e9der au mus\u00e9e ?<\/strong><br \/>\nOui, l&#8217;entr\u00e9e \u00e0 Micropia est gratuite avec\u00a0votre carte.<\/li>\n<\/ol>\n<\/li>\n<\/ol>\n<p>[\/vc_column_text][vc_column_text]Amsterdam Dungeon<br \/>\nBODY WORLDS Amsterdam<br \/>\n<a href=\"https:\/\/thingstodoinamsterdam.com\/fr\/croisiere-sur-les-canaux-amsterdam\/\">Croisi\u00e8re sur les canaux\u00a0d&#8217;Amsterdam<\/a><br \/>\n<a href=\"https:\/\/thingstodoinamsterdam.com\/fr\/musees-amsterdam\/heineken-experience-amsterdam\/\">Heineken Experience<\/a><br \/>\nIce Bar Amsterdam<br \/>\n<a href=\"https:\/\/thingstodoinamsterdam.com\/fr\/this-is-holland-experience-en-5d\/\">THIS IS HOLLAND<\/a><br \/>\nMoco Museum<br \/>\n<a href=\"https:\/\/thingstodoinamsterdam.com\/fr\/musees-amsterdam\/musee-nemo-amsterdam\/\">NEMO Science Museum<\/a><br \/>\nMadurodam<br \/>\nPowerzone<br \/>\n<a href=\"https:\/\/thingstodoinamsterdam.com\/fr\/musees-amsterdam\/le-rijksmuseum\/\">Rijksmuseum<\/a><br \/>\n<a href=\"https:\/\/thingstodoinamsterdam.com\/fr\/musees-amsterdam\/le-musee-stedelijk\/\">Stedelijk Museum<\/a><br \/>\n<a href=\"https:\/\/thingstodoinamsterdam.com\/fr\/musees-amsterdam\/le-musee-des-tropiques\/\">Le mus\u00e9e des Tropiques<\/a><br \/>\n<a href=\"https:\/\/thingstodoinamsterdam.com\/fr\/musees-amsterdam\/le-musee-van-gogh\/\">Van Gogh Museum<\/a>[\/vc_column_text][vc_row_inner][vc_column_inner][reviews heading=&#8221;Avis sur le Micropia&#8221; description=&#8221;Nous sommes toujours int\u00e9ress\u00e9s en ce qui concerne les exp\u00e9riences de nos visiteurs. Dites-nous ce que vous en avez pens\u00e9 et aidez les autres voyageurs !&#8221; el_id=&#8221;1565696229001-07362bce-4155&#8243;][\/reviews][vc_column_text]<\/p>\n<div class=\"vc_row wpb_row vc_row-fluid\">\n<div class=\"wpb_column vc_column_container vc_col-sm-12\">\n<div class=\"vc_column-inner\">\n<div class=\"wpb_wrapper\">\n<div class=\"wpb_text_column wpb_content_element \">\n<div class=\"wpb_wrapper\">\n<p><strong>Jetez un oeil aux informations ci-dessous ou revenez \u00e0 la page g\u00e9n\u00e9rale concernant <a href=\"https:\/\/thingstodoinamsterdam.com\/fr\/\">les choses \u00e0 faire \u00e0 Amsterdam<\/a>.<\/strong><\/p>\n<\/div>\n<\/div>\n<\/div>\n<\/div>\n<\/div>\n<\/div>\n<p>[\/vc_column_text][\/vc_column_inner][\/vc_row_inner][\/vc_column][\/vc_row][vc_row][vc_column][promo_block style_var=&#8221;style2&#8243; el_id=&#8221;1565696265097-7c1999ce-f8c4&#8243;][promo link=&#8221;url:https%3A%2F%2Fthingstodoinamsterdam.com%2Ffr%2Fquand-partir-a-amsterdam%2F|title:Quand%20partir%20%C3%A0%20Amsterdam%20%3F||&#8221; text=&#8221;Quel est le meilleur moment pour visiter Amsterdam ? Pr\u00e9parez-vous en avance !&#8221; img=&#8221;1088&#8243;][promo link=&#8221;url:https%3A%2F%2Fthingstodoinamsterdam.com%2Ffr%2Fmusees-amsterdam%2F|title:Mus%C3%A9es%20%C3%A0%20Amsterdam||&#8221; text=&#8221;Venez d\u00e9couvrir les mus\u00e9es incontournables d\u2019Amsterdam, mais \u00e9galement les moins connus.&#8221; img=&#8221;185&#8243;][promo link=&#8221;url:https%3A%2F%2Fthingstodoinamsterdam.com%2Ffr%2Ftransports-a-amsterdam%2F|title:Transports%20%C3%A0%20Amsterdam||&#8221; text=&#8221;Le r\u00e9seau des transports publics \u00e0 Amsterdam est l\u2019un des mieux oragnis\u00e9s au monde !&#8221; img=&#8221;1083&#8243;][\/promo_block][\/vc_column][\/vc_row]<\/p>\n<\/div>","protected":false},"excerpt":{"rendered":"<p>[vc_row][vc_column][vc_column_text css=&#8221;&#8221;]C&#8217;est en 2014 que\u00a0Micropia, un mus\u00e9e sp\u00e9cialis\u00e9 dans les microbes, a ouvert ses portes. Il est situ\u00e9 \u00e0 Amsterdam East (Oos) et il fait\u2026<\/p>\n","protected":false},"author":20,"featured_media":5389,"parent":417,"menu_order":0,"comment_status":"closed","ping_status":"closed","template":"","meta":{"footnotes":""},"class_list":["post-422","page","type-page","status-publish","has-post-thumbnail","hentry"],"yoast_head":"<!-- This site is optimized with the Yoast SEO plugin v27.3 - https:\/\/yoast.com\/product\/yoast-seo-wordpress\/ -->\n<title>Micropia Amsterdam - informations pratiques, tarifs, billets, avis &amp; +<\/title>\n<meta name=\"description\" content=\"Micropia est un mus\u00e9e incontournable ! En effet, vous y d\u00e9couvrirez des micro-organismes, que l&#039;on ne voit pas \u00e0 l&#039;oeil nu. R\u00e9servez vos billets maintenant !\" \/>\n<meta name=\"robots\" content=\"index, follow, max-snippet:-1, max-image-preview:large, max-video-preview:-1\" \/>\n<link rel=\"canonical\" href=\"https:\/\/thingstodoinamsterdam.com\/fr\/musees-amsterdam\/micropia-amsterdam\/\" \/>\n<meta property=\"og:locale\" content=\"fr_FR\" \/>\n<meta property=\"og:type\" content=\"article\" \/>\n<meta property=\"og:title\" content=\"Micropia Amsterdam - informations pratiques, tarifs, billets, avis &amp; +\" \/>\n<meta property=\"og:description\" content=\"Micropia est un mus\u00e9e incontournable ! En effet, vous y d\u00e9couvrirez des micro-organismes, que l&#039;on ne voit pas \u00e0 l&#039;oeil nu. R\u00e9servez vos billets maintenant !\" \/>\n<meta property=\"og:url\" content=\"https:\/\/thingstodoinamsterdam.com\/fr\/musees-amsterdam\/micropia-amsterdam\/\" \/>\n<meta property=\"og:site_name\" content=\"ThingstodoinAmsterdam.com\" \/>\n<meta property=\"article:publisher\" content=\"https:\/\/www.facebook.com\/thingstodoinamsterdamcom\" \/>\n<meta property=\"article:modified_time\" content=\"2025-08-29T14:41:09+00:00\" \/>\n<meta property=\"og:image\" content=\"https:\/\/thingstodoinamsterdam.com\/wp-content\/uploads\/2020\/02\/micropia.jpg\" \/>\n\t<meta property=\"og:image:width\" content=\"399\" \/>\n\t<meta property=\"og:image:height\" content=\"300\" \/>\n\t<meta property=\"og:image:type\" content=\"image\/jpeg\" \/>\n<meta name=\"twitter:card\" content=\"summary_large_image\" \/>\n<meta name=\"twitter:label1\" content=\"Est. reading time\" \/>\n\t<meta name=\"twitter:data1\" content=\"4 minutes\" \/>\n<script type=\"application\/ld+json\" class=\"yoast-schema-graph\">{\"@context\":\"https:\\\/\\\/schema.org\",\"@graph\":[{\"@type\":\"WebPage\",\"@id\":\"https:\\\/\\\/thingstodoinamsterdam.com\\\/fr\\\/musees-amsterdam\\\/micropia-amsterdam\\\/\",\"url\":\"https:\\\/\\\/thingstodoinamsterdam.com\\\/fr\\\/musees-amsterdam\\\/micropia-amsterdam\\\/\",\"name\":\"Micropia Amsterdam - informations pratiques, tarifs, billets, avis & +\",\"isPartOf\":{\"@id\":\"https:\\\/\\\/thingstodoinamsterdam.com\\\/fr\\\/#website\"},\"primaryImageOfPage\":{\"@id\":\"https:\\\/\\\/thingstodoinamsterdam.com\\\/fr\\\/musees-amsterdam\\\/micropia-amsterdam\\\/#primaryimage\"},\"image\":{\"@id\":\"https:\\\/\\\/thingstodoinamsterdam.com\\\/fr\\\/musees-amsterdam\\\/micropia-amsterdam\\\/#primaryimage\"},\"thumbnailUrl\":\"https:\\\/\\\/thingstodoinamsterdam.com\\\/wp-content\\\/uploads\\\/2020\\\/02\\\/micropia.jpg\",\"datePublished\":\"2019-06-07T10:45:35+00:00\",\"dateModified\":\"2025-08-29T14:41:09+00:00\",\"description\":\"Micropia est un mus\u00e9e incontournable ! En effet, vous y d\u00e9couvrirez des micro-organismes, que l'on ne voit pas \u00e0 l'oeil nu. R\u00e9servez vos billets maintenant !\",\"breadcrumb\":{\"@id\":\"https:\\\/\\\/thingstodoinamsterdam.com\\\/fr\\\/musees-amsterdam\\\/micropia-amsterdam\\\/#breadcrumb\"},\"inLanguage\":\"fr\",\"potentialAction\":[{\"@type\":\"ReadAction\",\"target\":[\"https:\\\/\\\/thingstodoinamsterdam.com\\\/fr\\\/musees-amsterdam\\\/micropia-amsterdam\\\/\"]}]},{\"@type\":\"ImageObject\",\"inLanguage\":\"fr\",\"@id\":\"https:\\\/\\\/thingstodoinamsterdam.com\\\/fr\\\/musees-amsterdam\\\/micropia-amsterdam\\\/#primaryimage\",\"url\":\"https:\\\/\\\/thingstodoinamsterdam.com\\\/wp-content\\\/uploads\\\/2020\\\/02\\\/micropia.jpg\",\"contentUrl\":\"https:\\\/\\\/thingstodoinamsterdam.com\\\/wp-content\\\/uploads\\\/2020\\\/02\\\/micropia.jpg\",\"width\":399,\"height\":300,\"caption\":\"Micropia - Amsterdam\"},{\"@type\":\"BreadcrumbList\",\"@id\":\"https:\\\/\\\/thingstodoinamsterdam.com\\\/fr\\\/musees-amsterdam\\\/micropia-amsterdam\\\/#breadcrumb\",\"itemListElement\":[{\"@type\":\"ListItem\",\"position\":1,\"name\":\"Visiter Amsterdam\",\"item\":\"https:\\\/\\\/thingstodoinamsterdam.com\\\/fr\\\/\"},{\"@type\":\"ListItem\",\"position\":2,\"name\":\"Mus\u00e9es \u00e0 Amsterdam\",\"item\":\"https:\\\/\\\/thingstodoinamsterdam.com\\\/fr\\\/musees-amsterdam\\\/\"},{\"@type\":\"ListItem\",\"position\":3,\"name\":\"Micropia Amsterdam\"}]},{\"@type\":\"WebSite\",\"@id\":\"https:\\\/\\\/thingstodoinamsterdam.com\\\/fr\\\/#website\",\"url\":\"https:\\\/\\\/thingstodoinamsterdam.com\\\/fr\\\/\",\"name\":\"ThingstodoinAmsterdam.com\",\"description\":\"Amsterdam&#039;s highlights and hidden secrets\",\"publisher\":{\"@id\":\"https:\\\/\\\/thingstodoinamsterdam.com\\\/fr\\\/#organization\"},\"potentialAction\":[{\"@type\":\"SearchAction\",\"target\":{\"@type\":\"EntryPoint\",\"urlTemplate\":\"https:\\\/\\\/thingstodoinamsterdam.com\\\/fr\\\/?s={search_term_string}\"},\"query-input\":{\"@type\":\"PropertyValueSpecification\",\"valueRequired\":true,\"valueName\":\"search_term_string\"}}],\"inLanguage\":\"fr\"},{\"@type\":\"Organization\",\"@id\":\"https:\\\/\\\/thingstodoinamsterdam.com\\\/fr\\\/#organization\",\"name\":\"Visiter Amsterdam\",\"url\":\"https:\\\/\\\/thingstodoinamsterdam.com\\\/fr\\\/\",\"logo\":{\"@type\":\"ImageObject\",\"inLanguage\":\"fr\",\"@id\":\"https:\\\/\\\/thingstodoinamsterdam.com\\\/fr\\\/#\\\/schema\\\/logo\\\/image\\\/\",\"url\":\"https:\\\/\\\/thingstodoinamsterdam.com\\\/wp-content\\\/uploads\\\/2025\\\/02\\\/ThingsToDoInAmsterdam-Favicon-logo.png\",\"contentUrl\":\"https:\\\/\\\/thingstodoinamsterdam.com\\\/wp-content\\\/uploads\\\/2025\\\/02\\\/ThingsToDoInAmsterdam-Favicon-logo.png\",\"width\":512,\"height\":512,\"caption\":\"Visiter Amsterdam\"},\"image\":{\"@id\":\"https:\\\/\\\/thingstodoinamsterdam.com\\\/fr\\\/#\\\/schema\\\/logo\\\/image\\\/\"},\"sameAs\":[\"https:\\\/\\\/www.facebook.com\\\/thingstodoinamsterdamcom\"]}]}<\/script>\n<!-- \/ Yoast SEO plugin. -->","yoast_head_json":{"title":"Micropia Amsterdam - informations pratiques, tarifs, billets, avis & +","description":"Micropia est un mus\u00e9e incontournable ! En effet, vous y d\u00e9couvrirez des micro-organismes, que l'on ne voit pas \u00e0 l'oeil nu. R\u00e9servez vos billets maintenant !","robots":{"index":"index","follow":"follow","max-snippet":"max-snippet:-1","max-image-preview":"max-image-preview:large","max-video-preview":"max-video-preview:-1"},"canonical":"https:\/\/thingstodoinamsterdam.com\/fr\/musees-amsterdam\/micropia-amsterdam\/","og_locale":"fr_FR","og_type":"article","og_title":"Micropia Amsterdam - informations pratiques, tarifs, billets, avis & +","og_description":"Micropia est un mus\u00e9e incontournable ! En effet, vous y d\u00e9couvrirez des micro-organismes, que l'on ne voit pas \u00e0 l'oeil nu. R\u00e9servez vos billets maintenant !","og_url":"https:\/\/thingstodoinamsterdam.com\/fr\/musees-amsterdam\/micropia-amsterdam\/","og_site_name":"ThingstodoinAmsterdam.com","article_publisher":"https:\/\/www.facebook.com\/thingstodoinamsterdamcom","article_modified_time":"2025-08-29T14:41:09+00:00","og_image":[{"width":399,"height":300,"url":"https:\/\/thingstodoinamsterdam.com\/wp-content\/uploads\/2020\/02\/micropia.jpg","type":"image\/jpeg"}],"twitter_card":"summary_large_image","twitter_misc":{"Est. reading time":"4 minutes"},"schema":{"@context":"https:\/\/schema.org","@graph":[{"@type":"WebPage","@id":"https:\/\/thingstodoinamsterdam.com\/fr\/musees-amsterdam\/micropia-amsterdam\/","url":"https:\/\/thingstodoinamsterdam.com\/fr\/musees-amsterdam\/micropia-amsterdam\/","name":"Micropia Amsterdam - informations pratiques, tarifs, billets, avis & +","isPartOf":{"@id":"https:\/\/thingstodoinamsterdam.com\/fr\/#website"},"primaryImageOfPage":{"@id":"https:\/\/thingstodoinamsterdam.com\/fr\/musees-amsterdam\/micropia-amsterdam\/#primaryimage"},"image":{"@id":"https:\/\/thingstodoinamsterdam.com\/fr\/musees-amsterdam\/micropia-amsterdam\/#primaryimage"},"thumbnailUrl":"https:\/\/thingstodoinamsterdam.com\/wp-content\/uploads\/2020\/02\/micropia.jpg","datePublished":"2019-06-07T10:45:35+00:00","dateModified":"2025-08-29T14:41:09+00:00","description":"Micropia est un mus\u00e9e incontournable ! En effet, vous y d\u00e9couvrirez des micro-organismes, que l'on ne voit pas \u00e0 l'oeil nu. R\u00e9servez vos billets maintenant !","breadcrumb":{"@id":"https:\/\/thingstodoinamsterdam.com\/fr\/musees-amsterdam\/micropia-amsterdam\/#breadcrumb"},"inLanguage":"fr","potentialAction":[{"@type":"ReadAction","target":["https:\/\/thingstodoinamsterdam.com\/fr\/musees-amsterdam\/micropia-amsterdam\/"]}]},{"@type":"ImageObject","inLanguage":"fr","@id":"https:\/\/thingstodoinamsterdam.com\/fr\/musees-amsterdam\/micropia-amsterdam\/#primaryimage","url":"https:\/\/thingstodoinamsterdam.com\/wp-content\/uploads\/2020\/02\/micropia.jpg","contentUrl":"https:\/\/thingstodoinamsterdam.com\/wp-content\/uploads\/2020\/02\/micropia.jpg","width":399,"height":300,"caption":"Micropia - Amsterdam"},{"@type":"BreadcrumbList","@id":"https:\/\/thingstodoinamsterdam.com\/fr\/musees-amsterdam\/micropia-amsterdam\/#breadcrumb","itemListElement":[{"@type":"ListItem","position":1,"name":"Visiter Amsterdam","item":"https:\/\/thingstodoinamsterdam.com\/fr\/"},{"@type":"ListItem","position":2,"name":"Mus\u00e9es \u00e0 Amsterdam","item":"https:\/\/thingstodoinamsterdam.com\/fr\/musees-amsterdam\/"},{"@type":"ListItem","position":3,"name":"Micropia Amsterdam"}]},{"@type":"WebSite","@id":"https:\/\/thingstodoinamsterdam.com\/fr\/#website","url":"https:\/\/thingstodoinamsterdam.com\/fr\/","name":"ThingstodoinAmsterdam.com","description":"Amsterdam&#039;s highlights and hidden secrets","publisher":{"@id":"https:\/\/thingstodoinamsterdam.com\/fr\/#organization"},"potentialAction":[{"@type":"SearchAction","target":{"@type":"EntryPoint","urlTemplate":"https:\/\/thingstodoinamsterdam.com\/fr\/?s={search_term_string}"},"query-input":{"@type":"PropertyValueSpecification","valueRequired":true,"valueName":"search_term_string"}}],"inLanguage":"fr"},{"@type":"Organization","@id":"https:\/\/thingstodoinamsterdam.com\/fr\/#organization","name":"Visiter Amsterdam","url":"https:\/\/thingstodoinamsterdam.com\/fr\/","logo":{"@type":"ImageObject","inLanguage":"fr","@id":"https:\/\/thingstodoinamsterdam.com\/fr\/#\/schema\/logo\/image\/","url":"https:\/\/thingstodoinamsterdam.com\/wp-content\/uploads\/2025\/02\/ThingsToDoInAmsterdam-Favicon-logo.png","contentUrl":"https:\/\/thingstodoinamsterdam.com\/wp-content\/uploads\/2025\/02\/ThingsToDoInAmsterdam-Favicon-logo.png","width":512,"height":512,"caption":"Visiter Amsterdam"},"image":{"@id":"https:\/\/thingstodoinamsterdam.com\/fr\/#\/schema\/logo\/image\/"},"sameAs":["https:\/\/www.facebook.com\/thingstodoinamsterdamcom"]}]}},"_links":{"self":[{"href":"https:\/\/thingstodoinamsterdam.com\/fr\/wp-json\/wp\/v2\/pages\/422","targetHints":{"allow":["GET"]}}],"collection":[{"href":"https:\/\/thingstodoinamsterdam.com\/fr\/wp-json\/wp\/v2\/pages"}],"about":[{"href":"https:\/\/thingstodoinamsterdam.com\/fr\/wp-json\/wp\/v2\/types\/page"}],"author":[{"embeddable":true,"href":"https:\/\/thingstodoinamsterdam.com\/fr\/wp-json\/wp\/v2\/users\/20"}],"replies":[{"embeddable":true,"href":"https:\/\/thingstodoinamsterdam.com\/fr\/wp-json\/wp\/v2\/comments?post=422"}],"version-history":[{"count":5,"href":"https:\/\/thingstodoinamsterdam.com\/fr\/wp-json\/wp\/v2\/pages\/422\/revisions"}],"predecessor-version":[{"id":2028896,"href":"https:\/\/thingstodoinamsterdam.com\/fr\/wp-json\/wp\/v2\/pages\/422\/revisions\/2028896"}],"up":[{"embeddable":true,"href":"https:\/\/thingstodoinamsterdam.com\/fr\/wp-json\/wp\/v2\/pages\/417"}],"wp:featuredmedia":[{"embeddable":true,"href":"https:\/\/thingstodoinamsterdam.com\/fr\/wp-json\/wp\/v2\/media\/5389"}],"wp:attachment":[{"href":"https:\/\/thingstodoinamsterdam.com\/fr\/wp-json\/wp\/v2\/media?parent=422"}],"curies":[{"name":"wp","href":"https:\/\/api.w.org\/{rel}","templated":true}]}}