{"id":423,"date":"2019-06-26T10:49:41","date_gmt":"2019-06-26T10:49:41","guid":{"rendered":"https:\/\/thingstodoinamsterdam.com\/?page_id=423"},"modified":"2025-08-01T18:47:12","modified_gmt":"2025-08-01T16:47:12","slug":"moco-museum","status":"publish","type":"page","link":"https:\/\/thingstodoinamsterdam.com\/fr\/musees-amsterdam\/moco-museum\/","title":{"rendered":"Moco Museum"},"content":{"rendered":"<div class=\"wpb-content-wrapper\"><p>[vc_row][vc_column][vc_column_text]<span style=\"font-weight: 400;\"><img decoding=\"async\" class=\"size-medium wp-image-4798 alignright\" src=\"https:\/\/thingstodoinamsterdam.com\/wp-content\/uploads\/2019\/08\/mocosignEDIT-240x300.jpg\" alt=\"moco museum sign entrance\" width=\"240\" height=\"300\" \/>Le Modern Contemporary (Moco) Museum \u00e0 Amsterdam abrite une collection\u00a0d&#8217;oeuvres d&#8217;art d&#8217;artistes sans pr\u00e9c\u00e9dent du si\u00e8cle dernier.<\/span><\/p><div id=\"ez-toc-container\" class=\"ez-toc-v2_0_82_2 counter-hierarchy ez-toc-counter ez-toc-custom ez-toc-container-direction\">\n<div class=\"ez-toc-title-container\">\n<span class=\"ez-toc-title-toggle\"><a href=\"#\" class=\"ez-toc-pull-right ez-toc-btn ez-toc-btn-xs ez-toc-btn-default ez-toc-toggle\" aria-label=\"Toggle Table of Content\"><span class=\"ez-toc-js-icon-con\"><span class=\"\"><span class=\"eztoc-hide\" style=\"display:none;\">Toggle<\/span><span class=\"ez-toc-icon-toggle-span\"><svg style=\"fill: #999;color:#999\" xmlns=\"http:\/\/www.w3.org\/2000\/svg\" class=\"list-377408\" width=\"20px\" height=\"20px\" viewBox=\"0 0 24 24\" fill=\"none\"><path d=\"M6 6H4v2h2V6zm14 0H8v2h12V6zM4 11h2v2H4v-2zm16 0H8v2h12v-2zM4 16h2v2H4v-2zm16 0H8v2h12v-2z\" fill=\"currentColor\"><\/path><\/svg><svg style=\"fill: #999;color:#999\" class=\"arrow-unsorted-368013\" xmlns=\"http:\/\/www.w3.org\/2000\/svg\" width=\"10px\" height=\"10px\" viewBox=\"0 0 24 24\" version=\"1.2\" baseProfile=\"tiny\"><path d=\"M18.2 9.3l-6.2-6.3-6.2 6.3c-.2.2-.3.4-.3.7s.1.5.3.7c.2.2.4.3.7.3h11c.3 0 .5-.1.7-.3.2-.2.3-.5.3-.7s-.1-.5-.3-.7zM5.8 14.7l6.2 6.3 6.2-6.3c.2-.2.3-.5.3-.7s-.1-.5-.3-.7c-.2-.2-.4-.3-.7-.3h-11c-.3 0-.5.1-.7.3-.2.2-.3.5-.3.7s.1.5.3.7z\"\/><\/svg><\/span><\/span><\/span><\/a><\/span><\/div>\n<nav><ul class='ez-toc-list ez-toc-list-level-1 ' ><li class='ez-toc-page-1 ez-toc-heading-level-2'><a class=\"ez-toc-link ez-toc-heading-1\" href=\"https:\/\/thingstodoinamsterdam.com\/fr\/musees-amsterdam\/moco-museum\/#moco-museum-horaires-douverture\" >Moco Museum Horaires d&#8217;ouverture<\/a><\/li><li class='ez-toc-page-1 ez-toc-heading-level-2'><a class=\"ez-toc-link ez-toc-heading-2\" href=\"https:\/\/thingstodoinamsterdam.com\/fr\/musees-amsterdam\/moco-museum\/#moco-museum-tarifs-billets-et-reductions\" >Moco Museum tarifs, billets et r\u00e9ductions<\/a><\/li><li class='ez-toc-page-1 ez-toc-heading-level-2'><a class=\"ez-toc-link ez-toc-heading-3\" href=\"https:\/\/thingstodoinamsterdam.com\/fr\/musees-amsterdam\/moco-museum\/#moco-museum-faq\" >Moco Museum FAQ<\/a><\/li><li class='ez-toc-page-1 ez-toc-heading-level-2'><a class=\"ez-toc-link ez-toc-heading-4\" href=\"https:\/\/thingstodoinamsterdam.com\/fr\/musees-amsterdam\/moco-museum\/#transports-publics-pour-se-rendre-au-musee-moco\" >Transports publics pour se rendre au\u00a0mus\u00e9e Moco<\/a><\/li><\/ul><\/nav><\/div>\n\n<p>Le mus\u00e9e Moco est situ\u00e9 \u00e0 Museumplein, dans\u00a0la maison de ville d\u2019Alsberg. Construite en 1904, elle\u00a0offre une belle toile de fond aux artistes qu\u2019elle pr\u00e9sente.<\/p>\n<p>Note : certaines des expositions sur cette page peuvent ne pas \u00eatre disponibles au moment de votre visite \u00e0 Amsterdam. Nous allons essayer de mettre \u00e0 jour la page d\u00e8s que nous entendons parler d&#8217;une nouvelle exposition.<\/p>\n<h3><span style=\"font-weight: 400;\">Banksy\u00a0<\/span><\/h3>\n<p><span style=\"font-weight: 400;\">Le mus\u00e9e Moco est fier d\u2019avoir\u00a0l\u2019une des plus grandes collections d\u2019\u0153uvres d\u2019art de Banksy, avec plus de 90 pi\u00e8ces originales.<\/span><\/p>\n<p><span style=\"font-weight: 400;\">Banksy a commenc\u00e9 comme\u00a0un artiste de rue britannique et depuis ses d\u00e9buts dans les rues de Londres dans les ann\u00e9es 1990, il a depuis cr\u00e9\u00e9 un art novateur et inspirant sous forme de sculptures et de pi\u00e8ces politiques.<\/span><\/p>\n<p>&gt; Vous verrez au mus\u00e9e Moco des toiles de Banksy, des sculptures et m\u00eame des graffitis sauv\u00e9s de b\u00e2timents d\u00e9truits.[\/vc_column_text][button title=&#8221;Achetez vos billets pour le mus\u00e9e Moco&#8221; link=&#8221;https:\/\/thingstodoinamsterdam.com\/ticketlinkfr-moco-tiqets-std&#8221; button_align=&#8221;center&#8221; target=&#8221;true&#8221; nofollow=&#8221;true&#8221; el_id=&#8221;1565696768818-ad5d6f09-5b4b&#8221;][vc_column_text]<\/p>\n<h3><span style=\"font-weight: 400;\">Roy Lichtenstein\u00a0<\/span><\/h3>\n<p>Un ma\u00eetre du pop art et de la parodie, Roy Lichtenstein a cr\u00e9\u00e9 des \u0153uvres influentes et qui font r\u00e9fl\u00e9chir. Tout au long du XXe si\u00e8cle, son travail a continu\u00e9 d&#8217;avoir un effet sur les amateurs d\u2019art du monde entier, avec son style particulier, qui consiste en une simple association de lignes et de points.<span style=\"font-weight: 400;\">\u00a0<\/span><\/p>\n<h3><span style=\"font-weight: 400;\">Daniel Arsham<\/span><\/h3>\n<p>Pour la premi\u00e8re fois aux Pays-Bas, l&#8217;art du cr\u00e9ateur bas\u00e9 \u00e0 New York, Daniel Arsham, sera pr\u00e9sent\u00e9 au mus\u00e9e. Ce qui distingue le travail d&#8217;Arsham des autres expositions, c&#8217;est son utilisation de l&#8217;architecture, du film et de la sculpture pour cr\u00e9er une nouvelle exp\u00e9rience stimulante.<br \/>\nL&#8217;installation interactive &#8220;Calcified Room&#8221; est une exposition in\u00e9dite qui combine de mani\u00e8re transparente l&#8217;arch\u00e9ologie, la culture pop et les styles architecturaux.[\/vc_column_text][vc_column_text]<\/p>\n<h2><span class=\"ez-toc-section\" id=\"moco-museum-horaires-douverture\"><\/span>Moco Museum Horaires d&#8217;ouverture<span class=\"ez-toc-section-end\"><\/span><\/h2>\n<p>Le mus\u00e9e Moco est ouvert tous les jours.<\/p>\n<p>&nbsp;<\/p>\n<table style=\"width: 483px; height: 64px;\">\n<tbody>\n<tr>\n<td>du dimanche au jeudi<\/td>\n<td>9:00 &#8211; 19:00<\/td>\n<\/tr>\n<tr>\n<td>le vendredi et le samedi<\/td>\n<td>9:00 &#8211; 20:00<\/td>\n<\/tr>\n<\/tbody>\n<\/table>\n<p>[\/vc_column_text][vc_column_text css=&#8221;&#8221;]<\/p>\n<h2><span class=\"ez-toc-section\" id=\"moco-museum-tarifs-billets-et-reductions\"><\/span>Moco Museum tarifs, billets et r\u00e9ductions<span class=\"ez-toc-section-end\"><\/span><\/h2>\n<p>Vous pouvez acheter vos billets \u00e0 l&#8217;entr\u00e9e du mus\u00e9e, toutefois si vous les achetez en ligne vous b\u00e9n\u00e9ficierez de r\u00e9duction.<\/p>\n<p>Tarifs en ligne<\/p>\n<table style=\"width: 100%;\">\n<tbody>\n<tr>\n<td>Adultes<\/td>\n<td>22.00\u20ac<\/td>\n<\/tr>\n<tr>\n<td>Enfants de 16 et 17 and \/ \u00c9tudiants<\/td>\n<td>12.50\u20ac<\/td>\n<\/tr>\n<tr>\n<td>Enfants entre 10 et 15 ans<\/td>\n<td>9.50\u20ac<\/td>\n<\/tr>\n<tr>\n<td>Enfants de moins de 10 ans<\/td>\n<td><span style=\"font-family: Verdana, Geneva, sans-serif;\">Gratuit<\/span><\/td>\n<\/tr>\n<tr>\n<td>Audio Tour<\/td>\n<td>2.50\u20ac<\/td>\n<\/tr>\n<\/tbody>\n<\/table>\n<h3><\/h3>\n<p>[\/vc_column_text][button title=&#8221;Achetez vos billets pour le mus\u00e9e Moco&#8221; link=&#8221;https:\/\/thingstodoinamsterdam.com\/ticketlinkfr-moco-tiqets-std&#8221; button_align=&#8221;center&#8221; target=&#8221;true&#8221; nofollow=&#8221;true&#8221; el_id=&#8221;1565697029502-63ac876c-66e5&#8243;][vc_column_text]<\/p>\n<h2><span class=\"ez-toc-section\" id=\"moco-museum-faq\"><\/span>Moco Museum FAQ<span class=\"ez-toc-section-end\"><\/span><\/h2>\n<ol>\n<li><strong>Y a-t-il du monde devant le Moco Museum ?<br \/>\n<\/strong>Oui, surtout en haute\u00a0saison. Pensez \u00e0 acheter vos billets en ligne afin\u00a0d&#8217;\u00e9viter la file d&#8217;attente.<\/li>\n<li><strong>Le mus\u00e9e est-il accessible en fauteuil roulant ?<br \/>\n<\/strong>Malheureusement non.<\/li>\n<li><strong>Y a-t-il des casiers pour poser ses affaires ?<br \/>\n<\/strong>Oui, il y a un petit coin de stockage.<\/li>\n<\/ol>\n<p>[\/vc_column_text][vc_column_text css=&#8221;&#8221;]<\/p>\n<h2><span class=\"ez-toc-section\" id=\"transports-publics-pour-se-rendre-au-musee-moco\"><\/span>Transports publics pour se rendre au\u00a0mus\u00e9e Moco<span class=\"ez-toc-section-end\"><\/span><\/h2>\n<p>Le Moco Museum est situ\u00e9 \u00e0 Museumplein, tout pr\u00e8s du <a href=\"https:\/\/thingstodoinamsterdam.com\/fr\/musees-amsterdam\/le-rijksmuseum\/\">Rijksmuseum<\/a> et du <a href=\"https:\/\/thingstodoinamsterdam.com\/fr\/musees-amsterdam\/le-musee-van-gogh\/\">mus\u00e9e Van Gogh<\/a>.<\/p>\n<h4>\u00c0 partir d&#8217;Amsterdam Centraal Station<\/h4>\n<p>Tram 2 (direction Nieuw Sloten)<br \/>\nTram 5 (direction Amstelveen Binnenhof)<br \/>\nBus 357 (direction Amstelveen Binnenhof)<br \/>\nBus 172 (direction Kudelstaart)<\/p>\n<p>&nbsp;<\/p>\n<p>Pour vous renseigner sur les temps de trajet actuels, vous pouvez utiliser le widget ci-dessous en fonction de votre position actuelle. Cette application vous aidera lorsque vous ne savez pas quel bus ou tram vous pouvez emprunter depuis votre position.<\/p>\n<p><a href=\"https:\/\/9292.nl\/en\/?to=amsterdam_moco-museum\"><img decoding=\"async\" class=\"alignnone wp-image-3080 size-medium\" src=\"https:\/\/thingstodoinamsterdam.com\/wp-content\/uploads\/2019\/07\/Button-Plan-mijn-OV-reis-EN-300x54.png\" alt=\"ov button Ice bar\" width=\"300\" height=\"54\" \/><\/a>[\/vc_column_text][vc_column_text]<\/p>\n<h2><img decoding=\"async\" class=\"size-medium wp-image-4796 alignright\" src=\"https:\/\/thingstodoinamsterdam.com\/wp-content\/uploads\/2019\/08\/mocoedit-300x224.jpg\" alt=\"moco museum banksy amsterdam\" width=\"300\" height=\"224\" \/><\/h2>\n<p><strong style=\"font-family: Verdana, Geneva, sans-serif;\">Adresse<\/strong><\/p>\n<p>Moco Museum<br \/>\nHonthorststraat 20<br \/>\n1071 DE Amsterda<br \/>\nE-mail: hello@mocomuseum.com<br \/>\nTel:+31 (0)203701997<br \/>\n<a href=\"https:\/\/mocomuseum.com\">https:\/\/www.mocomuseum.com<\/a>[\/vc_column_text][g_map heading=&#8221;Moco Museum sur Google Maps&#8221; el_id=&#8221;1565698033149-f62b9087-8bc6&#8243;]<iframe style=\"border: 0;\" src=\"https:\/\/www.google.com\/maps\/embed?pb=!1m18!1m12!1m3!1d2436.645581712877!2d4.879707851089238!3d52.358713055823145!2m3!1f0!2f0!3f0!3m2!1i1024!2i768!4f13.1!3m3!1m2!1s0x47c609efa37f3c45%3A0x9cab82c5051ab028!2sMoco+Museum!5e0!3m2!1sen!2sus!4v1524618842032\" width=\"600\" height=\"450\" frameborder=\"0\" allowfullscreen=\"allowfullscreen\"><\/iframe>[\/g_map][\/vc_column][\/vc_row][vc_row][vc_column][reviews heading=&#8221;Avis sur le mus\u00e9e Moco&#8221; description=&#8221;Nous sommes toujours int\u00e9ress\u00e9s en ce qui concerne les exp\u00e9riences de nos visiteurs. Dites-nous ce que vous en avez pens\u00e9 et aidez les autres voyageurs !&#8221; el_id=&#8221;1565698051220-fd255499-f329&#8243;][\/reviews][vc_column_text]<\/p>\n<div class=\"vc_row wpb_row vc_row-fluid\">\n<div class=\"wpb_column vc_column_container vc_col-sm-12\">\n<div class=\"vc_column-inner\">\n<div class=\"wpb_wrapper\">\n<div class=\"wpb_text_column wpb_content_element \">\n<div class=\"wpb_wrapper\">\n<p><strong>Jetez un oeil \u00e0 l\u2019un des mus\u00e9es ci-dessous ou revenez \u00e0 la page g\u00e9n\u00e9rale concernant <a href=\"https:\/\/thingstodoinamsterdam.com\/fr\/musees-amsterdam\/\">les mus\u00e9es d\u2019Amsterdam<\/a>.<\/strong><\/p>\n<\/div>\n<\/div>\n<\/div>\n<\/div>\n<\/div>\n<\/div>\n<div class=\"vc_row wpb_row vc_row-fluid vc_row-o-equal-height vc_row-flex\">\n<div class=\"wpb_column vc_column_container vc_col-sm-4 vc_col-has-fill\">\n<div class=\"vc_column-inner vc_custom_1460213198524\">\n<div class=\"wpb_wrapper\"><\/div>\n<\/div>\n<\/div>\n<\/div>\n<p>[\/vc_column_text][\/vc_column][\/vc_row][vc_row][vc_column][promo_block style_var=&#8221;style2&#8243; el_id=&#8221;1565698088724-158b1e8c-b6dc&#8221;][promo link=&#8221;url:https%3A%2F%2Fthingstodoinamsterdam.com%2Ffr%2Fmusees-amsterdam%2Fle-rijksmuseum%2F|title:Rijksmuseum||&#8221; text=&#8221;Visitez le c\u00e9l\u00e8bre mus\u00e9e situ\u00e9 \u00e0 Museumplein.&#8221; img=&#8221;1090&#8243;][promo link=&#8221;url:https%3A%2F%2Fthingstodoinamsterdam.com%2Ffr%2Fmusees-amsterdam%2Fle-musee-van-gogh%2F|title:Le%20mus%C3%A9e%20Van%20Gogh||&#8221; text=&#8221;Venez d\u00e9couvrir la collection du c\u00e9l\u00e8bre artiste n\u00e9erlandais.&#8221; img=&#8221;592&#8243;][promo link=&#8221;url:https%3A%2F%2Fthingstodoinamsterdam.com%2Ffr%2Fmusees-amsterdam%2Fmadame-tussauds-amsterdam%2F|title:Madame%20Tussauds||&#8221; text=&#8221;Prenez un selfie avec la Dutch Royal family !&#8221; img=&#8221;2234&#8243;][\/promo_block][\/vc_column][\/vc_row]<\/p>\n<\/div>","protected":false},"excerpt":{"rendered":"<p>[vc_row][vc_column][vc_column_text]Le Modern Contemporary (Moco) Museum \u00e0 Amsterdam abrite une collection\u00a0d&#8217;oeuvres d&#8217;art d&#8217;artistes sans pr\u00e9c\u00e9dent du si\u00e8cle dernier. Le mus\u00e9e Moco est situ\u00e9 \u00e0 Museumplein, dans\u00a0la\u2026<\/p>\n","protected":false},"author":20,"featured_media":2252,"parent":417,"menu_order":0,"comment_status":"closed","ping_status":"closed","template":"","meta":{"footnotes":""},"class_list":["post-423","page","type-page","status-publish","has-post-thumbnail","hentry"],"yoast_head":"<!-- This site is optimized with the Yoast SEO plugin v27.4 - https:\/\/yoast.com\/product\/yoast-seo-wordpress\/ -->\n<title>Le mus\u00e9e Moco Amsterdam - informations, tarifs, r\u00e9ductions, avis et plus<\/title>\n<meta name=\"description\" content=\"Venez d\u00e9couvrir le Moco Museum, il abrite de nombreuses oeuvres d&#039;art d&#039;artistes c\u00e9l\u00e8bres, tels que Banksy. R\u00e9servez vos billets \u00e0 prix r\u00e9duits !\" \/>\n<meta name=\"robots\" content=\"index, follow, max-snippet:-1, max-image-preview:large, max-video-preview:-1\" \/>\n<link rel=\"canonical\" href=\"https:\/\/thingstodoinamsterdam.com\/fr\/musees-amsterdam\/moco-museum\/\" \/>\n<meta property=\"og:locale\" content=\"fr_FR\" \/>\n<meta property=\"og:type\" content=\"article\" \/>\n<meta property=\"og:title\" content=\"Le mus\u00e9e Moco Amsterdam - informations, tarifs, r\u00e9ductions, avis et plus\" \/>\n<meta property=\"og:description\" content=\"Venez d\u00e9couvrir le Moco Museum, il abrite de nombreuses oeuvres d&#039;art d&#039;artistes c\u00e9l\u00e8bres, tels que Banksy. R\u00e9servez vos billets \u00e0 prix r\u00e9duits !\" \/>\n<meta property=\"og:url\" content=\"https:\/\/thingstodoinamsterdam.com\/fr\/musees-amsterdam\/moco-museum\/\" \/>\n<meta property=\"og:site_name\" content=\"ThingstodoinAmsterdam.com\" \/>\n<meta property=\"article:publisher\" content=\"https:\/\/www.facebook.com\/thingstodoinamsterdamcom\" \/>\n<meta property=\"article:modified_time\" content=\"2025-08-01T16:47:12+00:00\" \/>\n<meta property=\"og:image\" content=\"https:\/\/thingstodoinamsterdam.com\/wp-content\/uploads\/2019\/08\/mocosignEDIT-240x300.jpg\" \/>\n\t<meta property=\"og:image:width\" content=\"240\" \/>\n\t<meta property=\"og:image:height\" content=\"300\" \/>\n\t<meta property=\"og:image:type\" content=\"image\/jpeg\" \/>\n<meta name=\"twitter:card\" content=\"summary_large_image\" \/>\n<meta name=\"twitter:label1\" content=\"Est. reading time\" \/>\n\t<meta name=\"twitter:data1\" content=\"5 minutes\" \/>\n<script type=\"application\/ld+json\" class=\"yoast-schema-graph\">{\"@context\":\"https:\\\/\\\/schema.org\",\"@graph\":[{\"@type\":\"WebPage\",\"@id\":\"https:\\\/\\\/thingstodoinamsterdam.com\\\/fr\\\/musees-amsterdam\\\/moco-museum\\\/\",\"url\":\"https:\\\/\\\/thingstodoinamsterdam.com\\\/fr\\\/musees-amsterdam\\\/moco-museum\\\/\",\"name\":\"Le mus\u00e9e Moco Amsterdam - informations, tarifs, r\u00e9ductions, avis et plus\",\"isPartOf\":{\"@id\":\"https:\\\/\\\/thingstodoinamsterdam.com\\\/fr\\\/#website\"},\"primaryImageOfPage\":{\"@id\":\"https:\\\/\\\/thingstodoinamsterdam.com\\\/fr\\\/musees-amsterdam\\\/moco-museum\\\/#primaryimage\"},\"image\":{\"@id\":\"https:\\\/\\\/thingstodoinamsterdam.com\\\/fr\\\/musees-amsterdam\\\/moco-museum\\\/#primaryimage\"},\"thumbnailUrl\":\"https:\\\/\\\/thingstodoinamsterdam.com\\\/wp-content\\\/uploads\\\/2019\\\/08\\\/mocosignEDIT-240x300.jpg\",\"datePublished\":\"2019-06-26T10:49:41+00:00\",\"dateModified\":\"2025-08-01T16:47:12+00:00\",\"description\":\"Venez d\u00e9couvrir le Moco Museum, il abrite de nombreuses oeuvres d'art d'artistes c\u00e9l\u00e8bres, tels que Banksy. R\u00e9servez vos billets \u00e0 prix r\u00e9duits !\",\"breadcrumb\":{\"@id\":\"https:\\\/\\\/thingstodoinamsterdam.com\\\/fr\\\/musees-amsterdam\\\/moco-museum\\\/#breadcrumb\"},\"inLanguage\":\"fr\",\"potentialAction\":[{\"@type\":\"ReadAction\",\"target\":[\"https:\\\/\\\/thingstodoinamsterdam.com\\\/fr\\\/musees-amsterdam\\\/moco-museum\\\/\"]}]},{\"@type\":\"ImageObject\",\"inLanguage\":\"fr\",\"@id\":\"https:\\\/\\\/thingstodoinamsterdam.com\\\/fr\\\/musees-amsterdam\\\/moco-museum\\\/#primaryimage\",\"url\":\"https:\\\/\\\/thingstodoinamsterdam.com\\\/wp-content\\\/uploads\\\/2019\\\/08\\\/mocosignEDIT-240x300.jpg\",\"contentUrl\":\"https:\\\/\\\/thingstodoinamsterdam.com\\\/wp-content\\\/uploads\\\/2019\\\/08\\\/mocosignEDIT-240x300.jpg\",\"width\":240,\"height\":300,\"caption\":\"moco museum amsterdam\"},{\"@type\":\"BreadcrumbList\",\"@id\":\"https:\\\/\\\/thingstodoinamsterdam.com\\\/fr\\\/musees-amsterdam\\\/moco-museum\\\/#breadcrumb\",\"itemListElement\":[{\"@type\":\"ListItem\",\"position\":1,\"name\":\"Visiter Amsterdam\",\"item\":\"https:\\\/\\\/thingstodoinamsterdam.com\\\/fr\\\/\"},{\"@type\":\"ListItem\",\"position\":2,\"name\":\"Mus\u00e9es \u00e0 Amsterdam\",\"item\":\"https:\\\/\\\/thingstodoinamsterdam.com\\\/fr\\\/musees-amsterdam\\\/\"},{\"@type\":\"ListItem\",\"position\":3,\"name\":\"Moco Museum\"}]},{\"@type\":\"WebSite\",\"@id\":\"https:\\\/\\\/thingstodoinamsterdam.com\\\/fr\\\/#website\",\"url\":\"https:\\\/\\\/thingstodoinamsterdam.com\\\/fr\\\/\",\"name\":\"ThingstodoinAmsterdam.com\",\"description\":\"Amsterdam&#039;s highlights and hidden secrets\",\"publisher\":{\"@id\":\"https:\\\/\\\/thingstodoinamsterdam.com\\\/fr\\\/#organization\"},\"potentialAction\":[{\"@type\":\"SearchAction\",\"target\":{\"@type\":\"EntryPoint\",\"urlTemplate\":\"https:\\\/\\\/thingstodoinamsterdam.com\\\/fr\\\/?s={search_term_string}\"},\"query-input\":{\"@type\":\"PropertyValueSpecification\",\"valueRequired\":true,\"valueName\":\"search_term_string\"}}],\"inLanguage\":\"fr\"},{\"@type\":\"Organization\",\"@id\":\"https:\\\/\\\/thingstodoinamsterdam.com\\\/fr\\\/#organization\",\"name\":\"Visiter Amsterdam\",\"url\":\"https:\\\/\\\/thingstodoinamsterdam.com\\\/fr\\\/\",\"logo\":{\"@type\":\"ImageObject\",\"inLanguage\":\"fr\",\"@id\":\"https:\\\/\\\/thingstodoinamsterdam.com\\\/fr\\\/#\\\/schema\\\/logo\\\/image\\\/\",\"url\":\"https:\\\/\\\/thingstodoinamsterdam.com\\\/wp-content\\\/uploads\\\/2025\\\/02\\\/ThingsToDoInAmsterdam-Favicon-logo.png\",\"contentUrl\":\"https:\\\/\\\/thingstodoinamsterdam.com\\\/wp-content\\\/uploads\\\/2025\\\/02\\\/ThingsToDoInAmsterdam-Favicon-logo.png\",\"width\":512,\"height\":512,\"caption\":\"Visiter Amsterdam\"},\"image\":{\"@id\":\"https:\\\/\\\/thingstodoinamsterdam.com\\\/fr\\\/#\\\/schema\\\/logo\\\/image\\\/\"},\"sameAs\":[\"https:\\\/\\\/www.facebook.com\\\/thingstodoinamsterdamcom\"]}]}<\/script>\n<!-- \/ Yoast SEO plugin. -->","yoast_head_json":{"title":"Le mus\u00e9e Moco Amsterdam - informations, tarifs, r\u00e9ductions, avis et plus","description":"Venez d\u00e9couvrir le Moco Museum, il abrite de nombreuses oeuvres d'art d'artistes c\u00e9l\u00e8bres, tels que Banksy. R\u00e9servez vos billets \u00e0 prix r\u00e9duits !","robots":{"index":"index","follow":"follow","max-snippet":"max-snippet:-1","max-image-preview":"max-image-preview:large","max-video-preview":"max-video-preview:-1"},"canonical":"https:\/\/thingstodoinamsterdam.com\/fr\/musees-amsterdam\/moco-museum\/","og_locale":"fr_FR","og_type":"article","og_title":"Le mus\u00e9e Moco Amsterdam - informations, tarifs, r\u00e9ductions, avis et plus","og_description":"Venez d\u00e9couvrir le Moco Museum, il abrite de nombreuses oeuvres d'art d'artistes c\u00e9l\u00e8bres, tels que Banksy. R\u00e9servez vos billets \u00e0 prix r\u00e9duits !","og_url":"https:\/\/thingstodoinamsterdam.com\/fr\/musees-amsterdam\/moco-museum\/","og_site_name":"ThingstodoinAmsterdam.com","article_publisher":"https:\/\/www.facebook.com\/thingstodoinamsterdamcom","article_modified_time":"2025-08-01T16:47:12+00:00","og_image":[{"width":240,"height":300,"url":"https:\/\/thingstodoinamsterdam.com\/wp-content\/uploads\/2019\/08\/mocosignEDIT-240x300.jpg","type":"image\/jpeg"}],"twitter_card":"summary_large_image","twitter_misc":{"Est. reading time":"5 minutes"},"schema":{"@context":"https:\/\/schema.org","@graph":[{"@type":"WebPage","@id":"https:\/\/thingstodoinamsterdam.com\/fr\/musees-amsterdam\/moco-museum\/","url":"https:\/\/thingstodoinamsterdam.com\/fr\/musees-amsterdam\/moco-museum\/","name":"Le mus\u00e9e Moco Amsterdam - informations, tarifs, r\u00e9ductions, avis et plus","isPartOf":{"@id":"https:\/\/thingstodoinamsterdam.com\/fr\/#website"},"primaryImageOfPage":{"@id":"https:\/\/thingstodoinamsterdam.com\/fr\/musees-amsterdam\/moco-museum\/#primaryimage"},"image":{"@id":"https:\/\/thingstodoinamsterdam.com\/fr\/musees-amsterdam\/moco-museum\/#primaryimage"},"thumbnailUrl":"https:\/\/thingstodoinamsterdam.com\/wp-content\/uploads\/2019\/08\/mocosignEDIT-240x300.jpg","datePublished":"2019-06-26T10:49:41+00:00","dateModified":"2025-08-01T16:47:12+00:00","description":"Venez d\u00e9couvrir le Moco Museum, il abrite de nombreuses oeuvres d'art d'artistes c\u00e9l\u00e8bres, tels que Banksy. R\u00e9servez vos billets \u00e0 prix r\u00e9duits !","breadcrumb":{"@id":"https:\/\/thingstodoinamsterdam.com\/fr\/musees-amsterdam\/moco-museum\/#breadcrumb"},"inLanguage":"fr","potentialAction":[{"@type":"ReadAction","target":["https:\/\/thingstodoinamsterdam.com\/fr\/musees-amsterdam\/moco-museum\/"]}]},{"@type":"ImageObject","inLanguage":"fr","@id":"https:\/\/thingstodoinamsterdam.com\/fr\/musees-amsterdam\/moco-museum\/#primaryimage","url":"https:\/\/thingstodoinamsterdam.com\/wp-content\/uploads\/2019\/08\/mocosignEDIT-240x300.jpg","contentUrl":"https:\/\/thingstodoinamsterdam.com\/wp-content\/uploads\/2019\/08\/mocosignEDIT-240x300.jpg","width":240,"height":300,"caption":"moco museum amsterdam"},{"@type":"BreadcrumbList","@id":"https:\/\/thingstodoinamsterdam.com\/fr\/musees-amsterdam\/moco-museum\/#breadcrumb","itemListElement":[{"@type":"ListItem","position":1,"name":"Visiter Amsterdam","item":"https:\/\/thingstodoinamsterdam.com\/fr\/"},{"@type":"ListItem","position":2,"name":"Mus\u00e9es \u00e0 Amsterdam","item":"https:\/\/thingstodoinamsterdam.com\/fr\/musees-amsterdam\/"},{"@type":"ListItem","position":3,"name":"Moco Museum"}]},{"@type":"WebSite","@id":"https:\/\/thingstodoinamsterdam.com\/fr\/#website","url":"https:\/\/thingstodoinamsterdam.com\/fr\/","name":"ThingstodoinAmsterdam.com","description":"Amsterdam&#039;s highlights and hidden secrets","publisher":{"@id":"https:\/\/thingstodoinamsterdam.com\/fr\/#organization"},"potentialAction":[{"@type":"SearchAction","target":{"@type":"EntryPoint","urlTemplate":"https:\/\/thingstodoinamsterdam.com\/fr\/?s={search_term_string}"},"query-input":{"@type":"PropertyValueSpecification","valueRequired":true,"valueName":"search_term_string"}}],"inLanguage":"fr"},{"@type":"Organization","@id":"https:\/\/thingstodoinamsterdam.com\/fr\/#organization","name":"Visiter Amsterdam","url":"https:\/\/thingstodoinamsterdam.com\/fr\/","logo":{"@type":"ImageObject","inLanguage":"fr","@id":"https:\/\/thingstodoinamsterdam.com\/fr\/#\/schema\/logo\/image\/","url":"https:\/\/thingstodoinamsterdam.com\/wp-content\/uploads\/2025\/02\/ThingsToDoInAmsterdam-Favicon-logo.png","contentUrl":"https:\/\/thingstodoinamsterdam.com\/wp-content\/uploads\/2025\/02\/ThingsToDoInAmsterdam-Favicon-logo.png","width":512,"height":512,"caption":"Visiter Amsterdam"},"image":{"@id":"https:\/\/thingstodoinamsterdam.com\/fr\/#\/schema\/logo\/image\/"},"sameAs":["https:\/\/www.facebook.com\/thingstodoinamsterdamcom"]}]}},"_links":{"self":[{"href":"https:\/\/thingstodoinamsterdam.com\/fr\/wp-json\/wp\/v2\/pages\/423","targetHints":{"allow":["GET"]}}],"collection":[{"href":"https:\/\/thingstodoinamsterdam.com\/fr\/wp-json\/wp\/v2\/pages"}],"about":[{"href":"https:\/\/thingstodoinamsterdam.com\/fr\/wp-json\/wp\/v2\/types\/page"}],"author":[{"embeddable":true,"href":"https:\/\/thingstodoinamsterdam.com\/fr\/wp-json\/wp\/v2\/users\/20"}],"replies":[{"embeddable":true,"href":"https:\/\/thingstodoinamsterdam.com\/fr\/wp-json\/wp\/v2\/comments?post=423"}],"version-history":[{"count":5,"href":"https:\/\/thingstodoinamsterdam.com\/fr\/wp-json\/wp\/v2\/pages\/423\/revisions"}],"predecessor-version":[{"id":2028550,"href":"https:\/\/thingstodoinamsterdam.com\/fr\/wp-json\/wp\/v2\/pages\/423\/revisions\/2028550"}],"up":[{"embeddable":true,"href":"https:\/\/thingstodoinamsterdam.com\/fr\/wp-json\/wp\/v2\/pages\/417"}],"wp:featuredmedia":[{"embeddable":true,"href":"https:\/\/thingstodoinamsterdam.com\/fr\/wp-json\/wp\/v2\/media\/2252"}],"wp:attachment":[{"href":"https:\/\/thingstodoinamsterdam.com\/fr\/wp-json\/wp\/v2\/media?parent=423"}],"curies":[{"name":"wp","href":"https:\/\/api.w.org\/{rel}","templated":true}]}}