{"id":424,"date":"2019-06-05T11:33:51","date_gmt":"2019-06-05T11:33:51","guid":{"rendered":"https:\/\/thingstodoinamsterdam.com\/?page_id=424"},"modified":"2025-05-30T15:23:56","modified_gmt":"2025-05-30T13:23:56","slug":"musee-maritime-amsterdam","status":"publish","type":"page","link":"https:\/\/thingstodoinamsterdam.com\/fr\/musees-amsterdam\/musee-maritime-amsterdam\/","title":{"rendered":"Mus\u00e9e Maritime Amsterdam"},"content":{"rendered":"<div class=\"wpb-content-wrapper\"><p>[vc_row][vc_column][vc_column_text]Si vous aimez les bateaux, il faut absoluement vous rendre au mus\u00e9e maritime d&#8217;Amsterdam ! Dans ce mus\u00e9e, vous d\u00e9couvrirez plus de 500 ans d&#8217;histoire maritime des Pays-Bas. Le mus\u00e9e est parfaitement \u00e9quip\u00e9 pour un public plus jeune, car il existe une r\u00e9plique d&#8217;un vieux voilier &#8216;The East Indiaman Amsterdam&#8217; \u00e0 l&#8217;ext\u00e9rieur du mus\u00e9e, que vous pouvez visiter !<\/p><div id=\"ez-toc-container\" class=\"ez-toc-v2_0_82_2 counter-hierarchy ez-toc-counter ez-toc-custom ez-toc-container-direction\">\n<div class=\"ez-toc-title-container\">\n<span class=\"ez-toc-title-toggle\"><a href=\"#\" class=\"ez-toc-pull-right ez-toc-btn ez-toc-btn-xs ez-toc-btn-default ez-toc-toggle\" aria-label=\"Toggle Table of Content\"><span class=\"ez-toc-js-icon-con\"><span class=\"\"><span class=\"eztoc-hide\" style=\"display:none;\">Toggle<\/span><span class=\"ez-toc-icon-toggle-span\"><svg style=\"fill: #999;color:#999\" xmlns=\"http:\/\/www.w3.org\/2000\/svg\" class=\"list-377408\" width=\"20px\" height=\"20px\" viewBox=\"0 0 24 24\" fill=\"none\"><path d=\"M6 6H4v2h2V6zm14 0H8v2h12V6zM4 11h2v2H4v-2zm16 0H8v2h12v-2zM4 16h2v2H4v-2zm16 0H8v2h12v-2z\" fill=\"currentColor\"><\/path><\/svg><svg style=\"fill: #999;color:#999\" class=\"arrow-unsorted-368013\" xmlns=\"http:\/\/www.w3.org\/2000\/svg\" width=\"10px\" height=\"10px\" viewBox=\"0 0 24 24\" version=\"1.2\" baseProfile=\"tiny\"><path d=\"M18.2 9.3l-6.2-6.3-6.2 6.3c-.2.2-.3.4-.3.7s.1.5.3.7c.2.2.4.3.7.3h11c.3 0 .5-.1.7-.3.2-.2.3-.5.3-.7s-.1-.5-.3-.7zM5.8 14.7l6.2 6.3 6.2-6.3c.2-.2.3-.5.3-.7s-.1-.5-.3-.7c-.2-.2-.4-.3-.7-.3h-11c-.3 0-.5.1-.7.3-.2.2-.3.5-.3.7s.1.5.3.7z\"\/><\/svg><\/span><\/span><\/span><\/a><\/span><\/div>\n<nav><ul class='ez-toc-list ez-toc-list-level-1 ' ><li class='ez-toc-page-1 ez-toc-heading-level-2'><a class=\"ez-toc-link ez-toc-heading-1\" href=\"https:\/\/thingstodoinamsterdam.com\/fr\/musees-amsterdam\/musee-maritime-amsterdam\/#horaires-douverture\" >Horaires d&#8217;ouverture<\/a><\/li><li class='ez-toc-page-1 ez-toc-heading-level-2'><a class=\"ez-toc-link ez-toc-heading-2\" href=\"https:\/\/thingstodoinamsterdam.com\/fr\/musees-amsterdam\/musee-maritime-amsterdam\/#tarifs-billets-et-reduction-pour-le-musee-national-maritime-amsterdam\" >Tarifs, billets et r\u00e9duction pour le mus\u00e9e National Maritime Amsterdam<\/a><\/li><\/ul><\/nav><\/div>\n\n<p>Au sein du mus\u00e9e, vous trouverez\u00a0une large collection de :<\/p>\n<ul>\n<li>peintures<\/li>\n<li>instruments<\/li>\n<li>armes<\/li>\n<li>pi\u00e8ces de bateau<\/li>\n<li>mod\u00e8les de bateau<\/li>\n<li>cartes navale<\/li>\n<li>&#8230;<\/li>\n<\/ul>\n<p>Comme les\u00a0autres pays europ\u00e9ens, les\u00a0n\u00e9erlandais ont commenc\u00e9 \u00e0 explorer\u00a0le monde\u00a0par la mer au cours du XVIe si\u00e8cle. Lors de ces voyages dangereux, ils \u00e9taient en qu\u00eate de prosp\u00e9rit\u00e9. Ils ont commenc\u00e9 \u00e0 \u00e9changer des produits exotiques, comme des \u00e9pices, du coton et de l&#8217;or.<\/p>\n<p>Bien que les Pays-Bas et le reste de l&#8217;Europe aient \u00e9norm\u00e9ment profit\u00e9 des importations et des exportations vers ces \u00abnouveaux\u00bb pays aux XVIe et XVIIe si\u00e8cles, ces pays eux-m\u00eames ne connaissaient pas une prosp\u00e9rit\u00e9 \u00e9gale. Au contraire, les pays \u00e9taient souvent colonis\u00e9s et exploit\u00e9s. C&#8217;\u00e9tait un moment violent o\u00f9 l&#8217;humanit\u00e9 a \u00e9t\u00e9 mise de c\u00f4t\u00e9 pour le bien-\u00eatre. Le r\u00f4le des Pays-Bas dans l&#8217;esclavage est souvent qualifi\u00e9 de page noire dans l&#8217;histoire du pays. Un c\u00f4t\u00e9 de l&#8217;histoire qui sera \u00e9galement racont\u00e9 au Mus\u00e9e maritime national.[\/vc_column_text][button title=&#8221;Achetez vos billets pour le mus\u00e9e Maritime National \u00e0 Amsterdam sur Tours&amp;Tickets&#8221; link=&#8221;https:\/\/thingstodoinamsterdam.com\/ticketlinkfr-maritime-tours-std&#8221; icon=&#8221;&#8221; button_align=&#8221;center&#8221; target=&#8221;true&#8221; nofollow=&#8221;true&#8221; el_id=&#8221;1565699946856-e00ed509-1513&#8243;][vc_single_image image=&#8221;2320&#8243; img_size=&#8221;full&#8221; add_caption=&#8221;yes&#8221; alignment=&#8221;center&#8221;][vc_column_text]<\/p>\n<h2><span class=\"ez-toc-section\" id=\"horaires-douverture\"><\/span>Horaires d&#8217;ouverture<span class=\"ez-toc-section-end\"><\/span><\/h2>\n<p>Le mus\u00e9e National Maritime d&#8217;Amsterdam est ouvert tous les jours de 9:00 \u00e0 17:00?<\/p>\n<p>Exceptions :<\/p>\n<ul>\n<li>1er janvier &#8211; <strong>ferm\u00e9<\/strong><\/li>\n<li>27 avril &#8211; King&#8217;s Day &#8211;\u00a0<strong>ferm\u00e9<\/strong><\/li>\n<li>25 d\u00e9cembre &#8211;\u00a0<strong>ferm\u00e9<\/strong><\/li>\n<\/ul>\n<p>[\/vc_column_text][vc_column_text css=&#8221;&#8221;]<\/p>\n<h2><span class=\"ez-toc-section\" id=\"tarifs-billets-et-reduction-pour-le-musee-national-maritime-amsterdam\"><\/span>Tarifs, billets et r\u00e9duction pour le mus\u00e9e National Maritime Amsterdam<span class=\"ez-toc-section-end\"><\/span><\/h2>\n<p>Vous pouvez\u00a0acheter\u00a0vos billets \u00e0 l&#8217;entr\u00e9e du mus\u00e9e, toutefois, si vous\u00a0r\u00e9servez vos billets en ligne en cliquant sur le bouton bleu, vous b\u00e9n\u00e9ficierez d&#8217;une r\u00e9duction ! De plus, vous n&#8217;aurez pas besoin d&#8217;imprimer vos e-billets car ceux-ci vous seront envoy\u00e9s par e-mail et il suffira de les montrer \u00e0 l&#8217;entr\u00e9e du mus\u00e9e !<\/p>\n<table style=\"width: 100%;\">\n<tbody>\n<tr>\n<td>Enfants de moins de 3 ans<\/td>\n<td>gratuit<\/td>\n<\/tr>\n<tr>\n<td>Enfants entre 4 et 17 ans<\/td>\n<td>8\u20ac<\/td>\n<\/tr>\n<tr>\n<td>Adultes<\/td>\n<td>18,50\u20ac<\/td>\n<\/tr>\n<\/tbody>\n<\/table>\n<p>[\/vc_column_text][button title=&#8221;Achetez vos billets pour le mus\u00e9e Maritime National \u00e0 Amsterdam sur Tours&amp;Tickets&#8221; link=&#8221;https:\/\/thingstodoinamsterdam.com\/ticketlinkfr-maritime-tours-std&#8221; icon=&#8221;&#8221; button_align=&#8221;center&#8221; target=&#8221;true&#8221; nofollow=&#8221;true&#8221; el_id=&#8221;1565700153355-b43f20ce-62c9&#8243;][vc_column_text]Le mus\u00e9e National Maritime d&#8217;Amsterdam est situ\u00e9 \u00e0 l&#8217;Est de Centraal Station et tout pr\u00e8s du <a href=\"https:\/\/thingstodoinamsterdam.com\/fr\/musees-amsterdam\/musee-nemo-amsterdam\/\">mus\u00e9e NEMO<\/a> ! Il est tr\u00e8s facile de s&#8217;y rendre !<\/p>\n<p><strong>Adresse<br \/>\n<\/strong>Het Scheepvaartmuseum<strong><br \/>\n<\/strong>Kattenburgerplein 1<br \/>\n1018 KK Amsterdam<br \/>\n+31 (0)20 52 32 222<br \/>\n<a href=\"mailto:info@hetscheepvaartmuseum.nl\">info@hetscheepvaartmuseum.nl<\/a><\/p>\n<p><a href=\"https:\/\/www.hetscheepvaartmuseum.nl\/\">https:\/\/www.hetscheepvaartmuseum.nl\/<\/a>[\/vc_column_text][g_map heading=&#8221;National Maritime Museum Amsterdam sur Google Map&#8221; el_id=&#8221;1565700256463-1a347d57-4f1a&#8221;]<iframe style=\"border: 0;\" src=\"https:\/\/www.google.com\/maps\/embed?pb=!1m18!1m12!1m3!1d2435.928946120727!2d4.912691115858554!3d52.37170837978634!2m3!1f0!2f0!3f0!3m2!1i1024!2i768!4f13.1!3m3!1m2!1s0x47c609a14eabed5f%3A0x59a81b9e66483986!2sAmsterdam+Maritime+History+Museum!5e0!3m2!1sen!2snl!4v1484086045867\" width=\"600\" height=\"450\" frameborder=\"0\" allowfullscreen=\"allowfullscreen\"><\/iframe>[\/g_map][vc_column_text]<\/p>\n<h3>Transports publics<\/h3>\n<p>Le mus\u00e9e Maritime est situ\u00e9 tout pr\u00e8s de Centraal Station et du <a href=\"https:\/\/thingstodoinamsterdam.com\/fr\/musees-amsterdam\/musee-nemo-amsterdam\/\">mus\u00e9e NEMO<\/a> ! Donc, il est tr\u00e8s facile de le rejoindre, \u00e0 pied ou en transport !<\/p>\n<p>\u00c0 partir de Centraal Station, il vous faudra entre 15 et 20 minutes pour vous rendre \u00e0 pied au mus\u00e9e Maritime. Sinon, vous pouvez prendre les transports suivants :<\/p>\n<p>&nbsp;<\/p>\n<p><strong>\u00c0 partir d&#8217;Amsterdam Centraal Station<\/strong><\/p>\n<ul>\n<li style=\"list-style-type: none;\">\n<ul>\n<li style=\"list-style-type: none;\">\n<ul>\n<li>Bus\u00a022, en direction de Indische Buurt, arr\u00eat \u00e0 Kadijksplein<\/li>\n<li>Bus 48, en direction de Borneo Eiland, arr\u00eat \u00e0 Kadijksplein<\/li>\n<\/ul>\n<\/li>\n<\/ul>\n<\/li>\n<\/ul>\n<p>&nbsp;<\/p>\n<p>Pour vous renseigner sur les temps de trajet actuels, vous pouvez utiliser le widget ci-dessous en fonction de votre position actuelle. Cette application vous aidera lorsque vous ne savez pas quel bus ou tram vous pouvez emprunter depuis votre position.<\/p>\n<p><a href=\"http:\/\/9292.nl\/en\/?to=amsterdam_kattenburgerplein-1\"><img decoding=\"async\" class=\"alignnone size-medium wp-image-3080\" src=\" https:\/\/thingstodoinamsterdam.com\/wp-content\/uploads\/2019\/07\/Button-Plan-mijn-OV-reis-EN-300x54.png\" alt=\"\" width=\"300\" height=\"54\" \/><\/a>[\/vc_column_text][vc_column_text css=&#8221;&#8221;]<\/p>\n<h3>Plus de choses \u00e0 faire<\/h3>\n<p><a href=\"https:\/\/thingstodoinamsterdam.com\/fr\/artis-zoo-amsterdam\/\">ARTIS zoo Amsterdam<\/a><br \/>\nAmsterdam Dungeon<br \/>\n<a href=\"https:\/\/thingstodoinamsterdam.com\/fr\/musees-amsterdam\/body-worlds-amsterdam\/\">BODY WORLDS Amsterdam<\/a><br \/>\n<a href=\"https:\/\/thingstodoinamsterdam.com\/fr\/croisiere-sur-les-canaux-amsterdam\/\">Croisi\u00e8re sur les\u00a0canaux Amsterdam<\/a><br \/>\n<a href=\"https:\/\/thingstodoinamsterdam.com\/fr\/autour-amsterdam\/\">Autour d&#8217;Amsterdam<\/a><br \/>\n<a href=\"https:\/\/thingstodoinamsterdam.com\/fr\/musees-amsterdam\/heineken-experience-amsterdam\/\">Heineken Experience<\/a><br \/>\n<a href=\"https:\/\/thingstodoinamsterdam.com\/fr\/musees-amsterdam\/hermitage-amsterdam\/\">Hermitage Amsterdam<\/a><br \/>\n<a href=\"https:\/\/thingstodoinamsterdam.com\/fr\/ice-bar-amsterdam\/\">Ice Bar Amsterdam<\/a><br \/>\n<a href=\"https:\/\/thingstodoinamsterdam.com\/fr\/informations-pratiques\/la-carte-i-amsterdam-city-card\/\">La carte I Amsterdam City Card<\/a><br \/>\n<a href=\"https:\/\/thingstodoinamsterdam.com\/fr\/musees-amsterdam\/moco-museum\/\">Moco Museum<\/a><br \/>\nPowerzone<br \/>\n<a href=\"https:\/\/thingstodoinamsterdam.com\/fr\/lieux-et-tourisme-amsterdam\/\">Lieux d&#8217;int\u00e9r\u00eats et tourisme \u00e0 Amsterdam<\/a><br \/>\n<a href=\"https:\/\/thingstodoinamsterdam.com\/fr\/musees-amsterdam\/le-rijksmuseum\/\">Rijksmuseum<\/a><br \/>\n<a href=\"https:\/\/thingstodoinamsterdam.com\/fr\/musees-amsterdam\/le-musee-stedelijk\/\">Stedelijk Museum<\/a><br \/>\n<a href=\"https:\/\/thingstodoinamsterdam.com\/fr\/musees-amsterdam\/le-musee-des-tropiques\/\">Le mus\u00e9e des Tropiques<\/a>[\/vc_column_text][\/vc_column][\/vc_row][vc_row][vc_column][reviews heading=&#8221;Avis sur le mus\u00e9e Maritime Amsterdam&#8221; description=&#8221;Nous sommes toujours int\u00e9ress\u00e9s en ce qui concerne les exp\u00e9riences de nos visiteurs. Dites-nous ce que vous en avez pens\u00e9 et aidez les autres voyageurs !&#8221; el_id=&#8221;1565700333936-efecfc9e-a55e&#8221;][\/reviews][vc_column_text]<\/p>\n<div class=\"vc_row wpb_row vc_row-fluid\">\n<div class=\"wpb_column vc_column_container vc_col-sm-12\">\n<div class=\"vc_column-inner\">\n<div class=\"wpb_wrapper\">\n<div class=\"wpb_text_column wpb_content_element \">\n<div class=\"wpb_wrapper\">\n<p><strong>Jetez un oeil \u00e0 l\u2019un des mus\u00e9es ci-dessous ou revenez \u00e0 la page g\u00e9n\u00e9rale concernant <a href=\"https:\/\/thingstodoinamsterdam.com\/fr\/musees-amsterdam\/\">les mus\u00e9es d\u2019Amsterdam<\/a>.<\/strong><\/p>\n<\/div>\n<\/div>\n<\/div>\n<\/div>\n<\/div>\n<\/div>\n<p>[\/vc_column_text][\/vc_column][\/vc_row][vc_row][vc_column][promo_block style_var=&#8221;style2&#8243; el_id=&#8221;1565700373611-455da2ec-87d9&#8243;][promo link=&#8221;url:https%3A%2F%2Fthingstodoinamsterdam.com%2Ffr%2Fmusees-amsterdam%2Fle-rijksmuseum%2F|title:Rijksmuseum||&#8221; text=&#8221;Venez d\u00e9couvrir le Night Watch de Rembrandt !&#8221; img=&#8221;1090&#8243;][promo link=&#8221;url:https%3A%2F%2Fthingstodoinamsterdam.com%2Ffr%2Fmusees-amsterdam%2Fheineken-experience-amsterdam%2F|title:Heineken%20Experience||&#8221; text=&#8221;Venez en apprendre plus sur la c\u00e9l\u00e8bre marque de bi\u00e8re !&#8221; img=&#8221;548&#8243;][promo link=&#8221;url:https%3A%2F%2Fthingstodoinamsterdam.com%2Ffr%2Fmusees-amsterdam%2Fla-maison-danne-frank%2F|title:La%20maison%20d%E2%80%99Anne%20Frank||&#8221; text=&#8221;Venez visiter l\u2019Annexe, l\u00e0 o\u00f9 Anne Frank a \u00e9crit son journal.&#8221; img=&#8221;528&#8243;][\/promo_block][\/vc_column][\/vc_row]<\/p>\n<\/div>","protected":false},"excerpt":{"rendered":"<p>[vc_row][vc_column][vc_column_text]Si vous aimez les bateaux, il faut absoluement vous rendre au mus\u00e9e maritime d&#8217;Amsterdam ! Dans ce mus\u00e9e, vous d\u00e9couvrirez plus de 500 ans d&#8217;histoire\u2026<\/p>\n","protected":false},"author":20,"featured_media":3266,"parent":417,"menu_order":0,"comment_status":"closed","ping_status":"closed","template":"","meta":{"footnotes":""},"class_list":["post-424","page","type-page","status-publish","has-post-thumbnail","hentry"],"yoast_head":"<!-- This site is optimized with the Yoast SEO plugin v27.3 - https:\/\/yoast.com\/product\/yoast-seo-wordpress\/ -->\n<title>Mus\u00e9e Maritime Amsterdam - tarifs, r\u00e9ductions, informations, avis &amp; +<\/title>\n<meta name=\"description\" content=\"Sentez vous comme un pirate en montant \u00e0 bord d&#039;une r\u00e9plique du vieux voilier &#039;The East Indiaman Amsterdam&#039; ! R\u00e9servez vos billets \u00e0 prix r\u00e9duit ici.\" \/>\n<meta name=\"robots\" content=\"index, follow, max-snippet:-1, max-image-preview:large, max-video-preview:-1\" \/>\n<link rel=\"canonical\" href=\"https:\/\/thingstodoinamsterdam.com\/fr\/musees-amsterdam\/musee-maritime-amsterdam\/\" \/>\n<meta property=\"og:locale\" content=\"fr_FR\" \/>\n<meta property=\"og:type\" content=\"article\" \/>\n<meta property=\"og:title\" content=\"Mus\u00e9e Maritime Amsterdam - tarifs, r\u00e9ductions, informations, avis &amp; +\" \/>\n<meta property=\"og:description\" content=\"Sentez vous comme un pirate en montant \u00e0 bord d&#039;une r\u00e9plique du vieux voilier &#039;The East Indiaman Amsterdam&#039; ! R\u00e9servez vos billets \u00e0 prix r\u00e9duit ici.\" \/>\n<meta property=\"og:url\" content=\"https:\/\/thingstodoinamsterdam.com\/fr\/musees-amsterdam\/musee-maritime-amsterdam\/\" \/>\n<meta property=\"og:site_name\" content=\"ThingstodoinAmsterdam.com\" \/>\n<meta property=\"article:publisher\" content=\"https:\/\/www.facebook.com\/thingstodoinamsterdamcom\" \/>\n<meta property=\"article:modified_time\" content=\"2025-05-30T13:23:56+00:00\" \/>\n<meta property=\"og:image\" content=\"https:\/\/thingstodoinamsterdam.com\/wp-content\/uploads\/2019\/08\/Maritime-Museum-Amsterdam-2.jpg\" \/>\n\t<meta property=\"og:image:width\" content=\"1200\" \/>\n\t<meta property=\"og:image:height\" content=\"900\" \/>\n\t<meta property=\"og:image:type\" content=\"image\/jpeg\" \/>\n<meta name=\"twitter:card\" content=\"summary_large_image\" \/>\n<meta name=\"twitter:label1\" content=\"Est. reading time\" \/>\n\t<meta name=\"twitter:data1\" content=\"5 minutes\" \/>\n<script type=\"application\/ld+json\" class=\"yoast-schema-graph\">{\"@context\":\"https:\\\/\\\/schema.org\",\"@graph\":[{\"@type\":\"WebPage\",\"@id\":\"https:\\\/\\\/thingstodoinamsterdam.com\\\/fr\\\/musees-amsterdam\\\/musee-maritime-amsterdam\\\/\",\"url\":\"https:\\\/\\\/thingstodoinamsterdam.com\\\/fr\\\/musees-amsterdam\\\/musee-maritime-amsterdam\\\/\",\"name\":\"Mus\u00e9e Maritime Amsterdam - tarifs, r\u00e9ductions, informations, avis & +\",\"isPartOf\":{\"@id\":\"https:\\\/\\\/thingstodoinamsterdam.com\\\/fr\\\/#website\"},\"primaryImageOfPage\":{\"@id\":\"https:\\\/\\\/thingstodoinamsterdam.com\\\/fr\\\/musees-amsterdam\\\/musee-maritime-amsterdam\\\/#primaryimage\"},\"image\":{\"@id\":\"https:\\\/\\\/thingstodoinamsterdam.com\\\/fr\\\/musees-amsterdam\\\/musee-maritime-amsterdam\\\/#primaryimage\"},\"thumbnailUrl\":\"https:\\\/\\\/thingstodoinamsterdam.com\\\/wp-content\\\/uploads\\\/2019\\\/08\\\/Maritime-Museum-Amsterdam-2.jpg\",\"datePublished\":\"2019-06-05T11:33:51+00:00\",\"dateModified\":\"2025-05-30T13:23:56+00:00\",\"description\":\"Sentez vous comme un pirate en montant \u00e0 bord d'une r\u00e9plique du vieux voilier 'The East Indiaman Amsterdam' ! R\u00e9servez vos billets \u00e0 prix r\u00e9duit ici.\",\"breadcrumb\":{\"@id\":\"https:\\\/\\\/thingstodoinamsterdam.com\\\/fr\\\/musees-amsterdam\\\/musee-maritime-amsterdam\\\/#breadcrumb\"},\"inLanguage\":\"fr\",\"potentialAction\":[{\"@type\":\"ReadAction\",\"target\":[\"https:\\\/\\\/thingstodoinamsterdam.com\\\/fr\\\/musees-amsterdam\\\/musee-maritime-amsterdam\\\/\"]}]},{\"@type\":\"ImageObject\",\"inLanguage\":\"fr\",\"@id\":\"https:\\\/\\\/thingstodoinamsterdam.com\\\/fr\\\/musees-amsterdam\\\/musee-maritime-amsterdam\\\/#primaryimage\",\"url\":\"https:\\\/\\\/thingstodoinamsterdam.com\\\/wp-content\\\/uploads\\\/2019\\\/08\\\/Maritime-Museum-Amsterdam-2.jpg\",\"contentUrl\":\"https:\\\/\\\/thingstodoinamsterdam.com\\\/wp-content\\\/uploads\\\/2019\\\/08\\\/Maritime-Museum-Amsterdam-2.jpg\",\"width\":1200,\"height\":900},{\"@type\":\"BreadcrumbList\",\"@id\":\"https:\\\/\\\/thingstodoinamsterdam.com\\\/fr\\\/musees-amsterdam\\\/musee-maritime-amsterdam\\\/#breadcrumb\",\"itemListElement\":[{\"@type\":\"ListItem\",\"position\":1,\"name\":\"Visiter Amsterdam\",\"item\":\"https:\\\/\\\/thingstodoinamsterdam.com\\\/fr\\\/\"},{\"@type\":\"ListItem\",\"position\":2,\"name\":\"Mus\u00e9es \u00e0 Amsterdam\",\"item\":\"https:\\\/\\\/thingstodoinamsterdam.com\\\/fr\\\/musees-amsterdam\\\/\"},{\"@type\":\"ListItem\",\"position\":3,\"name\":\"Mus\u00e9e Maritime Amsterdam\"}]},{\"@type\":\"WebSite\",\"@id\":\"https:\\\/\\\/thingstodoinamsterdam.com\\\/fr\\\/#website\",\"url\":\"https:\\\/\\\/thingstodoinamsterdam.com\\\/fr\\\/\",\"name\":\"ThingstodoinAmsterdam.com\",\"description\":\"Amsterdam&#039;s highlights and hidden secrets\",\"publisher\":{\"@id\":\"https:\\\/\\\/thingstodoinamsterdam.com\\\/fr\\\/#organization\"},\"potentialAction\":[{\"@type\":\"SearchAction\",\"target\":{\"@type\":\"EntryPoint\",\"urlTemplate\":\"https:\\\/\\\/thingstodoinamsterdam.com\\\/fr\\\/?s={search_term_string}\"},\"query-input\":{\"@type\":\"PropertyValueSpecification\",\"valueRequired\":true,\"valueName\":\"search_term_string\"}}],\"inLanguage\":\"fr\"},{\"@type\":\"Organization\",\"@id\":\"https:\\\/\\\/thingstodoinamsterdam.com\\\/fr\\\/#organization\",\"name\":\"Visiter Amsterdam\",\"url\":\"https:\\\/\\\/thingstodoinamsterdam.com\\\/fr\\\/\",\"logo\":{\"@type\":\"ImageObject\",\"inLanguage\":\"fr\",\"@id\":\"https:\\\/\\\/thingstodoinamsterdam.com\\\/fr\\\/#\\\/schema\\\/logo\\\/image\\\/\",\"url\":\"https:\\\/\\\/thingstodoinamsterdam.com\\\/wp-content\\\/uploads\\\/2025\\\/02\\\/ThingsToDoInAmsterdam-Favicon-logo.png\",\"contentUrl\":\"https:\\\/\\\/thingstodoinamsterdam.com\\\/wp-content\\\/uploads\\\/2025\\\/02\\\/ThingsToDoInAmsterdam-Favicon-logo.png\",\"width\":512,\"height\":512,\"caption\":\"Visiter Amsterdam\"},\"image\":{\"@id\":\"https:\\\/\\\/thingstodoinamsterdam.com\\\/fr\\\/#\\\/schema\\\/logo\\\/image\\\/\"},\"sameAs\":[\"https:\\\/\\\/www.facebook.com\\\/thingstodoinamsterdamcom\"]}]}<\/script>\n<!-- \/ Yoast SEO plugin. -->","yoast_head_json":{"title":"Mus\u00e9e Maritime Amsterdam - tarifs, r\u00e9ductions, informations, avis & +","description":"Sentez vous comme un pirate en montant \u00e0 bord d'une r\u00e9plique du vieux voilier 'The East Indiaman Amsterdam' ! R\u00e9servez vos billets \u00e0 prix r\u00e9duit ici.","robots":{"index":"index","follow":"follow","max-snippet":"max-snippet:-1","max-image-preview":"max-image-preview:large","max-video-preview":"max-video-preview:-1"},"canonical":"https:\/\/thingstodoinamsterdam.com\/fr\/musees-amsterdam\/musee-maritime-amsterdam\/","og_locale":"fr_FR","og_type":"article","og_title":"Mus\u00e9e Maritime Amsterdam - tarifs, r\u00e9ductions, informations, avis & +","og_description":"Sentez vous comme un pirate en montant \u00e0 bord d'une r\u00e9plique du vieux voilier 'The East Indiaman Amsterdam' ! R\u00e9servez vos billets \u00e0 prix r\u00e9duit ici.","og_url":"https:\/\/thingstodoinamsterdam.com\/fr\/musees-amsterdam\/musee-maritime-amsterdam\/","og_site_name":"ThingstodoinAmsterdam.com","article_publisher":"https:\/\/www.facebook.com\/thingstodoinamsterdamcom","article_modified_time":"2025-05-30T13:23:56+00:00","og_image":[{"width":1200,"height":900,"url":"https:\/\/thingstodoinamsterdam.com\/wp-content\/uploads\/2019\/08\/Maritime-Museum-Amsterdam-2.jpg","type":"image\/jpeg"}],"twitter_card":"summary_large_image","twitter_misc":{"Est. reading time":"5 minutes"},"schema":{"@context":"https:\/\/schema.org","@graph":[{"@type":"WebPage","@id":"https:\/\/thingstodoinamsterdam.com\/fr\/musees-amsterdam\/musee-maritime-amsterdam\/","url":"https:\/\/thingstodoinamsterdam.com\/fr\/musees-amsterdam\/musee-maritime-amsterdam\/","name":"Mus\u00e9e Maritime Amsterdam - tarifs, r\u00e9ductions, informations, avis & +","isPartOf":{"@id":"https:\/\/thingstodoinamsterdam.com\/fr\/#website"},"primaryImageOfPage":{"@id":"https:\/\/thingstodoinamsterdam.com\/fr\/musees-amsterdam\/musee-maritime-amsterdam\/#primaryimage"},"image":{"@id":"https:\/\/thingstodoinamsterdam.com\/fr\/musees-amsterdam\/musee-maritime-amsterdam\/#primaryimage"},"thumbnailUrl":"https:\/\/thingstodoinamsterdam.com\/wp-content\/uploads\/2019\/08\/Maritime-Museum-Amsterdam-2.jpg","datePublished":"2019-06-05T11:33:51+00:00","dateModified":"2025-05-30T13:23:56+00:00","description":"Sentez vous comme un pirate en montant \u00e0 bord d'une r\u00e9plique du vieux voilier 'The East Indiaman Amsterdam' ! R\u00e9servez vos billets \u00e0 prix r\u00e9duit ici.","breadcrumb":{"@id":"https:\/\/thingstodoinamsterdam.com\/fr\/musees-amsterdam\/musee-maritime-amsterdam\/#breadcrumb"},"inLanguage":"fr","potentialAction":[{"@type":"ReadAction","target":["https:\/\/thingstodoinamsterdam.com\/fr\/musees-amsterdam\/musee-maritime-amsterdam\/"]}]},{"@type":"ImageObject","inLanguage":"fr","@id":"https:\/\/thingstodoinamsterdam.com\/fr\/musees-amsterdam\/musee-maritime-amsterdam\/#primaryimage","url":"https:\/\/thingstodoinamsterdam.com\/wp-content\/uploads\/2019\/08\/Maritime-Museum-Amsterdam-2.jpg","contentUrl":"https:\/\/thingstodoinamsterdam.com\/wp-content\/uploads\/2019\/08\/Maritime-Museum-Amsterdam-2.jpg","width":1200,"height":900},{"@type":"BreadcrumbList","@id":"https:\/\/thingstodoinamsterdam.com\/fr\/musees-amsterdam\/musee-maritime-amsterdam\/#breadcrumb","itemListElement":[{"@type":"ListItem","position":1,"name":"Visiter Amsterdam","item":"https:\/\/thingstodoinamsterdam.com\/fr\/"},{"@type":"ListItem","position":2,"name":"Mus\u00e9es \u00e0 Amsterdam","item":"https:\/\/thingstodoinamsterdam.com\/fr\/musees-amsterdam\/"},{"@type":"ListItem","position":3,"name":"Mus\u00e9e Maritime Amsterdam"}]},{"@type":"WebSite","@id":"https:\/\/thingstodoinamsterdam.com\/fr\/#website","url":"https:\/\/thingstodoinamsterdam.com\/fr\/","name":"ThingstodoinAmsterdam.com","description":"Amsterdam&#039;s highlights and hidden secrets","publisher":{"@id":"https:\/\/thingstodoinamsterdam.com\/fr\/#organization"},"potentialAction":[{"@type":"SearchAction","target":{"@type":"EntryPoint","urlTemplate":"https:\/\/thingstodoinamsterdam.com\/fr\/?s={search_term_string}"},"query-input":{"@type":"PropertyValueSpecification","valueRequired":true,"valueName":"search_term_string"}}],"inLanguage":"fr"},{"@type":"Organization","@id":"https:\/\/thingstodoinamsterdam.com\/fr\/#organization","name":"Visiter Amsterdam","url":"https:\/\/thingstodoinamsterdam.com\/fr\/","logo":{"@type":"ImageObject","inLanguage":"fr","@id":"https:\/\/thingstodoinamsterdam.com\/fr\/#\/schema\/logo\/image\/","url":"https:\/\/thingstodoinamsterdam.com\/wp-content\/uploads\/2025\/02\/ThingsToDoInAmsterdam-Favicon-logo.png","contentUrl":"https:\/\/thingstodoinamsterdam.com\/wp-content\/uploads\/2025\/02\/ThingsToDoInAmsterdam-Favicon-logo.png","width":512,"height":512,"caption":"Visiter Amsterdam"},"image":{"@id":"https:\/\/thingstodoinamsterdam.com\/fr\/#\/schema\/logo\/image\/"},"sameAs":["https:\/\/www.facebook.com\/thingstodoinamsterdamcom"]}]}},"_links":{"self":[{"href":"https:\/\/thingstodoinamsterdam.com\/fr\/wp-json\/wp\/v2\/pages\/424","targetHints":{"allow":["GET"]}}],"collection":[{"href":"https:\/\/thingstodoinamsterdam.com\/fr\/wp-json\/wp\/v2\/pages"}],"about":[{"href":"https:\/\/thingstodoinamsterdam.com\/fr\/wp-json\/wp\/v2\/types\/page"}],"author":[{"embeddable":true,"href":"https:\/\/thingstodoinamsterdam.com\/fr\/wp-json\/wp\/v2\/users\/20"}],"replies":[{"embeddable":true,"href":"https:\/\/thingstodoinamsterdam.com\/fr\/wp-json\/wp\/v2\/comments?post=424"}],"version-history":[{"count":5,"href":"https:\/\/thingstodoinamsterdam.com\/fr\/wp-json\/wp\/v2\/pages\/424\/revisions"}],"predecessor-version":[{"id":2027413,"href":"https:\/\/thingstodoinamsterdam.com\/fr\/wp-json\/wp\/v2\/pages\/424\/revisions\/2027413"}],"up":[{"embeddable":true,"href":"https:\/\/thingstodoinamsterdam.com\/fr\/wp-json\/wp\/v2\/pages\/417"}],"wp:featuredmedia":[{"embeddable":true,"href":"https:\/\/thingstodoinamsterdam.com\/fr\/wp-json\/wp\/v2\/media\/3266"}],"wp:attachment":[{"href":"https:\/\/thingstodoinamsterdam.com\/fr\/wp-json\/wp\/v2\/media?parent=424"}],"curies":[{"name":"wp","href":"https:\/\/api.w.org\/{rel}","templated":true}]}}