{"id":426,"date":"2019-06-28T09:54:33","date_gmt":"2019-06-28T09:54:33","guid":{"rendered":"https:\/\/thingstodoinamsterdam.com\/?page_id=426"},"modified":"2025-08-29T16:30:01","modified_gmt":"2025-08-29T14:30:01","slug":"sex-museum-amsterdam","status":"publish","type":"page","link":"https:\/\/thingstodoinamsterdam.com\/fr\/musees-amsterdam\/sex-museum-amsterdam\/","title":{"rendered":"Sex Museum Amsterdam"},"content":{"rendered":"<div class=\"wpb-content-wrapper\"><p>[vc_row][vc_column][vc_column_text]Le Sex Museum \u00e0 Amsterdam abrite une collection d&#8217;art et d&#8217;artefacts\u00a0consacr\u00e9e au monde\u00a0merveilleux et parfois tabou de la sexualit\u00e9 humaine. C&#8217;est le premier mus\u00e9e auto-proclam\u00e9 au monde, consacr\u00e9 exclusivement au sexe.<\/p><div id=\"ez-toc-container\" class=\"ez-toc-v2_0_82_2 counter-hierarchy ez-toc-counter ez-toc-custom ez-toc-container-direction\">\n<div class=\"ez-toc-title-container\">\n<span class=\"ez-toc-title-toggle\"><a href=\"#\" class=\"ez-toc-pull-right ez-toc-btn ez-toc-btn-xs ez-toc-btn-default ez-toc-toggle\" aria-label=\"Toggle Table of Content\"><span class=\"ez-toc-js-icon-con\"><span class=\"\"><span class=\"eztoc-hide\" style=\"display:none;\">Toggle<\/span><span class=\"ez-toc-icon-toggle-span\"><svg style=\"fill: #999;color:#999\" xmlns=\"http:\/\/www.w3.org\/2000\/svg\" class=\"list-377408\" width=\"20px\" height=\"20px\" viewBox=\"0 0 24 24\" fill=\"none\"><path d=\"M6 6H4v2h2V6zm14 0H8v2h12V6zM4 11h2v2H4v-2zm16 0H8v2h12v-2zM4 16h2v2H4v-2zm16 0H8v2h12v-2z\" fill=\"currentColor\"><\/path><\/svg><svg style=\"fill: #999;color:#999\" class=\"arrow-unsorted-368013\" xmlns=\"http:\/\/www.w3.org\/2000\/svg\" width=\"10px\" height=\"10px\" viewBox=\"0 0 24 24\" version=\"1.2\" baseProfile=\"tiny\"><path d=\"M18.2 9.3l-6.2-6.3-6.2 6.3c-.2.2-.3.4-.3.7s.1.5.3.7c.2.2.4.3.7.3h11c.3 0 .5-.1.7-.3.2-.2.3-.5.3-.7s-.1-.5-.3-.7zM5.8 14.7l6.2 6.3 6.2-6.3c.2-.2.3-.5.3-.7s-.1-.5-.3-.7c-.2-.2-.4-.3-.7-.3h-11c-.3 0-.5.1-.7.3-.2.2-.3.5-.3.7s.1.5.3.7z\"\/><\/svg><\/span><\/span><\/span><\/a><\/span><\/div>\n<nav><ul class='ez-toc-list ez-toc-list-level-1 ' ><li class='ez-toc-page-1 ez-toc-heading-level-2'><a class=\"ez-toc-link ez-toc-heading-1\" href=\"https:\/\/thingstodoinamsterdam.com\/fr\/musees-amsterdam\/sex-museum-amsterdam\/#sex-museum-horaires-douverture\" >Sex Museum Horaires d&#8217;ouverture<\/a><\/li><li class='ez-toc-page-1 ez-toc-heading-level-2'><a class=\"ez-toc-link ez-toc-heading-2\" href=\"https:\/\/thingstodoinamsterdam.com\/fr\/musees-amsterdam\/sex-museum-amsterdam\/#sex-museum-tarifs-et-billets\" >Sex Museum tarifs\u00a0et billets<\/a><\/li><\/ul><\/nav><\/div>\n\n<p>Le \u00abVenustempel\u00bb est un b\u00e2timent de plusieurs \u00e9tages abritant des salles remplies de choses qui pourraient vous faire rougir. Il s&#8217;agit notamment de photographies de prostitu\u00e9es des ann\u00e9es 1800, de mannequins grandeur nature se livrant \u00e0 des actes sexuels&#8230; Il y a tant de choses \u00e0 voir dans ce mus\u00e9e.<\/p>\n<p>Bien que cela semble \u00eatre juste un mus\u00e9e de sexe et de nudit\u00e9, la collection s&#8217;efforce de cr\u00e9er un sens remarquable de compr\u00e9hension et d&#8217;acceptation envers toutes les formes de sexualit\u00e9 et d&#8217;amour de soi. Les \u0153uvres d&#8217;art sur les murs t\u00e9moignent d&#8217;une cr\u00e9ativit\u00e9 mettant en valeur des artistes locaux et internationaux, tandis que des jouets et des figurines anciens permettent de jeter un regard unique sur l&#8217;histoire de la sexualit\u00e9 humaine.<\/p>\n<p>&gt; Si vous avez plus de 16 ans et que vous souhaitez explorer diff\u00e9rentes formes de sexualit\u00e9, visitez ce mus\u00e9e.<\/p>\n<p>&nbsp;<\/p>\n<p><span style=\"font-weight: 400;\"><a href=\"https:\/\/thingstodoinamsterdam.com\/wp-content\/uploads\/2019\/08\/Sex-Museum-entrance.jpg\"><img decoding=\"async\" class=\"aligncenter wp-image-3803 size-full\" src=\"https:\/\/thingstodoinamsterdam.com\/wp-content\/uploads\/2019\/08\/Sex-Museum-entrance.jpg\" alt=\"Sex Museum Amsterdam\" width=\"655\" height=\"800\" \/><\/a><\/span><\/p>\n<p style=\"text-align: center;\"><em>L&#8217;entr\u00e9e du Sex Museum, situ\u00e9e \u00e0 seulement 5 minutes \u00e0 pied d&#8217;<\/em><em>Amsterdam Centraal Station.<\/em><\/p>\n<p>[\/vc_column_text][vc_column_text]<\/p>\n<h2><span class=\"ez-toc-section\" id=\"sex-museum-horaires-douverture\"><\/span>Sex Museum Horaires d&#8217;ouverture<span class=\"ez-toc-section-end\"><\/span><\/h2>\n<table style=\"width: 100%;\">\n<tbody>\n<tr>\n<td>Du lundi au dimanche<\/td>\n<td>9:00 &#8211; 23:30<\/td>\n<\/tr>\n<\/tbody>\n<\/table>\n<p>[\/vc_column_text][vc_column_text]<\/p>\n<h2><span class=\"ez-toc-section\" id=\"sex-museum-tarifs-et-billets\"><\/span>Sex Museum tarifs\u00a0et billets<span class=\"ez-toc-section-end\"><\/span><\/h2>\n<p>Les billets sont disponibles uniquement \u00e0 l&#8217;entr\u00e9e du mus\u00e9e. Malheureusement il n&#8217;y a pas de vente en ligne.<\/p>\n<p><strong>Note :\u00a0<\/strong>les personnes\u00a0\u00e2g\u00e9es de moins\u00a0de 16 ans\u00a0ne\u00a0sont pas autoris\u00e9es. Une carte d&#8217;identit\u00e9 pourra \u00eatre demand\u00e9e.<\/p>\n<table style=\"width: 100%;\">\n<tbody>\n<tr>\n<td>16 ans et plus<\/td>\n<td>5\u20ac<\/td>\n<\/tr>\n<\/tbody>\n<\/table>\n<p>[\/vc_column_text][vc_column_text]<\/p>\n<div class=\"row\">\n<div class=\"col-md-6\"><strong>Adresse<br \/>\n<\/strong>Damrak 18<br \/>\n1015 LH Amsterdam<br \/>\nThe Netherlands<br \/>\nTel: +31 20 622 8376<\/div>\n<div class=\"col-md-6\"><a href=\"https:\/\/thingstodoinamsterdam.com\/wp-content\/uploads\/2019\/08\/sex-museum-1.jpg\"><img decoding=\"async\" class=\"size-full wp-image-3806 alignright\" src=\"https:\/\/thingstodoinamsterdam.com\/wp-content\/uploads\/2019\/08\/sex-museum-1.jpg\" alt=\"sex museum image\" width=\"200\" height=\"266\" \/><\/a><\/div>\n<\/div>\n<p>[\/vc_column_text][g_map heading=&#8221;Sex Museum Amsterdam&#8221; el_id=&#8221;1565704354836-d863f13d-3fd0&#8243;]<iframe style=\"border: 0;\" src=\"https:\/\/www.google.com\/maps\/embed?pb=!1m18!1m12!1m3!1d2435.659407265837!2d4.895064451089884!3d52.376595554500504!2m3!1f0!2f0!3f0!3m2!1i1024!2i768!4f13.1!3m3!1m2!1s0x47c609b8219fb0a3%3A0xbdbfb9dc502ce861!2sSex+Museum!5e0!3m2!1sen!2sus!4v1508292833605\" width=\"600\" height=\"450\" frameborder=\"0\" allowfullscreen=\"allowfullscreen\"><\/iframe>[\/g_map][[\/vc_column][\/vc_row][vc_row][vc_column][reviews heading=&#8221;Avis sur le Sex Museum Amsterdam&#8221; description=&#8221;Nous sommes toujours int\u00e9ress\u00e9s en ce qui concerne les exp\u00e9riences de nos visiteurs. Dites-nous ce que vous en avez pens\u00e9 et aidez les autres voyageurs !&#8221; el_id=&#8221;1565704369431-78e77172-c258&#8243;][\/reviews][vc_column_text]<\/p>\n<div class=\"vc_row wpb_row vc_row-fluid\">\n<div class=\"wpb_column vc_column_container vc_col-sm-12\">\n<div class=\"vc_column-inner\">\n<div class=\"wpb_wrapper\">\n<div class=\"wpb_text_column wpb_content_element \">\n<div class=\"wpb_wrapper\">\n<p><strong>Jetez un oeil \u00e0 l\u2019un des mus\u00e9es ci-dessous ou revenez \u00e0 la page g\u00e9n\u00e9rale concernant <a href=\"https:\/\/thingstodoinamsterdam.com\/fr\/musees-amsterdam\/\">les mus\u00e9es d\u2019Amsterdam<\/a>.<\/strong><\/p>\n<\/div>\n<\/div>\n<\/div>\n<\/div>\n<\/div>\n<\/div>\n<p>[\/vc_column_text][\/vc_column][\/vc_row][vc_row][vc_column][promo_block style_var=&#8221;style2&#8243; el_id=&#8221;1565704458840-34868ea1-fd62&#8243;][promo link=&#8221;url:https%3A%2F%2Fthingstodoinamsterdam.com%2Ffr%2Fmusees-amsterdam%2Fle-rijksmuseum%2F|title:Rijksmuseum||&#8221; text=&#8221;D\u00e9couvrez le Night Watch de Rembrandt et de nombreuses oeuvres d\u2019art d\u2019artistes N\u00e9erlandais.&#8221; img=&#8221;1090&#8243;][promo link=&#8221;url:https%3A%2F%2Fthingstodoinamsterdam.com%2Ffr%2Fmusees-amsterdam%2Famsterdam-dungeon%2F|title:Amsterdam%20Dungeon||&#8221; text=&#8221;Des shows effrayants sur l\u2019histoire d\u2019Amsterdam !&#8221; img=&#8221;2066&#8243;][promo link=&#8221;url:https%3A%2F%2Fthingstodoinamsterdam.com%2Ffr%2Fmusees-amsterdam%2Fmadame-tussauds-amsterdam%2F|title:Madame%20Tussauds||&#8221; text=&#8221;Prenez un selfie avec la Dutch Royal family !&#8221; img=&#8221;2234&#8243;][\/promo_block][\/vc_column][\/vc_row]<\/p>\n<\/div>","protected":false},"excerpt":{"rendered":"<p>[vc_row][vc_column][vc_column_text]Le Sex Museum \u00e0 Amsterdam abrite une collection d&#8217;art et d&#8217;artefacts\u00a0consacr\u00e9e au monde\u00a0merveilleux et parfois tabou de la sexualit\u00e9 humaine. C&#8217;est le premier mus\u00e9e auto-proclam\u00e9\u2026<\/p>\n","protected":false},"author":20,"featured_media":2407,"parent":417,"menu_order":0,"comment_status":"closed","ping_status":"closed","template":"","meta":{"footnotes":""},"class_list":["post-426","page","type-page","status-publish","has-post-thumbnail","hentry"],"yoast_head":"<!-- This site is optimized with the Yoast SEO plugin v27.4 - https:\/\/yoast.com\/product\/yoast-seo-wordpress\/ -->\n<title>Sex Museum Amsterdam - informations pratiques, tarifs, avis &amp; plus<\/title>\n<meta name=\"description\" content=\"Le Sex Museum \u00e0 Amsterdam n&#039;a pas fini de vous surprendre. Avec sa collection consacr\u00e9e \u00e0 la sexualit\u00e9, vous y d\u00e9couvrirez beaucoup de choses !\" \/>\n<meta name=\"robots\" content=\"index, follow, max-snippet:-1, max-image-preview:large, max-video-preview:-1\" \/>\n<link rel=\"canonical\" href=\"https:\/\/thingstodoinamsterdam.com\/fr\/musees-amsterdam\/sex-museum-amsterdam\/\" \/>\n<meta property=\"og:locale\" content=\"fr_FR\" \/>\n<meta property=\"og:type\" content=\"article\" \/>\n<meta property=\"og:title\" content=\"Sex Museum Amsterdam - informations pratiques, tarifs, avis &amp; plus\" \/>\n<meta property=\"og:description\" content=\"Le Sex Museum \u00e0 Amsterdam n&#039;a pas fini de vous surprendre. Avec sa collection consacr\u00e9e \u00e0 la sexualit\u00e9, vous y d\u00e9couvrirez beaucoup de choses !\" \/>\n<meta property=\"og:url\" content=\"https:\/\/thingstodoinamsterdam.com\/fr\/musees-amsterdam\/sex-museum-amsterdam\/\" \/>\n<meta property=\"og:site_name\" content=\"ThingstodoinAmsterdam.com\" \/>\n<meta property=\"article:publisher\" content=\"https:\/\/www.facebook.com\/thingstodoinamsterdamcom\" \/>\n<meta property=\"article:modified_time\" content=\"2025-08-29T14:30:01+00:00\" \/>\n<meta property=\"og:image\" content=\"https:\/\/thingstodoinamsterdam.com\/wp-content\/uploads\/2019\/08\/Sex-Museum-Amsterdam-1-1150x500.jpg\" \/>\n\t<meta property=\"og:image:width\" content=\"1150\" \/>\n\t<meta property=\"og:image:height\" content=\"500\" \/>\n\t<meta property=\"og:image:type\" content=\"image\/jpeg\" \/>\n<meta name=\"twitter:card\" content=\"summary_large_image\" \/>\n<meta name=\"twitter:label1\" content=\"Est. reading time\" \/>\n\t<meta name=\"twitter:data1\" content=\"3 minutes\" \/>\n<script type=\"application\/ld+json\" class=\"yoast-schema-graph\">{\"@context\":\"https:\\\/\\\/schema.org\",\"@graph\":[{\"@type\":\"WebPage\",\"@id\":\"https:\\\/\\\/thingstodoinamsterdam.com\\\/fr\\\/musees-amsterdam\\\/sex-museum-amsterdam\\\/\",\"url\":\"https:\\\/\\\/thingstodoinamsterdam.com\\\/fr\\\/musees-amsterdam\\\/sex-museum-amsterdam\\\/\",\"name\":\"Sex Museum Amsterdam - informations pratiques, tarifs, avis & plus\",\"isPartOf\":{\"@id\":\"https:\\\/\\\/thingstodoinamsterdam.com\\\/fr\\\/#website\"},\"primaryImageOfPage\":{\"@id\":\"https:\\\/\\\/thingstodoinamsterdam.com\\\/fr\\\/musees-amsterdam\\\/sex-museum-amsterdam\\\/#primaryimage\"},\"image\":{\"@id\":\"https:\\\/\\\/thingstodoinamsterdam.com\\\/fr\\\/musees-amsterdam\\\/sex-museum-amsterdam\\\/#primaryimage\"},\"thumbnailUrl\":\"https:\\\/\\\/thingstodoinamsterdam.com\\\/wp-content\\\/uploads\\\/2019\\\/08\\\/Sex-Museum-Amsterdam-1-1150x500.jpg\",\"datePublished\":\"2019-06-28T09:54:33+00:00\",\"dateModified\":\"2025-08-29T14:30:01+00:00\",\"description\":\"Le Sex Museum \u00e0 Amsterdam n'a pas fini de vous surprendre. Avec sa collection consacr\u00e9e \u00e0 la sexualit\u00e9, vous y d\u00e9couvrirez beaucoup de choses !\",\"breadcrumb\":{\"@id\":\"https:\\\/\\\/thingstodoinamsterdam.com\\\/fr\\\/musees-amsterdam\\\/sex-museum-amsterdam\\\/#breadcrumb\"},\"inLanguage\":\"fr\",\"potentialAction\":[{\"@type\":\"ReadAction\",\"target\":[\"https:\\\/\\\/thingstodoinamsterdam.com\\\/fr\\\/musees-amsterdam\\\/sex-museum-amsterdam\\\/\"]}]},{\"@type\":\"ImageObject\",\"inLanguage\":\"fr\",\"@id\":\"https:\\\/\\\/thingstodoinamsterdam.com\\\/fr\\\/musees-amsterdam\\\/sex-museum-amsterdam\\\/#primaryimage\",\"url\":\"https:\\\/\\\/thingstodoinamsterdam.com\\\/wp-content\\\/uploads\\\/2019\\\/08\\\/Sex-Museum-Amsterdam-1-1150x500.jpg\",\"contentUrl\":\"https:\\\/\\\/thingstodoinamsterdam.com\\\/wp-content\\\/uploads\\\/2019\\\/08\\\/Sex-Museum-Amsterdam-1-1150x500.jpg\",\"width\":1150,\"height\":500},{\"@type\":\"BreadcrumbList\",\"@id\":\"https:\\\/\\\/thingstodoinamsterdam.com\\\/fr\\\/musees-amsterdam\\\/sex-museum-amsterdam\\\/#breadcrumb\",\"itemListElement\":[{\"@type\":\"ListItem\",\"position\":1,\"name\":\"Visiter Amsterdam\",\"item\":\"https:\\\/\\\/thingstodoinamsterdam.com\\\/fr\\\/\"},{\"@type\":\"ListItem\",\"position\":2,\"name\":\"Mus\u00e9es \u00e0 Amsterdam\",\"item\":\"https:\\\/\\\/thingstodoinamsterdam.com\\\/fr\\\/musees-amsterdam\\\/\"},{\"@type\":\"ListItem\",\"position\":3,\"name\":\"Sex Museum Amsterdam\"}]},{\"@type\":\"WebSite\",\"@id\":\"https:\\\/\\\/thingstodoinamsterdam.com\\\/fr\\\/#website\",\"url\":\"https:\\\/\\\/thingstodoinamsterdam.com\\\/fr\\\/\",\"name\":\"ThingstodoinAmsterdam.com\",\"description\":\"Amsterdam&#039;s highlights and hidden secrets\",\"publisher\":{\"@id\":\"https:\\\/\\\/thingstodoinamsterdam.com\\\/fr\\\/#organization\"},\"potentialAction\":[{\"@type\":\"SearchAction\",\"target\":{\"@type\":\"EntryPoint\",\"urlTemplate\":\"https:\\\/\\\/thingstodoinamsterdam.com\\\/fr\\\/?s={search_term_string}\"},\"query-input\":{\"@type\":\"PropertyValueSpecification\",\"valueRequired\":true,\"valueName\":\"search_term_string\"}}],\"inLanguage\":\"fr\"},{\"@type\":\"Organization\",\"@id\":\"https:\\\/\\\/thingstodoinamsterdam.com\\\/fr\\\/#organization\",\"name\":\"Visiter Amsterdam\",\"url\":\"https:\\\/\\\/thingstodoinamsterdam.com\\\/fr\\\/\",\"logo\":{\"@type\":\"ImageObject\",\"inLanguage\":\"fr\",\"@id\":\"https:\\\/\\\/thingstodoinamsterdam.com\\\/fr\\\/#\\\/schema\\\/logo\\\/image\\\/\",\"url\":\"https:\\\/\\\/thingstodoinamsterdam.com\\\/wp-content\\\/uploads\\\/2025\\\/02\\\/ThingsToDoInAmsterdam-Favicon-logo.png\",\"contentUrl\":\"https:\\\/\\\/thingstodoinamsterdam.com\\\/wp-content\\\/uploads\\\/2025\\\/02\\\/ThingsToDoInAmsterdam-Favicon-logo.png\",\"width\":512,\"height\":512,\"caption\":\"Visiter Amsterdam\"},\"image\":{\"@id\":\"https:\\\/\\\/thingstodoinamsterdam.com\\\/fr\\\/#\\\/schema\\\/logo\\\/image\\\/\"},\"sameAs\":[\"https:\\\/\\\/www.facebook.com\\\/thingstodoinamsterdamcom\"]}]}<\/script>\n<!-- \/ Yoast SEO plugin. -->","yoast_head_json":{"title":"Sex Museum Amsterdam - informations pratiques, tarifs, avis & plus","description":"Le Sex Museum \u00e0 Amsterdam n'a pas fini de vous surprendre. Avec sa collection consacr\u00e9e \u00e0 la sexualit\u00e9, vous y d\u00e9couvrirez beaucoup de choses !","robots":{"index":"index","follow":"follow","max-snippet":"max-snippet:-1","max-image-preview":"max-image-preview:large","max-video-preview":"max-video-preview:-1"},"canonical":"https:\/\/thingstodoinamsterdam.com\/fr\/musees-amsterdam\/sex-museum-amsterdam\/","og_locale":"fr_FR","og_type":"article","og_title":"Sex Museum Amsterdam - informations pratiques, tarifs, avis & plus","og_description":"Le Sex Museum \u00e0 Amsterdam n'a pas fini de vous surprendre. Avec sa collection consacr\u00e9e \u00e0 la sexualit\u00e9, vous y d\u00e9couvrirez beaucoup de choses !","og_url":"https:\/\/thingstodoinamsterdam.com\/fr\/musees-amsterdam\/sex-museum-amsterdam\/","og_site_name":"ThingstodoinAmsterdam.com","article_publisher":"https:\/\/www.facebook.com\/thingstodoinamsterdamcom","article_modified_time":"2025-08-29T14:30:01+00:00","og_image":[{"width":1150,"height":500,"url":"https:\/\/thingstodoinamsterdam.com\/wp-content\/uploads\/2019\/08\/Sex-Museum-Amsterdam-1-1150x500.jpg","type":"image\/jpeg"}],"twitter_card":"summary_large_image","twitter_misc":{"Est. reading time":"3 minutes"},"schema":{"@context":"https:\/\/schema.org","@graph":[{"@type":"WebPage","@id":"https:\/\/thingstodoinamsterdam.com\/fr\/musees-amsterdam\/sex-museum-amsterdam\/","url":"https:\/\/thingstodoinamsterdam.com\/fr\/musees-amsterdam\/sex-museum-amsterdam\/","name":"Sex Museum Amsterdam - informations pratiques, tarifs, avis & plus","isPartOf":{"@id":"https:\/\/thingstodoinamsterdam.com\/fr\/#website"},"primaryImageOfPage":{"@id":"https:\/\/thingstodoinamsterdam.com\/fr\/musees-amsterdam\/sex-museum-amsterdam\/#primaryimage"},"image":{"@id":"https:\/\/thingstodoinamsterdam.com\/fr\/musees-amsterdam\/sex-museum-amsterdam\/#primaryimage"},"thumbnailUrl":"https:\/\/thingstodoinamsterdam.com\/wp-content\/uploads\/2019\/08\/Sex-Museum-Amsterdam-1-1150x500.jpg","datePublished":"2019-06-28T09:54:33+00:00","dateModified":"2025-08-29T14:30:01+00:00","description":"Le Sex Museum \u00e0 Amsterdam n'a pas fini de vous surprendre. Avec sa collection consacr\u00e9e \u00e0 la sexualit\u00e9, vous y d\u00e9couvrirez beaucoup de choses !","breadcrumb":{"@id":"https:\/\/thingstodoinamsterdam.com\/fr\/musees-amsterdam\/sex-museum-amsterdam\/#breadcrumb"},"inLanguage":"fr","potentialAction":[{"@type":"ReadAction","target":["https:\/\/thingstodoinamsterdam.com\/fr\/musees-amsterdam\/sex-museum-amsterdam\/"]}]},{"@type":"ImageObject","inLanguage":"fr","@id":"https:\/\/thingstodoinamsterdam.com\/fr\/musees-amsterdam\/sex-museum-amsterdam\/#primaryimage","url":"https:\/\/thingstodoinamsterdam.com\/wp-content\/uploads\/2019\/08\/Sex-Museum-Amsterdam-1-1150x500.jpg","contentUrl":"https:\/\/thingstodoinamsterdam.com\/wp-content\/uploads\/2019\/08\/Sex-Museum-Amsterdam-1-1150x500.jpg","width":1150,"height":500},{"@type":"BreadcrumbList","@id":"https:\/\/thingstodoinamsterdam.com\/fr\/musees-amsterdam\/sex-museum-amsterdam\/#breadcrumb","itemListElement":[{"@type":"ListItem","position":1,"name":"Visiter Amsterdam","item":"https:\/\/thingstodoinamsterdam.com\/fr\/"},{"@type":"ListItem","position":2,"name":"Mus\u00e9es \u00e0 Amsterdam","item":"https:\/\/thingstodoinamsterdam.com\/fr\/musees-amsterdam\/"},{"@type":"ListItem","position":3,"name":"Sex Museum Amsterdam"}]},{"@type":"WebSite","@id":"https:\/\/thingstodoinamsterdam.com\/fr\/#website","url":"https:\/\/thingstodoinamsterdam.com\/fr\/","name":"ThingstodoinAmsterdam.com","description":"Amsterdam&#039;s highlights and hidden secrets","publisher":{"@id":"https:\/\/thingstodoinamsterdam.com\/fr\/#organization"},"potentialAction":[{"@type":"SearchAction","target":{"@type":"EntryPoint","urlTemplate":"https:\/\/thingstodoinamsterdam.com\/fr\/?s={search_term_string}"},"query-input":{"@type":"PropertyValueSpecification","valueRequired":true,"valueName":"search_term_string"}}],"inLanguage":"fr"},{"@type":"Organization","@id":"https:\/\/thingstodoinamsterdam.com\/fr\/#organization","name":"Visiter Amsterdam","url":"https:\/\/thingstodoinamsterdam.com\/fr\/","logo":{"@type":"ImageObject","inLanguage":"fr","@id":"https:\/\/thingstodoinamsterdam.com\/fr\/#\/schema\/logo\/image\/","url":"https:\/\/thingstodoinamsterdam.com\/wp-content\/uploads\/2025\/02\/ThingsToDoInAmsterdam-Favicon-logo.png","contentUrl":"https:\/\/thingstodoinamsterdam.com\/wp-content\/uploads\/2025\/02\/ThingsToDoInAmsterdam-Favicon-logo.png","width":512,"height":512,"caption":"Visiter Amsterdam"},"image":{"@id":"https:\/\/thingstodoinamsterdam.com\/fr\/#\/schema\/logo\/image\/"},"sameAs":["https:\/\/www.facebook.com\/thingstodoinamsterdamcom"]}]}},"_links":{"self":[{"href":"https:\/\/thingstodoinamsterdam.com\/fr\/wp-json\/wp\/v2\/pages\/426","targetHints":{"allow":["GET"]}}],"collection":[{"href":"https:\/\/thingstodoinamsterdam.com\/fr\/wp-json\/wp\/v2\/pages"}],"about":[{"href":"https:\/\/thingstodoinamsterdam.com\/fr\/wp-json\/wp\/v2\/types\/page"}],"author":[{"embeddable":true,"href":"https:\/\/thingstodoinamsterdam.com\/fr\/wp-json\/wp\/v2\/users\/20"}],"replies":[{"embeddable":true,"href":"https:\/\/thingstodoinamsterdam.com\/fr\/wp-json\/wp\/v2\/comments?post=426"}],"version-history":[{"count":3,"href":"https:\/\/thingstodoinamsterdam.com\/fr\/wp-json\/wp\/v2\/pages\/426\/revisions"}],"predecessor-version":[{"id":2028891,"href":"https:\/\/thingstodoinamsterdam.com\/fr\/wp-json\/wp\/v2\/pages\/426\/revisions\/2028891"}],"up":[{"embeddable":true,"href":"https:\/\/thingstodoinamsterdam.com\/fr\/wp-json\/wp\/v2\/pages\/417"}],"wp:featuredmedia":[{"embeddable":true,"href":"https:\/\/thingstodoinamsterdam.com\/fr\/wp-json\/wp\/v2\/media\/2407"}],"wp:attachment":[{"href":"https:\/\/thingstodoinamsterdam.com\/fr\/wp-json\/wp\/v2\/media?parent=426"}],"curies":[{"name":"wp","href":"https:\/\/api.w.org\/{rel}","templated":true}]}}