{"id":431,"date":"2024-04-10T12:12:00","date_gmt":"2024-04-10T10:12:00","guid":{"rendered":"https:\/\/thingstodoinamsterdam.com\/?page_id=431"},"modified":"2025-06-03T14:04:18","modified_gmt":"2025-06-03T12:04:18","slug":"le-musee-stedelijk","status":"publish","type":"page","link":"https:\/\/thingstodoinamsterdam.com\/fr\/musees-amsterdam\/le-musee-stedelijk\/","title":{"rendered":"Le mus\u00e9e Stedelijk"},"content":{"rendered":"<div class=\"wpb-content-wrapper\"><p>[vc_row][vc_column][buttonsticky title=&#8221;Cliquez ici pour acheter vos billets pour le Stedelijk Museum d\u00e8s aujourd&#8217;hui avec Tours-tickets.com&#8221; link=&#8221;https:\/\/thingstodoinamsterdam.com\/ticketlink-stedelijk-tours-std&#8221; target=&#8221;true&#8221; nofollow=&#8221;true&#8221; el_id=&#8221;1748952232854-9cf99cd3-4147&#8243;][\/vc_column][\/vc_row][vc_row 0=&#8221;&#8221;][vc_column 0=&#8221;&#8221;][vc_column_text 0=&#8221;&#8221;]Innovation, art moderne et art contemporain sont les mots-clefs pour d\u00e9finir vos attentes vis-a-vis du mus\u00e9e Stedelijk. Le nouveau b\u00e2timent (2012) qui est connect\u00e9 au b\u00e2timent historique (1895) refl\u00e8te parfaitement la collection; moderne, ouvert, harmonieux et lumineux.<br \/>\nIl y a un r\u00e9el contraste entre les deux b\u00e2timents vu de l&#8217;ext\u00e9rieur, c&#8217;est pourquoi l&#8217;architecte\u00a0a d\u00e9ploy\u00e9 des efforts consid\u00e9rables pour \u00e9tablir une connexion sans faille entre les deux b\u00e2timents.\u00a0En effet, beaucoup de visiteurs ne remarquent m\u00eame pas la transition d&#8217;un b\u00e2timent \u00e0 l&#8217;autre lorsqu&#8217;ils sont \u00e0 l&#8217;int\u00e9rieur !<br \/>\nLa collection du mus\u00e9e est r\u00e9guli\u00e8rement mise \u00e0 jour, mais attendez-vous \u00e0 d\u00e9couvrir les arts modernes d&#8217;artistes tels que Karel Appel. Outre les peintures, il y a de la place pour l&#8217;art sous toutes ses formes; photos, meubles et plus&#8230;[\/vc_column_text][button title=&#8221;Cliquez ici pour acheter vos billets pour le Stedelijk Museum d\u00e8s aujourd&#8217;hui avec Tours-tickets.com&#8221; link=&#8221;https:\/\/thingstodoinamsterdam.com\/ticketlink-stedelijk-tours-std&#8221; icon=&#8221;&#8221; button_align=&#8221;center&#8221; target=&#8221;true&#8221; nofollow=&#8221;true&#8221; el_id=&#8221;1565688563872-ae01b94c-fa7b&#8221;][slider_container el_id=&#8221;1565688678359-46067a2f-e87f&#8221;][slider img=&#8221;3018&#8243;][slider img=&#8221;3010&#8243;][slider img=&#8221;3012&#8243;][slider img=&#8221;3014&#8243;][slider img=&#8221;3016&#8243;][\/slider_container][vc_video link=&#8221;https:\/\/youtu.be\/Ca_Lv7nW0oE&#8221; align=&#8221;center&#8221; css=&#8221;.vc_custom_1565688795934{margin-right: 25px !important;margin-left: 25px !important;}&#8221; title=&#8221;Le Stedelijk en vid\u00e9o&#8221;][vc_column_text]<\/p><div id=\"ez-toc-container\" class=\"ez-toc-v2_0_82_2 counter-hierarchy ez-toc-counter ez-toc-custom ez-toc-container-direction\">\n<div class=\"ez-toc-title-container\">\n<span class=\"ez-toc-title-toggle\"><a href=\"#\" class=\"ez-toc-pull-right ez-toc-btn ez-toc-btn-xs ez-toc-btn-default ez-toc-toggle\" aria-label=\"Toggle Table of Content\"><span class=\"ez-toc-js-icon-con\"><span class=\"\"><span class=\"eztoc-hide\" style=\"display:none;\">Toggle<\/span><span class=\"ez-toc-icon-toggle-span\"><svg style=\"fill: #999;color:#999\" xmlns=\"http:\/\/www.w3.org\/2000\/svg\" class=\"list-377408\" width=\"20px\" height=\"20px\" viewBox=\"0 0 24 24\" fill=\"none\"><path d=\"M6 6H4v2h2V6zm14 0H8v2h12V6zM4 11h2v2H4v-2zm16 0H8v2h12v-2zM4 16h2v2H4v-2zm16 0H8v2h12v-2z\" fill=\"currentColor\"><\/path><\/svg><svg style=\"fill: #999;color:#999\" class=\"arrow-unsorted-368013\" xmlns=\"http:\/\/www.w3.org\/2000\/svg\" width=\"10px\" height=\"10px\" viewBox=\"0 0 24 24\" version=\"1.2\" baseProfile=\"tiny\"><path d=\"M18.2 9.3l-6.2-6.3-6.2 6.3c-.2.2-.3.4-.3.7s.1.5.3.7c.2.2.4.3.7.3h11c.3 0 .5-.1.7-.3.2-.2.3-.5.3-.7s-.1-.5-.3-.7zM5.8 14.7l6.2 6.3 6.2-6.3c.2-.2.3-.5.3-.7s-.1-.5-.3-.7c-.2-.2-.4-.3-.7-.3h-11c-.3 0-.5.1-.7.3-.2.2-.3.5-.3.7s.1.5.3.7z\"\/><\/svg><\/span><\/span><\/span><\/a><\/span><\/div>\n<nav><ul class='ez-toc-list ez-toc-list-level-1 ' ><li class='ez-toc-page-1 ez-toc-heading-level-2'><a class=\"ez-toc-link ez-toc-heading-1\" href=\"https:\/\/thingstodoinamsterdam.com\/fr\/musees-amsterdam\/le-musee-stedelijk\/#stedelijk-museum-horaires-douverture\" >Stedelijk Museum Horaires d&#8217;ouverture<\/a><\/li><li class='ez-toc-page-1 ez-toc-heading-level-2'><a class=\"ez-toc-link ez-toc-heading-2\" href=\"https:\/\/thingstodoinamsterdam.com\/fr\/musees-amsterdam\/le-musee-stedelijk\/#tarifs-stedelijk-billets-et-reductions\" >Tarifs Stedelijk, billets et r\u00e9ductions<\/a><\/li><\/ul><\/nav><\/div>\n\n<h2><span class=\"ez-toc-section\" id=\"stedelijk-museum-horaires-douverture\"><\/span>Stedelijk Museum Horaires d&#8217;ouverture<span class=\"ez-toc-section-end\"><\/span><\/h2>\n<p>Le mus\u00e9e Stedelijk est ouvert tous les jours, y compris les f\u00eates nationales telles que la F\u00eate du roi &#8211; &#8220;King&#8217;s Day&#8221;, le jour de No\u00ebl et le Nouvel An (la Saint Sylvestre).<\/p>\n<p>&nbsp;<\/p>\n<table style=\"width: 1002px; height: 123px;\">\n<tbody>\n<tr>\n<td>Tous les jours sauf le vendredi<\/td>\n<td>\u00a010:00 &#8211; 18:00<\/td>\n<\/tr>\n<tr>\n<td>Vendredi<\/td>\n<td>\u00a010:00 &#8211; 22:00<\/td>\n<\/tr>\n<\/tbody>\n<\/table>\n<p>[\/vc_column_text][vc_column_text]<\/p>\n<h2><span class=\"ez-toc-section\" id=\"tarifs-stedelijk-billets-et-reductions\"><\/span>Tarifs Stedelijk, billets et r\u00e9ductions<span class=\"ez-toc-section-end\"><\/span><\/h2>\n<p>Vous pouvez acheter vos billets pour le Stedelijk Museum directement \u00e0 l\u2019entr\u00e9e du mus\u00e9e, ou en ligne, pour \u00e9viter de patienter dans la file d\u2019attente. Le mus\u00e9e Stedelijk est populaire pour beaucoup d&#8217;\u00e9coles, donc la file d\u2019attente peu s\u2019av\u00e9rer tr\u00e8s longue. Mais pas d\u2019inqui\u00e9tude ! En cliquant sur le bouton bleu ci-dessous, vous pouvez r\u00e9server votre e-ticket en avance ! Vous recevrez donc votre e-ticket par e-mail, ce qui vous permettra de rentrer directement.<\/p>\n<table style=\"width: 100%;\">\n<tbody>\n<tr>\n<td>Adultes<\/td>\n<td>22,50 \u20ac<\/td>\n<\/tr>\n<tr>\n<td>Moins de 18 ans<\/td>\n<td>Gratuit<\/td>\n<\/tr>\n<tr>\n<td>\u00c9tudiants<\/td>\n<td>10 \u20ac<\/td>\n<\/tr>\n<tr>\n<td><a href=\"https:\/\/thingstodoinamsterdam.com\/fr\/informations-pratiques\/la-carte-i-amsterdam-city-card\/\">I amsterdam city card<\/a><\/td>\n<td>Gratuit<\/td>\n<\/tr>\n<\/tbody>\n<\/table>\n<p>[\/vc_column_text][button title=&#8221;Cliquez ici pour acheter vos billets pour le Stedelijk Museum d\u00e8s aujourd&#8217;hui avec Tours-tickets.com&#8221; link=&#8221;https:\/\/thingstodoinamsterdam.com\/ticketlink-stedelijk-tours-std&#8221; icon=&#8221;&#8221; button_align=&#8221;center&#8221; target=&#8221;true&#8221; nofollow=&#8221;true&#8221; el_id=&#8221;1565688878405-a16dcd7e-af38&#8243;][vc_column_text]Le mus\u00e9e Stedelijk est situ\u00e9 \u00e0 Museumplein 10, au coin de la rue et sans vous offenser il est difficile de rater cet \u00e9difice extraordinaire.<\/p>\n<p><strong>Adresse<\/strong><\/p>\n<p><strong><br \/>\n<\/strong>Stedelijk Museum<br \/>\nMuseumplein 10<br \/>\n1071 DJ Amsterdam<br \/>\n+31 (0)20 573 2991<br \/>\n<a href=\"https:\/\/www.stedelijk.nl\/en\/fr\">https:\/\/www.stedelijk.nl\/en\/fr<\/a><br \/>\n<span style=\"text-decoration: underline;\">info@stedelijk.nl<\/span>[\/vc_column_text][g_map heading=&#8221;Stedelijk Museum Amsterdam sur Google Maps&#8221; el_id=&#8221;1565688984873-eae8dc1b-2c8c&#8221;]<iframe style=\"border: 0;\" src=\"https:\/\/www.google.com\/maps\/embed?pb=!1m18!1m12!1m3!1d2436.6841084199305!2d4.877566715627814!3d52.35801435597383!2m3!1f0!2f0!3f0!3m2!1i1024!2i768!4f13.1!3m3!1m2!1s0x47c609e567e9302b%3A0xec3c9aad1ccadbea!2sStedelijk+Museum+Amsterdam!5e0!3m2!1sen!2snl!4v1461090864952\" width=\"600\" height=\"450\" frameborder=\"0\" allowfullscreen=\"allowfullscreen\"><\/iframe>[\/g_map][vc_column_text 0=&#8221;&#8221;]<\/p>\n<h3>Transports publics<\/h3>\n<p>Le Stedelijk Museum est situ\u00e9 \u00e0 Museumplein 10 \u00e0 Amsterdam. Vous pouvez donc y acc\u00e9der avec le tram ou le bus \u00e0 partir de nombreux endroits \u00e0 Amsterdam<\/p>\n<p><strong>De Amsterdam Central Station<\/strong><\/p>\n<ul>\n<li>Tram 2, en direction de Nieuw Sloten, arr\u00eat \u00e0 Van Baerlestraat<\/li>\n<li>Tram 5, en direction de Amstelveen Binnenhof, arr\u00eat \u00e0 Van Baerlestraat<\/li>\n<li>Bus 170, en direction de Uithoorn, Amstelplein, arr\u00eat \u00e0 Museumplein<\/li>\n<li>Bus 172, en direction de Kudelstaart, arr\u00eat \u00e0 Museumplein<\/li>\n<\/ul>\n<p><strong>De Amsterdam Sloterdijk<\/strong><br \/>\nTram 12, en direction de Amsterdam Amstel, arr\u00eat \u00e0 Museumplein<\/p>\n<p><strong>De Amsterdam Amstel<\/strong><br \/>\nTram 12, en direction de Station Sloterdijk, arr\u00eat \u00e0 Museumplein<\/p>\n<p><strong>De Amsterdam Zuid WTC<\/strong><br \/>\nTram 5, en direction de Amsterdam Central Station, arr\u00eat \u00e0 Van Baerlestraat<\/p>\n<p><strong>De Amsterdam Schiphol Airport<br \/>\n<\/strong>Bus 197 en direction de Marnixstraat, arr\u00eat \u00e0 Museumplein<\/p>\n<p>Pour vous renseigner sur les temps de trajet actuels, vous pouvez utiliser le widget ci-dessous en fonction de votre position actuelle. Cette application vous aidera lorsque vous ne savez pas quel bus ou tram vous pouvez emprunter depuis votre position.<\/p>\n<p><a href=\"http:\/\/9292.nl\/en\/?to=amsterdam_stedelijk-museum\"><img decoding=\"async\" class=\"alignnone size-medium wp-image-3080\" src=\"https:\/\/thingstodoinamsterdam.com\/wp-content\/uploads\/2019\/07\/Button-Plan-mijn-OV-reis-EN-300x54.png\" alt=\"\" width=\"300\" height=\"54\" \/><\/a>[\/vc_column_text][\/vc_column][\/vc_row][vc_row 0=&#8221;&#8221;][vc_column 0=&#8221;&#8221;][reviews heading=&#8221;Avis sur le Stedelijk Museum&#8221; description=&#8221;Nous sommes toujours int\u00e9ress\u00e9s en ce qui concerne les exp\u00e9riences de nos visiteurs. Dites-nous ce que vous avez pens\u00e9 du mus\u00e9e Stedelijk et aidez les autres voyageurs !&#8221; el_id=&#8221;1565689035904-de4fbd08-a613&#8243;][\/reviews][vc_column_text 0=&#8221;&#8221;]<\/p>\n<div class=\"vc_row wpb_row vc_row-fluid\">\n<div class=\"wpb_column vc_column_container vc_col-sm-12\">\n<div class=\"vc_column-inner\">\n<div class=\"wpb_wrapper\">\n<div class=\"wpb_text_column wpb_content_element \">\n<div class=\"wpb_wrapper\">\n<p><strong>Jetez un oeil \u00e0 l\u2019un des mus\u00e9es ci-dessous ou revenez \u00e0 la page g\u00e9n\u00e9rale concernant <a href=\"https:\/\/thingstodoinamsterdam.com\/fr\/musees-amsterdam\/\">les mus\u00e9es d\u2019Amsterdam<\/a>.<\/strong><\/p>\n<\/div>\n<\/div>\n<\/div>\n<\/div>\n<\/div>\n<\/div>\n<p>[\/vc_column_text][\/vc_column][\/vc_row][vc_row][vc_column][promo_block style_var=&#8221;style2&#8243; el_id=&#8221;1565689071896-e0bf911e-4722&#8243;][promo link=&#8221;url:https%3A%2F%2Fthingstodoinamsterdam.com%2Ffr%2Fmusees-amsterdam%2Fle-rijksmuseum%2F|title:Rijksmuseum||&#8221; text=&#8221;D\u00e9couvrez le Nightwatch \/ La Ronde de Nuit de Rembrandt et beaucoup d\u2019autres artistes n\u00e9erlandais.&#8221; img=&#8221;1090&#8243;][promo link=&#8221;url:https%3A%2F%2Fthingstodoinamsterdam.com%2Ffr%2Fmusees-amsterdam%2Fle-musee-van-gogh%2F|title:Van%20Gogh%20Museum||&#8221; text=&#8221;D\u00e9couvrez les \u0153uvres iconiques de Van Gogh.&#8221; img=&#8221;592&#8243;][promo link=&#8221;url:https%3A%2F%2Fthingstodoinamsterdam.com%2Ffr%2Fmusees-amsterdam%2Fmadame-tussauds-amsterdam%2F|title:Madame%20Tussauds||&#8221; text=&#8221;Prenez un selfie avec la Dutch Royal family !&#8221; img=&#8221;2234&#8243;][\/promo_block][\/vc_column][\/vc_row]<\/p>\n<\/div>","protected":false},"excerpt":{"rendered":"<p>[vc_row][vc_column][buttonsticky title=&#8221;Cliquez ici pour acheter vos billets pour le Stedelijk Museum d\u00e8s aujourd&#8217;hui avec Tours-tickets.com&#8221; link=&#8221;https:\/\/thingstodoinamsterdam.com\/ticketlink-stedelijk-tours-std&#8221; target=&#8221;true&#8221; nofollow=&#8221;true&#8221; el_id=&#8221;1748952232854-9cf99cd3-4147&#8243;][\/vc_column][\/vc_row][vc_row 0=&#8221;&#8221;][vc_column 0=&#8221;&#8221;][vc_column_text 0=&#8221;&#8221;]Innovation, art moderne et\u2026<\/p>\n","protected":false},"author":20,"featured_media":3018,"parent":417,"menu_order":0,"comment_status":"closed","ping_status":"closed","template":"","meta":{"footnotes":""},"class_list":["post-431","page","type-page","status-publish","has-post-thumbnail","hentry"],"yoast_head":"<!-- This site is optimized with the Yoast SEO plugin v27.4 - https:\/\/yoast.com\/product\/yoast-seo-wordpress\/ -->\n<title>Le mus\u00e9e Stedelijk \u00e0 Amsterdam - R\u00e9ductions - Billets pas chers - Avis &amp; +<\/title>\n<meta name=\"description\" content=\"Art moderne et art contemporain sont les mots-clefs pour d\u00e9finir vos attentes vis-a-vis du mus\u00e9e Stedelijk. D\u00e9couvrez le en r\u00e9servant vos billets pas chers.\" \/>\n<meta name=\"robots\" content=\"index, follow, max-snippet:-1, max-image-preview:large, max-video-preview:-1\" \/>\n<link rel=\"canonical\" href=\"https:\/\/thingstodoinamsterdam.com\/fr\/musees-amsterdam\/le-musee-stedelijk\/\" \/>\n<meta property=\"og:locale\" content=\"fr_FR\" \/>\n<meta property=\"og:type\" content=\"article\" \/>\n<meta property=\"og:title\" content=\"Le mus\u00e9e Stedelijk \u00e0 Amsterdam - R\u00e9ductions - Billets pas chers - Avis &amp; +\" \/>\n<meta property=\"og:description\" content=\"Art moderne et art contemporain sont les mots-clefs pour d\u00e9finir vos attentes vis-a-vis du mus\u00e9e Stedelijk. D\u00e9couvrez le en r\u00e9servant vos billets pas chers.\" \/>\n<meta property=\"og:url\" content=\"https:\/\/thingstodoinamsterdam.com\/fr\/musees-amsterdam\/le-musee-stedelijk\/\" \/>\n<meta property=\"og:site_name\" content=\"ThingstodoinAmsterdam.com\" \/>\n<meta property=\"article:publisher\" content=\"https:\/\/www.facebook.com\/thingstodoinamsterdamcom\" \/>\n<meta property=\"article:modified_time\" content=\"2025-06-03T12:04:18+00:00\" \/>\n<meta property=\"og:image\" content=\"https:\/\/thingstodoinamsterdam.com\/wp-content\/uploads\/2019\/08\/toile-en-forme-de-vagues-au-musee-Stedelijk.jpg\" \/>\n\t<meta property=\"og:image:width\" content=\"900\" \/>\n\t<meta property=\"og:image:height\" content=\"675\" \/>\n\t<meta property=\"og:image:type\" content=\"image\/jpeg\" \/>\n<meta name=\"twitter:card\" content=\"summary_large_image\" \/>\n<meta name=\"twitter:label1\" content=\"Est. reading time\" \/>\n\t<meta name=\"twitter:data1\" content=\"5 minutes\" \/>\n<script type=\"application\/ld+json\" class=\"yoast-schema-graph\">{\"@context\":\"https:\\\/\\\/schema.org\",\"@graph\":[{\"@type\":\"WebPage\",\"@id\":\"https:\\\/\\\/thingstodoinamsterdam.com\\\/fr\\\/musees-amsterdam\\\/le-musee-stedelijk\\\/\",\"url\":\"https:\\\/\\\/thingstodoinamsterdam.com\\\/fr\\\/musees-amsterdam\\\/le-musee-stedelijk\\\/\",\"name\":\"Le mus\u00e9e Stedelijk \u00e0 Amsterdam - R\u00e9ductions - Billets pas chers - Avis & +\",\"isPartOf\":{\"@id\":\"https:\\\/\\\/thingstodoinamsterdam.com\\\/fr\\\/#website\"},\"primaryImageOfPage\":{\"@id\":\"https:\\\/\\\/thingstodoinamsterdam.com\\\/fr\\\/musees-amsterdam\\\/le-musee-stedelijk\\\/#primaryimage\"},\"image\":{\"@id\":\"https:\\\/\\\/thingstodoinamsterdam.com\\\/fr\\\/musees-amsterdam\\\/le-musee-stedelijk\\\/#primaryimage\"},\"thumbnailUrl\":\"https:\\\/\\\/thingstodoinamsterdam.com\\\/wp-content\\\/uploads\\\/2019\\\/08\\\/toile-en-forme-de-vagues-au-musee-Stedelijk.jpg\",\"datePublished\":\"2024-04-10T10:12:00+00:00\",\"dateModified\":\"2025-06-03T12:04:18+00:00\",\"description\":\"Art moderne et art contemporain sont les mots-clefs pour d\u00e9finir vos attentes vis-a-vis du mus\u00e9e Stedelijk. D\u00e9couvrez le en r\u00e9servant vos billets pas chers.\",\"breadcrumb\":{\"@id\":\"https:\\\/\\\/thingstodoinamsterdam.com\\\/fr\\\/musees-amsterdam\\\/le-musee-stedelijk\\\/#breadcrumb\"},\"inLanguage\":\"fr\",\"potentialAction\":[{\"@type\":\"ReadAction\",\"target\":[\"https:\\\/\\\/thingstodoinamsterdam.com\\\/fr\\\/musees-amsterdam\\\/le-musee-stedelijk\\\/\"]}]},{\"@type\":\"ImageObject\",\"inLanguage\":\"fr\",\"@id\":\"https:\\\/\\\/thingstodoinamsterdam.com\\\/fr\\\/musees-amsterdam\\\/le-musee-stedelijk\\\/#primaryimage\",\"url\":\"https:\\\/\\\/thingstodoinamsterdam.com\\\/wp-content\\\/uploads\\\/2019\\\/08\\\/toile-en-forme-de-vagues-au-musee-Stedelijk.jpg\",\"contentUrl\":\"https:\\\/\\\/thingstodoinamsterdam.com\\\/wp-content\\\/uploads\\\/2019\\\/08\\\/toile-en-forme-de-vagues-au-musee-Stedelijk.jpg\",\"width\":900,\"height\":675},{\"@type\":\"BreadcrumbList\",\"@id\":\"https:\\\/\\\/thingstodoinamsterdam.com\\\/fr\\\/musees-amsterdam\\\/le-musee-stedelijk\\\/#breadcrumb\",\"itemListElement\":[{\"@type\":\"ListItem\",\"position\":1,\"name\":\"Visiter Amsterdam\",\"item\":\"https:\\\/\\\/thingstodoinamsterdam.com\\\/fr\\\/\"},{\"@type\":\"ListItem\",\"position\":2,\"name\":\"Mus\u00e9es \u00e0 Amsterdam\",\"item\":\"https:\\\/\\\/thingstodoinamsterdam.com\\\/fr\\\/musees-amsterdam\\\/\"},{\"@type\":\"ListItem\",\"position\":3,\"name\":\"Le mus\u00e9e Stedelijk\"}]},{\"@type\":\"WebSite\",\"@id\":\"https:\\\/\\\/thingstodoinamsterdam.com\\\/fr\\\/#website\",\"url\":\"https:\\\/\\\/thingstodoinamsterdam.com\\\/fr\\\/\",\"name\":\"ThingstodoinAmsterdam.com\",\"description\":\"Amsterdam&#039;s highlights and hidden secrets\",\"publisher\":{\"@id\":\"https:\\\/\\\/thingstodoinamsterdam.com\\\/fr\\\/#organization\"},\"potentialAction\":[{\"@type\":\"SearchAction\",\"target\":{\"@type\":\"EntryPoint\",\"urlTemplate\":\"https:\\\/\\\/thingstodoinamsterdam.com\\\/fr\\\/?s={search_term_string}\"},\"query-input\":{\"@type\":\"PropertyValueSpecification\",\"valueRequired\":true,\"valueName\":\"search_term_string\"}}],\"inLanguage\":\"fr\"},{\"@type\":\"Organization\",\"@id\":\"https:\\\/\\\/thingstodoinamsterdam.com\\\/fr\\\/#organization\",\"name\":\"Visiter Amsterdam\",\"url\":\"https:\\\/\\\/thingstodoinamsterdam.com\\\/fr\\\/\",\"logo\":{\"@type\":\"ImageObject\",\"inLanguage\":\"fr\",\"@id\":\"https:\\\/\\\/thingstodoinamsterdam.com\\\/fr\\\/#\\\/schema\\\/logo\\\/image\\\/\",\"url\":\"https:\\\/\\\/thingstodoinamsterdam.com\\\/wp-content\\\/uploads\\\/2025\\\/02\\\/ThingsToDoInAmsterdam-Favicon-logo.png\",\"contentUrl\":\"https:\\\/\\\/thingstodoinamsterdam.com\\\/wp-content\\\/uploads\\\/2025\\\/02\\\/ThingsToDoInAmsterdam-Favicon-logo.png\",\"width\":512,\"height\":512,\"caption\":\"Visiter Amsterdam\"},\"image\":{\"@id\":\"https:\\\/\\\/thingstodoinamsterdam.com\\\/fr\\\/#\\\/schema\\\/logo\\\/image\\\/\"},\"sameAs\":[\"https:\\\/\\\/www.facebook.com\\\/thingstodoinamsterdamcom\"]}]}<\/script>\n<!-- \/ Yoast SEO plugin. -->","yoast_head_json":{"title":"Le mus\u00e9e Stedelijk \u00e0 Amsterdam - R\u00e9ductions - Billets pas chers - Avis & +","description":"Art moderne et art contemporain sont les mots-clefs pour d\u00e9finir vos attentes vis-a-vis du mus\u00e9e Stedelijk. D\u00e9couvrez le en r\u00e9servant vos billets pas chers.","robots":{"index":"index","follow":"follow","max-snippet":"max-snippet:-1","max-image-preview":"max-image-preview:large","max-video-preview":"max-video-preview:-1"},"canonical":"https:\/\/thingstodoinamsterdam.com\/fr\/musees-amsterdam\/le-musee-stedelijk\/","og_locale":"fr_FR","og_type":"article","og_title":"Le mus\u00e9e Stedelijk \u00e0 Amsterdam - R\u00e9ductions - Billets pas chers - Avis & +","og_description":"Art moderne et art contemporain sont les mots-clefs pour d\u00e9finir vos attentes vis-a-vis du mus\u00e9e Stedelijk. D\u00e9couvrez le en r\u00e9servant vos billets pas chers.","og_url":"https:\/\/thingstodoinamsterdam.com\/fr\/musees-amsterdam\/le-musee-stedelijk\/","og_site_name":"ThingstodoinAmsterdam.com","article_publisher":"https:\/\/www.facebook.com\/thingstodoinamsterdamcom","article_modified_time":"2025-06-03T12:04:18+00:00","og_image":[{"width":900,"height":675,"url":"https:\/\/thingstodoinamsterdam.com\/wp-content\/uploads\/2019\/08\/toile-en-forme-de-vagues-au-musee-Stedelijk.jpg","type":"image\/jpeg"}],"twitter_card":"summary_large_image","twitter_misc":{"Est. reading time":"5 minutes"},"schema":{"@context":"https:\/\/schema.org","@graph":[{"@type":"WebPage","@id":"https:\/\/thingstodoinamsterdam.com\/fr\/musees-amsterdam\/le-musee-stedelijk\/","url":"https:\/\/thingstodoinamsterdam.com\/fr\/musees-amsterdam\/le-musee-stedelijk\/","name":"Le mus\u00e9e Stedelijk \u00e0 Amsterdam - R\u00e9ductions - Billets pas chers - Avis & +","isPartOf":{"@id":"https:\/\/thingstodoinamsterdam.com\/fr\/#website"},"primaryImageOfPage":{"@id":"https:\/\/thingstodoinamsterdam.com\/fr\/musees-amsterdam\/le-musee-stedelijk\/#primaryimage"},"image":{"@id":"https:\/\/thingstodoinamsterdam.com\/fr\/musees-amsterdam\/le-musee-stedelijk\/#primaryimage"},"thumbnailUrl":"https:\/\/thingstodoinamsterdam.com\/wp-content\/uploads\/2019\/08\/toile-en-forme-de-vagues-au-musee-Stedelijk.jpg","datePublished":"2024-04-10T10:12:00+00:00","dateModified":"2025-06-03T12:04:18+00:00","description":"Art moderne et art contemporain sont les mots-clefs pour d\u00e9finir vos attentes vis-a-vis du mus\u00e9e Stedelijk. D\u00e9couvrez le en r\u00e9servant vos billets pas chers.","breadcrumb":{"@id":"https:\/\/thingstodoinamsterdam.com\/fr\/musees-amsterdam\/le-musee-stedelijk\/#breadcrumb"},"inLanguage":"fr","potentialAction":[{"@type":"ReadAction","target":["https:\/\/thingstodoinamsterdam.com\/fr\/musees-amsterdam\/le-musee-stedelijk\/"]}]},{"@type":"ImageObject","inLanguage":"fr","@id":"https:\/\/thingstodoinamsterdam.com\/fr\/musees-amsterdam\/le-musee-stedelijk\/#primaryimage","url":"https:\/\/thingstodoinamsterdam.com\/wp-content\/uploads\/2019\/08\/toile-en-forme-de-vagues-au-musee-Stedelijk.jpg","contentUrl":"https:\/\/thingstodoinamsterdam.com\/wp-content\/uploads\/2019\/08\/toile-en-forme-de-vagues-au-musee-Stedelijk.jpg","width":900,"height":675},{"@type":"BreadcrumbList","@id":"https:\/\/thingstodoinamsterdam.com\/fr\/musees-amsterdam\/le-musee-stedelijk\/#breadcrumb","itemListElement":[{"@type":"ListItem","position":1,"name":"Visiter Amsterdam","item":"https:\/\/thingstodoinamsterdam.com\/fr\/"},{"@type":"ListItem","position":2,"name":"Mus\u00e9es \u00e0 Amsterdam","item":"https:\/\/thingstodoinamsterdam.com\/fr\/musees-amsterdam\/"},{"@type":"ListItem","position":3,"name":"Le mus\u00e9e Stedelijk"}]},{"@type":"WebSite","@id":"https:\/\/thingstodoinamsterdam.com\/fr\/#website","url":"https:\/\/thingstodoinamsterdam.com\/fr\/","name":"ThingstodoinAmsterdam.com","description":"Amsterdam&#039;s highlights and hidden secrets","publisher":{"@id":"https:\/\/thingstodoinamsterdam.com\/fr\/#organization"},"potentialAction":[{"@type":"SearchAction","target":{"@type":"EntryPoint","urlTemplate":"https:\/\/thingstodoinamsterdam.com\/fr\/?s={search_term_string}"},"query-input":{"@type":"PropertyValueSpecification","valueRequired":true,"valueName":"search_term_string"}}],"inLanguage":"fr"},{"@type":"Organization","@id":"https:\/\/thingstodoinamsterdam.com\/fr\/#organization","name":"Visiter Amsterdam","url":"https:\/\/thingstodoinamsterdam.com\/fr\/","logo":{"@type":"ImageObject","inLanguage":"fr","@id":"https:\/\/thingstodoinamsterdam.com\/fr\/#\/schema\/logo\/image\/","url":"https:\/\/thingstodoinamsterdam.com\/wp-content\/uploads\/2025\/02\/ThingsToDoInAmsterdam-Favicon-logo.png","contentUrl":"https:\/\/thingstodoinamsterdam.com\/wp-content\/uploads\/2025\/02\/ThingsToDoInAmsterdam-Favicon-logo.png","width":512,"height":512,"caption":"Visiter Amsterdam"},"image":{"@id":"https:\/\/thingstodoinamsterdam.com\/fr\/#\/schema\/logo\/image\/"},"sameAs":["https:\/\/www.facebook.com\/thingstodoinamsterdamcom"]}]}},"_links":{"self":[{"href":"https:\/\/thingstodoinamsterdam.com\/fr\/wp-json\/wp\/v2\/pages\/431","targetHints":{"allow":["GET"]}}],"collection":[{"href":"https:\/\/thingstodoinamsterdam.com\/fr\/wp-json\/wp\/v2\/pages"}],"about":[{"href":"https:\/\/thingstodoinamsterdam.com\/fr\/wp-json\/wp\/v2\/types\/page"}],"author":[{"embeddable":true,"href":"https:\/\/thingstodoinamsterdam.com\/fr\/wp-json\/wp\/v2\/users\/20"}],"replies":[{"embeddable":true,"href":"https:\/\/thingstodoinamsterdam.com\/fr\/wp-json\/wp\/v2\/comments?post=431"}],"version-history":[{"count":5,"href":"https:\/\/thingstodoinamsterdam.com\/fr\/wp-json\/wp\/v2\/pages\/431\/revisions"}],"predecessor-version":[{"id":2027423,"href":"https:\/\/thingstodoinamsterdam.com\/fr\/wp-json\/wp\/v2\/pages\/431\/revisions\/2027423"}],"up":[{"embeddable":true,"href":"https:\/\/thingstodoinamsterdam.com\/fr\/wp-json\/wp\/v2\/pages\/417"}],"wp:featuredmedia":[{"embeddable":true,"href":"https:\/\/thingstodoinamsterdam.com\/fr\/wp-json\/wp\/v2\/media\/3018"}],"wp:attachment":[{"href":"https:\/\/thingstodoinamsterdam.com\/fr\/wp-json\/wp\/v2\/media?parent=431"}],"curies":[{"name":"wp","href":"https:\/\/api.w.org\/{rel}","templated":true}]}}