{"id":434,"date":"2019-04-16T11:42:12","date_gmt":"2019-04-16T11:42:12","guid":{"rendered":"https:\/\/thingstodoinamsterdam.com\/?page_id=434"},"modified":"2026-03-26T15:57:58","modified_gmt":"2026-03-26T14:57:58","slug":"lieux-et-tourisme-amsterdam","status":"publish","type":"page","link":"https:\/\/thingstodoinamsterdam.com\/fr\/lieux-et-tourisme-amsterdam\/","title":{"rendered":"Lieux \u00e0 visiter et sites touristiques \u00e0 Amsterdam"},"content":{"rendered":"<div class=\"wpb-content-wrapper\"><p>[vc_row][vc_column][vc_column_text css=&#8221;&#8221;]Tu visites Amsterdam et tu te demandes quels lieux visiter ? Parfait, tu planifies bien car il y a tellement de choses \u00e0 voir et \u00e0 faire ! Sur cette page, nous te montrons <a href=\"https:\/\/thingstodoinamsterdam.com\/fr\/\">les incontournables d&#8217;Amsterdam<\/a> et les secrets cach\u00e9s pour ton s\u00e9jour touristique. Nous te recommandons vivement de d\u00e9couvrir davantage les environs d&#8217;Amsterdam. Planifie tes <a href=\"https:\/\/thingstodoinamsterdam.com\/fr\/autour-amsterdam\/\">excursions d&#8217;une journ\u00e9e au d\u00e9part d&#8217;Amsterdam<\/a>. Notre conseil est de le faire si tu as 2 jours ou plus. La plupart des visiteurs ont toutefois quelques jours pour visiter Amsterdam, alors planifie ton temps judicieusement pour ne rien manquer !      <\/p>\n<p>Comme <a href=\"https:\/\/thingstodoinamsterdam.com\/fr\/meteo-a-amsterdam\/\" target=\"_blank\" rel=\"noopener\">la m\u00e9t\u00e9o \u00e0 Amsterdam<\/a> n&#8217;est pas toujours cl\u00e9mente <span style=\"box-sizing: border-box; margin: 0px; padding: 0px;\">pour faire du tourisme, tu peux r\u00e9server une <a href=\"https:\/\/thingstodoinamsterdam.com\/fr\/hop-on-hop-off-amsterdam\/\" target=\"_blank\" rel=\"noopener\">visite en bus ou bateau \u00e0 arr\u00eats multiples<\/a> pour voir les sites<\/span> \u00e0 l&#8217;abri des intemp\u00e9ries. Si tu as la chance d&#8217;avoir du beau temps<span style=\"box-sizing: border-box; margin: 0px; padding: 0px;\">, tu peux aussi envisager une <a href=\"https:\/\/thingstodoinamsterdam.com\/fr\/tours-a-velo\/\" target=\"_blank\" rel=\"noopener\">visite \u00e0 v\u00e9lo des sites touristiques<\/a><\/span>.[\/vc_column_text][vc_column_text css=&#8221;&#8221;]<\/p>\n<h2>Incontournables et secrets cach\u00e9s du tourisme \u00e0 Amsterdam<\/h2>\n<p>Notre devise est de montrer \u00e0 la fois les incontournables et les secrets cach\u00e9s, les lieux \u00e0 ne pas manquer lors de ton voyage \u00e0 Amsterdam. Mais nous aimerions aussi partager quelques secrets cach\u00e9s : des endroits \u00e0 Amsterdam qui ne sont pas si connus mais qui valent vraiment le d\u00e9tour. Donc si tu veux faire du tourisme hors des sentiers battus \u00e0 Amsterdam et dans ses environs, continue \u00e0 lire !  <\/p>\n<p>Nous, en tant que vrais locaux, te conseillons de <a href=\"https:\/\/thingstodoinamsterdam.com\/transport\/cycling-bike-rental-tours\/\" target=\"_blank\" rel=\"noopener\">louer un v\u00e9lo<\/a>, car c&#8217;est un moyen pratique de te d\u00e9placer dans un centre-ville aussi compact. Sinon, marcher en combinaison avec <a href=\"https:\/\/thingstodoinamsterdam.com\/transport\/amsterdam-public-transport\/\">les transports en commun \u00e0 Amsterdam<\/a> est aussi une excellente fa\u00e7on de d\u00e9couvrir Amsterdam. <\/p>\n<h3>\u00c0 voir absolument \u00e0 Amsterdam :<\/h3>\n<p>[\/vc_column_text][\/vc_column][\/vc_row][vc_row][vc_column][promo_block style_var=&#8221;style3&#8243; el_id=&#8221;1565184574520-4eec6a0b-9a3a&#8221;][promo link=&#8221;url:https%3A%2F%2Fthingstodoinamsterdam.com%2Ffr%2Flieux-et-tourisme-amsterdam%2Fles-canaux-amsterdam%2F|title:Amsterdam%20Canal%20Belt|&#8221; text=&#8221;La romantique ceinture de canaux d&apos;Amsterdam est class\u00e9e au patrimoine mondial de l&apos;UNESCO. Elle regorge de maisons de canal monumentales et d&apos;architecture typiquement amstellodamoise. Prends ton temps pour te promener, ou explore-la lors d&apos;une croisi\u00e8re sur les canaux.  &#8221; img=&#8221;2498&#8243;][promo link=&#8221;url:https%3A%2F%2Fthingstodoinamsterdam.com%2Ffr%2Flieux-et-tourisme-amsterdam%2Falbert-cuyp-market%2F|title:Albert%20Cuyp%20Market|&#8221; text=&#8221;Stroll over the Albert Cuyp Market where you\u2019ll find over three hundred market stalls. Surround yourself with food stalls that sell products such as fish, poultry, cheese, vegetables and fruits. Furthermore, you\u2019ll find stalls selling clothing, cosmetics and more. Best of all; the prices are among the cheapest in Amsterdam. The Albert Cuyp street itself is surrounded by numerous exotic shops, studios, cosy cafes and restaurants all adding to the pomp and festive market atmosphere. &#8221; img=&#8221;2496&#8243;][promo link=&#8221;url:https%3A%2F%2Fthingstodoinamsterdam.com%2Ffr%2Flieux-et-tourisme-amsterdam%2Fbienvenue-dans-les-neuf-rues-damsterdam-les-9-straatjes-damsterdam%2F|title:Nine%20Streets|&#8221; text=&#8221;Cette partie sp\u00e9cifique de la ceinture de canaux d&apos;Amsterdam est connue pour ses nombreux magasins et terrasses. C&apos;est un endroit id\u00e9al pour faire un peu de shopping d\u00e9contract\u00e9 pour des souvenirs et peut-\u00eatre prendre un verre en terrasse. &#8221; img=&#8221;2500&#8243;][promo link=&#8221;url:https%3A%2F%2Fthingstodoinamsterdam.com%2Ffr%2Fle-quartier-rouge%2F|title:Red%20light%20district|&#8221; text=&#8221;Le quartier rouge ou &apos;De Wallen&apos; en n\u00e9erlandais abrite l&apos;un des plus vieux m\u00e9tiers du monde. Prom\u00e8ne-toi dans le quartier et visite le plus ancien th\u00e9\u00e2tre \u00e9rotique d&apos;Amsterdam, Casa Rosso, ou l&apos;un des peepshows ! &#8221; img=&#8221;2516&#8243;][promo link=&#8221;url:https%3A%2F%2Fthingstodoinamsterdam.com%2Ffr%2Flieux-et-tourisme-amsterdam%2Fbegijnhof-une-oasis-de-paix%2F|title:Begijnhof|&#8221; text=&#8221;Le Begijnhof est peut-\u00eatre l&apos;un des secrets les mieux gard\u00e9s d&apos;Amsterdam. Situ\u00e9 dans le centre-ville juste derri\u00e8re la rue commer\u00e7ante anim\u00e9e Kalverstraat, tu trouveras ce morceau de patrimoine culturel. Il peut \u00eatre visit\u00e9 gratuitement.  &#8221; img=&#8221;2502&#8243;][promo link=&#8221;url:https%3A%2F%2Fthingstodoinamsterdam.com%2Fplaces-sightseeing-amsterdam%2Fleidseplein%2F|title:Leidseplein|&#8221; text=&#8221;D\u00e9couvre le quartier anim\u00e9 de Leidseplein. La Leidseplein fait face \u00e0 l&apos;une des rues les plus fr\u00e9quent\u00e9es d&apos;Amsterdam : la Leidsestraat. La Leidsestraat relie les diff\u00e9rents canaux d&apos;Amsterdam et te m\u00e8ne de la Leidesplein vers Koningsplein et le Bloemenmarkt (march\u00e9 aux fleurs flottant). Leidseplein elle-m\u00eame est connue pour ses bars, clubs et sa vie nocturne. Les c\u00e9l\u00e8bres salles Melkweg et Paradiso s&apos;y trouvent, ainsi que divers pubs, dont beaucoup ont des terrasses sur la place ! D\u00e9couvre toi-m\u00eame l&apos;ambiance anim\u00e9e du \u00ab Leidse \u00bb comme l&apos;appellent les N\u00e9erlandais !     &#8221; img=&#8221;2510&#8243;][promo link=&#8221;url:https%3A%2F%2Fthingstodoinamsterdam.com%2Ffr%2Flieux-et-tourisme-amsterdam%2Famsterdam-arena-johan-cruyff%2F|title:Amsterdam%20ArenA|&#8221; text=&#8221;L&apos;Amsterdam Arena a \u00e9t\u00e9 renomm\u00e9e Johan Cruijff Arena en l&apos;honneur de l&apos;ic\u00f4ne du club Johan Cruijff. D\u00e9couvre le club de football le plus c\u00e9l\u00e8bre (et le meilleur) des Pays-Bas et visite le domicile de l&apos;Ajax. &#8221; img=&#8221;2512&#8243;][promo link=&#8221;url:https%3A%2F%2Fthingstodoinamsterdam.com%2Fdam-square%2F|title:Dam%20Square|&#8221; text=&#8221;D\u00e9couvre la place consid\u00e9r\u00e9e comme le c\u0153ur de la ville. Elle est reli\u00e9e par la rue &apos;Damrak&apos; \u00e0 la gare centrale d&apos;Amsterdam. Sur la place du Dam, tu trouveras plusieurs sites et attractions populaires, tels que De Grote Kerk, Madame Tussauds, le Palais Royal et Ripley&apos;s Believe it or not.  &#8221; img=&#8221;2506&#8243;][promo link=&#8221;url:https%3A%2F%2Fthingstodoinamsterdam.com%2Ffr%2Fautour-amsterdam%2F|title:Day%20trip%20from%20Amsterdam|&#8221; text=&#8221;If you have just a bit more time to spend, we strongly recommend going beyond the city borders. There are a lot of places just outside of Amsterdam that are really worthwhile!&#8221; img=&#8221;2531733&#8243;][promo link=&#8221;url:https%3A%2F%2Fthingstodoinamsterdam.com%2Fthe-catboat%2F|title:The%20Catboat|&#8221; text=&#8221;Visite le seul refuge pour animaux flottant au monde ! Une activit\u00e9 incontournable pour tout ami des chats. La visite du Poezenboot est enti\u00e8rement gratuite, mais un don est appr\u00e9ci\u00e9.  &#8221; img=&#8221;2518&#8243;][promo link=&#8221;url:https%3A%2F%2Fthingstodoinamsterdam.com%2Fplaces-sightseeing-amsterdam%2Fnieuwe-kerk%2F|title:Nieuwe%20Kerk|&#8221; text=&#8221;Chaque ville a ses \u00e9glises. Mais la seule diff\u00e9rence est que celle d&apos;Amsterdam a une signification tr\u00e8s sp\u00e9ciale dans l&apos;histoire du pays. C&apos;est l&apos;\u00e9glise o\u00f9 tous les princes et princesses n\u00e9erlandais, depuis le roi Guillaume Ier en 1814, sont inaugur\u00e9s lorsqu&apos;ils montent sur le tr\u00f4ne (en 2013 \u00e9galement le roi Willem-Alexander).  &#8221; img=&#8221;2508&#8243;][promo link=&#8221;url:https%3A%2F%2Fthingstodoinamsterdam.com%2Fplaces-sightseeing-amsterdam%2Fconcertgebouw-amsterdam%2F|title:Concertgebouw%20Amsterdam|&#8221; text=&#8221;Le Concertgebouw a une grande tradition dans l&apos;organisation de concerts l\u00e9gendaires par des grands noms tels que Gustav Mahler, Richard Strauss, Bernard Haitink, Yehudi Menuhin, Jessye Norman, Louis Armstrong, Sting et d&apos;autres. Avec d&apos;autres orchestres, l&apos;Orchestre royal du Concertgebouw propose certaines des meilleures performances. Selon de nombreux experts, le meilleur orchestre du monde. Tu peux visiter le b\u00e2timent et te laisser bercer par un orchestre entier, entour\u00e9 des meilleurs musiciens du monde.   &#8221; img=&#8221;2504&#8243;][promo link=&#8221;url:https%3A%2F%2Fthingstodoinamsterdam.com%2Ffr%2Flieux-et-tourisme-amsterdam%2Fhet-museumplein-le-lieu-touristique-le-plus-populaire-damsterdam%2F|title:Museumplein|&#8221; text=&#8221;Museumplein abrite un large \u00e9ventail de mus\u00e9es, dont le c\u00e9l\u00e8bre Rijksmuseum et le mus\u00e9e Van Gogh. Il offre \u00e9galement un espace pour se reposer ou m\u00eame pique-niquer par exemple et ne peut pas \u00eatre manqu\u00e9 lors de ton voyage \u00e0 Amsterdam. &#8221; img=&#8221;2514&#8243;][promo link=&#8221;url:https%3A%2F%2Fthingstodoinamsterdam.com%2Ffr%2Flieux-et-tourisme-amsterdam%2Fles-meilleures-choses-a-voir-et-a-faire-a-amsterdam-noord%2F|title:Amsterdam-Noord|&#8221; text=&#8221;Amsterdam Noord est un quartier de la ville, moins d\u00e9couvert par les grandes foules. Mais n\u00e9anmoins, il vaut vraiment le d\u00e9tour ! Cette partie plus industrielle de la ville semble plus brute, moins polie que le centre. Fais une pause du centre anim\u00e9 en prenant le ferry gratuit et explore ce que la partie nord de la ville a \u00e0 offrir.   &#8221; img=&#8221;3169&#8243;][promo link=&#8221;url:https%3A%2F%2Fthingstodoinamsterdam.com%2Fplaces-sightseeing-amsterdam%2Fde-oude-kerk%2F|title:Welcome%20to%20Amsterdam%E2%80%99s%20Oude%20Kerk%20%E2%80%93%20Amsterdam%20started%20here%21|&#8221; text=&#8221;L&apos;Oude Kerk, litt\u00e9ralement la Vieille \u00c9glise dans le quartier rouge, existe depuis la naissance de la ville. Elle \u00e9tait d\u00e9j\u00e0 l\u00e0 quand Amsterdam \u00e9tait encore une ville portuaire sur la mer. D\u00e9couvre-en plus ici !  &#8221; img=&#8221;8921&#8243;][\/promo_block][\/vc_column][\/vc_row]<\/p>\n<\/div>","protected":false},"excerpt":{"rendered":"<p>[vc_row][vc_column][vc_column_text css=&#8221;&#8221;]Tu visites Amsterdam et tu te demandes quels lieux visiter ? Parfait, tu planifies bien car il y a tellement de choses \u00e0 voir\u2026<\/p>\n","protected":false},"author":1,"featured_media":11013,"parent":0,"menu_order":0,"comment_status":"closed","ping_status":"closed","template":"","meta":{"footnotes":""},"class_list":["post-434","page","type-page","status-publish","has-post-thumbnail","hentry"],"yoast_head":"<!-- This site is optimized with the Yoast SEO plugin v27.4 - https:\/\/yoast.com\/product\/yoast-seo-wordpress\/ -->\n<title>Lieux \u00e0 visiter et sites touristiques \u00e0 Amsterdam - les lieux incontournables<\/title>\n<meta name=\"description\" content=\"Quels sont les lieux incontournables lors de ton voyage \u00e0 Amsterdam ? D\u00e9couvre-les ici et profite de la meilleure exp\u00e9rience touristique ! Des incontournables aux secrets cach\u00e9s.\" \/>\n<meta name=\"robots\" content=\"index, follow, max-snippet:-1, max-image-preview:large, max-video-preview:-1\" \/>\n<link rel=\"canonical\" href=\"https:\/\/thingstodoinamsterdam.com\/fr\/lieux-et-tourisme-amsterdam\/\" \/>\n<meta property=\"og:locale\" content=\"fr_FR\" \/>\n<meta property=\"og:type\" content=\"article\" \/>\n<meta property=\"og:title\" content=\"Lieux \u00e0 visiter et sites touristiques \u00e0 Amsterdam - les lieux incontournables\" \/>\n<meta property=\"og:description\" content=\"Quels sont les lieux incontournables lors de ton voyage \u00e0 Amsterdam ? D\u00e9couvre-les ici et profite de la meilleure exp\u00e9rience touristique ! Des incontournables aux secrets cach\u00e9s.\" \/>\n<meta property=\"og:url\" content=\"https:\/\/thingstodoinamsterdam.com\/fr\/lieux-et-tourisme-amsterdam\/\" \/>\n<meta property=\"og:site_name\" content=\"ThingstodoinAmsterdam.com\" \/>\n<meta property=\"article:publisher\" content=\"https:\/\/www.facebook.com\/thingstodoinamsterdamcom\" \/>\n<meta property=\"article:modified_time\" content=\"2026-03-26T14:57:58+00:00\" \/>\n<meta property=\"og:image\" content=\"https:\/\/thingstodoinamsterdam.com\/wp-content\/uploads\/2021\/08\/Concert-gebouw-Museum-Square-area.jpg\" \/>\n\t<meta property=\"og:image:width\" content=\"350\" \/>\n\t<meta property=\"og:image:height\" content=\"232\" \/>\n\t<meta property=\"og:image:type\" content=\"image\/jpeg\" \/>\n<meta name=\"twitter:card\" content=\"summary_large_image\" \/>\n<meta name=\"twitter:label1\" content=\"Est. reading time\" \/>\n\t<meta name=\"twitter:data1\" content=\"7 minutes\" \/>\n<script type=\"application\/ld+json\" class=\"yoast-schema-graph\">{\"@context\":\"https:\\\/\\\/schema.org\",\"@graph\":[{\"@type\":\"WebPage\",\"@id\":\"https:\\\/\\\/thingstodoinamsterdam.com\\\/fr\\\/lieux-et-tourisme-amsterdam\\\/\",\"url\":\"https:\\\/\\\/thingstodoinamsterdam.com\\\/fr\\\/lieux-et-tourisme-amsterdam\\\/\",\"name\":\"Lieux \u00e0 visiter et sites touristiques \u00e0 Amsterdam - les lieux incontournables\",\"isPartOf\":{\"@id\":\"https:\\\/\\\/thingstodoinamsterdam.com\\\/fr\\\/#website\"},\"primaryImageOfPage\":{\"@id\":\"https:\\\/\\\/thingstodoinamsterdam.com\\\/fr\\\/lieux-et-tourisme-amsterdam\\\/#primaryimage\"},\"image\":{\"@id\":\"https:\\\/\\\/thingstodoinamsterdam.com\\\/fr\\\/lieux-et-tourisme-amsterdam\\\/#primaryimage\"},\"thumbnailUrl\":\"https:\\\/\\\/thingstodoinamsterdam.com\\\/wp-content\\\/uploads\\\/2021\\\/08\\\/Concert-gebouw-Museum-Square-area.jpg\",\"datePublished\":\"2019-04-16T11:42:12+00:00\",\"dateModified\":\"2026-03-26T14:57:58+00:00\",\"description\":\"Quels sont les lieux incontournables lors de ton voyage \u00e0 Amsterdam ? D\u00e9couvre-les ici et profite de la meilleure exp\u00e9rience touristique ! Des incontournables aux secrets cach\u00e9s.\",\"breadcrumb\":{\"@id\":\"https:\\\/\\\/thingstodoinamsterdam.com\\\/fr\\\/lieux-et-tourisme-amsterdam\\\/#breadcrumb\"},\"inLanguage\":\"fr\",\"potentialAction\":[{\"@type\":\"ReadAction\",\"target\":[\"https:\\\/\\\/thingstodoinamsterdam.com\\\/fr\\\/lieux-et-tourisme-amsterdam\\\/\"]}]},{\"@type\":\"ImageObject\",\"inLanguage\":\"fr\",\"@id\":\"https:\\\/\\\/thingstodoinamsterdam.com\\\/fr\\\/lieux-et-tourisme-amsterdam\\\/#primaryimage\",\"url\":\"https:\\\/\\\/thingstodoinamsterdam.com\\\/wp-content\\\/uploads\\\/2021\\\/08\\\/Concert-gebouw-Museum-Square-area.jpg\",\"contentUrl\":\"https:\\\/\\\/thingstodoinamsterdam.com\\\/wp-content\\\/uploads\\\/2021\\\/08\\\/Concert-gebouw-Museum-Square-area.jpg\",\"width\":350,\"height\":232,\"caption\":\"lieux et tourisme amsterdamt\"},{\"@type\":\"BreadcrumbList\",\"@id\":\"https:\\\/\\\/thingstodoinamsterdam.com\\\/fr\\\/lieux-et-tourisme-amsterdam\\\/#breadcrumb\",\"itemListElement\":[{\"@type\":\"ListItem\",\"position\":1,\"name\":\"Visiter Amsterdam\",\"item\":\"https:\\\/\\\/thingstodoinamsterdam.com\\\/fr\\\/\"},{\"@type\":\"ListItem\",\"position\":2,\"name\":\"Lieux \u00e0 visiter et sites touristiques \u00e0 Amsterdam\"}]},{\"@type\":\"WebSite\",\"@id\":\"https:\\\/\\\/thingstodoinamsterdam.com\\\/fr\\\/#website\",\"url\":\"https:\\\/\\\/thingstodoinamsterdam.com\\\/fr\\\/\",\"name\":\"ThingstodoinAmsterdam.com\",\"description\":\"Amsterdam&#039;s highlights and hidden secrets\",\"publisher\":{\"@id\":\"https:\\\/\\\/thingstodoinamsterdam.com\\\/fr\\\/#organization\"},\"potentialAction\":[{\"@type\":\"SearchAction\",\"target\":{\"@type\":\"EntryPoint\",\"urlTemplate\":\"https:\\\/\\\/thingstodoinamsterdam.com\\\/fr\\\/?s={search_term_string}\"},\"query-input\":{\"@type\":\"PropertyValueSpecification\",\"valueRequired\":true,\"valueName\":\"search_term_string\"}}],\"inLanguage\":\"fr\"},{\"@type\":\"Organization\",\"@id\":\"https:\\\/\\\/thingstodoinamsterdam.com\\\/fr\\\/#organization\",\"name\":\"Visiter Amsterdam\",\"url\":\"https:\\\/\\\/thingstodoinamsterdam.com\\\/fr\\\/\",\"logo\":{\"@type\":\"ImageObject\",\"inLanguage\":\"fr\",\"@id\":\"https:\\\/\\\/thingstodoinamsterdam.com\\\/fr\\\/#\\\/schema\\\/logo\\\/image\\\/\",\"url\":\"https:\\\/\\\/thingstodoinamsterdam.com\\\/wp-content\\\/uploads\\\/2025\\\/02\\\/ThingsToDoInAmsterdam-Favicon-logo.png\",\"contentUrl\":\"https:\\\/\\\/thingstodoinamsterdam.com\\\/wp-content\\\/uploads\\\/2025\\\/02\\\/ThingsToDoInAmsterdam-Favicon-logo.png\",\"width\":512,\"height\":512,\"caption\":\"Visiter Amsterdam\"},\"image\":{\"@id\":\"https:\\\/\\\/thingstodoinamsterdam.com\\\/fr\\\/#\\\/schema\\\/logo\\\/image\\\/\"},\"sameAs\":[\"https:\\\/\\\/www.facebook.com\\\/thingstodoinamsterdamcom\"]}]}<\/script>\n<!-- \/ Yoast SEO plugin. -->","yoast_head_json":{"title":"Lieux \u00e0 visiter et sites touristiques \u00e0 Amsterdam - les lieux incontournables","description":"Quels sont les lieux incontournables lors de ton voyage \u00e0 Amsterdam ? D\u00e9couvre-les ici et profite de la meilleure exp\u00e9rience touristique ! Des incontournables aux secrets cach\u00e9s.","robots":{"index":"index","follow":"follow","max-snippet":"max-snippet:-1","max-image-preview":"max-image-preview:large","max-video-preview":"max-video-preview:-1"},"canonical":"https:\/\/thingstodoinamsterdam.com\/fr\/lieux-et-tourisme-amsterdam\/","og_locale":"fr_FR","og_type":"article","og_title":"Lieux \u00e0 visiter et sites touristiques \u00e0 Amsterdam - les lieux incontournables","og_description":"Quels sont les lieux incontournables lors de ton voyage \u00e0 Amsterdam ? D\u00e9couvre-les ici et profite de la meilleure exp\u00e9rience touristique ! Des incontournables aux secrets cach\u00e9s.","og_url":"https:\/\/thingstodoinamsterdam.com\/fr\/lieux-et-tourisme-amsterdam\/","og_site_name":"ThingstodoinAmsterdam.com","article_publisher":"https:\/\/www.facebook.com\/thingstodoinamsterdamcom","article_modified_time":"2026-03-26T14:57:58+00:00","og_image":[{"width":350,"height":232,"url":"https:\/\/thingstodoinamsterdam.com\/wp-content\/uploads\/2021\/08\/Concert-gebouw-Museum-Square-area.jpg","type":"image\/jpeg"}],"twitter_card":"summary_large_image","twitter_misc":{"Est. reading time":"7 minutes"},"schema":{"@context":"https:\/\/schema.org","@graph":[{"@type":"WebPage","@id":"https:\/\/thingstodoinamsterdam.com\/fr\/lieux-et-tourisme-amsterdam\/","url":"https:\/\/thingstodoinamsterdam.com\/fr\/lieux-et-tourisme-amsterdam\/","name":"Lieux \u00e0 visiter et sites touristiques \u00e0 Amsterdam - les lieux incontournables","isPartOf":{"@id":"https:\/\/thingstodoinamsterdam.com\/fr\/#website"},"primaryImageOfPage":{"@id":"https:\/\/thingstodoinamsterdam.com\/fr\/lieux-et-tourisme-amsterdam\/#primaryimage"},"image":{"@id":"https:\/\/thingstodoinamsterdam.com\/fr\/lieux-et-tourisme-amsterdam\/#primaryimage"},"thumbnailUrl":"https:\/\/thingstodoinamsterdam.com\/wp-content\/uploads\/2021\/08\/Concert-gebouw-Museum-Square-area.jpg","datePublished":"2019-04-16T11:42:12+00:00","dateModified":"2026-03-26T14:57:58+00:00","description":"Quels sont les lieux incontournables lors de ton voyage \u00e0 Amsterdam ? D\u00e9couvre-les ici et profite de la meilleure exp\u00e9rience touristique ! Des incontournables aux secrets cach\u00e9s.","breadcrumb":{"@id":"https:\/\/thingstodoinamsterdam.com\/fr\/lieux-et-tourisme-amsterdam\/#breadcrumb"},"inLanguage":"fr","potentialAction":[{"@type":"ReadAction","target":["https:\/\/thingstodoinamsterdam.com\/fr\/lieux-et-tourisme-amsterdam\/"]}]},{"@type":"ImageObject","inLanguage":"fr","@id":"https:\/\/thingstodoinamsterdam.com\/fr\/lieux-et-tourisme-amsterdam\/#primaryimage","url":"https:\/\/thingstodoinamsterdam.com\/wp-content\/uploads\/2021\/08\/Concert-gebouw-Museum-Square-area.jpg","contentUrl":"https:\/\/thingstodoinamsterdam.com\/wp-content\/uploads\/2021\/08\/Concert-gebouw-Museum-Square-area.jpg","width":350,"height":232,"caption":"lieux et tourisme amsterdamt"},{"@type":"BreadcrumbList","@id":"https:\/\/thingstodoinamsterdam.com\/fr\/lieux-et-tourisme-amsterdam\/#breadcrumb","itemListElement":[{"@type":"ListItem","position":1,"name":"Visiter Amsterdam","item":"https:\/\/thingstodoinamsterdam.com\/fr\/"},{"@type":"ListItem","position":2,"name":"Lieux \u00e0 visiter et sites touristiques \u00e0 Amsterdam"}]},{"@type":"WebSite","@id":"https:\/\/thingstodoinamsterdam.com\/fr\/#website","url":"https:\/\/thingstodoinamsterdam.com\/fr\/","name":"ThingstodoinAmsterdam.com","description":"Amsterdam&#039;s highlights and hidden secrets","publisher":{"@id":"https:\/\/thingstodoinamsterdam.com\/fr\/#organization"},"potentialAction":[{"@type":"SearchAction","target":{"@type":"EntryPoint","urlTemplate":"https:\/\/thingstodoinamsterdam.com\/fr\/?s={search_term_string}"},"query-input":{"@type":"PropertyValueSpecification","valueRequired":true,"valueName":"search_term_string"}}],"inLanguage":"fr"},{"@type":"Organization","@id":"https:\/\/thingstodoinamsterdam.com\/fr\/#organization","name":"Visiter Amsterdam","url":"https:\/\/thingstodoinamsterdam.com\/fr\/","logo":{"@type":"ImageObject","inLanguage":"fr","@id":"https:\/\/thingstodoinamsterdam.com\/fr\/#\/schema\/logo\/image\/","url":"https:\/\/thingstodoinamsterdam.com\/wp-content\/uploads\/2025\/02\/ThingsToDoInAmsterdam-Favicon-logo.png","contentUrl":"https:\/\/thingstodoinamsterdam.com\/wp-content\/uploads\/2025\/02\/ThingsToDoInAmsterdam-Favicon-logo.png","width":512,"height":512,"caption":"Visiter Amsterdam"},"image":{"@id":"https:\/\/thingstodoinamsterdam.com\/fr\/#\/schema\/logo\/image\/"},"sameAs":["https:\/\/www.facebook.com\/thingstodoinamsterdamcom"]}]}},"_links":{"self":[{"href":"https:\/\/thingstodoinamsterdam.com\/fr\/wp-json\/wp\/v2\/pages\/434","targetHints":{"allow":["GET"]}}],"collection":[{"href":"https:\/\/thingstodoinamsterdam.com\/fr\/wp-json\/wp\/v2\/pages"}],"about":[{"href":"https:\/\/thingstodoinamsterdam.com\/fr\/wp-json\/wp\/v2\/types\/page"}],"author":[{"embeddable":true,"href":"https:\/\/thingstodoinamsterdam.com\/fr\/wp-json\/wp\/v2\/users\/1"}],"replies":[{"embeddable":true,"href":"https:\/\/thingstodoinamsterdam.com\/fr\/wp-json\/wp\/v2\/comments?post=434"}],"version-history":[{"count":6,"href":"https:\/\/thingstodoinamsterdam.com\/fr\/wp-json\/wp\/v2\/pages\/434\/revisions"}],"predecessor-version":[{"id":2535981,"href":"https:\/\/thingstodoinamsterdam.com\/fr\/wp-json\/wp\/v2\/pages\/434\/revisions\/2535981"}],"wp:featuredmedia":[{"embeddable":true,"href":"https:\/\/thingstodoinamsterdam.com\/fr\/wp-json\/wp\/v2\/media\/11013"}],"wp:attachment":[{"href":"https:\/\/thingstodoinamsterdam.com\/fr\/wp-json\/wp\/v2\/media?parent=434"}],"curies":[{"name":"wp","href":"https:\/\/api.w.org\/{rel}","templated":true}]}}