{"id":437,"date":"2019-06-25T10:50:30","date_gmt":"2019-06-25T10:50:30","guid":{"rendered":"https:\/\/thingstodoinamsterdam.com\/?page_id=437"},"modified":"2026-02-17T17:51:43","modified_gmt":"2026-02-17T16:51:43","slug":"begijnhof-une-oasis-de-paix","status":"publish","type":"page","link":"https:\/\/thingstodoinamsterdam.com\/fr\/lieux-et-tourisme-amsterdam\/begijnhof-une-oasis-de-paix\/","title":{"rendered":"D\u00e9couvre le Begijnhof d\u2019Amsterdam \u2014 Une oasis de paix !"},"content":{"rendered":"<div class=\"wpb-content-wrapper\"><p>[vc_row][vc_column][vc_column_text]<a href=\"https:\/\/thingstodoinamsterdam.com\/fr\/\">Amsterdam<\/a> est une ville qui ne cesse d\u2019\u00e9tonner ses visiteurs. Des vieilles \u00e9glises (<a href=\"https:\/\/thingstodoinamsterdam.com\/places-sightseeing-amsterdam\/de-oude-kerk\/\">Oude Kerk<\/a> et <a href=\"https:\/\/thingstodoinamsterdam.com\/places-sightseeing-amsterdam\/nieuwe-kerk\/\">Nieuwe Kerk<\/a>) au <a href=\"https:\/\/thingstodoinamsterdam.com\/fr\/le-quartier-rouge\/\">Quartier Rouge<\/a> en passant par la magnifique <a href=\"https:\/\/thingstodoinamsterdam.com\/fr\/croisiere-sur-les-canaux-amsterdam\/\">ceinture des canaux<\/a>, cette ville est \u00e0 la fois ancienne et vaut le d\u00e9tour. Le Begijnhof d\u2019Amsterdam est une oasis de paix dans le centre-ville anim\u00e9 d\u2019Amsterdam. C\u2019est l\u2019un des plus anciens \u00ab hofjes \u00bb d\u2019Amsterdam. Un \u00ab hofje \u00bb est un mot n\u00e9erlandais d\u00e9signant une cour entour\u00e9e d\u2019hospices. Ils existent depuis le Moyen \u00c2ge et permettaient de loger des personnes \u00e2g\u00e9es (principalement des femmes). Ils \u00e9taient financ\u00e9s par des fonds priv\u00e9s et servaient de forme de s\u00e9curit\u00e9 sociale. Comme son nom l\u2019indique, le Begijnhof \u00e9tait \u00e0 l\u2019origine un b\u00e9guinage fond\u00e9 au quatorzi\u00e8me si\u00e8cle. Un b\u00e9guinage est un complexe architectural cr\u00e9\u00e9 pour loger des b\u00e9guines : des femmes religieuses qui vivaient en communaut\u00e9 sans prononcer de v\u0153ux ni se retirer du monde. \u00c0 l\u2019origine, les fa\u00e7ades arri\u00e8re du Begijnhof \u00e9taient dans l\u2019eau. L\u2019ass\u00e8chement, entre autres, du Spui et du Begijnensloot a fait dispara\u00eetre l\u2019eau environnante.      <\/p><div id=\"ez-toc-container\" class=\"ez-toc-v2_0_82_2 counter-hierarchy ez-toc-counter ez-toc-custom ez-toc-container-direction\">\n<div class=\"ez-toc-title-container\">\n<span class=\"ez-toc-title-toggle\"><a href=\"#\" class=\"ez-toc-pull-right ez-toc-btn ez-toc-btn-xs ez-toc-btn-default ez-toc-toggle\" aria-label=\"Toggle Table of Content\"><span class=\"ez-toc-js-icon-con\"><span class=\"\"><span class=\"eztoc-hide\" style=\"display:none;\">Toggle<\/span><span class=\"ez-toc-icon-toggle-span\"><svg style=\"fill: #999;color:#999\" xmlns=\"http:\/\/www.w3.org\/2000\/svg\" class=\"list-377408\" width=\"20px\" height=\"20px\" viewBox=\"0 0 24 24\" fill=\"none\"><path d=\"M6 6H4v2h2V6zm14 0H8v2h12V6zM4 11h2v2H4v-2zm16 0H8v2h12v-2zM4 16h2v2H4v-2zm16 0H8v2h12v-2z\" fill=\"currentColor\"><\/path><\/svg><svg style=\"fill: #999;color:#999\" class=\"arrow-unsorted-368013\" xmlns=\"http:\/\/www.w3.org\/2000\/svg\" width=\"10px\" height=\"10px\" viewBox=\"0 0 24 24\" version=\"1.2\" baseProfile=\"tiny\"><path d=\"M18.2 9.3l-6.2-6.3-6.2 6.3c-.2.2-.3.4-.3.7s.1.5.3.7c.2.2.4.3.7.3h11c.3 0 .5-.1.7-.3.2-.2.3-.5.3-.7s-.1-.5-.3-.7zM5.8 14.7l6.2 6.3 6.2-6.3c.2-.2.3-.5.3-.7s-.1-.5-.3-.7c-.2-.2-.4-.3-.7-.3h-11c-.3 0-.5.1-.7.3-.2.2-.3.5-.3.7s.1.5.3.7z\"\/><\/svg><\/span><\/span><\/span><\/a><\/span><\/div>\n<nav><ul class='ez-toc-list ez-toc-list-level-1 ' ><li class='ez-toc-page-1 ez-toc-heading-level-2'><a class=\"ez-toc-link ez-toc-heading-1\" href=\"https:\/\/thingstodoinamsterdam.com\/fr\/lieux-et-tourisme-amsterdam\/begijnhof-une-oasis-de-paix\/#histoire-du-begijnhof-damsterdam\" >Histoire du Begijnhof d\u2019Amsterdam<\/a><\/li><li class='ez-toc-page-1 ez-toc-heading-level-2'><a class=\"ez-toc-link ez-toc-heading-2\" href=\"https:\/\/thingstodoinamsterdam.com\/fr\/lieux-et-tourisme-amsterdam\/begijnhof-une-oasis-de-paix\/#adresse-et-horaires-douverture-du-begijnhof-damsterdam\" >Adresse et horaires d\u2019ouverture du Begijnhof d\u2019Amsterdam<\/a><\/li><li class='ez-toc-page-1 ez-toc-heading-level-2'><a class=\"ez-toc-link ez-toc-heading-3\" href=\"https:\/\/thingstodoinamsterdam.com\/fr\/lieux-et-tourisme-amsterdam\/begijnhof-une-oasis-de-paix\/#comment-se-rendre-au-begijnhof-damsterdam\" >Comment se rendre au Begijnhof d\u2019Amsterdam<\/a><\/li><li class='ez-toc-page-1 ez-toc-heading-level-2'><a class=\"ez-toc-link ez-toc-heading-4\" href=\"https:\/\/thingstodoinamsterdam.com\/fr\/lieux-et-tourisme-amsterdam\/begijnhof-une-oasis-de-paix\/#a-pied\" >\u00c0 pied<\/a><\/li><\/ul><\/nav><\/div>\n\n<h2><img decoding=\"async\" class=\"aligncenter wp-image-7247 size-full\" src=\"https:\/\/thingstodoinamsterdam.com\/wp-content\/uploads\/2019\/08\/Begijnhof-Amsterdam.jpg\" alt=\"Begijnhof Amsterdam\" width=\"1024\" height=\"768\"><\/h2>\n<h2><\/h2>\n<h2><span class=\"ez-toc-section\" id=\"histoire-du-begijnhof-damsterdam\"><\/span>Histoire du Begijnhof d\u2019Amsterdam<span class=\"ez-toc-section-end\"><\/span><\/h2>\n<p>Vers l\u2019an 1150, un groupe de femmes pieuses d\u00e9cida de s\u2019unir en une communaut\u00e9 religieuse, avec pour objectif principal de soigner les malades et de dispenser une \u00e9ducation. Ce furent les premi\u00e8res \u00ab b\u00e9guines \u00bb, bien qu\u2019elles n\u2019aient pas \u00e9t\u00e9 d\u00e9sign\u00e9es par ce nom \u00e0 l\u2019\u00e9poque. Ces femmes n\u2019\u00e9taient pas des nonnes et ne passaient pas toute leur vie dans l\u2019isolement d\u2019un monast\u00e8re. M\u00eame si elles devaient \u00eatre c\u00e9libataires, elles pouvaient r\u00e9voquer leurs v\u0153ux \u00e0 tout moment et quitter le b\u00e9guinage pour des raisons telles que le mariage ou pour rejoindre leur famille. Les origines de la cour du Begijnhof d\u2019Amsterdam remontent \u00e0 la seconde moiti\u00e9 du quatorzi\u00e8me si\u00e8cle. L\u2019ann\u00e9e exacte de sa fondation est inconnue. Situ\u00e9 juste derri\u00e8re le <a href=\"https:\/\/thingstodoinamsterdam.com\/fr\/musees-amsterdam\/musee-d-amsterdam\/\">Mus\u00e9e d\u2019Amsterdam<\/a>, le b\u00e9guinage est aujourd\u2019hui devenu une oasis de paix au c\u0153ur de l\u2019animation du centre-ville. Le Begijnhof se composait de petites maisons et d\u2019une \u00e9glise, autour d\u2019une cour qui \u00e9tait toujours ferm\u00e9e le soir. Pendant la R\u00e9forme, les b\u00e9guines ont d\u00fb c\u00e9der leur \u00e9glise aux Anglais, et celle-ci est appel\u00e9e l\u2019\u00ab \u00c9glise anglaise \u00bb depuis lors. Au fil du temps, les maisons m\u00e9di\u00e9vales ont \u00e9t\u00e9 reconstruites ou remplac\u00e9es, mais la fa\u00e7ade de la maison au num\u00e9ro 34 a \u00e9t\u00e9 pr\u00e9serv\u00e9e. La maison date de la seconde moiti\u00e9 du XVe si\u00e8cle et a \u00e9t\u00e9 reconstruite en 1957 en utilisant les mat\u00e9riaux d\u2019origine. Le Begijnhof d\u2019Amsterdam est en grande partie ouvert aux visiteurs. La partie nord, o\u00f9 se trouvent uniquement des habitations, n\u2019est accessible qu\u2019aux r\u00e9sidents et \u00e0 leurs invit\u00e9s. Dans le jardin, on trouve, entre autres, une statue de b\u00e9guine. La plupart des fa\u00e7ades du b\u00e9guinage datent des XVIIe et XVIIIe si\u00e8cles. Les maisons elles-m\u00eames sont souvent plus anciennes que les fa\u00e7ades. La fa\u00e7ade de la maison en bois au Begijnhof 34 est la plus unique de toutes. L\u2019\u00e9glise r\u00e9form\u00e9e anglaise et la chapelle du b\u00e9guinage se trouvent \u00e0 l\u2019int\u00e9rieur de la cour.[\/vc_column_text][\/vc_column][\/vc_row][vc_row][vc_column][vc_video link=&#8221;https:\/\/www.youtube.com\/watch?v=DOijtdMUPGo&#8221; title=&#8221;Une vid\u00e9o sur le Begijnhof d\u2019Amsterdam&#8221;][\/vc_column][\/vc_row][vc_row][vc_column][vc_column_text]<\/p>\n<h2><span class=\"ez-toc-section\" id=\"adresse-et-horaires-douverture-du-begijnhof-damsterdam\"><\/span>Adresse et horaires d\u2019ouverture du Begijnhof d\u2019Amsterdam<span class=\"ez-toc-section-end\"><\/span><\/h2>\n<p>Le b\u00e9guinage est ouvert tous les jours aux visiteurs de <strong>9h00<\/strong> \u00e0 <strong>17h00<\/strong> et est ferm\u00e9 le dimanche. Il y a deux entr\u00e9es : sur le c\u00f4t\u00e9 nord du Spui et sur le Gedempte Begijnensloot (dans le prolongement de la Schuttersgalerij). <strong>Adresse<br \/>\n<\/strong>Beguinage Amsterdam Nieuwezijds voorburgwal 371 1012 AB Amsterdam <\/p>\n<p>+31 (0)20 622 1918<br \/>\n<a href=\"https:\/\/begijnhofkapelamsterdam.nl\/english-information\/\">https:\/\/begijnhofkapelamsterdam.nl\/<\/a><\/p>\n<p>L\u2019entr\u00e9e est gratuite.[\/vc_column_text][\/vc_column][\/vc_row][vc_row][vc_column][vc_column_text]<\/p>\n<h2><span class=\"ez-toc-section\" id=\"comment-se-rendre-au-begijnhof-damsterdam\"><\/span>Comment se rendre au Begijnhof d\u2019Amsterdam<span class=\"ez-toc-section-end\"><\/span><\/h2>\n<p>La cour du Begijnhof est entour\u00e9e par la Kalverstraat, le Spui et le Nieuwezijds Voorburgwal. Il y a des entr\u00e9es sur le c\u00f4t\u00e9 nord du Spui et sur le Gedempte Begijnensloot. Le Begijnhof est accessible depuis la <a href=\"https:\/\/thingstodoinamsterdam.com\/transport\/amsterdam-central-station\/\">Gare centrale d\u2019Amsterdam<\/a> et <a href=\"https:\/\/thingstodoinamsterdam.com\/places-sightseeing-amsterdam\/leidseplein\/\">Leidseplein<\/a> en tramway ainsi qu\u2019\u00e0 pied. <strong>Depuis la gare centrale d\u2019Amsterdam en tram :<\/strong> Trams 4, 12, 14 et 24 \u2014 Arr\u00eate-toi \u00e0 l\u2019arr\u00eat <strong>SPUI<\/strong> et marche jusqu\u2019au <strong>Nieuwezijds Voorburgwal<\/strong>. <strong>Depuis Leidseplein en tram :<\/strong> Trams 2, 11 et 12 \u2014 Arr\u00eate-toi \u00e0 l\u2019arr\u00eat <strong>SPUI<\/strong> et marche jusqu\u2019au <strong>Nieuwezijds Voorburgwal<\/strong>.  <\/p>\n<h2><span class=\"ez-toc-section\" id=\"a-pied\"><\/span>\u00c0 pied<span class=\"ez-toc-section-end\"><\/span><\/h2>\n<p>Si tu souhaites marcher depuis la gare centrale d\u2019Amsterdam, tu dois traverser la rue commer\u00e7ante Kalverstraat en direction de la <a href=\"https:\/\/thingstodoinamsterdam.com\/dam-square\/\">Place du Dam<\/a>, de <a href=\"https:\/\/thingstodoinamsterdam.com\/fr\/musees-amsterdam\/madame-tussauds-amsterdam\/\">Madame Tussauds<\/a> et de <a href=\"https:\/\/thingstodoinamsterdam.com\/fr\/musees-amsterdam\/ripleys-believe-it-or-not-amsterdam\/\">Ripley\u2019s Believe It or Not!<\/a> La Kalverstraat m\u00e8ne jusqu\u2019au Spui et le Begijnhof se trouve juste derri\u00e8re le <a href=\"https:\/\/thingstodoinamsterdam.com\/fr\/musees-amsterdam\/musee-d-amsterdam\/\">Mus\u00e9e d\u2019Amsterdam<\/a>.[\/vc_column_text][\/vc_column][\/vc_row][vc_row][vc_column][g_map heading=&#8221;Begijnhof Amsterdam on the City Map&#8221; el_id=&#8221;1565191969222-4f3be406-d955&#8243;]<iframe style=\"border: 0;\" src=\"https:\/\/www.google.com\/maps\/embed?pb=!1m18!1m12!1m3!1d2436.044164868093!2d4.887961015801877!3d52.369619179786014!2m3!1f0!2f0!3f0!3m2!1i1024!2i768!4f13.1!3m3!1m2!1s0x47c609c10ab92779%3A0xdb03cc5fdb4c1975!2sBegijnhof!5e0!3m2!1sen!2snl!4v1551972200833\" width=\"600\" height=\"450\" frameborder=\"0\" allowfullscreen=\"allowfullscreen\"><\/iframe>[\/g_map][\/vc_column][\/vc_row][vc_row][vc_column][promo_block style_var=&#8221;style2&#8243; el_id=&#8221;1565192062938-e350daa9-35a8&#8243;][promo link=&#8221;url:https%3A%2F%2Fthingstodoinamsterdam.com%2Fmuseum-amsterdam%2Famsterdam-museum%2F|title:Amsterdam%20City%20Museum||&#8221; text=&#8221;D\u00e9couvre tout sur Amsterdam en visitant le mus\u00e9e de la ville !&#8221; img=&#8221;2614&#8243;][promo link=&#8221;url:https%3A%2F%2Fthingstodoinamsterdam.com%2Fmuseum-amsterdam%2Fripleys-believe-it-or-not%2F|title:Ripley%E2%80%99s%20Believe%20It%20or%20Not!||&#8221; text=&#8221;D\u00e9couvre le monde merveilleux de l\u2019\u00e9trange et du bizarre chez Ripley\u2019s Believe It or Not!&#8221; img=&#8221;2400&#8243;][promo link=&#8221;url:https%3A%2F%2Fthingstodoinamsterdam.com%2Fmuseum-amsterdam%2Fmadame-tussauds-wax-museum-amsterdam%2F|title:Madame%20Tussauds||&#8221; text=&#8221;Prends un selfie avec la famille royale n\u00e9erlandaise !&#8221; img=&#8221;2233&#8243;][\/promo_block][\/vc_column][\/vc_row][vc_row][vc_column][reviews item_name=&#8221;Begijnhof Amsterdam&#8221; item_image=&#8221;1575&#8243; item_tel=&#8221;+31 (0)20 622 1918&#8243; item_web=&#8221;https:\/\/www.amsterdamoudestad.nl\/bezienswaardigheden\/bezienswaardigheden-oude-binnenstad\/begijnhof&#8221; item_address=&#8221;Nieuwezijds Voorburgwal 371&#8243; item_city=&#8221;Amsterdam&#8221; item_postal_code=&#8221;1012 RS&#8221; item_country=&#8221;NL&#8221; el_id=&#8221;1565191985801-17005e04-1855&#8243;][\/reviews][\/vc_column][\/vc_row]<\/p>\n<\/div>","protected":false},"excerpt":{"rendered":"<p>[vc_row][vc_column][vc_column_text]Amsterdam est une ville qui ne cesse d\u2019\u00e9tonner ses visiteurs. Des vieilles \u00e9glises (Oude Kerk et Nieuwe Kerk) au Quartier Rouge en passant par la\u2026<\/p>\n","protected":false},"author":3,"featured_media":2610,"parent":434,"menu_order":0,"comment_status":"closed","ping_status":"closed","template":"","meta":{"footnotes":""},"class_list":["post-437","page","type-page","status-publish","has-post-thumbnail","hentry"],"yoast_head":"<!-- This site is optimized with the Yoast SEO plugin v27.3 - https:\/\/yoast.com\/product\/yoast-seo-wordpress\/ -->\n<title>D\u00e9couvre le Begijnhof d\u2019Amsterdam \u2014 Une oasis de paix au centre-ville<\/title>\n<meta name=\"description\" content=\"Le Begijnhof d\u2019Amsterdam est situ\u00e9 au c\u0153ur de la ville. C\u2019\u00e9tait \u00e0 l\u2019origine un b\u00e9guinage fond\u00e9 au XIVe si\u00e8cle qui abritait des femmes religieuses la\u00efques.\" \/>\n<meta name=\"robots\" content=\"index, follow, max-snippet:-1, max-image-preview:large, max-video-preview:-1\" \/>\n<link rel=\"canonical\" href=\"https:\/\/thingstodoinamsterdam.com\/fr\/lieux-et-tourisme-amsterdam\/begijnhof-une-oasis-de-paix\/\" \/>\n<meta property=\"og:locale\" content=\"fr_FR\" \/>\n<meta property=\"og:type\" content=\"article\" \/>\n<meta property=\"og:title\" content=\"D\u00e9couvre le Begijnhof d\u2019Amsterdam \u2014 Une oasis de paix au centre-ville\" \/>\n<meta property=\"og:description\" content=\"Le Begijnhof d\u2019Amsterdam est situ\u00e9 au c\u0153ur de la ville. C\u2019\u00e9tait \u00e0 l\u2019origine un b\u00e9guinage fond\u00e9 au XIVe si\u00e8cle qui abritait des femmes religieuses la\u00efques.\" \/>\n<meta property=\"og:url\" content=\"https:\/\/thingstodoinamsterdam.com\/fr\/lieux-et-tourisme-amsterdam\/begijnhof-une-oasis-de-paix\/\" \/>\n<meta property=\"og:site_name\" content=\"ThingstodoinAmsterdam.com\" \/>\n<meta property=\"article:publisher\" content=\"https:\/\/www.facebook.com\/thingstodoinamsterdamcom\" \/>\n<meta property=\"article:modified_time\" content=\"2026-02-17T16:51:43+00:00\" \/>\n<meta property=\"og:image\" content=\"https:\/\/thingstodoinamsterdam.com\/wp-content\/uploads\/2019\/08\/Amsterdams-Begijnhof.jpg\" \/>\n\t<meta property=\"og:image:width\" content=\"2048\" \/>\n\t<meta property=\"og:image:height\" content=\"1365\" \/>\n\t<meta property=\"og:image:type\" content=\"image\/jpeg\" \/>\n<meta name=\"twitter:card\" content=\"summary_large_image\" \/>\n<meta name=\"twitter:label1\" content=\"Est. reading time\" \/>\n\t<meta name=\"twitter:data1\" content=\"5 minutes\" \/>\n<script type=\"application\/ld+json\" class=\"yoast-schema-graph\">{\"@context\":\"https:\\\/\\\/schema.org\",\"@graph\":[{\"@type\":\"WebPage\",\"@id\":\"https:\\\/\\\/thingstodoinamsterdam.com\\\/fr\\\/lieux-et-tourisme-amsterdam\\\/begijnhof-une-oasis-de-paix\\\/\",\"url\":\"https:\\\/\\\/thingstodoinamsterdam.com\\\/fr\\\/lieux-et-tourisme-amsterdam\\\/begijnhof-une-oasis-de-paix\\\/\",\"name\":\"D\u00e9couvre le Begijnhof d\u2019Amsterdam \u2014 Une oasis de paix au centre-ville\",\"isPartOf\":{\"@id\":\"https:\\\/\\\/thingstodoinamsterdam.com\\\/fr\\\/#website\"},\"primaryImageOfPage\":{\"@id\":\"https:\\\/\\\/thingstodoinamsterdam.com\\\/fr\\\/lieux-et-tourisme-amsterdam\\\/begijnhof-une-oasis-de-paix\\\/#primaryimage\"},\"image\":{\"@id\":\"https:\\\/\\\/thingstodoinamsterdam.com\\\/fr\\\/lieux-et-tourisme-amsterdam\\\/begijnhof-une-oasis-de-paix\\\/#primaryimage\"},\"thumbnailUrl\":\"https:\\\/\\\/thingstodoinamsterdam.com\\\/wp-content\\\/uploads\\\/2019\\\/08\\\/Amsterdams-Begijnhof.jpg\",\"datePublished\":\"2019-06-25T10:50:30+00:00\",\"dateModified\":\"2026-02-17T16:51:43+00:00\",\"description\":\"Le Begijnhof d\u2019Amsterdam est situ\u00e9 au c\u0153ur de la ville. C\u2019\u00e9tait \u00e0 l\u2019origine un b\u00e9guinage fond\u00e9 au XIVe si\u00e8cle qui abritait des femmes religieuses la\u00efques.\",\"breadcrumb\":{\"@id\":\"https:\\\/\\\/thingstodoinamsterdam.com\\\/fr\\\/lieux-et-tourisme-amsterdam\\\/begijnhof-une-oasis-de-paix\\\/#breadcrumb\"},\"inLanguage\":\"fr\",\"potentialAction\":[{\"@type\":\"ReadAction\",\"target\":[\"https:\\\/\\\/thingstodoinamsterdam.com\\\/fr\\\/lieux-et-tourisme-amsterdam\\\/begijnhof-une-oasis-de-paix\\\/\"]}]},{\"@type\":\"ImageObject\",\"inLanguage\":\"fr\",\"@id\":\"https:\\\/\\\/thingstodoinamsterdam.com\\\/fr\\\/lieux-et-tourisme-amsterdam\\\/begijnhof-une-oasis-de-paix\\\/#primaryimage\",\"url\":\"https:\\\/\\\/thingstodoinamsterdam.com\\\/wp-content\\\/uploads\\\/2019\\\/08\\\/Amsterdams-Begijnhof.jpg\",\"contentUrl\":\"https:\\\/\\\/thingstodoinamsterdam.com\\\/wp-content\\\/uploads\\\/2019\\\/08\\\/Amsterdams-Begijnhof.jpg\",\"width\":2048,\"height\":1365},{\"@type\":\"BreadcrumbList\",\"@id\":\"https:\\\/\\\/thingstodoinamsterdam.com\\\/fr\\\/lieux-et-tourisme-amsterdam\\\/begijnhof-une-oasis-de-paix\\\/#breadcrumb\",\"itemListElement\":[{\"@type\":\"ListItem\",\"position\":1,\"name\":\"Visiter Amsterdam\",\"item\":\"https:\\\/\\\/thingstodoinamsterdam.com\\\/fr\\\/\"},{\"@type\":\"ListItem\",\"position\":2,\"name\":\"Lieux \u00e0 visiter et sites touristiques \u00e0 Amsterdam\",\"item\":\"https:\\\/\\\/thingstodoinamsterdam.com\\\/fr\\\/lieux-et-tourisme-amsterdam\\\/\"},{\"@type\":\"ListItem\",\"position\":3,\"name\":\"D\u00e9couvre le Begijnhof d\u2019Amsterdam \u2014 Une oasis de paix !\"}]},{\"@type\":\"WebSite\",\"@id\":\"https:\\\/\\\/thingstodoinamsterdam.com\\\/fr\\\/#website\",\"url\":\"https:\\\/\\\/thingstodoinamsterdam.com\\\/fr\\\/\",\"name\":\"ThingstodoinAmsterdam.com\",\"description\":\"Amsterdam&#039;s highlights and hidden secrets\",\"publisher\":{\"@id\":\"https:\\\/\\\/thingstodoinamsterdam.com\\\/fr\\\/#organization\"},\"potentialAction\":[{\"@type\":\"SearchAction\",\"target\":{\"@type\":\"EntryPoint\",\"urlTemplate\":\"https:\\\/\\\/thingstodoinamsterdam.com\\\/fr\\\/?s={search_term_string}\"},\"query-input\":{\"@type\":\"PropertyValueSpecification\",\"valueRequired\":true,\"valueName\":\"search_term_string\"}}],\"inLanguage\":\"fr\"},{\"@type\":\"Organization\",\"@id\":\"https:\\\/\\\/thingstodoinamsterdam.com\\\/fr\\\/#organization\",\"name\":\"Visiter Amsterdam\",\"url\":\"https:\\\/\\\/thingstodoinamsterdam.com\\\/fr\\\/\",\"logo\":{\"@type\":\"ImageObject\",\"inLanguage\":\"fr\",\"@id\":\"https:\\\/\\\/thingstodoinamsterdam.com\\\/fr\\\/#\\\/schema\\\/logo\\\/image\\\/\",\"url\":\"https:\\\/\\\/thingstodoinamsterdam.com\\\/wp-content\\\/uploads\\\/2025\\\/02\\\/ThingsToDoInAmsterdam-Favicon-logo.png\",\"contentUrl\":\"https:\\\/\\\/thingstodoinamsterdam.com\\\/wp-content\\\/uploads\\\/2025\\\/02\\\/ThingsToDoInAmsterdam-Favicon-logo.png\",\"width\":512,\"height\":512,\"caption\":\"Visiter Amsterdam\"},\"image\":{\"@id\":\"https:\\\/\\\/thingstodoinamsterdam.com\\\/fr\\\/#\\\/schema\\\/logo\\\/image\\\/\"},\"sameAs\":[\"https:\\\/\\\/www.facebook.com\\\/thingstodoinamsterdamcom\"]}]}<\/script>\n<!-- \/ Yoast SEO plugin. -->","yoast_head_json":{"title":"D\u00e9couvre le Begijnhof d\u2019Amsterdam \u2014 Une oasis de paix au centre-ville","description":"Le Begijnhof d\u2019Amsterdam est situ\u00e9 au c\u0153ur de la ville. C\u2019\u00e9tait \u00e0 l\u2019origine un b\u00e9guinage fond\u00e9 au XIVe si\u00e8cle qui abritait des femmes religieuses la\u00efques.","robots":{"index":"index","follow":"follow","max-snippet":"max-snippet:-1","max-image-preview":"max-image-preview:large","max-video-preview":"max-video-preview:-1"},"canonical":"https:\/\/thingstodoinamsterdam.com\/fr\/lieux-et-tourisme-amsterdam\/begijnhof-une-oasis-de-paix\/","og_locale":"fr_FR","og_type":"article","og_title":"D\u00e9couvre le Begijnhof d\u2019Amsterdam \u2014 Une oasis de paix au centre-ville","og_description":"Le Begijnhof d\u2019Amsterdam est situ\u00e9 au c\u0153ur de la ville. C\u2019\u00e9tait \u00e0 l\u2019origine un b\u00e9guinage fond\u00e9 au XIVe si\u00e8cle qui abritait des femmes religieuses la\u00efques.","og_url":"https:\/\/thingstodoinamsterdam.com\/fr\/lieux-et-tourisme-amsterdam\/begijnhof-une-oasis-de-paix\/","og_site_name":"ThingstodoinAmsterdam.com","article_publisher":"https:\/\/www.facebook.com\/thingstodoinamsterdamcom","article_modified_time":"2026-02-17T16:51:43+00:00","og_image":[{"width":2048,"height":1365,"url":"https:\/\/thingstodoinamsterdam.com\/wp-content\/uploads\/2019\/08\/Amsterdams-Begijnhof.jpg","type":"image\/jpeg"}],"twitter_card":"summary_large_image","twitter_misc":{"Est. reading time":"5 minutes"},"schema":{"@context":"https:\/\/schema.org","@graph":[{"@type":"WebPage","@id":"https:\/\/thingstodoinamsterdam.com\/fr\/lieux-et-tourisme-amsterdam\/begijnhof-une-oasis-de-paix\/","url":"https:\/\/thingstodoinamsterdam.com\/fr\/lieux-et-tourisme-amsterdam\/begijnhof-une-oasis-de-paix\/","name":"D\u00e9couvre le Begijnhof d\u2019Amsterdam \u2014 Une oasis de paix au centre-ville","isPartOf":{"@id":"https:\/\/thingstodoinamsterdam.com\/fr\/#website"},"primaryImageOfPage":{"@id":"https:\/\/thingstodoinamsterdam.com\/fr\/lieux-et-tourisme-amsterdam\/begijnhof-une-oasis-de-paix\/#primaryimage"},"image":{"@id":"https:\/\/thingstodoinamsterdam.com\/fr\/lieux-et-tourisme-amsterdam\/begijnhof-une-oasis-de-paix\/#primaryimage"},"thumbnailUrl":"https:\/\/thingstodoinamsterdam.com\/wp-content\/uploads\/2019\/08\/Amsterdams-Begijnhof.jpg","datePublished":"2019-06-25T10:50:30+00:00","dateModified":"2026-02-17T16:51:43+00:00","description":"Le Begijnhof d\u2019Amsterdam est situ\u00e9 au c\u0153ur de la ville. C\u2019\u00e9tait \u00e0 l\u2019origine un b\u00e9guinage fond\u00e9 au XIVe si\u00e8cle qui abritait des femmes religieuses la\u00efques.","breadcrumb":{"@id":"https:\/\/thingstodoinamsterdam.com\/fr\/lieux-et-tourisme-amsterdam\/begijnhof-une-oasis-de-paix\/#breadcrumb"},"inLanguage":"fr","potentialAction":[{"@type":"ReadAction","target":["https:\/\/thingstodoinamsterdam.com\/fr\/lieux-et-tourisme-amsterdam\/begijnhof-une-oasis-de-paix\/"]}]},{"@type":"ImageObject","inLanguage":"fr","@id":"https:\/\/thingstodoinamsterdam.com\/fr\/lieux-et-tourisme-amsterdam\/begijnhof-une-oasis-de-paix\/#primaryimage","url":"https:\/\/thingstodoinamsterdam.com\/wp-content\/uploads\/2019\/08\/Amsterdams-Begijnhof.jpg","contentUrl":"https:\/\/thingstodoinamsterdam.com\/wp-content\/uploads\/2019\/08\/Amsterdams-Begijnhof.jpg","width":2048,"height":1365},{"@type":"BreadcrumbList","@id":"https:\/\/thingstodoinamsterdam.com\/fr\/lieux-et-tourisme-amsterdam\/begijnhof-une-oasis-de-paix\/#breadcrumb","itemListElement":[{"@type":"ListItem","position":1,"name":"Visiter Amsterdam","item":"https:\/\/thingstodoinamsterdam.com\/fr\/"},{"@type":"ListItem","position":2,"name":"Lieux \u00e0 visiter et sites touristiques \u00e0 Amsterdam","item":"https:\/\/thingstodoinamsterdam.com\/fr\/lieux-et-tourisme-amsterdam\/"},{"@type":"ListItem","position":3,"name":"D\u00e9couvre le Begijnhof d\u2019Amsterdam \u2014 Une oasis de paix !"}]},{"@type":"WebSite","@id":"https:\/\/thingstodoinamsterdam.com\/fr\/#website","url":"https:\/\/thingstodoinamsterdam.com\/fr\/","name":"ThingstodoinAmsterdam.com","description":"Amsterdam&#039;s highlights and hidden secrets","publisher":{"@id":"https:\/\/thingstodoinamsterdam.com\/fr\/#organization"},"potentialAction":[{"@type":"SearchAction","target":{"@type":"EntryPoint","urlTemplate":"https:\/\/thingstodoinamsterdam.com\/fr\/?s={search_term_string}"},"query-input":{"@type":"PropertyValueSpecification","valueRequired":true,"valueName":"search_term_string"}}],"inLanguage":"fr"},{"@type":"Organization","@id":"https:\/\/thingstodoinamsterdam.com\/fr\/#organization","name":"Visiter Amsterdam","url":"https:\/\/thingstodoinamsterdam.com\/fr\/","logo":{"@type":"ImageObject","inLanguage":"fr","@id":"https:\/\/thingstodoinamsterdam.com\/fr\/#\/schema\/logo\/image\/","url":"https:\/\/thingstodoinamsterdam.com\/wp-content\/uploads\/2025\/02\/ThingsToDoInAmsterdam-Favicon-logo.png","contentUrl":"https:\/\/thingstodoinamsterdam.com\/wp-content\/uploads\/2025\/02\/ThingsToDoInAmsterdam-Favicon-logo.png","width":512,"height":512,"caption":"Visiter Amsterdam"},"image":{"@id":"https:\/\/thingstodoinamsterdam.com\/fr\/#\/schema\/logo\/image\/"},"sameAs":["https:\/\/www.facebook.com\/thingstodoinamsterdamcom"]}]}},"_links":{"self":[{"href":"https:\/\/thingstodoinamsterdam.com\/fr\/wp-json\/wp\/v2\/pages\/437","targetHints":{"allow":["GET"]}}],"collection":[{"href":"https:\/\/thingstodoinamsterdam.com\/fr\/wp-json\/wp\/v2\/pages"}],"about":[{"href":"https:\/\/thingstodoinamsterdam.com\/fr\/wp-json\/wp\/v2\/types\/page"}],"author":[{"embeddable":true,"href":"https:\/\/thingstodoinamsterdam.com\/fr\/wp-json\/wp\/v2\/users\/3"}],"replies":[{"embeddable":true,"href":"https:\/\/thingstodoinamsterdam.com\/fr\/wp-json\/wp\/v2\/comments?post=437"}],"version-history":[{"count":4,"href":"https:\/\/thingstodoinamsterdam.com\/fr\/wp-json\/wp\/v2\/pages\/437\/revisions"}],"predecessor-version":[{"id":2533828,"href":"https:\/\/thingstodoinamsterdam.com\/fr\/wp-json\/wp\/v2\/pages\/437\/revisions\/2533828"}],"up":[{"embeddable":true,"href":"https:\/\/thingstodoinamsterdam.com\/fr\/wp-json\/wp\/v2\/pages\/434"}],"wp:featuredmedia":[{"embeddable":true,"href":"https:\/\/thingstodoinamsterdam.com\/fr\/wp-json\/wp\/v2\/media\/2610"}],"wp:attachment":[{"href":"https:\/\/thingstodoinamsterdam.com\/fr\/wp-json\/wp\/v2\/media?parent=437"}],"curies":[{"name":"wp","href":"https:\/\/api.w.org\/{rel}","templated":true}]}}