{"id":438,"date":"2019-05-14T16:13:35","date_gmt":"2019-05-14T16:13:35","guid":{"rendered":"https:\/\/thingstodoinamsterdam.com\/?page_id=438"},"modified":"2026-04-03T14:18:21","modified_gmt":"2026-04-03T12:18:21","slug":"informations-pratiques","status":"publish","type":"page","link":"https:\/\/thingstodoinamsterdam.com\/fr\/informations-pratiques\/","title":{"rendered":"Informations pratiques"},"content":{"rendered":"<div class=\"wpb-content-wrapper\"><p>[vc_row][vc_column][vc_column_text css=&#8221;&#8221;]Dans cette liste, tu trouveras un aper\u00e7u rapide des sujets d\u2019informations pratiques les plus courants.<\/p>\n<ul>\n<li><strong>Num\u00e9ro d\u2019urgence<\/strong> : appelle le <strong>112<\/strong> en cas de situation critique.<\/li>\n<li><strong>Langue n\u00e9erlandaise<\/strong> : Aux Pays-Bas, on parle le n\u00e9erlandais. N\u00e9anmoins, l\u2019anglais a \u00e9t\u00e9 adopt\u00e9 par beaucoup comme deuxi\u00e8me langue. Cela signifie que tu peux t\u2019en sortir facilement avec un anglais de base. Le fran\u00e7ais et l\u2019allemand sont d\u2019autres langues parl\u00e9es par de nombreux N\u00e9erlandais.   <\/li>\n<li><strong>Argent et monnaie<\/strong> : l\u2019euro (EUR, \u20ac) est la monnaie utilis\u00e9e dans tout le pays. Les devises \u00e9trang\u00e8res peuvent \u00eatre \u00e9chang\u00e9es, mais ne sont pas accept\u00e9es. Tu peux aussi simplement utiliser ta carte bancaire habituelle dans l\u2019un des nombreux distributeurs automatiques. Les cartes de cr\u00e9dit sont g\u00e9n\u00e9ralement accept\u00e9es dans les h\u00f4tels, les restaurants et les stations-service. Attention toutefois : la plupart des supermarch\u00e9s n\u2019acceptent pas les paiements par carte de cr\u00e9dit.    <\/li>\n<li><strong>Cartes de r\u00e9duction<\/strong> : les cartes de r\u00e9duction les plus utilis\u00e9es \u00e0 Amsterdam sont la <a href=\"https:\/\/thingstodoinamsterdam.com\/fr\/informations-pratiques\/la-carte-i-amsterdam-city-card\/\">I Amsterdam City Card<\/a> et la Museumkaart.<\/li>\n<li><strong>Visiter Amsterdam avec des <\/strong><b>enfants<\/b> : Amsterdam est consid\u00e9r\u00e9e comme une ville tr\u00e8s s\u00fbre. Bien qu\u2019il y ait beaucoup de circulation, de nombreuses personnes ne s\u2019arr\u00eatent pas aux feux de signalisation. Certains habitants utilisent l\u2019expression \u00ab vert d\u2019Amsterdam \u00bb pour d\u00e9signer un feu rouge. Cela dit, il y a \u00e9norm\u00e9ment d\u2019activit\u00e9s \u00e0 faire avec de jeunes enfants ou des adolescents.   <\/li>\n<li><strong>Ambassades<\/strong> : via le site web du <a href=\"https:\/\/www.government.nl\/topics\/embassies-consulates-and-other-representations\">minist\u00e8re des Affaires \u00e9trang\u00e8res<\/a>, tu peux indiquer ton pays pour voir pr\u00e9cis\u00e9ment o\u00f9 se trouve ton ambassade. Certains d\u2019entre vous pourraient aussi avoir besoin de savoir si un visa est obligatoire pour leur voyage. <\/li>\n<li><strong>Prises et fiches<\/strong> : Aux Pays-Bas, l\u2019Europlug est couramment utilis\u00e9e. Il s\u2019agit d\u2019une fiche d\u2019alimentation CA plate \u00e0 deux p\u00f4les et broches rondes, non d\u00e9montable, con\u00e7ue pour des tensions allant jusqu\u2019\u00e0 250 V et des courants jusqu\u2019\u00e0 2,5 A. <\/li>\n<\/ul>\n<p>[\/vc_column_text][vc_column_text]Tu visites Amsterdam et tu veux bien te pr\u00e9parer ? D\u00e9couvre les diff\u00e9rents sujets abord\u00e9s sur ce site ci-dessous ![\/vc_column_text][\/vc_column][\/vc_row][vc_row][vc_column][promo_block style_var=&#8221;style2&#8243; el_id=&#8221;1565265736520-ebffa72c-0349&#8243;][promo link=&#8221;url:https%3A%2F%2Fthingstodoinamsterdam.com%2Ffr%2Finformations-pratiques%2Fla-carte-i-amsterdam-city-card%2F|title:I%20amsterdam%20City%20Card|&#8221; text=&#8221;D\u00e9couvre Amsterdam avec la I Amsterdam City Card ! Cette carte donne un acc\u00e8s gratuit \u00e0 de nombreuses attractions majeures et offre des r\u00e9ductions sur bien d\u2019autres encore. En plus de cela, elle peut aussi \u00eatre utilis\u00e9e dans les transports en commun, d\u00e9couvre-en plus ici !  &#8221; img=&#8221;2945&#8243;][promo link=&#8221;url:https%3A%2F%2Fthingstodoinamsterdam.com%2Ffr%2Ftransports-a-amsterdam%2Famsterdam-parking%2F|title:Se%20garer%20%C3%A0%20Amsterdam|&#8221; text=&#8221;Le stationnement \u00e0 Amsterdam est un sujet \u00e0 part enti\u00e8re. Les tarifs de stationnement dans la rue sont \u00e9lev\u00e9s et les places sont limit\u00e9es. Par cons\u00e9quent, un peu de planification concernant le parking peut te faire gagner beaucoup de temps et d\u2019argent !  &#8221; img=&#8221;2703&#8243;][promo link=&#8221;url:https%3A%2F%2Fthingstodoinamsterdam.com%2Ffr%2Finformations-pratiques%2Fles-meilleurs-services-de-livraison-de-repas%2F|title:Meilleurs%20services%20de%20livraison%20de%20repas%20%C3%A0%20Amsterdam|&#8221; text=&#8221;Profite du meilleur de la sc\u00e8ne culinaire d\u2019Amsterdam depuis le confort de ton h\u00e9bergement ! Que tu aies envie de plats locaux n\u00e9erlandais, de sushis frais ou de burgers gourmets, les services de livraison de la ville apportent un monde de saveurs directement \u00e0 ta porte. D\u00e9couvre les plateformes les plus fiables, les options de livraison les plus rapides et les meilleures offres pour satisfaire ton app\u00e9tit sans quitter la maison.  &#8221; img=&#8221;2028370&#8243;][promo link=&#8221;url:https%3A%2F%2Fthingstodoinamsterdam.com%2Ffr%2Fmeteo-a-amsterdam%2F|title:M%C3%A9t%C3%A9o%20%C3%A0%20Amsterdam|&#8221; text=&#8221;En quelques minutes seulement, tu peux \u00eatre parfaitement inform\u00e9 et pr\u00eat pour la m\u00e9t\u00e9o d\u2019Amsterdam.&#8221; img=&#8221;2697&#8243;][promo link=&#8221;url:https%3A%2F%2Fthingstodoinamsterdam.com%2Ffr%2Ftransports-a-amsterdam%2F|title:Transports%20%C3%A0%20Amsterdam|&#8221; text=&#8221;Lis tout ce qu&apos;il faut savoir sur les voyages \u00e0 Amsterdam et \u00e0 l&apos;\u00e9tranger ! L\u2019infrastructure des transports publics est excellente ! D\u00e9couvre toutes tes options, de l\u2019avion \u00e0 la voiture, sans oublier bien s\u00fbr la location de v\u00e9lo. &#8221; img=&#8221;2695&#8243;][promo link=&#8221;url:https%3A%2F%2Fthingstodoinamsterdam.com%2Ffr%2Fou-loger-a-amsterdam%2F|title:O%C3%B9%20s%C3%A9journer%20%C3%A0%20Amsterdam|&#8221; text=&#8221;Si tu n\u2019as pas encore r\u00e9serv\u00e9 ton h\u00f4tel, cet article t\u2019aidera \u00e0 comprendre les \u00e9l\u00e9ments \u00e0 prendre en compte lors de la r\u00e9servation de ton h\u00f4tel ou h\u00e9bergement.&#8221; img=&#8221;1971&#8243;][promo link=&#8221;url:https%3A%2F%2Fthingstodoinamsterdam.com%2Fpractical-information%2Fodido-esim%2F|title:eSIM%20Odido|&#8221; text=&#8221;Rester connect\u00e9 lors d\u2019une visite \u00e0 Amsterdam ou n\u2019importe o\u00f9 aux Pays-Bas est plus facile que jamais. L\u2019eSIM SimWallet d\u2019Odido est une option que les voyageurs peuvent envisager. &#8221; img=&#8221;2529175&#8243;][promo link=&#8221;url:https%3A%2F%2Fthingstodoinamsterdam.com%2Ffr%2Fquand-partir-a-amsterdam%2F|title:Meilleure%20p%C3%A9riode%20pour%20visiter%20Amsterdam|&#8221; text=&#8221;D\u00e9couvre le meilleur moment pour visiter Amsterdam selon tes besoins.&#8221; img=&#8221;1087&#8243;][promo link=&#8221;url:https%3A%2F%2Fthingstodoinamsterdam.com%2Fpractical-information%2Ftourist-information-center-amsterdam%2F|title:Office%20de%20tourisme%20d%E2%80%99Amsterdam|&#8221; text=&#8221;D\u00e9couvre o\u00f9 se trouvent les offices de tourisme et ce qu\u2019ils peuvent t\u2019offrir !&#8221; img=&#8221;2693&#8243;][promo link=&#8221;url:https%3A%2F%2Fthingstodoinamsterdam.com%2Fpractical-information%2Ffaq-amsterdam%2F|title:FAQ%20Amsterdam|&#8221; text=&#8221;Trouve la r\u00e9ponse \u00e0 la plupart des questions fr\u00e9quemment pos\u00e9es sur thingstodoinamsterdam.com&#8221; img=&#8221;2701&#8243;][promo link=&#8221;url:https%3A%2F%2Fthingstodoinamsterdam.com%2Fpractical-information%2Famsterdam-maps%2F|title:Plan%20d%E2%80%99Amsterdam|&#8221; text=&#8221;D\u00e9couvre et pr\u00e9pare-toi gr\u00e2ce au plan de la ville d\u2019Amsterdam.&#8221; img=&#8221;2699&#8243;][promo link=&#8221;url:https%3A%2F%2Fthingstodoinamsterdam.com%2Fpractical-information%2Famsterdam-apps%2F|title:Applications%20pour%20Amsterdam|&#8221; text=&#8221;Trouve ici les applications de voyage les plus utilis\u00e9es pour Amsterdam.&#8221; img=&#8221;2691&#8243;][\/promo_block][\/vc_column][\/vc_row]<\/p>\n<\/div>","protected":false},"excerpt":{"rendered":"<p>[vc_row][vc_column][vc_column_text css=&#8221;&#8221;]Dans cette liste, tu trouveras un aper\u00e7u rapide des sujets d\u2019informations pratiques les plus courants. Num\u00e9ro d\u2019urgence : appelle le 112 en cas de\u2026<\/p>\n","protected":false},"author":1,"featured_media":3513,"parent":0,"menu_order":0,"comment_status":"closed","ping_status":"closed","template":"","meta":{"footnotes":""},"class_list":["post-438","page","type-page","status-publish","has-post-thumbnail","hentry"],"yoast_head":"<!-- This site is optimized with the Yoast SEO plugin v27.3 - https:\/\/yoast.com\/product\/yoast-seo-wordpress\/ -->\n<title>Informations pratiques - thingstodoinamsterdam.com<\/title>\n<meta name=\"description\" content=\"Jette un \u0153il aux informations pratiques pour ton voyage \u00e0 Amsterdam. Ces informations t\u2019aideront \u00e0 \u00e9conomiser beaucoup de temps et d\u2019argent. Pr\u00e9pare-toi bien !\" \/>\n<meta name=\"robots\" content=\"index, follow, max-snippet:-1, max-image-preview:large, max-video-preview:-1\" \/>\n<link rel=\"canonical\" href=\"https:\/\/thingstodoinamsterdam.com\/fr\/informations-pratiques\/\" \/>\n<meta property=\"og:locale\" content=\"fr_FR\" \/>\n<meta property=\"og:type\" content=\"article\" \/>\n<meta property=\"og:title\" content=\"Informations pratiques - thingstodoinamsterdam.com\" \/>\n<meta property=\"og:description\" content=\"Jette un \u0153il aux informations pratiques pour ton voyage \u00e0 Amsterdam. Ces informations t\u2019aideront \u00e0 \u00e9conomiser beaucoup de temps et d\u2019argent. Pr\u00e9pare-toi bien !\" \/>\n<meta property=\"og:url\" content=\"https:\/\/thingstodoinamsterdam.com\/fr\/informations-pratiques\/\" \/>\n<meta property=\"og:site_name\" content=\"ThingstodoinAmsterdam.com\" \/>\n<meta property=\"article:publisher\" content=\"https:\/\/www.facebook.com\/thingstodoinamsterdamcom\" \/>\n<meta property=\"article:modified_time\" content=\"2026-04-03T12:18:21+00:00\" \/>\n<meta property=\"og:image\" content=\"https:\/\/thingstodoinamsterdam.com\/wp-content\/uploads\/2019\/10\/Traveling-from-Paris-to-Amsterdam-Cycling-in-Amsterdam-e1568838817776.jpg\" \/>\n\t<meta property=\"og:image:width\" content=\"900\" \/>\n\t<meta property=\"og:image:height\" content=\"600\" \/>\n\t<meta property=\"og:image:type\" content=\"image\/jpeg\" \/>\n<meta name=\"twitter:card\" content=\"summary_large_image\" \/>\n<meta name=\"twitter:label1\" content=\"Est. reading time\" \/>\n\t<meta name=\"twitter:data1\" content=\"3 minutes\" \/>\n<script type=\"application\/ld+json\" class=\"yoast-schema-graph\">{\"@context\":\"https:\\\/\\\/schema.org\",\"@graph\":[{\"@type\":\"WebPage\",\"@id\":\"https:\\\/\\\/thingstodoinamsterdam.com\\\/fr\\\/informations-pratiques\\\/\",\"url\":\"https:\\\/\\\/thingstodoinamsterdam.com\\\/fr\\\/informations-pratiques\\\/\",\"name\":\"Informations pratiques - thingstodoinamsterdam.com\",\"isPartOf\":{\"@id\":\"https:\\\/\\\/thingstodoinamsterdam.com\\\/fr\\\/#website\"},\"primaryImageOfPage\":{\"@id\":\"https:\\\/\\\/thingstodoinamsterdam.com\\\/fr\\\/informations-pratiques\\\/#primaryimage\"},\"image\":{\"@id\":\"https:\\\/\\\/thingstodoinamsterdam.com\\\/fr\\\/informations-pratiques\\\/#primaryimage\"},\"thumbnailUrl\":\"https:\\\/\\\/thingstodoinamsterdam.com\\\/wp-content\\\/uploads\\\/2019\\\/10\\\/Traveling-from-Paris-to-Amsterdam-Cycling-in-Amsterdam-e1568838817776.jpg\",\"datePublished\":\"2019-05-14T16:13:35+00:00\",\"dateModified\":\"2026-04-03T12:18:21+00:00\",\"description\":\"Jette un \u0153il aux informations pratiques pour ton voyage \u00e0 Amsterdam. Ces informations t\u2019aideront \u00e0 \u00e9conomiser beaucoup de temps et d\u2019argent. Pr\u00e9pare-toi bien !\",\"breadcrumb\":{\"@id\":\"https:\\\/\\\/thingstodoinamsterdam.com\\\/fr\\\/informations-pratiques\\\/#breadcrumb\"},\"inLanguage\":\"fr\",\"potentialAction\":[{\"@type\":\"ReadAction\",\"target\":[\"https:\\\/\\\/thingstodoinamsterdam.com\\\/fr\\\/informations-pratiques\\\/\"]}]},{\"@type\":\"ImageObject\",\"inLanguage\":\"fr\",\"@id\":\"https:\\\/\\\/thingstodoinamsterdam.com\\\/fr\\\/informations-pratiques\\\/#primaryimage\",\"url\":\"https:\\\/\\\/thingstodoinamsterdam.com\\\/wp-content\\\/uploads\\\/2019\\\/10\\\/Traveling-from-Paris-to-Amsterdam-Cycling-in-Amsterdam-e1568838817776.jpg\",\"contentUrl\":\"https:\\\/\\\/thingstodoinamsterdam.com\\\/wp-content\\\/uploads\\\/2019\\\/10\\\/Traveling-from-Paris-to-Amsterdam-Cycling-in-Amsterdam-e1568838817776.jpg\",\"width\":900,\"height\":600,\"caption\":\"travel-info\"},{\"@type\":\"BreadcrumbList\",\"@id\":\"https:\\\/\\\/thingstodoinamsterdam.com\\\/fr\\\/informations-pratiques\\\/#breadcrumb\",\"itemListElement\":[{\"@type\":\"ListItem\",\"position\":1,\"name\":\"Visiter Amsterdam\",\"item\":\"https:\\\/\\\/thingstodoinamsterdam.com\\\/fr\\\/\"},{\"@type\":\"ListItem\",\"position\":2,\"name\":\"Informations pratiques\"}]},{\"@type\":\"WebSite\",\"@id\":\"https:\\\/\\\/thingstodoinamsterdam.com\\\/fr\\\/#website\",\"url\":\"https:\\\/\\\/thingstodoinamsterdam.com\\\/fr\\\/\",\"name\":\"ThingstodoinAmsterdam.com\",\"description\":\"Amsterdam&#039;s highlights and hidden secrets\",\"publisher\":{\"@id\":\"https:\\\/\\\/thingstodoinamsterdam.com\\\/fr\\\/#organization\"},\"potentialAction\":[{\"@type\":\"SearchAction\",\"target\":{\"@type\":\"EntryPoint\",\"urlTemplate\":\"https:\\\/\\\/thingstodoinamsterdam.com\\\/fr\\\/?s={search_term_string}\"},\"query-input\":{\"@type\":\"PropertyValueSpecification\",\"valueRequired\":true,\"valueName\":\"search_term_string\"}}],\"inLanguage\":\"fr\"},{\"@type\":\"Organization\",\"@id\":\"https:\\\/\\\/thingstodoinamsterdam.com\\\/fr\\\/#organization\",\"name\":\"Visiter Amsterdam\",\"url\":\"https:\\\/\\\/thingstodoinamsterdam.com\\\/fr\\\/\",\"logo\":{\"@type\":\"ImageObject\",\"inLanguage\":\"fr\",\"@id\":\"https:\\\/\\\/thingstodoinamsterdam.com\\\/fr\\\/#\\\/schema\\\/logo\\\/image\\\/\",\"url\":\"https:\\\/\\\/thingstodoinamsterdam.com\\\/wp-content\\\/uploads\\\/2025\\\/02\\\/ThingsToDoInAmsterdam-Favicon-logo.png\",\"contentUrl\":\"https:\\\/\\\/thingstodoinamsterdam.com\\\/wp-content\\\/uploads\\\/2025\\\/02\\\/ThingsToDoInAmsterdam-Favicon-logo.png\",\"width\":512,\"height\":512,\"caption\":\"Visiter Amsterdam\"},\"image\":{\"@id\":\"https:\\\/\\\/thingstodoinamsterdam.com\\\/fr\\\/#\\\/schema\\\/logo\\\/image\\\/\"},\"sameAs\":[\"https:\\\/\\\/www.facebook.com\\\/thingstodoinamsterdamcom\"]}]}<\/script>\n<!-- \/ Yoast SEO plugin. -->","yoast_head_json":{"title":"Informations pratiques - thingstodoinamsterdam.com","description":"Jette un \u0153il aux informations pratiques pour ton voyage \u00e0 Amsterdam. Ces informations t\u2019aideront \u00e0 \u00e9conomiser beaucoup de temps et d\u2019argent. Pr\u00e9pare-toi bien !","robots":{"index":"index","follow":"follow","max-snippet":"max-snippet:-1","max-image-preview":"max-image-preview:large","max-video-preview":"max-video-preview:-1"},"canonical":"https:\/\/thingstodoinamsterdam.com\/fr\/informations-pratiques\/","og_locale":"fr_FR","og_type":"article","og_title":"Informations pratiques - thingstodoinamsterdam.com","og_description":"Jette un \u0153il aux informations pratiques pour ton voyage \u00e0 Amsterdam. Ces informations t\u2019aideront \u00e0 \u00e9conomiser beaucoup de temps et d\u2019argent. Pr\u00e9pare-toi bien !","og_url":"https:\/\/thingstodoinamsterdam.com\/fr\/informations-pratiques\/","og_site_name":"ThingstodoinAmsterdam.com","article_publisher":"https:\/\/www.facebook.com\/thingstodoinamsterdamcom","article_modified_time":"2026-04-03T12:18:21+00:00","og_image":[{"width":900,"height":600,"url":"https:\/\/thingstodoinamsterdam.com\/wp-content\/uploads\/2019\/10\/Traveling-from-Paris-to-Amsterdam-Cycling-in-Amsterdam-e1568838817776.jpg","type":"image\/jpeg"}],"twitter_card":"summary_large_image","twitter_misc":{"Est. reading time":"3 minutes"},"schema":{"@context":"https:\/\/schema.org","@graph":[{"@type":"WebPage","@id":"https:\/\/thingstodoinamsterdam.com\/fr\/informations-pratiques\/","url":"https:\/\/thingstodoinamsterdam.com\/fr\/informations-pratiques\/","name":"Informations pratiques - thingstodoinamsterdam.com","isPartOf":{"@id":"https:\/\/thingstodoinamsterdam.com\/fr\/#website"},"primaryImageOfPage":{"@id":"https:\/\/thingstodoinamsterdam.com\/fr\/informations-pratiques\/#primaryimage"},"image":{"@id":"https:\/\/thingstodoinamsterdam.com\/fr\/informations-pratiques\/#primaryimage"},"thumbnailUrl":"https:\/\/thingstodoinamsterdam.com\/wp-content\/uploads\/2019\/10\/Traveling-from-Paris-to-Amsterdam-Cycling-in-Amsterdam-e1568838817776.jpg","datePublished":"2019-05-14T16:13:35+00:00","dateModified":"2026-04-03T12:18:21+00:00","description":"Jette un \u0153il aux informations pratiques pour ton voyage \u00e0 Amsterdam. Ces informations t\u2019aideront \u00e0 \u00e9conomiser beaucoup de temps et d\u2019argent. Pr\u00e9pare-toi bien !","breadcrumb":{"@id":"https:\/\/thingstodoinamsterdam.com\/fr\/informations-pratiques\/#breadcrumb"},"inLanguage":"fr","potentialAction":[{"@type":"ReadAction","target":["https:\/\/thingstodoinamsterdam.com\/fr\/informations-pratiques\/"]}]},{"@type":"ImageObject","inLanguage":"fr","@id":"https:\/\/thingstodoinamsterdam.com\/fr\/informations-pratiques\/#primaryimage","url":"https:\/\/thingstodoinamsterdam.com\/wp-content\/uploads\/2019\/10\/Traveling-from-Paris-to-Amsterdam-Cycling-in-Amsterdam-e1568838817776.jpg","contentUrl":"https:\/\/thingstodoinamsterdam.com\/wp-content\/uploads\/2019\/10\/Traveling-from-Paris-to-Amsterdam-Cycling-in-Amsterdam-e1568838817776.jpg","width":900,"height":600,"caption":"travel-info"},{"@type":"BreadcrumbList","@id":"https:\/\/thingstodoinamsterdam.com\/fr\/informations-pratiques\/#breadcrumb","itemListElement":[{"@type":"ListItem","position":1,"name":"Visiter Amsterdam","item":"https:\/\/thingstodoinamsterdam.com\/fr\/"},{"@type":"ListItem","position":2,"name":"Informations pratiques"}]},{"@type":"WebSite","@id":"https:\/\/thingstodoinamsterdam.com\/fr\/#website","url":"https:\/\/thingstodoinamsterdam.com\/fr\/","name":"ThingstodoinAmsterdam.com","description":"Amsterdam&#039;s highlights and hidden secrets","publisher":{"@id":"https:\/\/thingstodoinamsterdam.com\/fr\/#organization"},"potentialAction":[{"@type":"SearchAction","target":{"@type":"EntryPoint","urlTemplate":"https:\/\/thingstodoinamsterdam.com\/fr\/?s={search_term_string}"},"query-input":{"@type":"PropertyValueSpecification","valueRequired":true,"valueName":"search_term_string"}}],"inLanguage":"fr"},{"@type":"Organization","@id":"https:\/\/thingstodoinamsterdam.com\/fr\/#organization","name":"Visiter Amsterdam","url":"https:\/\/thingstodoinamsterdam.com\/fr\/","logo":{"@type":"ImageObject","inLanguage":"fr","@id":"https:\/\/thingstodoinamsterdam.com\/fr\/#\/schema\/logo\/image\/","url":"https:\/\/thingstodoinamsterdam.com\/wp-content\/uploads\/2025\/02\/ThingsToDoInAmsterdam-Favicon-logo.png","contentUrl":"https:\/\/thingstodoinamsterdam.com\/wp-content\/uploads\/2025\/02\/ThingsToDoInAmsterdam-Favicon-logo.png","width":512,"height":512,"caption":"Visiter Amsterdam"},"image":{"@id":"https:\/\/thingstodoinamsterdam.com\/fr\/#\/schema\/logo\/image\/"},"sameAs":["https:\/\/www.facebook.com\/thingstodoinamsterdamcom"]}]}},"_links":{"self":[{"href":"https:\/\/thingstodoinamsterdam.com\/fr\/wp-json\/wp\/v2\/pages\/438","targetHints":{"allow":["GET"]}}],"collection":[{"href":"https:\/\/thingstodoinamsterdam.com\/fr\/wp-json\/wp\/v2\/pages"}],"about":[{"href":"https:\/\/thingstodoinamsterdam.com\/fr\/wp-json\/wp\/v2\/types\/page"}],"author":[{"embeddable":true,"href":"https:\/\/thingstodoinamsterdam.com\/fr\/wp-json\/wp\/v2\/users\/1"}],"replies":[{"embeddable":true,"href":"https:\/\/thingstodoinamsterdam.com\/fr\/wp-json\/wp\/v2\/comments?post=438"}],"version-history":[{"count":5,"href":"https:\/\/thingstodoinamsterdam.com\/fr\/wp-json\/wp\/v2\/pages\/438\/revisions"}],"predecessor-version":[{"id":2539177,"href":"https:\/\/thingstodoinamsterdam.com\/fr\/wp-json\/wp\/v2\/pages\/438\/revisions\/2539177"}],"wp:featuredmedia":[{"embeddable":true,"href":"https:\/\/thingstodoinamsterdam.com\/fr\/wp-json\/wp\/v2\/media\/3513"}],"wp:attachment":[{"href":"https:\/\/thingstodoinamsterdam.com\/fr\/wp-json\/wp\/v2\/media?parent=438"}],"curies":[{"name":"wp","href":"https:\/\/api.w.org\/{rel}","templated":true}]}}