{"id":442,"date":"2023-02-06T16:14:35","date_gmt":"2023-02-06T15:14:35","guid":{"rendered":"https:\/\/thingstodoinamsterdam.com\/?page_id=442"},"modified":"2025-09-03T21:33:52","modified_gmt":"2025-09-03T19:33:52","slug":"la-carte-i-amsterdam-city-card","status":"publish","type":"page","link":"https:\/\/thingstodoinamsterdam.com\/fr\/informations-pratiques\/la-carte-i-amsterdam-city-card\/","title":{"rendered":"La carte I amsterdam City Card"},"content":{"rendered":"<div class=\"wpb-content-wrapper\"><p>[vc_row][vc_column width=&#8221;2\/3&#8243;][vc_column_text]Qu&#8217;il s&#8217;agisse de votre premi\u00e8re, ou votre centi\u00e8me fois \u00e0 Amsterdam, il y a \u00e9norm\u00e9ment \u00e0 voir\u00a0dans cette ville ! Tellement, que vous ne savez pas par quoi commencer. S&#8217;ajoute \u00e0 cela, l&#8217;achat de vos billets (pour vous-m\u00eame et pour toute la famille) afin de visiter des <a href=\"https:\/\/thingstodoinamsterdam.com\/fr\/musees-amsterdam\/\">mus\u00e9es<\/a> et r\u00e9aliser des <a href=\"https:\/\/thingstodoinamsterdam.com\/fr\/le-top-des-activites-a-amsterdam\/\">attractions<\/a>&#8230; vous pouvez vous retrouver confus et stress\u00e9 \u00e0 l&#8217;id\u00e9e de planifier vos vacances amusantes.<\/p>\n<p>Pas d&#8217;inqui\u00e8tudes !! Vous avez la possibilit\u00e9 d&#8217;acheter la carte I Amsterdam City Card.<\/p>\n<p>I amsterdam City Card vous permet d&#8217;obtenir\u00a0:<\/p>\n<ul>\n<li>entr\u00e9es gratuites dans plus de 60 mus\u00e9es<\/li>\n<li>transports\u00a0publics gratuits\u00a0+ illimit\u00e9s<\/li>\n<li>croisi\u00e8re sur les\u00a0canaux\u00a0gratuite<\/li>\n<li>r\u00e9ductions dans\u00a0de nombreux endroits, tels que\u00a0des th\u00e9\u00e2tres, restaurants&#8230;<\/li>\n<li>avantages\u00a0dans de nombreuses attractions autour d&#8217;Amsterdam<\/li>\n<\/ul>\n<p>Lors de votre\u00a0achat, vous\u00a0pouvez choisir entre une carte de 24, 48, 72, 96 ou 120 heures.<\/p>\n<p>L&#8217;achat de votre carte peut se faire\u00a0de diff\u00e9rentes mani\u00e8res :<\/p>\n<ul>\n<li>achetez votre carte \u00e0 l&#8217;avance\u00a0: en commandant en ligne<\/li>\n<li>achetez votre carte\u00a0directement \u00e0 un point de rendez-vous\u00a0<a href=\"https:\/\/thingstodoinamsterdam.com\/fr\/transports-a-amsterdam\/schiphol-airport-amsterdam\/\">\u00e0 l&#8217;a\u00e9roport Amsterdam Schiphol Airport<\/a><\/li>\n<li>achetez votre carte dans le magasin I amsterdam, situ\u00e9 \u00e0 Centraal Station<\/li>\n<\/ul>\n<p>Regardez la vid\u00e9o ci-dessous afin d&#8217;avoir une vue d&#8217;ensemble sur les nombreuses possibilit\u00e9s qu&#8217;offre la carte I Amsterdam City Card :[\/vc_column_text][\/vc_column][vc_column width=&#8221;1\/3&#8243;][vc_column_text]<a href=\"https:\/\/thingstodoinamsterdam.com\/ticketlinkfr-iamsterdamcard-iamsterdam-std\" target=\"_blank\" rel=\"nofollow noopener noreferrer\"><img decoding=\"async\" class=\"alignright wp-image-5130 size-medium\" style=\"font-weight: inherit; font-family: Verdana, Geneva, sans-serif;\" title=\"i amsterdam city card\" src=\"https:\/\/thingstodoinamsterdam.com\/wp-content\/uploads\/2019\/08\/iamsterdam-card-300x225.jpg\" alt=\"iamsterdam card, city card\" width=\"300\" height=\"225\" border=\"0\" \/><\/a>[\/vc_column_text][\/vc_column][\/vc_row][vc_row][vc_column][button title=&#8221;Achetez votre carte I Amsterdam City Card et profitez des avantages&#8221; link=&#8221;https:\/\/thingstodoinamsterdam.com\/ticketlinkfr-iamsterdamcard-iamsterdam-std&#8221; button_align=&#8221;center&#8221; target=&#8221;true&#8221; nofollow=&#8221;true&#8221; el_id=&#8221;1565604058317-c191d2cc-82a5&#8243;][vc_video link=&#8221;https:\/\/www.youtube.com\/watch?v=upirQqA-vgU&#8221;][\/vc_column][\/vc_row][vc_row][vc_column][vc_column_text]<\/p>\n<h3>Jour 1 &#8211; carte 24 heures\u00a0:<\/h3>\n<p><strong>9:30 &#8211; <\/strong>Faire le plein d&#8217;\u00e9nergie en commen\u00e7ant par un petit-d\u00e9jeuner dans l&#8217;un des nombreux\u00a0restaurants, tels que Pancakes Amsterdam, avec 25% de r\u00e9duction.<\/p>\n<p><strong>10:00 &#8211;<\/strong>\u00a0C&#8217;est parti pour une <a href=\"https:\/\/thingstodoinamsterdam.com\/fr\/croisiere-sur-les-canaux-amsterdam\/\">croisi\u00e8re de 1 heure sur les canaux\u00a0d&#8217;Amsterdam<\/a> !<\/p>\n<p><strong>11:30 &#8211;<\/strong> Scannez\u00a0votre\u00a0carte dans\u00a0un tram GVB ou un m\u00e9tro en direction de Waterlooplein.<\/p>\n<p><strong>12:00 &#8211;<\/strong>\u00a0Profitez des galeries d&#8217;art\u00a0au mus\u00e9e <a href=\"https:\/\/thingstodoinamsterdam.com\/fr\/musees-amsterdam\/hermitage-amsterdam\/\">Hermitage Amsterdam<\/a>, une d\u00e9pendance du mus\u00e9e de l&#8217;Ermitage en Russie, un des plus grands mus\u00e9es\u00a0du monde.<\/p>\n<p><strong>14:00 &#8211;<\/strong>\u00a0Prenez un d\u00e9jeuner rapide avant de vous rendre\u00a0au Jewish Cultural Quarter (Le quartier culturel juif est un quartier d&#8217;Amsterdam qui vise \u00e0 pr\u00e9server et \u00e0 mettre en valeur l&#8217;histoire et la culture du patrimoine juif).<\/p>\n<p><strong>16:00 &#8211;<\/strong>\u00a0Rendez-vous au\u00a0<a href=\"https:\/\/thingstodoinamsterdam.com\/fr\/musees-amsterdam\/musee-maison-de-rembrandt\/\">Rembrandt House Museum<\/a> et p\u00e9n\u00e9trez dans la r\u00e9sidence m\u00eame du peintre surdou\u00e9.<\/p>\n<p><strong>20:00 &#8211;<\/strong> Si vous n&#8217;avez pas d&#8217;enfants avec vous, f\u00eatez ce premier jour \u00e0 Amsterdam au bar <a href=\"https:\/\/thingstodoinamsterdam.com\/fr\/house-of-bols-cocktail-genievre\/\">House of Bols<\/a>.\u00a0<\/p>\n<p>&nbsp;<\/p>\n<h3>Jour 2 &#8211; carte 48 heures\u00a0:<\/h3>\n<p><strong>8:00 &#8211;<\/strong>\u00a0Utilisez votre carte pour visiter\u00a0les mus\u00e9es situ\u00e9s \u00e0 Museumplein.<\/p>\n<p><strong>9:00 &#8211;<\/strong> Visitez le\u00a0<a href=\"https:\/\/thingstodoinamsterdam.com\/fr\/musees-amsterdam\/le-rijksmuseum\/\">Rijksmuseum<\/a>. Ce mus\u00e9e est un lieu incontournable\u00a0lors de votre s\u00e9jour \u00e0 Amsterdam !<\/p>\n<p><strong>12:00 &#8211;<\/strong> Ensuite, vous avez le choix entre le <a href=\"https:\/\/thingstodoinamsterdam.com\/fr\/musees-amsterdam\/musee-maison-de-rembrandt\/\">Mus\u00e9e maison de Rembrandt<\/a>, le <a href=\"https:\/\/thingstodoinamsterdam.com\/fr\/musees-amsterdam\/le-musee-stedelijk\/\">mus\u00e9e Stedelijk<\/a>, ou le mus\u00e9e du Diamant.\u00a0Pourquoi ne pas visiter les trois si vous avez le temps?<\/p>\n<p><strong>19:00 &#8211;<\/strong>\u00a0Trouvez le restaurant id\u00e9al inclus dans votre carte I Amsterdam City Card afin d&#8217;obtenir des r\u00e9ductions et vous r\u00e9galer.<\/p>\n<h3>Jour 3 &#8211; carte\u00a072 heures :<\/h3>\n<p><strong>10:00 &#8211;<\/strong> Apr\u00e8s le petit-d\u00e9jeuner, passez\u00a0le reste de votre journ\u00e9e dans le nord et visitez\u00a0le Maritime Museum.<\/p>\n<p><strong>12:30 &#8211;<\/strong> Si vous voyagez avec des enfants, ne passez\u00a0surtout pas \u00e0 c\u00f4t\u00e9 du <a href=\"https:\/\/thingstodoinamsterdam.com\/fr\/musees-amsterdam\/musee-nemo-amsterdam\/\">mus\u00e9e NEMO<\/a>. Un mus\u00e9e int\u00e9ractif, pour apprendre en s&#8217;amusant !\u00a0<\/p>\n<p><strong>15:00\u00a0&#8211;<\/strong> \u00c9chappez-vous des rues tr\u00e8s fr\u00e9quent\u00e9es d\u2019Amsterdam et venez vous relaxer au zoo d\u2019Amsterdam ! <a href=\"https:\/\/thingstodoinamsterdam.com\/fr\/artis-zoo-amsterdam\/\">Artis Royal zoo<\/a> est un lieu apaisant, charmant et romantique.<\/p>\n<h3>Jour 4 &#8211; carte 96 heures :<\/h3>\n<p>Maintenant que vous avez vu les\u00a0points forts d&#8217;Amsterdam, pourquoi ne pas visiter les alentours\u00a0de la ville? Rendez-vous au stade Amsterdam ArenA Stadium ou encore au Muiderslot \u00e0 Muiden.[\/vc_column_text][button title=&#8221;Achetez votre carte I Amsterdam City Card et profitez des avantages&#8221; link=&#8221;https:\/\/thingstodoinamsterdam.com\/ticketlinkfr-iamsterdamcard-iamsterdam-std&#8221; button_align=&#8221;center&#8221; target=&#8221;true&#8221; nofollow=&#8221;true&#8221; el_id=&#8221;1565604143429-5d13e803-8cce&#8221;][vc_column_text]<\/p>\n<h2>I amsterdam City Card FAQ<\/h2>\n<ol>\n<li><strong>Qu&#8217;est-ce que je peux avoir avec\u00a0I Amsterdam City Card ?<br \/>\n<\/strong>Avec la carte I Amsterdam City Card vous obtenez\u00a0un acc\u00e9s illimit\u00e9 aux transports publics GVB, une entr\u00e9e gratuite dans plus de 60 mus\u00e9es, des r\u00e9ductions pour de nombreuses activit\u00e9s, restaurants, bars&#8230;<\/li>\n<li><strong>Comment faire pour activer\u00a0ma carte ?<br \/>\n<\/strong>Par exemple l&#8217;\u00e9l\u00e9ment &#8220;mus\u00e9e&#8221; s&#8217;active automatiquement d\u00e9s votre premi\u00e8re visite dans un mus\u00e9e, par la suite cet \u00e9l\u00e9ment est valable 24, 48, 72, 96 ou 120 heures. Le processus est le m\u00eame en ce qui concerne les transports publics GVB.<\/li>\n<li><strong>Est-ce que la carte vaut son prix ?<br \/>\n<\/strong>Vous seriez\u00a0surpis de votre combien d&#8217;\u00e9conomies il est possible de faire. Toutefois, cela d\u00e9pend \u00e9galement de combien de mus\u00e9es, activit\u00e9s&#8230; vous avez pr\u00e9vu de faire. Plus vous visitez\u00a0de mus\u00e9es, r\u00e9alisez d&#8217;activit\u00e9s, plus votre carte vaut le coup !\u00a0De plus, les transports publics co\u00fbtent cher, gr\u00e2ce \u00e0 la carte vous\u00a0allez faire des \u00e9conomies !<\/li>\n<li><strong>Le train est-il inclus dans la carte ?<br \/>\n<\/strong>Non, le train n&#8217;est pas inclus dans la carte. En ce qui concerne les transports, il y a seulement le tram, le m\u00e9tro et le bus d&#8217;inclus.<\/li>\n<li><strong>O\u00f9 puis-je acheter\u00a0ma carte ?<\/strong><br \/>\nVous pouvez acheter votre carte en ligne, dans le point de rendez-vous dans le magasin I amsterdam \u00e0 Centraal Station.<\/li>\n<li><strong>Ai-je un acc\u00e8s prioritaire ?<br \/>\n<\/strong>Les d\u00e9tenteurs de la carte doivent attendre en ligne r\u00e9guli\u00e8re dans la plupart des mus\u00e9es et autres attractions.<\/li>\n<li><strong>Puis-je visiter plusieurs fois le m\u00eame mus\u00e9e avec la carte ?<\/strong><br \/>\nNon, la carte vous permet\u00a0<span style=\"text-decoration: underline;\">une\u00a0et une seule entr\u00e9e gratuite dans plus de 60 mus\u00e9es. Si vous souhaitez\u00a0visiter une nouvelle\u00a0fois un mus\u00e9e, rendez-vous sur notre page des <a href=\"https:\/\/thingstodoinamsterdam.com\/fr\/musees-amsterdam\/\">mus\u00e9es \u00e0 Amsterdam<\/a>, choisissez votre mus\u00e9e et r\u00e9servez en ligne vos billets.<\/li>\n<li><strong>Puis-je changer la dur\u00e9e de ma carte ?<br \/>\n<\/strong>Non, vous devez planifier en cons\u00e9quence au moment de l&#8217;achat.<\/li>\n<\/ol>\n<p>[\/vc_column_text][button title=&#8221;Achetez votre carte I Amsterdam City Card et profitez des avantages&#8221; link=&#8221;https:\/\/thingstodoinamsterdam.com\/ticketlinkfr-iamsterdamcard-iamsterdam-std&#8221; button_align=&#8221;center&#8221; target=&#8221;true&#8221; nofollow=&#8221;true&#8221; el_id=&#8221;1565607436426-bffbecd3-f79a&#8221;][vc_column_text]Transports publics illimit\u00e9s, r\u00e9ductions, entr\u00e9e gratuite dans plus de 60 mus\u00e9es&#8230;<\/p>\n<table style=\"width: 100%;\">\n<tbody>\n<tr>\n<td>24 heures City Card<\/td>\n<td>60\u20ac<\/td>\n<\/tr>\n<tr>\n<td>48 heures City Card<\/td>\n<td>85\u20ac<\/td>\n<\/tr>\n<tr>\n<td>72 heures City Card<\/td>\n<td>100\u20ac<\/td>\n<\/tr>\n<tr>\n<td>96 heures City Card<\/td>\n<td>115\u20ac<\/td>\n<\/tr>\n<tr>\n<td>120 heures City Card<\/td>\n<td>125\u20ac<\/td>\n<\/tr>\n<\/tbody>\n<\/table>\n<h3>Combien \u00e9conomisez-vous\u00a0en achetant\u00a0une carte 96 heures* ?<\/h3>\n<table style=\"width: 100%;\">\n<tbody>\n<tr>\n<td><strong>Attractions<\/strong><\/td>\n<td><strong>Prix<\/strong><\/td>\n<\/tr>\n<tr>\n<td>Canal Cruise<\/td>\n<td>17\u20ac &#8211; 1 heure<\/td>\n<\/tr>\n<tr>\n<td>Hermitage Museum<\/td>\n<td>25\u20ac<\/td>\n<\/tr>\n<tr>\n<td>Jewish Cultural Quarter<\/td>\n<td>15\u20ac<\/td>\n<\/tr>\n<tr>\n<td>Rembrandt House Museum<\/td>\n<td>14\u20ac<\/td>\n<\/tr>\n<tr>\n<td>Rijksmuseum<\/td>\n<td>20\u20ac<\/td>\n<\/tr>\n<tr>\n<td>House of Bols<\/td>\n<td>17.50\u20ac<\/td>\n<\/tr>\n<tr>\n<td>Stedelijk Museum<\/td>\n<td>18.50\u20ac<\/td>\n<\/tr>\n<tr>\n<td>Diamond Museum<\/td>\n<td>10\u20ac<\/td>\n<\/tr>\n<tr>\n<td>National Maritime Museum<\/td>\n<td>16.50\u20ac<\/td>\n<\/tr>\n<tr>\n<td>NEMO Science Center<\/td>\n<td>17.50\u20ac<\/td>\n<\/tr>\n<tr>\n<td>4 jours de transports publics<\/td>\n<td>24.50\u20ac<\/td>\n<\/tr>\n<tr>\n<td><strong>Prix total sans I Amsterdam City Card<\/strong><\/td>\n<td><strong>197.00\u20ac<\/strong><\/td>\n<\/tr>\n<tr>\n<td><strong>Prix total avec I amsterdam City Card 96 heures<\/strong><\/td>\n<td><strong>105.00\u20ac<\/strong><\/td>\n<\/tr>\n<\/tbody>\n<\/table>\n<p>*\u00a0<em>20 Janvier, 2019.<\/em>[\/vc_column_text][button title=&#8221;Achetez votre carte I Amsterdam City Card et profitez des avantages&#8221; link=&#8221;https:\/\/thingstodoinamsterdam.com\/ticketlinkfr-iamsterdamcard-iamsterdam-std&#8221; button_align=&#8221;center&#8221; target=&#8221;true&#8221; nofollow=&#8221;true&#8221; el_id=&#8221;1565607507693-3616cff0-62a2&#8243;][vc_column_text][\/vc_column_text][\/vc_column][\/vc_row][vc_row][vc_column][reviews heading=&#8221;Avis sur la carte I amsterdam City Card&#8221; description=&#8221;Nous sommes toujours int\u00e9ress\u00e9s en ce qui concerne les exp\u00e9riences de nos visiteurs. Dites-nous ce que vous avez pens\u00e9 de la carte I Amsterdam City Card. Vaut-elle son prix? Est-ce vous allez la recommander \u00e0 vos amis s&#8217;ils viennent visiter Amsterdam?&#8221; el_id=&#8221;1565607627074-f57b8e1c-f75a&#8221;][\/reviews][\/vc_column][\/vc_row]<\/p>\n<\/div>","protected":false},"excerpt":{"rendered":"<p>[vc_row][vc_column width=&#8221;2\/3&#8243;][vc_column_text]Qu&#8217;il s&#8217;agisse de votre premi\u00e8re, ou votre centi\u00e8me fois \u00e0 Amsterdam, il y a \u00e9norm\u00e9ment \u00e0 voir\u00a0dans cette ville ! Tellement, que vous ne\u2026<\/p>\n","protected":false},"author":1,"featured_media":2944,"parent":438,"menu_order":0,"comment_status":"closed","ping_status":"closed","template":"","meta":{"footnotes":""},"class_list":["post-442","page","type-page","status-publish","has-post-thumbnail","hentry"],"yoast_head":"<!-- This site is optimized with the Yoast SEO plugin v27.3 - https:\/\/yoast.com\/product\/yoast-seo-wordpress\/ -->\n<title>La carte I amsterdam City Card - Entr\u00e9es gratuites, r\u00e9ductions, avantages<\/title>\n<meta name=\"description\" content=\"Avec I Amsterdam City Card vous aurez des entr\u00e9es gratuites dans plus de 60 mus\u00e9es; transports\u00a0publics illimit\u00e9s; croisi\u00e8re sur les\u00a0canaux; r\u00e9ductions &amp; +\" \/>\n<meta name=\"robots\" content=\"index, follow, max-snippet:-1, max-image-preview:large, max-video-preview:-1\" \/>\n<link rel=\"canonical\" href=\"https:\/\/thingstodoinamsterdam.com\/fr\/informations-pratiques\/la-carte-i-amsterdam-city-card\/\" \/>\n<meta property=\"og:locale\" content=\"fr_FR\" \/>\n<meta property=\"og:type\" content=\"article\" \/>\n<meta property=\"og:title\" content=\"La carte I amsterdam City Card - Entr\u00e9es gratuites, r\u00e9ductions, avantages\" \/>\n<meta property=\"og:description\" content=\"Avec I Amsterdam City Card vous aurez des entr\u00e9es gratuites dans plus de 60 mus\u00e9es; transports\u00a0publics illimit\u00e9s; croisi\u00e8re sur les\u00a0canaux; r\u00e9ductions &amp; +\" \/>\n<meta property=\"og:url\" content=\"https:\/\/thingstodoinamsterdam.com\/fr\/informations-pratiques\/la-carte-i-amsterdam-city-card\/\" \/>\n<meta property=\"og:site_name\" content=\"ThingstodoinAmsterdam.com\" \/>\n<meta property=\"article:publisher\" content=\"https:\/\/www.facebook.com\/thingstodoinamsterdamcom\" \/>\n<meta property=\"article:modified_time\" content=\"2025-09-03T19:33:52+00:00\" \/>\n<meta property=\"og:image\" content=\"https:\/\/thingstodoinamsterdam.com\/wp-content\/uploads\/2019\/08\/iamsterdam-card-300x225.jpg\" \/>\n\t<meta property=\"og:image:width\" content=\"300\" \/>\n\t<meta property=\"og:image:height\" content=\"225\" \/>\n\t<meta property=\"og:image:type\" content=\"image\/jpeg\" \/>\n<meta name=\"twitter:card\" content=\"summary_large_image\" \/>\n<meta name=\"twitter:label1\" content=\"Est. reading time\" \/>\n\t<meta name=\"twitter:data1\" content=\"6 minutes\" \/>\n<script type=\"application\/ld+json\" class=\"yoast-schema-graph\">{\"@context\":\"https:\\\/\\\/schema.org\",\"@graph\":[{\"@type\":\"WebPage\",\"@id\":\"https:\\\/\\\/thingstodoinamsterdam.com\\\/fr\\\/informations-pratiques\\\/la-carte-i-amsterdam-city-card\\\/\",\"url\":\"https:\\\/\\\/thingstodoinamsterdam.com\\\/fr\\\/informations-pratiques\\\/la-carte-i-amsterdam-city-card\\\/\",\"name\":\"La carte I amsterdam City Card - Entr\u00e9es gratuites, r\u00e9ductions, avantages\",\"isPartOf\":{\"@id\":\"https:\\\/\\\/thingstodoinamsterdam.com\\\/fr\\\/#website\"},\"primaryImageOfPage\":{\"@id\":\"https:\\\/\\\/thingstodoinamsterdam.com\\\/fr\\\/informations-pratiques\\\/la-carte-i-amsterdam-city-card\\\/#primaryimage\"},\"image\":{\"@id\":\"https:\\\/\\\/thingstodoinamsterdam.com\\\/fr\\\/informations-pratiques\\\/la-carte-i-amsterdam-city-card\\\/#primaryimage\"},\"thumbnailUrl\":\"https:\\\/\\\/thingstodoinamsterdam.com\\\/wp-content\\\/uploads\\\/2019\\\/08\\\/iamsterdam-card-300x225.jpg\",\"datePublished\":\"2023-02-06T15:14:35+00:00\",\"dateModified\":\"2025-09-03T19:33:52+00:00\",\"description\":\"Avec I Amsterdam City Card vous aurez des entr\u00e9es gratuites dans plus de 60 mus\u00e9es; transports\u00a0publics illimit\u00e9s; croisi\u00e8re sur les\u00a0canaux; r\u00e9ductions & +\",\"breadcrumb\":{\"@id\":\"https:\\\/\\\/thingstodoinamsterdam.com\\\/fr\\\/informations-pratiques\\\/la-carte-i-amsterdam-city-card\\\/#breadcrumb\"},\"inLanguage\":\"fr\",\"potentialAction\":[{\"@type\":\"ReadAction\",\"target\":[\"https:\\\/\\\/thingstodoinamsterdam.com\\\/fr\\\/informations-pratiques\\\/la-carte-i-amsterdam-city-card\\\/\"]}]},{\"@type\":\"ImageObject\",\"inLanguage\":\"fr\",\"@id\":\"https:\\\/\\\/thingstodoinamsterdam.com\\\/fr\\\/informations-pratiques\\\/la-carte-i-amsterdam-city-card\\\/#primaryimage\",\"url\":\"https:\\\/\\\/thingstodoinamsterdam.com\\\/wp-content\\\/uploads\\\/2019\\\/08\\\/iamsterdam-card-300x225.jpg\",\"contentUrl\":\"https:\\\/\\\/thingstodoinamsterdam.com\\\/wp-content\\\/uploads\\\/2019\\\/08\\\/iamsterdam-card-300x225.jpg\",\"width\":300,\"height\":225},{\"@type\":\"BreadcrumbList\",\"@id\":\"https:\\\/\\\/thingstodoinamsterdam.com\\\/fr\\\/informations-pratiques\\\/la-carte-i-amsterdam-city-card\\\/#breadcrumb\",\"itemListElement\":[{\"@type\":\"ListItem\",\"position\":1,\"name\":\"Visiter Amsterdam\",\"item\":\"https:\\\/\\\/thingstodoinamsterdam.com\\\/fr\\\/\"},{\"@type\":\"ListItem\",\"position\":2,\"name\":\"Informations pratiques\",\"item\":\"https:\\\/\\\/thingstodoinamsterdam.com\\\/fr\\\/informations-pratiques\\\/\"},{\"@type\":\"ListItem\",\"position\":3,\"name\":\"La carte I amsterdam City Card\"}]},{\"@type\":\"WebSite\",\"@id\":\"https:\\\/\\\/thingstodoinamsterdam.com\\\/fr\\\/#website\",\"url\":\"https:\\\/\\\/thingstodoinamsterdam.com\\\/fr\\\/\",\"name\":\"ThingstodoinAmsterdam.com\",\"description\":\"Amsterdam&#039;s highlights and hidden secrets\",\"publisher\":{\"@id\":\"https:\\\/\\\/thingstodoinamsterdam.com\\\/fr\\\/#organization\"},\"potentialAction\":[{\"@type\":\"SearchAction\",\"target\":{\"@type\":\"EntryPoint\",\"urlTemplate\":\"https:\\\/\\\/thingstodoinamsterdam.com\\\/fr\\\/?s={search_term_string}\"},\"query-input\":{\"@type\":\"PropertyValueSpecification\",\"valueRequired\":true,\"valueName\":\"search_term_string\"}}],\"inLanguage\":\"fr\"},{\"@type\":\"Organization\",\"@id\":\"https:\\\/\\\/thingstodoinamsterdam.com\\\/fr\\\/#organization\",\"name\":\"Visiter Amsterdam\",\"url\":\"https:\\\/\\\/thingstodoinamsterdam.com\\\/fr\\\/\",\"logo\":{\"@type\":\"ImageObject\",\"inLanguage\":\"fr\",\"@id\":\"https:\\\/\\\/thingstodoinamsterdam.com\\\/fr\\\/#\\\/schema\\\/logo\\\/image\\\/\",\"url\":\"https:\\\/\\\/thingstodoinamsterdam.com\\\/wp-content\\\/uploads\\\/2025\\\/02\\\/ThingsToDoInAmsterdam-Favicon-logo.png\",\"contentUrl\":\"https:\\\/\\\/thingstodoinamsterdam.com\\\/wp-content\\\/uploads\\\/2025\\\/02\\\/ThingsToDoInAmsterdam-Favicon-logo.png\",\"width\":512,\"height\":512,\"caption\":\"Visiter Amsterdam\"},\"image\":{\"@id\":\"https:\\\/\\\/thingstodoinamsterdam.com\\\/fr\\\/#\\\/schema\\\/logo\\\/image\\\/\"},\"sameAs\":[\"https:\\\/\\\/www.facebook.com\\\/thingstodoinamsterdamcom\"]}]}<\/script>\n<!-- \/ Yoast SEO plugin. -->","yoast_head_json":{"title":"La carte I amsterdam City Card - Entr\u00e9es gratuites, r\u00e9ductions, avantages","description":"Avec I Amsterdam City Card vous aurez des entr\u00e9es gratuites dans plus de 60 mus\u00e9es; transports\u00a0publics illimit\u00e9s; croisi\u00e8re sur les\u00a0canaux; r\u00e9ductions & +","robots":{"index":"index","follow":"follow","max-snippet":"max-snippet:-1","max-image-preview":"max-image-preview:large","max-video-preview":"max-video-preview:-1"},"canonical":"https:\/\/thingstodoinamsterdam.com\/fr\/informations-pratiques\/la-carte-i-amsterdam-city-card\/","og_locale":"fr_FR","og_type":"article","og_title":"La carte I amsterdam City Card - Entr\u00e9es gratuites, r\u00e9ductions, avantages","og_description":"Avec I Amsterdam City Card vous aurez des entr\u00e9es gratuites dans plus de 60 mus\u00e9es; transports\u00a0publics illimit\u00e9s; croisi\u00e8re sur les\u00a0canaux; r\u00e9ductions & +","og_url":"https:\/\/thingstodoinamsterdam.com\/fr\/informations-pratiques\/la-carte-i-amsterdam-city-card\/","og_site_name":"ThingstodoinAmsterdam.com","article_publisher":"https:\/\/www.facebook.com\/thingstodoinamsterdamcom","article_modified_time":"2025-09-03T19:33:52+00:00","og_image":[{"width":300,"height":225,"url":"https:\/\/thingstodoinamsterdam.com\/wp-content\/uploads\/2019\/08\/iamsterdam-card-300x225.jpg","type":"image\/jpeg"}],"twitter_card":"summary_large_image","twitter_misc":{"Est. reading time":"6 minutes"},"schema":{"@context":"https:\/\/schema.org","@graph":[{"@type":"WebPage","@id":"https:\/\/thingstodoinamsterdam.com\/fr\/informations-pratiques\/la-carte-i-amsterdam-city-card\/","url":"https:\/\/thingstodoinamsterdam.com\/fr\/informations-pratiques\/la-carte-i-amsterdam-city-card\/","name":"La carte I amsterdam City Card - Entr\u00e9es gratuites, r\u00e9ductions, avantages","isPartOf":{"@id":"https:\/\/thingstodoinamsterdam.com\/fr\/#website"},"primaryImageOfPage":{"@id":"https:\/\/thingstodoinamsterdam.com\/fr\/informations-pratiques\/la-carte-i-amsterdam-city-card\/#primaryimage"},"image":{"@id":"https:\/\/thingstodoinamsterdam.com\/fr\/informations-pratiques\/la-carte-i-amsterdam-city-card\/#primaryimage"},"thumbnailUrl":"https:\/\/thingstodoinamsterdam.com\/wp-content\/uploads\/2019\/08\/iamsterdam-card-300x225.jpg","datePublished":"2023-02-06T15:14:35+00:00","dateModified":"2025-09-03T19:33:52+00:00","description":"Avec I Amsterdam City Card vous aurez des entr\u00e9es gratuites dans plus de 60 mus\u00e9es; transports\u00a0publics illimit\u00e9s; croisi\u00e8re sur les\u00a0canaux; r\u00e9ductions & +","breadcrumb":{"@id":"https:\/\/thingstodoinamsterdam.com\/fr\/informations-pratiques\/la-carte-i-amsterdam-city-card\/#breadcrumb"},"inLanguage":"fr","potentialAction":[{"@type":"ReadAction","target":["https:\/\/thingstodoinamsterdam.com\/fr\/informations-pratiques\/la-carte-i-amsterdam-city-card\/"]}]},{"@type":"ImageObject","inLanguage":"fr","@id":"https:\/\/thingstodoinamsterdam.com\/fr\/informations-pratiques\/la-carte-i-amsterdam-city-card\/#primaryimage","url":"https:\/\/thingstodoinamsterdam.com\/wp-content\/uploads\/2019\/08\/iamsterdam-card-300x225.jpg","contentUrl":"https:\/\/thingstodoinamsterdam.com\/wp-content\/uploads\/2019\/08\/iamsterdam-card-300x225.jpg","width":300,"height":225},{"@type":"BreadcrumbList","@id":"https:\/\/thingstodoinamsterdam.com\/fr\/informations-pratiques\/la-carte-i-amsterdam-city-card\/#breadcrumb","itemListElement":[{"@type":"ListItem","position":1,"name":"Visiter Amsterdam","item":"https:\/\/thingstodoinamsterdam.com\/fr\/"},{"@type":"ListItem","position":2,"name":"Informations pratiques","item":"https:\/\/thingstodoinamsterdam.com\/fr\/informations-pratiques\/"},{"@type":"ListItem","position":3,"name":"La carte I amsterdam City Card"}]},{"@type":"WebSite","@id":"https:\/\/thingstodoinamsterdam.com\/fr\/#website","url":"https:\/\/thingstodoinamsterdam.com\/fr\/","name":"ThingstodoinAmsterdam.com","description":"Amsterdam&#039;s highlights and hidden secrets","publisher":{"@id":"https:\/\/thingstodoinamsterdam.com\/fr\/#organization"},"potentialAction":[{"@type":"SearchAction","target":{"@type":"EntryPoint","urlTemplate":"https:\/\/thingstodoinamsterdam.com\/fr\/?s={search_term_string}"},"query-input":{"@type":"PropertyValueSpecification","valueRequired":true,"valueName":"search_term_string"}}],"inLanguage":"fr"},{"@type":"Organization","@id":"https:\/\/thingstodoinamsterdam.com\/fr\/#organization","name":"Visiter Amsterdam","url":"https:\/\/thingstodoinamsterdam.com\/fr\/","logo":{"@type":"ImageObject","inLanguage":"fr","@id":"https:\/\/thingstodoinamsterdam.com\/fr\/#\/schema\/logo\/image\/","url":"https:\/\/thingstodoinamsterdam.com\/wp-content\/uploads\/2025\/02\/ThingsToDoInAmsterdam-Favicon-logo.png","contentUrl":"https:\/\/thingstodoinamsterdam.com\/wp-content\/uploads\/2025\/02\/ThingsToDoInAmsterdam-Favicon-logo.png","width":512,"height":512,"caption":"Visiter Amsterdam"},"image":{"@id":"https:\/\/thingstodoinamsterdam.com\/fr\/#\/schema\/logo\/image\/"},"sameAs":["https:\/\/www.facebook.com\/thingstodoinamsterdamcom"]}]}},"_links":{"self":[{"href":"https:\/\/thingstodoinamsterdam.com\/fr\/wp-json\/wp\/v2\/pages\/442","targetHints":{"allow":["GET"]}}],"collection":[{"href":"https:\/\/thingstodoinamsterdam.com\/fr\/wp-json\/wp\/v2\/pages"}],"about":[{"href":"https:\/\/thingstodoinamsterdam.com\/fr\/wp-json\/wp\/v2\/types\/page"}],"author":[{"embeddable":true,"href":"https:\/\/thingstodoinamsterdam.com\/fr\/wp-json\/wp\/v2\/users\/1"}],"replies":[{"embeddable":true,"href":"https:\/\/thingstodoinamsterdam.com\/fr\/wp-json\/wp\/v2\/comments?post=442"}],"version-history":[{"count":5,"href":"https:\/\/thingstodoinamsterdam.com\/fr\/wp-json\/wp\/v2\/pages\/442\/revisions"}],"predecessor-version":[{"id":2029036,"href":"https:\/\/thingstodoinamsterdam.com\/fr\/wp-json\/wp\/v2\/pages\/442\/revisions\/2029036"}],"up":[{"embeddable":true,"href":"https:\/\/thingstodoinamsterdam.com\/fr\/wp-json\/wp\/v2\/pages\/438"}],"wp:featuredmedia":[{"embeddable":true,"href":"https:\/\/thingstodoinamsterdam.com\/fr\/wp-json\/wp\/v2\/media\/2944"}],"wp:attachment":[{"href":"https:\/\/thingstodoinamsterdam.com\/fr\/wp-json\/wp\/v2\/media?parent=442"}],"curies":[{"name":"wp","href":"https:\/\/api.w.org\/{rel}","templated":true}]}}