{"id":452,"date":"2016-07-17T13:17:07","date_gmt":"2016-07-17T13:17:07","guid":{"rendered":"https:\/\/thingstodoinamsterdam.com\/?page_id=452"},"modified":"2026-03-06T16:34:24","modified_gmt":"2026-03-06T15:34:24","slug":"autour-amsterdam","status":"publish","type":"page","link":"https:\/\/thingstodoinamsterdam.com\/fr\/autour-amsterdam\/","title":{"rendered":"Excursion d&#8217;une journ\u00e9e \u00e0 partir d&#8217;Amsterdam"},"content":{"rendered":"<div class=\"wpb-content-wrapper\"><p>[vc_row][vc_column][vc_column_text css=&#8221;&#8221;]Nous adorons Amsterdam, c&#8217;est une ville charmante o\u00f9 passer du temps et tu ne risques pas de t&#8217;ennuyer, car il y a tant \u00e0 voir et \u00e0 faire. Nous esp\u00e9rons cependant que tu n&#8217;oublies pas que les Pays-Bas, ce n&#8217;est pas que Amsterdam. Si tu as le temps, nous te recommandons vraiment de faire une excursion d&#8217;une journ\u00e9e depuis Amsterdam ! Sors des sentiers battus et tu seras r\u00e9compens\u00e9 par tout ce que les Pays-Bas ont \u00e0 offrir en dehors d&#8217;Amsterdam. En une seule journ\u00e9e, tu peux visiter l&#8217;un de nos lieux recommand\u00e9s aux Pays-Bas ci-dessous.    <\/p><div id=\"ez-toc-container\" class=\"ez-toc-v2_0_82_2 counter-hierarchy ez-toc-counter ez-toc-custom ez-toc-container-direction\">\n<div class=\"ez-toc-title-container\">\n<span class=\"ez-toc-title-toggle\"><a href=\"#\" class=\"ez-toc-pull-right ez-toc-btn ez-toc-btn-xs ez-toc-btn-default ez-toc-toggle\" aria-label=\"Toggle Table of Content\"><span class=\"ez-toc-js-icon-con\"><span class=\"\"><span class=\"eztoc-hide\" style=\"display:none;\">Toggle<\/span><span class=\"ez-toc-icon-toggle-span\"><svg style=\"fill: #999;color:#999\" xmlns=\"http:\/\/www.w3.org\/2000\/svg\" class=\"list-377408\" width=\"20px\" height=\"20px\" viewBox=\"0 0 24 24\" fill=\"none\"><path d=\"M6 6H4v2h2V6zm14 0H8v2h12V6zM4 11h2v2H4v-2zm16 0H8v2h12v-2zM4 16h2v2H4v-2zm16 0H8v2h12v-2z\" fill=\"currentColor\"><\/path><\/svg><svg style=\"fill: #999;color:#999\" class=\"arrow-unsorted-368013\" xmlns=\"http:\/\/www.w3.org\/2000\/svg\" width=\"10px\" height=\"10px\" viewBox=\"0 0 24 24\" version=\"1.2\" baseProfile=\"tiny\"><path d=\"M18.2 9.3l-6.2-6.3-6.2 6.3c-.2.2-.3.4-.3.7s.1.5.3.7c.2.2.4.3.7.3h11c.3 0 .5-.1.7-.3.2-.2.3-.5.3-.7s-.1-.5-.3-.7zM5.8 14.7l6.2 6.3 6.2-6.3c.2-.2.3-.5.3-.7s-.1-.5-.3-.7c-.2-.2-.4-.3-.7-.3h-11c-.3 0-.5.1-.7.3-.2.2-.3.5-.3.7s.1.5.3.7z\"\/><\/svg><\/span><\/span><\/span><\/a><\/span><\/div>\n<nav><ul class='ez-toc-list ez-toc-list-level-1 ' ><li class='ez-toc-page-1 ez-toc-heading-level-2'><a class=\"ez-toc-link ez-toc-heading-1\" href=\"https:\/\/thingstodoinamsterdam.com\/fr\/autour-amsterdam\/#villages-a-visiter-aux-pays-bas\" >Villages \u00e0 visiter aux Pays-Bas<\/a><\/li><li class='ez-toc-page-1 ez-toc-heading-level-2'><a class=\"ez-toc-link ez-toc-heading-2\" href=\"https:\/\/thingstodoinamsterdam.com\/fr\/autour-amsterdam\/#excursions-urbaines-depuis-amsterdam\" >Excursions urbaines depuis Amsterdam<\/a><\/li><li class='ez-toc-page-1 ez-toc-heading-level-2'><a class=\"ez-toc-link ez-toc-heading-3\" href=\"https:\/\/thingstodoinamsterdam.com\/fr\/autour-amsterdam\/#excursions-en-bord-de-mer\" >Excursions en bord de mer<\/a><\/li><\/ul><\/nav><\/div>\n\n<p>Le nombre de touristes venant \u00e0 Amsterdam a augment\u00e9 de fa\u00e7on exponentielle au cours des deux derni\u00e8res d\u00e9cennies. On estime que 9 millions de touristes viennent \u00e0 Amsterdam chaque ann\u00e9e, contre seulement 4,5 millions de visiteurs en l&#8217;an 2000. Pour une ville assez petite avec un peu plus de 800 000 habitants, cela ne passe pas inaper\u00e7u. Surtout en haute saison, tu pourrais te sentir un peu comme si tu marchais dans un grand parc \u00e0 th\u00e8me bond\u00e9. Alors, apr\u00e8s quelques jours de visites \u00e0 Amsterdam, tu pourrais ressentir le besoin de d\u00e9couvrir des endroits loin de la foule.    <\/p>\n<p>Le mieux, c&#8217;est que les secrets cach\u00e9s d&#8217;Amsterdam sont \u00e0 port\u00e9e de main. Les Pays-Bas sont un petit pays et tu n&#8217;as donc pas besoin de voyager loin. \u00c0 quelques kilom\u00e8tres d&#8217;Amsterdam, tu trouveras des villes et des lieux qui valent vraiment le d\u00e9tour. De minuscules villages comme <a href=\"https:\/\/thingstodoinamsterdam.com\/fr\/autour-amsterdam\/weesp\/\">Weesp<\/a> ou <a href=\"https:\/\/thingstodoinamsterdam.com\/fr\/autour-amsterdam\/muiden\/\">Muiden<\/a> o\u00f9 le temps semble s&#8217;\u00eatre arr\u00eat\u00e9. Mais aussi d&#8217;autres grandes villes comme <a href=\"https:\/\/thingstodoinamsterdam.com\/fr\/autour-amsterdam\/que-faire-a-utrecht\/\">Utrecht<\/a> ou <a href=\"https:\/\/thingstodoinamsterdam.com\/fr\/autour-amsterdam\/visiter-rotterdam\/\">Rotterdam<\/a> ne sont qu&#8217;\u00e0 une heure en transports en commun.    <\/p>\n<p>Alors, si tu as envie de faire une excursion d&#8217;une journ\u00e9e depuis Amsterdam, reste \u00e0 l&#8217;\u00e9coute et consulte nos recommandations pour choisir ton excursion pr\u00e9f\u00e9r\u00e9e.<\/p>\n<h2><span class=\"ez-toc-section\" id=\"villages-a-visiter-aux-pays-bas\"><\/span>Villages \u00e0 visiter aux Pays-Bas<span class=\"ez-toc-section-end\"><\/span><\/h2>\n<p>Besoin d&#8217;une pause loin de l&#8217;agitation de la ville ? Tu devrais absolument aller d\u00e9couvrir ces villages n\u00e9erlandais authentiques ! Pour certains, une demi-journ\u00e9e suffit pour s&#8217;y rendre et se promener, car ils sont \u00e0 moins d&#8217;une heure. Tu seras surpris par la richesse de l&#8217;histoire, les magnifiques paysages et les b\u00e2timents monumentaux. Si tu nous demandes, ces villes constituent une excursion d&#8217;une journ\u00e9e parfaite depuis Amsterdam. Les villages pr\u00e8s d&#8217;Amsterdam peuvent facilement \u00eatre visit\u00e9s \u00e0 v\u00e9lo, mais sont \u00e9galement facilement accessibles en transports en commun.[\/vc_column_text][button title=&#8221;R\u00e9serve une excursion guid\u00e9e d&#039;une journ\u00e9e \u00e0 la campagne et aux moulins \u00e0 vent \u00e0 Volendam, Marken et Zaanse Schans&#8221; link=&#8221;https:\/\/thingstodoinamsterdam.com\/ticketlink-countryside-windmills-tour-tours-combi-canalcruise&#8221; button_align=&#8221;center&#8221; target=&#8221;true&#8221; nofollow=&#8221;true&#8221; el_id=&#8221;1564476330763-f68bf620-7b84&#8243;][promo_block style_var=&#8221;style2&#8243; el_id=&#8221;1564476430490-c53ba6ce-7602&#8243;][promo link=&#8221;url:https%3A%2F%2Fthingstodoinamsterdam.com%2Ffr%2Fautour-amsterdam%2Fweesp%2F|title:Weesp|&#8221; text=&#8221;D\u00e9couvre l&apos;ancienne ville de Weesp avec ses b\u00e2timents monumentaux et ses nombreux ponts. Weesp n&apos;est qu&apos;\u00e0 15 minutes d&apos;Amsterdam, mais te donnera une toute nouvelle perspective sur les Pays-Bas ! &#8221; img=&#8221;595&#8243;][promo link=&#8221;url:https%3A%2F%2Fthingstodoinamsterdam.com%2Ffr%2Fautour-amsterdam%2Fmuiden%2F|title:Muiden|&#8221; text=&#8221;Remonte le temps \u00e0 Muiden. Vois le ch\u00e2teau d&apos;Amsterdam et prom\u00e8ne-toi dans les petites rues. Cet ancien village est tr\u00e8s proche d&apos;Amsterdam et poss\u00e8de une histoire tr\u00e8s riche !  &#8221; img=&#8221;1304&#8243;][promo link=&#8221;url:https%3A%2F%2Fthingstodoinamsterdam.com%2Ffr%2Fautour-amsterdam%2Fgiethoorn%2F|title:Giethoorn|&#8221; text=&#8221;Ce village lacustre, connu comme la Venise des Pays-Bas, est assez loin d&apos;Amsterdam, mais offre une exp\u00e9rience inoubliable !&#8221; img=&#8221;1296&#8243;][promo link=&#8221;url:https%3A%2F%2Fthingstodoinamsterdam.com%2Fday-trip-from-amsterdam%2Fnaarden%2F|title:Naarden|&#8221; text=&#8221;Naarden est un v\u00e9ritable secret cach\u00e9 assez proche d&apos;Amsterdam. Ce village forteresse historique est un endroit tr\u00e8s int\u00e9ressant \u00e0 visiter, en raison de sa riche histoire et de son design en \u00e9toile magnifiquement pr\u00e9serv\u00e9 avec des doubles murs. &#8221; img=&#8221;1306&#8243;][promo link=&#8221;url:https%3A%2F%2Fthingstodoinamsterdam.com%2Ffr%2Fautour-amsterdam%2Fzaanse-schans%2F|title:Village%20de%20moulins%20%C3%A0%20vent%20de%20Zaanse%20Schans|&#8221; text=&#8221;Zaanse Schans est un peu touristique, mais pour une bonne raison : il abrite certains des plus jolis moulins \u00e0 vent historiques que les Pays-Bas ont \u00e0 offrir. De plus, tu y trouveras \u00e9galement des mus\u00e9es sur des choses typiquement n\u00e9erlandaises comme les sabots en bois, le fromage et les stroopwafels. &#8221; img=&#8221;597&#8243;][promo link=&#8221;url:https%3A%2F%2Fthingstodoinamsterdam.com%2Fday-trip-from-amsterdam%2Famstelveen%2F|title:Amstelveen|&#8221; text=&#8221;Amstelveen est une ville plut\u00f4t calme pr\u00e8s d&apos;Amsterdam, qui abrite de nombreux navetteurs. C&apos;est un excellent choix si tu veux \u00e9chapper aux grandes foules d&apos;Amsterdam pour faire du shopping, par exemple. Amstelveen est \u00e9galement int\u00e9ressante pour les amateurs d&apos;art moderne et contemporain, car tu y trouveras le mus\u00e9e Cobra et le mus\u00e9e Jan van der Togt.  &#8221; img=&#8221;1294&#8243;][\/promo_block][\/vc_column][\/vc_row][vc_row][vc_column][vc_column_text]<\/p>\n<h2><span class=\"ez-toc-section\" id=\"excursions-urbaines-depuis-amsterdam\"><\/span>Excursions urbaines depuis Amsterdam<span class=\"ez-toc-section-end\"><\/span><\/h2>\n<p>Peu de gens savent que les Pays-Bas sont un pays tr\u00e8s compact et minuscule. Il y a tellement plus \u00e0 voir aux Pays-Bas qu&#8217;Amsterdam ! Nous recommandons vivement aux personnes visitant Amsterdam de pr\u00e9voir au moins une journ\u00e9e pour visiter une autre ville en Hollande. Les autres grandes villes ne sont jamais loin aux Pays-Bas ; m\u00eame en voyageant en transports en commun, la plupart des autres villes sont atteintes en moins d&#8217;une heure. Les autres grandes villes des Pays-Bas n&#8217;ont pas \u00e9t\u00e9 d\u00e9couvertes par les grandes foules et sont donc moins touristiques ! D\u00e9couvre notre s\u00e9lection de villes qui valent vraiment le d\u00e9tour.[\/vc_column_text][button title=&#8221;R\u00e9serve une excursion d&#039;une journ\u00e9e \u00e0 La Haye, Delft et Madurodam&#8221; link=&#8221;https:\/\/thingstodoinamsterdam.com\/ticketlink-rijksmuseum-tours-combi-thehague&#8221; button_align=&#8221;center&#8221; target=&#8221;true&#8221; nofollow=&#8221;true&#8221; el_id=&#8221;1564476369352-3f3da5a2-4d3d&#8221;][\/vc_column][\/vc_row][vc_row][vc_column][promo_block style_var=&#8221;style2&#8243; el_id=&#8221;1564476940246-8e6f3538-b807&#8243;][promo link=&#8221;url:https%3A%2F%2Fthingstodoinamsterdam.com%2Ffr%2Fautour-amsterdam%2Fque-faire-a-utrecht%2F|title:Utrecht|&#8221; text=&#8221;Au centre des Pays-Bas, tu trouveras Utrecht ; une vieille ville avec de jolis canaux, tout comme Amsterdam.&#8221; img=&#8221;1312&#8243;][promo link=&#8221;url:https%3A%2F%2Fthingstodoinamsterdam.com%2Ffr%2Fautour-amsterdam%2Fhaarlem%2F|title:Haarlem|&#8221; text=&#8221;Si tu as peu de temps, Haarlem est une option parfaite ! \u00c0 moins de vingt minutes de la gare centrale d&apos;Amsterdam, mais avec une atmosph\u00e8re compl\u00e8tement diff\u00e9rente. Le quartier bien connu de Harlem \u00e0 New York porte le nom de cette belle ville.  &#8221; img=&#8221;545&#8243;][promo link=&#8221;url:https%3A%2F%2Fthingstodoinamsterdam.com%2Ffr%2Fautour-amsterdam%2Fvisiter-rotterdam%2F|title:Rotterdam|&#8221; text=&#8221;Rotterdam peut \u00eatre consid\u00e9r\u00e9e comme le Berlin des Pays-Bas ; moderne, industrielle et un peu underground.&#8221; img=&#8221;1310&#8243;][promo link=&#8221;url:https%3A%2F%2Fthingstodoinamsterdam.com%2Fday-trip-from-amsterdam%2Fleiden%2F|title:Leiden|&#8221; text=&#8221;Visite le Mus\u00e9e d&apos;ethnologie de Leyde, une ville historique connue pour son universit\u00e9. Tu peux profiter d&apos;une croisi\u00e8re sur les canaux ou te promener parmi les fleurs du Hortus Botanicus, le plus ancien jardin botanique des Pays-Bas. &#8221; img=&#8221;565&#8243;][promo link=&#8221;url:https%3A%2F%2Fthingstodoinamsterdam.com%2Fday-trip-from-amsterdam%2Fdelft%2F|title:Delft|&#8221; text=&#8221;Delft est une magnifique ville historique de taille moyenne avec une histoire de plus de 750 ans. M\u00e9connue des grandes foules, paisible mais anim\u00e9e ! &#8221; img=&#8221;1300&#8243;][promo link=&#8221;url:https%3A%2F%2Fthingstodoinamsterdam.com%2Fday-trip-from-amsterdam%2Falkmaar%2F|title:Alkmaar|&#8221; text=&#8221;\u00c0 une heure au nord d&apos;Amsterdam, tu trouveras Alkmaar, une ville magnifique connue pour son agr\u00e9able march\u00e9 au fromage entour\u00e9 de terrasses. Fais du shopping et prom\u00e8ne-toi dans le centre-ville historique d\u00e9contract\u00e9. &#8221; img=&#8221;1298&#8243;][promo link=&#8221;url:https%3A%2F%2Fthingstodoinamsterdam.com%2Fday-trip-from-amsterdam%2Fthe-hague%2F|title:La%20Haye|&#8221; text=&#8221;Les Pays-Bas sont le seul pays dont le gouvernement n&apos;est pas bas\u00e9 dans la capitale. Le gouvernement n\u00e9erlandais est bas\u00e9 dans la belle ville de La Haye, sur la c\u00f4te n\u00e9erlandaise. Cela vaut vraiment chaque instant de ton temps !  &#8221; img=&#8221;2887&#8243;][promo link=&#8221;url:https%3A%2F%2Fthingstodoinamsterdam.com%2Fday-trip-from-amsterdam%2Fapeldoorn%2F|title:Apeldoorn|&#8221; text=&#8221;M\u00e9connue des grandes foules, Apeldoorn offre une alternative int\u00e9ressante \u00e0 la zone urbaine du \u00ab Randstad \u00bb. D&apos;un palais royal \u00e0 un zoo de singes et des mus\u00e9es ou une promenade tranquille dans la nature. Apeldoorn a tout pour plaire !  &#8221; img=&#8221;2855&#8243;][\/promo_block][vc_column_text]<\/p>\n<h2><span class=\"ez-toc-section\" id=\"excursions-en-bord-de-mer\"><\/span>Excursions en bord de mer<span class=\"ez-toc-section-end\"><\/span><\/h2>\n<p>As-tu la chance d&#8217;\u00eatre \u00e0 Amsterdam par beau temps ? Alors tu pourrais \u00eatre int\u00e9ress\u00e9 par une excursion d&#8217;une journ\u00e9e en bord de mer. Une petite pause loin de la ville chaotique. Fais une belle et longue promenade le long de la plage ou m\u00eame une baignade dans la mer. La plupart des plages sont entour\u00e9es de dunes qui offrent un excellent paysage pour une promenade romantique.[\/vc_column_text][\/vc_column][\/vc_row][vc_row][vc_column][promo_block style_var=&#8221;style2&#8243; el_id=&#8221;1564477566718-1a231b8e-f3e3&#8243;][promo link=&#8221;url:https%3A%2F%2Fthingstodoinamsterdam.com%2Ffr%2Fautour-amsterdam%2Famsterdam-plage-zandvoort%2F|title:Zandvoort|&#8221; text=&#8221;Envie d&apos;une escapade rapide en bord de mer ? Zandvoort est l&apos;endroit id\u00e9al ! \u00c0 seulement trente minutes d&apos;Amsterdam.  &#8221; img=&#8221;1314&#8243;][promo link=&#8221;title:Scheveningen|&#8221; text=&#8221;Scheveningen est l&apos;une des plages les plus populaires des Pays-Bas. Combine-la avec une excursion \u00e0 La Haye ! &#8221; img=&#8221;1308&#8243;][promo link=&#8221;title:IJmuiden|&#8221; text=&#8221;La plage d&apos;IJmuiden est le th\u00e9\u00e2tre du windsurf et du kitesurf. Fais une belle promenade ou va voir les phares. &#8221; img=&#8221;1302&#8243;][\/promo_block][\/vc_column][\/vc_row]<\/p>\n<\/div>","protected":false},"excerpt":{"rendered":"<p>[vc_row][vc_column][vc_column_text css=&#8221;&#8221;]Nous adorons Amsterdam, c&#8217;est une ville charmante o\u00f9 passer du temps et tu ne risques pas de t&#8217;ennuyer, car il y a tant \u00e0\u2026<\/p>\n","protected":false},"author":1,"featured_media":1841,"parent":0,"menu_order":0,"comment_status":"closed","ping_status":"closed","template":"","meta":{"footnotes":""},"class_list":["post-452","page","type-page","status-publish","has-post-thumbnail","hentry"],"yoast_head":"<!-- This site is optimized with the Yoast SEO plugin v27.3 - https:\/\/yoast.com\/product\/yoast-seo-wordpress\/ -->\n<title>Excursion d&#039;une journ\u00e9e \u00e0 partir d&#039;Amsterdam - d\u00e9couvre toutes les villes proches d&#039;Amsterdam<\/title>\n<meta name=\"description\" content=\"Amsterdam est vraiment une ville charmante ! Mais les Pays-Bas, ce n&#039;est pas que Amsterdam. Fais une excursion d&#039;une journ\u00e9e depuis Amsterdam et d\u00e9couvre des endroits moins touristiques et authentiques !\" \/>\n<meta name=\"robots\" content=\"index, follow, max-snippet:-1, max-image-preview:large, max-video-preview:-1\" \/>\n<link rel=\"canonical\" href=\"https:\/\/thingstodoinamsterdam.com\/fr\/autour-amsterdam\/\" \/>\n<meta property=\"og:locale\" content=\"fr_FR\" \/>\n<meta property=\"og:type\" content=\"article\" \/>\n<meta property=\"og:title\" content=\"Excursion d&#039;une journ\u00e9e \u00e0 partir d&#039;Amsterdam - d\u00e9couvre toutes les villes proches d&#039;Amsterdam\" \/>\n<meta property=\"og:description\" content=\"Amsterdam est vraiment une ville charmante ! Mais les Pays-Bas, ce n&#039;est pas que Amsterdam. Fais une excursion d&#039;une journ\u00e9e depuis Amsterdam et d\u00e9couvre des endroits moins touristiques et authentiques !\" \/>\n<meta property=\"og:url\" content=\"https:\/\/thingstodoinamsterdam.com\/fr\/autour-amsterdam\/\" \/>\n<meta property=\"og:site_name\" content=\"ThingstodoinAmsterdam.com\" \/>\n<meta property=\"article:publisher\" content=\"https:\/\/www.facebook.com\/thingstodoinamsterdamcom\" \/>\n<meta property=\"article:modified_time\" content=\"2026-03-06T15:34:24+00:00\" \/>\n<meta property=\"og:image\" content=\"https:\/\/thingstodoinamsterdam.com\/wp-content\/uploads\/2019\/08\/thumbnail-rotterdam-skyline.jpg\" \/>\n\t<meta property=\"og:image:width\" content=\"325\" \/>\n\t<meta property=\"og:image:height\" content=\"276\" \/>\n\t<meta property=\"og:image:type\" content=\"image\/jpeg\" \/>\n<meta name=\"twitter:card\" content=\"summary_large_image\" \/>\n<meta name=\"twitter:label1\" content=\"Est. reading time\" \/>\n\t<meta name=\"twitter:data1\" content=\"6 minutes\" \/>\n<script type=\"application\/ld+json\" class=\"yoast-schema-graph\">{\"@context\":\"https:\\\/\\\/schema.org\",\"@graph\":[{\"@type\":\"WebPage\",\"@id\":\"https:\\\/\\\/thingstodoinamsterdam.com\\\/fr\\\/autour-amsterdam\\\/\",\"url\":\"https:\\\/\\\/thingstodoinamsterdam.com\\\/fr\\\/autour-amsterdam\\\/\",\"name\":\"Excursion d'une journ\u00e9e \u00e0 partir d'Amsterdam - d\u00e9couvre toutes les villes proches d'Amsterdam\",\"isPartOf\":{\"@id\":\"https:\\\/\\\/thingstodoinamsterdam.com\\\/fr\\\/#website\"},\"primaryImageOfPage\":{\"@id\":\"https:\\\/\\\/thingstodoinamsterdam.com\\\/fr\\\/autour-amsterdam\\\/#primaryimage\"},\"image\":{\"@id\":\"https:\\\/\\\/thingstodoinamsterdam.com\\\/fr\\\/autour-amsterdam\\\/#primaryimage\"},\"thumbnailUrl\":\"https:\\\/\\\/thingstodoinamsterdam.com\\\/wp-content\\\/uploads\\\/2019\\\/08\\\/thumbnail-rotterdam-skyline.jpg\",\"datePublished\":\"2016-07-17T13:17:07+00:00\",\"dateModified\":\"2026-03-06T15:34:24+00:00\",\"description\":\"Amsterdam est vraiment une ville charmante ! Mais les Pays-Bas, ce n'est pas que Amsterdam. Fais une excursion d'une journ\u00e9e depuis Amsterdam et d\u00e9couvre des endroits moins touristiques et authentiques !\",\"breadcrumb\":{\"@id\":\"https:\\\/\\\/thingstodoinamsterdam.com\\\/fr\\\/autour-amsterdam\\\/#breadcrumb\"},\"inLanguage\":\"fr\",\"potentialAction\":[{\"@type\":\"ReadAction\",\"target\":[\"https:\\\/\\\/thingstodoinamsterdam.com\\\/fr\\\/autour-amsterdam\\\/\"]}]},{\"@type\":\"ImageObject\",\"inLanguage\":\"fr\",\"@id\":\"https:\\\/\\\/thingstodoinamsterdam.com\\\/fr\\\/autour-amsterdam\\\/#primaryimage\",\"url\":\"https:\\\/\\\/thingstodoinamsterdam.com\\\/wp-content\\\/uploads\\\/2019\\\/08\\\/thumbnail-rotterdam-skyline.jpg\",\"contentUrl\":\"https:\\\/\\\/thingstodoinamsterdam.com\\\/wp-content\\\/uploads\\\/2019\\\/08\\\/thumbnail-rotterdam-skyline.jpg\",\"width\":325,\"height\":276},{\"@type\":\"BreadcrumbList\",\"@id\":\"https:\\\/\\\/thingstodoinamsterdam.com\\\/fr\\\/autour-amsterdam\\\/#breadcrumb\",\"itemListElement\":[{\"@type\":\"ListItem\",\"position\":1,\"name\":\"Visiter Amsterdam\",\"item\":\"https:\\\/\\\/thingstodoinamsterdam.com\\\/fr\\\/\"},{\"@type\":\"ListItem\",\"position\":2,\"name\":\"Excursion d&#8217;une journ\u00e9e \u00e0 partir d&#8217;Amsterdam\"}]},{\"@type\":\"WebSite\",\"@id\":\"https:\\\/\\\/thingstodoinamsterdam.com\\\/fr\\\/#website\",\"url\":\"https:\\\/\\\/thingstodoinamsterdam.com\\\/fr\\\/\",\"name\":\"ThingstodoinAmsterdam.com\",\"description\":\"Amsterdam&#039;s highlights and hidden secrets\",\"publisher\":{\"@id\":\"https:\\\/\\\/thingstodoinamsterdam.com\\\/fr\\\/#organization\"},\"potentialAction\":[{\"@type\":\"SearchAction\",\"target\":{\"@type\":\"EntryPoint\",\"urlTemplate\":\"https:\\\/\\\/thingstodoinamsterdam.com\\\/fr\\\/?s={search_term_string}\"},\"query-input\":{\"@type\":\"PropertyValueSpecification\",\"valueRequired\":true,\"valueName\":\"search_term_string\"}}],\"inLanguage\":\"fr\"},{\"@type\":\"Organization\",\"@id\":\"https:\\\/\\\/thingstodoinamsterdam.com\\\/fr\\\/#organization\",\"name\":\"Visiter Amsterdam\",\"url\":\"https:\\\/\\\/thingstodoinamsterdam.com\\\/fr\\\/\",\"logo\":{\"@type\":\"ImageObject\",\"inLanguage\":\"fr\",\"@id\":\"https:\\\/\\\/thingstodoinamsterdam.com\\\/fr\\\/#\\\/schema\\\/logo\\\/image\\\/\",\"url\":\"https:\\\/\\\/thingstodoinamsterdam.com\\\/wp-content\\\/uploads\\\/2025\\\/02\\\/ThingsToDoInAmsterdam-Favicon-logo.png\",\"contentUrl\":\"https:\\\/\\\/thingstodoinamsterdam.com\\\/wp-content\\\/uploads\\\/2025\\\/02\\\/ThingsToDoInAmsterdam-Favicon-logo.png\",\"width\":512,\"height\":512,\"caption\":\"Visiter Amsterdam\"},\"image\":{\"@id\":\"https:\\\/\\\/thingstodoinamsterdam.com\\\/fr\\\/#\\\/schema\\\/logo\\\/image\\\/\"},\"sameAs\":[\"https:\\\/\\\/www.facebook.com\\\/thingstodoinamsterdamcom\"]}]}<\/script>\n<!-- \/ Yoast SEO plugin. -->","yoast_head_json":{"title":"Excursion d'une journ\u00e9e \u00e0 partir d'Amsterdam - d\u00e9couvre toutes les villes proches d'Amsterdam","description":"Amsterdam est vraiment une ville charmante ! Mais les Pays-Bas, ce n'est pas que Amsterdam. Fais une excursion d'une journ\u00e9e depuis Amsterdam et d\u00e9couvre des endroits moins touristiques et authentiques !","robots":{"index":"index","follow":"follow","max-snippet":"max-snippet:-1","max-image-preview":"max-image-preview:large","max-video-preview":"max-video-preview:-1"},"canonical":"https:\/\/thingstodoinamsterdam.com\/fr\/autour-amsterdam\/","og_locale":"fr_FR","og_type":"article","og_title":"Excursion d'une journ\u00e9e \u00e0 partir d'Amsterdam - d\u00e9couvre toutes les villes proches d'Amsterdam","og_description":"Amsterdam est vraiment une ville charmante ! Mais les Pays-Bas, ce n'est pas que Amsterdam. Fais une excursion d'une journ\u00e9e depuis Amsterdam et d\u00e9couvre des endroits moins touristiques et authentiques !","og_url":"https:\/\/thingstodoinamsterdam.com\/fr\/autour-amsterdam\/","og_site_name":"ThingstodoinAmsterdam.com","article_publisher":"https:\/\/www.facebook.com\/thingstodoinamsterdamcom","article_modified_time":"2026-03-06T15:34:24+00:00","og_image":[{"width":325,"height":276,"url":"https:\/\/thingstodoinamsterdam.com\/wp-content\/uploads\/2019\/08\/thumbnail-rotterdam-skyline.jpg","type":"image\/jpeg"}],"twitter_card":"summary_large_image","twitter_misc":{"Est. reading time":"6 minutes"},"schema":{"@context":"https:\/\/schema.org","@graph":[{"@type":"WebPage","@id":"https:\/\/thingstodoinamsterdam.com\/fr\/autour-amsterdam\/","url":"https:\/\/thingstodoinamsterdam.com\/fr\/autour-amsterdam\/","name":"Excursion d'une journ\u00e9e \u00e0 partir d'Amsterdam - d\u00e9couvre toutes les villes proches d'Amsterdam","isPartOf":{"@id":"https:\/\/thingstodoinamsterdam.com\/fr\/#website"},"primaryImageOfPage":{"@id":"https:\/\/thingstodoinamsterdam.com\/fr\/autour-amsterdam\/#primaryimage"},"image":{"@id":"https:\/\/thingstodoinamsterdam.com\/fr\/autour-amsterdam\/#primaryimage"},"thumbnailUrl":"https:\/\/thingstodoinamsterdam.com\/wp-content\/uploads\/2019\/08\/thumbnail-rotterdam-skyline.jpg","datePublished":"2016-07-17T13:17:07+00:00","dateModified":"2026-03-06T15:34:24+00:00","description":"Amsterdam est vraiment une ville charmante ! Mais les Pays-Bas, ce n'est pas que Amsterdam. Fais une excursion d'une journ\u00e9e depuis Amsterdam et d\u00e9couvre des endroits moins touristiques et authentiques !","breadcrumb":{"@id":"https:\/\/thingstodoinamsterdam.com\/fr\/autour-amsterdam\/#breadcrumb"},"inLanguage":"fr","potentialAction":[{"@type":"ReadAction","target":["https:\/\/thingstodoinamsterdam.com\/fr\/autour-amsterdam\/"]}]},{"@type":"ImageObject","inLanguage":"fr","@id":"https:\/\/thingstodoinamsterdam.com\/fr\/autour-amsterdam\/#primaryimage","url":"https:\/\/thingstodoinamsterdam.com\/wp-content\/uploads\/2019\/08\/thumbnail-rotterdam-skyline.jpg","contentUrl":"https:\/\/thingstodoinamsterdam.com\/wp-content\/uploads\/2019\/08\/thumbnail-rotterdam-skyline.jpg","width":325,"height":276},{"@type":"BreadcrumbList","@id":"https:\/\/thingstodoinamsterdam.com\/fr\/autour-amsterdam\/#breadcrumb","itemListElement":[{"@type":"ListItem","position":1,"name":"Visiter Amsterdam","item":"https:\/\/thingstodoinamsterdam.com\/fr\/"},{"@type":"ListItem","position":2,"name":"Excursion d&#8217;une journ\u00e9e \u00e0 partir d&#8217;Amsterdam"}]},{"@type":"WebSite","@id":"https:\/\/thingstodoinamsterdam.com\/fr\/#website","url":"https:\/\/thingstodoinamsterdam.com\/fr\/","name":"ThingstodoinAmsterdam.com","description":"Amsterdam&#039;s highlights and hidden secrets","publisher":{"@id":"https:\/\/thingstodoinamsterdam.com\/fr\/#organization"},"potentialAction":[{"@type":"SearchAction","target":{"@type":"EntryPoint","urlTemplate":"https:\/\/thingstodoinamsterdam.com\/fr\/?s={search_term_string}"},"query-input":{"@type":"PropertyValueSpecification","valueRequired":true,"valueName":"search_term_string"}}],"inLanguage":"fr"},{"@type":"Organization","@id":"https:\/\/thingstodoinamsterdam.com\/fr\/#organization","name":"Visiter Amsterdam","url":"https:\/\/thingstodoinamsterdam.com\/fr\/","logo":{"@type":"ImageObject","inLanguage":"fr","@id":"https:\/\/thingstodoinamsterdam.com\/fr\/#\/schema\/logo\/image\/","url":"https:\/\/thingstodoinamsterdam.com\/wp-content\/uploads\/2025\/02\/ThingsToDoInAmsterdam-Favicon-logo.png","contentUrl":"https:\/\/thingstodoinamsterdam.com\/wp-content\/uploads\/2025\/02\/ThingsToDoInAmsterdam-Favicon-logo.png","width":512,"height":512,"caption":"Visiter Amsterdam"},"image":{"@id":"https:\/\/thingstodoinamsterdam.com\/fr\/#\/schema\/logo\/image\/"},"sameAs":["https:\/\/www.facebook.com\/thingstodoinamsterdamcom"]}]}},"_links":{"self":[{"href":"https:\/\/thingstodoinamsterdam.com\/fr\/wp-json\/wp\/v2\/pages\/452","targetHints":{"allow":["GET"]}}],"collection":[{"href":"https:\/\/thingstodoinamsterdam.com\/fr\/wp-json\/wp\/v2\/pages"}],"about":[{"href":"https:\/\/thingstodoinamsterdam.com\/fr\/wp-json\/wp\/v2\/types\/page"}],"author":[{"embeddable":true,"href":"https:\/\/thingstodoinamsterdam.com\/fr\/wp-json\/wp\/v2\/users\/1"}],"replies":[{"embeddable":true,"href":"https:\/\/thingstodoinamsterdam.com\/fr\/wp-json\/wp\/v2\/comments?post=452"}],"version-history":[{"count":6,"href":"https:\/\/thingstodoinamsterdam.com\/fr\/wp-json\/wp\/v2\/pages\/452\/revisions"}],"predecessor-version":[{"id":2534524,"href":"https:\/\/thingstodoinamsterdam.com\/fr\/wp-json\/wp\/v2\/pages\/452\/revisions\/2534524"}],"wp:featuredmedia":[{"embeddable":true,"href":"https:\/\/thingstodoinamsterdam.com\/fr\/wp-json\/wp\/v2\/media\/1841"}],"wp:attachment":[{"href":"https:\/\/thingstodoinamsterdam.com\/fr\/wp-json\/wp\/v2\/media?parent=452"}],"curies":[{"name":"wp","href":"https:\/\/api.w.org\/{rel}","templated":true}]}}