{"id":453,"date":"2019-06-04T11:28:16","date_gmt":"2019-06-04T11:28:16","guid":{"rendered":"https:\/\/thingstodoinamsterdam.com\/?page_id=453"},"modified":"2025-09-03T21:44:59","modified_gmt":"2025-09-03T19:44:59","slug":"ice-bar-amsterdam","status":"publish","type":"page","link":"https:\/\/thingstodoinamsterdam.com\/fr\/ice-bar-amsterdam\/","title":{"rendered":"Ice Bar Amsterdam"},"content":{"rendered":"<div class=\"wpb-content-wrapper\"><p>[vc_row][vc_column][vc_column_text]Le X<span class=\"spGb-e spGb-h\">tracold Icebar Amsterdam offre\u00a0une pause rafra\u00eechissante lorsque\u00a0vous souhaitez sortir un peu de la foule\u00a0et du traditionnel\u00a0!<\/span><\/p><div id=\"ez-toc-container\" class=\"ez-toc-v2_0_82_2 counter-hierarchy ez-toc-counter ez-toc-custom ez-toc-container-direction\">\n<div class=\"ez-toc-title-container\">\n<span class=\"ez-toc-title-toggle\"><a href=\"#\" class=\"ez-toc-pull-right ez-toc-btn ez-toc-btn-xs ez-toc-btn-default ez-toc-toggle\" aria-label=\"Toggle Table of Content\"><span class=\"ez-toc-js-icon-con\"><span class=\"\"><span class=\"eztoc-hide\" style=\"display:none;\">Toggle<\/span><span class=\"ez-toc-icon-toggle-span\"><svg style=\"fill: #999;color:#999\" xmlns=\"http:\/\/www.w3.org\/2000\/svg\" class=\"list-377408\" width=\"20px\" height=\"20px\" viewBox=\"0 0 24 24\" fill=\"none\"><path d=\"M6 6H4v2h2V6zm14 0H8v2h12V6zM4 11h2v2H4v-2zm16 0H8v2h12v-2zM4 16h2v2H4v-2zm16 0H8v2h12v-2z\" fill=\"currentColor\"><\/path><\/svg><svg style=\"fill: #999;color:#999\" class=\"arrow-unsorted-368013\" xmlns=\"http:\/\/www.w3.org\/2000\/svg\" width=\"10px\" height=\"10px\" viewBox=\"0 0 24 24\" version=\"1.2\" baseProfile=\"tiny\"><path d=\"M18.2 9.3l-6.2-6.3-6.2 6.3c-.2.2-.3.4-.3.7s.1.5.3.7c.2.2.4.3.7.3h11c.3 0 .5-.1.7-.3.2-.2.3-.5.3-.7s-.1-.5-.3-.7zM5.8 14.7l6.2 6.3 6.2-6.3c.2-.2.3-.5.3-.7s-.1-.5-.3-.7c-.2-.2-.4-.3-.7-.3h-11c-.3 0-.5.1-.7.3-.2.2-.3.5-.3.7s.1.5.3.7z\"\/><\/svg><\/span><\/span><\/span><\/a><\/span><\/div>\n<nav><ul class='ez-toc-list ez-toc-list-level-1 ' ><li class='ez-toc-page-1 ez-toc-heading-level-2'><a class=\"ez-toc-link ez-toc-heading-1\" href=\"https:\/\/thingstodoinamsterdam.com\/fr\/ice-bar-amsterdam\/#ice-bar-amsterdam-horaires-douverture\" >Ice Bar Amsterdam Horaires d&#8217;ouverture<\/a><\/li><li class='ez-toc-page-1 ez-toc-heading-level-2'><a class=\"ez-toc-link ez-toc-heading-2\" href=\"https:\/\/thingstodoinamsterdam.com\/fr\/ice-bar-amsterdam\/#icebar-amsterdam-tarifs-prix-et-reductions\" >Icebar Amsterdam tarifs, prix et r\u00e9ductions<\/a><\/li><li class='ez-toc-page-1 ez-toc-heading-level-2'><a class=\"ez-toc-link ez-toc-heading-3\" href=\"https:\/\/thingstodoinamsterdam.com\/fr\/ice-bar-amsterdam\/#icebar-faq\" >Icebar FAQ<\/a><\/li><li class='ez-toc-page-1 ez-toc-heading-level-2'><a class=\"ez-toc-link ez-toc-heading-4\" href=\"https:\/\/thingstodoinamsterdam.com\/fr\/ice-bar-amsterdam\/#le-ice-bar-a-amsterdam-est-situe-vers-rembrandt-square-il-est-tres-facile-de-sy-rendre-en-transports-publics\" >Le Ice Bar \u00e0 Amsterdam est situ\u00e9 vers\u00a0Rembrandt Square. Il est tr\u00e8s facile de s&#8217;y rendre en transports publics.<\/a><\/li><li class='ez-toc-page-1 ez-toc-heading-level-2'><a class=\"ez-toc-link ez-toc-heading-5\" href=\"https:\/\/thingstodoinamsterdam.com\/fr\/ice-bar-amsterdam\/#transports-publics\" >Transports publics<\/a><\/li><\/ul><\/nav><\/div>\n\n<p>Bien que votre journ\u00e9e soit remplie d&#8217;activit\u00e9s, de <a href=\"https:\/\/thingstodoinamsterdam.com\/fr\/musees-amsterdam\/\">visites de mus\u00e9es<\/a>, d&#8217;une <a href=\"https:\/\/thingstodoinamsterdam.com\/fr\/croisiere-sur-les-canaux-amsterdam\/\">croisi\u00e8re en bateau sur les canaux<\/a>&#8230; en ce qui concerne\u00a0les\u00a0<a href=\"https:\/\/thingstodoinamsterdam.com\/fr\/sortir-a-amsterdam\/\">activit\u00e9s nocturnes<\/a>, ne passez surtout pas \u00e0 c\u00f4t\u00e9 du Ice bar ! C&#8217;est le lieu id\u00e9al pour profiter entre amis\u00a0et boire un verre.<\/p>\n<p>Au Ice bar \u00e0 Amsterdam, c&#8217;est l&#8217;occasion de trinquer\u00a0dans une pi\u00e8ce \u00e0 -10\u00b0C ! Il n&#8217;y\u00a0a pas de tenue exig\u00e9e mais pour votre confort le bar peut vous\u00a0fournir des v\u00eatements chauds.<\/p>\n<p>Situ\u00e9 \u00e0 quelques minutes de Rembrandt Square, c&#8217;est ici que\u00a0vous pouvez vivre une exp\u00e9rience fun et unique.<\/p>\n<p>&nbsp;<\/p>\n<p>Votre visite au\u00a0Ice bar inclut un tour de 20 minutes par\u00a0Willem Barentsz, qui vous emm\u00e8nera dans un voyage avec ses histoires de vie sur son navire The Mecury en 1596, et vous\u00a0apprendra ce que c\u2019est d\u2019\u00eatre coinc\u00e9 au p\u00f4le Nord.<\/p>\n<p>De plus, la visite inclut 3 boissons gratuites, soit un cocktail de bienvenue et 2 autres boissons\u00a0au\u00a0XtraCold Ice bar.<\/p>\n<p>Enfin, la caract\u00e9ristique la plus \u00abcool\u00bb du bar est\u00a0qu&#8217;il a \u00e9t\u00e9 sculpt\u00e9\u00a0dans 60 tonnes de glace naturelle.[\/vc_column_text][button title=&#8221;R\u00e9servez vos billets pour l\u2019Ice Bar sur Xtracold.com&#8221; link=&#8221;https:\/\/thingstodoinamsterdam.com\/ticketlink-icebar-xtracold-std&#8221; icon=&#8221;&#8221; button_align=&#8221;center&#8221; target=&#8221;true&#8221; nofollow=&#8221;true&#8221; el_id=&#8221;1565601932871-9c557720-17e8&#8243;][button title=&#8221;Achetez vos billets pour le Ice Bar \u00e0 Amsterdam avec Tours &amp; Tickets&#8221; link=&#8221;https:\/\/thingstodoinamsterdam.com\/ticketlinkfr-icebar-tours-std&#8221; button_align=&#8221;center&#8221; target=&#8221;true&#8221; nofollow=&#8221;true&#8221; el_id=&#8221;1756928301944-70e61f1f-17fb&#8221;][vc_column_text]<\/p>\n<p style=\"text-align: center;\">&#8211; Achetez vos billets sur Tours &amp; Tickets avec notre code promo\u00a0<mark><strong>&#8216;THINGSTODO10<\/strong>&#8216;<\/mark>\u00a0et obtenez 10% de r\u00e9duction &#8211;<\/p>\n<p>[\/vc_column_text][vc_video link=&#8221;https:\/\/www.youtube.com\/watch?v=bxlV7bGDL00&#8243; el_width=&#8221;80&#8243; align=&#8221;center&#8221;][vc_column_text]<\/p>\n<h2><span class=\"ez-toc-section\" id=\"ice-bar-amsterdam-horaires-douverture\"><\/span>Ice Bar Amsterdam Horaires d&#8217;ouverture<span class=\"ez-toc-section-end\"><\/span><\/h2>\n<p>Le XtraCold Icebar est ouvert tous les jours.<\/p>\n<p><strong>Note<\/strong> : le soir du Nouvel An, le bar ferme \u00e0 23:00.<\/p>\n<table style=\"width: 100%;\">\n<tbody>\n<tr>\n<td>Du dimanche au jeudi<\/td>\n<td>\u00a012:30 &#8211; 01:00<\/td>\n<\/tr>\n<tr>\n<td>Vendredi et samedi<\/td>\n<td>\u00a012:30 &#8211; 02:40<\/td>\n<\/tr>\n<\/tbody>\n<\/table>\n<p>[\/vc_column_text][vc_column_text]<\/p>\n<h2><span class=\"ez-toc-section\" id=\"icebar-amsterdam-tarifs-prix-et-reductions\"><\/span>Icebar Amsterdam tarifs, prix et r\u00e9ductions<span class=\"ez-toc-section-end\"><\/span><\/h2>\n<p>Vous pouvez acheter vos billets \u00e0 l&#8217;entr\u00e9e du Icebar. Mais, si vous r\u00e9servez en ligne, vous\u00a0b\u00e9n\u00e9ficierez de r\u00e9ductions. De plus, il ne sera pas utile d&#8217;imprimer vos billets, vous les recevrez\u00a0par email et il vous suffira juste de les montrer \u00e0 l&#8217;entr\u00e9e !<\/p>\n<p>Nous avons deux partenaires pour acheter vos billets en ligne, Tiqets et Tours&amp;Tickets.<\/p>\n<p><strong>Note :\u00a0<\/strong>les enfants de moins de 18 ans ne sont pas autoris\u00e9s. D&#8217;ailleurs, pensez \u00e0 prendre votre carte d&#8217;identit\u00e9.<\/p>\n<h3>Tarifs<\/h3>\n<table style=\"width: 100%;\">\n<tbody>\n<tr>\n<td>Adultes<\/td>\n<td>21,95\u20ac (3 boissons inclues)<\/td>\n<\/tr>\n<\/tbody>\n<\/table>\n<h3><\/h3>\n<p>[\/vc_column_text][button title=&#8221;R\u00e9servez vos billets pour l\u2019Ice Bar sur Xtracold.com&#8221; link=&#8221;https:\/\/thingstodoinamsterdam.com\/ticketlink-icebar-xtracold-std&#8221; icon=&#8221;&#8221; button_align=&#8221;center&#8221; target=&#8221;true&#8221; nofollow=&#8221;true&#8221; el_id=&#8221;1756928327256-4dcade82-e225&#8243;][button title=&#8221;Achetez vos billets pour le Ice Bar \u00e0 Amsterdam avec Tours &amp; Tickets&#8221; link=&#8221;https:\/\/thingstodoinamsterdam.com\/ticketlinkfr-icebar-tours-std&#8221; button_align=&#8221;center&#8221; target=&#8221;true&#8221; nofollow=&#8221;true&#8221; el_id=&#8221;1565602022799-d1683859-f979&#8243;][vc_column_text]<\/p>\n<p style=\"text-align: center;\">&#8211; Achetez vos billets sur <a href=\"https:\/\/thingstodoinamsterdam.com\/fr\/a-propos\/tours-tickets\/\">Tours &amp; Tickets<\/a> avec notre code promo\u00a0<mark><strong>&#8216;THINGSTODO10<\/strong>&#8216;<\/mark>\u00a0et obtenez 10% de r\u00e9duction &#8211;<\/p>\n<p>[\/vc_column_text][button title=&#8221;Achetez vos billets pour le Ice bar \u00e0 Amsterdam avec Tiqets.com&#8221; link=&#8221;https:\/\/thingstodoinamsterdam.com\/ticketlinkfr-ice-bar-amsterdam-tiqets-std&#8221; button_align=&#8221;center&#8221; target=&#8221;true&#8221; nofollow=&#8221;true&#8221; el_id=&#8221;1565602071508-d1404c04-b1db&#8221;][vc_column_text]<\/p>\n<h2><span class=\"ez-toc-section\" id=\"icebar-faq\"><\/span>Icebar FAQ<span class=\"ez-toc-section-end\"><\/span><\/h2>\n<p><strong>Y a-t-il de l&#8217;attente pour l&#8217;Amsterdam Ice Bar ?<\/strong><\/p>\n<p>Oui, notamment\u00a0le soir !\u00a0Si vous ne souhaitez pas attendre, reservez vos billets en ligne sur <a href=\"https:\/\/thingstodoinamsterdam.com\/fr\/a-propos\/tours-tickets\/\">Tours &amp; Tickets<\/a> ou <a href=\"https:\/\/thingstodoinamsterdam.com\/fr\/a-propos\/tiqets-com\/\">Tiqets.com<\/a>.<\/p>\n<p><strong>Faut-il avoir des v\u00eatements adapt\u00e9s pour l&#8217;Amsterdam Ice Bar ?<\/strong><\/p>\n<p><span style=\"font-family: Verdana, Geneva, sans-serif;\">Non, venez comme vous le souhaitez. Bien s\u00fbr, le bar met \u00e0 votre disposition des v\u00eatements chauds.<\/span><\/p>\n<p><strong>Les enfants sont-ils autoris\u00e9s ?<\/strong><\/p>\n<p>Non, les\u00a0personnes mineures de moins de 18 ans ne sont pas autoris\u00e9es.<\/p>\n<p><strong>Dois-je imprimer mes e-billets ?<\/strong><\/p>\n<p>Ce n&#8217;est pas n\u00e9cessaire ! Il vous suffit de montrer vos e-billets sur votre t\u00e9l\u00e9phone \u00e0 l&#8217;entr\u00e9e.[\/vc_column_text][vc_column_text]<\/p>\n<h2><span class=\"ez-toc-section\" id=\"le-ice-bar-a-amsterdam-est-situe-vers-rembrandt-square-il-est-tres-facile-de-sy-rendre-en-transports-publics\"><\/span><span style=\"font-family: Verdana, Geneva, sans-serif; font-size: 13px;\">Le Ice Bar \u00e0 Amsterdam est situ\u00e9 vers<\/span><span style=\"font-family: Verdana, Geneva, sans-serif; font-size: 13px;\">\u00a0Rembrandt Square. Il est tr\u00e8s facile de s&#8217;y rendre en transports publics.<\/span><span class=\"ez-toc-section-end\"><\/span><\/h2>\n<p><strong>Adresse<br \/>\n<\/strong>Amstel 194-196<br \/>\n1017 AG Amsterdam<br \/>\nE-mail: info@xtracold.com<br \/>\nTel: +31 20-320 5700<br \/>\n<a href=\"https:\/\/www.xtracold.com\/en\">https:\/\/www.xtracold.com\/en<\/a>[\/vc_column_text][g_map heading=&#8221;IceBar Amsterdam&#8221; el_id=&#8221;1565602198576-d08d97ac-bc1c&#8221;]<iframe style=\"border: 0;\" src=\"https:\/\/www.google.com\/maps\/embed?pb=!1m18!1m12!1m3!1d2436.2186137404015!2d4.89782661585837!3d52.36645587978543!2m3!1f0!2f0!3f0!3m2!1i1024!2i768!4f13.1!3m3!1m2!1s0x47c609be1df5834b%3A0x3593e2e72c469822!2sXtracold+Icebar+Amsterdam!5e0!3m2!1sen!2snl!4v1500844600520\" width=\"600\" height=\"450\" frameborder=\"0\" allowfullscreen=\"allowfullscreen\"><\/iframe>[\/g_map][vc_column_text]<\/p>\n<h2><span class=\"ez-toc-section\" id=\"transports-publics\"><\/span>Transports publics<span class=\"ez-toc-section-end\"><\/span><\/h2>\n<p>Le Amsterdam Icebar est situ\u00e9 entre\u00a0Rembrandt Square et Waterloo Plein station.<\/p>\n<p><strong>\u00c0 partir\u00a0d&#8217;Amsterdam Centraal Station<\/strong><\/p>\n<ul>\n<li>Tram 4, en direction de Station RAI<\/li>\n<li>Tram 9, en direction de Diemen Sniep<\/li>\n<li>Tram 24, en direction de VU Medisch Centrum<\/li>\n<li>Metro 53, en direction de Gaasperplas<\/li>\n<\/ul>\n<p><strong>\u00c0 partir\u00a0d&#8217;Amsterdam Leidseplein<\/strong><\/p>\n<ul>\n<li>Tram 1, en direction de Centraal Station<\/li>\n<li>Tram 2, en direction de Centraal Station<\/li>\n<li>Tram 5, en direction de Centraal Station<\/li>\n<\/ul>\n<p>Pour vous renseigner sur les temps de trajet actuels, vous pouvez utiliser le widget ci-dessous en fonction de votre position actuelle. Cette application vous aidera lorsque vous ne savez pas quel bus ou tram vous pouvez emprunter depuis votre position.<\/p>\n<p><a href=\"https:\/\/9292.nl\/en?to=amsterdam_rembrandt-square\"><img decoding=\"async\" class=\"alignnone size-medium wp-image-3080\" src=\"https:\/\/thingstodoinamsterdam.com\/wp-content\/uploads\/2019\/07\/Button-Plan-mijn-OV-reis-EN-300x54.png\" alt=\"ov button Ice bar\" width=\"300\" height=\"54\" \/><\/a>[\/vc_column_text][vc_column_text]<a href=\"https:\/\/thingstodoinamsterdam.com\/fr\/artis-zoo-amsterdam\/\">Artis zoo Amsterdam<\/a><br \/>\nAmsterdam Dungeon<br \/>\nBODY WORLDS Amsterdam<br \/>\n<a href=\"https:\/\/thingstodoinamsterdam.com\/fr\/croisiere-sur-les-canaux-amsterdam\/\">Croisi\u00e8re sur les canaux\u00a0d&#8217;Amsterdam<\/a><br \/>\nCasa Rosso<br \/>\n<a href=\"https:\/\/thingstodoinamsterdam.com\/fr\/musees-amsterdam\/heineken-experience-amsterdam\/\">Heineken Experience<\/a><br \/>\n<a href=\"https:\/\/thingstodoinamsterdam.com\/fr\/this-is-holland-experience-en-5d\/\">THIS IS HOLLAND<\/a><br \/>\nMoco Museum<br \/>\n<a href=\"https:\/\/thingstodoinamsterdam.com\/fr\/musees-amsterdam\/musee-nemo-amsterdam\/\">Mus\u00e9e NEMO Amsterdam<\/a><br \/>\nPowerzone<br \/>\n<a href=\"https:\/\/thingstodoinamsterdam.com\/fr\/musees-amsterdam\/le-rijksmuseum\/\">Rijksmuseum<\/a><br \/>\n<a href=\"https:\/\/thingstodoinamsterdam.com\/fr\/musees-amsterdam\/le-musee-stedelijk\/\">Stedelijk Museum<\/a><br \/>\n<a href=\"https:\/\/thingstodoinamsterdam.com\/fr\/musees-amsterdam\/le-musee-des-tropiques\/\">Le mus\u00e9e des Tropiques<\/a><br \/>\n<a href=\"https:\/\/thingstodoinamsterdam.com\/fr\/musees-amsterdam\/le-musee-van-gogh\/\">Van Gogh Museum<\/a>[\/vc_column_text][\/vc_column][\/vc_row][vc_row][vc_column][reviews heading=&#8221;Avis pour le Amsterdam Icebar&#8221; description=&#8221;Nous sommes toujours int\u00e9ress\u00e9s en ce qui concerne les exp\u00e9riences de nos visiteurs. Dites-nous ce que vous en avez pens\u00e9 et aidez les autres voyageurs !&#8221; el_id=&#8221;1565602251872-41ba17fc-fede&#8221;][\/reviews][vc_column_text]<strong>Jetez un oeil \u00e0 l\u2019une des attractions ci-dessous ou revenez \u00e0 la page g\u00e9n\u00e9rale concernant <a href=\"https:\/\/thingstodoinamsterdam.com\/fr\/\">les choses \u00e0 faire \u00e0 Amsterdam<\/a>.<\/strong>[\/vc_column_text][\/vc_column][\/vc_row][vc_row][vc_column][promo_block style_var=&#8221;style2&#8243; el_id=&#8221;1565602290673-2a1f3a45-bae9&#8243;][promo link=&#8221;url:https%3A%2F%2Fthingstodoinamsterdam.com%2Ffr%2Fcroisiere-sur-les-canaux-amsterdam%2F|title:Billet%20pour%20Amsterdam%20Nightlife&#8221; text=&#8221;Impossible de quitter Amsterdam sans une croisi\u00e8re sur les canaux ! C\u2019est depuis l\u2019eau que la ville d\u00e9voile toute sa magie !&#8221; img=&#8221;1524331&#8243;][promo link=&#8221;url:https%3A%2F%2Fthingstodoinamsterdam.com%2Ffr%2Fmusees-amsterdam%2Fheineken-experience-amsterdam%2F|title:Heineken%20Experience||&#8221; text=&#8221;Venez visiter l\u2019ancienne brasserie de la c\u00e9l\u00e8bre marque de bi\u00e8re !&#8221; img=&#8221;2173&#8243;][promo link=&#8221;url:https%3A%2F%2Fthingstodoinamsterdam.com%2Ffr%2Fmusees-amsterdam%2Fmadame-tussauds-amsterdam%2F|title:Madame%20Tussauds||&#8221; text=&#8221;Venez prendre un selfie avec la Dutch Royal family!&#8221; img=&#8221;2234&#8243;][\/promo_block][\/vc_column][\/vc_row]<\/p>\n<\/div>","protected":false},"excerpt":{"rendered":"<p>[vc_row][vc_column][vc_column_text]Le Xtracold Icebar Amsterdam offre\u00a0une pause rafra\u00eechissante lorsque\u00a0vous souhaitez sortir un peu de la foule\u00a0et du traditionnel\u00a0! Bien que votre journ\u00e9e soit remplie d&#8217;activit\u00e9s, de\u2026<\/p>\n","protected":false},"author":20,"featured_media":560,"parent":0,"menu_order":0,"comment_status":"closed","ping_status":"closed","template":"","meta":{"footnotes":""},"class_list":["post-453","page","type-page","status-publish","has-post-thumbnail","hentry"],"yoast_head":"<!-- This site is optimized with the Yoast SEO plugin v27.3 - https:\/\/yoast.com\/product\/yoast-seo-wordpress\/ -->\n<title>Ice Bar Amsterdam - tarifs, billets, informations pratiques, avis &amp; plus<\/title>\n<meta name=\"description\" content=\"Au Ice Bar c&#039;est l&#039;occasion de venir boire un verre entre amis dans une pi\u00e8ce \u00e0 -10\u00b0C ! Une exp\u00e9rience unique, dans un lieu unique ! R\u00e9servez ici !\" \/>\n<meta name=\"robots\" content=\"index, follow, max-snippet:-1, max-image-preview:large, max-video-preview:-1\" \/>\n<link rel=\"canonical\" href=\"https:\/\/thingstodoinamsterdam.com\/fr\/ice-bar-amsterdam\/\" \/>\n<meta property=\"og:locale\" content=\"fr_FR\" \/>\n<meta property=\"og:type\" content=\"article\" \/>\n<meta property=\"og:title\" content=\"Ice Bar Amsterdam - tarifs, billets, informations pratiques, avis &amp; plus\" \/>\n<meta property=\"og:description\" content=\"Au Ice Bar c&#039;est l&#039;occasion de venir boire un verre entre amis dans une pi\u00e8ce \u00e0 -10\u00b0C ! Une exp\u00e9rience unique, dans un lieu unique ! R\u00e9servez ici !\" \/>\n<meta property=\"og:url\" content=\"https:\/\/thingstodoinamsterdam.com\/fr\/ice-bar-amsterdam\/\" \/>\n<meta property=\"og:site_name\" content=\"ThingstodoinAmsterdam.com\" \/>\n<meta property=\"article:publisher\" content=\"https:\/\/www.facebook.com\/thingstodoinamsterdamcom\" \/>\n<meta property=\"article:modified_time\" content=\"2025-09-03T19:44:59+00:00\" \/>\n<meta property=\"og:image\" content=\"https:\/\/thingstodoinamsterdam.com\/wp-content\/uploads\/2019\/07\/Ice-bar.jpg\" \/>\n\t<meta property=\"og:image:width\" content=\"150\" \/>\n\t<meta property=\"og:image:height\" content=\"150\" \/>\n\t<meta property=\"og:image:type\" content=\"image\/jpeg\" \/>\n<meta name=\"twitter:card\" content=\"summary_large_image\" \/>\n<meta name=\"twitter:label1\" content=\"Est. reading time\" \/>\n\t<meta name=\"twitter:data1\" content=\"5 minutes\" \/>\n<script type=\"application\/ld+json\" class=\"yoast-schema-graph\">{\"@context\":\"https:\\\/\\\/schema.org\",\"@graph\":[{\"@type\":\"WebPage\",\"@id\":\"https:\\\/\\\/thingstodoinamsterdam.com\\\/fr\\\/ice-bar-amsterdam\\\/\",\"url\":\"https:\\\/\\\/thingstodoinamsterdam.com\\\/fr\\\/ice-bar-amsterdam\\\/\",\"name\":\"Ice Bar Amsterdam - tarifs, billets, informations pratiques, avis & plus\",\"isPartOf\":{\"@id\":\"https:\\\/\\\/thingstodoinamsterdam.com\\\/fr\\\/#website\"},\"primaryImageOfPage\":{\"@id\":\"https:\\\/\\\/thingstodoinamsterdam.com\\\/fr\\\/ice-bar-amsterdam\\\/#primaryimage\"},\"image\":{\"@id\":\"https:\\\/\\\/thingstodoinamsterdam.com\\\/fr\\\/ice-bar-amsterdam\\\/#primaryimage\"},\"thumbnailUrl\":\"https:\\\/\\\/thingstodoinamsterdam.com\\\/wp-content\\\/uploads\\\/2019\\\/07\\\/Ice-bar.jpg\",\"datePublished\":\"2019-06-04T11:28:16+00:00\",\"dateModified\":\"2025-09-03T19:44:59+00:00\",\"description\":\"Au Ice Bar c'est l'occasion de venir boire un verre entre amis dans une pi\u00e8ce \u00e0 -10\u00b0C ! Une exp\u00e9rience unique, dans un lieu unique ! R\u00e9servez ici !\",\"breadcrumb\":{\"@id\":\"https:\\\/\\\/thingstodoinamsterdam.com\\\/fr\\\/ice-bar-amsterdam\\\/#breadcrumb\"},\"inLanguage\":\"fr\",\"potentialAction\":[{\"@type\":\"ReadAction\",\"target\":[\"https:\\\/\\\/thingstodoinamsterdam.com\\\/fr\\\/ice-bar-amsterdam\\\/\"]}]},{\"@type\":\"ImageObject\",\"inLanguage\":\"fr\",\"@id\":\"https:\\\/\\\/thingstodoinamsterdam.com\\\/fr\\\/ice-bar-amsterdam\\\/#primaryimage\",\"url\":\"https:\\\/\\\/thingstodoinamsterdam.com\\\/wp-content\\\/uploads\\\/2019\\\/07\\\/Ice-bar.jpg\",\"contentUrl\":\"https:\\\/\\\/thingstodoinamsterdam.com\\\/wp-content\\\/uploads\\\/2019\\\/07\\\/Ice-bar.jpg\",\"width\":150,\"height\":150},{\"@type\":\"BreadcrumbList\",\"@id\":\"https:\\\/\\\/thingstodoinamsterdam.com\\\/fr\\\/ice-bar-amsterdam\\\/#breadcrumb\",\"itemListElement\":[{\"@type\":\"ListItem\",\"position\":1,\"name\":\"Visiter Amsterdam\",\"item\":\"https:\\\/\\\/thingstodoinamsterdam.com\\\/fr\\\/\"},{\"@type\":\"ListItem\",\"position\":2,\"name\":\"Ice Bar Amsterdam\"}]},{\"@type\":\"WebSite\",\"@id\":\"https:\\\/\\\/thingstodoinamsterdam.com\\\/fr\\\/#website\",\"url\":\"https:\\\/\\\/thingstodoinamsterdam.com\\\/fr\\\/\",\"name\":\"ThingstodoinAmsterdam.com\",\"description\":\"Amsterdam&#039;s highlights and hidden secrets\",\"publisher\":{\"@id\":\"https:\\\/\\\/thingstodoinamsterdam.com\\\/fr\\\/#organization\"},\"potentialAction\":[{\"@type\":\"SearchAction\",\"target\":{\"@type\":\"EntryPoint\",\"urlTemplate\":\"https:\\\/\\\/thingstodoinamsterdam.com\\\/fr\\\/?s={search_term_string}\"},\"query-input\":{\"@type\":\"PropertyValueSpecification\",\"valueRequired\":true,\"valueName\":\"search_term_string\"}}],\"inLanguage\":\"fr\"},{\"@type\":\"Organization\",\"@id\":\"https:\\\/\\\/thingstodoinamsterdam.com\\\/fr\\\/#organization\",\"name\":\"Visiter Amsterdam\",\"url\":\"https:\\\/\\\/thingstodoinamsterdam.com\\\/fr\\\/\",\"logo\":{\"@type\":\"ImageObject\",\"inLanguage\":\"fr\",\"@id\":\"https:\\\/\\\/thingstodoinamsterdam.com\\\/fr\\\/#\\\/schema\\\/logo\\\/image\\\/\",\"url\":\"https:\\\/\\\/thingstodoinamsterdam.com\\\/wp-content\\\/uploads\\\/2025\\\/02\\\/ThingsToDoInAmsterdam-Favicon-logo.png\",\"contentUrl\":\"https:\\\/\\\/thingstodoinamsterdam.com\\\/wp-content\\\/uploads\\\/2025\\\/02\\\/ThingsToDoInAmsterdam-Favicon-logo.png\",\"width\":512,\"height\":512,\"caption\":\"Visiter Amsterdam\"},\"image\":{\"@id\":\"https:\\\/\\\/thingstodoinamsterdam.com\\\/fr\\\/#\\\/schema\\\/logo\\\/image\\\/\"},\"sameAs\":[\"https:\\\/\\\/www.facebook.com\\\/thingstodoinamsterdamcom\"]}]}<\/script>\n<!-- \/ Yoast SEO plugin. -->","yoast_head_json":{"title":"Ice Bar Amsterdam - tarifs, billets, informations pratiques, avis & plus","description":"Au Ice Bar c'est l'occasion de venir boire un verre entre amis dans une pi\u00e8ce \u00e0 -10\u00b0C ! Une exp\u00e9rience unique, dans un lieu unique ! R\u00e9servez ici !","robots":{"index":"index","follow":"follow","max-snippet":"max-snippet:-1","max-image-preview":"max-image-preview:large","max-video-preview":"max-video-preview:-1"},"canonical":"https:\/\/thingstodoinamsterdam.com\/fr\/ice-bar-amsterdam\/","og_locale":"fr_FR","og_type":"article","og_title":"Ice Bar Amsterdam - tarifs, billets, informations pratiques, avis & plus","og_description":"Au Ice Bar c'est l'occasion de venir boire un verre entre amis dans une pi\u00e8ce \u00e0 -10\u00b0C ! Une exp\u00e9rience unique, dans un lieu unique ! R\u00e9servez ici !","og_url":"https:\/\/thingstodoinamsterdam.com\/fr\/ice-bar-amsterdam\/","og_site_name":"ThingstodoinAmsterdam.com","article_publisher":"https:\/\/www.facebook.com\/thingstodoinamsterdamcom","article_modified_time":"2025-09-03T19:44:59+00:00","og_image":[{"width":150,"height":150,"url":"https:\/\/thingstodoinamsterdam.com\/wp-content\/uploads\/2019\/07\/Ice-bar.jpg","type":"image\/jpeg"}],"twitter_card":"summary_large_image","twitter_misc":{"Est. reading time":"5 minutes"},"schema":{"@context":"https:\/\/schema.org","@graph":[{"@type":"WebPage","@id":"https:\/\/thingstodoinamsterdam.com\/fr\/ice-bar-amsterdam\/","url":"https:\/\/thingstodoinamsterdam.com\/fr\/ice-bar-amsterdam\/","name":"Ice Bar Amsterdam - tarifs, billets, informations pratiques, avis & plus","isPartOf":{"@id":"https:\/\/thingstodoinamsterdam.com\/fr\/#website"},"primaryImageOfPage":{"@id":"https:\/\/thingstodoinamsterdam.com\/fr\/ice-bar-amsterdam\/#primaryimage"},"image":{"@id":"https:\/\/thingstodoinamsterdam.com\/fr\/ice-bar-amsterdam\/#primaryimage"},"thumbnailUrl":"https:\/\/thingstodoinamsterdam.com\/wp-content\/uploads\/2019\/07\/Ice-bar.jpg","datePublished":"2019-06-04T11:28:16+00:00","dateModified":"2025-09-03T19:44:59+00:00","description":"Au Ice Bar c'est l'occasion de venir boire un verre entre amis dans une pi\u00e8ce \u00e0 -10\u00b0C ! Une exp\u00e9rience unique, dans un lieu unique ! R\u00e9servez ici !","breadcrumb":{"@id":"https:\/\/thingstodoinamsterdam.com\/fr\/ice-bar-amsterdam\/#breadcrumb"},"inLanguage":"fr","potentialAction":[{"@type":"ReadAction","target":["https:\/\/thingstodoinamsterdam.com\/fr\/ice-bar-amsterdam\/"]}]},{"@type":"ImageObject","inLanguage":"fr","@id":"https:\/\/thingstodoinamsterdam.com\/fr\/ice-bar-amsterdam\/#primaryimage","url":"https:\/\/thingstodoinamsterdam.com\/wp-content\/uploads\/2019\/07\/Ice-bar.jpg","contentUrl":"https:\/\/thingstodoinamsterdam.com\/wp-content\/uploads\/2019\/07\/Ice-bar.jpg","width":150,"height":150},{"@type":"BreadcrumbList","@id":"https:\/\/thingstodoinamsterdam.com\/fr\/ice-bar-amsterdam\/#breadcrumb","itemListElement":[{"@type":"ListItem","position":1,"name":"Visiter Amsterdam","item":"https:\/\/thingstodoinamsterdam.com\/fr\/"},{"@type":"ListItem","position":2,"name":"Ice Bar Amsterdam"}]},{"@type":"WebSite","@id":"https:\/\/thingstodoinamsterdam.com\/fr\/#website","url":"https:\/\/thingstodoinamsterdam.com\/fr\/","name":"ThingstodoinAmsterdam.com","description":"Amsterdam&#039;s highlights and hidden secrets","publisher":{"@id":"https:\/\/thingstodoinamsterdam.com\/fr\/#organization"},"potentialAction":[{"@type":"SearchAction","target":{"@type":"EntryPoint","urlTemplate":"https:\/\/thingstodoinamsterdam.com\/fr\/?s={search_term_string}"},"query-input":{"@type":"PropertyValueSpecification","valueRequired":true,"valueName":"search_term_string"}}],"inLanguage":"fr"},{"@type":"Organization","@id":"https:\/\/thingstodoinamsterdam.com\/fr\/#organization","name":"Visiter Amsterdam","url":"https:\/\/thingstodoinamsterdam.com\/fr\/","logo":{"@type":"ImageObject","inLanguage":"fr","@id":"https:\/\/thingstodoinamsterdam.com\/fr\/#\/schema\/logo\/image\/","url":"https:\/\/thingstodoinamsterdam.com\/wp-content\/uploads\/2025\/02\/ThingsToDoInAmsterdam-Favicon-logo.png","contentUrl":"https:\/\/thingstodoinamsterdam.com\/wp-content\/uploads\/2025\/02\/ThingsToDoInAmsterdam-Favicon-logo.png","width":512,"height":512,"caption":"Visiter Amsterdam"},"image":{"@id":"https:\/\/thingstodoinamsterdam.com\/fr\/#\/schema\/logo\/image\/"},"sameAs":["https:\/\/www.facebook.com\/thingstodoinamsterdamcom"]}]}},"_links":{"self":[{"href":"https:\/\/thingstodoinamsterdam.com\/fr\/wp-json\/wp\/v2\/pages\/453","targetHints":{"allow":["GET"]}}],"collection":[{"href":"https:\/\/thingstodoinamsterdam.com\/fr\/wp-json\/wp\/v2\/pages"}],"about":[{"href":"https:\/\/thingstodoinamsterdam.com\/fr\/wp-json\/wp\/v2\/types\/page"}],"author":[{"embeddable":true,"href":"https:\/\/thingstodoinamsterdam.com\/fr\/wp-json\/wp\/v2\/users\/20"}],"replies":[{"embeddable":true,"href":"https:\/\/thingstodoinamsterdam.com\/fr\/wp-json\/wp\/v2\/comments?post=453"}],"version-history":[{"count":5,"href":"https:\/\/thingstodoinamsterdam.com\/fr\/wp-json\/wp\/v2\/pages\/453\/revisions"}],"predecessor-version":[{"id":2029040,"href":"https:\/\/thingstodoinamsterdam.com\/fr\/wp-json\/wp\/v2\/pages\/453\/revisions\/2029040"}],"wp:featuredmedia":[{"embeddable":true,"href":"https:\/\/thingstodoinamsterdam.com\/fr\/wp-json\/wp\/v2\/media\/560"}],"wp:attachment":[{"href":"https:\/\/thingstodoinamsterdam.com\/fr\/wp-json\/wp\/v2\/media?parent=453"}],"curies":[{"name":"wp","href":"https:\/\/api.w.org\/{rel}","templated":true}]}}