{"id":4776,"date":"2019-12-24T10:04:22","date_gmt":"2019-12-24T09:04:22","guid":{"rendered":"https:\/\/thingstodoinamsterdam.com\/?page_id=4776"},"modified":"2025-08-29T16:37:08","modified_gmt":"2025-08-29T14:37:08","slug":"musee-resistance-amsterdam","status":"publish","type":"page","link":"https:\/\/thingstodoinamsterdam.com\/fr\/musees-amsterdam\/musee-resistance-amsterdam\/","title":{"rendered":"Le mus\u00e9e de la r\u00e9sistance Amsterdam"},"content":{"rendered":"<div class=\"wpb-content-wrapper\"><p>[vc_row][vc_column][vc_column_text]<img decoding=\"async\" class=\"alignright size-medium wp-image-3820\" src=\"https:\/\/thingstodoinamsterdam.com\/wp-content\/uploads\/2019\/08\/6234077904_186184c49a_o-225x300.jpg\" alt=\"A picture of the Dutch Resistance Museum in Amsterdam\" width=\"225\" height=\"300\" \/>Amsterdam est la ville id\u00e9ale pour se cultiver sur des sujets tr\u00e8s vari\u00e9s. Ici, il s&#8217;agit de parler de la Seconde Guerre Mondiale et plus particuli\u00e8rement de la r\u00e9sistance n\u00e9erlandaise.<br \/>\nLe mus\u00e9e de la R\u00e9sistance est l&#8217;un des endroits o\u00f9 se trouve un bon nombre d&#8217;informations essentielles \u00e0 ce sujet.<\/p><div id=\"ez-toc-container\" class=\"ez-toc-v2_0_82_2 counter-hierarchy ez-toc-counter ez-toc-custom ez-toc-container-direction\">\n<div class=\"ez-toc-title-container\">\n<span class=\"ez-toc-title-toggle\"><a href=\"#\" class=\"ez-toc-pull-right ez-toc-btn ez-toc-btn-xs ez-toc-btn-default ez-toc-toggle\" aria-label=\"Toggle Table of Content\"><span class=\"ez-toc-js-icon-con\"><span class=\"\"><span class=\"eztoc-hide\" style=\"display:none;\">Toggle<\/span><span class=\"ez-toc-icon-toggle-span\"><svg style=\"fill: #999;color:#999\" xmlns=\"http:\/\/www.w3.org\/2000\/svg\" class=\"list-377408\" width=\"20px\" height=\"20px\" viewBox=\"0 0 24 24\" fill=\"none\"><path d=\"M6 6H4v2h2V6zm14 0H8v2h12V6zM4 11h2v2H4v-2zm16 0H8v2h12v-2zM4 16h2v2H4v-2zm16 0H8v2h12v-2z\" fill=\"currentColor\"><\/path><\/svg><svg style=\"fill: #999;color:#999\" class=\"arrow-unsorted-368013\" xmlns=\"http:\/\/www.w3.org\/2000\/svg\" width=\"10px\" height=\"10px\" viewBox=\"0 0 24 24\" version=\"1.2\" baseProfile=\"tiny\"><path d=\"M18.2 9.3l-6.2-6.3-6.2 6.3c-.2.2-.3.4-.3.7s.1.5.3.7c.2.2.4.3.7.3h11c.3 0 .5-.1.7-.3.2-.2.3-.5.3-.7s-.1-.5-.3-.7zM5.8 14.7l6.2 6.3 6.2-6.3c.2-.2.3-.5.3-.7s-.1-.5-.3-.7c-.2-.2-.4-.3-.7-.3h-11c-.3 0-.5.1-.7.3-.2.2-.3.5-.3.7s.1.5.3.7z\"\/><\/svg><\/span><\/span><\/span><\/a><\/span><\/div>\n<nav><ul class='ez-toc-list ez-toc-list-level-1 ' ><li class='ez-toc-page-1 ez-toc-heading-level-2'><a class=\"ez-toc-link ez-toc-heading-1\" href=\"https:\/\/thingstodoinamsterdam.com\/fr\/musees-amsterdam\/musee-resistance-amsterdam\/#le-musee-de-la-resistance-a-amsterdam-%e2%80%93-horaires-douverture\" >Le mus\u00e9e de la R\u00e9sistance \u00e0 Amsterdam &#8211; Horaires d&#8217;ouverture<\/a><\/li><li class='ez-toc-page-1 ez-toc-heading-level-2'><a class=\"ez-toc-link ez-toc-heading-2\" href=\"https:\/\/thingstodoinamsterdam.com\/fr\/musees-amsterdam\/musee-resistance-amsterdam\/#le-musee-de-la-resistance-amsterdam-prix\" >Le mus\u00e9e de la r\u00e9sistance Amsterdam prix<\/a><\/li><li class='ez-toc-page-1 ez-toc-heading-level-2'><a class=\"ez-toc-link ez-toc-heading-3\" href=\"https:\/\/thingstodoinamsterdam.com\/fr\/musees-amsterdam\/musee-resistance-amsterdam\/#le-musee-de-la-resistance-a-amsterdam-adresse-et-informations-supplementaires\" >Le mus\u00e9e de la R\u00e9sistance \u00e0 Amsterdam, adresse et informations suppl\u00e9mentaires<\/a><\/li><\/ul><\/nav><\/div>\n\n<p>Nous savons tous que les Pays-Bas \u00e9taient occup\u00e9s par l&#8217;Allemagne Nazie du 14 mai 1940 au 5 mai 1945 et que presque tous les N\u00e9erlandais ont \u00e9t\u00e9 affect\u00e9s par les cons\u00e9quences de cette occupation.<\/p>\n<p>Connu localement sous le nom de \u00abDe Verzetsmuseum\u00bb, le Mus\u00e9e de la R\u00e9sistance \u00e0 Amsterdam met en lumi\u00e8re ceux qui ont r\u00e9sist\u00e9.<\/p>\n<p>&nbsp;<\/p>\n<p>La r\u00e9sistance durant cette p\u00e9riode a pris plusieurs formes. Falsification de documents, espionnage, venir en aide aux gens pour qu&#8217;ils se cachent (comme dans le cas d&#8217;<a href=\"https:\/\/thingstodoinamsterdam.com\/fr\/musees-amsterdam\/la-maison-danne-frank\/\">Anne Frank<\/a>), circulation de journaux clandestins pour tenir la population inform\u00e9e et m\u00eame de trouver des issues&#8230; Le mus\u00e9e de la r\u00e9sistance met en lumi\u00e8re ces activit\u00e9s de mani\u00e8re r\u00e9fl\u00e9chie et \u00e9mouvante, avec l&#8217;utilisation d&#8217;images, de films et d&#8217;artefacts.<\/p>\n<p>L&#8217;exposition emm\u00e8ne les visiteurs dans le pass\u00e9, au cours de la p\u00e9riode 1930 &#8211; 1950, en pr\u00e9sentant des objets authentiques, des photos, des documents et des films&#8230; vous serez ainsi plongl\u00e9s dans l&#8217;histoire de ces gens qui ont souffert, endur\u00e9 mais surtout qui ont r\u00e9sist\u00e9 !<\/p>\n<p><em>Remarques : les informations dans le mus\u00e9e sont en n\u00e9erlandais et en anglais, toutefois il y a la possibilit\u00e9 de prendre un guide audio dans les langues suivantes : n\u00e9erlandais, anglais, allemand, fran\u00e7ais et espagnol. De plus, le personnel sera ravi de vous partager des histoires et de vous donner des informations suppl\u00e9mentaires au sujet de la r\u00e9sistance.<\/em><\/p>\n<p><a href=\"https:\/\/thingstodoinamsterdam.com\/fr\/\">Visiter Amsterdam<\/a> sans \u00eatre pass\u00e9 par le mus\u00e9e de la R\u00e9sistance N\u00e9erlandaise est une visite incompl\u00e8te ! C&#8217;est une exp\u00e9rience \u00e9motionnelle \u00e0 ne surtout pas manquer.[\/vc_column_text][button title=&#8221;Achetez vos billets pour le mus\u00e9e de la R\u00e9sistance \u00e0 Amsterdam avec Tours-tickets.com&#8221; link=&#8221;https:\/\/tc.tradetracker.net\/?c=25043&#038;m=12&#038;a=282233&#038;r=resistanceFR&#038;u=\/fr\/amsterdam\/musees\/musee-de-la-resistance-neerlandaise\/&#8221; icon=&#8221;&#8221; button_align=&#8221;center&#8221; target=&#8221;true&#8221; nofollow=&#8221;true&#8221; el_id=&#8221;1565007446866-f699775a-2f2c&#8221;][vc_video link=&#8221;https:\/\/www.youtube.com\/watch?v=l_nakoWg3_0&#8243; title=&#8221;Mus\u00e9e R\u00e9sistance Amsterdam&#8221;][vc_column_text]<\/p>\n<h2><span class=\"ez-toc-section\" id=\"le-musee-de-la-resistance-a-amsterdam-%e2%80%93-horaires-douverture\"><\/span>Le mus\u00e9e de la R\u00e9sistance \u00e0 Amsterdam &#8211; Horaires d&#8217;ouverture<span class=\"ez-toc-section-end\"><\/span><\/h2>\n<p>Le mus\u00e9e de la R\u00e9sistance \u00e0 Amsterdam est ouvert tous les jours sauf le 1er janvier, le 27 avril (<a href=\"https:\/\/thingstodoinamsterdam.com\/fr\/blog\/fete-du-roi-amsterdam-2019\/\">King&#8217;s Day<\/a>) et le 25 d\u00e9cembre.<\/p>\n<table style=\"width: 100%;\">\n<tbody>\n<tr>\n<td>du lundi au vendredi<\/td>\n<td>\u00a010:00 &#8211; 17:00<\/td>\n<\/tr>\n<tr>\n<td>le samedi, dimanche et les jours f\u00e9ri\u00e9s<\/td>\n<td>\u00a011:00 &#8211; 17:00<\/td>\n<\/tr>\n<\/tbody>\n<\/table>\n<p>[\/vc_column_text][vc_column_text]<\/p>\n<h2><span class=\"ez-toc-section\" id=\"le-musee-de-la-resistance-amsterdam-prix\"><\/span>Le mus\u00e9e de la r\u00e9sistance Amsterdam prix<span class=\"ez-toc-section-end\"><\/span><\/h2>\n<p>Les billets sont disponibles en ligne (le billet est valide 6 mois apr\u00e8s l&#8217;achat) et ils sont accept\u00e9s sous format num\u00e9rique ou papier \u00e0 l&#8217;entr\u00e9e du mus\u00e9e.<\/p>\n<p><strong>Remarque :<\/strong>\u00a0l&#8217;entr\u00e9e est gratuite pour les enfants de moins de 6 ans et pour les visiteurs ayant la carte <a href=\"https:\/\/thingstodoinamsterdam.com\/fr\/informations-pratiques\/la-carte-i-amsterdam-city-card\/\">I amsterdam City Card<\/a>.<\/p>\n<p>Si vous souhaitez visiter le mus\u00e9e en groupe (plus de 10 personnes) adulte ou scolaire, veuillez contacter le 00 31 20 6202535 \/\u00a0<a class=\"a-email-3090414620\" href=\"mailto:groepsbezoek@verzetsmuseum.org\">groepsbezoek@verzetsmuseum.org<\/a>.<\/p>\n<table style=\"width: 100%;\">\n<tbody>\n<tr>\n<td>Adultes<\/td>\n<td>13\u20ac<\/td>\n<\/tr>\n<\/tbody>\n<tbody>\n<tr>\n<td>Enfants de 0 \u00e0 6 ans<\/td>\n<td>Gratuit<\/td>\n<\/tr>\n<\/tbody>\n<tbody>\n<tr>\n<td>Enfants de 7 \u00e0 16 ans<\/td>\n<td>7\u20ac<\/td>\n<\/tr>\n<\/tbody>\n<tbody>\n<tr>\n<td>CJP\/ISIC (carte \u00e9tudiante internationale)<\/td>\n<td>7\u20ac<\/td>\n<\/tr>\n<\/tbody>\n<tbody>\n<tr>\n<td>Ticket Famille (1 &#8211; 2 adulte(s), 1 &#8211; 3 enfant(s) de moins de 17 ans)<\/td>\n<td>30\u20ac<\/td>\n<\/tr>\n<\/tbody>\n<\/table>\n<p>[\/vc_column_text][button title=&#8221;Achetez vos billets pour le mus\u00e9e de la R\u00e9sistance \u00e0 Amsterdam avec Tours-tickets.com&#8221; link=&#8221;https:\/\/tc.tradetracker.net\/?c=25043&#038;m=12&#038;a=282233&#038;r=resistanceFR&#038;u=\/fr\/amsterdam\/musees\/musee-de-la-resistance-neerlandaise\/&#8221; icon=&#8221;&#8221; button_align=&#8221;center&#8221; target=&#8221;true&#8221; nofollow=&#8221;true&#8221; el_id=&#8221;1577182976688-b0719eca-d111&#8243;][vc_column_text]<\/p>\n<h2><span class=\"ez-toc-section\" id=\"le-musee-de-la-resistance-a-amsterdam-adresse-et-informations-supplementaires\"><\/span>Le mus\u00e9e de la R\u00e9sistance \u00e0 Amsterdam, adresse et informations suppl\u00e9mentaires<span class=\"ez-toc-section-end\"><\/span><\/h2>\n<div><strong>Adresse<\/strong><\/div>\n<div><\/div>\n<div>Dutch Resistance Museum<\/div>\n<div>Plantage Kerklaan 61<\/div>\n<div>1018 CX Amsterdam<\/div>\n<div>Pays-Bas<\/div>\n<div><\/div>\n<div>T\u00e9l\u00e9phone : +31 (0)20 620 25 35<\/div>\n<div>fax: +31 (0)20 620 29 60<\/div>\n<div><\/div>\n<div><a class=\"a-email-2620425090\" href=\"mailto:info@verzetsmuseum.org\">info@verzetsmuseum.org<\/a><\/div>\n<p>[\/vc_column_text][g_map heading=&#8221;Dutch Resistance Museum&#8221; el_id=&#8221;1565007783135-bf6d6a14-f201&#8243;]<iframe style=\"border: 0;\" src=\"https:\/\/www.google.com\/maps\/embed?pb=!1m18!1m12!1m3!1d2436.1439390833825!2d4.910572215801805!3d52.36780997978563!2m3!1f0!2f0!3f0!3m2!1i1024!2i768!4f13.1!3m3!1m2!1s0x47c609821f1c38bb%3A0xd1eda9d98ceeff3!2sVerzetsmuseum!5e0!3m2!1sen!2snl!4v1508510198569\" width=\"600\" height=\"450\" frameborder=\"0\" allowfullscreen=\"allowfullscreen\"><\/iframe>[\/g_map][vc_column_text]<strong>Se rendre au mus\u00e9e de la R\u00e9sistance \u00e0\u00a0Amsterdam avec les transports publics<\/strong><\/p>\n<p>Le mus\u00e9e de la R\u00e9sistance Amsterdam est situ\u00e9 dans le quartier Plantage, pr\u00e8s du Jewish Historical Museum, du <a href=\"https:\/\/thingstodoinamsterdam.com\/fr\/musees-amsterdam\/musee-maritime-amsterdam\/\">mus\u00e9e Maritime<\/a>, du <a href=\"https:\/\/thingstodoinamsterdam.com\/fr\/musees-amsterdam\/musee-nemo-amsterdam\/\">mus\u00e9e NEMO<\/a>&#8230;<\/p>\n<p><strong>Tr<\/strong><strong>am<\/strong><br \/>\n\u00c0 partir d&#8217;Amsterdam Centraal Station, prenez le tram 9 ou 14. Arr\u00eatez-vous \u00e0 \u00a0\u2018Plantage Kerklaan\u2019, \u2018Plantage Middenlaan\/Kerklaan\u2019 ou \u00e0 \u2018Artis Zoo\u2019.<\/p>\n<p><strong>M\u00e9tro<\/strong><br \/>\nPrenez le m\u00e9tro 51, 53 ou 54.<\/p>\n<p>Le mus\u00e9e de la R\u00e9sistance Amsterdam est \u00e0 seulement 30 minutes \u00e0 pied de <a href=\"https:\/\/thingstodoinamsterdam.com\/fr\/musees-amsterdam\/la-maison-danne-frank\/\">la Maison d&#8217;Anne Frank<\/a>.<\/p>\n<p>Vous pouvez \u00e9galement profiter d&#8217;un arr\u00eat avec le Hop On &#8211; Hop Off lors d&#8217;une croisi\u00e8re en bateau ou d&#8217;un Bus Tour.<\/p>\n<p><strong>Remarque :<\/strong>\u00a0l&#8217;arr\u00eat 4 du bus Hop On &#8211; Hop Off est tr\u00e8s proche du mus\u00e9e, vous pouvez facilement vous y rendre \u00e0 pied.<\/p>\n<p>Pour vous renseigner sur les temps de trajet actuels, vous pouvez utiliser le widget ci-dessous en fonction de votre position actuelle. Cette application vous aidera lorsque vous ne savez pas quel bus ou tram vous pouvez emprunter depuis votre position.<\/p>\n<p><a href=\"https:\/\/9292.nl\/en?to=amsterdam_rembrandt-square\"><img decoding=\"async\" class=\"alignnone size-medium wp-image-3080\" src=\"https:\/\/thingstodoinamsterdam.com\/wp-content\/uploads\/2019\/07\/Button-Plan-mijn-OV-reis-EN-300x54.png\" alt=\"ov button Ice bar\" width=\"300\" height=\"54\" \/><\/a>[\/vc_column_text][\/vc_column][\/vc_row][vc_row][vc_column][reviews heading=&#8221;Avis sur le mus\u00e9e de la R\u00e9sistance \u00e0 Amsterdam&#8221; description=&#8221;Nous sommes toujours int\u00e9ress\u00e9s en ce qui concerne les exp\u00e9riences de nos visiteurs. Dites-nous ce que vous en avez pens\u00e9 et aidez les autres voyageurs !&#8221; item_image=&#8221;1575&#8243; item_tel=&#8221;003120-620 2535&#8243; item_web=&#8221;https:\/\/www.verzetsmuseum.org\/&#8221; item_address=&#8221;Plantage Kerklaan 61A&#8221; item_city=&#8221;Amsterdam&#8221; item_postal_code=&#8221;1018 CX&#8221; item_country=&#8221;NL&#8221; el_id=&#8221;1565007866136-515c006b-034b&#8221;][\/reviews][vc_column_text]<\/p>\n<div class=\"row row\">\n<div class=\"wpb_column vc_column_container col-md-12\">\n<div class=\"vc_column-inner\">\n<div class=\"wpb_wrapper\">\n<div class=\"wpb_text_column wpb_content_element \">\n<div class=\"wpb_wrapper\">\n<p><strong>Jetez un oeil \u00e0 l\u2019un des mus\u00e9es ci-dessous ou revenez \u00e0 la page g\u00e9n\u00e9rale concernant <a href=\"https:\/\/thingstodoinamsterdam.com\/fr\/musees-amsterdam\/\">les mus\u00e9es d\u2019Amsterdam<\/a>.<\/strong><\/div>\n<\/div>\n<\/div>\n<\/div>\n<\/div>\n<\/div>\n<p>[\/vc_column_text][\/vc_column][\/vc_row][vc_row][vc_column][promo_block style_var=&#8221;style2&#8243; el_id=&#8221;1565007939415-7a6555a5-c154&#8243;][promo link=&#8221;url:https%3A%2F%2Fthingstodoinamsterdam.com%2Ffr%2Fmusees-amsterdam%2Fle-rijksmuseum%2F|title:Rijksmuseum||&#8221; text=&#8221;D\u00e9couvrez le c\u00e9l\u00e8bre Rembrandt\u2019s nightwatch et beaucoup d&#8217;autres oeuvres d&#8217;artistes n\u00e9erlandais.&#8221; img=&#8221;1089&#8243;][promo link=&#8221;url:https%3A%2F%2Fthingstodoinamsterdam.com%2Ffr%2Fmusees-amsterdam%2Famsterdam-dungeon%2F|title:Amsterdam%20Dungeon||&#8221; text=&#8221;Du th\u00e9\u00e2tre pour d\u00e9couvrir l&#8217;histoire d&#8217;Amsterdam, sympa !&#8221; img=&#8221;2065&#8243;][promo link=&#8221;url:https%3A%2F%2Fthingstodoinamsterdam.com%2Ffr%2Fmusees-amsterdam%2Fmadame-tussauds-amsterdam%2F|title:Madame%20Tussauds||&#8221; text=&#8221;Prenez un selfie avec la Dutch Royal family !&#8221; img=&#8221;632&#8243;][\/promo_block][\/vc_column][\/vc_row]<\/p>\n<\/div>","protected":false},"excerpt":{"rendered":"<p>[vc_row][vc_column][vc_column_text]Amsterdam est la ville id\u00e9ale pour se cultiver sur des sujets tr\u00e8s vari\u00e9s. Ici, il s&#8217;agit de parler de la Seconde Guerre Mondiale et plus\u2026<\/p>\n","protected":false},"author":20,"featured_media":2127,"parent":417,"menu_order":0,"comment_status":"closed","ping_status":"closed","template":"","meta":{"footnotes":""},"class_list":["post-4776","page","type-page","status-publish","has-post-thumbnail","hentry"],"yoast_head":"<!-- This site is optimized with the Yoast SEO plugin v27.3 - https:\/\/yoast.com\/product\/yoast-seo-wordpress\/ -->\n<title>Le mus\u00e9e de la r\u00e9sistance Amsterdam - billets, prix et r\u00e9ductions<\/title>\n<meta name=\"description\" content=\"Venez en apprendre plus sur l&#039;histoire de la r\u00e9sistance n\u00e9erlandaise au cours de la Seconde Guerre Mondiale. Profitez de r\u00e9ductions sur vos billets ici !\" \/>\n<meta name=\"robots\" content=\"index, follow, max-snippet:-1, max-image-preview:large, max-video-preview:-1\" \/>\n<link rel=\"canonical\" href=\"https:\/\/thingstodoinamsterdam.com\/fr\/musees-amsterdam\/musee-resistance-amsterdam\/\" \/>\n<meta property=\"og:locale\" content=\"fr_FR\" \/>\n<meta property=\"og:type\" content=\"article\" \/>\n<meta property=\"og:title\" content=\"Le mus\u00e9e de la r\u00e9sistance Amsterdam - billets, prix et r\u00e9ductions\" \/>\n<meta property=\"og:description\" content=\"Venez en apprendre plus sur l&#039;histoire de la r\u00e9sistance n\u00e9erlandaise au cours de la Seconde Guerre Mondiale. Profitez de r\u00e9ductions sur vos billets ici !\" \/>\n<meta property=\"og:url\" content=\"https:\/\/thingstodoinamsterdam.com\/fr\/musees-amsterdam\/musee-resistance-amsterdam\/\" \/>\n<meta property=\"og:site_name\" content=\"ThingstodoinAmsterdam.com\" \/>\n<meta property=\"article:publisher\" content=\"https:\/\/www.facebook.com\/thingstodoinamsterdamcom\" \/>\n<meta property=\"article:modified_time\" content=\"2025-08-29T14:37:08+00:00\" \/>\n<meta property=\"og:image\" content=\"https:\/\/thingstodoinamsterdam.com\/wp-content\/uploads\/2019\/08\/dutch-resistance-museum.jpg\" \/>\n\t<meta property=\"og:image:width\" content=\"370\" \/>\n\t<meta property=\"og:image:height\" content=\"288\" \/>\n\t<meta property=\"og:image:type\" content=\"image\/jpeg\" \/>\n<meta name=\"twitter:card\" content=\"summary_large_image\" \/>\n<meta name=\"twitter:label1\" content=\"Est. reading time\" \/>\n\t<meta name=\"twitter:data1\" content=\"5 minutes\" \/>\n<script type=\"application\/ld+json\" class=\"yoast-schema-graph\">{\"@context\":\"https:\\\/\\\/schema.org\",\"@graph\":[{\"@type\":\"WebPage\",\"@id\":\"https:\\\/\\\/thingstodoinamsterdam.com\\\/fr\\\/musees-amsterdam\\\/musee-resistance-amsterdam\\\/\",\"url\":\"https:\\\/\\\/thingstodoinamsterdam.com\\\/fr\\\/musees-amsterdam\\\/musee-resistance-amsterdam\\\/\",\"name\":\"Le mus\u00e9e de la r\u00e9sistance Amsterdam - billets, prix et r\u00e9ductions\",\"isPartOf\":{\"@id\":\"https:\\\/\\\/thingstodoinamsterdam.com\\\/fr\\\/#website\"},\"primaryImageOfPage\":{\"@id\":\"https:\\\/\\\/thingstodoinamsterdam.com\\\/fr\\\/musees-amsterdam\\\/musee-resistance-amsterdam\\\/#primaryimage\"},\"image\":{\"@id\":\"https:\\\/\\\/thingstodoinamsterdam.com\\\/fr\\\/musees-amsterdam\\\/musee-resistance-amsterdam\\\/#primaryimage\"},\"thumbnailUrl\":\"https:\\\/\\\/thingstodoinamsterdam.com\\\/wp-content\\\/uploads\\\/2019\\\/08\\\/dutch-resistance-museum.jpg\",\"datePublished\":\"2019-12-24T09:04:22+00:00\",\"dateModified\":\"2025-08-29T14:37:08+00:00\",\"description\":\"Venez en apprendre plus sur l'histoire de la r\u00e9sistance n\u00e9erlandaise au cours de la Seconde Guerre Mondiale. Profitez de r\u00e9ductions sur vos billets ici !\",\"breadcrumb\":{\"@id\":\"https:\\\/\\\/thingstodoinamsterdam.com\\\/fr\\\/musees-amsterdam\\\/musee-resistance-amsterdam\\\/#breadcrumb\"},\"inLanguage\":\"fr\",\"potentialAction\":[{\"@type\":\"ReadAction\",\"target\":[\"https:\\\/\\\/thingstodoinamsterdam.com\\\/fr\\\/musees-amsterdam\\\/musee-resistance-amsterdam\\\/\"]}]},{\"@type\":\"ImageObject\",\"inLanguage\":\"fr\",\"@id\":\"https:\\\/\\\/thingstodoinamsterdam.com\\\/fr\\\/musees-amsterdam\\\/musee-resistance-amsterdam\\\/#primaryimage\",\"url\":\"https:\\\/\\\/thingstodoinamsterdam.com\\\/wp-content\\\/uploads\\\/2019\\\/08\\\/dutch-resistance-museum.jpg\",\"contentUrl\":\"https:\\\/\\\/thingstodoinamsterdam.com\\\/wp-content\\\/uploads\\\/2019\\\/08\\\/dutch-resistance-museum.jpg\",\"width\":370,\"height\":288,\"caption\":\"mus\u00e9e de la r\u00e9sistance\"},{\"@type\":\"BreadcrumbList\",\"@id\":\"https:\\\/\\\/thingstodoinamsterdam.com\\\/fr\\\/musees-amsterdam\\\/musee-resistance-amsterdam\\\/#breadcrumb\",\"itemListElement\":[{\"@type\":\"ListItem\",\"position\":1,\"name\":\"Visiter Amsterdam\",\"item\":\"https:\\\/\\\/thingstodoinamsterdam.com\\\/fr\\\/\"},{\"@type\":\"ListItem\",\"position\":2,\"name\":\"Mus\u00e9es \u00e0 Amsterdam\",\"item\":\"https:\\\/\\\/thingstodoinamsterdam.com\\\/fr\\\/musees-amsterdam\\\/\"},{\"@type\":\"ListItem\",\"position\":3,\"name\":\"Le mus\u00e9e de la r\u00e9sistance Amsterdam\"}]},{\"@type\":\"WebSite\",\"@id\":\"https:\\\/\\\/thingstodoinamsterdam.com\\\/fr\\\/#website\",\"url\":\"https:\\\/\\\/thingstodoinamsterdam.com\\\/fr\\\/\",\"name\":\"ThingstodoinAmsterdam.com\",\"description\":\"Amsterdam&#039;s highlights and hidden secrets\",\"publisher\":{\"@id\":\"https:\\\/\\\/thingstodoinamsterdam.com\\\/fr\\\/#organization\"},\"potentialAction\":[{\"@type\":\"SearchAction\",\"target\":{\"@type\":\"EntryPoint\",\"urlTemplate\":\"https:\\\/\\\/thingstodoinamsterdam.com\\\/fr\\\/?s={search_term_string}\"},\"query-input\":{\"@type\":\"PropertyValueSpecification\",\"valueRequired\":true,\"valueName\":\"search_term_string\"}}],\"inLanguage\":\"fr\"},{\"@type\":\"Organization\",\"@id\":\"https:\\\/\\\/thingstodoinamsterdam.com\\\/fr\\\/#organization\",\"name\":\"Visiter Amsterdam\",\"url\":\"https:\\\/\\\/thingstodoinamsterdam.com\\\/fr\\\/\",\"logo\":{\"@type\":\"ImageObject\",\"inLanguage\":\"fr\",\"@id\":\"https:\\\/\\\/thingstodoinamsterdam.com\\\/fr\\\/#\\\/schema\\\/logo\\\/image\\\/\",\"url\":\"https:\\\/\\\/thingstodoinamsterdam.com\\\/wp-content\\\/uploads\\\/2025\\\/02\\\/ThingsToDoInAmsterdam-Favicon-logo.png\",\"contentUrl\":\"https:\\\/\\\/thingstodoinamsterdam.com\\\/wp-content\\\/uploads\\\/2025\\\/02\\\/ThingsToDoInAmsterdam-Favicon-logo.png\",\"width\":512,\"height\":512,\"caption\":\"Visiter Amsterdam\"},\"image\":{\"@id\":\"https:\\\/\\\/thingstodoinamsterdam.com\\\/fr\\\/#\\\/schema\\\/logo\\\/image\\\/\"},\"sameAs\":[\"https:\\\/\\\/www.facebook.com\\\/thingstodoinamsterdamcom\"]}]}<\/script>\n<!-- \/ Yoast SEO plugin. -->","yoast_head_json":{"title":"Le mus\u00e9e de la r\u00e9sistance Amsterdam - billets, prix et r\u00e9ductions","description":"Venez en apprendre plus sur l'histoire de la r\u00e9sistance n\u00e9erlandaise au cours de la Seconde Guerre Mondiale. Profitez de r\u00e9ductions sur vos billets ici !","robots":{"index":"index","follow":"follow","max-snippet":"max-snippet:-1","max-image-preview":"max-image-preview:large","max-video-preview":"max-video-preview:-1"},"canonical":"https:\/\/thingstodoinamsterdam.com\/fr\/musees-amsterdam\/musee-resistance-amsterdam\/","og_locale":"fr_FR","og_type":"article","og_title":"Le mus\u00e9e de la r\u00e9sistance Amsterdam - billets, prix et r\u00e9ductions","og_description":"Venez en apprendre plus sur l'histoire de la r\u00e9sistance n\u00e9erlandaise au cours de la Seconde Guerre Mondiale. Profitez de r\u00e9ductions sur vos billets ici !","og_url":"https:\/\/thingstodoinamsterdam.com\/fr\/musees-amsterdam\/musee-resistance-amsterdam\/","og_site_name":"ThingstodoinAmsterdam.com","article_publisher":"https:\/\/www.facebook.com\/thingstodoinamsterdamcom","article_modified_time":"2025-08-29T14:37:08+00:00","og_image":[{"width":370,"height":288,"url":"https:\/\/thingstodoinamsterdam.com\/wp-content\/uploads\/2019\/08\/dutch-resistance-museum.jpg","type":"image\/jpeg"}],"twitter_card":"summary_large_image","twitter_misc":{"Est. reading time":"5 minutes"},"schema":{"@context":"https:\/\/schema.org","@graph":[{"@type":"WebPage","@id":"https:\/\/thingstodoinamsterdam.com\/fr\/musees-amsterdam\/musee-resistance-amsterdam\/","url":"https:\/\/thingstodoinamsterdam.com\/fr\/musees-amsterdam\/musee-resistance-amsterdam\/","name":"Le mus\u00e9e de la r\u00e9sistance Amsterdam - billets, prix et r\u00e9ductions","isPartOf":{"@id":"https:\/\/thingstodoinamsterdam.com\/fr\/#website"},"primaryImageOfPage":{"@id":"https:\/\/thingstodoinamsterdam.com\/fr\/musees-amsterdam\/musee-resistance-amsterdam\/#primaryimage"},"image":{"@id":"https:\/\/thingstodoinamsterdam.com\/fr\/musees-amsterdam\/musee-resistance-amsterdam\/#primaryimage"},"thumbnailUrl":"https:\/\/thingstodoinamsterdam.com\/wp-content\/uploads\/2019\/08\/dutch-resistance-museum.jpg","datePublished":"2019-12-24T09:04:22+00:00","dateModified":"2025-08-29T14:37:08+00:00","description":"Venez en apprendre plus sur l'histoire de la r\u00e9sistance n\u00e9erlandaise au cours de la Seconde Guerre Mondiale. Profitez de r\u00e9ductions sur vos billets ici !","breadcrumb":{"@id":"https:\/\/thingstodoinamsterdam.com\/fr\/musees-amsterdam\/musee-resistance-amsterdam\/#breadcrumb"},"inLanguage":"fr","potentialAction":[{"@type":"ReadAction","target":["https:\/\/thingstodoinamsterdam.com\/fr\/musees-amsterdam\/musee-resistance-amsterdam\/"]}]},{"@type":"ImageObject","inLanguage":"fr","@id":"https:\/\/thingstodoinamsterdam.com\/fr\/musees-amsterdam\/musee-resistance-amsterdam\/#primaryimage","url":"https:\/\/thingstodoinamsterdam.com\/wp-content\/uploads\/2019\/08\/dutch-resistance-museum.jpg","contentUrl":"https:\/\/thingstodoinamsterdam.com\/wp-content\/uploads\/2019\/08\/dutch-resistance-museum.jpg","width":370,"height":288,"caption":"mus\u00e9e de la r\u00e9sistance"},{"@type":"BreadcrumbList","@id":"https:\/\/thingstodoinamsterdam.com\/fr\/musees-amsterdam\/musee-resistance-amsterdam\/#breadcrumb","itemListElement":[{"@type":"ListItem","position":1,"name":"Visiter Amsterdam","item":"https:\/\/thingstodoinamsterdam.com\/fr\/"},{"@type":"ListItem","position":2,"name":"Mus\u00e9es \u00e0 Amsterdam","item":"https:\/\/thingstodoinamsterdam.com\/fr\/musees-amsterdam\/"},{"@type":"ListItem","position":3,"name":"Le mus\u00e9e de la r\u00e9sistance Amsterdam"}]},{"@type":"WebSite","@id":"https:\/\/thingstodoinamsterdam.com\/fr\/#website","url":"https:\/\/thingstodoinamsterdam.com\/fr\/","name":"ThingstodoinAmsterdam.com","description":"Amsterdam&#039;s highlights and hidden secrets","publisher":{"@id":"https:\/\/thingstodoinamsterdam.com\/fr\/#organization"},"potentialAction":[{"@type":"SearchAction","target":{"@type":"EntryPoint","urlTemplate":"https:\/\/thingstodoinamsterdam.com\/fr\/?s={search_term_string}"},"query-input":{"@type":"PropertyValueSpecification","valueRequired":true,"valueName":"search_term_string"}}],"inLanguage":"fr"},{"@type":"Organization","@id":"https:\/\/thingstodoinamsterdam.com\/fr\/#organization","name":"Visiter Amsterdam","url":"https:\/\/thingstodoinamsterdam.com\/fr\/","logo":{"@type":"ImageObject","inLanguage":"fr","@id":"https:\/\/thingstodoinamsterdam.com\/fr\/#\/schema\/logo\/image\/","url":"https:\/\/thingstodoinamsterdam.com\/wp-content\/uploads\/2025\/02\/ThingsToDoInAmsterdam-Favicon-logo.png","contentUrl":"https:\/\/thingstodoinamsterdam.com\/wp-content\/uploads\/2025\/02\/ThingsToDoInAmsterdam-Favicon-logo.png","width":512,"height":512,"caption":"Visiter Amsterdam"},"image":{"@id":"https:\/\/thingstodoinamsterdam.com\/fr\/#\/schema\/logo\/image\/"},"sameAs":["https:\/\/www.facebook.com\/thingstodoinamsterdamcom"]}]}},"_links":{"self":[{"href":"https:\/\/thingstodoinamsterdam.com\/fr\/wp-json\/wp\/v2\/pages\/4776","targetHints":{"allow":["GET"]}}],"collection":[{"href":"https:\/\/thingstodoinamsterdam.com\/fr\/wp-json\/wp\/v2\/pages"}],"about":[{"href":"https:\/\/thingstodoinamsterdam.com\/fr\/wp-json\/wp\/v2\/types\/page"}],"author":[{"embeddable":true,"href":"https:\/\/thingstodoinamsterdam.com\/fr\/wp-json\/wp\/v2\/users\/20"}],"replies":[{"embeddable":true,"href":"https:\/\/thingstodoinamsterdam.com\/fr\/wp-json\/wp\/v2\/comments?post=4776"}],"version-history":[{"count":6,"href":"https:\/\/thingstodoinamsterdam.com\/fr\/wp-json\/wp\/v2\/pages\/4776\/revisions"}],"predecessor-version":[{"id":2028894,"href":"https:\/\/thingstodoinamsterdam.com\/fr\/wp-json\/wp\/v2\/pages\/4776\/revisions\/2028894"}],"up":[{"embeddable":true,"href":"https:\/\/thingstodoinamsterdam.com\/fr\/wp-json\/wp\/v2\/pages\/417"}],"wp:featuredmedia":[{"embeddable":true,"href":"https:\/\/thingstodoinamsterdam.com\/fr\/wp-json\/wp\/v2\/media\/2127"}],"wp:attachment":[{"href":"https:\/\/thingstodoinamsterdam.com\/fr\/wp-json\/wp\/v2\/media?parent=4776"}],"curies":[{"name":"wp","href":"https:\/\/api.w.org\/{rel}","templated":true}]}}