{"id":4807,"date":"2020-01-03T09:27:28","date_gmt":"2020-01-03T08:27:28","guid":{"rendered":"https:\/\/thingstodoinamsterdam.com\/?page_id=4807"},"modified":"2025-09-03T23:50:38","modified_gmt":"2025-09-03T21:50:38","slug":"getyourguide-amsterdam","status":"publish","type":"page","link":"https:\/\/thingstodoinamsterdam.com\/fr\/a-propos\/getyourguide-amsterdam\/","title":{"rendered":"Get Your Guide Amsterdam"},"content":{"rendered":"<div class=\"wpb-content-wrapper\"><p>[vc_row][vc_column][vc_column_text]<\/p><div id=\"ez-toc-container\" class=\"ez-toc-v2_0_82_2 counter-hierarchy ez-toc-counter ez-toc-custom ez-toc-container-direction\">\n<div class=\"ez-toc-title-container\">\n<span class=\"ez-toc-title-toggle\"><a href=\"#\" class=\"ez-toc-pull-right ez-toc-btn ez-toc-btn-xs ez-toc-btn-default ez-toc-toggle\" aria-label=\"Toggle Table of Content\"><span class=\"ez-toc-js-icon-con\"><span class=\"\"><span class=\"eztoc-hide\" style=\"display:none;\">Toggle<\/span><span class=\"ez-toc-icon-toggle-span\"><svg style=\"fill: #999;color:#999\" xmlns=\"http:\/\/www.w3.org\/2000\/svg\" class=\"list-377408\" width=\"20px\" height=\"20px\" viewBox=\"0 0 24 24\" fill=\"none\"><path d=\"M6 6H4v2h2V6zm14 0H8v2h12V6zM4 11h2v2H4v-2zm16 0H8v2h12v-2zM4 16h2v2H4v-2zm16 0H8v2h12v-2z\" fill=\"currentColor\"><\/path><\/svg><svg style=\"fill: #999;color:#999\" class=\"arrow-unsorted-368013\" xmlns=\"http:\/\/www.w3.org\/2000\/svg\" width=\"10px\" height=\"10px\" viewBox=\"0 0 24 24\" version=\"1.2\" baseProfile=\"tiny\"><path d=\"M18.2 9.3l-6.2-6.3-6.2 6.3c-.2.2-.3.4-.3.7s.1.5.3.7c.2.2.4.3.7.3h11c.3 0 .5-.1.7-.3.2-.2.3-.5.3-.7s-.1-.5-.3-.7zM5.8 14.7l6.2 6.3 6.2-6.3c.2-.2.3-.5.3-.7s-.1-.5-.3-.7c-.2-.2-.4-.3-.7-.3h-11c-.3 0-.5.1-.7.3-.2.2-.3.5-.3.7s.1.5.3.7z\"\/><\/svg><\/span><\/span><\/span><\/a><\/span><\/div>\n<nav><ul class='ez-toc-list ez-toc-list-level-1 ' ><li class='ez-toc-page-1 ez-toc-heading-level-2'><a class=\"ez-toc-link ez-toc-heading-1\" href=\"https:\/\/thingstodoinamsterdam.com\/fr\/a-propos\/getyourguide-amsterdam\/#getyourguide-comment-ca-fonctionne-rien-de-plus-simple\" >GetYourGuide, comment \u00e7a fonctionne ?\u00a0Rien de plus simple.\u00a0<\/a><\/li><li class='ez-toc-page-1 ez-toc-heading-level-2'><a class=\"ez-toc-link ez-toc-heading-2\" href=\"https:\/\/thingstodoinamsterdam.com\/fr\/a-propos\/getyourguide-amsterdam\/#getyourguide-reductions-et-codes-promo\" >GetYourGuide, r\u00e9ductions et codes promo\u00a0<\/a><\/li><li class='ez-toc-page-1 ez-toc-heading-level-2'><a class=\"ez-toc-link ez-toc-heading-3\" href=\"https:\/\/thingstodoinamsterdam.com\/fr\/a-propos\/getyourguide-amsterdam\/#getyourguide-carte-cadeau\" >GetYourGuide, carte cadeau<\/a><\/li><li class='ez-toc-page-1 ez-toc-heading-level-2'><a class=\"ez-toc-link ez-toc-heading-4\" href=\"https:\/\/thingstodoinamsterdam.com\/fr\/a-propos\/getyourguide-amsterdam\/#top-10-des-meilleures-choses-a-faire-a-amsterdam-avec-getyourguide\" >Top 10 des meilleures choses \u00e0 faire \u00e0 Amsterdam avec GetYourGuide.<\/a><\/li><li class='ez-toc-page-1 ez-toc-heading-level-2'><a class=\"ez-toc-link ez-toc-heading-5\" href=\"https:\/\/thingstodoinamsterdam.com\/fr\/a-propos\/getyourguide-amsterdam\/#getyourguide-faq\" >GetYourGuide FAQ<\/a><\/li><\/ul><\/nav><\/div>\n\n<p style=\"text-align: center;\"><strong>GetYourGuide, une nouvelle mani\u00e8re de voyager.<\/strong><\/p>\n<p>Voyagez simplement et contentez-vous du meilleur avec Get Your Guide.\u00a0Leur engagement : cr\u00e9er des exp\u00e9riences inoubliables et extraordinaires, sans stress ni perte de temps.\u00a0Choisir Get Your Guide c\u2019est s\u2019assurer de vivre un r\u00eave \u00e9veill\u00e9, des millions de personnes leur ont fait confiance et ce n\u2019est que le d\u00e9but ![\/vc_column_text][button title=&#8221;Cliquez ici pour r\u00e9server des attractions incontournables \u00e0 Amsterdam avec GetYourGuide&#8221; link=&#8221;https:\/\/thingstodoinamsterdam.com\/ticketlinkfr-amsterdam-gyg&#8221; button_align=&#8221;center&#8221; target=&#8221;true&#8221; nofollow=&#8221;true&#8221; el_id=&#8221;1570001601134-cc7cc402-9184&#8243;][vc_column_text]<a href=\"https:\/\/thingstodoinamsterdam.com\/ticketlinkfr-amsterdam-gyg\">GetYourGuide.com<\/a> veut rendre votre voyage ordinaire en une exp\u00e9rience extraordinaire. En tant que guide personnel il vous aidera \u00e0 trouver les meilleures choses \u00e0 faire \u00e0 Amsterdam et dans de nombreuses villes du monde entier ! Quelque soit votre destination, il sera forc\u00e9ment votre compagnon indispensable.<\/p>\n<p>&nbsp;<\/p>\n<h2 style=\"text-align: left;\"><span class=\"ez-toc-section\" id=\"getyourguide-comment-ca-fonctionne-rien-de-plus-simple\"><\/span>GetYourGuide, comment \u00e7a fonctionne ?\u00a0Rien de plus simple.<span class=\"Apple-converted-space\">\u00a0<\/span><span class=\"ez-toc-section-end\"><\/span><\/h2>\n<p><b>Voyagez sans stresser<span class=\"Apple-converted-space\">\u00a0<\/span><\/b><\/p>\n<p>Cherchez votre destination, choisissez vos activit\u00e9s et r\u00e9servez. Ils s\u2019occupent du reste, maintenant, d\u00e9tendez-vous, ils vous dirons o\u00f9 et quand.<\/p>\n<p><b>Voyagez seul ou accompagn\u00e9<\/b><\/p>\n<p>Sur <a href=\"https:\/\/thingstodoinamsterdam.com\/ticketlinkfr-amsterdam-gyg\">GetYourGuide.com<\/a> vous trouverez des activit\u00e9s pour tous les go\u00fbts, tous les \u00e2ges.<\/p>\n<p><b>Voyagez sans se presser<\/b><\/p>\n<p>Avec eux, \u00e9vitez de passer vos journ\u00e9es dans les files d\u2019attente des mus\u00e9es et attractions incontournables.<\/p>\n<p><b>Voyagez et d\u00e9couvrez<span class=\"Apple-converted-space\">\u00a0<\/span><\/b><\/p>\n<p>Des recommandations personnalis\u00e9es avant et pendant votre s\u00e9jour, rien que pour vous afin de d\u00e9couvrir absolument tout lors de votre voyage.<\/p>\n<div data-gyg-href=\"https:\/\/widget.getyourguide.com\/default\/activites.frame\" data-gyg-iata=\"AMS\" data-gyg-locale-code=\"en-US\" data-gyg-widget=\"activities\" data-gyg-number-of-items=\"3\" data-gyg-currency=\"EUR\" data-gyg-partner-id=\"GWBPMNM\"><\/div>\n<p><script async=\"\" defer=\"\" src=\"https:\/\/widget.getyourguide.com\/v2\/widget.js\"><\/script><\/p>\n<p>Cr\u00e9er des moments inoubliables, c\u2019est \u00e7a le GetYourGuide Amsterdam ! Parce que chaque moment compte.<\/p>\n<h2><span class=\"ez-toc-section\" id=\"getyourguide-reductions-et-codes-promo\"><\/span>GetYourGuide, r\u00e9ductions et codes promo<span class=\"Apple-converted-space\">\u00a0<\/span><span class=\"ez-toc-section-end\"><\/span><\/h2>\n<p>Parfois, GetYourGuide offre des r\u00e9ductions ou des codes promo lors d&#8217;\u00e9v\u00e9nements sp\u00e9ciaux. Si c\u2019est le cas, nous sommes les premiers \u00e0 vous le faire savoir.<br \/>\nConsultez la suite pour voir si des coupons ou des codes de r\u00e9duction sont disponibles.<\/p>\n<p>Pas de code pour le moment ? Dommage, mais restez \u00e0 l\u2019\u00e9coute !<\/p>\n<h2><span class=\"ez-toc-section\" id=\"getyourguide-carte-cadeau\"><\/span>GetYourGuide, carte cadeau<span class=\"ez-toc-section-end\"><\/span><\/h2>\n<p>Vous souhaitez r\u00e9aliser le r\u00eave d\u2019un proche ou d\u2019un ami ? Optez pour ce cadeau unique, une carte cadeau GetYourGuide !<span class=\"Apple-converted-space\">\u00a0<\/span><\/p>\n<p>Vous pouvez l\u2019offrir sous forme num\u00e9rique ou physique (carte) et l\u2019heureux receveur pourra choisir entre plus de 35 000 activit\u00e9s dans le monde entier !<span class=\"Apple-converted-space\">\u00a0<\/span><\/p>\n<p>Pour plus d\u2019informations, rendez-vous sur <a href=\"https:\/\/www.getyourguide.fr\/gifting\/\">GetYourGuide<\/a> !<\/p>\n<p>&nbsp;<\/p>\n<p><img decoding=\"async\" class=\"wp-image-3618 size-full aligncenter\" src=\"https:\/\/thingstodoinamsterdam.com\/wp-content\/uploads\/2019\/10\/Get-Your-Guide-Amsterdam.png\" alt=\"Get Your Guide Amsterdam\" width=\"900\" height=\"580\" srcset=\"https:\/\/thingstodoinamsterdam.com\/wp-content\/uploads\/2019\/10\/Get-Your-Guide-Amsterdam.png 900w, https:\/\/thingstodoinamsterdam.com\/wp-content\/uploads\/2019\/10\/Get-Your-Guide-Amsterdam-300x193.png 300w, https:\/\/thingstodoinamsterdam.com\/wp-content\/uploads\/2019\/10\/Get-Your-Guide-Amsterdam-768x495.png 768w\" sizes=\"(max-width: 900px) 100vw, 900px\" \/>[\/vc_column_text][vc_column_text css=&#8221;&#8221;]<\/p>\n<h2><span class=\"ez-toc-section\" id=\"top-10-des-meilleures-choses-a-faire-a-amsterdam-avec-getyourguide\"><\/span>Top 10 des meilleures choses \u00e0 faire \u00e0 Amsterdam avec GetYourGuide.<span class=\"ez-toc-section-end\"><\/span><\/h2>\n<p>Amsterdam est une magnifique ville et GetYourGuide Amsterdam compte bien vous faire vivre une exp\u00e9rience extraordinaire et inoubliable en vous offrant le meilleur de cette ville !<\/p>\n<p>Voici le top 10 des choses \u00e0 faire \u00e0 Amsterdam en :<\/p>\n<p>1 &#8211; Visite \u00e0 pied sur les traces d\u2019<a href=\"https:\/\/thingstodoinamsterdam.com\/fr\/musees-amsterdam\/la-maison-danne-frank\/\">Anne Frank<\/a><\/p>\n<p>2 &#8211; <a href=\"https:\/\/thingstodoinamsterdam.com\/fr\/croisiere-sur-les-canaux-amsterdam\/\">Croisi\u00e8re sur les canaux d\u2019Amsterdam<\/a><\/p>\n<p>3 &#8211; Billet pour la <a href=\"https:\/\/thingstodoinamsterdam.com\/fr\/musees-amsterdam\/heineken-experience-amsterdam\/\">Heineken Experience<\/a><\/p>\n<p>4 &#8211; Visite du mus\u00e9e <a href=\"https:\/\/thingstodoinamsterdam.com\/fr\/musees-amsterdam\/le-musee-van-gogh\/\">Van Gogh<\/a><\/p>\n<p>5 &#8211; D\u00e9gustation de cocktails \u00e0 <a href=\"https:\/\/thingstodoinamsterdam.com\/fr\/ice-bar-amsterdam\/\">l\u2019Icebar<\/a><\/p>\n<p>6 &#8211; Visite de <a href=\"https:\/\/thingstodoinamsterdam.com\/fr\/musees-amsterdam\/madame-tussauds-amsterdam\/\">Madame Tussauds<\/a><\/p>\n<p>7 &#8211; Visite du stade Johan Cruijff, <a href=\"https:\/\/thingstodoinamsterdam.com\/fr\/lieux-et-tourisme-amsterdam\/amsterdam-arena-johan-cruyff\/\">Amsterdam ArenA<\/a><\/p>\n<p>8 &#8211; Visite du <a href=\"https:\/\/thingstodoinamsterdam.com\/fr\/musees-amsterdam\/le-rijksmuseum\/\">Rijksmuseum<\/a><\/p>\n<p>9 &#8211; Rendez-vous au <a href=\"https:\/\/thingstodoinamsterdam.com\/fr\/le-quartier-rouge\/red-light-secrets-le-musee-de-la-prostitution-a-amsterdam\/\">Red Light Secrets Museum<\/a>, le mus\u00e9e de la prostitution<\/p>\n<p>10 &#8211; Visite d\u2019Amsterdam en bus et croisi\u00e8re avec Hop-On Hop-Off<\/p>\n<div id=\"gtx-trans\" style=\"position: absolute; left: 621px; top: 52.1125px;\">\n<div class=\"gtx-trans-icon\"><\/div>\n<\/div>\n<p>[\/vc_column_text][vc_column_text]Mus\u00e9es, attractions\u2026 mais aussi bien d\u2019autres choses ! Profitez de la ville d\u2019Amsterdam dans sa globalit\u00e9.<\/p>\n<ol>\n<li>Transports publics<\/li>\n<li>Le Royal Palace<\/li>\n<li>Visite des campagnes et des moulins \u00e0 vent \u00e0 Zaans Schans<\/li>\n<\/ol>\n<p>[\/vc_column_text][vc_column_text]<\/p>\n<h2><span class=\"ez-toc-section\" id=\"getyourguide-faq\"><\/span><strong>GetYourGuide FAQ<\/strong><span class=\"ez-toc-section-end\"><\/span><\/h2>\n<p><strong>Vais-je recevoir mes billets rapidement ?<\/strong><\/p>\n<p>Cela d\u00e9pend de ce que vous avez choisi mais pour la plupart des mus\u00e9es et attractions, vous recevrez vos billets dans les minutes qui suivent l&#8217;achat.<\/p>\n<p><strong>R\u00e9server sur GetYourGuide est-il s\u00fbr ?<\/strong><\/p>\n<p>Oui, c&#8217;est parfaitement s\u00fbr de r\u00e9server via GetYourGuide !<\/p>\n<p><strong>Comment puis-je payer sur GetYourGuide?<\/strong><\/p>\n<p>Le paiement peut se faire par carte bancaire, PayPal, Apple Pay et bien d&#8217;autres. Tout cela est s\u00fbr et s\u00e9curis\u00e9 !<\/p>\n<p><strong>GetYourGuide rembourse les billets achet\u00e9s ?<\/strong><\/p>\n<p>Pour des raisons logiques, cela d\u00e9pend du fournisseur avec lequel il travail et de ses conditions d&#8217;annulation et de remboursement.<\/p>\n<p><strong>Puis-je contacter le service client Get Your Guide Amsterdam ?<\/strong><\/p>\n<p>Vous pouvez contacter le service client par e-mail, WhatsApp ou par t\u00e9l\u00e9phone au\u00a0<strong>+493056839445<\/strong>.[\/vc_column_text][button title=&#8221;Cliquez ici pour r\u00e9server des attractions incontournables \u00e0 Amsterdam avec GetYourGuide&#8221; link=&#8221;https:\/\/thingstodoinamsterdam.com\/ticketlinkfr-amsterdam-gyg&#8221; button_align=&#8221;center&#8221; target=&#8221;true&#8221; nofollow=&#8221;true&#8221; el_id=&#8221;1578042205140-c5c0a609-0864&#8243;][\/vc_column][\/vc_row][vc_row][vc_column][reviews heading=&#8221;Get Your Guide Avis&#8221; el_id=&#8221;1570003882489-45468607-0d08&#8243;]Votre avis compte ! L&#8217;envoi des billets a-t-il \u00e9t\u00e9 rapide ? La r\u00e9servation a-t-elle \u00e9t\u00e9 facile ? Les recommandations personnalis\u00e9es \u00e9taient qualitatives ?[\/reviews][\/vc_column][\/vc_row]<\/p>\n<\/div>","protected":false},"excerpt":{"rendered":"<p>[vc_row][vc_column][vc_column_text] GetYourGuide, une nouvelle mani\u00e8re de voyager. Voyagez simplement et contentez-vous du meilleur avec Get Your Guide.\u00a0Leur engagement : cr\u00e9er des exp\u00e9riences inoubliables et extraordinaires,\u2026<\/p>\n","protected":false},"author":20,"featured_media":3619,"parent":447,"menu_order":0,"comment_status":"closed","ping_status":"closed","template":"","meta":{"footnotes":""},"class_list":["post-4807","page","type-page","status-publish","has-post-thumbnail","hentry"],"yoast_head":"<!-- This site is optimized with the Yoast SEO plugin v27.3 - https:\/\/yoast.com\/product\/yoast-seo-wordpress\/ -->\n<title>Get Your Guide Amsterdam - les meilleures choses \u00e0 faire \u00e0 Amsterdam<\/title>\n<meta name=\"description\" content=\"Visiter Amsterdam sans se soucier de rien ! C&#039;est GetYourGuide qu&#039;il vous faut ! R\u00e9servez et profitez, rien de plus simple.\" \/>\n<meta name=\"robots\" content=\"index, follow, max-snippet:-1, max-image-preview:large, max-video-preview:-1\" \/>\n<link rel=\"canonical\" href=\"https:\/\/thingstodoinamsterdam.com\/fr\/a-propos\/getyourguide-amsterdam\/\" \/>\n<meta property=\"og:locale\" content=\"fr_FR\" \/>\n<meta property=\"og:type\" content=\"article\" \/>\n<meta property=\"og:title\" content=\"Get Your Guide Amsterdam - les meilleures choses \u00e0 faire \u00e0 Amsterdam\" \/>\n<meta property=\"og:description\" content=\"Visiter Amsterdam sans se soucier de rien ! C&#039;est GetYourGuide qu&#039;il vous faut ! R\u00e9servez et profitez, rien de plus simple.\" \/>\n<meta property=\"og:url\" content=\"https:\/\/thingstodoinamsterdam.com\/fr\/a-propos\/getyourguide-amsterdam\/\" \/>\n<meta property=\"og:site_name\" content=\"ThingstodoinAmsterdam.com\" \/>\n<meta property=\"article:publisher\" content=\"https:\/\/www.facebook.com\/thingstodoinamsterdamcom\" \/>\n<meta property=\"article:modified_time\" content=\"2025-09-03T21:50:38+00:00\" \/>\n<meta property=\"og:image\" content=\"https:\/\/thingstodoinamsterdam.com\/wp-content\/uploads\/2019\/10\/Get-Your-Guide-Amsterdam.png\" \/>\n\t<meta property=\"og:image:width\" content=\"900\" \/>\n\t<meta property=\"og:image:height\" content=\"580\" \/>\n\t<meta property=\"og:image:type\" content=\"image\/png\" \/>\n<meta name=\"twitter:card\" content=\"summary_large_image\" \/>\n<meta name=\"twitter:label1\" content=\"Est. reading time\" \/>\n\t<meta name=\"twitter:data1\" content=\"4 minutes\" \/>\n<script type=\"application\/ld+json\" class=\"yoast-schema-graph\">{\"@context\":\"https:\\\/\\\/schema.org\",\"@graph\":[{\"@type\":\"WebPage\",\"@id\":\"https:\\\/\\\/thingstodoinamsterdam.com\\\/fr\\\/a-propos\\\/getyourguide-amsterdam\\\/\",\"url\":\"https:\\\/\\\/thingstodoinamsterdam.com\\\/fr\\\/a-propos\\\/getyourguide-amsterdam\\\/\",\"name\":\"Get Your Guide Amsterdam - les meilleures choses \u00e0 faire \u00e0 Amsterdam\",\"isPartOf\":{\"@id\":\"https:\\\/\\\/thingstodoinamsterdam.com\\\/fr\\\/#website\"},\"primaryImageOfPage\":{\"@id\":\"https:\\\/\\\/thingstodoinamsterdam.com\\\/fr\\\/a-propos\\\/getyourguide-amsterdam\\\/#primaryimage\"},\"image\":{\"@id\":\"https:\\\/\\\/thingstodoinamsterdam.com\\\/fr\\\/a-propos\\\/getyourguide-amsterdam\\\/#primaryimage\"},\"thumbnailUrl\":\"https:\\\/\\\/thingstodoinamsterdam.com\\\/wp-content\\\/uploads\\\/2019\\\/10\\\/Get-Your-Guide-Amsterdam.png\",\"datePublished\":\"2020-01-03T08:27:28+00:00\",\"dateModified\":\"2025-09-03T21:50:38+00:00\",\"description\":\"Visiter Amsterdam sans se soucier de rien ! C'est GetYourGuide qu'il vous faut ! R\u00e9servez et profitez, rien de plus simple.\",\"breadcrumb\":{\"@id\":\"https:\\\/\\\/thingstodoinamsterdam.com\\\/fr\\\/a-propos\\\/getyourguide-amsterdam\\\/#breadcrumb\"},\"inLanguage\":\"fr\",\"potentialAction\":[{\"@type\":\"ReadAction\",\"target\":[\"https:\\\/\\\/thingstodoinamsterdam.com\\\/fr\\\/a-propos\\\/getyourguide-amsterdam\\\/\"]}]},{\"@type\":\"ImageObject\",\"inLanguage\":\"fr\",\"@id\":\"https:\\\/\\\/thingstodoinamsterdam.com\\\/fr\\\/a-propos\\\/getyourguide-amsterdam\\\/#primaryimage\",\"url\":\"https:\\\/\\\/thingstodoinamsterdam.com\\\/wp-content\\\/uploads\\\/2019\\\/10\\\/Get-Your-Guide-Amsterdam.png\",\"contentUrl\":\"https:\\\/\\\/thingstodoinamsterdam.com\\\/wp-content\\\/uploads\\\/2019\\\/10\\\/Get-Your-Guide-Amsterdam.png\",\"width\":900,\"height\":580,\"caption\":\"Get Your Guide Amsterdam\"},{\"@type\":\"BreadcrumbList\",\"@id\":\"https:\\\/\\\/thingstodoinamsterdam.com\\\/fr\\\/a-propos\\\/getyourguide-amsterdam\\\/#breadcrumb\",\"itemListElement\":[{\"@type\":\"ListItem\",\"position\":1,\"name\":\"Visiter Amsterdam\",\"item\":\"https:\\\/\\\/thingstodoinamsterdam.com\\\/fr\\\/\"},{\"@type\":\"ListItem\",\"position\":2,\"name\":\"\u00c0 propos de\",\"item\":\"https:\\\/\\\/thingstodoinamsterdam.com\\\/fr\\\/a-propos\\\/\"},{\"@type\":\"ListItem\",\"position\":3,\"name\":\"Get Your Guide Amsterdam\"}]},{\"@type\":\"WebSite\",\"@id\":\"https:\\\/\\\/thingstodoinamsterdam.com\\\/fr\\\/#website\",\"url\":\"https:\\\/\\\/thingstodoinamsterdam.com\\\/fr\\\/\",\"name\":\"ThingstodoinAmsterdam.com\",\"description\":\"Amsterdam&#039;s highlights and hidden secrets\",\"publisher\":{\"@id\":\"https:\\\/\\\/thingstodoinamsterdam.com\\\/fr\\\/#organization\"},\"potentialAction\":[{\"@type\":\"SearchAction\",\"target\":{\"@type\":\"EntryPoint\",\"urlTemplate\":\"https:\\\/\\\/thingstodoinamsterdam.com\\\/fr\\\/?s={search_term_string}\"},\"query-input\":{\"@type\":\"PropertyValueSpecification\",\"valueRequired\":true,\"valueName\":\"search_term_string\"}}],\"inLanguage\":\"fr\"},{\"@type\":\"Organization\",\"@id\":\"https:\\\/\\\/thingstodoinamsterdam.com\\\/fr\\\/#organization\",\"name\":\"Visiter Amsterdam\",\"url\":\"https:\\\/\\\/thingstodoinamsterdam.com\\\/fr\\\/\",\"logo\":{\"@type\":\"ImageObject\",\"inLanguage\":\"fr\",\"@id\":\"https:\\\/\\\/thingstodoinamsterdam.com\\\/fr\\\/#\\\/schema\\\/logo\\\/image\\\/\",\"url\":\"https:\\\/\\\/thingstodoinamsterdam.com\\\/wp-content\\\/uploads\\\/2025\\\/02\\\/ThingsToDoInAmsterdam-Favicon-logo.png\",\"contentUrl\":\"https:\\\/\\\/thingstodoinamsterdam.com\\\/wp-content\\\/uploads\\\/2025\\\/02\\\/ThingsToDoInAmsterdam-Favicon-logo.png\",\"width\":512,\"height\":512,\"caption\":\"Visiter Amsterdam\"},\"image\":{\"@id\":\"https:\\\/\\\/thingstodoinamsterdam.com\\\/fr\\\/#\\\/schema\\\/logo\\\/image\\\/\"},\"sameAs\":[\"https:\\\/\\\/www.facebook.com\\\/thingstodoinamsterdamcom\"]}]}<\/script>\n<!-- \/ Yoast SEO plugin. -->","yoast_head_json":{"title":"Get Your Guide Amsterdam - les meilleures choses \u00e0 faire \u00e0 Amsterdam","description":"Visiter Amsterdam sans se soucier de rien ! C'est GetYourGuide qu'il vous faut ! R\u00e9servez et profitez, rien de plus simple.","robots":{"index":"index","follow":"follow","max-snippet":"max-snippet:-1","max-image-preview":"max-image-preview:large","max-video-preview":"max-video-preview:-1"},"canonical":"https:\/\/thingstodoinamsterdam.com\/fr\/a-propos\/getyourguide-amsterdam\/","og_locale":"fr_FR","og_type":"article","og_title":"Get Your Guide Amsterdam - les meilleures choses \u00e0 faire \u00e0 Amsterdam","og_description":"Visiter Amsterdam sans se soucier de rien ! C'est GetYourGuide qu'il vous faut ! R\u00e9servez et profitez, rien de plus simple.","og_url":"https:\/\/thingstodoinamsterdam.com\/fr\/a-propos\/getyourguide-amsterdam\/","og_site_name":"ThingstodoinAmsterdam.com","article_publisher":"https:\/\/www.facebook.com\/thingstodoinamsterdamcom","article_modified_time":"2025-09-03T21:50:38+00:00","og_image":[{"width":900,"height":580,"url":"https:\/\/thingstodoinamsterdam.com\/wp-content\/uploads\/2019\/10\/Get-Your-Guide-Amsterdam.png","type":"image\/png"}],"twitter_card":"summary_large_image","twitter_misc":{"Est. reading time":"4 minutes"},"schema":{"@context":"https:\/\/schema.org","@graph":[{"@type":"WebPage","@id":"https:\/\/thingstodoinamsterdam.com\/fr\/a-propos\/getyourguide-amsterdam\/","url":"https:\/\/thingstodoinamsterdam.com\/fr\/a-propos\/getyourguide-amsterdam\/","name":"Get Your Guide Amsterdam - les meilleures choses \u00e0 faire \u00e0 Amsterdam","isPartOf":{"@id":"https:\/\/thingstodoinamsterdam.com\/fr\/#website"},"primaryImageOfPage":{"@id":"https:\/\/thingstodoinamsterdam.com\/fr\/a-propos\/getyourguide-amsterdam\/#primaryimage"},"image":{"@id":"https:\/\/thingstodoinamsterdam.com\/fr\/a-propos\/getyourguide-amsterdam\/#primaryimage"},"thumbnailUrl":"https:\/\/thingstodoinamsterdam.com\/wp-content\/uploads\/2019\/10\/Get-Your-Guide-Amsterdam.png","datePublished":"2020-01-03T08:27:28+00:00","dateModified":"2025-09-03T21:50:38+00:00","description":"Visiter Amsterdam sans se soucier de rien ! C'est GetYourGuide qu'il vous faut ! R\u00e9servez et profitez, rien de plus simple.","breadcrumb":{"@id":"https:\/\/thingstodoinamsterdam.com\/fr\/a-propos\/getyourguide-amsterdam\/#breadcrumb"},"inLanguage":"fr","potentialAction":[{"@type":"ReadAction","target":["https:\/\/thingstodoinamsterdam.com\/fr\/a-propos\/getyourguide-amsterdam\/"]}]},{"@type":"ImageObject","inLanguage":"fr","@id":"https:\/\/thingstodoinamsterdam.com\/fr\/a-propos\/getyourguide-amsterdam\/#primaryimage","url":"https:\/\/thingstodoinamsterdam.com\/wp-content\/uploads\/2019\/10\/Get-Your-Guide-Amsterdam.png","contentUrl":"https:\/\/thingstodoinamsterdam.com\/wp-content\/uploads\/2019\/10\/Get-Your-Guide-Amsterdam.png","width":900,"height":580,"caption":"Get Your Guide Amsterdam"},{"@type":"BreadcrumbList","@id":"https:\/\/thingstodoinamsterdam.com\/fr\/a-propos\/getyourguide-amsterdam\/#breadcrumb","itemListElement":[{"@type":"ListItem","position":1,"name":"Visiter Amsterdam","item":"https:\/\/thingstodoinamsterdam.com\/fr\/"},{"@type":"ListItem","position":2,"name":"\u00c0 propos de","item":"https:\/\/thingstodoinamsterdam.com\/fr\/a-propos\/"},{"@type":"ListItem","position":3,"name":"Get Your Guide Amsterdam"}]},{"@type":"WebSite","@id":"https:\/\/thingstodoinamsterdam.com\/fr\/#website","url":"https:\/\/thingstodoinamsterdam.com\/fr\/","name":"ThingstodoinAmsterdam.com","description":"Amsterdam&#039;s highlights and hidden secrets","publisher":{"@id":"https:\/\/thingstodoinamsterdam.com\/fr\/#organization"},"potentialAction":[{"@type":"SearchAction","target":{"@type":"EntryPoint","urlTemplate":"https:\/\/thingstodoinamsterdam.com\/fr\/?s={search_term_string}"},"query-input":{"@type":"PropertyValueSpecification","valueRequired":true,"valueName":"search_term_string"}}],"inLanguage":"fr"},{"@type":"Organization","@id":"https:\/\/thingstodoinamsterdam.com\/fr\/#organization","name":"Visiter Amsterdam","url":"https:\/\/thingstodoinamsterdam.com\/fr\/","logo":{"@type":"ImageObject","inLanguage":"fr","@id":"https:\/\/thingstodoinamsterdam.com\/fr\/#\/schema\/logo\/image\/","url":"https:\/\/thingstodoinamsterdam.com\/wp-content\/uploads\/2025\/02\/ThingsToDoInAmsterdam-Favicon-logo.png","contentUrl":"https:\/\/thingstodoinamsterdam.com\/wp-content\/uploads\/2025\/02\/ThingsToDoInAmsterdam-Favicon-logo.png","width":512,"height":512,"caption":"Visiter Amsterdam"},"image":{"@id":"https:\/\/thingstodoinamsterdam.com\/fr\/#\/schema\/logo\/image\/"},"sameAs":["https:\/\/www.facebook.com\/thingstodoinamsterdamcom"]}]}},"_links":{"self":[{"href":"https:\/\/thingstodoinamsterdam.com\/fr\/wp-json\/wp\/v2\/pages\/4807","targetHints":{"allow":["GET"]}}],"collection":[{"href":"https:\/\/thingstodoinamsterdam.com\/fr\/wp-json\/wp\/v2\/pages"}],"about":[{"href":"https:\/\/thingstodoinamsterdam.com\/fr\/wp-json\/wp\/v2\/types\/page"}],"author":[{"embeddable":true,"href":"https:\/\/thingstodoinamsterdam.com\/fr\/wp-json\/wp\/v2\/users\/20"}],"replies":[{"embeddable":true,"href":"https:\/\/thingstodoinamsterdam.com\/fr\/wp-json\/wp\/v2\/comments?post=4807"}],"version-history":[{"count":6,"href":"https:\/\/thingstodoinamsterdam.com\/fr\/wp-json\/wp\/v2\/pages\/4807\/revisions"}],"predecessor-version":[{"id":2029076,"href":"https:\/\/thingstodoinamsterdam.com\/fr\/wp-json\/wp\/v2\/pages\/4807\/revisions\/2029076"}],"up":[{"embeddable":true,"href":"https:\/\/thingstodoinamsterdam.com\/fr\/wp-json\/wp\/v2\/pages\/447"}],"wp:featuredmedia":[{"embeddable":true,"href":"https:\/\/thingstodoinamsterdam.com\/fr\/wp-json\/wp\/v2\/media\/3619"}],"wp:attachment":[{"href":"https:\/\/thingstodoinamsterdam.com\/fr\/wp-json\/wp\/v2\/media?parent=4807"}],"curies":[{"name":"wp","href":"https:\/\/api.w.org\/{rel}","templated":true}]}}