{"id":4812,"date":"2020-01-03T10:18:21","date_gmt":"2020-01-03T09:18:21","guid":{"rendered":"https:\/\/thingstodoinamsterdam.com\/?page_id=4812"},"modified":"2024-10-04T11:54:54","modified_gmt":"2024-10-04T09:54:54","slug":"lovers","status":"publish","type":"page","link":"https:\/\/thingstodoinamsterdam.com\/fr\/croisiere-sur-les-canaux-amsterdam\/lovers\/","title":{"rendered":"Lovers Canal Cruise Amsterdam"},"content":{"rendered":"<div class=\"wpb-content-wrapper\"><p>[vc_row][vc_column width=&#8221;2\/3&#8243;][vc_column_text]Depuis 1950 Lovers Canal Cruise Amsterdam n\u2019a cess\u00e9 de se d\u00e9velopper et a acquis une tr\u00e8s forte notori\u00e9t\u00e9 ces derni\u00e8res ann\u00e9es. Pas besoin de chercher tr\u00e8s loin, sur les canaux d\u2019Amsterdam on les reconna\u00eet facilement avec leurs bateaux rouges Hop-On Hop-Off et leurs bateaux gris et orange habill\u00e9s du logo Lovers Canal Cruise !<\/p><div id=\"ez-toc-container\" class=\"ez-toc-v2_0_82_2 counter-hierarchy ez-toc-counter ez-toc-custom ez-toc-container-direction\">\n<div class=\"ez-toc-title-container\">\n<span class=\"ez-toc-title-toggle\"><a href=\"#\" class=\"ez-toc-pull-right ez-toc-btn ez-toc-btn-xs ez-toc-btn-default ez-toc-toggle\" aria-label=\"Toggle Table of Content\"><span class=\"ez-toc-js-icon-con\"><span class=\"\"><span class=\"eztoc-hide\" style=\"display:none;\">Toggle<\/span><span class=\"ez-toc-icon-toggle-span\"><svg style=\"fill: #999;color:#999\" xmlns=\"http:\/\/www.w3.org\/2000\/svg\" class=\"list-377408\" width=\"20px\" height=\"20px\" viewBox=\"0 0 24 24\" fill=\"none\"><path d=\"M6 6H4v2h2V6zm14 0H8v2h12V6zM4 11h2v2H4v-2zm16 0H8v2h12v-2zM4 16h2v2H4v-2zm16 0H8v2h12v-2z\" fill=\"currentColor\"><\/path><\/svg><svg style=\"fill: #999;color:#999\" class=\"arrow-unsorted-368013\" xmlns=\"http:\/\/www.w3.org\/2000\/svg\" width=\"10px\" height=\"10px\" viewBox=\"0 0 24 24\" version=\"1.2\" baseProfile=\"tiny\"><path d=\"M18.2 9.3l-6.2-6.3-6.2 6.3c-.2.2-.3.4-.3.7s.1.5.3.7c.2.2.4.3.7.3h11c.3 0 .5-.1.7-.3.2-.2.3-.5.3-.7s-.1-.5-.3-.7zM5.8 14.7l6.2 6.3 6.2-6.3c.2-.2.3-.5.3-.7s-.1-.5-.3-.7c-.2-.2-.4-.3-.7-.3h-11c-.3 0-.5.1-.7.3-.2.2-.3.5-.3.7s.1.5.3.7z\"\/><\/svg><\/span><\/span><\/span><\/a><\/span><\/div>\n<nav><ul class='ez-toc-list ez-toc-list-level-1 ' ><li class='ez-toc-page-1 ez-toc-heading-level-2'><a class=\"ez-toc-link ez-toc-heading-1\" href=\"https:\/\/thingstodoinamsterdam.com\/fr\/croisiere-sur-les-canaux-amsterdam\/lovers\/#lovers-croisieres-sur-les-canaux-damsterdam\" >Lovers croisi\u00e8res sur les canaux d\u2019Amsterdam<\/a><\/li><li class='ez-toc-page-1 ez-toc-heading-level-2'><a class=\"ez-toc-link ez-toc-heading-2\" href=\"https:\/\/thingstodoinamsterdam.com\/fr\/croisiere-sur-les-canaux-amsterdam\/lovers\/#lovers-canal-cruise-codes-promo-et-reductions\" >Lovers Canal Cruise\u00a0Codes promo et r\u00e9ductions<\/a><\/li><li class='ez-toc-page-1 ez-toc-heading-level-2'><a class=\"ez-toc-link ez-toc-heading-3\" href=\"https:\/\/thingstodoinamsterdam.com\/fr\/croisiere-sur-les-canaux-amsterdam\/lovers\/#lovers-canal-cruise-croisiere-et-diner\" >Lovers Canal Cruise Croisi\u00e8re et d\u00eener\u00a0<\/a><\/li><li class='ez-toc-page-1 ez-toc-heading-level-2'><a class=\"ez-toc-link ez-toc-heading-4\" href=\"https:\/\/thingstodoinamsterdam.com\/fr\/croisiere-sur-les-canaux-amsterdam\/lovers\/#lovers-canal-cruise-%e2%80%93-se-rendre-au-point-de-rendez-vous\" >Lovers Canal Cruise &#8211; se rendre au point de rendez-vous<\/a><\/li><li class='ez-toc-page-1 ez-toc-heading-level-2'><a class=\"ez-toc-link ez-toc-heading-5\" href=\"https:\/\/thingstodoinamsterdam.com\/fr\/croisiere-sur-les-canaux-amsterdam\/lovers\/#lovers-canal-cruises-amsterdam-faq\" >Lovers Canal Cruises Amsterdam FAQ<\/a><\/li><\/ul><\/nav><\/div>\n\n<p>Lovers Canal Cruise a su se d\u00e9marquer en proposant diff\u00e9rents types de croisi\u00e8res, dans le but de r\u00e9pondre aux envies des visiteurs. Visiter Amsterdam \u00e0 bord d\u2019un bateau confortable et moderne, voir les lieux incontournables, d\u00eener aux chandelles\u2026 tout est possible !<span class=\"Apple-converted-space\">\u00a0<\/span>[\/vc_column_text][\/vc_column][vc_column width=&#8221;1\/3&#8243;][vc_single_image image=&#8221;4189&#8243; img_size=&#8221;full&#8221; alignment=&#8221;center&#8221;][\/vc_column][\/vc_row][vc_row][vc_column][button title=&#8221;Cliquez ici pour r\u00e9server votre croisi\u00e8re sur les canaux d&#8217;Amsterdam avec Lovers Canal Cruise&#8221; link=&#8221;https:\/\/thingstodoinamsterdam.com\/ticketlinkfr-lovers-canal-cruise-std&#8221; icon=&#8221;fas fa-angle-double-right&#8221; button_align=&#8221;center&#8221; target=&#8221;true&#8221; nofollow=&#8221;true&#8221; el_id=&#8221;1570001601134-cc7cc402-9184&#8243;][button title=&#8221;R\u00e9servez votre croisi\u00e8re en bateau sur Tours&amp;Tickets.com&#8221; link=&#8221;https:\/\/thingstodoinamsterdam.com\/ticketlinkfr-croisiere-canaux-tours-std&#8221; icon=&#8221;fas fa-angle-double-right&#8221; button_align=&#8221;center&#8221; target=&#8221;true&#8221; nofollow=&#8221;true&#8221; el_id=&#8221;1724184801714-60e91695-3fce&#8221;][vc_column_text]<\/p>\n<h2><span class=\"ez-toc-section\" id=\"lovers-croisieres-sur-les-canaux-damsterdam\"><\/span>Lovers croisi\u00e8res sur les canaux d\u2019Amsterdam<span class=\"ez-toc-section-end\"><\/span><\/h2>\n<p>Les canaux ont toujours jou\u00e9 un r\u00f4le tr\u00e8s important dans l\u2019histoire d\u2019Amsterdam et Lovers Canal Cruise va vous faire d\u00e9couvrir leur histoire\u2026<\/p>\n<p>Une croisi\u00e8re sur les canaux d\u2019Amsterdam vous permettra de d\u00e9couvrir la ville, son architecture, ses canaux et son histoire tout en vous relaxant. Naviguez \u00e0 travers les maisons atypiques et les lieux incontournables d\u2019Amsterdam, <a href=\"https:\/\/thingstodoinamsterdam.com\/fr\/musees-amsterdam\/la-maison-danne-frank\/\">la maison d\u2019Anne Frank<\/a>, le <a href=\"https:\/\/thingstodoinamsterdam.com\/fr\/le-quartier-rouge\/\">Quartier Rouge<\/a>\u2026 c\u2019est d\u00e9finitivement la mani\u00e8re la plus magnifique de visiter Amsterdam !<\/p>\n<p>Remarque : pour l\u2019ensemble des croisi\u00e8res il est possible d\u2019avoir un guide audio disponible dans 18 langues.<\/p>\n<p><strong>Lovers Canal Cruise est le meilleur choix pour d\u00e9couvrir les canaux d\u2019Amsterdam.<\/strong>[\/vc_column_text][accordion][accordion_item title=&#8221;Amsterdam Light Festival&#8221; el_id=&#8221;1497693870862-ae5f2f02-960a9bb5-0800&#8243;][vc_column_text]<\/p>\n<h3>Amsterdam Light Festival<\/h3>\n<p>Partenaire officiel du Amsterdam Light Festival, Lovers Canal Cruise va vous faire vivre une exp\u00e9rience unique pendant le festival des lumi\u00e8res.<\/p>\n<p>Chaque ann\u00e9e, Amsterdam devient une ville lumineuse tout au long de ce festival, alors profitez-en avec une croisi\u00e8re sur les canaux pour venir admirer les oeuvres d\u2019art de plus de 30 artistes du monde entier.[\/vc_column_text][button title=&#8221;R\u00e9servez votre croisi\u00e8re en bateau pour le Amsterdam Light Festival&#8221; link=&#8221;https:\/\/thingstodoinamsterdam.com\/ticketlinkfr-lovers-canal-cruise-light-festival-std&#8221; button_align=&#8221;center&#8221; target=&#8221;true&#8221; nofollow=&#8221;true&#8221; el_id=&#8221;1574425156320-2ad2a2c6-ab47&#8243;][vc_single_image image=&#8221;1017605&#8243; img_size=&#8221;full&#8221;][\/accordion_item][accordion_item title=&#8221;Lovers Codes promo et r\u00e9ductions&#8221; accordion_link=&#8221;url:https%3A%2F%2Fthingstodoinamsterdam.com%2Fticketlinkfr-lovers-canal-cruise-std|title:lovers&#8221; el_id=&#8221;codespromo&#8221;][vc_column_text]<\/p>\n<h2><span class=\"ez-toc-section\" id=\"lovers-canal-cruise-codes-promo-et-reductions\"><\/span>Lovers Canal Cruise\u00a0Codes promo et r\u00e9ductions<span class=\"ez-toc-section-end\"><\/span><\/h2>\n<p>Parfois, Lovers Canal Cruise offre des r\u00e9ductions, des prix sp\u00e9ciaux ; si c\u2019est le cas, vous pouvez en profiter directement sur leur site internet. Mais pour vous assurer des r\u00e9ductions, nous travaillons avec des partenaires tels que <a href=\"https:\/\/thingstodoinamsterdam.com\/fr\/a-propos\/tours-tickets\/\">Tours&amp;tickets.com<\/a>.[\/vc_column_text][vc_column_text]<\/p>\n<div class=\"wpb_text_column wpb_content_element \">\n<div class=\"wpb_wrapper\">\n<p style=\"text-align: center;\"><strong>\u2013 Achetez vos billets sur\u00a0Tours-tickets.com\u00a0avec notre code promo\u00a0\u00a0<mark>\u2018THINGSTODO10\u2019<\/mark> et obtenez 10% de r\u00e9duction \u2013<\/strong><\/p>\n<\/div>\n<\/div>\n<p>[\/vc_column_text][button title=&#8221;R\u00e9servez votre croisi\u00e8re en bateau sur Lovers.nl et profitez de 10% de r\u00e9duction&#8221; link=&#8221;https:\/\/thingstodoinamsterdam.com\/ticketlinkfr-lovers-canal-cruise-std&#8221; icon=&#8221;fas fa-angle-double-right&#8221; button_align=&#8221;center&#8221; target=&#8221;true&#8221; nofollow=&#8221;true&#8221; el_id=&#8221;1574762660262-717a9453-b346&#8243;][button title=&#8221;R\u00e9servez votre croisi\u00e8re en bateau sur Tours&amp;Tickets.com et profitez de 10% de r\u00e9duction&#8221; link=&#8221;https:\/\/thingstodoinamsterdam.com\/ticketlinkfr-croisiere-canaux-tours-std&#8221; icon=&#8221;fas fa-angle-double-right&#8221; button_align=&#8221;center&#8221; target=&#8221;true&#8221; nofollow=&#8221;true&#8221; el_id=&#8221;1724185214544-bb416e5e-19a7&#8243;][\/accordion_item][accordion_item title=&#8221;Croisi\u00e8re et d\u00eener&#8221;][vc_column_text]<\/p>\n<h2><span class=\"ez-toc-section\" id=\"lovers-canal-cruise-croisiere-et-diner\"><\/span>Lovers Canal Cruise Croisi\u00e8re et d\u00eener<span class=\"Apple-converted-space\">\u00a0<\/span><span class=\"ez-toc-section-end\"><\/span><\/h2>\n<p>Il est possible de combiner votre <a href=\"https:\/\/thingstodoinamsterdam.com\/fr\/croisiere-sur-les-canaux-amsterdam\/lovers\/lovers-diner-croisiere-test\/\">croisi\u00e8re avec un d\u00eener<\/a> ! \u00c9videmment, c\u2019est \u00e0 vous de choisir. D\u00eener aux chandelles, pizza, hamburger\u2026 il y en a pour tous les go\u00fbts. Lovers Canal Cruise travaille avec Frans Kelders, ancien chef \u00e9toil\u00e9 Michelin.<span class=\"Apple-converted-space\">\u00a0<\/span><\/p>\n<p>La croisi\u00e8re dure 2 heures environ, ce qui vous laisse le temps de profiter d\u2019un d\u00e9licieux repas et d\u2019observer Amsterdam, son architecture typique, ses canaux et ses multiples ponts\u2026<span class=\"Apple-converted-space\">\u00a0<\/span><\/p>\n<div id=\"gtx-trans\" style=\"position: absolute; left: 387px; top: 98.1667px;\">\n<div class=\"gtx-trans-icon\"><\/div>\n<\/div>\n<p>[\/vc_column_text][button title=&#8221;R\u00e9servez une croisi\u00e8re et un d\u00eener avec Lovers Canal Cruises&#8221; link=&#8221;https:\/\/thingstodoinamsterdam.com\/ticketlinkfr-dinercruise-lovers-std&#8221; icon=&#8221;fas fa-angle-double-right&#8221; button_align=&#8221;center&#8221; target=&#8221;true&#8221; nofollow=&#8221;true&#8221; el_id=&#8221;1574421010488-6c8ff028-d0a1&#8243;][vc_single_image image=&#8221;4197&#8243; img_size=&#8221;full&#8221; alignment=&#8221;center&#8221;][\/accordion_item][accordion_item title=&#8221;Ce rendre au point de rendez-vous&#8221;][g_map heading=&#8221;Discover a canal cruise near you, and picture locations&#8221; el_id=&#8221;1710333532845-1cd4a51a-f117&#8243;]<iframe src=\"https:\/\/www.google.com\/maps\/d\/u\/0\/embed?mid=1d-FBNIDnZkTSowdp73qNwtFzrGn_FVg&amp;ehbc=2E312F\" width=\"640\" height=\"480\"><\/iframe>[\/g_map][vc_column_text]<\/p>\n<h2><span class=\"ez-toc-section\" id=\"lovers-canal-cruise-%e2%80%93-se-rendre-au-point-de-rendez-vous\"><\/span>Lovers Canal Cruise &#8211; se rendre au point de rendez-vous<span class=\"ez-toc-section-end\"><\/span><\/h2>\n<p>Lovers Canal Cruise est situ\u00e9 dans le centre d\u2019Amsterdam, il est donc tr\u00e8s facile de s\u2019y rendre \u00e0 pied ou avec les transports publics. Si vous venez en voiture, il est possible de vous garer au parking Q-park.[\/vc_column_text][vc_single_image image=&#8221;4193&#8243; img_size=&#8221;full&#8221; alignment=&#8221;center&#8221;][\/accordion_item][accordion_item title=&#8221;Lovers Canal Cruise FAQ&#8221; el_id=&#8221;1483890040636-0de702cf-edca9bb5-0800&#8243;][vc_column_text]<\/p>\n<h2><span class=\"ez-toc-section\" id=\"lovers-canal-cruises-amsterdam-faq\"><\/span><strong>Lovers Canal Cruises Amsterdam FAQ<\/strong><span class=\"ez-toc-section-end\"><\/span><\/h2>\n<p><strong>O\u00f9 puis-je acheter mes billets ?<\/strong><\/p>\n<p>Vous pouvez acheter vos billets en ligne ou en boutique.<\/p>\n<p><strong>Vais-je recevoir mes billets rapidement ?<\/strong><\/p>\n<p>Vous recevrez un e-mail (contenant vos billets) dans les quelques minutes qui suivent votre achat.<\/p>\n<p><strong>Dois-je me pr\u00e9senter en avance au lieu de rendez-vous pour le d\u00e9part de la croisi\u00e8re ?<span class=\"Apple-converted-space\">\u00a0<\/span><\/strong><\/p>\n<p>Oui, vous devez \u00eatres pr\u00e9sents 30 minutes avant le d\u00e9part.<\/p>\n<p><strong>Comment contacter Lovers Canal Cruise ?<\/strong><\/p>\n<p>Vous pouvez prendre contact avec le service client par e-mail : <a href=\"mailto:customer.service@lovers.nl\">customer.service@lovers.nl<\/a><\/p>\n<p><strong>O\u00f9 se trouve le d\u00e9part ?<\/strong><\/p>\n<p>Les d\u00e9parts se font \u00e0 Prins Hendrikkade. C\u2019est \u00e0 seulement 4 minutes \u00e0 pied d\u2019Amsterdam Centraal Station.[\/vc_column_text][\/accordion_item][\/accordion][\/vc_column][\/vc_row][vc_row][vc_column][reviews heading=&#8221;Avis \u00e0 propos de Lovers Canal Cruise&#8221; el_id=&#8221;1570003882489-45468607-0d08&#8243;]Votre avis compte ! Avez-vous re\u00e7u vos billets rapidement ? R\u00e9server via Lovers Canal Cruise a-t-il \u00e9t\u00e9 simple ? La croisi\u00e8re correspondait-elle \u00e0 vos attentes ?[\/reviews][\/vc_column][\/vc_row]<\/p>\n<\/div>","protected":false},"excerpt":{"rendered":"<p>[vc_row][vc_column width=&#8221;2\/3&#8243;][vc_column_text]Depuis 1950 Lovers Canal Cruise Amsterdam n\u2019a cess\u00e9 de se d\u00e9velopper et a acquis une tr\u00e8s forte notori\u00e9t\u00e9 ces derni\u00e8res ann\u00e9es. Pas besoin de\u2026<\/p>\n","protected":false},"author":20,"featured_media":4191,"parent":409,"menu_order":0,"comment_status":"closed","ping_status":"closed","template":"","meta":{"footnotes":""},"class_list":["post-4812","page","type-page","status-publish","has-post-thumbnail","hentry"],"yoast_head":"<!-- This site is optimized with the Yoast SEO plugin v27.4 - https:\/\/yoast.com\/product\/yoast-seo-wordpress\/ -->\n<title>Lovers Canal Cruise Amsterdam - croisi\u00e8re sur les canaux d&#039;Amsterdam<\/title>\n<meta name=\"description\" content=\"Venez d\u00e9couvrir Amsterdam lors d&#039;une croisi\u00e8re sur les canaux ! Vous pouvez m\u00eame d\u00eener aux chandelles lors de cette visite ! Profitez de nos codes promo.\" \/>\n<meta name=\"robots\" content=\"index, follow, max-snippet:-1, max-image-preview:large, max-video-preview:-1\" \/>\n<link rel=\"canonical\" href=\"https:\/\/thingstodoinamsterdam.com\/fr\/croisiere-sur-les-canaux-amsterdam\/lovers\/\" \/>\n<meta property=\"og:locale\" content=\"fr_FR\" \/>\n<meta property=\"og:type\" content=\"article\" \/>\n<meta property=\"og:title\" content=\"Lovers Canal Cruise Amsterdam - croisi\u00e8re sur les canaux d&#039;Amsterdam\" \/>\n<meta property=\"og:description\" content=\"Venez d\u00e9couvrir Amsterdam lors d&#039;une croisi\u00e8re sur les canaux ! Vous pouvez m\u00eame d\u00eener aux chandelles lors de cette visite ! Profitez de nos codes promo.\" \/>\n<meta property=\"og:url\" content=\"https:\/\/thingstodoinamsterdam.com\/fr\/croisiere-sur-les-canaux-amsterdam\/lovers\/\" \/>\n<meta property=\"og:site_name\" content=\"ThingstodoinAmsterdam.com\" \/>\n<meta property=\"article:publisher\" content=\"https:\/\/www.facebook.com\/thingstodoinamsterdamcom\" \/>\n<meta property=\"article:modified_time\" content=\"2024-10-04T09:54:54+00:00\" \/>\n<meta property=\"og:image\" content=\"https:\/\/thingstodoinamsterdam.com\/wp-content\/uploads\/2019\/11\/1Hour-Canal-Cruise-Lovers.jpg\" \/>\n\t<meta property=\"og:image:width\" content=\"900\" \/>\n\t<meta property=\"og:image:height\" content=\"599\" \/>\n\t<meta property=\"og:image:type\" content=\"image\/jpeg\" \/>\n<meta name=\"twitter:card\" content=\"summary_large_image\" \/>\n<meta name=\"twitter:label1\" content=\"Est. reading time\" \/>\n\t<meta name=\"twitter:data1\" content=\"4 minutes\" \/>\n<script type=\"application\/ld+json\" class=\"yoast-schema-graph\">{\"@context\":\"https:\\\/\\\/schema.org\",\"@graph\":[{\"@type\":\"WebPage\",\"@id\":\"https:\\\/\\\/thingstodoinamsterdam.com\\\/fr\\\/croisiere-sur-les-canaux-amsterdam\\\/lovers\\\/\",\"url\":\"https:\\\/\\\/thingstodoinamsterdam.com\\\/fr\\\/croisiere-sur-les-canaux-amsterdam\\\/lovers\\\/\",\"name\":\"Lovers Canal Cruise Amsterdam - croisi\u00e8re sur les canaux d'Amsterdam\",\"isPartOf\":{\"@id\":\"https:\\\/\\\/thingstodoinamsterdam.com\\\/fr\\\/#website\"},\"primaryImageOfPage\":{\"@id\":\"https:\\\/\\\/thingstodoinamsterdam.com\\\/fr\\\/croisiere-sur-les-canaux-amsterdam\\\/lovers\\\/#primaryimage\"},\"image\":{\"@id\":\"https:\\\/\\\/thingstodoinamsterdam.com\\\/fr\\\/croisiere-sur-les-canaux-amsterdam\\\/lovers\\\/#primaryimage\"},\"thumbnailUrl\":\"https:\\\/\\\/thingstodoinamsterdam.com\\\/wp-content\\\/uploads\\\/2019\\\/11\\\/1Hour-Canal-Cruise-Lovers.jpg\",\"datePublished\":\"2020-01-03T09:18:21+00:00\",\"dateModified\":\"2024-10-04T09:54:54+00:00\",\"description\":\"Venez d\u00e9couvrir Amsterdam lors d'une croisi\u00e8re sur les canaux ! Vous pouvez m\u00eame d\u00eener aux chandelles lors de cette visite ! Profitez de nos codes promo.\",\"breadcrumb\":{\"@id\":\"https:\\\/\\\/thingstodoinamsterdam.com\\\/fr\\\/croisiere-sur-les-canaux-amsterdam\\\/lovers\\\/#breadcrumb\"},\"inLanguage\":\"fr\",\"potentialAction\":[{\"@type\":\"ReadAction\",\"target\":[\"https:\\\/\\\/thingstodoinamsterdam.com\\\/fr\\\/croisiere-sur-les-canaux-amsterdam\\\/lovers\\\/\"]}]},{\"@type\":\"ImageObject\",\"inLanguage\":\"fr\",\"@id\":\"https:\\\/\\\/thingstodoinamsterdam.com\\\/fr\\\/croisiere-sur-les-canaux-amsterdam\\\/lovers\\\/#primaryimage\",\"url\":\"https:\\\/\\\/thingstodoinamsterdam.com\\\/wp-content\\\/uploads\\\/2019\\\/11\\\/1Hour-Canal-Cruise-Lovers.jpg\",\"contentUrl\":\"https:\\\/\\\/thingstodoinamsterdam.com\\\/wp-content\\\/uploads\\\/2019\\\/11\\\/1Hour-Canal-Cruise-Lovers.jpg\",\"width\":900,\"height\":599,\"caption\":\"\u00a9 Twycer \\\/ www.twycer.nl\"},{\"@type\":\"BreadcrumbList\",\"@id\":\"https:\\\/\\\/thingstodoinamsterdam.com\\\/fr\\\/croisiere-sur-les-canaux-amsterdam\\\/lovers\\\/#breadcrumb\",\"itemListElement\":[{\"@type\":\"ListItem\",\"position\":1,\"name\":\"Visiter Amsterdam\",\"item\":\"https:\\\/\\\/thingstodoinamsterdam.com\\\/fr\\\/\"},{\"@type\":\"ListItem\",\"position\":2,\"name\":\"Trouvez la croisi\u00e8re id\u00e9ale sur les canaux d&#8217;Amsterdam !\",\"item\":\"https:\\\/\\\/thingstodoinamsterdam.com\\\/fr\\\/croisiere-sur-les-canaux-amsterdam\\\/\"},{\"@type\":\"ListItem\",\"position\":3,\"name\":\"Lovers Canal Cruise Amsterdam\"}]},{\"@type\":\"WebSite\",\"@id\":\"https:\\\/\\\/thingstodoinamsterdam.com\\\/fr\\\/#website\",\"url\":\"https:\\\/\\\/thingstodoinamsterdam.com\\\/fr\\\/\",\"name\":\"ThingstodoinAmsterdam.com\",\"description\":\"Amsterdam&#039;s highlights and hidden secrets\",\"publisher\":{\"@id\":\"https:\\\/\\\/thingstodoinamsterdam.com\\\/fr\\\/#organization\"},\"potentialAction\":[{\"@type\":\"SearchAction\",\"target\":{\"@type\":\"EntryPoint\",\"urlTemplate\":\"https:\\\/\\\/thingstodoinamsterdam.com\\\/fr\\\/?s={search_term_string}\"},\"query-input\":{\"@type\":\"PropertyValueSpecification\",\"valueRequired\":true,\"valueName\":\"search_term_string\"}}],\"inLanguage\":\"fr\"},{\"@type\":\"Organization\",\"@id\":\"https:\\\/\\\/thingstodoinamsterdam.com\\\/fr\\\/#organization\",\"name\":\"Visiter Amsterdam\",\"url\":\"https:\\\/\\\/thingstodoinamsterdam.com\\\/fr\\\/\",\"logo\":{\"@type\":\"ImageObject\",\"inLanguage\":\"fr\",\"@id\":\"https:\\\/\\\/thingstodoinamsterdam.com\\\/fr\\\/#\\\/schema\\\/logo\\\/image\\\/\",\"url\":\"https:\\\/\\\/thingstodoinamsterdam.com\\\/wp-content\\\/uploads\\\/2025\\\/02\\\/ThingsToDoInAmsterdam-Favicon-logo.png\",\"contentUrl\":\"https:\\\/\\\/thingstodoinamsterdam.com\\\/wp-content\\\/uploads\\\/2025\\\/02\\\/ThingsToDoInAmsterdam-Favicon-logo.png\",\"width\":512,\"height\":512,\"caption\":\"Visiter Amsterdam\"},\"image\":{\"@id\":\"https:\\\/\\\/thingstodoinamsterdam.com\\\/fr\\\/#\\\/schema\\\/logo\\\/image\\\/\"},\"sameAs\":[\"https:\\\/\\\/www.facebook.com\\\/thingstodoinamsterdamcom\"]}]}<\/script>\n<!-- \/ Yoast SEO plugin. -->","yoast_head_json":{"title":"Lovers Canal Cruise Amsterdam - croisi\u00e8re sur les canaux d'Amsterdam","description":"Venez d\u00e9couvrir Amsterdam lors d'une croisi\u00e8re sur les canaux ! Vous pouvez m\u00eame d\u00eener aux chandelles lors de cette visite ! Profitez de nos codes promo.","robots":{"index":"index","follow":"follow","max-snippet":"max-snippet:-1","max-image-preview":"max-image-preview:large","max-video-preview":"max-video-preview:-1"},"canonical":"https:\/\/thingstodoinamsterdam.com\/fr\/croisiere-sur-les-canaux-amsterdam\/lovers\/","og_locale":"fr_FR","og_type":"article","og_title":"Lovers Canal Cruise Amsterdam - croisi\u00e8re sur les canaux d'Amsterdam","og_description":"Venez d\u00e9couvrir Amsterdam lors d'une croisi\u00e8re sur les canaux ! Vous pouvez m\u00eame d\u00eener aux chandelles lors de cette visite ! Profitez de nos codes promo.","og_url":"https:\/\/thingstodoinamsterdam.com\/fr\/croisiere-sur-les-canaux-amsterdam\/lovers\/","og_site_name":"ThingstodoinAmsterdam.com","article_publisher":"https:\/\/www.facebook.com\/thingstodoinamsterdamcom","article_modified_time":"2024-10-04T09:54:54+00:00","og_image":[{"width":900,"height":599,"url":"https:\/\/thingstodoinamsterdam.com\/wp-content\/uploads\/2019\/11\/1Hour-Canal-Cruise-Lovers.jpg","type":"image\/jpeg"}],"twitter_card":"summary_large_image","twitter_misc":{"Est. reading time":"4 minutes"},"schema":{"@context":"https:\/\/schema.org","@graph":[{"@type":"WebPage","@id":"https:\/\/thingstodoinamsterdam.com\/fr\/croisiere-sur-les-canaux-amsterdam\/lovers\/","url":"https:\/\/thingstodoinamsterdam.com\/fr\/croisiere-sur-les-canaux-amsterdam\/lovers\/","name":"Lovers Canal Cruise Amsterdam - croisi\u00e8re sur les canaux d'Amsterdam","isPartOf":{"@id":"https:\/\/thingstodoinamsterdam.com\/fr\/#website"},"primaryImageOfPage":{"@id":"https:\/\/thingstodoinamsterdam.com\/fr\/croisiere-sur-les-canaux-amsterdam\/lovers\/#primaryimage"},"image":{"@id":"https:\/\/thingstodoinamsterdam.com\/fr\/croisiere-sur-les-canaux-amsterdam\/lovers\/#primaryimage"},"thumbnailUrl":"https:\/\/thingstodoinamsterdam.com\/wp-content\/uploads\/2019\/11\/1Hour-Canal-Cruise-Lovers.jpg","datePublished":"2020-01-03T09:18:21+00:00","dateModified":"2024-10-04T09:54:54+00:00","description":"Venez d\u00e9couvrir Amsterdam lors d'une croisi\u00e8re sur les canaux ! Vous pouvez m\u00eame d\u00eener aux chandelles lors de cette visite ! Profitez de nos codes promo.","breadcrumb":{"@id":"https:\/\/thingstodoinamsterdam.com\/fr\/croisiere-sur-les-canaux-amsterdam\/lovers\/#breadcrumb"},"inLanguage":"fr","potentialAction":[{"@type":"ReadAction","target":["https:\/\/thingstodoinamsterdam.com\/fr\/croisiere-sur-les-canaux-amsterdam\/lovers\/"]}]},{"@type":"ImageObject","inLanguage":"fr","@id":"https:\/\/thingstodoinamsterdam.com\/fr\/croisiere-sur-les-canaux-amsterdam\/lovers\/#primaryimage","url":"https:\/\/thingstodoinamsterdam.com\/wp-content\/uploads\/2019\/11\/1Hour-Canal-Cruise-Lovers.jpg","contentUrl":"https:\/\/thingstodoinamsterdam.com\/wp-content\/uploads\/2019\/11\/1Hour-Canal-Cruise-Lovers.jpg","width":900,"height":599,"caption":"\u00a9 Twycer \/ www.twycer.nl"},{"@type":"BreadcrumbList","@id":"https:\/\/thingstodoinamsterdam.com\/fr\/croisiere-sur-les-canaux-amsterdam\/lovers\/#breadcrumb","itemListElement":[{"@type":"ListItem","position":1,"name":"Visiter Amsterdam","item":"https:\/\/thingstodoinamsterdam.com\/fr\/"},{"@type":"ListItem","position":2,"name":"Trouvez la croisi\u00e8re id\u00e9ale sur les canaux d&#8217;Amsterdam !","item":"https:\/\/thingstodoinamsterdam.com\/fr\/croisiere-sur-les-canaux-amsterdam\/"},{"@type":"ListItem","position":3,"name":"Lovers Canal Cruise Amsterdam"}]},{"@type":"WebSite","@id":"https:\/\/thingstodoinamsterdam.com\/fr\/#website","url":"https:\/\/thingstodoinamsterdam.com\/fr\/","name":"ThingstodoinAmsterdam.com","description":"Amsterdam&#039;s highlights and hidden secrets","publisher":{"@id":"https:\/\/thingstodoinamsterdam.com\/fr\/#organization"},"potentialAction":[{"@type":"SearchAction","target":{"@type":"EntryPoint","urlTemplate":"https:\/\/thingstodoinamsterdam.com\/fr\/?s={search_term_string}"},"query-input":{"@type":"PropertyValueSpecification","valueRequired":true,"valueName":"search_term_string"}}],"inLanguage":"fr"},{"@type":"Organization","@id":"https:\/\/thingstodoinamsterdam.com\/fr\/#organization","name":"Visiter Amsterdam","url":"https:\/\/thingstodoinamsterdam.com\/fr\/","logo":{"@type":"ImageObject","inLanguage":"fr","@id":"https:\/\/thingstodoinamsterdam.com\/fr\/#\/schema\/logo\/image\/","url":"https:\/\/thingstodoinamsterdam.com\/wp-content\/uploads\/2025\/02\/ThingsToDoInAmsterdam-Favicon-logo.png","contentUrl":"https:\/\/thingstodoinamsterdam.com\/wp-content\/uploads\/2025\/02\/ThingsToDoInAmsterdam-Favicon-logo.png","width":512,"height":512,"caption":"Visiter Amsterdam"},"image":{"@id":"https:\/\/thingstodoinamsterdam.com\/fr\/#\/schema\/logo\/image\/"},"sameAs":["https:\/\/www.facebook.com\/thingstodoinamsterdamcom"]}]}},"_links":{"self":[{"href":"https:\/\/thingstodoinamsterdam.com\/fr\/wp-json\/wp\/v2\/pages\/4812","targetHints":{"allow":["GET"]}}],"collection":[{"href":"https:\/\/thingstodoinamsterdam.com\/fr\/wp-json\/wp\/v2\/pages"}],"about":[{"href":"https:\/\/thingstodoinamsterdam.com\/fr\/wp-json\/wp\/v2\/types\/page"}],"author":[{"embeddable":true,"href":"https:\/\/thingstodoinamsterdam.com\/fr\/wp-json\/wp\/v2\/users\/20"}],"replies":[{"embeddable":true,"href":"https:\/\/thingstodoinamsterdam.com\/fr\/wp-json\/wp\/v2\/comments?post=4812"}],"version-history":[{"count":7,"href":"https:\/\/thingstodoinamsterdam.com\/fr\/wp-json\/wp\/v2\/pages\/4812\/revisions"}],"predecessor-version":[{"id":1524203,"href":"https:\/\/thingstodoinamsterdam.com\/fr\/wp-json\/wp\/v2\/pages\/4812\/revisions\/1524203"}],"up":[{"embeddable":true,"href":"https:\/\/thingstodoinamsterdam.com\/fr\/wp-json\/wp\/v2\/pages\/409"}],"wp:featuredmedia":[{"embeddable":true,"href":"https:\/\/thingstodoinamsterdam.com\/fr\/wp-json\/wp\/v2\/media\/4191"}],"wp:attachment":[{"href":"https:\/\/thingstodoinamsterdam.com\/fr\/wp-json\/wp\/v2\/media?parent=4812"}],"curies":[{"name":"wp","href":"https:\/\/api.w.org\/{rel}","templated":true}]}}