{"id":4849,"date":"2020-01-07T08:57:31","date_gmt":"2020-01-07T07:57:31","guid":{"rendered":"https:\/\/thingstodoinamsterdam.com\/?page_id=4849"},"modified":"2025-08-29T16:52:46","modified_gmt":"2025-08-29T14:52:46","slug":"foam-museum","status":"publish","type":"page","link":"https:\/\/thingstodoinamsterdam.com\/fr\/musees-amsterdam\/foam-museum\/","title":{"rendered":"Foam Amsterdam &#8211; mus\u00e9e de la photographie"},"content":{"rendered":"<div class=\"wpb-content-wrapper\"><p>[vc_row][vc_column][vc_column_text]<\/p>\n<figure id=\"attachment_4517\" aria-describedby=\"caption-attachment-4517\" style=\"width: 225px\" class=\"wp-caption alignright\"><img decoding=\"async\" class=\"wp-image-4517 size-medium\" src=\"https:\/\/thingstodoinamsterdam.com\/wp-content\/uploads\/2019\/08\/foam-building-amsterdam-225x300.jpeg\" alt=\"foam museum building amsterdam\" width=\"225\" height=\"300\" \/><figcaption id=\"caption-attachment-4517\" class=\"wp-caption-text\">Entr\u00e9e du Foam Museum<\/figcaption><\/figure>\n<p><span style=\"font-weight: 400;\">Le Foam Museum pr\u00e9sente le meilleur de la photographie, un art puissant et unique. Situ\u00e9 le long du canal <\/span><span style=\"font-weight: 400;\">Keizersgracht, la galerie se trouve \u00e0 l&#8217;int\u00e9rieur d&#8217;un b\u00e2timent centenaire.<\/span><\/p>\n<p>Aujourd&#8217;hui, Foam Amsterdam est le mus\u00e9e de la photographie le plus visit\u00e9 aux Pays-Bas.<\/p>\n<p>Avec son accent sur la photographie contemporaine souvent port\u00e9e sur les challenges de la soci\u00e9t\u00e9, le mus\u00e9e maintien une image actuelle sur le monde de l&#8217;art.<br \/>\nIl expose des oeuvres de photographes connus et\/ou prometteurs, donnant \u00e0 chacun une chance de pr\u00e9senter son travail artistique.<\/p>\n<p>&gt; Les engagements Fotografiemuseum (Foam) : production de magazines, proposition de programmes scolaires destin\u00e9s aux enfants int\u00e9ress\u00e9s par l&#8217;art de la photographie, participation \u00e0 un programme de sensibilisation afin d&#8217;amener la photographie dans les r\u00e9gions qui en ont besoin.[\/vc_column_text][button title=&#8221;Achetez vos billets sur Tours&amp;Tickets.com pour le Foam Amsterdam Museum&#8221; link=&#8221;https:\/\/thingstodoinamsterdam.com\/ticketlinkfr-foam-amsterdam-tours-std&#8221; button_align=&#8221;center&#8221; target=&#8221;true&#8221; nofollow=&#8221;true&#8221; el_id=&#8221;1565009687944-af0249db-df7a&#8221;][vc_column_text]<\/p>\n<p style=\"text-align: center;\"><strong>\u2013 Achetez vos billets sur\u00a0Tours-tickets.com\u00a0avec notre code promo\u00a0\u00a0<mark>\u2018THINGSTODO10\u2019<\/mark>\u00a0et obtenez 10% de r\u00e9duction \u2013<\/strong><\/p>\n<p>[\/vc_column_text][vc_column_text]<\/p>\n<figure id=\"attachment_4640\" aria-describedby=\"caption-attachment-4640\" style=\"width: 300px\" class=\"wp-caption alignright\"><img decoding=\"async\" class=\"wp-image-4640 size-medium\" src=\"https:\/\/thingstodoinamsterdam.com\/wp-content\/uploads\/2019\/08\/20180315_141530-300x225.jpg\" alt=\"foam museum artwork water\" width=\"300\" height=\"225\" \/><figcaption id=\"caption-attachment-4640\" class=\"wp-caption-text\">&#8220;River and Sky&#8221; by Matthew Brandt<\/figcaption><\/figure>\n<h3>Horaires d&#8217;ouverture du Foam Amsterdam<\/h3>\n<p>Le mus\u00e9e de la photographie Foam est ouvert tous les jours. Cependant, veuillez noter que parfois le mus\u00e9e organise des \u00e9v\u00e8nements et que certaines expositions ne sont pas accessibles.<\/p>\n<table style=\"width: 538px; height: 77px;\">\n<tbody>\n<tr>\n<td>du lundi au mercredi<\/p>\n<p>le samedi et dimanche<\/td>\n<td>\u00a010:00 &#8211; 18:00<\/td>\n<\/tr>\n<tr>\n<td>le jeudi et vendredi<\/td>\n<td>\u00a010:00 &#8211; 21:00<\/td>\n<\/tr>\n<\/tbody>\n<\/table>\n<p>[\/vc_column_text][vc_column_text]<\/p>\n<h3>Tarifs, billets et r\u00e9ductions pour le Foam Amsterdam Museum<\/h3>\n<p>Vous pouvez acheter vos billets directement \u00e0 l&#8217;entr\u00e9e du mus\u00e9e de la photographie Foam. Toutefois, si vous ne voulez pas perdre une minute, achetez vos billets en ligne et profitez de r\u00e9ductions !<\/p>\n<table style=\"width: 357px; height: 61px;\">\n<tbody>\n<tr>\n<td>Adultes<\/td>\n<td>12,50\u20ac<\/td>\n<\/tr>\n<tr>\n<td>\u00c9tudiants (carte \u00e9tudiante valide)<\/td>\n<td>9,50\u20ac<\/td>\n<\/tr>\n<tr>\n<td>Enfants de moins de 12 ans<\/td>\n<td>Gratuit<\/td>\n<\/tr>\n<\/tbody>\n<\/table>\n<p>[\/vc_column_text][button title=&#8221;Achetez vos billets sur Tours&amp;Tickets.com pour le Foam Amsterdam Museum&#8221; link=&#8221;https:\/\/thingstodoinamsterdam.com\/ticketlinkfr-foam-amsterdam-tours-std&#8221; button_align=&#8221;center&#8221; target=&#8221;true&#8221; nofollow=&#8221;true&#8221; el_id=&#8221;1578386469315-93923ecf-bb5d&#8221;][vc_column_text]<\/p>\n<p style=\"text-align: center;\"><strong>\u2013 Achetez vos billets sur\u00a0Tours-tickets.com\u00a0avec notre code promo\u00a0\u00a0<mark>\u2018THINGSTODO10\u2019<\/mark>\u00a0et obtenez 10% de r\u00e9duction \u2013<\/strong><\/p>\n<p>[\/vc_column_text][vc_column_text]<\/p>\n<h3>Adresse et informations suppl\u00e9mentaires pour le Foam Museum<\/h3>\n<figure id=\"attachment_4637\" aria-describedby=\"caption-attachment-4637\" style=\"width: 300px\" class=\"wp-caption alignright\"><img decoding=\"async\" class=\"size-medium wp-image-4637\" src=\"https:\/\/thingstodoinamsterdam.com\/wp-content\/uploads\/2019\/08\/20180315_141758-300x225.jpg\" alt=\"\" width=\"300\" height=\"225\" \/><figcaption id=\"caption-attachment-4637\" class=\"wp-caption-text\">Foam Museum le long du canal Keizersgracht<\/figcaption><\/figure>\n<p><strong>Adresse<br \/>\n<\/strong>Keizersgracht 609<br \/>\n1017 DS Amsterdam<br \/>\nTel:+31 (0)20 551 6500<\/p>\n<div class=\"mceTemp\"><\/div>\n<p>[\/vc_column_text][vc_column_text]<\/p>\n<h3>Transports publics<\/h3>\n<p>Vous pouvez vous rendre au mus\u00e9e de la photographie \u00e0 pied ou avec les transports publics. Veuillez noter que si vous prenez le m\u00e9tro, il faudra marcher 15-20 minutes pour rejoindre le mus\u00e9e Foam.<\/p>\n<p><b>M\u00e9tro \u00e0 partir d&#8217;Amsterdam Centraal Station<\/b><\/p>\n<ul>\n<li>M\u00e9tro 54, en direction de Gein &#8211; arr\u00eat \u00e0 Waterlooplein<\/li>\n<li>M\u00e9tro 51, en direction de Westwijk &#8211; arr\u00eat \u00e0 Waterlooplein<\/li>\n<\/ul>\n<p><b>Tram \u00e0 partir d&#8217;Amsterdam Centraal Station<\/b><\/p>\n<ul>\n<li>Tram 24, en direction de VU Medisch centrum &#8211; arr\u00eat \u00e0 Muntplein<\/li>\n<li>Tram 9, en direction de Diemen &#8211; arr\u00eat \u00e0 Rembrandtplein<\/li>\n<\/ul>\n<p>Pour vous renseigner sur les temps de trajet actuels, vous pouvez utiliser le widget ci-dessous en fonction de votre position actuelle. Cette application vous aidera lorsque vous ne savez pas quel bus ou tram vous pouvez emprunter depuis votre position.<\/p>\n<p><a href=\"http:\/\/9292.nl\/en\/?to=amsterdam_foam-museum\"><img decoding=\"async\" class=\"alignnone size-medium wp-image-3080\" src=\"https:\/\/thingstodoinamsterdam.com\/wp-content\/uploads\/2019\/07\/Button-Plan-mijn-OV-reis-EN-300x54.png\" alt=\"\" width=\"300\" height=\"54\" \/><\/a>[\/vc_column_text][g_map heading=&#8221;Foam Museum&#8221; el_id=&#8221;1565009950272-86ea546e-6b59&#8243;]<iframe style=\"border: 0;\" src=\"https:\/\/www.google.com\/maps\/embed?pb=!1m18!1m12!1m3!1d2436.349286985512!2d4.891128351178669!3d52.36408627968579!2m3!1f0!2f0!3f0!3m2!1i1024!2i768!4f13.1!3m3!1m2!1s0x47c60974445cf937%3A0x102f25b88f723a01!2sFoam!5e0!3m2!1sen!2sde!4v1516640203063\" width=\"600\" height=\"450\" frameborder=\"0\" allowfullscreen=\"allowfullscreen\"><\/iframe>[\/g_map][vc_column_text]<\/p>\n<h3>Foire Aux Questions \u00e0 propos du Foam Amsterdam Museum<\/h3>\n<ol>\n<li style=\"list-style-type: none;\">\n<ol>\n<li><strong>Le mus\u00e9e de la photographie est-il accessible en fauteuil roulant ?<\/strong><br \/>\nMalheureusement, le mus\u00e9e Foam n&#8217;est pas enti\u00e8rement accessible aux personnes en fauteuil roulant. L&#8217;exposition se trouve dans un b\u00e2timent centenaire et il n&#8217;y a pas d&#8217;ascenseur. Toutefois, vous pouvez contacter le mus\u00e9e pour discuter de possibles alternatives.<\/li>\n<li><strong>Puis-je me restaurer \u00e0 l&#8217;int\u00e9rieur du Foam Museum ?<\/strong><br \/>\nIl y a un caf\u00e9 au sein du Foam Museum, vous pouvez donc grignoter rapidement ou alors r\u00e9server une table pour d\u00eener.<\/li>\n<li><strong>Puis-je utiliser ma carte I amsterdam city card ?<\/strong><br \/>\nOui ! L&#8217;entr\u00e9e au Foam Amsterdam Museum est gratuite avec cette carte.<\/li>\n<\/ol>\n<\/li>\n<\/ol>\n<p>[\/vc_column_text][\/vc_column][\/vc_row][vc_row][vc_column][reviews heading=&#8221;Foam Museum Reviews&#8221; description=&#8221;Nous sommes toujours int\u00e9ress\u00e9s en ce qui concerne les exp\u00e9riences de nos visiteurs. Dites-nous ce que vous avez pens\u00e9 du mus\u00e9e de la photographie Foam et aidez les autres voyageurs !&#8221; item_name=&#8221;Foam Museum&#8221; item_image=&#8221;1575&#8243; item_tel=&#8221;020 551 6500&#8243; item_web=&#8221;https:\/\/www.foam.org\/nl\/home&#8221; item_address=&#8221;Keizersgracht 609&#8243; item_city=&#8221;Amsterdam&#8221; item_postal_code=&#8221;1017 DS&#8221; item_country=&#8221;NLD&#8221; el_id=&#8221;1565010004183-1540c672-c29c&#8221;][\/reviews][vc_column_text]<\/p>\n<p><strong>Jetez un oeil \u00e0 l\u2019un des mus\u00e9es ci-dessous ou revenez \u00e0 la page g\u00e9n\u00e9rale concernant\u00a0<a href=\"https:\/\/thingstodoinamsterdam.com\/fr\/musees-amsterdam\/\">les mus\u00e9es d\u2019Amsterdam<\/a>.<\/strong><\/p>\n<p>[\/vc_column_text][\/vc_column][\/vc_row][vc_row][vc_column][promo_block style_var=&#8221;style2&#8243; el_id=&#8221;1565010087757-05ced4d4-e238&#8243;][promo link=&#8221;url:https%3A%2F%2Fthingstodoinamsterdam.com%2Ffr%2Fmusees-amsterdam%2Fle-rijksmuseum%2F|title:Rijksmuseum||&#8221; text=&#8221;Venez d\u00e9couvrir l&#8217;oeuvre mondialement connue de Rembrandt.&#8221; img=&#8221;1089&#8243;][promo link=&#8221;url:https%3A%2F%2Fthingstodoinamsterdam.com%2Ffr%2Fmusees-amsterdam%2Fle-musee-stedelijk%2F|title:Stedelijk%20Museum||&#8221; text=&#8221;Ce mus\u00e9e fascinant vous transportera dans l&#8217;art contemporain !&#8221; img=&#8221;1674&#8243;][promo link=&#8221;url:https%3A%2F%2Fthingstodoinamsterdam.com%2Ffr%2Fmusees-amsterdam%2Fmusee-nemo-amsterdam%2F|title:NEMO%20Science%20Center||&#8221; text=&#8221;Faites une pause avec l&#8217;art et venez visiter le mus\u00e9e des sciences.&#8221; img=&#8221;2144&#8243;][\/promo_block][\/vc_column][\/vc_row]<\/p>\n<\/div>","protected":false},"excerpt":{"rendered":"<p>[vc_row][vc_column][vc_column_text] Le Foam Museum pr\u00e9sente le meilleur de la photographie, un art puissant et unique. Situ\u00e9 le long du canal Keizersgracht, la galerie se trouve\u2026<\/p>\n","protected":false},"author":20,"featured_media":2143,"parent":417,"menu_order":0,"comment_status":"closed","ping_status":"closed","template":"","meta":{"footnotes":""},"class_list":["post-4849","page","type-page","status-publish","has-post-thumbnail","hentry"],"yoast_head":"<!-- This site is optimized with the Yoast SEO plugin v27.4 - https:\/\/yoast.com\/product\/yoast-seo-wordpress\/ -->\n<title>Foam Amsterdam - mus\u00e9e de la photographie - le mus\u00e9e de la photographie le plus visit\u00e9 aux Pays-Bas<\/title>\n<meta name=\"description\" content=\"Plongez dans le monde de la photographie au Foam Amsterdam Museum et d\u00e9couvrez des oeuvres uniques. Consultez nos tarifs et r\u00e9ductions...\" \/>\n<meta name=\"robots\" content=\"index, follow, max-snippet:-1, max-image-preview:large, max-video-preview:-1\" \/>\n<link rel=\"canonical\" href=\"https:\/\/thingstodoinamsterdam.com\/fr\/musees-amsterdam\/foam-museum\/\" \/>\n<meta property=\"og:locale\" content=\"fr_FR\" \/>\n<meta property=\"og:type\" content=\"article\" \/>\n<meta property=\"og:title\" content=\"Foam Amsterdam - mus\u00e9e de la photographie - le mus\u00e9e de la photographie le plus visit\u00e9 aux Pays-Bas\" \/>\n<meta property=\"og:description\" content=\"Plongez dans le monde de la photographie au Foam Amsterdam Museum et d\u00e9couvrez des oeuvres uniques. Consultez nos tarifs et r\u00e9ductions...\" \/>\n<meta property=\"og:url\" content=\"https:\/\/thingstodoinamsterdam.com\/fr\/musees-amsterdam\/foam-museum\/\" \/>\n<meta property=\"og:site_name\" content=\"ThingstodoinAmsterdam.com\" \/>\n<meta property=\"article:publisher\" content=\"https:\/\/www.facebook.com\/thingstodoinamsterdamcom\" \/>\n<meta property=\"article:modified_time\" content=\"2025-08-29T14:52:46+00:00\" \/>\n<meta property=\"og:image\" content=\"https:\/\/thingstodoinamsterdam.com\/wp-content\/uploads\/2019\/08\/foam-building-amsterdam-225x300.jpeg\" \/>\n\t<meta property=\"og:image:width\" content=\"225\" \/>\n\t<meta property=\"og:image:height\" content=\"300\" \/>\n\t<meta property=\"og:image:type\" content=\"image\/jpeg\" \/>\n<meta name=\"twitter:card\" content=\"summary_large_image\" \/>\n<meta name=\"twitter:label1\" content=\"Est. reading time\" \/>\n\t<meta name=\"twitter:data1\" content=\"4 minutes\" \/>\n<script type=\"application\/ld+json\" class=\"yoast-schema-graph\">{\"@context\":\"https:\\\/\\\/schema.org\",\"@graph\":[{\"@type\":\"WebPage\",\"@id\":\"https:\\\/\\\/thingstodoinamsterdam.com\\\/fr\\\/musees-amsterdam\\\/foam-museum\\\/\",\"url\":\"https:\\\/\\\/thingstodoinamsterdam.com\\\/fr\\\/musees-amsterdam\\\/foam-museum\\\/\",\"name\":\"Foam Amsterdam - mus\u00e9e de la photographie - le mus\u00e9e de la photographie le plus visit\u00e9 aux Pays-Bas\",\"isPartOf\":{\"@id\":\"https:\\\/\\\/thingstodoinamsterdam.com\\\/fr\\\/#website\"},\"primaryImageOfPage\":{\"@id\":\"https:\\\/\\\/thingstodoinamsterdam.com\\\/fr\\\/musees-amsterdam\\\/foam-museum\\\/#primaryimage\"},\"image\":{\"@id\":\"https:\\\/\\\/thingstodoinamsterdam.com\\\/fr\\\/musees-amsterdam\\\/foam-museum\\\/#primaryimage\"},\"thumbnailUrl\":\"https:\\\/\\\/thingstodoinamsterdam.com\\\/wp-content\\\/uploads\\\/2019\\\/08\\\/foam-building-amsterdam-225x300.jpeg\",\"datePublished\":\"2020-01-07T07:57:31+00:00\",\"dateModified\":\"2025-08-29T14:52:46+00:00\",\"description\":\"Plongez dans le monde de la photographie au Foam Amsterdam Museum et d\u00e9couvrez des oeuvres uniques. Consultez nos tarifs et r\u00e9ductions...\",\"breadcrumb\":{\"@id\":\"https:\\\/\\\/thingstodoinamsterdam.com\\\/fr\\\/musees-amsterdam\\\/foam-museum\\\/#breadcrumb\"},\"inLanguage\":\"fr\",\"potentialAction\":[{\"@type\":\"ReadAction\",\"target\":[\"https:\\\/\\\/thingstodoinamsterdam.com\\\/fr\\\/musees-amsterdam\\\/foam-museum\\\/\"]}]},{\"@type\":\"ImageObject\",\"inLanguage\":\"fr\",\"@id\":\"https:\\\/\\\/thingstodoinamsterdam.com\\\/fr\\\/musees-amsterdam\\\/foam-museum\\\/#primaryimage\",\"url\":\"https:\\\/\\\/thingstodoinamsterdam.com\\\/wp-content\\\/uploads\\\/2019\\\/08\\\/foam-building-amsterdam-225x300.jpeg\",\"contentUrl\":\"https:\\\/\\\/thingstodoinamsterdam.com\\\/wp-content\\\/uploads\\\/2019\\\/08\\\/foam-building-amsterdam-225x300.jpeg\",\"width\":225,\"height\":300,\"caption\":\"foam ingang\"},{\"@type\":\"BreadcrumbList\",\"@id\":\"https:\\\/\\\/thingstodoinamsterdam.com\\\/fr\\\/musees-amsterdam\\\/foam-museum\\\/#breadcrumb\",\"itemListElement\":[{\"@type\":\"ListItem\",\"position\":1,\"name\":\"Visiter Amsterdam\",\"item\":\"https:\\\/\\\/thingstodoinamsterdam.com\\\/fr\\\/\"},{\"@type\":\"ListItem\",\"position\":2,\"name\":\"Mus\u00e9es \u00e0 Amsterdam\",\"item\":\"https:\\\/\\\/thingstodoinamsterdam.com\\\/fr\\\/musees-amsterdam\\\/\"},{\"@type\":\"ListItem\",\"position\":3,\"name\":\"Foam Amsterdam &#8211; mus\u00e9e de la photographie\"}]},{\"@type\":\"WebSite\",\"@id\":\"https:\\\/\\\/thingstodoinamsterdam.com\\\/fr\\\/#website\",\"url\":\"https:\\\/\\\/thingstodoinamsterdam.com\\\/fr\\\/\",\"name\":\"ThingstodoinAmsterdam.com\",\"description\":\"Amsterdam&#039;s highlights and hidden secrets\",\"publisher\":{\"@id\":\"https:\\\/\\\/thingstodoinamsterdam.com\\\/fr\\\/#organization\"},\"potentialAction\":[{\"@type\":\"SearchAction\",\"target\":{\"@type\":\"EntryPoint\",\"urlTemplate\":\"https:\\\/\\\/thingstodoinamsterdam.com\\\/fr\\\/?s={search_term_string}\"},\"query-input\":{\"@type\":\"PropertyValueSpecification\",\"valueRequired\":true,\"valueName\":\"search_term_string\"}}],\"inLanguage\":\"fr\"},{\"@type\":\"Organization\",\"@id\":\"https:\\\/\\\/thingstodoinamsterdam.com\\\/fr\\\/#organization\",\"name\":\"Visiter Amsterdam\",\"url\":\"https:\\\/\\\/thingstodoinamsterdam.com\\\/fr\\\/\",\"logo\":{\"@type\":\"ImageObject\",\"inLanguage\":\"fr\",\"@id\":\"https:\\\/\\\/thingstodoinamsterdam.com\\\/fr\\\/#\\\/schema\\\/logo\\\/image\\\/\",\"url\":\"https:\\\/\\\/thingstodoinamsterdam.com\\\/wp-content\\\/uploads\\\/2025\\\/02\\\/ThingsToDoInAmsterdam-Favicon-logo.png\",\"contentUrl\":\"https:\\\/\\\/thingstodoinamsterdam.com\\\/wp-content\\\/uploads\\\/2025\\\/02\\\/ThingsToDoInAmsterdam-Favicon-logo.png\",\"width\":512,\"height\":512,\"caption\":\"Visiter Amsterdam\"},\"image\":{\"@id\":\"https:\\\/\\\/thingstodoinamsterdam.com\\\/fr\\\/#\\\/schema\\\/logo\\\/image\\\/\"},\"sameAs\":[\"https:\\\/\\\/www.facebook.com\\\/thingstodoinamsterdamcom\"]}]}<\/script>\n<!-- \/ Yoast SEO plugin. -->","yoast_head_json":{"title":"Foam Amsterdam - mus\u00e9e de la photographie - le mus\u00e9e de la photographie le plus visit\u00e9 aux Pays-Bas","description":"Plongez dans le monde de la photographie au Foam Amsterdam Museum et d\u00e9couvrez des oeuvres uniques. Consultez nos tarifs et r\u00e9ductions...","robots":{"index":"index","follow":"follow","max-snippet":"max-snippet:-1","max-image-preview":"max-image-preview:large","max-video-preview":"max-video-preview:-1"},"canonical":"https:\/\/thingstodoinamsterdam.com\/fr\/musees-amsterdam\/foam-museum\/","og_locale":"fr_FR","og_type":"article","og_title":"Foam Amsterdam - mus\u00e9e de la photographie - le mus\u00e9e de la photographie le plus visit\u00e9 aux Pays-Bas","og_description":"Plongez dans le monde de la photographie au Foam Amsterdam Museum et d\u00e9couvrez des oeuvres uniques. Consultez nos tarifs et r\u00e9ductions...","og_url":"https:\/\/thingstodoinamsterdam.com\/fr\/musees-amsterdam\/foam-museum\/","og_site_name":"ThingstodoinAmsterdam.com","article_publisher":"https:\/\/www.facebook.com\/thingstodoinamsterdamcom","article_modified_time":"2025-08-29T14:52:46+00:00","og_image":[{"width":225,"height":300,"url":"https:\/\/thingstodoinamsterdam.com\/wp-content\/uploads\/2019\/08\/foam-building-amsterdam-225x300.jpeg","type":"image\/jpeg"}],"twitter_card":"summary_large_image","twitter_misc":{"Est. reading time":"4 minutes"},"schema":{"@context":"https:\/\/schema.org","@graph":[{"@type":"WebPage","@id":"https:\/\/thingstodoinamsterdam.com\/fr\/musees-amsterdam\/foam-museum\/","url":"https:\/\/thingstodoinamsterdam.com\/fr\/musees-amsterdam\/foam-museum\/","name":"Foam Amsterdam - mus\u00e9e de la photographie - le mus\u00e9e de la photographie le plus visit\u00e9 aux Pays-Bas","isPartOf":{"@id":"https:\/\/thingstodoinamsterdam.com\/fr\/#website"},"primaryImageOfPage":{"@id":"https:\/\/thingstodoinamsterdam.com\/fr\/musees-amsterdam\/foam-museum\/#primaryimage"},"image":{"@id":"https:\/\/thingstodoinamsterdam.com\/fr\/musees-amsterdam\/foam-museum\/#primaryimage"},"thumbnailUrl":"https:\/\/thingstodoinamsterdam.com\/wp-content\/uploads\/2019\/08\/foam-building-amsterdam-225x300.jpeg","datePublished":"2020-01-07T07:57:31+00:00","dateModified":"2025-08-29T14:52:46+00:00","description":"Plongez dans le monde de la photographie au Foam Amsterdam Museum et d\u00e9couvrez des oeuvres uniques. Consultez nos tarifs et r\u00e9ductions...","breadcrumb":{"@id":"https:\/\/thingstodoinamsterdam.com\/fr\/musees-amsterdam\/foam-museum\/#breadcrumb"},"inLanguage":"fr","potentialAction":[{"@type":"ReadAction","target":["https:\/\/thingstodoinamsterdam.com\/fr\/musees-amsterdam\/foam-museum\/"]}]},{"@type":"ImageObject","inLanguage":"fr","@id":"https:\/\/thingstodoinamsterdam.com\/fr\/musees-amsterdam\/foam-museum\/#primaryimage","url":"https:\/\/thingstodoinamsterdam.com\/wp-content\/uploads\/2019\/08\/foam-building-amsterdam-225x300.jpeg","contentUrl":"https:\/\/thingstodoinamsterdam.com\/wp-content\/uploads\/2019\/08\/foam-building-amsterdam-225x300.jpeg","width":225,"height":300,"caption":"foam ingang"},{"@type":"BreadcrumbList","@id":"https:\/\/thingstodoinamsterdam.com\/fr\/musees-amsterdam\/foam-museum\/#breadcrumb","itemListElement":[{"@type":"ListItem","position":1,"name":"Visiter Amsterdam","item":"https:\/\/thingstodoinamsterdam.com\/fr\/"},{"@type":"ListItem","position":2,"name":"Mus\u00e9es \u00e0 Amsterdam","item":"https:\/\/thingstodoinamsterdam.com\/fr\/musees-amsterdam\/"},{"@type":"ListItem","position":3,"name":"Foam Amsterdam &#8211; mus\u00e9e de la photographie"}]},{"@type":"WebSite","@id":"https:\/\/thingstodoinamsterdam.com\/fr\/#website","url":"https:\/\/thingstodoinamsterdam.com\/fr\/","name":"ThingstodoinAmsterdam.com","description":"Amsterdam&#039;s highlights and hidden secrets","publisher":{"@id":"https:\/\/thingstodoinamsterdam.com\/fr\/#organization"},"potentialAction":[{"@type":"SearchAction","target":{"@type":"EntryPoint","urlTemplate":"https:\/\/thingstodoinamsterdam.com\/fr\/?s={search_term_string}"},"query-input":{"@type":"PropertyValueSpecification","valueRequired":true,"valueName":"search_term_string"}}],"inLanguage":"fr"},{"@type":"Organization","@id":"https:\/\/thingstodoinamsterdam.com\/fr\/#organization","name":"Visiter Amsterdam","url":"https:\/\/thingstodoinamsterdam.com\/fr\/","logo":{"@type":"ImageObject","inLanguage":"fr","@id":"https:\/\/thingstodoinamsterdam.com\/fr\/#\/schema\/logo\/image\/","url":"https:\/\/thingstodoinamsterdam.com\/wp-content\/uploads\/2025\/02\/ThingsToDoInAmsterdam-Favicon-logo.png","contentUrl":"https:\/\/thingstodoinamsterdam.com\/wp-content\/uploads\/2025\/02\/ThingsToDoInAmsterdam-Favicon-logo.png","width":512,"height":512,"caption":"Visiter Amsterdam"},"image":{"@id":"https:\/\/thingstodoinamsterdam.com\/fr\/#\/schema\/logo\/image\/"},"sameAs":["https:\/\/www.facebook.com\/thingstodoinamsterdamcom"]}]}},"_links":{"self":[{"href":"https:\/\/thingstodoinamsterdam.com\/fr\/wp-json\/wp\/v2\/pages\/4849","targetHints":{"allow":["GET"]}}],"collection":[{"href":"https:\/\/thingstodoinamsterdam.com\/fr\/wp-json\/wp\/v2\/pages"}],"about":[{"href":"https:\/\/thingstodoinamsterdam.com\/fr\/wp-json\/wp\/v2\/types\/page"}],"author":[{"embeddable":true,"href":"https:\/\/thingstodoinamsterdam.com\/fr\/wp-json\/wp\/v2\/users\/20"}],"replies":[{"embeddable":true,"href":"https:\/\/thingstodoinamsterdam.com\/fr\/wp-json\/wp\/v2\/comments?post=4849"}],"version-history":[{"count":5,"href":"https:\/\/thingstodoinamsterdam.com\/fr\/wp-json\/wp\/v2\/pages\/4849\/revisions"}],"predecessor-version":[{"id":2028898,"href":"https:\/\/thingstodoinamsterdam.com\/fr\/wp-json\/wp\/v2\/pages\/4849\/revisions\/2028898"}],"up":[{"embeddable":true,"href":"https:\/\/thingstodoinamsterdam.com\/fr\/wp-json\/wp\/v2\/pages\/417"}],"wp:featuredmedia":[{"embeddable":true,"href":"https:\/\/thingstodoinamsterdam.com\/fr\/wp-json\/wp\/v2\/media\/2143"}],"wp:attachment":[{"href":"https:\/\/thingstodoinamsterdam.com\/fr\/wp-json\/wp\/v2\/media?parent=4849"}],"curies":[{"name":"wp","href":"https:\/\/api.w.org\/{rel}","templated":true}]}}