{"id":5040,"date":"2020-01-17T08:52:02","date_gmt":"2020-01-17T07:52:02","guid":{"rendered":"https:\/\/thingstodoinamsterdam.com\/?page_id=5040"},"modified":"2025-07-08T15:05:09","modified_gmt":"2025-07-08T13:05:09","slug":"hotels-amsterdam","status":"publish","type":"page","link":"https:\/\/thingstodoinamsterdam.com\/fr\/hotels-amsterdam\/","title":{"rendered":"H\u00f4tels Amsterdam"},"content":{"rendered":"<div class=\"wpb-content-wrapper\"><p>[vc_row][vc_column][vc_column_text]Chaque ann\u00e9e, plus de 10 millions de touristes visitent la magnifique ville d&#8217;Amstersam. Mondialement connue pour ses canaux, son architecture atypique et son <a href=\"https:\/\/thingstodoinamsterdam.com\/fr\/le-quartier-rouge\/\">Quartier Rouge<\/a>, les visiteurs y passent quelques jours, ils cherchent donc <strong>o\u00f9 se loger \u00e0 Amsterdam<\/strong>.<\/p><div id=\"ez-toc-container\" class=\"ez-toc-v2_0_82_2 counter-hierarchy ez-toc-counter ez-toc-custom ez-toc-container-direction\">\n<div class=\"ez-toc-title-container\">\n<span class=\"ez-toc-title-toggle\"><a href=\"#\" class=\"ez-toc-pull-right ez-toc-btn ez-toc-btn-xs ez-toc-btn-default ez-toc-toggle\" aria-label=\"Toggle Table of Content\"><span class=\"ez-toc-js-icon-con\"><span class=\"\"><span class=\"eztoc-hide\" style=\"display:none;\">Toggle<\/span><span class=\"ez-toc-icon-toggle-span\"><svg style=\"fill: #999;color:#999\" xmlns=\"http:\/\/www.w3.org\/2000\/svg\" class=\"list-377408\" width=\"20px\" height=\"20px\" viewBox=\"0 0 24 24\" fill=\"none\"><path d=\"M6 6H4v2h2V6zm14 0H8v2h12V6zM4 11h2v2H4v-2zm16 0H8v2h12v-2zM4 16h2v2H4v-2zm16 0H8v2h12v-2z\" fill=\"currentColor\"><\/path><\/svg><svg style=\"fill: #999;color:#999\" class=\"arrow-unsorted-368013\" xmlns=\"http:\/\/www.w3.org\/2000\/svg\" width=\"10px\" height=\"10px\" viewBox=\"0 0 24 24\" version=\"1.2\" baseProfile=\"tiny\"><path d=\"M18.2 9.3l-6.2-6.3-6.2 6.3c-.2.2-.3.4-.3.7s.1.5.3.7c.2.2.4.3.7.3h11c.3 0 .5-.1.7-.3.2-.2.3-.5.3-.7s-.1-.5-.3-.7zM5.8 14.7l6.2 6.3 6.2-6.3c.2-.2.3-.5.3-.7s-.1-.5-.3-.7c-.2-.2-.4-.3-.7-.3h-11c-.3 0-.5.1-.7.3-.2.2-.3.5-.3.7s.1.5.3.7z\"\/><\/svg><\/span><\/span><\/span><\/a><\/span><\/div>\n<nav><ul class='ez-toc-list ez-toc-list-level-1 ' ><li class='ez-toc-page-1 ez-toc-heading-level-2'><a class=\"ez-toc-link ez-toc-heading-1\" href=\"https:\/\/thingstodoinamsterdam.com\/fr\/hotels-amsterdam\/#comment-trouver-un-hotel-a-amsterdam\" >Comment trouver un h\u00f4tel \u00e0 Amsterdam<\/a><\/li><li class='ez-toc-page-1 ez-toc-heading-level-2'><a class=\"ez-toc-link ez-toc-heading-2\" href=\"https:\/\/thingstodoinamsterdam.com\/fr\/hotels-amsterdam\/#hotels-amsterdam-pas-chers\" >H\u00f4tels Amsterdam pas chers<\/a><\/li><li class='ez-toc-page-1 ez-toc-heading-level-2'><a class=\"ez-toc-link ez-toc-heading-3\" href=\"https:\/\/thingstodoinamsterdam.com\/fr\/hotels-amsterdam\/#les-meilleurs-hotels-amsterdam\" >Les meilleurs h\u00f4tels Amsterdam<\/a><\/li><\/ul><\/nav><\/div>\n\n<p>Pour suivre et r\u00e9pondre \u00e0 cette forte demande, Amsterdam compte plus de 400 h\u00f4tels, soit plus de 55 000 couchages.<\/p>\n<p>Trouver un h\u00f4tel \u00e0 Amsterdam peut \u00eatre un challenge, encore plus si vous souhaitez trouver un h\u00f4tel pas cher \u00e0 Amsterdam. En haute saison, de avril \u00e0 octobre, le prix d&#8217;une nuit peut grimper de mani\u00e8re excessive ! Juillet et Ao\u00fbt sont les deux mois les plus fr\u00e9quent\u00e9s par les touristes, donc les plus chers, \u00e9galement lors des vacances de No\u00ebl.<\/p>\n<p>Il est donc essentiel de planifier votre s\u00e9jour \u00e0 Amsterdam et d&#8217;\u00e9viter les p\u00e9riodes de fortes affluences, si vous avez un budget \u00e0 respecter.<\/p>\n<p><a href=\"\/ticketlinkfr-citypageamsterdam-booking-std\" target=\"_blank\" rel=\"nofollow noopener noreferrer\">r\u00e9servez votre h\u00f4tel \u00e0 Amsterdam \u00e0 l&#8217;avance<\/a> ![\/vc_column_text][vc_single_image image=&#8221;10418&#8243; img_size=&#8221;full&#8221;][vc_column_text]<\/p>\n<h2><span class=\"ez-toc-section\" id=\"comment-trouver-un-hotel-a-amsterdam\"><\/span>Comment trouver un h\u00f4tel \u00e0 Amsterdam<span class=\"ez-toc-section-end\"><\/span><\/h2>\n<p>Si vous \u00eates \u00e0 la recherche d&#8217;un h\u00f4tel \u00e0 Amsterdam, vous regardez probablement les prix en premier ! Toutefois, en plus du prix, nous vous recommandons de v\u00e9rifier d&#8217;autres \u00e9l\u00e9ments. Par exemple, si vous souhaitez \u00eatre au coeur d&#8217;Amsterdam, \u00e0 deux pas des bars et des bo\u00eetes de nuit, ou si, justement vous souhaitez \u00eatre dans un quartier calme.<\/p>\n<p>Lorsque vous choisissez o\u00f9 loger \u00e0 Amsterdam, prenez en compte les points suivants :<\/p>\n<ul>\n<li>Localisation de l&#8217;h\u00f4tel : \u00e0 l&#8217;ext\u00e9rieur du centre ville, loin des nuisances sonores ou au contraire dans des quartiers tr\u00e8s fr\u00e9quent\u00e9s ?<\/li>\n<li>Type de visiteurs : les h\u00f4tels visent une client\u00e8le plus ou moins ais\u00e9e, certains sont plut\u00f4t d\u00e9di\u00e9s aux jeunes, tels que les auberges de jeunesses.<\/li>\n<li>Am\u00e9nagement et plus : le petit d\u00e9jeuner est-il inclus ? Souhaitez-vous qu&#8217;il y ait un bar au sein de l&#8217;h\u00f4tel &#8230; ?<\/li>\n<li>Avis : tous les h\u00f4tels se disent propres et confortables ! Mais faites attention et v\u00e9rifiez toujours les avis des visiteurs !<\/li>\n<\/ul>\n<p>[\/vc_column_text][\/vc_column][\/vc_row][vc_row][vc_column][button title=&#8221;V\u00e9rifiez les disponibilit\u00e9s et r\u00e9servez votre h\u00f4tel \u00e0 Amsterdam pas cher sur Booking.com&#8221; link=&#8221;https:\/\/thingstodoinamsterdam.com\/ticketlink-cheaphotel-booking-std&#8221; button_align=&#8221;center&#8221; target=&#8221;true&#8221; nofollow=&#8221;true&#8221; el_id=&#8221;1564747452850-0e0a2da1-c232&#8243;][vc_column_text css=&#8221;&#8221;]Astuce\u202f: il existe aussi des <a href=\"https:\/\/thingstodoinamsterdam.com\/fr\/hotels-amsterdam\/cozycozy\/\">sites comme CozyCozy<\/a> qui utilisent les bases de donn\u00e9es de plusieurs plateformes de r\u00e9servation. Ils sont sp\u00e9cialis\u00e9s dans les h\u00e9bergements uniques\u202f![\/vc_column_text][vc_column_text]<\/p>\n<h2><span class=\"ez-toc-section\" id=\"hotels-amsterdam-pas-chers\"><\/span>H\u00f4tels Amsterdam pas chers<span class=\"ez-toc-section-end\"><\/span><\/h2>\n<p>O\u00f9 loger \u00e0 Amsterdam pas cher ? Trouvez un h\u00f4tel pas cher \u00e0 Amsterdam est une t\u00e2che difficile ! Si vous souhaitez payer moins de 90\u20ac la nuit, par personne, il va falloir faire des concessions et l&#8217;h\u00f4tel sera probablement \u00e0 l&#8217;ext\u00e9rieur du centre. Toutefois, si votre budget vous permet de choisir des h\u00f4tels \u00e0 plus de 120\u20ac la nuit, par personne, alors l\u00e0, le choix sera plus simple.<\/p>\n<h3>H\u00f4tels pas chers \u00e0 Amsterdam<\/h3>\n<p>Comme nous vous l&#8217;avons dit, trouver un h\u00f4tel \u00e0 Amsterdam pas cher est tr\u00e8s difficile, mais pas impossible ! En voici quelques uns :<\/p>\n<ul>\n<li><strong>Amstel Botel <\/strong>: un h\u00f4tel unique dans un bateau ! Les chambres sont petites et simples mais tout est propre ! Le Amstel Botel est situ\u00e9 \u00e0 Amsterdam Noord, il suffit de prendre un ferry gratuit pour rejoindre Amsterdam Centraal Station en 10 minutes. En plus : il y a un bar et une terrasse.<\/li>\n<li><strong>ClinkNOORD Hostel <\/strong>: en plus des chambres \u00e0 partager, il y a aussi des chambres priv\u00e9es ! Cet endroit est id\u00e9al pour les jeunes. Les plus : il y a un bar avec g\u00e9n\u00e9ralement de la musique, un DJ&#8230; C&#8217;est le lieu parfait pour rencontrer des gens !<\/li>\n<li><strong>The Student Hotel :<\/strong> pour courte et longue dur\u00e9e ! C&#8217;est endroit est id\u00e9al pour s\u00e9journer quelques nuits mais aussi pour les expatri\u00e9s qui restent pour un petit moment \u00e0 Amsterdam ! Situ\u00e9 \u00e0 Amsterdam West, il y a un arr\u00eat de tram \u00e0 quelques m\u00e8tres qui permet de rejoindre diff\u00e9rents endroits \u00e0 Amsterdam !<\/li>\n<\/ul>\n<p>[\/vc_column_text][\/vc_column][\/vc_row][vc_row][vc_column][vc_single_image image=&#8221;10379&#8243; img_size=&#8221;full&#8221; add_caption=&#8221;yes&#8221; alignment=&#8221;center&#8221;][\/vc_column][\/vc_row][vc_row][vc_column][vc_column_text]<\/p>\n<h2><span class=\"ez-toc-section\" id=\"les-meilleurs-hotels-amsterdam\"><\/span>Les meilleurs h\u00f4tels Amsterdam<span class=\"ez-toc-section-end\"><\/span><\/h2>\n<p>Probablement le plus c\u00e9l\u00e8bre de Amsterdam, le Amstel Hotel ! Et on ne parle pas d&#8217;h\u00f4tel pas cher, ici, les prix d\u00e9marrent aux alentours de 500\u20ac la nuit, par personne ! Si vous \u00eates chanceux, en basse saison les prix sont \u00e0 partir de 400\u20ac. Cet h\u00f4tel 5 \u00e9toiles est tr\u00e8s bien situ\u00e9, avec une vue imprenable sur Amstel River. Ce merveilleux h\u00f4tel a ouvert ses portes en 1867, il offre des services luxueux et dispose d&#8217;un restaurant \u00e9toil\u00e9 michelin. Si cet h\u00f4tel entre dans votre budget, c&#8217;est le choix parfait pour un s\u00e9jour de luxe ![\/vc_column_text][vc_single_image image=&#8221;10370&#8243; img_size=&#8221;full&#8221;][\/vc_column][\/vc_row][vc_row][vc_column][vc_column_text]<\/p>\n<h3>Autres h\u00f4tels chics et luxueux \u00e0 Amsterdam<\/h3>\n<p>\u00c0 Amsterdam, nombreux sont les h\u00f4tels haut de gamme ! Vous pouvez trouver des h\u00f4tels aussi luxueux que le Amstel Hotel, moins chers. En voici quelques uns :<\/p>\n<ul>\n<li><strong>De L&#8217;europe Hotel <\/strong>: situ\u00e9 dans le centre ville, tout pr\u00e8s de la place Rembrandt, un lieu tr\u00e8s fr\u00e9quent\u00e9 et festif la nuit ! Cet h\u00f4tel dispose de beaucoup de choses et notamment d&#8217;une magnifique terrasse et d&#8217;un restaurant deux \u00e9toiles (Michelin). Spa, salle de sport, piscine&#8230; tout est l\u00e0 pour vous plaire !<\/li>\n<li><strong>Conservatorium Hotel <\/strong>: h\u00f4tel luxueux situ\u00e9 dans le centre, \u00e0 Museum Square. Moderne et tr\u00e8s confortable, cet h\u00f4tel dispose d&#8217;un spa, une salle de sport, une piscine et un excellent restaurant !<\/li>\n<li><strong>Krasnapolsky Hotel <\/strong>: comme la place Dam Square est consid\u00e9r\u00e9e comme \u00e9tant le centre d&#8217;Amsterdam, le Krasnapolsky dispose du meilleur emplacement ! Ses chambres spacieuses et ses services haut de gamme sont excellents !<\/li>\n<li><strong>Okura Hotel<\/strong>: le Okura hotel est situ\u00e9 \u00e0 De Pijp, un quartier calme et cosy ! \u00c0 l&#8217;ext\u00e9rieur du centre ville bruyant, ici vous trouverez la s\u00e9r\u00e9nit\u00e9 ! L&#8217;h\u00f4tel dispose de plusieurs restaurants, une terrasse et un spa japonais. Venez vous reposer ici.<\/li>\n<li><strong>Waldorf Astoria Hotel:<\/strong> pas aussi connu que le Amstel Hotel, mais d\u00e9finitivement fabuleux ! Le Waldorf Astoria hotel est situ\u00e9 sur le canal le plus charmant d&#8217;Amsterdam, de Herengracht. Proche de Rembrandt Square, o\u00f9 la vie nocturne bat son plein, vous y trouverez des chambres superbes et calmes. Cet h\u00f4tel dispose d&#8217;un grand jardin, d&#8217;un spa et de deux restaurants \u00e9toil\u00e9s Michelin.<\/li>\n<\/ul>\n<p>[\/vc_column_text][button title=&#8221;R\u00e9servez votre s\u00e9jour dans un h\u00f4tel 4 ou 5 \u00e9toiles \u00e0 Amsterdam sur Booking.com&#8221; link=&#8221;https:\/\/thingstodoinamsterdam.com\/ticketlink-tophotel-booking-std&#8221; button_align=&#8221;center&#8221; target=&#8221;true&#8221; nofollow=&#8221;true&#8221; el_id=&#8221;1629469529909-ab8417b7-1f38&#8243;][\/vc_column][\/vc_row][vc_row][vc_column][vc_single_image image=&#8221;10366&#8243; img_size=&#8221;full&#8221;][\/vc_column][\/vc_row]<\/p>\n<\/div>","protected":false},"excerpt":{"rendered":"<p>[vc_row][vc_column][vc_column_text]Chaque ann\u00e9e, plus de 10 millions de touristes visitent la magnifique ville d&#8217;Amstersam. Mondialement connue pour ses canaux, son architecture atypique et son Quartier Rouge,\u2026<\/p>\n","protected":false},"author":20,"featured_media":9242,"parent":0,"menu_order":0,"comment_status":"closed","ping_status":"closed","template":"","meta":{"footnotes":""},"class_list":["post-5040","page","type-page","status-publish","has-post-thumbnail","hentry"],"yoast_head":"<!-- This site is optimized with the Yoast SEO plugin v27.4 - https:\/\/yoast.com\/product\/yoast-seo-wordpress\/ -->\n<title>H\u00f4tels Amsterdam - o\u00f9 se loger \u00e0 Amsterdam pour pas cher ?<\/title>\n<meta name=\"description\" content=\"Vous souhaitez s\u00e9journer \u00e0 Amsterdam et \u00eates \u00e0 la recherche d&#039;un h\u00f4tel ? Cliquez ici pour conna\u00eetre les meilleurs h\u00f4tels et ceux aux meilleurs prix !\" \/>\n<meta name=\"robots\" content=\"index, follow, max-snippet:-1, max-image-preview:large, max-video-preview:-1\" \/>\n<link rel=\"canonical\" href=\"https:\/\/thingstodoinamsterdam.com\/fr\/hotels-amsterdam\/\" \/>\n<meta property=\"og:locale\" content=\"fr_FR\" \/>\n<meta property=\"og:type\" content=\"article\" \/>\n<meta property=\"og:title\" content=\"H\u00f4tels Amsterdam - o\u00f9 se loger \u00e0 Amsterdam pour pas cher ?\" \/>\n<meta property=\"og:description\" content=\"Vous souhaitez s\u00e9journer \u00e0 Amsterdam et \u00eates \u00e0 la recherche d&#039;un h\u00f4tel ? Cliquez ici pour conna\u00eetre les meilleurs h\u00f4tels et ceux aux meilleurs prix !\" \/>\n<meta property=\"og:url\" content=\"https:\/\/thingstodoinamsterdam.com\/fr\/hotels-amsterdam\/\" \/>\n<meta property=\"og:site_name\" content=\"ThingstodoinAmsterdam.com\" \/>\n<meta property=\"article:publisher\" content=\"https:\/\/www.facebook.com\/thingstodoinamsterdamcom\" \/>\n<meta property=\"article:modified_time\" content=\"2025-07-08T13:05:09+00:00\" \/>\n<meta property=\"og:image\" content=\"https:\/\/thingstodoinamsterdam.com\/wp-content\/uploads\/2020\/06\/hotel-3-amsterdam-centraal.jpg\" \/>\n\t<meta property=\"og:image:width\" content=\"900\" \/>\n\t<meta property=\"og:image:height\" content=\"506\" \/>\n\t<meta property=\"og:image:type\" content=\"image\/jpeg\" \/>\n<meta name=\"twitter:card\" content=\"summary_large_image\" \/>\n<meta name=\"twitter:label1\" content=\"Est. reading time\" \/>\n\t<meta name=\"twitter:data1\" content=\"7 minutes\" \/>\n<script type=\"application\/ld+json\" class=\"yoast-schema-graph\">{\"@context\":\"https:\\\/\\\/schema.org\",\"@graph\":[{\"@type\":\"WebPage\",\"@id\":\"https:\\\/\\\/thingstodoinamsterdam.com\\\/fr\\\/hotels-amsterdam\\\/\",\"url\":\"https:\\\/\\\/thingstodoinamsterdam.com\\\/fr\\\/hotels-amsterdam\\\/\",\"name\":\"H\u00f4tels Amsterdam - o\u00f9 se loger \u00e0 Amsterdam pour pas cher ?\",\"isPartOf\":{\"@id\":\"https:\\\/\\\/thingstodoinamsterdam.com\\\/fr\\\/#website\"},\"primaryImageOfPage\":{\"@id\":\"https:\\\/\\\/thingstodoinamsterdam.com\\\/fr\\\/hotels-amsterdam\\\/#primaryimage\"},\"image\":{\"@id\":\"https:\\\/\\\/thingstodoinamsterdam.com\\\/fr\\\/hotels-amsterdam\\\/#primaryimage\"},\"thumbnailUrl\":\"https:\\\/\\\/thingstodoinamsterdam.com\\\/wp-content\\\/uploads\\\/2020\\\/06\\\/hotel-3-amsterdam-centraal.jpg\",\"datePublished\":\"2020-01-17T07:52:02+00:00\",\"dateModified\":\"2025-07-08T13:05:09+00:00\",\"description\":\"Vous souhaitez s\u00e9journer \u00e0 Amsterdam et \u00eates \u00e0 la recherche d'un h\u00f4tel ? Cliquez ici pour conna\u00eetre les meilleurs h\u00f4tels et ceux aux meilleurs prix !\",\"breadcrumb\":{\"@id\":\"https:\\\/\\\/thingstodoinamsterdam.com\\\/fr\\\/hotels-amsterdam\\\/#breadcrumb\"},\"inLanguage\":\"fr\",\"potentialAction\":[{\"@type\":\"ReadAction\",\"target\":[\"https:\\\/\\\/thingstodoinamsterdam.com\\\/fr\\\/hotels-amsterdam\\\/\"]}]},{\"@type\":\"ImageObject\",\"inLanguage\":\"fr\",\"@id\":\"https:\\\/\\\/thingstodoinamsterdam.com\\\/fr\\\/hotels-amsterdam\\\/#primaryimage\",\"url\":\"https:\\\/\\\/thingstodoinamsterdam.com\\\/wp-content\\\/uploads\\\/2020\\\/06\\\/hotel-3-amsterdam-centraal.jpg\",\"contentUrl\":\"https:\\\/\\\/thingstodoinamsterdam.com\\\/wp-content\\\/uploads\\\/2020\\\/06\\\/hotel-3-amsterdam-centraal.jpg\",\"width\":900,\"height\":506,\"caption\":\"h\u00f4tel 3 \u00e9toiles amsterdam\"},{\"@type\":\"BreadcrumbList\",\"@id\":\"https:\\\/\\\/thingstodoinamsterdam.com\\\/fr\\\/hotels-amsterdam\\\/#breadcrumb\",\"itemListElement\":[{\"@type\":\"ListItem\",\"position\":1,\"name\":\"Visiter Amsterdam\",\"item\":\"https:\\\/\\\/thingstodoinamsterdam.com\\\/fr\\\/\"},{\"@type\":\"ListItem\",\"position\":2,\"name\":\"H\u00f4tels Amsterdam\"}]},{\"@type\":\"WebSite\",\"@id\":\"https:\\\/\\\/thingstodoinamsterdam.com\\\/fr\\\/#website\",\"url\":\"https:\\\/\\\/thingstodoinamsterdam.com\\\/fr\\\/\",\"name\":\"ThingstodoinAmsterdam.com\",\"description\":\"Amsterdam&#039;s highlights and hidden secrets\",\"publisher\":{\"@id\":\"https:\\\/\\\/thingstodoinamsterdam.com\\\/fr\\\/#organization\"},\"potentialAction\":[{\"@type\":\"SearchAction\",\"target\":{\"@type\":\"EntryPoint\",\"urlTemplate\":\"https:\\\/\\\/thingstodoinamsterdam.com\\\/fr\\\/?s={search_term_string}\"},\"query-input\":{\"@type\":\"PropertyValueSpecification\",\"valueRequired\":true,\"valueName\":\"search_term_string\"}}],\"inLanguage\":\"fr\"},{\"@type\":\"Organization\",\"@id\":\"https:\\\/\\\/thingstodoinamsterdam.com\\\/fr\\\/#organization\",\"name\":\"Visiter Amsterdam\",\"url\":\"https:\\\/\\\/thingstodoinamsterdam.com\\\/fr\\\/\",\"logo\":{\"@type\":\"ImageObject\",\"inLanguage\":\"fr\",\"@id\":\"https:\\\/\\\/thingstodoinamsterdam.com\\\/fr\\\/#\\\/schema\\\/logo\\\/image\\\/\",\"url\":\"https:\\\/\\\/thingstodoinamsterdam.com\\\/wp-content\\\/uploads\\\/2025\\\/02\\\/ThingsToDoInAmsterdam-Favicon-logo.png\",\"contentUrl\":\"https:\\\/\\\/thingstodoinamsterdam.com\\\/wp-content\\\/uploads\\\/2025\\\/02\\\/ThingsToDoInAmsterdam-Favicon-logo.png\",\"width\":512,\"height\":512,\"caption\":\"Visiter Amsterdam\"},\"image\":{\"@id\":\"https:\\\/\\\/thingstodoinamsterdam.com\\\/fr\\\/#\\\/schema\\\/logo\\\/image\\\/\"},\"sameAs\":[\"https:\\\/\\\/www.facebook.com\\\/thingstodoinamsterdamcom\"]}]}<\/script>\n<!-- \/ Yoast SEO plugin. -->","yoast_head_json":{"title":"H\u00f4tels Amsterdam - o\u00f9 se loger \u00e0 Amsterdam pour pas cher ?","description":"Vous souhaitez s\u00e9journer \u00e0 Amsterdam et \u00eates \u00e0 la recherche d'un h\u00f4tel ? Cliquez ici pour conna\u00eetre les meilleurs h\u00f4tels et ceux aux meilleurs prix !","robots":{"index":"index","follow":"follow","max-snippet":"max-snippet:-1","max-image-preview":"max-image-preview:large","max-video-preview":"max-video-preview:-1"},"canonical":"https:\/\/thingstodoinamsterdam.com\/fr\/hotels-amsterdam\/","og_locale":"fr_FR","og_type":"article","og_title":"H\u00f4tels Amsterdam - o\u00f9 se loger \u00e0 Amsterdam pour pas cher ?","og_description":"Vous souhaitez s\u00e9journer \u00e0 Amsterdam et \u00eates \u00e0 la recherche d'un h\u00f4tel ? Cliquez ici pour conna\u00eetre les meilleurs h\u00f4tels et ceux aux meilleurs prix !","og_url":"https:\/\/thingstodoinamsterdam.com\/fr\/hotels-amsterdam\/","og_site_name":"ThingstodoinAmsterdam.com","article_publisher":"https:\/\/www.facebook.com\/thingstodoinamsterdamcom","article_modified_time":"2025-07-08T13:05:09+00:00","og_image":[{"width":900,"height":506,"url":"https:\/\/thingstodoinamsterdam.com\/wp-content\/uploads\/2020\/06\/hotel-3-amsterdam-centraal.jpg","type":"image\/jpeg"}],"twitter_card":"summary_large_image","twitter_misc":{"Est. reading time":"7 minutes"},"schema":{"@context":"https:\/\/schema.org","@graph":[{"@type":"WebPage","@id":"https:\/\/thingstodoinamsterdam.com\/fr\/hotels-amsterdam\/","url":"https:\/\/thingstodoinamsterdam.com\/fr\/hotels-amsterdam\/","name":"H\u00f4tels Amsterdam - o\u00f9 se loger \u00e0 Amsterdam pour pas cher ?","isPartOf":{"@id":"https:\/\/thingstodoinamsterdam.com\/fr\/#website"},"primaryImageOfPage":{"@id":"https:\/\/thingstodoinamsterdam.com\/fr\/hotels-amsterdam\/#primaryimage"},"image":{"@id":"https:\/\/thingstodoinamsterdam.com\/fr\/hotels-amsterdam\/#primaryimage"},"thumbnailUrl":"https:\/\/thingstodoinamsterdam.com\/wp-content\/uploads\/2020\/06\/hotel-3-amsterdam-centraal.jpg","datePublished":"2020-01-17T07:52:02+00:00","dateModified":"2025-07-08T13:05:09+00:00","description":"Vous souhaitez s\u00e9journer \u00e0 Amsterdam et \u00eates \u00e0 la recherche d'un h\u00f4tel ? Cliquez ici pour conna\u00eetre les meilleurs h\u00f4tels et ceux aux meilleurs prix !","breadcrumb":{"@id":"https:\/\/thingstodoinamsterdam.com\/fr\/hotels-amsterdam\/#breadcrumb"},"inLanguage":"fr","potentialAction":[{"@type":"ReadAction","target":["https:\/\/thingstodoinamsterdam.com\/fr\/hotels-amsterdam\/"]}]},{"@type":"ImageObject","inLanguage":"fr","@id":"https:\/\/thingstodoinamsterdam.com\/fr\/hotels-amsterdam\/#primaryimage","url":"https:\/\/thingstodoinamsterdam.com\/wp-content\/uploads\/2020\/06\/hotel-3-amsterdam-centraal.jpg","contentUrl":"https:\/\/thingstodoinamsterdam.com\/wp-content\/uploads\/2020\/06\/hotel-3-amsterdam-centraal.jpg","width":900,"height":506,"caption":"h\u00f4tel 3 \u00e9toiles amsterdam"},{"@type":"BreadcrumbList","@id":"https:\/\/thingstodoinamsterdam.com\/fr\/hotels-amsterdam\/#breadcrumb","itemListElement":[{"@type":"ListItem","position":1,"name":"Visiter Amsterdam","item":"https:\/\/thingstodoinamsterdam.com\/fr\/"},{"@type":"ListItem","position":2,"name":"H\u00f4tels Amsterdam"}]},{"@type":"WebSite","@id":"https:\/\/thingstodoinamsterdam.com\/fr\/#website","url":"https:\/\/thingstodoinamsterdam.com\/fr\/","name":"ThingstodoinAmsterdam.com","description":"Amsterdam&#039;s highlights and hidden secrets","publisher":{"@id":"https:\/\/thingstodoinamsterdam.com\/fr\/#organization"},"potentialAction":[{"@type":"SearchAction","target":{"@type":"EntryPoint","urlTemplate":"https:\/\/thingstodoinamsterdam.com\/fr\/?s={search_term_string}"},"query-input":{"@type":"PropertyValueSpecification","valueRequired":true,"valueName":"search_term_string"}}],"inLanguage":"fr"},{"@type":"Organization","@id":"https:\/\/thingstodoinamsterdam.com\/fr\/#organization","name":"Visiter Amsterdam","url":"https:\/\/thingstodoinamsterdam.com\/fr\/","logo":{"@type":"ImageObject","inLanguage":"fr","@id":"https:\/\/thingstodoinamsterdam.com\/fr\/#\/schema\/logo\/image\/","url":"https:\/\/thingstodoinamsterdam.com\/wp-content\/uploads\/2025\/02\/ThingsToDoInAmsterdam-Favicon-logo.png","contentUrl":"https:\/\/thingstodoinamsterdam.com\/wp-content\/uploads\/2025\/02\/ThingsToDoInAmsterdam-Favicon-logo.png","width":512,"height":512,"caption":"Visiter Amsterdam"},"image":{"@id":"https:\/\/thingstodoinamsterdam.com\/fr\/#\/schema\/logo\/image\/"},"sameAs":["https:\/\/www.facebook.com\/thingstodoinamsterdamcom"]}]}},"_links":{"self":[{"href":"https:\/\/thingstodoinamsterdam.com\/fr\/wp-json\/wp\/v2\/pages\/5040","targetHints":{"allow":["GET"]}}],"collection":[{"href":"https:\/\/thingstodoinamsterdam.com\/fr\/wp-json\/wp\/v2\/pages"}],"about":[{"href":"https:\/\/thingstodoinamsterdam.com\/fr\/wp-json\/wp\/v2\/types\/page"}],"author":[{"embeddable":true,"href":"https:\/\/thingstodoinamsterdam.com\/fr\/wp-json\/wp\/v2\/users\/20"}],"replies":[{"embeddable":true,"href":"https:\/\/thingstodoinamsterdam.com\/fr\/wp-json\/wp\/v2\/comments?post=5040"}],"version-history":[{"count":6,"href":"https:\/\/thingstodoinamsterdam.com\/fr\/wp-json\/wp\/v2\/pages\/5040\/revisions"}],"predecessor-version":[{"id":2028174,"href":"https:\/\/thingstodoinamsterdam.com\/fr\/wp-json\/wp\/v2\/pages\/5040\/revisions\/2028174"}],"wp:featuredmedia":[{"embeddable":true,"href":"https:\/\/thingstodoinamsterdam.com\/fr\/wp-json\/wp\/v2\/media\/9242"}],"wp:attachment":[{"href":"https:\/\/thingstodoinamsterdam.com\/fr\/wp-json\/wp\/v2\/media?parent=5040"}],"curies":[{"name":"wp","href":"https:\/\/api.w.org\/{rel}","templated":true}]}}