{"id":514,"date":"2019-05-14T15:16:47","date_gmt":"2019-05-14T15:16:47","guid":{"rendered":"https:\/\/thingstodoinamsterdam.com\/?page_id=514"},"modified":"2021-08-20T11:15:33","modified_gmt":"2021-08-20T10:15:33","slug":"restaurants-indonesiens-a-amsterdam","status":"publish","type":"page","link":"https:\/\/thingstodoinamsterdam.com\/fr\/restaurants-a-amsterdam\/restaurants-indonesiens-a-amsterdam\/","title":{"rendered":"Restaurants Indon\u00e9siens \u00e0 Amsterdam"},"content":{"rendered":"<div class=\"wpb-content-wrapper\"><p>[vc_row][vc_column][vc_column_text]\u00cates-vous pr\u00eat pour un restaurant Indon\u00e9sien \u00e0 Amsterdam ? La cuisine indon\u00e9sienne fait partie d&#8217;Amsterdam depuis plus d&#8217;un si\u00e8cle ! Nous vous avons s\u00e9lectionn\u00e9 quelques bons restaurants, plus ou moins chers, en fonction de votre budget.<\/p><div id=\"ez-toc-container\" class=\"ez-toc-v2_0_82_2 counter-hierarchy ez-toc-counter ez-toc-custom ez-toc-container-direction\">\n<div class=\"ez-toc-title-container\">\n<span class=\"ez-toc-title-toggle\"><a href=\"#\" class=\"ez-toc-pull-right ez-toc-btn ez-toc-btn-xs ez-toc-btn-default ez-toc-toggle\" aria-label=\"Toggle Table of Content\"><span class=\"ez-toc-js-icon-con\"><span class=\"\"><span class=\"eztoc-hide\" style=\"display:none;\">Toggle<\/span><span class=\"ez-toc-icon-toggle-span\"><svg style=\"fill: #999;color:#999\" xmlns=\"http:\/\/www.w3.org\/2000\/svg\" class=\"list-377408\" width=\"20px\" height=\"20px\" viewBox=\"0 0 24 24\" fill=\"none\"><path d=\"M6 6H4v2h2V6zm14 0H8v2h12V6zM4 11h2v2H4v-2zm16 0H8v2h12v-2zM4 16h2v2H4v-2zm16 0H8v2h12v-2z\" fill=\"currentColor\"><\/path><\/svg><svg style=\"fill: #999;color:#999\" class=\"arrow-unsorted-368013\" xmlns=\"http:\/\/www.w3.org\/2000\/svg\" width=\"10px\" height=\"10px\" viewBox=\"0 0 24 24\" version=\"1.2\" baseProfile=\"tiny\"><path d=\"M18.2 9.3l-6.2-6.3-6.2 6.3c-.2.2-.3.4-.3.7s.1.5.3.7c.2.2.4.3.7.3h11c.3 0 .5-.1.7-.3.2-.2.3-.5.3-.7s-.1-.5-.3-.7zM5.8 14.7l6.2 6.3 6.2-6.3c.2-.2.3-.5.3-.7s-.1-.5-.3-.7c-.2-.2-.4-.3-.7-.3h-11c-.3 0-.5.1-.7.3-.2.2-.3.5-.3.7s.1.5.3.7z\"\/><\/svg><\/span><\/span><\/span><\/a><\/span><\/div>\n<nav><ul class='ez-toc-list ez-toc-list-level-1 ' ><li class='ez-toc-page-1 ez-toc-heading-level-2'><a class=\"ez-toc-link ez-toc-heading-1\" href=\"https:\/\/thingstodoinamsterdam.com\/fr\/restaurants-a-amsterdam\/restaurants-indonesiens-a-amsterdam\/#la-cuisine-indonesienne\" >La cuisine indon\u00e9sienne<\/a><\/li><li class='ez-toc-page-1 ez-toc-heading-level-2'><a class=\"ez-toc-link ez-toc-heading-2\" href=\"https:\/\/thingstodoinamsterdam.com\/fr\/restaurants-a-amsterdam\/restaurants-indonesiens-a-amsterdam\/#restaurants-indonesiens-a-amsterdam\" >Restaurants Indon\u00e9siens \u00e0 Amsterdam<\/a><\/li><\/ul><\/nav><\/div>\n\n<p>Vous pourrez trouver des restaurants indon\u00e9siens avec de la tr\u00e8s bonne nourriture pour environ 10\u20ac et nous avons \u00e9galement s\u00e9lectionn\u00e9 des restaurants dans une fourchette de prix sup\u00e9rieure.[\/vc_column_text][\/vc_column][\/vc_row][vc_row][vc_column][promo_block style_var=&#8221;style2&#8243; el_id=&#8221;1565783252818-b2ef8509-af43&#8243;][promo link=&#8221;|title:Surabaya-Green||&#8221; price=&#8221;\u20ac&#8221; address=&#8221;U3VyaW5hbWVwbGVpbiUyMDklMkMlMjAxMDU4JTIwR0o=&#8221; text=&#8221;Ce restaurant propose de d\u00e9licieux plats indon\u00e9siens \u00e0 emporter aux prix les plus bas de la ville. Il y a aussi une petite table pour manger.<br \/>\nDes plats complets \u00e0 partir de 5 \u20ac seulement!&#8221; img=&#8221;3127&#8243;][promo link=&#8221;|title:Afhaalcentrum%20Manis||&#8221; price=&#8221;\u20ac&#8221; address=&#8221;R291ZHNibG9lbWR3YXJzc3RyYWF0JTIwMyUyQyUyMDEwMTUlMjBKVg==&#8221; text=&#8221;Ce lieu est connu des habitants pour leurs recettes de famille indon\u00e9siennes.&#8221; img=&#8221;3106&#8243;][promo link=&#8221;|title:Indonesian%20Kitchen||&#8221; price=&#8221;\u20ac\u20ac&#8221; address=&#8221;SGVyZW5ncmFjaHQlMjAyODclMkMlMjAxMDE2JTIwQkw=&#8221; text=&#8221;Ce restaurant est un lieu super au coeur de la ville ! Venez profiter d\u2019une nourriture indon\u00e9sienne excellente !&#8221; img=&#8221;3098&#8243;][promo link=&#8221;|title:Restaurant%20Blauw||&#8221; price=&#8221;\u20ac\u20ac\u20ac&#8221; address=&#8221;QW1zdGVsdmVlbnNld2VnJTIwMTU4JTJDJTIwMTA3NSUyMFhO&#8221; text=&#8221;Le Restaurant Blauw offre un concept unique de la cuisine indon\u00e9sienne. Ici, vous aurez un service de qualit\u00e9 ! Leur menu est large et ils servent presque tout ce que vous imaginez de la cuisine indon\u00e9sienne.&#8221; img=&#8221;3100&#8243;][promo_extend link=&#8221;|title:Un%20restaurant%20%C3%A0%20nous%20conseiller%20%3F||&#8221; img=&#8221;1687&#8243;]<\/p>\n<p style=\"text-align: center;\"><strong>Faite-le nous savoir !<\/strong><\/p>\n<p style=\"text-align: center;\">Vous avez un tr\u00e8s bon restaurant \u00e0 nous conseiller,\u00a0<a href=\"https:\/\/thingstodoinamsterdam.com\/fr\/a-propos\/\">contactez-nous<\/a> !<\/p>\n<p>[\/promo_extend][\/promo_block][\/vc_column][\/vc_row][vc_row][vc_column][vc_column_text]<\/p>\n<h2><span class=\"ez-toc-section\" id=\"la-cuisine-indonesienne\"><\/span>La cuisine indon\u00e9sienne<span class=\"ez-toc-section-end\"><\/span><\/h2>\n<p>La cuisine indon\u00e9sienne est populaire dans le monde entier. \u00c0 Amsterdam, nous aimons aussi un plat de riz bien aromatis\u00e9, que vous pouvez partager en bonne compagnie.<\/p>\n<p>En g\u00e9n\u00e9ral, le riz ou les nouilles sont utilis\u00e9s pour la plupart des plats. Ajoutez \u00e0 cela du poulet, du boeuf, du porc, du poisson ou des l\u00e9gumes&#8230; et de la sauce !<\/p>\n<p>La cuisine indon\u00e9sienne est adapt\u00e9e aux enfants.<\/p>\n<p><strong>Conseil\u00a0<\/strong>: demandez-leur sp\u00e9cifiquement de cuisiner un peu moins \u00e9pic\u00e9.<\/p>\n<h2><span class=\"ez-toc-section\" id=\"restaurants-indonesiens-a-amsterdam\"><\/span>Restaurants Indon\u00e9siens \u00e0 Amsterdam<span class=\"ez-toc-section-end\"><\/span><\/h2>\n<p>Gr\u00e2ce \u00e0 vous, des sites tels que <a href=\"https:\/\/thingstodoinamsterdam.com\/fr\/\">thingstodoinamsterdam.com<\/a> existent. Cela signifie que nous prenons vos commentaires et vos contributions tr\u00e8s au s\u00e9rieux ! S&#8217;il manque un restaurant indon\u00e9sien sur la page, n&#8217;h\u00e9sitez pas \u00e0 nous contacter !<\/p>\n<p>Consultez d&#8217;autres <a href=\"https:\/\/thingstodoinamsterdam.com\/fr\/restaurants-a-amsterdam\/\">restaurants \u00e0 Amsterdam<\/a>.[\/vc_column_text][\/vc_column][\/vc_row]<\/p>\n<\/div>","protected":false},"excerpt":{"rendered":"<p>[vc_row][vc_column][vc_column_text]\u00cates-vous pr\u00eat pour un restaurant Indon\u00e9sien \u00e0 Amsterdam ? La cuisine indon\u00e9sienne fait partie d&#8217;Amsterdam depuis plus d&#8217;un si\u00e8cle ! Nous vous avons s\u00e9lectionn\u00e9 quelques\u2026<\/p>\n","protected":false},"author":1,"featured_media":10997,"parent":259,"menu_order":0,"comment_status":"closed","ping_status":"closed","template":"","meta":{"footnotes":""},"class_list":["post-514","page","type-page","status-publish","has-post-thumbnail","hentry"],"yoast_head":"<!-- This site is optimized with the Yoast SEO plugin v27.4 - https:\/\/yoast.com\/product\/yoast-seo-wordpress\/ -->\n<title>Restaurants Indon\u00e9siens \u00e0 Amsterdam - notre s\u00e9lection<\/title>\n<meta name=\"description\" content=\"Choisissez le restaurant indon\u00e9sien id\u00e9al en fonction de vos envies, de votre temps mais \u00e9galement de votre budget ! Voici notre s\u00e9lection.\" \/>\n<meta name=\"robots\" content=\"index, follow, max-snippet:-1, max-image-preview:large, max-video-preview:-1\" \/>\n<link rel=\"canonical\" href=\"https:\/\/thingstodoinamsterdam.com\/fr\/restaurants-a-amsterdam\/restaurants-indonesiens-a-amsterdam\/\" \/>\n<meta property=\"og:locale\" content=\"fr_FR\" \/>\n<meta property=\"og:type\" content=\"article\" \/>\n<meta property=\"og:title\" content=\"Restaurants Indon\u00e9siens \u00e0 Amsterdam - notre s\u00e9lection\" \/>\n<meta property=\"og:description\" content=\"Choisissez le restaurant indon\u00e9sien id\u00e9al en fonction de vos envies, de votre temps mais \u00e9galement de votre budget ! Voici notre s\u00e9lection.\" \/>\n<meta property=\"og:url\" content=\"https:\/\/thingstodoinamsterdam.com\/fr\/restaurants-a-amsterdam\/restaurants-indonesiens-a-amsterdam\/\" \/>\n<meta property=\"og:site_name\" content=\"ThingstodoinAmsterdam.com\" \/>\n<meta property=\"article:publisher\" content=\"https:\/\/www.facebook.com\/thingstodoinamsterdamcom\" \/>\n<meta property=\"article:modified_time\" content=\"2021-08-20T10:15:33+00:00\" \/>\n<meta property=\"og:image\" content=\"https:\/\/thingstodoinamsterdam.com\/wp-content\/uploads\/2021\/08\/indonesian-food.jpg\" \/>\n\t<meta property=\"og:image:width\" content=\"400\" \/>\n\t<meta property=\"og:image:height\" content=\"300\" \/>\n\t<meta property=\"og:image:type\" content=\"image\/jpeg\" \/>\n<meta name=\"twitter:card\" content=\"summary_large_image\" \/>\n<meta name=\"twitter:label1\" content=\"Est. reading time\" \/>\n\t<meta name=\"twitter:data1\" content=\"2 minutes\" \/>\n<script type=\"application\/ld+json\" class=\"yoast-schema-graph\">{\"@context\":\"https:\\\/\\\/schema.org\",\"@graph\":[{\"@type\":\"WebPage\",\"@id\":\"https:\\\/\\\/thingstodoinamsterdam.com\\\/fr\\\/restaurants-a-amsterdam\\\/restaurants-indonesiens-a-amsterdam\\\/\",\"url\":\"https:\\\/\\\/thingstodoinamsterdam.com\\\/fr\\\/restaurants-a-amsterdam\\\/restaurants-indonesiens-a-amsterdam\\\/\",\"name\":\"Restaurants Indon\u00e9siens \u00e0 Amsterdam - notre s\u00e9lection\",\"isPartOf\":{\"@id\":\"https:\\\/\\\/thingstodoinamsterdam.com\\\/fr\\\/#website\"},\"primaryImageOfPage\":{\"@id\":\"https:\\\/\\\/thingstodoinamsterdam.com\\\/fr\\\/restaurants-a-amsterdam\\\/restaurants-indonesiens-a-amsterdam\\\/#primaryimage\"},\"image\":{\"@id\":\"https:\\\/\\\/thingstodoinamsterdam.com\\\/fr\\\/restaurants-a-amsterdam\\\/restaurants-indonesiens-a-amsterdam\\\/#primaryimage\"},\"thumbnailUrl\":\"https:\\\/\\\/thingstodoinamsterdam.com\\\/wp-content\\\/uploads\\\/2021\\\/08\\\/indonesian-food.jpg\",\"datePublished\":\"2019-05-14T15:16:47+00:00\",\"dateModified\":\"2021-08-20T10:15:33+00:00\",\"description\":\"Choisissez le restaurant indon\u00e9sien id\u00e9al en fonction de vos envies, de votre temps mais \u00e9galement de votre budget ! Voici notre s\u00e9lection.\",\"breadcrumb\":{\"@id\":\"https:\\\/\\\/thingstodoinamsterdam.com\\\/fr\\\/restaurants-a-amsterdam\\\/restaurants-indonesiens-a-amsterdam\\\/#breadcrumb\"},\"inLanguage\":\"fr\",\"potentialAction\":[{\"@type\":\"ReadAction\",\"target\":[\"https:\\\/\\\/thingstodoinamsterdam.com\\\/fr\\\/restaurants-a-amsterdam\\\/restaurants-indonesiens-a-amsterdam\\\/\"]}]},{\"@type\":\"ImageObject\",\"inLanguage\":\"fr\",\"@id\":\"https:\\\/\\\/thingstodoinamsterdam.com\\\/fr\\\/restaurants-a-amsterdam\\\/restaurants-indonesiens-a-amsterdam\\\/#primaryimage\",\"url\":\"https:\\\/\\\/thingstodoinamsterdam.com\\\/wp-content\\\/uploads\\\/2021\\\/08\\\/indonesian-food.jpg\",\"contentUrl\":\"https:\\\/\\\/thingstodoinamsterdam.com\\\/wp-content\\\/uploads\\\/2021\\\/08\\\/indonesian-food.jpg\",\"width\":400,\"height\":300,\"caption\":\"indonesian food\"},{\"@type\":\"BreadcrumbList\",\"@id\":\"https:\\\/\\\/thingstodoinamsterdam.com\\\/fr\\\/restaurants-a-amsterdam\\\/restaurants-indonesiens-a-amsterdam\\\/#breadcrumb\",\"itemListElement\":[{\"@type\":\"ListItem\",\"position\":1,\"name\":\"Visiter Amsterdam\",\"item\":\"https:\\\/\\\/thingstodoinamsterdam.com\\\/fr\\\/\"},{\"@type\":\"ListItem\",\"position\":2,\"name\":\"Restaurants Amsterdam\",\"item\":\"https:\\\/\\\/thingstodoinamsterdam.com\\\/fr\\\/restaurants-a-amsterdam\\\/\"},{\"@type\":\"ListItem\",\"position\":3,\"name\":\"Restaurants Indon\u00e9siens \u00e0 Amsterdam\"}]},{\"@type\":\"WebSite\",\"@id\":\"https:\\\/\\\/thingstodoinamsterdam.com\\\/fr\\\/#website\",\"url\":\"https:\\\/\\\/thingstodoinamsterdam.com\\\/fr\\\/\",\"name\":\"ThingstodoinAmsterdam.com\",\"description\":\"Amsterdam&#039;s highlights and hidden secrets\",\"publisher\":{\"@id\":\"https:\\\/\\\/thingstodoinamsterdam.com\\\/fr\\\/#organization\"},\"potentialAction\":[{\"@type\":\"SearchAction\",\"target\":{\"@type\":\"EntryPoint\",\"urlTemplate\":\"https:\\\/\\\/thingstodoinamsterdam.com\\\/fr\\\/?s={search_term_string}\"},\"query-input\":{\"@type\":\"PropertyValueSpecification\",\"valueRequired\":true,\"valueName\":\"search_term_string\"}}],\"inLanguage\":\"fr\"},{\"@type\":\"Organization\",\"@id\":\"https:\\\/\\\/thingstodoinamsterdam.com\\\/fr\\\/#organization\",\"name\":\"Visiter Amsterdam\",\"url\":\"https:\\\/\\\/thingstodoinamsterdam.com\\\/fr\\\/\",\"logo\":{\"@type\":\"ImageObject\",\"inLanguage\":\"fr\",\"@id\":\"https:\\\/\\\/thingstodoinamsterdam.com\\\/fr\\\/#\\\/schema\\\/logo\\\/image\\\/\",\"url\":\"https:\\\/\\\/thingstodoinamsterdam.com\\\/wp-content\\\/uploads\\\/2025\\\/02\\\/ThingsToDoInAmsterdam-Favicon-logo.png\",\"contentUrl\":\"https:\\\/\\\/thingstodoinamsterdam.com\\\/wp-content\\\/uploads\\\/2025\\\/02\\\/ThingsToDoInAmsterdam-Favicon-logo.png\",\"width\":512,\"height\":512,\"caption\":\"Visiter Amsterdam\"},\"image\":{\"@id\":\"https:\\\/\\\/thingstodoinamsterdam.com\\\/fr\\\/#\\\/schema\\\/logo\\\/image\\\/\"},\"sameAs\":[\"https:\\\/\\\/www.facebook.com\\\/thingstodoinamsterdamcom\"]}]}<\/script>\n<!-- \/ Yoast SEO plugin. -->","yoast_head_json":{"title":"Restaurants Indon\u00e9siens \u00e0 Amsterdam - notre s\u00e9lection","description":"Choisissez le restaurant indon\u00e9sien id\u00e9al en fonction de vos envies, de votre temps mais \u00e9galement de votre budget ! Voici notre s\u00e9lection.","robots":{"index":"index","follow":"follow","max-snippet":"max-snippet:-1","max-image-preview":"max-image-preview:large","max-video-preview":"max-video-preview:-1"},"canonical":"https:\/\/thingstodoinamsterdam.com\/fr\/restaurants-a-amsterdam\/restaurants-indonesiens-a-amsterdam\/","og_locale":"fr_FR","og_type":"article","og_title":"Restaurants Indon\u00e9siens \u00e0 Amsterdam - notre s\u00e9lection","og_description":"Choisissez le restaurant indon\u00e9sien id\u00e9al en fonction de vos envies, de votre temps mais \u00e9galement de votre budget ! Voici notre s\u00e9lection.","og_url":"https:\/\/thingstodoinamsterdam.com\/fr\/restaurants-a-amsterdam\/restaurants-indonesiens-a-amsterdam\/","og_site_name":"ThingstodoinAmsterdam.com","article_publisher":"https:\/\/www.facebook.com\/thingstodoinamsterdamcom","article_modified_time":"2021-08-20T10:15:33+00:00","og_image":[{"width":400,"height":300,"url":"https:\/\/thingstodoinamsterdam.com\/wp-content\/uploads\/2021\/08\/indonesian-food.jpg","type":"image\/jpeg"}],"twitter_card":"summary_large_image","twitter_misc":{"Est. reading time":"2 minutes"},"schema":{"@context":"https:\/\/schema.org","@graph":[{"@type":"WebPage","@id":"https:\/\/thingstodoinamsterdam.com\/fr\/restaurants-a-amsterdam\/restaurants-indonesiens-a-amsterdam\/","url":"https:\/\/thingstodoinamsterdam.com\/fr\/restaurants-a-amsterdam\/restaurants-indonesiens-a-amsterdam\/","name":"Restaurants Indon\u00e9siens \u00e0 Amsterdam - notre s\u00e9lection","isPartOf":{"@id":"https:\/\/thingstodoinamsterdam.com\/fr\/#website"},"primaryImageOfPage":{"@id":"https:\/\/thingstodoinamsterdam.com\/fr\/restaurants-a-amsterdam\/restaurants-indonesiens-a-amsterdam\/#primaryimage"},"image":{"@id":"https:\/\/thingstodoinamsterdam.com\/fr\/restaurants-a-amsterdam\/restaurants-indonesiens-a-amsterdam\/#primaryimage"},"thumbnailUrl":"https:\/\/thingstodoinamsterdam.com\/wp-content\/uploads\/2021\/08\/indonesian-food.jpg","datePublished":"2019-05-14T15:16:47+00:00","dateModified":"2021-08-20T10:15:33+00:00","description":"Choisissez le restaurant indon\u00e9sien id\u00e9al en fonction de vos envies, de votre temps mais \u00e9galement de votre budget ! Voici notre s\u00e9lection.","breadcrumb":{"@id":"https:\/\/thingstodoinamsterdam.com\/fr\/restaurants-a-amsterdam\/restaurants-indonesiens-a-amsterdam\/#breadcrumb"},"inLanguage":"fr","potentialAction":[{"@type":"ReadAction","target":["https:\/\/thingstodoinamsterdam.com\/fr\/restaurants-a-amsterdam\/restaurants-indonesiens-a-amsterdam\/"]}]},{"@type":"ImageObject","inLanguage":"fr","@id":"https:\/\/thingstodoinamsterdam.com\/fr\/restaurants-a-amsterdam\/restaurants-indonesiens-a-amsterdam\/#primaryimage","url":"https:\/\/thingstodoinamsterdam.com\/wp-content\/uploads\/2021\/08\/indonesian-food.jpg","contentUrl":"https:\/\/thingstodoinamsterdam.com\/wp-content\/uploads\/2021\/08\/indonesian-food.jpg","width":400,"height":300,"caption":"indonesian food"},{"@type":"BreadcrumbList","@id":"https:\/\/thingstodoinamsterdam.com\/fr\/restaurants-a-amsterdam\/restaurants-indonesiens-a-amsterdam\/#breadcrumb","itemListElement":[{"@type":"ListItem","position":1,"name":"Visiter Amsterdam","item":"https:\/\/thingstodoinamsterdam.com\/fr\/"},{"@type":"ListItem","position":2,"name":"Restaurants Amsterdam","item":"https:\/\/thingstodoinamsterdam.com\/fr\/restaurants-a-amsterdam\/"},{"@type":"ListItem","position":3,"name":"Restaurants Indon\u00e9siens \u00e0 Amsterdam"}]},{"@type":"WebSite","@id":"https:\/\/thingstodoinamsterdam.com\/fr\/#website","url":"https:\/\/thingstodoinamsterdam.com\/fr\/","name":"ThingstodoinAmsterdam.com","description":"Amsterdam&#039;s highlights and hidden secrets","publisher":{"@id":"https:\/\/thingstodoinamsterdam.com\/fr\/#organization"},"potentialAction":[{"@type":"SearchAction","target":{"@type":"EntryPoint","urlTemplate":"https:\/\/thingstodoinamsterdam.com\/fr\/?s={search_term_string}"},"query-input":{"@type":"PropertyValueSpecification","valueRequired":true,"valueName":"search_term_string"}}],"inLanguage":"fr"},{"@type":"Organization","@id":"https:\/\/thingstodoinamsterdam.com\/fr\/#organization","name":"Visiter Amsterdam","url":"https:\/\/thingstodoinamsterdam.com\/fr\/","logo":{"@type":"ImageObject","inLanguage":"fr","@id":"https:\/\/thingstodoinamsterdam.com\/fr\/#\/schema\/logo\/image\/","url":"https:\/\/thingstodoinamsterdam.com\/wp-content\/uploads\/2025\/02\/ThingsToDoInAmsterdam-Favicon-logo.png","contentUrl":"https:\/\/thingstodoinamsterdam.com\/wp-content\/uploads\/2025\/02\/ThingsToDoInAmsterdam-Favicon-logo.png","width":512,"height":512,"caption":"Visiter Amsterdam"},"image":{"@id":"https:\/\/thingstodoinamsterdam.com\/fr\/#\/schema\/logo\/image\/"},"sameAs":["https:\/\/www.facebook.com\/thingstodoinamsterdamcom"]}]}},"_links":{"self":[{"href":"https:\/\/thingstodoinamsterdam.com\/fr\/wp-json\/wp\/v2\/pages\/514","targetHints":{"allow":["GET"]}}],"collection":[{"href":"https:\/\/thingstodoinamsterdam.com\/fr\/wp-json\/wp\/v2\/pages"}],"about":[{"href":"https:\/\/thingstodoinamsterdam.com\/fr\/wp-json\/wp\/v2\/types\/page"}],"author":[{"embeddable":true,"href":"https:\/\/thingstodoinamsterdam.com\/fr\/wp-json\/wp\/v2\/users\/1"}],"replies":[{"embeddable":true,"href":"https:\/\/thingstodoinamsterdam.com\/fr\/wp-json\/wp\/v2\/comments?post=514"}],"version-history":[{"count":2,"href":"https:\/\/thingstodoinamsterdam.com\/fr\/wp-json\/wp\/v2\/pages\/514\/revisions"}],"predecessor-version":[{"id":11001,"href":"https:\/\/thingstodoinamsterdam.com\/fr\/wp-json\/wp\/v2\/pages\/514\/revisions\/11001"}],"up":[{"embeddable":true,"href":"https:\/\/thingstodoinamsterdam.com\/fr\/wp-json\/wp\/v2\/pages\/259"}],"wp:featuredmedia":[{"embeddable":true,"href":"https:\/\/thingstodoinamsterdam.com\/fr\/wp-json\/wp\/v2\/media\/10997"}],"wp:attachment":[{"href":"https:\/\/thingstodoinamsterdam.com\/fr\/wp-json\/wp\/v2\/media?parent=514"}],"curies":[{"name":"wp","href":"https:\/\/api.w.org\/{rel}","templated":true}]}}