{"id":5159,"date":"2020-01-27T10:53:18","date_gmt":"2020-01-27T09:53:18","guid":{"rendered":"https:\/\/thingstodoinamsterdam.com\/?page_id=5159"},"modified":"2025-08-29T16:26:47","modified_gmt":"2025-08-29T14:26:47","slug":"synagogue-portugaise","status":"publish","type":"page","link":"https:\/\/thingstodoinamsterdam.com\/fr\/musees-amsterdam\/synagogue-portugaise\/","title":{"rendered":"Synagogue Portugaise"},"content":{"rendered":"<div class=\"wpb-content-wrapper\"><p>[vc_row][vc_column width=&#8221;2\/3&#8243;][vc_column_text css=&#8221;&#8221;]<span style=\"font-weight: 400;\">La Synagogue Portugaise est une part importante du Quartier Culturel Juif d&#8217;Amsterdam. Au cours de l&#8217;\u00e2ge d&#8217;or n\u00e9erlandais au XVI et XVII \u00e8me si\u00e8cles, des femmes et des hommes juifs ont voulu \u00e9chapper \u00e0 la pers\u00e9cution dans des r\u00e9gions telles que l&#8217;Espagne, le Portugal&#8230; Une communaut\u00e9 juive s&#8217;est ainsi d\u00e9velopp\u00e9e aux Pays-Bas et les familles ont pu trouver un \u00e9quilibre de vie, se sentir en paix.\u00a0<\/span><\/p><div id=\"ez-toc-container\" class=\"ez-toc-v2_0_82_2 counter-hierarchy ez-toc-counter ez-toc-custom ez-toc-container-direction\">\n<div class=\"ez-toc-title-container\">\n<span class=\"ez-toc-title-toggle\"><a href=\"#\" class=\"ez-toc-pull-right ez-toc-btn ez-toc-btn-xs ez-toc-btn-default ez-toc-toggle\" aria-label=\"Toggle Table of Content\"><span class=\"ez-toc-js-icon-con\"><span class=\"\"><span class=\"eztoc-hide\" style=\"display:none;\">Toggle<\/span><span class=\"ez-toc-icon-toggle-span\"><svg style=\"fill: #999;color:#999\" xmlns=\"http:\/\/www.w3.org\/2000\/svg\" class=\"list-377408\" width=\"20px\" height=\"20px\" viewBox=\"0 0 24 24\" fill=\"none\"><path d=\"M6 6H4v2h2V6zm14 0H8v2h12V6zM4 11h2v2H4v-2zm16 0H8v2h12v-2zM4 16h2v2H4v-2zm16 0H8v2h12v-2z\" fill=\"currentColor\"><\/path><\/svg><svg style=\"fill: #999;color:#999\" class=\"arrow-unsorted-368013\" xmlns=\"http:\/\/www.w3.org\/2000\/svg\" width=\"10px\" height=\"10px\" viewBox=\"0 0 24 24\" version=\"1.2\" baseProfile=\"tiny\"><path d=\"M18.2 9.3l-6.2-6.3-6.2 6.3c-.2.2-.3.4-.3.7s.1.5.3.7c.2.2.4.3.7.3h11c.3 0 .5-.1.7-.3.2-.2.3-.5.3-.7s-.1-.5-.3-.7zM5.8 14.7l6.2 6.3 6.2-6.3c.2-.2.3-.5.3-.7s-.1-.5-.3-.7c-.2-.2-.4-.3-.7-.3h-11c-.3 0-.5.1-.7.3-.2.2-.3.5-.3.7s.1.5.3.7z\"\/><\/svg><\/span><\/span><\/span><\/a><\/span><\/div>\n<nav><ul class='ez-toc-list ez-toc-list-level-1 ' ><li class='ez-toc-page-1 ez-toc-heading-level-2'><a class=\"ez-toc-link ez-toc-heading-1\" href=\"https:\/\/thingstodoinamsterdam.com\/fr\/musees-amsterdam\/synagogue-portugaise\/#synagogue-portugaise-horaires-douverture\" >Synagogue Portugaise Horaires d&#8217;ouverture<\/a><\/li><li class='ez-toc-page-1 ez-toc-heading-level-2'><a class=\"ez-toc-link ez-toc-heading-2\" href=\"https:\/\/thingstodoinamsterdam.com\/fr\/musees-amsterdam\/synagogue-portugaise\/#visite-du-quartier-culturel-juif-billets-prix-et-reductions\" >Visite du Quartier Culturel Juif, billets, prix et r\u00e9ductions<\/a><\/li><\/ul><\/nav><\/div>\n\n<p>La Synagogue a \u00e9t\u00e9 construite en 1671 par le gouvernement n\u00e9erlandais comme lieu de refuge. Ce b\u00e2timent est rest\u00e9e un lieu de culte, toujours en activit\u00e9. ouvert au public. Les visiteurs sont convi\u00e9s avec plaisir, except\u00e9 le samedi et certains jours de f\u00eate.<\/p>\n<p>La biblioth\u00e8que de la synagogue porte le nom de Ets Haim Library, elle est la plus ancienne biblioth\u00e8que juive du monde ! Class\u00e9e patrimoine mondial de l&#8217;UNESCO, cette biblioth\u00e8que est une perle culturelle.\u00a0[\/vc_column_text][\/vc_column][vc_column width=&#8221;1\/3&#8243;][vc_column_text css=&#8221;&#8221;]<\/p>\n<figure id=\"attachment_4631\" aria-describedby=\"caption-attachment-4631\" style=\"width: 350px\" class=\"wp-caption alignright\"><img decoding=\"async\" class=\"wp-image-4631\" src=\"https:\/\/thingstodoinamsterdam.com\/wp-content\/uploads\/2019\/08\/20180315_120846-300x225.jpg\" alt=\"\" width=\"350\" height=\"263\" \/><figcaption id=\"caption-attachment-4631\" class=\"wp-caption-text\">Entr\u00e9e de la synagogue<\/figcaption><\/figure>\n<p>[\/vc_column_text][\/vc_column][\/vc_row][vc_row][vc_column][button title=&#8221;Achetez vos billets pour visiter le Quartier Juif (Synagogue Portugaise inclus) avec Tours&amp;Tickets.com&#8221; link=&#8221;\/ticketlinkfr-synagogue-portugaise-tours-std&#8221; button_align=&#8221;center&#8221; target=&#8221;true&#8221; nofollow=&#8221;true&#8221; el_id=&#8221;1565099147513-64df30c3-aa34&#8243;][vc_column_text css=&#8221;&#8221;]<\/p>\n<h2><span class=\"ez-toc-section\" id=\"synagogue-portugaise-horaires-douverture\"><\/span>Synagogue Portugaise Horaires d&#8217;ouverture<span class=\"ez-toc-section-end\"><\/span><\/h2>\n<p>La synagogue est ouverte au public, except\u00e9 le samedi et certains jours de f\u00eate.<\/p>\n<table style=\"width: 475px; height: 66px;\">\n<tbody>\n<tr>\n<td>du dimanche au jeudi<\/td>\n<td>\u00a010:00 &#8211; 17:00<\/td>\n<\/tr>\n<tr>\n<td>samedi<\/td>\n<td>ferm\u00e9<\/td>\n<\/tr>\n<\/tbody>\n<\/table>\n<figure id=\"attachment_4628\" aria-describedby=\"caption-attachment-4628\" style=\"width: 300px\" class=\"wp-caption aligncenter\"><img decoding=\"async\" class=\"size-medium wp-image-4628\" src=\"https:\/\/thingstodoinamsterdam.com\/wp-content\/uploads\/2019\/08\/20180315_122607-300x225.jpg\" alt=\"\" width=\"300\" height=\"225\" \/><figcaption id=\"caption-attachment-4628\" class=\"wp-caption-text\">Une partie de la biblioth\u00e8que juive Et Haims Library<\/figcaption><\/figure>\n<p>[\/vc_column_text][vc_column_text css=&#8221;&#8221;]<\/p>\n<h2><span class=\"ez-toc-section\" id=\"visite-du-quartier-culturel-juif-billets-prix-et-reductions\"><\/span>Visite du Quartier Culturel Juif, billets, prix et r\u00e9ductions<span class=\"ez-toc-section-end\"><\/span><\/h2>\n<p>&nbsp;<\/p>\n<table style=\"width: 354px; height: 26px;\">\n<tbody>\n<tr>\n<td>Adultes<\/td>\n<td>16\u20ac<\/td>\n<\/tr>\n<tr>\n<td>Enfants 6 &#8211; 17 ans<\/td>\n<td>8,50\u20ac<\/td>\n<\/tr>\n<tr>\n<td>Enfants de moins de 6 ans<\/td>\n<td>gratuit<\/td>\n<\/tr>\n<\/tbody>\n<\/table>\n<p><img decoding=\"async\" class=\"wp-image-4632 aligncenter\" src=\"https:\/\/thingstodoinamsterdam.com\/wp-content\/uploads\/2019\/08\/20180315_121358-300x225.jpg\" alt=\"\" width=\"350\" height=\"263\" \/>[\/vc_column_text][button title=&#8221;Achetez vos billets pour visiter le Quartier Juif (Synagogue Portugaise inclus) avec Tours&amp;Tickets.com&#8221; link=&#8221;\/ticketlinkfr-synagogue-portugaise-tours-std&#8221; button_align=&#8221;center&#8221; target=&#8221;true&#8221; nofollow=&#8221;true&#8221; el_id=&#8221;1580122121786-10727db1-39fc&#8221;][button title=&#8221;Achetez vos billets pour visiter le Quartier Juif et la Synagogue sur Tiqets.com&#8221; link=&#8221;https:\/\/thingstodoinamsterdam.com\/ticketlinkfr-synagogue-portugaise-tiqets-std&#8221; button_align=&#8221;center&#8221; target=&#8221;true&#8221; nofollow=&#8221;true&#8221; el_id=&#8221;1565099361940-f58982cb-e3af&#8221;][vc_column_text]<strong>Adresse Synagogue Portugaise Amsterdam<br \/>\n<\/strong>Mr. Visserplein 3<br \/>\n1011 RD Amsterdam<br \/>\nTel : +31 20 531 0380[\/vc_column_text][vc_column_text css=&#8221;&#8221;]Comme beaucoup de lieux \u00e0 Amsterdam, la Synagogue Portugaise est tr\u00e8s facile d&#8217;acc\u00e8s ! Elle se situe dans le Quartier Juif Amsterdam.<\/p>\n<p><img decoding=\"async\" class=\"size-medium wp-image-4626 aligncenter\" src=\"https:\/\/thingstodoinamsterdam.com\/wp-content\/uploads\/2019\/08\/20180315_120651-300x225.jpg\" alt=\"\" width=\"300\" height=\"225\" \/><\/p>\n<p><strong style=\"font-family: Verdana, Geneva, sans-serif;\">\u00c0 partir d&#8217;Amsterdam Centraal Station<\/strong><\/p>\n<ul>\n<li style=\"list-style-type: none;\">\n<ul>\n<li style=\"list-style-type: none;\">\n<ul>\n<li>M\u00e9tro 54, en direction de Gein &#8211; arr\u00eat \u00e0 Waterlooplein<\/li>\n<li>M\u00e9tro 51, en direction de Westwijk &#8211; arr\u00eat \u00e0 Waterlooplein<\/li>\n<li>M\u00e9tro 53, en direction de Gaasperplas &#8211; arr\u00eat \u00e0 Waterlooplein<\/li>\n<li>Tram 9, en direction de Diemen &#8211; arr\u00eat \u00e0 Mr. Visserplein<\/li>\n<\/ul>\n<\/li>\n<\/ul>\n<\/li>\n<\/ul>\n<p>Pour vous renseigner sur les temps de trajet actuels, vous pouvez utiliser le widget ci-dessous en fonction de votre position actuelle. Cette application vous aidera lorsque vous ne savez pas quel bus ou tram vous pouvez emprunter depuis votre position.<\/p>\n<p><a href=\"http:\/\/9292.nl\/en\/?to=amsterdam_portuguese-synagogue\"><img decoding=\"async\" class=\"alignnone size-medium wp-image-3080\" src=\"https:\/\/thingstodoinamsterdam.com\/wp-content\/uploads\/2019\/07\/Button-Plan-mijn-OV-reis-EN-300x54.png\" alt=\"\" width=\"300\" height=\"54\" \/><\/a>[\/vc_column_text][vc_column_text]<\/p>\n<h3>FAQ concernant la Synagogue Portugaise Amsterdam<\/h3>\n<ol>\n<li><strong>La synagogue est-elle accessible aux personnes en fauteuil roulant ?<\/strong><br \/>\nOui ! La synagogue est accessible aux personnes en fauteuil roulant. Vous pouvez m\u00eame r\u00e9server un fauteuil roulant par t\u00e9l\u00e9phone : +31 20 531 0380<\/li>\n<li><strong>Y a-t-il la Wi-Fi ?<\/strong><br \/>\nOui, au sein de la synagogue il y a la Wi-Fi.<\/li>\n<li><strong>O\u00f9 puis-je me restaurer ?<\/strong><br \/>\nDans le Quartier Juif il y a des restaurants et il y a \u00e9galement le Museum Caf\u00e9. Notez que vous n&#8217;avez pas besoin de ticket pour entrer dans ce restaurant.<\/li>\n<li><strong>Puis-je utiliser ma carte <a href=\"https:\/\/thingstodoinamsterdam.com\/fr\/informations-pratiques\/la-carte-i-amsterdam-city-card\/\">I amsterdam City Card<\/a> pour entrer dans la synagogue ?<\/strong><br \/>\nOui ! La Synagogue Portugaise est incluse dans votre carte, vous pouvez donc y acc\u00e9der gratuitement.<\/li>\n<\/ol>\n<p>[\/vc_column_text][g_map heading=&#8221;Synagogue Portugaise&#8221; el_id=&#8221;1565099520403-319546a4-a0fa&#8221;]<iframe style=\"border: 0;\" src=\"https:\/\/www.google.com\/maps\/embed?pb=!1m18!1m12!1m3!1d2436.1510862089194!2d4.902594651249633!3d52.36768037968645!2m3!1f0!2f0!3f0!3m2!1i1024!2i768!4f13.1!3m3!1m2!1s0x47c609bd0bad3233%3A0x258d489ded9bd2c!2sPortugese+Synagoge!5e0!3m2!1sen!2sde!4v1516188440124\" width=\"600\" height=\"450\" frameborder=\"0\" allowfullscreen=\"allowfullscreen\"><\/iframe>[\/g_map][\/vc_column][\/vc_row][vc_row][vc_column][reviews heading=&#8221;Synagogue Portugaise Amsterdam Avis&#8221; description=&#8221;Nous sommes toujours int\u00e9ress\u00e9s en ce qui concerne les exp\u00e9riences de nos visiteurs. Dites-nous ce que vous en avez pens\u00e9 et aidez les autres voyageurs !&#8221; item_name=&#8221;Portuguese Synagogue&#8221; item_image=&#8221;1575&#8243; item_tel=&#8221;+31 20 531 0380&#8243; item_address=&#8221;Mr. Visserplein 3&#8243; item_city=&#8221;Amsterdam&#8221; item_postal_code=&#8221;1011 RD&#8221; item_country=&#8221;NLD&#8221; el_id=&#8221;1565099536699-1db60d73-9c45&#8243;][\/reviews][vc_column_text]<\/p>\n<div class=\"row row\">\n<div class=\"wpb_column vc_column_container col-md-12\">\n<div class=\"vc_column-inner\">\n<div class=\"wpb_wrapper\">\n<div class=\"wpb_text_column wpb_content_element \">\n<div class=\"wpb_wrapper\">\n<p><strong>Jetez un oeil \u00e0 l\u2019une des attractions ci-dessous ou revenez \u00e0 la page g\u00e9n\u00e9rale concernant<a href=\"https:\/\/thingstodoinamsterdam.com\/fr\/\">\u00a0les choses \u00e0 faire \u00e0 Amsterdam<\/a>.<\/strong><\/p>\n<\/div>\n<\/div>\n<\/div>\n<\/div>\n<\/div>\n<\/div>\n<p>[\/vc_column_text][\/vc_column][\/vc_row][vc_row][vc_column][promo_block style_var=&#8221;style2&#8243; el_id=&#8221;1565099670200-e456cb72-7ba1&#8243;][promo link=&#8221;|title:Quartier%20Culturel%20Juif||&#8221; text=&#8221;Apprenez-en plus sur l&#8217;histoire du Quartier Culturel Juif \u00e0 Amsterdam.&#8221; img=&#8221;2212&#8243;][promo link=&#8221;url:https%3A%2F%2Fthingstodoinamsterdam.com%2Ffr%2Fmusees-amsterdam%2Fla-maison-danne-frank%2F|title:La%20Maison%20d&#8217;Anne%20Frank||&#8221; text=&#8221;Visitez la Maison d&#8217;Anne Frank et d\u00e9couvrez son histoire.&#8221; img=&#8221;527&#8243;][promo link=&#8221;url:https%3A%2F%2Fthingstodoinamsterdam.com%2Ffr%2Fmusees-amsterdam%2Fmadame-tussauds-amsterdam%2F|title:Madame%20Tussauds||&#8221; text=&#8221;Prenez un selfie avec la Dutch Royal family !&#8221; img=&#8221;632&#8243;][\/promo_block][\/vc_column][\/vc_row]<\/p>\n<\/div>","protected":false},"excerpt":{"rendered":"<p>[vc_row][vc_column width=&#8221;2\/3&#8243;][vc_column_text css=&#8221;&#8221;]La Synagogue Portugaise est une part importante du Quartier Culturel Juif d&#8217;Amsterdam. Au cours de l&#8217;\u00e2ge d&#8217;or n\u00e9erlandais au XVI et XVII \u00e8me\u2026<\/p>\n","protected":false},"author":20,"featured_media":11022,"parent":417,"menu_order":0,"comment_status":"closed","ping_status":"closed","template":"","meta":{"footnotes":""},"class_list":["post-5159","page","type-page","status-publish","has-post-thumbnail","hentry"],"yoast_head":"<!-- This site is optimized with the Yoast SEO plugin v27.3 - https:\/\/yoast.com\/product\/yoast-seo-wordpress\/ -->\n<title>Synagogue Portugaise dans le Quartier Culturel Juif Amsterdam<\/title>\n<meta name=\"description\" content=\"Visitez la magnifique Synagogue Portugaise \u00e0 Amsterdam, une perle cuturelle. D\u00e9couvrez son histoire et ses secrets. R\u00e9servez vos billets \u00e0 prix r\u00e9duits ici.\" \/>\n<meta name=\"robots\" content=\"index, follow, max-snippet:-1, max-image-preview:large, max-video-preview:-1\" \/>\n<link rel=\"canonical\" href=\"https:\/\/thingstodoinamsterdam.com\/fr\/musees-amsterdam\/synagogue-portugaise\/\" \/>\n<meta property=\"og:locale\" content=\"fr_FR\" \/>\n<meta property=\"og:type\" content=\"article\" \/>\n<meta property=\"og:title\" content=\"Synagogue Portugaise dans le Quartier Culturel Juif Amsterdam\" \/>\n<meta property=\"og:description\" content=\"Visitez la magnifique Synagogue Portugaise \u00e0 Amsterdam, une perle cuturelle. D\u00e9couvrez son histoire et ses secrets. R\u00e9servez vos billets \u00e0 prix r\u00e9duits ici.\" \/>\n<meta property=\"og:url\" content=\"https:\/\/thingstodoinamsterdam.com\/fr\/musees-amsterdam\/synagogue-portugaise\/\" \/>\n<meta property=\"og:site_name\" content=\"ThingstodoinAmsterdam.com\" \/>\n<meta property=\"article:publisher\" content=\"https:\/\/www.facebook.com\/thingstodoinamsterdamcom\" \/>\n<meta property=\"article:modified_time\" content=\"2025-08-29T14:26:47+00:00\" \/>\n<meta property=\"og:image\" content=\"https:\/\/thingstodoinamsterdam.com\/wp-content\/uploads\/2021\/08\/Synagogue-Portugaise.jpg\" \/>\n\t<meta property=\"og:image:width\" content=\"400\" \/>\n\t<meta property=\"og:image:height\" content=\"267\" \/>\n\t<meta property=\"og:image:type\" content=\"image\/jpeg\" \/>\n<meta name=\"twitter:card\" content=\"summary_large_image\" \/>\n<meta name=\"twitter:label1\" content=\"Est. reading time\" \/>\n\t<meta name=\"twitter:data1\" content=\"5 minutes\" \/>\n<script type=\"application\/ld+json\" class=\"yoast-schema-graph\">{\"@context\":\"https:\\\/\\\/schema.org\",\"@graph\":[{\"@type\":\"WebPage\",\"@id\":\"https:\\\/\\\/thingstodoinamsterdam.com\\\/fr\\\/musees-amsterdam\\\/synagogue-portugaise\\\/\",\"url\":\"https:\\\/\\\/thingstodoinamsterdam.com\\\/fr\\\/musees-amsterdam\\\/synagogue-portugaise\\\/\",\"name\":\"Synagogue Portugaise dans le Quartier Culturel Juif Amsterdam\",\"isPartOf\":{\"@id\":\"https:\\\/\\\/thingstodoinamsterdam.com\\\/fr\\\/#website\"},\"primaryImageOfPage\":{\"@id\":\"https:\\\/\\\/thingstodoinamsterdam.com\\\/fr\\\/musees-amsterdam\\\/synagogue-portugaise\\\/#primaryimage\"},\"image\":{\"@id\":\"https:\\\/\\\/thingstodoinamsterdam.com\\\/fr\\\/musees-amsterdam\\\/synagogue-portugaise\\\/#primaryimage\"},\"thumbnailUrl\":\"https:\\\/\\\/thingstodoinamsterdam.com\\\/wp-content\\\/uploads\\\/2021\\\/08\\\/Synagogue-Portugaise.jpg\",\"datePublished\":\"2020-01-27T09:53:18+00:00\",\"dateModified\":\"2025-08-29T14:26:47+00:00\",\"description\":\"Visitez la magnifique Synagogue Portugaise \u00e0 Amsterdam, une perle cuturelle. D\u00e9couvrez son histoire et ses secrets. R\u00e9servez vos billets \u00e0 prix r\u00e9duits ici.\",\"breadcrumb\":{\"@id\":\"https:\\\/\\\/thingstodoinamsterdam.com\\\/fr\\\/musees-amsterdam\\\/synagogue-portugaise\\\/#breadcrumb\"},\"inLanguage\":\"fr\",\"potentialAction\":[{\"@type\":\"ReadAction\",\"target\":[\"https:\\\/\\\/thingstodoinamsterdam.com\\\/fr\\\/musees-amsterdam\\\/synagogue-portugaise\\\/\"]}]},{\"@type\":\"ImageObject\",\"inLanguage\":\"fr\",\"@id\":\"https:\\\/\\\/thingstodoinamsterdam.com\\\/fr\\\/musees-amsterdam\\\/synagogue-portugaise\\\/#primaryimage\",\"url\":\"https:\\\/\\\/thingstodoinamsterdam.com\\\/wp-content\\\/uploads\\\/2021\\\/08\\\/Synagogue-Portugaise.jpg\",\"contentUrl\":\"https:\\\/\\\/thingstodoinamsterdam.com\\\/wp-content\\\/uploads\\\/2021\\\/08\\\/Synagogue-Portugaise.jpg\",\"width\":400,\"height\":267,\"caption\":\"Synagogue Portugaise\"},{\"@type\":\"BreadcrumbList\",\"@id\":\"https:\\\/\\\/thingstodoinamsterdam.com\\\/fr\\\/musees-amsterdam\\\/synagogue-portugaise\\\/#breadcrumb\",\"itemListElement\":[{\"@type\":\"ListItem\",\"position\":1,\"name\":\"Visiter Amsterdam\",\"item\":\"https:\\\/\\\/thingstodoinamsterdam.com\\\/fr\\\/\"},{\"@type\":\"ListItem\",\"position\":2,\"name\":\"Mus\u00e9es \u00e0 Amsterdam\",\"item\":\"https:\\\/\\\/thingstodoinamsterdam.com\\\/fr\\\/musees-amsterdam\\\/\"},{\"@type\":\"ListItem\",\"position\":3,\"name\":\"Synagogue Portugaise\"}]},{\"@type\":\"WebSite\",\"@id\":\"https:\\\/\\\/thingstodoinamsterdam.com\\\/fr\\\/#website\",\"url\":\"https:\\\/\\\/thingstodoinamsterdam.com\\\/fr\\\/\",\"name\":\"ThingstodoinAmsterdam.com\",\"description\":\"Amsterdam&#039;s highlights and hidden secrets\",\"publisher\":{\"@id\":\"https:\\\/\\\/thingstodoinamsterdam.com\\\/fr\\\/#organization\"},\"potentialAction\":[{\"@type\":\"SearchAction\",\"target\":{\"@type\":\"EntryPoint\",\"urlTemplate\":\"https:\\\/\\\/thingstodoinamsterdam.com\\\/fr\\\/?s={search_term_string}\"},\"query-input\":{\"@type\":\"PropertyValueSpecification\",\"valueRequired\":true,\"valueName\":\"search_term_string\"}}],\"inLanguage\":\"fr\"},{\"@type\":\"Organization\",\"@id\":\"https:\\\/\\\/thingstodoinamsterdam.com\\\/fr\\\/#organization\",\"name\":\"Visiter Amsterdam\",\"url\":\"https:\\\/\\\/thingstodoinamsterdam.com\\\/fr\\\/\",\"logo\":{\"@type\":\"ImageObject\",\"inLanguage\":\"fr\",\"@id\":\"https:\\\/\\\/thingstodoinamsterdam.com\\\/fr\\\/#\\\/schema\\\/logo\\\/image\\\/\",\"url\":\"https:\\\/\\\/thingstodoinamsterdam.com\\\/wp-content\\\/uploads\\\/2025\\\/02\\\/ThingsToDoInAmsterdam-Favicon-logo.png\",\"contentUrl\":\"https:\\\/\\\/thingstodoinamsterdam.com\\\/wp-content\\\/uploads\\\/2025\\\/02\\\/ThingsToDoInAmsterdam-Favicon-logo.png\",\"width\":512,\"height\":512,\"caption\":\"Visiter Amsterdam\"},\"image\":{\"@id\":\"https:\\\/\\\/thingstodoinamsterdam.com\\\/fr\\\/#\\\/schema\\\/logo\\\/image\\\/\"},\"sameAs\":[\"https:\\\/\\\/www.facebook.com\\\/thingstodoinamsterdamcom\"]}]}<\/script>\n<!-- \/ Yoast SEO plugin. -->","yoast_head_json":{"title":"Synagogue Portugaise dans le Quartier Culturel Juif Amsterdam","description":"Visitez la magnifique Synagogue Portugaise \u00e0 Amsterdam, une perle cuturelle. D\u00e9couvrez son histoire et ses secrets. R\u00e9servez vos billets \u00e0 prix r\u00e9duits ici.","robots":{"index":"index","follow":"follow","max-snippet":"max-snippet:-1","max-image-preview":"max-image-preview:large","max-video-preview":"max-video-preview:-1"},"canonical":"https:\/\/thingstodoinamsterdam.com\/fr\/musees-amsterdam\/synagogue-portugaise\/","og_locale":"fr_FR","og_type":"article","og_title":"Synagogue Portugaise dans le Quartier Culturel Juif Amsterdam","og_description":"Visitez la magnifique Synagogue Portugaise \u00e0 Amsterdam, une perle cuturelle. D\u00e9couvrez son histoire et ses secrets. R\u00e9servez vos billets \u00e0 prix r\u00e9duits ici.","og_url":"https:\/\/thingstodoinamsterdam.com\/fr\/musees-amsterdam\/synagogue-portugaise\/","og_site_name":"ThingstodoinAmsterdam.com","article_publisher":"https:\/\/www.facebook.com\/thingstodoinamsterdamcom","article_modified_time":"2025-08-29T14:26:47+00:00","og_image":[{"width":400,"height":267,"url":"https:\/\/thingstodoinamsterdam.com\/wp-content\/uploads\/2021\/08\/Synagogue-Portugaise.jpg","type":"image\/jpeg"}],"twitter_card":"summary_large_image","twitter_misc":{"Est. reading time":"5 minutes"},"schema":{"@context":"https:\/\/schema.org","@graph":[{"@type":"WebPage","@id":"https:\/\/thingstodoinamsterdam.com\/fr\/musees-amsterdam\/synagogue-portugaise\/","url":"https:\/\/thingstodoinamsterdam.com\/fr\/musees-amsterdam\/synagogue-portugaise\/","name":"Synagogue Portugaise dans le Quartier Culturel Juif Amsterdam","isPartOf":{"@id":"https:\/\/thingstodoinamsterdam.com\/fr\/#website"},"primaryImageOfPage":{"@id":"https:\/\/thingstodoinamsterdam.com\/fr\/musees-amsterdam\/synagogue-portugaise\/#primaryimage"},"image":{"@id":"https:\/\/thingstodoinamsterdam.com\/fr\/musees-amsterdam\/synagogue-portugaise\/#primaryimage"},"thumbnailUrl":"https:\/\/thingstodoinamsterdam.com\/wp-content\/uploads\/2021\/08\/Synagogue-Portugaise.jpg","datePublished":"2020-01-27T09:53:18+00:00","dateModified":"2025-08-29T14:26:47+00:00","description":"Visitez la magnifique Synagogue Portugaise \u00e0 Amsterdam, une perle cuturelle. D\u00e9couvrez son histoire et ses secrets. R\u00e9servez vos billets \u00e0 prix r\u00e9duits ici.","breadcrumb":{"@id":"https:\/\/thingstodoinamsterdam.com\/fr\/musees-amsterdam\/synagogue-portugaise\/#breadcrumb"},"inLanguage":"fr","potentialAction":[{"@type":"ReadAction","target":["https:\/\/thingstodoinamsterdam.com\/fr\/musees-amsterdam\/synagogue-portugaise\/"]}]},{"@type":"ImageObject","inLanguage":"fr","@id":"https:\/\/thingstodoinamsterdam.com\/fr\/musees-amsterdam\/synagogue-portugaise\/#primaryimage","url":"https:\/\/thingstodoinamsterdam.com\/wp-content\/uploads\/2021\/08\/Synagogue-Portugaise.jpg","contentUrl":"https:\/\/thingstodoinamsterdam.com\/wp-content\/uploads\/2021\/08\/Synagogue-Portugaise.jpg","width":400,"height":267,"caption":"Synagogue Portugaise"},{"@type":"BreadcrumbList","@id":"https:\/\/thingstodoinamsterdam.com\/fr\/musees-amsterdam\/synagogue-portugaise\/#breadcrumb","itemListElement":[{"@type":"ListItem","position":1,"name":"Visiter Amsterdam","item":"https:\/\/thingstodoinamsterdam.com\/fr\/"},{"@type":"ListItem","position":2,"name":"Mus\u00e9es \u00e0 Amsterdam","item":"https:\/\/thingstodoinamsterdam.com\/fr\/musees-amsterdam\/"},{"@type":"ListItem","position":3,"name":"Synagogue Portugaise"}]},{"@type":"WebSite","@id":"https:\/\/thingstodoinamsterdam.com\/fr\/#website","url":"https:\/\/thingstodoinamsterdam.com\/fr\/","name":"ThingstodoinAmsterdam.com","description":"Amsterdam&#039;s highlights and hidden secrets","publisher":{"@id":"https:\/\/thingstodoinamsterdam.com\/fr\/#organization"},"potentialAction":[{"@type":"SearchAction","target":{"@type":"EntryPoint","urlTemplate":"https:\/\/thingstodoinamsterdam.com\/fr\/?s={search_term_string}"},"query-input":{"@type":"PropertyValueSpecification","valueRequired":true,"valueName":"search_term_string"}}],"inLanguage":"fr"},{"@type":"Organization","@id":"https:\/\/thingstodoinamsterdam.com\/fr\/#organization","name":"Visiter Amsterdam","url":"https:\/\/thingstodoinamsterdam.com\/fr\/","logo":{"@type":"ImageObject","inLanguage":"fr","@id":"https:\/\/thingstodoinamsterdam.com\/fr\/#\/schema\/logo\/image\/","url":"https:\/\/thingstodoinamsterdam.com\/wp-content\/uploads\/2025\/02\/ThingsToDoInAmsterdam-Favicon-logo.png","contentUrl":"https:\/\/thingstodoinamsterdam.com\/wp-content\/uploads\/2025\/02\/ThingsToDoInAmsterdam-Favicon-logo.png","width":512,"height":512,"caption":"Visiter Amsterdam"},"image":{"@id":"https:\/\/thingstodoinamsterdam.com\/fr\/#\/schema\/logo\/image\/"},"sameAs":["https:\/\/www.facebook.com\/thingstodoinamsterdamcom"]}]}},"_links":{"self":[{"href":"https:\/\/thingstodoinamsterdam.com\/fr\/wp-json\/wp\/v2\/pages\/5159","targetHints":{"allow":["GET"]}}],"collection":[{"href":"https:\/\/thingstodoinamsterdam.com\/fr\/wp-json\/wp\/v2\/pages"}],"about":[{"href":"https:\/\/thingstodoinamsterdam.com\/fr\/wp-json\/wp\/v2\/types\/page"}],"author":[{"embeddable":true,"href":"https:\/\/thingstodoinamsterdam.com\/fr\/wp-json\/wp\/v2\/users\/20"}],"replies":[{"embeddable":true,"href":"https:\/\/thingstodoinamsterdam.com\/fr\/wp-json\/wp\/v2\/comments?post=5159"}],"version-history":[{"count":6,"href":"https:\/\/thingstodoinamsterdam.com\/fr\/wp-json\/wp\/v2\/pages\/5159\/revisions"}],"predecessor-version":[{"id":2028890,"href":"https:\/\/thingstodoinamsterdam.com\/fr\/wp-json\/wp\/v2\/pages\/5159\/revisions\/2028890"}],"up":[{"embeddable":true,"href":"https:\/\/thingstodoinamsterdam.com\/fr\/wp-json\/wp\/v2\/pages\/417"}],"wp:featuredmedia":[{"embeddable":true,"href":"https:\/\/thingstodoinamsterdam.com\/fr\/wp-json\/wp\/v2\/media\/11022"}],"wp:attachment":[{"href":"https:\/\/thingstodoinamsterdam.com\/fr\/wp-json\/wp\/v2\/media?parent=5159"}],"curies":[{"name":"wp","href":"https:\/\/api.w.org\/{rel}","templated":true}]}}