{"id":516,"date":"2019-05-14T15:09:08","date_gmt":"2019-05-14T15:09:08","guid":{"rendered":"https:\/\/thingstodoinamsterdam.com\/?page_id=516"},"modified":"2019-08-29T08:56:27","modified_gmt":"2019-08-29T08:56:27","slug":"restaurants-neerlandais-a-amsterdam","status":"publish","type":"page","link":"https:\/\/thingstodoinamsterdam.com\/fr\/restaurants-a-amsterdam\/restaurants-neerlandais-a-amsterdam\/","title":{"rendered":"Restaurants N\u00e9erlandais \u00e0 Amsterdam"},"content":{"rendered":"<div class=\"wpb-content-wrapper\"><p>[vc_row][vc_column][vc_column_text]Vous venez visiter Amsterdam et vous souhaitez go\u00fbter la cuisine n\u00e9erlandaise ? D\u00e9couvrez les meilleurs restaurants n\u00e9erlandais qui servent d&#8217;authentiques plats et sp\u00e9cialit\u00e9s ! La cuisine n\u00e9erlandaise est simple, elle rassemble 3 \u00e9l\u00e9ments, des l\u00e9gumes de saison, des pommes de terre et de la viande ! En g\u00e9n\u00e9ral, ces 3 \u00e9l\u00e9ments sont servis dans le m\u00eame plat, mais s\u00e9par\u00e9ment. Toutefois, il y a des plats tels que le Stamppot, le Boerenkool et le Hachee dans lesquels les 3 \u00e9l\u00e9ments sont m\u00e9lang\u00e9s.[\/vc_column_text][\/vc_column][\/vc_row][vc_row][vc_column][promo_block style_var=&#8221;style2&#8243; el_id=&#8221;1565783674855-cc814661-9a90&#8243;][promo link=&#8221;|title:Hap%20Hmm||&#8221; price=&#8221;\u20ac&#8221; address=&#8221;SGVsbWVyc3N0cmFhdCUyMDMzJTJDJTIwMTA1NENa&#8221; text=&#8221;Nourriture n\u00e9erlandaise traditionnelle cuisin\u00e9e comme grand-m\u00e8re !&#8221; img=&#8221;3094&#8243;][promo link=&#8221;|title:Haesje%20Claes||&#8221; price=&#8221;\u20ac\u20ac&#8221; address=&#8221;U3B1aXN0cmFhdCUyMDI3NSUyMDEwMTJWUg==&#8221; text=&#8221;Savoureux plats n\u00e9erlandais pour un peu moins de 20\u20ac&#8221; img=&#8221;3092&#8243;][promo link=&#8221;|title:Greetje||&#8221; price=&#8221;\u20ac\u20ac\u20ac&#8221; address=&#8221;UGVwZXJzdHJhYXQlMjAyMyUyQyUyMDEwMTFUSg==&#8221; text=&#8221;D\u00e9licieux plats n\u00e9erlandais avec les meilleurs ingr\u00e9dients des Pays-Bas.&#8221; img=&#8221;3090&#8243;][\/promo_block][\/vc_column][\/vc_row][vc_row][vc_column][vc_column_text]<\/p><div id=\"ez-toc-container\" class=\"ez-toc-v2_0_82_2 counter-hierarchy ez-toc-counter ez-toc-custom ez-toc-container-direction\">\n<div class=\"ez-toc-title-container\">\n<span class=\"ez-toc-title-toggle\"><a href=\"#\" class=\"ez-toc-pull-right ez-toc-btn ez-toc-btn-xs ez-toc-btn-default ez-toc-toggle\" aria-label=\"Toggle Table of Content\"><span class=\"ez-toc-js-icon-con\"><span class=\"\"><span class=\"eztoc-hide\" style=\"display:none;\">Toggle<\/span><span class=\"ez-toc-icon-toggle-span\"><svg style=\"fill: #999;color:#999\" xmlns=\"http:\/\/www.w3.org\/2000\/svg\" class=\"list-377408\" width=\"20px\" height=\"20px\" viewBox=\"0 0 24 24\" fill=\"none\"><path d=\"M6 6H4v2h2V6zm14 0H8v2h12V6zM4 11h2v2H4v-2zm16 0H8v2h12v-2zM4 16h2v2H4v-2zm16 0H8v2h12v-2z\" fill=\"currentColor\"><\/path><\/svg><svg style=\"fill: #999;color:#999\" class=\"arrow-unsorted-368013\" xmlns=\"http:\/\/www.w3.org\/2000\/svg\" width=\"10px\" height=\"10px\" viewBox=\"0 0 24 24\" version=\"1.2\" baseProfile=\"tiny\"><path d=\"M18.2 9.3l-6.2-6.3-6.2 6.3c-.2.2-.3.4-.3.7s.1.5.3.7c.2.2.4.3.7.3h11c.3 0 .5-.1.7-.3.2-.2.3-.5.3-.7s-.1-.5-.3-.7zM5.8 14.7l6.2 6.3 6.2-6.3c.2-.2.3-.5.3-.7s-.1-.5-.3-.7c-.2-.2-.4-.3-.7-.3h-11c-.3 0-.5.1-.7.3-.2.2-.3.5-.3.7s.1.5.3.7z\"\/><\/svg><\/span><\/span><\/span><\/a><\/span><\/div>\n<nav><ul class='ez-toc-list ez-toc-list-level-1 ' ><li class='ez-toc-page-1 ez-toc-heading-level-2'><a class=\"ez-toc-link ez-toc-heading-1\" href=\"https:\/\/thingstodoinamsterdam.com\/fr\/restaurants-a-amsterdam\/restaurants-neerlandais-a-amsterdam\/#authentiques-plats-neerlandais\" >Authentiques plats n\u00e9erlandais<\/a><\/li><li class='ez-toc-page-1 ez-toc-heading-level-2'><a class=\"ez-toc-link ez-toc-heading-2\" href=\"https:\/\/thingstodoinamsterdam.com\/fr\/restaurants-a-amsterdam\/restaurants-neerlandais-a-amsterdam\/#restaurants-neerlandais-a-amsterdam\" >Restaurants n\u00e9erlandais \u00e0 Amsterdam<\/a><\/li><\/ul><\/nav><\/div>\n\n<h2><span class=\"ez-toc-section\" id=\"authentiques-plats-neerlandais\"><\/span>Authentiques plats n\u00e9erlandais<span class=\"ez-toc-section-end\"><\/span><\/h2>\n<p>La cuisine n\u00e9erlandaise n&#8217;est pas aussi populaire et r\u00e9pandue que la cuisine italienne ou japonaise. Go\u00fbter des sp\u00e9cialit\u00e9s lors de votre s\u00e9jour \u00e0 Amsterdam est donc une opportunit\u00e9 !<\/p>\n<p>Voici quelques sp\u00e9cialit\u00e9s \u00e0 go\u00fbter absoluement :<\/p>\n<ul>\n<li>Boerenkool : pur\u00e9e de pommes de terre avec du chou fris\u00e9 et de la saucisse. En g\u00e9n\u00e9ral la saucisse est fum\u00e9e. C&#8217;est un plat d&#8217;hiver traditionnel !<\/li>\n<li>Hutspot : pur\u00e9e de pommes de terre avec des carottes, oignons et de la saucisse.<\/li>\n<li>Andijvie Stamppot : notre favori ! Pur\u00e9e de pommes de terre avec des endives et de la saucisse.<\/li>\n<li>Pannekoeken : pancakes n\u00e9erlandais, qui peuvent \u00eatre servis de diff\u00e9rentes mani\u00e8res.<\/li>\n<li>Snert\/Erwtensoep: cette soupe de pois cass\u00e9s est mang\u00e9e avec une tranche de pain et de la saucisse.. un d\u00e9lice !<\/li>\n<\/ul>\n<h2><span class=\"ez-toc-section\" id=\"restaurants-neerlandais-a-amsterdam\"><\/span>Restaurants n\u00e9erlandais \u00e0 Amsterdam<span class=\"ez-toc-section-end\"><\/span><\/h2>\n<p>Un restaurant typiquement n\u00e9erlandais \u00e0 nous recommander ? <a href=\"https:\/\/thingstodoinamsterdam.com\/fr\/a-propos\/\">Faites-le nous savoir<\/a> !<\/p>\n<p><a href=\"https:\/\/thingstodoinamsterdam.com\/fr\/restaurants-a-amsterdam\/\">Jetez aussi un coup d&#8217;oeil aux autres restaurants \u00e0 Amsterdam<\/a>[\/vc_column_text][\/vc_column][\/vc_row]<\/p>\n<\/div>","protected":false},"excerpt":{"rendered":"<p>[vc_row][vc_column][vc_column_text]Vous venez visiter Amsterdam et vous souhaitez go\u00fbter la cuisine n\u00e9erlandaise ? D\u00e9couvrez les meilleurs restaurants n\u00e9erlandais qui servent d&#8217;authentiques plats et sp\u00e9cialit\u00e9s ! La\u2026<\/p>\n","protected":false},"author":1,"featured_media":3268,"parent":259,"menu_order":0,"comment_status":"closed","ping_status":"closed","template":"","meta":{"footnotes":""},"class_list":["post-516","page","type-page","status-publish","has-post-thumbnail","hentry"],"yoast_head":"<!-- This site is optimized with the Yoast SEO plugin v27.4 - https:\/\/yoast.com\/product\/yoast-seo-wordpress\/ -->\n<title>Restaurants N\u00e9erlandais \u00e0 Amsterdam - cuisine traditionnelle des Pays-Bas<\/title>\n<meta name=\"description\" content=\"Vous \u00eates \u00e0 Amsterdam alors profitez-en pour go\u00fbter \u00e0 la cuisine n\u00e9erlandaise ! C&#039;est un vrai d\u00e9lice, laissez-vous s\u00e9duire par cette cuisine simple !\" \/>\n<meta name=\"robots\" content=\"index, follow, max-snippet:-1, max-image-preview:large, max-video-preview:-1\" \/>\n<link rel=\"canonical\" href=\"https:\/\/thingstodoinamsterdam.com\/fr\/restaurants-a-amsterdam\/restaurants-neerlandais-a-amsterdam\/\" \/>\n<meta property=\"og:locale\" content=\"fr_FR\" \/>\n<meta property=\"og:type\" content=\"article\" \/>\n<meta property=\"og:title\" content=\"Restaurants N\u00e9erlandais \u00e0 Amsterdam - cuisine traditionnelle des Pays-Bas\" \/>\n<meta property=\"og:description\" content=\"Vous \u00eates \u00e0 Amsterdam alors profitez-en pour go\u00fbter \u00e0 la cuisine n\u00e9erlandaise ! C&#039;est un vrai d\u00e9lice, laissez-vous s\u00e9duire par cette cuisine simple !\" \/>\n<meta property=\"og:url\" content=\"https:\/\/thingstodoinamsterdam.com\/fr\/restaurants-a-amsterdam\/restaurants-neerlandais-a-amsterdam\/\" \/>\n<meta property=\"og:site_name\" content=\"ThingstodoinAmsterdam.com\" \/>\n<meta property=\"article:publisher\" content=\"https:\/\/www.facebook.com\/thingstodoinamsterdamcom\" \/>\n<meta property=\"article:modified_time\" content=\"2019-08-29T08:56:27+00:00\" \/>\n<meta property=\"og:image\" content=\"https:\/\/thingstodoinamsterdam.com\/wp-content\/uploads\/2019\/08\/stamppot-andijvie.jpg\" \/>\n\t<meta property=\"og:image:width\" content=\"390\" \/>\n\t<meta property=\"og:image:height\" content=\"390\" \/>\n\t<meta property=\"og:image:type\" content=\"image\/jpeg\" \/>\n<meta name=\"twitter:card\" content=\"summary_large_image\" \/>\n<meta name=\"twitter:label1\" content=\"Est. reading time\" \/>\n\t<meta name=\"twitter:data1\" content=\"2 minutes\" \/>\n<script type=\"application\/ld+json\" class=\"yoast-schema-graph\">{\"@context\":\"https:\\\/\\\/schema.org\",\"@graph\":[{\"@type\":\"WebPage\",\"@id\":\"https:\\\/\\\/thingstodoinamsterdam.com\\\/fr\\\/restaurants-a-amsterdam\\\/restaurants-neerlandais-a-amsterdam\\\/\",\"url\":\"https:\\\/\\\/thingstodoinamsterdam.com\\\/fr\\\/restaurants-a-amsterdam\\\/restaurants-neerlandais-a-amsterdam\\\/\",\"name\":\"Restaurants N\u00e9erlandais \u00e0 Amsterdam - cuisine traditionnelle des Pays-Bas\",\"isPartOf\":{\"@id\":\"https:\\\/\\\/thingstodoinamsterdam.com\\\/fr\\\/#website\"},\"primaryImageOfPage\":{\"@id\":\"https:\\\/\\\/thingstodoinamsterdam.com\\\/fr\\\/restaurants-a-amsterdam\\\/restaurants-neerlandais-a-amsterdam\\\/#primaryimage\"},\"image\":{\"@id\":\"https:\\\/\\\/thingstodoinamsterdam.com\\\/fr\\\/restaurants-a-amsterdam\\\/restaurants-neerlandais-a-amsterdam\\\/#primaryimage\"},\"thumbnailUrl\":\"https:\\\/\\\/thingstodoinamsterdam.com\\\/wp-content\\\/uploads\\\/2019\\\/08\\\/stamppot-andijvie.jpg\",\"datePublished\":\"2019-05-14T15:09:08+00:00\",\"dateModified\":\"2019-08-29T08:56:27+00:00\",\"description\":\"Vous \u00eates \u00e0 Amsterdam alors profitez-en pour go\u00fbter \u00e0 la cuisine n\u00e9erlandaise ! C'est un vrai d\u00e9lice, laissez-vous s\u00e9duire par cette cuisine simple !\",\"breadcrumb\":{\"@id\":\"https:\\\/\\\/thingstodoinamsterdam.com\\\/fr\\\/restaurants-a-amsterdam\\\/restaurants-neerlandais-a-amsterdam\\\/#breadcrumb\"},\"inLanguage\":\"fr\",\"potentialAction\":[{\"@type\":\"ReadAction\",\"target\":[\"https:\\\/\\\/thingstodoinamsterdam.com\\\/fr\\\/restaurants-a-amsterdam\\\/restaurants-neerlandais-a-amsterdam\\\/\"]}]},{\"@type\":\"ImageObject\",\"inLanguage\":\"fr\",\"@id\":\"https:\\\/\\\/thingstodoinamsterdam.com\\\/fr\\\/restaurants-a-amsterdam\\\/restaurants-neerlandais-a-amsterdam\\\/#primaryimage\",\"url\":\"https:\\\/\\\/thingstodoinamsterdam.com\\\/wp-content\\\/uploads\\\/2019\\\/08\\\/stamppot-andijvie.jpg\",\"contentUrl\":\"https:\\\/\\\/thingstodoinamsterdam.com\\\/wp-content\\\/uploads\\\/2019\\\/08\\\/stamppot-andijvie.jpg\",\"width\":390,\"height\":390},{\"@type\":\"BreadcrumbList\",\"@id\":\"https:\\\/\\\/thingstodoinamsterdam.com\\\/fr\\\/restaurants-a-amsterdam\\\/restaurants-neerlandais-a-amsterdam\\\/#breadcrumb\",\"itemListElement\":[{\"@type\":\"ListItem\",\"position\":1,\"name\":\"Visiter Amsterdam\",\"item\":\"https:\\\/\\\/thingstodoinamsterdam.com\\\/fr\\\/\"},{\"@type\":\"ListItem\",\"position\":2,\"name\":\"Restaurants Amsterdam\",\"item\":\"https:\\\/\\\/thingstodoinamsterdam.com\\\/fr\\\/restaurants-a-amsterdam\\\/\"},{\"@type\":\"ListItem\",\"position\":3,\"name\":\"Restaurants N\u00e9erlandais \u00e0 Amsterdam\"}]},{\"@type\":\"WebSite\",\"@id\":\"https:\\\/\\\/thingstodoinamsterdam.com\\\/fr\\\/#website\",\"url\":\"https:\\\/\\\/thingstodoinamsterdam.com\\\/fr\\\/\",\"name\":\"ThingstodoinAmsterdam.com\",\"description\":\"Amsterdam&#039;s highlights and hidden secrets\",\"publisher\":{\"@id\":\"https:\\\/\\\/thingstodoinamsterdam.com\\\/fr\\\/#organization\"},\"potentialAction\":[{\"@type\":\"SearchAction\",\"target\":{\"@type\":\"EntryPoint\",\"urlTemplate\":\"https:\\\/\\\/thingstodoinamsterdam.com\\\/fr\\\/?s={search_term_string}\"},\"query-input\":{\"@type\":\"PropertyValueSpecification\",\"valueRequired\":true,\"valueName\":\"search_term_string\"}}],\"inLanguage\":\"fr\"},{\"@type\":\"Organization\",\"@id\":\"https:\\\/\\\/thingstodoinamsterdam.com\\\/fr\\\/#organization\",\"name\":\"Visiter Amsterdam\",\"url\":\"https:\\\/\\\/thingstodoinamsterdam.com\\\/fr\\\/\",\"logo\":{\"@type\":\"ImageObject\",\"inLanguage\":\"fr\",\"@id\":\"https:\\\/\\\/thingstodoinamsterdam.com\\\/fr\\\/#\\\/schema\\\/logo\\\/image\\\/\",\"url\":\"https:\\\/\\\/thingstodoinamsterdam.com\\\/wp-content\\\/uploads\\\/2025\\\/02\\\/ThingsToDoInAmsterdam-Favicon-logo.png\",\"contentUrl\":\"https:\\\/\\\/thingstodoinamsterdam.com\\\/wp-content\\\/uploads\\\/2025\\\/02\\\/ThingsToDoInAmsterdam-Favicon-logo.png\",\"width\":512,\"height\":512,\"caption\":\"Visiter Amsterdam\"},\"image\":{\"@id\":\"https:\\\/\\\/thingstodoinamsterdam.com\\\/fr\\\/#\\\/schema\\\/logo\\\/image\\\/\"},\"sameAs\":[\"https:\\\/\\\/www.facebook.com\\\/thingstodoinamsterdamcom\"]}]}<\/script>\n<!-- \/ Yoast SEO plugin. -->","yoast_head_json":{"title":"Restaurants N\u00e9erlandais \u00e0 Amsterdam - cuisine traditionnelle des Pays-Bas","description":"Vous \u00eates \u00e0 Amsterdam alors profitez-en pour go\u00fbter \u00e0 la cuisine n\u00e9erlandaise ! C'est un vrai d\u00e9lice, laissez-vous s\u00e9duire par cette cuisine simple !","robots":{"index":"index","follow":"follow","max-snippet":"max-snippet:-1","max-image-preview":"max-image-preview:large","max-video-preview":"max-video-preview:-1"},"canonical":"https:\/\/thingstodoinamsterdam.com\/fr\/restaurants-a-amsterdam\/restaurants-neerlandais-a-amsterdam\/","og_locale":"fr_FR","og_type":"article","og_title":"Restaurants N\u00e9erlandais \u00e0 Amsterdam - cuisine traditionnelle des Pays-Bas","og_description":"Vous \u00eates \u00e0 Amsterdam alors profitez-en pour go\u00fbter \u00e0 la cuisine n\u00e9erlandaise ! C'est un vrai d\u00e9lice, laissez-vous s\u00e9duire par cette cuisine simple !","og_url":"https:\/\/thingstodoinamsterdam.com\/fr\/restaurants-a-amsterdam\/restaurants-neerlandais-a-amsterdam\/","og_site_name":"ThingstodoinAmsterdam.com","article_publisher":"https:\/\/www.facebook.com\/thingstodoinamsterdamcom","article_modified_time":"2019-08-29T08:56:27+00:00","og_image":[{"width":390,"height":390,"url":"https:\/\/thingstodoinamsterdam.com\/wp-content\/uploads\/2019\/08\/stamppot-andijvie.jpg","type":"image\/jpeg"}],"twitter_card":"summary_large_image","twitter_misc":{"Est. reading time":"2 minutes"},"schema":{"@context":"https:\/\/schema.org","@graph":[{"@type":"WebPage","@id":"https:\/\/thingstodoinamsterdam.com\/fr\/restaurants-a-amsterdam\/restaurants-neerlandais-a-amsterdam\/","url":"https:\/\/thingstodoinamsterdam.com\/fr\/restaurants-a-amsterdam\/restaurants-neerlandais-a-amsterdam\/","name":"Restaurants N\u00e9erlandais \u00e0 Amsterdam - cuisine traditionnelle des Pays-Bas","isPartOf":{"@id":"https:\/\/thingstodoinamsterdam.com\/fr\/#website"},"primaryImageOfPage":{"@id":"https:\/\/thingstodoinamsterdam.com\/fr\/restaurants-a-amsterdam\/restaurants-neerlandais-a-amsterdam\/#primaryimage"},"image":{"@id":"https:\/\/thingstodoinamsterdam.com\/fr\/restaurants-a-amsterdam\/restaurants-neerlandais-a-amsterdam\/#primaryimage"},"thumbnailUrl":"https:\/\/thingstodoinamsterdam.com\/wp-content\/uploads\/2019\/08\/stamppot-andijvie.jpg","datePublished":"2019-05-14T15:09:08+00:00","dateModified":"2019-08-29T08:56:27+00:00","description":"Vous \u00eates \u00e0 Amsterdam alors profitez-en pour go\u00fbter \u00e0 la cuisine n\u00e9erlandaise ! C'est un vrai d\u00e9lice, laissez-vous s\u00e9duire par cette cuisine simple !","breadcrumb":{"@id":"https:\/\/thingstodoinamsterdam.com\/fr\/restaurants-a-amsterdam\/restaurants-neerlandais-a-amsterdam\/#breadcrumb"},"inLanguage":"fr","potentialAction":[{"@type":"ReadAction","target":["https:\/\/thingstodoinamsterdam.com\/fr\/restaurants-a-amsterdam\/restaurants-neerlandais-a-amsterdam\/"]}]},{"@type":"ImageObject","inLanguage":"fr","@id":"https:\/\/thingstodoinamsterdam.com\/fr\/restaurants-a-amsterdam\/restaurants-neerlandais-a-amsterdam\/#primaryimage","url":"https:\/\/thingstodoinamsterdam.com\/wp-content\/uploads\/2019\/08\/stamppot-andijvie.jpg","contentUrl":"https:\/\/thingstodoinamsterdam.com\/wp-content\/uploads\/2019\/08\/stamppot-andijvie.jpg","width":390,"height":390},{"@type":"BreadcrumbList","@id":"https:\/\/thingstodoinamsterdam.com\/fr\/restaurants-a-amsterdam\/restaurants-neerlandais-a-amsterdam\/#breadcrumb","itemListElement":[{"@type":"ListItem","position":1,"name":"Visiter Amsterdam","item":"https:\/\/thingstodoinamsterdam.com\/fr\/"},{"@type":"ListItem","position":2,"name":"Restaurants Amsterdam","item":"https:\/\/thingstodoinamsterdam.com\/fr\/restaurants-a-amsterdam\/"},{"@type":"ListItem","position":3,"name":"Restaurants N\u00e9erlandais \u00e0 Amsterdam"}]},{"@type":"WebSite","@id":"https:\/\/thingstodoinamsterdam.com\/fr\/#website","url":"https:\/\/thingstodoinamsterdam.com\/fr\/","name":"ThingstodoinAmsterdam.com","description":"Amsterdam&#039;s highlights and hidden secrets","publisher":{"@id":"https:\/\/thingstodoinamsterdam.com\/fr\/#organization"},"potentialAction":[{"@type":"SearchAction","target":{"@type":"EntryPoint","urlTemplate":"https:\/\/thingstodoinamsterdam.com\/fr\/?s={search_term_string}"},"query-input":{"@type":"PropertyValueSpecification","valueRequired":true,"valueName":"search_term_string"}}],"inLanguage":"fr"},{"@type":"Organization","@id":"https:\/\/thingstodoinamsterdam.com\/fr\/#organization","name":"Visiter Amsterdam","url":"https:\/\/thingstodoinamsterdam.com\/fr\/","logo":{"@type":"ImageObject","inLanguage":"fr","@id":"https:\/\/thingstodoinamsterdam.com\/fr\/#\/schema\/logo\/image\/","url":"https:\/\/thingstodoinamsterdam.com\/wp-content\/uploads\/2025\/02\/ThingsToDoInAmsterdam-Favicon-logo.png","contentUrl":"https:\/\/thingstodoinamsterdam.com\/wp-content\/uploads\/2025\/02\/ThingsToDoInAmsterdam-Favicon-logo.png","width":512,"height":512,"caption":"Visiter Amsterdam"},"image":{"@id":"https:\/\/thingstodoinamsterdam.com\/fr\/#\/schema\/logo\/image\/"},"sameAs":["https:\/\/www.facebook.com\/thingstodoinamsterdamcom"]}]}},"_links":{"self":[{"href":"https:\/\/thingstodoinamsterdam.com\/fr\/wp-json\/wp\/v2\/pages\/516","targetHints":{"allow":["GET"]}}],"collection":[{"href":"https:\/\/thingstodoinamsterdam.com\/fr\/wp-json\/wp\/v2\/pages"}],"about":[{"href":"https:\/\/thingstodoinamsterdam.com\/fr\/wp-json\/wp\/v2\/types\/page"}],"author":[{"embeddable":true,"href":"https:\/\/thingstodoinamsterdam.com\/fr\/wp-json\/wp\/v2\/users\/1"}],"replies":[{"embeddable":true,"href":"https:\/\/thingstodoinamsterdam.com\/fr\/wp-json\/wp\/v2\/comments?post=516"}],"version-history":[{"count":1,"href":"https:\/\/thingstodoinamsterdam.com\/fr\/wp-json\/wp\/v2\/pages\/516\/revisions"}],"predecessor-version":[{"id":3088,"href":"https:\/\/thingstodoinamsterdam.com\/fr\/wp-json\/wp\/v2\/pages\/516\/revisions\/3088"}],"up":[{"embeddable":true,"href":"https:\/\/thingstodoinamsterdam.com\/fr\/wp-json\/wp\/v2\/pages\/259"}],"wp:featuredmedia":[{"embeddable":true,"href":"https:\/\/thingstodoinamsterdam.com\/fr\/wp-json\/wp\/v2\/media\/3268"}],"wp:attachment":[{"href":"https:\/\/thingstodoinamsterdam.com\/fr\/wp-json\/wp\/v2\/media?parent=516"}],"curies":[{"name":"wp","href":"https:\/\/api.w.org\/{rel}","templated":true}]}}