{"id":5357,"date":"2020-02-04T09:12:47","date_gmt":"2020-02-04T08:12:47","guid":{"rendered":"https:\/\/thingstodoinamsterdam.com\/?page_id=5357"},"modified":"2023-07-27T15:52:02","modified_gmt":"2023-07-27T13:52:02","slug":"tour-de-bonton","status":"publish","type":"page","link":"https:\/\/thingstodoinamsterdam.com\/fr\/le-quartier-rouge\/tour-de-bonton\/","title":{"rendered":"Tour de Bonton"},"content":{"rendered":"<div class=\"wpb-content-wrapper\"><p>[vc_row][vc_column width=&#8221;2\/3&#8243;][vc_column_text]Comme vous le savez, Amsterdam est tr\u00e8s connue pour son c\u00e9l\u00e8bre <a href=\"https:\/\/thingstodoinamsterdam.com\/fr\/le-quartier-rouge\/\">Quartier Rouge<\/a>, qui est visit\u00e9 par des millions de touristes chaque ann\u00e9e. Le Bonton est un strip et sex-club unique, c&#8217;est le lieu id\u00e9al pour en apprendre plus sur l&#8217;histoire de la prostitution car beaucoup de personnes ont un avis sur le sujet mais peu savent de quoi elles parlent.<\/p><div id=\"ez-toc-container\" class=\"ez-toc-v2_0_82_2 counter-hierarchy ez-toc-counter ez-toc-custom ez-toc-container-direction\">\n<div class=\"ez-toc-title-container\">\n<span class=\"ez-toc-title-toggle\"><a href=\"#\" class=\"ez-toc-pull-right ez-toc-btn ez-toc-btn-xs ez-toc-btn-default ez-toc-toggle\" aria-label=\"Toggle Table of Content\"><span class=\"ez-toc-js-icon-con\"><span class=\"\"><span class=\"eztoc-hide\" style=\"display:none;\">Toggle<\/span><span class=\"ez-toc-icon-toggle-span\"><svg style=\"fill: #999;color:#999\" xmlns=\"http:\/\/www.w3.org\/2000\/svg\" class=\"list-377408\" width=\"20px\" height=\"20px\" viewBox=\"0 0 24 24\" fill=\"none\"><path d=\"M6 6H4v2h2V6zm14 0H8v2h12V6zM4 11h2v2H4v-2zm16 0H8v2h12v-2zM4 16h2v2H4v-2zm16 0H8v2h12v-2z\" fill=\"currentColor\"><\/path><\/svg><svg style=\"fill: #999;color:#999\" class=\"arrow-unsorted-368013\" xmlns=\"http:\/\/www.w3.org\/2000\/svg\" width=\"10px\" height=\"10px\" viewBox=\"0 0 24 24\" version=\"1.2\" baseProfile=\"tiny\"><path d=\"M18.2 9.3l-6.2-6.3-6.2 6.3c-.2.2-.3.4-.3.7s.1.5.3.7c.2.2.4.3.7.3h11c.3 0 .5-.1.7-.3.2-.2.3-.5.3-.7s-.1-.5-.3-.7zM5.8 14.7l6.2 6.3 6.2-6.3c.2-.2.3-.5.3-.7s-.1-.5-.3-.7c-.2-.2-.4-.3-.7-.3h-11c-.3 0-.5.1-.7.3-.2.2-.3.5-.3.7s.1.5.3.7z\"\/><\/svg><\/span><\/span><\/span><\/a><\/span><\/div>\n<nav><ul class='ez-toc-list ez-toc-list-level-1 ' ><li class='ez-toc-page-1 ez-toc-heading-level-2'><a class=\"ez-toc-link ez-toc-heading-1\" href=\"https:\/\/thingstodoinamsterdam.com\/fr\/le-quartier-rouge\/tour-de-bonton\/#lhistoire-de-la-prostitution-dans-une-maison-close-a-amsterdam\" >L&#8217;histoire de la prostitution dans une maison close \u00e0 Amsterdam<\/a><\/li><li class='ez-toc-page-1 ez-toc-heading-level-2'><a class=\"ez-toc-link ez-toc-heading-2\" href=\"https:\/\/thingstodoinamsterdam.com\/fr\/le-quartier-rouge\/tour-de-bonton\/#informations-a-propos-du-tour-de-bonton\" >Informations \u00e0 propos du Tour de Bonton<\/a><\/li><\/ul><\/nav><\/div>\n\n<p>Cette visite va vous permettre de d\u00e9couvrir le monde de la prostitution et vous donnera l&#8217;occasion de discuter avec des travailleuses ! Situ\u00e9 au coeur du Quartier Rouge Amsterdam (Red Light District) dans un ancien b\u00e2timent, le Bonton est compos\u00e9 de 4 \u00e9tages, avec un bar, une salle de striptease et diff\u00e9rentes chambres, que vous aurez la chance de d\u00e9couvrir.<\/p>\n<p>Le Tour de Bonton est une opportunit\u00e9 \u00e0 saisir si vous souhaitez en apprendre plus sur l&#8217;un des plus anciens m\u00e9tiers du monde.[\/vc_column_text][\/vc_column][vc_column width=&#8221;1\/3&#8243;][vc_column_text]<\/p>\n<figure id=\"attachment_14085\" aria-describedby=\"caption-attachment-14085\" style=\"width: 1500px\" class=\"wp-caption aligncenter\"><img decoding=\"async\" class=\"wp-image-14085 size-full\" src=\"https:\/\/thingstodoinamsterdam.com\/wp-content\/uploads\/2022\/05\/Tour-de-BonTon_12.jpg\" alt=\"Tour de bonton sexclub tour\" width=\"1500\" height=\"1000\" srcset=\"https:\/\/thingstodoinamsterdam.com\/wp-content\/uploads\/2022\/05\/Tour-de-BonTon_12.jpg 1500w, https:\/\/thingstodoinamsterdam.com\/wp-content\/uploads\/2022\/05\/Tour-de-BonTon_12-300x200.jpg 300w, https:\/\/thingstodoinamsterdam.com\/wp-content\/uploads\/2022\/05\/Tour-de-BonTon_12-1024x683.jpg 1024w, https:\/\/thingstodoinamsterdam.com\/wp-content\/uploads\/2022\/05\/Tour-de-BonTon_12-768x512.jpg 768w\" sizes=\"(max-width: 1500px) 100vw, 1500px\" \/><figcaption id=\"caption-attachment-14085\" class=\"wp-caption-text\">Le Bonton est un strip et sex-club avec diff\u00e9rentes chambres que vous d\u00e9couvrirez tout au long de la visite.<\/figcaption><\/figure>\n<p>[\/vc_column_text][\/vc_column][\/vc_row][vc_row][vc_column][button title=&#8221;R\u00e9servez votre visite du Tour de Bonton&#8221; link=&#8221;https:\/\/thingstodoinamsterdam.com\/ticketlink-tourdebonton-gyg-std&#8221; icon=&#8221;&#8221; button_align=&#8221;center&#8221; target=&#8221;true&#8221; nofollow=&#8221;true&#8221; el_id=&#8221;1567583800568-9a255559-4064&#8243;][vc_column_text]<\/p>\n<h2><span class=\"ez-toc-section\" id=\"lhistoire-de-la-prostitution-dans-une-maison-close-a-amsterdam\"><\/span>L&#8217;histoire de la prostitution dans une maison close \u00e0 Amsterdam<span class=\"ez-toc-section-end\"><\/span><\/h2>\n<p>Il existe de nombreuses visites guid\u00e9es dans le Quartier Rouge (De Wallen en n\u00e9erlandais) \u00e0 Amsterdam, toutefois, nombreuses sont celles qui ne sont pas compl\u00e8tes, r\u00e9elles&#8230; Le Bonton est le lieu id\u00e9al pour avoir les bonnes informations, la visite est r\u00e9alis\u00e9e par une travailleuse du sexe, elle vous racontera des anecdotes et surtout, vous pourrez d\u00e9couvrir la vraie histoire de la prostitution.<\/p>\n<figure id=\"attachment_10560\" aria-describedby=\"caption-attachment-10560\" style=\"width: 1200px\" class=\"wp-caption aligncenter\"><a href=\"https:\/\/thingstodoinamsterdam.com\/wp-content\/uploads\/2019\/09\/Tour-de-Bonton-jacuzzi.jpeg\"><img decoding=\"async\" class=\"size-full wp-image-10560\" src=\"https:\/\/thingstodoinamsterdam.com\/wp-content\/uploads\/2019\/09\/Tour-de-Bonton-jacuzzi.jpeg\" alt=\"Tour de Bonton - jacuzzi\" width=\"1200\" height=\"1600\" \/><\/a><figcaption id=\"caption-attachment-10560\" class=\"wp-caption-text\">Toutes les chambres priv\u00e9es sont \u00e9quip\u00e9es d&#8217;une salle de bain pour assurer l&#8217;hygi\u00e8ne des travailleuses.<\/figcaption><\/figure>\n<figure id=\"attachment_10562\" aria-describedby=\"caption-attachment-10562\" style=\"width: 1200px\" class=\"wp-caption aligncenter\"><a href=\"https:\/\/thingstodoinamsterdam.com\/wp-content\/uploads\/2019\/09\/Tour-de-Bonton-private-room-with-strip-pole.jpeg\"><img decoding=\"async\" class=\"size-full wp-image-10562\" src=\"https:\/\/thingstodoinamsterdam.com\/wp-content\/uploads\/2019\/09\/Tour-de-Bonton-private-room-with-strip-pole.jpeg\" alt=\"Tour de Bonton - private room with strip pole\" width=\"1200\" height=\"1600\" \/><\/a><figcaption id=\"caption-attachment-10562\" class=\"wp-caption-text\">Une barre de pole dance dans l&#8217;une des chambres de la maison close Amsterdam.<\/figcaption><\/figure>\n<figure style=\"width: 900px\" class=\"wp-caption aligncenter\"><a href=\"https:\/\/thingstodoinamsterdam.com\/wp-content\/uploads\/2019\/09\/Bonton-Amsterdam-Red-Light-District-Tour-e1566856707221.jpg\"><img decoding=\"async\" class=\"wp-image-10550 size-full\" src=\"https:\/\/thingstodoinamsterdam.com\/wp-content\/uploads\/2019\/09\/Bonton-Amsterdam-Red-Light-District-Tour-e1566856707221.jpg\" alt=\"Bonton Amsterdam Red Light District Tour\" width=\"900\" height=\"1200\" \/><\/a><figcaption class=\"wp-caption-text\">Un lit rond dans l&#8217;une des chambres du strip et sex-club de Bonton.<\/figcaption><\/figure>\n<p>[\/vc_column_text][button title=&#8221;R\u00e9servez votre visite du Tour de Bonton&#8221; link=&#8221;https:\/\/thingstodoinamsterdam.com\/ticketlink-tourdebonton-gyg-std&#8221; icon=&#8221;&#8221; button_align=&#8221;center&#8221; target=&#8221;true&#8221; nofollow=&#8221;true&#8221; el_id=&#8221;1567584279256-5b5f84bd-f993&#8243;][\/vc_column][\/vc_row][vc_row][vc_column][g_map heading=&#8221;Stip et Sex Club Bonton sur Google Map&#8221; el_id=&#8221;1567584020119-52237e36-523f&#8221;]<iframe style=\"border: 0;\" src=\"https:\/\/www.google.com\/maps\/embed?pb=!1m18!1m12!1m3!1d2436.668761530179!2d4.887169515769251!3d52.35829267978388!2m3!1f0!2f0!3f0!3m2!1i1024!2i768!4f13.1!3m3!1m2!1s0x47c609e185c4d6a9%3A0x5cfd33d43e98d1e8!2sBonTon%20Stripclub%20Amsterdam!5e0!3m2!1sen!2snl!4v1566922948591!5m2!1sen!2snl\" width=\"600\" height=\"450\" frameborder=\"0\" allowfullscreen=\"allowfullscreen\"><\/iframe>[\/g_map][vc_column_text]<\/p>\n<h2><span class=\"ez-toc-section\" id=\"informations-a-propos-du-tour-de-bonton\"><\/span>Informations \u00e0 propos du Tour de Bonton<span class=\"ez-toc-section-end\"><\/span><\/h2>\n<p>Veuillez noter qu&#8217;il faut vous pr\u00e9senter \u00e0 l&#8217;avance.<\/p>\n<p>Adresse :<\/p>\n<p>Stripclub Bonton<br \/>\nStadhouderskade 64<br \/>\n1072AD Amsterdam<br \/>\n<a href=\"tel:0031647215253\">00316-47215253<\/a>[\/vc_column_text][reviews heading=&#8221;Avis sur le strip et sex-club Bonton \u00e0 Amsterdam&#8221; description=&#8221;Nous sommes toujours int\u00e9ress\u00e9s en ce qui concerne les exp\u00e9riences de nos visiteurs. Dites-nous ce que vous en avez pens\u00e9 et aidez les autres voyageurs !&#8221; item_name=&#8221;Tour de Bonton&#8221; item_image=&#8221;1575&#8243; item_tel=&#8221;00316-47215253&#8243; item_web=&#8221;https:\/\/tourdebonton.com\/&#8221; item_address=&#8221;Stadhouderskade 64,&#8221; item_city=&#8221;Amsterdam&#8221; item_postal_code=&#8221;1072 AD&#8221; item_country=&#8221;NL&#8221; el_id=&#8221;1567584042350-1bc066b3-93b1&#8243;][\/reviews][vc_column_text]<\/p>\n<div class=\"row row\">\n<div class=\"wpb_column vc_column_container col-md-12\">\n<div class=\"vc_column-inner\">\n<div class=\"wpb_wrapper\">\n<div class=\"wpb_text_column wpb_content_element \">\n<div class=\"wpb_wrapper\">\n<p><strong>Jetez un oeil \u00e0 l\u2019une des attractions ci-dessous ou revenez \u00e0 la page g\u00e9n\u00e9rale concernant<a href=\"https:\/\/thingstodoinamsterdam.com\/fr\/\">\u00a0les choses \u00e0 faire \u00e0 Amsterdam<\/a>.<\/strong><\/p>\n<\/div>\n<\/div>\n<\/div>\n<\/div>\n<\/div>\n<\/div>\n<p>[\/vc_column_text][\/vc_column][\/vc_row][vc_row][vc_column][promo_block style_var=&#8221;style2&#8243; el_id=&#8221;1567584127635-68ab6dd4-a839&#8243;][promo link=&#8221;url:https%3A%2F%2Fthingstodoinamsterdam.com%2Ffr%2Fle-quartier-rouge%2Fcasa-rosso-theatre-erotique-amsterdam%2F|title:Casa%20Rosso%20th%C3%A9%C3%A2tre%20%C3%A9rotique%20Amsterdam||&#8221; text=&#8221;Casa Rosso, le th\u00e9\u00e2tre \u00e9rotique le plus c\u00e9l\u00e8bre du Quartier Rouge d&#8217;Amsterdam.&#8221; img=&#8221;535&#8243;][promo link=&#8221;url:https%3A%2F%2Fthingstodoinamsterdam.com%2Ffr%2Fle-quartier-rouge%2Fred-light-secrets-le-musee-de-la-prostitution-a-amsterdam%2F|title:Red%20Light%20Secrets||&#8221; text=&#8221;Venez faire un tour au mus\u00e9e de la prostitution \u00e0 Amsterdam.&#8221; img=&#8221;2025&#8243;][promo link=&#8221;url:https%3A%2F%2Fthingstodoinamsterdam.com%2Ffr%2Fmusees-amsterdam%2Fsex-museum-amsterdam%2F|title:Sex%20Museum%20Amsterdam||&#8221; text=&#8221;D\u00e9couvrez l&#8217;histoire de la prostitution \u00e0 Amsterdam.&#8221; img=&#8221;2408&#8243;][\/promo_block][\/vc_column][\/vc_row]<\/p>\n<\/div>","protected":false},"excerpt":{"rendered":"<p>[vc_row][vc_column width=&#8221;2\/3&#8243;][vc_column_text]Comme vous le savez, Amsterdam est tr\u00e8s connue pour son c\u00e9l\u00e8bre Quartier Rouge, qui est visit\u00e9 par des millions de touristes chaque ann\u00e9e. Le\u2026<\/p>\n","protected":false},"author":20,"featured_media":3164,"parent":441,"menu_order":0,"comment_status":"closed","ping_status":"closed","template":"","meta":{"footnotes":""},"class_list":["post-5357","page","type-page","status-publish","has-post-thumbnail","hentry"],"yoast_head":"<!-- This site is optimized with the Yoast SEO plugin v27.4 - https:\/\/yoast.com\/product\/yoast-seo-wordpress\/ -->\n<title>Quartier Rouge Amsterdam - Tour de Bonton stip et sex-club<\/title>\n<meta name=\"description\" content=\"Venez d\u00e9couvrir l&#039;histoire de la prostitution au Bonton et discuter avec une travailleuse du sexe pour en apprendre plus sur le plus ancien m\u00e9tier du monde.\" \/>\n<meta name=\"robots\" content=\"index, follow, max-snippet:-1, max-image-preview:large, max-video-preview:-1\" \/>\n<link rel=\"canonical\" href=\"https:\/\/thingstodoinamsterdam.com\/fr\/le-quartier-rouge\/tour-de-bonton\/\" \/>\n<meta property=\"og:locale\" content=\"fr_FR\" \/>\n<meta property=\"og:type\" content=\"article\" \/>\n<meta property=\"og:title\" content=\"Quartier Rouge Amsterdam - Tour de Bonton stip et sex-club\" \/>\n<meta property=\"og:description\" content=\"Venez d\u00e9couvrir l&#039;histoire de la prostitution au Bonton et discuter avec une travailleuse du sexe pour en apprendre plus sur le plus ancien m\u00e9tier du monde.\" \/>\n<meta property=\"og:url\" content=\"https:\/\/thingstodoinamsterdam.com\/fr\/le-quartier-rouge\/tour-de-bonton\/\" \/>\n<meta property=\"og:site_name\" content=\"ThingstodoinAmsterdam.com\" \/>\n<meta property=\"article:publisher\" content=\"https:\/\/www.facebook.com\/thingstodoinamsterdamcom\" \/>\n<meta property=\"article:modified_time\" content=\"2023-07-27T13:52:02+00:00\" \/>\n<meta property=\"og:image\" content=\"https:\/\/thingstodoinamsterdam.com\/wp-content\/uploads\/2019\/08\/Bonton-Strip-Club-Amsterdam-300x225.jpg\" \/>\n\t<meta property=\"og:image:width\" content=\"300\" \/>\n\t<meta property=\"og:image:height\" content=\"225\" \/>\n\t<meta property=\"og:image:type\" content=\"image\/jpeg\" \/>\n<meta name=\"twitter:card\" content=\"summary_large_image\" \/>\n<meta name=\"twitter:label1\" content=\"Est. reading time\" \/>\n\t<meta name=\"twitter:data1\" content=\"3 minutes\" \/>\n<script type=\"application\/ld+json\" class=\"yoast-schema-graph\">{\"@context\":\"https:\\\/\\\/schema.org\",\"@graph\":[{\"@type\":\"WebPage\",\"@id\":\"https:\\\/\\\/thingstodoinamsterdam.com\\\/fr\\\/le-quartier-rouge\\\/tour-de-bonton\\\/\",\"url\":\"https:\\\/\\\/thingstodoinamsterdam.com\\\/fr\\\/le-quartier-rouge\\\/tour-de-bonton\\\/\",\"name\":\"Quartier Rouge Amsterdam - Tour de Bonton stip et sex-club\",\"isPartOf\":{\"@id\":\"https:\\\/\\\/thingstodoinamsterdam.com\\\/fr\\\/#website\"},\"primaryImageOfPage\":{\"@id\":\"https:\\\/\\\/thingstodoinamsterdam.com\\\/fr\\\/le-quartier-rouge\\\/tour-de-bonton\\\/#primaryimage\"},\"image\":{\"@id\":\"https:\\\/\\\/thingstodoinamsterdam.com\\\/fr\\\/le-quartier-rouge\\\/tour-de-bonton\\\/#primaryimage\"},\"thumbnailUrl\":\"https:\\\/\\\/thingstodoinamsterdam.com\\\/wp-content\\\/uploads\\\/2019\\\/08\\\/Bonton-Strip-Club-Amsterdam-300x225.jpg\",\"datePublished\":\"2020-02-04T08:12:47+00:00\",\"dateModified\":\"2023-07-27T13:52:02+00:00\",\"description\":\"Venez d\u00e9couvrir l'histoire de la prostitution au Bonton et discuter avec une travailleuse du sexe pour en apprendre plus sur le plus ancien m\u00e9tier du monde.\",\"breadcrumb\":{\"@id\":\"https:\\\/\\\/thingstodoinamsterdam.com\\\/fr\\\/le-quartier-rouge\\\/tour-de-bonton\\\/#breadcrumb\"},\"inLanguage\":\"fr\",\"potentialAction\":[{\"@type\":\"ReadAction\",\"target\":[\"https:\\\/\\\/thingstodoinamsterdam.com\\\/fr\\\/le-quartier-rouge\\\/tour-de-bonton\\\/\"]}]},{\"@type\":\"ImageObject\",\"inLanguage\":\"fr\",\"@id\":\"https:\\\/\\\/thingstodoinamsterdam.com\\\/fr\\\/le-quartier-rouge\\\/tour-de-bonton\\\/#primaryimage\",\"url\":\"https:\\\/\\\/thingstodoinamsterdam.com\\\/wp-content\\\/uploads\\\/2019\\\/08\\\/Bonton-Strip-Club-Amsterdam-300x225.jpg\",\"contentUrl\":\"https:\\\/\\\/thingstodoinamsterdam.com\\\/wp-content\\\/uploads\\\/2019\\\/08\\\/Bonton-Strip-Club-Amsterdam-300x225.jpg\",\"width\":300,\"height\":225,\"caption\":\"bonton club\"},{\"@type\":\"BreadcrumbList\",\"@id\":\"https:\\\/\\\/thingstodoinamsterdam.com\\\/fr\\\/le-quartier-rouge\\\/tour-de-bonton\\\/#breadcrumb\",\"itemListElement\":[{\"@type\":\"ListItem\",\"position\":1,\"name\":\"Visiter Amsterdam\",\"item\":\"https:\\\/\\\/thingstodoinamsterdam.com\\\/fr\\\/\"},{\"@type\":\"ListItem\",\"position\":2,\"name\":\"Le Quartier Rouge\",\"item\":\"https:\\\/\\\/thingstodoinamsterdam.com\\\/fr\\\/le-quartier-rouge\\\/\"},{\"@type\":\"ListItem\",\"position\":3,\"name\":\"Tour de Bonton\"}]},{\"@type\":\"WebSite\",\"@id\":\"https:\\\/\\\/thingstodoinamsterdam.com\\\/fr\\\/#website\",\"url\":\"https:\\\/\\\/thingstodoinamsterdam.com\\\/fr\\\/\",\"name\":\"ThingstodoinAmsterdam.com\",\"description\":\"Amsterdam&#039;s highlights and hidden secrets\",\"publisher\":{\"@id\":\"https:\\\/\\\/thingstodoinamsterdam.com\\\/fr\\\/#organization\"},\"potentialAction\":[{\"@type\":\"SearchAction\",\"target\":{\"@type\":\"EntryPoint\",\"urlTemplate\":\"https:\\\/\\\/thingstodoinamsterdam.com\\\/fr\\\/?s={search_term_string}\"},\"query-input\":{\"@type\":\"PropertyValueSpecification\",\"valueRequired\":true,\"valueName\":\"search_term_string\"}}],\"inLanguage\":\"fr\"},{\"@type\":\"Organization\",\"@id\":\"https:\\\/\\\/thingstodoinamsterdam.com\\\/fr\\\/#organization\",\"name\":\"Visiter Amsterdam\",\"url\":\"https:\\\/\\\/thingstodoinamsterdam.com\\\/fr\\\/\",\"logo\":{\"@type\":\"ImageObject\",\"inLanguage\":\"fr\",\"@id\":\"https:\\\/\\\/thingstodoinamsterdam.com\\\/fr\\\/#\\\/schema\\\/logo\\\/image\\\/\",\"url\":\"https:\\\/\\\/thingstodoinamsterdam.com\\\/wp-content\\\/uploads\\\/2025\\\/02\\\/ThingsToDoInAmsterdam-Favicon-logo.png\",\"contentUrl\":\"https:\\\/\\\/thingstodoinamsterdam.com\\\/wp-content\\\/uploads\\\/2025\\\/02\\\/ThingsToDoInAmsterdam-Favicon-logo.png\",\"width\":512,\"height\":512,\"caption\":\"Visiter Amsterdam\"},\"image\":{\"@id\":\"https:\\\/\\\/thingstodoinamsterdam.com\\\/fr\\\/#\\\/schema\\\/logo\\\/image\\\/\"},\"sameAs\":[\"https:\\\/\\\/www.facebook.com\\\/thingstodoinamsterdamcom\"]}]}<\/script>\n<!-- \/ Yoast SEO plugin. -->","yoast_head_json":{"title":"Quartier Rouge Amsterdam - Tour de Bonton stip et sex-club","description":"Venez d\u00e9couvrir l'histoire de la prostitution au Bonton et discuter avec une travailleuse du sexe pour en apprendre plus sur le plus ancien m\u00e9tier du monde.","robots":{"index":"index","follow":"follow","max-snippet":"max-snippet:-1","max-image-preview":"max-image-preview:large","max-video-preview":"max-video-preview:-1"},"canonical":"https:\/\/thingstodoinamsterdam.com\/fr\/le-quartier-rouge\/tour-de-bonton\/","og_locale":"fr_FR","og_type":"article","og_title":"Quartier Rouge Amsterdam - Tour de Bonton stip et sex-club","og_description":"Venez d\u00e9couvrir l'histoire de la prostitution au Bonton et discuter avec une travailleuse du sexe pour en apprendre plus sur le plus ancien m\u00e9tier du monde.","og_url":"https:\/\/thingstodoinamsterdam.com\/fr\/le-quartier-rouge\/tour-de-bonton\/","og_site_name":"ThingstodoinAmsterdam.com","article_publisher":"https:\/\/www.facebook.com\/thingstodoinamsterdamcom","article_modified_time":"2023-07-27T13:52:02+00:00","og_image":[{"width":300,"height":225,"url":"https:\/\/thingstodoinamsterdam.com\/wp-content\/uploads\/2019\/08\/Bonton-Strip-Club-Amsterdam-300x225.jpg","type":"image\/jpeg"}],"twitter_card":"summary_large_image","twitter_misc":{"Est. reading time":"3 minutes"},"schema":{"@context":"https:\/\/schema.org","@graph":[{"@type":"WebPage","@id":"https:\/\/thingstodoinamsterdam.com\/fr\/le-quartier-rouge\/tour-de-bonton\/","url":"https:\/\/thingstodoinamsterdam.com\/fr\/le-quartier-rouge\/tour-de-bonton\/","name":"Quartier Rouge Amsterdam - Tour de Bonton stip et sex-club","isPartOf":{"@id":"https:\/\/thingstodoinamsterdam.com\/fr\/#website"},"primaryImageOfPage":{"@id":"https:\/\/thingstodoinamsterdam.com\/fr\/le-quartier-rouge\/tour-de-bonton\/#primaryimage"},"image":{"@id":"https:\/\/thingstodoinamsterdam.com\/fr\/le-quartier-rouge\/tour-de-bonton\/#primaryimage"},"thumbnailUrl":"https:\/\/thingstodoinamsterdam.com\/wp-content\/uploads\/2019\/08\/Bonton-Strip-Club-Amsterdam-300x225.jpg","datePublished":"2020-02-04T08:12:47+00:00","dateModified":"2023-07-27T13:52:02+00:00","description":"Venez d\u00e9couvrir l'histoire de la prostitution au Bonton et discuter avec une travailleuse du sexe pour en apprendre plus sur le plus ancien m\u00e9tier du monde.","breadcrumb":{"@id":"https:\/\/thingstodoinamsterdam.com\/fr\/le-quartier-rouge\/tour-de-bonton\/#breadcrumb"},"inLanguage":"fr","potentialAction":[{"@type":"ReadAction","target":["https:\/\/thingstodoinamsterdam.com\/fr\/le-quartier-rouge\/tour-de-bonton\/"]}]},{"@type":"ImageObject","inLanguage":"fr","@id":"https:\/\/thingstodoinamsterdam.com\/fr\/le-quartier-rouge\/tour-de-bonton\/#primaryimage","url":"https:\/\/thingstodoinamsterdam.com\/wp-content\/uploads\/2019\/08\/Bonton-Strip-Club-Amsterdam-300x225.jpg","contentUrl":"https:\/\/thingstodoinamsterdam.com\/wp-content\/uploads\/2019\/08\/Bonton-Strip-Club-Amsterdam-300x225.jpg","width":300,"height":225,"caption":"bonton club"},{"@type":"BreadcrumbList","@id":"https:\/\/thingstodoinamsterdam.com\/fr\/le-quartier-rouge\/tour-de-bonton\/#breadcrumb","itemListElement":[{"@type":"ListItem","position":1,"name":"Visiter Amsterdam","item":"https:\/\/thingstodoinamsterdam.com\/fr\/"},{"@type":"ListItem","position":2,"name":"Le Quartier Rouge","item":"https:\/\/thingstodoinamsterdam.com\/fr\/le-quartier-rouge\/"},{"@type":"ListItem","position":3,"name":"Tour de Bonton"}]},{"@type":"WebSite","@id":"https:\/\/thingstodoinamsterdam.com\/fr\/#website","url":"https:\/\/thingstodoinamsterdam.com\/fr\/","name":"ThingstodoinAmsterdam.com","description":"Amsterdam&#039;s highlights and hidden secrets","publisher":{"@id":"https:\/\/thingstodoinamsterdam.com\/fr\/#organization"},"potentialAction":[{"@type":"SearchAction","target":{"@type":"EntryPoint","urlTemplate":"https:\/\/thingstodoinamsterdam.com\/fr\/?s={search_term_string}"},"query-input":{"@type":"PropertyValueSpecification","valueRequired":true,"valueName":"search_term_string"}}],"inLanguage":"fr"},{"@type":"Organization","@id":"https:\/\/thingstodoinamsterdam.com\/fr\/#organization","name":"Visiter Amsterdam","url":"https:\/\/thingstodoinamsterdam.com\/fr\/","logo":{"@type":"ImageObject","inLanguage":"fr","@id":"https:\/\/thingstodoinamsterdam.com\/fr\/#\/schema\/logo\/image\/","url":"https:\/\/thingstodoinamsterdam.com\/wp-content\/uploads\/2025\/02\/ThingsToDoInAmsterdam-Favicon-logo.png","contentUrl":"https:\/\/thingstodoinamsterdam.com\/wp-content\/uploads\/2025\/02\/ThingsToDoInAmsterdam-Favicon-logo.png","width":512,"height":512,"caption":"Visiter Amsterdam"},"image":{"@id":"https:\/\/thingstodoinamsterdam.com\/fr\/#\/schema\/logo\/image\/"},"sameAs":["https:\/\/www.facebook.com\/thingstodoinamsterdamcom"]}]}},"_links":{"self":[{"href":"https:\/\/thingstodoinamsterdam.com\/fr\/wp-json\/wp\/v2\/pages\/5357","targetHints":{"allow":["GET"]}}],"collection":[{"href":"https:\/\/thingstodoinamsterdam.com\/fr\/wp-json\/wp\/v2\/pages"}],"about":[{"href":"https:\/\/thingstodoinamsterdam.com\/fr\/wp-json\/wp\/v2\/types\/page"}],"author":[{"embeddable":true,"href":"https:\/\/thingstodoinamsterdam.com\/fr\/wp-json\/wp\/v2\/users\/20"}],"replies":[{"embeddable":true,"href":"https:\/\/thingstodoinamsterdam.com\/fr\/wp-json\/wp\/v2\/comments?post=5357"}],"version-history":[{"count":9,"href":"https:\/\/thingstodoinamsterdam.com\/fr\/wp-json\/wp\/v2\/pages\/5357\/revisions"}],"predecessor-version":[{"id":516605,"href":"https:\/\/thingstodoinamsterdam.com\/fr\/wp-json\/wp\/v2\/pages\/5357\/revisions\/516605"}],"up":[{"embeddable":true,"href":"https:\/\/thingstodoinamsterdam.com\/fr\/wp-json\/wp\/v2\/pages\/441"}],"wp:featuredmedia":[{"embeddable":true,"href":"https:\/\/thingstodoinamsterdam.com\/fr\/wp-json\/wp\/v2\/media\/3164"}],"wp:attachment":[{"href":"https:\/\/thingstodoinamsterdam.com\/fr\/wp-json\/wp\/v2\/media?parent=5357"}],"curies":[{"name":"wp","href":"https:\/\/api.w.org\/{rel}","templated":true}]}}