{"id":2531847,"date":"2026-02-13T10:42:42","date_gmt":"2026-02-13T09:42:42","guid":{"rendered":"https:\/\/thingstodoinamsterdam.com\/crociera-con-cocktail-stromma\/"},"modified":"2026-02-16T14:46:12","modified_gmt":"2026-02-16T13:46:12","slug":"crociera-con-cocktail-stromma","status":"publish","type":"page","link":"https:\/\/thingstodoinamsterdam.com\/it\/crociera-canali\/stromma-canal-tours\/crociera-con-cocktail-stromma\/","title":{"rendered":"Crociera con cocktail &#8211; Stromma"},"content":{"rendered":"<div class=\"wpb-content-wrapper\"><p>[vc_row][vc_column][buttonsticky title=&#8221;Prenota la tua crociera con cocktail con Stromma&#8221; link=&#8221;https:\/\/thingstodoinamsterdam.com\/ticketlink-loversdinner-lovers-std&#8221; target=&#8221;true&#8221; nofollow=&#8221;true&#8221; el_id=&#8221;1722005386472-5ab5eef9-f515&#8243;][\/vc_column][\/vc_row][vc_row][vc_column width=&#8221;2\/3&#8243;][vc_column_text css=&#8221;&#8221;]Abbiamo vissuto Amsterdam da quasi ogni angolazione: a piedi, in bici, dai tetti, in tram e in autobus, ma niente \u00e8 paragonabile a vederla dall&#8217;acqua. La citt\u00e0 assume un ritmo diverso dai canali e, quando la vivi immersa nel bagliore della golden hour, con un cocktail preparato a regola d&#8217;arte e la tranquilla energia della citt\u00e0, diventa qualcosa di memorabile. <\/p>\n<p>Questi ricordi sono nati sulla <strong>Stromma&#8217;s Cocktail Cruise<\/strong>, un tour di 75 minuti attraverso le storiche vie d&#8217;acqua della citt\u00e0 con un cocktail rinfrescante in mano. Stromma offre una variet\u00e0 di <a href=\"https:\/\/thingstodoinamsterdam.com\/it\/crociera-canali\/\">crociere sui canali di Amsterdam<\/a> e ce n&#8217;\u00e8 per tutti i gusti: dalle crociere con vino e formaggio a quelle con pizza, fino ai tour su barche scoperte e ai pedal\u00f2. <\/p>\n<p>Stromma Netherlands fa parte del gruppo svedese Str\u00f6mma, con radici che risalgono al 1912 attraverso storiche compagnie di Amsterdam come Rederij Bergmann e Meijer\u2019s Rondvaarten. Oggi nome di punta del turismo sui canali, le barche di Stromma sono facilmente riconoscibili dalla striscia gialla, dal marchio \u201cCanal Tours Amsterdam\u201d e dal loro audace logo \u201cS\u201d rosso. <\/p>\n<p><strong>&gt;&gt;&gt;<\/strong> Curiosi di leggere la nostra recensione? Vai direttamente alla nostra <a href=\"#experience\"><strong>recensione.<\/strong><\/a>[\/vc_column_text][\/vc_column][vc_column width=&#8221;1\/3&#8243;][vc_single_image image=&#8221;2531849&#8243; img_size=&#8221;full&#8221; alignment=&#8221;center&#8221; css=&#8221;&#8221;][vc_column_text css=&#8221;&#8221;]<em>Il punto di partenza della crociera con cocktail Stromma al Damrak, nel centro di Amsterdam.<\/em>[\/vc_column_text][\/vc_column][\/vc_row][vc_row][vc_column][button title=&#8221;Book your cocktail cruise at Stromma&#8221; link=&#8221;https:\/\/thingstodoinamsterdam.com\/ticketlink-cocktailcruise-stromma-std&#8221; icon=&#8221;fa fa-solid fa-angles-right&#8221; button_align=&#8221;center&#8221; target=&#8221;true&#8221; nofollow=&#8221;true&#8221; el_id=&#8221;1715359069789-13c6ea6d-a6f7&#8243;][vc_column_text css=&#8221;&#8221;]<\/p>\n<p style=\"text-align: center;\">&#8211; Prenota la tua crociera con il nostro codice sconto esclusivo <strong> <mark>&#8216;THINGSTODO10&#8217;<\/mark><\/strong> e ottieni un ulteriore 10% di sconto &#8211;<\/p>\n<p>[\/vc_column_text][\/vc_column][\/vc_row][vc_row][vc_column width=&#8221;1\/2&#8243;][vc_single_image image=&#8221;2531850&#8243; img_size=&#8221;full&#8221; alignment=&#8221;center&#8221; css=&#8221;&#8221;][vc_column_text css=&#8221;&#8221;]<em>Snack e men\u00f9 all&#8217;arrivo.<\/em>[\/vc_column_text][\/vc_column][vc_column width=&#8221;1\/2&#8243;][vc_single_image image=&#8221;2531848&#8243; img_size=&#8221;full&#8221; alignment=&#8221;center&#8221; css=&#8221;&#8221;][vc_column_text css=&#8221;&#8221;]<em>Puoi scegliere tra una selezione di ottimi cocktail.<\/em>[\/vc_column_text][\/vc_column][\/vc_row][vc_row][vc_column width=&#8221;2\/3&#8243;][vc_column_text css=&#8221;&#8221;]<\/p>\n<h2>Cosa c&#8217;\u00e8 da sapere<\/h2>\n<p>La Stromma Cocktail Cruise ad Amsterdam parte dal molo 4 di Stromma sul Damrak, a pochi passi dalla Stazione Centrale e abbastanza vicino ai punti pi\u00f9 frequentati della citt\u00e0. Nel momento in cui sali a bordo, per\u00f2, il trambusto della strada svanisce. La crociera parte alle 20:15 e l&#8217;imbarco inizia verso le 20:00. La crociera con cocktail di solito viene effettuata una volta al giorno alla stessa ora; \u00e8 consigliabile controllare il sito ufficiale.   <\/p>\n<p><a href=\"https:\/\/www.stromma.com\/en-nl\/amsterdam\/dining-cruises\/cocktail-cruise\/\" target=\"_new\" rel=\"noopener\"><br \/>\n<\/a>A bordo c&#8217;\u00e8 il Wi-Fi gratuito e, al momento della prenotazione, riceverai un e-ticket direttamente sul tuo smartphone per un imbarco facile e veloce. Stromma offre anche flessibilit\u00e0: puoi cancellare o riprogrammare la tua crociera gratuitamente fino a 24 ore prima. Per i gruppi di 10 o pi\u00f9 persone, \u00e8 disponibile il rimborso completo con almeno sette giorni di preavviso, e un rimborso del 50% se la cancellazione avviene tra i tre e i sei giorni prima della partenza, offrendoti la libert\u00e0 di pianificare con serenit\u00e0.  <\/p>\n<p>Il limite di et\u00e0 \u00e8 di 18 anni e a bordo sono presenti i servizi igienici.[\/vc_column_text][\/vc_column][vc_column width=&#8221;1\/3&#8243;][vc_single_image image=&#8221;2531851&#8243; img_size=&#8221;full&#8221; alignment=&#8221;center&#8221; css=&#8221;&#8221;][vc_column_text css=&#8221;&#8221;]<em>Salute! O come dicono nei Paesi Bassi, \u201cProost\u201d! <\/em>[\/vc_column_text][vc_single_image image=&#8221;2531852&#8243; img_size=&#8221;full&#8221; alignment=&#8221;center&#8221; css=&#8221;&#8221;][vc_column_text css=&#8221;&#8221;]<em>Preparazione dei cocktail.<\/em>[\/vc_column_text][\/vc_column][\/vc_row][vc_row][vc_column width=&#8221;2\/3&#8243;][vc_column_text css=&#8221;&#8221;]<\/p>\n<h2>A bordo della Stromma Cocktail Cruise<\/h2>\n<p>All&#8217;arrivo, puoi iniziare a ordinare da una selezione di cocktail e mocktail. Il men\u00f9 della nostra crociera includeva: <\/p>\n<p>Cocktail: Pornstar Martini, Espresso Martini e Lala Paloma.<\/p>\n<p>Gin &amp; Tonic: opzioni con dry gin e pink gin.<\/p>\n<p>Mocktail: Passion Mojito e Spiced Mule<\/p>\n<p>Ogni tavolo ha anche olive e nachos con salsa in omaggio da stuzzicare durante la navigazione. Nota che il men\u00f9 pu\u00f2 cambiare, quindi se hai dubbi sull&#8217;offerta, puoi verificare con Stromma al momento della prenotazione. <\/p>\n<p>Mentre navighi tra i pittoreschi canali di Amsterdam, vedrai alcuni dei monumenti pi\u00f9 belli della citt\u00e0. Che tu ci vada in estate con la sua magnifica \u201cgolden hour\u201d o in inverno con il suo splendido bagliore, ogni stagione offre qualcosa di unico: dai fiori e le luci di Natale ai raggi di sole e le foglie autunnali color fuoco. <\/p>\n<p>La crociera solitamente include attrazioni come il Nemo Science Centre, le case sui canali del XVII secolo, il Magere Brug (Ponte Magro) e altri ponti.[\/vc_column_text][\/vc_column][vc_column width=&#8221;1\/3&#8243;][vc_single_image image=&#8221;2531853&#8243; img_size=&#8221;full&#8221; alignment=&#8221;center&#8221; css=&#8221;&#8221;][vc_column_text css=&#8221;&#8221;]<em>Nemo Science Museum.<\/em>[\/vc_column_text][vc_single_image image=&#8221;2531854&#8243; img_size=&#8221;full&#8221; css=&#8221;&#8221;][vc_column_text css=&#8221;&#8221;]<em><a href=\"https:\/\/thingstodoinamsterdam.com\/it\/museo-marittimo-nazionale\/\">Het Scheepvaartmusuem<\/a>\/Il Museo Marittimo Nazionale<\/em>[\/vc_column_text][\/vc_column][\/vc_row][vc_row][vc_column width=&#8221;1\/2&#8243;][vc_single_image image=&#8221;2531855&#8243; img_size=&#8221;full&#8221; alignment=&#8221;center&#8221; css=&#8221;&#8221;][vc_column_text]<em>Scenari urbani di Amsterdam meravigliosamente illuminati per una serata indimenticabile sull&#8217;acqua.<\/em>[\/vc_column_text][\/vc_column][vc_column width=&#8221;1\/2&#8243;][vc_single_image image=&#8221;2531856&#8243; img_size=&#8221;full&#8221; alignment=&#8221;center&#8221; css=&#8221;&#8221;][vc_column_text]<em>Una vista libera sul Magere Brug.<\/em>[\/vc_column_text][\/vc_column][\/vc_row][vc_row][vc_column width=&#8221;1\/2&#8243;][vc_single_image image=&#8221;2531857&#8243; img_size=&#8221;full&#8221; alignment=&#8221;center&#8221; css=&#8221;&#8221;][vc_column_text css=&#8221;&#8221;]<em>Incantevoli case sui canali.<\/em>[\/vc_column_text][\/vc_column][vc_column width=&#8221;1\/2&#8243;][vc_single_image image=&#8221;2531858&#8243; img_size=&#8221;full&#8221; alignment=&#8221;center&#8221; css=&#8221;&#8221;][vc_column_text css=&#8221;&#8221;]<em>L&#8217;Opera e il Balletto Nazionale.<\/em>[\/vc_column_text][\/vc_column][\/vc_row][vc_row][vc_column width=&#8221;1\/2&#8243;][vc_single_image image=&#8221;2531859&#8243; img_size=&#8221;full&#8221; alignment=&#8221;center&#8221; css=&#8221;&#8221;][vc_column_text css=&#8221;&#8221;]<em>Centro di Amsterdam.<\/em>[\/vc_column_text][\/vc_column][vc_column width=&#8221;1\/2&#8243;][vc_single_image image=&#8221;2531860&#8243; img_size=&#8221;full&#8221; alignment=&#8221;center&#8221; css=&#8221;&#8221;][vc_column_text css=&#8221;&#8221;]<em>Ritorno al Damrak, uno dei punti pi\u00f9 fotografati della citt\u00e0.<\/em>[\/vc_column_text][\/vc_column][\/vc_row][vc_row][vc_column][button title=&#8221;Book your cocktail canal cruise directly at Stromma&#8221; link=&#8221;https:\/\/thingstodoinamsterdam.com\/ticketlink-cocktailcruise-stromma-std&#8221; icon=&#8221;fa fa-solid fa-angles-right&#8221; button_align=&#8221;center&#8221; target=&#8221;true&#8221; nofollow=&#8221;true&#8221; el_id=&#8221;1715359602038-1888ca03-25a3&#8243;][vc_column_text css=&#8221;&#8221;]<\/p>\n<p style=\"text-align: center;\">&#8211; Prenota la tua crociera con il nostro codice sconto esclusivo <strong> <mark>&#8216;THINGSTODO10&#8217;<\/mark><\/strong> e ottieni un ulteriore 10% di sconto &#8211;<\/p>\n<p>[\/vc_column_text][\/vc_column][\/vc_row][vc_row][vc_column][vc_column_text css=&#8221;&#8221;]<\/p>\n<h2 id=\"experience\">La nostra esperienza<\/h2>\n<p>Quando siamo tornati al molo, ci sentivamo rilassati ed energizzati per aver visto la citt\u00e0 in questo modo insolito e tranquillo, e con un rinfrescante G&amp;T, ovviamente. Sulla nostra crociera c&#8217;erano coppie e due piccoli gruppi, e c&#8217;era una bella atmosfera, ma non troppo rumorosa: riuscivamo ancora a sentire il capitano che parlava e citava fatti interessanti su ci\u00f2 che stavamo vedendo. <\/p>\n<p>Se stai visitando Amsterdam o anche se vivi qui e vuoi vedere la citt\u00e0 da una nuova prospettiva, questa crociera \u00e8 un piacevole promemoria del fatto che rallentare pu\u00f2 essere la parte migliore del viaggio.<\/p>\n<p>\u00c8 un&#8217;esperienza incantevole per le coppie che festeggiano qualcosa e per piccoli gruppi di amici e viaggiatori che vogliono prendersi una pausa dalle visite turistiche e godersi la citt\u00e0 sotto una nuova luce. \u00c8 un&#8217;opzione particolarmente valida se non hai voglia di un bar rumoroso o di un tour troppo turistico, ma vuoi comunque vivere Amsterdam in modo speciale.[\/vc_column_text][\/vc_column][\/vc_row][vc_row][vc_column][reviews heading=&#8221;Stromma cocktail cruise reviews&#8221; description=&#8221;Have you been on the cocktail cruise by Stromma? We&#8217;d love to hear about your experience, and if you&#8217;d recommend it to other travellers. Let us know below!&#8221; el_id=&#8221;1715686148341-8d645a2d-144b&#8221;][\/reviews][\/vc_column][\/vc_row]<\/p>\n<\/div>","protected":false},"excerpt":{"rendered":"<p>[vc_row][vc_column][buttonsticky title=&#8221;Prenota la tua crociera con cocktail con Stromma&#8221; link=&#8221;https:\/\/thingstodoinamsterdam.com\/ticketlink-loversdinner-lovers-std&#8221; target=&#8221;true&#8221; nofollow=&#8221;true&#8221; el_id=&#8221;1722005386472-5ab5eef9-f515&#8243;][\/vc_column][\/vc_row][vc_row][vc_column width=&#8221;2\/3&#8243;][vc_column_text css=&#8221;&#8221;]Abbiamo vissuto Amsterdam da quasi ogni angolazione: a piedi, in bici,\u2026<\/p>\n","protected":false},"author":33,"featured_media":2531848,"parent":2531944,"menu_order":0,"comment_status":"closed","ping_status":"closed","template":"","meta":{"footnotes":""},"class_list":["post-2531847","page","type-page","status-publish","has-post-thumbnail","hentry"],"yoast_head":"<!-- This site is optimized with the Yoast SEO plugin v27.4 - https:\/\/yoast.com\/product\/yoast-seo-wordpress\/ -->\n<title>Crociera con cocktail - Stromma - ThingstodoinAmsterdam.com<\/title>\n<meta name=\"description\" content=\"Scopri com&#039;\u00e8 navigare tra i canali di Amsterdam di notte con la Stromma Cocktail Cruise. Leggi tutto su drink, panorami e atmosfera\" \/>\n<meta name=\"robots\" content=\"index, follow, max-snippet:-1, max-image-preview:large, max-video-preview:-1\" \/>\n<link rel=\"canonical\" href=\"https:\/\/thingstodoinamsterdam.com\/it\/crociera-canali\/stromma-canal-tours\/crociera-con-cocktail-stromma\/\" \/>\n<meta property=\"og:locale\" content=\"it_IT\" \/>\n<meta property=\"og:type\" content=\"article\" \/>\n<meta property=\"og:title\" content=\"Crociera con cocktail - Stromma - ThingstodoinAmsterdam.com\" \/>\n<meta property=\"og:description\" content=\"Scopri com&#039;\u00e8 navigare tra i canali di Amsterdam di notte con la Stromma Cocktail Cruise. Leggi tutto su drink, panorami e atmosfera\" \/>\n<meta property=\"og:url\" content=\"https:\/\/thingstodoinamsterdam.com\/it\/crociera-canali\/stromma-canal-tours\/crociera-con-cocktail-stromma\/\" \/>\n<meta property=\"og:site_name\" content=\"ThingstodoinAmsterdam.com\" \/>\n<meta property=\"article:publisher\" content=\"https:\/\/www.facebook.com\/thingstodoinamsterdamcom\" \/>\n<meta property=\"article:modified_time\" content=\"2026-02-16T13:46:12+00:00\" \/>\n<meta property=\"og:image\" content=\"https:\/\/thingstodoinamsterdam.com\/wp-content\/uploads\/2025\/06\/Stromma-cocktail-cruise-1.jpg\" \/>\n\t<meta property=\"og:image:width\" content=\"1200\" \/>\n\t<meta property=\"og:image:height\" content=\"900\" \/>\n\t<meta property=\"og:image:type\" content=\"image\/jpeg\" \/>\n<meta name=\"twitter:card\" content=\"summary_large_image\" \/>\n<meta name=\"twitter:label1\" content=\"Tempo di lettura stimato\" \/>\n\t<meta name=\"twitter:data1\" content=\"7 minuti\" \/>\n<script type=\"application\/ld+json\" class=\"yoast-schema-graph\">{\"@context\":\"https:\\\/\\\/schema.org\",\"@graph\":[{\"@type\":\"WebPage\",\"@id\":\"https:\\\/\\\/thingstodoinamsterdam.com\\\/it\\\/crociera-canali\\\/stromma-canal-tours\\\/crociera-con-cocktail-stromma\\\/\",\"url\":\"https:\\\/\\\/thingstodoinamsterdam.com\\\/it\\\/crociera-canali\\\/stromma-canal-tours\\\/crociera-con-cocktail-stromma\\\/\",\"name\":\"Crociera con cocktail - Stromma - ThingstodoinAmsterdam.com\",\"isPartOf\":{\"@id\":\"https:\\\/\\\/thingstodoinamsterdam.com\\\/it\\\/#website\"},\"primaryImageOfPage\":{\"@id\":\"https:\\\/\\\/thingstodoinamsterdam.com\\\/it\\\/crociera-canali\\\/stromma-canal-tours\\\/crociera-con-cocktail-stromma\\\/#primaryimage\"},\"image\":{\"@id\":\"https:\\\/\\\/thingstodoinamsterdam.com\\\/it\\\/crociera-canali\\\/stromma-canal-tours\\\/crociera-con-cocktail-stromma\\\/#primaryimage\"},\"thumbnailUrl\":\"https:\\\/\\\/thingstodoinamsterdam.com\\\/wp-content\\\/uploads\\\/2025\\\/06\\\/Stromma-cocktail-cruise-1.jpg\",\"datePublished\":\"2026-02-13T09:42:42+00:00\",\"dateModified\":\"2026-02-16T13:46:12+00:00\",\"description\":\"Scopri com'\u00e8 navigare tra i canali di Amsterdam di notte con la Stromma Cocktail Cruise. Leggi tutto su drink, panorami e atmosfera\",\"breadcrumb\":{\"@id\":\"https:\\\/\\\/thingstodoinamsterdam.com\\\/it\\\/crociera-canali\\\/stromma-canal-tours\\\/crociera-con-cocktail-stromma\\\/#breadcrumb\"},\"inLanguage\":\"it-IT\",\"potentialAction\":[{\"@type\":\"ReadAction\",\"target\":[\"https:\\\/\\\/thingstodoinamsterdam.com\\\/it\\\/crociera-canali\\\/stromma-canal-tours\\\/crociera-con-cocktail-stromma\\\/\"]}]},{\"@type\":\"ImageObject\",\"inLanguage\":\"it-IT\",\"@id\":\"https:\\\/\\\/thingstodoinamsterdam.com\\\/it\\\/crociera-canali\\\/stromma-canal-tours\\\/crociera-con-cocktail-stromma\\\/#primaryimage\",\"url\":\"https:\\\/\\\/thingstodoinamsterdam.com\\\/wp-content\\\/uploads\\\/2025\\\/06\\\/Stromma-cocktail-cruise-1.jpg\",\"contentUrl\":\"https:\\\/\\\/thingstodoinamsterdam.com\\\/wp-content\\\/uploads\\\/2025\\\/06\\\/Stromma-cocktail-cruise-1.jpg\",\"width\":1200,\"height\":900,\"caption\":\"Crociera cocktail Stromma Amsterdam\"},{\"@type\":\"BreadcrumbList\",\"@id\":\"https:\\\/\\\/thingstodoinamsterdam.com\\\/it\\\/crociera-canali\\\/stromma-canal-tours\\\/crociera-con-cocktail-stromma\\\/#breadcrumb\",\"itemListElement\":[{\"@type\":\"ListItem\",\"position\":1,\"name\":\"Cose da fare ad Amsterdam\",\"item\":\"https:\\\/\\\/thingstodoinamsterdam.com\\\/it\\\/\"},{\"@type\":\"ListItem\",\"position\":2,\"name\":\"Crociera sui canali Amsterdam\",\"item\":\"https:\\\/\\\/thingstodoinamsterdam.com\\\/it\\\/crociera-canali\\\/\"},{\"@type\":\"ListItem\",\"position\":3,\"name\":\"Stromma Canal Tours\",\"item\":\"https:\\\/\\\/thingstodoinamsterdam.com\\\/it\\\/crociera-canali\\\/stromma-canal-tours\\\/\"},{\"@type\":\"ListItem\",\"position\":4,\"name\":\"Crociera con cocktail &#8211; Stromma\"}]},{\"@type\":\"WebSite\",\"@id\":\"https:\\\/\\\/thingstodoinamsterdam.com\\\/it\\\/#website\",\"url\":\"https:\\\/\\\/thingstodoinamsterdam.com\\\/it\\\/\",\"name\":\"ThingstodoinAmsterdam.com\",\"description\":\"Amsterdam&#039;s highlights and hidden secrets\",\"publisher\":{\"@id\":\"https:\\\/\\\/thingstodoinamsterdam.com\\\/it\\\/#organization\"},\"potentialAction\":[{\"@type\":\"SearchAction\",\"target\":{\"@type\":\"EntryPoint\",\"urlTemplate\":\"https:\\\/\\\/thingstodoinamsterdam.com\\\/it\\\/?s={search_term_string}\"},\"query-input\":{\"@type\":\"PropertyValueSpecification\",\"valueRequired\":true,\"valueName\":\"search_term_string\"}}],\"inLanguage\":\"it-IT\"},{\"@type\":\"Organization\",\"@id\":\"https:\\\/\\\/thingstodoinamsterdam.com\\\/it\\\/#organization\",\"name\":\"Cose da fare ad Amsterdam\",\"url\":\"https:\\\/\\\/thingstodoinamsterdam.com\\\/it\\\/\",\"logo\":{\"@type\":\"ImageObject\",\"inLanguage\":\"it-IT\",\"@id\":\"https:\\\/\\\/thingstodoinamsterdam.com\\\/it\\\/#\\\/schema\\\/logo\\\/image\\\/\",\"url\":\"https:\\\/\\\/thingstodoinamsterdam.com\\\/wp-content\\\/uploads\\\/2025\\\/02\\\/ThingsToDoInAmsterdam-Favicon-logo.png\",\"contentUrl\":\"https:\\\/\\\/thingstodoinamsterdam.com\\\/wp-content\\\/uploads\\\/2025\\\/02\\\/ThingsToDoInAmsterdam-Favicon-logo.png\",\"width\":512,\"height\":512,\"caption\":\"Cose da fare ad Amsterdam\"},\"image\":{\"@id\":\"https:\\\/\\\/thingstodoinamsterdam.com\\\/it\\\/#\\\/schema\\\/logo\\\/image\\\/\"},\"sameAs\":[\"https:\\\/\\\/www.facebook.com\\\/thingstodoinamsterdamcom\"]}]}<\/script>\n<!-- \/ Yoast SEO plugin. -->","yoast_head_json":{"title":"Crociera con cocktail - Stromma - ThingstodoinAmsterdam.com","description":"Scopri com'\u00e8 navigare tra i canali di Amsterdam di notte con la Stromma Cocktail Cruise. Leggi tutto su drink, panorami e atmosfera","robots":{"index":"index","follow":"follow","max-snippet":"max-snippet:-1","max-image-preview":"max-image-preview:large","max-video-preview":"max-video-preview:-1"},"canonical":"https:\/\/thingstodoinamsterdam.com\/it\/crociera-canali\/stromma-canal-tours\/crociera-con-cocktail-stromma\/","og_locale":"it_IT","og_type":"article","og_title":"Crociera con cocktail - Stromma - ThingstodoinAmsterdam.com","og_description":"Scopri com'\u00e8 navigare tra i canali di Amsterdam di notte con la Stromma Cocktail Cruise. Leggi tutto su drink, panorami e atmosfera","og_url":"https:\/\/thingstodoinamsterdam.com\/it\/crociera-canali\/stromma-canal-tours\/crociera-con-cocktail-stromma\/","og_site_name":"ThingstodoinAmsterdam.com","article_publisher":"https:\/\/www.facebook.com\/thingstodoinamsterdamcom","article_modified_time":"2026-02-16T13:46:12+00:00","og_image":[{"width":1200,"height":900,"url":"https:\/\/thingstodoinamsterdam.com\/wp-content\/uploads\/2025\/06\/Stromma-cocktail-cruise-1.jpg","type":"image\/jpeg"}],"twitter_card":"summary_large_image","twitter_misc":{"Tempo di lettura stimato":"7 minuti"},"schema":{"@context":"https:\/\/schema.org","@graph":[{"@type":"WebPage","@id":"https:\/\/thingstodoinamsterdam.com\/it\/crociera-canali\/stromma-canal-tours\/crociera-con-cocktail-stromma\/","url":"https:\/\/thingstodoinamsterdam.com\/it\/crociera-canali\/stromma-canal-tours\/crociera-con-cocktail-stromma\/","name":"Crociera con cocktail - Stromma - ThingstodoinAmsterdam.com","isPartOf":{"@id":"https:\/\/thingstodoinamsterdam.com\/it\/#website"},"primaryImageOfPage":{"@id":"https:\/\/thingstodoinamsterdam.com\/it\/crociera-canali\/stromma-canal-tours\/crociera-con-cocktail-stromma\/#primaryimage"},"image":{"@id":"https:\/\/thingstodoinamsterdam.com\/it\/crociera-canali\/stromma-canal-tours\/crociera-con-cocktail-stromma\/#primaryimage"},"thumbnailUrl":"https:\/\/thingstodoinamsterdam.com\/wp-content\/uploads\/2025\/06\/Stromma-cocktail-cruise-1.jpg","datePublished":"2026-02-13T09:42:42+00:00","dateModified":"2026-02-16T13:46:12+00:00","description":"Scopri com'\u00e8 navigare tra i canali di Amsterdam di notte con la Stromma Cocktail Cruise. Leggi tutto su drink, panorami e atmosfera","breadcrumb":{"@id":"https:\/\/thingstodoinamsterdam.com\/it\/crociera-canali\/stromma-canal-tours\/crociera-con-cocktail-stromma\/#breadcrumb"},"inLanguage":"it-IT","potentialAction":[{"@type":"ReadAction","target":["https:\/\/thingstodoinamsterdam.com\/it\/crociera-canali\/stromma-canal-tours\/crociera-con-cocktail-stromma\/"]}]},{"@type":"ImageObject","inLanguage":"it-IT","@id":"https:\/\/thingstodoinamsterdam.com\/it\/crociera-canali\/stromma-canal-tours\/crociera-con-cocktail-stromma\/#primaryimage","url":"https:\/\/thingstodoinamsterdam.com\/wp-content\/uploads\/2025\/06\/Stromma-cocktail-cruise-1.jpg","contentUrl":"https:\/\/thingstodoinamsterdam.com\/wp-content\/uploads\/2025\/06\/Stromma-cocktail-cruise-1.jpg","width":1200,"height":900,"caption":"Crociera cocktail Stromma Amsterdam"},{"@type":"BreadcrumbList","@id":"https:\/\/thingstodoinamsterdam.com\/it\/crociera-canali\/stromma-canal-tours\/crociera-con-cocktail-stromma\/#breadcrumb","itemListElement":[{"@type":"ListItem","position":1,"name":"Cose da fare ad Amsterdam","item":"https:\/\/thingstodoinamsterdam.com\/it\/"},{"@type":"ListItem","position":2,"name":"Crociera sui canali Amsterdam","item":"https:\/\/thingstodoinamsterdam.com\/it\/crociera-canali\/"},{"@type":"ListItem","position":3,"name":"Stromma Canal Tours","item":"https:\/\/thingstodoinamsterdam.com\/it\/crociera-canali\/stromma-canal-tours\/"},{"@type":"ListItem","position":4,"name":"Crociera con cocktail &#8211; Stromma"}]},{"@type":"WebSite","@id":"https:\/\/thingstodoinamsterdam.com\/it\/#website","url":"https:\/\/thingstodoinamsterdam.com\/it\/","name":"ThingstodoinAmsterdam.com","description":"Amsterdam&#039;s highlights and hidden secrets","publisher":{"@id":"https:\/\/thingstodoinamsterdam.com\/it\/#organization"},"potentialAction":[{"@type":"SearchAction","target":{"@type":"EntryPoint","urlTemplate":"https:\/\/thingstodoinamsterdam.com\/it\/?s={search_term_string}"},"query-input":{"@type":"PropertyValueSpecification","valueRequired":true,"valueName":"search_term_string"}}],"inLanguage":"it-IT"},{"@type":"Organization","@id":"https:\/\/thingstodoinamsterdam.com\/it\/#organization","name":"Cose da fare ad Amsterdam","url":"https:\/\/thingstodoinamsterdam.com\/it\/","logo":{"@type":"ImageObject","inLanguage":"it-IT","@id":"https:\/\/thingstodoinamsterdam.com\/it\/#\/schema\/logo\/image\/","url":"https:\/\/thingstodoinamsterdam.com\/wp-content\/uploads\/2025\/02\/ThingsToDoInAmsterdam-Favicon-logo.png","contentUrl":"https:\/\/thingstodoinamsterdam.com\/wp-content\/uploads\/2025\/02\/ThingsToDoInAmsterdam-Favicon-logo.png","width":512,"height":512,"caption":"Cose da fare ad Amsterdam"},"image":{"@id":"https:\/\/thingstodoinamsterdam.com\/it\/#\/schema\/logo\/image\/"},"sameAs":["https:\/\/www.facebook.com\/thingstodoinamsterdamcom"]}]}},"_links":{"self":[{"href":"https:\/\/thingstodoinamsterdam.com\/it\/wp-json\/wp\/v2\/pages\/2531847","targetHints":{"allow":["GET"]}}],"collection":[{"href":"https:\/\/thingstodoinamsterdam.com\/it\/wp-json\/wp\/v2\/pages"}],"about":[{"href":"https:\/\/thingstodoinamsterdam.com\/it\/wp-json\/wp\/v2\/types\/page"}],"author":[{"embeddable":true,"href":"https:\/\/thingstodoinamsterdam.com\/it\/wp-json\/wp\/v2\/users\/33"}],"replies":[{"embeddable":true,"href":"https:\/\/thingstodoinamsterdam.com\/it\/wp-json\/wp\/v2\/comments?post=2531847"}],"version-history":[{"count":5,"href":"https:\/\/thingstodoinamsterdam.com\/it\/wp-json\/wp\/v2\/pages\/2531847\/revisions"}],"predecessor-version":[{"id":2533493,"href":"https:\/\/thingstodoinamsterdam.com\/it\/wp-json\/wp\/v2\/pages\/2531847\/revisions\/2533493"}],"up":[{"embeddable":true,"href":"https:\/\/thingstodoinamsterdam.com\/it\/wp-json\/wp\/v2\/pages\/2531944"}],"wp:featuredmedia":[{"embeddable":true,"href":"https:\/\/thingstodoinamsterdam.com\/it\/wp-json\/wp\/v2\/media\/2531848"}],"wp:attachment":[{"href":"https:\/\/thingstodoinamsterdam.com\/it\/wp-json\/wp\/v2\/media?parent=2531847"}],"curies":[{"name":"wp","href":"https:\/\/api.w.org\/{rel}","templated":true}]}}