{"id":2531892,"date":"2026-02-13T10:44:50","date_gmt":"2026-02-13T09:44:50","guid":{"rendered":"https:\/\/thingstodoinamsterdam.com\/the-magic-mushroom-gallery\/"},"modified":"2026-04-04T10:01:08","modified_gmt":"2026-04-04T08:01:08","slug":"the-magic-mushroom-gallery","status":"publish","type":"page","link":"https:\/\/thingstodoinamsterdam.com\/it\/smartshop-ad-amsterdam\/the-magic-mushroom-gallery\/","title":{"rendered":"The Magic Mushroom Gallery"},"content":{"rendered":"<div class=\"wpb-content-wrapper\"><p>[vc_row][vc_column width=&#8221;2\/3&#8243;][vc_column_text]The Magic Mushroom Gallery \u00e8 uno degli smartshop pi\u00f9 antichi e rinomati della citt\u00e0, essendo presente dal 1996. Gli smartshop sono negozi che vendono stimolanti legali, allucinogeni, erbe psicoattive, semi di cannabis e simili. The Magic Mushroom Gallery si distingue dagli altri smartshop per l&#8217;alto livello di servizio e la competenza del personale. Non si limitano a vendere i loro prodotti, ma si prendono il tempo necessario per valutare la tua situazione personale e rispondere a ogni tua domanda. Raccomandiamo a chiunque abbia intenzione di utilizzare questi prodotti di seguire attentamente i loro consigli, per poterne godere in modo sicuro e responsabile! Tutti i prodotti venduti, inclusi i popolari tartufi magici, possono essere legalmente venduti e consumati nei Paesi Bassi.     <\/p><div id=\"ez-toc-container\" class=\"ez-toc-v2_0_82_2 counter-hierarchy ez-toc-counter ez-toc-custom ez-toc-container-direction\">\n<div class=\"ez-toc-title-container\">\n<span class=\"ez-toc-title-toggle\"><a href=\"#\" class=\"ez-toc-pull-right ez-toc-btn ez-toc-btn-xs ez-toc-btn-default ez-toc-toggle\" aria-label=\"Toggle Table of Content\"><span class=\"ez-toc-js-icon-con\"><span class=\"\"><span class=\"eztoc-hide\" style=\"display:none;\">Toggle<\/span><span class=\"ez-toc-icon-toggle-span\"><svg style=\"fill: #999;color:#999\" xmlns=\"http:\/\/www.w3.org\/2000\/svg\" class=\"list-377408\" width=\"20px\" height=\"20px\" viewBox=\"0 0 24 24\" fill=\"none\"><path d=\"M6 6H4v2h2V6zm14 0H8v2h12V6zM4 11h2v2H4v-2zm16 0H8v2h12v-2zM4 16h2v2H4v-2zm16 0H8v2h12v-2z\" fill=\"currentColor\"><\/path><\/svg><svg style=\"fill: #999;color:#999\" class=\"arrow-unsorted-368013\" xmlns=\"http:\/\/www.w3.org\/2000\/svg\" width=\"10px\" height=\"10px\" viewBox=\"0 0 24 24\" version=\"1.2\" baseProfile=\"tiny\"><path d=\"M18.2 9.3l-6.2-6.3-6.2 6.3c-.2.2-.3.4-.3.7s.1.5.3.7c.2.2.4.3.7.3h11c.3 0 .5-.1.7-.3.2-.2.3-.5.3-.7s-.1-.5-.3-.7zM5.8 14.7l6.2 6.3 6.2-6.3c.2-.2.3-.5.3-.7s-.1-.5-.3-.7c-.2-.2-.4-.3-.7-.3h-11c-.3 0-.5.1-.7.3-.2.2-.3.5-.3.7s.1.5.3.7z\"\/><\/svg><\/span><\/span><\/span><\/a><\/span><\/div>\n<nav><ul class='ez-toc-list ez-toc-list-level-1 ' ><li class='ez-toc-page-1 ez-toc-heading-level-2'><a class=\"ez-toc-link ez-toc-heading-1\" href=\"https:\/\/thingstodoinamsterdam.com\/it\/smartshop-ad-amsterdam\/the-magic-mushroom-gallery\/#voucher-sconto-esclusivo\" >Voucher sconto esclusivo<\/a><\/li><li class='ez-toc-page-1 ez-toc-heading-level-2'><a class=\"ez-toc-link ez-toc-heading-2\" href=\"https:\/\/thingstodoinamsterdam.com\/it\/smartshop-ad-amsterdam\/the-magic-mushroom-gallery\/#tartufi-magici\" >Tartufi magici<\/a><\/li><li class='ez-toc-page-1 ez-toc-heading-level-2'><a class=\"ez-toc-link ez-toc-heading-3\" href=\"https:\/\/thingstodoinamsterdam.com\/it\/smartshop-ad-amsterdam\/the-magic-mushroom-gallery\/#psichedelici-naturali-party-pill-e-xtc-erboristica\" >Psichedelici naturali, party pill e XTC erboristica<\/a><\/li><li class='ez-toc-page-1 ez-toc-heading-level-2'><a class=\"ez-toc-link ez-toc-heading-4\" href=\"https:\/\/thingstodoinamsterdam.com\/it\/smartshop-ad-amsterdam\/the-magic-mushroom-gallery\/#integratori-alimentari-erboristici\" >Integratori alimentari erboristici<\/a><\/li><li class='ez-toc-page-1 ez-toc-heading-level-2'><a class=\"ez-toc-link ez-toc-heading-5\" href=\"https:\/\/thingstodoinamsterdam.com\/it\/smartshop-ad-amsterdam\/the-magic-mushroom-gallery\/#indirizzi-e-sedi\" >Indirizzi e sedi<\/a><\/li><\/ul><\/nav><\/div>\n\n<p>I prodotti disponibili presso The Magic Mushroom Gallery includono:<\/p>\n<ul>\n<li>Oltre 10 tipi diversi di <a href=\"https:\/\/thingstodoinamsterdam.com\/it\/blog\/tutto-quello-che-devi-sapere-sulluso-dei-tartufi-ad-amsterdam\/\">tartufi magici<\/a><\/li>\n<li>Alternative erboristiche e naturali alle droghe da party come l&#8217;XTC<\/li>\n<li>Sostanze psicoattive naturali, tra cui erbe e cactus<\/li>\n<li>Stimolanti sessuali biologici<\/li>\n<li>Regali originali, gadget e altro ancora<\/li>\n<\/ul>\n<p>[\/vc_column_text][\/vc_column][vc_column width=&#8221;1\/3&#8243;][vc_single_image image=&#8221;2531921&#8243; img_size=&#8221;full&#8221; alignment=&#8221;center&#8221; onclick=&#8221;img_link_large&#8221; css=&#8221;&#8221;][\/vc_column][\/vc_row][vc_row][vc_column width=&#8221;1\/3&#8243;][vc_single_image image=&#8221;2531924&#8243; img_size=&#8221;full&#8221; alignment=&#8221;center&#8221; onclick=&#8221;zoom&#8221; css=&#8221;&#8221;][\/vc_column][vc_column width=&#8221;1\/3&#8243;][vc_single_image image=&#8221;2531910&#8243; img_size=&#8221;full&#8221; alignment=&#8221;center&#8221; onclick=&#8221;custom_link&#8221; link=&#8221;https:\/\/thingstodoinamsterdam.com\/wp-content\/uploads\/2020\/11\/The-Magic-Mushroom-Gallery-discount-voucher.pdf&#8221;][\/vc_column][vc_column width=&#8221;1\/3&#8243;][vc_single_image image=&#8221;2531925&#8243; img_size=&#8221;full&#8221; alignment=&#8221;center&#8221; onclick=&#8221;img_link_large&#8221; css=&#8221;&#8221;][\/vc_column][\/vc_row][vc_row][vc_column][vc_column_text]<\/p>\n<h2><span class=\"ez-toc-section\" id=\"voucher-sconto-esclusivo\"><\/span>Voucher sconto esclusivo<span class=\"ez-toc-section-end\"><\/span><\/h2>\n<p>Hai in programma una visita a The Magic Mushroom Gallery? Scarica o stampa il nostro esclusivo voucher sconto del 10% e ottieni il 10% di sconto su tutti gli acquisti![\/vc_column_text][button title=&#8221;Ottieni il 10% di sconto su tutti gli acquisti @ The Magic Mushroom Gallery&#8221; link=&#8221;https:\/\/thingstodoinamsterdam.com\/wp-content\/uploads\/2020\/11\/The-Magic-Mushroom-Gallery-discount-voucher.pdf&#8221; icon=&#8221;&#8221; button_align=&#8221;center&#8221; target=&#8221;true&#8221; el_id=&#8221;1570179223317-e7e33b72-1f2c&#8221;][\/vc_column][\/vc_row][vc_row][vc_column][vc_column_text css=&#8221;&#8221;]<\/p>\n<h2><span class=\"ez-toc-section\" id=\"tartufi-magici\"><\/span>Tartufi magici<span class=\"ez-toc-section-end\"><\/span><\/h2>\n<p>L&#8217;articolo pi\u00f9 popolare di The Magic Mushroom Gallery \u00e8 senza dubbio il tartufo psichedelico contenente psilocibina. Questi organismi che crescono sottoterra possono essere assunti in microdosi per scopi terapeutici o in dosi maggiori per un&#8217;esperienza psichedelica. Assicurati di consultare il personale di Magic Mushroom Gallery; sapranno consigliarti il tipo di tartufo e il dosaggio corretto per garantirti un&#8217;esperienza sicura e piacevole con questi doni della natura.[\/vc_column_text][vc_single_image image=&#8221;2531922&#8243; img_size=&#8221;full&#8221; alignment=&#8221;center&#8221; onclick=&#8221;img_link_large&#8221; css=&#8221;&#8221;][vc_single_image image=&#8221;2531930&#8243; img_size=&#8221;full&#8221; alignment=&#8221;center&#8221; onclick=&#8221;img_link_large&#8221; css=&#8221;&#8221;][\/vc_column][\/vc_row][vc_row][vc_column][vc_column_text css=&#8221;&#8221;]<\/p>\n<h2><span class=\"ez-toc-section\" id=\"psichedelici-naturali-party-pill-e-xtc-erboristica\"><\/span>Psichedelici naturali, party pill e XTC erboristica<span class=\"ez-toc-section-end\"><\/span><\/h2>\n<p>Se cerchi uno sballo naturale, energia extra o un viaggio introspettivo, The Magic Mushroom Gallery vende diverse alternative a sostanze illegali come l&#8217;MDMA. Questi sballi naturali sono legali e offrono effetti simili a quelli delle droghe ricreative, con una fase di discesa pi\u00f9 lieve. Chiedi pure consiglio: il personale sar\u00e0 lieto di aiutarti.[\/vc_column_text][vc_single_image image=&#8221;2531923&#8243; img_size=&#8221;full&#8221; alignment=&#8221;center&#8221; onclick=&#8221;img_link_large&#8221; css=&#8221;&#8221;][\/vc_column][\/vc_row][vc_row][vc_column][vc_column_text css=&#8221;&#8221;]<\/p>\n<h2><span class=\"ez-toc-section\" id=\"integratori-alimentari-erboristici\"><\/span>Integratori alimentari erboristici<span class=\"ez-toc-section-end\"><\/span><\/h2>\n<p>Troverai vari rimedi naturali e integratori per migliorare il sonno, la concentrazione e l&#8217;umore. Basati su sostanze naturali, come il fungo Lion&#8217;s Mane.[\/vc_column_text][vc_single_image image=&#8221;2531926&#8243; img_size=&#8221;full&#8221; alignment=&#8221;center&#8221; onclick=&#8221;img_link_large&#8221; css=&#8221;&#8221;][\/vc_column][\/vc_row][vc_row][vc_column width=&#8221;1\/3&#8243;][vc_single_image image=&#8221;2531928&#8243; img_size=&#8221;full&#8221; alignment=&#8221;center&#8221; onclick=&#8221;img_link_large&#8221; css=&#8221;&#8221;][\/vc_column][vc_column width=&#8221;1\/3&#8243;][vc_single_image image=&#8221;2531927&#8243; img_size=&#8221;full&#8221; alignment=&#8221;center&#8221; onclick=&#8221;img_link_large&#8221; css=&#8221;&#8221;][\/vc_column][vc_column width=&#8221;1\/3&#8243;][vc_single_image image=&#8221;2531929&#8243; img_size=&#8221;full&#8221; alignment=&#8221;center&#8221; onclick=&#8221;img_link_large&#8221; css=&#8221;&#8221;][\/vc_column][\/vc_row][vc_row][vc_column][vc_column_text css=&#8221;&#8221;]<\/p>\n<h2><span class=\"ez-toc-section\" id=\"indirizzi-e-sedi\"><\/span>Indirizzi e sedi<span class=\"ez-toc-section-end\"><\/span><\/h2>\n<p>The Magic Mushroom Gallery ha attualmente due negozi in posizione centrale ad Amsterdam. Il flagship store si trova in Spuistraat 249, mentre l&#8217;altro negozio si trova sul Bloemenmarkt (il mercato dei fiori).[\/vc_column_text][g_map heading=&#8221;The Magic Mushroom Gallery &#8211; Spuistraat&#8221; el_id=&#8221;1606486865437-93102fdb-acd1&#8243;]<iframe style=\"border: 0;\" tabindex=\"0\" src=\"https:\/\/www.google.com\/maps\/embed?pb=!1m18!1m12!1m3!1d4872.4148899922375!2d4.887468496520604!3d52.36665840785079!2m3!1f0!2f0!3f0!3m2!1i1024!2i768!4f13.1!3m3!1m2!1s0x47c609c16648cc13%3A0xe89271d48fe636f2!2sThe%20Magic%20Mushroom%20Gallery!5e0!3m2!1sen!2snl!4v1606487789827!5m2!1sen!2snl\" width=\"600\" height=\"450\" frameborder=\"0\" allowfullscreen=\"allowfullscreen\" aria-hidden=\"false\"><\/iframe>[\/g_map][vc_column_text]<strong>The Magic Mushrooms Gallery &#8211; Spuistraat<br \/>\n<\/strong>Spuistraat 249<br \/>\n1012 VP<br \/>\nAmsterdam<strong><br \/>\n<\/strong><\/p>\n<p>[\/vc_column_text][g_map el_id=&#8221;1606486806910-6b1f4cdb-96ab&#8221;]<iframe style=\"border: 0;\" tabindex=\"0\" src=\"https:\/\/www.google.com\/maps\/embed?pb=!1m18!1m12!1m3!1d2033.8599295600586!2d4.890018652591216!3d52.366658502798!2m3!1f0!2f0!3f0!3m2!1i1024!2i768!4f13.1!3m3!1m2!1s0x47c609c42bd9795f%3A0x7dfad9a10bb890f8!2sThe%20Magic%20Mushroom%20Gallery!5e0!3m2!1sen!2snl!4v1606485721274!5m2!1sen!2snl\" width=\"600\" height=\"450\" frameborder=\"0\" allowfullscreen=\"allowfullscreen\" aria-hidden=\"false\"><\/iframe>[\/g_map][vc_column_text]<strong>The Magic Mushrooms Gallery &#8211; Flower Market<br \/>\n<\/strong>Singel 524<br \/>\n1017AZ<br \/>\nAmsterdam<strong><br \/>\n<\/strong><\/p>\n<p>[\/vc_column_text][\/vc_column][\/vc_row][vc_row][vc_column][reviews heading=&#8221;Recensioni di The Magic Mushroom Gallery Amsterdam&#8221; description=&#8221;Siamo sempre interessati a conoscere le esperienze dei nostri visitatori. Lascia la tua recensione qui sotto e aiuta gli altri visitatori! Cosa ne pensi di The Magic Mushroom Gallery? Sono stati in grado di rispondere alle tue domande? Lo consiglieresti ai tuoi amici? Includi tutto quello che vuoi nella tua recensione e ti preghiamo di avere pazienza perch\u00e9 controlliamo tutte le recensioni manualmente. La tua sar\u00e0 pubblicata presto!      &#8221; item_name=&#8221;Heineken Experience&#8221; item_image=&#8221;1575&#8243; item_tel=&#8221;+31 (0)20 523 9222&#8243; item_web=&#8221;https:\/\/www.heineken.com\/&#8221; item_address=&#8221;Stadhouderskade 76&#8243; item_city=&#8221;Amsterdam&#8221; item_postal_code=&#8221;1072 AE&#8221; item_country=&#8221;NLD&#8221; el_id=&#8221;1606484017463-54c18636-572d&#8221;][\/reviews][\/vc_column][\/vc_row][vc_row][vc_column][promo_block style_var=&#8221;style2&#8243; el_id=&#8221;1565013379594-e68cefa7-5151&#8243;][promo link=&#8221;url:https%3A%2F%2Fthingstodoinamsterdam.com%2Fit%2Fcrociera-canali%2Fcloud-boat-amsterdam-tour-in-barca-420-friendly-recensione%2F|title:Cloud%20Boat%20%E2%80%93%20Tour%20in%20barca%20420%20friendly%20dove%20%C3%A8%20permesso%20fumare%20|&#8221; text=&#8221;Goditi una fumata e un drink in questa rilassante crociera 420 friendly sui canali di Amsterdam&#8221; img=&#8221;2529808&#8243;][promo link=&#8221;url:https%3A%2F%2Fthingstodoinamsterdam.com%2Fit%2Fcrociera-canali%2F|title:Crociere%20sui%20canali|&#8221; text=&#8221;Scopri le migliori crociere sui canali di Amsterdam, incluse quelle 420 friendly!&#8221; img=&#8221;4189&#8243;][promo link=&#8221;url:https%3A%2F%2Fthingstodoinamsterdam.com%2Fit%2Fmusei-ad-amsterdam%2Fripleys-believe-it-or-not-amsterdam%2F|title:Ripley%27s%20Believe%20It%20or%20Not%21|&#8221; text=&#8221;Scopri alcuni dei reperti pi\u00f9 bizzarri del mondo in questo museo!&#8221; img=&#8221;2394&#8243;][\/promo_block][\/vc_column][\/vc_row]<\/p>\n<\/div>","protected":false},"excerpt":{"rendered":"<p>[vc_row][vc_column width=&#8221;2\/3&#8243;][vc_column_text]The Magic Mushroom Gallery \u00e8 uno degli smartshop pi\u00f9 antichi e rinomati della citt\u00e0, essendo presente dal 1996. Gli smartshop sono negozi che vendono\u2026<\/p>\n","protected":false},"author":1,"featured_media":2531921,"parent":2532911,"menu_order":0,"comment_status":"closed","ping_status":"closed","template":"","meta":{"footnotes":""},"class_list":["post-2531892","page","type-page","status-publish","has-post-thumbnail","hentry"],"yoast_head":"<!-- This site is optimized with the Yoast SEO plugin v27.4 - https:\/\/yoast.com\/product\/yoast-seo-wordpress\/ -->\n<title>The Magic Mushroom Gallery: recensioni, sconti e altro ancora!<\/title>\n<meta name=\"description\" content=\"The Magic Mushroom Gallery \u00e8 uno smartshop di Amsterdam che vende tartufi magici, prodotti erboristici e sostanze psicoattive. Ottieni il nostro esclusivo voucher sconto!\" \/>\n<meta name=\"robots\" content=\"index, follow, max-snippet:-1, max-image-preview:large, max-video-preview:-1\" \/>\n<link rel=\"canonical\" href=\"https:\/\/thingstodoinamsterdam.com\/it\/smartshop-ad-amsterdam\/the-magic-mushroom-gallery\/\" \/>\n<meta property=\"og:locale\" content=\"it_IT\" \/>\n<meta property=\"og:type\" content=\"article\" \/>\n<meta property=\"og:title\" content=\"The Magic Mushroom Gallery: recensioni, sconti e altro ancora!\" \/>\n<meta property=\"og:description\" content=\"The Magic Mushroom Gallery \u00e8 uno smartshop di Amsterdam che vende tartufi magici, prodotti erboristici e sostanze psicoattive. Ottieni il nostro esclusivo voucher sconto!\" \/>\n<meta property=\"og:url\" content=\"https:\/\/thingstodoinamsterdam.com\/it\/smartshop-ad-amsterdam\/the-magic-mushroom-gallery\/\" \/>\n<meta property=\"og:site_name\" content=\"ThingstodoinAmsterdam.com\" \/>\n<meta property=\"article:publisher\" content=\"https:\/\/www.facebook.com\/thingstodoinamsterdamcom\" \/>\n<meta property=\"article:modified_time\" content=\"2026-04-04T08:01:08+00:00\" \/>\n<meta property=\"og:image\" content=\"https:\/\/thingstodoinamsterdam.com\/wp-content\/uploads\/2026\/02\/The-Magic-Mushroom-Gallery-smartshop-Storefront-Spuistraat.jpg\" \/>\n\t<meta property=\"og:image:width\" content=\"1200\" \/>\n\t<meta property=\"og:image:height\" content=\"903\" \/>\n\t<meta property=\"og:image:type\" content=\"image\/jpeg\" \/>\n<meta name=\"twitter:card\" content=\"summary_large_image\" \/>\n<meta name=\"twitter:label1\" content=\"Tempo di lettura stimato\" \/>\n\t<meta name=\"twitter:data1\" content=\"5 minuti\" \/>\n<script type=\"application\/ld+json\" class=\"yoast-schema-graph\">{\"@context\":\"https:\\\/\\\/schema.org\",\"@graph\":[{\"@type\":\"WebPage\",\"@id\":\"https:\\\/\\\/thingstodoinamsterdam.com\\\/it\\\/smartshop-ad-amsterdam\\\/the-magic-mushroom-gallery\\\/\",\"url\":\"https:\\\/\\\/thingstodoinamsterdam.com\\\/it\\\/smartshop-ad-amsterdam\\\/the-magic-mushroom-gallery\\\/\",\"name\":\"The Magic Mushroom Gallery: recensioni, sconti e altro ancora!\",\"isPartOf\":{\"@id\":\"https:\\\/\\\/thingstodoinamsterdam.com\\\/it\\\/#website\"},\"primaryImageOfPage\":{\"@id\":\"https:\\\/\\\/thingstodoinamsterdam.com\\\/it\\\/smartshop-ad-amsterdam\\\/the-magic-mushroom-gallery\\\/#primaryimage\"},\"image\":{\"@id\":\"https:\\\/\\\/thingstodoinamsterdam.com\\\/it\\\/smartshop-ad-amsterdam\\\/the-magic-mushroom-gallery\\\/#primaryimage\"},\"thumbnailUrl\":\"https:\\\/\\\/thingstodoinamsterdam.com\\\/wp-content\\\/uploads\\\/2026\\\/02\\\/The-Magic-Mushroom-Gallery-smartshop-Storefront-Spuistraat.jpg\",\"datePublished\":\"2026-02-13T09:44:50+00:00\",\"dateModified\":\"2026-04-04T08:01:08+00:00\",\"description\":\"The Magic Mushroom Gallery \u00e8 uno smartshop di Amsterdam che vende tartufi magici, prodotti erboristici e sostanze psicoattive. Ottieni il nostro esclusivo voucher sconto!\",\"breadcrumb\":{\"@id\":\"https:\\\/\\\/thingstodoinamsterdam.com\\\/it\\\/smartshop-ad-amsterdam\\\/the-magic-mushroom-gallery\\\/#breadcrumb\"},\"inLanguage\":\"it-IT\",\"potentialAction\":[{\"@type\":\"ReadAction\",\"target\":[\"https:\\\/\\\/thingstodoinamsterdam.com\\\/it\\\/smartshop-ad-amsterdam\\\/the-magic-mushroom-gallery\\\/\"]}]},{\"@type\":\"ImageObject\",\"inLanguage\":\"it-IT\",\"@id\":\"https:\\\/\\\/thingstodoinamsterdam.com\\\/it\\\/smartshop-ad-amsterdam\\\/the-magic-mushroom-gallery\\\/#primaryimage\",\"url\":\"https:\\\/\\\/thingstodoinamsterdam.com\\\/wp-content\\\/uploads\\\/2026\\\/02\\\/The-Magic-Mushroom-Gallery-smartshop-Storefront-Spuistraat.jpg\",\"contentUrl\":\"https:\\\/\\\/thingstodoinamsterdam.com\\\/wp-content\\\/uploads\\\/2026\\\/02\\\/The-Magic-Mushroom-Gallery-smartshop-Storefront-Spuistraat.jpg\",\"width\":1200,\"height\":903,\"caption\":\"Smartshop The Magic Mushroom Gallery - Vetrina Spuistraat\"},{\"@type\":\"BreadcrumbList\",\"@id\":\"https:\\\/\\\/thingstodoinamsterdam.com\\\/it\\\/smartshop-ad-amsterdam\\\/the-magic-mushroom-gallery\\\/#breadcrumb\",\"itemListElement\":[{\"@type\":\"ListItem\",\"position\":1,\"name\":\"Cose da fare ad Amsterdam\",\"item\":\"https:\\\/\\\/thingstodoinamsterdam.com\\\/it\\\/\"},{\"@type\":\"ListItem\",\"position\":2,\"name\":\"Smartshop ad Amsterdam\",\"item\":\"https:\\\/\\\/thingstodoinamsterdam.com\\\/it\\\/smartshop-ad-amsterdam\\\/\"},{\"@type\":\"ListItem\",\"position\":3,\"name\":\"The Magic Mushroom Gallery\"}]},{\"@type\":\"WebSite\",\"@id\":\"https:\\\/\\\/thingstodoinamsterdam.com\\\/it\\\/#website\",\"url\":\"https:\\\/\\\/thingstodoinamsterdam.com\\\/it\\\/\",\"name\":\"ThingstodoinAmsterdam.com\",\"description\":\"Amsterdam&#039;s highlights and hidden secrets\",\"publisher\":{\"@id\":\"https:\\\/\\\/thingstodoinamsterdam.com\\\/it\\\/#organization\"},\"potentialAction\":[{\"@type\":\"SearchAction\",\"target\":{\"@type\":\"EntryPoint\",\"urlTemplate\":\"https:\\\/\\\/thingstodoinamsterdam.com\\\/it\\\/?s={search_term_string}\"},\"query-input\":{\"@type\":\"PropertyValueSpecification\",\"valueRequired\":true,\"valueName\":\"search_term_string\"}}],\"inLanguage\":\"it-IT\"},{\"@type\":\"Organization\",\"@id\":\"https:\\\/\\\/thingstodoinamsterdam.com\\\/it\\\/#organization\",\"name\":\"Cose da fare ad Amsterdam\",\"url\":\"https:\\\/\\\/thingstodoinamsterdam.com\\\/it\\\/\",\"logo\":{\"@type\":\"ImageObject\",\"inLanguage\":\"it-IT\",\"@id\":\"https:\\\/\\\/thingstodoinamsterdam.com\\\/it\\\/#\\\/schema\\\/logo\\\/image\\\/\",\"url\":\"https:\\\/\\\/thingstodoinamsterdam.com\\\/wp-content\\\/uploads\\\/2025\\\/02\\\/ThingsToDoInAmsterdam-Favicon-logo.png\",\"contentUrl\":\"https:\\\/\\\/thingstodoinamsterdam.com\\\/wp-content\\\/uploads\\\/2025\\\/02\\\/ThingsToDoInAmsterdam-Favicon-logo.png\",\"width\":512,\"height\":512,\"caption\":\"Cose da fare ad Amsterdam\"},\"image\":{\"@id\":\"https:\\\/\\\/thingstodoinamsterdam.com\\\/it\\\/#\\\/schema\\\/logo\\\/image\\\/\"},\"sameAs\":[\"https:\\\/\\\/www.facebook.com\\\/thingstodoinamsterdamcom\"]}]}<\/script>\n<!-- \/ Yoast SEO plugin. -->","yoast_head_json":{"title":"The Magic Mushroom Gallery: recensioni, sconti e altro ancora!","description":"The Magic Mushroom Gallery \u00e8 uno smartshop di Amsterdam che vende tartufi magici, prodotti erboristici e sostanze psicoattive. Ottieni il nostro esclusivo voucher sconto!","robots":{"index":"index","follow":"follow","max-snippet":"max-snippet:-1","max-image-preview":"max-image-preview:large","max-video-preview":"max-video-preview:-1"},"canonical":"https:\/\/thingstodoinamsterdam.com\/it\/smartshop-ad-amsterdam\/the-magic-mushroom-gallery\/","og_locale":"it_IT","og_type":"article","og_title":"The Magic Mushroom Gallery: recensioni, sconti e altro ancora!","og_description":"The Magic Mushroom Gallery \u00e8 uno smartshop di Amsterdam che vende tartufi magici, prodotti erboristici e sostanze psicoattive. Ottieni il nostro esclusivo voucher sconto!","og_url":"https:\/\/thingstodoinamsterdam.com\/it\/smartshop-ad-amsterdam\/the-magic-mushroom-gallery\/","og_site_name":"ThingstodoinAmsterdam.com","article_publisher":"https:\/\/www.facebook.com\/thingstodoinamsterdamcom","article_modified_time":"2026-04-04T08:01:08+00:00","og_image":[{"width":1200,"height":903,"url":"https:\/\/thingstodoinamsterdam.com\/wp-content\/uploads\/2026\/02\/The-Magic-Mushroom-Gallery-smartshop-Storefront-Spuistraat.jpg","type":"image\/jpeg"}],"twitter_card":"summary_large_image","twitter_misc":{"Tempo di lettura stimato":"5 minuti"},"schema":{"@context":"https:\/\/schema.org","@graph":[{"@type":"WebPage","@id":"https:\/\/thingstodoinamsterdam.com\/it\/smartshop-ad-amsterdam\/the-magic-mushroom-gallery\/","url":"https:\/\/thingstodoinamsterdam.com\/it\/smartshop-ad-amsterdam\/the-magic-mushroom-gallery\/","name":"The Magic Mushroom Gallery: recensioni, sconti e altro ancora!","isPartOf":{"@id":"https:\/\/thingstodoinamsterdam.com\/it\/#website"},"primaryImageOfPage":{"@id":"https:\/\/thingstodoinamsterdam.com\/it\/smartshop-ad-amsterdam\/the-magic-mushroom-gallery\/#primaryimage"},"image":{"@id":"https:\/\/thingstodoinamsterdam.com\/it\/smartshop-ad-amsterdam\/the-magic-mushroom-gallery\/#primaryimage"},"thumbnailUrl":"https:\/\/thingstodoinamsterdam.com\/wp-content\/uploads\/2026\/02\/The-Magic-Mushroom-Gallery-smartshop-Storefront-Spuistraat.jpg","datePublished":"2026-02-13T09:44:50+00:00","dateModified":"2026-04-04T08:01:08+00:00","description":"The Magic Mushroom Gallery \u00e8 uno smartshop di Amsterdam che vende tartufi magici, prodotti erboristici e sostanze psicoattive. Ottieni il nostro esclusivo voucher sconto!","breadcrumb":{"@id":"https:\/\/thingstodoinamsterdam.com\/it\/smartshop-ad-amsterdam\/the-magic-mushroom-gallery\/#breadcrumb"},"inLanguage":"it-IT","potentialAction":[{"@type":"ReadAction","target":["https:\/\/thingstodoinamsterdam.com\/it\/smartshop-ad-amsterdam\/the-magic-mushroom-gallery\/"]}]},{"@type":"ImageObject","inLanguage":"it-IT","@id":"https:\/\/thingstodoinamsterdam.com\/it\/smartshop-ad-amsterdam\/the-magic-mushroom-gallery\/#primaryimage","url":"https:\/\/thingstodoinamsterdam.com\/wp-content\/uploads\/2026\/02\/The-Magic-Mushroom-Gallery-smartshop-Storefront-Spuistraat.jpg","contentUrl":"https:\/\/thingstodoinamsterdam.com\/wp-content\/uploads\/2026\/02\/The-Magic-Mushroom-Gallery-smartshop-Storefront-Spuistraat.jpg","width":1200,"height":903,"caption":"Smartshop The Magic Mushroom Gallery - Vetrina Spuistraat"},{"@type":"BreadcrumbList","@id":"https:\/\/thingstodoinamsterdam.com\/it\/smartshop-ad-amsterdam\/the-magic-mushroom-gallery\/#breadcrumb","itemListElement":[{"@type":"ListItem","position":1,"name":"Cose da fare ad Amsterdam","item":"https:\/\/thingstodoinamsterdam.com\/it\/"},{"@type":"ListItem","position":2,"name":"Smartshop ad Amsterdam","item":"https:\/\/thingstodoinamsterdam.com\/it\/smartshop-ad-amsterdam\/"},{"@type":"ListItem","position":3,"name":"The Magic Mushroom Gallery"}]},{"@type":"WebSite","@id":"https:\/\/thingstodoinamsterdam.com\/it\/#website","url":"https:\/\/thingstodoinamsterdam.com\/it\/","name":"ThingstodoinAmsterdam.com","description":"Amsterdam&#039;s highlights and hidden secrets","publisher":{"@id":"https:\/\/thingstodoinamsterdam.com\/it\/#organization"},"potentialAction":[{"@type":"SearchAction","target":{"@type":"EntryPoint","urlTemplate":"https:\/\/thingstodoinamsterdam.com\/it\/?s={search_term_string}"},"query-input":{"@type":"PropertyValueSpecification","valueRequired":true,"valueName":"search_term_string"}}],"inLanguage":"it-IT"},{"@type":"Organization","@id":"https:\/\/thingstodoinamsterdam.com\/it\/#organization","name":"Cose da fare ad Amsterdam","url":"https:\/\/thingstodoinamsterdam.com\/it\/","logo":{"@type":"ImageObject","inLanguage":"it-IT","@id":"https:\/\/thingstodoinamsterdam.com\/it\/#\/schema\/logo\/image\/","url":"https:\/\/thingstodoinamsterdam.com\/wp-content\/uploads\/2025\/02\/ThingsToDoInAmsterdam-Favicon-logo.png","contentUrl":"https:\/\/thingstodoinamsterdam.com\/wp-content\/uploads\/2025\/02\/ThingsToDoInAmsterdam-Favicon-logo.png","width":512,"height":512,"caption":"Cose da fare ad Amsterdam"},"image":{"@id":"https:\/\/thingstodoinamsterdam.com\/it\/#\/schema\/logo\/image\/"},"sameAs":["https:\/\/www.facebook.com\/thingstodoinamsterdamcom"]}]}},"_links":{"self":[{"href":"https:\/\/thingstodoinamsterdam.com\/it\/wp-json\/wp\/v2\/pages\/2531892","targetHints":{"allow":["GET"]}}],"collection":[{"href":"https:\/\/thingstodoinamsterdam.com\/it\/wp-json\/wp\/v2\/pages"}],"about":[{"href":"https:\/\/thingstodoinamsterdam.com\/it\/wp-json\/wp\/v2\/types\/page"}],"author":[{"embeddable":true,"href":"https:\/\/thingstodoinamsterdam.com\/it\/wp-json\/wp\/v2\/users\/1"}],"replies":[{"embeddable":true,"href":"https:\/\/thingstodoinamsterdam.com\/it\/wp-json\/wp\/v2\/comments?post=2531892"}],"version-history":[{"count":5,"href":"https:\/\/thingstodoinamsterdam.com\/it\/wp-json\/wp\/v2\/pages\/2531892\/revisions"}],"predecessor-version":[{"id":2539213,"href":"https:\/\/thingstodoinamsterdam.com\/it\/wp-json\/wp\/v2\/pages\/2531892\/revisions\/2539213"}],"up":[{"embeddable":true,"href":"https:\/\/thingstodoinamsterdam.com\/it\/wp-json\/wp\/v2\/pages\/2532911"}],"wp:featuredmedia":[{"embeddable":true,"href":"https:\/\/thingstodoinamsterdam.com\/it\/wp-json\/wp\/v2\/media\/2531921"}],"wp:attachment":[{"href":"https:\/\/thingstodoinamsterdam.com\/it\/wp-json\/wp\/v2\/media?parent=2531892"}],"curies":[{"name":"wp","href":"https:\/\/api.w.org\/{rel}","templated":true}]}}