{"id":2532074,"date":"2026-02-13T10:47:02","date_gmt":"2026-02-13T09:47:02","guid":{"rendered":"https:\/\/thingstodoinamsterdam.com\/tour-dei-canali-stromma\/noleggio-pedalo-stromma-ad-amsterdam-recensione\/"},"modified":"2026-03-11T17:30:22","modified_gmt":"2026-03-11T16:30:22","slug":"noleggio-pedalo-stromma-ad-amsterdam-recensione","status":"publish","type":"page","link":"https:\/\/thingstodoinamsterdam.com\/it\/crociera-canali\/stromma-canal-tours\/noleggio-pedalo-stromma-ad-amsterdam-recensione\/","title":{"rendered":"Noleggio pedal\u00f2 Stromma ad Amsterdam \u2013 recensione"},"content":{"rendered":"<div class=\"wpb-content-wrapper\"><p>[vc_row][vc_column][buttonsticky title=&#8221;Prenota il tuo giro in pedal\u00f2 direttamente su Stromma.com&#8221; link=&#8221;https:\/\/thingstodoinamsterdam.com\/ticketlink-canalpedalboat-stromma-std&#8221; target=&#8221;true&#8221; nofollow=&#8221;true&#8221; el_id=&#8221;1724745141084-5f11133a-3054&#8243;][\/vc_column][\/vc_row][vc_row][vc_column width=&#8221;2\/3&#8243;][vc_column_text css=&#8221;&#8221;]Uno dei modi pi\u00f9 originali \u2014 ed energici \u2014 per vivere i pittoreschi canali e le vie d&#8217;acqua di Amsterdam \u00e8 a bordo di un pedal\u00f2 Stromma. \u00c8 un&#8217;opportunit\u00e0 per esplorare la bellezza della citt\u00e0 in modo diverso, al tuo ritmo, ammirando tutte le attrazioni sia da terra che dall&#8217;acqua.<\/p>\n<p>Sebbene ci siano molti fantastici <a href=\"https:\/\/thingstodoinamsterdam.com\/it\/crociera-canali\/\">tour dei canali ad Amsterdam<\/a>, su un pedal\u00f2 sei vicino all&#8217;acqua, hai una visuale completa di ci\u00f2 che ti circonda e puoi giocare a fare il &#8220;capitano&#8221;, avendo il pieno controllo del tuo percorso. \u00c8 anche un ottimo esercizio fisico e, poich\u00e9 non utilizza carburante o elettricit\u00e0, \u00e8 uno dei modi pi\u00f9 ecologici per navigare ad Amsterdam. Se ti piace l&#8217;idea di esplorare i canali di Amsterdam in autonomia ma non sei sicuro del pedal\u00f2, puoi anche <a href=\"https:\/\/thingstodoinamsterdam.com\/it\/crociera-canali\/noleggia-una-barca-ad-amsterdam\/\">noleggiare una piccola barca elettrica<\/a>.<\/p>\n<p>In questo articolo ti spiegheremo meglio cosa aspettarti dal giro in pedal\u00f2 Stromma, ti daremo dei consigli e ti indicheremo i luoghi di interesse da vedere lungo il percorso. Dato che abbiamo testato personalmente l&#8217;esperienza del pedal\u00f2, puoi anche passare direttamente alla nostra <a href=\"https:\/\/thingstodoinamsterdam.com\/it\/tour-dei-canali-stromma\/noleggio-pedalo-stromma-ad-amsterdam-recensione\/#review\">recensione<\/a>.<\/p>\n<p>[\/vc_column_text][\/vc_column][vc_column width=&#8221;1\/3&#8243;][vc_single_image image=&#8221;2532075&#8243; img_size=&#8221;full&#8221; alignment=&#8221;center&#8221;][\/vc_column][\/vc_row][vc_row][vc_column][button title=&#8221;Book your pedal boat ride directly at Stromma.com&#8221; link=&#8221;https:\/\/thingstodoinamsterdam.com\/ticketlink-canalpedalboat-stromma-std&#8221; icon=&#8221;fas fa-angle-double-right&#8221; button_align=&#8221;center&#8221; target=&#8221;true&#8221; nofollow=&#8221;true&#8221; el_id=&#8221;1715359069789-13c6ea6d-a6f7&#8243;][vc_column_text css=&#8221;&#8221;]<\/p>\n<p style=\"text-align: center;\">\u2013 Offriamo uno sconto esclusivo che si attiva automaticamente tramite il link qui sopra \u2013<\/p>\n<p>[\/vc_column_text][\/vc_column][\/vc_row][vc_row][vc_column width=&#8221;1\/2&#8243;][vc_single_image image=&#8221;2532076&#8243; img_size=&#8221;full&#8221; alignment=&#8221;center&#8221;][vc_column_text]<em>Il punto di partenza Stromma presso il Rijksmuseum. Qui puoi anche acquistare biglietti, bevande, snack e souvenir. <\/em>[\/vc_column_text][\/vc_column][vc_column width=&#8221;1\/2&#8243;][vc_single_image image=&#8221;2532077&#8243; img_size=&#8221;full&#8221; alignment=&#8221;center&#8221;][vc_column_text]<em>I pedal\u00f2 allineati.<\/em>[\/vc_column_text][\/vc_column][\/vc_row][vc_row][vc_column width=&#8221;2\/3&#8243;][vc_column_text]<\/p>\n<h2>Cos&#8217;\u00e8 un pedal\u00f2?<\/h2>\n<p>Un pedal\u00f2 \u00e8 un&#8217;imbarcazione a propulsione umana dotata di pedali, simili a quelli di una bicicletta. Di solito ci sono due sedili anteriori e due posteriori; i passeggeri anteriori pedalano, spingendo l&#8217;imbarcazione in avanti o all&#8217;indietro.<\/p>\n<p>C&#8217;\u00e8 un semplice meccanismo di sterzo che controlla la direzione della barca. Sui pedal\u00f2 <a href=\"https:\/\/thingstodoinamsterdam.com\/it\/tour-dei-canali-stromma\/\">Stromma<\/a>, si sterza con una maniglia. I pedal\u00f2 sono tipicamente realizzati con materiali resistenti e leggeri come plastica o vetroresina, in modo da essere facili da manovrare e galleggianti.<\/p>\n<h2>Panoramica del pedal\u00f2 Stromma ad Amsterdam<\/h2>\n<p>Il giro in pedal\u00f2 Stromma ti permette di navigare tra i canali di Amsterdam al tuo ritmo. Ognuna delle loro imbarcazioni pu\u00f2 ospitare fino a quattro persone, rendendola un&#8217;attivit\u00e0 adatta a coppie, famiglie o piccoli gruppi di amici.<\/p>\n<p>Le barche sono facili da usare e non \u00e8 necessaria alcuna esperienza di navigazione precedente o una patente nautica. Infatti, anche i bambini che hanno un diploma di nuoto e riescono a raggiungere i pedali possono salire a bordo.<\/p>\n<p>[\/vc_column_text][\/vc_column][vc_column width=&#8221;1\/3&#8243;][vc_single_image image=&#8221;2532078&#8243; img_size=&#8221;full&#8221; alignment=&#8221;center&#8221;][vc_column_text]<em>Su ogni barca troverai istruzioni e regole da seguire.<\/em>[\/vc_column_text][\/vc_column][\/vc_row][vc_row][vc_column width=&#8221;2\/3&#8243;][vc_column_text]<\/p>\n<h2>Cosa c&#8217;\u00e8 da sapere<\/h2>\n<ul>\n<li><strong>Punti di partenza<\/strong>: ci sono quattro localit\u00e0 da cui puoi partire: Rijksmuseum, Leidseplein, Keizersgracht e Casa di Anna Frank. La scelta dipender\u00e0 dalla comodit\u00e0 e dalla zona o dai monumenti che desideri vedere. Per orientarti, dai un&#8217;occhiata alla mappa qui sotto con ogni punto di partenza e scopri cosa c&#8217;\u00e8 nelle vicinanze. Tra i luoghi principali ci sono il quartiere Jordaan, il <a href=\"https:\/\/thingstodoinamsterdam.com\/it\/quartiere-a-luci-rosse\/\">Quartiere a Luci Rosse<\/a>, l&#8217;Hermitage, la Westerkerk, il Blauwbrug (Ponte Blu), lo <a href=\"https:\/\/thingstodoinamsterdam.com\/it\/blog\/i-ponti-da-vedere-assolutamente-ad-amsterdam\/\">Skinny Bridge<\/a> (Magere Brug) e altro ancora.<\/li>\n<li><strong>Durata:<\/strong> puoi noleggiare i pedal\u00f2 per un minimo di un&#8217;ora.<\/li>\n<li><strong>Prenotazione<\/strong>: \u00e8 consigliabile <a href=\"https:\/\/thingstodoinamsterdam.com\/ticketlink-canalpedalboat-stromma-std\" target=\"_blank\" rel=\"nofollow noopener\">prenotare online<\/a> o presso uno degli uffici Stromma in anticipo per assicurarsi la disponibilit\u00e0.<\/li>\n<li><strong>Istruzioni:<\/strong> le istruzioni sono affisse su ogni barca e un membro del team Stromma ti fornir\u00e0 un briefing sulla sicurezza e sulle linee guida operative prima della partenza.<\/li>\n<li><strong>Snack e bevande:<\/strong> puoi portare con te degli snack e delle bevande analcoliche; inoltre, presso la biglietteria Stromma ai punti di partenza sono in vendita dei rinfreschi.<\/li>\n<li><strong>Scegli le scarpe con saggezza<\/strong>: se pedali davanti, considera di indossare scarpe aperte poich\u00e9 potrebbe esserci un po&#8217; d&#8217;acqua sul fondo della barca.<\/li>\n<li><strong>Segui l&#8217;etichetta dei canali<\/strong>: fai attenzione alle altre barche e segui le regole base dei canali. Mantieni la destra e dai la precedenza alle imbarcazioni pi\u00f9 grandi.<\/li>\n<\/ul>\n<p>[\/vc_column_text][\/vc_column][vc_column width=&#8221;1\/3&#8243;][vc_single_image image=&#8221;2532079&#8243; img_size=&#8221;full&#8221; alignment=&#8221;center&#8221;][vc_column_text]<em>Qualunque sia il tuo punto di partenza, godrai di splendide viste sulla citt\u00e0.<\/em>[\/vc_column_text][\/vc_column][\/vc_row][vc_row][vc_column][g_map el_id=&#8221;1726220018424-faf027df-fb23&#8243;]<iframe src=\"https:\/\/www.google.com\/maps\/d\/embed?mid=1frxyg0tPlO_yETlCyG2qLvKrbWyrDPo&amp;ehbc=2E312F\" width=\"640\" height=\"480\"><\/iframe>[\/g_map][\/vc_column][\/vc_row][vc_row][vc_column width=&#8221;1\/2&#8243;][vc_single_image image=&#8221;2532080&#8243; img_size=&#8221;full&#8221; alignment=&#8221;center&#8221;][vc_column_text]<em>Mentre pedali, puoi ammirare edifici meravigliosi e la vita del quartiere.<\/em>[\/vc_column_text][\/vc_column][vc_column width=&#8221;1\/2&#8243;][vc_single_image image=&#8221;2532081&#8243; img_size=&#8221;full&#8221; alignment=&#8221;center&#8221;][vc_column_text]<em>\u00c8 divertente essere cos\u00ec vicini all&#8217;acqua e avere una visuale libera tutto intorno.<\/em>[\/vc_column_text][\/vc_column][\/vc_row][vc_row][vc_column width=&#8221;2\/3&#8243;][vc_column_text]<\/p>\n<h2 id=\"review\">La nostra esperienza<\/h2>\n<p>Siamo partiti dal Rijksmuseum ed \u00e8 stata un&#8217;ottima scelta perch\u00e9 abbiamo esplorato parti della citt\u00e0 dall&#8217;acqua che non avevamo mai visto prima. Dato che la maggior parte dei giri in barca parte dalla zona della <a href=\"https:\/\/thingstodoinamsterdam.com\/it\/trasporti-ad-amsterdam\/stazione-centrale-di-amsterdam\/\">Stazione Centrale di Amsterdam<\/a>, \u00e8 stato piacevole trovarsi in un punto diverso dei canali.<\/p>\n<p>Essere cos\u00ec vicini all&#8217;acqua \u00e8 divertente e, anche se si fa un po&#8217; di fatica a pedalare, \u00e8 comunque molto rilassante. Non serve molta coordinazione o forma fisica per pedalare, ma \u00e8 utile che entrambi i passeggeri davanti pedalino, poich\u00e9 pu\u00f2 essere faticoso con un solo paio di gambe.<\/p>\n<p>Inizialmente temevamo di perderci o di non tornare in tempo, ma \u00e8 stato tutto molto semplice: dopo mezz&#8217;ora dalla partenza, abbiamo semplicemente fatto inversione e siamo tornati puntuali.<\/p>\n<p>Abbiamo amato la flessibilit\u00e0 e la possibilit\u00e0 di controllare il nostro percorso e i tempi, e ci \u00e8 piaciuto osservare ogni tipo di imbarcazione nelle vicinanze, insieme ai meravigliosi siti intorno a noi. Mi sarebbe piaciuto poter pedalare pi\u00f9 a lungo, anche solo per un&#8217;altra mezz&#8217;ora.<\/p>\n<p>\u00c8 un&#8217;esperienza che ripeterei volentieri e mi piacerebbe provare i punti di partenza di Keizersgracht e della Casa di Anna Frank. Esistono anche incredibili giri in pedal\u00f2 Stromma a Utrecht, che durano un&#8217;ora e mezza.[\/vc_column_text][\/vc_column][vc_column width=&#8221;1\/3&#8243;][vc_single_image image=&#8221;2532082&#8243; img_size=&#8221;full&#8221; alignment=&#8221;center&#8221;][vc_column_text]Il panorama da un pedal\u00f2 regala foto bellissime \u2014 e ricordi indimenticabili.[\/vc_column_text][\/vc_column][\/vc_row][vc_row][vc_column width=&#8221;1\/2&#8243;][vc_single_image image=&#8221;2532083&#8243; img_size=&#8221;full&#8221; alignment=&#8221;center&#8221;][vc_column_text]<em>Il bellissimo Rijksmuseum<\/em>[\/vc_column_text][\/vc_column][vc_column width=&#8221;1\/2&#8243;][vc_single_image image=&#8221;2532084&#8243; img_size=&#8221;full&#8221; alignment=&#8221;center&#8221;][vc_column_text]<em>A seconda del percorso, probabilmente passerai sotto diversi ponti<\/em>[\/vc_column_text][\/vc_column][\/vc_row][vc_row][vc_column width=&#8221;1\/2&#8243;][vc_single_image image=&#8221;2532085&#8243; img_size=&#8221;full&#8221; alignment=&#8221;center&#8221;][vc_column_text][\/vc_column_text][vc_column_text]Nelle giornate di sole, il pedal\u00f2 \u00e8 uno dei posti migliori in cui stare \u2014 non dimenticare la crema solare![\/vc_column_text][\/vc_column][vc_column width=&#8221;1\/2&#8243;][vc_single_image image=&#8221;2531874&#8243; img_size=&#8221;full&#8221; add_caption=&#8221;yes&#8221; alignment=&#8221;center&#8221;][vc_column_text]I pedal\u00f2 sono un mezzo di trasporto popolare ad Amsterdam dal 1984.[\/vc_column_text][\/vc_column][\/vc_row][vc_row][vc_column][button title=&#8221;Book your day time canal cruise directly at Stromma.com&#8221; link=&#8221;https:\/\/thingstodoinamsterdam.com\/ticketlink-canalpedalboat-stromma-std&#8221; icon=&#8221;fas fa-angle-double-right&#8221; button_align=&#8221;center&#8221; target=&#8221;true&#8221; nofollow=&#8221;true&#8221; el_id=&#8221;1715359602038-1888ca03-25a3&#8243;][vc_column_text css=&#8221;&#8221;]<\/p>\n<p style=\"text-align: center;\">\u2013 Offriamo uno sconto esclusivo che si attiva automaticamente tramite il link qui sopra \u2013<\/p>\n<p>[\/vc_column_text][\/vc_column][\/vc_row][vc_row][vc_column][reviews heading=&#8221;Stromma Pedal Boat Amsterdam 1-hour canal cruise reviews&#8221; description=&#8221;Have you been on the 1-hour pedal boat trip by Stromma? Tell us and fellow travellers about your experience! How did you like the cruise? Did it live up to your expectations? Would you recommend this cruise to others or would ryou ecommend a different one? Let us know below!&#8221; item_name=&#8221;Stromma Netherlands&#8221; item_tel=&#8221;+31 20 217 0501&#8243; item_web=&#8221;https:\/\/www.stromma.com\/en-nl\/amsterdam\/&#8221; item_address=&#8221;Keizersgracht 270&#8243; item_city=&#8221;Amsterdam&#8221; item_postal_code=&#8221;1016 EV&#8221; item_country=&#8221;NL&#8221; el_id=&#8221;1715686148341-8d645a2d-144b&#8221;][\/reviews][\/vc_column][\/vc_row]<\/p>\n<\/div>","protected":false},"excerpt":{"rendered":"<p>[vc_row][vc_column][buttonsticky title=&#8221;Prenota il tuo giro in pedal\u00f2 direttamente su Stromma.com&#8221; link=&#8221;https:\/\/thingstodoinamsterdam.com\/ticketlink-canalpedalboat-stromma-std&#8221; target=&#8221;true&#8221; nofollow=&#8221;true&#8221; el_id=&#8221;1724745141084-5f11133a-3054&#8243;][\/vc_column][\/vc_row][vc_row][vc_column width=&#8221;2\/3&#8243;][vc_column_text css=&#8221;&#8221;]Uno dei modi pi\u00f9 originali \u2014 ed energici \u2014 per\u2026<\/p>\n","protected":false},"author":33,"featured_media":2531874,"parent":2531944,"menu_order":0,"comment_status":"closed","ping_status":"closed","template":"","meta":{"footnotes":""},"class_list":["post-2532074","page","type-page","status-publish","has-post-thumbnail","hentry"],"yoast_head":"<!-- This site is optimized with the Yoast SEO plugin v27.4 - https:\/\/yoast.com\/product\/yoast-seo-wordpress\/ -->\n<title>Noleggio pedal\u00f2 Stromma ad Amsterdam \u2013 recensione<\/title>\n<meta name=\"description\" content=\"Scopri Amsterdam dall&#039;acqua con un giro in pedal\u00f2 Stromma: divertente, ecologico e perfetto per esplorare i suggestivi canali della citt\u00e0!\" \/>\n<meta name=\"robots\" content=\"index, follow, max-snippet:-1, max-image-preview:large, max-video-preview:-1\" \/>\n<link rel=\"canonical\" href=\"https:\/\/thingstodoinamsterdam.com\/it\/crociera-canali\/stromma-canal-tours\/noleggio-pedalo-stromma-ad-amsterdam-recensione\/\" \/>\n<meta property=\"og:locale\" content=\"it_IT\" \/>\n<meta property=\"og:type\" content=\"article\" \/>\n<meta property=\"og:title\" content=\"Noleggio pedal\u00f2 Stromma ad Amsterdam \u2013 recensione\" \/>\n<meta property=\"og:description\" content=\"Scopri Amsterdam dall&#039;acqua con un giro in pedal\u00f2 Stromma: divertente, ecologico e perfetto per esplorare i suggestivi canali della citt\u00e0!\" \/>\n<meta property=\"og:url\" content=\"https:\/\/thingstodoinamsterdam.com\/it\/crociera-canali\/stromma-canal-tours\/noleggio-pedalo-stromma-ad-amsterdam-recensione\/\" \/>\n<meta property=\"og:site_name\" content=\"ThingstodoinAmsterdam.com\" \/>\n<meta property=\"article:publisher\" content=\"https:\/\/www.facebook.com\/thingstodoinamsterdamcom\" \/>\n<meta property=\"article:modified_time\" content=\"2026-03-11T16:30:22+00:00\" \/>\n<meta property=\"og:image\" content=\"https:\/\/thingstodoinamsterdam.com\/wp-content\/uploads\/2024\/07\/Pedal_Boats_in_a_Row_Resized.jpg\" \/>\n\t<meta property=\"og:image:width\" content=\"1200\" \/>\n\t<meta property=\"og:image:height\" content=\"900\" \/>\n\t<meta property=\"og:image:type\" content=\"image\/jpeg\" \/>\n<meta name=\"twitter:card\" content=\"summary_large_image\" \/>\n<meta name=\"twitter:label1\" content=\"Tempo di lettura stimato\" \/>\n\t<meta name=\"twitter:data1\" content=\"6 minuti\" \/>\n<script type=\"application\/ld+json\" class=\"yoast-schema-graph\">{\"@context\":\"https:\\\/\\\/schema.org\",\"@graph\":[{\"@type\":\"WebPage\",\"@id\":\"https:\\\/\\\/thingstodoinamsterdam.com\\\/it\\\/crociera-canali\\\/stromma-canal-tours\\\/noleggio-pedalo-stromma-ad-amsterdam-recensione\\\/\",\"url\":\"https:\\\/\\\/thingstodoinamsterdam.com\\\/it\\\/crociera-canali\\\/stromma-canal-tours\\\/noleggio-pedalo-stromma-ad-amsterdam-recensione\\\/\",\"name\":\"Noleggio pedal\u00f2 Stromma ad Amsterdam \u2013 recensione\",\"isPartOf\":{\"@id\":\"https:\\\/\\\/thingstodoinamsterdam.com\\\/it\\\/#website\"},\"primaryImageOfPage\":{\"@id\":\"https:\\\/\\\/thingstodoinamsterdam.com\\\/it\\\/crociera-canali\\\/stromma-canal-tours\\\/noleggio-pedalo-stromma-ad-amsterdam-recensione\\\/#primaryimage\"},\"image\":{\"@id\":\"https:\\\/\\\/thingstodoinamsterdam.com\\\/it\\\/crociera-canali\\\/stromma-canal-tours\\\/noleggio-pedalo-stromma-ad-amsterdam-recensione\\\/#primaryimage\"},\"thumbnailUrl\":\"https:\\\/\\\/thingstodoinamsterdam.com\\\/wp-content\\\/uploads\\\/2024\\\/07\\\/Pedal_Boats_in_a_Row_Resized.jpg\",\"datePublished\":\"2026-02-13T09:47:02+00:00\",\"dateModified\":\"2026-03-11T16:30:22+00:00\",\"description\":\"Scopri Amsterdam dall'acqua con un giro in pedal\u00f2 Stromma: divertente, ecologico e perfetto per esplorare i suggestivi canali della citt\u00e0!\",\"breadcrumb\":{\"@id\":\"https:\\\/\\\/thingstodoinamsterdam.com\\\/it\\\/crociera-canali\\\/stromma-canal-tours\\\/noleggio-pedalo-stromma-ad-amsterdam-recensione\\\/#breadcrumb\"},\"inLanguage\":\"it-IT\",\"potentialAction\":[{\"@type\":\"ReadAction\",\"target\":[\"https:\\\/\\\/thingstodoinamsterdam.com\\\/it\\\/crociera-canali\\\/stromma-canal-tours\\\/noleggio-pedalo-stromma-ad-amsterdam-recensione\\\/\"]}]},{\"@type\":\"ImageObject\",\"inLanguage\":\"it-IT\",\"@id\":\"https:\\\/\\\/thingstodoinamsterdam.com\\\/it\\\/crociera-canali\\\/stromma-canal-tours\\\/noleggio-pedalo-stromma-ad-amsterdam-recensione\\\/#primaryimage\",\"url\":\"https:\\\/\\\/thingstodoinamsterdam.com\\\/wp-content\\\/uploads\\\/2024\\\/07\\\/Pedal_Boats_in_a_Row_Resized.jpg\",\"contentUrl\":\"https:\\\/\\\/thingstodoinamsterdam.com\\\/wp-content\\\/uploads\\\/2024\\\/07\\\/Pedal_Boats_in_a_Row_Resized.jpg\",\"width\":1200,\"height\":900,\"caption\":\"Pedal\u00f2 Stromma Amsterdam\"},{\"@type\":\"BreadcrumbList\",\"@id\":\"https:\\\/\\\/thingstodoinamsterdam.com\\\/it\\\/crociera-canali\\\/stromma-canal-tours\\\/noleggio-pedalo-stromma-ad-amsterdam-recensione\\\/#breadcrumb\",\"itemListElement\":[{\"@type\":\"ListItem\",\"position\":1,\"name\":\"Cose da fare ad Amsterdam\",\"item\":\"https:\\\/\\\/thingstodoinamsterdam.com\\\/it\\\/\"},{\"@type\":\"ListItem\",\"position\":2,\"name\":\"Crociera sui canali Amsterdam\",\"item\":\"https:\\\/\\\/thingstodoinamsterdam.com\\\/it\\\/crociera-canali\\\/\"},{\"@type\":\"ListItem\",\"position\":3,\"name\":\"Stromma Canal Tours\",\"item\":\"https:\\\/\\\/thingstodoinamsterdam.com\\\/it\\\/crociera-canali\\\/stromma-canal-tours\\\/\"},{\"@type\":\"ListItem\",\"position\":4,\"name\":\"Noleggio pedal\u00f2 Stromma ad Amsterdam \u2013 recensione\"}]},{\"@type\":\"WebSite\",\"@id\":\"https:\\\/\\\/thingstodoinamsterdam.com\\\/it\\\/#website\",\"url\":\"https:\\\/\\\/thingstodoinamsterdam.com\\\/it\\\/\",\"name\":\"ThingstodoinAmsterdam.com\",\"description\":\"Amsterdam&#039;s highlights and hidden secrets\",\"publisher\":{\"@id\":\"https:\\\/\\\/thingstodoinamsterdam.com\\\/it\\\/#organization\"},\"potentialAction\":[{\"@type\":\"SearchAction\",\"target\":{\"@type\":\"EntryPoint\",\"urlTemplate\":\"https:\\\/\\\/thingstodoinamsterdam.com\\\/it\\\/?s={search_term_string}\"},\"query-input\":{\"@type\":\"PropertyValueSpecification\",\"valueRequired\":true,\"valueName\":\"search_term_string\"}}],\"inLanguage\":\"it-IT\"},{\"@type\":\"Organization\",\"@id\":\"https:\\\/\\\/thingstodoinamsterdam.com\\\/it\\\/#organization\",\"name\":\"Cose da fare ad Amsterdam\",\"url\":\"https:\\\/\\\/thingstodoinamsterdam.com\\\/it\\\/\",\"logo\":{\"@type\":\"ImageObject\",\"inLanguage\":\"it-IT\",\"@id\":\"https:\\\/\\\/thingstodoinamsterdam.com\\\/it\\\/#\\\/schema\\\/logo\\\/image\\\/\",\"url\":\"https:\\\/\\\/thingstodoinamsterdam.com\\\/wp-content\\\/uploads\\\/2025\\\/02\\\/ThingsToDoInAmsterdam-Favicon-logo.png\",\"contentUrl\":\"https:\\\/\\\/thingstodoinamsterdam.com\\\/wp-content\\\/uploads\\\/2025\\\/02\\\/ThingsToDoInAmsterdam-Favicon-logo.png\",\"width\":512,\"height\":512,\"caption\":\"Cose da fare ad Amsterdam\"},\"image\":{\"@id\":\"https:\\\/\\\/thingstodoinamsterdam.com\\\/it\\\/#\\\/schema\\\/logo\\\/image\\\/\"},\"sameAs\":[\"https:\\\/\\\/www.facebook.com\\\/thingstodoinamsterdamcom\"]}]}<\/script>\n<!-- \/ Yoast SEO plugin. -->","yoast_head_json":{"title":"Noleggio pedal\u00f2 Stromma ad Amsterdam \u2013 recensione","description":"Scopri Amsterdam dall'acqua con un giro in pedal\u00f2 Stromma: divertente, ecologico e perfetto per esplorare i suggestivi canali della citt\u00e0!","robots":{"index":"index","follow":"follow","max-snippet":"max-snippet:-1","max-image-preview":"max-image-preview:large","max-video-preview":"max-video-preview:-1"},"canonical":"https:\/\/thingstodoinamsterdam.com\/it\/crociera-canali\/stromma-canal-tours\/noleggio-pedalo-stromma-ad-amsterdam-recensione\/","og_locale":"it_IT","og_type":"article","og_title":"Noleggio pedal\u00f2 Stromma ad Amsterdam \u2013 recensione","og_description":"Scopri Amsterdam dall'acqua con un giro in pedal\u00f2 Stromma: divertente, ecologico e perfetto per esplorare i suggestivi canali della citt\u00e0!","og_url":"https:\/\/thingstodoinamsterdam.com\/it\/crociera-canali\/stromma-canal-tours\/noleggio-pedalo-stromma-ad-amsterdam-recensione\/","og_site_name":"ThingstodoinAmsterdam.com","article_publisher":"https:\/\/www.facebook.com\/thingstodoinamsterdamcom","article_modified_time":"2026-03-11T16:30:22+00:00","og_image":[{"width":1200,"height":900,"url":"https:\/\/thingstodoinamsterdam.com\/wp-content\/uploads\/2024\/07\/Pedal_Boats_in_a_Row_Resized.jpg","type":"image\/jpeg"}],"twitter_card":"summary_large_image","twitter_misc":{"Tempo di lettura stimato":"6 minuti"},"schema":{"@context":"https:\/\/schema.org","@graph":[{"@type":"WebPage","@id":"https:\/\/thingstodoinamsterdam.com\/it\/crociera-canali\/stromma-canal-tours\/noleggio-pedalo-stromma-ad-amsterdam-recensione\/","url":"https:\/\/thingstodoinamsterdam.com\/it\/crociera-canali\/stromma-canal-tours\/noleggio-pedalo-stromma-ad-amsterdam-recensione\/","name":"Noleggio pedal\u00f2 Stromma ad Amsterdam \u2013 recensione","isPartOf":{"@id":"https:\/\/thingstodoinamsterdam.com\/it\/#website"},"primaryImageOfPage":{"@id":"https:\/\/thingstodoinamsterdam.com\/it\/crociera-canali\/stromma-canal-tours\/noleggio-pedalo-stromma-ad-amsterdam-recensione\/#primaryimage"},"image":{"@id":"https:\/\/thingstodoinamsterdam.com\/it\/crociera-canali\/stromma-canal-tours\/noleggio-pedalo-stromma-ad-amsterdam-recensione\/#primaryimage"},"thumbnailUrl":"https:\/\/thingstodoinamsterdam.com\/wp-content\/uploads\/2024\/07\/Pedal_Boats_in_a_Row_Resized.jpg","datePublished":"2026-02-13T09:47:02+00:00","dateModified":"2026-03-11T16:30:22+00:00","description":"Scopri Amsterdam dall'acqua con un giro in pedal\u00f2 Stromma: divertente, ecologico e perfetto per esplorare i suggestivi canali della citt\u00e0!","breadcrumb":{"@id":"https:\/\/thingstodoinamsterdam.com\/it\/crociera-canali\/stromma-canal-tours\/noleggio-pedalo-stromma-ad-amsterdam-recensione\/#breadcrumb"},"inLanguage":"it-IT","potentialAction":[{"@type":"ReadAction","target":["https:\/\/thingstodoinamsterdam.com\/it\/crociera-canali\/stromma-canal-tours\/noleggio-pedalo-stromma-ad-amsterdam-recensione\/"]}]},{"@type":"ImageObject","inLanguage":"it-IT","@id":"https:\/\/thingstodoinamsterdam.com\/it\/crociera-canali\/stromma-canal-tours\/noleggio-pedalo-stromma-ad-amsterdam-recensione\/#primaryimage","url":"https:\/\/thingstodoinamsterdam.com\/wp-content\/uploads\/2024\/07\/Pedal_Boats_in_a_Row_Resized.jpg","contentUrl":"https:\/\/thingstodoinamsterdam.com\/wp-content\/uploads\/2024\/07\/Pedal_Boats_in_a_Row_Resized.jpg","width":1200,"height":900,"caption":"Pedal\u00f2 Stromma Amsterdam"},{"@type":"BreadcrumbList","@id":"https:\/\/thingstodoinamsterdam.com\/it\/crociera-canali\/stromma-canal-tours\/noleggio-pedalo-stromma-ad-amsterdam-recensione\/#breadcrumb","itemListElement":[{"@type":"ListItem","position":1,"name":"Cose da fare ad Amsterdam","item":"https:\/\/thingstodoinamsterdam.com\/it\/"},{"@type":"ListItem","position":2,"name":"Crociera sui canali Amsterdam","item":"https:\/\/thingstodoinamsterdam.com\/it\/crociera-canali\/"},{"@type":"ListItem","position":3,"name":"Stromma Canal Tours","item":"https:\/\/thingstodoinamsterdam.com\/it\/crociera-canali\/stromma-canal-tours\/"},{"@type":"ListItem","position":4,"name":"Noleggio pedal\u00f2 Stromma ad Amsterdam \u2013 recensione"}]},{"@type":"WebSite","@id":"https:\/\/thingstodoinamsterdam.com\/it\/#website","url":"https:\/\/thingstodoinamsterdam.com\/it\/","name":"ThingstodoinAmsterdam.com","description":"Amsterdam&#039;s highlights and hidden secrets","publisher":{"@id":"https:\/\/thingstodoinamsterdam.com\/it\/#organization"},"potentialAction":[{"@type":"SearchAction","target":{"@type":"EntryPoint","urlTemplate":"https:\/\/thingstodoinamsterdam.com\/it\/?s={search_term_string}"},"query-input":{"@type":"PropertyValueSpecification","valueRequired":true,"valueName":"search_term_string"}}],"inLanguage":"it-IT"},{"@type":"Organization","@id":"https:\/\/thingstodoinamsterdam.com\/it\/#organization","name":"Cose da fare ad Amsterdam","url":"https:\/\/thingstodoinamsterdam.com\/it\/","logo":{"@type":"ImageObject","inLanguage":"it-IT","@id":"https:\/\/thingstodoinamsterdam.com\/it\/#\/schema\/logo\/image\/","url":"https:\/\/thingstodoinamsterdam.com\/wp-content\/uploads\/2025\/02\/ThingsToDoInAmsterdam-Favicon-logo.png","contentUrl":"https:\/\/thingstodoinamsterdam.com\/wp-content\/uploads\/2025\/02\/ThingsToDoInAmsterdam-Favicon-logo.png","width":512,"height":512,"caption":"Cose da fare ad Amsterdam"},"image":{"@id":"https:\/\/thingstodoinamsterdam.com\/it\/#\/schema\/logo\/image\/"},"sameAs":["https:\/\/www.facebook.com\/thingstodoinamsterdamcom"]}]}},"_links":{"self":[{"href":"https:\/\/thingstodoinamsterdam.com\/it\/wp-json\/wp\/v2\/pages\/2532074","targetHints":{"allow":["GET"]}}],"collection":[{"href":"https:\/\/thingstodoinamsterdam.com\/it\/wp-json\/wp\/v2\/pages"}],"about":[{"href":"https:\/\/thingstodoinamsterdam.com\/it\/wp-json\/wp\/v2\/types\/page"}],"author":[{"embeddable":true,"href":"https:\/\/thingstodoinamsterdam.com\/it\/wp-json\/wp\/v2\/users\/33"}],"replies":[{"embeddable":true,"href":"https:\/\/thingstodoinamsterdam.com\/it\/wp-json\/wp\/v2\/comments?post=2532074"}],"version-history":[{"count":5,"href":"https:\/\/thingstodoinamsterdam.com\/it\/wp-json\/wp\/v2\/pages\/2532074\/revisions"}],"predecessor-version":[{"id":2535186,"href":"https:\/\/thingstodoinamsterdam.com\/it\/wp-json\/wp\/v2\/pages\/2532074\/revisions\/2535186"}],"up":[{"embeddable":true,"href":"https:\/\/thingstodoinamsterdam.com\/it\/wp-json\/wp\/v2\/pages\/2531944"}],"wp:featuredmedia":[{"embeddable":true,"href":"https:\/\/thingstodoinamsterdam.com\/it\/wp-json\/wp\/v2\/media\/2531874"}],"wp:attachment":[{"href":"https:\/\/thingstodoinamsterdam.com\/it\/wp-json\/wp\/v2\/media?parent=2532074"}],"curies":[{"name":"wp","href":"https:\/\/api.w.org\/{rel}","templated":true}]}}