{"id":2532376,"date":"2026-02-13T10:50:59","date_gmt":"2026-02-13T09:50:59","guid":{"rendered":"https:\/\/thingstodoinamsterdam.com\/museo-marittimo-nazionale\/"},"modified":"2026-03-05T17:59:17","modified_gmt":"2026-03-05T16:59:17","slug":"museo-marittimo-nazionale","status":"publish","type":"page","link":"https:\/\/thingstodoinamsterdam.com\/it\/musei-ad-amsterdam\/museo-marittimo-nazionale\/","title":{"rendered":"Museo Marittimo Nazionale"},"content":{"rendered":"<div class=\"wpb-content-wrapper\"><p>[vc_row][vc_column width=&#8221;2\/3&#8243;][vc_column_text]Se ami le barche, adorerai il Museo Marittimo Nazionale. In questo museo scoprirai come la storia marittima dei Paesi Bassi abbia contribuito a rendere il Paese quello che \u00e8 oggi. Il museo mira a far conoscere circa 500 anni di storia marittima. \u00c8 perfetto per un pubblico giovane, poich\u00e9 \u00e8 presente una replica di un&#8217;antica nave a vela, la &#8220;Amsterdam&#8221; della Compagnia delle Indie Orientali, su cui \u00e8 possibile salire a bordo. In tutto il museo troverai molti elementi interattivi, particolarmente divertenti per i bambini.    <\/p>\n<p>Ma c&#8217;\u00e8 molto da scoprire anche per gli adulti al Museo Marittimo Nazionale. Il pezzo forte del museo \u00e8 la Chiatta Reale. Inoltre, nel museo troverai una vasta collezione di:[\/vc_column_text][\/vc_column][vc_column width=&#8221;1\/3&#8243;][vc_single_image image=&#8221;2532378&#8243; img_size=&#8221;full&#8221; add_caption=&#8221;yes&#8221; alignment=&#8221;center&#8221;][\/vc_column][\/vc_row][vc_row][vc_column][vc_column_text]<\/p>\n<ul>\n<li>Dipinti<\/li>\n<li>Parti di navi<\/li>\n<li>Strumenti<\/li>\n<li>Armi<\/li>\n<li>Modellini di navi<\/li>\n<li>Mappe navali<\/li>\n<li>Mobili<\/li>\n<li>Modelli tecnici<\/li>\n<li>Modelli in scala<\/li>\n<li>Parti di navi<\/li>\n<li>Altro&#8230;<\/li>\n<\/ul>\n<p>Proprio come altri Paesi europei, gli olandesi iniziarono a esplorare il mondo via mare nel XVI secolo. In questi viaggi pericolosi, erano alla ricerca della prosperit\u00e0. Iniziarono a commerciare prodotti esotici come spezie, cotone e oro. Nel Museo Marittimo puoi tornare indietro nel tempo e scoprire come doveva essere la vita a quell&#8217;epoca. Puoi salire a bordo della replica di una nave affondata nel 1749, per farti un&#8217;idea di cosa significasse esplorare il mondo su un veliero.    <\/p>\n<p>Sebbene i Paesi Bassi e il resto d&#8217;Europa abbiano tratto enormi profitti nel XVI e XVII secolo dalle importazioni ed esportazioni verso questi &#8220;nuovi&#8221; Paesi, questi ultimi non videro crescere la propria prosperit\u00e0 allo stesso modo. Al contrario, i territori venivano spesso colonizzati e sfruttati. Fu un&#8217;epoca violenta in cui l&#8217;umanit\u00e0 veniva messa da parte a favore del benessere economico. Il ruolo dei Paesi Bassi nella schiavit\u00f9 \u00e8 spesso descritto come una pagina nera della storia del Paese. Un lato della storia che viene raccontato anche al Museo Marittimo Nazionale.[\/vc_column_text][button title=&#8221;Purchase discounted tickets to The National Maritime Museum&#8221; link=&#8221;https:\/\/thingstodoinamsterdam.com\/ticketlink-nationalmaritimemuseum-tours-std&#8221; icon=&#8221;fas fa-angle-double-right&#8221; button_align=&#8221;center&#8221; target=&#8221;true&#8221; nofollow=&#8221;true&#8221; el_id=&#8221;1565096298984-d8435c3a-c29c&#8221;][vc_video link=&#8221;https:\/\/youtu.be\/V4K_D5L-vUg?si=BXpKWqbFqxEdrQLL&#8221; css=&#8221;&#8221;][vc_column_text]<\/p>\n<h2>  Orari di apertura<\/h2>\n<p>Il Museo Marittimo Nazionale \u00e8 solitamente aperto 6 giorni a settimana, dal <strong>marted\u00ec alla domenica dalle<\/strong> <strong>09:00 alle 17:00<\/strong>. Le uniche eccezioni sono le seguenti festivit\u00e0: <\/p>\n<ul>\n<li>1\u00b0 gennaio &#8211; Capodanno &#8211; <strong>Chiuso<\/strong><\/li>\n<li>27 aprile &#8211; Giorno del Re &#8211; <strong>Chiuso<\/strong><\/li>\n<li>25 dicembre &#8211; Natale &#8211; <strong>Chiuso<\/strong><\/li>\n<\/ul>\n<p>[\/vc_column_text][vc_column_text]<\/p>\n<h2>Biglietti per il Museo Marittimo, prezzi e sconti<\/h2>\n<p>I biglietti per il Museo Marittimo Nazionale possono essere acquistati all&#8217;ingresso o tramite i pulsanti blu. Il nostro partner per la biglietteria ti invier\u00e0 istantaneamente i biglietti elettronici sul cellulare, cos\u00ec potrai saltare la coda. Oltre a evitare l&#8217;attesa, acquistando i biglietti online potresti ottenere un interessante sconto!  <\/p>\n<table style=\"width: 100%;\">\n<tbody>\n<tr>\n<td>Bambini fino a 3 anni<\/td>\n<td>Gratis<\/td>\n<\/tr>\n<tr>\n<td>Minori tra i 4 e i 17 anni<\/td>\n<td>8,50 \u20ac<\/td>\n<\/tr>\n<tr>\n<td>Adulti<\/td>\n<td>17,50 \u20ac<\/td>\n<\/tr>\n<\/tbody>\n<\/table>\n<p>[\/vc_column_text][button title=&#8221;Purchase discounted tickets to The National Maritime Museum&#8221; link=&#8221;https:\/\/thingstodoinamsterdam.com\/ticketlink-nationalmaritimemuseum-tours-std&#8221; icon=&#8221;fas fa-angle-double-right&#8221; button_align=&#8221;center&#8221; target=&#8221;true&#8221; nofollow=&#8221;true&#8221; el_id=&#8221;1687530631154-28c8e13b-48ad&#8221;][vc_column_text]<\/p>\n<h2>Indirizzo, informazioni di contatto e come arrivare al museo<\/h2>\n<p>Il Museo Marittimo Nazionale si trova a est della Stazione Centrale, in direzione del <a href=\"https:\/\/thingstodoinamsterdam.com\/it\/museo-della-scienza-nemo\/\">Nemo Science Centre<\/a>, il grande edificio verde. Riconoscerai il maestoso edificio bianco, situato proprio sull&#8217;acqua. <\/p>\n<p><strong>Indirizzo<br \/>\n<\/strong>Het Scheepvaartmuseum<strong><br \/>\n<\/strong>Kattenburgerplein 1<br \/>\n1018 KK Amsterdam<br \/>\n+31 (0)20 52 32 222<br \/>\n<a href=\"mailto:info@hetscheepvaartmuseum.nl\">info@hetscheepvaartmuseum.nl<\/a><\/p>\n<p><a href=\"https:\/\/www.hetscheepvaartmuseum.nl\/\">https:\/\/www.hetscheepvaartmuseum.nl\/<\/a>[\/vc_column_text][g_map heading=&#8221;National Maritime Museum Amsterdam on the map&#8221; el_id=&#8221;1565096526567-a3b68f50-7e86&#8243;]<iframe style=\"border: 0;\" src=\"https:\/\/www.google.com\/maps\/embed?pb=!1m18!1m12!1m3!1d2435.928946120727!2d4.912691115858554!3d52.37170837978634!2m3!1f0!2f0!3f0!3m2!1i1024!2i768!4f13.1!3m3!1m2!1s0x47c609a14eabed5f%3A0x59a81b9e66483986!2sAmsterdam+Maritime+History+Museum!5e0!3m2!1sen!2snl!4v1484086045867\" width=\"600\" height=\"450\" frameborder=\"0\" allowfullscreen=\"allowfullscreen\"><\/iframe>[\/g_map][vc_column_text]<\/p>\n<h3>Trasporti pubblici<\/h3>\n<p>Il Museo Marittimo Nazionale si trova vicino alla Stazione Centrale di Amsterdam. Quindi, raggiungi prima la stazione. Dalla Stazione Centrale di Amsterdam puoi raggiungere il museo a piedi in 15-20 minuti. In alternativa, puoi prendere l&#8217;autobus dalla Stazione Centrale. L&#8217;autobus si ferma praticamente a poche centinaia di metri dall&#8217;ingresso.    <\/p>\n<p><strong>Dalla Stazione Centrale di Amsterdam:<\/strong><\/p>\n<ul>\n<li style=\"list-style-type: none;\">\n<ul>\n<li style=\"list-style-type: none;\">\n<ul>\n<li>Autobus 22, direzione Indische Buurt, fermata Kadijksplein<\/li>\n<li>Autobus 48, direzione Borneo Eiland, fermata Kadijksplein<\/li>\n<\/ul>\n<\/li>\n<\/ul>\n<\/li>\n<\/ul>\n<p><a href=\"http:\/\/9292.nl\/en\/?to=amsterdam_kattenburgerplein-1\"><img decoding=\"async\" class=\"alignnone size-medium wp-image-3080\" src=\"https:\/\/thingstodoinamsterdam.com\/wp-content\/uploads\/2019\/07\/Button-Plan-mijn-OV-reis-EN-300x54.png\" alt=\"\" width=\"300\" height=\"54\"><\/a>[\/vc_column_text][vc_column_text css=&#8221;&#8221;]<\/p>\n<h3>Altre cose da fare<\/h3>\n<p><a href=\"https:\/\/thingstodoinamsterdam.com\/it\/artis-zoo-amsterdam\/\">Zoo Artis<\/a><br \/>\n<a href=\"https:\/\/thingstodoinamsterdam.com\/it\/musei-ad-amsterdam\/amsterdam-dungeon\/\">Amsterdam Dungeon<\/a><br \/>\n<a href=\"https:\/\/thingstodoinamsterdam.com\/it\/body-worlds-the-happiness-project\/\">BODY WORLDS Amsterdam<\/a><br \/>\n<a href=\"https:\/\/thingstodoinamsterdam.com\/it\/crociera-canali\/\">Crociera sui canali di Amsterdam<\/a><br \/>\n<a href=\"https:\/\/thingstodoinamsterdam.com\/it\/gita-fuori-porta-da-amsterdam\/\">Gita in giornata da Amsterdam<\/a><br \/>\n<a href=\"https:\/\/thingstodoinamsterdam.com\/it\/musei-ad-amsterdam\/heineken-experience-amsterdam\/\">Heineken Experience<\/a><br \/>\n<a href=\"https:\/\/thingstodoinamsterdam.com\/museum-amsterdam\/hermitage-amsterdam\/\">Hermitage  <\/a><br \/>\n<a href=\"https:\/\/thingstodoinamsterdam.com\/it\/ice-bar-amsterdam\/\">Ice Bar Amsterdam<\/a><br \/>\n<a href=\"https:\/\/thingstodoinamsterdam.com\/it\/informazioni-pratiche\/i-amsterdam-city-card\/\">I Amsterdam City Card<\/a><br \/>\n<a href=\"https:\/\/thingstodoinamsterdam.com\/it\/musei-ad-amsterdam\/moco-museum\/\">Moco Museum<\/a><br \/>\n<a href=\"https:\/\/thingstodoinamsterdam.com\/powerzone-bowling-minigolf-laser-tag-amsterdam\/\">Powerzone<\/a><br \/>\n<a href=\"https:\/\/thingstodoinamsterdam.com\/it\/luoghi-da-visitare-e-attrazioni-ad-amsterdam\/\">Luoghi e attrazioni di Amsterdam<\/a><br \/>\n<a href=\"https:\/\/thingstodoinamsterdam.com\/it\/rijksmuseum\/\">Rijksmuseum<\/a><br \/>\n<a href=\"https:\/\/thingstodoinamsterdam.com\/museum-amsterdam\/stedelijk-museum\/\">Stedelijk Museum<\/a><br \/>\n<a href=\"https:\/\/thingstodoinamsterdam.com\/museum-amsterdam\/tropenmuseum\/\">Tropenmuseum<\/a>[\/vc_column_text][\/vc_column][\/vc_row][vc_row][vc_column][reviews heading=&#8221;National Maritime Museum reviews&#8221; description=&#8221;Have you been to the National Maritime Museum? Please leave a review below and help out fellow travellers! How did you experience the museum with its ships? Did you enjoy the museum? Would you recommend going there? What was the best part? Please be patient for your review to show up as we manually check all reviews for spam and foul language.&#8221; item_name=&#8221;Het Scheepvaartmuseum&#8221; item_image=&#8221;1575&#8243; item_tel=&#8221;+31 (0)20 52 32 222&#8243; item_web=&#8221;https:\/\/www.hetscheepvaartmuseum.nl\/&#8221; item_address=&#8221;Kattenburgerplein 1&#8243; item_city=&#8221;Amsterdam&#8221; item_postal_code=&#8221;1018 KK Amsterdam&#8221; item_country=&#8221;NL&#8221; el_id=&#8221;1565096582967-30f6f1a6-b84d&#8221;][\/reviews][vc_column_text]Dai un&#8217;occhiata anche ai seguenti musei:[\/vc_column_text][\/vc_column][\/vc_row][vc_row][vc_column][promo_block style_var=&#8221;style2&#8243; el_id=&#8221;1565096677689-94e80d9d-900a&#8221;][promo link=&#8221;url:https%3A%2F%2Fthingstodoinamsterdam.com%2Fmuseum-amsterdam%2Frijksmuseum%2F|title:Rijksmuseum|&#8221; text=&#8221;Discover Rembrandt\u2019s nightwatch and many more famous Dutch artists&#8221; img=&#8221;1089&#8243;][promo link=&#8221;url:https%3A%2F%2Fthingstodoinamsterdam.com%2Fmuseum-amsterdam%2Fheineken-experience%2F|title:Heineken%20Experience|&#8221; text=&#8221;Learn all about this world famous beer brand&#8221; img=&#8221;547&#8243;][promo link=&#8221;url:https%3A%2F%2Fthingstodoinamsterdam.com%2Fmuseum-amsterdam%2Fanne-frank-house%2F|title:Anne%20Frank%20House|&#8221; text=&#8221;Experience the world famous diary&#8221; img=&#8221;527&#8243;][\/promo_block][\/vc_column][\/vc_row][vc_row][vc_column][buttonsticky title=&#8221;Ottieni biglietti scontati online su Tours-tickets.com&#8221; link=&#8221;https:\/\/thingstodoinamsterdam.com\/ticketlink-nationalmaritimemuseum-tours-std&#8221; target=&#8221;true&#8221; nofollow=&#8221;true&#8221; el_id=&#8221;1601640165478-83a4b42b-60a4&#8243;][\/vc_column][\/vc_row]<\/p>\n<\/div>","protected":false},"excerpt":{"rendered":"<p>[vc_row][vc_column width=&#8221;2\/3&#8243;][vc_column_text]Se ami le barche, adorerai il Museo Marittimo Nazionale. In questo museo scoprirai come la storia marittima dei Paesi Bassi abbia contribuito a rendere\u2026<\/p>\n","protected":false},"author":1,"featured_media":2532377,"parent":2532588,"menu_order":0,"comment_status":"closed","ping_status":"closed","template":"","meta":{"footnotes":""},"class_list":["post-2532376","page","type-page","status-publish","has-post-thumbnail","hentry"],"yoast_head":"<!-- This site is optimized with the Yoast SEO plugin v27.4 - https:\/\/yoast.com\/product\/yoast-seo-wordpress\/ -->\n<title>Museo Marittimo Nazionale - acquista ora i biglietti scontati online<\/title>\n<meta name=\"description\" content=\"Scopri l&#039;incredibile mondo delle barche al Museo Marittimo Nazionale. Esplora la storia marittima dei Paesi Bassi e come ha plasmato la nazione.\" \/>\n<meta name=\"robots\" content=\"index, follow, max-snippet:-1, max-image-preview:large, max-video-preview:-1\" \/>\n<link rel=\"canonical\" href=\"https:\/\/thingstodoinamsterdam.com\/it\/musei-ad-amsterdam\/museo-marittimo-nazionale\/\" \/>\n<meta property=\"og:locale\" content=\"it_IT\" \/>\n<meta property=\"og:type\" content=\"article\" \/>\n<meta property=\"og:title\" content=\"Museo Marittimo Nazionale - acquista ora i biglietti scontati online\" \/>\n<meta property=\"og:description\" content=\"Scopri l&#039;incredibile mondo delle barche al Museo Marittimo Nazionale. Esplora la storia marittima dei Paesi Bassi e come ha plasmato la nazione.\" \/>\n<meta property=\"og:url\" content=\"https:\/\/thingstodoinamsterdam.com\/it\/musei-ad-amsterdam\/museo-marittimo-nazionale\/\" \/>\n<meta property=\"og:site_name\" content=\"ThingstodoinAmsterdam.com\" \/>\n<meta property=\"article:publisher\" content=\"https:\/\/www.facebook.com\/thingstodoinamsterdamcom\" \/>\n<meta property=\"article:modified_time\" content=\"2026-03-05T16:59:17+00:00\" \/>\n<meta property=\"og:image\" content=\"https:\/\/thingstodoinamsterdam.com\/wp-content\/uploads\/2019\/08\/Maritime-Museum-Amsterdam-2-1200x500.jpg\" \/>\n\t<meta property=\"og:image:width\" content=\"1200\" \/>\n\t<meta property=\"og:image:height\" content=\"500\" \/>\n\t<meta property=\"og:image:type\" content=\"image\/jpeg\" \/>\n<meta name=\"twitter:card\" content=\"summary_large_image\" \/>\n<meta name=\"twitter:label1\" content=\"Tempo di lettura stimato\" \/>\n\t<meta name=\"twitter:data1\" content=\"5 minuti\" \/>\n<script type=\"application\/ld+json\" class=\"yoast-schema-graph\">{\"@context\":\"https:\\\/\\\/schema.org\",\"@graph\":[{\"@type\":\"WebPage\",\"@id\":\"https:\\\/\\\/thingstodoinamsterdam.com\\\/it\\\/musei-ad-amsterdam\\\/museo-marittimo-nazionale\\\/\",\"url\":\"https:\\\/\\\/thingstodoinamsterdam.com\\\/it\\\/musei-ad-amsterdam\\\/museo-marittimo-nazionale\\\/\",\"name\":\"Museo Marittimo Nazionale - acquista ora i biglietti scontati online\",\"isPartOf\":{\"@id\":\"https:\\\/\\\/thingstodoinamsterdam.com\\\/it\\\/#website\"},\"primaryImageOfPage\":{\"@id\":\"https:\\\/\\\/thingstodoinamsterdam.com\\\/it\\\/musei-ad-amsterdam\\\/museo-marittimo-nazionale\\\/#primaryimage\"},\"image\":{\"@id\":\"https:\\\/\\\/thingstodoinamsterdam.com\\\/it\\\/musei-ad-amsterdam\\\/museo-marittimo-nazionale\\\/#primaryimage\"},\"thumbnailUrl\":\"https:\\\/\\\/thingstodoinamsterdam.com\\\/wp-content\\\/uploads\\\/2019\\\/08\\\/Maritime-Museum-Amsterdam-2-1200x500.jpg\",\"datePublished\":\"2026-02-13T09:50:59+00:00\",\"dateModified\":\"2026-03-05T16:59:17+00:00\",\"description\":\"Scopri l'incredibile mondo delle barche al Museo Marittimo Nazionale. Esplora la storia marittima dei Paesi Bassi e come ha plasmato la nazione.\",\"breadcrumb\":{\"@id\":\"https:\\\/\\\/thingstodoinamsterdam.com\\\/it\\\/musei-ad-amsterdam\\\/museo-marittimo-nazionale\\\/#breadcrumb\"},\"inLanguage\":\"it-IT\",\"potentialAction\":[{\"@type\":\"ReadAction\",\"target\":[\"https:\\\/\\\/thingstodoinamsterdam.com\\\/it\\\/musei-ad-amsterdam\\\/museo-marittimo-nazionale\\\/\"]}]},{\"@type\":\"ImageObject\",\"inLanguage\":\"it-IT\",\"@id\":\"https:\\\/\\\/thingstodoinamsterdam.com\\\/it\\\/musei-ad-amsterdam\\\/museo-marittimo-nazionale\\\/#primaryimage\",\"url\":\"https:\\\/\\\/thingstodoinamsterdam.com\\\/wp-content\\\/uploads\\\/2019\\\/08\\\/Maritime-Museum-Amsterdam-2-1200x500.jpg\",\"contentUrl\":\"https:\\\/\\\/thingstodoinamsterdam.com\\\/wp-content\\\/uploads\\\/2019\\\/08\\\/Maritime-Museum-Amsterdam-2-1200x500.jpg\",\"width\":1200,\"height\":500},{\"@type\":\"BreadcrumbList\",\"@id\":\"https:\\\/\\\/thingstodoinamsterdam.com\\\/it\\\/musei-ad-amsterdam\\\/museo-marittimo-nazionale\\\/#breadcrumb\",\"itemListElement\":[{\"@type\":\"ListItem\",\"position\":1,\"name\":\"Cose da fare ad Amsterdam\",\"item\":\"https:\\\/\\\/thingstodoinamsterdam.com\\\/it\\\/\"},{\"@type\":\"ListItem\",\"position\":2,\"name\":\"Musei ad Amsterdam\",\"item\":\"https:\\\/\\\/thingstodoinamsterdam.com\\\/it\\\/musei-ad-amsterdam\\\/\"},{\"@type\":\"ListItem\",\"position\":3,\"name\":\"Museo Marittimo Nazionale\"}]},{\"@type\":\"WebSite\",\"@id\":\"https:\\\/\\\/thingstodoinamsterdam.com\\\/it\\\/#website\",\"url\":\"https:\\\/\\\/thingstodoinamsterdam.com\\\/it\\\/\",\"name\":\"ThingstodoinAmsterdam.com\",\"description\":\"Amsterdam&#039;s highlights and hidden secrets\",\"publisher\":{\"@id\":\"https:\\\/\\\/thingstodoinamsterdam.com\\\/it\\\/#organization\"},\"potentialAction\":[{\"@type\":\"SearchAction\",\"target\":{\"@type\":\"EntryPoint\",\"urlTemplate\":\"https:\\\/\\\/thingstodoinamsterdam.com\\\/it\\\/?s={search_term_string}\"},\"query-input\":{\"@type\":\"PropertyValueSpecification\",\"valueRequired\":true,\"valueName\":\"search_term_string\"}}],\"inLanguage\":\"it-IT\"},{\"@type\":\"Organization\",\"@id\":\"https:\\\/\\\/thingstodoinamsterdam.com\\\/it\\\/#organization\",\"name\":\"Cose da fare ad Amsterdam\",\"url\":\"https:\\\/\\\/thingstodoinamsterdam.com\\\/it\\\/\",\"logo\":{\"@type\":\"ImageObject\",\"inLanguage\":\"it-IT\",\"@id\":\"https:\\\/\\\/thingstodoinamsterdam.com\\\/it\\\/#\\\/schema\\\/logo\\\/image\\\/\",\"url\":\"https:\\\/\\\/thingstodoinamsterdam.com\\\/wp-content\\\/uploads\\\/2025\\\/02\\\/ThingsToDoInAmsterdam-Favicon-logo.png\",\"contentUrl\":\"https:\\\/\\\/thingstodoinamsterdam.com\\\/wp-content\\\/uploads\\\/2025\\\/02\\\/ThingsToDoInAmsterdam-Favicon-logo.png\",\"width\":512,\"height\":512,\"caption\":\"Cose da fare ad Amsterdam\"},\"image\":{\"@id\":\"https:\\\/\\\/thingstodoinamsterdam.com\\\/it\\\/#\\\/schema\\\/logo\\\/image\\\/\"},\"sameAs\":[\"https:\\\/\\\/www.facebook.com\\\/thingstodoinamsterdamcom\"]}]}<\/script>\n<!-- \/ Yoast SEO plugin. -->","yoast_head_json":{"title":"Museo Marittimo Nazionale - acquista ora i biglietti scontati online","description":"Scopri l'incredibile mondo delle barche al Museo Marittimo Nazionale. Esplora la storia marittima dei Paesi Bassi e come ha plasmato la nazione.","robots":{"index":"index","follow":"follow","max-snippet":"max-snippet:-1","max-image-preview":"max-image-preview:large","max-video-preview":"max-video-preview:-1"},"canonical":"https:\/\/thingstodoinamsterdam.com\/it\/musei-ad-amsterdam\/museo-marittimo-nazionale\/","og_locale":"it_IT","og_type":"article","og_title":"Museo Marittimo Nazionale - acquista ora i biglietti scontati online","og_description":"Scopri l'incredibile mondo delle barche al Museo Marittimo Nazionale. Esplora la storia marittima dei Paesi Bassi e come ha plasmato la nazione.","og_url":"https:\/\/thingstodoinamsterdam.com\/it\/musei-ad-amsterdam\/museo-marittimo-nazionale\/","og_site_name":"ThingstodoinAmsterdam.com","article_publisher":"https:\/\/www.facebook.com\/thingstodoinamsterdamcom","article_modified_time":"2026-03-05T16:59:17+00:00","og_image":[{"width":1200,"height":500,"url":"https:\/\/thingstodoinamsterdam.com\/wp-content\/uploads\/2019\/08\/Maritime-Museum-Amsterdam-2-1200x500.jpg","type":"image\/jpeg"}],"twitter_card":"summary_large_image","twitter_misc":{"Tempo di lettura stimato":"5 minuti"},"schema":{"@context":"https:\/\/schema.org","@graph":[{"@type":"WebPage","@id":"https:\/\/thingstodoinamsterdam.com\/it\/musei-ad-amsterdam\/museo-marittimo-nazionale\/","url":"https:\/\/thingstodoinamsterdam.com\/it\/musei-ad-amsterdam\/museo-marittimo-nazionale\/","name":"Museo Marittimo Nazionale - acquista ora i biglietti scontati online","isPartOf":{"@id":"https:\/\/thingstodoinamsterdam.com\/it\/#website"},"primaryImageOfPage":{"@id":"https:\/\/thingstodoinamsterdam.com\/it\/musei-ad-amsterdam\/museo-marittimo-nazionale\/#primaryimage"},"image":{"@id":"https:\/\/thingstodoinamsterdam.com\/it\/musei-ad-amsterdam\/museo-marittimo-nazionale\/#primaryimage"},"thumbnailUrl":"https:\/\/thingstodoinamsterdam.com\/wp-content\/uploads\/2019\/08\/Maritime-Museum-Amsterdam-2-1200x500.jpg","datePublished":"2026-02-13T09:50:59+00:00","dateModified":"2026-03-05T16:59:17+00:00","description":"Scopri l'incredibile mondo delle barche al Museo Marittimo Nazionale. Esplora la storia marittima dei Paesi Bassi e come ha plasmato la nazione.","breadcrumb":{"@id":"https:\/\/thingstodoinamsterdam.com\/it\/musei-ad-amsterdam\/museo-marittimo-nazionale\/#breadcrumb"},"inLanguage":"it-IT","potentialAction":[{"@type":"ReadAction","target":["https:\/\/thingstodoinamsterdam.com\/it\/musei-ad-amsterdam\/museo-marittimo-nazionale\/"]}]},{"@type":"ImageObject","inLanguage":"it-IT","@id":"https:\/\/thingstodoinamsterdam.com\/it\/musei-ad-amsterdam\/museo-marittimo-nazionale\/#primaryimage","url":"https:\/\/thingstodoinamsterdam.com\/wp-content\/uploads\/2019\/08\/Maritime-Museum-Amsterdam-2-1200x500.jpg","contentUrl":"https:\/\/thingstodoinamsterdam.com\/wp-content\/uploads\/2019\/08\/Maritime-Museum-Amsterdam-2-1200x500.jpg","width":1200,"height":500},{"@type":"BreadcrumbList","@id":"https:\/\/thingstodoinamsterdam.com\/it\/musei-ad-amsterdam\/museo-marittimo-nazionale\/#breadcrumb","itemListElement":[{"@type":"ListItem","position":1,"name":"Cose da fare ad Amsterdam","item":"https:\/\/thingstodoinamsterdam.com\/it\/"},{"@type":"ListItem","position":2,"name":"Musei ad Amsterdam","item":"https:\/\/thingstodoinamsterdam.com\/it\/musei-ad-amsterdam\/"},{"@type":"ListItem","position":3,"name":"Museo Marittimo Nazionale"}]},{"@type":"WebSite","@id":"https:\/\/thingstodoinamsterdam.com\/it\/#website","url":"https:\/\/thingstodoinamsterdam.com\/it\/","name":"ThingstodoinAmsterdam.com","description":"Amsterdam&#039;s highlights and hidden secrets","publisher":{"@id":"https:\/\/thingstodoinamsterdam.com\/it\/#organization"},"potentialAction":[{"@type":"SearchAction","target":{"@type":"EntryPoint","urlTemplate":"https:\/\/thingstodoinamsterdam.com\/it\/?s={search_term_string}"},"query-input":{"@type":"PropertyValueSpecification","valueRequired":true,"valueName":"search_term_string"}}],"inLanguage":"it-IT"},{"@type":"Organization","@id":"https:\/\/thingstodoinamsterdam.com\/it\/#organization","name":"Cose da fare ad Amsterdam","url":"https:\/\/thingstodoinamsterdam.com\/it\/","logo":{"@type":"ImageObject","inLanguage":"it-IT","@id":"https:\/\/thingstodoinamsterdam.com\/it\/#\/schema\/logo\/image\/","url":"https:\/\/thingstodoinamsterdam.com\/wp-content\/uploads\/2025\/02\/ThingsToDoInAmsterdam-Favicon-logo.png","contentUrl":"https:\/\/thingstodoinamsterdam.com\/wp-content\/uploads\/2025\/02\/ThingsToDoInAmsterdam-Favicon-logo.png","width":512,"height":512,"caption":"Cose da fare ad Amsterdam"},"image":{"@id":"https:\/\/thingstodoinamsterdam.com\/it\/#\/schema\/logo\/image\/"},"sameAs":["https:\/\/www.facebook.com\/thingstodoinamsterdamcom"]}]}},"_links":{"self":[{"href":"https:\/\/thingstodoinamsterdam.com\/it\/wp-json\/wp\/v2\/pages\/2532376","targetHints":{"allow":["GET"]}}],"collection":[{"href":"https:\/\/thingstodoinamsterdam.com\/it\/wp-json\/wp\/v2\/pages"}],"about":[{"href":"https:\/\/thingstodoinamsterdam.com\/it\/wp-json\/wp\/v2\/types\/page"}],"author":[{"embeddable":true,"href":"https:\/\/thingstodoinamsterdam.com\/it\/wp-json\/wp\/v2\/users\/1"}],"replies":[{"embeddable":true,"href":"https:\/\/thingstodoinamsterdam.com\/it\/wp-json\/wp\/v2\/comments?post=2532376"}],"version-history":[{"count":5,"href":"https:\/\/thingstodoinamsterdam.com\/it\/wp-json\/wp\/v2\/pages\/2532376\/revisions"}],"predecessor-version":[{"id":2534318,"href":"https:\/\/thingstodoinamsterdam.com\/it\/wp-json\/wp\/v2\/pages\/2532376\/revisions\/2534318"}],"up":[{"embeddable":true,"href":"https:\/\/thingstodoinamsterdam.com\/it\/wp-json\/wp\/v2\/pages\/2532588"}],"wp:featuredmedia":[{"embeddable":true,"href":"https:\/\/thingstodoinamsterdam.com\/it\/wp-json\/wp\/v2\/media\/2532377"}],"wp:attachment":[{"href":"https:\/\/thingstodoinamsterdam.com\/it\/wp-json\/wp\/v2\/media?parent=2532376"}],"curies":[{"name":"wp","href":"https:\/\/api.w.org\/{rel}","templated":true}]}}