{"id":2532453,"date":"2026-02-13T10:52:09","date_gmt":"2026-02-13T09:52:09","guid":{"rendered":"https:\/\/thingstodoinamsterdam.com\/micropia\/"},"modified":"2026-03-05T17:59:04","modified_gmt":"2026-03-05T16:59:04","slug":"micropia","status":"publish","type":"page","link":"https:\/\/thingstodoinamsterdam.com\/it\/musei-ad-amsterdam\/micropia\/","title":{"rendered":"Micropia"},"content":{"rendered":"<div class=\"wpb-content-wrapper\"><p>[vc_row][vc_column][buttonsticky title=&#8221;Acquista i biglietti salta-fila per Micropia su Tours-tickets.com&#8221; link=&#8221;https:\/\/thingstodoinamsterdam.com\/ticketlink-micropia-tours-std&#8221; target=&#8221;true&#8221; nofollow=&#8221;true&#8221; el_id=&#8221;1743170173798-2725c12a-4f7a&#8221;][\/vc_column][\/vc_row][vc_row][vc_column][vc_column_text]<span style=\"font-weight: 400;\">Micropia \u00e8 un museo pluripremiato situato vicino ad Amsterdam Est (Oost) e fa parte dell&#8217; <a href=\"https:\/\/thingstodoinamsterdam.com\/it\/artis-zoo-amsterdam\/\">Artis-Amsterdam Royal Zoo<\/a>. Aperto nel 2014, Micropia \u00e8 l&#8217;unico museo dei microbi nel suo genere. La galleria \u00e8 stata inaugurata nel tentativo di dimostrare che i miliardi di organismi viventi che si trovano ovunque e in ogni cosa, noti come microbi, non sono tutti esseri cattivi e spaventosi, ma vengono invece prodotti anche per aiutare nel funzionamento della vita quotidiana, compresa la salute umana.   <\/span><\/p>\n<p><span style=\"font-weight: 400;\">Gli ospiti del museo possono osservare piante, animali e altri oggetti quotidiani, il tutto attraverso immagini catturate sotto la lente di un microscopio. Il microscopio moderno \u00e8 di per s\u00e9 un&#8217;invenzione prevalentemente olandese: Antonie van Leeuwenhoek ne miglior\u00f2 il design e l&#8217;ingrandimento, aprendo la strada a quella che oggi conosciamo come microbiologia. <\/span><\/p>\n<p><span style=\"font-weight: 400;\">Mentre giri per il museo, puoi imparare nuove cose sulla scienza che ti aiuteranno a collegare la tua comprensione tra la scienza e la vita quotidiana. Nel laboratorio, i tecnici possono istruire gli ospiti di tutte le et\u00e0 su microbi, scienza e biologia, oltre che sugli antibiotici. <\/span><\/p>\n<p><span style=\"font-weight: 400;\">Dopo la visita, puoi anche esplorare l&#8217;Artisplein, <a href=\"https:\/\/thingstodoinamsterdam.com\/it\/parchi-ad-amsterdam\/\">uno dei tanti parchi<\/a> che Amsterdam ha da offrire, senza bisogno di biglietto.<\/span>[\/vc_column_text][button title=&#8221;Purchase skip-the-line Micropia tickets via Tours-tickets.com&#8221; link=&#8221;https:\/\/thingstodoinamsterdam.com\/ticketlink-micropia-tours-std&#8221; icon=&#8221;&#8221; button_align=&#8221;center&#8221; target=&#8221;true&#8221; nofollow=&#8221;true&#8221; el_id=&#8221;1565086818620-a8075830-1296&#8243;][vc_video link=&#8221;https:\/\/youtu.be\/mc8rZQRQycE?t=8&#8243; align=&#8221;center&#8221; css=&#8221;.vc_custom_1543494689691{margin-right: 25px !important;margin-left: 25px !important;}&#8221; title=&#8221;Video introduttivo Micropia &#8211; Euronews&#8221;][vc_column_text]<\/p>\n<h3>Orari di apertura<\/h3>\n<p>Micropia \u00e8 aperto tutti i giorni dell&#8217;anno!<\/p>\n<table style=\"width: 100%;\">\n<tbody>\n<tr>\n<td>Da luned\u00ec a mercoled\u00ec e domenica<\/td>\n<td> 09:00 &#8211; 18:00<\/td>\n<\/tr>\n<tr>\n<td>Da gioved\u00ec a sabato<\/td>\n<td> 09:00 &#8211; 20:00<\/td>\n<\/tr>\n<\/tbody>\n<\/table>\n<p>[\/vc_column_text][vc_column_text css=&#8221;&#8221;]<\/p>\n<h2>Prezzi dei biglietti e sconti<\/h2>\n<p>I biglietti sono disponibili all&#8217;ingresso di Micropia, sul loro sito web o tramite i partner di biglietteria.<\/p>\n<h3>Prezzi d&#8217;ingresso standard<\/h3>\n<table style=\"width: 100%;\">\n<tbody>\n<tr>\n<td><b>Categorie di biglietti<\/b><\/td>\n<td><strong>Micropia<\/strong><\/td>\n<td><strong>Artis Royal Zoo &amp; Micropia<br \/>\n<\/strong><\/td>\n<\/tr>\n<tr>\n<td>Adulti (dai 10 anni in su)<\/td>\n<td>17,50 \u20ac<\/td>\n<td>35,00 \u20ac<\/td>\n<\/tr>\n<tr>\n<td>L&#8217;et\u00e0 consigliata per visitare Micropia \u00e8 dagli 8 anni in su<\/td>\n<td><\/td>\n<td><\/td>\n<\/tr>\n<\/tbody>\n<\/table>\n<p>[\/vc_column_text][button title=&#8221;Purchase skip-the-line Micropia tickets via Tours-tickets.com&#8221; link=&#8221;https:\/\/thingstodoinamsterdam.com\/ticketlink-micropia-tours-std&#8221; icon=&#8221;&#8221; button_align=&#8221;center&#8221; target=&#8221;true&#8221; nofollow=&#8221;true&#8221; el_id=&#8221;1565087001959-1eb87a56-c274&#8243;][vc_column_text]<script type=\"application\/ld+json\">{\n  \"@context\": \"http:\/\/schema.org\/\", \n  \"@type\": \"Product\", \n  \"name\": \"Micropia entrance ticket\",\n  \"image\": \"https:\/\/thingstodoinamsterdam.com\/wp-content\/uploads\/2019\/08\/micropia.jpg\",\n  \"description\": \"Micropia museum of microbes entrance tickets\",\n  \"offers\": {\n    \"@type\": \"Offer\",\n    \"priceCurrency\": \"EUR\",\n    \"price\": \"16\",\n    \"priceValidUntil\": \"2022-12-01\",\n    \"availability\": \"http:\/\/schema.org\/LimitedAvailability\",\n    \"itemCondition\": \"http:\/\/schema.org\/NewCondition\"\n  }\n}\n<\/script>[\/vc_column_text][vc_column_text]<\/p>\n<h3>Biglietto combinato ARTIS Zoo &amp; Micropia<\/h3>\n<p>Micropia \u00e8 un museo indipendente dedicato agli animali (piccolissimi), motivo per cui si trova all&#8217;interno dell&#8217;ARTIS Zoo. Se scegli di acquistare un biglietto combinato per ARTIS e Micropia, riceverai uno sconto del 20%. Molte persone scelgono il biglietto combinato, poich\u00e9 i visitatori possono godersi entrambe le attivit\u00e0 facilmente in mezza giornata. Clicca sul pulsante qui sotto per acquistare i biglietti tramite Tours &amp; Tickets.[\/vc_column_text][button title=&#8221;Purchase Artis &amp; Micropia combitickets via Tours-tickets.com&#8221; link=&#8221;https:\/\/thingstodoinamsterdam.com\/ticketlink-artis-tours-combi-micropia&#8221; icon=&#8221;&#8221; button_align=&#8221;center&#8221; target=&#8221;true&#8221; nofollow=&#8221;true&#8221; el_id=&#8221;1565087055906-d04ac109-d243&#8243;][vc_column_text]Indirizzo e informazioni di contatto<a href=\"https:\/\/thingstodoinamsterdam.com\/wp-content\/uploads\/2019\/08\/micropes-at-micropia.jpg\"><img decoding=\"async\" class=\"alignright wp-image-6339 size-medium\" src=\"https:\/\/thingstodoinamsterdam.com\/wp-content\/uploads\/2019\/08\/micropes-at-micropia-300x169-1.jpg\" alt=\"microbi a micropia\" width=\"300\" height=\"169\"><\/a><\/p>\n<p><strong>Indirizzo<br \/>\n<\/strong>Artisplein<br \/>\nPlantage Kerklaan 38-40<br \/>\nAmsterdam<br \/>\nTel: +31 20 52 33 671<\/p>\n<div class=\"mceTemp\"><\/div>\n<p>[\/vc_column_text][g_map heading=&#8221;Micropia on the city map&#8221; el_id=&#8221;1565087154444-5750a414-59fa&#8221;]<iframe style=\"border: 0;\" src=\"https:\/\/www.google.com\/maps\/embed?pb=!1m18!1m12!1m3!1d2436.193670874274!2d4.910381951239059!3d52.36690817968628!2m3!1f0!2f0!3f0!3m2!1i1024!2i768!4f13.1!3m3!1m2!1s0x47c609a26c702645%3A0x85e9e582ae50dc6c!2sMicropia!5e0!3m2!1sen!2sus!4v1543461814115\" width=\"600\" height=\"450\" frameborder=\"0\" allowfullscreen=\"allowfullscreen\"><\/iframe>[\/g_map][vc_column_text]<\/p>\n<h3>Domande frequenti su Micropia<\/h3>\n<ol>\n<li style=\"list-style-type: none;\">\n<ol>\n<li><strong>Il museo \u00e8 accessibile in sedia a rotelle?<\/strong><br \/>\nS\u00ec! Sono presenti ascensori e servizi igienici accessibili alle sedie a rotelle. <\/li>\n<li><strong>Ci sono posti dove mangiare nelle vicinanze?<br \/>\n<\/strong>S\u00ec, l&#8217;ARTIS-caf\u00e9 restaurant de Plantage si trova proprio vicino al museo.<\/li>\n<li><strong>Posso usare la mia <a href=\"https:\/\/thingstodoinamsterdam.com\/it\/informazioni-pratiche\/i-amsterdam-city-card\/\">I amsterdam card<\/a> per l&#8217;ingresso gratuito?<\/strong><br \/>\nS\u00ec! Micropia consente l&#8217;ingresso gratuito con l&#8217;utilizzo della tua carta. <\/li>\n<\/ol>\n<\/li>\n<\/ol>\n<p>[\/vc_column_text][vc_column_text css=&#8221;&#8221;]<\/p>\n<h3>Altre cose da fare<\/h3>\n<p><a href=\"https:\/\/thingstodoinamsterdam.com\/it\/musei-ad-amsterdam\/amsterdam-dungeon\/\">Amsterdam Dungeon<\/a><br \/>\n<a href=\"https:\/\/thingstodoinamsterdam.com\/it\/body-worlds-the-happiness-project\/\">BODY WORLDS Amsterdam<\/a><br \/>\n<a href=\"https:\/\/thingstodoinamsterdam.com\/it\/crociera-canali\/\">Crociera sui canali di Amsterdam<\/a><br \/>\n<a href=\"https:\/\/thingstodoinamsterdam.com\/it\/musei-ad-amsterdam\/heineken-experience-amsterdam\/\">Heineken Experience<\/a><br \/>\n<a href=\"https:\/\/thingstodoinamsterdam.com\/it\/ice-bar-amsterdam\/\">Ice Bar Amsterdam<\/a><br \/>\n<a href=\"https:\/\/thingstodoinamsterdam.com\/it\/this-is-holland-esperienza-di-volo-5d-ad-amsterdam\/\">THIS IS HOLLAND<\/a><br \/>\n<a href=\"https:\/\/thingstodoinamsterdam.com\/it\/musei-ad-amsterdam\/moco-museum\/\">Moco Museum<\/a><br \/>\n<a href=\"https:\/\/thingstodoinamsterdam.com\/it\/museo-della-scienza-nemo\/\">Museo della Scienza NEMO<\/a><br \/>\n<a href=\"https:\/\/thingstodoinamsterdam.com\/it\/madurodam-parco-a-tema-dellolanda-in-miniatura\/\">Madurodam<\/a><br \/>\n<a href=\"https:\/\/thingstodoinamsterdam.com\/it\/aloha-bowling-minigolf-e-laser-tag-ad-amsterdam\/#glowgolf\">Aloha &#8211; minigolf fluorescente<\/a><br \/>\n<a href=\"https:\/\/thingstodoinamsterdam.com\/it\/rijksmuseum\/\">Rijksmuseum<\/a><br \/>\n<a href=\"https:\/\/thingstodoinamsterdam.com\/museum-amsterdam\/stedelijk-museum\/\">Stedelijk Museum<\/a><br \/>\n<a href=\"https:\/\/thingstodoinamsterdam.com\/museum-amsterdam\/tropenmuseum\/\">Tropenmuseum<\/a><br \/>\n<a href=\"https:\/\/thingstodoinamsterdam.com\/it\/musei-ad-amsterdam\/museo-van-gogh\/\">Van Gogh Museum<\/a>[\/vc_column_text][vc_row_inner][vc_column_inner][reviews heading=&#8221;Micropia Reviews&#8221; description=&#8221;We are always interested to find out about our visitors&apos; experiences. Please leave your Micropia review below and help fellow travelers! What did you think of the museum? Would you recommend it to friends? Did you have to wait long at the entrance? Include all you want in your review. Please be patient as we check all reviews by hand &#8212; it will be posted soon!&#8221; item_name=&#8221;Micropia&#8221; item_image=&#8221;1575&#8243; item_tel=&#8221;+31 20 523 3670&#8243; item_web=&#8221;https:\/\/www.micropia.nl\/en\/&#8221; item_address=&#8221;Plantage Kerklaan 38-40&#8243; item_city=&#8221;Amsterdam&#8221; item_postal_code=&#8221;1018 CZ&#8221; item_country=&#8221;NL&#8221; el_id=&#8221;1565087228076-c673ae21-b207&#8243;][\/reviews][vc_column_text]<strong>Dai un&#8217;occhiata a uno dei seguenti musei qui sotto o torna alla pagina generale dei <a href=\"https:\/\/thingstodoinamsterdam.com\/it\/musei-ad-amsterdam\/\">musei di Amsterdam<\/a>.<\/strong>[\/vc_column_text][\/vc_column_inner][\/vc_row_inner][\/vc_column][\/vc_row][vc_row][vc_column][promo_block style_var=&#8221;style2&#8243; el_id=&#8221;1565087298437-653801d9-5d12&#8243;][promo link=&#8221;url:https%3A%2F%2Fthingstodoinamsterdam.com%2Fbest-time-visit-amsterdam%2F|title:Best%20time%20to%20visit%20Amsterdam|&#8221; text=&#8221;Get to know what moment of the year you should visit Amsterdam. Prepare yourself in advance.&#8221; img=&#8221;1087&#8243;][promo link=&#8221;url:https%3A%2F%2Fthingstodoinamsterdam.com%2Fmuseum-amsterdam%2F|title:Museums%20in%20Amsterdam|&#8221; text=&#8221;Discover world-famous museums, but also get to know the more less-known museums&#8221; img=&#8221;1089&#8243;][promo link=&#8221;url:https%3A%2F%2Fthingstodoinamsterdam.com%2Ftransport%2Famsterdam-public-transport%2F|title:Public%20transport|&#8221; text=&#8221;The public transport is one of the most organized ones in the world. Learn how it works.&#8221; img=&#8221;1082&#8243;][\/promo_block][\/vc_column][\/vc_row]<\/p>\n<\/div>","protected":false},"excerpt":{"rendered":"<p>[vc_row][vc_column][buttonsticky title=&#8221;Acquista i biglietti salta-fila per Micropia su Tours-tickets.com&#8221; link=&#8221;https:\/\/thingstodoinamsterdam.com\/ticketlink-micropia-tours-std&#8221; target=&#8221;true&#8221; nofollow=&#8221;true&#8221; el_id=&#8221;1743170173798-2725c12a-4f7a&#8221;][\/vc_column][\/vc_row][vc_row][vc_column][vc_column_text]Micropia \u00e8 un museo pluripremiato situato vicino ad Amsterdam Est (Oost) e fa\u2026<\/p>\n","protected":false},"author":4,"featured_media":2532455,"parent":2532588,"menu_order":0,"comment_status":"closed","ping_status":"closed","template":"","meta":{"footnotes":""},"class_list":["post-2532453","page","type-page","status-publish","has-post-thumbnail","hentry"],"yoast_head":"<!-- This site is optimized with the Yoast SEO plugin v27.4 - https:\/\/yoast.com\/product\/yoast-seo-wordpress\/ -->\n<title>Micropia - il museo dei microbi. Acquista qui i tuoi biglietti online!<\/title>\n<meta name=\"description\" content=\"Micropia \u00e8 un museo pluripremiato, l&#039;unico museo dei microbi nel suo genere. Scopri la microbiologia e colma il divario tra scienza e arte.\" \/>\n<meta name=\"robots\" content=\"index, follow, max-snippet:-1, max-image-preview:large, max-video-preview:-1\" \/>\n<link rel=\"canonical\" href=\"https:\/\/thingstodoinamsterdam.com\/it\/musei-ad-amsterdam\/micropia\/\" \/>\n<meta property=\"og:locale\" content=\"it_IT\" \/>\n<meta property=\"og:type\" content=\"article\" \/>\n<meta property=\"og:title\" content=\"Micropia - il museo dei microbi. Acquista qui i tuoi biglietti online!\" \/>\n<meta property=\"og:description\" content=\"Micropia \u00e8 un museo pluripremiato, l&#039;unico museo dei microbi nel suo genere. Scopri la microbiologia e colma il divario tra scienza e arte.\" \/>\n<meta property=\"og:url\" content=\"https:\/\/thingstodoinamsterdam.com\/it\/musei-ad-amsterdam\/micropia\/\" \/>\n<meta property=\"og:site_name\" content=\"ThingstodoinAmsterdam.com\" \/>\n<meta property=\"article:publisher\" content=\"https:\/\/www.facebook.com\/thingstodoinamsterdamcom\" \/>\n<meta property=\"article:modified_time\" content=\"2026-03-05T16:59:04+00:00\" \/>\n<meta property=\"og:image\" content=\"https:\/\/thingstodoinamsterdam.com\/wp-content\/uploads\/2019\/08\/micropia.jpg\" \/>\n\t<meta property=\"og:image:width\" content=\"1536\" \/>\n\t<meta property=\"og:image:height\" content=\"2048\" \/>\n\t<meta property=\"og:image:type\" content=\"image\/jpeg\" \/>\n<meta name=\"twitter:card\" content=\"summary_large_image\" \/>\n<meta name=\"twitter:label1\" content=\"Tempo di lettura stimato\" \/>\n\t<meta name=\"twitter:data1\" content=\"5 minuti\" \/>\n<script type=\"application\/ld+json\" class=\"yoast-schema-graph\">{\"@context\":\"https:\\\/\\\/schema.org\",\"@graph\":[{\"@type\":\"WebPage\",\"@id\":\"https:\\\/\\\/thingstodoinamsterdam.com\\\/it\\\/musei-ad-amsterdam\\\/micropia\\\/\",\"url\":\"https:\\\/\\\/thingstodoinamsterdam.com\\\/it\\\/musei-ad-amsterdam\\\/micropia\\\/\",\"name\":\"Micropia - il museo dei microbi. Acquista qui i tuoi biglietti online!\",\"isPartOf\":{\"@id\":\"https:\\\/\\\/thingstodoinamsterdam.com\\\/it\\\/#website\"},\"primaryImageOfPage\":{\"@id\":\"https:\\\/\\\/thingstodoinamsterdam.com\\\/it\\\/musei-ad-amsterdam\\\/micropia\\\/#primaryimage\"},\"image\":{\"@id\":\"https:\\\/\\\/thingstodoinamsterdam.com\\\/it\\\/musei-ad-amsterdam\\\/micropia\\\/#primaryimage\"},\"thumbnailUrl\":\"https:\\\/\\\/thingstodoinamsterdam.com\\\/wp-content\\\/uploads\\\/2019\\\/08\\\/micropia.jpg\",\"datePublished\":\"2026-02-13T09:52:09+00:00\",\"dateModified\":\"2026-03-05T16:59:04+00:00\",\"description\":\"Micropia \u00e8 un museo pluripremiato, l'unico museo dei microbi nel suo genere. Scopri la microbiologia e colma il divario tra scienza e arte.\",\"breadcrumb\":{\"@id\":\"https:\\\/\\\/thingstodoinamsterdam.com\\\/it\\\/musei-ad-amsterdam\\\/micropia\\\/#breadcrumb\"},\"inLanguage\":\"it-IT\",\"potentialAction\":[{\"@type\":\"ReadAction\",\"target\":[\"https:\\\/\\\/thingstodoinamsterdam.com\\\/it\\\/musei-ad-amsterdam\\\/micropia\\\/\"]}]},{\"@type\":\"ImageObject\",\"inLanguage\":\"it-IT\",\"@id\":\"https:\\\/\\\/thingstodoinamsterdam.com\\\/it\\\/musei-ad-amsterdam\\\/micropia\\\/#primaryimage\",\"url\":\"https:\\\/\\\/thingstodoinamsterdam.com\\\/wp-content\\\/uploads\\\/2019\\\/08\\\/micropia.jpg\",\"contentUrl\":\"https:\\\/\\\/thingstodoinamsterdam.com\\\/wp-content\\\/uploads\\\/2019\\\/08\\\/micropia.jpg\",\"width\":1536,\"height\":2048},{\"@type\":\"BreadcrumbList\",\"@id\":\"https:\\\/\\\/thingstodoinamsterdam.com\\\/it\\\/musei-ad-amsterdam\\\/micropia\\\/#breadcrumb\",\"itemListElement\":[{\"@type\":\"ListItem\",\"position\":1,\"name\":\"Cose da fare ad Amsterdam\",\"item\":\"https:\\\/\\\/thingstodoinamsterdam.com\\\/it\\\/\"},{\"@type\":\"ListItem\",\"position\":2,\"name\":\"Musei ad Amsterdam\",\"item\":\"https:\\\/\\\/thingstodoinamsterdam.com\\\/it\\\/musei-ad-amsterdam\\\/\"},{\"@type\":\"ListItem\",\"position\":3,\"name\":\"Micropia\"}]},{\"@type\":\"WebSite\",\"@id\":\"https:\\\/\\\/thingstodoinamsterdam.com\\\/it\\\/#website\",\"url\":\"https:\\\/\\\/thingstodoinamsterdam.com\\\/it\\\/\",\"name\":\"ThingstodoinAmsterdam.com\",\"description\":\"Amsterdam&#039;s highlights and hidden secrets\",\"publisher\":{\"@id\":\"https:\\\/\\\/thingstodoinamsterdam.com\\\/it\\\/#organization\"},\"potentialAction\":[{\"@type\":\"SearchAction\",\"target\":{\"@type\":\"EntryPoint\",\"urlTemplate\":\"https:\\\/\\\/thingstodoinamsterdam.com\\\/it\\\/?s={search_term_string}\"},\"query-input\":{\"@type\":\"PropertyValueSpecification\",\"valueRequired\":true,\"valueName\":\"search_term_string\"}}],\"inLanguage\":\"it-IT\"},{\"@type\":\"Organization\",\"@id\":\"https:\\\/\\\/thingstodoinamsterdam.com\\\/it\\\/#organization\",\"name\":\"Cose da fare ad Amsterdam\",\"url\":\"https:\\\/\\\/thingstodoinamsterdam.com\\\/it\\\/\",\"logo\":{\"@type\":\"ImageObject\",\"inLanguage\":\"it-IT\",\"@id\":\"https:\\\/\\\/thingstodoinamsterdam.com\\\/it\\\/#\\\/schema\\\/logo\\\/image\\\/\",\"url\":\"https:\\\/\\\/thingstodoinamsterdam.com\\\/wp-content\\\/uploads\\\/2025\\\/02\\\/ThingsToDoInAmsterdam-Favicon-logo.png\",\"contentUrl\":\"https:\\\/\\\/thingstodoinamsterdam.com\\\/wp-content\\\/uploads\\\/2025\\\/02\\\/ThingsToDoInAmsterdam-Favicon-logo.png\",\"width\":512,\"height\":512,\"caption\":\"Cose da fare ad Amsterdam\"},\"image\":{\"@id\":\"https:\\\/\\\/thingstodoinamsterdam.com\\\/it\\\/#\\\/schema\\\/logo\\\/image\\\/\"},\"sameAs\":[\"https:\\\/\\\/www.facebook.com\\\/thingstodoinamsterdamcom\"]}]}<\/script>\n<!-- \/ Yoast SEO plugin. -->","yoast_head_json":{"title":"Micropia - il museo dei microbi. Acquista qui i tuoi biglietti online!","description":"Micropia \u00e8 un museo pluripremiato, l'unico museo dei microbi nel suo genere. Scopri la microbiologia e colma il divario tra scienza e arte.","robots":{"index":"index","follow":"follow","max-snippet":"max-snippet:-1","max-image-preview":"max-image-preview:large","max-video-preview":"max-video-preview:-1"},"canonical":"https:\/\/thingstodoinamsterdam.com\/it\/musei-ad-amsterdam\/micropia\/","og_locale":"it_IT","og_type":"article","og_title":"Micropia - il museo dei microbi. Acquista qui i tuoi biglietti online!","og_description":"Micropia \u00e8 un museo pluripremiato, l'unico museo dei microbi nel suo genere. Scopri la microbiologia e colma il divario tra scienza e arte.","og_url":"https:\/\/thingstodoinamsterdam.com\/it\/musei-ad-amsterdam\/micropia\/","og_site_name":"ThingstodoinAmsterdam.com","article_publisher":"https:\/\/www.facebook.com\/thingstodoinamsterdamcom","article_modified_time":"2026-03-05T16:59:04+00:00","og_image":[{"width":1536,"height":2048,"url":"https:\/\/thingstodoinamsterdam.com\/wp-content\/uploads\/2019\/08\/micropia.jpg","type":"image\/jpeg"}],"twitter_card":"summary_large_image","twitter_misc":{"Tempo di lettura stimato":"5 minuti"},"schema":{"@context":"https:\/\/schema.org","@graph":[{"@type":"WebPage","@id":"https:\/\/thingstodoinamsterdam.com\/it\/musei-ad-amsterdam\/micropia\/","url":"https:\/\/thingstodoinamsterdam.com\/it\/musei-ad-amsterdam\/micropia\/","name":"Micropia - il museo dei microbi. Acquista qui i tuoi biglietti online!","isPartOf":{"@id":"https:\/\/thingstodoinamsterdam.com\/it\/#website"},"primaryImageOfPage":{"@id":"https:\/\/thingstodoinamsterdam.com\/it\/musei-ad-amsterdam\/micropia\/#primaryimage"},"image":{"@id":"https:\/\/thingstodoinamsterdam.com\/it\/musei-ad-amsterdam\/micropia\/#primaryimage"},"thumbnailUrl":"https:\/\/thingstodoinamsterdam.com\/wp-content\/uploads\/2019\/08\/micropia.jpg","datePublished":"2026-02-13T09:52:09+00:00","dateModified":"2026-03-05T16:59:04+00:00","description":"Micropia \u00e8 un museo pluripremiato, l'unico museo dei microbi nel suo genere. Scopri la microbiologia e colma il divario tra scienza e arte.","breadcrumb":{"@id":"https:\/\/thingstodoinamsterdam.com\/it\/musei-ad-amsterdam\/micropia\/#breadcrumb"},"inLanguage":"it-IT","potentialAction":[{"@type":"ReadAction","target":["https:\/\/thingstodoinamsterdam.com\/it\/musei-ad-amsterdam\/micropia\/"]}]},{"@type":"ImageObject","inLanguage":"it-IT","@id":"https:\/\/thingstodoinamsterdam.com\/it\/musei-ad-amsterdam\/micropia\/#primaryimage","url":"https:\/\/thingstodoinamsterdam.com\/wp-content\/uploads\/2019\/08\/micropia.jpg","contentUrl":"https:\/\/thingstodoinamsterdam.com\/wp-content\/uploads\/2019\/08\/micropia.jpg","width":1536,"height":2048},{"@type":"BreadcrumbList","@id":"https:\/\/thingstodoinamsterdam.com\/it\/musei-ad-amsterdam\/micropia\/#breadcrumb","itemListElement":[{"@type":"ListItem","position":1,"name":"Cose da fare ad Amsterdam","item":"https:\/\/thingstodoinamsterdam.com\/it\/"},{"@type":"ListItem","position":2,"name":"Musei ad Amsterdam","item":"https:\/\/thingstodoinamsterdam.com\/it\/musei-ad-amsterdam\/"},{"@type":"ListItem","position":3,"name":"Micropia"}]},{"@type":"WebSite","@id":"https:\/\/thingstodoinamsterdam.com\/it\/#website","url":"https:\/\/thingstodoinamsterdam.com\/it\/","name":"ThingstodoinAmsterdam.com","description":"Amsterdam&#039;s highlights and hidden secrets","publisher":{"@id":"https:\/\/thingstodoinamsterdam.com\/it\/#organization"},"potentialAction":[{"@type":"SearchAction","target":{"@type":"EntryPoint","urlTemplate":"https:\/\/thingstodoinamsterdam.com\/it\/?s={search_term_string}"},"query-input":{"@type":"PropertyValueSpecification","valueRequired":true,"valueName":"search_term_string"}}],"inLanguage":"it-IT"},{"@type":"Organization","@id":"https:\/\/thingstodoinamsterdam.com\/it\/#organization","name":"Cose da fare ad Amsterdam","url":"https:\/\/thingstodoinamsterdam.com\/it\/","logo":{"@type":"ImageObject","inLanguage":"it-IT","@id":"https:\/\/thingstodoinamsterdam.com\/it\/#\/schema\/logo\/image\/","url":"https:\/\/thingstodoinamsterdam.com\/wp-content\/uploads\/2025\/02\/ThingsToDoInAmsterdam-Favicon-logo.png","contentUrl":"https:\/\/thingstodoinamsterdam.com\/wp-content\/uploads\/2025\/02\/ThingsToDoInAmsterdam-Favicon-logo.png","width":512,"height":512,"caption":"Cose da fare ad Amsterdam"},"image":{"@id":"https:\/\/thingstodoinamsterdam.com\/it\/#\/schema\/logo\/image\/"},"sameAs":["https:\/\/www.facebook.com\/thingstodoinamsterdamcom"]}]}},"_links":{"self":[{"href":"https:\/\/thingstodoinamsterdam.com\/it\/wp-json\/wp\/v2\/pages\/2532453","targetHints":{"allow":["GET"]}}],"collection":[{"href":"https:\/\/thingstodoinamsterdam.com\/it\/wp-json\/wp\/v2\/pages"}],"about":[{"href":"https:\/\/thingstodoinamsterdam.com\/it\/wp-json\/wp\/v2\/types\/page"}],"author":[{"embeddable":true,"href":"https:\/\/thingstodoinamsterdam.com\/it\/wp-json\/wp\/v2\/users\/4"}],"replies":[{"embeddable":true,"href":"https:\/\/thingstodoinamsterdam.com\/it\/wp-json\/wp\/v2\/comments?post=2532453"}],"version-history":[{"count":5,"href":"https:\/\/thingstodoinamsterdam.com\/it\/wp-json\/wp\/v2\/pages\/2532453\/revisions"}],"predecessor-version":[{"id":2534306,"href":"https:\/\/thingstodoinamsterdam.com\/it\/wp-json\/wp\/v2\/pages\/2532453\/revisions\/2534306"}],"up":[{"embeddable":true,"href":"https:\/\/thingstodoinamsterdam.com\/it\/wp-json\/wp\/v2\/pages\/2532588"}],"wp:featuredmedia":[{"embeddable":true,"href":"https:\/\/thingstodoinamsterdam.com\/it\/wp-json\/wp\/v2\/media\/2532455"}],"wp:attachment":[{"href":"https:\/\/thingstodoinamsterdam.com\/it\/wp-json\/wp\/v2\/media?parent=2532453"}],"curies":[{"name":"wp","href":"https:\/\/api.w.org\/{rel}","templated":true}]}}