{"id":2532460,"date":"2026-02-13T10:52:12","date_gmt":"2026-02-13T09:52:12","guid":{"rendered":"https:\/\/thingstodoinamsterdam.com\/this-is-holland-esperienza-di-volo-5d-ad-amsterdam\/"},"modified":"2026-03-05T17:58:56","modified_gmt":"2026-03-05T16:58:56","slug":"this-is-holland-esperienza-di-volo-5d-ad-amsterdam","status":"publish","type":"page","link":"https:\/\/thingstodoinamsterdam.com\/it\/this-is-holland-esperienza-di-volo-5d-ad-amsterdam\/","title":{"rendered":"THIS IS HOLLAND: Esperienza di volo 5D ad Amsterdam"},"content":{"rendered":"<div class=\"wpb-content-wrapper\"><p>[vc_row][vc_column][buttonsticky title=&#8221;Ordina biglietti scontati per THIS IS HOLLAND&#8221; link=&#8221;https:\/\/thingstodoinamsterdam.com\/ticketlink-thisisholland-tours-std&#8221; target=&#8221;true&#8221; nofollow=&#8221;true&#8221; el_id=&#8221;1706019759431-8796c923-c804&#8243;][\/vc_column][\/vc_row][vc_row][vc_column][vc_column_text]THIS IS HOLLAND \u00e8 una sensazionale nuova attrazione in 5D ad Amsterdam Nord. Ti porter\u00e0 letteralmente in volo per vedere le bellezze dei Paesi Bassi in meno di 90 minuti! La maggior parte delle persone che visitano Amsterdam si ferma solo per pochi giorni. Vengono per vedere le <a href=\"https:\/\/thingstodoinamsterdam.com\/it\/\">attrazioni principali di Amsterdam<\/a>, ma spesso non visitano luoghi fuori citt\u00e0. \u00c8 un peccato, perch\u00e9 c&#8217;\u00e8 molto altro da vedere e scoprire in questo piccolo paese. Se vuoi vedere di pi\u00f9 dei Paesi Bassi ma hai poco tempo, non perderti THIS IS HOLLAND! Prima dell&#8217;emozionante volo, scoprirai la storia del paese e come \u00e8 diventato il luogo che \u00e8 oggi.      <\/p>\n<p>Immagini cinematografiche di una bellezza mozzafiato ti offrono una prospettiva spettacolare dall&#8217;alto. Grazie a sorprendenti effetti speciali e a un enorme schermo sferico, potrai sorvolare diverse tappe imperdibili dei Paesi Bassi. Vivrai davvero l&#8217;esperienza del volo perch\u00e9 non ti limiterai a guardare lo spettacolare materiale filmato: <strong>tutti i tuoi sensi saranno stimolati durante il volo.<\/strong> Seduto su una poltrona simile a quella di un simulatore di volo, percepirai movimenti, odori e molto altro. Dopo l&#8217;esperienza di volo, potrai rilassarti nella nostra Holland lounge. Qui potrai ricevere informazioni extra sui luoghi che hai sorvolato durante il volo.    <\/p>\n<p>THIS IS HOLLAND offre <strong>un&#8217;esperienza di volo unica sopra alcuni dei luoghi pi\u00f9 iconici dei Paesi Bassi<\/strong>. Sembra davvero di volare sopra il paesaggio olandese, tanto da dimenticare per un momento di essere ad Amsterdam. Vengono utilizzate le tecnologie pi\u00f9 recenti per darti una reale sensazione di volo. Durante il volo, l&#8217;atmosfera, inclusi la nebbia, il vento e altri elementi, contribuisce a rendere l&#8217;esperienza ancora pi\u00f9 coinvolgente. THIS IS HOLLAND ti mostrer\u00e0 i <strong>siti olandesi patrimonio dell&#8217;umanit\u00e0, i campi di bulbi, i canali di Amsterdam<\/strong> e altri iconici scenari olandesi durante questo fantastico volo.    <\/p>\n<p>Vivi un&#8217;esperienza di volo unica, sorvolando i luoghi imperdibili dell&#8217;Olanda. Vola come un uccello e lasciati stupire dalla diversit\u00e0, dalla bellezza e dalla ricchezza dei Paesi Bassi. Non dimenticare di respirare, sei in buone mani![\/vc_column_text][button title=&#8221;Order discounted THIS IS HOLLAND tickets&#8221; link=&#8221;https:\/\/thingstodoinamsterdam.com\/ticketlink-thisisholland-tours-std&#8221; icon=&#8221;&#8221; button_align=&#8221;center&#8221; target=&#8221;true&#8221; nofollow=&#8221;true&#8221; el_id=&#8221;1565340538644-29d7cc60-c55b&#8221;][vc_video link=&#8221;https:\/\/youtu.be\/gG9ueVYPW58&#8243; el_width=&#8221;80&#8243; align=&#8221;center&#8221;][vc_column_text]<\/p>\n<h2>Orari di apertura di THIS IS HOLLAND Amsterdam<\/h2>\n<p>THIS IS HOLLAND \u00e8 aperto tutti i giorni dalle 10:00 alle 20:00.<\/p>\n<table style=\"width: 100%;\">\n<tbody>\n<tr>\n<td>Da domenica a gioved\u00ec<\/td>\n<td> 10:00 &#8211; 19:00<\/td>\n<\/tr>\n<tr>\n<td>Venerd\u00ec e sabato<\/td>\n<td> 10:00 &#8211; 19:00<\/td>\n<\/tr>\n<\/tbody>\n<\/table>\n<p>[\/vc_column_text][vc_column_text]<\/p>\n<h2>Biglietti, prezzi e sconti per THIS IS HOLLAND<\/h2>\n<p>I biglietti sono disponibili qui sul nostro sito. Abbiamo selezionato fornitori affidabili che potrebbero offrirti sconti interessanti. Clicca sul pulsante blu e ordina tutti i biglietti che vuoi! I biglietti sono aperti, quindi puoi usarli nella data e all&#8217;orario che preferisci. Ricorda di controllare gli orari di apertura.    <\/p>\n<p><strong>Nota: <\/strong>Le persone di altezza inferiore a 102 cm e le donne in gravidanza non sono ammesse alla Flight Experience.<\/p>\n<p>&nbsp;<\/p>\n<table style=\"width: 100%;\">\n<tbody>\n<tr>\n<td>Adulti<\/td>\n<td>23 \u20ac<\/td>\n<\/tr>\n<tr>\n<td>Bambini<\/td>\n<td>19 \u20ac<\/td>\n<\/tr>\n<\/tbody>\n<\/table>\n<p>[\/vc_column_text][button title=&#8221;Order discounted THIS IS HOLLAND tickets at Tours-tickets.com&#8221; link=&#8221;https:\/\/thingstodoinamsterdam.com\/ticketlink-thisisholland-tours-std&#8221; icon=&#8221;&#8221; button_align=&#8221;center&#8221; target=&#8221;true&#8221; nofollow=&#8221;true&#8221; el_id=&#8221;1565340749388-953a835d-2af1&#8243;][button title=&#8221;Order discounted THIS IS HOLLAND tickets at Tiqets.com&#8221; link=&#8221;https:\/\/thingstodoinamsterdam.com\/ticketlink-thisisholland-tiqets-std&#8221; icon=&#8221;&#8221; button_align=&#8221;center&#8221; target=&#8221;true&#8221; nofollow=&#8221;true&#8221; el_id=&#8221;1565340755229-6f0926a6-1ff0&#8243;][vc_column_text]<\/p>\n<h2>FAQ su THIS IS HOLLAND<\/h2>\n<p><strong>C&#8217;\u00e8 coda a THIS IS HOLLAND?<\/strong><\/p>\n<p>S\u00ec, pu\u00f2 esserci, specialmente durante i mesi estivi. Fortunatamente i biglietti sono aperti, quindi puoi sempre tornare in un momento meno affollato. Biglietto aperto significa che puoi andare in qualsiasi giorno e orario desideri, purch\u00e9 entro l&#8217;orario di apertura. E ricorda, un biglietto aperto pu\u00f2 essere utilizzato una sola volta!   <\/p>\n<p><strong>I cani sono ammessi a THIS IS HOLLAND?<\/strong><\/p>\n<p>No, i cani non sono ammessi.<\/p>\n<p><strong>Devo stampare gli e-ticket?<\/strong><\/p>\n<p>Non c&#8217;\u00e8 bisogno di sprecare carta, puoi mostrare l&#8217;e-ticket sul tuo smartphone.<\/p>\n<p><strong>Quanto dura l&#8217;esperienza?<\/strong><\/p>\n<p>Dura circa 1 ora.<\/p>\n<p><strong>Ci sono requisiti per partecipare all&#8217;esperienza?<\/strong><\/p>\n<p>Le persone di altezza inferiore a 102 cm e le donne in gravidanza non sono ammesse alla Flight Experience.[\/vc_column_text][vc_column_text]<\/p>\n<h2>Indirizzo e contatti di THIS IS HOLLAND<\/h2>\n<p>THIS IS HOLLAND si trova proprio vicino alla A&#8217;dam Tower. \u00c8 situato ad Amsterdam Nord ed \u00e8 raggiungibile con il traghetto. Il traghetto si trova sul retro della Stazione Centrale di Amsterdam.  <\/p>\n<p><strong>Indirizzo<br \/>\n<\/strong>Overhoeksplein 51<br \/>\n1031 KS Amsterdam<br \/>\nE-mail: info@thisisholland.com<br \/>\nTel: +31 (0) 20 215 3008<br \/>\n<a href=\"https:\/\/www.thisisholland.com\/nl\/home\/\">https:\/\/www.thisisholland.com\/<\/a>[\/vc_column_text][g_map heading=&#8221;THIS IS HOLLAND Amsterdam on the city map&#8221; el_id=&#8221;1565340858211-550bb46b-1919&#8243;]<iframe style=\"border: 0;\" src=\"https:\/\/www.google.com\/maps\/embed?pb=!1m18!1m12!1m3!1d2435.239159744928!2d4.900180615802381!3d52.38421467978871!2m3!1f0!2f0!3f0!3m2!1i1024!2i768!4f13.1!3m3!1m2!1s0x47c609b4697a032d%3A0xac3f00acb40cd7c5!2sThis+is+Holland!5e0!3m2!1sen!2snl!4v1524671626046\" width=\"600\" height=\"450\" frameborder=\"0\" allowfullscreen=\"allowfullscreen\"><\/iframe>[\/g_map][vc_column_text]<\/p>\n<h2>Trasporti pubblici per THIS IS HOLLAND Amsterdam<\/h2>\n<p>THIS IS HOLLAND Amsterdam si trova proprio accanto alla A&#8217;dam Tower. \u00c8 ad Amsterdam Nord e dista circa 8 minuti a piedi dalla stazione del traghetto. <\/p>\n<p>Nota: <strong>i traghetti sono gratuiti, quindi non \u00e8 necessario acquistare un biglietto per prenderli.<\/strong><\/p>\n<p><strong>Dalla Stazione Centrale di Amsterdam a THIS IS HOLLAND Amsterdam:<\/strong><\/p>\n<ul>\n<li>Cammina verso il retro della Stazione Centrale di Amsterdam, da dove partono i taxi. Attraversa la strada verso i traghetti e prendi quello diretto a Buiksloterweg. Cammina verso la A&#8217;dam Tower (l&#8217;edificio pi\u00f9 alto su quel lato di Amsterdam) e sarai l\u00ec in 8 minuti.  <\/li>\n<\/ul>\n<p><strong style=\"font-family: Verdana, Geneva, sans-serif;\">Da Amsterdam Leidseplein:<\/strong><\/p>\n<ul>\n<li>Tram 1, direzione Centraal Station<\/li>\n<li>Tram 2, direzione Centraal Station<\/li>\n<li>Tram 5, direzione Centraal Station<\/li>\n<li><strong>Prendi i traghetti (vedi indicazioni sopra).<\/strong><\/li>\n<\/ul>\n<p>Con il pulsante qui sotto puoi trovare consigli precisi sui tempi di percorrenza in tempo reale in base alla tua posizione attuale. Questa applicazione ti aiuter\u00e0 se non sai quale autobus o tram prendere dalla tua posizione. <\/p>\n<p><a href=\"https:\/\/9292.nl\/en?to=amsterdam_rembrandt-square\"><img decoding=\"async\" class=\"alignnone size-medium wp-image-3080\" src=\"https:\/\/thingstodoinamsterdam.com\/wp-content\/uploads\/2019\/07\/Button-Plan-mijn-OV-reis-EN-300x54.png\" alt=\"pulsante ov Ice bar\" width=\"300\" height=\"54\"><\/a>[\/vc_column_text][vc_column_text css=&#8221;&#8221;]<\/p>\n<h3>Altre cose da fare<\/h3>\n<p><a href=\"https:\/\/thingstodoinamsterdam.com\/it\/artis-zoo-amsterdam\/\">Zoo Artis<\/a><br \/>\n<a href=\"https:\/\/thingstodoinamsterdam.com\/it\/musei-ad-amsterdam\/amsterdam-dungeon\/\">Amsterdam Dungeon<\/a><br \/>\n<a href=\"https:\/\/thingstodoinamsterdam.com\/it\/musei-ad-amsterdam\/casa-di-anna-frank\/\">Casa di Anna Frank<\/a><br \/>\n<a href=\"https:\/\/thingstodoinamsterdam.com\/it\/body-worlds-the-happiness-project\/\">BODY WORLDS Amsterdam<\/a><br \/>\n<a href=\"https:\/\/thingstodoinamsterdam.com\/it\/crociera-canali\/\">Crociera sui canali di Amsterdam<\/a><br \/>\n<a href=\"https:\/\/thingstodoinamsterdam.com\/coffeeshop-amsterdam-3\/\">Coffeeshop ad Amsterdam<\/a><br \/>\n<a href=\"https:\/\/thingstodoinamsterdam.com\/it\/gita-fuori-porta-da-amsterdam\/\">Gita di un giorno da Amsterdam<\/a><br \/>\n<a href=\"https:\/\/thingstodoinamsterdam.com\/it\/musei-ad-amsterdam\/heineken-experience-amsterdam\/\">Heineken Experience<\/a><br \/>\n<a href=\"https:\/\/thingstodoinamsterdam.com\/it\/ice-bar-amsterdam\/\">Ice Bar Amsterdam<\/a><br \/>\n<a href=\"https:\/\/thingstodoinamsterdam.com\/it\/informazioni-pratiche\/i-amsterdam-city-card\/\">I Amsterdam City Card<\/a><br \/>\n<a href=\"https:\/\/thingstodoinamsterdam.com\/it\/musei-ad-amsterdam\/moco-museum\/\">Moco Museum<\/a><br \/>\n<a href=\"https:\/\/thingstodoinamsterdam.com\/it\/madurodam-parco-a-tema-dellolanda-in-miniatura\/\">Madurodam<\/a><br \/>\n<a href=\"https:\/\/thingstodoinamsterdam.com\/powerzone-bowling-minigolf-laser-tag-amsterdam\/\">Powerzone<\/a><br \/>\n<a href=\"https:\/\/thingstodoinamsterdam.com\/it\/rijksmuseum\/\">Rijksmuseum<\/a><br \/>\n<a href=\"https:\/\/thingstodoinamsterdam.com\/it\/quartiere-a-luci-rosse\/\">Quartiere a Luci Rosse<\/a><br \/>\n<a href=\"https:\/\/thingstodoinamsterdam.com\/museum-amsterdam\/stedelijk-museum\/\">Stedelijk Museum<\/a><br \/>\n<a href=\"https:\/\/thingstodoinamsterdam.com\/museum-amsterdam\/tropenmuseum\/\">Tropenmuseum<\/a>[\/vc_column_text][\/vc_column][\/vc_row][vc_row][vc_column][reviews heading=&#8221;THIS IS HOLLAND Amsterdam Reviews&#8221; description=&#8221;We are always interested in knowing what our visitors&apos; experiences are. Please submit your THIS IS HOLLAND reviews below and help fellow visitors make a decision if it&apos;s something they&apos;d like to visit or not! What did you think of THIS IS HOLLAND? Would you recommend it to your friends and family? Was there a queue and did you have to wait long? Submit your reviews and we will get back to you soon!&#8221; item_name=&#8221;This is Holland&#8221; item_image=&#8221;1575&#8243; item_tel=&#8221;003120 215 3008&#8243; item_web=&#8221;https:\/\/www.thisisholland.com\/&#8221; item_address=&#8221;Overhoeksplein 51,&#8221; item_city=&#8221;Amsterdam&#8221; item_postal_code=&#8221;1031 KS Amsterdam&#8221; item_country=&#8221;NL&#8221; el_id=&#8221;1565340994050-d88db645-982c&#8221;][\/reviews][vc_column_text]<strong>Dai un&#8217;occhiata a uno dei seguenti musei qui sotto o torna alla pagina generale dei <a href=\"https:\/\/thingstodoinamsterdam.com\/it\/musei-ad-amsterdam\/\">musei di Amsterdam<\/a>.<\/strong>[\/vc_column_text][\/vc_column][\/vc_row][vc_row][vc_column][promo_block style_var=&#8221;style2&#8243; el_id=&#8221;1565341166376-df171327-bf83&#8243;][promo link=&#8221;url:https%3A%2F%2Fthingstodoinamsterdam.com%2Fmuseum-amsterdam%2Frijksmuseum%2F|title:Rijksmuseum|&#8221; text=&#8221;Discover Rembrandt\u2019s nightwatch and many more famous Dutch artists&#8221; img=&#8221;1089&#8243;][promo link=&#8221;url:https%3A%2F%2Fthingstodoinamsterdam.com%2Fmuseum-amsterdam%2Famsterdam-dungeon%2F|title:Amsterdam%20Dungeon|&#8221; text=&#8221;Check out live shows on the history of Amsterdam&#8221; img=&#8221;2065&#8243;][promo link=&#8221;url:https%3A%2F%2Fthingstodoinamsterdam.com%2Fmuseum-amsterdam%2Fmadame-tussauds-wax-museum-amsterdam%2F|title:Madame%20Tussauds|&#8221; text=&#8221;Take a selfie with the Dutch Royal family!&#8221; img=&#8221;2233&#8243;][\/promo_block][\/vc_column][\/vc_row]<\/p>\n<\/div>","protected":false},"excerpt":{"rendered":"<p>[vc_row][vc_column][buttonsticky title=&#8221;Ordina biglietti scontati per THIS IS HOLLAND&#8221; link=&#8221;https:\/\/thingstodoinamsterdam.com\/ticketlink-thisisholland-tours-std&#8221; target=&#8221;true&#8221; nofollow=&#8221;true&#8221; el_id=&#8221;1706019759431-8796c923-c804&#8243;][\/vc_column][\/vc_row][vc_row][vc_column][vc_column_text]THIS IS HOLLAND \u00e8 una sensazionale nuova attrazione in 5D ad Amsterdam Nord. Ti\u2026<\/p>\n","protected":false},"author":3,"featured_media":2532464,"parent":0,"menu_order":0,"comment_status":"closed","ping_status":"closed","template":"","meta":{"footnotes":""},"class_list":["post-2532460","page","type-page","status-publish","has-post-thumbnail","hentry"],"yoast_head":"<!-- This site is optimized with the Yoast SEO plugin v27.4 - https:\/\/yoast.com\/product\/yoast-seo-wordpress\/ -->\n<title>Esperienza 5D THIS IS HOLLAND - biglietti scontati e recensioni<\/title>\n<meta name=\"description\" content=\"THIS IS HOLLAND \u00e8 una sensazionale nuova attrazione in 5D ad Amsterdam Nord. Volerai e vedrai i luoghi pi\u00f9 iconici dei Paesi Bassi\" \/>\n<meta name=\"robots\" content=\"index, follow, max-snippet:-1, max-image-preview:large, max-video-preview:-1\" \/>\n<link rel=\"canonical\" href=\"https:\/\/thingstodoinamsterdam.com\/it\/this-is-holland-esperienza-di-volo-5d-ad-amsterdam\/\" \/>\n<meta property=\"og:locale\" content=\"it_IT\" \/>\n<meta property=\"og:type\" content=\"article\" \/>\n<meta property=\"og:title\" content=\"Esperienza 5D THIS IS HOLLAND - biglietti scontati e recensioni\" \/>\n<meta property=\"og:description\" content=\"THIS IS HOLLAND \u00e8 una sensazionale nuova attrazione in 5D ad Amsterdam Nord. Volerai e vedrai i luoghi pi\u00f9 iconici dei Paesi Bassi\" \/>\n<meta property=\"og:url\" content=\"https:\/\/thingstodoinamsterdam.com\/it\/this-is-holland-esperienza-di-volo-5d-ad-amsterdam\/\" \/>\n<meta property=\"og:site_name\" content=\"ThingstodoinAmsterdam.com\" \/>\n<meta property=\"article:publisher\" content=\"https:\/\/www.facebook.com\/thingstodoinamsterdamcom\" \/>\n<meta property=\"article:modified_time\" content=\"2026-03-05T16:58:56+00:00\" \/>\n<meta property=\"og:image\" content=\"https:\/\/thingstodoinamsterdam.com\/wp-content\/uploads\/2019\/02\/This_Is_Holland_tumb-883x1024.jpg\" \/>\n\t<meta property=\"og:image:width\" content=\"883\" \/>\n\t<meta property=\"og:image:height\" content=\"1024\" \/>\n\t<meta property=\"og:image:type\" content=\"image\/jpeg\" \/>\n<meta name=\"twitter:card\" content=\"summary_large_image\" \/>\n<meta name=\"twitter:label1\" content=\"Tempo di lettura stimato\" \/>\n\t<meta name=\"twitter:data1\" content=\"6 minuti\" \/>\n<script type=\"application\/ld+json\" class=\"yoast-schema-graph\">{\"@context\":\"https:\\\/\\\/schema.org\",\"@graph\":[{\"@type\":\"WebPage\",\"@id\":\"https:\\\/\\\/thingstodoinamsterdam.com\\\/it\\\/this-is-holland-esperienza-di-volo-5d-ad-amsterdam\\\/\",\"url\":\"https:\\\/\\\/thingstodoinamsterdam.com\\\/it\\\/this-is-holland-esperienza-di-volo-5d-ad-amsterdam\\\/\",\"name\":\"Esperienza 5D THIS IS HOLLAND - biglietti scontati e recensioni\",\"isPartOf\":{\"@id\":\"https:\\\/\\\/thingstodoinamsterdam.com\\\/it\\\/#website\"},\"primaryImageOfPage\":{\"@id\":\"https:\\\/\\\/thingstodoinamsterdam.com\\\/it\\\/this-is-holland-esperienza-di-volo-5d-ad-amsterdam\\\/#primaryimage\"},\"image\":{\"@id\":\"https:\\\/\\\/thingstodoinamsterdam.com\\\/it\\\/this-is-holland-esperienza-di-volo-5d-ad-amsterdam\\\/#primaryimage\"},\"thumbnailUrl\":\"https:\\\/\\\/thingstodoinamsterdam.com\\\/wp-content\\\/uploads\\\/2019\\\/02\\\/This_Is_Holland_tumb-883x1024.jpg\",\"datePublished\":\"2026-02-13T09:52:12+00:00\",\"dateModified\":\"2026-03-05T16:58:56+00:00\",\"description\":\"THIS IS HOLLAND \u00e8 una sensazionale nuova attrazione in 5D ad Amsterdam Nord. Volerai e vedrai i luoghi pi\u00f9 iconici dei Paesi Bassi\",\"breadcrumb\":{\"@id\":\"https:\\\/\\\/thingstodoinamsterdam.com\\\/it\\\/this-is-holland-esperienza-di-volo-5d-ad-amsterdam\\\/#breadcrumb\"},\"inLanguage\":\"it-IT\",\"potentialAction\":[{\"@type\":\"ReadAction\",\"target\":[\"https:\\\/\\\/thingstodoinamsterdam.com\\\/it\\\/this-is-holland-esperienza-di-volo-5d-ad-amsterdam\\\/\"]}]},{\"@type\":\"ImageObject\",\"inLanguage\":\"it-IT\",\"@id\":\"https:\\\/\\\/thingstodoinamsterdam.com\\\/it\\\/this-is-holland-esperienza-di-volo-5d-ad-amsterdam\\\/#primaryimage\",\"url\":\"https:\\\/\\\/thingstodoinamsterdam.com\\\/wp-content\\\/uploads\\\/2019\\\/02\\\/This_Is_Holland_tumb-883x1024.jpg\",\"contentUrl\":\"https:\\\/\\\/thingstodoinamsterdam.com\\\/wp-content\\\/uploads\\\/2019\\\/02\\\/This_Is_Holland_tumb-883x1024.jpg\",\"width\":883,\"height\":1024},{\"@type\":\"BreadcrumbList\",\"@id\":\"https:\\\/\\\/thingstodoinamsterdam.com\\\/it\\\/this-is-holland-esperienza-di-volo-5d-ad-amsterdam\\\/#breadcrumb\",\"itemListElement\":[{\"@type\":\"ListItem\",\"position\":1,\"name\":\"Cose da fare ad Amsterdam\",\"item\":\"https:\\\/\\\/thingstodoinamsterdam.com\\\/it\\\/\"},{\"@type\":\"ListItem\",\"position\":2,\"name\":\"THIS IS HOLLAND: Esperienza di volo 5D ad Amsterdam\"}]},{\"@type\":\"WebSite\",\"@id\":\"https:\\\/\\\/thingstodoinamsterdam.com\\\/it\\\/#website\",\"url\":\"https:\\\/\\\/thingstodoinamsterdam.com\\\/it\\\/\",\"name\":\"ThingstodoinAmsterdam.com\",\"description\":\"Amsterdam&#039;s highlights and hidden secrets\",\"publisher\":{\"@id\":\"https:\\\/\\\/thingstodoinamsterdam.com\\\/it\\\/#organization\"},\"potentialAction\":[{\"@type\":\"SearchAction\",\"target\":{\"@type\":\"EntryPoint\",\"urlTemplate\":\"https:\\\/\\\/thingstodoinamsterdam.com\\\/it\\\/?s={search_term_string}\"},\"query-input\":{\"@type\":\"PropertyValueSpecification\",\"valueRequired\":true,\"valueName\":\"search_term_string\"}}],\"inLanguage\":\"it-IT\"},{\"@type\":\"Organization\",\"@id\":\"https:\\\/\\\/thingstodoinamsterdam.com\\\/it\\\/#organization\",\"name\":\"Cose da fare ad Amsterdam\",\"url\":\"https:\\\/\\\/thingstodoinamsterdam.com\\\/it\\\/\",\"logo\":{\"@type\":\"ImageObject\",\"inLanguage\":\"it-IT\",\"@id\":\"https:\\\/\\\/thingstodoinamsterdam.com\\\/it\\\/#\\\/schema\\\/logo\\\/image\\\/\",\"url\":\"https:\\\/\\\/thingstodoinamsterdam.com\\\/wp-content\\\/uploads\\\/2025\\\/02\\\/ThingsToDoInAmsterdam-Favicon-logo.png\",\"contentUrl\":\"https:\\\/\\\/thingstodoinamsterdam.com\\\/wp-content\\\/uploads\\\/2025\\\/02\\\/ThingsToDoInAmsterdam-Favicon-logo.png\",\"width\":512,\"height\":512,\"caption\":\"Cose da fare ad Amsterdam\"},\"image\":{\"@id\":\"https:\\\/\\\/thingstodoinamsterdam.com\\\/it\\\/#\\\/schema\\\/logo\\\/image\\\/\"},\"sameAs\":[\"https:\\\/\\\/www.facebook.com\\\/thingstodoinamsterdamcom\"]}]}<\/script>\n<!-- \/ Yoast SEO plugin. -->","yoast_head_json":{"title":"Esperienza 5D THIS IS HOLLAND - biglietti scontati e recensioni","description":"THIS IS HOLLAND \u00e8 una sensazionale nuova attrazione in 5D ad Amsterdam Nord. Volerai e vedrai i luoghi pi\u00f9 iconici dei Paesi Bassi","robots":{"index":"index","follow":"follow","max-snippet":"max-snippet:-1","max-image-preview":"max-image-preview:large","max-video-preview":"max-video-preview:-1"},"canonical":"https:\/\/thingstodoinamsterdam.com\/it\/this-is-holland-esperienza-di-volo-5d-ad-amsterdam\/","og_locale":"it_IT","og_type":"article","og_title":"Esperienza 5D THIS IS HOLLAND - biglietti scontati e recensioni","og_description":"THIS IS HOLLAND \u00e8 una sensazionale nuova attrazione in 5D ad Amsterdam Nord. Volerai e vedrai i luoghi pi\u00f9 iconici dei Paesi Bassi","og_url":"https:\/\/thingstodoinamsterdam.com\/it\/this-is-holland-esperienza-di-volo-5d-ad-amsterdam\/","og_site_name":"ThingstodoinAmsterdam.com","article_publisher":"https:\/\/www.facebook.com\/thingstodoinamsterdamcom","article_modified_time":"2026-03-05T16:58:56+00:00","og_image":[{"width":883,"height":1024,"url":"https:\/\/thingstodoinamsterdam.com\/wp-content\/uploads\/2019\/02\/This_Is_Holland_tumb-883x1024.jpg","type":"image\/jpeg"}],"twitter_card":"summary_large_image","twitter_misc":{"Tempo di lettura stimato":"6 minuti"},"schema":{"@context":"https:\/\/schema.org","@graph":[{"@type":"WebPage","@id":"https:\/\/thingstodoinamsterdam.com\/it\/this-is-holland-esperienza-di-volo-5d-ad-amsterdam\/","url":"https:\/\/thingstodoinamsterdam.com\/it\/this-is-holland-esperienza-di-volo-5d-ad-amsterdam\/","name":"Esperienza 5D THIS IS HOLLAND - biglietti scontati e recensioni","isPartOf":{"@id":"https:\/\/thingstodoinamsterdam.com\/it\/#website"},"primaryImageOfPage":{"@id":"https:\/\/thingstodoinamsterdam.com\/it\/this-is-holland-esperienza-di-volo-5d-ad-amsterdam\/#primaryimage"},"image":{"@id":"https:\/\/thingstodoinamsterdam.com\/it\/this-is-holland-esperienza-di-volo-5d-ad-amsterdam\/#primaryimage"},"thumbnailUrl":"https:\/\/thingstodoinamsterdam.com\/wp-content\/uploads\/2019\/02\/This_Is_Holland_tumb-883x1024.jpg","datePublished":"2026-02-13T09:52:12+00:00","dateModified":"2026-03-05T16:58:56+00:00","description":"THIS IS HOLLAND \u00e8 una sensazionale nuova attrazione in 5D ad Amsterdam Nord. Volerai e vedrai i luoghi pi\u00f9 iconici dei Paesi Bassi","breadcrumb":{"@id":"https:\/\/thingstodoinamsterdam.com\/it\/this-is-holland-esperienza-di-volo-5d-ad-amsterdam\/#breadcrumb"},"inLanguage":"it-IT","potentialAction":[{"@type":"ReadAction","target":["https:\/\/thingstodoinamsterdam.com\/it\/this-is-holland-esperienza-di-volo-5d-ad-amsterdam\/"]}]},{"@type":"ImageObject","inLanguage":"it-IT","@id":"https:\/\/thingstodoinamsterdam.com\/it\/this-is-holland-esperienza-di-volo-5d-ad-amsterdam\/#primaryimage","url":"https:\/\/thingstodoinamsterdam.com\/wp-content\/uploads\/2019\/02\/This_Is_Holland_tumb-883x1024.jpg","contentUrl":"https:\/\/thingstodoinamsterdam.com\/wp-content\/uploads\/2019\/02\/This_Is_Holland_tumb-883x1024.jpg","width":883,"height":1024},{"@type":"BreadcrumbList","@id":"https:\/\/thingstodoinamsterdam.com\/it\/this-is-holland-esperienza-di-volo-5d-ad-amsterdam\/#breadcrumb","itemListElement":[{"@type":"ListItem","position":1,"name":"Cose da fare ad Amsterdam","item":"https:\/\/thingstodoinamsterdam.com\/it\/"},{"@type":"ListItem","position":2,"name":"THIS IS HOLLAND: Esperienza di volo 5D ad Amsterdam"}]},{"@type":"WebSite","@id":"https:\/\/thingstodoinamsterdam.com\/it\/#website","url":"https:\/\/thingstodoinamsterdam.com\/it\/","name":"ThingstodoinAmsterdam.com","description":"Amsterdam&#039;s highlights and hidden secrets","publisher":{"@id":"https:\/\/thingstodoinamsterdam.com\/it\/#organization"},"potentialAction":[{"@type":"SearchAction","target":{"@type":"EntryPoint","urlTemplate":"https:\/\/thingstodoinamsterdam.com\/it\/?s={search_term_string}"},"query-input":{"@type":"PropertyValueSpecification","valueRequired":true,"valueName":"search_term_string"}}],"inLanguage":"it-IT"},{"@type":"Organization","@id":"https:\/\/thingstodoinamsterdam.com\/it\/#organization","name":"Cose da fare ad Amsterdam","url":"https:\/\/thingstodoinamsterdam.com\/it\/","logo":{"@type":"ImageObject","inLanguage":"it-IT","@id":"https:\/\/thingstodoinamsterdam.com\/it\/#\/schema\/logo\/image\/","url":"https:\/\/thingstodoinamsterdam.com\/wp-content\/uploads\/2025\/02\/ThingsToDoInAmsterdam-Favicon-logo.png","contentUrl":"https:\/\/thingstodoinamsterdam.com\/wp-content\/uploads\/2025\/02\/ThingsToDoInAmsterdam-Favicon-logo.png","width":512,"height":512,"caption":"Cose da fare ad Amsterdam"},"image":{"@id":"https:\/\/thingstodoinamsterdam.com\/it\/#\/schema\/logo\/image\/"},"sameAs":["https:\/\/www.facebook.com\/thingstodoinamsterdamcom"]}]}},"_links":{"self":[{"href":"https:\/\/thingstodoinamsterdam.com\/it\/wp-json\/wp\/v2\/pages\/2532460","targetHints":{"allow":["GET"]}}],"collection":[{"href":"https:\/\/thingstodoinamsterdam.com\/it\/wp-json\/wp\/v2\/pages"}],"about":[{"href":"https:\/\/thingstodoinamsterdam.com\/it\/wp-json\/wp\/v2\/types\/page"}],"author":[{"embeddable":true,"href":"https:\/\/thingstodoinamsterdam.com\/it\/wp-json\/wp\/v2\/users\/3"}],"replies":[{"embeddable":true,"href":"https:\/\/thingstodoinamsterdam.com\/it\/wp-json\/wp\/v2\/comments?post=2532460"}],"version-history":[{"count":5,"href":"https:\/\/thingstodoinamsterdam.com\/it\/wp-json\/wp\/v2\/pages\/2532460\/revisions"}],"predecessor-version":[{"id":2534299,"href":"https:\/\/thingstodoinamsterdam.com\/it\/wp-json\/wp\/v2\/pages\/2532460\/revisions\/2534299"}],"wp:featuredmedia":[{"embeddable":true,"href":"https:\/\/thingstodoinamsterdam.com\/it\/wp-json\/wp\/v2\/media\/2532464"}],"wp:attachment":[{"href":"https:\/\/thingstodoinamsterdam.com\/it\/wp-json\/wp\/v2\/media?parent=2532460"}],"curies":[{"name":"wp","href":"https:\/\/api.w.org\/{rel}","templated":true}]}}