{"id":2532560,"date":"2026-02-13T10:53:41","date_gmt":"2026-02-13T09:53:41","guid":{"rendered":"https:\/\/thingstodoinamsterdam.com\/museo-van-gogh\/"},"modified":"2026-03-11T17:32:16","modified_gmt":"2026-03-11T16:32:16","slug":"museo-van-gogh","status":"publish","type":"page","link":"https:\/\/thingstodoinamsterdam.com\/it\/musei-ad-amsterdam\/museo-van-gogh\/","title":{"rendered":"Museo Van Gogh"},"content":{"rendered":"<div class=\"wpb-content-wrapper\"><p>[vc_row][vc_column][vc_column_text]Il Museo Van Gogh ospita la pi\u00f9 grande collezione di opere di Vincent van Gogh (1853-1890). In tutto il mondo, Vincent Van Gogh \u00e8 riconosciuto come uno dei pi\u00f9 famosi artisti di tutti i tempi. Ai suoi tempi, le persone non gli diedero il riconoscimento che meritava. <span id=\"more-46\"><\/span> In realt\u00e0, non ha mai saputo quanto la sua opera fosse apprezzata. A causa della sua enorme frustrazione, si tagli\u00f2 l&#8217;orecchio. Questo museo merita sicuramente un posto nella tua lista dei desideri dei musei da visitare almeno una volta nella vita. Il Museo Van Gogh conta circa 1,6 milioni di visitatori ogni anno.<\/p>\n<p>Secondo noi, il Museo Van Gogh \u00e8 una tappa obbligatoria tra le <a href=\"https:\/\/thingstodoinamsterdam.com\/it\/\">molte cose da fare ad Amsterdam<\/a>. Un recente studio condotto dall&#8217;Universit\u00e0 Erasmus di Rotterdam sulla reputazione dei 18 musei d&#8217;arte pi\u00f9 famosi al mondo ha rilevato che il Museo Van Gogh ha la seconda miglior reputazione al mondo! Questo secondo posto \u00e8 subito dopo il Museo del Louvre di Parigi. Secondo lo studio, la reputazione del Van Gogh ha persino superato quella del museo pi\u00f9 visitato di Amsterdam: <a href=\"https:\/\/thingstodoinamsterdam.com\/it\/rijksmuseum\/\">il Rijksmuseum<\/a>. Speriamo di averti convinto che non puoi saltare il Van Gogh durante il tuo viaggio ad Amsterdam. In tal caso, procedi all&#8217;acquisto dei biglietti salta-fila online per non sprecare il tuo tempo prezioso in coda davanti al museo.<\/p>\n<p><em>Il Museo Van Gogh \u00e8 esaurito per la data che desideri? In alternativa, potresti visitare l&#8217;<a href=\"https:\/\/thingstodoinamsterdam.com\/it\/le-migliori-attrazioni-turistiche-di-amsterdam\/van-gogh-e-rembrandt-ad-amsterdam\/\">esperienza immersiva Van Gogh &amp; Rembrandt<\/a> nella Noorderkerk. \u00c8 un affascinante spettacolo di luci che spiega come Van Gogh sia stato ispirato da Rembrandt e come lo considerasse il suo grande mentore, basandosi sulle lettere che Van Gogh invi\u00f2 a suo fratello. <\/em><em>.<\/em>[\/vc_column_text][button title=&#8221;Purchase skip-the-line Van Gogh Museum tickets via GetYourGuide.com&#8221; link=&#8221;https:\/\/thingstodoinamsterdam.com\/ticketlink-vangogh-gyg-std&#8221; icon=&#8221;&#8221; button_align=&#8221;center&#8221; target=&#8221;true&#8221; nofollow=&#8221;true&#8221; el_id=&#8221;1565178682187-cff98970-9129&#8243;][button title=&#8221;Purchase Van Gogh Museum &amp; Canal cruise combitickets with discount via Tours &amp; Tickets&#8221; link=&#8221;https:\/\/thingstodoinamsterdam.com\/ticketlink-vangogh-tours-combi-canalcruise&#8221; icon=&#8221;&#8221; button_align=&#8221;center&#8221; target=&#8221;true&#8221; nofollow=&#8221;true&#8221; el_id=&#8221;1622803336658-e3b40f8a-0400&#8243;][vc_video link=&#8221;https:\/\/youtu.be\/-j7oxO2fxRU&#8221; css=&#8221;.vc_custom_1461706535588{margin-right: 25px !important;margin-left: 25px !important;}&#8221; title=&#8221;Guida multimediale del Museo Van Gogh&#8221;][vc_column_text]<\/p>\n<h2>Orari di apertura<\/h2>\n<p>Il Museo Van Gogh \u00e8 aperto 7 giorni su 7, 365 giorni all&#8217;anno, inclusi i giorni festivi come il Giorno del Re, Natale e Capodanno.<\/p>\n<p><strong>Consiglio<\/strong>: gli orari migliori per la visita sono dalle 9:00 alle 11:00 o dopo le 15:00. Di solito, i momenti di maggiore affluenza sono tra le 11:00 e le 15:00.<\/p>\n<table style=\"width: 100%;\">\n<tbody>\n<tr>\n<td>9:00 &#8211; 18:00 || Venerd\u00ec fino alle 22:00<\/td>\n<\/tr>\n<\/tbody>\n<\/table>\n<p>[\/vc_column_text][vc_column_text]<\/p>\n<h2>Biglietti, prezzi e sconti per il Museo Van Gogh<\/h2>\n<p>Puoi acquistare i biglietti per il Museo Van Gogh alla biglietteria davanti all&#8217;ingresso. Tuttavia, in base alla nostra esperienza, ti consigliamo di prenotare i biglietti online. Il museo \u00e8 uno dei pi\u00f9 apprezzati al mondo, quindi pu\u00f2 essere molto affollato e la coda potrebbe richiedere tempo. <span style=\"font-family: Verdana, Geneva, sans-serif; font-weight: inherit;\">C&#8217;\u00e8 molta coda soprattutto il venerd\u00ec, il sabato e la domenica pomeriggio. Durante le festivit\u00e0 nazionali, i tempi di attesa possono essere ancora pi\u00f9 lunghi. <\/span><\/p>\n<p><em><span style=\"font-family: Verdana, Geneva, sans-serif; font-weight: inherit;\">Ultimamente abbiamo notato che il Van Gogh va persino esaurito di tanto in tanto. Ti consigliamo vivamente di acquistare un e-ticket online per evitare delusioni. <\/span><\/em><\/p>\n<table style=\"width: 100%;\">\n<tbody>\n<tr>\n<td>Adulti<\/td>\n<td>20 \u20ac<\/td>\n<\/tr>\n<tr>\n<td>Sotto i 18 anni<\/td>\n<td>Gratis (gruppi scolastici esclusi)<\/td>\n<\/tr>\n<tr>\n<td><a href=\"https:\/\/thingstodoinamsterdam.com\/it\/informazioni-pratiche\/i-amsterdam-city-card\/\">I amsterdam City Card<\/a><\/td>\n<td>Gratis<\/td>\n<\/tr>\n<\/tbody>\n<\/table>\n<p>[\/vc_column_text][vc_column_text css=&#8221;&#8221;]<\/p>\n<h3>Biglietti scontati online e prezzi<\/h3>\n<p>L&#8217;acquisto dei biglietti online offre il vantaggio di non dover fare la fila. Abbiamo selezionato con cura i fornitori per aiutarti a ottenere i biglietti online: <a href=\"https:\/\/thingstodoinamsterdam.com\/about\/tiqets-com\/\">Tiqets.com<\/a> e <a href=\"https:\/\/thingstodoinamsterdam.com\/it\/tours-tickets-amsterdam\/\">Tours &amp; Tickets<\/a>. Tours &amp; Tickets ha un&#8217;offerta speciale che include il biglietto per una crociera sui canali; questo biglietto combinato ti far\u00e0 risparmiare 5 \u20ac a persona. Controlla quale offerta fa al caso tuo![\/vc_column_text][button title=&#8221;Purchase skip-the-line Van Gogh Museum tickets via GetYourGuide.com&#8221; link=&#8221;https:\/\/thingstodoinamsterdam.com\/ticketlink-vangogh-gyg-std&#8221; icon=&#8221;&#8221; button_align=&#8221;center&#8221; target=&#8221;true&#8221; nofollow=&#8221;true&#8221; el_id=&#8221;1622803252982-710a9407-332b&#8221;][button title=&#8221;Purchase Van Gogh Museum &amp; Canal cruise combitickets with discount via Tours &amp; Tickets&#8221; link=&#8221;https:\/\/thingstodoinamsterdam.com\/ticketlink-vangogh-tours-combi-canalcruise&#8221; icon=&#8221;&#8221; button_align=&#8221;center&#8221; target=&#8221;true&#8221; nofollow=&#8221;true&#8221; el_id=&#8221;1570107344184-965a6d98-d8df&#8221;][vc_single_image image=&#8221;2532561&#8243; img_size=&#8221;full&#8221; add_caption=&#8221;yes&#8221; alignment=&#8221;center&#8221;][vc_column_text]<\/p>\n<p style=\"text-align: center;\"><em>Sarebbe un peccato sprecare il tuo tempo prezioso ad Amsterdam aspettando in coda! Acquista un biglietto salta-fila online! <\/em><\/p>\n<p>[\/vc_column_text][vc_column_text]<\/p>\n<h2>Indirizzo, informazioni di contatto e come arrivare al museo<\/h2>\n<p>Il museo si trova in Museumplein 6, lungo la piazza Museumplein. Da qualche anno, il Museo Van Gogh ha un nuovo ingresso in vetro sul retro dell&#8217;edificio. L&#8217;ingresso \u00e8 facile da riconoscere grazie all&#8217;accesso Fast Track contrassegnato da un cartello giallo. Anche Paulus Potterstraat 7 ti condurr\u00e0 direttamente all&#8217;ingresso del museo.<\/p>\n<p><strong>Indirizzo<br \/>\n<\/strong>Museo Van Gogh<br \/>\nMuseumplein 6<br \/>\n1070 AJ Amsterdam<br \/>\n+31 (0)20 570 5200<br \/>\ninfo@vangoghmuseum.nl<br \/>\n<a href=\"https:\/\/www.vangoghmuseum.nl\/\">www.vangoghmuseum.nl<\/a>[\/vc_column_text][g_map heading=&#8221;Van Gogh Museum Amsterdam on the city map&#8221; el_id=&#8221;1565179095818-d1e9bdf1-5650&#8243;]<iframe style=\"border: 0;\" src=\"https:\/\/www.google.com\/maps\/embed?pb=!1m18!1m12!1m3!1d2436.6617875635475!2d4.878886915997385!3d52.35841915594336!2m3!1f0!2f0!3f0!3m2!1i1024!2i768!4f13.1!3m3!1m2!1s0x47c609ef96d35a5f%3A0xc22828aef97cc51a!2sVan+Gogh+Museum!5e0!3m2!1sen!2snl!4v1460489018278\" width=\"600\" height=\"450\" frameborder=\"0\" allowfullscreen=\"allowfullscreen\"><\/iframe>[\/g_map][vc_column_text]<\/p>\n<h3>Trasporti pubblici<\/h3>\n<p>Da molti punti della citt\u00e0 puoi trovare una fermata dell&#8217;autobus o del tram che ti porter\u00e0 quasi direttamente all&#8217;ingresso del Museo Van Gogh. Da tutte le fermate ci vuole solo un minuto a piedi per raggiungere l&#8217;ingresso in Museumplein 6. Non puoi mancare il cartello giallo davanti all&#8217;ingresso in vetro. I seguenti tram e autobus ti porteranno al museo:<\/p>\n<p><strong>Dalla Stazione Centrale di Amsterdam:<\/strong><\/p>\n<ul>\n<li style=\"list-style-type: none;\">\n<ul>\n<li style=\"list-style-type: none;\">\n<ul>\n<li>Tram 2, direzione Nieuw Sloten, fermata Van Baerlestraat<\/li>\n<li>Tram 5, direzione Amstelveen Binnenhof, fermata Van Baerlestraat<\/li>\n<li>Autobus 170, direzione Uithoorn, Amstelplein, fermata Museumplein<\/li>\n<li>Autobus 172, direzione Kudelstaart, fermata Museumplein<\/li>\n<\/ul>\n<\/li>\n<\/ul>\n<\/li>\n<\/ul>\n<p><strong>Da Amsterdam Sloterdijk:<\/strong><br \/>\nTram 12, direzione Amsterdam Amstel, fermata Museumplein<\/p>\n<p><strong>Da Amsterdam Amstel:<\/strong><br \/>\nTram 12, direzione Stazione Sloterdijk, fermata Museumplein<\/p>\n<p><strong>Da Amsterdam Zuid WTC:<\/strong><br \/>\nTram 5, direzione Stazione Centrale di Amsterdam, fermata Van Baerlestraat<\/p>\n<p><strong>Dall&#8217;aeroporto di Amsterdam Schiphol:<br \/>\n<\/strong>Autobus 197 direzione Marnixstraat, fermata Museumplein<\/p>\n<p>Con il widget sulla destra, puoi trovare consigli precisi sui tempi di percorrenza in tempo reale in base alla tua posizione attuale. Questa applicazione ti aiuter\u00e0 se non sei sicuro di quale autobus o tram prendere dalla tua posizione.<br \/>\n<!-- 9292 widget v1 --><br \/>\n<a href=\"https:\/\/9292.nl\/en\/?to=amsterdam_van-gogh-museum\"><img decoding=\"async\" class=\"alignnone size-medium wp-image-3080\" src=\"https:\/\/thingstodoinamsterdam.com\/wp-content\/uploads\/2019\/07\/Button-Plan-mijn-OV-reis-EN-300x54.png\" alt=\"pulsante OV Amsterdam\" width=\"300\" height=\"54\" \/><\/a>[\/vc_column_text][vc_column_text css=&#8221;&#8221;]<\/p>\n<h3>Altre cose da fare<\/h3>\n<p><a href=\"https:\/\/thingstodoinamsterdam.com\/it\/artis-zoo-amsterdam\/\">Zoo Artis<\/a><br \/>\n<a href=\"https:\/\/thingstodoinamsterdam.com\/it\/musei-ad-amsterdam\/amsterdam-dungeon\/\">Amsterdam Dungeon<\/a><br \/>\n<a href=\"https:\/\/thingstodoinamsterdam.com\/it\/body-worlds-the-happiness-project\/\">BODY WORLDS Amsterdam<\/a><br \/>\n<a href=\"https:\/\/thingstodoinamsterdam.com\/it\/crociera-canali\/\">Crociera sui canali di Amsterdam<\/a><br \/>\n<a href=\"https:\/\/thingstodoinamsterdam.com\/it\/musei-ad-amsterdam\/heineken-experience-amsterdam\/\">Heineken Experience<\/a><br \/>\n<a href=\"https:\/\/thingstodoinamsterdam.com\/it\/ice-bar-amsterdam\/\">Ice Bar Amsterdam<\/a><br \/>\n<a href=\"https:\/\/thingstodoinamsterdam.com\/it\/informazioni-pratiche\/i-amsterdam-city-card\/\">I Amsterdam City Card<\/a><br \/>\n<a href=\"https:\/\/thingstodoinamsterdam.com\/it\/this-is-holland-esperienza-di-volo-5d-ad-amsterdam\/\">THIS IS HOLLAND<\/a><br \/>\n<a href=\"https:\/\/thingstodoinamsterdam.com\/it\/musei-ad-amsterdam\/moco-museum\/\">Moco Museum<\/a><br \/>\n<a href=\"https:\/\/thingstodoinamsterdam.com\/it\/madurodam-parco-a-tema-dellolanda-in-miniatura\/\">Madurodam<\/a><br \/>\n<a href=\"https:\/\/thingstodoinamsterdam.com\/powerzone-bowling-minigolf-laser-tag-amsterdam\/\">Powerzone<\/a><br \/>\n<a href=\"https:\/\/thingstodoinamsterdam.com\/it\/rijksmuseum\/\">Rijksmuseum<\/a><br \/>\n<a href=\"https:\/\/thingstodoinamsterdam.com\/museum-amsterdam\/stedelijk-museum\/\">Stedelijk Museum<\/a><br \/>\n<a href=\"https:\/\/thingstodoinamsterdam.com\/museum-amsterdam\/tropenmuseum\/\">Tropenmuseum<\/a>[\/vc_column_text][\/vc_column][\/vc_row][vc_row][vc_column][reviews heading=&#8221;Reviews of the Van Gogh Museum&#8221; description=&#8221;We are always interested to find out about our visitor&#8217;s experiences. Please Let us know what you thought of the van Gogh Museum and help fellow travellers!&#8221; item_name=&#8221;Van Gogh Museum&#8221; item_image=&#8221;1575&#8243; item_web=&#8221;http:\/\/www.vangoghmuseum.nl\/&#8221; item_address=&#8221;Museumplein 6&#8243; item_city=&#8221;Amsterdam&#8221; item_postal_code=&#8221;1071 DJ&#8221; item_country=&#8221;NL&#8221; el_id=&#8221;1565179236257-02d41ef4-febb&#8221;][\/reviews][vc_column_text]<strong>Dai un&#8217;occhiata a uno dei seguenti musei qui sotto o torna alla pagina generale dei <a href=\"https:\/\/thingstodoinamsterdam.com\/it\/musei-ad-amsterdam\/\">musei di Amsterdam<\/a>.<\/strong>[\/vc_column_text][\/vc_column][\/vc_row][vc_row][vc_column][promo_block style_var=&#8221;style2&#8243; el_id=&#8221;1565179325385-0a169283-c903&#8243;][promo link=&#8221;url:https%3A%2F%2Fthingstodoinamsterdam.com%2Famsterdam-attractions%2Fvan-gogh-en-rembrandt%2F|title:Van%20Gogh%20%26%20Rembrandt%20Experience|&#8221; text=&#8221;Immersive light show that demonstrates how Rembrandt van Rijn inspired Van Gogh based on real letters that he sent to his brother&#8221; img=&#8221;1520715&#8243;][promo link=&#8221;url:https%3A%2F%2Fthingstodoinamsterdam.com%2Fmuseum-amsterdam%2Frijksmuseum%2F|title:Rijksmuseum|&#8221; text=&#8221;Discover Rembrandt\u2019s nightwatch and many more famous Dutch artists&#8221; img=&#8221;1089&#8243;][promo link=&#8221;url:https%3A%2F%2Fthingstodoinamsterdam.com%2Fmuseum-amsterdam%2Fanne-frank-house%2F|title:Anne%20Frank%20House|&#8221; text=&#8221;Experience the world famous diary&#8221; img=&#8221;527&#8243;][\/promo_block][\/vc_column][\/vc_row][vc_row][vc_column][buttonsticky title=&#8221;Ottieni biglietti scontati online su Getyourguide.com&#8221; link=&#8221;https:\/\/thingstodoinamsterdam.com\/ticketlink-vangogh-gyg-std&#8221; target=&#8221;true&#8221; nofollow=&#8221;true&#8221; el_id=&#8221;1601639270141-0d835c6f-2d28&#8243;][\/vc_column][\/vc_row]<\/p>\n<\/div>","protected":false},"excerpt":{"rendered":"<p>[vc_row][vc_column][vc_column_text]Il Museo Van Gogh ospita la pi\u00f9 grande collezione di opere di Vincent van Gogh (1853-1890). In tutto il mondo, Vincent Van Gogh \u00e8 riconosciuto\u2026<\/p>\n","protected":false},"author":1,"featured_media":2532562,"parent":2532588,"menu_order":0,"comment_status":"closed","ping_status":"closed","template":"","meta":{"footnotes":""},"class_list":["post-2532560","page","type-page","status-publish","has-post-thumbnail","hentry"],"yoast_head":"<!-- This site is optimized with the Yoast SEO plugin v27.4 - https:\/\/yoast.com\/product\/yoast-seo-wordpress\/ -->\n<title>Museo Van Gogh Amsterdam - acquista i tuoi biglietti scontati online<\/title>\n<meta name=\"description\" content=\"Trova orari di apertura, prezzi dei biglietti e informazioni pratiche sul famosissimo Museo Van Gogh di Amsterdam. Saremo la tua guida per la citt\u00e0!\" \/>\n<meta name=\"robots\" content=\"index, follow, max-snippet:-1, max-image-preview:large, max-video-preview:-1\" \/>\n<link rel=\"canonical\" href=\"https:\/\/thingstodoinamsterdam.com\/it\/musei-ad-amsterdam\/museo-van-gogh\/\" \/>\n<meta property=\"og:locale\" content=\"it_IT\" \/>\n<meta property=\"og:type\" content=\"article\" \/>\n<meta property=\"og:title\" content=\"Museo Van Gogh Amsterdam - acquista i tuoi biglietti scontati online\" \/>\n<meta property=\"og:description\" content=\"Trova orari di apertura, prezzi dei biglietti e informazioni pratiche sul famosissimo Museo Van Gogh di Amsterdam. Saremo la tua guida per la citt\u00e0!\" \/>\n<meta property=\"og:url\" content=\"https:\/\/thingstodoinamsterdam.com\/it\/musei-ad-amsterdam\/museo-van-gogh\/\" \/>\n<meta property=\"og:site_name\" content=\"ThingstodoinAmsterdam.com\" \/>\n<meta property=\"article:publisher\" content=\"https:\/\/www.facebook.com\/thingstodoinamsterdamcom\" \/>\n<meta property=\"article:modified_time\" content=\"2026-03-11T16:32:16+00:00\" \/>\n<meta property=\"og:image\" content=\"https:\/\/thingstodoinamsterdam.com\/wp-content\/uploads\/2019\/08\/Van-Gogh-Museum-building.jpg\" \/>\n\t<meta property=\"og:image:width\" content=\"1200\" \/>\n\t<meta property=\"og:image:height\" content=\"900\" \/>\n\t<meta property=\"og:image:type\" content=\"image\/jpeg\" \/>\n<meta name=\"twitter:card\" content=\"summary_large_image\" \/>\n<meta name=\"twitter:label1\" content=\"Tempo di lettura stimato\" \/>\n\t<meta name=\"twitter:data1\" content=\"6 minuti\" \/>\n<script type=\"application\/ld+json\" class=\"yoast-schema-graph\">{\"@context\":\"https:\\\/\\\/schema.org\",\"@graph\":[{\"@type\":\"WebPage\",\"@id\":\"https:\\\/\\\/thingstodoinamsterdam.com\\\/it\\\/musei-ad-amsterdam\\\/museo-van-gogh\\\/\",\"url\":\"https:\\\/\\\/thingstodoinamsterdam.com\\\/it\\\/musei-ad-amsterdam\\\/museo-van-gogh\\\/\",\"name\":\"Museo Van Gogh Amsterdam - acquista i tuoi biglietti scontati online\",\"isPartOf\":{\"@id\":\"https:\\\/\\\/thingstodoinamsterdam.com\\\/it\\\/#website\"},\"primaryImageOfPage\":{\"@id\":\"https:\\\/\\\/thingstodoinamsterdam.com\\\/it\\\/musei-ad-amsterdam\\\/museo-van-gogh\\\/#primaryimage\"},\"image\":{\"@id\":\"https:\\\/\\\/thingstodoinamsterdam.com\\\/it\\\/musei-ad-amsterdam\\\/museo-van-gogh\\\/#primaryimage\"},\"thumbnailUrl\":\"https:\\\/\\\/thingstodoinamsterdam.com\\\/wp-content\\\/uploads\\\/2019\\\/08\\\/Van-Gogh-Museum-building.jpg\",\"datePublished\":\"2026-02-13T09:53:41+00:00\",\"dateModified\":\"2026-03-11T16:32:16+00:00\",\"description\":\"Trova orari di apertura, prezzi dei biglietti e informazioni pratiche sul famosissimo Museo Van Gogh di Amsterdam. Saremo la tua guida per la citt\u00e0!\",\"breadcrumb\":{\"@id\":\"https:\\\/\\\/thingstodoinamsterdam.com\\\/it\\\/musei-ad-amsterdam\\\/museo-van-gogh\\\/#breadcrumb\"},\"inLanguage\":\"it-IT\",\"potentialAction\":[{\"@type\":\"ReadAction\",\"target\":[\"https:\\\/\\\/thingstodoinamsterdam.com\\\/it\\\/musei-ad-amsterdam\\\/museo-van-gogh\\\/\"]}]},{\"@type\":\"ImageObject\",\"inLanguage\":\"it-IT\",\"@id\":\"https:\\\/\\\/thingstodoinamsterdam.com\\\/it\\\/musei-ad-amsterdam\\\/museo-van-gogh\\\/#primaryimage\",\"url\":\"https:\\\/\\\/thingstodoinamsterdam.com\\\/wp-content\\\/uploads\\\/2019\\\/08\\\/Van-Gogh-Museum-building.jpg\",\"contentUrl\":\"https:\\\/\\\/thingstodoinamsterdam.com\\\/wp-content\\\/uploads\\\/2019\\\/08\\\/Van-Gogh-Museum-building.jpg\",\"width\":1200,\"height\":900},{\"@type\":\"BreadcrumbList\",\"@id\":\"https:\\\/\\\/thingstodoinamsterdam.com\\\/it\\\/musei-ad-amsterdam\\\/museo-van-gogh\\\/#breadcrumb\",\"itemListElement\":[{\"@type\":\"ListItem\",\"position\":1,\"name\":\"Cose da fare ad Amsterdam\",\"item\":\"https:\\\/\\\/thingstodoinamsterdam.com\\\/it\\\/\"},{\"@type\":\"ListItem\",\"position\":2,\"name\":\"Musei ad Amsterdam\",\"item\":\"https:\\\/\\\/thingstodoinamsterdam.com\\\/it\\\/musei-ad-amsterdam\\\/\"},{\"@type\":\"ListItem\",\"position\":3,\"name\":\"Museo Van Gogh\"}]},{\"@type\":\"WebSite\",\"@id\":\"https:\\\/\\\/thingstodoinamsterdam.com\\\/it\\\/#website\",\"url\":\"https:\\\/\\\/thingstodoinamsterdam.com\\\/it\\\/\",\"name\":\"ThingstodoinAmsterdam.com\",\"description\":\"Amsterdam&#039;s highlights and hidden secrets\",\"publisher\":{\"@id\":\"https:\\\/\\\/thingstodoinamsterdam.com\\\/it\\\/#organization\"},\"potentialAction\":[{\"@type\":\"SearchAction\",\"target\":{\"@type\":\"EntryPoint\",\"urlTemplate\":\"https:\\\/\\\/thingstodoinamsterdam.com\\\/it\\\/?s={search_term_string}\"},\"query-input\":{\"@type\":\"PropertyValueSpecification\",\"valueRequired\":true,\"valueName\":\"search_term_string\"}}],\"inLanguage\":\"it-IT\"},{\"@type\":\"Organization\",\"@id\":\"https:\\\/\\\/thingstodoinamsterdam.com\\\/it\\\/#organization\",\"name\":\"Cose da fare ad Amsterdam\",\"url\":\"https:\\\/\\\/thingstodoinamsterdam.com\\\/it\\\/\",\"logo\":{\"@type\":\"ImageObject\",\"inLanguage\":\"it-IT\",\"@id\":\"https:\\\/\\\/thingstodoinamsterdam.com\\\/it\\\/#\\\/schema\\\/logo\\\/image\\\/\",\"url\":\"https:\\\/\\\/thingstodoinamsterdam.com\\\/wp-content\\\/uploads\\\/2025\\\/02\\\/ThingsToDoInAmsterdam-Favicon-logo.png\",\"contentUrl\":\"https:\\\/\\\/thingstodoinamsterdam.com\\\/wp-content\\\/uploads\\\/2025\\\/02\\\/ThingsToDoInAmsterdam-Favicon-logo.png\",\"width\":512,\"height\":512,\"caption\":\"Cose da fare ad Amsterdam\"},\"image\":{\"@id\":\"https:\\\/\\\/thingstodoinamsterdam.com\\\/it\\\/#\\\/schema\\\/logo\\\/image\\\/\"},\"sameAs\":[\"https:\\\/\\\/www.facebook.com\\\/thingstodoinamsterdamcom\"]}]}<\/script>\n<!-- \/ Yoast SEO plugin. -->","yoast_head_json":{"title":"Museo Van Gogh Amsterdam - acquista i tuoi biglietti scontati online","description":"Trova orari di apertura, prezzi dei biglietti e informazioni pratiche sul famosissimo Museo Van Gogh di Amsterdam. Saremo la tua guida per la citt\u00e0!","robots":{"index":"index","follow":"follow","max-snippet":"max-snippet:-1","max-image-preview":"max-image-preview:large","max-video-preview":"max-video-preview:-1"},"canonical":"https:\/\/thingstodoinamsterdam.com\/it\/musei-ad-amsterdam\/museo-van-gogh\/","og_locale":"it_IT","og_type":"article","og_title":"Museo Van Gogh Amsterdam - acquista i tuoi biglietti scontati online","og_description":"Trova orari di apertura, prezzi dei biglietti e informazioni pratiche sul famosissimo Museo Van Gogh di Amsterdam. Saremo la tua guida per la citt\u00e0!","og_url":"https:\/\/thingstodoinamsterdam.com\/it\/musei-ad-amsterdam\/museo-van-gogh\/","og_site_name":"ThingstodoinAmsterdam.com","article_publisher":"https:\/\/www.facebook.com\/thingstodoinamsterdamcom","article_modified_time":"2026-03-11T16:32:16+00:00","og_image":[{"width":1200,"height":900,"url":"https:\/\/thingstodoinamsterdam.com\/wp-content\/uploads\/2019\/08\/Van-Gogh-Museum-building.jpg","type":"image\/jpeg"}],"twitter_card":"summary_large_image","twitter_misc":{"Tempo di lettura stimato":"6 minuti"},"schema":{"@context":"https:\/\/schema.org","@graph":[{"@type":"WebPage","@id":"https:\/\/thingstodoinamsterdam.com\/it\/musei-ad-amsterdam\/museo-van-gogh\/","url":"https:\/\/thingstodoinamsterdam.com\/it\/musei-ad-amsterdam\/museo-van-gogh\/","name":"Museo Van Gogh Amsterdam - acquista i tuoi biglietti scontati online","isPartOf":{"@id":"https:\/\/thingstodoinamsterdam.com\/it\/#website"},"primaryImageOfPage":{"@id":"https:\/\/thingstodoinamsterdam.com\/it\/musei-ad-amsterdam\/museo-van-gogh\/#primaryimage"},"image":{"@id":"https:\/\/thingstodoinamsterdam.com\/it\/musei-ad-amsterdam\/museo-van-gogh\/#primaryimage"},"thumbnailUrl":"https:\/\/thingstodoinamsterdam.com\/wp-content\/uploads\/2019\/08\/Van-Gogh-Museum-building.jpg","datePublished":"2026-02-13T09:53:41+00:00","dateModified":"2026-03-11T16:32:16+00:00","description":"Trova orari di apertura, prezzi dei biglietti e informazioni pratiche sul famosissimo Museo Van Gogh di Amsterdam. Saremo la tua guida per la citt\u00e0!","breadcrumb":{"@id":"https:\/\/thingstodoinamsterdam.com\/it\/musei-ad-amsterdam\/museo-van-gogh\/#breadcrumb"},"inLanguage":"it-IT","potentialAction":[{"@type":"ReadAction","target":["https:\/\/thingstodoinamsterdam.com\/it\/musei-ad-amsterdam\/museo-van-gogh\/"]}]},{"@type":"ImageObject","inLanguage":"it-IT","@id":"https:\/\/thingstodoinamsterdam.com\/it\/musei-ad-amsterdam\/museo-van-gogh\/#primaryimage","url":"https:\/\/thingstodoinamsterdam.com\/wp-content\/uploads\/2019\/08\/Van-Gogh-Museum-building.jpg","contentUrl":"https:\/\/thingstodoinamsterdam.com\/wp-content\/uploads\/2019\/08\/Van-Gogh-Museum-building.jpg","width":1200,"height":900},{"@type":"BreadcrumbList","@id":"https:\/\/thingstodoinamsterdam.com\/it\/musei-ad-amsterdam\/museo-van-gogh\/#breadcrumb","itemListElement":[{"@type":"ListItem","position":1,"name":"Cose da fare ad Amsterdam","item":"https:\/\/thingstodoinamsterdam.com\/it\/"},{"@type":"ListItem","position":2,"name":"Musei ad Amsterdam","item":"https:\/\/thingstodoinamsterdam.com\/it\/musei-ad-amsterdam\/"},{"@type":"ListItem","position":3,"name":"Museo Van Gogh"}]},{"@type":"WebSite","@id":"https:\/\/thingstodoinamsterdam.com\/it\/#website","url":"https:\/\/thingstodoinamsterdam.com\/it\/","name":"ThingstodoinAmsterdam.com","description":"Amsterdam&#039;s highlights and hidden secrets","publisher":{"@id":"https:\/\/thingstodoinamsterdam.com\/it\/#organization"},"potentialAction":[{"@type":"SearchAction","target":{"@type":"EntryPoint","urlTemplate":"https:\/\/thingstodoinamsterdam.com\/it\/?s={search_term_string}"},"query-input":{"@type":"PropertyValueSpecification","valueRequired":true,"valueName":"search_term_string"}}],"inLanguage":"it-IT"},{"@type":"Organization","@id":"https:\/\/thingstodoinamsterdam.com\/it\/#organization","name":"Cose da fare ad Amsterdam","url":"https:\/\/thingstodoinamsterdam.com\/it\/","logo":{"@type":"ImageObject","inLanguage":"it-IT","@id":"https:\/\/thingstodoinamsterdam.com\/it\/#\/schema\/logo\/image\/","url":"https:\/\/thingstodoinamsterdam.com\/wp-content\/uploads\/2025\/02\/ThingsToDoInAmsterdam-Favicon-logo.png","contentUrl":"https:\/\/thingstodoinamsterdam.com\/wp-content\/uploads\/2025\/02\/ThingsToDoInAmsterdam-Favicon-logo.png","width":512,"height":512,"caption":"Cose da fare ad Amsterdam"},"image":{"@id":"https:\/\/thingstodoinamsterdam.com\/it\/#\/schema\/logo\/image\/"},"sameAs":["https:\/\/www.facebook.com\/thingstodoinamsterdamcom"]}]}},"_links":{"self":[{"href":"https:\/\/thingstodoinamsterdam.com\/it\/wp-json\/wp\/v2\/pages\/2532560","targetHints":{"allow":["GET"]}}],"collection":[{"href":"https:\/\/thingstodoinamsterdam.com\/it\/wp-json\/wp\/v2\/pages"}],"about":[{"href":"https:\/\/thingstodoinamsterdam.com\/it\/wp-json\/wp\/v2\/types\/page"}],"author":[{"embeddable":true,"href":"https:\/\/thingstodoinamsterdam.com\/it\/wp-json\/wp\/v2\/users\/1"}],"replies":[{"embeddable":true,"href":"https:\/\/thingstodoinamsterdam.com\/it\/wp-json\/wp\/v2\/comments?post=2532560"}],"version-history":[{"count":5,"href":"https:\/\/thingstodoinamsterdam.com\/it\/wp-json\/wp\/v2\/pages\/2532560\/revisions"}],"predecessor-version":[{"id":2535187,"href":"https:\/\/thingstodoinamsterdam.com\/it\/wp-json\/wp\/v2\/pages\/2532560\/revisions\/2535187"}],"up":[{"embeddable":true,"href":"https:\/\/thingstodoinamsterdam.com\/it\/wp-json\/wp\/v2\/pages\/2532588"}],"wp:featuredmedia":[{"embeddable":true,"href":"https:\/\/thingstodoinamsterdam.com\/it\/wp-json\/wp\/v2\/media\/2532562"}],"wp:attachment":[{"href":"https:\/\/thingstodoinamsterdam.com\/it\/wp-json\/wp\/v2\/media?parent=2532560"}],"curies":[{"name":"wp","href":"https:\/\/api.w.org\/{rel}","templated":true}]}}