{"id":2532579,"date":"2026-02-13T10:54:12","date_gmt":"2026-02-13T09:54:12","guid":{"rendered":"https:\/\/thingstodoinamsterdam.com\/hotel-ad-amsterdam\/"},"modified":"2026-04-14T19:56:52","modified_gmt":"2026-04-14T17:56:52","slug":"hotel-ad-amsterdam","status":"publish","type":"page","link":"https:\/\/thingstodoinamsterdam.com\/it\/hotel-ad-amsterdam\/","title":{"rendered":"Hotel ad Amsterdam"},"content":{"rendered":"<div class=\"wpb-content-wrapper\"><p>[vc_row][vc_column][vc_column_text]Con oltre 10 milioni di turisti che visitano Amsterdam ogni anno, sono moltissime le persone in cerca di un hotel in citt\u00e0. Per far fronte a questa enorme domanda di posti letto, Amsterdam conta oltre 400 hotel. Nonostante i 400 hotel e i 55.000 posti letto, trovare un posto dove dormire a un prezzo ragionevole pu\u00f2 comunque essere una sfida. Specialmente durante l&#8217;alta stagione, da fine aprile a ottobre, i prezzi per una camera o persino per un posto in dormitorio possono salire alle stelle. Luglio e agosto sono i mesi pi\u00f9 affollati e costosi. Anche durante le festivit\u00e0 come Pasqua e Natale i prezzi raggiungono i massimi livelli. Per esempio, il weekend di Pasqua pu\u00f2 costare il doppio rispetto a quello successivo. Pertanto, \u00e8 sensato pianificare il viaggio con attenzione se viaggi con un budget limitato. Prenotare in anticipo ti offrir\u00e0 una scelta pi\u00f9 ampia di hotel e prezzi. Se cerchi un soggiorno in una sistemazione memorabile e unica nel suo genere, come un <a href=\"https:\/\/thingstodoinamsterdam.com\/it\/blog\/i-migliori-alloggi-in-houseboat-sui-canali-di-amsterdam\/\">soggiorno su una casa galleggiante sui canali<\/a>, assicurati di prenotare il prima possibile, perch\u00e9 si esauriscono in fretta! Se invece cerchi una vacanza di lusso, non perderti il nostro articolo sui <a href=\"https:\/\/thingstodoinamsterdam.com\/it\/blog\/i-14-migliori-hotel-di-lusso-ad-amsterdam\/\">migliori hotel di lusso ad Amsterdam<\/a>!          <\/p><div id=\"ez-toc-container\" class=\"ez-toc-v2_0_82_2 counter-hierarchy ez-toc-counter ez-toc-custom ez-toc-container-direction\">\n<div class=\"ez-toc-title-container\">\n<span class=\"ez-toc-title-toggle\"><a href=\"#\" class=\"ez-toc-pull-right ez-toc-btn ez-toc-btn-xs ez-toc-btn-default ez-toc-toggle\" aria-label=\"Toggle Table of Content\"><span class=\"ez-toc-js-icon-con\"><span class=\"\"><span class=\"eztoc-hide\" style=\"display:none;\">Toggle<\/span><span class=\"ez-toc-icon-toggle-span\"><svg style=\"fill: #999;color:#999\" xmlns=\"http:\/\/www.w3.org\/2000\/svg\" class=\"list-377408\" width=\"20px\" height=\"20px\" viewBox=\"0 0 24 24\" fill=\"none\"><path d=\"M6 6H4v2h2V6zm14 0H8v2h12V6zM4 11h2v2H4v-2zm16 0H8v2h12v-2zM4 16h2v2H4v-2zm16 0H8v2h12v-2z\" fill=\"currentColor\"><\/path><\/svg><svg style=\"fill: #999;color:#999\" class=\"arrow-unsorted-368013\" xmlns=\"http:\/\/www.w3.org\/2000\/svg\" width=\"10px\" height=\"10px\" viewBox=\"0 0 24 24\" version=\"1.2\" baseProfile=\"tiny\"><path d=\"M18.2 9.3l-6.2-6.3-6.2 6.3c-.2.2-.3.4-.3.7s.1.5.3.7c.2.2.4.3.7.3h11c.3 0 .5-.1.7-.3.2-.2.3-.5.3-.7s-.1-.5-.3-.7zM5.8 14.7l6.2 6.3 6.2-6.3c.2-.2.3-.5.3-.7s-.1-.5-.3-.7c-.2-.2-.4-.3-.7-.3h-11c-.3 0-.5.1-.7.3-.2.2-.3.5-.3.7s.1.5.3.7z\"\/><\/svg><\/span><\/span><\/span><\/a><\/span><\/div>\n<nav><ul class='ez-toc-list ez-toc-list-level-1 ' ><li class='ez-toc-page-1 ez-toc-heading-level-2'><a class=\"ez-toc-link ez-toc-heading-1\" href=\"https:\/\/thingstodoinamsterdam.com\/it\/hotel-ad-amsterdam\/#come-trovare-lhotel-giusto-ad-amsterdam\" >Come trovare l&#8217;hotel giusto ad Amsterdam<\/a><\/li><li class='ez-toc-page-1 ez-toc-heading-level-2'><a class=\"ez-toc-link ez-toc-heading-2\" href=\"https:\/\/thingstodoinamsterdam.com\/it\/hotel-ad-amsterdam\/#i-migliori-hotel-di-amsterdam\" >I migliori hotel di Amsterdam<\/a><\/li><li class='ez-toc-page-1 ez-toc-heading-level-2'><a class=\"ez-toc-link ez-toc-heading-3\" href=\"https:\/\/thingstodoinamsterdam.com\/it\/hotel-ad-amsterdam\/#hotel-economici-ad-amsterdam\" >Hotel economici ad Amsterdam<\/a><\/li><\/ul><\/nav><\/div>\n\n<div id=\"gtx-trans\" style=\"position: absolute;left: 146px;top: 110.667px\">\n<div class=\"gtx-trans-icon\"><\/div>\n<\/div>\n<p>[\/vc_column_text][button title=&#8221;Scopri gli hotel consigliati di Amsterdam su Booking.com&#8221; link=&#8221;https:\/\/thingstodoinamsterdam.com\/ticketlink-amsterdamhotel-booking-std&#8221; icon=&#8221;&#8221; button_align=&#8221;center&#8221; target=&#8221;true&#8221; nofollow=&#8221;true&#8221; el_id=&#8221;1661529258704-426fe517-a817&#8243;][vc_single_image image=&#8221;2534338&#8243; img_size=&#8221;full&#8221; alignment=&#8221;center&#8221; css=&#8221;&#8221;][vc_column_text]<\/p>\n<h2><span class=\"ez-toc-section\" id=\"come-trovare-lhotel-giusto-ad-amsterdam\"><\/span>Come trovare l&#8217;hotel giusto ad Amsterdam<span class=\"ez-toc-section-end\"><\/span><\/h2>\n<p>Se stai cercando un hotel, probabilmente ti concentrerai su una specifica fascia di prezzo. Ma oltre al prezzo, ti consigliamo di controllare anche altri aspetti. Dovresti tenere conto di ci\u00f2 che hai intenzione di fare. Sebbene i <a href=\"https:\/\/thingstodoinamsterdam.com\/it\/trasporti-ad-amsterdam\/trasporti-pubblici-ad-amsterdam\/\">trasporti pubblici<\/a> siano ben organizzati, di notte non ci sono metropolitane e tram. Quindi, se hai intenzione di andare per locali, potresti considerare di pagare un po&#8217; di pi\u00f9 per <a href=\"https:\/\/thingstodoinamsterdam.com\/hotel-amsterdam\/hotels-in-amsterdam-city-centre\/\">un hotel in centro<\/a> invece di dover spendere i soldi risparmiati in taxi. D&#8217;altra parte, se non ti interessa la vita notturna, puoi risparmiare qualcosa e scegliere un bell&#8217;hotel tranquillo fuori dal centro citt\u00e0.     <\/p>\n<p>Quando scegli un hotel, prendi in considerazione i seguenti aspetti:<\/p>\n<ul>\n<li>Posizione dell&#8217;hotel: fuori dal centro troverai un miglior rapporto qualit\u00e0-prezzo, si adatta ai tuoi piani? Lo svantaggio del centro \u00e8 che pu\u00f2 essere un po&#8217; rumoroso vicino ai pub. <\/li>\n<li>Tipo di visitatori: alcuni hotel sono pi\u00f9 adatti a chi viaggia per affari, mentre altri sono migliori per i giovani e chi ama uscire. Se vuoi incontrare altri viaggiatori, forse un ostello \u00e8 una buona alternativa. <\/li>\n<li>Servizi: hai intenzione di fare colazione in hotel? Ti piacerebbe avere un bar all&#8217;interno della struttura? <\/li>\n<li>Recensioni: tutti gli hotel si pubblicizzeranno come puliti e confortevoli, ma le informazioni pi\u00f9 sincere e utili si trovano spesso nelle recensioni.<\/li>\n<\/ul>\n<p>[\/vc_column_text][button title=&#8221;Scopri gli hotel consigliati di Amsterdam su Booking.com&#8221; link=&#8221;https:\/\/thingstodoinamsterdam.com\/ticketlink-amsterdamhotel-booking-std&#8221; icon=&#8221;&#8221; button_align=&#8221;center&#8221; target=&#8221;true&#8221; nofollow=&#8221;true&#8221; el_id=&#8221;1757671093133-2c60190a-65a9&#8243;][vc_column_text css=&#8221;&#8221;]Esistono anche siti web come <a href=\"https:\/\/thingstodoinamsterdam.com\/hotel-amsterdam\/cozycozy\/\">CozyCozy<\/a>, che utilizzano il database di diversi siti di prenotazione. Sono specializzati in location uniche![\/vc_column_text][\/vc_column][\/vc_row][vc_row][vc_column][vc_single_image image=&#8221;2532583&#8243; img_size=&#8221;full&#8221; alignment=&#8221;center&#8221; css=&#8221;&#8221;][vc_column_text]<\/p>\n<h2><span class=\"ez-toc-section\" id=\"i-migliori-hotel-di-amsterdam\"><\/span>I migliori hotel di Amsterdam<span class=\"ez-toc-section-end\"><\/span><\/h2>\n<p>Probabilmente l&#8217;hotel pi\u00f9 famoso e iconico di Amsterdam \u00e8 l&#8217;Amstel Hotel, oggi parte del gruppo Intercontinental. I prezzi partono da circa 500 \u20ac a notte. Con un po&#8217; di fortuna in bassa stagione e prenotando con largo anticipo, si pu\u00f2 trovare una camera per 400 \u20ac. Anche se sembra una cifra elevata, aspettati un eccellente rapporto qualit\u00e0-prezzo. Questo hotel a cinque stelle \u00e8 situato in una posizione unica con vista sul fiume Amstel. Il meraviglioso edificio monumentale fu inaugurato nel 1867 e da allora offre tutto il lusso che si possa desiderare, incluso un ristorante stellato Michelin. Questo rende l&#8217;Amstel Hotel la scelta perfetta per un viaggio di lusso ad Amsterdam, come una luna di miele.      <\/p>\n<p>Scopri la nostra lista dei 14 migliori hotel di Amsterdam. Abbiamo selezionato per te solo i <a href=\"https:\/\/thingstodoinamsterdam.com\/it\/blog\/i-14-migliori-hotel-di-lusso-ad-amsterdam\/\">pi\u00f9 raffinati hotel di lusso di Amsterdam<\/a>. <\/p>\n<h3>Altri hotel di alta classe<\/h3>\n<p>Oltre all&#8217;Amstel Hotel, ci sono altri hotel di alto livello che offrono gli stessi standard elevati di ospitalit\u00e0. Troverai lo stesso tipo di lusso a un prezzo migliore. Quindi, se cerchi il miglior rapporto qualit\u00e0-prezzo, sono un&#8217;ottima alternativa. Dai un&#8217;occhiata a queste eccezionali alternative all&#8217;Amstel Hotel:   <\/p>\n<ul>\n<li><strong>Hotel De L&#8217;Europe<\/strong>: forse bello quanto l&#8217;Amstel Hotel. Situato in centro, vicino alla zona della vita notturna di Rembrandtplein. L&#8217;hotel vanta una splendida terrazza sull&#8217;acqua e un ristorante premiato con 2 stelle Michelin. Inoltre, troverai un centro benessere, spa, palestra e piscina.   <\/li>\n<li><strong>Conservatorium Hotel<\/strong>: hotel di lusso situato in centro, in Piazza dei Musei. L&#8217;arredamento dell&#8217;hotel \u00e8 moderno. I servizi includono spa, palestra, piscina e un eccellente ristorante.  <\/li>\n<li><strong>Hotel Krasnapolsky<\/strong>: poich\u00e9 Piazza Dam \u00e8 considerata il vero cuore di Amsterdam, il Krasnapolsky gode di una delle migliori posizioni in assoluto. Si trova proprio sulla piazza e dispone di camere spaziose, un grand caf\u00e9 e un giardino d&#8217;inverno interno. <\/li>\n<li><strong>Hotel Okura<\/strong>: l&#8217;Hotel Okura si trova nel De Pijp, un quartiere trendy e rilassante appena fuori dal centro citt\u00e0. Dopo una lunga giornata ti sentirai totalmente a tuo agio. Goditi uno dei quattro diversi ristoranti dell&#8217;hotel, tutti premiati con una stella Michelin, uno dei quali persino con due. Dopo cena, puoi sorseggiare un drink sulla terrazza o rilassarti nella spa giapponese.   <\/li>\n<li><strong>Waldorf Astoria Hotel:<\/strong> non famoso come l&#8217;Amstel Hotel, ma sicuramente altrettanto favoloso. Il Waldorf Astoria si trova su uno dei canali pi\u00f9 belli di Amsterdam, l&#8217;Herengracht. Dista solo poche centinaia di metri dalla zona della vita notturna di Rembrandtplein, ma le camere sono piacevoli e silenziose. I servizi includono un grande giardino, una spa e due ristoranti premiati con stelle Michelin.   <\/li>\n<\/ul>\n<p>[\/vc_column_text][button title=&#8221;Scopri le migliori offerte per hotel a 4* e 5* ad Amsterdam&#8221; link=&#8221;https:\/\/thingstodoinamsterdam.com\/ticketlink-tophotel-booking-std&#8221; button_align=&#8221;center&#8221; target=&#8221;true&#8221; nofollow=&#8221;true&#8221; el_id=&#8221;1564747511197-6bf3dafc-86a1&#8243;][vc_column_text]<\/p>\n<h2><span class=\"ez-toc-section\" id=\"hotel-economici-ad-amsterdam\"><\/span>Hotel economici ad Amsterdam<span class=\"ez-toc-section-end\"><\/span><\/h2>\n<p>Trovare un hotel economico ad Amsterdam \u00e8 un compito difficile, e probabilmente ti starai chiedendo <a href=\"https:\/\/thingstodoinamsterdam.com\/it\/dove-alloggiare-ad-amsterdam\/\">dove dormire ad Amsterdam<\/a>. Se cerchi di spendere meno di 90 \u20ac a camera per notte, preparati a dover scendere a qualche compromesso. L&#8217;hotel sar\u00e0 probabilmente situato un po&#8217; fuori dal centro, avr\u00e0 una valutazione da una a tre stelle e le tue opzioni saranno limitate. Se hai un budget leggermente superiore, potresti considerare di pagare circa 120 \u20ac a notte, poich\u00e9 avrai pi\u00f9 scelta e hotel migliori tra cui scegliere.[\/vc_column_text][button title=&#8221;Scopri le offerte per gli hotel pi\u00f9 economici di Amsterdam&#8221; link=&#8221;https:\/\/thingstodoinamsterdam.com\/ticketlink-cheaphotel-booking-std&#8221; icon=&#8221;&#8221; button_align=&#8221;center&#8221; target=&#8221;true&#8221; nofollow=&#8221;true&#8221; el_id=&#8221;1564747452850-0e0a2da1-c232&#8243;][vc_column_text]<\/p>\n<h3>Hotel economici consigliati<\/h3>\n<p>Come detto in precedenza, trovare un hotel economico a meno di 90 \u20ac a notte \u00e8 piuttosto difficile, anche se non impossibile. Riteniamo che dovresti dare un&#8217;occhiata ai seguenti hotel se cerchi un posto relativamente economico dove stare:  <\/p>\n<ul>\n<li><strong>Amstel Botel<\/strong>: un hotel unico su una barca. Le camere sono piccole e semplici, ma anche pulite ed economiche. L&#8217;Amstel Botel si trova ad Amsterdam Noord ed \u00e8 raggiungibile con un traghetto (gratuito) di 10 minuti dalla Stazione Centrale di Amsterdam. Di notte, l&#8217;hotel offre un servizio navetta gratuito dalla Stazione Centrale. I servizi includono una terrazza e un bar.    <\/li>\n<li><strong>ClinkNOORD Hostel<\/strong>: oltre ai dormitori, questo ostello offre anche camere private. \u00c8 un posto ideale per i giovani, poich\u00e9 c&#8217;\u00e8 un bar con musica dal vivo regolare, DJ e tavoli da biliardo. \u00c8 un luogo eccellente per incontrare altri giovani viaggiatori e backpacker.  <\/li>\n<li><strong>The Student Hotel:<\/strong> oltre a essere un hotel, questo posto funge anche da alloggio temporaneo per expat. Si trova ad Amsterdam West ma ha un frequente collegamento in tram per diverse zone di Amsterdam a poche centinaia di metri. Il tram ti porter\u00e0 in centro in venti minuti. C&#8217;\u00e8 una grande area lounge e una palestra. \u00c8 anche un posto perfetto per socializzare.    <\/li>\n<\/ul>\n<p>Per altri consigli su alloggi convenienti ad Amsterdam, assicurati di <a href=\"https:\/\/thingstodoinamsterdam.com\/blog\/best-hostels-amsterdam\/\">leggere questo articolo sui migliori ostelli di Amsterdam<\/a>.[\/vc_column_text][\/vc_column][\/vc_row][vc_row][vc_column][vc_single_image image=&#8221;2532580&#8243; img_size=&#8221;full&#8221; add_caption=&#8221;yes&#8221; alignment=&#8221;center&#8221;][\/vc_column][\/vc_row]<\/p>\n<\/div>","protected":false},"excerpt":{"rendered":"<p>[vc_row][vc_column][vc_column_text]Con oltre 10 milioni di turisti che visitano Amsterdam ogni anno, sono moltissime le persone in cerca di un hotel in citt\u00e0. Per far fronte\u2026<\/p>\n","protected":false},"author":1,"featured_media":2532581,"parent":0,"menu_order":0,"comment_status":"closed","ping_status":"closed","template":"","meta":{"footnotes":""},"class_list":["post-2532579","page","type-page","status-publish","has-post-thumbnail","hentry"],"yoast_head":"<!-- This site is optimized with the Yoast SEO plugin v27.4 - https:\/\/yoast.com\/product\/yoast-seo-wordpress\/ -->\n<title>Hotel ad Amsterdam - ThingstodoinAmsterdam.com<\/title>\n<meta name=\"description\" content=\"Cerchi un hotel ad Amsterdam? Dai un&#039;occhiata a questa pagina per scoprire di pi\u00f9 sui migliori hotel, sulle opzioni economiche e sulle alternative. Guarda anche i nostri consigli!\" \/>\n<meta name=\"robots\" content=\"index, follow, max-snippet:-1, max-image-preview:large, max-video-preview:-1\" \/>\n<link rel=\"canonical\" href=\"https:\/\/thingstodoinamsterdam.com\/it\/hotel-ad-amsterdam\/\" \/>\n<meta property=\"og:locale\" content=\"it_IT\" \/>\n<meta property=\"og:type\" content=\"article\" \/>\n<meta property=\"og:title\" content=\"Hotel ad Amsterdam - ThingstodoinAmsterdam.com\" \/>\n<meta property=\"og:description\" content=\"Cerchi un hotel ad Amsterdam? Dai un&#039;occhiata a questa pagina per scoprire di pi\u00f9 sui migliori hotel, sulle opzioni economiche e sulle alternative. Guarda anche i nostri consigli!\" \/>\n<meta property=\"og:url\" content=\"https:\/\/thingstodoinamsterdam.com\/it\/hotel-ad-amsterdam\/\" \/>\n<meta property=\"og:site_name\" content=\"ThingstodoinAmsterdam.com\" \/>\n<meta property=\"article:publisher\" content=\"https:\/\/www.facebook.com\/thingstodoinamsterdamcom\" \/>\n<meta property=\"article:modified_time\" content=\"2026-04-14T17:56:52+00:00\" \/>\n<meta property=\"og:image\" content=\"https:\/\/thingstodoinamsterdam.com\/wp-content\/uploads\/2019\/08\/Amstel-Hotel-Amsterdam-1.jpg\" \/>\n\t<meta property=\"og:image:width\" content=\"800\" \/>\n\t<meta property=\"og:image:height\" content=\"532\" \/>\n\t<meta property=\"og:image:type\" content=\"image\/jpeg\" \/>\n<meta name=\"twitter:card\" content=\"summary_large_image\" \/>\n<meta name=\"twitter:label1\" content=\"Tempo di lettura stimato\" \/>\n\t<meta name=\"twitter:data1\" content=\"7 minuti\" \/>\n<script type=\"application\/ld+json\" class=\"yoast-schema-graph\">{\"@context\":\"https:\\\/\\\/schema.org\",\"@graph\":[{\"@type\":\"WebPage\",\"@id\":\"https:\\\/\\\/thingstodoinamsterdam.com\\\/it\\\/hotel-ad-amsterdam\\\/\",\"url\":\"https:\\\/\\\/thingstodoinamsterdam.com\\\/it\\\/hotel-ad-amsterdam\\\/\",\"name\":\"Hotel ad Amsterdam - ThingstodoinAmsterdam.com\",\"isPartOf\":{\"@id\":\"https:\\\/\\\/thingstodoinamsterdam.com\\\/it\\\/#website\"},\"primaryImageOfPage\":{\"@id\":\"https:\\\/\\\/thingstodoinamsterdam.com\\\/it\\\/hotel-ad-amsterdam\\\/#primaryimage\"},\"image\":{\"@id\":\"https:\\\/\\\/thingstodoinamsterdam.com\\\/it\\\/hotel-ad-amsterdam\\\/#primaryimage\"},\"thumbnailUrl\":\"https:\\\/\\\/thingstodoinamsterdam.com\\\/wp-content\\\/uploads\\\/2019\\\/08\\\/Amstel-Hotel-Amsterdam-1.jpg\",\"datePublished\":\"2026-02-13T09:54:12+00:00\",\"dateModified\":\"2026-04-14T17:56:52+00:00\",\"description\":\"Cerchi un hotel ad Amsterdam? Dai un'occhiata a questa pagina per scoprire di pi\u00f9 sui migliori hotel, sulle opzioni economiche e sulle alternative. Guarda anche i nostri consigli!\",\"breadcrumb\":{\"@id\":\"https:\\\/\\\/thingstodoinamsterdam.com\\\/it\\\/hotel-ad-amsterdam\\\/#breadcrumb\"},\"inLanguage\":\"it-IT\",\"potentialAction\":[{\"@type\":\"ReadAction\",\"target\":[\"https:\\\/\\\/thingstodoinamsterdam.com\\\/it\\\/hotel-ad-amsterdam\\\/\"]}]},{\"@type\":\"ImageObject\",\"inLanguage\":\"it-IT\",\"@id\":\"https:\\\/\\\/thingstodoinamsterdam.com\\\/it\\\/hotel-ad-amsterdam\\\/#primaryimage\",\"url\":\"https:\\\/\\\/thingstodoinamsterdam.com\\\/wp-content\\\/uploads\\\/2019\\\/08\\\/Amstel-Hotel-Amsterdam-1.jpg\",\"contentUrl\":\"https:\\\/\\\/thingstodoinamsterdam.com\\\/wp-content\\\/uploads\\\/2019\\\/08\\\/Amstel-Hotel-Amsterdam-1.jpg\",\"width\":800,\"height\":532},{\"@type\":\"BreadcrumbList\",\"@id\":\"https:\\\/\\\/thingstodoinamsterdam.com\\\/it\\\/hotel-ad-amsterdam\\\/#breadcrumb\",\"itemListElement\":[{\"@type\":\"ListItem\",\"position\":1,\"name\":\"Cose da fare ad Amsterdam\",\"item\":\"https:\\\/\\\/thingstodoinamsterdam.com\\\/it\\\/\"},{\"@type\":\"ListItem\",\"position\":2,\"name\":\"Hotel ad Amsterdam\"}]},{\"@type\":\"WebSite\",\"@id\":\"https:\\\/\\\/thingstodoinamsterdam.com\\\/it\\\/#website\",\"url\":\"https:\\\/\\\/thingstodoinamsterdam.com\\\/it\\\/\",\"name\":\"ThingstodoinAmsterdam.com\",\"description\":\"Amsterdam&#039;s highlights and hidden secrets\",\"publisher\":{\"@id\":\"https:\\\/\\\/thingstodoinamsterdam.com\\\/it\\\/#organization\"},\"potentialAction\":[{\"@type\":\"SearchAction\",\"target\":{\"@type\":\"EntryPoint\",\"urlTemplate\":\"https:\\\/\\\/thingstodoinamsterdam.com\\\/it\\\/?s={search_term_string}\"},\"query-input\":{\"@type\":\"PropertyValueSpecification\",\"valueRequired\":true,\"valueName\":\"search_term_string\"}}],\"inLanguage\":\"it-IT\"},{\"@type\":\"Organization\",\"@id\":\"https:\\\/\\\/thingstodoinamsterdam.com\\\/it\\\/#organization\",\"name\":\"Cose da fare ad Amsterdam\",\"url\":\"https:\\\/\\\/thingstodoinamsterdam.com\\\/it\\\/\",\"logo\":{\"@type\":\"ImageObject\",\"inLanguage\":\"it-IT\",\"@id\":\"https:\\\/\\\/thingstodoinamsterdam.com\\\/it\\\/#\\\/schema\\\/logo\\\/image\\\/\",\"url\":\"https:\\\/\\\/thingstodoinamsterdam.com\\\/wp-content\\\/uploads\\\/2025\\\/02\\\/ThingsToDoInAmsterdam-Favicon-logo.png\",\"contentUrl\":\"https:\\\/\\\/thingstodoinamsterdam.com\\\/wp-content\\\/uploads\\\/2025\\\/02\\\/ThingsToDoInAmsterdam-Favicon-logo.png\",\"width\":512,\"height\":512,\"caption\":\"Cose da fare ad Amsterdam\"},\"image\":{\"@id\":\"https:\\\/\\\/thingstodoinamsterdam.com\\\/it\\\/#\\\/schema\\\/logo\\\/image\\\/\"},\"sameAs\":[\"https:\\\/\\\/www.facebook.com\\\/thingstodoinamsterdamcom\"]}]}<\/script>\n<!-- \/ Yoast SEO plugin. -->","yoast_head_json":{"title":"Hotel ad Amsterdam - ThingstodoinAmsterdam.com","description":"Cerchi un hotel ad Amsterdam? Dai un'occhiata a questa pagina per scoprire di pi\u00f9 sui migliori hotel, sulle opzioni economiche e sulle alternative. Guarda anche i nostri consigli!","robots":{"index":"index","follow":"follow","max-snippet":"max-snippet:-1","max-image-preview":"max-image-preview:large","max-video-preview":"max-video-preview:-1"},"canonical":"https:\/\/thingstodoinamsterdam.com\/it\/hotel-ad-amsterdam\/","og_locale":"it_IT","og_type":"article","og_title":"Hotel ad Amsterdam - ThingstodoinAmsterdam.com","og_description":"Cerchi un hotel ad Amsterdam? Dai un'occhiata a questa pagina per scoprire di pi\u00f9 sui migliori hotel, sulle opzioni economiche e sulle alternative. Guarda anche i nostri consigli!","og_url":"https:\/\/thingstodoinamsterdam.com\/it\/hotel-ad-amsterdam\/","og_site_name":"ThingstodoinAmsterdam.com","article_publisher":"https:\/\/www.facebook.com\/thingstodoinamsterdamcom","article_modified_time":"2026-04-14T17:56:52+00:00","og_image":[{"width":800,"height":532,"url":"https:\/\/thingstodoinamsterdam.com\/wp-content\/uploads\/2019\/08\/Amstel-Hotel-Amsterdam-1.jpg","type":"image\/jpeg"}],"twitter_card":"summary_large_image","twitter_misc":{"Tempo di lettura stimato":"7 minuti"},"schema":{"@context":"https:\/\/schema.org","@graph":[{"@type":"WebPage","@id":"https:\/\/thingstodoinamsterdam.com\/it\/hotel-ad-amsterdam\/","url":"https:\/\/thingstodoinamsterdam.com\/it\/hotel-ad-amsterdam\/","name":"Hotel ad Amsterdam - ThingstodoinAmsterdam.com","isPartOf":{"@id":"https:\/\/thingstodoinamsterdam.com\/it\/#website"},"primaryImageOfPage":{"@id":"https:\/\/thingstodoinamsterdam.com\/it\/hotel-ad-amsterdam\/#primaryimage"},"image":{"@id":"https:\/\/thingstodoinamsterdam.com\/it\/hotel-ad-amsterdam\/#primaryimage"},"thumbnailUrl":"https:\/\/thingstodoinamsterdam.com\/wp-content\/uploads\/2019\/08\/Amstel-Hotel-Amsterdam-1.jpg","datePublished":"2026-02-13T09:54:12+00:00","dateModified":"2026-04-14T17:56:52+00:00","description":"Cerchi un hotel ad Amsterdam? Dai un'occhiata a questa pagina per scoprire di pi\u00f9 sui migliori hotel, sulle opzioni economiche e sulle alternative. Guarda anche i nostri consigli!","breadcrumb":{"@id":"https:\/\/thingstodoinamsterdam.com\/it\/hotel-ad-amsterdam\/#breadcrumb"},"inLanguage":"it-IT","potentialAction":[{"@type":"ReadAction","target":["https:\/\/thingstodoinamsterdam.com\/it\/hotel-ad-amsterdam\/"]}]},{"@type":"ImageObject","inLanguage":"it-IT","@id":"https:\/\/thingstodoinamsterdam.com\/it\/hotel-ad-amsterdam\/#primaryimage","url":"https:\/\/thingstodoinamsterdam.com\/wp-content\/uploads\/2019\/08\/Amstel-Hotel-Amsterdam-1.jpg","contentUrl":"https:\/\/thingstodoinamsterdam.com\/wp-content\/uploads\/2019\/08\/Amstel-Hotel-Amsterdam-1.jpg","width":800,"height":532},{"@type":"BreadcrumbList","@id":"https:\/\/thingstodoinamsterdam.com\/it\/hotel-ad-amsterdam\/#breadcrumb","itemListElement":[{"@type":"ListItem","position":1,"name":"Cose da fare ad Amsterdam","item":"https:\/\/thingstodoinamsterdam.com\/it\/"},{"@type":"ListItem","position":2,"name":"Hotel ad Amsterdam"}]},{"@type":"WebSite","@id":"https:\/\/thingstodoinamsterdam.com\/it\/#website","url":"https:\/\/thingstodoinamsterdam.com\/it\/","name":"ThingstodoinAmsterdam.com","description":"Amsterdam&#039;s highlights and hidden secrets","publisher":{"@id":"https:\/\/thingstodoinamsterdam.com\/it\/#organization"},"potentialAction":[{"@type":"SearchAction","target":{"@type":"EntryPoint","urlTemplate":"https:\/\/thingstodoinamsterdam.com\/it\/?s={search_term_string}"},"query-input":{"@type":"PropertyValueSpecification","valueRequired":true,"valueName":"search_term_string"}}],"inLanguage":"it-IT"},{"@type":"Organization","@id":"https:\/\/thingstodoinamsterdam.com\/it\/#organization","name":"Cose da fare ad Amsterdam","url":"https:\/\/thingstodoinamsterdam.com\/it\/","logo":{"@type":"ImageObject","inLanguage":"it-IT","@id":"https:\/\/thingstodoinamsterdam.com\/it\/#\/schema\/logo\/image\/","url":"https:\/\/thingstodoinamsterdam.com\/wp-content\/uploads\/2025\/02\/ThingsToDoInAmsterdam-Favicon-logo.png","contentUrl":"https:\/\/thingstodoinamsterdam.com\/wp-content\/uploads\/2025\/02\/ThingsToDoInAmsterdam-Favicon-logo.png","width":512,"height":512,"caption":"Cose da fare ad Amsterdam"},"image":{"@id":"https:\/\/thingstodoinamsterdam.com\/it\/#\/schema\/logo\/image\/"},"sameAs":["https:\/\/www.facebook.com\/thingstodoinamsterdamcom"]}]}},"_links":{"self":[{"href":"https:\/\/thingstodoinamsterdam.com\/it\/wp-json\/wp\/v2\/pages\/2532579","targetHints":{"allow":["GET"]}}],"collection":[{"href":"https:\/\/thingstodoinamsterdam.com\/it\/wp-json\/wp\/v2\/pages"}],"about":[{"href":"https:\/\/thingstodoinamsterdam.com\/it\/wp-json\/wp\/v2\/types\/page"}],"author":[{"embeddable":true,"href":"https:\/\/thingstodoinamsterdam.com\/it\/wp-json\/wp\/v2\/users\/1"}],"replies":[{"embeddable":true,"href":"https:\/\/thingstodoinamsterdam.com\/it\/wp-json\/wp\/v2\/comments?post=2532579"}],"version-history":[{"count":5,"href":"https:\/\/thingstodoinamsterdam.com\/it\/wp-json\/wp\/v2\/pages\/2532579\/revisions"}],"predecessor-version":[{"id":2539399,"href":"https:\/\/thingstodoinamsterdam.com\/it\/wp-json\/wp\/v2\/pages\/2532579\/revisions\/2539399"}],"wp:featuredmedia":[{"embeddable":true,"href":"https:\/\/thingstodoinamsterdam.com\/it\/wp-json\/wp\/v2\/media\/2532581"}],"wp:attachment":[{"href":"https:\/\/thingstodoinamsterdam.com\/it\/wp-json\/wp\/v2\/media?parent=2532579"}],"curies":[{"name":"wp","href":"https:\/\/api.w.org\/{rel}","templated":true}]}}