{"id":2532803,"date":"2026-02-13T12:42:12","date_gmt":"2026-02-13T11:42:12","guid":{"rendered":"https:\/\/thingstodoinamsterdam.com\/gita-fuori-porta-da-amsterdam\/"},"modified":"2026-03-10T16:47:01","modified_gmt":"2026-03-10T15:47:01","slug":"gita-fuori-porta-da-amsterdam","status":"publish","type":"page","link":"https:\/\/thingstodoinamsterdam.com\/it\/gita-fuori-porta-da-amsterdam\/","title":{"rendered":"Gita fuori porta da Amsterdam"},"content":{"rendered":"<div class=\"wpb-content-wrapper\"><p>[vc_row][vc_column][vc_column_text css=&#8221;&#8221;]Amiamo Amsterdam, \u00e8 una citt\u00e0 splendida dove trascorrere il tempo e non ci si annoia mai perch\u00e9 c&#8217;\u00e8 cos\u00ec tanto da vedere e da fare. Tuttavia, speriamo che non dimenticherai che i Paesi Bassi sono molto pi\u00f9 di una semplice citt\u00e0. Se hai tempo, ti consigliamo vivamente di fare una gita fuori porta da Amsterdam! Esci dai sentieri battuti e verrai ricompensato da tutto ci\u00f2 che i Paesi Bassi hanno da offrire oltre alla capitale. In un solo giorno, puoi visitare uno dei luoghi che ti consigliamo qui sotto.<\/p><div id=\"ez-toc-container\" class=\"ez-toc-v2_0_82_2 counter-hierarchy ez-toc-counter ez-toc-custom ez-toc-container-direction\">\n<div class=\"ez-toc-title-container\">\n<span class=\"ez-toc-title-toggle\"><a href=\"#\" class=\"ez-toc-pull-right ez-toc-btn ez-toc-btn-xs ez-toc-btn-default ez-toc-toggle\" aria-label=\"Toggle Table of Content\"><span class=\"ez-toc-js-icon-con\"><span class=\"\"><span class=\"eztoc-hide\" style=\"display:none;\">Toggle<\/span><span class=\"ez-toc-icon-toggle-span\"><svg style=\"fill: #999;color:#999\" xmlns=\"http:\/\/www.w3.org\/2000\/svg\" class=\"list-377408\" width=\"20px\" height=\"20px\" viewBox=\"0 0 24 24\" fill=\"none\"><path d=\"M6 6H4v2h2V6zm14 0H8v2h12V6zM4 11h2v2H4v-2zm16 0H8v2h12v-2zM4 16h2v2H4v-2zm16 0H8v2h12v-2z\" fill=\"currentColor\"><\/path><\/svg><svg style=\"fill: #999;color:#999\" class=\"arrow-unsorted-368013\" xmlns=\"http:\/\/www.w3.org\/2000\/svg\" width=\"10px\" height=\"10px\" viewBox=\"0 0 24 24\" version=\"1.2\" baseProfile=\"tiny\"><path d=\"M18.2 9.3l-6.2-6.3-6.2 6.3c-.2.2-.3.4-.3.7s.1.5.3.7c.2.2.4.3.7.3h11c.3 0 .5-.1.7-.3.2-.2.3-.5.3-.7s-.1-.5-.3-.7zM5.8 14.7l6.2 6.3 6.2-6.3c.2-.2.3-.5.3-.7s-.1-.5-.3-.7c-.2-.2-.4-.3-.7-.3h-11c-.3 0-.5.1-.7.3-.2.2-.3.5-.3.7s.1.5.3.7z\"\/><\/svg><\/span><\/span><\/span><\/a><\/span><\/div>\n<nav><ul class='ez-toc-list ez-toc-list-level-1 ' ><li class='ez-toc-page-1 ez-toc-heading-level-2'><a class=\"ez-toc-link ez-toc-heading-1\" href=\"https:\/\/thingstodoinamsterdam.com\/it\/gita-fuori-porta-da-amsterdam\/#villaggi-da-visitare-nei-paesi-bassi\" >Villaggi da visitare nei Paesi Bassi<\/a><\/li><li class='ez-toc-page-1 ez-toc-heading-level-2'><a class=\"ez-toc-link ez-toc-heading-2\" href=\"https:\/\/thingstodoinamsterdam.com\/it\/gita-fuori-porta-da-amsterdam\/#gite-in-citta-partendo-da-amsterdam\" >Gite in citt\u00e0 partendo da Amsterdam<\/a><\/li><li class='ez-toc-page-1 ez-toc-heading-level-2'><a class=\"ez-toc-link ez-toc-heading-3\" href=\"https:\/\/thingstodoinamsterdam.com\/it\/gita-fuori-porta-da-amsterdam\/#gite-al-mare\" >Gite al mare<\/a><\/li><\/ul><\/nav><\/div>\n\n<p>Il numero di turisti che arrivano ad Amsterdam \u00e8 cresciuto in modo esponenziale negli ultimi vent&#8217;anni. Si stima che ogni anno arrivino ad Amsterdam 9 milioni di turisti, rispetto ai soli 4,5 milioni del 2000. Per una citt\u00e0 abbastanza piccola con poco pi\u00f9 di 800.000 abitanti, questo non passa inosservato. Specialmente in alta stagione, a un certo punto potresti avere l&#8217;impressione di camminare in un grande parco a tema affollato. Quindi, dopo qualche giorno di visite turistiche ad Amsterdam, potresti sentire il bisogno di scoprire alcuni posti lontani dalla massa.<\/p>\n<p>La cosa migliore \u00e8 che ci sono segreti nascosti a portata di mano. I Paesi Bassi sono un paese piccolo e quindi non devi viaggiare lontano. A pochi chilometri da Amsterdam troverai citt\u00e0 e luoghi che meritano sicuramente una visita. Piccoli villaggi come <a href=\"https:\/\/thingstodoinamsterdam.com\/it\/gita-fuori-porta-da-amsterdam\/weesp\/\">Weesp<\/a> o <a href=\"https:\/\/thingstodoinamsterdam.com\/it\/gita-fuori-porta-da-amsterdam\/muiden\/\">Muiden<\/a> dove sembra che il tempo si sia fermato. Ma anche altre citt\u00e0 pi\u00f9 grandi come <a href=\"https:\/\/thingstodoinamsterdam.com\/day-trip-from-amsterdam\/utrecht\/\">Utrecht<\/a> o <a href=\"https:\/\/thingstodoinamsterdam.com\/day-trip-from-amsterdam\/rotterdam\/\">Rotterdam<\/a> sono a solo un&#8217;ora di distanza con i mezzi pubblici.<\/p>\n<p>Quindi, se hai voglia di fare una gita fuori porta da Amsterdam, resta sintonizzato, dai un&#8217;occhiata ai nostri consigli e scegli la tua meta preferita.<\/p>\n<h2><span class=\"ez-toc-section\" id=\"villaggi-da-visitare-nei-paesi-bassi\"><\/span>Villaggi da visitare nei Paesi Bassi<span class=\"ez-toc-section-end\"><\/span><\/h2>\n<p>Hai bisogno di una pausa dalla frenesia della citt\u00e0? Dovresti assolutamente andare a scoprire questi autentici villaggi olandesi! Per alcuni \u00e8 sufficiente solo mezza giornata per arrivare e passeggiare, dato che distano meno di un&#8217;ora. Rimarrai sorpreso dalla ricca storia, dai bellissimi paesaggi e dagli edifici monumentali. Se chiedi a noi, queste cittadine sono perfette per una gita fuori porta da Amsterdam. I villaggi vicino ad Amsterdam possono essere visitati facilmente in bicicletta, ma sono raggiungibili comodamente anche con i mezzi pubblici.[\/vc_column_text][button title=&#8221;Prenota un tour guidato di un giorno nella campagna olandese e ai mulini a vento verso Volendam, Marken e Zaanse Schans&#8221; link=&#8221;https:\/\/thingstodoinamsterdam.com\/ticketlink-countryside-windmills-tour-tours-combi-canalcruise&#8221; icon=&#8221;&#8221; button_align=&#8221;center&#8221; target=&#8221;true&#8221; nofollow=&#8221;true&#8221; el_id=&#8221;1564476330763-f68bf620-7b84&#8243;][promo_block style_var=&#8221;style2&#8243; el_id=&#8221;1564476430490-c53ba6ce-7602&#8243;][promo link=&#8221;url:https%3A%2F%2Fthingstodoinamsterdam.com%2Fit%2Fgita-fuori-porta-da-amsterdam%2Fweesp%2F|title:Weesp|&#8221; text=&#8221;Scopri l&#8217;antica citt\u00e0 di Weesp con i suoi edifici monumentali e i numerosi ponti. Weesp si trova a soli 15 minuti da Amsterdam ma ti offrir\u00e0 una visione completamente nuova dei Paesi Bassi!&#8221; img=&#8221;595&#8243;][promo link=&#8221;url:https%3A%2F%2Fthingstodoinamsterdam.com%2Fit%2Fgita-fuori-porta-da-amsterdam%2Fmuiden%2F|title:Muiden|&#8221; text=&#8221;Fai un viaggio indietro nel tempo a Muiden. Visita il castello di Amsterdam e passeggia tra le stradine. Questo antico villaggio \u00e8 molto vicino ad Amsterdam e ha una storia ricchissima!&#8221; img=&#8221;1304&#8243;][promo link=&#8221;url:https%3A%2F%2Fthingstodoinamsterdam.com%2Fit%2Fgita-fuori-porta-da-amsterdam%2Fgiethoorn-il-villaggio-sullacqua-la-venezia-dei-paesi-bassi%2F|title:Giethoorn|&#8221; text=&#8221;Questo villaggio sull&#8217;acqua conosciuto come la Venezia dei Paesi Bassi \u00e8 abbastanza lontano da Amsterdam, ma regala un&#8217;esperienza indimenticabile!&#8221; img=&#8221;1296&#8243;][promo link=&#8221;url:https%3A%2F%2Fthingstodoinamsterdam.com%2Fit%2Fgita-fuori-porta-da-amsterdam%2Fcose-da-fare-a-naarden-la-citta-fortezza-meglio-conservata-dei-paesi-bassi%2F|title:Naarden|&#8221; text=&#8221;Naarden \u00e8 un vero tesoro nascosto abbastanza vicino ad Amsterdam. Questo villaggio-fortezza storico \u00e8 un luogo molto interessante da visitare, grazie alla sua ricca storia e al design a stella perfettamente conservato con doppie mura.&#8221; img=&#8221;1306&#8243;][promo link=&#8221;url:https%3A%2F%2Fthingstodoinamsterdam.com%2Fit%2Fgita-fuori-porta-da-amsterdam%2Fmulini-a-vento-di-zaanse-schans%2F|title:Villaggio%20dei%20mulini%20a%20vento%20di%20Zaanse%20Schans|&#8221; text=&#8221;Zaanse Schans \u00e8 un po&#8217; turistica, ma per una buona ragione: ospita alcuni dei mulini a vento storici pi\u00f9 belli che i Paesi Bassi hanno da offrire. Inoltre, troverai anche musei dedicati a cose tipicamente olandesi come gli zoccoli di legno, il formaggio e gli stroopwafel.&#8221; img=&#8221;597&#8243;][promo link=&#8221;url:https%3A%2F%2Fthingstodoinamsterdam.com%2Fday-trip-from-amsterdam%2Famstelveen%2F|title:Amstelveen|&#8221; text=&#8221;Amstelveen \u00e8 una citt\u00e0 piuttosto tranquilla vicino ad Amsterdam ed \u00e8 la casa di molti pendolari. \u00c8 un&#8217;ottima scelta se vuoi sfuggire alla grande folla di Amsterdam per fare shopping, ad esempio. Amstelveen \u00e8 anche interessante per gli amanti dell&#8217;arte moderna e contemporanea, dato che vi si trovano il Cobra Museum e il museo Jan van der Togt.&#8221; img=&#8221;1294&#8243;][\/promo_block][\/vc_column][\/vc_row][vc_row][vc_column][vc_column_text]<\/p>\n<h2><span class=\"ez-toc-section\" id=\"gite-in-citta-partendo-da-amsterdam\"><\/span>Gite in citt\u00e0 partendo da Amsterdam<span class=\"ez-toc-section-end\"><\/span><\/h2>\n<p>Non tutti sanno che i Paesi Bassi sono un paese molto compatto e piccolo. C&#8217;\u00e8 molto di pi\u00f9 da vedere oltre ad Amsterdam! Consigliamo vivamente a chi visita Amsterdam di riservare almeno un giorno per visitare un&#8217;altra citt\u00e0 olandese. Le altre grandi citt\u00e0 non sono mai lontane; anche viaggiando con i mezzi pubblici, la maggior parte delle citt\u00e0 \u00e8 raggiungibile in un&#8217;ora. Altri centri importanti nei Paesi Bassi non sono ancora stati scoperti dalle grandi folle e sono quindi meno turistici! Dai un&#8217;occhiata alla nostra selezione di citt\u00e0 che meritano sicuramente una visita.[\/vc_column_text][button title=&#8221;Prenota un tour di un giorno all\u2019Aia, Delft e Madurodam&#8221; link=&#8221;https:\/\/thingstodoinamsterdam.com\/ticketlink-rijksmuseum-tours-combi-thehague&#8221; icon=&#8221;&#8221; button_align=&#8221;center&#8221; target=&#8221;true&#8221; nofollow=&#8221;true&#8221; el_id=&#8221;1564476369352-3f3da5a2-4d3d&#8221;][\/vc_column][\/vc_row][vc_row][vc_column][promo_block style_var=&#8221;style2&#8243; el_id=&#8221;1564476940246-8e6f3538-b807&#8243;][promo link=&#8221;url:https%3A%2F%2Fthingstodoinamsterdam.com%2Fday-trip-from-amsterdam%2Futrecht%2F|title:Utrecht|&#8221; text=&#8221;Nel cuore dei Paesi Bassi troverai Utrecht, un&#8217;antica citt\u00e0 con bei canali proprio come Amsterdam.&#8221; img=&#8221;1312&#8243;][promo link=&#8221;url:https%3A%2F%2Fthingstodoinamsterdam.com%2Fit%2Fgita-fuori-porta-da-amsterdam%2Fhaarlem%2F|title:Haarlem|&#8221; text=&#8221;Se hai poco tempo, Haarlem \u00e8 un&#8217;opzione perfetta! A meno di venti minuti dalla Stazione Centrale di Amsterdam, ma con un&#8217;atmosfera completamente diversa. La famosa zona di Harlem a New York prende il nome da questa bellissima citt\u00e0.&#8221; img=&#8221;545&#8243;][promo link=&#8221;url:https%3A%2F%2Fthingstodoinamsterdam.com%2Fday-trip-from-amsterdam%2Frotterdam%2F|title:Rotterdam|&#8221; text=&#8221;Rotterdam pu\u00f2 essere vista come la Berlino dei Paesi Bassi: moderna, industriale e un po&#8217; underground.&#8221; img=&#8221;1310&#8243;][promo link=&#8221;url:https%3A%2F%2Fthingstodoinamsterdam.com%2Fday-trip-from-amsterdam%2Fleiden%2F|title:Leida|&#8221; text=&#8221;Visita il Museo di Etnologia a Leida, una citt\u00e0 storica nota per la sua universit\u00e0. Puoi goderti una crociera sui canali o passeggiare tra i fiori all&#8217;Hortus Botanicus, il giardino botanico pi\u00f9 antico dei Paesi Bassi.&#8221; img=&#8221;565&#8243;][promo link=&#8221;url:https%3A%2F%2Fthingstodoinamsterdam.com%2Fday-trip-from-amsterdam%2Fdelft%2F|title:Delft|&#8221; text=&#8221;Delft \u00e8 una meravigliosa citt\u00e0 storica di medie dimensioni con una storia che risale a oltre 750 anni fa. Non scoperta dalle grandi folle, tranquilla ma vivace!&#8221; img=&#8221;1300&#8243;][promo link=&#8221;url:https%3A%2F%2Fthingstodoinamsterdam.com%2Fday-trip-from-amsterdam%2Falkmaar%2F|title:Alkmaar|&#8221; text=&#8221;Un&#8217;ora a nord di Amsterdam troverai Alkmaar, una citt\u00e0 meravigliosa nota per il suo accogliente mercato del formaggio circondato da terrazze. Fai shopping e passeggia nel rilassato centro storico.&#8221; img=&#8221;1298&#8243;][promo link=&#8221;url:https%3A%2F%2Fthingstodoinamsterdam.com%2Fday-trip-from-amsterdam%2Fthe-hague%2F|title:L%27Aia|&#8221; text=&#8221;I Paesi Bassi sono l&#8217;unico paese che non ha il governo con sede nella capitale. Il governo olandese ha sede nella bellissima citt\u00e0 dell&#8217;Aia, sulla costa olandese. Vale decisamente ogni momento del tuo tempo!&#8221; img=&#8221;2887&#8243;][promo link=&#8221;url:https%3A%2F%2Fthingstodoinamsterdam.com%2Fday-trip-from-amsterdam%2Fapeldoorn%2F|title:Apeldoorn|&#8221; text=&#8221;Non scoperta dalle grandi folle, Apeldoorn offre un&#8217;interessante alternativa all&#8217;area urbana del Randstad. Da un Palazzo Reale a uno zoo di scimmie, musei o una tranquilla passeggiata nella natura. Apeldoorn ha tutto!&#8221; img=&#8221;2855&#8243;][\/promo_block][vc_column_text]<\/p>\n<h2><span class=\"ez-toc-section\" id=\"gite-al-mare\"><\/span>Gite al mare<span class=\"ez-toc-section-end\"><\/span><\/h2>\n<p>Hai la fortuna di essere ad Amsterdam con il bel tempo? Allora potresti essere interessato a una gita al mare. Una piccola pausa dalla citt\u00e0 caotica. Fai una bella e lunga passeggiata sulla spiaggia o magari un tuffo in mare. La maggior parte delle spiagge \u00e8 circondata da dune che creano un paesaggio eccellente per una passeggiata romantica.[\/vc_column_text][\/vc_column][\/vc_row][vc_row][vc_column][promo_block style_var=&#8221;style2&#8243; el_id=&#8221;1564477566718-1a231b8e-f3e3&#8243;][promo link=&#8221;url:https%3A%2F%2Fthingstodoinamsterdam.com%2Fit%2Fgita-fuori-porta-da-amsterdam%2Fspiaggia-di-amsterdam-zandvoort-aan-zee%2F|title:Zandvoort|&#8221; text=&#8221;Cerchi una rapida fuga al mare? Zandvoort \u00e8 il posto giusto! A soli trenta minuti da Amsterdam.&#8221; img=&#8221;1314&#8243;][promo link=&#8221;title:Scheveningen|&#8221; text=&#8221;Scheveningen \u00e8 una delle spiagge pi\u00f9 popolari dei Paesi Bassi. Combinala con una gita a L&#8217;Aia!&#8221; img=&#8221;1308&#8243;][promo link=&#8221;title:IJmuiden|&#8221; text=&#8221;La spiaggia di IJmuiden \u00e8 il regno del windsurf e del kitesurf. Fai una bella passeggiata o vai a vedere i fari.&#8221; img=&#8221;1302&#8243;][\/promo_block][\/vc_column][\/vc_row]<\/p>\n<\/div>","protected":false},"excerpt":{"rendered":"<p>[vc_row][vc_column][vc_column_text css=&#8221;&#8221;]Amiamo Amsterdam, \u00e8 una citt\u00e0 splendida dove trascorrere il tempo e non ci si annoia mai perch\u00e9 c&#8217;\u00e8 cos\u00ec tanto da vedere e da\u2026<\/p>\n","protected":false},"author":1,"featured_media":2532816,"parent":0,"menu_order":0,"comment_status":"closed","ping_status":"closed","template":"","meta":{"footnotes":""},"class_list":["post-2532803","page","type-page","status-publish","has-post-thumbnail","hentry"],"yoast_head":"<!-- This site is optimized with the Yoast SEO plugin v27.4 - https:\/\/yoast.com\/product\/yoast-seo-wordpress\/ -->\n<title>Gita fuori porta da Amsterdam - scopri tutte le citt\u00e0 vicino ad Amsterdam<\/title>\n<meta name=\"description\" content=\"Amsterdam \u00e8 davvero una citt\u00e0 incantevole! Ma i Paesi Bassi non sono solo Amsterdam. Fai una gita fuori porta da Amsterdam e scopri luoghi autentici e meno turistici!\" \/>\n<meta name=\"robots\" content=\"index, follow, max-snippet:-1, max-image-preview:large, max-video-preview:-1\" \/>\n<link rel=\"canonical\" href=\"https:\/\/thingstodoinamsterdam.com\/it\/gita-fuori-porta-da-amsterdam\/\" \/>\n<meta property=\"og:locale\" content=\"it_IT\" \/>\n<meta property=\"og:type\" content=\"article\" \/>\n<meta property=\"og:title\" content=\"Gita fuori porta da Amsterdam - scopri tutte le citt\u00e0 vicino ad Amsterdam\" \/>\n<meta property=\"og:description\" content=\"Amsterdam \u00e8 davvero una citt\u00e0 incantevole! Ma i Paesi Bassi non sono solo Amsterdam. Fai una gita fuori porta da Amsterdam e scopri luoghi autentici e meno turistici!\" \/>\n<meta property=\"og:url\" content=\"https:\/\/thingstodoinamsterdam.com\/it\/gita-fuori-porta-da-amsterdam\/\" \/>\n<meta property=\"og:site_name\" content=\"ThingstodoinAmsterdam.com\" \/>\n<meta property=\"article:publisher\" content=\"https:\/\/www.facebook.com\/thingstodoinamsterdamcom\" \/>\n<meta property=\"article:modified_time\" content=\"2026-03-10T15:47:01+00:00\" \/>\n<meta property=\"og:image\" content=\"https:\/\/thingstodoinamsterdam.com\/wp-content\/uploads\/2019\/08\/thumbnail-rotterdam-skyline.jpg\" \/>\n\t<meta property=\"og:image:width\" content=\"325\" \/>\n\t<meta property=\"og:image:height\" content=\"276\" \/>\n\t<meta property=\"og:image:type\" content=\"image\/jpeg\" \/>\n<meta name=\"twitter:card\" content=\"summary_large_image\" \/>\n<meta name=\"twitter:label1\" content=\"Tempo di lettura stimato\" \/>\n\t<meta name=\"twitter:data1\" content=\"9 minuti\" \/>\n<script type=\"application\/ld+json\" class=\"yoast-schema-graph\">{\"@context\":\"https:\\\/\\\/schema.org\",\"@graph\":[{\"@type\":\"WebPage\",\"@id\":\"https:\\\/\\\/thingstodoinamsterdam.com\\\/it\\\/gita-fuori-porta-da-amsterdam\\\/\",\"url\":\"https:\\\/\\\/thingstodoinamsterdam.com\\\/it\\\/gita-fuori-porta-da-amsterdam\\\/\",\"name\":\"Gita fuori porta da Amsterdam - scopri tutte le citt\u00e0 vicino ad Amsterdam\",\"isPartOf\":{\"@id\":\"https:\\\/\\\/thingstodoinamsterdam.com\\\/it\\\/#website\"},\"primaryImageOfPage\":{\"@id\":\"https:\\\/\\\/thingstodoinamsterdam.com\\\/it\\\/gita-fuori-porta-da-amsterdam\\\/#primaryimage\"},\"image\":{\"@id\":\"https:\\\/\\\/thingstodoinamsterdam.com\\\/it\\\/gita-fuori-porta-da-amsterdam\\\/#primaryimage\"},\"thumbnailUrl\":\"https:\\\/\\\/thingstodoinamsterdam.com\\\/wp-content\\\/uploads\\\/2019\\\/08\\\/thumbnail-rotterdam-skyline.jpg\",\"datePublished\":\"2026-02-13T11:42:12+00:00\",\"dateModified\":\"2026-03-10T15:47:01+00:00\",\"description\":\"Amsterdam \u00e8 davvero una citt\u00e0 incantevole! Ma i Paesi Bassi non sono solo Amsterdam. Fai una gita fuori porta da Amsterdam e scopri luoghi autentici e meno turistici!\",\"breadcrumb\":{\"@id\":\"https:\\\/\\\/thingstodoinamsterdam.com\\\/it\\\/gita-fuori-porta-da-amsterdam\\\/#breadcrumb\"},\"inLanguage\":\"it-IT\",\"potentialAction\":[{\"@type\":\"ReadAction\",\"target\":[\"https:\\\/\\\/thingstodoinamsterdam.com\\\/it\\\/gita-fuori-porta-da-amsterdam\\\/\"]}]},{\"@type\":\"ImageObject\",\"inLanguage\":\"it-IT\",\"@id\":\"https:\\\/\\\/thingstodoinamsterdam.com\\\/it\\\/gita-fuori-porta-da-amsterdam\\\/#primaryimage\",\"url\":\"https:\\\/\\\/thingstodoinamsterdam.com\\\/wp-content\\\/uploads\\\/2019\\\/08\\\/thumbnail-rotterdam-skyline.jpg\",\"contentUrl\":\"https:\\\/\\\/thingstodoinamsterdam.com\\\/wp-content\\\/uploads\\\/2019\\\/08\\\/thumbnail-rotterdam-skyline.jpg\",\"width\":325,\"height\":276},{\"@type\":\"BreadcrumbList\",\"@id\":\"https:\\\/\\\/thingstodoinamsterdam.com\\\/it\\\/gita-fuori-porta-da-amsterdam\\\/#breadcrumb\",\"itemListElement\":[{\"@type\":\"ListItem\",\"position\":1,\"name\":\"Cose da fare ad Amsterdam\",\"item\":\"https:\\\/\\\/thingstodoinamsterdam.com\\\/it\\\/\"},{\"@type\":\"ListItem\",\"position\":2,\"name\":\"Gita fuori porta da Amsterdam\"}]},{\"@type\":\"WebSite\",\"@id\":\"https:\\\/\\\/thingstodoinamsterdam.com\\\/it\\\/#website\",\"url\":\"https:\\\/\\\/thingstodoinamsterdam.com\\\/it\\\/\",\"name\":\"ThingstodoinAmsterdam.com\",\"description\":\"Amsterdam&#039;s highlights and hidden secrets\",\"publisher\":{\"@id\":\"https:\\\/\\\/thingstodoinamsterdam.com\\\/it\\\/#organization\"},\"potentialAction\":[{\"@type\":\"SearchAction\",\"target\":{\"@type\":\"EntryPoint\",\"urlTemplate\":\"https:\\\/\\\/thingstodoinamsterdam.com\\\/it\\\/?s={search_term_string}\"},\"query-input\":{\"@type\":\"PropertyValueSpecification\",\"valueRequired\":true,\"valueName\":\"search_term_string\"}}],\"inLanguage\":\"it-IT\"},{\"@type\":\"Organization\",\"@id\":\"https:\\\/\\\/thingstodoinamsterdam.com\\\/it\\\/#organization\",\"name\":\"Cose da fare ad Amsterdam\",\"url\":\"https:\\\/\\\/thingstodoinamsterdam.com\\\/it\\\/\",\"logo\":{\"@type\":\"ImageObject\",\"inLanguage\":\"it-IT\",\"@id\":\"https:\\\/\\\/thingstodoinamsterdam.com\\\/it\\\/#\\\/schema\\\/logo\\\/image\\\/\",\"url\":\"https:\\\/\\\/thingstodoinamsterdam.com\\\/wp-content\\\/uploads\\\/2025\\\/02\\\/ThingsToDoInAmsterdam-Favicon-logo.png\",\"contentUrl\":\"https:\\\/\\\/thingstodoinamsterdam.com\\\/wp-content\\\/uploads\\\/2025\\\/02\\\/ThingsToDoInAmsterdam-Favicon-logo.png\",\"width\":512,\"height\":512,\"caption\":\"Cose da fare ad Amsterdam\"},\"image\":{\"@id\":\"https:\\\/\\\/thingstodoinamsterdam.com\\\/it\\\/#\\\/schema\\\/logo\\\/image\\\/\"},\"sameAs\":[\"https:\\\/\\\/www.facebook.com\\\/thingstodoinamsterdamcom\"]}]}<\/script>\n<!-- \/ Yoast SEO plugin. -->","yoast_head_json":{"title":"Gita fuori porta da Amsterdam - scopri tutte le citt\u00e0 vicino ad Amsterdam","description":"Amsterdam \u00e8 davvero una citt\u00e0 incantevole! Ma i Paesi Bassi non sono solo Amsterdam. Fai una gita fuori porta da Amsterdam e scopri luoghi autentici e meno turistici!","robots":{"index":"index","follow":"follow","max-snippet":"max-snippet:-1","max-image-preview":"max-image-preview:large","max-video-preview":"max-video-preview:-1"},"canonical":"https:\/\/thingstodoinamsterdam.com\/it\/gita-fuori-porta-da-amsterdam\/","og_locale":"it_IT","og_type":"article","og_title":"Gita fuori porta da Amsterdam - scopri tutte le citt\u00e0 vicino ad Amsterdam","og_description":"Amsterdam \u00e8 davvero una citt\u00e0 incantevole! Ma i Paesi Bassi non sono solo Amsterdam. Fai una gita fuori porta da Amsterdam e scopri luoghi autentici e meno turistici!","og_url":"https:\/\/thingstodoinamsterdam.com\/it\/gita-fuori-porta-da-amsterdam\/","og_site_name":"ThingstodoinAmsterdam.com","article_publisher":"https:\/\/www.facebook.com\/thingstodoinamsterdamcom","article_modified_time":"2026-03-10T15:47:01+00:00","og_image":[{"width":325,"height":276,"url":"https:\/\/thingstodoinamsterdam.com\/wp-content\/uploads\/2019\/08\/thumbnail-rotterdam-skyline.jpg","type":"image\/jpeg"}],"twitter_card":"summary_large_image","twitter_misc":{"Tempo di lettura stimato":"9 minuti"},"schema":{"@context":"https:\/\/schema.org","@graph":[{"@type":"WebPage","@id":"https:\/\/thingstodoinamsterdam.com\/it\/gita-fuori-porta-da-amsterdam\/","url":"https:\/\/thingstodoinamsterdam.com\/it\/gita-fuori-porta-da-amsterdam\/","name":"Gita fuori porta da Amsterdam - scopri tutte le citt\u00e0 vicino ad Amsterdam","isPartOf":{"@id":"https:\/\/thingstodoinamsterdam.com\/it\/#website"},"primaryImageOfPage":{"@id":"https:\/\/thingstodoinamsterdam.com\/it\/gita-fuori-porta-da-amsterdam\/#primaryimage"},"image":{"@id":"https:\/\/thingstodoinamsterdam.com\/it\/gita-fuori-porta-da-amsterdam\/#primaryimage"},"thumbnailUrl":"https:\/\/thingstodoinamsterdam.com\/wp-content\/uploads\/2019\/08\/thumbnail-rotterdam-skyline.jpg","datePublished":"2026-02-13T11:42:12+00:00","dateModified":"2026-03-10T15:47:01+00:00","description":"Amsterdam \u00e8 davvero una citt\u00e0 incantevole! Ma i Paesi Bassi non sono solo Amsterdam. Fai una gita fuori porta da Amsterdam e scopri luoghi autentici e meno turistici!","breadcrumb":{"@id":"https:\/\/thingstodoinamsterdam.com\/it\/gita-fuori-porta-da-amsterdam\/#breadcrumb"},"inLanguage":"it-IT","potentialAction":[{"@type":"ReadAction","target":["https:\/\/thingstodoinamsterdam.com\/it\/gita-fuori-porta-da-amsterdam\/"]}]},{"@type":"ImageObject","inLanguage":"it-IT","@id":"https:\/\/thingstodoinamsterdam.com\/it\/gita-fuori-porta-da-amsterdam\/#primaryimage","url":"https:\/\/thingstodoinamsterdam.com\/wp-content\/uploads\/2019\/08\/thumbnail-rotterdam-skyline.jpg","contentUrl":"https:\/\/thingstodoinamsterdam.com\/wp-content\/uploads\/2019\/08\/thumbnail-rotterdam-skyline.jpg","width":325,"height":276},{"@type":"BreadcrumbList","@id":"https:\/\/thingstodoinamsterdam.com\/it\/gita-fuori-porta-da-amsterdam\/#breadcrumb","itemListElement":[{"@type":"ListItem","position":1,"name":"Cose da fare ad Amsterdam","item":"https:\/\/thingstodoinamsterdam.com\/it\/"},{"@type":"ListItem","position":2,"name":"Gita fuori porta da Amsterdam"}]},{"@type":"WebSite","@id":"https:\/\/thingstodoinamsterdam.com\/it\/#website","url":"https:\/\/thingstodoinamsterdam.com\/it\/","name":"ThingstodoinAmsterdam.com","description":"Amsterdam&#039;s highlights and hidden secrets","publisher":{"@id":"https:\/\/thingstodoinamsterdam.com\/it\/#organization"},"potentialAction":[{"@type":"SearchAction","target":{"@type":"EntryPoint","urlTemplate":"https:\/\/thingstodoinamsterdam.com\/it\/?s={search_term_string}"},"query-input":{"@type":"PropertyValueSpecification","valueRequired":true,"valueName":"search_term_string"}}],"inLanguage":"it-IT"},{"@type":"Organization","@id":"https:\/\/thingstodoinamsterdam.com\/it\/#organization","name":"Cose da fare ad Amsterdam","url":"https:\/\/thingstodoinamsterdam.com\/it\/","logo":{"@type":"ImageObject","inLanguage":"it-IT","@id":"https:\/\/thingstodoinamsterdam.com\/it\/#\/schema\/logo\/image\/","url":"https:\/\/thingstodoinamsterdam.com\/wp-content\/uploads\/2025\/02\/ThingsToDoInAmsterdam-Favicon-logo.png","contentUrl":"https:\/\/thingstodoinamsterdam.com\/wp-content\/uploads\/2025\/02\/ThingsToDoInAmsterdam-Favicon-logo.png","width":512,"height":512,"caption":"Cose da fare ad Amsterdam"},"image":{"@id":"https:\/\/thingstodoinamsterdam.com\/it\/#\/schema\/logo\/image\/"},"sameAs":["https:\/\/www.facebook.com\/thingstodoinamsterdamcom"]}]}},"_links":{"self":[{"href":"https:\/\/thingstodoinamsterdam.com\/it\/wp-json\/wp\/v2\/pages\/2532803","targetHints":{"allow":["GET"]}}],"collection":[{"href":"https:\/\/thingstodoinamsterdam.com\/it\/wp-json\/wp\/v2\/pages"}],"about":[{"href":"https:\/\/thingstodoinamsterdam.com\/it\/wp-json\/wp\/v2\/types\/page"}],"author":[{"embeddable":true,"href":"https:\/\/thingstodoinamsterdam.com\/it\/wp-json\/wp\/v2\/users\/1"}],"replies":[{"embeddable":true,"href":"https:\/\/thingstodoinamsterdam.com\/it\/wp-json\/wp\/v2\/comments?post=2532803"}],"version-history":[{"count":5,"href":"https:\/\/thingstodoinamsterdam.com\/it\/wp-json\/wp\/v2\/pages\/2532803\/revisions"}],"predecessor-version":[{"id":2534973,"href":"https:\/\/thingstodoinamsterdam.com\/it\/wp-json\/wp\/v2\/pages\/2532803\/revisions\/2534973"}],"wp:featuredmedia":[{"embeddable":true,"href":"https:\/\/thingstodoinamsterdam.com\/it\/wp-json\/wp\/v2\/media\/2532816"}],"wp:attachment":[{"href":"https:\/\/thingstodoinamsterdam.com\/it\/wp-json\/wp\/v2\/media?parent=2532803"}],"curies":[{"name":"wp","href":"https:\/\/api.w.org\/{rel}","templated":true}]}}