{"id":2532819,"date":"2026-02-13T12:42:19","date_gmt":"2026-02-13T11:42:19","guid":{"rendered":"https:\/\/thingstodoinamsterdam.com\/torre-panoramica-di-amsterdam\/"},"modified":"2026-03-11T00:56:49","modified_gmt":"2026-03-10T23:56:49","slug":"torre-panoramica-di-amsterdam","status":"publish","type":"page","link":"https:\/\/thingstodoinamsterdam.com\/it\/torre-panoramica-di-amsterdam\/","title":{"rendered":"Amsterdam Lookout Tower"},"content":{"rendered":"<div class=\"wpb-content-wrapper\"><p>[vc_row][vc_column][vc_column_text]L&#8217;osservatorio di Amsterdam, o A&#8217;DAM Lookout, ti offre senza dubbio la vista pi\u00f9 spettacolare sulla citt\u00e0 di Amsterdam. Questo \u00e8 probabilmente il posto migliore della citt\u00e0 per <a href=\"https:\/\/thingstodoinamsterdam.com\/it\/luoghi-da-visitare-e-attrazioni-ad-amsterdam\/\">visitare Amsterdam<\/a>. La torre \u00e8 alta circa 100 metri e si trova nella zona nord della citt\u00e0, accanto a <a href=\"https:\/\/thingstodoinamsterdam.com\/it\/this-is-holland-esperienza-di-volo-5d-ad-amsterdam\/\">THIS IS HOLLAND<\/a>. Dall&#8217;A&#8217;DAM Lookout potrai ammirare il centro storico di Amsterdam oltre il fiume IJ, l&#8217;area del porto e le zone rurali a nord della citt\u00e0. Nelle giornate limpide, si possono persino scorgere gli edifici pi\u00f9 alti delle citt\u00e0 circostanti.    <\/p><div id=\"ez-toc-container\" class=\"ez-toc-v2_0_82_2 counter-hierarchy ez-toc-counter ez-toc-custom ez-toc-container-direction\">\n<div class=\"ez-toc-title-container\">\n<span class=\"ez-toc-title-toggle\"><a href=\"#\" class=\"ez-toc-pull-right ez-toc-btn ez-toc-btn-xs ez-toc-btn-default ez-toc-toggle\" aria-label=\"Toggle Table of Content\"><span class=\"ez-toc-js-icon-con\"><span class=\"\"><span class=\"eztoc-hide\" style=\"display:none;\">Toggle<\/span><span class=\"ez-toc-icon-toggle-span\"><svg style=\"fill: #999;color:#999\" xmlns=\"http:\/\/www.w3.org\/2000\/svg\" class=\"list-377408\" width=\"20px\" height=\"20px\" viewBox=\"0 0 24 24\" fill=\"none\"><path d=\"M6 6H4v2h2V6zm14 0H8v2h12V6zM4 11h2v2H4v-2zm16 0H8v2h12v-2zM4 16h2v2H4v-2zm16 0H8v2h12v-2z\" fill=\"currentColor\"><\/path><\/svg><svg style=\"fill: #999;color:#999\" class=\"arrow-unsorted-368013\" xmlns=\"http:\/\/www.w3.org\/2000\/svg\" width=\"10px\" height=\"10px\" viewBox=\"0 0 24 24\" version=\"1.2\" baseProfile=\"tiny\"><path d=\"M18.2 9.3l-6.2-6.3-6.2 6.3c-.2.2-.3.4-.3.7s.1.5.3.7c.2.2.4.3.7.3h11c.3 0 .5-.1.7-.3.2-.2.3-.5.3-.7s-.1-.5-.3-.7zM5.8 14.7l6.2 6.3 6.2-6.3c.2-.2.3-.5.3-.7s-.1-.5-.3-.7c-.2-.2-.4-.3-.7-.3h-11c-.3 0-.5.1-.7.3-.2.2-.3.5-.3.7s.1.5.3.7z\"\/><\/svg><\/span><\/span><\/span><\/a><\/span><\/div>\n<nav><ul class='ez-toc-list ez-toc-list-level-1 ' ><li class='ez-toc-page-1 ez-toc-heading-level-2'><a class=\"ez-toc-link ez-toc-heading-1\" href=\"https:\/\/thingstodoinamsterdam.com\/it\/torre-panoramica-di-amsterdam\/#orari-di-apertura-della-torre-panoramica-di-amsterdam\" >Orari di apertura della torre panoramica di Amsterdam<\/a><\/li><li class='ez-toc-page-1 ez-toc-heading-level-2'><a class=\"ez-toc-link ez-toc-heading-2\" href=\"https:\/\/thingstodoinamsterdam.com\/it\/torre-panoramica-di-amsterdam\/#prezzi-biglietti-e-sconti-per-ladam-lookout\" >Prezzi, biglietti e sconti per l&#8217;A&#8217;DAM Lookout<\/a><\/li><li class='ez-toc-page-1 ez-toc-heading-level-2'><a class=\"ez-toc-link ez-toc-heading-3\" href=\"https:\/\/thingstodoinamsterdam.com\/it\/torre-panoramica-di-amsterdam\/#galleria-fotografica-della-torre-panoramica-di-amsterdam\" >Galleria fotografica della torre panoramica di Amsterdam<\/a><\/li><li class='ez-toc-page-1 ez-toc-heading-level-2'><a class=\"ez-toc-link ez-toc-heading-4\" href=\"https:\/\/thingstodoinamsterdam.com\/it\/torre-panoramica-di-amsterdam\/#indirizzo-informazioni-di-contatto-e-come-arrivare-alladam-lookout\" >Indirizzo, informazioni di contatto e come arrivare all&#8217;A&#8217;DAM Lookout<\/a><\/li><li class='ez-toc-page-1 ez-toc-heading-level-2'><a class=\"ez-toc-link ez-toc-heading-5\" href=\"https:\/\/thingstodoinamsterdam.com\/it\/torre-panoramica-di-amsterdam\/#trasporto-pubblico\" >Trasporto pubblico<\/a><\/li><\/ul><\/nav><\/div>\n\n<p>Per gli amanti del brivido, c&#8217;\u00e8 un&#8217;altalena che dondola oltre il bordo della torre. Cos\u00ec puoi dondolarti a 100 metri d&#8217;altezza godendoti lo skyline di Amsterdam. Questa altalena, chiamata OverTheEdge, \u00e8 la pi\u00f9 alta d&#8217;Europa e ti coster\u00e0 solo 7,50 \u20ac. Se lo chiedi a noi, vale sicuramente la pena provare!   <\/p>\n<p>Se soffri di vertigini o semplicemente non ti piace l&#8217;idea di un&#8217;altalena in cima a una torre, c&#8217;\u00e8 anche la possibilit\u00e0 di godersi un drink e qualcosa da mangiare ammirando il panorama dal ristorante.[\/vc_column_text][button title=&#8221;Prenota i tuoi biglietti per l&#039;Amsterdam Lookout&#8221; link=&#8221;https:\/\/thingstodoinamsterdam.com\/ticketlink-lookout-tiqets-std&#8221; icon=&#8221;fa fa-solid fa-angles-right&#8221; button_align=&#8221;center&#8221; target=&#8221;true&#8221; nofollow=&#8221;true&#8221; el_id=&#8221;1728649084396-8f06a236-91ae&#8221;][vc_video link=&#8221;https:\/\/youtu.be\/LBDMRgj5EzQ&#8221; css=&#8221;.vc_custom_1490647146962{margin-right: 25px !important;margin-left: 25px !important;}&#8221; title=&#8221;A&apos;DAM Lookout: cosa aspettarsi&#8221;][vc_column_text]<\/p>\n<h2><span class=\"ez-toc-section\" id=\"orari-di-apertura-della-torre-panoramica-di-amsterdam\"><\/span>Orari di apertura della torre panoramica di Amsterdam<span class=\"ez-toc-section-end\"><\/span><\/h2>\n<p>L&#8217;A&#8217;DAM Lookout \u00e8 aperto tutti i giorni, 7 giorni su 7. Senza eccezioni. Gli ultimi ospiti possono entrare un&#8217;ora prima della chiusura. Assicurati di essere all&#8217;ingresso prima delle 20:00 per evitare delusioni, poich\u00e9 non sar\u00e0 consentito l&#8217;accesso dopo le otto.   <\/p>\n<table style=\"width: 100%;\">\n<tbody>\n<tr>\n<td>Luned\u00ec<\/td>\n<td>10:00 &#8211; 22:00<\/td>\n<\/tr>\n<tr>\n<td>Marted\u00ec<\/td>\n<td>10:00 &#8211; 22:00<\/td>\n<\/tr>\n<tr>\n<td>Mercoled\u00ec<\/td>\n<td>10:00 &#8211; 22:00<\/td>\n<\/tr>\n<tr>\n<td>Gioved\u00ec<\/td>\n<td>10:00 &#8211; 22:00<\/td>\n<\/tr>\n<tr>\n<td>Venerd\u00ec<\/td>\n<td>10:00 &#8211; 22:00<\/td>\n<\/tr>\n<tr>\n<td>Sabato<\/td>\n<td>10:00 &#8211; 22:00<\/td>\n<\/tr>\n<tr>\n<td>Domenica<\/td>\n<td>10:00 &#8211; 22:00<\/td>\n<\/tr>\n<\/tbody>\n<\/table>\n<p>[\/vc_column_text][vc_column_text css=&#8221;&#8221;]<\/p>\n<h2><span class=\"ez-toc-section\" id=\"prezzi-biglietti-e-sconti-per-ladam-lookout\"><\/span>Prezzi, biglietti e sconti per l&#8217;A&#8217;DAM Lookout<span class=\"ez-toc-section-end\"><\/span><\/h2>\n<p>L&#8217;A&#8217;DAM Lookout ti coster\u00e0 18,50 \u20ac se acquisti il biglietto all&#8217;ingresso. Questo prezzo include gratuitamente una foto digitale e l&#8217;uso dei binocoli. Le prenotazioni online danno diritto a uno sconto, assicurati di non perderlo!  <\/p>\n<table style=\"width: 100%;\">\n<tbody>\n<tr>\n<td>Adulti<\/td>\n<td>24,50 \u20ac<\/td>\n<\/tr>\n<tr>\n<td>Bambini 4 &#8211; 12<\/td>\n<td>12,50 \u20ac<\/td>\n<\/tr>\n<tr>\n<td>Neonati fino a 4 anni<\/td>\n<td>Gratis<\/td>\n<\/tr>\n<\/tbody>\n<\/table>\n<div id=\"gtx-trans\" style=\"position: absolute; left: 1222px; top: 49.8125px;\">\n<div class=\"gtx-trans-icon\"><\/div>\n<\/div>\n<p>[\/vc_column_text][button title=&#8221;Prenota i tuoi biglietti per l&#039;Amsterdam Lookout&#8221; link=&#8221;https:\/\/thingstodoinamsterdam.com\/ticketlink-lookout-tiqets-std&#8221; icon=&#8221;&#8221; button_align=&#8221;center&#8221; target=&#8221;true&#8221; nofollow=&#8221;true&#8221; el_id=&#8221;1728649341252-6871bcd3-ea2a&#8221;][vc_column_text]<\/p>\n<h2><span class=\"ez-toc-section\" id=\"galleria-fotografica-della-torre-panoramica-di-amsterdam\"><\/span>Galleria fotografica della torre panoramica di Amsterdam<span class=\"ez-toc-section-end\"><\/span><\/h2>\n<p><a href=\"https:\/\/thingstodoinamsterdam.com\/wp-content\/uploads\/2019\/07\/adam-tower-elevator.jpg\"><img decoding=\"async\" class=\"size-full wp-image-6501 aligncenter\" src=\"https:\/\/thingstodoinamsterdam.com\/wp-content\/uploads\/2019\/07\/adam-tower-elevator.jpg\" alt=\"ascensore torre adam\" width=\"900\" height=\"600\"><\/a><br \/>\n<a href=\"https:\/\/thingstodoinamsterdam.com\/wp-content\/uploads\/2019\/07\/adam-swing.jpg\"><img decoding=\"async\" class=\"size-full wp-image-6505 aligncenter\" src=\"https:\/\/thingstodoinamsterdam.com\/wp-content\/uploads\/2019\/07\/adam-swing.jpg\" alt=\"altalena adam\" width=\"900\" height=\"600\"><\/a><br \/>\n<a href=\"https:\/\/thingstodoinamsterdam.com\/wp-content\/uploads\/2019\/07\/view-adam-lookout-tower.jpg\"><img decoding=\"async\" class=\"size-full wp-image-6507 aligncenter\" src=\"https:\/\/thingstodoinamsterdam.com\/wp-content\/uploads\/2019\/07\/view-adam-lookout-tower.jpg\" alt=\"vista torre panoramica adam\" width=\"900\" height=\"384\"><\/a><br \/>\n<img decoding=\"async\" class=\"aligncenter size-full wp-image-2711\" src=\"https:\/\/thingstodoinamsterdam.com\/wp-content\/uploads\/2019\/07\/ADAM-Lookout-tower.jpg\" alt=\"\" width=\"900\" height=\"900\"><\/p>\n<p>&nbsp;<\/p>\n<p><img decoding=\"async\" class=\"aligncenter size-full wp-image-2712\" src=\"https:\/\/thingstodoinamsterdam.com\/wp-content\/uploads\/2019\/07\/ADAM-Lookout1.jpg\" alt=\"\" width=\"900\" height=\"900\">[\/vc_column_text][vc_column_text]<\/p>\n<h2><span class=\"ez-toc-section\" id=\"indirizzo-informazioni-di-contatto-e-come-arrivare-alladam-lookout\"><\/span>Indirizzo, informazioni di contatto e come arrivare all&#8217;A&#8217;DAM Lookout<span class=\"ez-toc-section-end\"><\/span><\/h2>\n<p>La torre panoramica di Amsterdam si trova nella zona nord della citt\u00e0. Questa parte della citt\u00e0 \u00e8 raggiungibile pi\u00f9 facilmente con il traghetto, che parte dal retro della Stazione Centrale di Amsterdam. Cerca il traghetto per Buiksloterweg: ti porter\u00e0 dall&#8217;altra parte dell&#8217;IJ in soli due minuti.  <\/p>\n<p><strong>Indirizzo<\/strong><br \/>\nA&#8217;DAM Lookout<br \/>\nOverhoeksplein 5<br \/>\n1031 KS Amsterdam<br \/>\n+31 (0)20 242 0100[\/vc_column_text][g_map heading=&#8221;A&#8217;DAM Lookout on the city map&#8221; height=&#8221;&#8220;450&#8220;&#8221; style=&#8221;&#8220;border: 0&#8220;;&#8221; src=&#8221;&#8220;https:\/\/www.google.com\/maps\/embed?pb=!1m18!1m12!1m3!1d2435.2586145429696!2d4.89993381580237!3d52.38386197978867!2m3!1f0!2f0!3f0!3m2!1i1024!2i768!4f13.1!3m3!1m2!1s0x47c609b440714bbb%3A0xa6175c28f97a0af6!2zQeKAmURBTSBMb29rb3V0!5e0!3m2!1sen!2snl!4v1490647588855&#8220;&#8221; width=&#8221;&#8220;600&#8220;&#8221; frameborder=&#8221;&#8220;0&#8220;&#8221; el_id=&#8221;1564145656002-965c137f-5c5e&#8221;]<iframe style=\"border: 0;\" src=\"https:\/\/www.google.com\/maps\/embed?pb=!1m18!1m12!1m3!1d2435.2586145429696!2d4.89993381580237!3d52.38386197978867!2m3!1f0!2f0!3f0!3m2!1i1024!2i768!4f13.1!3m3!1m2!1s0x47c609b440714bbb%3A0xa6175c28f97a0af6!2zQeKAmURBTSBMb29rb3V0!5e0!3m2!1sen!2snl!4v1490647588855\" width=\"600\" height=\"450\" frameborder=\"0\" allowfullscreen=\"allowfullscreen\"><\/iframe>[\/g_map][vc_column_text]<\/p>\n<h2><span class=\"ez-toc-section\" id=\"trasporto-pubblico\"><\/span>Trasporto pubblico<span class=\"ez-toc-section-end\"><\/span><\/h2>\n<p>Vuoi sapere come arrivare all&#8217;A&#8217;DAM Lookout con i mezzi pubblici? Facile! Raggiungi la Stazione Centrale di Amsterdam. Dietro la stazione troverai i traghetti in partenza per Amsterdam Nord. Prendi il traghetto in direzione Buiksloterweg. Ti porter\u00e0 a destinazione in meno di 5 minuti. Una volta sull&#8217;altra sponda, non potrai non notare la torre. La torre A&#8217;DAM sconsiglia ai visitatori di venire in bicicletta poich\u00e9 lo spazio per il parcheggio \u00e8 limitato. Usa semplicemente l&#8217;efficiente sistema di <a href=\"https:\/\/thingstodoinamsterdam.com\/it\/trasporti-ad-amsterdam\/trasporti-pubblici-ad-amsterdam\/\">trasporto pubblico<\/a> di Amsterdam.        <\/p>\n<p><a href=\"http:\/\/9292.nl\/en\/?to=amsterdam_overhoeksplein-5\"><img decoding=\"async\" class=\"alignnone wp-image-3080 size-medium\" src=\"https:\/\/thingstodoinamsterdam.com\/wp-content\/uploads\/2019\/07\/Button-Plan-mijn-OV-reis-EN-300x54.png\" alt=\"\" width=\"300\" height=\"54\"><\/a>[\/vc_column_text][vc_column_text css=&#8221;&#8221;]<\/p>\n<h3>Altre cose da fare ad Amsterdam<\/h3>\n<p><a href=\"https:\/\/thingstodoinamsterdam.com\/it\/artis-zoo-amsterdam\/\">Artis Amsterdam Zoo<\/a><br \/>\n<a href=\"https:\/\/thingstodoinamsterdam.com\/it\/musei-ad-amsterdam\/amsterdam-dungeon\/\">Amsterdam Dungeon<\/a><br \/>\n<a href=\"https:\/\/thingstodoinamsterdam.com\/it\/musei-ad-amsterdam\/body-worlds-the-happiness-project\/\">BODY WORLDS Amsterdam<\/a><br \/>\n<a href=\"https:\/\/thingstodoinamsterdam.com\/it\/crociera-canali\/\">Crociera sui canali Amsterdam<\/a><br \/>\n<a href=\"https:\/\/thingstodoinamsterdam.com\/it\/quartiere-a-luci-rosse\/teatro-erotico-casa-rosso-amsterdam\/\">Casa Rosso<\/a><br \/>\n<a href=\"https:\/\/thingstodoinamsterdam.com\/it\/musei-ad-amsterdam\/heineken-experience-amsterdam\/\">Heineken Experience<\/a><br \/>\n<a href=\"https:\/\/thingstodoinamsterdam.com\/it\/this-is-holland-esperienza-di-volo-5d-ad-amsterdam\/\">THIS IS HOLLAND<\/a><br \/>\n<a href=\"https:\/\/thingstodoinamsterdam.com\/it\/musei-ad-amsterdam\/moco-museum\/\">Moco Museum<\/a><br \/>\n<a href=\"https:\/\/thingstodoinamsterdam.com\/it\/musei-ad-amsterdam\/museo-della-scienza-nemo\/\">Museo della Scienza NEMO<\/a><br \/>\n<a href=\"https:\/\/thingstodoinamsterdam.com\/powerzone-bowling-minigolf-laser-tag-amsterdam\/\">Powerzone<\/a><br \/>\n<a href=\"https:\/\/thingstodoinamsterdam.com\/it\/musei-ad-amsterdam\/rijksmuseum\/\">Rijksmuseum<\/a><br \/>\n<a href=\"https:\/\/thingstodoinamsterdam.com\/museum-amsterdam\/stedelijk-museum\/\">Stedelijk Museum<\/a><br \/>\n<a href=\"https:\/\/thingstodoinamsterdam.com\/museum-amsterdam\/tropenmuseum\/\">Tropenmuseum<\/a><br \/>\n<a href=\"https:\/\/thingstodoinamsterdam.com\/it\/musei-ad-amsterdam\/museo-van-gogh\/\">Museo Van Gogh<\/a>[\/vc_column_text][\/vc_column][\/vc_row][vc_row][vc_column][reviews heading=&#8221;Recensioni dell&#039;Amsterdam Lookout&#8221; description=&#8221;Raccontaci la tua esperienza all&apos;Amsterdam Lookout! Ti \u00e8 piaciuta la vista? Hai bevuto qualcosa al bar o hai provato l&apos;altalena? Lascia una recensione qui sotto e aiuta gli altri viaggiatori.   &#8221; el_id=&#8221;1564146067547-d2a95c14-a53b&#8221;][\/reviews][vc_column_text]<strong>Dai un&#8217;occhiata a una delle <a href=\"https:\/\/thingstodoinamsterdam.com\/it\/\">cose da fare ad Amsterdam<\/a> <\/strong>qui sotto e trova la tua prossima avventura.[\/vc_column_text][\/vc_column][\/vc_row][vc_row][vc_column][promo_block style_var=&#8221;style2&#8243; el_id=&#8221;1564146086475-94048365-c765&#8243;][promo link=&#8221;url:https%3A%2F%2Fthingstodoinamsterdam.com%2Fit%2Fmusei-ad-amsterdam%2Fheineken-experience-amsterdam%2F|title:Heineken%20Experience|&#8221; text=&#8221;Scopri tutto sul marchio famoso in tutto il mondo!&#8221; img=&#8221;87&#8243;][promo link=&#8221;url:https%3A%2F%2Fthingstodoinamsterdam.com%2Fit%2Fartis-zoo-amsterdam%2F|title:Artis%20Royal%20Zoo|&#8221; text=&#8221;C&apos;\u00e8 sempre da divertirsi allo zoo di Amsterdam&#8221; img=&#8221;84&#8243;][promo link=&#8221;url:https%3A%2F%2Fthingstodoinamsterdam.com%2Fit%2Fmusei-ad-amsterdam%2Fmadame-tussauds-museo-delle-cere-di-amsterdam%2F|title:Madame%20Tussauds|&#8221; text=&#8221;Scatta un selfie con la famiglia reale olandese!&#8221; img=&#8221;632&#8243;][\/promo_block][\/vc_column][\/vc_row]<\/p>\n<\/div>","protected":false},"excerpt":{"rendered":"<p>[vc_row][vc_column][vc_column_text]L&#8217;osservatorio di Amsterdam, o A&#8217;DAM Lookout, ti offre senza dubbio la vista pi\u00f9 spettacolare sulla citt\u00e0 di Amsterdam. Questo \u00e8 probabilmente il posto migliore della\u2026<\/p>\n","protected":false},"author":1,"featured_media":0,"parent":0,"menu_order":0,"comment_status":"closed","ping_status":"closed","template":"","meta":{"footnotes":""},"class_list":["post-2532819","page","type-page","status-publish","hentry"],"yoast_head":"<!-- This site is optimized with the Yoast SEO plugin v27.4 - https:\/\/yoast.com\/product\/yoast-seo-wordpress\/ -->\n<title>Amsterdam Lookout Tower - ThingstodoinAmsterdam.com<\/title>\n<meta name=\"description\" content=\"La torre panoramica di Amsterdam ti regala la vista pi\u00f9 magnifica sulla citt\u00e0. Dai un&#039;occhiata alle recensioni e acquista qui i biglietti scontati salta-fila!\" \/>\n<meta name=\"robots\" content=\"index, follow, max-snippet:-1, max-image-preview:large, max-video-preview:-1\" \/>\n<link rel=\"canonical\" href=\"https:\/\/thingstodoinamsterdam.com\/it\/torre-panoramica-di-amsterdam\/\" \/>\n<meta property=\"og:locale\" content=\"it_IT\" \/>\n<meta property=\"og:type\" content=\"article\" \/>\n<meta property=\"og:title\" content=\"Amsterdam Lookout Tower - ThingstodoinAmsterdam.com\" \/>\n<meta property=\"og:description\" content=\"La torre panoramica di Amsterdam ti regala la vista pi\u00f9 magnifica sulla citt\u00e0. Dai un&#039;occhiata alle recensioni e acquista qui i biglietti scontati salta-fila!\" \/>\n<meta property=\"og:url\" content=\"https:\/\/thingstodoinamsterdam.com\/it\/torre-panoramica-di-amsterdam\/\" \/>\n<meta property=\"og:site_name\" content=\"ThingstodoinAmsterdam.com\" \/>\n<meta property=\"article:publisher\" content=\"https:\/\/www.facebook.com\/thingstodoinamsterdamcom\" \/>\n<meta property=\"article:modified_time\" content=\"2026-03-10T23:56:49+00:00\" \/>\n<meta property=\"og:image\" content=\"https:\/\/thingstodoinamsterdam.com\/wp-content\/uploads\/2019\/07\/view-adam-lookout-tower.jpg\" \/>\n\t<meta property=\"og:image:width\" content=\"900\" \/>\n\t<meta property=\"og:image:height\" content=\"384\" \/>\n\t<meta property=\"og:image:type\" content=\"image\/jpeg\" \/>\n<meta name=\"twitter:card\" content=\"summary_large_image\" \/>\n<meta name=\"twitter:label1\" content=\"Tempo di lettura stimato\" \/>\n\t<meta name=\"twitter:data1\" content=\"4 minuti\" \/>\n<script type=\"application\/ld+json\" class=\"yoast-schema-graph\">{\"@context\":\"https:\\\/\\\/schema.org\",\"@graph\":[{\"@type\":\"WebPage\",\"@id\":\"https:\\\/\\\/thingstodoinamsterdam.com\\\/it\\\/torre-panoramica-di-amsterdam\\\/\",\"url\":\"https:\\\/\\\/thingstodoinamsterdam.com\\\/it\\\/torre-panoramica-di-amsterdam\\\/\",\"name\":\"Amsterdam Lookout Tower - ThingstodoinAmsterdam.com\",\"isPartOf\":{\"@id\":\"https:\\\/\\\/thingstodoinamsterdam.com\\\/it\\\/#website\"},\"primaryImageOfPage\":{\"@id\":\"https:\\\/\\\/thingstodoinamsterdam.com\\\/it\\\/torre-panoramica-di-amsterdam\\\/#primaryimage\"},\"image\":{\"@id\":\"https:\\\/\\\/thingstodoinamsterdam.com\\\/it\\\/torre-panoramica-di-amsterdam\\\/#primaryimage\"},\"thumbnailUrl\":\"https:\\\/\\\/thingstodoinamsterdam.com\\\/wp-content\\\/uploads\\\/2019\\\/07\\\/adam-tower-elevator.jpg\",\"datePublished\":\"2026-02-13T11:42:19+00:00\",\"dateModified\":\"2026-03-10T23:56:49+00:00\",\"description\":\"La torre panoramica di Amsterdam ti regala la vista pi\u00f9 magnifica sulla citt\u00e0. Dai un'occhiata alle recensioni e acquista qui i biglietti scontati salta-fila!\",\"breadcrumb\":{\"@id\":\"https:\\\/\\\/thingstodoinamsterdam.com\\\/it\\\/torre-panoramica-di-amsterdam\\\/#breadcrumb\"},\"inLanguage\":\"it-IT\",\"potentialAction\":[{\"@type\":\"ReadAction\",\"target\":[\"https:\\\/\\\/thingstodoinamsterdam.com\\\/it\\\/torre-panoramica-di-amsterdam\\\/\"]}]},{\"@type\":\"ImageObject\",\"inLanguage\":\"it-IT\",\"@id\":\"https:\\\/\\\/thingstodoinamsterdam.com\\\/it\\\/torre-panoramica-di-amsterdam\\\/#primaryimage\",\"url\":\"https:\\\/\\\/thingstodoinamsterdam.com\\\/wp-content\\\/uploads\\\/2019\\\/07\\\/adam-tower-elevator.jpg\",\"contentUrl\":\"https:\\\/\\\/thingstodoinamsterdam.com\\\/wp-content\\\/uploads\\\/2019\\\/07\\\/adam-tower-elevator.jpg\"},{\"@type\":\"BreadcrumbList\",\"@id\":\"https:\\\/\\\/thingstodoinamsterdam.com\\\/it\\\/torre-panoramica-di-amsterdam\\\/#breadcrumb\",\"itemListElement\":[{\"@type\":\"ListItem\",\"position\":1,\"name\":\"Cose da fare ad Amsterdam\",\"item\":\"https:\\\/\\\/thingstodoinamsterdam.com\\\/it\\\/\"},{\"@type\":\"ListItem\",\"position\":2,\"name\":\"Amsterdam Lookout Tower\"}]},{\"@type\":\"WebSite\",\"@id\":\"https:\\\/\\\/thingstodoinamsterdam.com\\\/it\\\/#website\",\"url\":\"https:\\\/\\\/thingstodoinamsterdam.com\\\/it\\\/\",\"name\":\"ThingstodoinAmsterdam.com\",\"description\":\"Amsterdam&#039;s highlights and hidden secrets\",\"publisher\":{\"@id\":\"https:\\\/\\\/thingstodoinamsterdam.com\\\/it\\\/#organization\"},\"potentialAction\":[{\"@type\":\"SearchAction\",\"target\":{\"@type\":\"EntryPoint\",\"urlTemplate\":\"https:\\\/\\\/thingstodoinamsterdam.com\\\/it\\\/?s={search_term_string}\"},\"query-input\":{\"@type\":\"PropertyValueSpecification\",\"valueRequired\":true,\"valueName\":\"search_term_string\"}}],\"inLanguage\":\"it-IT\"},{\"@type\":\"Organization\",\"@id\":\"https:\\\/\\\/thingstodoinamsterdam.com\\\/it\\\/#organization\",\"name\":\"Cose da fare ad Amsterdam\",\"url\":\"https:\\\/\\\/thingstodoinamsterdam.com\\\/it\\\/\",\"logo\":{\"@type\":\"ImageObject\",\"inLanguage\":\"it-IT\",\"@id\":\"https:\\\/\\\/thingstodoinamsterdam.com\\\/it\\\/#\\\/schema\\\/logo\\\/image\\\/\",\"url\":\"https:\\\/\\\/thingstodoinamsterdam.com\\\/wp-content\\\/uploads\\\/2025\\\/02\\\/ThingsToDoInAmsterdam-Favicon-logo.png\",\"contentUrl\":\"https:\\\/\\\/thingstodoinamsterdam.com\\\/wp-content\\\/uploads\\\/2025\\\/02\\\/ThingsToDoInAmsterdam-Favicon-logo.png\",\"width\":512,\"height\":512,\"caption\":\"Cose da fare ad Amsterdam\"},\"image\":{\"@id\":\"https:\\\/\\\/thingstodoinamsterdam.com\\\/it\\\/#\\\/schema\\\/logo\\\/image\\\/\"},\"sameAs\":[\"https:\\\/\\\/www.facebook.com\\\/thingstodoinamsterdamcom\"]}]}<\/script>\n<!-- \/ Yoast SEO plugin. -->","yoast_head_json":{"title":"Amsterdam Lookout Tower - ThingstodoinAmsterdam.com","description":"La torre panoramica di Amsterdam ti regala la vista pi\u00f9 magnifica sulla citt\u00e0. Dai un'occhiata alle recensioni e acquista qui i biglietti scontati salta-fila!","robots":{"index":"index","follow":"follow","max-snippet":"max-snippet:-1","max-image-preview":"max-image-preview:large","max-video-preview":"max-video-preview:-1"},"canonical":"https:\/\/thingstodoinamsterdam.com\/it\/torre-panoramica-di-amsterdam\/","og_locale":"it_IT","og_type":"article","og_title":"Amsterdam Lookout Tower - ThingstodoinAmsterdam.com","og_description":"La torre panoramica di Amsterdam ti regala la vista pi\u00f9 magnifica sulla citt\u00e0. Dai un'occhiata alle recensioni e acquista qui i biglietti scontati salta-fila!","og_url":"https:\/\/thingstodoinamsterdam.com\/it\/torre-panoramica-di-amsterdam\/","og_site_name":"ThingstodoinAmsterdam.com","article_publisher":"https:\/\/www.facebook.com\/thingstodoinamsterdamcom","article_modified_time":"2026-03-10T23:56:49+00:00","og_image":[{"width":900,"height":384,"url":"https:\/\/thingstodoinamsterdam.com\/wp-content\/uploads\/2019\/07\/view-adam-lookout-tower.jpg","type":"image\/jpeg"}],"twitter_card":"summary_large_image","twitter_misc":{"Tempo di lettura stimato":"4 minuti"},"schema":{"@context":"https:\/\/schema.org","@graph":[{"@type":"WebPage","@id":"https:\/\/thingstodoinamsterdam.com\/it\/torre-panoramica-di-amsterdam\/","url":"https:\/\/thingstodoinamsterdam.com\/it\/torre-panoramica-di-amsterdam\/","name":"Amsterdam Lookout Tower - ThingstodoinAmsterdam.com","isPartOf":{"@id":"https:\/\/thingstodoinamsterdam.com\/it\/#website"},"primaryImageOfPage":{"@id":"https:\/\/thingstodoinamsterdam.com\/it\/torre-panoramica-di-amsterdam\/#primaryimage"},"image":{"@id":"https:\/\/thingstodoinamsterdam.com\/it\/torre-panoramica-di-amsterdam\/#primaryimage"},"thumbnailUrl":"https:\/\/thingstodoinamsterdam.com\/wp-content\/uploads\/2019\/07\/adam-tower-elevator.jpg","datePublished":"2026-02-13T11:42:19+00:00","dateModified":"2026-03-10T23:56:49+00:00","description":"La torre panoramica di Amsterdam ti regala la vista pi\u00f9 magnifica sulla citt\u00e0. Dai un'occhiata alle recensioni e acquista qui i biglietti scontati salta-fila!","breadcrumb":{"@id":"https:\/\/thingstodoinamsterdam.com\/it\/torre-panoramica-di-amsterdam\/#breadcrumb"},"inLanguage":"it-IT","potentialAction":[{"@type":"ReadAction","target":["https:\/\/thingstodoinamsterdam.com\/it\/torre-panoramica-di-amsterdam\/"]}]},{"@type":"ImageObject","inLanguage":"it-IT","@id":"https:\/\/thingstodoinamsterdam.com\/it\/torre-panoramica-di-amsterdam\/#primaryimage","url":"https:\/\/thingstodoinamsterdam.com\/wp-content\/uploads\/2019\/07\/adam-tower-elevator.jpg","contentUrl":"https:\/\/thingstodoinamsterdam.com\/wp-content\/uploads\/2019\/07\/adam-tower-elevator.jpg"},{"@type":"BreadcrumbList","@id":"https:\/\/thingstodoinamsterdam.com\/it\/torre-panoramica-di-amsterdam\/#breadcrumb","itemListElement":[{"@type":"ListItem","position":1,"name":"Cose da fare ad Amsterdam","item":"https:\/\/thingstodoinamsterdam.com\/it\/"},{"@type":"ListItem","position":2,"name":"Amsterdam Lookout Tower"}]},{"@type":"WebSite","@id":"https:\/\/thingstodoinamsterdam.com\/it\/#website","url":"https:\/\/thingstodoinamsterdam.com\/it\/","name":"ThingstodoinAmsterdam.com","description":"Amsterdam&#039;s highlights and hidden secrets","publisher":{"@id":"https:\/\/thingstodoinamsterdam.com\/it\/#organization"},"potentialAction":[{"@type":"SearchAction","target":{"@type":"EntryPoint","urlTemplate":"https:\/\/thingstodoinamsterdam.com\/it\/?s={search_term_string}"},"query-input":{"@type":"PropertyValueSpecification","valueRequired":true,"valueName":"search_term_string"}}],"inLanguage":"it-IT"},{"@type":"Organization","@id":"https:\/\/thingstodoinamsterdam.com\/it\/#organization","name":"Cose da fare ad Amsterdam","url":"https:\/\/thingstodoinamsterdam.com\/it\/","logo":{"@type":"ImageObject","inLanguage":"it-IT","@id":"https:\/\/thingstodoinamsterdam.com\/it\/#\/schema\/logo\/image\/","url":"https:\/\/thingstodoinamsterdam.com\/wp-content\/uploads\/2025\/02\/ThingsToDoInAmsterdam-Favicon-logo.png","contentUrl":"https:\/\/thingstodoinamsterdam.com\/wp-content\/uploads\/2025\/02\/ThingsToDoInAmsterdam-Favicon-logo.png","width":512,"height":512,"caption":"Cose da fare ad Amsterdam"},"image":{"@id":"https:\/\/thingstodoinamsterdam.com\/it\/#\/schema\/logo\/image\/"},"sameAs":["https:\/\/www.facebook.com\/thingstodoinamsterdamcom"]}]}},"_links":{"self":[{"href":"https:\/\/thingstodoinamsterdam.com\/it\/wp-json\/wp\/v2\/pages\/2532819","targetHints":{"allow":["GET"]}}],"collection":[{"href":"https:\/\/thingstodoinamsterdam.com\/it\/wp-json\/wp\/v2\/pages"}],"about":[{"href":"https:\/\/thingstodoinamsterdam.com\/it\/wp-json\/wp\/v2\/types\/page"}],"author":[{"embeddable":true,"href":"https:\/\/thingstodoinamsterdam.com\/it\/wp-json\/wp\/v2\/users\/1"}],"replies":[{"embeddable":true,"href":"https:\/\/thingstodoinamsterdam.com\/it\/wp-json\/wp\/v2\/comments?post=2532819"}],"version-history":[{"count":5,"href":"https:\/\/thingstodoinamsterdam.com\/it\/wp-json\/wp\/v2\/pages\/2532819\/revisions"}],"predecessor-version":[{"id":2535101,"href":"https:\/\/thingstodoinamsterdam.com\/it\/wp-json\/wp\/v2\/pages\/2532819\/revisions\/2535101"}],"wp:attachment":[{"href":"https:\/\/thingstodoinamsterdam.com\/it\/wp-json\/wp\/v2\/media?parent=2532819"}],"curies":[{"name":"wp","href":"https:\/\/api.w.org\/{rel}","templated":true}]}}