{"id":2532911,"date":"2026-02-13T12:54:07","date_gmt":"2026-02-13T11:54:07","guid":{"rendered":"https:\/\/thingstodoinamsterdam.com\/smartshop-ad-amsterdam\/"},"modified":"2026-03-25T16:36:40","modified_gmt":"2026-03-25T15:36:40","slug":"smartshop-ad-amsterdam","status":"publish","type":"page","link":"https:\/\/thingstodoinamsterdam.com\/it\/smartshop-ad-amsterdam\/","title":{"rendered":"Smartshop ad Amsterdam"},"content":{"rendered":"<div class=\"wpb-content-wrapper\"><p>[vc_row][vc_column][vc_column_text css=&#8221;&#8221;]<strong>Gli smart shop<\/strong> sono piuttosto popolari nei Paesi Bassi e <a href=\"https:\/\/thingstodoinamsterdam.com\/it\/\">Amsterdam<\/a> ne ospita moltissimi. Sono spesso frequentati da turisti che cercano di acquistare \u201csmart drug\u201d o di ottenere informazioni al riguardo. <\/p><div id=\"ez-toc-container\" class=\"ez-toc-v2_0_82_2 counter-hierarchy ez-toc-counter ez-toc-custom ez-toc-container-direction\">\n<div class=\"ez-toc-title-container\">\n<span class=\"ez-toc-title-toggle\"><a href=\"#\" class=\"ez-toc-pull-right ez-toc-btn ez-toc-btn-xs ez-toc-btn-default ez-toc-toggle\" aria-label=\"Toggle Table of Content\"><span class=\"ez-toc-js-icon-con\"><span class=\"\"><span class=\"eztoc-hide\" style=\"display:none;\">Toggle<\/span><span class=\"ez-toc-icon-toggle-span\"><svg style=\"fill: #999;color:#999\" xmlns=\"http:\/\/www.w3.org\/2000\/svg\" class=\"list-377408\" width=\"20px\" height=\"20px\" viewBox=\"0 0 24 24\" fill=\"none\"><path d=\"M6 6H4v2h2V6zm14 0H8v2h12V6zM4 11h2v2H4v-2zm16 0H8v2h12v-2zM4 16h2v2H4v-2zm16 0H8v2h12v-2z\" fill=\"currentColor\"><\/path><\/svg><svg style=\"fill: #999;color:#999\" class=\"arrow-unsorted-368013\" xmlns=\"http:\/\/www.w3.org\/2000\/svg\" width=\"10px\" height=\"10px\" viewBox=\"0 0 24 24\" version=\"1.2\" baseProfile=\"tiny\"><path d=\"M18.2 9.3l-6.2-6.3-6.2 6.3c-.2.2-.3.4-.3.7s.1.5.3.7c.2.2.4.3.7.3h11c.3 0 .5-.1.7-.3.2-.2.3-.5.3-.7s-.1-.5-.3-.7zM5.8 14.7l6.2 6.3 6.2-6.3c.2-.2.3-.5.3-.7s-.1-.5-.3-.7c-.2-.2-.4-.3-.7-.3h-11c-.3 0-.5.1-.7.3-.2.2-.3.5-.3.7s.1.5.3.7z\"\/><\/svg><\/span><\/span><\/span><\/a><\/span><\/div>\n<nav><ul class='ez-toc-list ez-toc-list-level-1 ' ><li class='ez-toc-page-1 ez-toc-heading-level-2'><a class=\"ez-toc-link ez-toc-heading-1\" href=\"https:\/\/thingstodoinamsterdam.com\/it\/smartshop-ad-amsterdam\/#psichedelici-stimolanti-e-afrodisiaci\" >Psichedelici, stimolanti e afrodisiaci<\/a><\/li><li class='ez-toc-page-1 ez-toc-heading-level-2'><a class=\"ez-toc-link ez-toc-heading-2\" href=\"https:\/\/thingstodoinamsterdam.com\/it\/smartshop-ad-amsterdam\/#educazione-e-fornitura-di-informazioni\" >Educazione e fornitura di informazioni<\/a><\/li><li class='ez-toc-page-1 ez-toc-heading-level-2'><a class=\"ez-toc-link ez-toc-heading-3\" href=\"https:\/\/thingstodoinamsterdam.com\/it\/smartshop-ad-amsterdam\/#prodotti-popolari-nel-menu-degli-smart-shop\" >Prodotti popolari nel menu degli smart shop<\/a><\/li><\/ul><\/nav><\/div>\n\n<h3>Quindi, cosa sono gli smartshop e cosa vendono esattamente?<\/h3>\n<p>Uno smartshop \u00e8 un negozio specializzato nella vendita di sostanze psicoattive, tra cui soprattutto psichedelici naturali, oltre a letteratura e accessori correlati. Il nome deriva dalle cosiddette \u201csmart drug\u201d, un gruppo di erbe e integratori alimentari destinati a potenziare le capacit\u00e0 cognitive. <\/p>\n<p>Gli smartshop di Amsterdam vendono <a href=\"https:\/\/thingstodoinamsterdam.com\/it\/blog\/tutto-quello-che-devi-sapere-sulluso-dei-tartufi-ad-amsterdam\/\">tartufi magici<\/a>, vitamine, semi di cannabis, kit di coltivazione e vari souvenir e oggetti d&#8217;arte.<\/p>\n<p>Nei Paesi Bassi, i prodotti venduti negli smartshop sono principalmente naturali e legali. Tra i prodotti pi\u00f9 noti venduti negli smartshop ci sono la Salvia divinorum, i cactus e altre erbe, semi e piante. Spesso, in uno smartshop si vendono anche pipe di ogni tipo e bong.  <\/p>\n<p>Dal 2004, gli smartshop nei Paesi Bassi sono associati a un sistema che fornisce ai clienti consigli personalizzati e segnala offerte interessanti per chi \u00e8 interessato agli psichedelici.[\/vc_column_text][vc_single_image image=&#8221;2531922&#8243; img_size=&#8221;full&#8221; add_caption=&#8221;yes&#8221; alignment=&#8221;center&#8221; onclick=&#8221;link_image&#8221; css=&#8221;&#8221;][vc_column_text css=&#8221;&#8221;]<\/p>\n<h3>Il miglior smartshop di Amsterdam<\/h3>\n<p>Invitiamo chiunque intenda utilizzare i prodotti di uno smartshop a farlo in modo informato e preparato. Per questo, cerca uno smartshop dove ti senti a tuo agio e dove puoi ricevere consigli personalizzati su cosa fare e cosa no. Dopotutto, l&#8217;obiettivo \u00e8 vivere un&#8217;esperienza sicura e piacevole. Il nostro smartshop preferito in citt\u00e0 \u00e8:   <\/p>\n<ul>\n<li style=\"list-style-type: none;\">\n<ul>\n<li><strong>The Magic Mushroom Gallery: <\/strong>uno degli smartshop pi\u00f9 antichi della citt\u00e0. Presso <a href=\"https:\/\/thingstodoinamsterdam.com\/it\/smartshop-ad-amsterdam\/the-magic-mushroom-gallery\/\" target=\"_blank\" rel=\"noopener\">The Magic Mushroom Gallery,<\/a> il personale \u00e8 esperto e competente; dispongono di numerose variet\u00e0 di tartufi magici e saranno felici di aiutarti a scegliere quella giusta. Hanno due negozi in centro, uno al Mercato dei Fiori e uno in Spuistraat.  <\/li>\n<\/ul>\n<\/li>\n<\/ul>\n<p>[\/vc_column_text][vc_column_text css=&#8221;&#8221;]<\/p>\n<p style=\"text-align: center;\"><em><strong>Non sei ad Amsterdam, ma ti interessa ordinare psichedelici online?<\/strong><\/em><\/p>\n<h3 style=\"text-align: center;\">Smartshop online con consegna in Italia<\/h3>\n<p style=\"text-align: center;\">Alcuni smartshop di Amsterdam hanno iniziato a vendere i propri prodotti online e a spedire in tutta Europa. Di conseguenza, ora puoi vivere un&#8217;esperienza psichedelica in tutta sicurezza nel tuo paese. Abbiamo selezionato alcuni rivenditori di qualit\u00e0 a cui puoi rivolgerti per ordinare tartufi magici online:  <\/p>\n<p>&nbsp;<\/p>\n<p style=\"text-align: center;\">1 &#8211; <strong><a href=\"https:\/\/www.microdosebros.com\/product-category\/shroomshop\/best-shroomshop\/?ref=49\" target=\"_blank\" rel=\"noopener nofollow\">Microdosebros<\/a><\/strong>: collaboriamo con questo venditore e utilizziamo i suoi prodotti da molto tempo. Ottima qualit\u00e0 e servizio eccellente! Apprezzato dai clienti in innumerevoli recensioni su Google. Ordina con il nostro <strong>codice sconto esclusivo<\/strong> <em>Amsterdam10<\/em> e ottieni il 10% di sconto.   <\/p>\n<p style=\"text-align: center;\">2 &#8211;<span style=\"box-sizing: border-box; margin: 0; padding: 0; text-align: left;\"><strong> <a href=\"https:\/\/jdt8.net\/c\/?si=17221&amp;li=1743938&amp;wi=331407&amp;ws=EN&amp;dl=shroomshop\/magic-truffles\/\" target=\"_blank\" rel=\"noopener\">Tatanka<\/a><\/strong>: uno degli smartshop pi\u00f9 antichi e popolari<\/span> di Amsterdam. Noto per la qualit\u00e0 e per il personale esperto. Prezzi online competitivi!  <\/p>\n<p style=\"text-align: center;\">3 &#8211; <strong><a href=\"https:\/\/jdt8.net\/c\/?si=17220&amp;li=1743937&amp;wi=331407&amp;ws=EN&amp;dl=shroomshop\/magic-truffles\/\" target=\"_blank\" rel=\"noopener\">Headshop<\/a><\/strong>: un altro nome noto nella nostra capitale, attivo dal 1968. Ora consegna psichedelici naturali a domicilio in tutta Europa. <\/p>\n<p>[\/vc_column_text][vc_single_image image=&#8221;2531923&#8243; img_size=&#8221;full&#8221; add_caption=&#8221;yes&#8221; alignment=&#8221;center&#8221; onclick=&#8221;link_image&#8221; css=&#8221;&#8221;][vc_column_text]<\/p>\n<h2><span class=\"ez-toc-section\" id=\"psichedelici-stimolanti-e-afrodisiaci\"><\/span>Psichedelici, stimolanti e afrodisiaci<span class=\"ez-toc-section-end\"><\/span><\/h2>\n<p>Nei Paesi Bassi, dove si trova la maggior parte degli smart shop in Europa, questi negozi sono noti soprattutto per la vendita di tutti gli psichedelici, stimolanti, empatogeni e afrodisiaci consentiti dalla legge.<\/p>\n<h2><span class=\"ez-toc-section\" id=\"educazione-e-fornitura-di-informazioni\"><\/span>Educazione e fornitura di informazioni<span class=\"ez-toc-section-end\"><\/span><\/h2>\n<p>Gli smart shop ad Amsterdam sono un&#8217;importante fonte di informazioni sulle erbe naturali che vendono. Spesso forniscono opuscoli con le istruzioni per l&#8217;uso, paragonabili ai foglietti illustrativi dei medicinali, che offrono informazioni su controindicazioni, effetti collaterali e sull&#8217;importanza di un buon \u201cset and setting\u201d. <\/p>\n<p>Nei Paesi Bassi la regolamentazione ufficiale degli smart shop \u00e8 relativamente scarsa, ma la concentrazione di competenze su un segmento di prodotti piuttosto esotico, unita alla consapevolezza che la societ\u00e0 e la politica monitorano da vicino queste attivit\u00e0, \u00e8 il motivo per cui la VLOS (Vereniging Landelijk Overleg Smartproducten), tra le altre cose, si impegna a diffondere informazioni accurate sui propri prodotti.<\/p>\n<p><strong>Nota:<\/strong> Gli smart shop nei Paesi Bassi non possono vendere droghe sintetiche. La vendita di droghe sintetiche che non siano chiaramente autorizzate come alimenti, integratori alimentari o medicinali \u00e8 illegale nei Paesi Bassi. <\/p>\n<p>La vendita di funghi magici \u00e8 vietata dal 1\u00b0 dicembre 2008. Da allora, i funghi magici non rientrano pi\u00f9 nella legge sulle merci ma nella Legge sull&#8217;Oppio.[\/vc_column_text][vc_single_image image=&#8221;2531926&#8243; img_size=&#8221;full&#8221; add_caption=&#8221;yes&#8221; alignment=&#8221;center&#8221; onclick=&#8221;link_image&#8221; css=&#8221;&#8221;][vc_column_text]<\/p>\n<h2><span class=\"ez-toc-section\" id=\"prodotti-popolari-nel-menu-degli-smart-shop\"><\/span>Prodotti popolari nel menu degli smart shop<span class=\"ez-toc-section-end\"><\/span><\/h2>\n<p><strong>Energizzanti:<\/strong>Puoi usarli come booster per una serata di festa, per studiare o per un lungo turno di lavoro. Queste capsule, erbe o polveri sono naturali al 100%. Sono realizzate con estratti vegetali o con ingredienti provenienti dal mondo degli integratori sportivi.  <\/p>\n<p><strong>Chiedi:<\/strong> Happy-Caps, Stargate, erbe energetiche Herbs of the Gods come noce di cola o guaran\u00e0.<\/p>\n<p><g id=\"gid_2\" data-joinlink-temp=\"true\"><strong>Droghe \u201ctrippy\u201d:<\/strong>I funghi sono nell&#8217;elenco delle sostanze proibite, ma un sottoprodotto come i tartufi contiene esattamente lo stesso principio attivo. Se vuoi fare un viaggio psichedelico, gli smart shop sono i posti migliori dove acquistarli. Riceverai anche informazioni su come usarli.<\/g>  <\/p>\n<p><strong>Vaporizzatori:<\/strong><a href=\"https:\/\/thingstodoinamsterdam.com\/it\/migliori-coffeeshop\/\"><\/a>Poich\u00e9 la marijuana \u00e8 legale nei Paesi Bassi, <g id=\"gid_2\">una visita ai coffeeshop di Amsterdam<\/g> \u00e8 sempre in programma per i visitatori. Un vaporizzatore \u00e8 un modo per ottenere il meglio dalla cannabis e gli smart shop rimangono il posto migliore per acquistarli. Anche chi usa marijuana a scopo terapeutico potrebbe provare un vaporizzatore.  <\/p>\n<p><strong>Erbe per rilassarsi:<\/strong>Tra una tazza di camomilla e un grosso spinello esiste un intero spettro di possibilit\u00e0 per rilassare il corpo e la mente. Che tu voglia dormire meglio, sperimentare uno stato di coscienza onirico o semplicemente rilassarti dopo una dura giornata di lavoro, Madre Natura ha una soluzione per tutto. Visita uno smart shop per trovare erbe naturali che possono aiutarti a rilassarti completamente.  <\/p>\n<p><strong>Chiedi:<\/strong> erbe come damiana, wild dagga, estratto di luppolo, estratto di mulungu o erbe del sogno.<\/p>\n<p><strong>Integratori per la concentrazione:<\/strong>Se sei uno studente che vuole studiare a intervalli regolari, allora hai bisogno che il tuo cervello sia in forma. Esistono molti integratori che stimolano la produzione delle sostanze giuste e le connessioni tra le varie aree del cervello. Ti aiutano a concentrarti per quella sessione di studio tanto necessaria.  <\/p>\n<p><strong>Chiedi:<\/strong> Focus2, DMAE, Ginkgo o Ginseng.<\/p>\n<p style=\"text-align: center;\">Non sei ad Amsterdam, ma sei interessato ai tartufi magici?<\/p>\n<p>[\/vc_column_text][vc_single_image image=&#8221;2531769&#8243; img_size=&#8221;full&#8221; add_caption=&#8221;yes&#8221; alignment=&#8221;center&#8221; onclick=&#8221;link_image&#8221; css=&#8221;&#8221;][vc_column_text css=&#8221;&#8221;]<\/p>\n<p style=\"text-align: center;\"><em><strong>Non sei ad Amsterdam, ma ti interessa ordinare psichedelici online?<\/strong><\/em><\/p>\n<h3 style=\"text-align: center;\">Smartshop online con consegna in Italia<\/h3>\n<p style=\"text-align: center;\">Alcuni smartshop di Amsterdam hanno iniziato a vendere i propri prodotti online e a spedire in tutta Europa. Di conseguenza, ora puoi vivere un&#8217;esperienza psichedelica in tutta sicurezza nel tuo paese. Abbiamo selezionato alcuni rivenditori di qualit\u00e0 a cui puoi rivolgerti per ordinare tartufi magici online:  <\/p>\n<p>&nbsp;<\/p>\n<p style=\"text-align: center;\">1 &#8211; <strong><a href=\"https:\/\/www.microdosebros.com\/product-category\/shroomshop\/best-shroomshop\/?ref=49\" target=\"_blank\" rel=\"noopener nofollow\">Microdosebros<\/a><\/strong>: collaboriamo con questo venditore e utilizziamo i suoi prodotti da molto tempo. Ottima qualit\u00e0 e servizio eccellente! Apprezzato dai clienti in innumerevoli recensioni su Google. Ordina con il nostro <strong>codice sconto esclusivo<\/strong> <em>Amsterdam10<\/em> e ottieni il 10% di sconto.   <\/p>\n<p style=\"text-align: center;\">2 &#8211;<span style=\"box-sizing: border-box; margin: 0; padding: 0; text-align: left;\"><strong> <a href=\"https:\/\/jdt8.net\/c\/?si=17221&amp;li=1743938&amp;wi=331407&amp;ws=EN&amp;dl=shroomshop\/magic-truffles\/\" target=\"_blank\" rel=\"noopener\">Tatanka<\/a><\/strong>: uno degli smartshop pi\u00f9 antichi e popolari<\/span> di Amsterdam. Noto per la qualit\u00e0 e per il personale esperto. Prezzi online competitivi!  <\/p>\n<p style=\"text-align: center;\">3 &#8211; <strong><a href=\"https:\/\/jdt8.net\/c\/?si=17220&amp;li=1743937&amp;wi=331407&amp;ws=EN&amp;dl=shroomshop\/magic-truffles\/\" target=\"_blank\" rel=\"noopener\">Headshop<\/a><\/strong>: un altro nome noto nella nostra capitale, attivo dal 1968. Ora consegna psichedelici naturali a domicilio in tutta Europa. <\/p>\n<p>[\/vc_column_text][\/vc_column][\/vc_row][vc_row][vc_column][promo_block style_var=&#8221;style2&#8243; el_id=&#8221;1564409141672-27447ba8-b743&#8243;][promo link=&#8221;url:https%3A%2F%2Fthingstodoinamsterdam.com%2Fit%2Fcrociera-canali%2Fcloud-boat-amsterdam-tour-in-barca-420-friendly-recensione%2F|title:Cloud%20Boat%20Amsterdam%20%E2%80%93%20Tour%20in%20barca%20%E2%80%9C420%20Friendly%E2%80%9D|&#8221; text=&#8221;Goditi una splendida crociera tra i canali mentre fumi marijuana della migliore qualit\u00e0 che si possa trovare!&#8221; img=&#8221;2529808&#8243;][promo link=&#8221;url:https%3A%2F%2Fthingstodoinamsterdam.com%2Fit%2Fattrazioni-amsterdam%2Fworkshop-di-stroopwafel%2F|title:Workshop%20per%20preparare%20i%20biscotti%20stroopwafel|&#8221; text=&#8221;Ti \u00e8 venuta fame? Impara a preparare il biscotto pi\u00f9 famoso dei Paesi Bassi proprio come piace a te durante il workshop sugli stroopwafel! &#8221; img=&#8221;2530216&#8243;][promo link=&#8221;url:https%3A%2F%2Fthingstodoinamsterdam.com%2Fit%2Fquartiere-a-luci-rosse%2Fmoulin-rouge-amsterdam%2F|title:Trasporto%20pubblico|&#8221; text=&#8221;Visita la parte pi\u00f9 trasgressiva del Quartiere a Luci Rosse e preparati a spettacoli dal vivo vietati ai minori di 18 anni!&#8221; img=&#8221;1524988&#8243;][\/promo_block][\/vc_column][\/vc_row]<\/p>\n<\/div>","protected":false},"excerpt":{"rendered":"<p>[vc_row][vc_column][vc_column_text css=&#8221;&#8221;]Gli smart shop sono piuttosto popolari nei Paesi Bassi e Amsterdam ne ospita moltissimi. Sono spesso frequentati da turisti che cercano di acquistare \u201csmart\u2026<\/p>\n","protected":false},"author":3,"featured_media":2532912,"parent":0,"menu_order":0,"comment_status":"closed","ping_status":"closed","template":"","meta":{"footnotes":""},"class_list":["post-2532911","page","type-page","status-publish","has-post-thumbnail","hentry"],"yoast_head":"<!-- This site is optimized with the Yoast SEO plugin v27.4 - https:\/\/yoast.com\/product\/yoast-seo-wordpress\/ -->\n<title>Smartshop ad Amsterdam - Tutto quello che devi sapere - Thingstodoinamsterdam<\/title>\n<meta name=\"description\" content=\"Amsterdam ha diversi smartshop popolari. Dai tartufi magici per un viaggio psichedelico a miscele di erbe rilassanti ed energizzanti per una serata di festa.\" \/>\n<meta name=\"robots\" content=\"index, follow, max-snippet:-1, max-image-preview:large, max-video-preview:-1\" \/>\n<link rel=\"canonical\" href=\"https:\/\/thingstodoinamsterdam.com\/it\/smartshop-ad-amsterdam\/\" \/>\n<meta property=\"og:locale\" content=\"it_IT\" \/>\n<meta property=\"og:type\" content=\"article\" \/>\n<meta property=\"og:title\" content=\"Smartshop ad Amsterdam - Tutto quello che devi sapere - Thingstodoinamsterdam\" \/>\n<meta property=\"og:description\" content=\"Amsterdam ha diversi smartshop popolari. Dai tartufi magici per un viaggio psichedelico a miscele di erbe rilassanti ed energizzanti per una serata di festa.\" \/>\n<meta property=\"og:url\" content=\"https:\/\/thingstodoinamsterdam.com\/it\/smartshop-ad-amsterdam\/\" \/>\n<meta property=\"og:site_name\" content=\"ThingstodoinAmsterdam.com\" \/>\n<meta property=\"article:publisher\" content=\"https:\/\/www.facebook.com\/thingstodoinamsterdamcom\" \/>\n<meta property=\"article:modified_time\" content=\"2026-03-25T15:36:40+00:00\" \/>\n<meta property=\"og:image\" content=\"https:\/\/thingstodoinamsterdam.com\/wp-content\/uploads\/2020\/04\/smartshop-amsterdam.jpg\" \/>\n\t<meta property=\"og:image:width\" content=\"300\" \/>\n\t<meta property=\"og:image:height\" content=\"400\" \/>\n\t<meta property=\"og:image:type\" content=\"image\/jpeg\" \/>\n<meta name=\"twitter:card\" content=\"summary_large_image\" \/>\n<meta name=\"twitter:label1\" content=\"Tempo di lettura stimato\" \/>\n\t<meta name=\"twitter:data1\" content=\"7 minuti\" \/>\n<script type=\"application\/ld+json\" class=\"yoast-schema-graph\">{\"@context\":\"https:\\\/\\\/schema.org\",\"@graph\":[{\"@type\":\"WebPage\",\"@id\":\"https:\\\/\\\/thingstodoinamsterdam.com\\\/it\\\/smartshop-ad-amsterdam\\\/\",\"url\":\"https:\\\/\\\/thingstodoinamsterdam.com\\\/it\\\/smartshop-ad-amsterdam\\\/\",\"name\":\"Smartshop ad Amsterdam - Tutto quello che devi sapere - Thingstodoinamsterdam\",\"isPartOf\":{\"@id\":\"https:\\\/\\\/thingstodoinamsterdam.com\\\/it\\\/#website\"},\"primaryImageOfPage\":{\"@id\":\"https:\\\/\\\/thingstodoinamsterdam.com\\\/it\\\/smartshop-ad-amsterdam\\\/#primaryimage\"},\"image\":{\"@id\":\"https:\\\/\\\/thingstodoinamsterdam.com\\\/it\\\/smartshop-ad-amsterdam\\\/#primaryimage\"},\"thumbnailUrl\":\"https:\\\/\\\/thingstodoinamsterdam.com\\\/wp-content\\\/uploads\\\/2020\\\/04\\\/smartshop-amsterdam.jpg\",\"datePublished\":\"2026-02-13T11:54:07+00:00\",\"dateModified\":\"2026-03-25T15:36:40+00:00\",\"description\":\"Amsterdam ha diversi smartshop popolari. Dai tartufi magici per un viaggio psichedelico a miscele di erbe rilassanti ed energizzanti per una serata di festa.\",\"breadcrumb\":{\"@id\":\"https:\\\/\\\/thingstodoinamsterdam.com\\\/it\\\/smartshop-ad-amsterdam\\\/#breadcrumb\"},\"inLanguage\":\"it-IT\",\"potentialAction\":[{\"@type\":\"ReadAction\",\"target\":[\"https:\\\/\\\/thingstodoinamsterdam.com\\\/it\\\/smartshop-ad-amsterdam\\\/\"]}]},{\"@type\":\"ImageObject\",\"inLanguage\":\"it-IT\",\"@id\":\"https:\\\/\\\/thingstodoinamsterdam.com\\\/it\\\/smartshop-ad-amsterdam\\\/#primaryimage\",\"url\":\"https:\\\/\\\/thingstodoinamsterdam.com\\\/wp-content\\\/uploads\\\/2020\\\/04\\\/smartshop-amsterdam.jpg\",\"contentUrl\":\"https:\\\/\\\/thingstodoinamsterdam.com\\\/wp-content\\\/uploads\\\/2020\\\/04\\\/smartshop-amsterdam.jpg\",\"width\":300,\"height\":400,\"caption\":\"smart shop Amsterdam\"},{\"@type\":\"BreadcrumbList\",\"@id\":\"https:\\\/\\\/thingstodoinamsterdam.com\\\/it\\\/smartshop-ad-amsterdam\\\/#breadcrumb\",\"itemListElement\":[{\"@type\":\"ListItem\",\"position\":1,\"name\":\"Cose da fare ad Amsterdam\",\"item\":\"https:\\\/\\\/thingstodoinamsterdam.com\\\/it\\\/\"},{\"@type\":\"ListItem\",\"position\":2,\"name\":\"Smartshop ad Amsterdam\"}]},{\"@type\":\"WebSite\",\"@id\":\"https:\\\/\\\/thingstodoinamsterdam.com\\\/it\\\/#website\",\"url\":\"https:\\\/\\\/thingstodoinamsterdam.com\\\/it\\\/\",\"name\":\"ThingstodoinAmsterdam.com\",\"description\":\"Amsterdam&#039;s highlights and hidden secrets\",\"publisher\":{\"@id\":\"https:\\\/\\\/thingstodoinamsterdam.com\\\/it\\\/#organization\"},\"potentialAction\":[{\"@type\":\"SearchAction\",\"target\":{\"@type\":\"EntryPoint\",\"urlTemplate\":\"https:\\\/\\\/thingstodoinamsterdam.com\\\/it\\\/?s={search_term_string}\"},\"query-input\":{\"@type\":\"PropertyValueSpecification\",\"valueRequired\":true,\"valueName\":\"search_term_string\"}}],\"inLanguage\":\"it-IT\"},{\"@type\":\"Organization\",\"@id\":\"https:\\\/\\\/thingstodoinamsterdam.com\\\/it\\\/#organization\",\"name\":\"Cose da fare ad Amsterdam\",\"url\":\"https:\\\/\\\/thingstodoinamsterdam.com\\\/it\\\/\",\"logo\":{\"@type\":\"ImageObject\",\"inLanguage\":\"it-IT\",\"@id\":\"https:\\\/\\\/thingstodoinamsterdam.com\\\/it\\\/#\\\/schema\\\/logo\\\/image\\\/\",\"url\":\"https:\\\/\\\/thingstodoinamsterdam.com\\\/wp-content\\\/uploads\\\/2025\\\/02\\\/ThingsToDoInAmsterdam-Favicon-logo.png\",\"contentUrl\":\"https:\\\/\\\/thingstodoinamsterdam.com\\\/wp-content\\\/uploads\\\/2025\\\/02\\\/ThingsToDoInAmsterdam-Favicon-logo.png\",\"width\":512,\"height\":512,\"caption\":\"Cose da fare ad Amsterdam\"},\"image\":{\"@id\":\"https:\\\/\\\/thingstodoinamsterdam.com\\\/it\\\/#\\\/schema\\\/logo\\\/image\\\/\"},\"sameAs\":[\"https:\\\/\\\/www.facebook.com\\\/thingstodoinamsterdamcom\"]}]}<\/script>\n<!-- \/ Yoast SEO plugin. -->","yoast_head_json":{"title":"Smartshop ad Amsterdam - Tutto quello che devi sapere - Thingstodoinamsterdam","description":"Amsterdam ha diversi smartshop popolari. Dai tartufi magici per un viaggio psichedelico a miscele di erbe rilassanti ed energizzanti per una serata di festa.","robots":{"index":"index","follow":"follow","max-snippet":"max-snippet:-1","max-image-preview":"max-image-preview:large","max-video-preview":"max-video-preview:-1"},"canonical":"https:\/\/thingstodoinamsterdam.com\/it\/smartshop-ad-amsterdam\/","og_locale":"it_IT","og_type":"article","og_title":"Smartshop ad Amsterdam - Tutto quello che devi sapere - Thingstodoinamsterdam","og_description":"Amsterdam ha diversi smartshop popolari. Dai tartufi magici per un viaggio psichedelico a miscele di erbe rilassanti ed energizzanti per una serata di festa.","og_url":"https:\/\/thingstodoinamsterdam.com\/it\/smartshop-ad-amsterdam\/","og_site_name":"ThingstodoinAmsterdam.com","article_publisher":"https:\/\/www.facebook.com\/thingstodoinamsterdamcom","article_modified_time":"2026-03-25T15:36:40+00:00","og_image":[{"width":300,"height":400,"url":"https:\/\/thingstodoinamsterdam.com\/wp-content\/uploads\/2020\/04\/smartshop-amsterdam.jpg","type":"image\/jpeg"}],"twitter_card":"summary_large_image","twitter_misc":{"Tempo di lettura stimato":"7 minuti"},"schema":{"@context":"https:\/\/schema.org","@graph":[{"@type":"WebPage","@id":"https:\/\/thingstodoinamsterdam.com\/it\/smartshop-ad-amsterdam\/","url":"https:\/\/thingstodoinamsterdam.com\/it\/smartshop-ad-amsterdam\/","name":"Smartshop ad Amsterdam - Tutto quello che devi sapere - Thingstodoinamsterdam","isPartOf":{"@id":"https:\/\/thingstodoinamsterdam.com\/it\/#website"},"primaryImageOfPage":{"@id":"https:\/\/thingstodoinamsterdam.com\/it\/smartshop-ad-amsterdam\/#primaryimage"},"image":{"@id":"https:\/\/thingstodoinamsterdam.com\/it\/smartshop-ad-amsterdam\/#primaryimage"},"thumbnailUrl":"https:\/\/thingstodoinamsterdam.com\/wp-content\/uploads\/2020\/04\/smartshop-amsterdam.jpg","datePublished":"2026-02-13T11:54:07+00:00","dateModified":"2026-03-25T15:36:40+00:00","description":"Amsterdam ha diversi smartshop popolari. Dai tartufi magici per un viaggio psichedelico a miscele di erbe rilassanti ed energizzanti per una serata di festa.","breadcrumb":{"@id":"https:\/\/thingstodoinamsterdam.com\/it\/smartshop-ad-amsterdam\/#breadcrumb"},"inLanguage":"it-IT","potentialAction":[{"@type":"ReadAction","target":["https:\/\/thingstodoinamsterdam.com\/it\/smartshop-ad-amsterdam\/"]}]},{"@type":"ImageObject","inLanguage":"it-IT","@id":"https:\/\/thingstodoinamsterdam.com\/it\/smartshop-ad-amsterdam\/#primaryimage","url":"https:\/\/thingstodoinamsterdam.com\/wp-content\/uploads\/2020\/04\/smartshop-amsterdam.jpg","contentUrl":"https:\/\/thingstodoinamsterdam.com\/wp-content\/uploads\/2020\/04\/smartshop-amsterdam.jpg","width":300,"height":400,"caption":"smart shop Amsterdam"},{"@type":"BreadcrumbList","@id":"https:\/\/thingstodoinamsterdam.com\/it\/smartshop-ad-amsterdam\/#breadcrumb","itemListElement":[{"@type":"ListItem","position":1,"name":"Cose da fare ad Amsterdam","item":"https:\/\/thingstodoinamsterdam.com\/it\/"},{"@type":"ListItem","position":2,"name":"Smartshop ad Amsterdam"}]},{"@type":"WebSite","@id":"https:\/\/thingstodoinamsterdam.com\/it\/#website","url":"https:\/\/thingstodoinamsterdam.com\/it\/","name":"ThingstodoinAmsterdam.com","description":"Amsterdam&#039;s highlights and hidden secrets","publisher":{"@id":"https:\/\/thingstodoinamsterdam.com\/it\/#organization"},"potentialAction":[{"@type":"SearchAction","target":{"@type":"EntryPoint","urlTemplate":"https:\/\/thingstodoinamsterdam.com\/it\/?s={search_term_string}"},"query-input":{"@type":"PropertyValueSpecification","valueRequired":true,"valueName":"search_term_string"}}],"inLanguage":"it-IT"},{"@type":"Organization","@id":"https:\/\/thingstodoinamsterdam.com\/it\/#organization","name":"Cose da fare ad Amsterdam","url":"https:\/\/thingstodoinamsterdam.com\/it\/","logo":{"@type":"ImageObject","inLanguage":"it-IT","@id":"https:\/\/thingstodoinamsterdam.com\/it\/#\/schema\/logo\/image\/","url":"https:\/\/thingstodoinamsterdam.com\/wp-content\/uploads\/2025\/02\/ThingsToDoInAmsterdam-Favicon-logo.png","contentUrl":"https:\/\/thingstodoinamsterdam.com\/wp-content\/uploads\/2025\/02\/ThingsToDoInAmsterdam-Favicon-logo.png","width":512,"height":512,"caption":"Cose da fare ad Amsterdam"},"image":{"@id":"https:\/\/thingstodoinamsterdam.com\/it\/#\/schema\/logo\/image\/"},"sameAs":["https:\/\/www.facebook.com\/thingstodoinamsterdamcom"]}]}},"_links":{"self":[{"href":"https:\/\/thingstodoinamsterdam.com\/it\/wp-json\/wp\/v2\/pages\/2532911","targetHints":{"allow":["GET"]}}],"collection":[{"href":"https:\/\/thingstodoinamsterdam.com\/it\/wp-json\/wp\/v2\/pages"}],"about":[{"href":"https:\/\/thingstodoinamsterdam.com\/it\/wp-json\/wp\/v2\/types\/page"}],"author":[{"embeddable":true,"href":"https:\/\/thingstodoinamsterdam.com\/it\/wp-json\/wp\/v2\/users\/3"}],"replies":[{"embeddable":true,"href":"https:\/\/thingstodoinamsterdam.com\/it\/wp-json\/wp\/v2\/comments?post=2532911"}],"version-history":[{"count":5,"href":"https:\/\/thingstodoinamsterdam.com\/it\/wp-json\/wp\/v2\/pages\/2532911\/revisions"}],"predecessor-version":[{"id":2535873,"href":"https:\/\/thingstodoinamsterdam.com\/it\/wp-json\/wp\/v2\/pages\/2532911\/revisions\/2535873"}],"wp:featuredmedia":[{"embeddable":true,"href":"https:\/\/thingstodoinamsterdam.com\/it\/wp-json\/wp\/v2\/media\/2532912"}],"wp:attachment":[{"href":"https:\/\/thingstodoinamsterdam.com\/it\/wp-json\/wp\/v2\/media?parent=2532911"}],"curies":[{"name":"wp","href":"https:\/\/api.w.org\/{rel}","templated":true}]}}