{"id":2532922,"date":"2026-02-13T12:59:57","date_gmt":"2026-02-13T11:59:57","guid":{"rendered":"https:\/\/thingstodoinamsterdam.com\/trasporti-pubblici-ad-amsterdam\/"},"modified":"2026-02-13T13:01:35","modified_gmt":"2026-02-13T12:01:35","slug":"trasporti-pubblici-ad-amsterdam","status":"publish","type":"page","link":"https:\/\/thingstodoinamsterdam.com\/it\/trasporti-ad-amsterdam\/trasporti-pubblici-ad-amsterdam\/","title":{"rendered":"Trasporti pubblici ad Amsterdam"},"content":{"rendered":"<div class=\"wpb-content-wrapper\"><p>[vc_row][vc_column][vc_column_text]I trasporti pubblici sono un modo molto comodo per spostarsi nella citt\u00e0 di Amsterdam. La rete di tram, autobus, metropolitana e traghetti ti porter\u00e0 ovunque tu debba andare in citt\u00e0. Non dovrai mai aspettare a lungo a una fermata, poich\u00e9 la maggior parte delle linee parte frequentemente (pi\u00f9 volte all&#8217;ora). L&#8217;unico inconveniente del sistema di trasporto pubblico di Amsterdam \u00e8 la disponibilit\u00e0 limitata durante la notte. Di notte, gli autobus notturni sostituiscono i normali tram, treni e metropolitane.    <\/p><div id=\"ez-toc-container\" class=\"ez-toc-v2_0_82_2 counter-hierarchy ez-toc-counter ez-toc-custom ez-toc-container-direction\">\n<div class=\"ez-toc-title-container\">\n<span class=\"ez-toc-title-toggle\"><a href=\"#\" class=\"ez-toc-pull-right ez-toc-btn ez-toc-btn-xs ez-toc-btn-default ez-toc-toggle\" aria-label=\"Toggle Table of Content\"><span class=\"ez-toc-js-icon-con\"><span class=\"\"><span class=\"eztoc-hide\" style=\"display:none;\">Toggle<\/span><span class=\"ez-toc-icon-toggle-span\"><svg style=\"fill: #999;color:#999\" xmlns=\"http:\/\/www.w3.org\/2000\/svg\" class=\"list-377408\" width=\"20px\" height=\"20px\" viewBox=\"0 0 24 24\" fill=\"none\"><path d=\"M6 6H4v2h2V6zm14 0H8v2h12V6zM4 11h2v2H4v-2zm16 0H8v2h12v-2zM4 16h2v2H4v-2zm16 0H8v2h12v-2z\" fill=\"currentColor\"><\/path><\/svg><svg style=\"fill: #999;color:#999\" class=\"arrow-unsorted-368013\" xmlns=\"http:\/\/www.w3.org\/2000\/svg\" width=\"10px\" height=\"10px\" viewBox=\"0 0 24 24\" version=\"1.2\" baseProfile=\"tiny\"><path d=\"M18.2 9.3l-6.2-6.3-6.2 6.3c-.2.2-.3.4-.3.7s.1.5.3.7c.2.2.4.3.7.3h11c.3 0 .5-.1.7-.3.2-.2.3-.5.3-.7s-.1-.5-.3-.7zM5.8 14.7l6.2 6.3 6.2-6.3c.2-.2.3-.5.3-.7s-.1-.5-.3-.7c-.2-.2-.4-.3-.7-.3h-11c-.3 0-.5.1-.7.3-.2.2-.3.5-.3.7s.1.5.3.7z\"\/><\/svg><\/span><\/span><\/span><\/a><\/span><\/div>\n<nav><ul class='ez-toc-list ez-toc-list-level-1 ' ><li class='ez-toc-page-1 ez-toc-heading-level-2'><a class=\"ez-toc-link ez-toc-heading-1\" href=\"https:\/\/thingstodoinamsterdam.com\/it\/trasporti-ad-amsterdam\/trasporti-pubblici-ad-amsterdam\/#pianifica-il-tuo-viaggio-con-i-trasporti-pubblici-di-amsterdam\" >Pianifica il tuo viaggio con i trasporti pubblici di Amsterdam<\/a><\/li><li class='ez-toc-page-1 ez-toc-heading-level-2'><a class=\"ez-toc-link ez-toc-heading-2\" href=\"https:\/\/thingstodoinamsterdam.com\/it\/trasporti-ad-amsterdam\/trasporti-pubblici-ad-amsterdam\/#biglietti\" >Biglietti<\/a><\/li><li class='ez-toc-page-1 ez-toc-heading-level-2'><a class=\"ez-toc-link ez-toc-heading-3\" href=\"https:\/\/thingstodoinamsterdam.com\/it\/trasporti-ad-amsterdam\/trasporti-pubblici-ad-amsterdam\/#mappa-dei-trasporti-pubblici-di-amsterdam-con-tram-traghetto-treno-e-metropolitana\" >Mappa dei trasporti pubblici di Amsterdam con tram, traghetto, treno e metropolitana<\/a><\/li><li class='ez-toc-page-1 ez-toc-heading-level-2'><a class=\"ez-toc-link ez-toc-heading-4\" href=\"https:\/\/thingstodoinamsterdam.com\/it\/trasporti-ad-amsterdam\/trasporti-pubblici-ad-amsterdam\/#mappa-della-metropolitana-di-amsterdam\" >Mappa della metropolitana di Amsterdam<\/a><\/li><\/ul><\/nav><\/div>\n\n<p style=\"text-align: center;\"><strong>&#8211; Nota bene: da marzo 2018 i contanti non sono pi\u00f9 accettati su autobus e tram &#8211;<\/strong><\/p>\n<figure id=\"attachment_4821\" aria-describedby=\"caption-attachment-4821\" style=\"width: 558px\" class=\"wp-caption aligncenter\"><a href=\"https:\/\/thingstodoinamsterdam.com\/wp-content\/uploads\/2019\/07\/creditcards1.jpg\"><img decoding=\"async\" class=\"size-full wp-image-4821\" src=\"https:\/\/thingstodoinamsterdam.com\/wp-content\/uploads\/2019\/07\/creditcards1.jpg\" alt=\"Metodi di pagamento accettati nei trasporti pubblici\" width=\"558\" height=\"58\"><\/a><figcaption id=\"caption-attachment-4821\" class=\"wp-caption-text\">Metodi di pagamento accettati nei trasporti pubblici<\/figcaption><\/figure>\n<h2><span class=\"ez-toc-section\" id=\"pianifica-il-tuo-viaggio-con-i-trasporti-pubblici-di-amsterdam\"><\/span>Pianifica il tuo viaggio con i trasporti pubblici di Amsterdam<span class=\"ez-toc-section-end\"><\/span><\/h2>\n<p>Ti consigliamo vivamente di usare 9292OV per pianificare il tuo viaggio ad Amsterdam con i trasporti pubblici. Calcola le opzioni migliori per andare da un punto all&#8217;altro e copre tutte le forme di trasporto pubblico: tram, autobus, metropolitana, traghetto e treno. Per usare il pianificatore puoi:  <\/p>\n<ul>\n<li><a href=\"https:\/\/9292.nl\/en\/\" target=\"_blank\" rel=\"noopener noreferrer\">Usare il sito web (ottimizzato per dispositivi mobili)<\/a><\/li>\n<li><a href=\"https:\/\/9292.nl\/en\/about-9292\/services\/mobile\" target=\"_blank\" rel=\"noopener noreferrer\">Scaricare l&#8217;app<\/a><\/li>\n<\/ul>\n<h2><span class=\"ez-toc-section\" id=\"biglietti\"><\/span>Biglietti<span class=\"ez-toc-section-end\"><\/span><\/h2>\n<figure id=\"attachment_364\" aria-describedby=\"caption-attachment-364\" style=\"width: 185px\" class=\"wp-caption alignright\"><a href=\"https:\/\/thingstodoinamsterdam.com\/wp-content\/uploads\/2019\/07\/check-in-pole-public-transport.jpg\" rel=\"attachment wp-att-364\"><img decoding=\"async\" class=\"wp-image-364 size-full\" src=\"https:\/\/thingstodoinamsterdam.com\/wp-content\/uploads\/2019\/07\/check-in-pole-public-transport.jpg\" alt=\"colonnina per il check-in trasporti pubblici amsterdam\" width=\"185\" height=\"279\"><\/a><figcaption id=\"caption-attachment-364\" class=\"wp-caption-text\">Colonnina per il check-in alla metropolitana di Amsterdam<\/figcaption><\/figure>\n<p><a href=\"\/ticketlink-gvbticket-gyg-std\" target=\"_blank\" rel=\"nofollow noopener noreferrer\"><em><strong>Acquista i tuoi biglietti GVB da 1 a 7 giorni su getyourguide.com.<\/strong><\/em><\/a><\/p>\n<p>Da alcuni anni, tutti i trasporti pubblici nei Paesi Bassi utilizzano un sistema di biglietteria digitale chiamato \u201cOV-chipkaart\u201d. Tutti i biglietti sono dotati di un transponder e devono essere avvicinati alle apposite colonnine di check-in in stazione, oppure sul tram o sull&#8217;autobus. I biglietti possono essere acquistati presso i distributori automatici (scelta consigliata) o dai conducenti su tram o autobus.  <\/p>\n<p>Le seguenti compagnie di trasporto pubblico operano nell&#8217;area di Amsterdam:<\/p>\n<ul>\n<li><strong>GVB<\/strong>: la principale compagnia di trasporti pubblici di Amsterdam. <strong>Tutti i tram, le metropolitane e i traghetti<\/strong> sono gestiti da GVB. Anche gli autobus che circolano all&#8217;interno di Amsterdam sono autobus GVB. <\/li>\n<li><strong>Connexxion<\/strong>: compagnia di autobus che gestisce linee che collegano la regione circostante ad Amsterdam. Tra le loro destinazioni troverai: Zandvoort (Amsterdam Beach), Hilversum, Haarlem e l&#8217;<a href=\"https:\/\/thingstodoinamsterdam.com\/transport\/amsterdam-airport-schiphol\/\">aeroporto di Schiphol<\/a>. <\/li>\n<li><strong>NS<\/strong>: compagnia ferroviaria nazionale olandese. NS \u00e8 responsabile di tutti i treni nazionali nell&#8217;area di Amsterdam. \u00c8 possibile utilizzare la \u201cOV-chipkaart\u201d per viaggiare in treno se il credito \u00e8 superiore a 20,00 \u20ac. Sono disponibili anche biglietti usa e getta presso i distributori automatici e le biglietterie. I treni internazionali sono spesso gestiti da altre compagnie.    <\/li>\n<\/ul>\n<p>Poich\u00e9 acquistare un biglietto ogni volta che sali sui mezzi pubblici pu\u00f2 risultare costoso, \u00e8 una buona idea stabilire in anticipo quante volte utilizzerai i trasporti pubblici. Se chiedi un biglietto a un conducente di autobus o tram, ti verr\u00e0 venduto per impostazione predefinita il biglietto da un&#8217;ora. Questo biglietto costa 2,90 \u20ac (GVB) ed \u00e8 valido su tutti i veicoli gestiti da GVB per un&#8217;ora, trasferimenti inclusi.  <\/p>\n<h3>Abbonamenti giornalieri per i trasporti pubblici ad Amsterdam<\/h3>\n<p>Se hai intenzione di usare i trasporti pubblici pi\u00f9 di due volte al giorno, \u00e8 pi\u00f9 conveniente acquistare un abbonamento giornaliero (o plurigiornaliero), che garantisce viaggi illimitati gratuiti per la durata del biglietto. Sono disponibili diversi pass presso i distributori automatici e le biglietterie. <\/p>\n<p>&nbsp;<\/p>\n<table style=\"width: 100%;\">\n<tbody>\n<tr>\n<td><strong>Biglietto<\/strong><\/td>\n<td><strong>Validit\u00e0<\/strong><\/td>\n<td><strong>Prezzo<\/strong><\/td>\n<\/tr>\n<tr>\n<td><em><strong><a href=\"https:\/\/thingstodoinamsterdam.com\/practical-information\/iamsterdam-city-card\/\">IAmsterdam City Card<\/a><\/strong><\/em><\/td>\n<td>\n<ul>\n<li>Tutti i tram, le metropolitane e gli autobus GVB (treni esclusi)<\/li>\n<li>Oltre all&#8217;uso gratuito e illimitato dei trasporti pubblici, la IAmsterdam card<br \/>\noffre anche l&#8217;ingresso gratuito o scontato a molte attrazioni e musei<\/li>\n<\/ul>\n<\/td>\n<td>1 giorno 55,00 \u20ac<\/p>\n<p>2 giorni 65,00 \u20ac<\/p>\n<p>3 giorni 71,25 \u20ac<\/p>\n<p>4 giorni 85,00 \u20ac<\/td>\n<\/tr>\n<tr>\n<td><a href=\"\/ticketlink-gvbticket-gyg-std\" target=\"_blank\" rel=\"nofollow noopener noreferrer\"><em><strong>Biglietto giornaliero GVB &#8211; tramite Getyourguide.com<\/strong><\/em><\/a><\/td>\n<td>\n<ul>\n<li>Tutti i tram, le metropolitane e gli autobus GVB (trasferimento aeroportuale escluso)<\/li>\n<\/ul>\n<\/td>\n<td><a href=\"\/ticketlink-gvbticket-gyg-std\" target=\"_blank\" rel=\"nofollow noopener noreferrer\"><em>1 giorno 8,00 \u20ac<\/em><\/a><\/p>\n<p>2 giorni 13,50 \u20ac<\/p>\n<p><a href=\"\/ticketlink-gvbticket-gyg-std\" target=\"_blank\" rel=\"nofollow noopener noreferrer\"><em>3 giorni 19,00 \u20ac<\/em><\/a><\/p>\n<p>4 giorni 24,50 \u20ac<\/p>\n<p>5 giorni 29,50 \u20ac<\/p>\n<p>6 giorni 33,50 \u20ac<\/p>\n<p><a href=\"\/ticketlink-gvbticket-gyg-std\" target=\"_blank\" rel=\"nofollow noopener noreferrer\"><em>7 giorni 36,50 \u20ac<\/em><\/a><\/td>\n<\/tr>\n<tr>\n<td><em><strong>Amsterdam Travel Ticket<\/strong><\/em><\/td>\n<td>\n<ul>\n<li>Treni e autobus da e per l&#8217;aeroporto<\/li>\n<li>Tutti i tram, le metropolitane e gli autobus GVB<\/li>\n<\/ul>\n<\/td>\n<td>1 giorno 16,00 \u20ac<\/p>\n<p>2 giorni 21,00 \u20ac<\/p>\n<p>3 giorni 26,00 \u20ac<\/td>\n<\/tr>\n<tr>\n<td><em><strong>Amsterdam &amp; Region Travel Ticket<\/strong><\/em><\/td>\n<td>\n<ul>\n<li>Autobus per l&#8217;aeroporto<\/li>\n<li>Autobus regionali gestiti da Connexxion<\/li>\n<li>Tutti i tram, le metropolitane e gli autobus GVB<\/li>\n<\/ul>\n<\/td>\n<td>1 giorno 18,50 \u20ac<\/p>\n<p>2 giorni 26,00 \u20ac<\/p>\n<p>3 giorni 33,50 \u20ac<\/td>\n<\/tr>\n<\/tbody>\n<\/table>\n<h2><span class=\"ez-toc-section\" id=\"mappa-dei-trasporti-pubblici-di-amsterdam-con-tram-traghetto-treno-e-metropolitana\"><\/span>Mappa dei trasporti pubblici di Amsterdam con tram, traghetto, treno e metropolitana<span class=\"ez-toc-section-end\"><\/span><\/h2>\n<p>Per avere una panoramica di tutte le linee di trasporto pubblico disponibili, ti consigliamo di visitare <a href=\"https:\/\/9292.nl\/en\">9292ov<\/a> per consigli di viaggio che includono tutte le forme di trasporto pubblico disponibili.<\/p>\n<h2><a href=\"https:\/\/thingstodoinamsterdam.com\/wp-content\/uploads\/2019\/07\/inside-noord-zuid-lijn.jpg\"><img decoding=\"async\" class=\"size-full wp-image-6503 aligncenter\" src=\"https:\/\/thingstodoinamsterdam.com\/wp-content\/uploads\/2019\/07\/inside-noord-zuid-lijn.jpg\" alt=\"interno noord zuid lijn\" width=\"900\" height=\"600\"><\/a><\/h2>\n<h2><span class=\"ez-toc-section\" id=\"mappa-della-metropolitana-di-amsterdam\"><\/span>Mappa della metropolitana di Amsterdam<span class=\"ez-toc-section-end\"><\/span><\/h2>\n<p>La rete della metropolitana di Amsterdam \u00e8 abbastanza semplice rispetto ad altre capitali europee. Al momento ci sono solo quattro linee della metropolitana da prendere, controlla la mappa qui sotto. In olandese la metropolitana si chiama \u201cMetro\u201d, quindi segui le indicazioni metro per raggiungere la stazione. Nel 2018 \u00e8 stata aperta la nuova \u201cNoord-Zuid lijn\u201d che collega il nord e il sud di Amsterdam. Questa nuova linea 52 della metropolitana va da \u201cAmsterdam Zuid\u201d fino alla parte settentrionale della citt\u00e0, rendendo superfluo l&#8217;uso del traghetto. Ha anche una fermata a \u201cDe Pijp\u201d, una zona popolare ed emergente vicino alla <a href=\"https:\/\/thingstodoinamsterdam.com\/museum-amsterdam\/heineken-experience\/\">Heineken Experience<\/a>.     <\/p>\n<p><a href=\"https:\/\/thingstodoinamsterdam.com\/wp-content\/uploads\/2019\/07\/Amsterdam-subwaymap.jpg\" rel=\"attachment wp-att-656\"><img decoding=\"async\" class=\"wp-image-5710 size-medium aligncenter\" src=\"https:\/\/thingstodoinamsterdam.com\/wp-content\/uploads\/2019\/07\/Amsterdam-subwaymap-243x300-1.jpg\" alt=\"Mappa della metropolitana di Amsterdam 2018\" width=\"243\" height=\"300\"><\/a>[\/vc_column_text][\/vc_column][\/vc_row]<\/p>\n<\/div>","protected":false},"excerpt":{"rendered":"<p>[vc_row][vc_column][vc_column_text]I trasporti pubblici sono un modo molto comodo per spostarsi nella citt\u00e0 di Amsterdam. La rete di tram, autobus, metropolitana e traghetti ti porter\u00e0 ovunque\u2026<\/p>\n","protected":false},"author":1,"featured_media":2532928,"parent":2532988,"menu_order":0,"comment_status":"closed","ping_status":"closed","template":"","meta":{"footnotes":""},"class_list":["post-2532922","page","type-page","status-publish","has-post-thumbnail","hentry"],"yoast_head":"<!-- This site is optimized with the Yoast SEO plugin v27.4 - https:\/\/yoast.com\/product\/yoast-seo-wordpress\/ -->\n<title>Trasporti pubblici ad Amsterdam - ThingstodoinAmsterdam.com<\/title>\n<meta name=\"description\" content=\"Scopri di pi\u00f9 sui trasporti pubblici ad Amsterdam. Risparmia scegliendo il biglietto giusto, trova mappe, orari di partenza, prezzi e molto altro!\" \/>\n<meta name=\"robots\" content=\"index, follow, max-snippet:-1, max-image-preview:large, max-video-preview:-1\" \/>\n<link rel=\"canonical\" href=\"https:\/\/thingstodoinamsterdam.com\/it\/trasporti-ad-amsterdam\/trasporti-pubblici-ad-amsterdam\/\" \/>\n<meta property=\"og:locale\" content=\"it_IT\" \/>\n<meta property=\"og:type\" content=\"article\" \/>\n<meta property=\"og:title\" content=\"Trasporti pubblici ad Amsterdam - ThingstodoinAmsterdam.com\" \/>\n<meta property=\"og:description\" content=\"Scopri di pi\u00f9 sui trasporti pubblici ad Amsterdam. Risparmia scegliendo il biglietto giusto, trova mappe, orari di partenza, prezzi e molto altro!\" \/>\n<meta property=\"og:url\" content=\"https:\/\/thingstodoinamsterdam.com\/it\/trasporti-ad-amsterdam\/trasporti-pubblici-ad-amsterdam\/\" \/>\n<meta property=\"og:site_name\" content=\"ThingstodoinAmsterdam.com\" \/>\n<meta property=\"article:publisher\" content=\"https:\/\/www.facebook.com\/thingstodoinamsterdamcom\" \/>\n<meta property=\"article:modified_time\" content=\"2026-02-13T12:01:35+00:00\" \/>\n<meta property=\"og:image\" content=\"https:\/\/thingstodoinamsterdam.com\/wp-content\/uploads\/2019\/08\/public-transport-thumb.jpg\" \/>\n\t<meta property=\"og:image:width\" content=\"262\" \/>\n\t<meta property=\"og:image:height\" content=\"274\" \/>\n\t<meta property=\"og:image:type\" content=\"image\/jpeg\" \/>\n<meta name=\"twitter:card\" content=\"summary_large_image\" \/>\n<meta name=\"twitter:label1\" content=\"Tempo di lettura stimato\" \/>\n\t<meta name=\"twitter:data1\" content=\"4 minuti\" \/>\n<script type=\"application\/ld+json\" class=\"yoast-schema-graph\">{\"@context\":\"https:\\\/\\\/schema.org\",\"@graph\":[{\"@type\":\"WebPage\",\"@id\":\"https:\\\/\\\/thingstodoinamsterdam.com\\\/it\\\/trasporti-ad-amsterdam\\\/trasporti-pubblici-ad-amsterdam\\\/\",\"url\":\"https:\\\/\\\/thingstodoinamsterdam.com\\\/it\\\/trasporti-ad-amsterdam\\\/trasporti-pubblici-ad-amsterdam\\\/\",\"name\":\"Trasporti pubblici ad Amsterdam - ThingstodoinAmsterdam.com\",\"isPartOf\":{\"@id\":\"https:\\\/\\\/thingstodoinamsterdam.com\\\/it\\\/#website\"},\"primaryImageOfPage\":{\"@id\":\"https:\\\/\\\/thingstodoinamsterdam.com\\\/it\\\/trasporti-ad-amsterdam\\\/trasporti-pubblici-ad-amsterdam\\\/#primaryimage\"},\"image\":{\"@id\":\"https:\\\/\\\/thingstodoinamsterdam.com\\\/it\\\/trasporti-ad-amsterdam\\\/trasporti-pubblici-ad-amsterdam\\\/#primaryimage\"},\"thumbnailUrl\":\"https:\\\/\\\/thingstodoinamsterdam.com\\\/wp-content\\\/uploads\\\/2019\\\/08\\\/public-transport-thumb.jpg\",\"datePublished\":\"2026-02-13T11:59:57+00:00\",\"dateModified\":\"2026-02-13T12:01:35+00:00\",\"description\":\"Scopri di pi\u00f9 sui trasporti pubblici ad Amsterdam. Risparmia scegliendo il biglietto giusto, trova mappe, orari di partenza, prezzi e molto altro!\",\"breadcrumb\":{\"@id\":\"https:\\\/\\\/thingstodoinamsterdam.com\\\/it\\\/trasporti-ad-amsterdam\\\/trasporti-pubblici-ad-amsterdam\\\/#breadcrumb\"},\"inLanguage\":\"it-IT\",\"potentialAction\":[{\"@type\":\"ReadAction\",\"target\":[\"https:\\\/\\\/thingstodoinamsterdam.com\\\/it\\\/trasporti-ad-amsterdam\\\/trasporti-pubblici-ad-amsterdam\\\/\"]}]},{\"@type\":\"ImageObject\",\"inLanguage\":\"it-IT\",\"@id\":\"https:\\\/\\\/thingstodoinamsterdam.com\\\/it\\\/trasporti-ad-amsterdam\\\/trasporti-pubblici-ad-amsterdam\\\/#primaryimage\",\"url\":\"https:\\\/\\\/thingstodoinamsterdam.com\\\/wp-content\\\/uploads\\\/2019\\\/08\\\/public-transport-thumb.jpg\",\"contentUrl\":\"https:\\\/\\\/thingstodoinamsterdam.com\\\/wp-content\\\/uploads\\\/2019\\\/08\\\/public-transport-thumb.jpg\",\"width\":262,\"height\":274},{\"@type\":\"BreadcrumbList\",\"@id\":\"https:\\\/\\\/thingstodoinamsterdam.com\\\/it\\\/trasporti-ad-amsterdam\\\/trasporti-pubblici-ad-amsterdam\\\/#breadcrumb\",\"itemListElement\":[{\"@type\":\"ListItem\",\"position\":1,\"name\":\"Cose da fare ad Amsterdam\",\"item\":\"https:\\\/\\\/thingstodoinamsterdam.com\\\/it\\\/\"},{\"@type\":\"ListItem\",\"position\":2,\"name\":\"Trasporti ad Amsterdam\",\"item\":\"https:\\\/\\\/thingstodoinamsterdam.com\\\/it\\\/trasporti-ad-amsterdam\\\/\"},{\"@type\":\"ListItem\",\"position\":3,\"name\":\"Trasporti pubblici ad Amsterdam\"}]},{\"@type\":\"WebSite\",\"@id\":\"https:\\\/\\\/thingstodoinamsterdam.com\\\/it\\\/#website\",\"url\":\"https:\\\/\\\/thingstodoinamsterdam.com\\\/it\\\/\",\"name\":\"ThingstodoinAmsterdam.com\",\"description\":\"Amsterdam&#039;s highlights and hidden secrets\",\"publisher\":{\"@id\":\"https:\\\/\\\/thingstodoinamsterdam.com\\\/it\\\/#organization\"},\"potentialAction\":[{\"@type\":\"SearchAction\",\"target\":{\"@type\":\"EntryPoint\",\"urlTemplate\":\"https:\\\/\\\/thingstodoinamsterdam.com\\\/it\\\/?s={search_term_string}\"},\"query-input\":{\"@type\":\"PropertyValueSpecification\",\"valueRequired\":true,\"valueName\":\"search_term_string\"}}],\"inLanguage\":\"it-IT\"},{\"@type\":\"Organization\",\"@id\":\"https:\\\/\\\/thingstodoinamsterdam.com\\\/it\\\/#organization\",\"name\":\"Cose da fare ad Amsterdam\",\"url\":\"https:\\\/\\\/thingstodoinamsterdam.com\\\/it\\\/\",\"logo\":{\"@type\":\"ImageObject\",\"inLanguage\":\"it-IT\",\"@id\":\"https:\\\/\\\/thingstodoinamsterdam.com\\\/it\\\/#\\\/schema\\\/logo\\\/image\\\/\",\"url\":\"https:\\\/\\\/thingstodoinamsterdam.com\\\/wp-content\\\/uploads\\\/2025\\\/02\\\/ThingsToDoInAmsterdam-Favicon-logo.png\",\"contentUrl\":\"https:\\\/\\\/thingstodoinamsterdam.com\\\/wp-content\\\/uploads\\\/2025\\\/02\\\/ThingsToDoInAmsterdam-Favicon-logo.png\",\"width\":512,\"height\":512,\"caption\":\"Cose da fare ad Amsterdam\"},\"image\":{\"@id\":\"https:\\\/\\\/thingstodoinamsterdam.com\\\/it\\\/#\\\/schema\\\/logo\\\/image\\\/\"},\"sameAs\":[\"https:\\\/\\\/www.facebook.com\\\/thingstodoinamsterdamcom\"]}]}<\/script>\n<!-- \/ Yoast SEO plugin. -->","yoast_head_json":{"title":"Trasporti pubblici ad Amsterdam - ThingstodoinAmsterdam.com","description":"Scopri di pi\u00f9 sui trasporti pubblici ad Amsterdam. Risparmia scegliendo il biglietto giusto, trova mappe, orari di partenza, prezzi e molto altro!","robots":{"index":"index","follow":"follow","max-snippet":"max-snippet:-1","max-image-preview":"max-image-preview:large","max-video-preview":"max-video-preview:-1"},"canonical":"https:\/\/thingstodoinamsterdam.com\/it\/trasporti-ad-amsterdam\/trasporti-pubblici-ad-amsterdam\/","og_locale":"it_IT","og_type":"article","og_title":"Trasporti pubblici ad Amsterdam - ThingstodoinAmsterdam.com","og_description":"Scopri di pi\u00f9 sui trasporti pubblici ad Amsterdam. Risparmia scegliendo il biglietto giusto, trova mappe, orari di partenza, prezzi e molto altro!","og_url":"https:\/\/thingstodoinamsterdam.com\/it\/trasporti-ad-amsterdam\/trasporti-pubblici-ad-amsterdam\/","og_site_name":"ThingstodoinAmsterdam.com","article_publisher":"https:\/\/www.facebook.com\/thingstodoinamsterdamcom","article_modified_time":"2026-02-13T12:01:35+00:00","og_image":[{"width":262,"height":274,"url":"https:\/\/thingstodoinamsterdam.com\/wp-content\/uploads\/2019\/08\/public-transport-thumb.jpg","type":"image\/jpeg"}],"twitter_card":"summary_large_image","twitter_misc":{"Tempo di lettura stimato":"4 minuti"},"schema":{"@context":"https:\/\/schema.org","@graph":[{"@type":"WebPage","@id":"https:\/\/thingstodoinamsterdam.com\/it\/trasporti-ad-amsterdam\/trasporti-pubblici-ad-amsterdam\/","url":"https:\/\/thingstodoinamsterdam.com\/it\/trasporti-ad-amsterdam\/trasporti-pubblici-ad-amsterdam\/","name":"Trasporti pubblici ad Amsterdam - ThingstodoinAmsterdam.com","isPartOf":{"@id":"https:\/\/thingstodoinamsterdam.com\/it\/#website"},"primaryImageOfPage":{"@id":"https:\/\/thingstodoinamsterdam.com\/it\/trasporti-ad-amsterdam\/trasporti-pubblici-ad-amsterdam\/#primaryimage"},"image":{"@id":"https:\/\/thingstodoinamsterdam.com\/it\/trasporti-ad-amsterdam\/trasporti-pubblici-ad-amsterdam\/#primaryimage"},"thumbnailUrl":"https:\/\/thingstodoinamsterdam.com\/wp-content\/uploads\/2019\/08\/public-transport-thumb.jpg","datePublished":"2026-02-13T11:59:57+00:00","dateModified":"2026-02-13T12:01:35+00:00","description":"Scopri di pi\u00f9 sui trasporti pubblici ad Amsterdam. Risparmia scegliendo il biglietto giusto, trova mappe, orari di partenza, prezzi e molto altro!","breadcrumb":{"@id":"https:\/\/thingstodoinamsterdam.com\/it\/trasporti-ad-amsterdam\/trasporti-pubblici-ad-amsterdam\/#breadcrumb"},"inLanguage":"it-IT","potentialAction":[{"@type":"ReadAction","target":["https:\/\/thingstodoinamsterdam.com\/it\/trasporti-ad-amsterdam\/trasporti-pubblici-ad-amsterdam\/"]}]},{"@type":"ImageObject","inLanguage":"it-IT","@id":"https:\/\/thingstodoinamsterdam.com\/it\/trasporti-ad-amsterdam\/trasporti-pubblici-ad-amsterdam\/#primaryimage","url":"https:\/\/thingstodoinamsterdam.com\/wp-content\/uploads\/2019\/08\/public-transport-thumb.jpg","contentUrl":"https:\/\/thingstodoinamsterdam.com\/wp-content\/uploads\/2019\/08\/public-transport-thumb.jpg","width":262,"height":274},{"@type":"BreadcrumbList","@id":"https:\/\/thingstodoinamsterdam.com\/it\/trasporti-ad-amsterdam\/trasporti-pubblici-ad-amsterdam\/#breadcrumb","itemListElement":[{"@type":"ListItem","position":1,"name":"Cose da fare ad Amsterdam","item":"https:\/\/thingstodoinamsterdam.com\/it\/"},{"@type":"ListItem","position":2,"name":"Trasporti ad Amsterdam","item":"https:\/\/thingstodoinamsterdam.com\/it\/trasporti-ad-amsterdam\/"},{"@type":"ListItem","position":3,"name":"Trasporti pubblici ad Amsterdam"}]},{"@type":"WebSite","@id":"https:\/\/thingstodoinamsterdam.com\/it\/#website","url":"https:\/\/thingstodoinamsterdam.com\/it\/","name":"ThingstodoinAmsterdam.com","description":"Amsterdam&#039;s highlights and hidden secrets","publisher":{"@id":"https:\/\/thingstodoinamsterdam.com\/it\/#organization"},"potentialAction":[{"@type":"SearchAction","target":{"@type":"EntryPoint","urlTemplate":"https:\/\/thingstodoinamsterdam.com\/it\/?s={search_term_string}"},"query-input":{"@type":"PropertyValueSpecification","valueRequired":true,"valueName":"search_term_string"}}],"inLanguage":"it-IT"},{"@type":"Organization","@id":"https:\/\/thingstodoinamsterdam.com\/it\/#organization","name":"Cose da fare ad Amsterdam","url":"https:\/\/thingstodoinamsterdam.com\/it\/","logo":{"@type":"ImageObject","inLanguage":"it-IT","@id":"https:\/\/thingstodoinamsterdam.com\/it\/#\/schema\/logo\/image\/","url":"https:\/\/thingstodoinamsterdam.com\/wp-content\/uploads\/2025\/02\/ThingsToDoInAmsterdam-Favicon-logo.png","contentUrl":"https:\/\/thingstodoinamsterdam.com\/wp-content\/uploads\/2025\/02\/ThingsToDoInAmsterdam-Favicon-logo.png","width":512,"height":512,"caption":"Cose da fare ad Amsterdam"},"image":{"@id":"https:\/\/thingstodoinamsterdam.com\/it\/#\/schema\/logo\/image\/"},"sameAs":["https:\/\/www.facebook.com\/thingstodoinamsterdamcom"]}]}},"_links":{"self":[{"href":"https:\/\/thingstodoinamsterdam.com\/it\/wp-json\/wp\/v2\/pages\/2532922","targetHints":{"allow":["GET"]}}],"collection":[{"href":"https:\/\/thingstodoinamsterdam.com\/it\/wp-json\/wp\/v2\/pages"}],"about":[{"href":"https:\/\/thingstodoinamsterdam.com\/it\/wp-json\/wp\/v2\/types\/page"}],"author":[{"embeddable":true,"href":"https:\/\/thingstodoinamsterdam.com\/it\/wp-json\/wp\/v2\/users\/1"}],"replies":[{"embeddable":true,"href":"https:\/\/thingstodoinamsterdam.com\/it\/wp-json\/wp\/v2\/comments?post=2532922"}],"version-history":[{"count":4,"href":"https:\/\/thingstodoinamsterdam.com\/it\/wp-json\/wp\/v2\/pages\/2532922\/revisions"}],"predecessor-version":[{"id":2532932,"href":"https:\/\/thingstodoinamsterdam.com\/it\/wp-json\/wp\/v2\/pages\/2532922\/revisions\/2532932"}],"up":[{"embeddable":true,"href":"https:\/\/thingstodoinamsterdam.com\/it\/wp-json\/wp\/v2\/pages\/2532988"}],"wp:featuredmedia":[{"embeddable":true,"href":"https:\/\/thingstodoinamsterdam.com\/it\/wp-json\/wp\/v2\/media\/2532928"}],"wp:attachment":[{"href":"https:\/\/thingstodoinamsterdam.com\/it\/wp-json\/wp\/v2\/media?parent=2532922"}],"curies":[{"name":"wp","href":"https:\/\/api.w.org\/{rel}","templated":true}]}}