{"id":2533055,"date":"2026-02-13T14:26:10","date_gmt":"2026-02-13T13:26:10","guid":{"rendered":"https:\/\/thingstodoinamsterdam.com\/ice-bar-amsterdam\/"},"modified":"2026-03-03T12:19:10","modified_gmt":"2026-03-03T11:19:10","slug":"ice-bar-amsterdam","status":"publish","type":"page","link":"https:\/\/thingstodoinamsterdam.com\/it\/ice-bar-amsterdam\/","title":{"rendered":"Ice Bar Amsterdam"},"content":{"rendered":"<div class=\"wpb-content-wrapper\"><p>[vc_row][vc_column][buttonsticky title=&#8221;Ottieni i tuoi biglietti economici @ Amsterdam Icebar Xtracold&#8221; link=&#8221;https:\/\/thingstodoinamsterdam.com\/ticketlink-icebar-xtracold-std&#8221; nofollow=&#8221;true&#8221; el_id=&#8221;1678964948420-f4ae0b6c-ea32&#8243;][\/vc_column][\/vc_row][vc_row][vc_column][vc_column_text]L&#8217;X<span class=\"spGb-e spGb-h\">tracold Ice bar Amsterdam<\/span><a class=\"spGb-f\" aria-label=\"Actions for keyword 'xtracold icebar amsterdam'\"> <\/a>offre un piacevole rinfresco se hai in programma di uscire ad Amsterdam. Se cerchi qualcosa di meno tradizionale, l&#8217;Ice Bar Amsterdam \u00e8 quello che fa per te. Situato a pochi minuti dalla famosa Piazza Rembrandt, puoi iniziare la serata o concludere la giornata con questa esperienza unica nell&#8217;Ice Bar.  <\/p>\n<p>Mentre le tue giornate potrebbero essere piene di attivit\u00e0 e visite ai <a href=\"https:\/\/thingstodoinamsterdam.com\/it\/musei-ad-amsterdam\/\">musei di Amsterdam<\/a>, <a href=\"https:\/\/thingstodoinamsterdam.com\/it\/tour-in-bicicletta-ad-amsterdam-e-dintorni\/\">tour in bicicletta<\/a> della citt\u00e0 o <a href=\"https:\/\/thingstodoinamsterdam.com\/it\/crociera-canali\/\">giri in barca<\/a> tra i canali, potresti non avere altrettante idee per le attivit\u00e0 notturne. All&#8217;Ice Bar Amsterdam, puoi rinfrescarti e rilassarti fermandoti per un tour e qualche drink, ma questo non \u00e8 un bar qualunque\u2026 all&#8217;Ice Bar Amsterdam, puoi bere in un bar fatto interamente di ghiaccio in una stanza impostata a ben -10\u00ba C! Tutto, dai bicchieri alle pareti, \u00e8 fatto di ghiaccio. Ghiaccio vero. \u00c8 un ottimo modo per esplorare un pezzetto della <a href=\"https:\/\/thingstodoinamsterdam.com\/amsterdam-nightlife\/\">vita notturna di Amsterdam<\/a>.    <\/p>\n<h2>Dress code per l&#8217;Ice Bar Amsterdam<\/h2>\n<p>L&#8217;Amsterdam Ice Bar non ha un codice di abbigliamento ufficiale. Anche se non esiste un dress code formale per l&#8217;Icebar Amsterdam, per la tua comodit\u00e0 ti consigliamo di indossare un maglione o un gilet caldo e confortevole che potrai togliere in seguito. L&#8217;Ice Bar ti fornir\u00e0 un cappotto extra caldo e dei guanti prima di entrare. Puoi indossare questi capi sopra i tuoi vestiti. Far\u00e0 piuttosto freddo, quindi se vuoi goderti l&#8217;Ice Bar ad Amsterdam, ti consigliamo di non indossare gonne corte, pantaloni leggeri o scarpe aperte. Non vorrai mica congelare, vero?<br \/>\n[button title=&#8221;Ordina i tuoi biglietti per l&#8217;Ice Bar usando il nostro codice sconto esclusivo su Tours-tickets.com&#8221; link=&#8221;https:\/\/thingstodoinamsterdam.com\/ticketlink-icebar-tours-std&#8221; icon=&#8221;&#8221; button_align=&#8221;center&#8221; target=&#8221;true&#8221; nofollow=&#8221;true&#8221; el_id=&#8221;1578434951680-956e0efe-9c0d&#8221;][vc_column_text]<\/p>\n<p style=\"text-align: center;\">&#8211; Assicurati di riscattare il nostro codice sconto esclusivo Tours &amp; Tickets <mark><strong>&#8216;THINGSTODO10<\/strong><\/mark>&#8216; per ottenere uno <strong>sconto del 10%<\/strong> &#8211;<\/p>\n<p>[\/vc_column_text][button title=&#8221;Order your Ice Bar Tickets at Xtracold.com&#8221; link=&#8221;https:\/\/thingstodoinamsterdam.com\/ticketlink-icebar-xtracold-std&#8221; button_align=&#8221;center&#8221; target=&#8221;true&#8221; nofollow=&#8221;true&#8221; el_id=&#8221;1564756525230-fa0d2728-7005&#8243;][vc_video link=&#8221;https:\/\/youtu.be\/bxlV7bGDL00&#8243; el_width=&#8221;80&#8243; align=&#8221;center&#8221; title=&#8221;Impressioni sull&apos;Ice Bar&#8221;][vc_column_text]<\/p>\n<h2>Orari di apertura dell&#8217;Ice Bar Amsterdam<\/h2>\n<p>L&#8217;XtraCold Icebar di Amsterdam \u00e8 aperto 7 giorni su 7, 365 giorni all&#8217;anno, inclusi i giorni festivi nazionali come il Giorno del Re, Natale e Capodanno. La sera di Capodanno l&#8217;Ice Bar chiude prima, alle 23:00. L&#8217;ultimo ingresso all&#8217;Ice Bar Amsterdam \u00e8 consentito fino a 40 minuti prima dell&#8217;orario di chiusura.  <\/p>\n<table style=\"width: 100%;\">\n<tbody>\n<tr>\n<td>Da domenica a gioved\u00ec<\/td>\n<td> 11:45 &#8211; 01:00<\/td>\n<\/tr>\n<tr>\n<td>Venerd\u00ec e sabato<\/td>\n<td> 11:45 &#8211; 02:40<\/td>\n<\/tr>\n<\/tbody>\n<\/table>\n<p>[\/vc_column_text][button title=&#8221;Order your Ice Bar tickets at Xtracold.com&#8221; link=&#8221;https:\/\/thingstodoinamsterdam.com\/ticketlink-icebar-xtracold-std&#8221; button_align=&#8221;center&#8221; target=&#8221;true&#8221; nofollow=&#8221;true&#8221; el_id=&#8221;1578435031604-9a2bc95a-16a1&#8243;][vc_column_text css=&#8221;&#8221;]<\/p>\n<h2>Prezzi e biglietti scontati per l&#8217;Icebar Amsterdam<\/h2>\n<p>I biglietti sono disponibili all&#8217;ingresso dell&#8217;icebar. Il prezzo d&#8217;ingresso regolare alla porta \u00e8 di 21,95 \u20ac. Tuttavia, se prenoti i tuoi biglietti online con uno dei nostri partner, otterrai uno sconto interessante su ogni biglietto. Dopo il pagamento, riceverai i biglietti istantaneamente. Non c&#8217;\u00e8 bisogno di stamparli, poich\u00e9 i biglietti possono essere scansionati direttamente dal tuo smartphone. Il prezzo del biglietto include i tuoi primi tre drink nel bar; ovviamente, sei libero di acquistarne altri se non dovessero bastare.     <\/p>\n<p><strong>Nota: <\/strong>i minori di 18 anni non sono ammessi, \u00e8 necessario mostrare un documento d&#8217;identit\u00e0 su richiesta.<\/p>\n<h3>Prezzo d&#8217;ingresso regolare alla porta<\/h3>\n<table style=\"width: 100%;\">\n<tbody>\n<tr>\n<td>Adulti<\/td>\n<td>28 \u20ac (3 drink a scelta inclusi)<\/td>\n<\/tr>\n<\/tbody>\n<\/table>\n<h3>Dai un&#8217;occhiata ai nostri partner qui sotto per biglietti online economici<\/h3>\n<p>[\/vc_column_text][button title=&#8221;Order your Ice Bar Tickets using our exclusive discount code at Tours-tickets.com&#8221; link=&#8221;https:\/\/thingstodoinamsterdam.com\/ticketlink-icebar-tours-std&#8221; icon=&#8221;&#8221; button_align=&#8221;center&#8221; target=&#8221;true&#8221; nofollow=&#8221;true&#8221; el_id=&#8221;1564756690464-27288b81-8459&#8243;][vc_column_text]<\/p>\n<p style=\"text-align: center;\">&#8211; Assicurati di riscattare il nostro codice sconto esclusivo Tours &amp; Tickets <strong>&#8216;THINGSTODO10<\/strong>&#8216; e ottieni lo 10% di sconto &#8211;<\/p>\n<p>[\/vc_column_text][button title=&#8221;Order your discounted Ice Bar Tickets at Tiqets.com&#8221; link=&#8221;https:\/\/thingstodoinamsterdam.com\/ticketlink-icebar-tiqets-std&#8221; icon=&#8221;&#8221; button_align=&#8221;center&#8221; target=&#8221;true&#8221; nofollow=&#8221;true&#8221; el_id=&#8221;1564756717965-f20dce8b-64af&#8221;][vc_column_text]<\/p>\n<h2>FAQ Icebar<\/h2>\n<p><strong>C&#8217;\u00e8 coda per l&#8217;Amsterdam Ice Bar?<\/strong><\/p>\n<p>S\u00ec, pu\u00f2 esserci, specialmente nelle ore serali. Se non vuoi aspettare, puoi prenotare i biglietti su Tours &amp; tickets per scegliere una fascia oraria. <\/p>\n<p><strong>L&#8217;Amsterdam Ice Bar ha un dress code<\/strong><strong>?<\/strong><\/p>\n<p>No, puoi indossare quello che preferisci. Naturalmente, a tutti piace vestirsi bene quando si va in un bar. Nel locale sono disponibili giacche, ma dato che fa molto freddo potresti voler portare un maglione o un gilet.  <\/p>\n<p><strong>I bambini sono ammessi nell&#8217;Icebar?<\/strong><\/p>\n<p>No, i minori di 18 anni non sono ammessi. Pertanto l&#8217;Icebar non \u00e8 tra le <a href=\"https:\/\/thingstodoinamsterdam.com\/blog\/things-to-do-in-amsterdam-with-kids\/\">cose da fare ad Amsterdam con i bambini<\/a>. <\/p>\n<p><strong>Devo stampare gli e-ticket per entrare nell&#8217;Icebar Amsterdam?<\/strong><\/p>\n<p>Non c&#8217;\u00e8 bisogno di sprecare carta, puoi mostrare l&#8217;e-ticket sul tuo smartphone.<\/p>\n<p><strong>Dove si trova l&#8217;Ice Bar ad Amsterdam?<\/strong><\/p>\n<p>L&#8217;Ice Bar si trova vicino a Piazza Rembrandt, \u00e8 facilmente raggiungibile sia in tram che in metropolitana. C&#8217;\u00e8 una fermata del tram chiamata Rembrandtplein; se viaggi in metropolitana, scendi alla stazione Waterlooplein. <\/p>\n<p><strong>Come arrivare all&#8217;Amsterdam Ice Bar dalla Stazione Centrale di Amsterdam?<\/strong><\/p>\n<p>Prendi la metropolitana fino alla stazione Waterlooplein o un tram verso Rembrandtplein.[\/vc_column_text][vc_column_text]<\/p>\n<h2>Indirizzo, contatti e percorso per l&#8217;Amsterdam Icebar<\/h2>\n<p>L&#8217;Ice Bar di Amsterdam \u00e8 situato vicino alla zona della vita notturna di Piazza Rembrandt. Il modo pi\u00f9 semplice per raggiungere il bar \u00e8 con i mezzi pubblici. <\/p>\n<p><strong>Indirizzo<br \/>\n<\/strong>Amstel 194-196<br \/>\n1017 AG Amsterdam<br \/>\nE-mail: info@xtracold.com<br \/>\nTel: +31 20-320 5700<br \/>\n<a href=\"https:\/\/www.xtracold.com\/en\">https:\/\/www.xtracold.com\/en<\/a>[\/vc_column_text][g_map heading=&#8221;IceBar Amsterdam&#8221; el_id=&#8221;1564756861141-10bdf8dc-c98a&#8221;]<iframe style=\"border: 0;\" src=\"https:\/\/www.google.com\/maps\/embed?pb=!1m18!1m12!1m3!1d2436.2186137404015!2d4.89782661585837!3d52.36645587978543!2m3!1f0!2f0!3f0!3m2!1i1024!2i768!4f13.1!3m3!1m2!1s0x47c609be1df5834b%3A0x3593e2e72c469822!2sXtracold+Icebar+Amsterdam!5e0!3m2!1sen!2snl!4v1500844600520\" width=\"600\" height=\"450\" frameborder=\"0\" allowfullscreen=\"allowfullscreen\"><\/iframe>[\/g_map][vc_column_text]<\/p>\n<h2>Mezzi pubblici per l&#8217;Icebar Amsterdam<\/h2>\n<p>L&#8217;Amsterdam Icebar si trova proprio tra Piazza Rembrandt e la stazione di Waterlooplein. Assicurati di scendere a una di queste fermate. Se vieni da Leidseplein in tram, la fermata pi\u00f9 vicina \u00e8 Spui, da l\u00ec sono 10 minuti a piedi.  <\/p>\n<p>Con il pulsante qui sotto puoi trovare consigli precisi sui tempi di percorrenza in tempo reale in base alla tua posizione attuale. Questa applicazione ti aiuter\u00e0 se non sei sicuro di quale autobus o tram prendere dalla tua posizione per l&#8217;Ice Bar Amsterdam. <\/p>\n<p><a href=\"https:\/\/9292.nl\/en?to=amsterdam_rembrandt-square\"><img decoding=\"async\" class=\"alignnone size-medium wp-image-3080\" src=\"https:\/\/thingstodoinamsterdam.com\/wp-content\/uploads\/2019\/07\/Button-Plan-mijn-OV-reis-EN-300x54.png\" alt=\"pulsante ov Ice bar\" width=\"300\" height=\"54\"><\/a>[\/vc_column_text][vc_column_text css=&#8221;&#8221;]<\/p>\n<h3>Altre cose da fare<\/h3>\n<p><a href=\"https:\/\/thingstodoinamsterdam.com\/it\/artis-zoo-amsterdam\/\">Zoo Artis Amsterdam<\/a><br \/>\n<a href=\"https:\/\/thingstodoinamsterdam.com\/it\/musei-ad-amsterdam\/amsterdam-dungeon\/\">Amsterdam Dungeon<\/a><br \/>\n<a href=\"https:\/\/thingstodoinamsterdam.com\/it\/musei-ad-amsterdam\/body-worlds-the-happiness-project\/\">BODY WORLDS Amsterdam<\/a><br \/>\n<a href=\"https:\/\/thingstodoinamsterdam.com\/it\/crociera-canali\/\">Crociera sui canali Amsterdam<\/a><br \/>\n<a href=\"https:\/\/thingstodoinamsterdam.com\/it\/quartiere-a-luci-rosse\/teatro-erotico-casa-rosso-amsterdam\/\">Casa Rosso<\/a><br \/>\n<a href=\"https:\/\/thingstodoinamsterdam.com\/it\/musei-ad-amsterdam\/heineken-experience-amsterdam\/\">Heineken Experience<\/a><br \/>\n<a href=\"https:\/\/thingstodoinamsterdam.com\/it\/this-is-holland-esperienza-di-volo-5d-ad-amsterdam\/\">THIS IS HOLLAND<\/a><br \/>\n<a href=\"https:\/\/thingstodoinamsterdam.com\/it\/musei-ad-amsterdam\/moco-museum\/\">Moco Museum<\/a><br \/>\n<a href=\"https:\/\/thingstodoinamsterdam.com\/it\/musei-ad-amsterdam\/museo-della-scienza-nemo\/\">Museo della Scienza NEMO<\/a><br \/>\n<a href=\"https:\/\/thingstodoinamsterdam.com\/powerzone-bowling-minigolf-laser-tag-amsterdam\/\">Powerzone<\/a><br \/>\n<a href=\"https:\/\/thingstodoinamsterdam.com\/it\/musei-ad-amsterdam\/rijksmuseum\/\">Rijksmuseum<\/a><br \/>\n<a href=\"https:\/\/thingstodoinamsterdam.com\/museum-amsterdam\/stedelijk-museum\/\">Stedelijk Museum<\/a><br \/>\n<a href=\"https:\/\/thingstodoinamsterdam.com\/museum-amsterdam\/tropenmuseum\/\">Tropenmuseum<\/a><br \/>\n<a href=\"https:\/\/thingstodoinamsterdam.com\/it\/musei-ad-amsterdam\/museo-van-gogh\/\">Museo Van Gogh<\/a>[\/vc_column_text][\/vc_column][\/vc_row][vc_row][vc_column][reviews heading=&#8221;Amsterdam Icebar reviews&#8221; description=&#8221;We are always interested to find out about our visitors experiences. Please leave your Amsterdam Icebar review below and help fellow travelers! What did you think of the Icebar? Would you recommend it to friends? Did you have to wait long at the entrance? Include all you want in your review. Please be patient as we check all reviews by hand, it will be posted soon!&#8221; item_name=&#8221;XtraCold Icebar Amsterdam&#8221; item_image=&#8221;1575&#8243; item_tel=&#8221;+31203205700&#8243; item_web=&#8221;http:\/\/www.xtracold.com\/&#8221; item_address=&#8221;Amstel 194-196&#8243; item_city=&#8221;Amsterdam&#8221; item_postal_code=&#8221;1017 AG&#8221; el_id=&#8221;1564757014669-1e5b837e-b949&#8243;][\/reviews][vc_column_text]<strong>Dai un&#8217;occhiata a uno dei seguenti musei qui sotto o torna alla pagina generale dei <a href=\"https:\/\/thingstodoinamsterdam.com\/it\/musei-ad-amsterdam\/\">musei di Amsterdam<\/a>.<\/strong>[\/vc_column_text][\/vc_column][\/vc_row][vc_row][vc_column][promo_block style_var=&#8221;style2&#8243; el_id=&#8221;1564757117131-05730218-1782&#8243;][promo link=&#8221;url:https%3A%2F%2Fthingstodoinamsterdam.com%2Famsterdam-nightlife%2Famsterdam-nightlife-ticket%2F|title:Amsterdam%20Nightlife%20Ticket||&#8221; text=&#8221;Vuoi andare in discoteca dopo la tua visita all&#8217;Ice Bar? Con questo biglietto puoi visitare i migliori bar e club della citt\u00e0!&#8221; img=&#8221;541&#8243;][promo link=&#8221;url:https%3A%2F%2Fthingstodoinamsterdam.com%2Fmuseum-amsterdam%2Fheineken-experience%2F|title:Heineken%20Museum||&#8221; text=&#8221;Visita la birreria dove tutto ebbe inizio per Heineken, il secondo produttore di birra al mondo. Birre gratis incluse!&#8221; img=&#8221;1997&#8243;][promo link=&#8221;url:https%3A%2F%2Fthingstodoinamsterdam.com%2Fcanal-cruise%2Flovers%2F|title:Lovers%20Canal%20Cruise&#8221; text=&#8221;Goditi i meravigliosi canali con le crociere Lovers Canal!&#8221; img=&#8221;9908&#8243;][\/promo_block][\/vc_column][\/vc_row]<\/p>\n<\/div>","protected":false},"excerpt":{"rendered":"<p>[vc_row][vc_column][buttonsticky title=&#8221;Ottieni i tuoi biglietti economici @ Amsterdam Icebar Xtracold&#8221; link=&#8221;https:\/\/thingstodoinamsterdam.com\/ticketlink-icebar-xtracold-std&#8221; nofollow=&#8221;true&#8221; el_id=&#8221;1678964948420-f4ae0b6c-ea32&#8243;][\/vc_column][\/vc_row][vc_row][vc_column][vc_column_text]L&#8217;Xtracold Ice bar Amsterdam offre un piacevole rinfresco se hai in programma di\u2026<\/p>\n","protected":false},"author":1,"featured_media":2533056,"parent":0,"menu_order":0,"comment_status":"closed","ping_status":"closed","template":"","meta":{"footnotes":""},"class_list":["post-2533055","page","type-page","status-publish","has-post-thumbnail","hentry"],"yoast_head":"<!-- This site is optimized with the Yoast SEO plugin v27.4 - https:\/\/yoast.com\/product\/yoast-seo-wordpress\/ -->\n<title>Ice Bar Amsterdam - leggi le recensioni e ottieni i tuoi biglietti scontati<\/title>\n<meta name=\"description\" content=\"L&#039;XtraCold Icebar Amsterdam \u00e8 il bar pi\u00f9 cool della citt\u00e0! Scopri tutto quello che c&#039;\u00e8 da sapere. Leggi le recensioni e acquista qui i tuoi biglietti scontati a partire da 22,5 \u20ac.\" \/>\n<meta name=\"robots\" content=\"index, follow, max-snippet:-1, max-image-preview:large, max-video-preview:-1\" \/>\n<link rel=\"canonical\" href=\"https:\/\/thingstodoinamsterdam.com\/it\/ice-bar-amsterdam\/\" \/>\n<meta property=\"og:locale\" content=\"it_IT\" \/>\n<meta property=\"og:type\" content=\"article\" \/>\n<meta property=\"og:title\" content=\"Ice Bar Amsterdam - leggi le recensioni e ottieni i tuoi biglietti scontati\" \/>\n<meta property=\"og:description\" content=\"L&#039;XtraCold Icebar Amsterdam \u00e8 il bar pi\u00f9 cool della citt\u00e0! Scopri tutto quello che c&#039;\u00e8 da sapere. Leggi le recensioni e acquista qui i tuoi biglietti scontati a partire da 22,5 \u20ac.\" \/>\n<meta property=\"og:url\" content=\"https:\/\/thingstodoinamsterdam.com\/it\/ice-bar-amsterdam\/\" \/>\n<meta property=\"og:site_name\" content=\"ThingstodoinAmsterdam.com\" \/>\n<meta property=\"article:publisher\" content=\"https:\/\/www.facebook.com\/thingstodoinamsterdamcom\" \/>\n<meta property=\"article:modified_time\" content=\"2026-03-03T11:19:10+00:00\" \/>\n<meta property=\"og:image\" content=\"https:\/\/thingstodoinamsterdam.com\/wp-content\/uploads\/2019\/08\/icebar-amsterdam.jpg\" \/>\n\t<meta property=\"og:image:width\" content=\"1377\" \/>\n\t<meta property=\"og:image:height\" content=\"470\" \/>\n\t<meta property=\"og:image:type\" content=\"image\/jpeg\" \/>\n<meta name=\"twitter:card\" content=\"summary_large_image\" \/>\n<meta name=\"twitter:label1\" content=\"Tempo di lettura stimato\" \/>\n\t<meta name=\"twitter:data1\" content=\"7 minuti\" \/>\n<script type=\"application\/ld+json\" class=\"yoast-schema-graph\">{\"@context\":\"https:\\\/\\\/schema.org\",\"@graph\":[{\"@type\":\"WebPage\",\"@id\":\"https:\\\/\\\/thingstodoinamsterdam.com\\\/it\\\/ice-bar-amsterdam\\\/\",\"url\":\"https:\\\/\\\/thingstodoinamsterdam.com\\\/it\\\/ice-bar-amsterdam\\\/\",\"name\":\"Ice Bar Amsterdam - leggi le recensioni e ottieni i tuoi biglietti scontati\",\"isPartOf\":{\"@id\":\"https:\\\/\\\/thingstodoinamsterdam.com\\\/it\\\/#website\"},\"primaryImageOfPage\":{\"@id\":\"https:\\\/\\\/thingstodoinamsterdam.com\\\/it\\\/ice-bar-amsterdam\\\/#primaryimage\"},\"image\":{\"@id\":\"https:\\\/\\\/thingstodoinamsterdam.com\\\/it\\\/ice-bar-amsterdam\\\/#primaryimage\"},\"thumbnailUrl\":\"https:\\\/\\\/thingstodoinamsterdam.com\\\/wp-content\\\/uploads\\\/2019\\\/08\\\/icebar-amsterdam.jpg\",\"datePublished\":\"2026-02-13T13:26:10+00:00\",\"dateModified\":\"2026-03-03T11:19:10+00:00\",\"description\":\"L'XtraCold Icebar Amsterdam \u00e8 il bar pi\u00f9 cool della citt\u00e0! Scopri tutto quello che c'\u00e8 da sapere. Leggi le recensioni e acquista qui i tuoi biglietti scontati a partire da 22,5 \u20ac.\",\"breadcrumb\":{\"@id\":\"https:\\\/\\\/thingstodoinamsterdam.com\\\/it\\\/ice-bar-amsterdam\\\/#breadcrumb\"},\"inLanguage\":\"it-IT\",\"potentialAction\":[{\"@type\":\"ReadAction\",\"target\":[\"https:\\\/\\\/thingstodoinamsterdam.com\\\/it\\\/ice-bar-amsterdam\\\/\"]}]},{\"@type\":\"ImageObject\",\"inLanguage\":\"it-IT\",\"@id\":\"https:\\\/\\\/thingstodoinamsterdam.com\\\/it\\\/ice-bar-amsterdam\\\/#primaryimage\",\"url\":\"https:\\\/\\\/thingstodoinamsterdam.com\\\/wp-content\\\/uploads\\\/2019\\\/08\\\/icebar-amsterdam.jpg\",\"contentUrl\":\"https:\\\/\\\/thingstodoinamsterdam.com\\\/wp-content\\\/uploads\\\/2019\\\/08\\\/icebar-amsterdam.jpg\",\"width\":1377,\"height\":470,\"caption\":\"ice bar Amsterdam\"},{\"@type\":\"BreadcrumbList\",\"@id\":\"https:\\\/\\\/thingstodoinamsterdam.com\\\/it\\\/ice-bar-amsterdam\\\/#breadcrumb\",\"itemListElement\":[{\"@type\":\"ListItem\",\"position\":1,\"name\":\"Cose da fare ad Amsterdam\",\"item\":\"https:\\\/\\\/thingstodoinamsterdam.com\\\/it\\\/\"},{\"@type\":\"ListItem\",\"position\":2,\"name\":\"Ice Bar Amsterdam\"}]},{\"@type\":\"WebSite\",\"@id\":\"https:\\\/\\\/thingstodoinamsterdam.com\\\/it\\\/#website\",\"url\":\"https:\\\/\\\/thingstodoinamsterdam.com\\\/it\\\/\",\"name\":\"ThingstodoinAmsterdam.com\",\"description\":\"Amsterdam&#039;s highlights and hidden secrets\",\"publisher\":{\"@id\":\"https:\\\/\\\/thingstodoinamsterdam.com\\\/it\\\/#organization\"},\"potentialAction\":[{\"@type\":\"SearchAction\",\"target\":{\"@type\":\"EntryPoint\",\"urlTemplate\":\"https:\\\/\\\/thingstodoinamsterdam.com\\\/it\\\/?s={search_term_string}\"},\"query-input\":{\"@type\":\"PropertyValueSpecification\",\"valueRequired\":true,\"valueName\":\"search_term_string\"}}],\"inLanguage\":\"it-IT\"},{\"@type\":\"Organization\",\"@id\":\"https:\\\/\\\/thingstodoinamsterdam.com\\\/it\\\/#organization\",\"name\":\"Cose da fare ad Amsterdam\",\"url\":\"https:\\\/\\\/thingstodoinamsterdam.com\\\/it\\\/\",\"logo\":{\"@type\":\"ImageObject\",\"inLanguage\":\"it-IT\",\"@id\":\"https:\\\/\\\/thingstodoinamsterdam.com\\\/it\\\/#\\\/schema\\\/logo\\\/image\\\/\",\"url\":\"https:\\\/\\\/thingstodoinamsterdam.com\\\/wp-content\\\/uploads\\\/2025\\\/02\\\/ThingsToDoInAmsterdam-Favicon-logo.png\",\"contentUrl\":\"https:\\\/\\\/thingstodoinamsterdam.com\\\/wp-content\\\/uploads\\\/2025\\\/02\\\/ThingsToDoInAmsterdam-Favicon-logo.png\",\"width\":512,\"height\":512,\"caption\":\"Cose da fare ad Amsterdam\"},\"image\":{\"@id\":\"https:\\\/\\\/thingstodoinamsterdam.com\\\/it\\\/#\\\/schema\\\/logo\\\/image\\\/\"},\"sameAs\":[\"https:\\\/\\\/www.facebook.com\\\/thingstodoinamsterdamcom\"]}]}<\/script>\n<!-- \/ Yoast SEO plugin. -->","yoast_head_json":{"title":"Ice Bar Amsterdam - leggi le recensioni e ottieni i tuoi biglietti scontati","description":"L'XtraCold Icebar Amsterdam \u00e8 il bar pi\u00f9 cool della citt\u00e0! Scopri tutto quello che c'\u00e8 da sapere. Leggi le recensioni e acquista qui i tuoi biglietti scontati a partire da 22,5 \u20ac.","robots":{"index":"index","follow":"follow","max-snippet":"max-snippet:-1","max-image-preview":"max-image-preview:large","max-video-preview":"max-video-preview:-1"},"canonical":"https:\/\/thingstodoinamsterdam.com\/it\/ice-bar-amsterdam\/","og_locale":"it_IT","og_type":"article","og_title":"Ice Bar Amsterdam - leggi le recensioni e ottieni i tuoi biglietti scontati","og_description":"L'XtraCold Icebar Amsterdam \u00e8 il bar pi\u00f9 cool della citt\u00e0! Scopri tutto quello che c'\u00e8 da sapere. Leggi le recensioni e acquista qui i tuoi biglietti scontati a partire da 22,5 \u20ac.","og_url":"https:\/\/thingstodoinamsterdam.com\/it\/ice-bar-amsterdam\/","og_site_name":"ThingstodoinAmsterdam.com","article_publisher":"https:\/\/www.facebook.com\/thingstodoinamsterdamcom","article_modified_time":"2026-03-03T11:19:10+00:00","og_image":[{"width":1377,"height":470,"url":"https:\/\/thingstodoinamsterdam.com\/wp-content\/uploads\/2019\/08\/icebar-amsterdam.jpg","type":"image\/jpeg"}],"twitter_card":"summary_large_image","twitter_misc":{"Tempo di lettura stimato":"7 minuti"},"schema":{"@context":"https:\/\/schema.org","@graph":[{"@type":"WebPage","@id":"https:\/\/thingstodoinamsterdam.com\/it\/ice-bar-amsterdam\/","url":"https:\/\/thingstodoinamsterdam.com\/it\/ice-bar-amsterdam\/","name":"Ice Bar Amsterdam - leggi le recensioni e ottieni i tuoi biglietti scontati","isPartOf":{"@id":"https:\/\/thingstodoinamsterdam.com\/it\/#website"},"primaryImageOfPage":{"@id":"https:\/\/thingstodoinamsterdam.com\/it\/ice-bar-amsterdam\/#primaryimage"},"image":{"@id":"https:\/\/thingstodoinamsterdam.com\/it\/ice-bar-amsterdam\/#primaryimage"},"thumbnailUrl":"https:\/\/thingstodoinamsterdam.com\/wp-content\/uploads\/2019\/08\/icebar-amsterdam.jpg","datePublished":"2026-02-13T13:26:10+00:00","dateModified":"2026-03-03T11:19:10+00:00","description":"L'XtraCold Icebar Amsterdam \u00e8 il bar pi\u00f9 cool della citt\u00e0! Scopri tutto quello che c'\u00e8 da sapere. Leggi le recensioni e acquista qui i tuoi biglietti scontati a partire da 22,5 \u20ac.","breadcrumb":{"@id":"https:\/\/thingstodoinamsterdam.com\/it\/ice-bar-amsterdam\/#breadcrumb"},"inLanguage":"it-IT","potentialAction":[{"@type":"ReadAction","target":["https:\/\/thingstodoinamsterdam.com\/it\/ice-bar-amsterdam\/"]}]},{"@type":"ImageObject","inLanguage":"it-IT","@id":"https:\/\/thingstodoinamsterdam.com\/it\/ice-bar-amsterdam\/#primaryimage","url":"https:\/\/thingstodoinamsterdam.com\/wp-content\/uploads\/2019\/08\/icebar-amsterdam.jpg","contentUrl":"https:\/\/thingstodoinamsterdam.com\/wp-content\/uploads\/2019\/08\/icebar-amsterdam.jpg","width":1377,"height":470,"caption":"ice bar Amsterdam"},{"@type":"BreadcrumbList","@id":"https:\/\/thingstodoinamsterdam.com\/it\/ice-bar-amsterdam\/#breadcrumb","itemListElement":[{"@type":"ListItem","position":1,"name":"Cose da fare ad Amsterdam","item":"https:\/\/thingstodoinamsterdam.com\/it\/"},{"@type":"ListItem","position":2,"name":"Ice Bar Amsterdam"}]},{"@type":"WebSite","@id":"https:\/\/thingstodoinamsterdam.com\/it\/#website","url":"https:\/\/thingstodoinamsterdam.com\/it\/","name":"ThingstodoinAmsterdam.com","description":"Amsterdam&#039;s highlights and hidden secrets","publisher":{"@id":"https:\/\/thingstodoinamsterdam.com\/it\/#organization"},"potentialAction":[{"@type":"SearchAction","target":{"@type":"EntryPoint","urlTemplate":"https:\/\/thingstodoinamsterdam.com\/it\/?s={search_term_string}"},"query-input":{"@type":"PropertyValueSpecification","valueRequired":true,"valueName":"search_term_string"}}],"inLanguage":"it-IT"},{"@type":"Organization","@id":"https:\/\/thingstodoinamsterdam.com\/it\/#organization","name":"Cose da fare ad Amsterdam","url":"https:\/\/thingstodoinamsterdam.com\/it\/","logo":{"@type":"ImageObject","inLanguage":"it-IT","@id":"https:\/\/thingstodoinamsterdam.com\/it\/#\/schema\/logo\/image\/","url":"https:\/\/thingstodoinamsterdam.com\/wp-content\/uploads\/2025\/02\/ThingsToDoInAmsterdam-Favicon-logo.png","contentUrl":"https:\/\/thingstodoinamsterdam.com\/wp-content\/uploads\/2025\/02\/ThingsToDoInAmsterdam-Favicon-logo.png","width":512,"height":512,"caption":"Cose da fare ad Amsterdam"},"image":{"@id":"https:\/\/thingstodoinamsterdam.com\/it\/#\/schema\/logo\/image\/"},"sameAs":["https:\/\/www.facebook.com\/thingstodoinamsterdamcom"]}]}},"_links":{"self":[{"href":"https:\/\/thingstodoinamsterdam.com\/it\/wp-json\/wp\/v2\/pages\/2533055","targetHints":{"allow":["GET"]}}],"collection":[{"href":"https:\/\/thingstodoinamsterdam.com\/it\/wp-json\/wp\/v2\/pages"}],"about":[{"href":"https:\/\/thingstodoinamsterdam.com\/it\/wp-json\/wp\/v2\/types\/page"}],"author":[{"embeddable":true,"href":"https:\/\/thingstodoinamsterdam.com\/it\/wp-json\/wp\/v2\/users\/1"}],"replies":[{"embeddable":true,"href":"https:\/\/thingstodoinamsterdam.com\/it\/wp-json\/wp\/v2\/comments?post=2533055"}],"version-history":[{"count":5,"href":"https:\/\/thingstodoinamsterdam.com\/it\/wp-json\/wp\/v2\/pages\/2533055\/revisions"}],"predecessor-version":[{"id":2534044,"href":"https:\/\/thingstodoinamsterdam.com\/it\/wp-json\/wp\/v2\/pages\/2533055\/revisions\/2534044"}],"wp:featuredmedia":[{"embeddable":true,"href":"https:\/\/thingstodoinamsterdam.com\/it\/wp-json\/wp\/v2\/media\/2533056"}],"wp:attachment":[{"href":"https:\/\/thingstodoinamsterdam.com\/it\/wp-json\/wp\/v2\/media?parent=2533055"}],"curies":[{"name":"wp","href":"https:\/\/api.w.org\/{rel}","templated":true}]}}