{"id":2533174,"date":"2026-02-13T14:51:18","date_gmt":"2026-02-13T13:51:18","guid":{"rendered":"https:\/\/thingstodoinamsterdam.com\/musei-ad-amsterdam\/casa-di-anna-frank\/"},"modified":"2026-03-05T17:59:01","modified_gmt":"2026-03-05T16:59:01","slug":"casa-di-anna-frank","status":"publish","type":"page","link":"https:\/\/thingstodoinamsterdam.com\/it\/musei-ad-amsterdam\/casa-di-anna-frank\/","title":{"rendered":"Casa di Anna Frank"},"content":{"rendered":"<div class=\"wpb-content-wrapper\"><p>[vc_row][vc_column][vc_column_text]Non troverai un solo museo al mondo che ti offra una visione cos\u00ec realistica di cosa significasse essere un rifugiato ebreo costretto a nascondersi durante gli orrori della Seconda Guerra Mondiale. Durante l&#8217;occupazione tedesca, interi quartieri ebraici di Amsterdam furono deportati nei campi di concentramento. Mentre molti cittadini olandesi restavano a guardare per paura delle conseguenze, alcuni coraggiosi decisero di intervenire offrendo un rifugio ai propri concittadini ebrei, mettendo a rischio la propria vita. La storia di Anna Frank prende vita nella Casa di Anna Frank, poich\u00e9 questo \u00e8 il vero rifugio che le fu offerto durante la Seconda Guerra Mondiale. Qui visse per molti anni e scrisse gran parte del suo diario famoso in tutto il mondo. Se hai letto la travolgente storia del suo diario, il libro prender\u00e0 vita visitando la Casa di Anna Frank.     <\/p>\n<p>Guarda il video qui sotto per farti un&#8217;idea dei minuscoli nascondigli nella Casa di Anna Frank. Inoltre, troverai molte informazioni interessanti sulla Seconda Guerra Mondiale, i campi di concentramento e l&#8217;occupazione tedesca. Una storia che dovrebbe essere tramandata di generazione in generazione, nella speranza che l&#8217;umanit\u00e0 non commetta mai pi\u00f9 gli stessi errori.[\/vc_column_text][button title=&#8221;Purchase a Walking Tour with House Entry tickets via Getyourguide.com&#8221; link=&#8221;\/ticketlink-annefrankhouseandwalking-gyg-combi&#8221; icon=&#8221;&#8221; button_align=&#8221;center&#8221; target=&#8221;true&#8221; nofollow=&#8221;true&#8221; el_id=&#8221;1565000082500-67cadef6-947b&#8221;][vc_column_text]<\/p>\n<h2>Tour a piedi di Anna Frank<\/h2>\n<p>La Casa di Anna Frank \u00e8 spesso esaurita a causa della capacit\u00e0 limitata del museo. Se i biglietti per la Casa di Anna Frank sono terminati, ma desideri saperne di pi\u00f9 sulla vita della ragazza dietro il diario, puoi considerare un tour a piedi attraverso i quartieri in cui si \u00e8 svolta la storia. Una guida professionista ti accompagner\u00e0 nella zona dove Anna ha trascorso la sua infanzia prima di essere costretta a nascondersi.<\/p>\n<p>[\/vc_column_text][button title=&#8221;Book Walking Tour: The Fascinating Story of Anne Frank&#8221; link=&#8221;https:\/\/thingstodoinamsterdam.com\/ticketlink-annefranktour-gyg-std&#8221; button_align=&#8221;center&#8221; target=&#8221;true&#8221; nofollow=&#8221;true&#8221; el_id=&#8221;1570105990903-6d300747-22d3&#8243;][vc_video link=&#8221;https:\/\/youtu.be\/7o8jSbCanv0&#8243; align=&#8221;center&#8221; title=&#8221;Video introduttivo: Anna Frank&#8221;][vc_column_text]<\/p>\n<h2>Orari di apertura della Casa di Anna Frank<\/h2>\n<p>La Casa di Anna Frank \u00e8 aperta 7 giorni su 7, ma gli orari di apertura variano durante l&#8217;anno. Consulta la tabella qui sotto per conoscere gli orari recenti. Da gennaio 2016, la Casa di Anna Frank sta effettuando dei test consentendo l&#8217;ingresso solo a chi ha acquistato i biglietti online, nel tentativo di contrastare le lunghe code per cui il museo \u00e8 tristemente noto. Se l&#8217;iniziativa avr\u00e0 successo, questo potrebbe diventare il nuovo standard. Pertanto, ti consigliamo vivamente di acquistare i biglietti online per evitare delusioni.    <\/p>\n<table style=\"width: 100%;\">\n<tbody>\n<tr>\n<td>1 novembre &#8211; 31 marzo<\/td>\n<td>Tutti i giorni 09:00 &#8211; 19:00 || Sabato fino alle 21:00<\/td>\n<\/tr>\n<tr>\n<td>1 aprile &#8211; 30 giugno<\/td>\n<td>Tutti i giorni 09:00 &#8211; 21:00 || Sabato fino alle 22:00<\/td>\n<\/tr>\n<tr>\n<td>1 luglio &#8211; 31 agosto<\/td>\n<td>Tutti i giorni 09:00 &#8211; 22:00<\/td>\n<\/tr>\n<tr>\n<td>1 settembre &#8211; 31 ottobre<\/td>\n<td>Tutti i giorni 09:00 &#8211; 21:00 || Sabato fino alle 22:00<\/td>\n<\/tr>\n<\/tbody>\n<\/table>\n<p>[\/vc_column_text][button title=&#8221;Book Walking Tour: The Fascinating Story of Anne Frank&#8221; link=&#8221;https:\/\/thingstodoinamsterdam.com\/ticketlink-annefranktour-gyg-std&#8221; button_align=&#8221;center&#8221; target=&#8221;true&#8221; nofollow=&#8221;true&#8221; el_id=&#8221;1570106045707-180a2b53-7948&#8243;][button title=&#8221;Purchase a Walking Tour with House Entry tickets via Getyourguide.com&#8221; link=&#8221;\/ticketlink-annefrankhouseandwalking-gyg-combi&#8221; icon=&#8221;&#8221; button_align=&#8221;center&#8221; target=&#8221;true&#8221; nofollow=&#8221;true&#8221; el_id=&#8221;1709885513437-aa85559b-977a&#8221;][vc_column_text]<\/p>\n<h2>Biglietti e prezzi<\/h2>\n<p>A causa della struttura della Casa di Anna Frank (scale, stanze e corridoi angusti), il numero massimo di visitatori \u00e8 limitato. Ti consigliamo vivamente di controllare la disponibilit\u00e0 in anticipo e di acquistare i biglietti online. Usa il pulsante blu in alto per acquistare il tuo e-ticket per la Casa di Anna Frank. <em>Nel caso in cui la Casa di Anna Frank sia esaurita, ma desideri saperne di pi\u00f9 su Amsterdam durante la Seconda Guerra Mondiale e l&#8217;Olocausto, ti suggeriamo di visitare il <a href=\"https:\/\/thingstodoinamsterdam.com\/it\/musei-ad-amsterdam\/museo-della-resistenza-olandese\/\">Museo della Resistenza Olandese<\/a> o il <a href=\"https:\/\/thingstodoinamsterdam.com\/museum-amsterdam\/jewish-cultural-quarter\/\">Quartiere Culturale Ebraico<\/a>.<\/em>  <\/p>\n<table style=\"width: 100%;\">\n<tbody>\n<tr>\n<td>Adulti<\/td>\n<td>16,00 \u20ac<\/td>\n<\/tr>\n<tr>\n<td>Minori tra i 10 e i 17 anni<\/td>\n<td>7,00 \u20ac<\/td>\n<\/tr>\n<tr>\n<td>Bambini fino a 9 anni<\/td>\n<td>1,00 \u20ac<\/td>\n<\/tr>\n<\/tbody>\n<\/table>\n<p><em>*Nota bene: la I amsterdam City Card non \u00e8 accettata alla Casa di Anna Frank<\/em>[\/vc_column_text][vc_column_text]<\/p>\n<h2>Indirizzo, informazioni di contatto e come arrivare alla Casa di Anna Frank<\/h2>\n<p>La Casa di Anna Frank si trova vicino alla Westerkerk, sul Prinsengracht. Dista 10 minuti a piedi da Piazza Dam. Poich\u00e9 il museo si trova su un canale, non ci sono parcheggi. Scopri qui sotto come arrivarci.   <\/p>\n<p><strong>Indirizzo<\/strong><br \/>\nMuseo di Anna Frank<br \/>\nPrinsengracht 263-267<br \/>\n1016 GV Amsterdam<br \/>\n+31 (0)20 5567100[\/vc_column_text][g_map heading=&#8221;Anne Frank House Amsterdam on the city map&#8221; el_id=&#8221;1565000326732-9e3cb147-a462&#8243;]<iframe style=\"border: 0;\" src=\"https:\/\/www.google.com\/maps\/embed?pb=!1m18!1m12!1m3!1d2435.7351938010897!2d4.881787815628408!3d52.375221454701254!2m3!1f0!2f0!3f0!3m2!1i1024!2i768!4f13.1!3m3!1m2!1s0x47c609c5213e1149%3A0xd49a5d653e635b0a!2sAnne+Frank+House!5e0!3m2!1sen!2snl!4v1460898785302\" width=\"600\" height=\"450\" frameborder=\"0\" allowfullscreen=\"allowfullscreen\"><\/iframe>[\/g_map][vc_column_text]<\/p>\n<h3>Mezzi pubblici<\/h3>\n<p>La fermata pi\u00f9 vicina alla Casa di Anna Frank \u00e8 Westermarkt. Ci sono diversi tram e autobus che ti porteranno l\u00ec. Da Westermarkt, il museo dista 2 minuti a piedi. Da Westermarkt cammina verso il canale chiamato Prinsengracht; dopo poche centinaia di metri troverai il museo di Anna Frank.   <\/p>\n<p><strong>Dalla Stazione Centrale di Amsterdam:<\/strong><\/p>\n<ul>\n<li>Tram 13, direzione Geuzeveld, fermata Westermarkt<\/li>\n<li>Tram 14, direzione Flevopark, fermata Westermarkt<\/li>\n<li>Tram 17, direzione Osdorp Dijkgraafplein, fermata Westermarkt<\/li>\n<li>Autobus 170, direzione Uithoorn, fermata Westermarkt<\/li>\n<li>Autobus 172, direzione Kudelstaart, fermata Westermarkt<\/li>\n<li>Autobus 174, direzione Wilnis, fermata Westermarkt<\/li>\n<\/ul>\n<p><strong>Dalla stazione ferroviaria di Amsterdam Sloterdijk:<\/strong><br \/>\nRaggiungi la Stazione Centrale di Amsterdam e segui le indicazioni sopra riportate<\/p>\n<p><strong>Dalla stazione ferroviaria di Amsterdam Amstel:<\/strong><br \/>\nRaggiungi la Stazione Centrale di Amsterdam e segui le indicazioni sopra riportate<\/p>\n<p><strong>Dalla stazione ferroviaria di Amsterdam Zuid WTC:<\/strong><br \/>\nRaggiungi la Stazione Centrale di Amsterdam e segui le indicazioni sopra riportate<\/p>\n<p>&nbsp;<\/p>\n<p><!-- 9292 widget v1 -->Non sei sicuro di dove ti trovi in questo momento o di quale tram prendere? Usa il widget qui sotto per ottenere consigli di viaggio precisi e in tempo reale in base alla tua posizione attuale.<br \/>\n<a href=\"http:\/\/9292.nl\/en\/?to=amsterdam_anne-frank-huis\"><img decoding=\"async\" class=\"alignnone size-medium wp-image-3080\" src=\"https:\/\/thingstodoinamsterdam.com\/wp-content\/uploads\/2019\/07\/Button-Plan-mijn-OV-reis-EN-300x54.png\" alt=\"\" width=\"300\" height=\"54\"><\/a>[\/vc_column_text][vc_column_text css=&#8221;&#8221;]<\/p>\n<h3>Altre cose da fare<\/h3>\n<p><a href=\"https:\/\/thingstodoinamsterdam.com\/it\/artis-zoo-amsterdam\/\">Zoo Artis<\/a><br \/>\n<a href=\"https:\/\/thingstodoinamsterdam.com\/it\/musei-ad-amsterdam\/amsterdam-dungeon\/\">Amsterdam Dungeon<\/a><br \/>\n<a href=\"https:\/\/thingstodoinamsterdam.com\/it\/musei-ad-amsterdam\/casa-di-anna-frank\/\">Casa di Anna Frank<\/a><br \/>\n<a href=\"https:\/\/thingstodoinamsterdam.com\/it\/musei-ad-amsterdam\/body-worlds-the-happiness-project\/\">BODY WORLDS Amsterdam<\/a><br \/>\n<a href=\"https:\/\/thingstodoinamsterdam.com\/best-time-visit-amsterdam\/\">Il periodo migliore per visitare Amsterdam<\/a><br \/>\n<a href=\"https:\/\/thingstodoinamsterdam.com\/it\/crociera-canali\/\">Crociera sui canali Amsterdam<\/a><br \/>\n<a href=\"https:\/\/thingstodoinamsterdam.com\/it\/musei-ad-amsterdam\/heineken-experience-amsterdam\/\">Heineken Experience<\/a><br \/>\n<a href=\"https:\/\/thingstodoinamsterdam.com\/it\/ice-bar-amsterdam\/\">Ice Bar Amsterdam<\/a><br \/>\n<a href=\"https:\/\/thingstodoinamsterdam.com\/it\/informazioni-pratiche\/i-amsterdam-city-card\/\">I Amsterdam City Card<\/a><br \/>\n<a href=\"https:\/\/thingstodoinamsterdam.com\/it\/this-is-holland-esperienza-di-volo-5d-ad-amsterdam\/\">THIS IS HOLLAND<\/a><br \/>\n<a href=\"https:\/\/thingstodoinamsterdam.com\/it\/musei-ad-amsterdam\/moco-museum\/\">Moco Museum<\/a><br \/>\n<a href=\"https:\/\/thingstodoinamsterdam.com\/it\/madurodam-parco-a-tema-dellolanda-in-miniatura\/\">Madurodam<\/a><br \/>\n<a href=\"https:\/\/thingstodoinamsterdam.com\/powerzone-bowling-minigolf-laser-tag-amsterdam\/\">Powerzone<\/a><br \/>\n<a href=\"https:\/\/thingstodoinamsterdam.com\/it\/musei-ad-amsterdam\/rijksmuseum\/\">Rijksmuseum<\/a><br \/>\n<a href=\"https:\/\/thingstodoinamsterdam.com\/museum-amsterdam\/stedelijk-museum\/\">Stedelijk Museum<\/a><br \/>\n<a href=\"https:\/\/thingstodoinamsterdam.com\/museum-amsterdam\/tropenmuseum\/\">Tropenmuseum<\/a>[\/vc_column_text][\/vc_column][\/vc_row][vc_row][vc_column][reviews heading=&#8221;Reviews of the Anne Frank House&#8221; description=&#8221;We are always interested to find out about our visitors experiences. Please Let us know what you thought of the Anne Frank House and help fellow travelers!&#8221; item_name=&#8221;Anne Frank House&#8221; item_image=&#8221;1575&#8243; item_tel=&#8221;+31 (0)20-5567105&#8243; item_web=&#8221;http:\/\/www.annefrank.org\/en&#8221; item_address=&#8221;Prinsengracht 267&#8243; item_city=&#8221;Amsterdam&#8221; item_country=&#8221;NL&#8221; el_id=&#8221;1565000422571-4232d99a-ddd5&#8243;][\/reviews][vc_column_text]<strong>Dai un&#8217;occhiata a uno dei seguenti musei qui sotto o torna alla pagina generale dei <a href=\"https:\/\/thingstodoinamsterdam.com\/it\/musei-ad-amsterdam\/\">musei di Amsterdam<\/a>.<\/strong>[\/vc_column_text][\/vc_column][\/vc_row][vc_row][vc_column][promo_block style_var=&#8221;style2&#8243; el_id=&#8221;1565000520238-5be615f6-f023&#8243;][promo link=&#8221;url:https%3A%2F%2Fthingstodoinamsterdam.com%2Fmuseum-amsterdam%2Frijksmuseum%2F|title:Rijksmuseum|&#8221; text=&#8221;Discover Rembrandt\u2019s nightwatch and many more famous Dutch artists&#8221; img=&#8221;1089&#8243;][promo link=&#8221;url:https%3A%2F%2Fthingstodoinamsterdam.com%2Fmuseum-amsterdam%2Fstedelijk-museum%2F|title:Stedelijk%20Museum|&#8221; text=&#8221;Where modern and contemporary art comes to life&#8221; img=&#8221;1674&#8243;][promo link=&#8221;url:https%3A%2F%2Fthingstodoinamsterdam.com%2Fmuseum-amsterdam%2Fvan-gogh-museum%2F|title:Van%20Gogh%20Museum|&#8221; text=&#8221;Check out Van Gogh\u2019s iconical artworks&#8221; img=&#8221;591&#8243;][\/promo_block][\/vc_column][\/vc_row][vc_row][vc_column][buttonsticky title=&#8221;Ottieni biglietti scontati online per il tour a piedi di Anna Frank su Getyourguide.com&#8221; link=&#8221;https:\/\/thingstodoinamsterdam.com\/ticketlink-annefranktour-gyg-std&#8221; target=&#8221;true&#8221; nofollow=&#8221;true&#8221; el_id=&#8221;1601639513805-6a44a938-c8f1&#8243;][\/vc_column][\/vc_row]<\/p>\n<\/div>","protected":false},"excerpt":{"rendered":"<p>[vc_row][vc_column][vc_column_text]Non troverai un solo museo al mondo che ti offra una visione cos\u00ec realistica di cosa significasse essere un rifugiato ebreo costretto a nascondersi durante\u2026<\/p>\n","protected":false},"author":1,"featured_media":2533175,"parent":2532588,"menu_order":0,"comment_status":"closed","ping_status":"closed","template":"","meta":{"footnotes":""},"class_list":["post-2533174","page","type-page","status-publish","has-post-thumbnail","hentry"],"yoast_head":"<!-- This site is optimized with the Yoast SEO plugin v27.4 - https:\/\/yoast.com\/product\/yoast-seo-wordpress\/ -->\n<title>Casa di Anna Frank - \u00e8 necessario prenotare il biglietto in anticipo<\/title>\n<meta name=\"description\" content=\"Scopri il famosissimo diario di Anna Frank. Troverai anche tutte le altre informazioni pratiche per visitare la Casa di Anna Frank.\" \/>\n<meta name=\"robots\" content=\"index, follow, max-snippet:-1, max-image-preview:large, max-video-preview:-1\" \/>\n<link rel=\"canonical\" href=\"https:\/\/thingstodoinamsterdam.com\/it\/musei-ad-amsterdam\/casa-di-anna-frank\/\" \/>\n<meta property=\"og:locale\" content=\"it_IT\" \/>\n<meta property=\"og:type\" content=\"article\" \/>\n<meta property=\"og:title\" content=\"Casa di Anna Frank - \u00e8 necessario prenotare il biglietto in anticipo\" \/>\n<meta property=\"og:description\" content=\"Scopri il famosissimo diario di Anna Frank. Troverai anche tutte le altre informazioni pratiche per visitare la Casa di Anna Frank.\" \/>\n<meta property=\"og:url\" content=\"https:\/\/thingstodoinamsterdam.com\/it\/musei-ad-amsterdam\/casa-di-anna-frank\/\" \/>\n<meta property=\"og:site_name\" content=\"ThingstodoinAmsterdam.com\" \/>\n<meta property=\"article:publisher\" content=\"https:\/\/www.facebook.com\/thingstodoinamsterdamcom\" \/>\n<meta property=\"article:modified_time\" content=\"2026-03-05T16:59:01+00:00\" \/>\n<meta property=\"og:image\" content=\"https:\/\/thingstodoinamsterdam.com\/wp-content\/uploads\/2019\/08\/anne-frank.jpg\" \/>\n\t<meta property=\"og:image:width\" content=\"240\" \/>\n\t<meta property=\"og:image:height\" content=\"237\" \/>\n\t<meta property=\"og:image:type\" content=\"image\/jpeg\" \/>\n<meta name=\"twitter:card\" content=\"summary_large_image\" \/>\n<meta name=\"twitter:label1\" content=\"Tempo di lettura stimato\" \/>\n\t<meta name=\"twitter:data1\" content=\"6 minuti\" \/>\n<script type=\"application\/ld+json\" class=\"yoast-schema-graph\">{\"@context\":\"https:\\\/\\\/schema.org\",\"@graph\":[{\"@type\":\"WebPage\",\"@id\":\"https:\\\/\\\/thingstodoinamsterdam.com\\\/it\\\/musei-ad-amsterdam\\\/casa-di-anna-frank\\\/\",\"url\":\"https:\\\/\\\/thingstodoinamsterdam.com\\\/it\\\/musei-ad-amsterdam\\\/casa-di-anna-frank\\\/\",\"name\":\"Casa di Anna Frank - \u00e8 necessario prenotare il biglietto in anticipo\",\"isPartOf\":{\"@id\":\"https:\\\/\\\/thingstodoinamsterdam.com\\\/it\\\/#website\"},\"primaryImageOfPage\":{\"@id\":\"https:\\\/\\\/thingstodoinamsterdam.com\\\/it\\\/musei-ad-amsterdam\\\/casa-di-anna-frank\\\/#primaryimage\"},\"image\":{\"@id\":\"https:\\\/\\\/thingstodoinamsterdam.com\\\/it\\\/musei-ad-amsterdam\\\/casa-di-anna-frank\\\/#primaryimage\"},\"thumbnailUrl\":\"https:\\\/\\\/thingstodoinamsterdam.com\\\/wp-content\\\/uploads\\\/2019\\\/08\\\/anne-frank.jpg\",\"datePublished\":\"2026-02-13T13:51:18+00:00\",\"dateModified\":\"2026-03-05T16:59:01+00:00\",\"description\":\"Scopri il famosissimo diario di Anna Frank. Troverai anche tutte le altre informazioni pratiche per visitare la Casa di Anna Frank.\",\"breadcrumb\":{\"@id\":\"https:\\\/\\\/thingstodoinamsterdam.com\\\/it\\\/musei-ad-amsterdam\\\/casa-di-anna-frank\\\/#breadcrumb\"},\"inLanguage\":\"it-IT\",\"potentialAction\":[{\"@type\":\"ReadAction\",\"target\":[\"https:\\\/\\\/thingstodoinamsterdam.com\\\/it\\\/musei-ad-amsterdam\\\/casa-di-anna-frank\\\/\"]}]},{\"@type\":\"ImageObject\",\"inLanguage\":\"it-IT\",\"@id\":\"https:\\\/\\\/thingstodoinamsterdam.com\\\/it\\\/musei-ad-amsterdam\\\/casa-di-anna-frank\\\/#primaryimage\",\"url\":\"https:\\\/\\\/thingstodoinamsterdam.com\\\/wp-content\\\/uploads\\\/2019\\\/08\\\/anne-frank.jpg\",\"contentUrl\":\"https:\\\/\\\/thingstodoinamsterdam.com\\\/wp-content\\\/uploads\\\/2019\\\/08\\\/anne-frank.jpg\",\"width\":240,\"height\":237},{\"@type\":\"BreadcrumbList\",\"@id\":\"https:\\\/\\\/thingstodoinamsterdam.com\\\/it\\\/musei-ad-amsterdam\\\/casa-di-anna-frank\\\/#breadcrumb\",\"itemListElement\":[{\"@type\":\"ListItem\",\"position\":1,\"name\":\"Cose da fare ad Amsterdam\",\"item\":\"https:\\\/\\\/thingstodoinamsterdam.com\\\/it\\\/\"},{\"@type\":\"ListItem\",\"position\":2,\"name\":\"Musei ad Amsterdam\",\"item\":\"https:\\\/\\\/thingstodoinamsterdam.com\\\/it\\\/musei-ad-amsterdam\\\/\"},{\"@type\":\"ListItem\",\"position\":3,\"name\":\"Casa di Anna Frank\"}]},{\"@type\":\"WebSite\",\"@id\":\"https:\\\/\\\/thingstodoinamsterdam.com\\\/it\\\/#website\",\"url\":\"https:\\\/\\\/thingstodoinamsterdam.com\\\/it\\\/\",\"name\":\"ThingstodoinAmsterdam.com\",\"description\":\"Amsterdam&#039;s highlights and hidden secrets\",\"publisher\":{\"@id\":\"https:\\\/\\\/thingstodoinamsterdam.com\\\/it\\\/#organization\"},\"potentialAction\":[{\"@type\":\"SearchAction\",\"target\":{\"@type\":\"EntryPoint\",\"urlTemplate\":\"https:\\\/\\\/thingstodoinamsterdam.com\\\/it\\\/?s={search_term_string}\"},\"query-input\":{\"@type\":\"PropertyValueSpecification\",\"valueRequired\":true,\"valueName\":\"search_term_string\"}}],\"inLanguage\":\"it-IT\"},{\"@type\":\"Organization\",\"@id\":\"https:\\\/\\\/thingstodoinamsterdam.com\\\/it\\\/#organization\",\"name\":\"Cose da fare ad Amsterdam\",\"url\":\"https:\\\/\\\/thingstodoinamsterdam.com\\\/it\\\/\",\"logo\":{\"@type\":\"ImageObject\",\"inLanguage\":\"it-IT\",\"@id\":\"https:\\\/\\\/thingstodoinamsterdam.com\\\/it\\\/#\\\/schema\\\/logo\\\/image\\\/\",\"url\":\"https:\\\/\\\/thingstodoinamsterdam.com\\\/wp-content\\\/uploads\\\/2025\\\/02\\\/ThingsToDoInAmsterdam-Favicon-logo.png\",\"contentUrl\":\"https:\\\/\\\/thingstodoinamsterdam.com\\\/wp-content\\\/uploads\\\/2025\\\/02\\\/ThingsToDoInAmsterdam-Favicon-logo.png\",\"width\":512,\"height\":512,\"caption\":\"Cose da fare ad Amsterdam\"},\"image\":{\"@id\":\"https:\\\/\\\/thingstodoinamsterdam.com\\\/it\\\/#\\\/schema\\\/logo\\\/image\\\/\"},\"sameAs\":[\"https:\\\/\\\/www.facebook.com\\\/thingstodoinamsterdamcom\"]}]}<\/script>\n<!-- \/ Yoast SEO plugin. -->","yoast_head_json":{"title":"Casa di Anna Frank - \u00e8 necessario prenotare il biglietto in anticipo","description":"Scopri il famosissimo diario di Anna Frank. Troverai anche tutte le altre informazioni pratiche per visitare la Casa di Anna Frank.","robots":{"index":"index","follow":"follow","max-snippet":"max-snippet:-1","max-image-preview":"max-image-preview:large","max-video-preview":"max-video-preview:-1"},"canonical":"https:\/\/thingstodoinamsterdam.com\/it\/musei-ad-amsterdam\/casa-di-anna-frank\/","og_locale":"it_IT","og_type":"article","og_title":"Casa di Anna Frank - \u00e8 necessario prenotare il biglietto in anticipo","og_description":"Scopri il famosissimo diario di Anna Frank. Troverai anche tutte le altre informazioni pratiche per visitare la Casa di Anna Frank.","og_url":"https:\/\/thingstodoinamsterdam.com\/it\/musei-ad-amsterdam\/casa-di-anna-frank\/","og_site_name":"ThingstodoinAmsterdam.com","article_publisher":"https:\/\/www.facebook.com\/thingstodoinamsterdamcom","article_modified_time":"2026-03-05T16:59:01+00:00","og_image":[{"width":240,"height":237,"url":"https:\/\/thingstodoinamsterdam.com\/wp-content\/uploads\/2019\/08\/anne-frank.jpg","type":"image\/jpeg"}],"twitter_card":"summary_large_image","twitter_misc":{"Tempo di lettura stimato":"6 minuti"},"schema":{"@context":"https:\/\/schema.org","@graph":[{"@type":"WebPage","@id":"https:\/\/thingstodoinamsterdam.com\/it\/musei-ad-amsterdam\/casa-di-anna-frank\/","url":"https:\/\/thingstodoinamsterdam.com\/it\/musei-ad-amsterdam\/casa-di-anna-frank\/","name":"Casa di Anna Frank - \u00e8 necessario prenotare il biglietto in anticipo","isPartOf":{"@id":"https:\/\/thingstodoinamsterdam.com\/it\/#website"},"primaryImageOfPage":{"@id":"https:\/\/thingstodoinamsterdam.com\/it\/musei-ad-amsterdam\/casa-di-anna-frank\/#primaryimage"},"image":{"@id":"https:\/\/thingstodoinamsterdam.com\/it\/musei-ad-amsterdam\/casa-di-anna-frank\/#primaryimage"},"thumbnailUrl":"https:\/\/thingstodoinamsterdam.com\/wp-content\/uploads\/2019\/08\/anne-frank.jpg","datePublished":"2026-02-13T13:51:18+00:00","dateModified":"2026-03-05T16:59:01+00:00","description":"Scopri il famosissimo diario di Anna Frank. Troverai anche tutte le altre informazioni pratiche per visitare la Casa di Anna Frank.","breadcrumb":{"@id":"https:\/\/thingstodoinamsterdam.com\/it\/musei-ad-amsterdam\/casa-di-anna-frank\/#breadcrumb"},"inLanguage":"it-IT","potentialAction":[{"@type":"ReadAction","target":["https:\/\/thingstodoinamsterdam.com\/it\/musei-ad-amsterdam\/casa-di-anna-frank\/"]}]},{"@type":"ImageObject","inLanguage":"it-IT","@id":"https:\/\/thingstodoinamsterdam.com\/it\/musei-ad-amsterdam\/casa-di-anna-frank\/#primaryimage","url":"https:\/\/thingstodoinamsterdam.com\/wp-content\/uploads\/2019\/08\/anne-frank.jpg","contentUrl":"https:\/\/thingstodoinamsterdam.com\/wp-content\/uploads\/2019\/08\/anne-frank.jpg","width":240,"height":237},{"@type":"BreadcrumbList","@id":"https:\/\/thingstodoinamsterdam.com\/it\/musei-ad-amsterdam\/casa-di-anna-frank\/#breadcrumb","itemListElement":[{"@type":"ListItem","position":1,"name":"Cose da fare ad Amsterdam","item":"https:\/\/thingstodoinamsterdam.com\/it\/"},{"@type":"ListItem","position":2,"name":"Musei ad Amsterdam","item":"https:\/\/thingstodoinamsterdam.com\/it\/musei-ad-amsterdam\/"},{"@type":"ListItem","position":3,"name":"Casa di Anna Frank"}]},{"@type":"WebSite","@id":"https:\/\/thingstodoinamsterdam.com\/it\/#website","url":"https:\/\/thingstodoinamsterdam.com\/it\/","name":"ThingstodoinAmsterdam.com","description":"Amsterdam&#039;s highlights and hidden secrets","publisher":{"@id":"https:\/\/thingstodoinamsterdam.com\/it\/#organization"},"potentialAction":[{"@type":"SearchAction","target":{"@type":"EntryPoint","urlTemplate":"https:\/\/thingstodoinamsterdam.com\/it\/?s={search_term_string}"},"query-input":{"@type":"PropertyValueSpecification","valueRequired":true,"valueName":"search_term_string"}}],"inLanguage":"it-IT"},{"@type":"Organization","@id":"https:\/\/thingstodoinamsterdam.com\/it\/#organization","name":"Cose da fare ad Amsterdam","url":"https:\/\/thingstodoinamsterdam.com\/it\/","logo":{"@type":"ImageObject","inLanguage":"it-IT","@id":"https:\/\/thingstodoinamsterdam.com\/it\/#\/schema\/logo\/image\/","url":"https:\/\/thingstodoinamsterdam.com\/wp-content\/uploads\/2025\/02\/ThingsToDoInAmsterdam-Favicon-logo.png","contentUrl":"https:\/\/thingstodoinamsterdam.com\/wp-content\/uploads\/2025\/02\/ThingsToDoInAmsterdam-Favicon-logo.png","width":512,"height":512,"caption":"Cose da fare ad Amsterdam"},"image":{"@id":"https:\/\/thingstodoinamsterdam.com\/it\/#\/schema\/logo\/image\/"},"sameAs":["https:\/\/www.facebook.com\/thingstodoinamsterdamcom"]}]}},"_links":{"self":[{"href":"https:\/\/thingstodoinamsterdam.com\/it\/wp-json\/wp\/v2\/pages\/2533174","targetHints":{"allow":["GET"]}}],"collection":[{"href":"https:\/\/thingstodoinamsterdam.com\/it\/wp-json\/wp\/v2\/pages"}],"about":[{"href":"https:\/\/thingstodoinamsterdam.com\/it\/wp-json\/wp\/v2\/types\/page"}],"author":[{"embeddable":true,"href":"https:\/\/thingstodoinamsterdam.com\/it\/wp-json\/wp\/v2\/users\/1"}],"replies":[{"embeddable":true,"href":"https:\/\/thingstodoinamsterdam.com\/it\/wp-json\/wp\/v2\/comments?post=2533174"}],"version-history":[{"count":5,"href":"https:\/\/thingstodoinamsterdam.com\/it\/wp-json\/wp\/v2\/pages\/2533174\/revisions"}],"predecessor-version":[{"id":2534303,"href":"https:\/\/thingstodoinamsterdam.com\/it\/wp-json\/wp\/v2\/pages\/2533174\/revisions\/2534303"}],"up":[{"embeddable":true,"href":"https:\/\/thingstodoinamsterdam.com\/it\/wp-json\/wp\/v2\/pages\/2532588"}],"wp:featuredmedia":[{"embeddable":true,"href":"https:\/\/thingstodoinamsterdam.com\/it\/wp-json\/wp\/v2\/media\/2533175"}],"wp:attachment":[{"href":"https:\/\/thingstodoinamsterdam.com\/it\/wp-json\/wp\/v2\/media?parent=2533174"}],"curies":[{"name":"wp","href":"https:\/\/api.w.org\/{rel}","templated":true}]}}