{"id":2533227,"date":"2026-02-16T13:50:58","date_gmt":"2026-02-16T12:50:58","guid":{"rendered":"https:\/\/thingstodoinamsterdam.com\/luoghi-da-visitare-e-attrazioni-ad-amsterdam\/"},"modified":"2026-04-03T13:05:40","modified_gmt":"2026-04-03T11:05:40","slug":"luoghi-da-visitare-e-attrazioni-ad-amsterdam","status":"publish","type":"page","link":"https:\/\/thingstodoinamsterdam.com\/it\/luoghi-da-visitare-e-attrazioni-ad-amsterdam\/","title":{"rendered":"Luoghi da visitare e attrazioni ad Amsterdam"},"content":{"rendered":"<div class=\"wpb-content-wrapper\"><p>[vc_row][vc_column][vc_column_text css=&#8221;&#8221;]Stai visitando Amsterdam e ti chiedi quali posti vedere? Ottimo, pianificare \u00e8 importante perch\u00e9 c&#8217;\u00e8 cos\u00ec tanto da fare e da vedere! In questa pagina ti mostreremo le <a href=\"https:\/\/thingstodoinamsterdam.com\/it\/\">attrazioni principali di Amsterdam<\/a> e i suoi segreti nascosti per il tuo giro turistico. Ti consigliamo vivamente di scoprire anche i dintorni della citt\u00e0. Organizza le tue <a href=\"https:\/\/thingstodoinamsterdam.com\/it\/gita-fuori-porta-da-amsterdam\/\">gite fuori porta da Amsterdam<\/a>. Il nostro consiglio \u00e8 di farlo se hai a disposizione almeno 2 giorni. La maggior parte dei visitatori, per\u00f2, dedica solo pochi giorni alle visite in citt\u00e0, quindi organizza bene il tuo tempo per non perderti il meglio!      <\/p>\n<p>Dato che il <a href=\"https:\/\/thingstodoinamsterdam.com\/it\/meteo-e-clima-di-amsterdam\/\" target=\"_blank\" rel=\"noopener\">meteo ad Amsterdam<\/a> non \u00e8 sempre favorevole <span style=\"box-sizing: border-box; margin: 0px; padding: 0px;\">per le visite turistiche, puoi prenotare un <a href=\"https:\/\/thingstodoinamsterdam.com\/it\/tour-in-autobus-e-battello-hop-on-hop-off-ad-amsterdam\/\" target=\"_blank\" rel=\"noopener\">tour hop-on hop-off<\/a> per vedere le attrazioni<\/span> al riparo dalle intemperie, sia in autobus che in barca. Se hai la fortuna di trovare bel tempo<span style=\"box-sizing: border-box; margin: 0px; padding: 0px;\">, puoi anche valutare un <a href=\"https:\/\/thingstodoinamsterdam.com\/it\/tour-in-bicicletta-ad-amsterdam-e-dintorni\/\" target=\"_blank\" rel=\"noopener\">tour delle attrazioni in bicicletta<\/a><\/span>.[\/vc_column_text][vc_column_text css=&#8221;&#8221;]<\/p>\n<h2>Attrazioni principali e segreti nascosti di Amsterdam<\/h2>\n<p>Il nostro motto \u00e8 mostrare sia le attrazioni principali che i segreti nascosti, i luoghi imperdibili del tuo viaggio ad Amsterdam. Ma vorremmo anche condividere alcuni tesori meno noti: posti ad Amsterdam che non sono cos\u00ec famosi ma che meritano sicuramente una visita. Quindi, se vuoi fare un giro turistico fuori dai sentieri battuti ad Amsterdam e dintorni, continua a leggere!  <\/p>\n<p>Noi, da veri locali, ti consigliamo di <a href=\"https:\/\/thingstodoinamsterdam.com\/transport\/cycling-bike-rental-tours\/\" target=\"_blank\" rel=\"noopener\">noleggiare una bici<\/a>, poich\u00e9 \u00e8 un modo pratico per spostarsi in un centro citt\u00e0 cos\u00ec compatto. In alternativa, camminare combinando gli spostamenti con i <a href=\"https:\/\/thingstodoinamsterdam.com\/it\/trasporti-ad-amsterdam\/trasporti-pubblici-ad-amsterdam\/\">trasporti pubblici di Amsterdam<\/a> \u00e8 un altro ottimo modo per girare la citt\u00e0. <\/p>\n<h3>Da non perdere ad Amsterdam:<\/h3>\n<p>[\/vc_column_text][\/vc_column][\/vc_row][vc_row][vc_column][promo_block style_var=&#8221;style3&#8243; el_id=&#8221;1565184574520-4eec6a0b-9a3a&#8221;][promo link=&#8221;url:https%3A%2F%2Fthingstodoinamsterdam.com%2Fit%2Fluoghi-da-visitare-e-attrazioni-ad-amsterdam%2Fcerchia-dei-canali-di-amsterdam%2F|title:Amsterdam%20Canal%20Belt|&#8221; text=&#8221;La romantica Cerchia dei Canali di Amsterdam \u00e8 patrimonio mondiale dell&apos;UNESCO. \u00c8 ricca di case monumentali e della tipica architettura di Amsterdam. Prenditi il tuo tempo per passeggiare o esplorala durante una crociera sui canali.  &#8221; img=&#8221;2498&#8243;][promo link=&#8221;url:https%3A%2F%2Fthingstodoinamsterdam.com%2Fit%2Fluoghi-da-visitare-e-attrazioni-ad-amsterdam%2Fmercato-albert-cuyp%2F|title:Albert%20Cuyp%20Market|&#8221; text=&#8221;Stroll over the Albert Cuyp Market where you\u2019ll find over three hundred market stalls. Surround yourself with food stalls that sell products such as fish, poultry, cheese, vegetables and fruits. Furthermore, you\u2019ll find stalls selling clothing, cosmetics and more. Best of all; the prices are among the cheapest in Amsterdam. The Albert Cuyp street itself is surrounded by numerous exotic shops, studios, cosy cafes and restaurants all adding to the pomp and festive market atmosphere.&#8221; img=&#8221;2496&#8243;][promo link=&#8221;url:https%3A%2F%2Fthingstodoinamsterdam.com%2Fit%2Fluoghi-da-visitare-e-attrazioni-ad-amsterdam%2Fbenvenuti-nelle-nove-strade-di-amsterdam-le-9-straatjes-di-amsterdam%2F|title:Nine%20Streets|&#8221; text=&#8221;Questa parte specifica della Cerchia dei Canali di Amsterdam \u00e8 nota per i suoi numerosi negozi e tavolini all&apos;aperto. \u00c8 un luogo ideale per fare un po&apos; di shopping rilassato in cerca di souvenir e magari bere qualcosa in terrazza. &#8221; img=&#8221;2500&#8243;][promo link=&#8221;url:https%3A%2F%2Fthingstodoinamsterdam.com%2Fit%2Fquartiere-a-luci-rosse%2F|title:Red%20light%20district|&#8221; text=&#8221;Il quartiere a luci rosse, o \u201cDe Wallen\u201d in olandese, ospita una delle professioni pi\u00f9 antiche del mondo. Passeggia per la zona e visita il pi\u00f9 antico teatro erotico di Amsterdam, il Casa Rosso, o uno dei peep show! &#8221; img=&#8221;2516&#8243;][promo link=&#8221;url:https%3A%2F%2Fthingstodoinamsterdam.com%2Fit%2Fluoghi-da-visitare-e-attrazioni-ad-amsterdam%2Fscopri-il-begijnhof-di-amsterdam-unoasi-di-pace%2F|title:Begijnhof|&#8221; text=&#8221;Il Begijnhof potrebbe essere uno dei segreti meglio custoditi di Amsterdam. Situato in pieno centro, proprio dietro la trafficata via dello shopping Kalverstraat, troverai questo pezzo di patrimonio culturale. Pu\u00f2 essere visitato gratuitamente.  &#8221; img=&#8221;2502&#8243;][promo link=&#8221;url:https%3A%2F%2Fthingstodoinamsterdam.com%2Fit%2Fparchi-ad-amsterdam%2F|title:Parks%20in%20Amsterdam|&#8221; text=&#8221;Do you need a break from sightseeing? Would you like to have a picnick or put your feet up for a bit? Check out the city parks where you can take a break from the busy streets!&#8221; img=&#8221;9114&#8243;][promo link=&#8221;url:https%3A%2F%2Fthingstodoinamsterdam.com%2Fplaces-sightseeing-amsterdam%2Fleidseplein%2F|title:Leidseplein|&#8221; text=&#8221;Discover the lively Leidseplein area. The Leidseplein faces one of the busiest streets of Amsterdam; the Leidsetraat. The Leidsestraat connects the different Amsterdam canals and takes you from the Leidesplein towards Koningsplein and the Bloemenmarkt (Floating Flower market). Leidseplein itself is known for its bars, clubs and nightlife. &#8221; img=&#8221;2510&#8243;][promo link=&#8221;url:https%3A%2F%2Fthingstodoinamsterdam.com%2Fit%2Fluoghi-da-visitare-e-attrazioni-ad-amsterdam%2Famsterdam-johan-cruijff-arena-tour-dello-stadio%2F|title:Amsterdam%20ArenA|&#8221; text=&#8221;L&apos;Amsterdam Arena \u00e8 stata intitolata all&apos;icona del club Johan Cruijff, diventando la Johan Cruijff Arena. Scopri la squadra di calcio pi\u00f9 famosa (e migliore) dei Paesi Bassi e visita la casa dell&apos;Ajax. &#8221; img=&#8221;2512&#8243;][promo link=&#8221;url:https%3A%2F%2Fthingstodoinamsterdam.com%2Fit%2Fshopping-ad-amsterdam%2F|title:Shopping%20in%20Amsterdam|&#8221; text=&#8221;Would you like to go shopping in Amsterdam? Whether you&apos;re looking for some authentic souvenirs or fancy designer clothes, Amsterdam has got you covered! Check the best places to go shopping in this article!&#8221; img=&#8221;2783&#8243;][promo link=&#8221;url:https%3A%2F%2Fthingstodoinamsterdam.com%2Fdam-square%2F|title:Dam%20Square|&#8221; text=&#8221;Visita la piazza considerata il cuore della citt\u00e0. \u00c8 collegata alla stazione centrale di Amsterdam tramite la via \u201cDamrak\u201d. In Piazza Dam troverai diverse attrazioni popolari, come la Chiesa Nuova (De Grote Kerk), Madame Tussauds, il Palazzo Reale e Ripley\u2019s Believe It or Not.  &#8221; img=&#8221;2506&#8243;][promo link=&#8221;url:https%3A%2F%2Fthingstodoinamsterdam.com%2Fit%2Fgita-fuori-porta-da-amsterdam%2F|title:Day%20trip%20from%20Amsterdam|&#8221; text=&#8221;If you have just a bit more time to spend, we strongly recommend going beyond the city borders. There are a lot of places just outside of Amsterdam that are really worthwhile!&#8221; img=&#8221;2531733&#8243;][promo link=&#8221;url:https%3A%2F%2Fthingstodoinamsterdam.com%2Fit%2Fde-poezenboot-the-catboat%2F|title:The%20Catboat|&#8221; text=&#8221;Visita l&apos;unico rifugio per animali galleggiante al mondo! Un must per ogni amico dei gatti. Visitare la Poezenboot \u00e8 completamente gratuito, ma una donazione \u00e8 gradita.  &#8221; img=&#8221;2518&#8243;][promo link=&#8221;url:https%3A%2F%2Fthingstodoinamsterdam.com%2Fplaces-sightseeing-amsterdam%2Fnieuwe-kerk%2F|title:Nieuwe%20Kerk|&#8221; text=&#8221;Ogni citt\u00e0 ha le sue chiese. Ma la differenza \u00e8 che quella di Amsterdam ha un significato molto speciale nella storia del paese. \u00c8 la chiesa dove tutti i principi e le principesse olandesi, a partire da Re Guglielmo I nel 1814, vengono incoronati quando salgono al trono (nel 2013 \u00e8 successo anche per Re Guglielmo Alessandro).  &#8221; img=&#8221;2508&#8243;][promo link=&#8221;url:https%3A%2F%2Fthingstodoinamsterdam.com%2Fplaces-sightseeing-amsterdam%2Fconcertgebouw-amsterdam%2F|title:Concertgebouw%20Amsterdam|&#8221; text=&#8221;Il Concertgebouw vanta una grande tradizione nell&apos;organizzazione di concerti leggendari tenuti da grandi artisti come Gustav Mahler, Richard Strauss, Bernard Haitink, Yehudi Menuhin, Jessye Norman, Louis Armstrong, Sting e altri. Insieme ad altre orchestre, la Royal Concertgebouw Orchestra mette in scena alcune delle migliori esibizioni al mondo. Secondo molti esperti, \u00e8 la migliore orchestra del pianeta. Visita l&apos;edificio e lasciati cullare da un&apos;intera orchestra, circondato dai migliori musicisti del mondo.   &#8221; img=&#8221;2504&#8243;][promo link=&#8221;url:https%3A%2F%2Fthingstodoinamsterdam.com%2Fit%2Fluoghi-da-visitare-e-attrazioni-ad-amsterdam%2Fmuseumplein-la-meta-turistica-piu-popolare-di-amsterdam%2F|title:Museumplein|&#8221; text=&#8221;Museumplein ospita una vasta gamma di musei, tra cui i famosissimi Rijksmuseum e Van Gogh Museum. Offre anche spazio per riposarsi o fare un picnic, ed \u00e8 una tappa imperdibile del tuo viaggio ad Amsterdam. &#8221; img=&#8221;2514&#8243;][promo link=&#8221;url:https%3A%2F%2Fthingstodoinamsterdam.com%2Fit%2Fluoghi-da-visitare-e-attrazioni-ad-amsterdam%2Fle-migliori-cose-da-vedere-e-da-fare-ad-amsterdam-noord%2F|title:Amsterdam-Noord|&#8221; text=&#8221;Amsterdam Noord \u00e8 una parte della citt\u00e0 meno scoperta dalle grandi folle. Tuttavia, merita decisamente una visita! Questa zona pi\u00f9 industriale ha un aspetto pi\u00f9 grezzo e meno rifinito rispetto al centro. Prenditi una pausa dal trambusto del centro prendendo il traghetto gratuito ed esplora ci\u00f2 che la parte nord della citt\u00e0 ha da offrire.   &#8221; img=&#8221;3169&#8243;][promo link=&#8221;url:https%3A%2F%2Fthingstodoinamsterdam.com%2Fplaces-sightseeing-amsterdam%2Fde-oude-kerk%2F|title:Welcome%20to%20Amsterdam%E2%80%99s%20Oude%20Kerk%20%E2%80%93%20Amsterdam%20started%20here%21|&#8221; text=&#8221;La Oude Kerk, letteralmente la Chiesa Vecchia, situata nel quartiere a luci rosse, esiste fin dalla nascita della citt\u00e0. Era gi\u00e0 l\u00ec quando Amsterdam era ancora una citt\u00e0 portuale sul mare. Scopri di pi\u00f9 qui!  &#8221; img=&#8221;8921&#8243;][\/promo_block][\/vc_column][\/vc_row]<\/p>\n<\/div>","protected":false},"excerpt":{"rendered":"<p>[vc_row][vc_column][vc_column_text css=&#8221;&#8221;]Stai visitando Amsterdam e ti chiedi quali posti vedere? Ottimo, pianificare \u00e8 importante perch\u00e9 c&#8217;\u00e8 cos\u00ec tanto da fare e da vedere! In questa\u2026<\/p>\n","protected":false},"author":1,"featured_media":2533241,"parent":0,"menu_order":0,"comment_status":"closed","ping_status":"closed","template":"","meta":{"footnotes":""},"class_list":["post-2533227","page","type-page","status-publish","has-post-thumbnail","hentry"],"yoast_head":"<!-- This site is optimized with the Yoast SEO plugin v27.4 - https:\/\/yoast.com\/product\/yoast-seo-wordpress\/ -->\n<title>Luoghi da visitare e attrazioni ad Amsterdam - ThingstodoinAmsterdam.com<\/title>\n<meta name=\"description\" content=\"Quali sono i luoghi imperdibili durante il tuo viaggio ad Amsterdam? Scoprili qui e vivi la migliore esperienza turistica! Dai monumenti principali ai segreti nascosti.\" \/>\n<meta name=\"robots\" content=\"index, follow, max-snippet:-1, max-image-preview:large, max-video-preview:-1\" \/>\n<link rel=\"canonical\" href=\"https:\/\/thingstodoinamsterdam.com\/it\/luoghi-da-visitare-e-attrazioni-ad-amsterdam\/\" \/>\n<meta property=\"og:locale\" content=\"it_IT\" \/>\n<meta property=\"og:type\" content=\"article\" \/>\n<meta property=\"og:title\" content=\"Luoghi da visitare e attrazioni ad Amsterdam - ThingstodoinAmsterdam.com\" \/>\n<meta property=\"og:description\" content=\"Quali sono i luoghi imperdibili durante il tuo viaggio ad Amsterdam? Scoprili qui e vivi la migliore esperienza turistica! Dai monumenti principali ai segreti nascosti.\" \/>\n<meta property=\"og:url\" content=\"https:\/\/thingstodoinamsterdam.com\/it\/luoghi-da-visitare-e-attrazioni-ad-amsterdam\/\" \/>\n<meta property=\"og:site_name\" content=\"ThingstodoinAmsterdam.com\" \/>\n<meta property=\"article:publisher\" content=\"https:\/\/www.facebook.com\/thingstodoinamsterdamcom\" \/>\n<meta property=\"article:modified_time\" content=\"2026-04-03T11:05:40+00:00\" \/>\n<meta property=\"og:image\" content=\"https:\/\/thingstodoinamsterdam.com\/wp-content\/uploads\/2019\/08\/Amsterdam-Canal-Belt-map-by-Unesco-300x300-2.png\" \/>\n\t<meta property=\"og:image:width\" content=\"300\" \/>\n\t<meta property=\"og:image:height\" content=\"300\" \/>\n\t<meta property=\"og:image:type\" content=\"image\/png\" \/>\n<meta name=\"twitter:card\" content=\"summary_large_image\" \/>\n<meta name=\"twitter:label1\" content=\"Tempo di lettura stimato\" \/>\n\t<meta name=\"twitter:data1\" content=\"7 minuti\" \/>\n<script type=\"application\/ld+json\" class=\"yoast-schema-graph\">{\"@context\":\"https:\\\/\\\/schema.org\",\"@graph\":[{\"@type\":\"WebPage\",\"@id\":\"https:\\\/\\\/thingstodoinamsterdam.com\\\/it\\\/luoghi-da-visitare-e-attrazioni-ad-amsterdam\\\/\",\"url\":\"https:\\\/\\\/thingstodoinamsterdam.com\\\/it\\\/luoghi-da-visitare-e-attrazioni-ad-amsterdam\\\/\",\"name\":\"Luoghi da visitare e attrazioni ad Amsterdam - ThingstodoinAmsterdam.com\",\"isPartOf\":{\"@id\":\"https:\\\/\\\/thingstodoinamsterdam.com\\\/it\\\/#website\"},\"primaryImageOfPage\":{\"@id\":\"https:\\\/\\\/thingstodoinamsterdam.com\\\/it\\\/luoghi-da-visitare-e-attrazioni-ad-amsterdam\\\/#primaryimage\"},\"image\":{\"@id\":\"https:\\\/\\\/thingstodoinamsterdam.com\\\/it\\\/luoghi-da-visitare-e-attrazioni-ad-amsterdam\\\/#primaryimage\"},\"thumbnailUrl\":\"https:\\\/\\\/thingstodoinamsterdam.com\\\/wp-content\\\/uploads\\\/2019\\\/08\\\/Amsterdam-Canal-Belt-map-by-Unesco-300x300-2.png\",\"datePublished\":\"2026-02-16T12:50:58+00:00\",\"dateModified\":\"2026-04-03T11:05:40+00:00\",\"description\":\"Quali sono i luoghi imperdibili durante il tuo viaggio ad Amsterdam? Scoprili qui e vivi la migliore esperienza turistica! Dai monumenti principali ai segreti nascosti.\",\"breadcrumb\":{\"@id\":\"https:\\\/\\\/thingstodoinamsterdam.com\\\/it\\\/luoghi-da-visitare-e-attrazioni-ad-amsterdam\\\/#breadcrumb\"},\"inLanguage\":\"it-IT\",\"potentialAction\":[{\"@type\":\"ReadAction\",\"target\":[\"https:\\\/\\\/thingstodoinamsterdam.com\\\/it\\\/luoghi-da-visitare-e-attrazioni-ad-amsterdam\\\/\"]}]},{\"@type\":\"ImageObject\",\"inLanguage\":\"it-IT\",\"@id\":\"https:\\\/\\\/thingstodoinamsterdam.com\\\/it\\\/luoghi-da-visitare-e-attrazioni-ad-amsterdam\\\/#primaryimage\",\"url\":\"https:\\\/\\\/thingstodoinamsterdam.com\\\/wp-content\\\/uploads\\\/2019\\\/08\\\/Amsterdam-Canal-Belt-map-by-Unesco-300x300-2.png\",\"contentUrl\":\"https:\\\/\\\/thingstodoinamsterdam.com\\\/wp-content\\\/uploads\\\/2019\\\/08\\\/Amsterdam-Canal-Belt-map-by-Unesco-300x300-2.png\",\"width\":300,\"height\":300,\"caption\":\"Canal Belt\"},{\"@type\":\"BreadcrumbList\",\"@id\":\"https:\\\/\\\/thingstodoinamsterdam.com\\\/it\\\/luoghi-da-visitare-e-attrazioni-ad-amsterdam\\\/#breadcrumb\",\"itemListElement\":[{\"@type\":\"ListItem\",\"position\":1,\"name\":\"Cose da fare ad Amsterdam\",\"item\":\"https:\\\/\\\/thingstodoinamsterdam.com\\\/it\\\/\"},{\"@type\":\"ListItem\",\"position\":2,\"name\":\"Luoghi da visitare e attrazioni ad Amsterdam\"}]},{\"@type\":\"WebSite\",\"@id\":\"https:\\\/\\\/thingstodoinamsterdam.com\\\/it\\\/#website\",\"url\":\"https:\\\/\\\/thingstodoinamsterdam.com\\\/it\\\/\",\"name\":\"ThingstodoinAmsterdam.com\",\"description\":\"Amsterdam&#039;s highlights and hidden secrets\",\"publisher\":{\"@id\":\"https:\\\/\\\/thingstodoinamsterdam.com\\\/it\\\/#organization\"},\"potentialAction\":[{\"@type\":\"SearchAction\",\"target\":{\"@type\":\"EntryPoint\",\"urlTemplate\":\"https:\\\/\\\/thingstodoinamsterdam.com\\\/it\\\/?s={search_term_string}\"},\"query-input\":{\"@type\":\"PropertyValueSpecification\",\"valueRequired\":true,\"valueName\":\"search_term_string\"}}],\"inLanguage\":\"it-IT\"},{\"@type\":\"Organization\",\"@id\":\"https:\\\/\\\/thingstodoinamsterdam.com\\\/it\\\/#organization\",\"name\":\"Cose da fare ad Amsterdam\",\"url\":\"https:\\\/\\\/thingstodoinamsterdam.com\\\/it\\\/\",\"logo\":{\"@type\":\"ImageObject\",\"inLanguage\":\"it-IT\",\"@id\":\"https:\\\/\\\/thingstodoinamsterdam.com\\\/it\\\/#\\\/schema\\\/logo\\\/image\\\/\",\"url\":\"https:\\\/\\\/thingstodoinamsterdam.com\\\/wp-content\\\/uploads\\\/2025\\\/02\\\/ThingsToDoInAmsterdam-Favicon-logo.png\",\"contentUrl\":\"https:\\\/\\\/thingstodoinamsterdam.com\\\/wp-content\\\/uploads\\\/2025\\\/02\\\/ThingsToDoInAmsterdam-Favicon-logo.png\",\"width\":512,\"height\":512,\"caption\":\"Cose da fare ad Amsterdam\"},\"image\":{\"@id\":\"https:\\\/\\\/thingstodoinamsterdam.com\\\/it\\\/#\\\/schema\\\/logo\\\/image\\\/\"},\"sameAs\":[\"https:\\\/\\\/www.facebook.com\\\/thingstodoinamsterdamcom\"]}]}<\/script>\n<!-- \/ Yoast SEO plugin. -->","yoast_head_json":{"title":"Luoghi da visitare e attrazioni ad Amsterdam - ThingstodoinAmsterdam.com","description":"Quali sono i luoghi imperdibili durante il tuo viaggio ad Amsterdam? Scoprili qui e vivi la migliore esperienza turistica! Dai monumenti principali ai segreti nascosti.","robots":{"index":"index","follow":"follow","max-snippet":"max-snippet:-1","max-image-preview":"max-image-preview:large","max-video-preview":"max-video-preview:-1"},"canonical":"https:\/\/thingstodoinamsterdam.com\/it\/luoghi-da-visitare-e-attrazioni-ad-amsterdam\/","og_locale":"it_IT","og_type":"article","og_title":"Luoghi da visitare e attrazioni ad Amsterdam - ThingstodoinAmsterdam.com","og_description":"Quali sono i luoghi imperdibili durante il tuo viaggio ad Amsterdam? Scoprili qui e vivi la migliore esperienza turistica! Dai monumenti principali ai segreti nascosti.","og_url":"https:\/\/thingstodoinamsterdam.com\/it\/luoghi-da-visitare-e-attrazioni-ad-amsterdam\/","og_site_name":"ThingstodoinAmsterdam.com","article_publisher":"https:\/\/www.facebook.com\/thingstodoinamsterdamcom","article_modified_time":"2026-04-03T11:05:40+00:00","og_image":[{"width":300,"height":300,"url":"https:\/\/thingstodoinamsterdam.com\/wp-content\/uploads\/2019\/08\/Amsterdam-Canal-Belt-map-by-Unesco-300x300-2.png","type":"image\/png"}],"twitter_card":"summary_large_image","twitter_misc":{"Tempo di lettura stimato":"7 minuti"},"schema":{"@context":"https:\/\/schema.org","@graph":[{"@type":"WebPage","@id":"https:\/\/thingstodoinamsterdam.com\/it\/luoghi-da-visitare-e-attrazioni-ad-amsterdam\/","url":"https:\/\/thingstodoinamsterdam.com\/it\/luoghi-da-visitare-e-attrazioni-ad-amsterdam\/","name":"Luoghi da visitare e attrazioni ad Amsterdam - ThingstodoinAmsterdam.com","isPartOf":{"@id":"https:\/\/thingstodoinamsterdam.com\/it\/#website"},"primaryImageOfPage":{"@id":"https:\/\/thingstodoinamsterdam.com\/it\/luoghi-da-visitare-e-attrazioni-ad-amsterdam\/#primaryimage"},"image":{"@id":"https:\/\/thingstodoinamsterdam.com\/it\/luoghi-da-visitare-e-attrazioni-ad-amsterdam\/#primaryimage"},"thumbnailUrl":"https:\/\/thingstodoinamsterdam.com\/wp-content\/uploads\/2019\/08\/Amsterdam-Canal-Belt-map-by-Unesco-300x300-2.png","datePublished":"2026-02-16T12:50:58+00:00","dateModified":"2026-04-03T11:05:40+00:00","description":"Quali sono i luoghi imperdibili durante il tuo viaggio ad Amsterdam? Scoprili qui e vivi la migliore esperienza turistica! Dai monumenti principali ai segreti nascosti.","breadcrumb":{"@id":"https:\/\/thingstodoinamsterdam.com\/it\/luoghi-da-visitare-e-attrazioni-ad-amsterdam\/#breadcrumb"},"inLanguage":"it-IT","potentialAction":[{"@type":"ReadAction","target":["https:\/\/thingstodoinamsterdam.com\/it\/luoghi-da-visitare-e-attrazioni-ad-amsterdam\/"]}]},{"@type":"ImageObject","inLanguage":"it-IT","@id":"https:\/\/thingstodoinamsterdam.com\/it\/luoghi-da-visitare-e-attrazioni-ad-amsterdam\/#primaryimage","url":"https:\/\/thingstodoinamsterdam.com\/wp-content\/uploads\/2019\/08\/Amsterdam-Canal-Belt-map-by-Unesco-300x300-2.png","contentUrl":"https:\/\/thingstodoinamsterdam.com\/wp-content\/uploads\/2019\/08\/Amsterdam-Canal-Belt-map-by-Unesco-300x300-2.png","width":300,"height":300,"caption":"Canal Belt"},{"@type":"BreadcrumbList","@id":"https:\/\/thingstodoinamsterdam.com\/it\/luoghi-da-visitare-e-attrazioni-ad-amsterdam\/#breadcrumb","itemListElement":[{"@type":"ListItem","position":1,"name":"Cose da fare ad Amsterdam","item":"https:\/\/thingstodoinamsterdam.com\/it\/"},{"@type":"ListItem","position":2,"name":"Luoghi da visitare e attrazioni ad Amsterdam"}]},{"@type":"WebSite","@id":"https:\/\/thingstodoinamsterdam.com\/it\/#website","url":"https:\/\/thingstodoinamsterdam.com\/it\/","name":"ThingstodoinAmsterdam.com","description":"Amsterdam&#039;s highlights and hidden secrets","publisher":{"@id":"https:\/\/thingstodoinamsterdam.com\/it\/#organization"},"potentialAction":[{"@type":"SearchAction","target":{"@type":"EntryPoint","urlTemplate":"https:\/\/thingstodoinamsterdam.com\/it\/?s={search_term_string}"},"query-input":{"@type":"PropertyValueSpecification","valueRequired":true,"valueName":"search_term_string"}}],"inLanguage":"it-IT"},{"@type":"Organization","@id":"https:\/\/thingstodoinamsterdam.com\/it\/#organization","name":"Cose da fare ad Amsterdam","url":"https:\/\/thingstodoinamsterdam.com\/it\/","logo":{"@type":"ImageObject","inLanguage":"it-IT","@id":"https:\/\/thingstodoinamsterdam.com\/it\/#\/schema\/logo\/image\/","url":"https:\/\/thingstodoinamsterdam.com\/wp-content\/uploads\/2025\/02\/ThingsToDoInAmsterdam-Favicon-logo.png","contentUrl":"https:\/\/thingstodoinamsterdam.com\/wp-content\/uploads\/2025\/02\/ThingsToDoInAmsterdam-Favicon-logo.png","width":512,"height":512,"caption":"Cose da fare ad Amsterdam"},"image":{"@id":"https:\/\/thingstodoinamsterdam.com\/it\/#\/schema\/logo\/image\/"},"sameAs":["https:\/\/www.facebook.com\/thingstodoinamsterdamcom"]}]}},"_links":{"self":[{"href":"https:\/\/thingstodoinamsterdam.com\/it\/wp-json\/wp\/v2\/pages\/2533227","targetHints":{"allow":["GET"]}}],"collection":[{"href":"https:\/\/thingstodoinamsterdam.com\/it\/wp-json\/wp\/v2\/pages"}],"about":[{"href":"https:\/\/thingstodoinamsterdam.com\/it\/wp-json\/wp\/v2\/types\/page"}],"author":[{"embeddable":true,"href":"https:\/\/thingstodoinamsterdam.com\/it\/wp-json\/wp\/v2\/users\/1"}],"replies":[{"embeddable":true,"href":"https:\/\/thingstodoinamsterdam.com\/it\/wp-json\/wp\/v2\/comments?post=2533227"}],"version-history":[{"count":5,"href":"https:\/\/thingstodoinamsterdam.com\/it\/wp-json\/wp\/v2\/pages\/2533227\/revisions"}],"predecessor-version":[{"id":2539143,"href":"https:\/\/thingstodoinamsterdam.com\/it\/wp-json\/wp\/v2\/pages\/2533227\/revisions\/2539143"}],"wp:featuredmedia":[{"embeddable":true,"href":"https:\/\/thingstodoinamsterdam.com\/it\/wp-json\/wp\/v2\/media\/2533241"}],"wp:attachment":[{"href":"https:\/\/thingstodoinamsterdam.com\/it\/wp-json\/wp\/v2\/media?parent=2533227"}],"curies":[{"name":"wp","href":"https:\/\/api.w.org\/{rel}","templated":true}]}}