{"id":2533721,"date":"2026-02-17T17:21:56","date_gmt":"2026-02-17T16:21:56","guid":{"rendered":"https:\/\/thingstodoinamsterdam.com\/ristoranti-ad-amsterdam\/"},"modified":"2026-03-03T12:05:37","modified_gmt":"2026-03-03T11:05:37","slug":"ristoranti-ad-amsterdam","status":"publish","type":"page","link":"https:\/\/thingstodoinamsterdam.com\/it\/ristoranti-ad-amsterdam\/","title":{"rendered":"Ristoranti ad Amsterdam"},"content":{"rendered":"<div class=\"wpb-content-wrapper\"><p>[vc_row][vc_column][vc_column_text]Amsterdam \u00e8 una citt\u00e0 con influenze culturali provenienti da tutto il mondo. Per questo motivo, troverai ristoranti che offrono piatti da ogni regione del pianeta. Gli abitanti di Amsterdam hanno accolto le cucine internazionali probabilmente ancora pi\u00f9 della propria. Ci\u00f2 \u00e8 dovuto alla scarsa creativit\u00e0 degli olandesi in cucina. Un tipico piatto olandese fatto in casa consiste in patate bollite, verdure a scelta e carne al forno. Di solito si aggiungono pochi aromi extra tra erbe e spezie. Questo spiega perch\u00e9 amiamo cos\u00ec tanto le cucine internazionali. Detto ci\u00f2, ci sono alcuni ristoranti che riescono a servire la cucina olandese con gusto, con alcune influenze francesi. Vogliamo mostrarti che c&#8217;\u00e8 molto di pi\u00f9 che mangiare all&#8217; <a href=\"https:\/\/thingstodoinamsterdam.com\/hard-rock-cafe-amsterdam\/\">Hard Rock Cafe di Amsterdam<\/a>.<br \/>\n[\/vc_column_text][\/vc_column][\/vc_row][vc_row][vc_column][vc_column_text css=&#8221;&#8221;]<\/p>\n<h2>La nostra selezione di ristoranti ad Amsterdam<\/h2>\n<p>Su questo sito abbiamo selezionato per te i migliori ristoranti di Amsterdam. Poich\u00e9 cerchiamo di fornire ottimi consigli per tutti, la nostra selezione comprende diverse cucine. Per ogni categoria abbiamo scelto alcuni dei ristoranti pi\u00f9 apprezzati nel loro genere. Abbiamo anche tenuto conto del fatto che ogni viaggiatore ha un budget diverso, selezionando quindi ristoranti in varie fasce di prezzo. In ogni categoria troverai sia il ristorante pi\u00f9 economico che quello pi\u00f9 costoso.<\/p>\n<h3>Fasce di prezzo dei ristoranti<\/h3>\n<p>Per prima cosa clicca sulla categoria di ristorante che preferisci. Ad esempio, Ristoranti Olandesi. L\u00ec troverai una panoramica dei locali che abbiamo selezionato con cura grazie alle recensioni. Subito sotto il nome del ristorante vedrai da uno a tre simboli \u20ac. All&#8217;aumentare del numero, aumentano i prezzi. Facile, no? A parte i ristoranti stellati Michelin, queste sono indicativamente le fasce di prezzo:<\/p>\n<ul>\n<li>\u20ac &#8211; piatto principale disponibile a meno di 20 \u20ac<\/li>\n<li>\u20ac\u20ac &#8211; piatto principale disponibile a poco pi\u00f9 di 25 \u20ac<\/li>\n<li>\u20ac\u20ac\u20ac &#8211; piatti principali a partire da 35 \u20ac<\/li>\n<\/ul>\n<p>Queste cifre sono ovviamente una stima e non una garanzia. Alcuni piatti sono semplicemente pi\u00f9 costosi di altri, ma vogliamo darti un&#8217;idea.[\/vc_column_text][promo_block style_var=&#8221;style4&#8243; el_id=&#8221;1565273416846-b1e88da7-64d9&#8243;][promo link=&#8221;url:https%3A%2F%2Fthingstodoinamsterdam.com%2Frestaurants-amsterdam%2Findonesian-restaurant%2F|title:Indonesian%20Restaurants|target:%20_blank|rel:nofollow&#8221; text=&#8221;Check out the the various dishes of the Indonesian quisine!&#8221; img=&#8221;4669&#8243;][promo link=&#8221;url:https%3A%2F%2Fthingstodoinamsterdam.com%2Frestaurants-amsterdam%2Fdutch-restaurant%2F|title:Traditional%20Dutch%20restaurants|target:%20_blank|rel:nofollow&#8221; text=&#8221;Have a taste of the Dutch quisine&#8221; img=&#8221;2749&#8243;][promo link=&#8221;url:https%3A%2F%2Fthingstodoinamsterdam.com%2Frestaurants-amsterdam%2Fmichelin-star-restaurants%2F|title:Michelin%20Star%20Restaurants|target:%20_blank|rel:nofollow&#8221; text=&#8221;Try the most exclusive dishes in one of Amsterdam\u2019s Michelin Star rated restaurants&#8221; img=&#8221;569&#8243;][promo link=&#8221;url:https%3A%2F%2Fthingstodoinamsterdam.com%2Frestaurants-amsterdam%2Fitalian-restaurant%2F|title:Italian%20Restaurants|target:%20_blank|rel:nofollow&#8221; text=&#8221;Nothing beats a good pizza or pasta!&#8221; img=&#8221;2745&#8243;][\/promo_block][\/vc_column][\/vc_row]<\/p>\n<\/div>","protected":false},"excerpt":{"rendered":"<p>[vc_row][vc_column][vc_column_text]Amsterdam \u00e8 una citt\u00e0 con influenze culturali provenienti da tutto il mondo. Per questo motivo, troverai ristoranti che offrono piatti da ogni regione del pianeta.\u2026<\/p>\n","protected":false},"author":1,"featured_media":2533723,"parent":0,"menu_order":0,"comment_status":"closed","ping_status":"closed","template":"","meta":{"footnotes":""},"class_list":["post-2533721","page","type-page","status-publish","has-post-thumbnail","hentry"],"yoast_head":"<!-- This site is optimized with the Yoast SEO plugin v27.4 - https:\/\/yoast.com\/product\/yoast-seo-wordpress\/ -->\n<title>I migliori ristoranti di Amsterdam: scopri la nostra selezione!<\/title>\n<meta name=\"description\" content=\"Dai un&#039;occhiata alla nostra selezione dei migliori ristoranti di Amsterdam. Abbiamo scelto locali con diverse cucine e fasce di prezzo.\" \/>\n<meta name=\"robots\" content=\"index, follow, max-snippet:-1, max-image-preview:large, max-video-preview:-1\" \/>\n<link rel=\"canonical\" href=\"https:\/\/thingstodoinamsterdam.com\/it\/ristoranti-ad-amsterdam\/\" \/>\n<meta property=\"og:locale\" content=\"it_IT\" \/>\n<meta property=\"og:type\" content=\"article\" \/>\n<meta property=\"og:title\" content=\"I migliori ristoranti di Amsterdam: scopri la nostra selezione!\" \/>\n<meta property=\"og:description\" content=\"Dai un&#039;occhiata alla nostra selezione dei migliori ristoranti di Amsterdam. Abbiamo scelto locali con diverse cucine e fasce di prezzo.\" \/>\n<meta property=\"og:url\" content=\"https:\/\/thingstodoinamsterdam.com\/it\/ristoranti-ad-amsterdam\/\" \/>\n<meta property=\"og:site_name\" content=\"ThingstodoinAmsterdam.com\" \/>\n<meta property=\"article:publisher\" content=\"https:\/\/www.facebook.com\/thingstodoinamsterdamcom\" \/>\n<meta property=\"article:modified_time\" content=\"2026-03-03T11:05:37+00:00\" \/>\n<meta property=\"og:image\" content=\"https:\/\/thingstodoinamsterdam.com\/wp-content\/uploads\/2019\/08\/thai-restaurants-amsterdam.jpg\" \/>\n\t<meta property=\"og:image:width\" content=\"240\" \/>\n\t<meta property=\"og:image:height\" content=\"180\" \/>\n\t<meta property=\"og:image:type\" content=\"image\/jpeg\" \/>\n<meta name=\"twitter:card\" content=\"summary_large_image\" \/>\n<meta name=\"twitter:label1\" content=\"Tempo di lettura stimato\" \/>\n\t<meta name=\"twitter:data1\" content=\"2 minuti\" \/>\n<script type=\"application\/ld+json\" class=\"yoast-schema-graph\">{\"@context\":\"https:\\\/\\\/schema.org\",\"@graph\":[{\"@type\":\"WebPage\",\"@id\":\"https:\\\/\\\/thingstodoinamsterdam.com\\\/it\\\/ristoranti-ad-amsterdam\\\/\",\"url\":\"https:\\\/\\\/thingstodoinamsterdam.com\\\/it\\\/ristoranti-ad-amsterdam\\\/\",\"name\":\"I migliori ristoranti di Amsterdam: scopri la nostra selezione!\",\"isPartOf\":{\"@id\":\"https:\\\/\\\/thingstodoinamsterdam.com\\\/it\\\/#website\"},\"primaryImageOfPage\":{\"@id\":\"https:\\\/\\\/thingstodoinamsterdam.com\\\/it\\\/ristoranti-ad-amsterdam\\\/#primaryimage\"},\"image\":{\"@id\":\"https:\\\/\\\/thingstodoinamsterdam.com\\\/it\\\/ristoranti-ad-amsterdam\\\/#primaryimage\"},\"thumbnailUrl\":\"https:\\\/\\\/thingstodoinamsterdam.com\\\/wp-content\\\/uploads\\\/2019\\\/08\\\/thai-restaurants-amsterdam.jpg\",\"datePublished\":\"2026-02-17T16:21:56+00:00\",\"dateModified\":\"2026-03-03T11:05:37+00:00\",\"description\":\"Dai un'occhiata alla nostra selezione dei migliori ristoranti di Amsterdam. Abbiamo scelto locali con diverse cucine e fasce di prezzo.\",\"breadcrumb\":{\"@id\":\"https:\\\/\\\/thingstodoinamsterdam.com\\\/it\\\/ristoranti-ad-amsterdam\\\/#breadcrumb\"},\"inLanguage\":\"it-IT\",\"potentialAction\":[{\"@type\":\"ReadAction\",\"target\":[\"https:\\\/\\\/thingstodoinamsterdam.com\\\/it\\\/ristoranti-ad-amsterdam\\\/\"]}]},{\"@type\":\"ImageObject\",\"inLanguage\":\"it-IT\",\"@id\":\"https:\\\/\\\/thingstodoinamsterdam.com\\\/it\\\/ristoranti-ad-amsterdam\\\/#primaryimage\",\"url\":\"https:\\\/\\\/thingstodoinamsterdam.com\\\/wp-content\\\/uploads\\\/2019\\\/08\\\/thai-restaurants-amsterdam.jpg\",\"contentUrl\":\"https:\\\/\\\/thingstodoinamsterdam.com\\\/wp-content\\\/uploads\\\/2019\\\/08\\\/thai-restaurants-amsterdam.jpg\",\"width\":240,\"height\":180},{\"@type\":\"BreadcrumbList\",\"@id\":\"https:\\\/\\\/thingstodoinamsterdam.com\\\/it\\\/ristoranti-ad-amsterdam\\\/#breadcrumb\",\"itemListElement\":[{\"@type\":\"ListItem\",\"position\":1,\"name\":\"Cose da fare ad Amsterdam\",\"item\":\"https:\\\/\\\/thingstodoinamsterdam.com\\\/it\\\/\"},{\"@type\":\"ListItem\",\"position\":2,\"name\":\"Ristoranti ad Amsterdam\"}]},{\"@type\":\"WebSite\",\"@id\":\"https:\\\/\\\/thingstodoinamsterdam.com\\\/it\\\/#website\",\"url\":\"https:\\\/\\\/thingstodoinamsterdam.com\\\/it\\\/\",\"name\":\"ThingstodoinAmsterdam.com\",\"description\":\"Amsterdam&#039;s highlights and hidden secrets\",\"publisher\":{\"@id\":\"https:\\\/\\\/thingstodoinamsterdam.com\\\/it\\\/#organization\"},\"potentialAction\":[{\"@type\":\"SearchAction\",\"target\":{\"@type\":\"EntryPoint\",\"urlTemplate\":\"https:\\\/\\\/thingstodoinamsterdam.com\\\/it\\\/?s={search_term_string}\"},\"query-input\":{\"@type\":\"PropertyValueSpecification\",\"valueRequired\":true,\"valueName\":\"search_term_string\"}}],\"inLanguage\":\"it-IT\"},{\"@type\":\"Organization\",\"@id\":\"https:\\\/\\\/thingstodoinamsterdam.com\\\/it\\\/#organization\",\"name\":\"Cose da fare ad Amsterdam\",\"url\":\"https:\\\/\\\/thingstodoinamsterdam.com\\\/it\\\/\",\"logo\":{\"@type\":\"ImageObject\",\"inLanguage\":\"it-IT\",\"@id\":\"https:\\\/\\\/thingstodoinamsterdam.com\\\/it\\\/#\\\/schema\\\/logo\\\/image\\\/\",\"url\":\"https:\\\/\\\/thingstodoinamsterdam.com\\\/wp-content\\\/uploads\\\/2025\\\/02\\\/ThingsToDoInAmsterdam-Favicon-logo.png\",\"contentUrl\":\"https:\\\/\\\/thingstodoinamsterdam.com\\\/wp-content\\\/uploads\\\/2025\\\/02\\\/ThingsToDoInAmsterdam-Favicon-logo.png\",\"width\":512,\"height\":512,\"caption\":\"Cose da fare ad Amsterdam\"},\"image\":{\"@id\":\"https:\\\/\\\/thingstodoinamsterdam.com\\\/it\\\/#\\\/schema\\\/logo\\\/image\\\/\"},\"sameAs\":[\"https:\\\/\\\/www.facebook.com\\\/thingstodoinamsterdamcom\"]}]}<\/script>\n<!-- \/ Yoast SEO plugin. -->","yoast_head_json":{"title":"I migliori ristoranti di Amsterdam: scopri la nostra selezione!","description":"Dai un'occhiata alla nostra selezione dei migliori ristoranti di Amsterdam. Abbiamo scelto locali con diverse cucine e fasce di prezzo.","robots":{"index":"index","follow":"follow","max-snippet":"max-snippet:-1","max-image-preview":"max-image-preview:large","max-video-preview":"max-video-preview:-1"},"canonical":"https:\/\/thingstodoinamsterdam.com\/it\/ristoranti-ad-amsterdam\/","og_locale":"it_IT","og_type":"article","og_title":"I migliori ristoranti di Amsterdam: scopri la nostra selezione!","og_description":"Dai un'occhiata alla nostra selezione dei migliori ristoranti di Amsterdam. Abbiamo scelto locali con diverse cucine e fasce di prezzo.","og_url":"https:\/\/thingstodoinamsterdam.com\/it\/ristoranti-ad-amsterdam\/","og_site_name":"ThingstodoinAmsterdam.com","article_publisher":"https:\/\/www.facebook.com\/thingstodoinamsterdamcom","article_modified_time":"2026-03-03T11:05:37+00:00","og_image":[{"width":240,"height":180,"url":"https:\/\/thingstodoinamsterdam.com\/wp-content\/uploads\/2019\/08\/thai-restaurants-amsterdam.jpg","type":"image\/jpeg"}],"twitter_card":"summary_large_image","twitter_misc":{"Tempo di lettura stimato":"2 minuti"},"schema":{"@context":"https:\/\/schema.org","@graph":[{"@type":"WebPage","@id":"https:\/\/thingstodoinamsterdam.com\/it\/ristoranti-ad-amsterdam\/","url":"https:\/\/thingstodoinamsterdam.com\/it\/ristoranti-ad-amsterdam\/","name":"I migliori ristoranti di Amsterdam: scopri la nostra selezione!","isPartOf":{"@id":"https:\/\/thingstodoinamsterdam.com\/it\/#website"},"primaryImageOfPage":{"@id":"https:\/\/thingstodoinamsterdam.com\/it\/ristoranti-ad-amsterdam\/#primaryimage"},"image":{"@id":"https:\/\/thingstodoinamsterdam.com\/it\/ristoranti-ad-amsterdam\/#primaryimage"},"thumbnailUrl":"https:\/\/thingstodoinamsterdam.com\/wp-content\/uploads\/2019\/08\/thai-restaurants-amsterdam.jpg","datePublished":"2026-02-17T16:21:56+00:00","dateModified":"2026-03-03T11:05:37+00:00","description":"Dai un'occhiata alla nostra selezione dei migliori ristoranti di Amsterdam. Abbiamo scelto locali con diverse cucine e fasce di prezzo.","breadcrumb":{"@id":"https:\/\/thingstodoinamsterdam.com\/it\/ristoranti-ad-amsterdam\/#breadcrumb"},"inLanguage":"it-IT","potentialAction":[{"@type":"ReadAction","target":["https:\/\/thingstodoinamsterdam.com\/it\/ristoranti-ad-amsterdam\/"]}]},{"@type":"ImageObject","inLanguage":"it-IT","@id":"https:\/\/thingstodoinamsterdam.com\/it\/ristoranti-ad-amsterdam\/#primaryimage","url":"https:\/\/thingstodoinamsterdam.com\/wp-content\/uploads\/2019\/08\/thai-restaurants-amsterdam.jpg","contentUrl":"https:\/\/thingstodoinamsterdam.com\/wp-content\/uploads\/2019\/08\/thai-restaurants-amsterdam.jpg","width":240,"height":180},{"@type":"BreadcrumbList","@id":"https:\/\/thingstodoinamsterdam.com\/it\/ristoranti-ad-amsterdam\/#breadcrumb","itemListElement":[{"@type":"ListItem","position":1,"name":"Cose da fare ad Amsterdam","item":"https:\/\/thingstodoinamsterdam.com\/it\/"},{"@type":"ListItem","position":2,"name":"Ristoranti ad Amsterdam"}]},{"@type":"WebSite","@id":"https:\/\/thingstodoinamsterdam.com\/it\/#website","url":"https:\/\/thingstodoinamsterdam.com\/it\/","name":"ThingstodoinAmsterdam.com","description":"Amsterdam&#039;s highlights and hidden secrets","publisher":{"@id":"https:\/\/thingstodoinamsterdam.com\/it\/#organization"},"potentialAction":[{"@type":"SearchAction","target":{"@type":"EntryPoint","urlTemplate":"https:\/\/thingstodoinamsterdam.com\/it\/?s={search_term_string}"},"query-input":{"@type":"PropertyValueSpecification","valueRequired":true,"valueName":"search_term_string"}}],"inLanguage":"it-IT"},{"@type":"Organization","@id":"https:\/\/thingstodoinamsterdam.com\/it\/#organization","name":"Cose da fare ad Amsterdam","url":"https:\/\/thingstodoinamsterdam.com\/it\/","logo":{"@type":"ImageObject","inLanguage":"it-IT","@id":"https:\/\/thingstodoinamsterdam.com\/it\/#\/schema\/logo\/image\/","url":"https:\/\/thingstodoinamsterdam.com\/wp-content\/uploads\/2025\/02\/ThingsToDoInAmsterdam-Favicon-logo.png","contentUrl":"https:\/\/thingstodoinamsterdam.com\/wp-content\/uploads\/2025\/02\/ThingsToDoInAmsterdam-Favicon-logo.png","width":512,"height":512,"caption":"Cose da fare ad Amsterdam"},"image":{"@id":"https:\/\/thingstodoinamsterdam.com\/it\/#\/schema\/logo\/image\/"},"sameAs":["https:\/\/www.facebook.com\/thingstodoinamsterdamcom"]}]}},"_links":{"self":[{"href":"https:\/\/thingstodoinamsterdam.com\/it\/wp-json\/wp\/v2\/pages\/2533721","targetHints":{"allow":["GET"]}}],"collection":[{"href":"https:\/\/thingstodoinamsterdam.com\/it\/wp-json\/wp\/v2\/pages"}],"about":[{"href":"https:\/\/thingstodoinamsterdam.com\/it\/wp-json\/wp\/v2\/types\/page"}],"author":[{"embeddable":true,"href":"https:\/\/thingstodoinamsterdam.com\/it\/wp-json\/wp\/v2\/users\/1"}],"replies":[{"embeddable":true,"href":"https:\/\/thingstodoinamsterdam.com\/it\/wp-json\/wp\/v2\/comments?post=2533721"}],"version-history":[{"count":5,"href":"https:\/\/thingstodoinamsterdam.com\/it\/wp-json\/wp\/v2\/pages\/2533721\/revisions"}],"predecessor-version":[{"id":2534023,"href":"https:\/\/thingstodoinamsterdam.com\/it\/wp-json\/wp\/v2\/pages\/2533721\/revisions\/2534023"}],"wp:featuredmedia":[{"embeddable":true,"href":"https:\/\/thingstodoinamsterdam.com\/it\/wp-json\/wp\/v2\/media\/2533723"}],"wp:attachment":[{"href":"https:\/\/thingstodoinamsterdam.com\/it\/wp-json\/wp\/v2\/media?parent=2533721"}],"curies":[{"name":"wp","href":"https:\/\/api.w.org\/{rel}","templated":true}]}}