{"id":2533837,"date":"2026-02-17T17:52:22","date_gmt":"2026-02-17T16:52:22","guid":{"rendered":"https:\/\/thingstodoinamsterdam.com\/luoghi-da-visitare-e-attrazioni-ad-amsterdam\/scopri-il-begijnhof-di-amsterdam-unoasi-di-pace\/"},"modified":"2026-02-17T17:52:26","modified_gmt":"2026-02-17T16:52:26","slug":"scopri-il-begijnhof-di-amsterdam-unoasi-di-pace","status":"publish","type":"page","link":"https:\/\/thingstodoinamsterdam.com\/it\/luoghi-da-visitare-e-attrazioni-ad-amsterdam\/scopri-il-begijnhof-di-amsterdam-unoasi-di-pace\/","title":{"rendered":"Scopri il Begijnhof di Amsterdam: un&#8217;oasi di pace!"},"content":{"rendered":"<div class=\"wpb-content-wrapper\"><p>[vc_row][vc_column][vc_column_text]<a href=\"https:\/\/thingstodoinamsterdam.com\/it\/\">Amsterdam<\/a> \u00e8 una citt\u00e0 che non smette mai di stupire i visitatori. Dalle antiche chiese (<a href=\"https:\/\/thingstodoinamsterdam.com\/places-sightseeing-amsterdam\/de-oude-kerk\/\">Oude Kerk<\/a> e <a href=\"https:\/\/thingstodoinamsterdam.com\/places-sightseeing-amsterdam\/nieuwe-kerk\/\">Nieuwe Kerk<\/a>) al <a href=\"https:\/\/thingstodoinamsterdam.com\/it\/quartiere-a-luci-rosse\/\">Quartiere a Luci Rosse<\/a> e alla bellissima <a href=\"https:\/\/thingstodoinamsterdam.com\/it\/crociera-canali\/\">cerchia dei canali<\/a>, questa citt\u00e0 \u00e8 antica e merita una visita. Il Begijnhof di Amsterdam \u00e8 un&#8217;oasi di pace nel vivace centro di Amsterdam. \u00c8 uno dei pi\u00f9 antichi \u201chofjes\u201d di Amsterdam. \u201cHofje\u201d \u00e8 una parola olandese che indica un cortile circondato da case di carit\u00e0. Esistono fin dal Medioevo e offrivano alloggio agli anziani (soprattutto donne). Erano finanziati privatamente e fungevano da forma di previdenza sociale.      <\/p><div id=\"ez-toc-container\" class=\"ez-toc-v2_0_82_2 counter-hierarchy ez-toc-counter ez-toc-custom ez-toc-container-direction\">\n<div class=\"ez-toc-title-container\">\n<span class=\"ez-toc-title-toggle\"><a href=\"#\" class=\"ez-toc-pull-right ez-toc-btn ez-toc-btn-xs ez-toc-btn-default ez-toc-toggle\" aria-label=\"Toggle Table of Content\"><span class=\"ez-toc-js-icon-con\"><span class=\"\"><span class=\"eztoc-hide\" style=\"display:none;\">Toggle<\/span><span class=\"ez-toc-icon-toggle-span\"><svg style=\"fill: #999;color:#999\" xmlns=\"http:\/\/www.w3.org\/2000\/svg\" class=\"list-377408\" width=\"20px\" height=\"20px\" viewBox=\"0 0 24 24\" fill=\"none\"><path d=\"M6 6H4v2h2V6zm14 0H8v2h12V6zM4 11h2v2H4v-2zm16 0H8v2h12v-2zM4 16h2v2H4v-2zm16 0H8v2h12v-2z\" fill=\"currentColor\"><\/path><\/svg><svg style=\"fill: #999;color:#999\" class=\"arrow-unsorted-368013\" xmlns=\"http:\/\/www.w3.org\/2000\/svg\" width=\"10px\" height=\"10px\" viewBox=\"0 0 24 24\" version=\"1.2\" baseProfile=\"tiny\"><path d=\"M18.2 9.3l-6.2-6.3-6.2 6.3c-.2.2-.3.4-.3.7s.1.5.3.7c.2.2.4.3.7.3h11c.3 0 .5-.1.7-.3.2-.2.3-.5.3-.7s-.1-.5-.3-.7zM5.8 14.7l6.2 6.3 6.2-6.3c.2-.2.3-.5.3-.7s-.1-.5-.3-.7c-.2-.2-.4-.3-.7-.3h-11c-.3 0-.5.1-.7.3-.2.2-.3.5-.3.7s.1.5.3.7z\"\/><\/svg><\/span><\/span><\/span><\/a><\/span><\/div>\n<nav><ul class='ez-toc-list ez-toc-list-level-1 ' ><li class='ez-toc-page-1 ez-toc-heading-level-2'><a class=\"ez-toc-link ez-toc-heading-1\" href=\"https:\/\/thingstodoinamsterdam.com\/it\/luoghi-da-visitare-e-attrazioni-ad-amsterdam\/scopri-il-begijnhof-di-amsterdam-unoasi-di-pace\/#storia-del-begijnhof-di-amsterdam\" >Storia del Begijnhof di Amsterdam<\/a><\/li><li class='ez-toc-page-1 ez-toc-heading-level-2'><a class=\"ez-toc-link ez-toc-heading-2\" href=\"https:\/\/thingstodoinamsterdam.com\/it\/luoghi-da-visitare-e-attrazioni-ad-amsterdam\/scopri-il-begijnhof-di-amsterdam-unoasi-di-pace\/#indirizzo-e-orari-di-apertura-del-begijnhof-di-amsterdam\" >Indirizzo e orari di apertura del Begijnhof di Amsterdam<\/a><\/li><li class='ez-toc-page-1 ez-toc-heading-level-2'><a class=\"ez-toc-link ez-toc-heading-3\" href=\"https:\/\/thingstodoinamsterdam.com\/it\/luoghi-da-visitare-e-attrazioni-ad-amsterdam\/scopri-il-begijnhof-di-amsterdam-unoasi-di-pace\/#come-arrivare-al-begijnhof-di-amsterdam\" >Come arrivare al Begijnhof di Amsterdam<\/a><\/li><li class='ez-toc-page-1 ez-toc-heading-level-2'><a class=\"ez-toc-link ez-toc-heading-4\" href=\"https:\/\/thingstodoinamsterdam.com\/it\/luoghi-da-visitare-e-attrazioni-ad-amsterdam\/scopri-il-begijnhof-di-amsterdam-unoasi-di-pace\/#a-piedi\" >A piedi<\/a><\/li><\/ul><\/nav><\/div>\n\n<p>Come suggerisce il nome, il Begijnhof era originariamente un beghinaggio fondato nel quattordicesimo secolo. Un beghinaggio, dal termine francese b\u00e9guinage, \u00e8 un complesso architettonico creato per ospitare le beghine: donne religiose che vivevano in comunit\u00e0 senza prendere i voti o ritirarsi dal mondo. In origine, le facciate posteriori del Begijnhof davano sull&#8217;acqua. L&#8217;interramento, tra le altre cose, dello Spui e del Begijnensloot ha fatto scomparire l&#8217;acqua circostante.   <\/p>\n<h2><img decoding=\"async\" class=\"aligncenter wp-image-7247 size-full\" src=\"https:\/\/thingstodoinamsterdam.com\/wp-content\/uploads\/2019\/08\/Begijnhof-Amsterdam.jpg\" alt=\"Begijnhof Amsterdam\" width=\"1024\" height=\"768\"><\/h2>\n<h2><\/h2>\n<h2><span class=\"ez-toc-section\" id=\"storia-del-begijnhof-di-amsterdam\"><\/span>Storia del Begijnhof di Amsterdam<span class=\"ez-toc-section-end\"><\/span><\/h2>\n<p>Intorno all&#8217;anno 1150, un gruppo di donne pie decise di unirsi in una comunit\u00e0 religiosa, con l&#8217;obiettivo primario di prendersi cura dei malati e fornire istruzione. Queste furono le prime \u201cbeghine\u201d, anche se all&#8217;epoca non venivano chiamate con questo nome. Le donne non erano suore e non vivevano tutta la vita nell&#8217;isolamento di un monastero. Anche se dovevano essere nubili, potevano revocare i loro voti in qualsiasi momento e lasciare il beghinaggio per motivi come il matrimonio o per stare con la famiglia.   <\/p>\n<p>Le origini del cortile del Begijnhof di Amsterdam risalgono alla seconda met\u00e0 del quattordicesimo secolo. L&#8217;anno esatto della fondazione \u00e8 sconosciuto. Situato proprio dietro l&#8217; <a href=\"https:\/\/thingstodoinamsterdam.com\/museum-amsterdam\/amsterdam-museum\/\">Amsterdam City Museum<\/a>, il beghinaggio \u00e8 diventato oggi un&#8217;oasi di pace nel cuore pulsante del centro citt\u00e0. Il Begijnhof era composto da piccole case e una chiesa, attorno a un cortile che veniva sempre chiuso la sera. Durante la Riforma, le beghine dovettero cedere la loro chiesa agli inglesi e da allora \u00e8 stata chiamata la \u201cChiesa Inglese\u201d. Nel corso del tempo, le case medievali sono state ricostruite o sostituite, ma la facciata della casa al numero 34 \u00e8 stata conservata. La casa risale alla seconda met\u00e0 del XV secolo ed \u00e8 stata ricostruita nel 1957 utilizzando i materiali originali.      <\/p>\n<p>Il Begijnhof di Amsterdam \u00e8 in gran parte aperto ai visitatori. La parte settentrionale, dove si trovano solo abitazioni, \u00e8 accessibile solo ai residenti delle case e ai loro ospiti. Nel giardino si trova, tra le altre cose, una statua di una beghina. La maggior parte delle facciate del beghinaggio risale al XVII e XVIII secolo. Le case stesse sono spesso pi\u00f9 antiche delle facciate. La facciata della casa di legno al Begijnhof 34 \u00e8 la pi\u00f9 singolare di tutte. All&#8217;interno del cortile si trovano la Chiesa Riformata Inglese e la Cappella del Beghinaggio.[\/vc_column_text][\/vc_column][\/vc_row][vc_row][vc_column][vc_video link=&#8221;https:\/\/www.youtube.com\/watch?v=DOijtdMUPGo&#8221; title=&#8221;Un video sul Begijnhof di Amsterdam&#8221;][\/vc_column][\/vc_row][vc_row][vc_column][vc_column_text]<\/p>\n<h2><span class=\"ez-toc-section\" id=\"indirizzo-e-orari-di-apertura-del-begijnhof-di-amsterdam\"><\/span>Indirizzo e orari di apertura del Begijnhof di Amsterdam<span class=\"ez-toc-section-end\"><\/span><\/h2>\n<p>Il beghinaggio \u00e8 aperto tutti i giorni ai visitatori dalle <strong>9:00<\/strong> alle <strong>17:00<\/strong> e chiuso la domenica. Ci sono due ingressi: sul lato nord dello Spui e sul Gedempte Begijnensloot (nel proseguimento della Schuttersgalerij). <\/p>\n<p><strong>Indirizzo<br \/>\n<\/strong>Beghinaggio di Amsterdam<br \/>\nNieuwezijds voorburgwal 371<br \/>\n1012 AB Amsterdam<br \/>\n+31 (0)20 622 1918<br \/>\n<a href=\"https:\/\/begijnhofkapelamsterdam.nl\/english-information\/\">https:\/\/begijnhofkapelamsterdam.nl\/<\/a><\/p>\n<p>L&#8217;ingresso \u00e8 gratuito.[\/vc_column_text][\/vc_column][\/vc_row][vc_row][vc_column][vc_column_text]<\/p>\n<h2><span class=\"ez-toc-section\" id=\"come-arrivare-al-begijnhof-di-amsterdam\"><\/span>Come arrivare al Begijnhof di Amsterdam<span class=\"ez-toc-section-end\"><\/span><\/h2>\n<p>Il cortile del Begijnhof \u00e8 racchiuso tra Kalverstraat, Spui e Nieuwezijds Voorburgwal. Ci sono ingressi sul lato nord dello Spui e sul Gedempte Begijnensloot. Il Begijnhof \u00e8 raggiungibile dalla <a href=\"https:\/\/thingstodoinamsterdam.com\/it\/trasporti-ad-amsterdam\/stazione-centrale-di-amsterdam\/\">Stazione Centrale di Amsterdam<\/a> e da <a href=\"https:\/\/thingstodoinamsterdam.com\/places-sightseeing-amsterdam\/leidseplein\/\">Leidseplein<\/a> tramite tram e anche a piedi.  <\/p>\n<p><strong>Dalla Stazione Centrale di Amsterdam in tram:<\/strong> Tram 4, 12, 14 e 24 &#8211; Fermata <strong>SPUI<\/strong> e cammina fino a <strong>Nieuwezijds Voorburgwal<\/strong>.<\/p>\n<p><strong>Da Leidseplein in tram:<\/strong> Tram 2, 11 e 12 &#8211; Fermata <strong>SPUI<\/strong> e cammina fino a <strong>Nieuwezijds Voorburgwal<\/strong>.<\/p>\n<h2><span class=\"ez-toc-section\" id=\"a-piedi\"><\/span>A piedi<span class=\"ez-toc-section-end\"><\/span><\/h2>\n<p>Se vuoi andare a piedi dalla Stazione Centrale di Amsterdam, devi percorrere la via dello shopping Kalverstraat verso <a href=\"https:\/\/thingstodoinamsterdam.com\/dam-square\/\">Piazza Dam<\/a>, <a href=\"https:\/\/thingstodoinamsterdam.com\/museum-amsterdam\/madame-tussauds-wax-museum-amsterdam\/\">Madame Tussauds<\/a> e <a href=\"https:\/\/thingstodoinamsterdam.com\/it\/musei-ad-amsterdam\/ripleys-believe-it-or-not-amsterdam\/\">Ripley&#8217;s Believe It or Not!<\/a> La Kalverstraat conduce fino allo Spui e il Begijnhof si trova proprio dietro l&#8217; <a href=\"https:\/\/thingstodoinamsterdam.com\/museum-amsterdam\/amsterdam-museum\/\">Amsterdam Museum<\/a>.[\/vc_column_text][\/vc_column][\/vc_row][vc_row][vc_column][g_map heading=&#8221;Begijnhof Amsterdam on the City Map&#8221; el_id=&#8221;1565191969222-4f3be406-d955&#8243;]<iframe style=\"border: 0;\" src=\"https:\/\/www.google.com\/maps\/embed?pb=!1m18!1m12!1m3!1d2436.044164868093!2d4.887961015801877!3d52.369619179786014!2m3!1f0!2f0!3f0!3m2!1i1024!2i768!4f13.1!3m3!1m2!1s0x47c609c10ab92779%3A0xdb03cc5fdb4c1975!2sBegijnhof!5e0!3m2!1sen!2snl!4v1551972200833\" width=\"600\" height=\"450\" frameborder=\"0\" allowfullscreen=\"allowfullscreen\"><\/iframe>[\/g_map][\/vc_column][\/vc_row][vc_row][vc_column][promo_block style_var=&#8221;style2&#8243; el_id=&#8221;1565192062938-e350daa9-35a8&#8243;][promo link=&#8221;url:https%3A%2F%2Fthingstodoinamsterdam.com%2Fmuseum-amsterdam%2Famsterdam-museum%2F|title:Amsterdam%20City%20Museum||&#8221; text=&#8221;Scopri tutto su Amsterdam visitando il museo della citt\u00e0!&#8221; img=&#8221;2614&#8243;][promo link=&#8221;url:https%3A%2F%2Fthingstodoinamsterdam.com%2Fmuseum-amsterdam%2Fripleys-believe-it-or-not%2F|title:Ripley%E2%80%99s%20Believe%20It%20or%20Not!||&#8221; text=&#8221;Scopri il meraviglioso mondo dell&#8217;insolito e del bizzarro da Ripley&#8217;s Believe It or Not!&#8221; img=&#8221;2400&#8243;][promo link=&#8221;url:https%3A%2F%2Fthingstodoinamsterdam.com%2Fmuseum-amsterdam%2Fmadame-tussauds-wax-museum-amsterdam%2F|title:Madame%20Tussauds||&#8221; text=&#8221;Scatta un selfie con la famiglia reale olandese!&#8221; img=&#8221;2233&#8243;][\/promo_block][\/vc_column][\/vc_row][vc_row][vc_column][reviews item_name=&#8221;Begijnhof Amsterdam&#8221; item_image=&#8221;1575&#8243; item_tel=&#8221;+31 (0)20 622 1918&#8243; item_web=&#8221;https:\/\/www.amsterdamoudestad.nl\/bezienswaardigheden\/bezienswaardigheden-oude-binnenstad\/begijnhof&#8221; item_address=&#8221;Nieuwezijds Voorburgwal 371&#8243; item_city=&#8221;Amsterdam&#8221; item_postal_code=&#8221;1012 RS&#8221; item_country=&#8221;NL&#8221; el_id=&#8221;1565191985801-17005e04-1855&#8243;][\/reviews][\/vc_column][\/vc_row]<\/p>\n<\/div>","protected":false},"excerpt":{"rendered":"<p>[vc_row][vc_column][vc_column_text]Amsterdam \u00e8 una citt\u00e0 che non smette mai di stupire i visitatori. Dalle antiche chiese (Oude Kerk e Nieuwe Kerk) al Quartiere a Luci Rosse\u2026<\/p>\n","protected":false},"author":3,"featured_media":2533838,"parent":2533227,"menu_order":0,"comment_status":"closed","ping_status":"closed","template":"","meta":{"footnotes":""},"class_list":["post-2533837","page","type-page","status-publish","has-post-thumbnail","hentry"],"yoast_head":"<!-- This site is optimized with the Yoast SEO plugin v27.4 - https:\/\/yoast.com\/product\/yoast-seo-wordpress\/ -->\n<title>Scopri il Begijnhof di Amsterdam: un&#039;oasi di pace nel centro della citt\u00e0<\/title>\n<meta name=\"description\" content=\"Il Begijnhof di Amsterdam si trova nel cuore della citt\u00e0. In origine era un beghinaggio fondato nel XIV secolo e ospitava donne religiose laiche.\" \/>\n<meta name=\"robots\" content=\"index, follow, max-snippet:-1, max-image-preview:large, max-video-preview:-1\" \/>\n<link rel=\"canonical\" href=\"https:\/\/thingstodoinamsterdam.com\/it\/luoghi-da-visitare-e-attrazioni-ad-amsterdam\/scopri-il-begijnhof-di-amsterdam-unoasi-di-pace\/\" \/>\n<meta property=\"og:locale\" content=\"it_IT\" \/>\n<meta property=\"og:type\" content=\"article\" \/>\n<meta property=\"og:title\" content=\"Scopri il Begijnhof di Amsterdam: un&#039;oasi di pace nel centro della citt\u00e0\" \/>\n<meta property=\"og:description\" content=\"Il Begijnhof di Amsterdam si trova nel cuore della citt\u00e0. In origine era un beghinaggio fondato nel XIV secolo e ospitava donne religiose laiche.\" \/>\n<meta property=\"og:url\" content=\"https:\/\/thingstodoinamsterdam.com\/it\/luoghi-da-visitare-e-attrazioni-ad-amsterdam\/scopri-il-begijnhof-di-amsterdam-unoasi-di-pace\/\" \/>\n<meta property=\"og:site_name\" content=\"ThingstodoinAmsterdam.com\" \/>\n<meta property=\"article:publisher\" content=\"https:\/\/www.facebook.com\/thingstodoinamsterdamcom\" \/>\n<meta property=\"article:modified_time\" content=\"2026-02-17T16:52:26+00:00\" \/>\n<meta property=\"og:image\" content=\"https:\/\/thingstodoinamsterdam.com\/wp-content\/uploads\/2019\/08\/Amsterdams-Begijnhof.jpg\" \/>\n\t<meta property=\"og:image:width\" content=\"2048\" \/>\n\t<meta property=\"og:image:height\" content=\"1365\" \/>\n\t<meta property=\"og:image:type\" content=\"image\/jpeg\" \/>\n<meta name=\"twitter:card\" content=\"summary_large_image\" \/>\n<meta name=\"twitter:label1\" content=\"Tempo di lettura stimato\" \/>\n\t<meta name=\"twitter:data1\" content=\"4 minuti\" \/>\n<script type=\"application\/ld+json\" class=\"yoast-schema-graph\">{\"@context\":\"https:\\\/\\\/schema.org\",\"@graph\":[{\"@type\":\"WebPage\",\"@id\":\"https:\\\/\\\/thingstodoinamsterdam.com\\\/it\\\/luoghi-da-visitare-e-attrazioni-ad-amsterdam\\\/scopri-il-begijnhof-di-amsterdam-unoasi-di-pace\\\/\",\"url\":\"https:\\\/\\\/thingstodoinamsterdam.com\\\/it\\\/luoghi-da-visitare-e-attrazioni-ad-amsterdam\\\/scopri-il-begijnhof-di-amsterdam-unoasi-di-pace\\\/\",\"name\":\"Scopri il Begijnhof di Amsterdam: un'oasi di pace nel centro della citt\u00e0\",\"isPartOf\":{\"@id\":\"https:\\\/\\\/thingstodoinamsterdam.com\\\/it\\\/#website\"},\"primaryImageOfPage\":{\"@id\":\"https:\\\/\\\/thingstodoinamsterdam.com\\\/it\\\/luoghi-da-visitare-e-attrazioni-ad-amsterdam\\\/scopri-il-begijnhof-di-amsterdam-unoasi-di-pace\\\/#primaryimage\"},\"image\":{\"@id\":\"https:\\\/\\\/thingstodoinamsterdam.com\\\/it\\\/luoghi-da-visitare-e-attrazioni-ad-amsterdam\\\/scopri-il-begijnhof-di-amsterdam-unoasi-di-pace\\\/#primaryimage\"},\"thumbnailUrl\":\"https:\\\/\\\/thingstodoinamsterdam.com\\\/wp-content\\\/uploads\\\/2019\\\/08\\\/Amsterdams-Begijnhof.jpg\",\"datePublished\":\"2026-02-17T16:52:22+00:00\",\"dateModified\":\"2026-02-17T16:52:26+00:00\",\"description\":\"Il Begijnhof di Amsterdam si trova nel cuore della citt\u00e0. In origine era un beghinaggio fondato nel XIV secolo e ospitava donne religiose laiche.\",\"breadcrumb\":{\"@id\":\"https:\\\/\\\/thingstodoinamsterdam.com\\\/it\\\/luoghi-da-visitare-e-attrazioni-ad-amsterdam\\\/scopri-il-begijnhof-di-amsterdam-unoasi-di-pace\\\/#breadcrumb\"},\"inLanguage\":\"it-IT\",\"potentialAction\":[{\"@type\":\"ReadAction\",\"target\":[\"https:\\\/\\\/thingstodoinamsterdam.com\\\/it\\\/luoghi-da-visitare-e-attrazioni-ad-amsterdam\\\/scopri-il-begijnhof-di-amsterdam-unoasi-di-pace\\\/\"]}]},{\"@type\":\"ImageObject\",\"inLanguage\":\"it-IT\",\"@id\":\"https:\\\/\\\/thingstodoinamsterdam.com\\\/it\\\/luoghi-da-visitare-e-attrazioni-ad-amsterdam\\\/scopri-il-begijnhof-di-amsterdam-unoasi-di-pace\\\/#primaryimage\",\"url\":\"https:\\\/\\\/thingstodoinamsterdam.com\\\/wp-content\\\/uploads\\\/2019\\\/08\\\/Amsterdams-Begijnhof.jpg\",\"contentUrl\":\"https:\\\/\\\/thingstodoinamsterdam.com\\\/wp-content\\\/uploads\\\/2019\\\/08\\\/Amsterdams-Begijnhof.jpg\",\"width\":2048,\"height\":1365},{\"@type\":\"BreadcrumbList\",\"@id\":\"https:\\\/\\\/thingstodoinamsterdam.com\\\/it\\\/luoghi-da-visitare-e-attrazioni-ad-amsterdam\\\/scopri-il-begijnhof-di-amsterdam-unoasi-di-pace\\\/#breadcrumb\",\"itemListElement\":[{\"@type\":\"ListItem\",\"position\":1,\"name\":\"Cose da fare ad Amsterdam\",\"item\":\"https:\\\/\\\/thingstodoinamsterdam.com\\\/it\\\/\"},{\"@type\":\"ListItem\",\"position\":2,\"name\":\"Luoghi da visitare e attrazioni ad Amsterdam\",\"item\":\"https:\\\/\\\/thingstodoinamsterdam.com\\\/it\\\/luoghi-da-visitare-e-attrazioni-ad-amsterdam\\\/\"},{\"@type\":\"ListItem\",\"position\":3,\"name\":\"Scopri il Begijnhof di Amsterdam: un&#8217;oasi di pace!\"}]},{\"@type\":\"WebSite\",\"@id\":\"https:\\\/\\\/thingstodoinamsterdam.com\\\/it\\\/#website\",\"url\":\"https:\\\/\\\/thingstodoinamsterdam.com\\\/it\\\/\",\"name\":\"ThingstodoinAmsterdam.com\",\"description\":\"Amsterdam&#039;s highlights and hidden secrets\",\"publisher\":{\"@id\":\"https:\\\/\\\/thingstodoinamsterdam.com\\\/it\\\/#organization\"},\"potentialAction\":[{\"@type\":\"SearchAction\",\"target\":{\"@type\":\"EntryPoint\",\"urlTemplate\":\"https:\\\/\\\/thingstodoinamsterdam.com\\\/it\\\/?s={search_term_string}\"},\"query-input\":{\"@type\":\"PropertyValueSpecification\",\"valueRequired\":true,\"valueName\":\"search_term_string\"}}],\"inLanguage\":\"it-IT\"},{\"@type\":\"Organization\",\"@id\":\"https:\\\/\\\/thingstodoinamsterdam.com\\\/it\\\/#organization\",\"name\":\"Cose da fare ad Amsterdam\",\"url\":\"https:\\\/\\\/thingstodoinamsterdam.com\\\/it\\\/\",\"logo\":{\"@type\":\"ImageObject\",\"inLanguage\":\"it-IT\",\"@id\":\"https:\\\/\\\/thingstodoinamsterdam.com\\\/it\\\/#\\\/schema\\\/logo\\\/image\\\/\",\"url\":\"https:\\\/\\\/thingstodoinamsterdam.com\\\/wp-content\\\/uploads\\\/2025\\\/02\\\/ThingsToDoInAmsterdam-Favicon-logo.png\",\"contentUrl\":\"https:\\\/\\\/thingstodoinamsterdam.com\\\/wp-content\\\/uploads\\\/2025\\\/02\\\/ThingsToDoInAmsterdam-Favicon-logo.png\",\"width\":512,\"height\":512,\"caption\":\"Cose da fare ad Amsterdam\"},\"image\":{\"@id\":\"https:\\\/\\\/thingstodoinamsterdam.com\\\/it\\\/#\\\/schema\\\/logo\\\/image\\\/\"},\"sameAs\":[\"https:\\\/\\\/www.facebook.com\\\/thingstodoinamsterdamcom\"]}]}<\/script>\n<!-- \/ Yoast SEO plugin. -->","yoast_head_json":{"title":"Scopri il Begijnhof di Amsterdam: un'oasi di pace nel centro della citt\u00e0","description":"Il Begijnhof di Amsterdam si trova nel cuore della citt\u00e0. In origine era un beghinaggio fondato nel XIV secolo e ospitava donne religiose laiche.","robots":{"index":"index","follow":"follow","max-snippet":"max-snippet:-1","max-image-preview":"max-image-preview:large","max-video-preview":"max-video-preview:-1"},"canonical":"https:\/\/thingstodoinamsterdam.com\/it\/luoghi-da-visitare-e-attrazioni-ad-amsterdam\/scopri-il-begijnhof-di-amsterdam-unoasi-di-pace\/","og_locale":"it_IT","og_type":"article","og_title":"Scopri il Begijnhof di Amsterdam: un'oasi di pace nel centro della citt\u00e0","og_description":"Il Begijnhof di Amsterdam si trova nel cuore della citt\u00e0. In origine era un beghinaggio fondato nel XIV secolo e ospitava donne religiose laiche.","og_url":"https:\/\/thingstodoinamsterdam.com\/it\/luoghi-da-visitare-e-attrazioni-ad-amsterdam\/scopri-il-begijnhof-di-amsterdam-unoasi-di-pace\/","og_site_name":"ThingstodoinAmsterdam.com","article_publisher":"https:\/\/www.facebook.com\/thingstodoinamsterdamcom","article_modified_time":"2026-02-17T16:52:26+00:00","og_image":[{"width":2048,"height":1365,"url":"https:\/\/thingstodoinamsterdam.com\/wp-content\/uploads\/2019\/08\/Amsterdams-Begijnhof.jpg","type":"image\/jpeg"}],"twitter_card":"summary_large_image","twitter_misc":{"Tempo di lettura stimato":"4 minuti"},"schema":{"@context":"https:\/\/schema.org","@graph":[{"@type":"WebPage","@id":"https:\/\/thingstodoinamsterdam.com\/it\/luoghi-da-visitare-e-attrazioni-ad-amsterdam\/scopri-il-begijnhof-di-amsterdam-unoasi-di-pace\/","url":"https:\/\/thingstodoinamsterdam.com\/it\/luoghi-da-visitare-e-attrazioni-ad-amsterdam\/scopri-il-begijnhof-di-amsterdam-unoasi-di-pace\/","name":"Scopri il Begijnhof di Amsterdam: un'oasi di pace nel centro della citt\u00e0","isPartOf":{"@id":"https:\/\/thingstodoinamsterdam.com\/it\/#website"},"primaryImageOfPage":{"@id":"https:\/\/thingstodoinamsterdam.com\/it\/luoghi-da-visitare-e-attrazioni-ad-amsterdam\/scopri-il-begijnhof-di-amsterdam-unoasi-di-pace\/#primaryimage"},"image":{"@id":"https:\/\/thingstodoinamsterdam.com\/it\/luoghi-da-visitare-e-attrazioni-ad-amsterdam\/scopri-il-begijnhof-di-amsterdam-unoasi-di-pace\/#primaryimage"},"thumbnailUrl":"https:\/\/thingstodoinamsterdam.com\/wp-content\/uploads\/2019\/08\/Amsterdams-Begijnhof.jpg","datePublished":"2026-02-17T16:52:22+00:00","dateModified":"2026-02-17T16:52:26+00:00","description":"Il Begijnhof di Amsterdam si trova nel cuore della citt\u00e0. In origine era un beghinaggio fondato nel XIV secolo e ospitava donne religiose laiche.","breadcrumb":{"@id":"https:\/\/thingstodoinamsterdam.com\/it\/luoghi-da-visitare-e-attrazioni-ad-amsterdam\/scopri-il-begijnhof-di-amsterdam-unoasi-di-pace\/#breadcrumb"},"inLanguage":"it-IT","potentialAction":[{"@type":"ReadAction","target":["https:\/\/thingstodoinamsterdam.com\/it\/luoghi-da-visitare-e-attrazioni-ad-amsterdam\/scopri-il-begijnhof-di-amsterdam-unoasi-di-pace\/"]}]},{"@type":"ImageObject","inLanguage":"it-IT","@id":"https:\/\/thingstodoinamsterdam.com\/it\/luoghi-da-visitare-e-attrazioni-ad-amsterdam\/scopri-il-begijnhof-di-amsterdam-unoasi-di-pace\/#primaryimage","url":"https:\/\/thingstodoinamsterdam.com\/wp-content\/uploads\/2019\/08\/Amsterdams-Begijnhof.jpg","contentUrl":"https:\/\/thingstodoinamsterdam.com\/wp-content\/uploads\/2019\/08\/Amsterdams-Begijnhof.jpg","width":2048,"height":1365},{"@type":"BreadcrumbList","@id":"https:\/\/thingstodoinamsterdam.com\/it\/luoghi-da-visitare-e-attrazioni-ad-amsterdam\/scopri-il-begijnhof-di-amsterdam-unoasi-di-pace\/#breadcrumb","itemListElement":[{"@type":"ListItem","position":1,"name":"Cose da fare ad Amsterdam","item":"https:\/\/thingstodoinamsterdam.com\/it\/"},{"@type":"ListItem","position":2,"name":"Luoghi da visitare e attrazioni ad Amsterdam","item":"https:\/\/thingstodoinamsterdam.com\/it\/luoghi-da-visitare-e-attrazioni-ad-amsterdam\/"},{"@type":"ListItem","position":3,"name":"Scopri il Begijnhof di Amsterdam: un&#8217;oasi di pace!"}]},{"@type":"WebSite","@id":"https:\/\/thingstodoinamsterdam.com\/it\/#website","url":"https:\/\/thingstodoinamsterdam.com\/it\/","name":"ThingstodoinAmsterdam.com","description":"Amsterdam&#039;s highlights and hidden secrets","publisher":{"@id":"https:\/\/thingstodoinamsterdam.com\/it\/#organization"},"potentialAction":[{"@type":"SearchAction","target":{"@type":"EntryPoint","urlTemplate":"https:\/\/thingstodoinamsterdam.com\/it\/?s={search_term_string}"},"query-input":{"@type":"PropertyValueSpecification","valueRequired":true,"valueName":"search_term_string"}}],"inLanguage":"it-IT"},{"@type":"Organization","@id":"https:\/\/thingstodoinamsterdam.com\/it\/#organization","name":"Cose da fare ad Amsterdam","url":"https:\/\/thingstodoinamsterdam.com\/it\/","logo":{"@type":"ImageObject","inLanguage":"it-IT","@id":"https:\/\/thingstodoinamsterdam.com\/it\/#\/schema\/logo\/image\/","url":"https:\/\/thingstodoinamsterdam.com\/wp-content\/uploads\/2025\/02\/ThingsToDoInAmsterdam-Favicon-logo.png","contentUrl":"https:\/\/thingstodoinamsterdam.com\/wp-content\/uploads\/2025\/02\/ThingsToDoInAmsterdam-Favicon-logo.png","width":512,"height":512,"caption":"Cose da fare ad Amsterdam"},"image":{"@id":"https:\/\/thingstodoinamsterdam.com\/it\/#\/schema\/logo\/image\/"},"sameAs":["https:\/\/www.facebook.com\/thingstodoinamsterdamcom"]}]}},"_links":{"self":[{"href":"https:\/\/thingstodoinamsterdam.com\/it\/wp-json\/wp\/v2\/pages\/2533837","targetHints":{"allow":["GET"]}}],"collection":[{"href":"https:\/\/thingstodoinamsterdam.com\/it\/wp-json\/wp\/v2\/pages"}],"about":[{"href":"https:\/\/thingstodoinamsterdam.com\/it\/wp-json\/wp\/v2\/types\/page"}],"author":[{"embeddable":true,"href":"https:\/\/thingstodoinamsterdam.com\/it\/wp-json\/wp\/v2\/users\/3"}],"replies":[{"embeddable":true,"href":"https:\/\/thingstodoinamsterdam.com\/it\/wp-json\/wp\/v2\/comments?post=2533837"}],"version-history":[{"count":2,"href":"https:\/\/thingstodoinamsterdam.com\/it\/wp-json\/wp\/v2\/pages\/2533837\/revisions"}],"predecessor-version":[{"id":2533846,"href":"https:\/\/thingstodoinamsterdam.com\/it\/wp-json\/wp\/v2\/pages\/2533837\/revisions\/2533846"}],"up":[{"embeddable":true,"href":"https:\/\/thingstodoinamsterdam.com\/it\/wp-json\/wp\/v2\/pages\/2533227"}],"wp:featuredmedia":[{"embeddable":true,"href":"https:\/\/thingstodoinamsterdam.com\/it\/wp-json\/wp\/v2\/media\/2533838"}],"wp:attachment":[{"href":"https:\/\/thingstodoinamsterdam.com\/it\/wp-json\/wp\/v2\/media?parent=2533837"}],"curies":[{"name":"wp","href":"https:\/\/api.w.org\/{rel}","templated":true}]}}