{"id":2533942,"date":"2026-03-03T11:29:48","date_gmt":"2026-03-03T10:29:48","guid":{"rendered":"https:\/\/thingstodoinamsterdam.com\/de-poezenboot-the-catboat\/"},"modified":"2026-03-03T17:04:09","modified_gmt":"2026-03-03T16:04:09","slug":"de-poezenboot-the-catboat","status":"publish","type":"page","link":"https:\/\/thingstodoinamsterdam.com\/it\/de-poezenboot-the-catboat\/","title":{"rendered":"De poezenboot (The Catboat)"},"content":{"rendered":"<div class=\"wpb-content-wrapper\"><p>[vc_row][vc_column width=&#8221;2\/3&#8243;][vc_column_text]Chiunque sia stato ad Amsterdam sa che la citt\u00e0 \u00e8 fatta di canali e case galleggianti. De Poezenboot \u00e8 una casa galleggiante unica trasformata in rifugio per animali. \u00c8 gestita da volontari con un grande amore per gli animali e i gatti. Come avrai probabilmente intuito, non ci preoccuperemo nemmeno di spiegare quanto sia unico un paradiso galleggiante per gatti. La cosa migliore \u00e8 che De Poezenboot \u00e8 aperto al pubblico. Quindi, se sei un amante dei gatti in visita ad Amsterdam e hai voglia di un momento rilassante lontano dalla citt\u00e0 frenetica, visita De Poezenboot Catboat. Non c&#8217;\u00e8 biglietto d&#8217;ingresso, ma naturalmente lascerai una donazione per mantenere i gatti all&#8217;asciutto e felici!<\/p><div id=\"ez-toc-container\" class=\"ez-toc-v2_0_82_2 counter-hierarchy ez-toc-counter ez-toc-custom ez-toc-container-direction\">\n<div class=\"ez-toc-title-container\">\n<span class=\"ez-toc-title-toggle\"><a href=\"#\" class=\"ez-toc-pull-right ez-toc-btn ez-toc-btn-xs ez-toc-btn-default ez-toc-toggle\" aria-label=\"Toggle Table of Content\"><span class=\"ez-toc-js-icon-con\"><span class=\"\"><span class=\"eztoc-hide\" style=\"display:none;\">Toggle<\/span><span class=\"ez-toc-icon-toggle-span\"><svg style=\"fill: #999;color:#999\" xmlns=\"http:\/\/www.w3.org\/2000\/svg\" class=\"list-377408\" width=\"20px\" height=\"20px\" viewBox=\"0 0 24 24\" fill=\"none\"><path d=\"M6 6H4v2h2V6zm14 0H8v2h12V6zM4 11h2v2H4v-2zm16 0H8v2h12v-2zM4 16h2v2H4v-2zm16 0H8v2h12v-2z\" fill=\"currentColor\"><\/path><\/svg><svg style=\"fill: #999;color:#999\" class=\"arrow-unsorted-368013\" xmlns=\"http:\/\/www.w3.org\/2000\/svg\" width=\"10px\" height=\"10px\" viewBox=\"0 0 24 24\" version=\"1.2\" baseProfile=\"tiny\"><path d=\"M18.2 9.3l-6.2-6.3-6.2 6.3c-.2.2-.3.4-.3.7s.1.5.3.7c.2.2.4.3.7.3h11c.3 0 .5-.1.7-.3.2-.2.3-.5.3-.7s-.1-.5-.3-.7zM5.8 14.7l6.2 6.3 6.2-6.3c.2-.2.3-.5.3-.7s-.1-.5-.3-.7c-.2-.2-.4-.3-.7-.3h-11c-.3 0-.5.1-.7.3-.2.2-.3.5-.3.7s.1.5.3.7z\"\/><\/svg><\/span><\/span><\/span><\/a><\/span><\/div>\n<nav><ul class='ez-toc-list ez-toc-list-level-1 ' ><li class='ez-toc-page-1 ez-toc-heading-level-2'><a class=\"ez-toc-link ez-toc-heading-1\" href=\"https:\/\/thingstodoinamsterdam.com\/it\/de-poezenboot-the-catboat\/#storia-di-de-poezenboot\" >Storia di De Poezenboot<\/a><\/li><li class='ez-toc-page-1 ez-toc-heading-level-2'><a class=\"ez-toc-link ez-toc-heading-2\" href=\"https:\/\/thingstodoinamsterdam.com\/it\/de-poezenboot-the-catboat\/#orari-di-apertura-del-poezenboot\" >Orari di apertura del Poezenboot<\/a><\/li><li class='ez-toc-page-1 ez-toc-heading-level-2'><a class=\"ez-toc-link ez-toc-heading-3\" href=\"https:\/\/thingstodoinamsterdam.com\/it\/de-poezenboot-the-catboat\/#biglietti-e-prezzi\" >Biglietti e prezzi<\/a><\/li><li class='ez-toc-page-1 ez-toc-heading-level-2'><a class=\"ez-toc-link ez-toc-heading-4\" href=\"https:\/\/thingstodoinamsterdam.com\/it\/de-poezenboot-the-catboat\/#indirizzo-informazioni-di-contatto-e-percorso\" >Indirizzo, informazioni di contatto e percorso<\/a><\/li><\/ul><\/nav><\/div>\n\n<p><em><strong>Aggiornamento: dopo 45 anni di servizio, il vecchio Poezenboot va in pensione. Con l&#8217;aiuto di volontari e donazioni, si sta lavorando per costruire un nuovo rifugio galleggiante. Come puoi immaginare, questo costa molti soldi e richiede molto impegno. Qualsiasi <a href=\"https:\/\/www.denieuwepoezenboot.nl\/the-new-amsterdam-catboat\/\">supporto \u00e8 benvenuto, visita questo sito web per aiutare<\/a>. <\/strong><\/em>[\/vc_column_text][\/vc_column][vc_column width=&#8221;1\/3&#8243;][vc_single_image image=&#8221;2533950&#8243; img_size=&#8221;full&#8221; alignment=&#8221;center&#8221; onclick=&#8221;link_image&#8221;][\/vc_column][\/vc_row][vc_row][vc_column][vc_column_text]<\/p>\n<h2><span class=\"ez-toc-section\" id=\"storia-di-de-poezenboot\"><\/span>Storia di De Poezenboot<span class=\"ez-toc-section-end\"><\/span><\/h2>\n<p>La storia di &#8216;De Poezenboot&#8217; o The Catboat risale al 1966, quando la fondatrice Henriette van Weelde trov\u00f2 una famiglia di gatti randagi in cerca di riparo sotto un albero. Decise di portare i gatti con s\u00e9 e prendersene cura nella sua casa sull&#8217;Herengracht. Poco dopo quella prima famiglia di gatti, arriv\u00f2 un altro gatto randagio. Prima che Henriette se ne rendesse conto, si diffusero voci e la gente inizi\u00f2 a portarle gatti di cui non poteva pi\u00f9 prendersi cura. Nel 1968, Henriette era anche conosciuta come &#8220;la signora dei gatti&#8221; e aveva bisogno di ogni parte della sua casa per ospitare tutti i suoi gatti. A un certo punto, l&#8217;intera casa, il giardino e la terrazza sul tetto erano pieni di gatti e la gente continuava a portarne di nuovi. Henriette doveva trovare una soluzione, e la trov\u00f2 semplicemente guardando fuori dalla finestra. Mentre osservava una casa galleggiante sull&#8217;Herengracht, le venne l&#8217;idea di usare una casa galleggiante come rifugio per i suoi gatti. Fu acquistata una vecchia chiatta olandese e, con l&#8217;aiuto dei volontari, l&#8217;interno fu ricostruito per adattarsi alla sua nuova funzione: un rifugio galleggiante per gatti. La barca serv\u00ec a questo scopo per oltre un decennio fino a quando fu sostituita nel 1979.<\/p>\n<p>Purtroppo, Henriette \u00e8 morta nel 2005. Tuttavia, il suo lavoro viene portato avanti da alcuni dei volontari fedeli sotto la guida di Judith, cara amica di Henriette. Un grande applauso a loro!<\/p>\n<p><img decoding=\"async\" class=\"aligncenter wp-image-2607 size-medium\" src=\"https:\/\/thingstodoinamsterdam.com\/wp-content\/uploads\/2019\/08\/The-Catboat-judith-300x225.jpg\" alt=\"The Catboat judith\" width=\"300\" height=\"225\" \/>[\/vc_column_text][vc_column_text]<img decoding=\"async\" class=\"size-full wp-image-2609 aligncenter\" src=\"https:\/\/thingstodoinamsterdam.com\/wp-content\/uploads\/2019\/08\/The-Catboat-rebel.jpg\" alt=\"\" width=\"900\" height=\"600\" \/><\/p>\n<p style=\"text-align: center;\">\u00c8 una vita dura su The Catboat!<\/p>\n<p style=\"text-align: center;\"><img decoding=\"async\" class=\"aligncenter size-full wp-image-2610\" src=\"https:\/\/thingstodoinamsterdam.com\/wp-content\/uploads\/2019\/08\/The-Catboat-rooie.jpg\" alt=\"\" width=\"900\" height=\"675\" \/><\/p>\n<p style=\"text-align: center;\">Solo relax<\/p>\n<p style=\"text-align: center;\"><img decoding=\"async\" class=\"aligncenter size-full wp-image-2579\" src=\"https:\/\/thingstodoinamsterdam.com\/wp-content\/uploads\/2019\/08\/Catboat-feeding.jpg\" alt=\"\" width=\"900\" height=\"675\" \/><\/p>\n<p style=\"text-align: center;\">Quel momento della giornata in cui ogni gatto si sveglia per un attimo<\/p>\n<p style=\"text-align: center;\"><img decoding=\"async\" class=\"aligncenter size-full wp-image-2608\" src=\"https:\/\/thingstodoinamsterdam.com\/wp-content\/uploads\/2019\/08\/The-Catboat-mr-big.jpg\" alt=\"\" width=\"900\" height=\"675\" \/>Mr. Big adora rilassarsi al sole!<\/p>\n<p>[\/vc_column_text][vc_column_text]<\/p>\n<h2><span class=\"ez-toc-section\" id=\"orari-di-apertura-del-poezenboot\"><\/span>Orari di apertura del Poezenboot<span class=\"ez-toc-section-end\"><\/span><\/h2>\n<p>The Catboat \u00e8 aperto tre giorni alla settimana per le visite. Tuttavia, gli orari di apertura sono limitati perch\u00e9 si basa interamente sui volontari.<\/p>\n<table style=\"width: 100%;\">\n<tbody>\n<tr>\n<td>Luned\u00ec<\/td>\n<td>Chiuso<\/td>\n<\/tr>\n<tr>\n<td>Marted\u00ec<\/td>\n<td>13:00 &#8211; 15:00<\/td>\n<\/tr>\n<tr>\n<td>Mercoled\u00ec<\/td>\n<td>Chiuso<\/td>\n<\/tr>\n<tr>\n<td>Gioved\u00ec<\/td>\n<td>Chiuso<\/td>\n<\/tr>\n<tr>\n<td>Venerd\u00ec<\/td>\n<td>13:00 &#8211; 15:00<\/td>\n<\/tr>\n<tr>\n<td>Sabato<\/td>\n<td>13:00 &#8211; 15:00<\/td>\n<\/tr>\n<tr>\n<td>Domenica<\/td>\n<td>Chiuso<\/td>\n<\/tr>\n<\/tbody>\n<\/table>\n<p>[\/vc_column_text][vc_column_text]<\/p>\n<h2><span class=\"ez-toc-section\" id=\"biglietti-e-prezzi\"><\/span>Biglietti e prezzi<span class=\"ez-toc-section-end\"><\/span><\/h2>\n<p>Visitare The Catboat (De Poezenboot) \u00e8 completamente gratuito. Tuttavia, sappiamo che lascerai una <strong>generosa donazione<\/strong>, proprio come abbiamo fatto noi, cos\u00ec i volontari potranno continuare il loro ottimo lavoro!<\/p>\n<p>Altre attivit\u00e0 legate agli animali ad Amsterdam includono una <a href=\"https:\/\/thingstodoinamsterdam.com\/it\/artis-zoo-amsterdam\/\">visita ad Artis<\/a> o al <a href=\"https:\/\/thingstodoinamsterdam.com\/museum-amsterdam\/kattenkabinet\/\">Kattenkabinet<\/a>.[\/vc_column_text][vc_column_text]<\/p>\n<h2><span class=\"ez-toc-section\" id=\"indirizzo-informazioni-di-contatto-e-percorso\"><\/span>Indirizzo, informazioni di contatto e percorso<span class=\"ez-toc-section-end\"><\/span><\/h2>\n<p>The Catboat si trova all&#8217;inizio del Singel. Puoi raggiungerlo a piedi dalla Stazione Centrale in pochi minuti. Se esci dalla <a href=\"https:\/\/thingstodoinamsterdam.com\/it\/trasporti-ad-amsterdam\/stazione-centrale-di-amsterdam\/\">Stazione Centrale<\/a> dal lato anteriore, tieni la destra fino a raggiungere il primo canale. La casa galleggiante dei gatti si trova sul lato destro dell&#8217;acqua.<\/p>\n<p><strong>Indirizzo<\/strong><br \/>\nDe Poezenboot &#8211; The Catboat<br \/>\nSingel 38.G<br \/>\n1015 AB Amsterdam<br \/>\nPaesi Bassi<br \/>\n+31 (0) 20 625 8794<br \/>\n<a href=\"http:\/\/depoezenboot.nl\/en\/\">http:\/\/depoezenboot.nl\/en\/<\/a>[\/vc_column_text][g_map heading=&#8221;The Catboat Amsterdam&#8221; el_id=&#8221;1565338426982-f62d40ab-f6d7&#8243;]<iframe style=\"border: 0;\" src=\"https:\/\/www.google.com\/maps\/embed?pb=!1m18!1m12!1m3!1d2435.57417675237!2d4.8909062155863126!3d52.378140854485345!2m3!1f0!2f0!3f0!3m2!1i1024!2i768!4f13.1!3m3!1m2!1s0x47c609c889013aad%3A0x22fbd4af1537b2e6!2sPoezenboot!5e0!3m2!1sen!2snl!4v1487438763120\" width=\"600\" height=\"450\" frameborder=\"0\" allowfullscreen=\"allowfullscreen\"><\/iframe>[\/g_map][\/vc_column][\/vc_row][vc_row][vc_column][reviews heading=&#8221;Reviews of De Poezenboot&#8221; description=&#8221;How did you like to witness the world&#8217;s only floating cat shelter? Would you recommend paying a visit while you&#8217;re in Amsterdam? Leave a review below.&#8221; item_name=&#8221;Poezenboot&#8221; item_image=&#8221;1575&#8243; item_web=&#8221;http:\/\/depoezenboot.nl\/&#8221; item_address=&#8221;Singel 38G&#8221; item_city=&#8221;Amsterdam&#8221; item_postal_code=&#8221;1015 AB&#8221; item_country=&#8221;NL&#8221; el_id=&#8221;1565340080872-32660518-7713&#8243;][\/reviews][vc_column_text]<strong>Dai un&#8217;occhiata a uno dei seguenti musei qui sotto o torna alla pagina generale dei <a href=\"https:\/\/thingstodoinamsterdam.com\/it\/musei-ad-amsterdam\/\">musei di Amsterdam<\/a>.<\/strong>[\/vc_column_text][\/vc_column][\/vc_row][vc_row][vc_column][promo_block style_var=&#8221;style2&#8243; el_id=&#8221;1565340218783-2884dd7c-107e&#8221;][promo link=&#8221;url:https%3A%2F%2Fthingstodoinamsterdam.com%2Fit%2Fartis-zoo-amsterdam%2F|title:Artis%20Amsterdam%20Zoo&#8221; text=&#8221;Visita uno degli zoo pi\u00f9 antichi e affascinanti d&#8217;Europa!&#8221; img=&#8221;84&#8243;][promo link=&#8221;url:https%3A%2F%2Fthingstodoinamsterdam.com%2Fit%2Fcrociera-canali%2F|title:crociera%20canali&#8221; text=&#8221;Ammira Amsterdam dai suoi splendidi canali&#8221; img=&#8221;13723&#8243;][promo link=&#8221;url:https%3A%2F%2Fthingstodoinamsterdam.com%2Fit%2Fmusei-ad-amsterdam%2Fmuseo-van-gogh%2F|title:Museo%20Van%20Gogh&#8221; text=&#8221;Scopri le opere iconiche di Van Gogh&#8221; img=&#8221;591&#8243;][\/promo_block][\/vc_column][\/vc_row]<\/p>\n<\/div>","protected":false},"excerpt":{"rendered":"<p>[vc_row][vc_column width=&#8221;2\/3&#8243;][vc_column_text]Chiunque sia stato ad Amsterdam sa che la citt\u00e0 \u00e8 fatta di canali e case galleggianti. De Poezenboot \u00e8 una casa galleggiante unica trasformata\u2026<\/p>\n","protected":false},"author":1,"featured_media":2533946,"parent":0,"menu_order":0,"comment_status":"closed","ping_status":"closed","template":"","meta":{"footnotes":""},"class_list":["post-2533942","page","type-page","status-publish","has-post-thumbnail","hentry"],"yoast_head":"<!-- This site is optimized with the Yoast SEO plugin v27.4 - https:\/\/yoast.com\/product\/yoast-seo-wordpress\/ -->\n<title>The Catboat - De Poezenboot ad Amsterdam - thingstodoinamsterdam.com<\/title>\n<meta name=\"description\" content=\"Visita The Catboat ad Amsterdam. L&#039;unico rifugio galleggiante per gatti al mondo. Scopri foto, orari di apertura e recensioni qui!\" \/>\n<meta name=\"robots\" content=\"index, follow, max-snippet:-1, max-image-preview:large, max-video-preview:-1\" \/>\n<link rel=\"canonical\" href=\"https:\/\/thingstodoinamsterdam.com\/it\/de-poezenboot-the-catboat\/\" \/>\n<meta property=\"og:locale\" content=\"it_IT\" \/>\n<meta property=\"og:type\" content=\"article\" \/>\n<meta property=\"og:title\" content=\"The Catboat - De Poezenboot ad Amsterdam - thingstodoinamsterdam.com\" \/>\n<meta property=\"og:description\" content=\"Visita The Catboat ad Amsterdam. L&#039;unico rifugio galleggiante per gatti al mondo. Scopri foto, orari di apertura e recensioni qui!\" \/>\n<meta property=\"og:url\" content=\"https:\/\/thingstodoinamsterdam.com\/it\/de-poezenboot-the-catboat\/\" \/>\n<meta property=\"og:site_name\" content=\"ThingstodoinAmsterdam.com\" \/>\n<meta property=\"article:publisher\" content=\"https:\/\/www.facebook.com\/thingstodoinamsterdamcom\" \/>\n<meta property=\"article:modified_time\" content=\"2026-03-03T16:04:09+00:00\" \/>\n<meta property=\"og:image\" content=\"https:\/\/thingstodoinamsterdam.com\/wp-content\/uploads\/2019\/08\/The-Catboat-judith-300x225.jpg\" \/>\n\t<meta property=\"og:image:width\" content=\"300\" \/>\n\t<meta property=\"og:image:height\" content=\"225\" \/>\n\t<meta property=\"og:image:type\" content=\"image\/jpeg\" \/>\n<meta name=\"twitter:card\" content=\"summary_large_image\" \/>\n<meta name=\"twitter:label1\" content=\"Tempo di lettura stimato\" \/>\n\t<meta name=\"twitter:data1\" content=\"6 minuti\" \/>\n<script type=\"application\/ld+json\" class=\"yoast-schema-graph\">{\"@context\":\"https:\\\/\\\/schema.org\",\"@graph\":[{\"@type\":\"WebPage\",\"@id\":\"https:\\\/\\\/thingstodoinamsterdam.com\\\/it\\\/de-poezenboot-the-catboat\\\/\",\"url\":\"https:\\\/\\\/thingstodoinamsterdam.com\\\/it\\\/de-poezenboot-the-catboat\\\/\",\"name\":\"The Catboat - De Poezenboot ad Amsterdam - thingstodoinamsterdam.com\",\"isPartOf\":{\"@id\":\"https:\\\/\\\/thingstodoinamsterdam.com\\\/it\\\/#website\"},\"primaryImageOfPage\":{\"@id\":\"https:\\\/\\\/thingstodoinamsterdam.com\\\/it\\\/de-poezenboot-the-catboat\\\/#primaryimage\"},\"image\":{\"@id\":\"https:\\\/\\\/thingstodoinamsterdam.com\\\/it\\\/de-poezenboot-the-catboat\\\/#primaryimage\"},\"thumbnailUrl\":\"https:\\\/\\\/thingstodoinamsterdam.com\\\/wp-content\\\/uploads\\\/2019\\\/08\\\/The-Catboat-judith-300x225.jpg\",\"datePublished\":\"2026-03-03T10:29:48+00:00\",\"dateModified\":\"2026-03-03T16:04:09+00:00\",\"description\":\"Visita The Catboat ad Amsterdam. L'unico rifugio galleggiante per gatti al mondo. Scopri foto, orari di apertura e recensioni qui!\",\"breadcrumb\":{\"@id\":\"https:\\\/\\\/thingstodoinamsterdam.com\\\/it\\\/de-poezenboot-the-catboat\\\/#breadcrumb\"},\"inLanguage\":\"it-IT\",\"potentialAction\":[{\"@type\":\"ReadAction\",\"target\":[\"https:\\\/\\\/thingstodoinamsterdam.com\\\/it\\\/de-poezenboot-the-catboat\\\/\"]}]},{\"@type\":\"ImageObject\",\"inLanguage\":\"it-IT\",\"@id\":\"https:\\\/\\\/thingstodoinamsterdam.com\\\/it\\\/de-poezenboot-the-catboat\\\/#primaryimage\",\"url\":\"https:\\\/\\\/thingstodoinamsterdam.com\\\/wp-content\\\/uploads\\\/2019\\\/08\\\/The-Catboat-judith-300x225.jpg\",\"contentUrl\":\"https:\\\/\\\/thingstodoinamsterdam.com\\\/wp-content\\\/uploads\\\/2019\\\/08\\\/The-Catboat-judith-300x225.jpg\",\"width\":300,\"height\":225},{\"@type\":\"BreadcrumbList\",\"@id\":\"https:\\\/\\\/thingstodoinamsterdam.com\\\/it\\\/de-poezenboot-the-catboat\\\/#breadcrumb\",\"itemListElement\":[{\"@type\":\"ListItem\",\"position\":1,\"name\":\"Cose da fare ad Amsterdam\",\"item\":\"https:\\\/\\\/thingstodoinamsterdam.com\\\/it\\\/\"},{\"@type\":\"ListItem\",\"position\":2,\"name\":\"De poezenboot (The Catboat)\"}]},{\"@type\":\"WebSite\",\"@id\":\"https:\\\/\\\/thingstodoinamsterdam.com\\\/it\\\/#website\",\"url\":\"https:\\\/\\\/thingstodoinamsterdam.com\\\/it\\\/\",\"name\":\"ThingstodoinAmsterdam.com\",\"description\":\"Amsterdam&#039;s highlights and hidden secrets\",\"publisher\":{\"@id\":\"https:\\\/\\\/thingstodoinamsterdam.com\\\/it\\\/#organization\"},\"potentialAction\":[{\"@type\":\"SearchAction\",\"target\":{\"@type\":\"EntryPoint\",\"urlTemplate\":\"https:\\\/\\\/thingstodoinamsterdam.com\\\/it\\\/?s={search_term_string}\"},\"query-input\":{\"@type\":\"PropertyValueSpecification\",\"valueRequired\":true,\"valueName\":\"search_term_string\"}}],\"inLanguage\":\"it-IT\"},{\"@type\":\"Organization\",\"@id\":\"https:\\\/\\\/thingstodoinamsterdam.com\\\/it\\\/#organization\",\"name\":\"Cose da fare ad Amsterdam\",\"url\":\"https:\\\/\\\/thingstodoinamsterdam.com\\\/it\\\/\",\"logo\":{\"@type\":\"ImageObject\",\"inLanguage\":\"it-IT\",\"@id\":\"https:\\\/\\\/thingstodoinamsterdam.com\\\/it\\\/#\\\/schema\\\/logo\\\/image\\\/\",\"url\":\"https:\\\/\\\/thingstodoinamsterdam.com\\\/wp-content\\\/uploads\\\/2025\\\/02\\\/ThingsToDoInAmsterdam-Favicon-logo.png\",\"contentUrl\":\"https:\\\/\\\/thingstodoinamsterdam.com\\\/wp-content\\\/uploads\\\/2025\\\/02\\\/ThingsToDoInAmsterdam-Favicon-logo.png\",\"width\":512,\"height\":512,\"caption\":\"Cose da fare ad Amsterdam\"},\"image\":{\"@id\":\"https:\\\/\\\/thingstodoinamsterdam.com\\\/it\\\/#\\\/schema\\\/logo\\\/image\\\/\"},\"sameAs\":[\"https:\\\/\\\/www.facebook.com\\\/thingstodoinamsterdamcom\"]}]}<\/script>\n<!-- \/ Yoast SEO plugin. -->","yoast_head_json":{"title":"The Catboat - De Poezenboot ad Amsterdam - thingstodoinamsterdam.com","description":"Visita The Catboat ad Amsterdam. L'unico rifugio galleggiante per gatti al mondo. Scopri foto, orari di apertura e recensioni qui!","robots":{"index":"index","follow":"follow","max-snippet":"max-snippet:-1","max-image-preview":"max-image-preview:large","max-video-preview":"max-video-preview:-1"},"canonical":"https:\/\/thingstodoinamsterdam.com\/it\/de-poezenboot-the-catboat\/","og_locale":"it_IT","og_type":"article","og_title":"The Catboat - De Poezenboot ad Amsterdam - thingstodoinamsterdam.com","og_description":"Visita The Catboat ad Amsterdam. L'unico rifugio galleggiante per gatti al mondo. Scopri foto, orari di apertura e recensioni qui!","og_url":"https:\/\/thingstodoinamsterdam.com\/it\/de-poezenboot-the-catboat\/","og_site_name":"ThingstodoinAmsterdam.com","article_publisher":"https:\/\/www.facebook.com\/thingstodoinamsterdamcom","article_modified_time":"2026-03-03T16:04:09+00:00","og_image":[{"width":300,"height":225,"url":"https:\/\/thingstodoinamsterdam.com\/wp-content\/uploads\/2019\/08\/The-Catboat-judith-300x225.jpg","type":"image\/jpeg"}],"twitter_card":"summary_large_image","twitter_misc":{"Tempo di lettura stimato":"6 minuti"},"schema":{"@context":"https:\/\/schema.org","@graph":[{"@type":"WebPage","@id":"https:\/\/thingstodoinamsterdam.com\/it\/de-poezenboot-the-catboat\/","url":"https:\/\/thingstodoinamsterdam.com\/it\/de-poezenboot-the-catboat\/","name":"The Catboat - De Poezenboot ad Amsterdam - thingstodoinamsterdam.com","isPartOf":{"@id":"https:\/\/thingstodoinamsterdam.com\/it\/#website"},"primaryImageOfPage":{"@id":"https:\/\/thingstodoinamsterdam.com\/it\/de-poezenboot-the-catboat\/#primaryimage"},"image":{"@id":"https:\/\/thingstodoinamsterdam.com\/it\/de-poezenboot-the-catboat\/#primaryimage"},"thumbnailUrl":"https:\/\/thingstodoinamsterdam.com\/wp-content\/uploads\/2019\/08\/The-Catboat-judith-300x225.jpg","datePublished":"2026-03-03T10:29:48+00:00","dateModified":"2026-03-03T16:04:09+00:00","description":"Visita The Catboat ad Amsterdam. L'unico rifugio galleggiante per gatti al mondo. Scopri foto, orari di apertura e recensioni qui!","breadcrumb":{"@id":"https:\/\/thingstodoinamsterdam.com\/it\/de-poezenboot-the-catboat\/#breadcrumb"},"inLanguage":"it-IT","potentialAction":[{"@type":"ReadAction","target":["https:\/\/thingstodoinamsterdam.com\/it\/de-poezenboot-the-catboat\/"]}]},{"@type":"ImageObject","inLanguage":"it-IT","@id":"https:\/\/thingstodoinamsterdam.com\/it\/de-poezenboot-the-catboat\/#primaryimage","url":"https:\/\/thingstodoinamsterdam.com\/wp-content\/uploads\/2019\/08\/The-Catboat-judith-300x225.jpg","contentUrl":"https:\/\/thingstodoinamsterdam.com\/wp-content\/uploads\/2019\/08\/The-Catboat-judith-300x225.jpg","width":300,"height":225},{"@type":"BreadcrumbList","@id":"https:\/\/thingstodoinamsterdam.com\/it\/de-poezenboot-the-catboat\/#breadcrumb","itemListElement":[{"@type":"ListItem","position":1,"name":"Cose da fare ad Amsterdam","item":"https:\/\/thingstodoinamsterdam.com\/it\/"},{"@type":"ListItem","position":2,"name":"De poezenboot (The Catboat)"}]},{"@type":"WebSite","@id":"https:\/\/thingstodoinamsterdam.com\/it\/#website","url":"https:\/\/thingstodoinamsterdam.com\/it\/","name":"ThingstodoinAmsterdam.com","description":"Amsterdam&#039;s highlights and hidden secrets","publisher":{"@id":"https:\/\/thingstodoinamsterdam.com\/it\/#organization"},"potentialAction":[{"@type":"SearchAction","target":{"@type":"EntryPoint","urlTemplate":"https:\/\/thingstodoinamsterdam.com\/it\/?s={search_term_string}"},"query-input":{"@type":"PropertyValueSpecification","valueRequired":true,"valueName":"search_term_string"}}],"inLanguage":"it-IT"},{"@type":"Organization","@id":"https:\/\/thingstodoinamsterdam.com\/it\/#organization","name":"Cose da fare ad Amsterdam","url":"https:\/\/thingstodoinamsterdam.com\/it\/","logo":{"@type":"ImageObject","inLanguage":"it-IT","@id":"https:\/\/thingstodoinamsterdam.com\/it\/#\/schema\/logo\/image\/","url":"https:\/\/thingstodoinamsterdam.com\/wp-content\/uploads\/2025\/02\/ThingsToDoInAmsterdam-Favicon-logo.png","contentUrl":"https:\/\/thingstodoinamsterdam.com\/wp-content\/uploads\/2025\/02\/ThingsToDoInAmsterdam-Favicon-logo.png","width":512,"height":512,"caption":"Cose da fare ad Amsterdam"},"image":{"@id":"https:\/\/thingstodoinamsterdam.com\/it\/#\/schema\/logo\/image\/"},"sameAs":["https:\/\/www.facebook.com\/thingstodoinamsterdamcom"]}]}},"_links":{"self":[{"href":"https:\/\/thingstodoinamsterdam.com\/it\/wp-json\/wp\/v2\/pages\/2533942","targetHints":{"allow":["GET"]}}],"collection":[{"href":"https:\/\/thingstodoinamsterdam.com\/it\/wp-json\/wp\/v2\/pages"}],"about":[{"href":"https:\/\/thingstodoinamsterdam.com\/it\/wp-json\/wp\/v2\/types\/page"}],"author":[{"embeddable":true,"href":"https:\/\/thingstodoinamsterdam.com\/it\/wp-json\/wp\/v2\/users\/1"}],"replies":[{"embeddable":true,"href":"https:\/\/thingstodoinamsterdam.com\/it\/wp-json\/wp\/v2\/comments?post=2533942"}],"version-history":[{"count":5,"href":"https:\/\/thingstodoinamsterdam.com\/it\/wp-json\/wp\/v2\/pages\/2533942\/revisions"}],"predecessor-version":[{"id":2534137,"href":"https:\/\/thingstodoinamsterdam.com\/it\/wp-json\/wp\/v2\/pages\/2533942\/revisions\/2534137"}],"wp:featuredmedia":[{"embeddable":true,"href":"https:\/\/thingstodoinamsterdam.com\/it\/wp-json\/wp\/v2\/media\/2533946"}],"wp:attachment":[{"href":"https:\/\/thingstodoinamsterdam.com\/it\/wp-json\/wp\/v2\/media?parent=2533942"}],"curies":[{"name":"wp","href":"https:\/\/api.w.org\/{rel}","templated":true}]}}