{"id":2534269,"date":"2026-03-05T17:56:41","date_gmt":"2026-03-05T16:56:41","guid":{"rendered":"https:\/\/thingstodoinamsterdam.com\/informazioni-pratiche\/"},"modified":"2026-03-30T15:58:48","modified_gmt":"2026-03-30T13:58:48","slug":"informazioni-pratiche","status":"publish","type":"page","link":"https:\/\/thingstodoinamsterdam.com\/it\/informazioni-pratiche\/","title":{"rendered":"Informazioni pratiche"},"content":{"rendered":"<div class=\"wpb-content-wrapper\"><p>[vc_row][vc_column][vc_column_text css=&#8221;&#8221;]In questo elenco trovi una rapida panoramica degli argomenti di informazioni pratiche pi\u00f9 comuni.<\/p>\n<ul>\n<li><strong>Numero di emergenza<\/strong>: chiama il <strong>112<\/strong> in caso di situazioni di pericolo di vita<\/li>\n<li><strong>Lingua olandese<\/strong>: Nei Paesi Bassi si parla olandese. Tuttavia, l&#8217;inglese \u00e8 stato adottato da molti come seconda lingua. Questo significa che puoi cavartela facilmente con un inglese di base. Altre lingue parlate da molti olandesi sono il francese e il tedesco.   <\/li>\n<li><strong>Denaro e valuta<\/strong>: l&#8217;Euro (EUR, \u20ac) \u00e8 la valuta utilizzata in tutto il paese. Le valute straniere possono essere cambiate, ma non sono accettate. Oppure usa semplicemente la tua carta bancaria nazionale in uno dei tanti sportelli bancomat. Le carte di credito sono solitamente accettate in hotel, ristoranti e stazioni di servizio. Tuttavia, tieni presente che la maggior parte dei supermercati non accetta pagamenti con carta di credito.    <\/li>\n<li><strong>Carte sconto<\/strong>: Le carte sconto pi\u00f9 utilizzate ad Amsterdam sono la <a href=\"https:\/\/thingstodoinamsterdam.com\/it\/informazioni-pratiche\/i-amsterdam-city-card\/\">I Amsterdam City Card<\/a> e la Museumkaart.<\/li>\n<li><strong>Visitare Amsterdam con i <\/strong><b>bambini<\/b>: Amsterdam \u00e8 considerata una citt\u00e0 molto sicura. Anche se c&#8217;\u00e8 molto traffico, molte persone non si fermano ai semafori. Alcuni abitanti usano il termine &#8220;verde di Amsterdam&#8221; per indicare un semaforo rosso. Detto questo, ci sono tantissime attivit\u00e0 da fare con bambini piccoli o ragazzi.   <\/li>\n<li><strong>Ambasciate<\/strong>: tramite il sito web del <a href=\"https:\/\/www.government.nl\/topics\/embassies-consulates-and-other-representations\">Ministero degli Affari Esteri<\/a> puoi inserire il tuo paese per vedere esattamente dove si trova l&#8217;ambasciata della tua nazione. Alcuni di voi potrebbero anche aver bisogno di sapere se il visto \u00e8 obbligatorio per il viaggio. <\/li>\n<li><strong>Prese e spine<\/strong>: Nei Paesi Bassi si usa comunemente la spina europea. \u00c8 una spina piatta, non ricablabile, a due poli e spinotti rotondi, con tensione fino a 250 V e corrente fino a 2,5 A. <\/li>\n<\/ul>\n<p>[\/vc_column_text][vc_column_text]Stai visitando Amsterdam e vuoi essere ben preparato? Dai un&#8217;occhiata ai vari argomenti trattati su questo sito qui sotto![\/vc_column_text][\/vc_column][\/vc_row][vc_row][vc_column][promo_block style_var=&#8221;style2&#8243; el_id=&#8221;1565265736520-ebffa72c-0349&#8243;][promo link=&#8221;url:https%3A%2F%2Fthingstodoinamsterdam.com%2Fit%2Finformazioni-pratiche%2Fi-amsterdam-city-card%2F|title:I%20amsterdam%20City%20Card|&#8221; text=&#8221;Scopri Amsterdam con la I Amsterdam City Card! Questa carta garantisce l&apos;accesso gratuito a molte delle principali attrazioni e offre sconti su molte altre. Oltre a questo, pu\u00f2 essere utilizzata anche per i trasporti pubblici, scopri di pi\u00f9 qui!  &#8221; img=&#8221;2945&#8243;][promo link=&#8221;url:https%3A%2F%2Fthingstodoinamsterdam.com%2Fit%2Ftrasporti-ad-amsterdam%2Fparcheggio-ad-amsterdam%2F|title:Parcheggiare%20ad%20Amsterdam|&#8221; text=&#8221;Parcheggiare ad Amsterdam \u00e8 un argomento a s\u00e9 stante. Le tariffe per il parcheggio in strada sono costose e la disponibilit\u00e0 \u00e8 limitata. Pertanto, un po&apos; di pianificazione riguardo al parcheggio pu\u00f2 farti risparmiare molto tempo e denaro!  &#8221; img=&#8221;2703&#8243;][promo link=&#8221;url:https%3A%2F%2Fthingstodoinamsterdam.com%2Fit%2Finformazioni-pratiche%2Fi-migliori-servizi-e-app-di-consegna-del-cibo-ad-amsterdam%2F|title:I%20migliori%20servizi%20di%20consegna%20cibo%20ad%20Amsterdam|&#8221; text=&#8221;Goditi il meglio della scena culinaria di Amsterdam comodamente dal tuo alloggio! Che tu abbia voglia di piatti tipici olandesi, sushi fresco o hamburger gourmet, i servizi di consegna cibo della citt\u00e0 portano un mondo di sapori direttamente alla tua porta. Scopri le piattaforme pi\u00f9 affidabili, le opzioni di consegna pi\u00f9 veloci e le migliori offerte per soddisfare il tuo appetito senza uscire di casa.  &#8221; img=&#8221;2028370&#8243;][promo link=&#8221;url:https%3A%2F%2Fthingstodoinamsterdam.com%2Famsterdam-weather%2F|title:Meteo%20ad%20Amsterdam|&#8221; text=&#8221;In pochi minuti potrai essere completamente informato e preparato per il meteo di Amsterdam&#8221; img=&#8221;2697&#8243;][promo link=&#8221;url:https%3A%2F%2Fthingstodoinamsterdam.com%2Fit%2Ftrasporti-ad-amsterdam%2F|title:Trasporti%20ad%20Amsterdam|&#8221; text=&#8221;Leggi tutto su come viaggiare ad Amsterdam e dintorni! L&apos;infrastruttura dei trasporti pubblici \u00e8 eccellente! Scopri tutte le tue opzioni, dal volo alla guida e, naturalmente, al noleggio di una bicicletta  &#8221; img=&#8221;2695&#8243;][promo link=&#8221;url:https%3A%2F%2Fthingstodoinamsterdam.com%2Fpractical-information%2Fodido-esim%2F|title:Odido%20eSIM|&#8221; text=&#8221;Rimanere connessi mentre visiti Amsterdam o qualsiasi altra zona dei Paesi Bassi \u00e8 pi\u00f9 facile che mai. Un&apos;opzione che i viaggiatori possono considerare \u00e8 la eSIM SimWallet di Odido. &#8221; img=&#8221;2529175&#8243;][promo link=&#8221;url:https%3A%2F%2Fthingstodoinamsterdam.com%2Fbest-time-visit-amsterdam%2F|title:Best%20time%20to%20visit%20Amsterdam|&#8221; text=&#8221;Scopri il momento migliore per visitare Amsterdam in base alle tue esigenze&#8221; img=&#8221;1087&#8243;][promo link=&#8221;url:https%3A%2F%2Fthingstodoinamsterdam.com%2Fpractical-information%2Ftourist-information-center-amsterdam%2F|title:Amsterdam%20Tourist%20Office|&#8221; text=&#8221;Scopri dove sono gli uffici del turismo e cosa possono offrirti!&#8221; img=&#8221;2693&#8243;][promo link=&#8221;url:https%3A%2F%2Fthingstodoinamsterdam.com%2Fpractical-information%2Ffaq-amsterdam%2F|title:FAQ%20Amsterdam|&#8221; text=&#8221;Trova la risposta alla maggior parte delle domande frequenti su thingstodoinamsterdam.com&#8221; img=&#8221;2701&#8243;][promo link=&#8221;url:https%3A%2F%2Fthingstodoinamsterdam.com%2Fpractical-information%2Famsterdam-maps%2F|title:Amsterdam%20map|&#8221; text=&#8221;Scopri e preparati con la mappa della citt\u00e0 di Amsterdam&#8221; img=&#8221;2699&#8243;][promo link=&#8221;url:https%3A%2F%2Fthingstodoinamsterdam.com%2Fpractical-information%2Famsterdam-apps%2F|title:Amsterdam%20Apps|&#8221; text=&#8221;Trova qui le app di viaggio pi\u00f9 utilizzate per Amsterdam&#8221; img=&#8221;2691&#8243;][\/promo_block][\/vc_column][\/vc_row]<\/p>\n<\/div>","protected":false},"excerpt":{"rendered":"<p>[vc_row][vc_column][vc_column_text css=&#8221;&#8221;]In questo elenco trovi una rapida panoramica degli argomenti di informazioni pratiche pi\u00f9 comuni. Numero di emergenza: chiama il 112 in caso di situazioni\u2026<\/p>\n","protected":false},"author":1,"featured_media":0,"parent":0,"menu_order":0,"comment_status":"closed","ping_status":"closed","template":"","meta":{"footnotes":""},"class_list":["post-2534269","page","type-page","status-publish","hentry"],"yoast_head":"<!-- This site is optimized with the Yoast SEO plugin v27.4 - https:\/\/yoast.com\/product\/yoast-seo-wordpress\/ -->\n<title>Informazioni pratiche - thingstodoinamsterdam.com<\/title>\n<meta name=\"description\" content=\"Dai un&#039;occhiata alle informazioni pratiche per il tuo viaggio ad Amsterdam. Queste informazioni ti aiuteranno a risparmiare molto tempo e denaro. Preparati al meglio!\" \/>\n<meta name=\"robots\" content=\"index, follow, max-snippet:-1, max-image-preview:large, max-video-preview:-1\" \/>\n<link rel=\"canonical\" href=\"https:\/\/thingstodoinamsterdam.com\/it\/informazioni-pratiche\/\" \/>\n<meta property=\"og:locale\" content=\"it_IT\" \/>\n<meta property=\"og:type\" content=\"article\" \/>\n<meta property=\"og:title\" content=\"Informazioni pratiche - thingstodoinamsterdam.com\" \/>\n<meta property=\"og:description\" content=\"Dai un&#039;occhiata alle informazioni pratiche per il tuo viaggio ad Amsterdam. Queste informazioni ti aiuteranno a risparmiare molto tempo e denaro. Preparati al meglio!\" \/>\n<meta property=\"og:url\" content=\"https:\/\/thingstodoinamsterdam.com\/it\/informazioni-pratiche\/\" \/>\n<meta property=\"og:site_name\" content=\"ThingstodoinAmsterdam.com\" \/>\n<meta property=\"article:publisher\" content=\"https:\/\/www.facebook.com\/thingstodoinamsterdamcom\" \/>\n<meta property=\"article:modified_time\" content=\"2026-03-30T13:58:48+00:00\" \/>\n<meta name=\"twitter:card\" content=\"summary_large_image\" \/>\n<meta name=\"twitter:label1\" content=\"Tempo di lettura stimato\" \/>\n\t<meta name=\"twitter:data1\" content=\"4 minuti\" \/>\n<script type=\"application\/ld+json\" class=\"yoast-schema-graph\">{\"@context\":\"https:\\\/\\\/schema.org\",\"@graph\":[{\"@type\":\"WebPage\",\"@id\":\"https:\\\/\\\/thingstodoinamsterdam.com\\\/it\\\/informazioni-pratiche\\\/\",\"url\":\"https:\\\/\\\/thingstodoinamsterdam.com\\\/it\\\/informazioni-pratiche\\\/\",\"name\":\"Informazioni pratiche - thingstodoinamsterdam.com\",\"isPartOf\":{\"@id\":\"https:\\\/\\\/thingstodoinamsterdam.com\\\/it\\\/#website\"},\"datePublished\":\"2026-03-05T16:56:41+00:00\",\"dateModified\":\"2026-03-30T13:58:48+00:00\",\"description\":\"Dai un'occhiata alle informazioni pratiche per il tuo viaggio ad Amsterdam. Queste informazioni ti aiuteranno a risparmiare molto tempo e denaro. Preparati al meglio!\",\"breadcrumb\":{\"@id\":\"https:\\\/\\\/thingstodoinamsterdam.com\\\/it\\\/informazioni-pratiche\\\/#breadcrumb\"},\"inLanguage\":\"it-IT\",\"potentialAction\":[{\"@type\":\"ReadAction\",\"target\":[\"https:\\\/\\\/thingstodoinamsterdam.com\\\/it\\\/informazioni-pratiche\\\/\"]}]},{\"@type\":\"BreadcrumbList\",\"@id\":\"https:\\\/\\\/thingstodoinamsterdam.com\\\/it\\\/informazioni-pratiche\\\/#breadcrumb\",\"itemListElement\":[{\"@type\":\"ListItem\",\"position\":1,\"name\":\"Cose da fare ad Amsterdam\",\"item\":\"https:\\\/\\\/thingstodoinamsterdam.com\\\/it\\\/\"},{\"@type\":\"ListItem\",\"position\":2,\"name\":\"Informazioni pratiche\"}]},{\"@type\":\"WebSite\",\"@id\":\"https:\\\/\\\/thingstodoinamsterdam.com\\\/it\\\/#website\",\"url\":\"https:\\\/\\\/thingstodoinamsterdam.com\\\/it\\\/\",\"name\":\"ThingstodoinAmsterdam.com\",\"description\":\"Amsterdam&#039;s highlights and hidden secrets\",\"publisher\":{\"@id\":\"https:\\\/\\\/thingstodoinamsterdam.com\\\/it\\\/#organization\"},\"potentialAction\":[{\"@type\":\"SearchAction\",\"target\":{\"@type\":\"EntryPoint\",\"urlTemplate\":\"https:\\\/\\\/thingstodoinamsterdam.com\\\/it\\\/?s={search_term_string}\"},\"query-input\":{\"@type\":\"PropertyValueSpecification\",\"valueRequired\":true,\"valueName\":\"search_term_string\"}}],\"inLanguage\":\"it-IT\"},{\"@type\":\"Organization\",\"@id\":\"https:\\\/\\\/thingstodoinamsterdam.com\\\/it\\\/#organization\",\"name\":\"Cose da fare ad Amsterdam\",\"url\":\"https:\\\/\\\/thingstodoinamsterdam.com\\\/it\\\/\",\"logo\":{\"@type\":\"ImageObject\",\"inLanguage\":\"it-IT\",\"@id\":\"https:\\\/\\\/thingstodoinamsterdam.com\\\/it\\\/#\\\/schema\\\/logo\\\/image\\\/\",\"url\":\"https:\\\/\\\/thingstodoinamsterdam.com\\\/wp-content\\\/uploads\\\/2025\\\/02\\\/ThingsToDoInAmsterdam-Favicon-logo.png\",\"contentUrl\":\"https:\\\/\\\/thingstodoinamsterdam.com\\\/wp-content\\\/uploads\\\/2025\\\/02\\\/ThingsToDoInAmsterdam-Favicon-logo.png\",\"width\":512,\"height\":512,\"caption\":\"Cose da fare ad Amsterdam\"},\"image\":{\"@id\":\"https:\\\/\\\/thingstodoinamsterdam.com\\\/it\\\/#\\\/schema\\\/logo\\\/image\\\/\"},\"sameAs\":[\"https:\\\/\\\/www.facebook.com\\\/thingstodoinamsterdamcom\"]}]}<\/script>\n<!-- \/ Yoast SEO plugin. -->","yoast_head_json":{"title":"Informazioni pratiche - thingstodoinamsterdam.com","description":"Dai un'occhiata alle informazioni pratiche per il tuo viaggio ad Amsterdam. Queste informazioni ti aiuteranno a risparmiare molto tempo e denaro. Preparati al meglio!","robots":{"index":"index","follow":"follow","max-snippet":"max-snippet:-1","max-image-preview":"max-image-preview:large","max-video-preview":"max-video-preview:-1"},"canonical":"https:\/\/thingstodoinamsterdam.com\/it\/informazioni-pratiche\/","og_locale":"it_IT","og_type":"article","og_title":"Informazioni pratiche - thingstodoinamsterdam.com","og_description":"Dai un'occhiata alle informazioni pratiche per il tuo viaggio ad Amsterdam. Queste informazioni ti aiuteranno a risparmiare molto tempo e denaro. Preparati al meglio!","og_url":"https:\/\/thingstodoinamsterdam.com\/it\/informazioni-pratiche\/","og_site_name":"ThingstodoinAmsterdam.com","article_publisher":"https:\/\/www.facebook.com\/thingstodoinamsterdamcom","article_modified_time":"2026-03-30T13:58:48+00:00","twitter_card":"summary_large_image","twitter_misc":{"Tempo di lettura stimato":"4 minuti"},"schema":{"@context":"https:\/\/schema.org","@graph":[{"@type":"WebPage","@id":"https:\/\/thingstodoinamsterdam.com\/it\/informazioni-pratiche\/","url":"https:\/\/thingstodoinamsterdam.com\/it\/informazioni-pratiche\/","name":"Informazioni pratiche - thingstodoinamsterdam.com","isPartOf":{"@id":"https:\/\/thingstodoinamsterdam.com\/it\/#website"},"datePublished":"2026-03-05T16:56:41+00:00","dateModified":"2026-03-30T13:58:48+00:00","description":"Dai un'occhiata alle informazioni pratiche per il tuo viaggio ad Amsterdam. Queste informazioni ti aiuteranno a risparmiare molto tempo e denaro. Preparati al meglio!","breadcrumb":{"@id":"https:\/\/thingstodoinamsterdam.com\/it\/informazioni-pratiche\/#breadcrumb"},"inLanguage":"it-IT","potentialAction":[{"@type":"ReadAction","target":["https:\/\/thingstodoinamsterdam.com\/it\/informazioni-pratiche\/"]}]},{"@type":"BreadcrumbList","@id":"https:\/\/thingstodoinamsterdam.com\/it\/informazioni-pratiche\/#breadcrumb","itemListElement":[{"@type":"ListItem","position":1,"name":"Cose da fare ad Amsterdam","item":"https:\/\/thingstodoinamsterdam.com\/it\/"},{"@type":"ListItem","position":2,"name":"Informazioni pratiche"}]},{"@type":"WebSite","@id":"https:\/\/thingstodoinamsterdam.com\/it\/#website","url":"https:\/\/thingstodoinamsterdam.com\/it\/","name":"ThingstodoinAmsterdam.com","description":"Amsterdam&#039;s highlights and hidden secrets","publisher":{"@id":"https:\/\/thingstodoinamsterdam.com\/it\/#organization"},"potentialAction":[{"@type":"SearchAction","target":{"@type":"EntryPoint","urlTemplate":"https:\/\/thingstodoinamsterdam.com\/it\/?s={search_term_string}"},"query-input":{"@type":"PropertyValueSpecification","valueRequired":true,"valueName":"search_term_string"}}],"inLanguage":"it-IT"},{"@type":"Organization","@id":"https:\/\/thingstodoinamsterdam.com\/it\/#organization","name":"Cose da fare ad Amsterdam","url":"https:\/\/thingstodoinamsterdam.com\/it\/","logo":{"@type":"ImageObject","inLanguage":"it-IT","@id":"https:\/\/thingstodoinamsterdam.com\/it\/#\/schema\/logo\/image\/","url":"https:\/\/thingstodoinamsterdam.com\/wp-content\/uploads\/2025\/02\/ThingsToDoInAmsterdam-Favicon-logo.png","contentUrl":"https:\/\/thingstodoinamsterdam.com\/wp-content\/uploads\/2025\/02\/ThingsToDoInAmsterdam-Favicon-logo.png","width":512,"height":512,"caption":"Cose da fare ad Amsterdam"},"image":{"@id":"https:\/\/thingstodoinamsterdam.com\/it\/#\/schema\/logo\/image\/"},"sameAs":["https:\/\/www.facebook.com\/thingstodoinamsterdamcom"]}]}},"_links":{"self":[{"href":"https:\/\/thingstodoinamsterdam.com\/it\/wp-json\/wp\/v2\/pages\/2534269","targetHints":{"allow":["GET"]}}],"collection":[{"href":"https:\/\/thingstodoinamsterdam.com\/it\/wp-json\/wp\/v2\/pages"}],"about":[{"href":"https:\/\/thingstodoinamsterdam.com\/it\/wp-json\/wp\/v2\/types\/page"}],"author":[{"embeddable":true,"href":"https:\/\/thingstodoinamsterdam.com\/it\/wp-json\/wp\/v2\/users\/1"}],"replies":[{"embeddable":true,"href":"https:\/\/thingstodoinamsterdam.com\/it\/wp-json\/wp\/v2\/comments?post=2534269"}],"version-history":[{"count":5,"href":"https:\/\/thingstodoinamsterdam.com\/it\/wp-json\/wp\/v2\/pages\/2534269\/revisions"}],"predecessor-version":[{"id":2538623,"href":"https:\/\/thingstodoinamsterdam.com\/it\/wp-json\/wp\/v2\/pages\/2534269\/revisions\/2538623"}],"wp:attachment":[{"href":"https:\/\/thingstodoinamsterdam.com\/it\/wp-json\/wp\/v2\/media?parent=2534269"}],"curies":[{"name":"wp","href":"https:\/\/api.w.org\/{rel}","templated":true}]}}