{"id":2538729,"date":"2026-03-31T10:52:27","date_gmt":"2026-03-31T08:52:27","guid":{"rendered":"https:\/\/thingstodoinamsterdam.com\/musei-ad-amsterdam\/diamond-museum-amsterdam\/"},"modified":"2026-03-31T10:52:43","modified_gmt":"2026-03-31T08:52:43","slug":"diamond-museum-amsterdam","status":"publish","type":"page","link":"https:\/\/thingstodoinamsterdam.com\/it\/musei-ad-amsterdam\/diamond-museum-amsterdam\/","title":{"rendered":"Diamond Museum Amsterdam"},"content":{"rendered":"<div class=\"wpb-content-wrapper\"><p>[vc_row][vc_column][vc_column_text]<\/p><div id=\"ez-toc-container\" class=\"ez-toc-v2_0_82_2 counter-hierarchy ez-toc-counter ez-toc-custom ez-toc-container-direction\">\n<div class=\"ez-toc-title-container\">\n<span class=\"ez-toc-title-toggle\"><a href=\"#\" class=\"ez-toc-pull-right ez-toc-btn ez-toc-btn-xs ez-toc-btn-default ez-toc-toggle\" aria-label=\"Toggle Table of Content\"><span class=\"ez-toc-js-icon-con\"><span class=\"\"><span class=\"eztoc-hide\" style=\"display:none;\">Toggle<\/span><span class=\"ez-toc-icon-toggle-span\"><svg style=\"fill: #999;color:#999\" xmlns=\"http:\/\/www.w3.org\/2000\/svg\" class=\"list-377408\" width=\"20px\" height=\"20px\" viewBox=\"0 0 24 24\" fill=\"none\"><path d=\"M6 6H4v2h2V6zm14 0H8v2h12V6zM4 11h2v2H4v-2zm16 0H8v2h12v-2zM4 16h2v2H4v-2zm16 0H8v2h12v-2z\" fill=\"currentColor\"><\/path><\/svg><svg style=\"fill: #999;color:#999\" class=\"arrow-unsorted-368013\" xmlns=\"http:\/\/www.w3.org\/2000\/svg\" width=\"10px\" height=\"10px\" viewBox=\"0 0 24 24\" version=\"1.2\" baseProfile=\"tiny\"><path d=\"M18.2 9.3l-6.2-6.3-6.2 6.3c-.2.2-.3.4-.3.7s.1.5.3.7c.2.2.4.3.7.3h11c.3 0 .5-.1.7-.3.2-.2.3-.5.3-.7s-.1-.5-.3-.7zM5.8 14.7l6.2 6.3 6.2-6.3c.2-.2.3-.5.3-.7s-.1-.5-.3-.7c-.2-.2-.4-.3-.7-.3h-11c-.3 0-.5.1-.7.3-.2.2-.3.5-.3.7s.1.5.3.7z\"\/><\/svg><\/span><\/span><\/span><\/a><\/span><\/div>\n<nav><ul class='ez-toc-list ez-toc-list-level-1 ' ><li class='ez-toc-page-1 ez-toc-heading-level-2'><a class=\"ez-toc-link ez-toc-heading-1\" href=\"https:\/\/thingstodoinamsterdam.com\/it\/musei-ad-amsterdam\/diamond-museum-amsterdam\/#orari-di-apertura-del-diamond-museum-amsterdam\" >Orari di apertura del Diamond Museum Amsterdam<\/a><\/li><li class='ez-toc-page-1 ez-toc-heading-level-2'><a class=\"ez-toc-link ez-toc-heading-2\" href=\"https:\/\/thingstodoinamsterdam.com\/it\/musei-ad-amsterdam\/diamond-museum-amsterdam\/#prezzi-e-biglietti-scontati-del-diamond-museum-amsterdam\" >Prezzi e biglietti scontati del Diamond Museum Amsterdam<\/a><\/li><li class='ez-toc-page-1 ez-toc-heading-level-2'><a class=\"ez-toc-link ez-toc-heading-3\" href=\"https:\/\/thingstodoinamsterdam.com\/it\/musei-ad-amsterdam\/diamond-museum-amsterdam\/#indirizzo-informazioni-di-contatto-e-percorso-per-il-diamond-museum-amsterdam\" >Indirizzo, informazioni di contatto e percorso per il Diamond Museum Amsterdam.<\/a><\/li><li class='ez-toc-page-1 ez-toc-heading-level-2'><a class=\"ez-toc-link ez-toc-heading-4\" href=\"https:\/\/thingstodoinamsterdam.com\/it\/musei-ad-amsterdam\/diamond-museum-amsterdam\/#trasporti-pubblici-per-il-diamond-museum-amsterdam\" >Trasporti pubblici per il Diamond Museum Amsterdam<\/a><\/li><\/ul><\/nav><\/div>\n\n<figure id=\"attachment_3479\" aria-describedby=\"caption-attachment-3479\" style=\"width: 300px\" class=\"wp-caption alignright\"><a href=\"https:\/\/thingstodoinamsterdam.com\/wp-content\/uploads\/2019\/08\/14298855402_5e83c5fd6b_o.jpg\"><img decoding=\"async\" class=\"size-medium wp-image-3479\" src=\"https:\/\/thingstodoinamsterdam.com\/wp-content\/uploads\/2019\/08\/14298855402_5e83c5fd6b_o-300x225-1.jpg\" alt=\"Diamond Museum Amsterdam\" width=\"300\" height=\"225\"><\/a><figcaption id=\"caption-attachment-3479\" class=\"wp-caption-text\">Diamond Museum, Amsterdam<\/figcaption><\/figure>\n<p>Ci sono molte persone che sognano i diamanti, desiderano saperne di pi\u00f9 e vedere da vicino alcune meravigliose opere di esperti tagliatori di diamanti, ma non molte hanno la possibilit\u00e0 di visitare l&#8217;incantevole &#8216;Citt\u00e0 dei Diamanti&#8217; di Amsterdam. Fondato nel 2007 da Ben Meier e situato in posizione strategica nella Museumplein (Piazza dei Musei) di Amsterdam, proprio accanto al <a href=\"https:\/\/thingstodoinamsterdam.com\/it\/musei-ad-amsterdam\/rijksmuseum\/\">Rijksmuseum<\/a> e al <a href=\"https:\/\/thingstodoinamsterdam.com\/it\/musei-ad-amsterdam\/museo-van-gogh\/\">Museo Van Gogh<\/a>, il Diamond Museum di Amsterdam non \u00e8 solo una casa di gioielli o la citt\u00e0 dei diamanti, \u00e8 un gioiello a s\u00e9 stante. Creato da Coster Diamonds, un&#8217;azienda di taglio e commercio di diamanti con 200 anni di storia, il museo si propone di essere un centro di apprendimento ed esposizione per gli appassionati di diamanti. Il Diamond Museum e le sue mostre hanno il ruolo di illuminare i visitatori su come vengono creati i diamanti. Mostrano anche come gli esseri umani hanno sviluppato il loro amore e la loro passione per i diamanti e cercano di spiegare come il diamante non solo sia diventato un simbolo di ricchezza, ma abbia iniziato a essere associato alla bellezza e al potere.    <\/p>\n<p>Ricco di repliche ben realizzate di gioielli famosi e molto costosi (anelli di matrimonio e di fidanzamento, collane, bracciali e catene ecc.), il Diamond Museum di Amsterdam mostra la storia della conoscenza umana sui diamanti, tutte le pietre pi\u00f9 importanti del mondo, una collezione completa delle corone storiche del mondo decorate con diamanti, la storia della prestigiosa industria dei diamanti di Amsterdam, l&#8217;influenza unica che i diamanti hanno avuto sulla moda, sull&#8217;industria dell&#8217;intrattenimento e sulla vita delle persone comuni.<\/p>\n<p>Sono disponibili visite guidate per coppie, singoli e gruppi. C&#8217;\u00e8 anche la possibilit\u00e0 di un accordo speciale in cui i visitatori possono presentare le loro richieste personali allo staff del museo.[\/vc_column_text][button title=&#8221;Ordina i tuoi biglietti scontati per il Diamond Museum Amsterdam su Tours and Tickets&#8221; link=&#8221;https:\/\/thingstodoinamsterdam.com\/ticketlink-diamondmuseum-tours-std&#8221; icon=&#8221;&#8221; button_align=&#8221;center&#8221; target=&#8221;true&#8221; nofollow=&#8221;true&#8221; el_id=&#8221;1565006605626-407b3e41-9f6b&#8221;][vc_column_text]<\/p>\n<p style=\"text-align: center;\">&#8211; Assicurati di riscattare il nostro codice sconto esclusivo Tours &amp; Tickets <mark><strong>&#8216;THINGSTODO10<\/strong>&#8216; e ottieni il 10% di sconto<\/mark> &#8211;<\/p>\n<p>[\/vc_column_text][vc_single_image image=&#8221;2538731&#8243; img_size=&#8221;full&#8221; alignment=&#8221;center&#8221;][vc_single_image image=&#8221;2538732&#8243; img_size=&#8221;full&#8221; alignment=&#8221;center&#8221;][vc_single_image image=&#8221;2538733&#8243; img_size=&#8221;full&#8221; alignment=&#8221;center&#8221;][vc_column_text]<\/p>\n<h2><span class=\"ez-toc-section\" id=\"orari-di-apertura-del-diamond-museum-amsterdam\"><\/span>Orari di apertura del Diamond Museum Amsterdam<span class=\"ez-toc-section-end\"><\/span><\/h2>\n<p>Il Diamond Museum di Amsterdam \u00e8 aperto 7 giorni su 7, 365 giorni all&#8217;anno.<\/p>\n<table style=\"width: 100%;\">\n<tbody>\n<tr>\n<td>Luned\u00ec &#8211; Domenica<\/td>\n<td> 09:00 &#8211; 17:00<\/td>\n<\/tr>\n<\/tbody>\n<\/table>\n<p>[\/vc_column_text][vc_column_text css=&#8221;&#8221;]<\/p>\n<h2><span class=\"ez-toc-section\" id=\"prezzi-e-biglietti-scontati-del-diamond-museum-amsterdam\"><\/span>Prezzi e biglietti scontati del Diamond Museum Amsterdam<span class=\"ez-toc-section-end\"><\/span><\/h2>\n<p>I biglietti sono disponibili all&#8217;ingresso del museo e anche sul sito web ufficiale del Diamond Museum di Amsterdam. I biglietti online sono pi\u00f9 economici e possono essere acquistati in un attimo. <\/p>\n<table style=\"width: 100%;\">\n<tbody>\n<tr>\n<td>Adulti<\/td>\n<td>\u20ac 12,5<\/td>\n<\/tr>\n<tr>\n<td>Ragazzi 13 &#8211; 18<\/td>\n<td>\u20ac 10,-<\/td>\n<\/tr>\n<tr>\n<td>Bambini sotto i 12 anni<\/td>\n<td>Gratis<\/td>\n<\/tr>\n<\/tbody>\n<\/table>\n<p>[\/vc_column_text][button title=&#8221;Ordina i tuoi biglietti scontati per il Diamond Museum Amsterdam su Tours and Tickets&#8221; link=&#8221;https:\/\/thingstodoinamsterdam.com\/ticketlink-diamondmuseum-tours-std&#8221; icon=&#8221;&#8221; button_align=&#8221;center&#8221; target=&#8221;true&#8221; nofollow=&#8221;true&#8221; el_id=&#8221;1565006699221-6069db4d-c0ab&#8221;][vc_column_text]<\/p>\n<p style=\"text-align: center;\">&#8211; Assicurati di riscattare il nostro codice sconto esclusivo Tours &amp; Tickets <mark><strong>&#8216;THINGSTODO10<\/strong>&#8216; e ottieni il 10% di sconto<\/mark> &#8211;<\/p>\n<p>[\/vc_column_text][vc_column_text]<\/p>\n<h2><span class=\"ez-toc-section\" id=\"indirizzo-informazioni-di-contatto-e-percorso-per-il-diamond-museum-amsterdam\"><\/span>Indirizzo, informazioni di contatto e percorso per il Diamond Museum Amsterdam.<span class=\"ez-toc-section-end\"><\/span><\/h2>\n<p>Il Diamond Museum Amsterdam si trova nella zona della Piazza dei Musei (Museumplein) di Amsterdam in Paulus Potterstraat 8. Il modo pi\u00f9 semplice per raggiungere il museo \u00e8 con i mezzi pubblici dalla stazione centrale di Amsterdam e a piedi dal Rijksmuseum e\/o dal Museo Van Gogh. <\/p>\n<p><strong>Indirizzo<br \/>\n<\/strong>Royal Coster Diamonds Museum<br \/>\nPaulus Potterstraat 8<br \/>\n1071 CZ Amsterdam<br \/>\n+31 (0)20-305 5555<br \/>\nsupport@royalcoster.com<br \/>\n<a href=\"https:\/\/www.costerdiamonds.com\/\">https:\/\/www.costerdiamonds.com\/<\/a><\/p>\n<h3><strong>Come arrivare:<\/strong><\/h3>\n<p><strong>a piedi:<\/strong> dal Rijksmuseum, stando con le spalle al Museo e guardando verso la Museumplein, cammina verso la strada sulla tua sinistra in direzione della piazza (3 minuti a piedi). Il museo \u00e8 il terzo edificio sulla destra. <\/p>\n<p><strong>in tram:<\/strong> 2 e 5 dalla Stazione Centrale di Amsterdam.[\/vc_column_text][g_map heading=&#8221;Diamond Museum Amsterdam on the city map&#8221; el_id=&#8221;1567515635428-261804bd-bd36&#8243;]<iframe style=\"border: 0;\" src=\"https:\/\/www.google.com\/maps\/embed?pb=!1m18!1m12!1m3!1d2436.605090281513!2d4.880299715858117!3d52.35944737978413!2m3!1f0!2f0!3f0!3m2!1i1024!2i768!4f13.1!3m3!1m2!1s0x47c609eefe52e217%3A0xc2a8e54ec45198db!2sDiamond+Museum+Amsterdam!5e0!3m2!1sen!2snl!4v1505740934449\" width=\"600\" height=\"450\" frameborder=\"0\" allowfullscreen=\"allowfullscreen\"><\/iframe>[\/g_map][vc_column_text]<\/p>\n<h2><span class=\"ez-toc-section\" id=\"trasporti-pubblici-per-il-diamond-museum-amsterdam\"><\/span>Trasporti pubblici per il Diamond Museum Amsterdam<span class=\"ez-toc-section-end\"><\/span><\/h2>\n<p>Da molte zone di Amsterdam sono disponibili tram che ti portano al Rijksmuseum. A seconda di dove sali sul tram, devi scendere alla fermata Rijksmuseum, Museumplein o Spiegelgracht. I seguenti tram ti porteranno a queste fermate:  <\/p>\n<p><strong>Dalla Stazione Centrale di Amsterdam:<\/strong><\/p>\n<ul>\n<li>Tram 2, direzione Nieuw Sloten, fermata Museumplein<\/li>\n<li>Tram 5, direzione Amstelveen Binnenhof, fermata Museumplein<\/li>\n<li>Bus 170, direzione Uithoorn, Amstelplein, fermata Rijksmuseum o Museumplein<\/li>\n<li>Bus 172, direzione Kudelstaart, fermata Rijksmuseum o Museumplein<\/li>\n<\/ul>\n<p><strong>Da Amsterdam Sloterdijk:<br \/>\n<\/strong>Tram 12, direzione Amsterdam Amstel, fermata Museumplein<\/p>\n<p><strong>Da Amsterdam Amstel:<br \/>\n<\/strong>Tram 12, direzione Station Sloterdijk, fermata Museumplein<\/p>\n<p><strong>Da Amsterdam Zuid WTC:<br \/>\n<\/strong>Tram 5, direzione Stazione Centrale di Amsterdam, fermata Museumplein<\/p>\n<p><strong>Dall&#8217;aeroporto di Amsterdam Schiphol:<br \/>\n<\/strong>Autobus 197 direzione Marnixstraat, fermata Museumplein<\/p>\n<p>Non sei sicuro di dove ti trovi in questo momento o quale tram prendere? Utilizza il pulsante qui sotto per ottenere consigli di viaggio accurati e in tempo reale in base alla tua posizione attuale. <\/p>\n<p>&nbsp;<\/p>\n<p><a href=\"https:\/\/9292.nl\/en?to=amsterdam_museumplein-square\"><img decoding=\"async\" class=\"alignnone wp-image-3080 size-medium\" src=\"https:\/\/thingstodoinamsterdam.com\/wp-content\/uploads\/2019\/07\/Button-Plan-mijn-OV-reis-EN-300x54.png\" alt=\"ov button Ice bar\" width=\"300\" height=\"54\"><\/a>[\/vc_column_text][\/vc_column][\/vc_row][vc_row][vc_column][reviews heading=&#8221;Recensioni del Diamond Museum Amsterdam&#8221; description=&#8221;Siamo sempre interessati a conoscere le esperienze dei nostri visitatori. Lascia la tua recensione del Diamond Museum Amsterdam qui sotto e aiuta gli altri viaggiatori! Cosa ne pensi del Diamond Museum Amsterdam? Lo consiglieresti agli amici? Hai fatto una meravigliosa visita al museo? Faccelo sapere e ti preghiamo di avere pazienza poich\u00e9 controlliamo tutte le recensioni manualmente, sar\u00e0 pubblicata presto!     &#8221; item_name=&#8221;Diamond Museum Amsterdam&#8221; item_image=&#8221;1575&#8243; item_tel=&#8221;+3120 305 5300&#8243; item_web=&#8221;https:\/\/diamonds-amsterdam.com\/&#8221; item_address=&#8221;Paulus Potterstraat 8&#8243; item_city=&#8221;Amsterdam&#8221; item_postal_code=&#8221;1071 CZ&#8221; item_country=&#8221;NL&#8221; el_id=&#8221;1565006880578-14cd1ec4-ee5c&#8221;][\/reviews][vc_column_text]<strong>Dai un&#8217;occhiata a uno dei seguenti musei qui sotto o torna alla pagina generale dei <a href=\"https:\/\/thingstodoinamsterdam.com\/it\/musei-ad-amsterdam\/\">musei di Amsterdam<\/a>.<\/strong>[\/vc_column_text][\/vc_column][\/vc_row][vc_row][vc_column][promo_block style_var=&#8221;style2&#8243; el_id=&#8221;1565006966227-2964f00d-4c4f&#8221;][promo link=&#8221;url:https%3A%2F%2Fthingstodoinamsterdam.com%2Fit%2Fmusei-ad-amsterdam%2Frijksmuseum%2F|title:Rijksmuseum|&#8221; text=&#8221;Scopri la Ronda di notte di Rembrandt e molti altri famosi artisti olandesi&#8221; img=&#8221;1089&#8243;][promo link=&#8221;url:https%3A%2F%2Fthingstodoinamsterdam.com%2Fit%2Fattrazioni-amsterdam%2Fworkshop-di-stroopwafel%2F|title:Stroopwafel%20Workshop|&#8221; text=&#8221;Impara a preparare i tuoi Stroopwafel freschi!&#8221; img=&#8221;2530111&#8243;][promo link=&#8221;url:https%3A%2F%2Fthingstodoinamsterdam.com%2Fit%2Fmusei-ad-amsterdam%2Fmadame-tussauds-museo-delle-cere-di-amsterdam%2F|title:Madame%20Tussauds|&#8221; text=&#8221;Scatta un selfie con la famiglia reale olandese!&#8221; img=&#8221;632&#8243;][\/promo_block][\/vc_column][\/vc_row][vc_row][vc_column][buttonsticky title=&#8221;Ottieni biglietti scontati online su Tours-tickets.com&#8221; link=&#8221;https:\/\/thingstodoinamsterdam.com\/ticketlink-diamondmuseum-tours-std&#8221; target=&#8221;true&#8221; nofollow=&#8221;true&#8221; el_id=&#8221;1601642025027-30c9a0eb-78d2&#8243;][\/vc_column][\/vc_row]<\/p>\n<\/div>","protected":false},"excerpt":{"rendered":"<p>[vc_row][vc_column][vc_column_text] Ci sono molte persone che sognano i diamanti, desiderano saperne di pi\u00f9 e vedere da vicino alcune meravigliose opere di esperti tagliatori di diamanti,\u2026<\/p>\n","protected":false},"author":3,"featured_media":2538730,"parent":2532588,"menu_order":0,"comment_status":"closed","ping_status":"closed","template":"","meta":{"footnotes":""},"class_list":["post-2538729","page","type-page","status-publish","has-post-thumbnail","hentry"],"yoast_head":"<!-- This site is optimized with the Yoast SEO plugin v27.4 - https:\/\/yoast.com\/product\/yoast-seo-wordpress\/ -->\n<title>Diamond Museum Amsterdam - ThingstodoinAmsterdam.com<\/title>\n<meta name=\"description\" content=\"Ci sono molte persone che sognano i diamanti, desiderano saperne di pi\u00f9 e vedere da vicino alcune meravigliose opere di esperti tagliatori di diamanti.\" \/>\n<meta name=\"robots\" content=\"index, follow, max-snippet:-1, max-image-preview:large, max-video-preview:-1\" \/>\n<link rel=\"canonical\" href=\"https:\/\/thingstodoinamsterdam.com\/it\/musei-ad-amsterdam\/diamond-museum-amsterdam\/\" \/>\n<meta property=\"og:locale\" content=\"it_IT\" \/>\n<meta property=\"og:type\" content=\"article\" \/>\n<meta property=\"og:title\" content=\"Diamond Museum Amsterdam - ThingstodoinAmsterdam.com\" \/>\n<meta property=\"og:description\" content=\"Ci sono molte persone che sognano i diamanti, desiderano saperne di pi\u00f9 e vedere da vicino alcune meravigliose opere di esperti tagliatori di diamanti.\" \/>\n<meta property=\"og:url\" content=\"https:\/\/thingstodoinamsterdam.com\/it\/musei-ad-amsterdam\/diamond-museum-amsterdam\/\" \/>\n<meta property=\"og:site_name\" content=\"ThingstodoinAmsterdam.com\" \/>\n<meta property=\"article:publisher\" content=\"https:\/\/www.facebook.com\/thingstodoinamsterdamcom\" \/>\n<meta property=\"article:modified_time\" content=\"2026-03-31T08:52:43+00:00\" \/>\n<meta property=\"og:image\" content=\"https:\/\/thingstodoinamsterdam.com\/wp-content\/uploads\/2019\/08\/14298855402_5e83c5fd6b_o.jpg\" \/>\n\t<meta property=\"og:image:width\" content=\"1080\" \/>\n\t<meta property=\"og:image:height\" content=\"810\" \/>\n\t<meta property=\"og:image:type\" content=\"image\/jpeg\" \/>\n<meta name=\"twitter:card\" content=\"summary_large_image\" \/>\n<meta name=\"twitter:label1\" content=\"Tempo di lettura stimato\" \/>\n\t<meta name=\"twitter:data1\" content=\"6 minuti\" \/>\n<script type=\"application\/ld+json\" class=\"yoast-schema-graph\">{\"@context\":\"https:\\\/\\\/schema.org\",\"@graph\":[{\"@type\":\"WebPage\",\"@id\":\"https:\\\/\\\/thingstodoinamsterdam.com\\\/it\\\/musei-ad-amsterdam\\\/diamond-museum-amsterdam\\\/\",\"url\":\"https:\\\/\\\/thingstodoinamsterdam.com\\\/it\\\/musei-ad-amsterdam\\\/diamond-museum-amsterdam\\\/\",\"name\":\"Diamond Museum Amsterdam - ThingstodoinAmsterdam.com\",\"isPartOf\":{\"@id\":\"https:\\\/\\\/thingstodoinamsterdam.com\\\/it\\\/#website\"},\"primaryImageOfPage\":{\"@id\":\"https:\\\/\\\/thingstodoinamsterdam.com\\\/it\\\/musei-ad-amsterdam\\\/diamond-museum-amsterdam\\\/#primaryimage\"},\"image\":{\"@id\":\"https:\\\/\\\/thingstodoinamsterdam.com\\\/it\\\/musei-ad-amsterdam\\\/diamond-museum-amsterdam\\\/#primaryimage\"},\"thumbnailUrl\":\"https:\\\/\\\/thingstodoinamsterdam.com\\\/wp-content\\\/uploads\\\/2019\\\/08\\\/14298855402_5e83c5fd6b_o.jpg\",\"datePublished\":\"2026-03-31T08:52:27+00:00\",\"dateModified\":\"2026-03-31T08:52:43+00:00\",\"description\":\"Ci sono molte persone che sognano i diamanti, desiderano saperne di pi\u00f9 e vedere da vicino alcune meravigliose opere di esperti tagliatori di diamanti.\",\"breadcrumb\":{\"@id\":\"https:\\\/\\\/thingstodoinamsterdam.com\\\/it\\\/musei-ad-amsterdam\\\/diamond-museum-amsterdam\\\/#breadcrumb\"},\"inLanguage\":\"it-IT\",\"potentialAction\":[{\"@type\":\"ReadAction\",\"target\":[\"https:\\\/\\\/thingstodoinamsterdam.com\\\/it\\\/musei-ad-amsterdam\\\/diamond-museum-amsterdam\\\/\"]}]},{\"@type\":\"ImageObject\",\"inLanguage\":\"it-IT\",\"@id\":\"https:\\\/\\\/thingstodoinamsterdam.com\\\/it\\\/musei-ad-amsterdam\\\/diamond-museum-amsterdam\\\/#primaryimage\",\"url\":\"https:\\\/\\\/thingstodoinamsterdam.com\\\/wp-content\\\/uploads\\\/2019\\\/08\\\/14298855402_5e83c5fd6b_o.jpg\",\"contentUrl\":\"https:\\\/\\\/thingstodoinamsterdam.com\\\/wp-content\\\/uploads\\\/2019\\\/08\\\/14298855402_5e83c5fd6b_o.jpg\",\"width\":1080,\"height\":810},{\"@type\":\"BreadcrumbList\",\"@id\":\"https:\\\/\\\/thingstodoinamsterdam.com\\\/it\\\/musei-ad-amsterdam\\\/diamond-museum-amsterdam\\\/#breadcrumb\",\"itemListElement\":[{\"@type\":\"ListItem\",\"position\":1,\"name\":\"Cose da fare ad Amsterdam\",\"item\":\"https:\\\/\\\/thingstodoinamsterdam.com\\\/it\\\/\"},{\"@type\":\"ListItem\",\"position\":2,\"name\":\"Musei ad Amsterdam\",\"item\":\"https:\\\/\\\/thingstodoinamsterdam.com\\\/it\\\/musei-ad-amsterdam\\\/\"},{\"@type\":\"ListItem\",\"position\":3,\"name\":\"Diamond Museum Amsterdam\"}]},{\"@type\":\"WebSite\",\"@id\":\"https:\\\/\\\/thingstodoinamsterdam.com\\\/it\\\/#website\",\"url\":\"https:\\\/\\\/thingstodoinamsterdam.com\\\/it\\\/\",\"name\":\"ThingstodoinAmsterdam.com\",\"description\":\"Amsterdam&#039;s highlights and hidden secrets\",\"publisher\":{\"@id\":\"https:\\\/\\\/thingstodoinamsterdam.com\\\/it\\\/#organization\"},\"potentialAction\":[{\"@type\":\"SearchAction\",\"target\":{\"@type\":\"EntryPoint\",\"urlTemplate\":\"https:\\\/\\\/thingstodoinamsterdam.com\\\/it\\\/?s={search_term_string}\"},\"query-input\":{\"@type\":\"PropertyValueSpecification\",\"valueRequired\":true,\"valueName\":\"search_term_string\"}}],\"inLanguage\":\"it-IT\"},{\"@type\":\"Organization\",\"@id\":\"https:\\\/\\\/thingstodoinamsterdam.com\\\/it\\\/#organization\",\"name\":\"Cose da fare ad Amsterdam\",\"url\":\"https:\\\/\\\/thingstodoinamsterdam.com\\\/it\\\/\",\"logo\":{\"@type\":\"ImageObject\",\"inLanguage\":\"it-IT\",\"@id\":\"https:\\\/\\\/thingstodoinamsterdam.com\\\/it\\\/#\\\/schema\\\/logo\\\/image\\\/\",\"url\":\"https:\\\/\\\/thingstodoinamsterdam.com\\\/wp-content\\\/uploads\\\/2025\\\/02\\\/ThingsToDoInAmsterdam-Favicon-logo.png\",\"contentUrl\":\"https:\\\/\\\/thingstodoinamsterdam.com\\\/wp-content\\\/uploads\\\/2025\\\/02\\\/ThingsToDoInAmsterdam-Favicon-logo.png\",\"width\":512,\"height\":512,\"caption\":\"Cose da fare ad Amsterdam\"},\"image\":{\"@id\":\"https:\\\/\\\/thingstodoinamsterdam.com\\\/it\\\/#\\\/schema\\\/logo\\\/image\\\/\"},\"sameAs\":[\"https:\\\/\\\/www.facebook.com\\\/thingstodoinamsterdamcom\"]}]}<\/script>\n<!-- \/ Yoast SEO plugin. -->","yoast_head_json":{"title":"Diamond Museum Amsterdam - ThingstodoinAmsterdam.com","description":"Ci sono molte persone che sognano i diamanti, desiderano saperne di pi\u00f9 e vedere da vicino alcune meravigliose opere di esperti tagliatori di diamanti.","robots":{"index":"index","follow":"follow","max-snippet":"max-snippet:-1","max-image-preview":"max-image-preview:large","max-video-preview":"max-video-preview:-1"},"canonical":"https:\/\/thingstodoinamsterdam.com\/it\/musei-ad-amsterdam\/diamond-museum-amsterdam\/","og_locale":"it_IT","og_type":"article","og_title":"Diamond Museum Amsterdam - ThingstodoinAmsterdam.com","og_description":"Ci sono molte persone che sognano i diamanti, desiderano saperne di pi\u00f9 e vedere da vicino alcune meravigliose opere di esperti tagliatori di diamanti.","og_url":"https:\/\/thingstodoinamsterdam.com\/it\/musei-ad-amsterdam\/diamond-museum-amsterdam\/","og_site_name":"ThingstodoinAmsterdam.com","article_publisher":"https:\/\/www.facebook.com\/thingstodoinamsterdamcom","article_modified_time":"2026-03-31T08:52:43+00:00","og_image":[{"width":1080,"height":810,"url":"https:\/\/thingstodoinamsterdam.com\/wp-content\/uploads\/2019\/08\/14298855402_5e83c5fd6b_o.jpg","type":"image\/jpeg"}],"twitter_card":"summary_large_image","twitter_misc":{"Tempo di lettura stimato":"6 minuti"},"schema":{"@context":"https:\/\/schema.org","@graph":[{"@type":"WebPage","@id":"https:\/\/thingstodoinamsterdam.com\/it\/musei-ad-amsterdam\/diamond-museum-amsterdam\/","url":"https:\/\/thingstodoinamsterdam.com\/it\/musei-ad-amsterdam\/diamond-museum-amsterdam\/","name":"Diamond Museum Amsterdam - ThingstodoinAmsterdam.com","isPartOf":{"@id":"https:\/\/thingstodoinamsterdam.com\/it\/#website"},"primaryImageOfPage":{"@id":"https:\/\/thingstodoinamsterdam.com\/it\/musei-ad-amsterdam\/diamond-museum-amsterdam\/#primaryimage"},"image":{"@id":"https:\/\/thingstodoinamsterdam.com\/it\/musei-ad-amsterdam\/diamond-museum-amsterdam\/#primaryimage"},"thumbnailUrl":"https:\/\/thingstodoinamsterdam.com\/wp-content\/uploads\/2019\/08\/14298855402_5e83c5fd6b_o.jpg","datePublished":"2026-03-31T08:52:27+00:00","dateModified":"2026-03-31T08:52:43+00:00","description":"Ci sono molte persone che sognano i diamanti, desiderano saperne di pi\u00f9 e vedere da vicino alcune meravigliose opere di esperti tagliatori di diamanti.","breadcrumb":{"@id":"https:\/\/thingstodoinamsterdam.com\/it\/musei-ad-amsterdam\/diamond-museum-amsterdam\/#breadcrumb"},"inLanguage":"it-IT","potentialAction":[{"@type":"ReadAction","target":["https:\/\/thingstodoinamsterdam.com\/it\/musei-ad-amsterdam\/diamond-museum-amsterdam\/"]}]},{"@type":"ImageObject","inLanguage":"it-IT","@id":"https:\/\/thingstodoinamsterdam.com\/it\/musei-ad-amsterdam\/diamond-museum-amsterdam\/#primaryimage","url":"https:\/\/thingstodoinamsterdam.com\/wp-content\/uploads\/2019\/08\/14298855402_5e83c5fd6b_o.jpg","contentUrl":"https:\/\/thingstodoinamsterdam.com\/wp-content\/uploads\/2019\/08\/14298855402_5e83c5fd6b_o.jpg","width":1080,"height":810},{"@type":"BreadcrumbList","@id":"https:\/\/thingstodoinamsterdam.com\/it\/musei-ad-amsterdam\/diamond-museum-amsterdam\/#breadcrumb","itemListElement":[{"@type":"ListItem","position":1,"name":"Cose da fare ad Amsterdam","item":"https:\/\/thingstodoinamsterdam.com\/it\/"},{"@type":"ListItem","position":2,"name":"Musei ad Amsterdam","item":"https:\/\/thingstodoinamsterdam.com\/it\/musei-ad-amsterdam\/"},{"@type":"ListItem","position":3,"name":"Diamond Museum Amsterdam"}]},{"@type":"WebSite","@id":"https:\/\/thingstodoinamsterdam.com\/it\/#website","url":"https:\/\/thingstodoinamsterdam.com\/it\/","name":"ThingstodoinAmsterdam.com","description":"Amsterdam&#039;s highlights and hidden secrets","publisher":{"@id":"https:\/\/thingstodoinamsterdam.com\/it\/#organization"},"potentialAction":[{"@type":"SearchAction","target":{"@type":"EntryPoint","urlTemplate":"https:\/\/thingstodoinamsterdam.com\/it\/?s={search_term_string}"},"query-input":{"@type":"PropertyValueSpecification","valueRequired":true,"valueName":"search_term_string"}}],"inLanguage":"it-IT"},{"@type":"Organization","@id":"https:\/\/thingstodoinamsterdam.com\/it\/#organization","name":"Cose da fare ad Amsterdam","url":"https:\/\/thingstodoinamsterdam.com\/it\/","logo":{"@type":"ImageObject","inLanguage":"it-IT","@id":"https:\/\/thingstodoinamsterdam.com\/it\/#\/schema\/logo\/image\/","url":"https:\/\/thingstodoinamsterdam.com\/wp-content\/uploads\/2025\/02\/ThingsToDoInAmsterdam-Favicon-logo.png","contentUrl":"https:\/\/thingstodoinamsterdam.com\/wp-content\/uploads\/2025\/02\/ThingsToDoInAmsterdam-Favicon-logo.png","width":512,"height":512,"caption":"Cose da fare ad Amsterdam"},"image":{"@id":"https:\/\/thingstodoinamsterdam.com\/it\/#\/schema\/logo\/image\/"},"sameAs":["https:\/\/www.facebook.com\/thingstodoinamsterdamcom"]}]}},"_links":{"self":[{"href":"https:\/\/thingstodoinamsterdam.com\/it\/wp-json\/wp\/v2\/pages\/2538729","targetHints":{"allow":["GET"]}}],"collection":[{"href":"https:\/\/thingstodoinamsterdam.com\/it\/wp-json\/wp\/v2\/pages"}],"about":[{"href":"https:\/\/thingstodoinamsterdam.com\/it\/wp-json\/wp\/v2\/types\/page"}],"author":[{"embeddable":true,"href":"https:\/\/thingstodoinamsterdam.com\/it\/wp-json\/wp\/v2\/users\/3"}],"replies":[{"embeddable":true,"href":"https:\/\/thingstodoinamsterdam.com\/it\/wp-json\/wp\/v2\/comments?post=2538729"}],"version-history":[{"count":5,"href":"https:\/\/thingstodoinamsterdam.com\/it\/wp-json\/wp\/v2\/pages\/2538729\/revisions"}],"predecessor-version":[{"id":2538740,"href":"https:\/\/thingstodoinamsterdam.com\/it\/wp-json\/wp\/v2\/pages\/2538729\/revisions\/2538740"}],"up":[{"embeddable":true,"href":"https:\/\/thingstodoinamsterdam.com\/it\/wp-json\/wp\/v2\/pages\/2532588"}],"wp:featuredmedia":[{"embeddable":true,"href":"https:\/\/thingstodoinamsterdam.com\/it\/wp-json\/wp\/v2\/media\/2538730"}],"wp:attachment":[{"href":"https:\/\/thingstodoinamsterdam.com\/it\/wp-json\/wp\/v2\/media?parent=2538729"}],"curies":[{"name":"wp","href":"https:\/\/api.w.org\/{rel}","templated":true}]}}