{"id":2026088,"date":"2025-02-28T15:32:48","date_gmt":"2025-02-28T14:32:48","guid":{"rendered":"https:\/\/thingstodoinamsterdam.com\/?page_id=2026088"},"modified":"2026-04-04T10:24:50","modified_gmt":"2026-04-04T08:24:50","slug":"smartshops-amsterdam","status":"publish","type":"page","link":"https:\/\/thingstodoinamsterdam.com\/nl\/smartshops-amsterdam\/","title":{"rendered":"Smartshops in Amsterdam"},"content":{"rendered":"<div class=\"wpb-content-wrapper\"><p>[vc_row][vc_column][vc_column_text css=&#8221;&#8221;]<strong>Smartshops<\/strong> zijn erg populair in Nederland en in <a href=\"https:\/\/thingstodoinamsterdam.com\/nl\/\">Amsterdam<\/a> vind je er een heleboel. Ze worden vaak bezocht door toeristen die op zoek zijn naar &#8220;smartdrugs&#8221; of hier informatie over willen krijgen. <\/p><div id=\"ez-toc-container\" class=\"ez-toc-v2_0_82_2 counter-hierarchy ez-toc-counter ez-toc-custom ez-toc-container-direction\">\n<div class=\"ez-toc-title-container\">\n<span class=\"ez-toc-title-toggle\"><a href=\"#\" class=\"ez-toc-pull-right ez-toc-btn ez-toc-btn-xs ez-toc-btn-default ez-toc-toggle\" aria-label=\"Toggle tabel met inhoud\"><span class=\"ez-toc-js-icon-con\"><span class=\"\"><span class=\"eztoc-hide\" style=\"display:none;\">Toggle<\/span><span class=\"ez-toc-icon-toggle-span\"><svg style=\"fill: #999;color:#999\" xmlns=\"http:\/\/www.w3.org\/2000\/svg\" class=\"list-377408\" width=\"20px\" height=\"20px\" viewBox=\"0 0 24 24\" fill=\"none\"><path d=\"M6 6H4v2h2V6zm14 0H8v2h12V6zM4 11h2v2H4v-2zm16 0H8v2h12v-2zM4 16h2v2H4v-2zm16 0H8v2h12v-2z\" fill=\"currentColor\"><\/path><\/svg><svg style=\"fill: #999;color:#999\" class=\"arrow-unsorted-368013\" xmlns=\"http:\/\/www.w3.org\/2000\/svg\" width=\"10px\" height=\"10px\" viewBox=\"0 0 24 24\" version=\"1.2\" baseProfile=\"tiny\"><path d=\"M18.2 9.3l-6.2-6.3-6.2 6.3c-.2.2-.3.4-.3.7s.1.5.3.7c.2.2.4.3.7.3h11c.3 0 .5-.1.7-.3.2-.2.3-.5.3-.7s-.1-.5-.3-.7zM5.8 14.7l6.2 6.3 6.2-6.3c.2-.2.3-.5.3-.7s-.1-.5-.3-.7c-.2-.2-.4-.3-.7-.3h-11c-.3 0-.5.1-.7.3-.2.2-.3.5-.3.7s.1.5.3.7z\"\/><\/svg><\/span><\/span><\/span><\/a><\/span><\/div>\n<nav><ul class='ez-toc-list ez-toc-list-level-1 ' ><li class='ez-toc-page-1 ez-toc-heading-level-2'><a class=\"ez-toc-link ez-toc-heading-1\" href=\"https:\/\/thingstodoinamsterdam.com\/nl\/smartshops-amsterdam\/#psychedelica-stimulerende-middelen-en-afrodisiaca\" >Psychedelica, stimulerende middelen en afrodisiaca<\/a><\/li><li class='ez-toc-page-1 ez-toc-heading-level-2'><a class=\"ez-toc-link ez-toc-heading-2\" href=\"https:\/\/thingstodoinamsterdam.com\/nl\/smartshops-amsterdam\/#voorlichting-en-informatievoorziening\" >Voorlichting en informatievoorziening<\/a><\/li><li class='ez-toc-page-1 ez-toc-heading-level-2'><a class=\"ez-toc-link ez-toc-heading-3\" href=\"https:\/\/thingstodoinamsterdam.com\/nl\/smartshops-amsterdam\/#populaire-producten-op-het-menu-in-smartshops\" >Populaire producten op het menu in smartshops<\/a><\/li><\/ul><\/nav><\/div>\n\n<h3>Wat zijn smartshops precies en wat verkopen ze eigenlijk?<\/h3>\n<p>Een smartshop is een winkel die gespecialiseerd is in de verkoop van psychoactieve stoffen, waaronder voornamelijk natuurlijke psychedelica, en bijbehorende literatuur en accessoires. De naam komt van de zogenaamde smartdrugs, een groep kruiden en voedingssupplementen bedoeld om cognitieve vaardigheden te verbeteren. <\/p>\n<p>Smartshops in Amsterdam verkopen <a href=\"https:\/\/thingstodoinamsterdam.com\/nl\/blog-nl\/alles-wat-je-moet-weten-om-truffels-te-gebruiken-in-amsterdam\/\">psychedelische truffels<\/a>, vitaminen, wietzaden, kweeksets en verschillende souvenirs en kunst.<\/p>\n<p>In Nederland zijn de producten die in een smartshop worden verkocht voornamelijk natuurlijk en legaal. Bekende producten die in smartshops worden verkocht zijn Salvia divinorum, cactussen en andere kruiden, zaden en planten. Vaak worden er in een smartshop ook allerlei soorten pijpen en bongs verkocht.  <\/p>\n<p>Sinds 2004 zijn smartshops in Nederland verbonden aan een brancheorganisatie die klanten persoonlijke aanbevelingen geeft en wijst op interessante aanbiedingen voor individuen die ge\u00efnteresseerd zijn in psychedelica.[\/vc_column_text][vc_single_image image=&#8221;2535852&#8243; img_size=&#8221;full&#8221; add_caption=&#8221;yes&#8221; alignment=&#8221;center&#8221; onclick=&#8221;link_image&#8221; css=&#8221;&#8221;][vc_column_text css=&#8221;&#8221;]<\/p>\n<h3>Beste smartshop in Amsterdam<\/h3>\n<p>We raden iedereen die van plan is producten van een smartshop te gebruiken aan om dit goed ge\u00efnformeerd en goed voorbereid te doen. Zoek daarom een smartshop waar je je prettig voelt en waar je persoonlijk advies krijgt over wat je wel en niet moet doen. Je wilt tenslotte een veilige en prettige ervaring. Onze favoriete smartshop in de stad is:   <\/p>\n<ul>\n<li style=\"list-style-type: none\">\n<ul>\n<li><strong>The Magic Mushroom Gallery:<\/strong> een van de oudste smartshops van de stad. Bij <a href=\"https:\/\/thingstodoinamsterdam.com\/nl\/smartshops-amsterdam\/the-magic-mushroom-gallery\/\" target=\"_blank\" rel=\"noopener\">The Magic Mushroom Gallery<\/a> zijn de medewerkers ervaren en deskundig; ze hebben talloze soorten magic truffels en helpen je graag bij het kiezen van de juiste soort. Ze hebben twee winkels in het centrum, \u00e9\u00e9n bij de Bloemenmarkt en \u00e9\u00e9n in de Spuistraat.  <\/li>\n<\/ul>\n<\/li>\n<\/ul>\n<p>[\/vc_column_text][vc_column_text css=&#8221;&#8221;]<\/p>\n<p style=\"text-align: center\"><em><strong>Niet in Amsterdam, maar wel ge\u00efnteresseerd in het online bestellen van psychedelica?<\/strong><\/em><\/p>\n<h3 style=\"text-align: center\">Online smartshops die door heel Europa leveren<\/h3>\n<p style=\"text-align: center\">Sommige smartshops in Amsterdam zijn begonnen met het online verkopen van hun producten en verzenden door heel Europa. Daarom kun je nu een psychedelische ervaring beleven in de veiligheid van je eigen land. We hebben contact gezocht met een aantal kwaliteitsverkopers die je kunt gebruiken voor het online bestellen van magic truffels:  <\/p>\n<p>&nbsp;<\/p>\n<p style=\"text-align: center\">1 &#8211; <strong><a href=\"https:\/\/www.microdosebros.com\/product-category\/shroomshop\/best-shroomshop\/?ref=49\" target=\"_blank\" rel=\"noopener nofollow\">Microdosebros<\/a><\/strong>: We werken al lange tijd samen met deze verkoper. Geweldige kwaliteit en service! Geprezen door klanten in talloze Google-reviews. Bestel met onze <strong>exclusieve kortingscode<\/strong> <em>Amsterdam10<\/em> en krijg 10% korting.   <\/p>\n<p style=\"text-align: center\">2 &#8211;<span style=\"margin: 0;padding: 0;text-align: left\"><strong> <a href=\"https:\/\/jdt8.net\/c\/?si=17221&amp;li=1743938&amp;wi=331407&amp;ws=EN&amp;dl=shroomshop\/magic-truffles\/\" target=\"_blank\" rel=\"noopener\">Tatanka<\/a><\/strong>: Een van de oudste en meest populaire smartshops<\/span> in Amsterdam. Bekend om kwaliteit en deskundige medewerkers. Scherpe online prijzen!  <\/p>\n<p style=\"text-align: center\">3 &#8211; <strong><a href=\"https:\/\/jdt8.net\/c\/?si=17220&amp;li=1743937&amp;wi=331407&amp;ws=EN&amp;dl=shroomshop\/magic-truffles\/\" target=\"_blank\" rel=\"noopener\">Headshop<\/a><\/strong>: Een andere bekende speler in onze hoofdstad die al sinds 1968 bestaat. Levert nu ook natuurlijke psychedelica aan huis door heel Europa. <\/p>\n<p>[\/vc_column_text][vc_single_image image=&#8221;2535853&#8243; img_size=&#8221;full&#8221; add_caption=&#8221;yes&#8221; alignment=&#8221;center&#8221; onclick=&#8221;link_image&#8221; css=&#8221;&#8221;][vc_column_text]<\/p>\n<h2><span class=\"ez-toc-section\" id=\"psychedelica-stimulerende-middelen-en-afrodisiaca\"><\/span>Psychedelica, stimulerende middelen en afrodisiaca<span class=\"ez-toc-section-end\"><\/span><\/h2>\n<p>In Nederland, waar de meeste smartshops van Europa gevestigd zijn, staan smartshops vooral bekend om de verkoop van alle wettelijk toegestane psychedelica, stimulerende middelen, empathogenen en afrodisiaca.<\/p>\n<h2><span class=\"ez-toc-section\" id=\"voorlichting-en-informatievoorziening\"><\/span>Voorlichting en informatievoorziening<span class=\"ez-toc-section-end\"><\/span><\/h2>\n<p>Smartshops in Amsterdam zijn een belangrijke informatiebron over de natuurlijke kruiden die ze verkopen. Ze verstrekken vaak brochures met gebruiksinstructies, vergelijkbaar met de bijsluiters in medicijnverpakkingen, die informatie geven over contra-indicaties, bijwerkingen en het belang van een goede &#8216;set en setting&#8217;. <\/p>\n<p>In Nederland is er relatief weinig offici\u00eble regulering van de smartshops, maar de concentratie van expertise op een relatief exotisch segment producten, gecombineerd met het besef dat de maatschappij en politiek de smartshops nauwlettend in de gaten houden, is de reden waarom onder andere de VLOS (Vereniging Landelijk Overleg Smartproducten) zich inzet voor het verspreiden van accurate informatie over hun goederen.<\/p>\n<p><strong>Let op:<\/strong> Smartshops in Nederland mogen geen synthetische drugs verkopen. De verkoop van synthetische drugs die niet duidelijk zijn toegestaan als voedingsmiddel, voedingssupplement of geneesmiddel is illegaal in Nederland. <\/p>\n<p>De verkoop van paddo&#8217;s is sinds 1 december 2008 verboden. Sindsdien vallen paddo&#8217;s niet meer onder de warenwet maar onder de Opiumwet.[\/vc_column_text][vc_single_image image=&#8221;2535854&#8243; img_size=&#8221;full&#8221; add_caption=&#8221;yes&#8221; alignment=&#8221;center&#8221; onclick=&#8221;link_image&#8221; css=&#8221;&#8221;][vc_column_text]<\/p>\n<h2><span class=\"ez-toc-section\" id=\"populaire-producten-op-het-menu-in-smartshops\"><\/span>Populaire producten op het menu in smartshops<span class=\"ez-toc-section-end\"><\/span><\/h2>\n<p><strong>Energisers:<\/strong><br \/>Je kunt dit gebruiken als booster voor een avondje stappen, studeren of een lange dienst op het werk. Deze capsules, kruiden of poeders zijn 100% natuurlijk. Ze zijn gemaakt van plantenextracten of met ingredi\u00ebnten uit de wereld van sportsupplementen.  <\/p>\n<p><strong>Vraag naar:<\/strong> Happy-Caps, Stargate, Herbs of the Gods energiekruiden zoals kolanoot, guarana.<\/p>\n<p><strong>\u201cTrippy\u201d drugs:<\/strong><br \/>Paddo&#8217;s staan op de lijst van verboden middelen, maar een bijproduct zoals truffels bevat precies dezelfde werkzame stof. Als je op een psychedelische trip wilt gaan, zijn smartshops de beste plek om ze te kopen. Je krijgt er ook informatie over hoe je ze moet gebruiken.  <\/p>\n<p><strong>Vaporizers:<\/strong><br \/>Omdat wiet legaal is in Nederland, staat <a href=\"https:\/\/thingstodoinamsterdam.com\/best-coffeeshops\/\">een bezoek aan de Amsterdamse coffeeshops<\/a> altijd op de planning voor bezoekers. Een vaporizer is een manier om het beste uit cannabis te halen en smartshops blijven de beste plek om ze te kopen. Gebruikers van medicinale wiet kunnen ook een vaporizer proberen.  <\/p>\n<p><strong>Kruiden om te ontspannen:<\/strong><br \/>Tussen een kop kamille-thee en een dikke joint ligt een heel spectrum aan mogelijkheden om je lichaam en geest te ontspannen. Of je nu beter wilt slapen, een dromerige staat van bewustzijn wilt ervaren of gewoon wilt ontspannen na een dag hard werken, Moeder Natuur heeft voor alles een oplossing. Bezoek een smartshop voor natuurlijke kruiden die je kunnen helpen volledig tot rust te komen.  <\/p>\n<p><strong>Vraag naar:<\/strong> kruiden zoals; damiana, wild dagga, hopextract, mulungu-extract of droomkruiden.<\/p>\n<p><strong>Concentratiesupplementen:<\/strong><br \/>Als je een student bent die op regelmatige basis wil studeren, dan moet je je brein in vorm houden. Er zijn veel supplementen die de aanmaak van de juiste stoffen en verbindingen tussen verschillende hersengebieden stimuleren. Helpt je met de concentratie voor die broodnodige studiesessie.  <\/p>\n<p><strong>Vraag naar:<\/strong> Focus2, DMAE, Ginkgo of Ginseng.<\/p>\n<p style=\"text-align: center\">Niet in Amsterdam, maar wel ge\u00efnteresseerd in magic truffels?<\/p>\n<p>[\/vc_column_text][vc_single_image image=&#8221;9809&#8243; img_size=&#8221;full&#8221; add_caption=&#8221;yes&#8221; alignment=&#8221;center&#8221; onclick=&#8221;link_image&#8221; css=&#8221;&#8221;][vc_column_text css=&#8221;&#8221;]<\/p>\n<p style=\"text-align: center\"><em><strong>Niet in Amsterdam, maar wel ge\u00efnteresseerd in het online bestellen van psychedelica?<\/strong><\/em><\/p>\n<h3 style=\"text-align: center\">Online smartshops die door heel Europa leveren<\/h3>\n<p style=\"text-align: center\">Sommige smartshops in Amsterdam zijn begonnen met het online verkopen van hun producten en verzenden door heel Europa. Daarom kun je nu een psychedelische ervaring beleven in de veiligheid van je eigen land. We hebben contact gezocht met een aantal kwaliteitsverkopers die je kunt gebruiken voor het online bestellen van magic truffels:  <\/p>\n<p>&nbsp;<\/p>\n<p style=\"text-align: center\">1 &#8211; <strong><a href=\"https:\/\/www.microdosebros.com\/product-category\/shroomshop\/best-shroomshop\/?ref=49\" target=\"_blank\" rel=\"noopener nofollow\">Microdosebros<\/a><\/strong>: We werken al lange tijd samen met deze verkoper. Geweldige kwaliteit en service! Geprezen door klanten in talloze Google-reviews. Bestel met onze <strong>exclusieve kortingscode<\/strong> <em>Amsterdam10<\/em> en krijg 10% korting.   <\/p>\n<p style=\"text-align: center\">2 &#8211;<span style=\"margin: 0;padding: 0;text-align: left\"><strong> <a href=\"https:\/\/jdt8.net\/c\/?si=17221&amp;li=1743938&amp;wi=331407&amp;ws=EN&amp;dl=shroomshop\/magic-truffles\/\" target=\"_blank\" rel=\"noopener\">Tatanka<\/a><\/strong>: Een van de oudste en meest populaire smartshops<\/span> in Amsterdam. Bekend om kwaliteit en deskundige medewerkers. Scherpe online prijzen!  <\/p>\n<p style=\"text-align: center\">3 &#8211; <strong><a href=\"https:\/\/jdt8.net\/c\/?si=17220&amp;li=1743937&amp;wi=331407&amp;ws=EN&amp;dl=shroomshop\/magic-truffles\/\" target=\"_blank\" rel=\"noopener\">Headshop<\/a><\/strong>: Een andere bekende speler in onze hoofdstad die al sinds 1968 bestaat. Levert nu ook natuurlijke psychedelica aan huis door heel Europa. <\/p>\n<p>[\/vc_column_text][\/vc_column][\/vc_row][vc_row][vc_column][promo_block style_var=&#8221;style2&#8243; el_id=&#8221;1564409141672-27447ba8-b743&#8243;][promo link=&#8221;url:https%3A%2F%2Fthingstodoinamsterdam.com%2Fnl%2Frondvaart-amsterdam%2Fcloud-boat-amsterdam-smoke-boot-tour-met-review%2F|title:Cloud%20Boat%20Amsterdam%20%E2%80%93%20420%20Friendly%20Smoke%20Boat%20Tour|&#8221; text=&#8221;Geniet van een heerlijke rondvaart door de grachten terwijl je geniet van de beste kwaliteit wiet die er te vinden is!&#8221; img=&#8221;2529808&#8243;][promo link=&#8221;url:https%3A%2F%2Fthingstodoinamsterdam.com%2Fnl%2Fattracties-in-amsterdam%2Fstroopwafel-workshop%2F|title:Stroopwafel%20cookie%20making%20workshop|&#8221; text=&#8221;Heb je trek gekregen? Leer hoe je Nederlands beroemdste koekje precies zo maakt als jij het lekkerst vindt tijdens de stroopwafelworkshop! &#8221; img=&#8221;2530216&#8243;][promo link=&#8221;url:https%3A%2F%2Fthingstodoinamsterdam.com%2Fnl%2Fde-wallen%2Fmoulin-rouge-amsterdam%2F|title:Moulin%20Rouge%20Amsterdam|&#8221; text=&#8221;Bezoek het ondeugende deel van de Wallen en bereid je voor op een aantal x-rated 18+ liveshows!&#8221; img=&#8221;1524988&#8243;][\/promo_block][\/vc_column][\/vc_row]<\/p>\n<\/div>","protected":false},"excerpt":{"rendered":"<p>[vc_row][vc_column][vc_column_text css=&#8221;&#8221;]Smartshops zijn erg populair in Nederland en in Amsterdam vind je er een heleboel. Ze worden vaak bezocht door toeristen die op zoek zijn\u2026<\/p>\n","protected":false},"author":3,"featured_media":6386,"parent":0,"menu_order":0,"comment_status":"closed","ping_status":"closed","template":"","meta":{"footnotes":""},"class_list":["post-2026088","page","type-page","status-publish","has-post-thumbnail","hentry"],"yoast_head":"<!-- This site is optimized with the Yoast SEO plugin v27.3 - https:\/\/yoast.com\/product\/yoast-seo-wordpress\/ -->\n<title>Smartshops in Amsterdam - Alles wat je moet weten - Thingstodoinamsterdam<\/title>\n<meta name=\"description\" content=\"Amsterdam heeft nogal wat populaire smartshops. Van magic truffels voor een psychedelische trip tot een rustgevende kruidenmix en energisers voor een avondje stappen.\" \/>\n<meta name=\"robots\" content=\"index, follow, max-snippet:-1, max-image-preview:large, max-video-preview:-1\" \/>\n<link rel=\"canonical\" href=\"https:\/\/thingstodoinamsterdam.com\/nl\/smartshops-amsterdam\/\" \/>\n<meta property=\"og:locale\" content=\"nl_NL\" \/>\n<meta property=\"og:type\" content=\"article\" \/>\n<meta property=\"og:title\" content=\"Smartshops in Amsterdam - Alles wat je moet weten - Thingstodoinamsterdam\" \/>\n<meta property=\"og:description\" content=\"Amsterdam heeft nogal wat populaire smartshops. Van magic truffels voor een psychedelische trip tot een rustgevende kruidenmix en energisers voor een avondje stappen.\" \/>\n<meta property=\"og:url\" content=\"https:\/\/thingstodoinamsterdam.com\/nl\/smartshops-amsterdam\/\" \/>\n<meta property=\"og:site_name\" content=\"ThingstodoinAmsterdam.com\" \/>\n<meta property=\"article:publisher\" content=\"https:\/\/www.facebook.com\/thingstodoinamsterdamcom\" \/>\n<meta property=\"article:modified_time\" content=\"2026-04-04T08:24:50+00:00\" \/>\n<meta property=\"og:image\" content=\"https:\/\/thingstodoinamsterdam.com\/wp-content\/uploads\/2020\/04\/smartshop-amsterdam.jpg\" \/>\n\t<meta property=\"og:image:width\" content=\"300\" \/>\n\t<meta property=\"og:image:height\" content=\"400\" \/>\n\t<meta property=\"og:image:type\" content=\"image\/jpeg\" \/>\n<meta name=\"twitter:card\" content=\"summary_large_image\" \/>\n<meta name=\"twitter:label1\" content=\"Geschatte leestijd\" \/>\n\t<meta name=\"twitter:data1\" content=\"4 minuten\" \/>\n<script type=\"application\/ld+json\" class=\"yoast-schema-graph\">{\"@context\":\"https:\\\/\\\/schema.org\",\"@graph\":[{\"@type\":\"WebPage\",\"@id\":\"https:\\\/\\\/thingstodoinamsterdam.com\\\/nl\\\/smartshops-amsterdam\\\/\",\"url\":\"https:\\\/\\\/thingstodoinamsterdam.com\\\/nl\\\/smartshops-amsterdam\\\/\",\"name\":\"Smartshops in Amsterdam - Alles wat je moet weten - Thingstodoinamsterdam\",\"isPartOf\":{\"@id\":\"https:\\\/\\\/thingstodoinamsterdam.com\\\/nl\\\/#website\"},\"primaryImageOfPage\":{\"@id\":\"https:\\\/\\\/thingstodoinamsterdam.com\\\/nl\\\/smartshops-amsterdam\\\/#primaryimage\"},\"image\":{\"@id\":\"https:\\\/\\\/thingstodoinamsterdam.com\\\/nl\\\/smartshops-amsterdam\\\/#primaryimage\"},\"thumbnailUrl\":\"https:\\\/\\\/thingstodoinamsterdam.com\\\/wp-content\\\/uploads\\\/2020\\\/04\\\/smartshop-amsterdam.jpg\",\"datePublished\":\"2025-02-28T14:32:48+00:00\",\"dateModified\":\"2026-04-04T08:24:50+00:00\",\"description\":\"Amsterdam heeft nogal wat populaire smartshops. Van magic truffels voor een psychedelische trip tot een rustgevende kruidenmix en energisers voor een avondje stappen.\",\"breadcrumb\":{\"@id\":\"https:\\\/\\\/thingstodoinamsterdam.com\\\/nl\\\/smartshops-amsterdam\\\/#breadcrumb\"},\"inLanguage\":\"nl-NL\",\"potentialAction\":[{\"@type\":\"ReadAction\",\"target\":[\"https:\\\/\\\/thingstodoinamsterdam.com\\\/nl\\\/smartshops-amsterdam\\\/\"]}]},{\"@type\":\"ImageObject\",\"inLanguage\":\"nl-NL\",\"@id\":\"https:\\\/\\\/thingstodoinamsterdam.com\\\/nl\\\/smartshops-amsterdam\\\/#primaryimage\",\"url\":\"https:\\\/\\\/thingstodoinamsterdam.com\\\/wp-content\\\/uploads\\\/2020\\\/04\\\/smartshop-amsterdam.jpg\",\"contentUrl\":\"https:\\\/\\\/thingstodoinamsterdam.com\\\/wp-content\\\/uploads\\\/2020\\\/04\\\/smartshop-amsterdam.jpg\",\"width\":300,\"height\":400,\"caption\":\"smartshops Amsterdam\"},{\"@type\":\"BreadcrumbList\",\"@id\":\"https:\\\/\\\/thingstodoinamsterdam.com\\\/nl\\\/smartshops-amsterdam\\\/#breadcrumb\",\"itemListElement\":[{\"@type\":\"ListItem\",\"position\":1,\"name\":\"Wat te doen in Amsterdam\",\"item\":\"https:\\\/\\\/thingstodoinamsterdam.com\\\/nl\\\/\"},{\"@type\":\"ListItem\",\"position\":2,\"name\":\"Smartshops in Amsterdam\"}]},{\"@type\":\"WebSite\",\"@id\":\"https:\\\/\\\/thingstodoinamsterdam.com\\\/nl\\\/#website\",\"url\":\"https:\\\/\\\/thingstodoinamsterdam.com\\\/nl\\\/\",\"name\":\"ThingstodoinAmsterdam.com\",\"description\":\"Amsterdam&#039;s highlights and hidden secrets\",\"publisher\":{\"@id\":\"https:\\\/\\\/thingstodoinamsterdam.com\\\/nl\\\/#organization\"},\"potentialAction\":[{\"@type\":\"SearchAction\",\"target\":{\"@type\":\"EntryPoint\",\"urlTemplate\":\"https:\\\/\\\/thingstodoinamsterdam.com\\\/nl\\\/?s={search_term_string}\"},\"query-input\":{\"@type\":\"PropertyValueSpecification\",\"valueRequired\":true,\"valueName\":\"search_term_string\"}}],\"inLanguage\":\"nl-NL\"},{\"@type\":\"Organization\",\"@id\":\"https:\\\/\\\/thingstodoinamsterdam.com\\\/nl\\\/#organization\",\"name\":\"Wat te doen in Amsterdam\",\"url\":\"https:\\\/\\\/thingstodoinamsterdam.com\\\/nl\\\/\",\"logo\":{\"@type\":\"ImageObject\",\"inLanguage\":\"nl-NL\",\"@id\":\"https:\\\/\\\/thingstodoinamsterdam.com\\\/nl\\\/#\\\/schema\\\/logo\\\/image\\\/\",\"url\":\"https:\\\/\\\/thingstodoinamsterdam.com\\\/wp-content\\\/uploads\\\/2025\\\/02\\\/ThingsToDoInAmsterdam-Favicon-logo.png\",\"contentUrl\":\"https:\\\/\\\/thingstodoinamsterdam.com\\\/wp-content\\\/uploads\\\/2025\\\/02\\\/ThingsToDoInAmsterdam-Favicon-logo.png\",\"width\":512,\"height\":512,\"caption\":\"Wat te doen in Amsterdam\"},\"image\":{\"@id\":\"https:\\\/\\\/thingstodoinamsterdam.com\\\/nl\\\/#\\\/schema\\\/logo\\\/image\\\/\"},\"sameAs\":[\"https:\\\/\\\/www.facebook.com\\\/thingstodoinamsterdamcom\"]}]}<\/script>\n<!-- \/ Yoast SEO plugin. -->","yoast_head_json":{"title":"Smartshops in Amsterdam - Alles wat je moet weten - Thingstodoinamsterdam","description":"Amsterdam heeft nogal wat populaire smartshops. Van magic truffels voor een psychedelische trip tot een rustgevende kruidenmix en energisers voor een avondje stappen.","robots":{"index":"index","follow":"follow","max-snippet":"max-snippet:-1","max-image-preview":"max-image-preview:large","max-video-preview":"max-video-preview:-1"},"canonical":"https:\/\/thingstodoinamsterdam.com\/nl\/smartshops-amsterdam\/","og_locale":"nl_NL","og_type":"article","og_title":"Smartshops in Amsterdam - Alles wat je moet weten - Thingstodoinamsterdam","og_description":"Amsterdam heeft nogal wat populaire smartshops. Van magic truffels voor een psychedelische trip tot een rustgevende kruidenmix en energisers voor een avondje stappen.","og_url":"https:\/\/thingstodoinamsterdam.com\/nl\/smartshops-amsterdam\/","og_site_name":"ThingstodoinAmsterdam.com","article_publisher":"https:\/\/www.facebook.com\/thingstodoinamsterdamcom","article_modified_time":"2026-04-04T08:24:50+00:00","og_image":[{"width":300,"height":400,"url":"https:\/\/thingstodoinamsterdam.com\/wp-content\/uploads\/2020\/04\/smartshop-amsterdam.jpg","type":"image\/jpeg"}],"twitter_card":"summary_large_image","twitter_misc":{"Geschatte leestijd":"4 minuten"},"schema":{"@context":"https:\/\/schema.org","@graph":[{"@type":"WebPage","@id":"https:\/\/thingstodoinamsterdam.com\/nl\/smartshops-amsterdam\/","url":"https:\/\/thingstodoinamsterdam.com\/nl\/smartshops-amsterdam\/","name":"Smartshops in Amsterdam - Alles wat je moet weten - Thingstodoinamsterdam","isPartOf":{"@id":"https:\/\/thingstodoinamsterdam.com\/nl\/#website"},"primaryImageOfPage":{"@id":"https:\/\/thingstodoinamsterdam.com\/nl\/smartshops-amsterdam\/#primaryimage"},"image":{"@id":"https:\/\/thingstodoinamsterdam.com\/nl\/smartshops-amsterdam\/#primaryimage"},"thumbnailUrl":"https:\/\/thingstodoinamsterdam.com\/wp-content\/uploads\/2020\/04\/smartshop-amsterdam.jpg","datePublished":"2025-02-28T14:32:48+00:00","dateModified":"2026-04-04T08:24:50+00:00","description":"Amsterdam heeft nogal wat populaire smartshops. Van magic truffels voor een psychedelische trip tot een rustgevende kruidenmix en energisers voor een avondje stappen.","breadcrumb":{"@id":"https:\/\/thingstodoinamsterdam.com\/nl\/smartshops-amsterdam\/#breadcrumb"},"inLanguage":"nl-NL","potentialAction":[{"@type":"ReadAction","target":["https:\/\/thingstodoinamsterdam.com\/nl\/smartshops-amsterdam\/"]}]},{"@type":"ImageObject","inLanguage":"nl-NL","@id":"https:\/\/thingstodoinamsterdam.com\/nl\/smartshops-amsterdam\/#primaryimage","url":"https:\/\/thingstodoinamsterdam.com\/wp-content\/uploads\/2020\/04\/smartshop-amsterdam.jpg","contentUrl":"https:\/\/thingstodoinamsterdam.com\/wp-content\/uploads\/2020\/04\/smartshop-amsterdam.jpg","width":300,"height":400,"caption":"smartshops Amsterdam"},{"@type":"BreadcrumbList","@id":"https:\/\/thingstodoinamsterdam.com\/nl\/smartshops-amsterdam\/#breadcrumb","itemListElement":[{"@type":"ListItem","position":1,"name":"Wat te doen in Amsterdam","item":"https:\/\/thingstodoinamsterdam.com\/nl\/"},{"@type":"ListItem","position":2,"name":"Smartshops in Amsterdam"}]},{"@type":"WebSite","@id":"https:\/\/thingstodoinamsterdam.com\/nl\/#website","url":"https:\/\/thingstodoinamsterdam.com\/nl\/","name":"ThingstodoinAmsterdam.com","description":"Amsterdam&#039;s highlights and hidden secrets","publisher":{"@id":"https:\/\/thingstodoinamsterdam.com\/nl\/#organization"},"potentialAction":[{"@type":"SearchAction","target":{"@type":"EntryPoint","urlTemplate":"https:\/\/thingstodoinamsterdam.com\/nl\/?s={search_term_string}"},"query-input":{"@type":"PropertyValueSpecification","valueRequired":true,"valueName":"search_term_string"}}],"inLanguage":"nl-NL"},{"@type":"Organization","@id":"https:\/\/thingstodoinamsterdam.com\/nl\/#organization","name":"Wat te doen in Amsterdam","url":"https:\/\/thingstodoinamsterdam.com\/nl\/","logo":{"@type":"ImageObject","inLanguage":"nl-NL","@id":"https:\/\/thingstodoinamsterdam.com\/nl\/#\/schema\/logo\/image\/","url":"https:\/\/thingstodoinamsterdam.com\/wp-content\/uploads\/2025\/02\/ThingsToDoInAmsterdam-Favicon-logo.png","contentUrl":"https:\/\/thingstodoinamsterdam.com\/wp-content\/uploads\/2025\/02\/ThingsToDoInAmsterdam-Favicon-logo.png","width":512,"height":512,"caption":"Wat te doen in Amsterdam"},"image":{"@id":"https:\/\/thingstodoinamsterdam.com\/nl\/#\/schema\/logo\/image\/"},"sameAs":["https:\/\/www.facebook.com\/thingstodoinamsterdamcom"]}]}},"_links":{"self":[{"href":"https:\/\/thingstodoinamsterdam.com\/nl\/wp-json\/wp\/v2\/pages\/2026088","targetHints":{"allow":["GET"]}}],"collection":[{"href":"https:\/\/thingstodoinamsterdam.com\/nl\/wp-json\/wp\/v2\/pages"}],"about":[{"href":"https:\/\/thingstodoinamsterdam.com\/nl\/wp-json\/wp\/v2\/types\/page"}],"author":[{"embeddable":true,"href":"https:\/\/thingstodoinamsterdam.com\/nl\/wp-json\/wp\/v2\/users\/3"}],"replies":[{"embeddable":true,"href":"https:\/\/thingstodoinamsterdam.com\/nl\/wp-json\/wp\/v2\/comments?post=2026088"}],"version-history":[{"count":6,"href":"https:\/\/thingstodoinamsterdam.com\/nl\/wp-json\/wp\/v2\/pages\/2026088\/revisions"}],"predecessor-version":[{"id":2539271,"href":"https:\/\/thingstodoinamsterdam.com\/nl\/wp-json\/wp\/v2\/pages\/2026088\/revisions\/2539271"}],"wp:featuredmedia":[{"embeddable":true,"href":"https:\/\/thingstodoinamsterdam.com\/nl\/wp-json\/wp\/v2\/media\/6386"}],"wp:attachment":[{"href":"https:\/\/thingstodoinamsterdam.com\/nl\/wp-json\/wp\/v2\/media?parent=2026088"}],"curies":[{"name":"wp","href":"https:\/\/api.w.org\/{rel}","templated":true}]}}