{"id":2027484,"date":"2025-06-10T14:04:54","date_gmt":"2025-06-10T12:04:54","guid":{"rendered":"https:\/\/thingstodoinamsterdam.com\/?page_id=2027484"},"modified":"2025-06-10T14:54:31","modified_gmt":"2025-06-10T12:54:31","slug":"cocktail-cruise","status":"publish","type":"page","link":"https:\/\/thingstodoinamsterdam.com\/nl\/rondvaart-amsterdam\/stromma\/cocktail-cruise\/","title":{"rendered":"Cocktail cruise &#8211; Stromma"},"content":{"rendered":"<div class=\"wpb-content-wrapper\"><p>[vc_row][vc_column][buttonsticky title=&#8221;Boek je cocktail cruise bij Stromma&#8221; link=&#8221;https:\/\/thingstodoinamsterdam.com\/ticketlinknl-cocktailcruise-stromma-std&#8221; target=&#8221;true&#8221; nofollow=&#8221;true&#8221; el_id=&#8221;1722005386472-5ab5eef9-f515&#8243;][\/vc_column][\/vc_row][vc_row][vc_column width=&#8221;2\/3&#8243;][vc_column_text css=&#8221;&#8221;]We hebben Amsterdam vanuit zowat elke hoek ervaren &#8211; te voet, met de fiets, vanaf daken, trams en bussen, maar niets is te vergelijken met het zien vanaf het water. De stad krijgt een ander ritme vanaf de grachten, en wanneer je het ervaart vermengd met de gloed van het gouden uur, een perfect gemaakte cocktail en de stille energie van de stad, wordt het iets memorabels.<br \/>\nDeze herinneringen zijn gemaakt op <strong>Stromma&#8217;s Cocktail Cruise<\/strong>, een 75-minuten durende rit door de historische waterwegen van de stad met een verfrissende cocktail in de hand. Stromma biedt een verscheidenheid aan <a href=\"https:\/\/thingstodoinamsterdam.com\/nl\/rondvaart-amsterdam\/\">grachtenrondvaarten in Amsterdam<\/a>, en er is voor elk wat wils &#8211; van kaas- en wijncruises tot pizzacruises, open boottochten en waterfietsen.<br \/>\nStromma Nederland is onderdeel van de Zweedse Str\u00f6mma Group, met wortels die teruggaan tot 1912 via historische Amsterdamse bedrijven zoals Rederij Bergmann en Meijer\u2019s Rondvaarten. Nu een grote naam in het grachtentoerisme, zijn de boten van Stromma gemakkelijk herkenbaar aan hun gele streep, de branding &#8220;Canal Tours Amsterdam&#8221; en hun gedurfde rode &#8220;S&#8221;-logo.<br \/>\n<strong>&gt;&gt;&gt;<\/strong> Benieuwd naar onze review? Spring direct naar onze <a href=\"#experience\"><strong>review.<\/strong><\/a>[\/vc_column_text][\/vc_column][vc_column width=&#8221;1\/3&#8243;][vc_single_image image=&#8221;2027172&#8243; img_size=&#8221;full&#8221; alignment=&#8221;center&#8221; css=&#8221;&#8221;][vc_column_text css=&#8221;&#8221;]<em>Het vertrekpunt van de Stromma cocktail cruise op het Damrak, centraal Amsterdam.<\/em>[\/vc_column_text][\/vc_column][\/vc_row][vc_row][vc_column][button title=&#8221;Boek je cocktail cruise bij Stromma&#8221; link=&#8221;https:\/\/thingstodoinamsterdam.com\/ticketlinknl-cocktailcruise-stromma-std&#8221; icon=&#8221;fa fa-solid fa-angles-right&#8221; button_align=&#8221;center&#8221; target=&#8221;true&#8221; nofollow=&#8221;true&#8221; el_id=&#8221;1715359069789-13c6ea6d-a6f7&#8243;][vc_column_text css=&#8221;&#8221;]<\/p><div id=\"ez-toc-container\" class=\"ez-toc-v2_0_82_2 counter-hierarchy ez-toc-counter ez-toc-custom ez-toc-container-direction\">\n<div class=\"ez-toc-title-container\">\n<span class=\"ez-toc-title-toggle\"><a href=\"#\" class=\"ez-toc-pull-right ez-toc-btn ez-toc-btn-xs ez-toc-btn-default ez-toc-toggle\" aria-label=\"Toggle tabel met inhoud\"><span class=\"ez-toc-js-icon-con\"><span class=\"\"><span class=\"eztoc-hide\" style=\"display:none;\">Toggle<\/span><span class=\"ez-toc-icon-toggle-span\"><svg style=\"fill: #999;color:#999\" xmlns=\"http:\/\/www.w3.org\/2000\/svg\" class=\"list-377408\" width=\"20px\" height=\"20px\" viewBox=\"0 0 24 24\" fill=\"none\"><path d=\"M6 6H4v2h2V6zm14 0H8v2h12V6zM4 11h2v2H4v-2zm16 0H8v2h12v-2zM4 16h2v2H4v-2zm16 0H8v2h12v-2z\" fill=\"currentColor\"><\/path><\/svg><svg style=\"fill: #999;color:#999\" class=\"arrow-unsorted-368013\" xmlns=\"http:\/\/www.w3.org\/2000\/svg\" width=\"10px\" height=\"10px\" viewBox=\"0 0 24 24\" version=\"1.2\" baseProfile=\"tiny\"><path d=\"M18.2 9.3l-6.2-6.3-6.2 6.3c-.2.2-.3.4-.3.7s.1.5.3.7c.2.2.4.3.7.3h11c.3 0 .5-.1.7-.3.2-.2.3-.5.3-.7s-.1-.5-.3-.7zM5.8 14.7l6.2 6.3 6.2-6.3c.2-.2.3-.5.3-.7s-.1-.5-.3-.7c-.2-.2-.4-.3-.7-.3h-11c-.3 0-.5.1-.7.3-.2.2-.3.5-.3.7s.1.5.3.7z\"\/><\/svg><\/span><\/span><\/span><\/a><\/span><\/div>\n<nav><ul class='ez-toc-list ez-toc-list-level-1 ' ><li class='ez-toc-page-1 ez-toc-heading-level-2'><a class=\"ez-toc-link ez-toc-heading-1\" href=\"https:\/\/thingstodoinamsterdam.com\/nl\/rondvaart-amsterdam\/stromma\/cocktail-cruise\/#wat-je-moet-weten\" >Wat je moet weten<\/a><\/li><li class='ez-toc-page-1 ez-toc-heading-level-2'><a class=\"ez-toc-link ez-toc-heading-2\" href=\"https:\/\/thingstodoinamsterdam.com\/nl\/rondvaart-amsterdam\/stromma\/cocktail-cruise\/#aan-boord-van-de-stromma-cocktail-cruise\" >Aan boord van de Stromma Cocktail Cruise<\/a><\/li><li class='ez-toc-page-1 ez-toc-heading-level-2'><a class=\"ez-toc-link ez-toc-heading-3\" href=\"https:\/\/thingstodoinamsterdam.com\/nl\/rondvaart-amsterdam\/stromma\/cocktail-cruise\/#onze-ervaring\" >Onze ervaring<\/a><\/li><\/ul><\/nav><\/div>\n\n<p style=\"text-align: center;\">&#8211; Boek je cruise met onze exclusieve kortingscode<strong> <mark>&#8216;THINGSTODO10&#8217;<\/mark><\/strong> en krijg 10% extra korting &#8211;<\/p>\n<p>[\/vc_column_text][\/vc_column][\/vc_row][vc_row][vc_column width=&#8221;1\/2&#8243;][vc_single_image image=&#8221;2027087&#8243; img_size=&#8221;full&#8221; alignment=&#8221;center&#8221; css=&#8221;&#8221;][vc_column_text css=&#8221;&#8221;]<em>Snacks en menu bij aankomst.<\/em>[\/vc_column_text][\/vc_column][vc_column width=&#8221;1\/2&#8243;][vc_single_image image=&#8221;2027445&#8243; img_size=&#8221;full&#8221; alignment=&#8221;center&#8221; css=&#8221;&#8221;][vc_column_text css=&#8221;&#8221;]<em>Je kunt kiezen uit een selectie van geweldige cocktails.<\/em>[\/vc_column_text][\/vc_column][\/vc_row][vc_row][vc_column width=&#8221;2\/3&#8243;][vc_column_text css=&#8221;&#8221;]<\/p>\n<h2><span class=\"ez-toc-section\" id=\"wat-je-moet-weten\"><\/span>Wat je moet weten<span class=\"ez-toc-section-end\"><\/span><\/h2>\n<p>De Stromma Cocktail Cruise in Amsterdam vertrekt vanaf Stromma\u2019s Pier 4 op het Damrak, op korte loopafstand van het Centraal Station en dicht genoeg bij de drukste plekken van de stad. Maar zodra je aan boord stapt, verdwijnt de drukte van de straat. De cruise vertrekt om 20:15 uur en het boarden begint rond 20:00 uur. De cocktail cruise vaart meestal \u00e9\u00e9n keer per dag uit, vanaf dezelfde tijd &#8211; het is aan te raden om de offici\u00eble website te checken.<br \/>\n<a href=\"https:\/\/www.stromma.com\/en-nl\/amsterdam\/dining-cruises\/cocktail-cruise\/\" target=\"_new\" rel=\"noopener\"><br \/>\n<\/a>Er is gratis WIFI aan boord, en wanneer je boekt, wordt er een e-ticket rechtstreeks naar je smartphone verzonden voor een gemakkelijke, naadloze boarding. Stromma biedt ook flexibiliteit: je kunt je cruise kosteloos annuleren of verzetten tot 24 uur van tevoren. Voor groepen van 10 of meer zijn volledige terugbetalingen beschikbaar met een opzegtermijn van minimaal zeven dagen, en een terugbetaling van 50% indien geannuleerd tussen drie en zes dagen voor vertrek, waardoor je de vrijheid hebt om met vertrouwen te plannen.<br \/>\nDe leeftijdsgrens is 18+, en er zijn toiletten aan boord.[\/vc_column_text][\/vc_column][vc_column width=&#8221;1\/3&#8243;][vc_single_image image=&#8221;2027012&#8243; img_size=&#8221;full&#8221; alignment=&#8221;center&#8221; css=&#8221;&#8221;][vc_column_text css=&#8221;&#8221;]<em>Proost!<\/em>[\/vc_column_text][vc_single_image image=&#8221;2027450&#8243; img_size=&#8221;full&#8221; alignment=&#8221;center&#8221; css=&#8221;&#8221;][vc_column_text css=&#8221;&#8221;]<em>Cocktail voorbereiding.<\/em>[\/vc_column_text][\/vc_column][\/vc_row][vc_row][vc_column width=&#8221;2\/3&#8243;][vc_column_text css=&#8221;&#8221;]<\/p>\n<h2><span class=\"ez-toc-section\" id=\"aan-boord-van-de-stromma-cocktail-cruise\"><\/span>Aan boord van de Stromma Cocktail Cruise<span class=\"ez-toc-section-end\"><\/span><\/h2>\n<p>Bij aankomst kun je beginnen met het bestellen van een selectie cocktails en mocktails. Het menu voor onze cruise omvatte:<br \/>\nCocktails: Pornstar Martini, Espresso Martini en Lala Paloma.<br \/>\nGin &amp; Tonics: Dry gin en roze gin opties.<br \/>\nMocktails: Passion Mojito en Spiced Mule<br \/>\nElke tafel heeft ook gratis olijven en nacho&#8217;s met salsa om te snacken tijdens de cruise. Let op: het menu kan veranderen, dus als je je zorgen maakt over wat er wordt aangeboden, kun je dit bij het boeken navragen bij Stromma.<br \/>\nTerwijl je door de pittoreske grachten van Amsterdam vaart, zie je enkele van de mooiste bezienswaardigheden van de stad. Of je nu in de zomer gaat met zijn prachtige &#8220;gouden uur&#8221; of in de winter met zijn prachtige gloed, elk seizoen biedt iets unieks &#8211; van bloesems en kerstverlichting tot zonnestralen en vurige herfstbladeren.<br \/>\nDe cruise omvat doorgaans bezienswaardigheden zoals Nemo Science Centre, 17e-eeuwse grachtenpanden, de Magere Brug en andere bruggen.[\/vc_column_text][\/vc_column][vc_column width=&#8221;1\/3&#8243;][vc_single_image image=&#8221;2027017&#8243; img_size=&#8221;full&#8221; alignment=&#8221;center&#8221; css=&#8221;&#8221;][vc_column_text css=&#8221;&#8221;]<em>Nemo Science Museum.<\/em>[\/vc_column_text][vc_single_image image=&#8221;2027027&#8243; img_size=&#8221;full&#8221; css=&#8221;&#8221;][vc_column_text css=&#8221;&#8221;]<em><a href=\"https:\/\/thingstodoinamsterdam.com\/nl\/musea-amsterdam\/scheepvaartmuseum\/\">Het Scheepvaartmusuem<\/a>\/Het National Maritime Museum<\/em>[\/vc_column_text][\/vc_column][\/vc_row][vc_row][vc_column width=&#8221;1\/2&#8243;][vc_single_image image=&#8221;2027032&#8243; img_size=&#8221;full&#8221; alignment=&#8221;center&#8221; css=&#8221;&#8221;][vc_column_text]<em>Schilderachtige stadsgezichten van Amsterdam, prachtig verlicht voor een onvergetelijke avond op het water.<\/em>[\/vc_column_text][\/vc_column][vc_column width=&#8221;1\/2&#8243;][vc_single_image image=&#8221;2027042&#8243; img_size=&#8221;full&#8221; alignment=&#8221;center&#8221; css=&#8221;&#8221;][vc_column_text]<em>Een vrij uitzicht op de Magere Brug.<\/em>[\/vc_column_text][\/vc_column][\/vc_row][vc_row][vc_column width=&#8221;1\/2&#8243;][vc_single_image image=&#8221;2027057&#8243; img_size=&#8221;full&#8221; alignment=&#8221;center&#8221; css=&#8221;&#8221;][vc_column_text css=&#8221;&#8221;]<em>Charmante grachtenpanden.<\/em>[\/vc_column_text][\/vc_column][vc_column width=&#8221;1\/2&#8243;][vc_single_image image=&#8221;2027052&#8243; img_size=&#8221;full&#8221; alignment=&#8221;center&#8221; css=&#8221;&#8221;][vc_column_text css=&#8221;&#8221;]<em>De Nationale Opera &amp; Ballet.<\/em>[\/vc_column_text][\/vc_column][\/vc_row][vc_row][vc_column width=&#8221;1\/2&#8243;][vc_single_image image=&#8221;2027147&#8243; img_size=&#8221;full&#8221; alignment=&#8221;center&#8221; css=&#8221;&#8221;][vc_column_text css=&#8221;&#8221;]<em>Centraal Amsterdam.<\/em>[\/vc_column_text][\/vc_column][vc_column width=&#8221;1\/2&#8243;][vc_single_image image=&#8221;2027152&#8243; img_size=&#8221;full&#8221; alignment=&#8221;center&#8221; css=&#8221;&#8221;][vc_column_text css=&#8221;&#8221;]<em>Aankomst terug op het Damrak, een van de meest gefotografeerde plekken van de stad.<\/em>[\/vc_column_text][\/vc_column][\/vc_row][vc_row][vc_column][button title=&#8221;Boek je cocktail rondvaart direct bij Stromma&#8221; link=&#8221;https:\/\/thingstodoinamsterdam.com\/ticketlinknl-cocktailcruise-stromma-std&#8221; icon=&#8221;fa fa-solid fa-angles-right&#8221; button_align=&#8221;center&#8221; target=&#8221;true&#8221; nofollow=&#8221;true&#8221; el_id=&#8221;1715359602038-1888ca03-25a3&#8243;][vc_column_text css=&#8221;&#8221;]<\/p>\n<p style=\"text-align: center;\">&#8211; Boek je cruise met onze exclusieve kortingscode<strong> <mark>&#8216;THINGSTODO10&#8217;<\/mark><\/strong> en krijg 10% extra korting &#8211;<\/p>\n<p>[\/vc_column_text][\/vc_column][\/vc_row][vc_row][vc_column][vc_column_text css=&#8221;&#8221;]<\/p>\n<h2 id=\"experience\"><span class=\"ez-toc-section\" id=\"onze-ervaring\"><\/span>Onze ervaring<span class=\"ez-toc-section-end\"><\/span><\/h2>\n<p>Toen we terugkwamen bij het dok, voelden we ons ontspannen en energiek door de stad op deze nieuwe en rustige manier te zien, en natuurlijk met een verfrissende G&amp;T. Op onze cruise waren er stellen en twee kleine groepen, en er was een goede sfeer, maar het was niet te luid &#8211; we konden de kapitein nog steeds horen praten en interessante feiten vertellen over wat we zagen.<br \/>\nAls je Amsterdam bezoekt of er zelfs woont en de stad vanuit een nieuwe hoek wilt zien, is deze cruise een zachte herinnering dat vertragen het beste deel van het reizen kan zijn.<br \/>\nHet is een heerlijke ervaring voor stellen die iets vieren en kleine groepen vrienden en reizigers die een pauze willen nemen van het sightseeing en op een nieuwe manier van de stad willen genieten. Het is vooral een geweldige optie als je geen zin hebt in een luide bar of een toeristische tour, maar Amsterdam toch op een speciale manier wilt ervaren.[\/vc_column_text][\/vc_column][\/vc_row][vc_row][vc_column][reviews heading=&#8221;Stromma cocktail cruise reviews&#8221; description=&#8221;Ben je al eens op de cocktail cruise van Stromma geweest? We horen graag over je ervaring, en of je het zou aanraden aan andere reizigers. Laat het ons hieronder weten!&#8221; item_name=&#8221;Stromma&#8221; item_web=&#8221;https:\/\/www.stromma.com\/en-nl\/amsterdam\/&#8221; item_address=&#8221;Keizersgracht 270&#8243; item_city=&#8221;Amsterdam&#8221; item_postal_code=&#8221;1016 EV&#8221; item_country=&#8221;NL&#8221; el_id=&#8221;1715686148341-8d645a2d-144b&#8221;][\/reviews][\/vc_column][\/vc_row]<\/p>\n<\/div>","protected":false},"excerpt":{"rendered":"<p>[vc_row][vc_column][buttonsticky title=&#8221;Boek je cocktail cruise bij Stromma&#8221; link=&#8221;https:\/\/thingstodoinamsterdam.com\/ticketlinknl-cocktailcruise-stromma-std&#8221; target=&#8221;true&#8221; nofollow=&#8221;true&#8221; el_id=&#8221;1722005386472-5ab5eef9-f515&#8243;][\/vc_column][\/vc_row][vc_row][vc_column width=&#8221;2\/3&#8243;][vc_column_text css=&#8221;&#8221;]We hebben Amsterdam vanuit zowat elke hoek ervaren &#8211; te voet, met de\u2026<\/p>\n","protected":false},"author":33,"featured_media":2027446,"parent":1522556,"menu_order":0,"comment_status":"closed","ping_status":"closed","template":"","meta":{"footnotes":""},"class_list":["post-2027484","page","type-page","status-publish","has-post-thumbnail","hentry"],"yoast_head":"<!-- This site is optimized with the Yoast SEO plugin v27.4 - https:\/\/yoast.com\/product\/yoast-seo-wordpress\/ -->\n<title>Cocktail cruise - Stromma - ThingstodoinAmsterdam.com<\/title>\n<meta name=\"description\" content=\"Wil je de Amsterdamse grachten bekijken terwijl je geniet van een cocktail? Met de cocktail cruise van Stromma kan het. Lees onze ervaring!\" \/>\n<meta name=\"robots\" content=\"index, follow, max-snippet:-1, max-image-preview:large, max-video-preview:-1\" \/>\n<link rel=\"canonical\" href=\"https:\/\/thingstodoinamsterdam.com\/nl\/rondvaart-amsterdam\/stromma\/cocktail-cruise\/\" \/>\n<meta property=\"og:locale\" content=\"nl_NL\" \/>\n<meta property=\"og:type\" content=\"article\" \/>\n<meta property=\"og:title\" content=\"Cocktail cruise - Stromma - ThingstodoinAmsterdam.com\" \/>\n<meta property=\"og:description\" content=\"Wil je de Amsterdamse grachten bekijken terwijl je geniet van een cocktail? Met de cocktail cruise van Stromma kan het. Lees onze ervaring!\" \/>\n<meta property=\"og:url\" content=\"https:\/\/thingstodoinamsterdam.com\/nl\/rondvaart-amsterdam\/stromma\/cocktail-cruise\/\" \/>\n<meta property=\"og:site_name\" content=\"ThingstodoinAmsterdam.com\" \/>\n<meta property=\"article:publisher\" content=\"https:\/\/www.facebook.com\/thingstodoinamsterdamcom\" \/>\n<meta property=\"article:modified_time\" content=\"2025-06-10T12:54:31+00:00\" \/>\n<meta property=\"og:image\" content=\"https:\/\/thingstodoinamsterdam.com\/wp-content\/uploads\/2025\/06\/Stromma-cocktail-cruise-1.jpg\" \/>\n\t<meta property=\"og:image:width\" content=\"1200\" \/>\n\t<meta property=\"og:image:height\" content=\"900\" \/>\n\t<meta property=\"og:image:type\" content=\"image\/jpeg\" \/>\n<meta name=\"twitter:card\" content=\"summary_large_image\" \/>\n<meta name=\"twitter:label1\" content=\"Geschatte leestijd\" \/>\n\t<meta name=\"twitter:data1\" content=\"8 minuten\" \/>\n<script type=\"application\/ld+json\" class=\"yoast-schema-graph\">{\"@context\":\"https:\\\/\\\/schema.org\",\"@graph\":[{\"@type\":\"WebPage\",\"@id\":\"https:\\\/\\\/thingstodoinamsterdam.com\\\/nl\\\/rondvaart-amsterdam\\\/stromma\\\/cocktail-cruise\\\/\",\"url\":\"https:\\\/\\\/thingstodoinamsterdam.com\\\/nl\\\/rondvaart-amsterdam\\\/stromma\\\/cocktail-cruise\\\/\",\"name\":\"Cocktail cruise - Stromma - ThingstodoinAmsterdam.com\",\"isPartOf\":{\"@id\":\"https:\\\/\\\/thingstodoinamsterdam.com\\\/nl\\\/#website\"},\"primaryImageOfPage\":{\"@id\":\"https:\\\/\\\/thingstodoinamsterdam.com\\\/nl\\\/rondvaart-amsterdam\\\/stromma\\\/cocktail-cruise\\\/#primaryimage\"},\"image\":{\"@id\":\"https:\\\/\\\/thingstodoinamsterdam.com\\\/nl\\\/rondvaart-amsterdam\\\/stromma\\\/cocktail-cruise\\\/#primaryimage\"},\"thumbnailUrl\":\"https:\\\/\\\/thingstodoinamsterdam.com\\\/wp-content\\\/uploads\\\/2025\\\/06\\\/Stromma-cocktail-cruise-1.jpg\",\"datePublished\":\"2025-06-10T12:04:54+00:00\",\"dateModified\":\"2025-06-10T12:54:31+00:00\",\"description\":\"Wil je de Amsterdamse grachten bekijken terwijl je geniet van een cocktail? Met de cocktail cruise van Stromma kan het. Lees onze ervaring!\",\"breadcrumb\":{\"@id\":\"https:\\\/\\\/thingstodoinamsterdam.com\\\/nl\\\/rondvaart-amsterdam\\\/stromma\\\/cocktail-cruise\\\/#breadcrumb\"},\"inLanguage\":\"nl-NL\",\"potentialAction\":[{\"@type\":\"ReadAction\",\"target\":[\"https:\\\/\\\/thingstodoinamsterdam.com\\\/nl\\\/rondvaart-amsterdam\\\/stromma\\\/cocktail-cruise\\\/\"]}]},{\"@type\":\"ImageObject\",\"inLanguage\":\"nl-NL\",\"@id\":\"https:\\\/\\\/thingstodoinamsterdam.com\\\/nl\\\/rondvaart-amsterdam\\\/stromma\\\/cocktail-cruise\\\/#primaryimage\",\"url\":\"https:\\\/\\\/thingstodoinamsterdam.com\\\/wp-content\\\/uploads\\\/2025\\\/06\\\/Stromma-cocktail-cruise-1.jpg\",\"contentUrl\":\"https:\\\/\\\/thingstodoinamsterdam.com\\\/wp-content\\\/uploads\\\/2025\\\/06\\\/Stromma-cocktail-cruise-1.jpg\",\"width\":1200,\"height\":900,\"caption\":\"Stromma cocktail cruise Amsterdam\"},{\"@type\":\"BreadcrumbList\",\"@id\":\"https:\\\/\\\/thingstodoinamsterdam.com\\\/nl\\\/rondvaart-amsterdam\\\/stromma\\\/cocktail-cruise\\\/#breadcrumb\",\"itemListElement\":[{\"@type\":\"ListItem\",\"position\":1,\"name\":\"Wat te doen in Amsterdam\",\"item\":\"https:\\\/\\\/thingstodoinamsterdam.com\\\/nl\\\/\"},{\"@type\":\"ListItem\",\"position\":2,\"name\":\"Rondvaart in Amsterdam\",\"item\":\"https:\\\/\\\/thingstodoinamsterdam.com\\\/nl\\\/rondvaart-amsterdam\\\/\"},{\"@type\":\"ListItem\",\"position\":3,\"name\":\"Stromma rondvaarten\",\"item\":\"https:\\\/\\\/thingstodoinamsterdam.com\\\/nl\\\/rondvaart-amsterdam\\\/stromma\\\/\"},{\"@type\":\"ListItem\",\"position\":4,\"name\":\"Cocktail cruise &#8211; Stromma\"}]},{\"@type\":\"WebSite\",\"@id\":\"https:\\\/\\\/thingstodoinamsterdam.com\\\/nl\\\/#website\",\"url\":\"https:\\\/\\\/thingstodoinamsterdam.com\\\/nl\\\/\",\"name\":\"ThingstodoinAmsterdam.com\",\"description\":\"Amsterdam&#039;s highlights and hidden secrets\",\"publisher\":{\"@id\":\"https:\\\/\\\/thingstodoinamsterdam.com\\\/nl\\\/#organization\"},\"potentialAction\":[{\"@type\":\"SearchAction\",\"target\":{\"@type\":\"EntryPoint\",\"urlTemplate\":\"https:\\\/\\\/thingstodoinamsterdam.com\\\/nl\\\/?s={search_term_string}\"},\"query-input\":{\"@type\":\"PropertyValueSpecification\",\"valueRequired\":true,\"valueName\":\"search_term_string\"}}],\"inLanguage\":\"nl-NL\"},{\"@type\":\"Organization\",\"@id\":\"https:\\\/\\\/thingstodoinamsterdam.com\\\/nl\\\/#organization\",\"name\":\"Wat te doen in Amsterdam\",\"url\":\"https:\\\/\\\/thingstodoinamsterdam.com\\\/nl\\\/\",\"logo\":{\"@type\":\"ImageObject\",\"inLanguage\":\"nl-NL\",\"@id\":\"https:\\\/\\\/thingstodoinamsterdam.com\\\/nl\\\/#\\\/schema\\\/logo\\\/image\\\/\",\"url\":\"https:\\\/\\\/thingstodoinamsterdam.com\\\/wp-content\\\/uploads\\\/2025\\\/02\\\/ThingsToDoInAmsterdam-Favicon-logo.png\",\"contentUrl\":\"https:\\\/\\\/thingstodoinamsterdam.com\\\/wp-content\\\/uploads\\\/2025\\\/02\\\/ThingsToDoInAmsterdam-Favicon-logo.png\",\"width\":512,\"height\":512,\"caption\":\"Wat te doen in Amsterdam\"},\"image\":{\"@id\":\"https:\\\/\\\/thingstodoinamsterdam.com\\\/nl\\\/#\\\/schema\\\/logo\\\/image\\\/\"},\"sameAs\":[\"https:\\\/\\\/www.facebook.com\\\/thingstodoinamsterdamcom\"]}]}<\/script>\n<!-- \/ Yoast SEO plugin. -->","yoast_head_json":{"title":"Cocktail cruise - Stromma - ThingstodoinAmsterdam.com","description":"Wil je de Amsterdamse grachten bekijken terwijl je geniet van een cocktail? Met de cocktail cruise van Stromma kan het. Lees onze ervaring!","robots":{"index":"index","follow":"follow","max-snippet":"max-snippet:-1","max-image-preview":"max-image-preview:large","max-video-preview":"max-video-preview:-1"},"canonical":"https:\/\/thingstodoinamsterdam.com\/nl\/rondvaart-amsterdam\/stromma\/cocktail-cruise\/","og_locale":"nl_NL","og_type":"article","og_title":"Cocktail cruise - Stromma - ThingstodoinAmsterdam.com","og_description":"Wil je de Amsterdamse grachten bekijken terwijl je geniet van een cocktail? Met de cocktail cruise van Stromma kan het. Lees onze ervaring!","og_url":"https:\/\/thingstodoinamsterdam.com\/nl\/rondvaart-amsterdam\/stromma\/cocktail-cruise\/","og_site_name":"ThingstodoinAmsterdam.com","article_publisher":"https:\/\/www.facebook.com\/thingstodoinamsterdamcom","article_modified_time":"2025-06-10T12:54:31+00:00","og_image":[{"width":1200,"height":900,"url":"https:\/\/thingstodoinamsterdam.com\/wp-content\/uploads\/2025\/06\/Stromma-cocktail-cruise-1.jpg","type":"image\/jpeg"}],"twitter_card":"summary_large_image","twitter_misc":{"Geschatte leestijd":"8 minuten"},"schema":{"@context":"https:\/\/schema.org","@graph":[{"@type":"WebPage","@id":"https:\/\/thingstodoinamsterdam.com\/nl\/rondvaart-amsterdam\/stromma\/cocktail-cruise\/","url":"https:\/\/thingstodoinamsterdam.com\/nl\/rondvaart-amsterdam\/stromma\/cocktail-cruise\/","name":"Cocktail cruise - Stromma - ThingstodoinAmsterdam.com","isPartOf":{"@id":"https:\/\/thingstodoinamsterdam.com\/nl\/#website"},"primaryImageOfPage":{"@id":"https:\/\/thingstodoinamsterdam.com\/nl\/rondvaart-amsterdam\/stromma\/cocktail-cruise\/#primaryimage"},"image":{"@id":"https:\/\/thingstodoinamsterdam.com\/nl\/rondvaart-amsterdam\/stromma\/cocktail-cruise\/#primaryimage"},"thumbnailUrl":"https:\/\/thingstodoinamsterdam.com\/wp-content\/uploads\/2025\/06\/Stromma-cocktail-cruise-1.jpg","datePublished":"2025-06-10T12:04:54+00:00","dateModified":"2025-06-10T12:54:31+00:00","description":"Wil je de Amsterdamse grachten bekijken terwijl je geniet van een cocktail? Met de cocktail cruise van Stromma kan het. Lees onze ervaring!","breadcrumb":{"@id":"https:\/\/thingstodoinamsterdam.com\/nl\/rondvaart-amsterdam\/stromma\/cocktail-cruise\/#breadcrumb"},"inLanguage":"nl-NL","potentialAction":[{"@type":"ReadAction","target":["https:\/\/thingstodoinamsterdam.com\/nl\/rondvaart-amsterdam\/stromma\/cocktail-cruise\/"]}]},{"@type":"ImageObject","inLanguage":"nl-NL","@id":"https:\/\/thingstodoinamsterdam.com\/nl\/rondvaart-amsterdam\/stromma\/cocktail-cruise\/#primaryimage","url":"https:\/\/thingstodoinamsterdam.com\/wp-content\/uploads\/2025\/06\/Stromma-cocktail-cruise-1.jpg","contentUrl":"https:\/\/thingstodoinamsterdam.com\/wp-content\/uploads\/2025\/06\/Stromma-cocktail-cruise-1.jpg","width":1200,"height":900,"caption":"Stromma cocktail cruise Amsterdam"},{"@type":"BreadcrumbList","@id":"https:\/\/thingstodoinamsterdam.com\/nl\/rondvaart-amsterdam\/stromma\/cocktail-cruise\/#breadcrumb","itemListElement":[{"@type":"ListItem","position":1,"name":"Wat te doen in Amsterdam","item":"https:\/\/thingstodoinamsterdam.com\/nl\/"},{"@type":"ListItem","position":2,"name":"Rondvaart in Amsterdam","item":"https:\/\/thingstodoinamsterdam.com\/nl\/rondvaart-amsterdam\/"},{"@type":"ListItem","position":3,"name":"Stromma rondvaarten","item":"https:\/\/thingstodoinamsterdam.com\/nl\/rondvaart-amsterdam\/stromma\/"},{"@type":"ListItem","position":4,"name":"Cocktail cruise &#8211; Stromma"}]},{"@type":"WebSite","@id":"https:\/\/thingstodoinamsterdam.com\/nl\/#website","url":"https:\/\/thingstodoinamsterdam.com\/nl\/","name":"ThingstodoinAmsterdam.com","description":"Amsterdam&#039;s highlights and hidden secrets","publisher":{"@id":"https:\/\/thingstodoinamsterdam.com\/nl\/#organization"},"potentialAction":[{"@type":"SearchAction","target":{"@type":"EntryPoint","urlTemplate":"https:\/\/thingstodoinamsterdam.com\/nl\/?s={search_term_string}"},"query-input":{"@type":"PropertyValueSpecification","valueRequired":true,"valueName":"search_term_string"}}],"inLanguage":"nl-NL"},{"@type":"Organization","@id":"https:\/\/thingstodoinamsterdam.com\/nl\/#organization","name":"Wat te doen in Amsterdam","url":"https:\/\/thingstodoinamsterdam.com\/nl\/","logo":{"@type":"ImageObject","inLanguage":"nl-NL","@id":"https:\/\/thingstodoinamsterdam.com\/nl\/#\/schema\/logo\/image\/","url":"https:\/\/thingstodoinamsterdam.com\/wp-content\/uploads\/2025\/02\/ThingsToDoInAmsterdam-Favicon-logo.png","contentUrl":"https:\/\/thingstodoinamsterdam.com\/wp-content\/uploads\/2025\/02\/ThingsToDoInAmsterdam-Favicon-logo.png","width":512,"height":512,"caption":"Wat te doen in Amsterdam"},"image":{"@id":"https:\/\/thingstodoinamsterdam.com\/nl\/#\/schema\/logo\/image\/"},"sameAs":["https:\/\/www.facebook.com\/thingstodoinamsterdamcom"]}]}},"_links":{"self":[{"href":"https:\/\/thingstodoinamsterdam.com\/nl\/wp-json\/wp\/v2\/pages\/2027484","targetHints":{"allow":["GET"]}}],"collection":[{"href":"https:\/\/thingstodoinamsterdam.com\/nl\/wp-json\/wp\/v2\/pages"}],"about":[{"href":"https:\/\/thingstodoinamsterdam.com\/nl\/wp-json\/wp\/v2\/types\/page"}],"author":[{"embeddable":true,"href":"https:\/\/thingstodoinamsterdam.com\/nl\/wp-json\/wp\/v2\/users\/33"}],"replies":[{"embeddable":true,"href":"https:\/\/thingstodoinamsterdam.com\/nl\/wp-json\/wp\/v2\/comments?post=2027484"}],"version-history":[{"count":5,"href":"https:\/\/thingstodoinamsterdam.com\/nl\/wp-json\/wp\/v2\/pages\/2027484\/revisions"}],"predecessor-version":[{"id":2027512,"href":"https:\/\/thingstodoinamsterdam.com\/nl\/wp-json\/wp\/v2\/pages\/2027484\/revisions\/2027512"}],"up":[{"embeddable":true,"href":"https:\/\/thingstodoinamsterdam.com\/nl\/wp-json\/wp\/v2\/pages\/1522556"}],"wp:featuredmedia":[{"embeddable":true,"href":"https:\/\/thingstodoinamsterdam.com\/nl\/wp-json\/wp\/v2\/media\/2027446"}],"wp:attachment":[{"href":"https:\/\/thingstodoinamsterdam.com\/nl\/wp-json\/wp\/v2\/media?parent=2027484"}],"curies":[{"name":"wp","href":"https:\/\/api.w.org\/{rel}","templated":true}]}}