{"id":2028118,"date":"2025-07-08T11:20:21","date_gmt":"2025-07-08T09:20:21","guid":{"rendered":"https:\/\/thingstodoinamsterdam.com\/?page_id=2028118"},"modified":"2025-07-08T15:00:52","modified_gmt":"2025-07-08T13:00:52","slug":"cozycozy","status":"publish","type":"page","link":"https:\/\/thingstodoinamsterdam.com\/nl\/hotels-in-amsterdam\/cozycozy\/","title":{"rendered":"CozyCozy &#8211; vind unieke locaties"},"content":{"rendered":"<div class=\"wpb-content-wrapper\"><p>[vc_row][vc_column][buttonsticky title=&#8221;Boek je unieke accommodatie bij CozyCozy&#8221; link=&#8221;https:\/\/www.cozycozy.com\/nl&#8221; target=&#8221;true&#8221; nofollow=&#8221;true&#8221; el_id=&#8221;1750166649745-9ef10786-a9e0&#8243;][\/vc_column][\/vc_row][vc_row][vc_column width=&#8221;2\/3&#8243;][vc_column_text css=&#8221;&#8221;]<\/p><div id=\"ez-toc-container\" class=\"ez-toc-v2_0_82_2 counter-hierarchy ez-toc-counter ez-toc-custom ez-toc-container-direction\">\n<div class=\"ez-toc-title-container\">\n<span class=\"ez-toc-title-toggle\"><a href=\"#\" class=\"ez-toc-pull-right ez-toc-btn ez-toc-btn-xs ez-toc-btn-default ez-toc-toggle\" aria-label=\"Toggle tabel met inhoud\"><span class=\"ez-toc-js-icon-con\"><span class=\"\"><span class=\"eztoc-hide\" style=\"display:none;\">Toggle<\/span><span class=\"ez-toc-icon-toggle-span\"><svg style=\"fill: #999;color:#999\" xmlns=\"http:\/\/www.w3.org\/2000\/svg\" class=\"list-377408\" width=\"20px\" height=\"20px\" viewBox=\"0 0 24 24\" fill=\"none\"><path d=\"M6 6H4v2h2V6zm14 0H8v2h12V6zM4 11h2v2H4v-2zm16 0H8v2h12v-2zM4 16h2v2H4v-2zm16 0H8v2h12v-2z\" fill=\"currentColor\"><\/path><\/svg><svg style=\"fill: #999;color:#999\" class=\"arrow-unsorted-368013\" xmlns=\"http:\/\/www.w3.org\/2000\/svg\" width=\"10px\" height=\"10px\" viewBox=\"0 0 24 24\" version=\"1.2\" baseProfile=\"tiny\"><path d=\"M18.2 9.3l-6.2-6.3-6.2 6.3c-.2.2-.3.4-.3.7s.1.5.3.7c.2.2.4.3.7.3h11c.3 0 .5-.1.7-.3.2-.2.3-.5.3-.7s-.1-.5-.3-.7zM5.8 14.7l6.2 6.3 6.2-6.3c.2-.2.3-.5.3-.7s-.1-.5-.3-.7c-.2-.2-.4-.3-.7-.3h-11c-.3 0-.5.1-.7.3-.2.2-.3.5-.3.7s.1.5.3.7z\"\/><\/svg><\/span><\/span><\/span><\/a><\/span><\/div>\n<nav><ul class='ez-toc-list ez-toc-list-level-1 ' ><li class='ez-toc-page-1 ez-toc-heading-level-2'><a class=\"ez-toc-link ez-toc-heading-1\" href=\"https:\/\/thingstodoinamsterdam.com\/nl\/hotels-in-amsterdam\/cozycozy\/#hoe-werkt-cozycozy\" >Hoe werkt CozyCozy<\/a><\/li><li class='ez-toc-page-1 ez-toc-heading-level-2'><a class=\"ez-toc-link ez-toc-heading-2\" href=\"https:\/\/thingstodoinamsterdam.com\/nl\/hotels-in-amsterdam\/cozycozy\/#hoe-zoek-je\" >Hoe zoek je?<\/a><\/li><li class='ez-toc-page-1 ez-toc-heading-level-2'><a class=\"ez-toc-link ez-toc-heading-3\" href=\"https:\/\/thingstodoinamsterdam.com\/nl\/hotels-in-amsterdam\/cozycozy\/#onze-ervaring\" >Onze ervaring<\/a><\/li><\/ul><\/nav><\/div>\n\n<div class=\"flex-shrink-0 flex flex-col relative items-end\">\n<div class=\"pt-0\">\n<div class=\"gizmo-bot-avatar flex h-8 w-8 items-center justify-center overflow-hidden rounded-full\"><\/div>\n<\/div>\n<\/div>\n<p>Het kan tegenwoordig overweldigend zijn om een reis te plannen. Met allerlei verschillende sites voor hotels, vakantiehuizen, hostels, glampings en zelfs woonboten, allemaal met hun eigen prijzen, aanbiedingen en verborgen kosten, verdwijnt soms het plezier van het boeken van je volgende trip.<\/p>\n<p>Met zoveel boekingsplatforms wil je idealiter \u00e9\u00e9n plek waar je niet meer eindeloos hoeft te zoeken en handmatig prijzen en aanbiedingen moet vergelijken. En daar komt CozyCozy om de hoek kijken: een meta-zoekmachine voor accommodaties die het hele proces een stuk eenvoudiger maakt.<\/p>\n<p>CozyCozy brengt alle accommodatiesites samen op \u00e9\u00e9n handige plek. Of je nu op zoek bent naar een budgethotel in Parijs, een woonboot in Amsterdam of een ruim vakantiehuis in Rome, CozyCozy laat je al je opties zien met transparante prijzen en een duidelijk overzicht. Zo haal je de stress uit het boeken en kun je focussen op wat echt telt: genieten van je reis.<\/p>\n<p>Benieuwd naar onze review? <a href=\"https:\/\/thingstodoinamsterdam.com\/nl\/hotels-in-amsterdam\/cozycozy\/#review\">Lees hem hier direct<\/a>..[\/vc_column_text][\/vc_column][vc_column width=&#8221;1\/3&#8243;][vc_single_image image=&#8221;2027945&#8243; img_size=&#8221;full&#8221; alignment=&#8221;center&#8221; css=&#8221;&#8221;][\/vc_column][\/vc_row][vc_row][vc_column width=&#8221;1\/2&#8243;][vc_single_image image=&#8221;2027950&#8243; img_size=&#8221;full&#8221; alignment=&#8221;center&#8221; css=&#8221;&#8221;][\/vc_column][vc_column width=&#8221;1\/2&#8243;][vc_single_image image=&#8221;2027973&#8243; img_size=&#8221;full&#8221; alignment=&#8221;center&#8221; css=&#8221;&#8221;][\/vc_column][\/vc_row][vc_row][vc_column width=&#8221;2\/3&#8243;][vc_column_text css=&#8221;&#8221;]<\/p>\n<h2><span class=\"ez-toc-section\" id=\"hoe-werkt-cozycozy\"><\/span>Hoe werkt CozyCozy<span class=\"ez-toc-section-end\"><\/span><\/h2>\n<p>CozyCozy vergelijkt prijzen en beschikbaarheid van bijna alle grote boekingssites op \u00e9\u00e9n plek. Zie het als de \u201cSkyscanner van accommodaties\u201d, die aanbiedingen samenbrengt van sites zoals Booking.com, Airbnb, Vrbo, Expedia, Agoda en meer, zodat je al je opties naast elkaar ziet.<\/p>\n<p>En het maakt niet uit wat voor type accommodatie je zoekt \u2013 hotel, appartement, cabin, chalet, yurt, boomhut, hostel of campingplek \u2013 je kunt alles op \u00e9\u00e9n plek zoeken, prijzen van verschillende aanbieders bekijken en precies de deal kiezen die jij wilt. Je kunt hier zelfs een woningruil vinden.<\/p>\n<p>Het platform heeft wereldwijde dekking met accommodaties in meer dan 200 landen, dus je kunt vrijwel overal je trip plannen. CozyCozy maakt het makkelijk om prijzen van verschillende boekingssites naast elkaar te zien, zodat je zonder gedoe de beste deal vindt.<\/p>\n<p>Handige filters en zoekfuncties helpen je de resultaten te verfijnen op type accommodatie, aantal gasten, huisdiervriendelijkheid, zwembad, gratis annuleren en meer. Er is ook een kaartweergave om accommodaties dicht bij het strand of bezienswaardigheden te vinden, en er zijn ook last-minute deals als je een spontane vakantie plant.<\/p>\n<p>In cijfers betekent CozyCozy:<\/p>\n<ul>\n<li class=\"p1\">Verzamelt aanbiedingen van 100+ boekingssites<\/li>\n<li class=\"p1\">Toegang tot meer dan 20 miljoen accommodaties wereldwijd<\/li>\n<li class=\"p1\">Meer dan 400 miljoen foto\u2019s<\/li>\n<li class=\"p1\">Dekking in 750+ toeristische regio\u2019s<\/li>\n<li class=\"p1\">Bevat meer dan 3 miljoen hotels<\/li>\n<li class=\"p1\">Biedt meer dan 7,5 miljoen appartementen<\/li>\n<li class=\"p1\">Toont meer dan 4,5 miljoen huizen<\/li>\n<li class=\"p1\">Laat meer dan 500.000 unieke accommodaties zien<\/li>\n<li class=\"p1\">Ondersteunt meer dan 175.000 woningruilopties<\/li>\n<li class=\"p1\">Bevat meer dan 60.000 campings<\/li>\n<li class=\"p1\">Inclusief meer dan 3.500 boomhutten<\/li>\n<\/ul>\n<p>[\/vc_column_text][button title=&#8221;Zoek accommodaties op CozyCozy&#8221; link=&#8221;https:\/\/www.cozycozy.com\/nl&#8221; icon=&#8221;&#8221; button_align=&#8221;center&#8221; target=&#8221;true&#8221; nofollow=&#8221;true&#8221; el_id=&#8221;1570179223317-e7e33b72-1f2c&#8221;][\/vc_column][vc_column width=&#8221;1\/3&#8243;][vc_single_image image=&#8221;2028091&#8243; img_size=&#8221;full&#8221; alignment=&#8221;center&#8221; css=&#8221;&#8221;][vc_single_image image=&#8221;2027968&#8243; img_size=&#8221;full&#8221; alignment=&#8221;center&#8221; css=&#8221;&#8221;][vc_single_image image=&#8221;2027963&#8243; img_size=&#8221;full&#8221; alignment=&#8221;center&#8221; css=&#8221;&#8221;][\/vc_column][\/vc_row][vc_row][vc_column width=&#8221;2\/3&#8243;][vc_column_text css=&#8221;&#8221;]<\/p>\n<h2><span class=\"ez-toc-section\" id=\"hoe-zoek-je\"><\/span>Hoe zoek je?<span class=\"ez-toc-section-end\"><\/span><\/h2>\n<p>Het is heel makkelijk om jouw ideale accommodatie te vinden. Gebruik gewoon je apparaat om je bestemming en reisdata in te voeren en zie meteen een breed aanbod aan accommodaties op \u00e9\u00e9n scherm, inclusief prijzen van verschillende aanbieders. Filter naar wens voor meer gerichte opties.<\/p>\n<p>Je kunt aanbiedingen makkelijk vergelijken, waarbij CozyCozy je de laagste prijzen laat zien die op verschillende sites beschikbaar zijn. Zodra je de plek hebt gevonden die je wilt boeken, kies je hem gewoon en CozyCozy stuurt je door naar de partnersite, zoals Airbnb of Booking.com, om je boeking af te ronden.<\/p>\n<p>Goed om te weten: CozyCozy rekent geen extra kosten \u2013 het is gratis om te zoeken en te vergelijken. Als je je boeking wilt annuleren of wijzigen, doe je dat rechtstreeks via de site waar je hebt geboekt, zoals Booking.com of Airbnb.<br \/>\n[\/vc_column_text][button title=&#8221;Vind jouw ideale vakantieplek bij CozyCozy&#8221; link=&#8221;https:\/\/www.cozycozy.com\/nl&#8221; icon=&#8221;&#8221; button_align=&#8221;center&#8221; target=&#8221;true&#8221; nofollow=&#8221;true&#8221; el_id=&#8221;1750167352999-902ee187-0c07&#8243;][\/vc_column][vc_column width=&#8221;1\/3&#8243;][vc_single_image image=&#8221;2027984&#8243; img_size=&#8221;full&#8221; alignment=&#8221;center&#8221; css=&#8221;&#8221;][\/vc_column][\/vc_row][vc_row][vc_column width=&#8221;2\/3&#8243;][vc_column_text css=&#8221;&#8221;]<\/p>\n<h2 id=\"review\"><span class=\"ez-toc-section\" id=\"onze-ervaring\"><\/span>Onze ervaring<span class=\"ez-toc-section-end\"><\/span><\/h2>\n<p>De website-interface is overzichtelijk en intu\u00eftief, met handige filters waarmee je makkelijk kunt verfijnen. Het is <span data-teams=\"true\">vooral ideaal als je op zoek bent naar een heel specifiek type accommodatie, want CozyCozy haalt resultaten van veel verschillende platforms, waaronder Airbnb, Booking en anderen. Zo heb je een compleet overzicht zonder dat je al die sites \u00e9\u00e9n voor \u00e9\u00e9n hoeft af te speuren.<\/span><\/p>\n<p>Alles bij elkaar maakt CozyCozy het plannen van een reis gewoon veel makkelijker. In plaats van tien tabs en websites open te hebben en het overzicht te verliezen, zie je alles op \u00e9\u00e9n plek en weet je dat je een eerlijke prijs krijgt. Het haalt de stress uit het boeken, zodat je echt kunt genieten van het kiezen waar je wilt verblijven en vooral kunt uitkijken naar je reis zelf.<br \/>\n[\/vc_column_text][\/vc_column][vc_column width=&#8221;1\/3&#8243;][vc_single_image image=&#8221;2027994&#8243; img_size=&#8221;full&#8221; alignment=&#8221;center&#8221; css=&#8221;&#8221;][vc_single_image image=&#8221;2027989&#8243; img_size=&#8221;full&#8221; alignment=&#8221;center&#8221; css=&#8221;&#8221;][\/vc_column][\/vc_row][vc_row][vc_column][reviews heading=&#8221;CozyCozy reviews&#8221; description=&#8221;Heb je ooit via CozyCozy een accommodatie gezocht? We horen graag jouw ervaring! Zou je het anderen aanraden? Laat het ons hieronder weten!&#8221; item_name=&#8221;A&#8217;DAM VR Game Park &#8211; Virtual Reality Amsterdam&#8221; item_web=&#8221;https:\/\/adam-vr.com\/&#8221; item_address=&#8221;Overhoeksplein 15&#8243; item_city=&#8221;Amsterdam&#8221; item_postal_code=&#8221;1031KS&#8221; item_country=&#8221;NL&#8221; el_id=&#8221;1715686148341-8d645a2d-144b&#8221;][\/reviews][\/vc_column][\/vc_row]<\/p>\n<\/div>","protected":false},"excerpt":{"rendered":"<p>[vc_row][vc_column][buttonsticky title=&#8221;Boek je unieke accommodatie bij CozyCozy&#8221; link=&#8221;https:\/\/www.cozycozy.com\/nl&#8221; target=&#8221;true&#8221; nofollow=&#8221;true&#8221; el_id=&#8221;1750166649745-9ef10786-a9e0&#8243;][\/vc_column][\/vc_row][vc_row][vc_column width=&#8221;2\/3&#8243;][vc_column_text css=&#8221;&#8221;] Het kan tegenwoordig overweldigend zijn om een reis te plannen. Met allerlei\u2026<\/p>\n","protected":false},"author":33,"featured_media":2027940,"parent":2028121,"menu_order":0,"comment_status":"closed","ping_status":"closed","template":"","meta":{"footnotes":""},"class_list":["post-2028118","page","type-page","status-publish","has-post-thumbnail","hentry"],"yoast_head":"<!-- This site is optimized with the Yoast SEO plugin v27.3 - https:\/\/yoast.com\/product\/yoast-seo-wordpress\/ -->\n<title>CozyCozy - vind unieke locaties - ThingstodoinAmsterdam.com<\/title>\n<meta name=\"robots\" content=\"index, follow, max-snippet:-1, max-image-preview:large, max-video-preview:-1\" \/>\n<link rel=\"canonical\" href=\"https:\/\/thingstodoinamsterdam.com\/nl\/hotels-in-amsterdam\/cozycozy\/\" \/>\n<meta property=\"og:locale\" content=\"nl_NL\" \/>\n<meta property=\"og:type\" content=\"article\" \/>\n<meta property=\"og:title\" content=\"CozyCozy - vind unieke locaties - ThingstodoinAmsterdam.com\" \/>\n<meta property=\"og:description\" content=\"[vc_row][vc_column][buttonsticky title=&#8221;Boek je unieke accommodatie bij CozyCozy&#8221; link=&#8221;https:\/\/www.cozycozy.com\/nl&#8221; target=&#8221;true&#8221; nofollow=&#8221;true&#8221; el_id=&#8221;1750166649745-9ef10786-a9e0&#8243;][\/vc_column][\/vc_row][vc_row][vc_column width=&#8221;2\/3&#8243;][vc_column_text css=&#8221;&#8221;] Het kan tegenwoordig overweldigend zijn om een reis te plannen. Met allerlei\u2026\" \/>\n<meta property=\"og:url\" content=\"https:\/\/thingstodoinamsterdam.com\/nl\/hotels-in-amsterdam\/cozycozy\/\" \/>\n<meta property=\"og:site_name\" content=\"ThingstodoinAmsterdam.com\" \/>\n<meta property=\"article:publisher\" content=\"https:\/\/www.facebook.com\/thingstodoinamsterdamcom\" \/>\n<meta property=\"article:modified_time\" content=\"2025-07-08T13:00:52+00:00\" \/>\n<meta property=\"og:image\" content=\"https:\/\/thingstodoinamsterdam.com\/wp-content\/uploads\/2025\/06\/CozyCozytravel.jpeg\" \/>\n\t<meta property=\"og:image:width\" content=\"1200\" \/>\n\t<meta property=\"og:image:height\" content=\"800\" \/>\n\t<meta property=\"og:image:type\" content=\"image\/jpeg\" \/>\n<meta name=\"twitter:card\" content=\"summary_large_image\" \/>\n<meta name=\"twitter:label1\" content=\"Geschatte leestijd\" \/>\n\t<meta name=\"twitter:data1\" content=\"4 minuten\" \/>\n<script type=\"application\/ld+json\" class=\"yoast-schema-graph\">{\"@context\":\"https:\\\/\\\/schema.org\",\"@graph\":[{\"@type\":\"WebPage\",\"@id\":\"https:\\\/\\\/thingstodoinamsterdam.com\\\/nl\\\/hotels-in-amsterdam\\\/cozycozy\\\/\",\"url\":\"https:\\\/\\\/thingstodoinamsterdam.com\\\/nl\\\/hotels-in-amsterdam\\\/cozycozy\\\/\",\"name\":\"CozyCozy - vind unieke locaties - ThingstodoinAmsterdam.com\",\"isPartOf\":{\"@id\":\"https:\\\/\\\/thingstodoinamsterdam.com\\\/nl\\\/#website\"},\"primaryImageOfPage\":{\"@id\":\"https:\\\/\\\/thingstodoinamsterdam.com\\\/nl\\\/hotels-in-amsterdam\\\/cozycozy\\\/#primaryimage\"},\"image\":{\"@id\":\"https:\\\/\\\/thingstodoinamsterdam.com\\\/nl\\\/hotels-in-amsterdam\\\/cozycozy\\\/#primaryimage\"},\"thumbnailUrl\":\"https:\\\/\\\/thingstodoinamsterdam.com\\\/wp-content\\\/uploads\\\/2025\\\/06\\\/CozyCozytravel.jpeg\",\"datePublished\":\"2025-07-08T09:20:21+00:00\",\"dateModified\":\"2025-07-08T13:00:52+00:00\",\"breadcrumb\":{\"@id\":\"https:\\\/\\\/thingstodoinamsterdam.com\\\/nl\\\/hotels-in-amsterdam\\\/cozycozy\\\/#breadcrumb\"},\"inLanguage\":\"nl-NL\",\"potentialAction\":[{\"@type\":\"ReadAction\",\"target\":[\"https:\\\/\\\/thingstodoinamsterdam.com\\\/nl\\\/hotels-in-amsterdam\\\/cozycozy\\\/\"]}]},{\"@type\":\"ImageObject\",\"inLanguage\":\"nl-NL\",\"@id\":\"https:\\\/\\\/thingstodoinamsterdam.com\\\/nl\\\/hotels-in-amsterdam\\\/cozycozy\\\/#primaryimage\",\"url\":\"https:\\\/\\\/thingstodoinamsterdam.com\\\/wp-content\\\/uploads\\\/2025\\\/06\\\/CozyCozytravel.jpeg\",\"contentUrl\":\"https:\\\/\\\/thingstodoinamsterdam.com\\\/wp-content\\\/uploads\\\/2025\\\/06\\\/CozyCozytravel.jpeg\",\"width\":1200,\"height\":800,\"caption\":\"CozyCozy unique accommodation\"},{\"@type\":\"BreadcrumbList\",\"@id\":\"https:\\\/\\\/thingstodoinamsterdam.com\\\/nl\\\/hotels-in-amsterdam\\\/cozycozy\\\/#breadcrumb\",\"itemListElement\":[{\"@type\":\"ListItem\",\"position\":1,\"name\":\"Wat te doen in Amsterdam\",\"item\":\"https:\\\/\\\/thingstodoinamsterdam.com\\\/nl\\\/\"},{\"@type\":\"ListItem\",\"position\":2,\"name\":\"Hotels in Amsterdam\",\"item\":\"https:\\\/\\\/thingstodoinamsterdam.com\\\/nl\\\/hotels-in-amsterdam\\\/\"},{\"@type\":\"ListItem\",\"position\":3,\"name\":\"CozyCozy &#8211; vind unieke locaties\"}]},{\"@type\":\"WebSite\",\"@id\":\"https:\\\/\\\/thingstodoinamsterdam.com\\\/nl\\\/#website\",\"url\":\"https:\\\/\\\/thingstodoinamsterdam.com\\\/nl\\\/\",\"name\":\"ThingstodoinAmsterdam.com\",\"description\":\"Amsterdam&#039;s highlights and hidden secrets\",\"publisher\":{\"@id\":\"https:\\\/\\\/thingstodoinamsterdam.com\\\/nl\\\/#organization\"},\"potentialAction\":[{\"@type\":\"SearchAction\",\"target\":{\"@type\":\"EntryPoint\",\"urlTemplate\":\"https:\\\/\\\/thingstodoinamsterdam.com\\\/nl\\\/?s={search_term_string}\"},\"query-input\":{\"@type\":\"PropertyValueSpecification\",\"valueRequired\":true,\"valueName\":\"search_term_string\"}}],\"inLanguage\":\"nl-NL\"},{\"@type\":\"Organization\",\"@id\":\"https:\\\/\\\/thingstodoinamsterdam.com\\\/nl\\\/#organization\",\"name\":\"Wat te doen in Amsterdam\",\"url\":\"https:\\\/\\\/thingstodoinamsterdam.com\\\/nl\\\/\",\"logo\":{\"@type\":\"ImageObject\",\"inLanguage\":\"nl-NL\",\"@id\":\"https:\\\/\\\/thingstodoinamsterdam.com\\\/nl\\\/#\\\/schema\\\/logo\\\/image\\\/\",\"url\":\"https:\\\/\\\/thingstodoinamsterdam.com\\\/wp-content\\\/uploads\\\/2025\\\/02\\\/ThingsToDoInAmsterdam-Favicon-logo.png\",\"contentUrl\":\"https:\\\/\\\/thingstodoinamsterdam.com\\\/wp-content\\\/uploads\\\/2025\\\/02\\\/ThingsToDoInAmsterdam-Favicon-logo.png\",\"width\":512,\"height\":512,\"caption\":\"Wat te doen in Amsterdam\"},\"image\":{\"@id\":\"https:\\\/\\\/thingstodoinamsterdam.com\\\/nl\\\/#\\\/schema\\\/logo\\\/image\\\/\"},\"sameAs\":[\"https:\\\/\\\/www.facebook.com\\\/thingstodoinamsterdamcom\"]}]}<\/script>\n<!-- \/ Yoast SEO plugin. -->","yoast_head_json":{"title":"CozyCozy - vind unieke locaties - ThingstodoinAmsterdam.com","robots":{"index":"index","follow":"follow","max-snippet":"max-snippet:-1","max-image-preview":"max-image-preview:large","max-video-preview":"max-video-preview:-1"},"canonical":"https:\/\/thingstodoinamsterdam.com\/nl\/hotels-in-amsterdam\/cozycozy\/","og_locale":"nl_NL","og_type":"article","og_title":"CozyCozy - vind unieke locaties - ThingstodoinAmsterdam.com","og_description":"[vc_row][vc_column][buttonsticky title=&#8221;Boek je unieke accommodatie bij CozyCozy&#8221; link=&#8221;https:\/\/www.cozycozy.com\/nl&#8221; target=&#8221;true&#8221; nofollow=&#8221;true&#8221; el_id=&#8221;1750166649745-9ef10786-a9e0&#8243;][\/vc_column][\/vc_row][vc_row][vc_column width=&#8221;2\/3&#8243;][vc_column_text css=&#8221;&#8221;] Het kan tegenwoordig overweldigend zijn om een reis te plannen. Met allerlei\u2026","og_url":"https:\/\/thingstodoinamsterdam.com\/nl\/hotels-in-amsterdam\/cozycozy\/","og_site_name":"ThingstodoinAmsterdam.com","article_publisher":"https:\/\/www.facebook.com\/thingstodoinamsterdamcom","article_modified_time":"2025-07-08T13:00:52+00:00","og_image":[{"width":1200,"height":800,"url":"https:\/\/thingstodoinamsterdam.com\/wp-content\/uploads\/2025\/06\/CozyCozytravel.jpeg","type":"image\/jpeg"}],"twitter_card":"summary_large_image","twitter_misc":{"Geschatte leestijd":"4 minuten"},"schema":{"@context":"https:\/\/schema.org","@graph":[{"@type":"WebPage","@id":"https:\/\/thingstodoinamsterdam.com\/nl\/hotels-in-amsterdam\/cozycozy\/","url":"https:\/\/thingstodoinamsterdam.com\/nl\/hotels-in-amsterdam\/cozycozy\/","name":"CozyCozy - vind unieke locaties - ThingstodoinAmsterdam.com","isPartOf":{"@id":"https:\/\/thingstodoinamsterdam.com\/nl\/#website"},"primaryImageOfPage":{"@id":"https:\/\/thingstodoinamsterdam.com\/nl\/hotels-in-amsterdam\/cozycozy\/#primaryimage"},"image":{"@id":"https:\/\/thingstodoinamsterdam.com\/nl\/hotels-in-amsterdam\/cozycozy\/#primaryimage"},"thumbnailUrl":"https:\/\/thingstodoinamsterdam.com\/wp-content\/uploads\/2025\/06\/CozyCozytravel.jpeg","datePublished":"2025-07-08T09:20:21+00:00","dateModified":"2025-07-08T13:00:52+00:00","breadcrumb":{"@id":"https:\/\/thingstodoinamsterdam.com\/nl\/hotels-in-amsterdam\/cozycozy\/#breadcrumb"},"inLanguage":"nl-NL","potentialAction":[{"@type":"ReadAction","target":["https:\/\/thingstodoinamsterdam.com\/nl\/hotels-in-amsterdam\/cozycozy\/"]}]},{"@type":"ImageObject","inLanguage":"nl-NL","@id":"https:\/\/thingstodoinamsterdam.com\/nl\/hotels-in-amsterdam\/cozycozy\/#primaryimage","url":"https:\/\/thingstodoinamsterdam.com\/wp-content\/uploads\/2025\/06\/CozyCozytravel.jpeg","contentUrl":"https:\/\/thingstodoinamsterdam.com\/wp-content\/uploads\/2025\/06\/CozyCozytravel.jpeg","width":1200,"height":800,"caption":"CozyCozy unique accommodation"},{"@type":"BreadcrumbList","@id":"https:\/\/thingstodoinamsterdam.com\/nl\/hotels-in-amsterdam\/cozycozy\/#breadcrumb","itemListElement":[{"@type":"ListItem","position":1,"name":"Wat te doen in Amsterdam","item":"https:\/\/thingstodoinamsterdam.com\/nl\/"},{"@type":"ListItem","position":2,"name":"Hotels in Amsterdam","item":"https:\/\/thingstodoinamsterdam.com\/nl\/hotels-in-amsterdam\/"},{"@type":"ListItem","position":3,"name":"CozyCozy &#8211; vind unieke locaties"}]},{"@type":"WebSite","@id":"https:\/\/thingstodoinamsterdam.com\/nl\/#website","url":"https:\/\/thingstodoinamsterdam.com\/nl\/","name":"ThingstodoinAmsterdam.com","description":"Amsterdam&#039;s highlights and hidden secrets","publisher":{"@id":"https:\/\/thingstodoinamsterdam.com\/nl\/#organization"},"potentialAction":[{"@type":"SearchAction","target":{"@type":"EntryPoint","urlTemplate":"https:\/\/thingstodoinamsterdam.com\/nl\/?s={search_term_string}"},"query-input":{"@type":"PropertyValueSpecification","valueRequired":true,"valueName":"search_term_string"}}],"inLanguage":"nl-NL"},{"@type":"Organization","@id":"https:\/\/thingstodoinamsterdam.com\/nl\/#organization","name":"Wat te doen in Amsterdam","url":"https:\/\/thingstodoinamsterdam.com\/nl\/","logo":{"@type":"ImageObject","inLanguage":"nl-NL","@id":"https:\/\/thingstodoinamsterdam.com\/nl\/#\/schema\/logo\/image\/","url":"https:\/\/thingstodoinamsterdam.com\/wp-content\/uploads\/2025\/02\/ThingsToDoInAmsterdam-Favicon-logo.png","contentUrl":"https:\/\/thingstodoinamsterdam.com\/wp-content\/uploads\/2025\/02\/ThingsToDoInAmsterdam-Favicon-logo.png","width":512,"height":512,"caption":"Wat te doen in Amsterdam"},"image":{"@id":"https:\/\/thingstodoinamsterdam.com\/nl\/#\/schema\/logo\/image\/"},"sameAs":["https:\/\/www.facebook.com\/thingstodoinamsterdamcom"]}]}},"_links":{"self":[{"href":"https:\/\/thingstodoinamsterdam.com\/nl\/wp-json\/wp\/v2\/pages\/2028118","targetHints":{"allow":["GET"]}}],"collection":[{"href":"https:\/\/thingstodoinamsterdam.com\/nl\/wp-json\/wp\/v2\/pages"}],"about":[{"href":"https:\/\/thingstodoinamsterdam.com\/nl\/wp-json\/wp\/v2\/types\/page"}],"author":[{"embeddable":true,"href":"https:\/\/thingstodoinamsterdam.com\/nl\/wp-json\/wp\/v2\/users\/33"}],"replies":[{"embeddable":true,"href":"https:\/\/thingstodoinamsterdam.com\/nl\/wp-json\/wp\/v2\/comments?post=2028118"}],"version-history":[{"count":5,"href":"https:\/\/thingstodoinamsterdam.com\/nl\/wp-json\/wp\/v2\/pages\/2028118\/revisions"}],"predecessor-version":[{"id":2028170,"href":"https:\/\/thingstodoinamsterdam.com\/nl\/wp-json\/wp\/v2\/pages\/2028118\/revisions\/2028170"}],"up":[{"embeddable":true,"href":"https:\/\/thingstodoinamsterdam.com\/nl\/wp-json\/wp\/v2\/pages\/2028121"}],"wp:featuredmedia":[{"embeddable":true,"href":"https:\/\/thingstodoinamsterdam.com\/nl\/wp-json\/wp\/v2\/media\/2027940"}],"wp:attachment":[{"href":"https:\/\/thingstodoinamsterdam.com\/nl\/wp-json\/wp\/v2\/media?parent=2028118"}],"curies":[{"name":"wp","href":"https:\/\/api.w.org\/{rel}","templated":true}]}}