{"id":5385,"date":"2020-02-04T16:09:46","date_gmt":"2020-02-04T15:09:46","guid":{"rendered":"https:\/\/thingstodoinamsterdam.com\/?page_id=5385"},"modified":"2025-04-08T11:51:04","modified_gmt":"2025-04-08T09:51:04","slug":"micropia","status":"publish","type":"page","link":"https:\/\/thingstodoinamsterdam.com\/nl\/musea-amsterdam\/micropia\/","title":{"rendered":"Micropia"},"content":{"rendered":"<div class=\"wpb-content-wrapper\"><p>[vc_row][vc_column][vc_column_text]<span style=\"font-weight: 400;\">Micropia is een award-winnend museum vlakbij <a href=\"https:\/\/thingstodoinamsterdam.com\/nl\/dierentuin-artis-amsterdam\/\">Artis<\/a>\u00a0in Amsterdam en is het enige microbe museum in Nederland. Het museum opende de deuren in 2014. Ze willen graag laten zien dat er overal levende organismen te vinden zijn. Dit zijn ook wel microben. Niet slecht of eng, maar ze worden geproduceerd om het dagelijks functioneren te ondersteunen, inclusief de gezondheid van de mens.\u00a0<\/span><\/p>\n<p><span style=\"font-weight: 400;\">Je ziet er planten, dieren en alledaagse objecten onder een microscoop. De moderne microscoop is een uitvinding van Antonie van Leeuwenhoek. Door hem is het design en vergroting verbeterd en is het pad vrijgemaakt naar wat we vandaag weten over microbiologie.\u00a0<\/span><\/p>\n<p><span style=\"font-weight: 400;\">In het museum leer je allerlei nieuwe dingen die jou de connectie tussen wetenschap en dagelijks leven beter laat begrijpen. In het laboratorium leren lab technici je over microben, wetenschap, biologie en antibiotica.\u00a0<\/span><\/p>\n<p><span style=\"font-weight: 400;\">Na je bezoek aan Micropia Amsterdam kun je ook gaan naar Artisplein, een van de vele parken van Amsterdam. Daar is geen ticket voor nodig.<\/span>[\/vc_column_text][button title=&#8221;Koop skip-the-line tickets voor Micropia via Tours-tickets.com&#8221; link=&#8221;https:\/\/thingstodoinamsterdam.com\/ticketlinknl-micropia-tours-std&#8221; icon=&#8221;&#8221; button_align=&#8221;center&#8221; target=&#8221;true&#8221; nofollow=&#8221;true&#8221; el_id=&#8221;1565086818620-a8075830-1296&#8243;][vc_video link=&#8221;https:\/\/youtu.be\/mc8rZQRQycE?t=8&#8243; align=&#8221;center&#8221; css=&#8221;.vc_custom_1581501274853{margin-right: 25px !important;margin-left: 25px !important;}&#8221; title=&#8221;Introductievideo Micropia &#8211; Euronews&#8221;][vc_column_text]<\/p>\n<h3>Openingstijden<\/h3>\n<p>Micropia is iedere dag geopend!<\/p>\n<table style=\"width: 100%;\">\n<tbody>\n<tr>\n<td>maandag t\/m woensdag &amp; zondag<\/td>\n<td>\u00a09:00 &#8211; 18:00<\/td>\n<\/tr>\n<tr>\n<td>donderdag t\/m zaterdag<\/td>\n<td>\u00a09:00 &#8211; 20:00<\/td>\n<\/tr>\n<\/tbody>\n<\/table>\n<p>[\/vc_column_text][vc_column_text css=&#8221;&#8221;]<\/p>\n<h2>Micropia Tickets, Prijzen en kortingen<\/h2>\n<p>Tickets zijn verkrijgbaar bij de ingang van het museum, maar ook op hun website of via ticket partners. De reguliere entree voor Micropia voor volwassenen is \u20ac16,-, voor kinderen van 3-9 \u20ac14,- en voor baby&#8217;s onder de 2 jaar is het gratis.<\/p>\n<h3>Reguliere toegangsprijzen<\/h3>\n<table style=\"width: 100%;\">\n<tbody>\n<tr>\n<td><b>Ticket categorie\u00ebn<\/b><\/td>\n<td><strong>Micropia<\/strong><\/td>\n<td><strong>Artis &amp; Micropia<br \/>\n<\/strong><\/td>\n<\/tr>\n<tr>\n<td>Volwassenen (Leeftijd 10+)<\/td>\n<td>\u20ac17,50<\/td>\n<td>\u20ac44,-<\/td>\n<\/tr>\n<\/tbody>\n<\/table>\n<p>[\/vc_column_text][button title=&#8221;Koop hier je skip-the-line tickets voor Micropia via Tours-tickets.com&#8221; link=&#8221;https:\/\/thingstodoinamsterdam.com\/ticketlinknl-micropia-tours-std&#8221; icon=&#8221;&#8221; button_align=&#8221;center&#8221; target=&#8221;true&#8221; nofollow=&#8221;true&#8221; el_id=&#8221;1565087001959-1eb87a56-c274&#8243;][vc_column_text]<\/p>\n<h3>ARTIS Dierentuin &amp; Micropia combiticket<\/h3>\n<p>Micropia is een onafhankelijk museum over (super kleine) dieren. Daarom ligt het ook bij Artis. Als je een combiticket koopt voor ARTIS en Micropia, krijg je een korting van 20%. Veel mensen kiezen voor een combiticket, omdat ze dan beide dingen in een halve dag kunnen doen. Klik op onderstaande button voor kaartjes via Tours &amp; Tickets.[\/vc_column_text][button title=&#8221;Koop hier je Artis &amp; Micropia combitickets via Tours-tickets.com&#8221; link=&#8221;https:\/\/thingstodoinamsterdam.com\/ticketlinknl-micropiaartis-tours-combi&#8221; icon=&#8221;&#8221; button_align=&#8221;center&#8221; target=&#8221;true&#8221; nofollow=&#8221;true&#8221; el_id=&#8221;1565087055906-d04ac109-d243&#8243;][vc_column_text]Adres &amp; Contactinformation<a href=\"https:\/\/thingstodoinamsterdam.com\/wp-content\/uploads\/2019\/08\/micropes-at-micropia.jpg\"><img decoding=\"async\" class=\"alignright wp-image-6339 size-medium\" src=\"https:\/\/thingstodoinamsterdam.com\/wp-content\/uploads\/2019\/08\/micropes-at-micropia-300x169-1.jpg\" alt=\"micropes at micropia\" width=\"300\" height=\"169\" \/><\/a><\/p>\n<p><strong>Adres<br \/>\n<\/strong>Artisplein<br \/>\nPlantage Kerklaan 38-40<br \/>\nAmsterdam<br \/>\nTel: +31 20 52\u00a033\u00a0671<\/p>\n<div class=\"mceTemp\"><\/div>\n<p>[\/vc_column_text][g_map heading=&#8221;Micropida op de kaart&#8221; el_id=&#8221;1565087154444-5750a414-59fa&#8221;]<iframe style=\"border: 0;\" src=\"https:\/\/www.google.com\/maps\/embed?pb=!1m18!1m12!1m3!1d2436.193670874274!2d4.910381951239059!3d52.36690817968628!2m3!1f0!2f0!3f0!3m2!1i1024!2i768!4f13.1!3m3!1m2!1s0x47c609a26c702645%3A0x85e9e582ae50dc6c!2sMicropia!5e0!3m2!1sen!2sus!4v1543461814115\" width=\"600\" height=\"450\" frameborder=\"0\" allowfullscreen=\"allowfullscreen\"><\/iframe>[\/g_map][vc_column_text css=&#8221;&#8221;]<\/p>\n<h3>Veelgestelde Vragen over Micropia<\/h3>\n<ol>\n<li style=\"list-style-type: none;\">\n<ol>\n<li><strong>Is het museum rolstoeltoegankelijk?<\/strong><br \/>\nJa! Er zijn liften en toiletten waar je met een rolstoel in kunt.<\/li>\n<li><strong>Kun je vlakbij ergens iets eten?<br \/>\n<\/strong>Ja, het ARTIS-caf\u00e9 restaurant de Plantage ligt naast het museum.<\/li>\n<li><strong>Krijg ik met mijn\u00a0<a href=\"https:\/\/thingstodoinamsterdam.com\/practical-information\/iamsterdam-city-card\/\">I amsterdam card<\/a> gratis toegang?<\/strong><br \/>\nJa! Met deze pas kun je gratis naar binnen.<\/li>\n<li><strong>Hoe zit dat met de Museumjaarkaart bij Micropia?<\/strong><br \/>\nOok met een Museumjaarkaart mag je gratis naar binnen.<\/li>\n<\/ol>\n<\/li>\n<\/ol>\n<p>[\/vc_column_text][vc_column_text css=&#8221;&#8221;]<\/p>\n<h3>Meer dingen te doen in Amsterdam<\/h3>\n<p>Amsterdam Dungeon<br \/>\n<a href=\"https:\/\/thingstodoinamsterdam.com\/nl\/musea-amsterdam\/body-worlds-amsterdam\/\">BODY WORLDS Amsterdam<\/a><br \/>\n<a href=\"https:\/\/thingstodoinamsterdam.com\/nl\/rondvaart-amsterdam\/\">Rondvaart Amsterdam<\/a><br \/>\n<a href=\"https:\/\/thingstodoinamsterdam.com\/nl\/musea-amsterdam\/heineken-experience\/\">Heineken Experience<\/a><br \/>\n<a href=\"https:\/\/thingstodoinamsterdam.com\/nl\/ijsbar-amsterdam\/\">Ice Bar Amsterdam<\/a><br \/>\n<a href=\"https:\/\/thingstodoinamsterdam.com\/nl\/this-is-holland\/\">THIS IS HOLLAND<\/a><br \/>\n<a href=\"https:\/\/thingstodoinamsterdam.com\/nl\/musea-amsterdam\/moco-museum\/\">Moco Museum<\/a><br \/>\n<a href=\"https:\/\/thingstodoinamsterdam.com\/nl\/musea-amsterdam\/nemo\/\">NEMO Science Museum<\/a><br \/>\n<a href=\"https:\/\/thingstodoinamsterdam.com\/nl\/aloha-bowling-minigolf-laser-tag-amsterdam\/\">Powerzone<\/a><br \/>\n<a href=\"https:\/\/thingstodoinamsterdam.com\/nl\/musea-amsterdam\/rijksmuseum\/\">Rijksmuseum<\/a><br \/>\n<a href=\"https:\/\/thingstodoinamsterdam.com\/nl\/musea-amsterdam\/stedelijk-museum\/\">Stedelijk Museum<\/a><br \/>\n<a href=\"https:\/\/thingstodoinamsterdam.com\/nl\/musea-amsterdam\/tropenmuseum\/\">Tropenmuseum<\/a><br \/>\n<a href=\"https:\/\/thingstodoinamsterdam.com\/nl\/musea-amsterdam\/van-gogh-museum\/\">Van Gogh Museum<\/a>[\/vc_column_text][vc_row_inner][vc_column_inner][reviews heading=&#8221;Micropia Reviews&#8221; description=&#8221;We zijn altijd benieuwd naar de ervaringen van onze bezoekers. Laat hier je Micropia review achter en help anderen! Wat vond je van het museum? Zou je het aanbevelen aan je vrienden? Heb je lang moeten wachten bij de ingang? Vertel alles wat je wilt. Heb even geduld want we checken alles handmatig &#8211; het wordt zo snel mogelijk gepost!&#8221; item_name=&#8221;Micropia&#8221; item_image=&#8221;1575&#8243; item_tel=&#8221;+31 20 523 3670&#8243; item_web=&#8221;https:\/\/www.micropia.nl\/en\/&#8221; item_address=&#8221;Plantage Kerklaan 38-40&#8243; item_city=&#8221;Amsterdam&#8221; item_postal_code=&#8221;1018 CZ&#8221; item_country=&#8221;NL&#8221; el_id=&#8221;1565087228076-c673ae21-b207&#8243;][\/reviews][vc_column_text]<strong>Bekijk ook eens onderstaande musea of ga terug naar de algemene \u00a0<a href=\"https:\/\/thingstodoinamsterdam.com\/nl\/musea-amsterdam\/\">musea Amsterdam<\/a> pagina.<\/strong>[\/vc_column_text][\/vc_column_inner][\/vc_row_inner][\/vc_column][\/vc_row][vc_row][vc_column][promo_block style_var=&#8221;style2&#8243; el_id=&#8221;1565087298437-653801d9-5d12&#8243;][promo link=&#8221;url:https%3A%2F%2Fthingstodoinamsterdam.com%2Fnl%2Fthis-is-holland%2F|title:THIS%20IS%20HOLLAND||&#8221; text=&#8221;Een vlucht maken boven Nederland? Ga dan naar THIS IS HOLLAND 5d Flight Experience.&#8221; img=&#8221;5614&#8243;][promo link=&#8221;url:https%3A%2F%2Fthingstodoinamsterdam.com%2Fnl%2Fmusea-amsterdam%2F|title:Rijksmuseum||&#8221; text=&#8221;Ontdek dit wereldberoemde museum aan het Museumplein.&#8221; img=&#8221;1089&#8243;][promo link=&#8221;url:https%3A%2F%2Fthingstodoinamsterdam.com%2Fnl%2Fmusea-amsterdam%2Fheineken-experience%2F|title:Heineken%20Experience||&#8221; text=&#8221;Leer alles over de geschiedenis van Heineken, inclusief bierproeven!&#8221; img=&#8221;3918&#8243;][\/promo_block][\/vc_column][\/vc_row]<\/p>\n<\/div>","protected":false},"excerpt":{"rendered":"<p>[vc_row][vc_column][vc_column_text]Micropia is een award-winnend museum vlakbij Artis\u00a0in Amsterdam en is het enige microbe museum in Nederland. Het museum opende de deuren in 2014. Ze willen\u2026<\/p>\n","protected":false},"author":33,"featured_media":5387,"parent":4131,"menu_order":0,"comment_status":"closed","ping_status":"closed","template":"","meta":{"footnotes":""},"class_list":["post-5385","page","type-page","status-publish","has-post-thumbnail","hentry"],"yoast_head":"<!-- This site is optimized with the Yoast SEO plugin v27.4 - https:\/\/yoast.com\/product\/yoast-seo-wordpress\/ -->\n<title>Micropia Amsterdam - Bezoek Micropia \u00e9n Artis in \u00e9\u00e9n dag, nu met korting<\/title>\n<meta name=\"description\" content=\"Bij Micropia in Amsterdam leer je alles over micro-organismen in het dagelijks leven. Er zijn combitickets verkrijgbaar: bezoek Micropia \u00e9n Artis.\" \/>\n<meta name=\"robots\" content=\"index, follow, max-snippet:-1, max-image-preview:large, max-video-preview:-1\" \/>\n<link rel=\"canonical\" href=\"https:\/\/thingstodoinamsterdam.com\/nl\/musea-amsterdam\/micropia\/\" \/>\n<meta property=\"og:locale\" content=\"nl_NL\" \/>\n<meta property=\"og:type\" content=\"article\" \/>\n<meta property=\"og:title\" content=\"Micropia Amsterdam - Bezoek Micropia \u00e9n Artis in \u00e9\u00e9n dag, nu met korting\" \/>\n<meta property=\"og:description\" content=\"Bij Micropia in Amsterdam leer je alles over micro-organismen in het dagelijks leven. Er zijn combitickets verkrijgbaar: bezoek Micropia \u00e9n Artis.\" \/>\n<meta property=\"og:url\" content=\"https:\/\/thingstodoinamsterdam.com\/nl\/musea-amsterdam\/micropia\/\" \/>\n<meta property=\"og:site_name\" content=\"ThingstodoinAmsterdam.com\" \/>\n<meta property=\"article:publisher\" content=\"https:\/\/www.facebook.com\/thingstodoinamsterdamcom\" \/>\n<meta property=\"article:modified_time\" content=\"2025-04-08T09:51:04+00:00\" \/>\n<meta property=\"og:image\" content=\"https:\/\/thingstodoinamsterdam.com\/wp-content\/uploads\/2020\/02\/micropia.jpg\" \/>\n\t<meta property=\"og:image:width\" content=\"399\" \/>\n\t<meta property=\"og:image:height\" content=\"300\" \/>\n\t<meta property=\"og:image:type\" content=\"image\/jpeg\" \/>\n<meta name=\"twitter:card\" content=\"summary_large_image\" \/>\n<meta name=\"twitter:label1\" content=\"Geschatte leestijd\" \/>\n\t<meta name=\"twitter:data1\" content=\"4 minuten\" \/>\n<script type=\"application\/ld+json\" class=\"yoast-schema-graph\">{\"@context\":\"https:\\\/\\\/schema.org\",\"@graph\":[{\"@type\":\"WebPage\",\"@id\":\"https:\\\/\\\/thingstodoinamsterdam.com\\\/nl\\\/musea-amsterdam\\\/micropia\\\/\",\"url\":\"https:\\\/\\\/thingstodoinamsterdam.com\\\/nl\\\/musea-amsterdam\\\/micropia\\\/\",\"name\":\"Micropia Amsterdam - Bezoek Micropia \u00e9n Artis in \u00e9\u00e9n dag, nu met korting\",\"isPartOf\":{\"@id\":\"https:\\\/\\\/thingstodoinamsterdam.com\\\/nl\\\/#website\"},\"primaryImageOfPage\":{\"@id\":\"https:\\\/\\\/thingstodoinamsterdam.com\\\/nl\\\/musea-amsterdam\\\/micropia\\\/#primaryimage\"},\"image\":{\"@id\":\"https:\\\/\\\/thingstodoinamsterdam.com\\\/nl\\\/musea-amsterdam\\\/micropia\\\/#primaryimage\"},\"thumbnailUrl\":\"https:\\\/\\\/thingstodoinamsterdam.com\\\/wp-content\\\/uploads\\\/2020\\\/02\\\/micropia.jpg\",\"datePublished\":\"2020-02-04T15:09:46+00:00\",\"dateModified\":\"2025-04-08T09:51:04+00:00\",\"description\":\"Bij Micropia in Amsterdam leer je alles over micro-organismen in het dagelijks leven. Er zijn combitickets verkrijgbaar: bezoek Micropia \u00e9n Artis.\",\"breadcrumb\":{\"@id\":\"https:\\\/\\\/thingstodoinamsterdam.com\\\/nl\\\/musea-amsterdam\\\/micropia\\\/#breadcrumb\"},\"inLanguage\":\"nl-NL\",\"potentialAction\":[{\"@type\":\"ReadAction\",\"target\":[\"https:\\\/\\\/thingstodoinamsterdam.com\\\/nl\\\/musea-amsterdam\\\/micropia\\\/\"]}]},{\"@type\":\"ImageObject\",\"inLanguage\":\"nl-NL\",\"@id\":\"https:\\\/\\\/thingstodoinamsterdam.com\\\/nl\\\/musea-amsterdam\\\/micropia\\\/#primaryimage\",\"url\":\"https:\\\/\\\/thingstodoinamsterdam.com\\\/wp-content\\\/uploads\\\/2020\\\/02\\\/micropia.jpg\",\"contentUrl\":\"https:\\\/\\\/thingstodoinamsterdam.com\\\/wp-content\\\/uploads\\\/2020\\\/02\\\/micropia.jpg\",\"width\":399,\"height\":300,\"caption\":\"Micropia - Amsterdam\"},{\"@type\":\"BreadcrumbList\",\"@id\":\"https:\\\/\\\/thingstodoinamsterdam.com\\\/nl\\\/musea-amsterdam\\\/micropia\\\/#breadcrumb\",\"itemListElement\":[{\"@type\":\"ListItem\",\"position\":1,\"name\":\"Wat te doen in Amsterdam\",\"item\":\"https:\\\/\\\/thingstodoinamsterdam.com\\\/nl\\\/\"},{\"@type\":\"ListItem\",\"position\":2,\"name\":\"Musea in Amsterdam\",\"item\":\"https:\\\/\\\/thingstodoinamsterdam.com\\\/nl\\\/musea-amsterdam\\\/\"},{\"@type\":\"ListItem\",\"position\":3,\"name\":\"Micropia\"}]},{\"@type\":\"WebSite\",\"@id\":\"https:\\\/\\\/thingstodoinamsterdam.com\\\/nl\\\/#website\",\"url\":\"https:\\\/\\\/thingstodoinamsterdam.com\\\/nl\\\/\",\"name\":\"ThingstodoinAmsterdam.com\",\"description\":\"Amsterdam&#039;s highlights and hidden secrets\",\"publisher\":{\"@id\":\"https:\\\/\\\/thingstodoinamsterdam.com\\\/nl\\\/#organization\"},\"potentialAction\":[{\"@type\":\"SearchAction\",\"target\":{\"@type\":\"EntryPoint\",\"urlTemplate\":\"https:\\\/\\\/thingstodoinamsterdam.com\\\/nl\\\/?s={search_term_string}\"},\"query-input\":{\"@type\":\"PropertyValueSpecification\",\"valueRequired\":true,\"valueName\":\"search_term_string\"}}],\"inLanguage\":\"nl-NL\"},{\"@type\":\"Organization\",\"@id\":\"https:\\\/\\\/thingstodoinamsterdam.com\\\/nl\\\/#organization\",\"name\":\"Wat te doen in Amsterdam\",\"url\":\"https:\\\/\\\/thingstodoinamsterdam.com\\\/nl\\\/\",\"logo\":{\"@type\":\"ImageObject\",\"inLanguage\":\"nl-NL\",\"@id\":\"https:\\\/\\\/thingstodoinamsterdam.com\\\/nl\\\/#\\\/schema\\\/logo\\\/image\\\/\",\"url\":\"https:\\\/\\\/thingstodoinamsterdam.com\\\/wp-content\\\/uploads\\\/2025\\\/02\\\/ThingsToDoInAmsterdam-Favicon-logo.png\",\"contentUrl\":\"https:\\\/\\\/thingstodoinamsterdam.com\\\/wp-content\\\/uploads\\\/2025\\\/02\\\/ThingsToDoInAmsterdam-Favicon-logo.png\",\"width\":512,\"height\":512,\"caption\":\"Wat te doen in Amsterdam\"},\"image\":{\"@id\":\"https:\\\/\\\/thingstodoinamsterdam.com\\\/nl\\\/#\\\/schema\\\/logo\\\/image\\\/\"},\"sameAs\":[\"https:\\\/\\\/www.facebook.com\\\/thingstodoinamsterdamcom\"]}]}<\/script>\n<!-- \/ Yoast SEO plugin. -->","yoast_head_json":{"title":"Micropia Amsterdam - Bezoek Micropia \u00e9n Artis in \u00e9\u00e9n dag, nu met korting","description":"Bij Micropia in Amsterdam leer je alles over micro-organismen in het dagelijks leven. Er zijn combitickets verkrijgbaar: bezoek Micropia \u00e9n Artis.","robots":{"index":"index","follow":"follow","max-snippet":"max-snippet:-1","max-image-preview":"max-image-preview:large","max-video-preview":"max-video-preview:-1"},"canonical":"https:\/\/thingstodoinamsterdam.com\/nl\/musea-amsterdam\/micropia\/","og_locale":"nl_NL","og_type":"article","og_title":"Micropia Amsterdam - Bezoek Micropia \u00e9n Artis in \u00e9\u00e9n dag, nu met korting","og_description":"Bij Micropia in Amsterdam leer je alles over micro-organismen in het dagelijks leven. Er zijn combitickets verkrijgbaar: bezoek Micropia \u00e9n Artis.","og_url":"https:\/\/thingstodoinamsterdam.com\/nl\/musea-amsterdam\/micropia\/","og_site_name":"ThingstodoinAmsterdam.com","article_publisher":"https:\/\/www.facebook.com\/thingstodoinamsterdamcom","article_modified_time":"2025-04-08T09:51:04+00:00","og_image":[{"width":399,"height":300,"url":"https:\/\/thingstodoinamsterdam.com\/wp-content\/uploads\/2020\/02\/micropia.jpg","type":"image\/jpeg"}],"twitter_card":"summary_large_image","twitter_misc":{"Geschatte leestijd":"4 minuten"},"schema":{"@context":"https:\/\/schema.org","@graph":[{"@type":"WebPage","@id":"https:\/\/thingstodoinamsterdam.com\/nl\/musea-amsterdam\/micropia\/","url":"https:\/\/thingstodoinamsterdam.com\/nl\/musea-amsterdam\/micropia\/","name":"Micropia Amsterdam - Bezoek Micropia \u00e9n Artis in \u00e9\u00e9n dag, nu met korting","isPartOf":{"@id":"https:\/\/thingstodoinamsterdam.com\/nl\/#website"},"primaryImageOfPage":{"@id":"https:\/\/thingstodoinamsterdam.com\/nl\/musea-amsterdam\/micropia\/#primaryimage"},"image":{"@id":"https:\/\/thingstodoinamsterdam.com\/nl\/musea-amsterdam\/micropia\/#primaryimage"},"thumbnailUrl":"https:\/\/thingstodoinamsterdam.com\/wp-content\/uploads\/2020\/02\/micropia.jpg","datePublished":"2020-02-04T15:09:46+00:00","dateModified":"2025-04-08T09:51:04+00:00","description":"Bij Micropia in Amsterdam leer je alles over micro-organismen in het dagelijks leven. Er zijn combitickets verkrijgbaar: bezoek Micropia \u00e9n Artis.","breadcrumb":{"@id":"https:\/\/thingstodoinamsterdam.com\/nl\/musea-amsterdam\/micropia\/#breadcrumb"},"inLanguage":"nl-NL","potentialAction":[{"@type":"ReadAction","target":["https:\/\/thingstodoinamsterdam.com\/nl\/musea-amsterdam\/micropia\/"]}]},{"@type":"ImageObject","inLanguage":"nl-NL","@id":"https:\/\/thingstodoinamsterdam.com\/nl\/musea-amsterdam\/micropia\/#primaryimage","url":"https:\/\/thingstodoinamsterdam.com\/wp-content\/uploads\/2020\/02\/micropia.jpg","contentUrl":"https:\/\/thingstodoinamsterdam.com\/wp-content\/uploads\/2020\/02\/micropia.jpg","width":399,"height":300,"caption":"Micropia - Amsterdam"},{"@type":"BreadcrumbList","@id":"https:\/\/thingstodoinamsterdam.com\/nl\/musea-amsterdam\/micropia\/#breadcrumb","itemListElement":[{"@type":"ListItem","position":1,"name":"Wat te doen in Amsterdam","item":"https:\/\/thingstodoinamsterdam.com\/nl\/"},{"@type":"ListItem","position":2,"name":"Musea in Amsterdam","item":"https:\/\/thingstodoinamsterdam.com\/nl\/musea-amsterdam\/"},{"@type":"ListItem","position":3,"name":"Micropia"}]},{"@type":"WebSite","@id":"https:\/\/thingstodoinamsterdam.com\/nl\/#website","url":"https:\/\/thingstodoinamsterdam.com\/nl\/","name":"ThingstodoinAmsterdam.com","description":"Amsterdam&#039;s highlights and hidden secrets","publisher":{"@id":"https:\/\/thingstodoinamsterdam.com\/nl\/#organization"},"potentialAction":[{"@type":"SearchAction","target":{"@type":"EntryPoint","urlTemplate":"https:\/\/thingstodoinamsterdam.com\/nl\/?s={search_term_string}"},"query-input":{"@type":"PropertyValueSpecification","valueRequired":true,"valueName":"search_term_string"}}],"inLanguage":"nl-NL"},{"@type":"Organization","@id":"https:\/\/thingstodoinamsterdam.com\/nl\/#organization","name":"Wat te doen in Amsterdam","url":"https:\/\/thingstodoinamsterdam.com\/nl\/","logo":{"@type":"ImageObject","inLanguage":"nl-NL","@id":"https:\/\/thingstodoinamsterdam.com\/nl\/#\/schema\/logo\/image\/","url":"https:\/\/thingstodoinamsterdam.com\/wp-content\/uploads\/2025\/02\/ThingsToDoInAmsterdam-Favicon-logo.png","contentUrl":"https:\/\/thingstodoinamsterdam.com\/wp-content\/uploads\/2025\/02\/ThingsToDoInAmsterdam-Favicon-logo.png","width":512,"height":512,"caption":"Wat te doen in Amsterdam"},"image":{"@id":"https:\/\/thingstodoinamsterdam.com\/nl\/#\/schema\/logo\/image\/"},"sameAs":["https:\/\/www.facebook.com\/thingstodoinamsterdamcom"]}]}},"_links":{"self":[{"href":"https:\/\/thingstodoinamsterdam.com\/nl\/wp-json\/wp\/v2\/pages\/5385","targetHints":{"allow":["GET"]}}],"collection":[{"href":"https:\/\/thingstodoinamsterdam.com\/nl\/wp-json\/wp\/v2\/pages"}],"about":[{"href":"https:\/\/thingstodoinamsterdam.com\/nl\/wp-json\/wp\/v2\/types\/page"}],"author":[{"embeddable":true,"href":"https:\/\/thingstodoinamsterdam.com\/nl\/wp-json\/wp\/v2\/users\/33"}],"replies":[{"embeddable":true,"href":"https:\/\/thingstodoinamsterdam.com\/nl\/wp-json\/wp\/v2\/comments?post=5385"}],"version-history":[{"count":5,"href":"https:\/\/thingstodoinamsterdam.com\/nl\/wp-json\/wp\/v2\/pages\/5385\/revisions"}],"predecessor-version":[{"id":2026541,"href":"https:\/\/thingstodoinamsterdam.com\/nl\/wp-json\/wp\/v2\/pages\/5385\/revisions\/2026541"}],"up":[{"embeddable":true,"href":"https:\/\/thingstodoinamsterdam.com\/nl\/wp-json\/wp\/v2\/pages\/4131"}],"wp:featuredmedia":[{"embeddable":true,"href":"https:\/\/thingstodoinamsterdam.com\/nl\/wp-json\/wp\/v2\/media\/5387"}],"wp:attachment":[{"href":"https:\/\/thingstodoinamsterdam.com\/nl\/wp-json\/wp\/v2\/media?parent=5385"}],"curies":[{"name":"wp","href":"https:\/\/api.w.org\/{rel}","templated":true}]}}