{"id":9457,"date":"2016-07-17T13:17:30","date_gmt":"2016-07-17T13:17:30","guid":{"rendered":"https:\/\/thingstodoinamsterdam.com\/day-trip-from-amsterdam\/"},"modified":"2026-02-03T14:33:40","modified_gmt":"2026-02-03T13:33:40","slug":"leuke-steden-nederland","status":"publish","type":"page","link":"https:\/\/thingstodoinamsterdam.com\/nl\/leuke-steden-nederland\/","title":{"rendered":"Leuke plekken in Nederland rondom Amsterdam"},"content":{"rendered":"<div class=\"wpb-content-wrapper\"><p>[vc_row][vc_column][vc_column_text]Dat we dol zijn op Amsterdam hoeven we jou natuurlijk niet te vertellen, maar ben je inmiddels al tien keer een dagje weg geweest naar Amsterdam en toe aan iets nieuw? Dat komt mooi uit, want Nederland beschikt natuurlijk over heel veel leuke, kleurrijke en authentieke steden\/dorpen. Hierdoor voelt het soms net alsof je even in het buitenland bent en je hoeft de grens niet eens over! Gooi het eens over een andere boeg en ontdek wat ons kleine kikkerlandje allemaal te bieden heeft. Om het je gemakkelijk te maken zetten wij een aantal leuke plekken in Nederland op een rij.<\/p><div id=\"ez-toc-container\" class=\"ez-toc-v2_0_82_2 counter-hierarchy ez-toc-counter ez-toc-custom ez-toc-container-direction\">\n<div class=\"ez-toc-title-container\">\n<span class=\"ez-toc-title-toggle\"><a href=\"#\" class=\"ez-toc-pull-right ez-toc-btn ez-toc-btn-xs ez-toc-btn-default ez-toc-toggle\" aria-label=\"Toggle tabel met inhoud\"><span class=\"ez-toc-js-icon-con\"><span class=\"\"><span class=\"eztoc-hide\" style=\"display:none;\">Toggle<\/span><span class=\"ez-toc-icon-toggle-span\"><svg style=\"fill: #999;color:#999\" xmlns=\"http:\/\/www.w3.org\/2000\/svg\" class=\"list-377408\" width=\"20px\" height=\"20px\" viewBox=\"0 0 24 24\" fill=\"none\"><path d=\"M6 6H4v2h2V6zm14 0H8v2h12V6zM4 11h2v2H4v-2zm16 0H8v2h12v-2zM4 16h2v2H4v-2zm16 0H8v2h12v-2z\" fill=\"currentColor\"><\/path><\/svg><svg style=\"fill: #999;color:#999\" class=\"arrow-unsorted-368013\" xmlns=\"http:\/\/www.w3.org\/2000\/svg\" width=\"10px\" height=\"10px\" viewBox=\"0 0 24 24\" version=\"1.2\" baseProfile=\"tiny\"><path d=\"M18.2 9.3l-6.2-6.3-6.2 6.3c-.2.2-.3.4-.3.7s.1.5.3.7c.2.2.4.3.7.3h11c.3 0 .5-.1.7-.3.2-.2.3-.5.3-.7s-.1-.5-.3-.7zM5.8 14.7l6.2 6.3 6.2-6.3c.2-.2.3-.5.3-.7s-.1-.5-.3-.7c-.2-.2-.4-.3-.7-.3h-11c-.3 0-.5.1-.7.3-.2.2-.3.5-.3.7s.1.5.3.7z\"\/><\/svg><\/span><\/span><\/span><\/a><\/span><\/div>\n<nav><ul class='ez-toc-list ez-toc-list-level-1 ' ><li class='ez-toc-page-1 ez-toc-heading-level-2'><a class=\"ez-toc-link ez-toc-heading-1\" href=\"https:\/\/thingstodoinamsterdam.com\/nl\/leuke-steden-nederland\/#leuke-steden-in-nederland\" >Leuke steden in Nederland<\/a><\/li><li class='ez-toc-page-1 ez-toc-heading-level-2'><a class=\"ez-toc-link ez-toc-heading-2\" href=\"https:\/\/thingstodoinamsterdam.com\/nl\/leuke-steden-nederland\/#leuke-plaatsen-rondom-amsterdam\" >Leuke plaatsen rondom Amsterdam<\/a><\/li><li class='ez-toc-page-1 ez-toc-heading-level-2'><a class=\"ez-toc-link ez-toc-heading-3\" href=\"https:\/\/thingstodoinamsterdam.com\/nl\/leuke-steden-nederland\/#leukste-stranden-nederland\" >Leukste stranden Nederland<\/a><\/li><\/ul><\/nav><\/div>\n\n<p>Utrecht, Rotterdam, Haarlem, Delft en ga zo nog maar even door. Een dagje weg in Nederland verveelt nooit. Of je nou houdt van avontuur, geschiedenis, pittoreske dorpjes, terrassen, relaxen je kunt het zo gek niet bedenken! Iedere stad heeft zijn eigen verhaal en charme waarin jij je tijdens een dagje weg kunt onderdompelen. Ontdek de geschiedenis van het Delfts Blauwe aardewerk in Delft, struin door de Rotterdamse straten vol architectuur, geniet van een prachtig uitzicht over Utrecht of combineer stad en strand en ga een dagje of weekendje weg naar Haarlem! Kortom, ook Nederland beschikt over verborgen pareltjes die een bezoek waard zijn.<\/p>\n<p>Wil je nou toch nog een keer een dagje of weekendje weg naar Amsterdam? Dan kan dat natuurlijk ook. Amsterdam verveelt nooit en heeft ontzettend veel activiteiten te bieden of breng een bezoek aan \u00e9\u00e9n van de leuke steden\/dorpjes rondom Amsterdam. Huur bijvoorbeeld een fiets en verken vestingstad Weesp, breng een bezoekje aan de vissersdorpjes Volendam &amp; Marken of waan je terug naar de middeleeuwen bij een bezoek aan het kasteel Muiderslot in Muiden.<\/p>\n<p>Zoek je inspiratie voor een dagje uit in eigen land en lijkt het je leuk om \u00e9\u00e9n van de leukste steden in Nederland te bezoeken? Of ga je toch voor een klein authentiek dorpje? Blijf dan op de hoogte middels onze aanbevelingen en bekijk onze tips voor een dagje uit in Nederland.<\/p>\n<h2><span class=\"ez-toc-section\" id=\"leuke-steden-in-nederland\"><\/span>Leuke steden in Nederland<span class=\"ez-toc-section-end\"><\/span><\/h2>\n<p>Voor een stedentrip hoef je niet perse de auto of het vliegtuig te pakken naar het buitenland, want in Nederland vindt je ook tal aan leuke steden. Daarnaast hoef je voor een dagje of weekendje weg in Nederland ook niet perse vakantiedagen op te nemen aangezien alles vrij dichtbij is. Dit scheelt ook nog eens vervoerskosten. Alleen wat is nou de leukste stad in Nederland om te bezoeken? Bekijk hieronder onze selectie aan steden in Nederland die je hopelijk kunnen inspireren. Wordt het misschien Delft, Utrecht of toch Den Haag?[\/vc_column_text][\/vc_column][\/vc_row][vc_row][vc_column][promo_block style_var=&#8221;style2&#8243; el_id=&#8221;1564476940246-8e6f3538-b807&#8243;][promo link=&#8221;url:https%3A%2F%2Fthingstodoinamsterdam.com%2Fnl%2Fleuke-steden-nederland%2Fgiethoorn%2F|title:Giethoorn&#8221; text=&#8221;E\u00e9n van de leukste dorpjes in Nederland om te bezoeken is toch wel Giethoorn! Uiteraard is dit plekje ook bekend onder veel toeristen, maar het blijft ook als Nederlander een mooi dorp en een leuk dagje uit. Als je op een buiten het hoogseizoen gaat, zal je niet zoveel merken van de internationale bekendheid van Giethoorn.&#8221; img=&#8221;7010&#8243;][promo link=&#8221;url:https%3A%2F%2Fthingstodoinamsterdam.com%2Fnl%2Fleuke-steden-nederland%2Fdingen-om-te-doen-in-utrecht%2F|title:Utrecht&#8221; text=&#8221;Wil je een dagje naar de grote stad, maar vermijd je liever de drukte van Amsterdam? Dan is Utrecht een uitstekend alternatief! Beklim de Domtoren voor een prachtig uitzicht over de hele stad, schuif aan op een terrasje of huur een waterfiets om door de grachten te dobberen.&#8221; img=&#8221;1312&#8243;][promo link=&#8221;url:https%3A%2F%2Fthingstodoinamsterdam.com%2Fday-trip-from-amsterdam%2Fhaarlem%2F|title:Haarlem||&#8221; text=&#8221;Wanneer je stad en strand graag met elkaar wilt afwisselen, kies dan voor een dagje weg naar Haarlem. Zandvoort ligt zo dichtbij dat je de frisse zeelucht in de stad al ruikt! Wist je dat de wereldberoemde wijk &#8216;Harlem&#8217; in New York is vernoemd naar deze prachtige Nederlandse stad?&#8221; img=&#8221;545&#8243;][promo link=&#8221;url:https%3A%2F%2Fthingstodoinamsterdam.com%2Fday-trip-from-amsterdam%2Frotterdam%2F|title:Rotterdam||&#8221; text=&#8221;Rotterdam wordt ook wel gezien als het Berlijn van Nederland; modern, industrieel en ondergronds. Voor de architectuur fans onder ons is deze stad een ware walhalla! Bekijk ook de toffe street art of steek het water over in een watertaxi.&#8221; img=&#8221;1310&#8243;][promo link=&#8221;url:https%3A%2F%2Fthingstodoinamsterdam.com%2Fday-trip-from-amsterdam%2Fleiden%2F|title:Leiden||&#8221; text=&#8221;Leiden, ook wel bekend in Nederland als de studentenstad. Waan je weg in een jungle van verschillende tropische planten in Hortus Botanicus of bezoek \u00e9\u00e9n van de oudste Volkenkundige Musea ter wereld, Museum Volkenkunde in Leiden.&#8221; img=&#8221;565&#8243;][promo link=&#8221;url:https%3A%2F%2Fthingstodoinamsterdam.com%2Fday-trip-from-amsterdam%2Fdelft%2F|title:Delft||&#8221; text=&#8221;Met een geschiedenis die meer dan 750 jaar teruggaat, is Delft een prachtige historische stad. Het straatbeeld van deze charmante prinsenstad zit boordevol met Delfts blauw. Wil je hier meer over weten? Bezoek dan de koninklijke aardewerkfabriek &#8216;De Porceleyne Fles&#8217;.&#8221; img=&#8221;1300&#8243;][promo link=&#8221;url:https%3A%2F%2Fthingstodoinamsterdam.com%2Fday-trip-from-amsterdam%2Falkmaar%2F|title:Alkmaar||&#8221; text=&#8221;Dat Alkmaar bekend staat om de gezellige kaasmarkt hoef ik je natuurlijk niet te vertellen, maar wist je dat je in het historische oude centrum ook goed kunt shoppen?&#8221; img=&#8221;1298&#8243;][promo link=&#8221;url:https%3A%2F%2Fthingstodoinamsterdam.com%2Fday-trip-from-amsterdam%2Fthe-hague%2F|title:Den%20Haag||&#8221; text=&#8221;Den Haag, ook wel een mooie stad achter de duinen, biedt een mengelmoes van cultuur, historie, strand, musea en nog veel meer. Struin bijvoorbeeld door de paleistuin van Paleis Noordeinde of bezoek het Mauritshuis vol met schilderijen uit de Gouden Eeuw.&#8221; img=&#8221;2887&#8243;][promo link=&#8221;url:https%3A%2F%2Fthingstodoinamsterdam.com%2Fday-trip-from-amsterdam%2Fapeldoorn%2F|title:Apeldoorn||&#8221; text=&#8221;Of je nou een bezoekje wilt brengen aan het Koninklijke Paleis, een mooie wandeling wilt maken door de natuur of door een bos vol loslopende apen wilt wandelen, dan ben je in Apeldoorn op de juiste plek.&#8221; img=&#8221;2855&#8243;][\/promo_block][\/vc_column][\/vc_row][vc_row][vc_column][vc_column_text]<\/p>\n<h2><span class=\"ez-toc-section\" id=\"leuke-plaatsen-rondom-amsterdam\"><\/span>Leuke plaatsen rondom Amsterdam<span class=\"ez-toc-section-end\"><\/span><\/h2>\n<p>Ga je een weekendje naar Amsterdam, ben je er toevallig in de buurt of ben je op zoek naar leuke plaatsen rondom Amsterdam? Bekijk dan onderstaande steden\/dorpjes dichtbij Amsterdam. Je vindt namelijk ontzettend leuke plaatsen rondom Amsterdam waar je misschien nog niet bent geweest en die zeker een bezoekje waard zijn. Struin door het historische vestingdorp Naarden, speel toerist in eigen land en maak prachtige foto&#8217;s van de authentieke windmolens op de Zaanse schans of ga een dagje winkelen in Amstelveen.[\/vc_column_text][\/vc_column][\/vc_row][vc_row][vc_column][promo_block style_var=&#8221;style2&#8243; el_id=&#8221;1564476430490-c53ba6ce-7602&#8243;][promo link=&#8221;url:https%3A%2F%2Fthingstodoinamsterdam.com%2Fnl%2Fleuke-steden-nederland%2Fweesp%2F|title:Weesp||&#8221; text=&#8221;Ontdek het oude centrum van Weesp en bezichtig de monumentale gebouwen en vele kleine en grote bruggen. Maak een mooie fietsroute langs rivier de Vecht of vaar naar Fort Uitermeer.&#8221; img=&#8221;595&#8243;][promo link=&#8221;url:https%3A%2F%2Fthingstodoinamsterdam.com%2Fday-trip-from-amsterdam%2Fmuiden%2F|title:Muiden||&#8221; text=&#8221;In het authentieke dorpje Muiden reis je even terug in de tijd. Wandel door de kleine straatjes en bezichtig het indrukwekkende kasteel Muiderslot. De geschiedenis van dit dorpje is tevens erg indrukwekkend.&#8221; img=&#8221;1304&#8243;][promo link=&#8221;url:https%3A%2F%2Fthingstodoinamsterdam.com%2Fday-trip-from-amsterdam%2Fnaarden%2F|title:Naarden||&#8221; text=&#8221;Naarden is een verborgen juweeltje en licht vrij dichtbij Amsterdam. Loop een heel rondje om Naarden Vesting over de vestingwallen en plof vervolgens neer op \u00e9\u00e9n van de gezellige terrasjes.&#8221; img=&#8221;1306&#8243;][promo link=&#8221;url:https%3A%2F%2Fthingstodoinamsterdam.com%2Fnl%2Fleuke-steden-nederland%2Fzaanse-schans%2F|title:De%20Zaanse%20Schans%20&#8243; text=&#8221;Ben je ge\u00efnteresseerd in de Nederlandse geschiedenis en ook nog eens een fan van kaas, klompen en windmolens? Breng dan een bezoekje aan de Zaanse Schans en ontdek de gouden eeuwse windmolens met eigen ogen!&#8221; img=&#8221;597&#8243;][promo link=&#8221;url:https%3A%2F%2Fthingstodoinamsterdam.com%2Fday-trip-from-amsterdam%2Famstelveen%2F|title:Amstelveen||&#8221; text=&#8221;Ben jij een echte kunstliefhebber? Of ga je liever een dagje shoppen? Ga dan een dagje weg naar Amstelveen. In dit stadje, vlakbij Amsterdam, vindt je het Cobra en Jan van der Toght museum welke bekend staan om hun moderne en hedendaagse kunst. Daarnaast is Amstelveen ook niet al te druk en kun je er heerlijk winkelen.&#8221; img=&#8221;1294&#8243;][\/promo_block][vc_column_text]<\/p>\n<h2><span class=\"ez-toc-section\" id=\"leukste-stranden-nederland\"><\/span>Leukste stranden Nederland<span class=\"ez-toc-section-end\"><\/span><\/h2>\n<p>Je hebt zin in een leuk dagje strand in eigen land of misschien wel een weekendje aan zee. Het enige wat jij jezelf afvraagt is: wat is nou het leukste strand in Nederland?\u00a0 Natuurlijk is dit per persoon verschillend, zo vindt de \u00e9\u00e9n het heerlijk om de hele dag te vertoeven bij \u00e9\u00e9n van de hippe strandtenten en zoekt de ander meer avontuur en waagt zich bijvoorbeeld aan het wind- of kitesurfen. E\u00e9n ding is zeker de Nederlandse stranden hebben voor ieder wat wils. Hieronder vindt je een aantal van onze favoriete stranden in Nederland.[\/vc_column_text][promo_block style_var=&#8221;style2&#8243; el_id=&#8221;1564477566718-1a231b8e-f3e3&#8243;][promo link=&#8221;url:https%3A%2F%2Fthingstodoinamsterdam.com%2Fday-trip-from-amsterdam%2Fzandvoort-amsterdam-beach%2F|title:Zandvoort||&#8221; text=&#8221;Het strand van Zandvoort, wie kent het nou niet? Geniet van een heerlijke lunch bij \u00e9\u00e9n van de 35 strandtenten of maak een strandwandeling langs de kustlijn. Zandvoort is levendig en ook zeer geschikt voor kinderen.&#8221; img=&#8221;1314&#8243;][promo link=&#8221;|title:Scheveningen||&#8221; text=&#8221;Het strand van Scheveningen is misschien wel het populairste strand in Nederland. Het heeft een gezellige brede boulevard en je kunt Scheveningen zelfs van boven af zien door een rondje in het reuzenrad te maken!&#8221; img=&#8221;1308&#8243;][promo link=&#8221;|title:IJmuiden||&#8221; text=&#8221;Ben jij fan van wind- en\/of kitesurfen? Of zou je dit graag willen leren? Dan is het strandvan IJmuiden de perfecte plek. Overigens kun je er ook heerlijk wandelen en de mooie vuurtorens bezichtigen.&#8221; img=&#8221;1302&#8243;][\/promo_block][\/vc_column][\/vc_row]<\/p>\n<\/div>","protected":false},"excerpt":{"rendered":"<p>[vc_row][vc_column][vc_column_text]Dat we dol zijn op Amsterdam hoeven we jou natuurlijk niet te vertellen, maar ben je inmiddels al tien keer een dagje weg geweest naar\u2026<\/p>\n","protected":false},"author":1,"featured_media":6998,"parent":0,"menu_order":0,"comment_status":"closed","ping_status":"closed","template":"","meta":{"footnotes":""},"class_list":["post-9457","page","type-page","status-publish","has-post-thumbnail","hentry"],"yoast_head":"<!-- This site is optimized with the Yoast SEO plugin v27.3 - https:\/\/yoast.com\/product\/yoast-seo-wordpress\/ -->\n<title>De leukste plekken en steden in Nederland voor een dagje weg!<\/title>\n<meta name=\"description\" content=\"Een dagje weg in eigen land? Super leuk, er is meer dan genoeg te ontdekken in Nederland. Bekijk nu onze tips met leukste plekken voor een dagje weg!\" \/>\n<meta name=\"robots\" content=\"index, follow, max-snippet:-1, max-image-preview:large, max-video-preview:-1\" \/>\n<link rel=\"canonical\" href=\"https:\/\/thingstodoinamsterdam.com\/nl\/leuke-steden-nederland\/\" \/>\n<meta property=\"og:locale\" content=\"nl_NL\" \/>\n<meta property=\"og:type\" content=\"article\" \/>\n<meta property=\"og:title\" content=\"De leukste plekken en steden in Nederland voor een dagje weg!\" \/>\n<meta property=\"og:description\" content=\"Een dagje weg in eigen land? Super leuk, er is meer dan genoeg te ontdekken in Nederland. Bekijk nu onze tips met leukste plekken voor een dagje weg!\" \/>\n<meta property=\"og:url\" content=\"https:\/\/thingstodoinamsterdam.com\/nl\/leuke-steden-nederland\/\" \/>\n<meta property=\"og:site_name\" content=\"ThingstodoinAmsterdam.com\" \/>\n<meta property=\"article:publisher\" content=\"https:\/\/www.facebook.com\/thingstodoinamsterdamcom\" \/>\n<meta property=\"article:modified_time\" content=\"2026-02-03T13:33:40+00:00\" \/>\n<meta property=\"og:image\" content=\"https:\/\/thingstodoinamsterdam.com\/wp-content\/uploads\/2019\/07\/eastern-gate-Delft.jpg\" \/>\n\t<meta property=\"og:image:width\" content=\"900\" \/>\n\t<meta property=\"og:image:height\" content=\"599\" \/>\n\t<meta property=\"og:image:type\" content=\"image\/jpeg\" \/>\n<meta name=\"twitter:card\" content=\"summary_large_image\" \/>\n<meta name=\"twitter:label1\" content=\"Geschatte leestijd\" \/>\n\t<meta name=\"twitter:data1\" content=\"6 minuten\" \/>\n<script type=\"application\/ld+json\" class=\"yoast-schema-graph\">{\"@context\":\"https:\\\/\\\/schema.org\",\"@graph\":[{\"@type\":\"WebPage\",\"@id\":\"https:\\\/\\\/thingstodoinamsterdam.com\\\/nl\\\/leuke-steden-nederland\\\/\",\"url\":\"https:\\\/\\\/thingstodoinamsterdam.com\\\/nl\\\/leuke-steden-nederland\\\/\",\"name\":\"De leukste plekken en steden in Nederland voor een dagje weg!\",\"isPartOf\":{\"@id\":\"https:\\\/\\\/thingstodoinamsterdam.com\\\/nl\\\/#website\"},\"primaryImageOfPage\":{\"@id\":\"https:\\\/\\\/thingstodoinamsterdam.com\\\/nl\\\/leuke-steden-nederland\\\/#primaryimage\"},\"image\":{\"@id\":\"https:\\\/\\\/thingstodoinamsterdam.com\\\/nl\\\/leuke-steden-nederland\\\/#primaryimage\"},\"thumbnailUrl\":\"https:\\\/\\\/thingstodoinamsterdam.com\\\/wp-content\\\/uploads\\\/2019\\\/07\\\/eastern-gate-Delft.jpg\",\"datePublished\":\"2016-07-17T13:17:30+00:00\",\"dateModified\":\"2026-02-03T13:33:40+00:00\",\"description\":\"Een dagje weg in eigen land? Super leuk, er is meer dan genoeg te ontdekken in Nederland. Bekijk nu onze tips met leukste plekken voor een dagje weg!\",\"breadcrumb\":{\"@id\":\"https:\\\/\\\/thingstodoinamsterdam.com\\\/nl\\\/leuke-steden-nederland\\\/#breadcrumb\"},\"inLanguage\":\"nl-NL\",\"potentialAction\":[{\"@type\":\"ReadAction\",\"target\":[\"https:\\\/\\\/thingstodoinamsterdam.com\\\/nl\\\/leuke-steden-nederland\\\/\"]}]},{\"@type\":\"ImageObject\",\"inLanguage\":\"nl-NL\",\"@id\":\"https:\\\/\\\/thingstodoinamsterdam.com\\\/nl\\\/leuke-steden-nederland\\\/#primaryimage\",\"url\":\"https:\\\/\\\/thingstodoinamsterdam.com\\\/wp-content\\\/uploads\\\/2019\\\/07\\\/eastern-gate-Delft.jpg\",\"contentUrl\":\"https:\\\/\\\/thingstodoinamsterdam.com\\\/wp-content\\\/uploads\\\/2019\\\/07\\\/eastern-gate-Delft.jpg\",\"width\":900,\"height\":599},{\"@type\":\"BreadcrumbList\",\"@id\":\"https:\\\/\\\/thingstodoinamsterdam.com\\\/nl\\\/leuke-steden-nederland\\\/#breadcrumb\",\"itemListElement\":[{\"@type\":\"ListItem\",\"position\":1,\"name\":\"Wat te doen in Amsterdam\",\"item\":\"https:\\\/\\\/thingstodoinamsterdam.com\\\/nl\\\/\"},{\"@type\":\"ListItem\",\"position\":2,\"name\":\"Leuke plekken in Nederland rondom Amsterdam\"}]},{\"@type\":\"WebSite\",\"@id\":\"https:\\\/\\\/thingstodoinamsterdam.com\\\/nl\\\/#website\",\"url\":\"https:\\\/\\\/thingstodoinamsterdam.com\\\/nl\\\/\",\"name\":\"ThingstodoinAmsterdam.com\",\"description\":\"Amsterdam&#039;s highlights and hidden secrets\",\"publisher\":{\"@id\":\"https:\\\/\\\/thingstodoinamsterdam.com\\\/nl\\\/#organization\"},\"potentialAction\":[{\"@type\":\"SearchAction\",\"target\":{\"@type\":\"EntryPoint\",\"urlTemplate\":\"https:\\\/\\\/thingstodoinamsterdam.com\\\/nl\\\/?s={search_term_string}\"},\"query-input\":{\"@type\":\"PropertyValueSpecification\",\"valueRequired\":true,\"valueName\":\"search_term_string\"}}],\"inLanguage\":\"nl-NL\"},{\"@type\":\"Organization\",\"@id\":\"https:\\\/\\\/thingstodoinamsterdam.com\\\/nl\\\/#organization\",\"name\":\"Wat te doen in Amsterdam\",\"url\":\"https:\\\/\\\/thingstodoinamsterdam.com\\\/nl\\\/\",\"logo\":{\"@type\":\"ImageObject\",\"inLanguage\":\"nl-NL\",\"@id\":\"https:\\\/\\\/thingstodoinamsterdam.com\\\/nl\\\/#\\\/schema\\\/logo\\\/image\\\/\",\"url\":\"https:\\\/\\\/thingstodoinamsterdam.com\\\/wp-content\\\/uploads\\\/2025\\\/02\\\/ThingsToDoInAmsterdam-Favicon-logo.png\",\"contentUrl\":\"https:\\\/\\\/thingstodoinamsterdam.com\\\/wp-content\\\/uploads\\\/2025\\\/02\\\/ThingsToDoInAmsterdam-Favicon-logo.png\",\"width\":512,\"height\":512,\"caption\":\"Wat te doen in Amsterdam\"},\"image\":{\"@id\":\"https:\\\/\\\/thingstodoinamsterdam.com\\\/nl\\\/#\\\/schema\\\/logo\\\/image\\\/\"},\"sameAs\":[\"https:\\\/\\\/www.facebook.com\\\/thingstodoinamsterdamcom\"]}]}<\/script>\n<!-- \/ Yoast SEO plugin. -->","yoast_head_json":{"title":"De leukste plekken en steden in Nederland voor een dagje weg!","description":"Een dagje weg in eigen land? Super leuk, er is meer dan genoeg te ontdekken in Nederland. Bekijk nu onze tips met leukste plekken voor een dagje weg!","robots":{"index":"index","follow":"follow","max-snippet":"max-snippet:-1","max-image-preview":"max-image-preview:large","max-video-preview":"max-video-preview:-1"},"canonical":"https:\/\/thingstodoinamsterdam.com\/nl\/leuke-steden-nederland\/","og_locale":"nl_NL","og_type":"article","og_title":"De leukste plekken en steden in Nederland voor een dagje weg!","og_description":"Een dagje weg in eigen land? Super leuk, er is meer dan genoeg te ontdekken in Nederland. Bekijk nu onze tips met leukste plekken voor een dagje weg!","og_url":"https:\/\/thingstodoinamsterdam.com\/nl\/leuke-steden-nederland\/","og_site_name":"ThingstodoinAmsterdam.com","article_publisher":"https:\/\/www.facebook.com\/thingstodoinamsterdamcom","article_modified_time":"2026-02-03T13:33:40+00:00","og_image":[{"width":900,"height":599,"url":"https:\/\/thingstodoinamsterdam.com\/wp-content\/uploads\/2019\/07\/eastern-gate-Delft.jpg","type":"image\/jpeg"}],"twitter_card":"summary_large_image","twitter_misc":{"Geschatte leestijd":"6 minuten"},"schema":{"@context":"https:\/\/schema.org","@graph":[{"@type":"WebPage","@id":"https:\/\/thingstodoinamsterdam.com\/nl\/leuke-steden-nederland\/","url":"https:\/\/thingstodoinamsterdam.com\/nl\/leuke-steden-nederland\/","name":"De leukste plekken en steden in Nederland voor een dagje weg!","isPartOf":{"@id":"https:\/\/thingstodoinamsterdam.com\/nl\/#website"},"primaryImageOfPage":{"@id":"https:\/\/thingstodoinamsterdam.com\/nl\/leuke-steden-nederland\/#primaryimage"},"image":{"@id":"https:\/\/thingstodoinamsterdam.com\/nl\/leuke-steden-nederland\/#primaryimage"},"thumbnailUrl":"https:\/\/thingstodoinamsterdam.com\/wp-content\/uploads\/2019\/07\/eastern-gate-Delft.jpg","datePublished":"2016-07-17T13:17:30+00:00","dateModified":"2026-02-03T13:33:40+00:00","description":"Een dagje weg in eigen land? Super leuk, er is meer dan genoeg te ontdekken in Nederland. Bekijk nu onze tips met leukste plekken voor een dagje weg!","breadcrumb":{"@id":"https:\/\/thingstodoinamsterdam.com\/nl\/leuke-steden-nederland\/#breadcrumb"},"inLanguage":"nl-NL","potentialAction":[{"@type":"ReadAction","target":["https:\/\/thingstodoinamsterdam.com\/nl\/leuke-steden-nederland\/"]}]},{"@type":"ImageObject","inLanguage":"nl-NL","@id":"https:\/\/thingstodoinamsterdam.com\/nl\/leuke-steden-nederland\/#primaryimage","url":"https:\/\/thingstodoinamsterdam.com\/wp-content\/uploads\/2019\/07\/eastern-gate-Delft.jpg","contentUrl":"https:\/\/thingstodoinamsterdam.com\/wp-content\/uploads\/2019\/07\/eastern-gate-Delft.jpg","width":900,"height":599},{"@type":"BreadcrumbList","@id":"https:\/\/thingstodoinamsterdam.com\/nl\/leuke-steden-nederland\/#breadcrumb","itemListElement":[{"@type":"ListItem","position":1,"name":"Wat te doen in Amsterdam","item":"https:\/\/thingstodoinamsterdam.com\/nl\/"},{"@type":"ListItem","position":2,"name":"Leuke plekken in Nederland rondom Amsterdam"}]},{"@type":"WebSite","@id":"https:\/\/thingstodoinamsterdam.com\/nl\/#website","url":"https:\/\/thingstodoinamsterdam.com\/nl\/","name":"ThingstodoinAmsterdam.com","description":"Amsterdam&#039;s highlights and hidden secrets","publisher":{"@id":"https:\/\/thingstodoinamsterdam.com\/nl\/#organization"},"potentialAction":[{"@type":"SearchAction","target":{"@type":"EntryPoint","urlTemplate":"https:\/\/thingstodoinamsterdam.com\/nl\/?s={search_term_string}"},"query-input":{"@type":"PropertyValueSpecification","valueRequired":true,"valueName":"search_term_string"}}],"inLanguage":"nl-NL"},{"@type":"Organization","@id":"https:\/\/thingstodoinamsterdam.com\/nl\/#organization","name":"Wat te doen in Amsterdam","url":"https:\/\/thingstodoinamsterdam.com\/nl\/","logo":{"@type":"ImageObject","inLanguage":"nl-NL","@id":"https:\/\/thingstodoinamsterdam.com\/nl\/#\/schema\/logo\/image\/","url":"https:\/\/thingstodoinamsterdam.com\/wp-content\/uploads\/2025\/02\/ThingsToDoInAmsterdam-Favicon-logo.png","contentUrl":"https:\/\/thingstodoinamsterdam.com\/wp-content\/uploads\/2025\/02\/ThingsToDoInAmsterdam-Favicon-logo.png","width":512,"height":512,"caption":"Wat te doen in Amsterdam"},"image":{"@id":"https:\/\/thingstodoinamsterdam.com\/nl\/#\/schema\/logo\/image\/"},"sameAs":["https:\/\/www.facebook.com\/thingstodoinamsterdamcom"]}]}},"_links":{"self":[{"href":"https:\/\/thingstodoinamsterdam.com\/nl\/wp-json\/wp\/v2\/pages\/9457","targetHints":{"allow":["GET"]}}],"collection":[{"href":"https:\/\/thingstodoinamsterdam.com\/nl\/wp-json\/wp\/v2\/pages"}],"about":[{"href":"https:\/\/thingstodoinamsterdam.com\/nl\/wp-json\/wp\/v2\/types\/page"}],"author":[{"embeddable":true,"href":"https:\/\/thingstodoinamsterdam.com\/nl\/wp-json\/wp\/v2\/users\/1"}],"replies":[{"embeddable":true,"href":"https:\/\/thingstodoinamsterdam.com\/nl\/wp-json\/wp\/v2\/comments?post=9457"}],"version-history":[{"count":6,"href":"https:\/\/thingstodoinamsterdam.com\/nl\/wp-json\/wp\/v2\/pages\/9457\/revisions"}],"predecessor-version":[{"id":2531432,"href":"https:\/\/thingstodoinamsterdam.com\/nl\/wp-json\/wp\/v2\/pages\/9457\/revisions\/2531432"}],"wp:featuredmedia":[{"embeddable":true,"href":"https:\/\/thingstodoinamsterdam.com\/nl\/wp-json\/wp\/v2\/media\/6998"}],"wp:attachment":[{"href":"https:\/\/thingstodoinamsterdam.com\/nl\/wp-json\/wp\/v2\/media?parent=9457"}],"curies":[{"name":"wp","href":"https:\/\/api.w.org\/{rel}","templated":true}]}}