{"id":2539544,"date":"2026-04-14T21:03:14","date_gmt":"2026-04-14T19:03:14","guid":{"rendered":"https:\/\/thingstodoinamsterdam.com\/informacoes-praticas\/"},"modified":"2026-04-28T13:04:13","modified_gmt":"2026-04-28T11:04:13","slug":"informacoes-praticas","status":"publish","type":"page","link":"https:\/\/thingstodoinamsterdam.com\/pt-pt\/informacoes-praticas\/","title":{"rendered":"Informa\u00e7\u00f5es pr\u00e1ticas"},"content":{"rendered":"<div class=\"wpb-content-wrapper\"><p>[vc_row][vc_column][vc_column_text css=&#8221;&#8221;]Nesta lista, encontras uma vis\u00e3o geral r\u00e1pida dos t\u00f3picos de informa\u00e7\u00e3o pr\u00e1tica mais comuns.<\/p>\n<ul>\n<li><strong>N\u00famero de emerg\u00eancia<\/strong>: liga para o <strong>112<\/strong> em caso de situa\u00e7\u00e3o com risco de vida<\/li>\n<li><strong>L\u00edngua neerlandesa<\/strong>: Nos Pa\u00edses Baixos, fala-se neerland\u00eas. No entanto, muitos adotaram o ingl\u00eas como segunda l\u00edngua. Isto significa que te desenrascas facilmente com ingl\u00eas b\u00e1sico. Outras l\u00ednguas faladas por muitos neerlandeses s\u00e3o o franc\u00eas e o alem\u00e3o.   <\/li>\n<li><strong>Dinheiro e moeda<\/strong>: o euro (EUR, \u20ac) \u00e9 a moeda usada em todo o pa\u00eds. Moedas estrangeiras podem ser trocadas, mas n\u00e3o s\u00e3o aceites. Ou ent\u00e3o usa o teu cart\u00e3o banc\u00e1rio num dos muitos multibancos. Os cart\u00f5es de cr\u00e9dito s\u00e3o normalmente aceites em hot\u00e9is, restaurantes e bombas de gasolina. No entanto, tem em aten\u00e7\u00e3o que a maioria dos supermercados n\u00e3o aceita pagamentos com cart\u00e3o de cr\u00e9dito.    <\/li>\n<li><strong>Cart\u00f5es de desconto<\/strong>: os cart\u00f5es de desconto mais usados em Amesterd\u00e3o s\u00e3o o <a href=\"https:\/\/thingstodoinamsterdam.com\/pt-pt\/informacoes-praticas\/i-amsterdam-city-card\/\">I Amsterdam City Card<\/a> e o Museumkaart.<\/li>\n<li><strong>Visitar Amesterd\u00e3o com <\/strong><b>crian\u00e7as<\/b>: Amesterd\u00e3o \u00e9 considerada uma cidade muito segura. Embora haja muito tr\u00e2nsito, muitas pessoas n\u00e3o param nos sem\u00e1foros. Alguns locais usam o termo \u201cverde de Amesterd\u00e3o\u201d para um sem\u00e1foro vermelho. Dito isto, h\u00e1 muitas atividades para fazer com crian\u00e7as pequenas ou com adolescentes.   <\/li>\n<li><strong>Embaixadas<\/strong>: atrav\u00e9s do site do <a href=\"https:\/\/www.government.nl\/topics\/embassies-consulates-and-other-representations\">Minist\u00e9rio dos Neg\u00f3cios Estrangeiros<\/a>, podes selecionar o teu pa\u00eds para ver exatamente onde fica a embaixada do teu pa\u00eds. Alguns de voc\u00eas tamb\u00e9m poder\u00e3o precisar de saber se \u00e9 obrigat\u00f3rio ter visto para a viagem. <\/li>\n<li><strong>Tomadas e fichas<\/strong>: Nos Pa\u00edses Baixos, a Europlug \u00e9 a mais comum. \u00c9 uma ficha de alimenta\u00e7\u00e3o CA plana, n\u00e3o reconfigur\u00e1vel, de dois polos e pinos redondos, adequada para tens\u00f5es at\u00e9 250 V e correntes at\u00e9 2,5 A. <\/li>\n<\/ul>\n<p>[\/vc_column_text][vc_column_text]Vais visitar Amesterd\u00e3o e queres estar bem preparado? V\u00ea abaixo os v\u00e1rios t\u00f3picos abordados neste site![\/vc_column_text][\/vc_column][\/vc_row][vc_row][vc_column][promo_block style_var=&#8221;style2&#8243; el_id=&#8221;1565265736520-ebffa72c-0349&#8243;][promo link=&#8221;url:https%3A%2F%2Fthingstodoinamsterdam.com%2Fpt-pt%2Finformacoes-praticas%2Fi-amsterdam-city-card%2F|title:I%20amsterdam%20City%20Card|&#8221; text=&#8221;Descobre Amesterd\u00e3o com o I Amsterdam City Card! Este cart\u00e3o d\u00e1 acesso gratuito a muitas das principais atra\u00e7\u00f5es e oferece descontos em ainda mais. Al\u00e9m disso, tamb\u00e9m pode ser usado nos transportes p\u00fablicos \u2014 sabe mais aqui!  &#8221; img=&#8221;2945&#8243;][promo link=&#8221;url:https%3A%2F%2Fthingstodoinamsterdam.com%2Fpt-pt%2Ftransportes-em-amesterdao%2Festacionamento-em-amesterdao%2F|title:Parking%20in%20Amsterdam|&#8221; text=&#8221;O estacionamento em Amesterd\u00e3o \u00e9 um tema por si s\u00f3. As tarifas de estacionamento na rua s\u00e3o caras e a disponibilidade \u00e9 limitada. Por isso, um pouco de planeamento em rela\u00e7\u00e3o ao estacionamento pode poupar-te muito tempo e dinheiro!  &#8221; img=&#8221;2703&#8243;][promo link=&#8221;url:https%3A%2F%2Fthingstodoinamsterdam.com%2Fpt-pt%2Finformacoes-praticas%2Fos-melhores-servicos-e-apps-de-entrega-de-comida-em-amesterdao%2F|title:Best%20Food%20Delivery%20Services%20in%20Amsterdam|&#8221; text=&#8221;Desfruta do melhor da cena gastron\u00f3mica de Amesterd\u00e3o no conforto do teu alojamento! Quer te apete\u00e7am pratos neerlandeses locais, sushi fresco ou hamb\u00fargueres gourmet, os servi\u00e7os de entrega de comida da cidade levam um mundo de sabores at\u00e9 \u00e0 tua porta. Descobre as plataformas mais fi\u00e1veis, as op\u00e7\u00f5es de entrega mais r\u00e1pidas e as melhores promo\u00e7\u00f5es para satisfazeres o apetite sem sa\u00edres de casa.  &#8221; img=&#8221;2028370&#8243;][promo link=&#8221;url:https%3A%2F%2Fthingstodoinamsterdam.com%2Fpt-pt%2Fmeteorologia-e-clima-em-amesterdao%2F|title:Amsterdam%20Weather|&#8221; text=&#8221;Em apenas alguns minutos, podes ficar totalmente informado e preparado para o tempo em Amesterd\u00e3o&#8221; img=&#8221;2697&#8243;][promo link=&#8221;url:https%3A%2F%2Fthingstodoinamsterdam.com%2Fpt-pt%2Ftransportes-em-amesterdao%2F|title:Amsterdam%20Transport|&#8221; text=&#8221;L\u00ea tudo sobre como viajar em e para Amesterd\u00e3o! A infraestrutura de transportes p\u00fablicos \u00e9 excelente! V\u00ea todas as op\u00e7\u00f5es, desde voar a conduzir e, claro, alugar uma bicicleta  &#8221; img=&#8221;2695&#8243;][promo link=&#8221;url:https%3A%2F%2Fthingstodoinamsterdam.com%2Fpt-pt%2Fonde-ficar-em-amesterdao%2F|title:Where%20to%20stay%20in%20Amsterdam|&#8221; text=&#8221;Se ainda n\u00e3o reservaste o teu hotel, este artigo vai ajudar-te a perceber o que deves ter em conta ao reservar o teu hotel\/alojamento&#8221; img=&#8221;1971&#8243;][promo link=&#8221;url:https%3A%2F%2Fthingstodoinamsterdam.com%2Fpractical-information%2Fodido-esim%2F|title:Odido%20ESIM|&#8221; text=&#8221;Manteres-te ligado enquanto visitas Amesterd\u00e3o ou qualquer outro lugar nos Pa\u00edses Baixos \u00e9 mais f\u00e1cil do que nunca. Uma op\u00e7\u00e3o que os viajantes podem considerar \u00e9 o Odido SimWallet eSIM. &#8221; img=&#8221;2529175&#8243;][promo link=&#8221;url:https%3A%2F%2Fthingstodoinamsterdam.com%2Fbest-time-visit-amsterdam%2F|title:Best%20time%20to%20visit%20Amsterdam|&#8221; text=&#8221;Fica a saber qual \u00e9 a melhor altura para visitar Amesterd\u00e3o de acordo com as tuas necessidades&#8221; img=&#8221;1087&#8243;][promo link=&#8221;url:https%3A%2F%2Fthingstodoinamsterdam.com%2Fpractical-information%2Ftourist-information-center-amsterdam%2F|title:Amsterdam%20Tourist%20Office|&#8221; text=&#8221;Descobre onde ficam os postos de turismo e o que te podem oferecer!&#8221; img=&#8221;2693&#8243;][promo link=&#8221;url:https%3A%2F%2Fthingstodoinamsterdam.com%2Fpractical-information%2Ffaq-amsterdam%2F|title:FAQ%20Amsterdam|&#8221; text=&#8221;Encontra a resposta para as perguntas mais frequentes do thingstodoinamsterdam.com&#8221; img=&#8221;2701&#8243;][promo link=&#8221;url:https%3A%2F%2Fthingstodoinamsterdam.com%2Fpractical-information%2Famsterdam-maps%2F|title:Amsterdam%20map|&#8221; text=&#8221;Descobre e prepara-te com o mapa da cidade de Amesterd\u00e3o&#8221; img=&#8221;2699&#8243;][promo link=&#8221;url:https%3A%2F%2Fthingstodoinamsterdam.com%2Fpractical-information%2Famsterdam-apps%2F|title:Amsterdam%20Apps|&#8221; text=&#8221;Encontra aqui as apps de viagem mais usadas para Amesterd\u00e3o&#8221; img=&#8221;2691&#8243;][\/promo_block][\/vc_column][\/vc_row]<\/p>\n<\/div>","protected":false},"excerpt":{"rendered":"<p>[vc_row][vc_column][vc_column_text css=&#8221;&#8221;]Nesta lista, encontras uma vis\u00e3o geral r\u00e1pida dos t\u00f3picos de informa\u00e7\u00e3o pr\u00e1tica mais comuns. N\u00famero de emerg\u00eancia: liga para o 112 em caso de\u2026<\/p>\n","protected":false},"author":1,"featured_media":0,"parent":0,"menu_order":0,"comment_status":"closed","ping_status":"closed","template":"","meta":{"footnotes":""},"class_list":["post-2539544","page","type-page","status-publish","hentry"],"yoast_head":"<!-- This site is optimized with the Yoast SEO plugin v27.5 - https:\/\/yoast.com\/product\/yoast-seo-wordpress\/ -->\n<title>Informa\u00e7\u00f5es pr\u00e1ticas - thingstodoinamsterdam.com<\/title>\n<meta name=\"description\" content=\"D\u00e1 uma vista de olhos \u00e0s informa\u00e7\u00f5es pr\u00e1ticas para a tua viagem a Amesterd\u00e3o. Estas informa\u00e7\u00f5es ajudam-te a poupar muito dinheiro e tempo. Prepara-te!\" \/>\n<meta name=\"robots\" content=\"index, follow, max-snippet:-1, max-image-preview:large, max-video-preview:-1\" \/>\n<link rel=\"canonical\" href=\"https:\/\/thingstodoinamsterdam.com\/pt-pt\/informacoes-praticas\/\" \/>\n<meta property=\"og:locale\" content=\"pt_PT\" \/>\n<meta property=\"og:type\" content=\"article\" \/>\n<meta property=\"og:title\" content=\"Informa\u00e7\u00f5es pr\u00e1ticas - thingstodoinamsterdam.com\" \/>\n<meta property=\"og:description\" content=\"D\u00e1 uma vista de olhos \u00e0s informa\u00e7\u00f5es pr\u00e1ticas para a tua viagem a Amesterd\u00e3o. Estas informa\u00e7\u00f5es ajudam-te a poupar muito dinheiro e tempo. Prepara-te!\" \/>\n<meta property=\"og:url\" content=\"https:\/\/thingstodoinamsterdam.com\/pt-pt\/informacoes-praticas\/\" \/>\n<meta property=\"og:site_name\" content=\"ThingstodoinAmsterdam.com\" \/>\n<meta property=\"article:publisher\" content=\"https:\/\/www.facebook.com\/thingstodoinamsterdamcom\" \/>\n<meta property=\"article:modified_time\" content=\"2026-04-28T11:04:13+00:00\" \/>\n<meta name=\"twitter:card\" content=\"summary_large_image\" \/>\n<meta name=\"twitter:label1\" content=\"Tempo estimado de leitura\" \/>\n\t<meta name=\"twitter:data1\" content=\"5 minutos\" \/>\n<script type=\"application\/ld+json\" class=\"yoast-schema-graph\">{\"@context\":\"https:\\\/\\\/schema.org\",\"@graph\":[{\"@type\":\"WebPage\",\"@id\":\"https:\\\/\\\/thingstodoinamsterdam.com\\\/pt-pt\\\/informacoes-praticas\\\/\",\"url\":\"https:\\\/\\\/thingstodoinamsterdam.com\\\/pt-pt\\\/informacoes-praticas\\\/\",\"name\":\"Informa\u00e7\u00f5es pr\u00e1ticas - thingstodoinamsterdam.com\",\"isPartOf\":{\"@id\":\"https:\\\/\\\/thingstodoinamsterdam.com\\\/pt-pt\\\/#website\"},\"datePublished\":\"2026-04-14T19:03:14+00:00\",\"dateModified\":\"2026-04-28T11:04:13+00:00\",\"description\":\"D\u00e1 uma vista de olhos \u00e0s informa\u00e7\u00f5es pr\u00e1ticas para a tua viagem a Amesterd\u00e3o. Estas informa\u00e7\u00f5es ajudam-te a poupar muito dinheiro e tempo. Prepara-te!\",\"breadcrumb\":{\"@id\":\"https:\\\/\\\/thingstodoinamsterdam.com\\\/pt-pt\\\/informacoes-praticas\\\/#breadcrumb\"},\"inLanguage\":\"pt-PT\",\"potentialAction\":[{\"@type\":\"ReadAction\",\"target\":[\"https:\\\/\\\/thingstodoinamsterdam.com\\\/pt-pt\\\/informacoes-praticas\\\/\"]}]},{\"@type\":\"BreadcrumbList\",\"@id\":\"https:\\\/\\\/thingstodoinamsterdam.com\\\/pt-pt\\\/informacoes-praticas\\\/#breadcrumb\",\"itemListElement\":[{\"@type\":\"ListItem\",\"position\":1,\"name\":\"Fazer em Amesterd\u00e3o\",\"item\":\"https:\\\/\\\/thingstodoinamsterdam.com\\\/pt-pt\\\/\"},{\"@type\":\"ListItem\",\"position\":2,\"name\":\"Informa\u00e7\u00f5es pr\u00e1ticas\"}]},{\"@type\":\"WebSite\",\"@id\":\"https:\\\/\\\/thingstodoinamsterdam.com\\\/pt-pt\\\/#website\",\"url\":\"https:\\\/\\\/thingstodoinamsterdam.com\\\/pt-pt\\\/\",\"name\":\"ThingstodoinAmsterdam.com\",\"description\":\"Amsterdam&#039;s highlights and hidden secrets\",\"publisher\":{\"@id\":\"https:\\\/\\\/thingstodoinamsterdam.com\\\/pt-pt\\\/#organization\"},\"potentialAction\":[{\"@type\":\"SearchAction\",\"target\":{\"@type\":\"EntryPoint\",\"urlTemplate\":\"https:\\\/\\\/thingstodoinamsterdam.com\\\/pt-pt\\\/?s={search_term_string}\"},\"query-input\":{\"@type\":\"PropertyValueSpecification\",\"valueRequired\":true,\"valueName\":\"search_term_string\"}}],\"inLanguage\":\"pt-PT\"},{\"@type\":\"Organization\",\"@id\":\"https:\\\/\\\/thingstodoinamsterdam.com\\\/pt-pt\\\/#organization\",\"name\":\"Fazer em Amesterd\u00e3o\",\"url\":\"https:\\\/\\\/thingstodoinamsterdam.com\\\/pt-pt\\\/\",\"logo\":{\"@type\":\"ImageObject\",\"inLanguage\":\"pt-PT\",\"@id\":\"https:\\\/\\\/thingstodoinamsterdam.com\\\/pt-pt\\\/#\\\/schema\\\/logo\\\/image\\\/\",\"url\":\"https:\\\/\\\/thingstodoinamsterdam.com\\\/wp-content\\\/uploads\\\/2025\\\/02\\\/ThingsToDoInAmsterdam-Favicon-logo.png\",\"contentUrl\":\"https:\\\/\\\/thingstodoinamsterdam.com\\\/wp-content\\\/uploads\\\/2025\\\/02\\\/ThingsToDoInAmsterdam-Favicon-logo.png\",\"width\":512,\"height\":512,\"caption\":\"Fazer em Amesterd\u00e3o\"},\"image\":{\"@id\":\"https:\\\/\\\/thingstodoinamsterdam.com\\\/pt-pt\\\/#\\\/schema\\\/logo\\\/image\\\/\"},\"sameAs\":[\"https:\\\/\\\/www.facebook.com\\\/thingstodoinamsterdamcom\"]}]}<\/script>\n<!-- \/ Yoast SEO plugin. -->","yoast_head_json":{"title":"Informa\u00e7\u00f5es pr\u00e1ticas - thingstodoinamsterdam.com","description":"D\u00e1 uma vista de olhos \u00e0s informa\u00e7\u00f5es pr\u00e1ticas para a tua viagem a Amesterd\u00e3o. Estas informa\u00e7\u00f5es ajudam-te a poupar muito dinheiro e tempo. Prepara-te!","robots":{"index":"index","follow":"follow","max-snippet":"max-snippet:-1","max-image-preview":"max-image-preview:large","max-video-preview":"max-video-preview:-1"},"canonical":"https:\/\/thingstodoinamsterdam.com\/pt-pt\/informacoes-praticas\/","og_locale":"pt_PT","og_type":"article","og_title":"Informa\u00e7\u00f5es pr\u00e1ticas - thingstodoinamsterdam.com","og_description":"D\u00e1 uma vista de olhos \u00e0s informa\u00e7\u00f5es pr\u00e1ticas para a tua viagem a Amesterd\u00e3o. Estas informa\u00e7\u00f5es ajudam-te a poupar muito dinheiro e tempo. Prepara-te!","og_url":"https:\/\/thingstodoinamsterdam.com\/pt-pt\/informacoes-praticas\/","og_site_name":"ThingstodoinAmsterdam.com","article_publisher":"https:\/\/www.facebook.com\/thingstodoinamsterdamcom","article_modified_time":"2026-04-28T11:04:13+00:00","twitter_card":"summary_large_image","twitter_misc":{"Tempo estimado de leitura":"5 minutos"},"schema":{"@context":"https:\/\/schema.org","@graph":[{"@type":"WebPage","@id":"https:\/\/thingstodoinamsterdam.com\/pt-pt\/informacoes-praticas\/","url":"https:\/\/thingstodoinamsterdam.com\/pt-pt\/informacoes-praticas\/","name":"Informa\u00e7\u00f5es pr\u00e1ticas - thingstodoinamsterdam.com","isPartOf":{"@id":"https:\/\/thingstodoinamsterdam.com\/pt-pt\/#website"},"datePublished":"2026-04-14T19:03:14+00:00","dateModified":"2026-04-28T11:04:13+00:00","description":"D\u00e1 uma vista de olhos \u00e0s informa\u00e7\u00f5es pr\u00e1ticas para a tua viagem a Amesterd\u00e3o. Estas informa\u00e7\u00f5es ajudam-te a poupar muito dinheiro e tempo. Prepara-te!","breadcrumb":{"@id":"https:\/\/thingstodoinamsterdam.com\/pt-pt\/informacoes-praticas\/#breadcrumb"},"inLanguage":"pt-PT","potentialAction":[{"@type":"ReadAction","target":["https:\/\/thingstodoinamsterdam.com\/pt-pt\/informacoes-praticas\/"]}]},{"@type":"BreadcrumbList","@id":"https:\/\/thingstodoinamsterdam.com\/pt-pt\/informacoes-praticas\/#breadcrumb","itemListElement":[{"@type":"ListItem","position":1,"name":"Fazer em Amesterd\u00e3o","item":"https:\/\/thingstodoinamsterdam.com\/pt-pt\/"},{"@type":"ListItem","position":2,"name":"Informa\u00e7\u00f5es pr\u00e1ticas"}]},{"@type":"WebSite","@id":"https:\/\/thingstodoinamsterdam.com\/pt-pt\/#website","url":"https:\/\/thingstodoinamsterdam.com\/pt-pt\/","name":"ThingstodoinAmsterdam.com","description":"Amsterdam&#039;s highlights and hidden secrets","publisher":{"@id":"https:\/\/thingstodoinamsterdam.com\/pt-pt\/#organization"},"potentialAction":[{"@type":"SearchAction","target":{"@type":"EntryPoint","urlTemplate":"https:\/\/thingstodoinamsterdam.com\/pt-pt\/?s={search_term_string}"},"query-input":{"@type":"PropertyValueSpecification","valueRequired":true,"valueName":"search_term_string"}}],"inLanguage":"pt-PT"},{"@type":"Organization","@id":"https:\/\/thingstodoinamsterdam.com\/pt-pt\/#organization","name":"Fazer em Amesterd\u00e3o","url":"https:\/\/thingstodoinamsterdam.com\/pt-pt\/","logo":{"@type":"ImageObject","inLanguage":"pt-PT","@id":"https:\/\/thingstodoinamsterdam.com\/pt-pt\/#\/schema\/logo\/image\/","url":"https:\/\/thingstodoinamsterdam.com\/wp-content\/uploads\/2025\/02\/ThingsToDoInAmsterdam-Favicon-logo.png","contentUrl":"https:\/\/thingstodoinamsterdam.com\/wp-content\/uploads\/2025\/02\/ThingsToDoInAmsterdam-Favicon-logo.png","width":512,"height":512,"caption":"Fazer em Amesterd\u00e3o"},"image":{"@id":"https:\/\/thingstodoinamsterdam.com\/pt-pt\/#\/schema\/logo\/image\/"},"sameAs":["https:\/\/www.facebook.com\/thingstodoinamsterdamcom"]}]}},"_links":{"self":[{"href":"https:\/\/thingstodoinamsterdam.com\/pt-pt\/wp-json\/wp\/v2\/pages\/2539544","targetHints":{"allow":["GET"]}}],"collection":[{"href":"https:\/\/thingstodoinamsterdam.com\/pt-pt\/wp-json\/wp\/v2\/pages"}],"about":[{"href":"https:\/\/thingstodoinamsterdam.com\/pt-pt\/wp-json\/wp\/v2\/types\/page"}],"author":[{"embeddable":true,"href":"https:\/\/thingstodoinamsterdam.com\/pt-pt\/wp-json\/wp\/v2\/users\/1"}],"replies":[{"embeddable":true,"href":"https:\/\/thingstodoinamsterdam.com\/pt-pt\/wp-json\/wp\/v2\/comments?post=2539544"}],"version-history":[{"count":5,"href":"https:\/\/thingstodoinamsterdam.com\/pt-pt\/wp-json\/wp\/v2\/pages\/2539544\/revisions"}],"predecessor-version":[{"id":2542330,"href":"https:\/\/thingstodoinamsterdam.com\/pt-pt\/wp-json\/wp\/v2\/pages\/2539544\/revisions\/2542330"}],"wp:attachment":[{"href":"https:\/\/thingstodoinamsterdam.com\/pt-pt\/wp-json\/wp\/v2\/media?parent=2539544"}],"curies":[{"name":"wp","href":"https:\/\/api.w.org\/{rel}","templated":true}]}}