{"id":2539811,"date":"2026-04-16T15:55:33","date_gmt":"2026-04-16T13:55:33","guid":{"rendered":"https:\/\/thingstodoinamsterdam.com\/locais-a-visitar-e-turismo-em-amesterdao\/"},"modified":"2026-04-25T17:43:53","modified_gmt":"2026-04-25T15:43:53","slug":"locais-a-visitar","status":"publish","type":"page","link":"https:\/\/thingstodoinamsterdam.com\/pt-pt\/locais-a-visitar\/","title":{"rendered":"Locais a visitar e turismo em Amesterd\u00e3o"},"content":{"rendered":"<div class=\"wpb-content-wrapper\"><p>[vc_row][vc_column][vc_column_text css=&#8221;&#8221;]Vais visitar Amesterd\u00e3o e perguntas-te que locais visitar? \u00d3timo, est\u00e1s a planear porque h\u00e1 tanto para ver e fazer! Nesta p\u00e1gina, vamos mostrar-te <a href=\"https:\/\/thingstodoinamsterdam.com\/pt-pt\/\">os principais pontos de interesse de Amesterd\u00e3o<\/a> e segredos escondidos para a tua viagem tur\u00edstica. Recomendamos vivamente que explores mais as \u00e1reas envolventes de Amesterd\u00e3o. Planeia as tuas <a href=\"https:\/\/thingstodoinamsterdam.com\/pt-pt\/viagem-um-dia-amesterdao\/\">viagens de um dia a partir de Amesterd\u00e3o<\/a>. O nosso conselho \u00e9 fazeres isto se tiveres 2 dias ou mais. A maioria dos visitantes, no entanto, tem apenas alguns dias para fazer turismo em Amesterd\u00e3o, por isso planeia bem o teu tempo para n\u00e3o perderes o melhor!<\/p>\n<p>Como o <a href=\"https:\/\/thingstodoinamsterdam.com\/pt-pt\/meteorologia-e-clima-em-amesterdao\/\" target=\"_blank\" rel=\"noopener\">tempo em Amesterd\u00e3o<\/a> nem sempre \u00e9 favor\u00e1vel <span style=\"box-sizing: border-box; margin: 0px; padding: 0px;\">para fazer turismo, podes reservar um <a href=\"https:\/\/thingstodoinamsterdam.com\/pt-pt\/tours-de-autocarro-e-barco-hop-on-hop-off-em-amesterdao\/\" target=\"_blank\" rel=\"noopener\">passeio hop-on, hop-off<\/a> para ver os pontos de interesse<\/span> protegido das intemp\u00e9ries, seja de autocarro ou de barco. Se tiveres a sorte de apanhar bom tempo<span style=\"box-sizing: border-box; margin: 0px; padding: 0px;\">, tamb\u00e9m podes considerar um <a href=\"https:\/\/thingstodoinamsterdam.com\/pt-pt\/passeios-de-bicicleta-em-amesterdao\/\" target=\"_blank\" rel=\"noopener\">passeio de bicicleta pelos pontos de interesse<\/a><\/span>.[\/vc_column_text][vc_column_text css=&#8221;&#8221;]<\/p>\n<h2>Principais pontos de interesse e segredos escondidos do turismo em Amesterd\u00e3o<\/h2>\n<p>O nosso lema \u00e9 mostrar tanto os principais pontos de interesse como os segredos escondidos, os locais que n\u00e3o podem faltar na tua viagem a Amesterd\u00e3o. Mas tamb\u00e9m gostar\u00edamos de partilhar alguns segredos escondidos: locais em Amesterd\u00e3o que n\u00e3o s\u00e3o assim t\u00e3o conhecidos mas que definitivamente merecem uma visita. Por isso, se queres fazer turismo fora dos circuitos habituais em Amesterd\u00e3o e arredores, continua a ler!<\/p>\n<p>N\u00f3s, como verdadeiros locais, aconselhamos-te a <a href=\"https:\/\/thingstodoinamsterdam.com\/transport\/cycling-bike-rental-tours\/\" target=\"_blank\" rel=\"noopener\">alugar uma bicicleta<\/a>, pois \u00e9 uma forma conveniente de te deslocares num centro de cidade t\u00e3o compacto. Em alternativa, caminhar em combina\u00e7\u00e3o com os <a href=\"https:\/\/thingstodoinamsterdam.com\/transport\/amsterdam-public-transport\/\">transportes p\u00fablicos em Amesterd\u00e3o<\/a> tamb\u00e9m \u00e9 uma \u00f3tima forma de te deslocares por Amesterd\u00e3o.<\/p>\n<h3>Imperd\u00edvel em Amesterd\u00e3o:<\/h3>\n<p>[\/vc_column_text][\/vc_column][\/vc_row][vc_row][vc_column][promo_block style_var=&#8221;style3&#8243; el_id=&#8221;1565184574520-4eec6a0b-9a3a&#8221;][promo link=&#8221;url:https%3A%2F%2Fthingstodoinamsterdam.com%2Fpt-pt%2Flocais-a-visitar-e-turismo-em-amesterdao%2Fcinturao-de-canais-de-amesterdao%2F|title:Amsterdam%20Canal%20Belt|&#8221; text=&#8221;O rom\u00e2ntico Cintur\u00e3o de Canais de Amesterd\u00e3o \u00e9 Patrim\u00f3nio Mundial da UNESCO. Est\u00e1 repleto de casas monumentais junto aos canais e da arquitetura t\u00edpica de Amesterd\u00e3o. Tira o teu tempo para passear, ou explora-o durante um cruzeiro pelos canais. &#8221; img=&#8221;2498&#8243;][promo link=&#8221;url:https%3A%2F%2Fthingstodoinamsterdam.com%2Fpt-pt%2Flocais-a-visitar-e-turismo-em-amesterdao%2Fmercado-albert-cuyp%2F|title:Albert%20Cuyp%20Market|&#8221; text=&#8221;Passeia pelo Mercado Albert Cuyp onde vais encontrar mais de trezentas bancas. Rodeia-te de bancas de comida que vendem produtos como peixe, aves, queijo, legumes e frutas. Al\u00e9m disso, vais encontrar bancas a vender roupa, cosm\u00e9ticos e muito mais. Melhor ainda: os pre\u00e7os est\u00e3o entre os mais baratos de Amesterd\u00e3o. A pr\u00f3pria rua Albert Cuyp est\u00e1 rodeada por in\u00fameras lojas ex\u00f3ticas, est\u00fadios, caf\u00e9s acolhedores e restaurantes, tudo contribuindo para a pompa e atmosfera festiva do mercado. &#8221; img=&#8221;2496&#8243;][promo link=&#8221;url:https%3A%2F%2Fthingstodoinamsterdam.com%2Fpt-pt%2Flocais-a-visitar-e-turismo-em-amesterdao%2Fnove-ruas%2F|title:Nine%20Streets|&#8221; text=&#8221;Esta parte espec\u00edfica do Cintur\u00e3o de Canais de Amesterd\u00e3o \u00e9 conhecida pelas suas muitas lojas e esplanadas. \u00c9 um \u00f3timo local para fazer umas compras descontra\u00eddas de recorda\u00e7\u00f5es e talvez beber algo numa esplanada. &#8221; img=&#8221;2500&#8243;][promo link=&#8221;url:https%3A%2F%2Fthingstodoinamsterdam.com%2Fpt-pt%2Fbairro-vermelho%2F|title:Red%20light%20district|&#8221; text=&#8221;O Bairro da Luz Vermelha ou &#8216;De Wallen&#8217; em neerland\u00eas \u00e9 o lar de uma das profiss\u00f5es mais antigas do mundo. Passeia pela \u00e1rea e visita o teatro er\u00f3tico mais antigo de Amesterd\u00e3o, o Casa Rosso, ou um dos peepshows! &#8221; img=&#8221;2516&#8243;][promo link=&#8221;url:https%3A%2F%2Fthingstodoinamsterdam.com%2Fpt-pt%2Flocais-a-visitar-e-turismo-em-amesterdao%2Fbegijnhof%2F|title:Begijnhof|&#8221; text=&#8221;O Begijnhof pode ser um dos segredos mais bem guardados de Amesterd\u00e3o. Localizado no centro da cidade mesmo atr\u00e1s da movimentada rua comercial Kalverstraat, vais encontrar esta pe\u00e7a de patrim\u00f3nio cultural. Pode ser visitado gratuitamente. &#8221; img=&#8221;2502&#8243;][promo link=&#8221;url:https%3A%2F%2Fthingstodoinamsterdam.com%2Fpt-pt%2Fparques-em-amesterdao%2F|title:Parks%20in%20Amsterdam|&#8221; text=&#8221;Precisas de uma pausa do turismo? Gostarias de fazer um piquenique ou descansar um pouco? Descobre os parques da cidade onde podes fazer uma pausa das ruas movimentadas! &#8221; img=&#8221;9114&#8243;][promo link=&#8221;url:https%3A%2F%2Fthingstodoinamsterdam.com%2Fpt-pt%2Flocais-a-visitar-e-turismo-em-amesterdao%2Fleidseplein%2F|title:Leidseplein|&#8221; text=&#8221;Descobre a animada zona de Leidseplein. A Leidseplein fica numa das ruas mais movimentadas de Amesterd\u00e3o: a Leidsetraat. A Leidsestraat liga os diferentes canais de Amesterd\u00e3o e leva-te da Leidesplein em dire\u00e7\u00e3o \u00e0 Koningsplein e ao Bloemenmarkt (Mercado de Flores Flutuante). A pr\u00f3pria Leidseplein \u00e9 conhecida pelos seus bares, clubes e vida noturna. &#8221; img=&#8221;2510&#8243;][promo link=&#8221;url:https%3A%2F%2Fthingstodoinamsterdam.com%2Fpt-pt%2Flocais-a-visitar-e-turismo-em-amesterdao%2Famsterdam-johan-cruijff-arena-visita-ao-estadio%2F|title:Amsterdam%20ArenA|&#8221; text=&#8221;A Amsterdam Arena foi renomeada em homenagem ao \u00edcone do clube Johan Cruijff para Johan Cruijff Arena. Descobre o clube de futebol mais famoso (e melhor) dos Pa\u00edses Baixos e visita a casa do Ajax. &#8221; img=&#8221;2512&#8243;][promo link=&#8221;url:https%3A%2F%2Fthingstodoinamsterdam.com%2Fpt-pt%2Fcompras-em-amesterdao%2F|title:Shopping%20in%20Amsterdam|&#8221; text=&#8221;Gostarias de fazer compras em Amesterd\u00e3o? Quer estejas \u00e0 procura de recorda\u00e7\u00f5es aut\u00eanticas ou de roupa de designer elegante, Amesterd\u00e3o tem o que precisas! Descobre os melhores locais para fazer compras neste artigo! &#8221; img=&#8221;2783&#8243;][promo link=&#8221;url:https%3A%2F%2Fthingstodoinamsterdam.com%2Fdam-square%2F|title:Dam%20Square|&#8221; text=&#8221;Descobre a pra\u00e7a considerada o cora\u00e7\u00e3o da cidade. Est\u00e1 ligada atrav\u00e9s da rua &#8216;Damrak&#8217; \u00e0 Esta\u00e7\u00e3o Central de Amesterd\u00e3o. Na Pra\u00e7a Dam vais encontrar v\u00e1rios pontos de interesse e atra\u00e7\u00f5es populares, como a De Grote Kerk, Madame Tussauds, Pal\u00e1cio Real e Ripley&#8217;s Believe it or not. &#8221; img=&#8221;2506&#8243;][promo link=&#8221;url:https%3A%2F%2Fthingstodoinamsterdam.com%2Fpt-pt%2Fviagem-de-um-dia-a-partir-de-amesterdao%2F|title:Day%20trip%20from%20Amsterdam|&#8221; text=&#8221;Se tiveres apenas um pouco mais de tempo, recomendamos vivamente que v\u00e1s al\u00e9m das fronteiras da cidade. H\u00e1 muitos locais mesmo fora de Amesterd\u00e3o que realmente valem a pena! &#8221; img=&#8221;2531733&#8243;][promo link=&#8221;url:https%3A%2F%2Fthingstodoinamsterdam.com%2Fthe-catboat%2F|title:The%20Catboat|&#8221; text=&#8221;Visita o \u00fanico abrigo de animais flutuante do mundo! Imperd\u00edvel para qualquer amante de gatos. Visitar o Poezenboot \u00e9 completamente gratuito, mas um donativo \u00e9 apreciado. &#8221; img=&#8221;2518&#8243;][promo link=&#8221;url:https%3A%2F%2Fthingstodoinamsterdam.com%2Fplaces-sightseeing-amsterdam%2Fnieuwe-kerk%2F|title:Nieuwe%20Kerk|&#8221; text=&#8221;Todas as cidades t\u00eam igrejas. Mas a \u00fanica diferen\u00e7a \u00e9 que a de Amesterd\u00e3o tem um significado muito especial na hist\u00f3ria do pa\u00eds. \u00c9 a igreja onde todos os pr\u00edncipes e princesas neerlandeses, desde o Rei Guilherme I em 1814, s\u00e3o investidos quando sobem ao trono (em 2013 tamb\u00e9m o Rei Willem-Alexander). &#8221; img=&#8221;2508&#8243;][promo link=&#8221;url:https%3A%2F%2Fthingstodoinamsterdam.com%2Fplaces-sightseeing-amsterdam%2Fconcertgebouw-amsterdam%2F|title:Concertgebouw%20Amsterdam|&#8221; text=&#8221;O Concertgebouw tem uma grande tradi\u00e7\u00e3o na \u00e1rea da organiza\u00e7\u00e3o de concertos lend\u00e1rios por grandes nomes como Gustav Mahler, Richard Strauss, Bernard Haitink, Yehudi Menuhin, Jessye Norman, Louis Armstrong, Sting e outros. Juntamente com outras orquestras, a Orquestra Real do Concertgebouw apresenta algumas das melhores performances. Segundo muitos especialistas, a melhor orquestra do mundo. Podes visitar o edif\u00edcio e deixar os teus ouvidos serem massajados por uma orquestra inteira, rodeado pelos melhores m\u00fasicos do mundo. &#8221; img=&#8221;2504&#8243;][promo link=&#8221;url:https%3A%2F%2Fthingstodoinamsterdam.com%2Fplaces-sightseeing-amsterdam%2Fmuseumplein%2F|title:Museumplein|&#8221; text=&#8221;A Museumplein alberga uma vasta gama de museus, incluindo o mundialmente famoso Rijksmuseum e o Museu Van Gogh. Tamb\u00e9m oferece espa\u00e7o para descansar ou at\u00e9 fazer um piquenique, por exemplo, e n\u00e3o pode faltar na tua viagem a Amesterd\u00e3o. &#8221; img=&#8221;2514&#8243;][promo link=&#8221;url:https%3A%2F%2Fthingstodoinamsterdam.com%2Fpt-pt%2Flocais-a-visitar-e-turismo-em-amesterdao%2Famesterdao-norte%2F|title:Amsterdam-Noord|&#8221; text=&#8221;Amesterd\u00e3o Norte \u00e9 uma parte da cidade menos descoberta pelas grandes multid\u00f5es. Mas, no entanto, definitivamente vale a pena visitar! Esta parte mais industrial da cidade parece mais crua, menos polida do que o centro. Faz uma pausa do centro movimentado apanhando o ferry gratuito e explora o que a parte norte da cidade tem para oferecer. &#8221; img=&#8221;3169&#8243;][promo link=&#8221;url:https%3A%2F%2Fthingstodoinamsterdam.com%2Fplaces-sightseeing-amsterdam%2Fde-oude-kerk%2F|title:Welcome%20to%20Amsterdam%E2%80%99s%20Oude%20Kerk%20%E2%80%93%20Amsterdam%20started%20here%21|&#8221; text=&#8221;A Oude Kerk, literalmente a Igreja Velha no Bairro da Luz Vermelha, existe desde o nascimento da cidade. J\u00e1 l\u00e1 estava quando Amesterd\u00e3o ainda era uma cidade portu\u00e1ria no mar. Descobre mais aqui! &#8221; img=&#8221;8921&#8243;][\/promo_block][\/vc_column][\/vc_row]<\/p>\n<\/div>","protected":false},"excerpt":{"rendered":"<p>[vc_row][vc_column][vc_column_text css=&#8221;&#8221;]Vais visitar Amesterd\u00e3o e perguntas-te que locais visitar? \u00d3timo, est\u00e1s a planear porque h\u00e1 tanto para ver e fazer! Nesta p\u00e1gina, vamos mostrar-te os\u2026<\/p>\n","protected":false},"author":1,"featured_media":2539825,"parent":0,"menu_order":0,"comment_status":"closed","ping_status":"closed","template":"","meta":{"footnotes":""},"class_list":["post-2539811","page","type-page","status-publish","has-post-thumbnail","hentry"],"yoast_head":"<!-- This site is optimized with the Yoast SEO plugin v27.5 - https:\/\/yoast.com\/product\/yoast-seo-wordpress\/ -->\n<title>Locais a visitar e turismo em Amesterd\u00e3o - ThingstodoinAmsterdam.com<\/title>\n<meta name=\"description\" content=\"Que locais n\u00e3o podem faltar na tua viagem a Amesterd\u00e3o? Descobre-os aqui e vive a melhor experi\u00eancia tur\u00edstica! Desde os principais pontos de interesse a segredos escondidos.\" \/>\n<meta name=\"robots\" content=\"index, follow, max-snippet:-1, max-image-preview:large, max-video-preview:-1\" \/>\n<link rel=\"canonical\" href=\"https:\/\/thingstodoinamsterdam.com\/pt-pt\/locais-a-visitar\/\" \/>\n<meta property=\"og:locale\" content=\"pt_PT\" \/>\n<meta property=\"og:type\" content=\"article\" \/>\n<meta property=\"og:title\" content=\"Locais a visitar e turismo em Amesterd\u00e3o - ThingstodoinAmsterdam.com\" \/>\n<meta property=\"og:description\" content=\"Que locais n\u00e3o podem faltar na tua viagem a Amesterd\u00e3o? Descobre-os aqui e vive a melhor experi\u00eancia tur\u00edstica! Desde os principais pontos de interesse a segredos escondidos.\" \/>\n<meta property=\"og:url\" content=\"https:\/\/thingstodoinamsterdam.com\/pt-pt\/locais-a-visitar\/\" \/>\n<meta property=\"og:site_name\" content=\"ThingstodoinAmsterdam.com\" \/>\n<meta property=\"article:publisher\" content=\"https:\/\/www.facebook.com\/thingstodoinamsterdamcom\" \/>\n<meta property=\"article:modified_time\" content=\"2026-04-25T15:43:53+00:00\" \/>\n<meta property=\"og:image\" content=\"https:\/\/thingstodoinamsterdam.com\/wp-content\/uploads\/2019\/08\/Amsterdam-Canal-Belt-map-by-Unesco-300x300-2.png\" \/>\n\t<meta property=\"og:image:width\" content=\"300\" \/>\n\t<meta property=\"og:image:height\" content=\"300\" \/>\n\t<meta property=\"og:image:type\" content=\"image\/png\" \/>\n<meta name=\"twitter:card\" content=\"summary_large_image\" \/>\n<meta name=\"twitter:label1\" content=\"Tempo estimado de leitura\" \/>\n\t<meta name=\"twitter:data1\" content=\"5 minutos\" \/>\n<script type=\"application\/ld+json\" class=\"yoast-schema-graph\">{\"@context\":\"https:\\\/\\\/schema.org\",\"@graph\":[{\"@type\":\"WebPage\",\"@id\":\"https:\\\/\\\/thingstodoinamsterdam.com\\\/pt-pt\\\/locais-a-visitar\\\/\",\"url\":\"https:\\\/\\\/thingstodoinamsterdam.com\\\/pt-pt\\\/locais-a-visitar\\\/\",\"name\":\"Locais a visitar e turismo em Amesterd\u00e3o - ThingstodoinAmsterdam.com\",\"isPartOf\":{\"@id\":\"https:\\\/\\\/thingstodoinamsterdam.com\\\/pt-pt\\\/#website\"},\"primaryImageOfPage\":{\"@id\":\"https:\\\/\\\/thingstodoinamsterdam.com\\\/pt-pt\\\/locais-a-visitar\\\/#primaryimage\"},\"image\":{\"@id\":\"https:\\\/\\\/thingstodoinamsterdam.com\\\/pt-pt\\\/locais-a-visitar\\\/#primaryimage\"},\"thumbnailUrl\":\"https:\\\/\\\/thingstodoinamsterdam.com\\\/wp-content\\\/uploads\\\/2019\\\/08\\\/Amsterdam-Canal-Belt-map-by-Unesco-300x300-2.png\",\"datePublished\":\"2026-04-16T13:55:33+00:00\",\"dateModified\":\"2026-04-25T15:43:53+00:00\",\"description\":\"Que locais n\u00e3o podem faltar na tua viagem a Amesterd\u00e3o? Descobre-os aqui e vive a melhor experi\u00eancia tur\u00edstica! Desde os principais pontos de interesse a segredos escondidos.\",\"breadcrumb\":{\"@id\":\"https:\\\/\\\/thingstodoinamsterdam.com\\\/pt-pt\\\/locais-a-visitar\\\/#breadcrumb\"},\"inLanguage\":\"pt-PT\",\"potentialAction\":[{\"@type\":\"ReadAction\",\"target\":[\"https:\\\/\\\/thingstodoinamsterdam.com\\\/pt-pt\\\/locais-a-visitar\\\/\"]}]},{\"@type\":\"ImageObject\",\"inLanguage\":\"pt-PT\",\"@id\":\"https:\\\/\\\/thingstodoinamsterdam.com\\\/pt-pt\\\/locais-a-visitar\\\/#primaryimage\",\"url\":\"https:\\\/\\\/thingstodoinamsterdam.com\\\/wp-content\\\/uploads\\\/2019\\\/08\\\/Amsterdam-Canal-Belt-map-by-Unesco-300x300-2.png\",\"contentUrl\":\"https:\\\/\\\/thingstodoinamsterdam.com\\\/wp-content\\\/uploads\\\/2019\\\/08\\\/Amsterdam-Canal-Belt-map-by-Unesco-300x300-2.png\",\"width\":300,\"height\":300,\"caption\":\"Cintur\u00e3o de Canais\"},{\"@type\":\"BreadcrumbList\",\"@id\":\"https:\\\/\\\/thingstodoinamsterdam.com\\\/pt-pt\\\/locais-a-visitar\\\/#breadcrumb\",\"itemListElement\":[{\"@type\":\"ListItem\",\"position\":1,\"name\":\"Fazer em Amesterd\u00e3o\",\"item\":\"https:\\\/\\\/thingstodoinamsterdam.com\\\/pt-pt\\\/\"},{\"@type\":\"ListItem\",\"position\":2,\"name\":\"Locais a visitar e turismo em Amesterd\u00e3o\"}]},{\"@type\":\"WebSite\",\"@id\":\"https:\\\/\\\/thingstodoinamsterdam.com\\\/pt-pt\\\/#website\",\"url\":\"https:\\\/\\\/thingstodoinamsterdam.com\\\/pt-pt\\\/\",\"name\":\"ThingstodoinAmsterdam.com\",\"description\":\"Amsterdam&#039;s highlights and hidden secrets\",\"publisher\":{\"@id\":\"https:\\\/\\\/thingstodoinamsterdam.com\\\/pt-pt\\\/#organization\"},\"potentialAction\":[{\"@type\":\"SearchAction\",\"target\":{\"@type\":\"EntryPoint\",\"urlTemplate\":\"https:\\\/\\\/thingstodoinamsterdam.com\\\/pt-pt\\\/?s={search_term_string}\"},\"query-input\":{\"@type\":\"PropertyValueSpecification\",\"valueRequired\":true,\"valueName\":\"search_term_string\"}}],\"inLanguage\":\"pt-PT\"},{\"@type\":\"Organization\",\"@id\":\"https:\\\/\\\/thingstodoinamsterdam.com\\\/pt-pt\\\/#organization\",\"name\":\"Fazer em Amesterd\u00e3o\",\"url\":\"https:\\\/\\\/thingstodoinamsterdam.com\\\/pt-pt\\\/\",\"logo\":{\"@type\":\"ImageObject\",\"inLanguage\":\"pt-PT\",\"@id\":\"https:\\\/\\\/thingstodoinamsterdam.com\\\/pt-pt\\\/#\\\/schema\\\/logo\\\/image\\\/\",\"url\":\"https:\\\/\\\/thingstodoinamsterdam.com\\\/wp-content\\\/uploads\\\/2025\\\/02\\\/ThingsToDoInAmsterdam-Favicon-logo.png\",\"contentUrl\":\"https:\\\/\\\/thingstodoinamsterdam.com\\\/wp-content\\\/uploads\\\/2025\\\/02\\\/ThingsToDoInAmsterdam-Favicon-logo.png\",\"width\":512,\"height\":512,\"caption\":\"Fazer em Amesterd\u00e3o\"},\"image\":{\"@id\":\"https:\\\/\\\/thingstodoinamsterdam.com\\\/pt-pt\\\/#\\\/schema\\\/logo\\\/image\\\/\"},\"sameAs\":[\"https:\\\/\\\/www.facebook.com\\\/thingstodoinamsterdamcom\"]}]}<\/script>\n<!-- \/ Yoast SEO plugin. -->","yoast_head_json":{"title":"Locais a visitar e turismo em Amesterd\u00e3o - ThingstodoinAmsterdam.com","description":"Que locais n\u00e3o podem faltar na tua viagem a Amesterd\u00e3o? Descobre-os aqui e vive a melhor experi\u00eancia tur\u00edstica! Desde os principais pontos de interesse a segredos escondidos.","robots":{"index":"index","follow":"follow","max-snippet":"max-snippet:-1","max-image-preview":"max-image-preview:large","max-video-preview":"max-video-preview:-1"},"canonical":"https:\/\/thingstodoinamsterdam.com\/pt-pt\/locais-a-visitar\/","og_locale":"pt_PT","og_type":"article","og_title":"Locais a visitar e turismo em Amesterd\u00e3o - ThingstodoinAmsterdam.com","og_description":"Que locais n\u00e3o podem faltar na tua viagem a Amesterd\u00e3o? Descobre-os aqui e vive a melhor experi\u00eancia tur\u00edstica! Desde os principais pontos de interesse a segredos escondidos.","og_url":"https:\/\/thingstodoinamsterdam.com\/pt-pt\/locais-a-visitar\/","og_site_name":"ThingstodoinAmsterdam.com","article_publisher":"https:\/\/www.facebook.com\/thingstodoinamsterdamcom","article_modified_time":"2026-04-25T15:43:53+00:00","og_image":[{"width":300,"height":300,"url":"https:\/\/thingstodoinamsterdam.com\/wp-content\/uploads\/2019\/08\/Amsterdam-Canal-Belt-map-by-Unesco-300x300-2.png","type":"image\/png"}],"twitter_card":"summary_large_image","twitter_misc":{"Tempo estimado de leitura":"5 minutos"},"schema":{"@context":"https:\/\/schema.org","@graph":[{"@type":"WebPage","@id":"https:\/\/thingstodoinamsterdam.com\/pt-pt\/locais-a-visitar\/","url":"https:\/\/thingstodoinamsterdam.com\/pt-pt\/locais-a-visitar\/","name":"Locais a visitar e turismo em Amesterd\u00e3o - ThingstodoinAmsterdam.com","isPartOf":{"@id":"https:\/\/thingstodoinamsterdam.com\/pt-pt\/#website"},"primaryImageOfPage":{"@id":"https:\/\/thingstodoinamsterdam.com\/pt-pt\/locais-a-visitar\/#primaryimage"},"image":{"@id":"https:\/\/thingstodoinamsterdam.com\/pt-pt\/locais-a-visitar\/#primaryimage"},"thumbnailUrl":"https:\/\/thingstodoinamsterdam.com\/wp-content\/uploads\/2019\/08\/Amsterdam-Canal-Belt-map-by-Unesco-300x300-2.png","datePublished":"2026-04-16T13:55:33+00:00","dateModified":"2026-04-25T15:43:53+00:00","description":"Que locais n\u00e3o podem faltar na tua viagem a Amesterd\u00e3o? Descobre-os aqui e vive a melhor experi\u00eancia tur\u00edstica! Desde os principais pontos de interesse a segredos escondidos.","breadcrumb":{"@id":"https:\/\/thingstodoinamsterdam.com\/pt-pt\/locais-a-visitar\/#breadcrumb"},"inLanguage":"pt-PT","potentialAction":[{"@type":"ReadAction","target":["https:\/\/thingstodoinamsterdam.com\/pt-pt\/locais-a-visitar\/"]}]},{"@type":"ImageObject","inLanguage":"pt-PT","@id":"https:\/\/thingstodoinamsterdam.com\/pt-pt\/locais-a-visitar\/#primaryimage","url":"https:\/\/thingstodoinamsterdam.com\/wp-content\/uploads\/2019\/08\/Amsterdam-Canal-Belt-map-by-Unesco-300x300-2.png","contentUrl":"https:\/\/thingstodoinamsterdam.com\/wp-content\/uploads\/2019\/08\/Amsterdam-Canal-Belt-map-by-Unesco-300x300-2.png","width":300,"height":300,"caption":"Cintur\u00e3o de Canais"},{"@type":"BreadcrumbList","@id":"https:\/\/thingstodoinamsterdam.com\/pt-pt\/locais-a-visitar\/#breadcrumb","itemListElement":[{"@type":"ListItem","position":1,"name":"Fazer em Amesterd\u00e3o","item":"https:\/\/thingstodoinamsterdam.com\/pt-pt\/"},{"@type":"ListItem","position":2,"name":"Locais a visitar e turismo em Amesterd\u00e3o"}]},{"@type":"WebSite","@id":"https:\/\/thingstodoinamsterdam.com\/pt-pt\/#website","url":"https:\/\/thingstodoinamsterdam.com\/pt-pt\/","name":"ThingstodoinAmsterdam.com","description":"Amsterdam&#039;s highlights and hidden secrets","publisher":{"@id":"https:\/\/thingstodoinamsterdam.com\/pt-pt\/#organization"},"potentialAction":[{"@type":"SearchAction","target":{"@type":"EntryPoint","urlTemplate":"https:\/\/thingstodoinamsterdam.com\/pt-pt\/?s={search_term_string}"},"query-input":{"@type":"PropertyValueSpecification","valueRequired":true,"valueName":"search_term_string"}}],"inLanguage":"pt-PT"},{"@type":"Organization","@id":"https:\/\/thingstodoinamsterdam.com\/pt-pt\/#organization","name":"Fazer em Amesterd\u00e3o","url":"https:\/\/thingstodoinamsterdam.com\/pt-pt\/","logo":{"@type":"ImageObject","inLanguage":"pt-PT","@id":"https:\/\/thingstodoinamsterdam.com\/pt-pt\/#\/schema\/logo\/image\/","url":"https:\/\/thingstodoinamsterdam.com\/wp-content\/uploads\/2025\/02\/ThingsToDoInAmsterdam-Favicon-logo.png","contentUrl":"https:\/\/thingstodoinamsterdam.com\/wp-content\/uploads\/2025\/02\/ThingsToDoInAmsterdam-Favicon-logo.png","width":512,"height":512,"caption":"Fazer em Amesterd\u00e3o"},"image":{"@id":"https:\/\/thingstodoinamsterdam.com\/pt-pt\/#\/schema\/logo\/image\/"},"sameAs":["https:\/\/www.facebook.com\/thingstodoinamsterdamcom"]}]}},"_links":{"self":[{"href":"https:\/\/thingstodoinamsterdam.com\/pt-pt\/wp-json\/wp\/v2\/pages\/2539811","targetHints":{"allow":["GET"]}}],"collection":[{"href":"https:\/\/thingstodoinamsterdam.com\/pt-pt\/wp-json\/wp\/v2\/pages"}],"about":[{"href":"https:\/\/thingstodoinamsterdam.com\/pt-pt\/wp-json\/wp\/v2\/types\/page"}],"author":[{"embeddable":true,"href":"https:\/\/thingstodoinamsterdam.com\/pt-pt\/wp-json\/wp\/v2\/users\/1"}],"replies":[{"embeddable":true,"href":"https:\/\/thingstodoinamsterdam.com\/pt-pt\/wp-json\/wp\/v2\/comments?post=2539811"}],"version-history":[{"count":5,"href":"https:\/\/thingstodoinamsterdam.com\/pt-pt\/wp-json\/wp\/v2\/pages\/2539811\/revisions"}],"predecessor-version":[{"id":2542028,"href":"https:\/\/thingstodoinamsterdam.com\/pt-pt\/wp-json\/wp\/v2\/pages\/2539811\/revisions\/2542028"}],"wp:featuredmedia":[{"embeddable":true,"href":"https:\/\/thingstodoinamsterdam.com\/pt-pt\/wp-json\/wp\/v2\/media\/2539825"}],"wp:attachment":[{"href":"https:\/\/thingstodoinamsterdam.com\/pt-pt\/wp-json\/wp\/v2\/media?parent=2539811"}],"curies":[{"name":"wp","href":"https:\/\/api.w.org\/{rel}","templated":true}]}}