{"id":2540584,"date":"2026-04-24T10:36:55","date_gmt":"2026-04-24T08:36:55","guid":{"rendered":"https:\/\/thingstodoinamsterdam.com\/locais-a-visitar-e-turismo-em-amesterdao\/begijnhof\/"},"modified":"2026-04-25T17:49:21","modified_gmt":"2026-04-25T15:49:21","slug":"begijnhof","status":"publish","type":"page","link":"https:\/\/thingstodoinamsterdam.com\/pt-pt\/locais-a-visitar\/begijnhof\/","title":{"rendered":"Begijnhof"},"content":{"rendered":"<div class=\"wpb-content-wrapper\"><p>[vc_row][vc_column][vc_column_text css=&#8221;&#8221;]<a href=\"https:\/\/thingstodoinamsterdam.com\/pt-pt\/\">Amesterd\u00e3o<\/a> \u00e9 uma cidade que n\u00e3o para de surpreender os visitantes. Das igrejas antigas (<a href=\"https:\/\/thingstodoinamsterdam.com\/places-sightseeing-amsterdam\/de-oude-kerk\/\">Oude Kerk<\/a> e <a href=\"https:\/\/thingstodoinamsterdam.com\/places-sightseeing-amsterdam\/nieuwe-kerk\/\">Nieuwe Kerk<\/a>) ao <a href=\"https:\/\/thingstodoinamsterdam.com\/pt-pt\/bairro-vermelho\/\">Red Light District<\/a> e \u00e0 bela <a href=\"https:\/\/thingstodoinamsterdam.com\/pt-pt\/passeios-de-barco\/\">cintura de canais<\/a>, esta cidade \u00e9 simultaneamente antiga e digna de uma visita. O Begijnhof de Amesterd\u00e3o \u00e9 um o\u00e1sis de paz no movimentado centro da cidade. \u00c9 um dos &#8216;hofjes&#8217; mais antigos de Amesterd\u00e3o. Um &#8216;hofje&#8217; \u00e9 uma palavra holandesa para um p\u00e1tio rodeado por casas de caridade. Existem desde a Idade M\u00e9dia e serviam para alojar pessoas idosas (maioritariamente mulheres). Eram financiados por privados e funcionavam como uma forma de seguran\u00e7a social.      <\/p><div id=\"ez-toc-container\" class=\"ez-toc-v2_0_82_2 counter-hierarchy ez-toc-counter ez-toc-custom ez-toc-container-direction\">\n<div class=\"ez-toc-title-container\">\n<span class=\"ez-toc-title-toggle\"><a href=\"#\" class=\"ez-toc-pull-right ez-toc-btn ez-toc-btn-xs ez-toc-btn-default ez-toc-toggle\" aria-label=\"Toggle Table of Content\"><span class=\"ez-toc-js-icon-con\"><span class=\"\"><span class=\"eztoc-hide\" style=\"display:none;\">Toggle<\/span><span class=\"ez-toc-icon-toggle-span\"><svg style=\"fill: #999;color:#999\" xmlns=\"http:\/\/www.w3.org\/2000\/svg\" class=\"list-377408\" width=\"20px\" height=\"20px\" viewBox=\"0 0 24 24\" fill=\"none\"><path d=\"M6 6H4v2h2V6zm14 0H8v2h12V6zM4 11h2v2H4v-2zm16 0H8v2h12v-2zM4 16h2v2H4v-2zm16 0H8v2h12v-2z\" fill=\"currentColor\"><\/path><\/svg><svg style=\"fill: #999;color:#999\" class=\"arrow-unsorted-368013\" xmlns=\"http:\/\/www.w3.org\/2000\/svg\" width=\"10px\" height=\"10px\" viewBox=\"0 0 24 24\" version=\"1.2\" baseProfile=\"tiny\"><path d=\"M18.2 9.3l-6.2-6.3-6.2 6.3c-.2.2-.3.4-.3.7s.1.5.3.7c.2.2.4.3.7.3h11c.3 0 .5-.1.7-.3.2-.2.3-.5.3-.7s-.1-.5-.3-.7zM5.8 14.7l6.2 6.3 6.2-6.3c.2-.2.3-.5.3-.7s-.1-.5-.3-.7c-.2-.2-.4-.3-.7-.3h-11c-.3 0-.5.1-.7.3-.2.2-.3.5-.3.7s.1.5.3.7z\"\/><\/svg><\/span><\/span><\/span><\/a><\/span><\/div>\n<nav><ul class='ez-toc-list ez-toc-list-level-1 ' ><li class='ez-toc-page-1 ez-toc-heading-level-2'><a class=\"ez-toc-link ez-toc-heading-1\" href=\"https:\/\/thingstodoinamsterdam.com\/pt-pt\/locais-a-visitar\/begijnhof\/#um-oasis-de-paz-no-movimentado-centro-da-cidade\" >Um o\u00e1sis de paz no movimentado centro da cidade<\/a><\/li><li class='ez-toc-page-1 ez-toc-heading-level-2'><a class=\"ez-toc-link ez-toc-heading-2\" href=\"https:\/\/thingstodoinamsterdam.com\/pt-pt\/locais-a-visitar\/begijnhof\/#historia-do-begijnhof-de-amesterdao\" >Hist\u00f3ria do Begijnhof de Amesterd\u00e3o<\/a><\/li><li class='ez-toc-page-1 ez-toc-heading-level-2'><a class=\"ez-toc-link ez-toc-heading-3\" href=\"https:\/\/thingstodoinamsterdam.com\/pt-pt\/locais-a-visitar\/begijnhof\/#endereco-e-horario-de-funcionamento-do-begijnhof-de-amesterdao\" >Endere\u00e7o e Hor\u00e1rio de Funcionamento do Begijnhof de Amesterd\u00e3o<\/a><\/li><li class='ez-toc-page-1 ez-toc-heading-level-2'><a class=\"ez-toc-link ez-toc-heading-4\" href=\"https:\/\/thingstodoinamsterdam.com\/pt-pt\/locais-a-visitar\/begijnhof\/#como-chegar-ao-begijnhof-de-amesterdao\" >Como Chegar ao Begijnhof de Amesterd\u00e3o<\/a><\/li><li class='ez-toc-page-1 ez-toc-heading-level-2'><a class=\"ez-toc-link ez-toc-heading-5\" href=\"https:\/\/thingstodoinamsterdam.com\/pt-pt\/locais-a-visitar\/begijnhof\/#a-pe\" >A p\u00e9<\/a><\/li><\/ul><\/nav><\/div>\n\n<h2><span class=\"ez-toc-section\" id=\"um-oasis-de-paz-no-movimentado-centro-da-cidade\"><\/span>Um o\u00e1sis de paz no movimentado centro da cidade<span class=\"ez-toc-section-end\"><\/span><\/h2>\n<p>Como o nome sugere, o Begijnhof era originalmente uma beguinaria fundada no s\u00e9culo XIV. Uma beguinaria, do termo franc\u00eas b\u00e9guinage, \u00e9 um complexo arquitet\u00f3nico criado para alojar beguinas: mulheres religiosas que viviam em comunidade sem fazer votos ou retirar-se do mundo. Originalmente, as fachadas traseiras do Begijnhof davam para a \u00e1gua. O aterro de locais como o Spui e o Begijnensloot fez com que a \u00e1gua circundante desaparecesse.[\/vc_column_text][vc_column_text css=&#8221;&#8221;]<img decoding=\"async\" class=\"aligncenter wp-image-7247 size-full\" src=\"https:\/\/thingstodoinamsterdam.com\/wp-content\/uploads\/2019\/08\/Begijnhof-Amsterdam.jpg\" alt=\"Begijnhof Amesterd\u00e3o\" width=\"1024\" height=\"768\"><\/p>\n<h2><span class=\"ez-toc-section\" id=\"historia-do-begijnhof-de-amesterdao\"><\/span>Hist\u00f3ria do Begijnhof de Amesterd\u00e3o<span class=\"ez-toc-section-end\"><\/span><\/h2>\n<p>Por volta do ano 1150, um grupo de mulheres piedosas decidiu unir-se numa comunidade religiosa, com o objetivo principal de cuidar dos doentes e providenciar educa\u00e7\u00e3o. Estas foram as primeiras &#8216;beguinas&#8217;, embora n\u00e3o fossem tratadas por esse nome na altura. As mulheres n\u00e3o eram freiras e n\u00e3o viviam toda a vida no isolamento de um convento. Apesar de terem de ser solteiras, podiam revogar os seus votos a qualquer momento e deixar a beguinaria por motivos como o casamento ou para estarem com a fam\u00edlia.   <\/p>\n<p>As origens do p\u00e1tio do Begijnhof de Amesterd\u00e3o remontam \u00e0 segunda metade do s\u00e9culo XIV. O ano exato da funda\u00e7\u00e3o \u00e9 desconhecido. Localizada logo atr\u00e1s do <a href=\"https:\/\/thingstodoinamsterdam.com\/museum-amsterdam\/amsterdam-museum\/\">Museu da Cidade de Amesterd\u00e3o<\/a>, a beguinaria tornou-se agora um o\u00e1sis de paz no cora\u00e7\u00e3o agitado do centro da cidade. O Begijnhof consistia em pequenas casas e uma igreja, em redor de um p\u00e1tio que estava sempre fechado \u00e0 noite. Durante a Reforma, as beguinas tiveram de ceder a sua igreja aos ingleses, que desde ent\u00e3o passou a chamar-se &#8216;Igreja Inglesa&#8217;. Com o tempo, as casas medievais foram reconstru\u00eddas ou substitu\u00eddas, mas a fachada da casa no n\u00famero 34 foi preservada. A casa data da segunda metade do s\u00e9culo XV e foi reconstru\u00edda em 1957 utilizando os materiais originais.      <\/p>\n<p>O Begijnhof de Amesterd\u00e3o est\u00e1 em grande parte aberto a visitantes. A parte norte, onde existem apenas casas, s\u00f3 \u00e9 acess\u00edvel aos residentes e aos seus convidados. No jardim, encontra-se, entre outras coisas, uma est\u00e1tua de uma Beguina. A maioria das fachadas na beguinaria data dos s\u00e9culos XVII e XVIII. As casas em si s\u00e3o frequentemente mais antigas do que as fachadas. A fachada da casa de madeira no Begijnhof 34 \u00e9 a mais singular de todas. A Igreja Reformada Inglesa e a Capela da Beguinaria encontram-se dentro do p\u00e1tio.[\/vc_column_text][\/vc_column][\/vc_row][vc_row][vc_column][vc_video link=&#8221;https:\/\/www.youtube.com\/watch?v=DOijtdMUPGo&#8221; title=&#8221;Um v\u00eddeo sobre o Begijnhof de Amesterd\u00e3o&#8221;][\/vc_column][\/vc_row][vc_row][vc_column][vc_column_text]<\/p>\n<h2><span class=\"ez-toc-section\" id=\"endereco-e-horario-de-funcionamento-do-begijnhof-de-amesterdao\"><\/span>Endere\u00e7o e Hor\u00e1rio de Funcionamento do Begijnhof de Amesterd\u00e3o<span class=\"ez-toc-section-end\"><\/span><\/h2>\n<p>A Beguinaria est\u00e1 aberta diariamente para visitantes das <strong>9:00<\/strong> \u00e0s <strong>17:00<\/strong> e encerra aos domingos. Existem duas entradas: no lado norte do Spui e no Gedempte Begijnensloot (na continua\u00e7\u00e3o da Schuttersgalerij). <\/p>\n<p><strong>Endere\u00e7o<br \/>\n<\/strong>Beguinage Amsterdam<br \/>\nNieuwezijds voorburgwal 371<br \/>\n1012 AB Amsterdam<br \/>\n+31 (0)20 622 1918<br \/>\n<a href=\"https:\/\/begijnhofkapelamsterdam.nl\/english-information\/\">https:\/\/begijnhofkapelamsterdam.nl\/<\/a><\/p>\n<p>A entrada \u00e9 gratuita.[\/vc_column_text][\/vc_column][\/vc_row][vc_row][vc_column][vc_column_text]<\/p>\n<h2><span class=\"ez-toc-section\" id=\"como-chegar-ao-begijnhof-de-amesterdao\"><\/span>Como Chegar ao Begijnhof de Amesterd\u00e3o<span class=\"ez-toc-section-end\"><\/span><\/h2>\n<p>O p\u00e1tio do Begijnhof \u00e9 delimitado pela Kalverstraat, Spui e Nieuwezijds Voorburgwal. Existem entradas no lado norte do Spui e no Gedempte Begijnensloot. O Begijnhof pode ser alcan\u00e7ado a partir da <a href=\"https:\/\/thingstodoinamsterdam.com\/pt-pt\/transportes-em-amesterdao\/estacao-central-de-amesterdao\/\">Esta\u00e7\u00e3o Central de Amesterd\u00e3o<\/a> e de <a href=\"https:\/\/thingstodoinamsterdam.com\/pt-pt\/locais-a-visitar-e-turismo-em-amesterdao\/leidseplein\/\">Leidseplein<\/a> atrav\u00e9s de el\u00e9trico e tamb\u00e9m a p\u00e9.  <\/p>\n<p><strong>Da Esta\u00e7\u00e3o Central de Amesterd\u00e3o de El\u00e9trico:<\/strong> El\u00e9tricos 4, 12, 14 e 24 &#8211; Sai na paragem de el\u00e9trico <strong>SPUI<\/strong> e caminha at\u00e9 \u00e0 <strong>Nieuwezijds Voorburgwal<\/strong>.<\/p>\n<p><strong>De Leidseplein de El\u00e9trico:<\/strong> El\u00e9tricos 2, 11 e 12 &#8211; Sai na paragem de el\u00e9trico <strong>SPUI<\/strong> e caminha at\u00e9 \u00e0 <strong>Nieuwezijds Voorburgwal<\/strong>.<\/p>\n<h2><span class=\"ez-toc-section\" id=\"a-pe\"><\/span>A p\u00e9<span class=\"ez-toc-section-end\"><\/span><\/h2>\n<p>Se quiseres ir a p\u00e9 da Esta\u00e7\u00e3o Central de Amesterd\u00e3o, tens de caminhar pela rua comercial Kalverstraat em dire\u00e7\u00e3o \u00e0 <a href=\"https:\/\/thingstodoinamsterdam.com\/pt-pt\/praca-dam\/\">Pra\u00e7a Dam<\/a>, ao <a href=\"https:\/\/thingstodoinamsterdam.com\/museum-amsterdam\/madame-tussauds-wax-museum-amsterdam\/\">Madame Tussauds<\/a> e ao <a href=\"https:\/\/thingstodoinamsterdam.com\/pt-pt\/museus-em-amesterdao\/ripleys-believe-it-or-not-amesterdao\/\">Ripley&#8217;s Believe It or Not!<\/a> A Kalverstraat estende-se at\u00e9 ao Spui e o Begijnhof situa-se logo atr\u00e1s do <a href=\"https:\/\/thingstodoinamsterdam.com\/museum-amsterdam\/amsterdam-museum\/\">Museu de Amesterd\u00e3o<\/a>.[\/vc_column_text][\/vc_column][\/vc_row][vc_row][vc_column][g_map heading=&#8221;Begijnhof Amsterdam on the City Map&#8221; el_id=&#8221;1565191969222-4f3be406-d955&#8243;]<iframe style=\"border: 0;\" src=\"https:\/\/www.google.com\/maps\/embed?pb=!1m18!1m12!1m3!1d2436.044164868093!2d4.887961015801877!3d52.369619179786014!2m3!1f0!2f0!3f0!3m2!1i1024!2i768!4f13.1!3m3!1m2!1s0x47c609c10ab92779%3A0xdb03cc5fdb4c1975!2sBegijnhof!5e0!3m2!1sen!2snl!4v1551972200833\" width=\"600\" height=\"450\" frameborder=\"0\" allowfullscreen=\"allowfullscreen\"><\/iframe>[\/g_map][\/vc_column][\/vc_row][vc_row][vc_column][promo_block style_var=&#8221;style2&#8243; el_id=&#8221;1565192062938-e350daa9-35a8&#8243;][promo link=&#8221;url:https%3A%2F%2Fthingstodoinamsterdam.com%2Fmuseum-amsterdam%2Famsterdam-museum%2F|title:Amsterdam%20City%20Museum|&#8221; text=&#8221;Descobre tudo sobre Amesterd\u00e3o ao visitares o museu da cidade!&#8221; img=&#8221;2614&#8243;][promo link=&#8221;url:https%3A%2F%2Fthingstodoinamsterdam.com%2Fpt-pt%2Fmuseus-em-amesterdao%2Fripleys-believe-it-or-not-amesterdao%2F|title:Ripley%E2%80%99s%20Believe%20It%20or%20Not%21|&#8221; text=&#8221;Explora o maravilhoso mundo do estranho e do bizarro no Ripley\u2019s Believe It or Not!&#8221; img=&#8221;2400&#8243;][promo link=&#8221;url:https%3A%2F%2Fthingstodoinamsterdam.com%2Fmuseum-amsterdam%2Fmadame-tussauds-wax-museum-amsterdam%2F|title:Madame%20Tussauds|&#8221; text=&#8221;Tira uma selfie com a fam\u00edlia real holandesa!&#8221; img=&#8221;2233&#8243;][\/promo_block][\/vc_column][\/vc_row][vc_row][vc_column][reviews item_name=&#8221;Begijnhof Amsterdam&#8221; item_image=&#8221;1575&#8243; item_tel=&#8221;+31 (0)20 622 1918&#8243; item_web=&#8221;https:\/\/www.amsterdamoudestad.nl\/bezienswaardigheden\/bezienswaardigheden-oude-binnenstad\/begijnhof&#8221; item_address=&#8221;Nieuwezijds Voorburgwal 371&#8243; item_city=&#8221;Amsterdam&#8221; item_postal_code=&#8221;1012 RS&#8221; item_country=&#8221;NL&#8221; el_id=&#8221;1565191985801-17005e04-1855&#8243;][\/reviews][\/vc_column][\/vc_row]<\/p>\n<\/div>","protected":false},"excerpt":{"rendered":"<p>[vc_row][vc_column][vc_column_text css=&#8221;&#8221;]Amesterd\u00e3o \u00e9 uma cidade que n\u00e3o para de surpreender os visitantes. Das igrejas antigas (Oude Kerk e Nieuwe Kerk) ao Red Light District e\u2026<\/p>\n","protected":false},"author":3,"featured_media":2540585,"parent":2539811,"menu_order":0,"comment_status":"closed","ping_status":"closed","template":"","meta":{"footnotes":""},"class_list":["post-2540584","page","type-page","status-publish","has-post-thumbnail","hentry"],"yoast_head":"<!-- This site is optimized with the Yoast SEO plugin v27.5 - https:\/\/yoast.com\/product\/yoast-seo-wordpress\/ -->\n<title>Descobre o Begijnhof de Amesterd\u00e3o - Um o\u00e1sis de paz no centro da cidade<\/title>\n<meta name=\"description\" content=\"O Begijnhof de Amesterd\u00e3o situa-se no cora\u00e7\u00e3o da cidade. Originalmente, era um beguinaria fundada no s\u00e9culo XIV que acolhia mulheres religiosas leigas.\" \/>\n<meta name=\"robots\" content=\"index, follow, max-snippet:-1, max-image-preview:large, max-video-preview:-1\" \/>\n<link rel=\"canonical\" href=\"https:\/\/thingstodoinamsterdam.com\/pt-pt\/locais-a-visitar\/begijnhof\/\" \/>\n<meta property=\"og:locale\" content=\"pt_PT\" \/>\n<meta property=\"og:type\" content=\"article\" \/>\n<meta property=\"og:title\" content=\"Descobre o Begijnhof de Amesterd\u00e3o - Um o\u00e1sis de paz no centro da cidade\" \/>\n<meta property=\"og:description\" content=\"O Begijnhof de Amesterd\u00e3o situa-se no cora\u00e7\u00e3o da cidade. Originalmente, era um beguinaria fundada no s\u00e9culo XIV que acolhia mulheres religiosas leigas.\" \/>\n<meta property=\"og:url\" content=\"https:\/\/thingstodoinamsterdam.com\/pt-pt\/locais-a-visitar\/begijnhof\/\" \/>\n<meta property=\"og:site_name\" content=\"ThingstodoinAmsterdam.com\" \/>\n<meta property=\"article:publisher\" content=\"https:\/\/www.facebook.com\/thingstodoinamsterdamcom\" \/>\n<meta property=\"article:modified_time\" content=\"2026-04-25T15:49:21+00:00\" \/>\n<meta property=\"og:image\" content=\"https:\/\/thingstodoinamsterdam.com\/wp-content\/uploads\/2019\/08\/Amsterdams-Begijnhof.jpg\" \/>\n\t<meta property=\"og:image:width\" content=\"2048\" \/>\n\t<meta property=\"og:image:height\" content=\"1365\" \/>\n\t<meta property=\"og:image:type\" content=\"image\/jpeg\" \/>\n<meta name=\"twitter:card\" content=\"summary_large_image\" \/>\n<meta name=\"twitter:label1\" content=\"Tempo estimado de leitura\" \/>\n\t<meta name=\"twitter:data1\" content=\"5 minutos\" \/>\n<script type=\"application\/ld+json\" class=\"yoast-schema-graph\">{\"@context\":\"https:\\\/\\\/schema.org\",\"@graph\":[{\"@type\":\"WebPage\",\"@id\":\"https:\\\/\\\/thingstodoinamsterdam.com\\\/pt-pt\\\/locais-a-visitar\\\/begijnhof\\\/\",\"url\":\"https:\\\/\\\/thingstodoinamsterdam.com\\\/pt-pt\\\/locais-a-visitar\\\/begijnhof\\\/\",\"name\":\"Descobre o Begijnhof de Amesterd\u00e3o - Um o\u00e1sis de paz no centro da cidade\",\"isPartOf\":{\"@id\":\"https:\\\/\\\/thingstodoinamsterdam.com\\\/pt-pt\\\/#website\"},\"primaryImageOfPage\":{\"@id\":\"https:\\\/\\\/thingstodoinamsterdam.com\\\/pt-pt\\\/locais-a-visitar\\\/begijnhof\\\/#primaryimage\"},\"image\":{\"@id\":\"https:\\\/\\\/thingstodoinamsterdam.com\\\/pt-pt\\\/locais-a-visitar\\\/begijnhof\\\/#primaryimage\"},\"thumbnailUrl\":\"https:\\\/\\\/thingstodoinamsterdam.com\\\/wp-content\\\/uploads\\\/2019\\\/08\\\/Amsterdams-Begijnhof.jpg\",\"datePublished\":\"2026-04-24T08:36:55+00:00\",\"dateModified\":\"2026-04-25T15:49:21+00:00\",\"description\":\"O Begijnhof de Amesterd\u00e3o situa-se no cora\u00e7\u00e3o da cidade. Originalmente, era um beguinaria fundada no s\u00e9culo XIV que acolhia mulheres religiosas leigas.\",\"breadcrumb\":{\"@id\":\"https:\\\/\\\/thingstodoinamsterdam.com\\\/pt-pt\\\/locais-a-visitar\\\/begijnhof\\\/#breadcrumb\"},\"inLanguage\":\"pt-PT\",\"potentialAction\":[{\"@type\":\"ReadAction\",\"target\":[\"https:\\\/\\\/thingstodoinamsterdam.com\\\/pt-pt\\\/locais-a-visitar\\\/begijnhof\\\/\"]}]},{\"@type\":\"ImageObject\",\"inLanguage\":\"pt-PT\",\"@id\":\"https:\\\/\\\/thingstodoinamsterdam.com\\\/pt-pt\\\/locais-a-visitar\\\/begijnhof\\\/#primaryimage\",\"url\":\"https:\\\/\\\/thingstodoinamsterdam.com\\\/wp-content\\\/uploads\\\/2019\\\/08\\\/Amsterdams-Begijnhof.jpg\",\"contentUrl\":\"https:\\\/\\\/thingstodoinamsterdam.com\\\/wp-content\\\/uploads\\\/2019\\\/08\\\/Amsterdams-Begijnhof.jpg\",\"width\":2048,\"height\":1365},{\"@type\":\"BreadcrumbList\",\"@id\":\"https:\\\/\\\/thingstodoinamsterdam.com\\\/pt-pt\\\/locais-a-visitar\\\/begijnhof\\\/#breadcrumb\",\"itemListElement\":[{\"@type\":\"ListItem\",\"position\":1,\"name\":\"Fazer em Amesterd\u00e3o\",\"item\":\"https:\\\/\\\/thingstodoinamsterdam.com\\\/pt-pt\\\/\"},{\"@type\":\"ListItem\",\"position\":2,\"name\":\"Locais a visitar e turismo em Amesterd\u00e3o\",\"item\":\"https:\\\/\\\/thingstodoinamsterdam.com\\\/pt-pt\\\/locais-a-visitar\\\/\"},{\"@type\":\"ListItem\",\"position\":3,\"name\":\"Begijnhof\"}]},{\"@type\":\"WebSite\",\"@id\":\"https:\\\/\\\/thingstodoinamsterdam.com\\\/pt-pt\\\/#website\",\"url\":\"https:\\\/\\\/thingstodoinamsterdam.com\\\/pt-pt\\\/\",\"name\":\"ThingstodoinAmsterdam.com\",\"description\":\"Amsterdam&#039;s highlights and hidden secrets\",\"publisher\":{\"@id\":\"https:\\\/\\\/thingstodoinamsterdam.com\\\/pt-pt\\\/#organization\"},\"potentialAction\":[{\"@type\":\"SearchAction\",\"target\":{\"@type\":\"EntryPoint\",\"urlTemplate\":\"https:\\\/\\\/thingstodoinamsterdam.com\\\/pt-pt\\\/?s={search_term_string}\"},\"query-input\":{\"@type\":\"PropertyValueSpecification\",\"valueRequired\":true,\"valueName\":\"search_term_string\"}}],\"inLanguage\":\"pt-PT\"},{\"@type\":\"Organization\",\"@id\":\"https:\\\/\\\/thingstodoinamsterdam.com\\\/pt-pt\\\/#organization\",\"name\":\"Fazer em Amesterd\u00e3o\",\"url\":\"https:\\\/\\\/thingstodoinamsterdam.com\\\/pt-pt\\\/\",\"logo\":{\"@type\":\"ImageObject\",\"inLanguage\":\"pt-PT\",\"@id\":\"https:\\\/\\\/thingstodoinamsterdam.com\\\/pt-pt\\\/#\\\/schema\\\/logo\\\/image\\\/\",\"url\":\"https:\\\/\\\/thingstodoinamsterdam.com\\\/wp-content\\\/uploads\\\/2025\\\/02\\\/ThingsToDoInAmsterdam-Favicon-logo.png\",\"contentUrl\":\"https:\\\/\\\/thingstodoinamsterdam.com\\\/wp-content\\\/uploads\\\/2025\\\/02\\\/ThingsToDoInAmsterdam-Favicon-logo.png\",\"width\":512,\"height\":512,\"caption\":\"Fazer em Amesterd\u00e3o\"},\"image\":{\"@id\":\"https:\\\/\\\/thingstodoinamsterdam.com\\\/pt-pt\\\/#\\\/schema\\\/logo\\\/image\\\/\"},\"sameAs\":[\"https:\\\/\\\/www.facebook.com\\\/thingstodoinamsterdamcom\"]}]}<\/script>\n<!-- \/ Yoast SEO plugin. -->","yoast_head_json":{"title":"Descobre o Begijnhof de Amesterd\u00e3o - Um o\u00e1sis de paz no centro da cidade","description":"O Begijnhof de Amesterd\u00e3o situa-se no cora\u00e7\u00e3o da cidade. Originalmente, era um beguinaria fundada no s\u00e9culo XIV que acolhia mulheres religiosas leigas.","robots":{"index":"index","follow":"follow","max-snippet":"max-snippet:-1","max-image-preview":"max-image-preview:large","max-video-preview":"max-video-preview:-1"},"canonical":"https:\/\/thingstodoinamsterdam.com\/pt-pt\/locais-a-visitar\/begijnhof\/","og_locale":"pt_PT","og_type":"article","og_title":"Descobre o Begijnhof de Amesterd\u00e3o - Um o\u00e1sis de paz no centro da cidade","og_description":"O Begijnhof de Amesterd\u00e3o situa-se no cora\u00e7\u00e3o da cidade. Originalmente, era um beguinaria fundada no s\u00e9culo XIV que acolhia mulheres religiosas leigas.","og_url":"https:\/\/thingstodoinamsterdam.com\/pt-pt\/locais-a-visitar\/begijnhof\/","og_site_name":"ThingstodoinAmsterdam.com","article_publisher":"https:\/\/www.facebook.com\/thingstodoinamsterdamcom","article_modified_time":"2026-04-25T15:49:21+00:00","og_image":[{"width":2048,"height":1365,"url":"https:\/\/thingstodoinamsterdam.com\/wp-content\/uploads\/2019\/08\/Amsterdams-Begijnhof.jpg","type":"image\/jpeg"}],"twitter_card":"summary_large_image","twitter_misc":{"Tempo estimado de leitura":"5 minutos"},"schema":{"@context":"https:\/\/schema.org","@graph":[{"@type":"WebPage","@id":"https:\/\/thingstodoinamsterdam.com\/pt-pt\/locais-a-visitar\/begijnhof\/","url":"https:\/\/thingstodoinamsterdam.com\/pt-pt\/locais-a-visitar\/begijnhof\/","name":"Descobre o Begijnhof de Amesterd\u00e3o - Um o\u00e1sis de paz no centro da cidade","isPartOf":{"@id":"https:\/\/thingstodoinamsterdam.com\/pt-pt\/#website"},"primaryImageOfPage":{"@id":"https:\/\/thingstodoinamsterdam.com\/pt-pt\/locais-a-visitar\/begijnhof\/#primaryimage"},"image":{"@id":"https:\/\/thingstodoinamsterdam.com\/pt-pt\/locais-a-visitar\/begijnhof\/#primaryimage"},"thumbnailUrl":"https:\/\/thingstodoinamsterdam.com\/wp-content\/uploads\/2019\/08\/Amsterdams-Begijnhof.jpg","datePublished":"2026-04-24T08:36:55+00:00","dateModified":"2026-04-25T15:49:21+00:00","description":"O Begijnhof de Amesterd\u00e3o situa-se no cora\u00e7\u00e3o da cidade. Originalmente, era um beguinaria fundada no s\u00e9culo XIV que acolhia mulheres religiosas leigas.","breadcrumb":{"@id":"https:\/\/thingstodoinamsterdam.com\/pt-pt\/locais-a-visitar\/begijnhof\/#breadcrumb"},"inLanguage":"pt-PT","potentialAction":[{"@type":"ReadAction","target":["https:\/\/thingstodoinamsterdam.com\/pt-pt\/locais-a-visitar\/begijnhof\/"]}]},{"@type":"ImageObject","inLanguage":"pt-PT","@id":"https:\/\/thingstodoinamsterdam.com\/pt-pt\/locais-a-visitar\/begijnhof\/#primaryimage","url":"https:\/\/thingstodoinamsterdam.com\/wp-content\/uploads\/2019\/08\/Amsterdams-Begijnhof.jpg","contentUrl":"https:\/\/thingstodoinamsterdam.com\/wp-content\/uploads\/2019\/08\/Amsterdams-Begijnhof.jpg","width":2048,"height":1365},{"@type":"BreadcrumbList","@id":"https:\/\/thingstodoinamsterdam.com\/pt-pt\/locais-a-visitar\/begijnhof\/#breadcrumb","itemListElement":[{"@type":"ListItem","position":1,"name":"Fazer em Amesterd\u00e3o","item":"https:\/\/thingstodoinamsterdam.com\/pt-pt\/"},{"@type":"ListItem","position":2,"name":"Locais a visitar e turismo em Amesterd\u00e3o","item":"https:\/\/thingstodoinamsterdam.com\/pt-pt\/locais-a-visitar\/"},{"@type":"ListItem","position":3,"name":"Begijnhof"}]},{"@type":"WebSite","@id":"https:\/\/thingstodoinamsterdam.com\/pt-pt\/#website","url":"https:\/\/thingstodoinamsterdam.com\/pt-pt\/","name":"ThingstodoinAmsterdam.com","description":"Amsterdam&#039;s highlights and hidden secrets","publisher":{"@id":"https:\/\/thingstodoinamsterdam.com\/pt-pt\/#organization"},"potentialAction":[{"@type":"SearchAction","target":{"@type":"EntryPoint","urlTemplate":"https:\/\/thingstodoinamsterdam.com\/pt-pt\/?s={search_term_string}"},"query-input":{"@type":"PropertyValueSpecification","valueRequired":true,"valueName":"search_term_string"}}],"inLanguage":"pt-PT"},{"@type":"Organization","@id":"https:\/\/thingstodoinamsterdam.com\/pt-pt\/#organization","name":"Fazer em Amesterd\u00e3o","url":"https:\/\/thingstodoinamsterdam.com\/pt-pt\/","logo":{"@type":"ImageObject","inLanguage":"pt-PT","@id":"https:\/\/thingstodoinamsterdam.com\/pt-pt\/#\/schema\/logo\/image\/","url":"https:\/\/thingstodoinamsterdam.com\/wp-content\/uploads\/2025\/02\/ThingsToDoInAmsterdam-Favicon-logo.png","contentUrl":"https:\/\/thingstodoinamsterdam.com\/wp-content\/uploads\/2025\/02\/ThingsToDoInAmsterdam-Favicon-logo.png","width":512,"height":512,"caption":"Fazer em Amesterd\u00e3o"},"image":{"@id":"https:\/\/thingstodoinamsterdam.com\/pt-pt\/#\/schema\/logo\/image\/"},"sameAs":["https:\/\/www.facebook.com\/thingstodoinamsterdamcom"]}]}},"_links":{"self":[{"href":"https:\/\/thingstodoinamsterdam.com\/pt-pt\/wp-json\/wp\/v2\/pages\/2540584","targetHints":{"allow":["GET"]}}],"collection":[{"href":"https:\/\/thingstodoinamsterdam.com\/pt-pt\/wp-json\/wp\/v2\/pages"}],"about":[{"href":"https:\/\/thingstodoinamsterdam.com\/pt-pt\/wp-json\/wp\/v2\/types\/page"}],"author":[{"embeddable":true,"href":"https:\/\/thingstodoinamsterdam.com\/pt-pt\/wp-json\/wp\/v2\/users\/3"}],"replies":[{"embeddable":true,"href":"https:\/\/thingstodoinamsterdam.com\/pt-pt\/wp-json\/wp\/v2\/comments?post=2540584"}],"version-history":[{"count":5,"href":"https:\/\/thingstodoinamsterdam.com\/pt-pt\/wp-json\/wp\/v2\/pages\/2540584\/revisions"}],"predecessor-version":[{"id":2542057,"href":"https:\/\/thingstodoinamsterdam.com\/pt-pt\/wp-json\/wp\/v2\/pages\/2540584\/revisions\/2542057"}],"up":[{"embeddable":true,"href":"https:\/\/thingstodoinamsterdam.com\/pt-pt\/wp-json\/wp\/v2\/pages\/2539811"}],"wp:featuredmedia":[{"embeddable":true,"href":"https:\/\/thingstodoinamsterdam.com\/pt-pt\/wp-json\/wp\/v2\/media\/2540585"}],"wp:attachment":[{"href":"https:\/\/thingstodoinamsterdam.com\/pt-pt\/wp-json\/wp\/v2\/media?parent=2540584"}],"curies":[{"name":"wp","href":"https:\/\/api.w.org\/{rel}","templated":true}]}}